{"id":21719,"date":"2021-02-27T14:31:45","date_gmt":"2021-02-27T07:31:45","guid":{"rendered":"https:\/\/phukienflytech.vn\/san-pham\/cap-ket-noi-otg-type-c-to-ios-android-type-c-loai-a.html"},"modified":"2022-08-25T15:11:33","modified_gmt":"2022-08-25T08:11:33","slug":"cap-ket-noi-otg-type-c-to-ios-android-type-c-loai-a","status":"publish","type":"product","link":"https:\/\/phukienflytech.vn\/en\/san-pham\/cap-ket-noi-otg-type-c-to-ios-android-type-c-loai-a.html","title":{"rendered":"C\u00e1p k\u1ebft n\u1ed1i OTG Type C to IOS \/ Android \/ Type C &#8211; Lo\u1ea1i A"},"content":{"rendered":"<h2 style=\"text-align: justify;\"><span style=\"font-size: 20px; color: #0000ff;\"><strong>C\u00e1p k\u1ebft n\u1ed1i OTG Type C to IOS \/ Android \/ Type C \u2013 Lo\u1ea1i A<\/strong><\/span><\/h2>\n<p><span style=\"font-size: 17px;\">C\u00e1p k\u1ebft n\u1ed1i OTG<\/span><\/p>\n<p><span style=\"font-size: 17px;\">.<\/span><\/p>\n<p><span style=\"font-size: 17px;\"><img loading=\"lazy\" decoding=\"async\" class=\"aligncenter wp-image-37665\" src=\"https:\/\/phukienflytech.vn\/wp-content\/uploads\/2021\/02\/cap-ket-noi-tay-khien-mavic-air-2-mini-2-fpv-otg-Android-ios-type-c-12.jpg\" alt=\"\" width=\"850\" height=\"406\" srcset=\"https:\/\/phukienflytech.vn\/wp-content\/uploads\/2021\/02\/cap-ket-noi-tay-khien-mavic-air-2-mini-2-fpv-otg-Android-ios-type-c-12.jpg 1000w, https:\/\/phukienflytech.vn\/wp-content\/uploads\/2021\/02\/cap-ket-noi-tay-khien-mavic-air-2-mini-2-fpv-otg-Android-ios-type-c-12-800x382.jpg 800w, https:\/\/phukienflytech.vn\/wp-content\/uploads\/2021\/02\/cap-ket-noi-tay-khien-mavic-air-2-mini-2-fpv-otg-Android-ios-type-c-12-768x367.jpg 768w, https:\/\/phukienflytech.vn\/wp-content\/uploads\/2021\/02\/cap-ket-noi-tay-khien-mavic-air-2-mini-2-fpv-otg-Android-ios-type-c-12-600x287.jpg 600w\" sizes=\"auto, (max-width: 850px) 100vw, 850px\" \/><\/span><\/p>\n<h2><span style=\"color: #0000ff; font-size: 20px;\"><strong>Gi\u1edbi thi\u1ec7u s\u1ea3n ph\u1ea9m :<\/strong><\/span><\/h2>\n<p style=\"text-align: justify;\"><span style=\"font-size: 17px;\">Vi\u1ec7c truy\u1ec1n t\u1ea3i d\u1eef li\u1ec7u t\u1eeb thi\u1ebft b\u1ecb quay t\u1edbi thi\u1ebft b\u1ecb hi\u1ec3n th\u1ecb c\u1ea7n \u0111\u1ea3m b\u1ea3o \u0111\u1ed9 \u1ed5n \u0111\u1ecbnh, k\u1ebft n\u1ed1i l\u00e2u d\u00e0i, \u0111\u1ed9 tr\u1ec5 th\u1ea5p. M\u1eb7c d\u00f9 l\u00e0 m\u1ed9t ph\u1ee5 ki\u1ec7n r\u1ea5t nh\u1ecf, nh\u01b0ng c\u00e1p k\u1ebft n\u1ed1i l\u1ea1i c\u00f3 vai tr\u00f2 r\u1ea5t quan tr\u1ecdng. \u0110\u1eb7c bi\u1ebft v\u1edbi c\u00e1c s\u1ea3n ph\u1ea9m c\u1ee7a Apple lu\u00f4n \u0111\u01b0\u1ee3c \u0111\u1eb7t m\u1ed9t y\u00eau c\u1ea7u cao v\u1ec1 ch\u1ea5t l\u01b0\u1ee3ng.<\/span><\/p>\n<p><span style=\"font-size: 17px;\">.<\/span><\/p>\n<p><span style=\"font-size: 17px;\"><img loading=\"lazy\" decoding=\"async\" class=\"aligncenter wp-image-37669\" src=\"https:\/\/phukienflytech.vn\/wp-content\/uploads\/2021\/02\/cap-ket-noi-tay-khien-mavic-air-2-mini-2-fpv-otg-Android-ios-type-c-15.jpg\" alt=\"\" width=\"850\" height=\"588\" srcset=\"https:\/\/phukienflytech.vn\/wp-content\/uploads\/2021\/02\/cap-ket-noi-tay-khien-mavic-air-2-mini-2-fpv-otg-Android-ios-type-c-15.jpg 1000w, https:\/\/phukienflytech.vn\/wp-content\/uploads\/2021\/02\/cap-ket-noi-tay-khien-mavic-air-2-mini-2-fpv-otg-Android-ios-type-c-15-578x400.jpg 578w, https:\/\/phukienflytech.vn\/wp-content\/uploads\/2021\/02\/cap-ket-noi-tay-khien-mavic-air-2-mini-2-fpv-otg-Android-ios-type-c-15-768x531.jpg 768w, https:\/\/phukienflytech.vn\/wp-content\/uploads\/2021\/02\/cap-ket-noi-tay-khien-mavic-air-2-mini-2-fpv-otg-Android-ios-type-c-15-600x415.jpg 600w\" sizes=\"auto, (max-width: 850px) 100vw, 850px\" \/><\/span><\/p>\n<p><span style=\"font-size: 17px;\">.<\/span><\/p>\n<h2><span style=\"color: #0000ff; font-size: 20px;\"><strong>M\u00f4 t\u1ea3 s\u1ea3n ph\u1ea9m : C\u00e1p k\u1ebft n\u1ed1i OTG\u00a0<\/strong><\/span><\/h2>\n<p><span style=\"font-size: 17px;\">\u2705 T\u00ean: C\u00e1p d\u1eef li\u1ec7u cho \u0111i\u1ec7n tho\u1ea1i th\u00f4ng minh \/ m\u00e1y t\u00ednh b\u1ea3ng <\/span><\/p>\n<p><span style=\"font-size: 17px;\">\u2705 C\u00e1c thi\u1ebft b\u1ecb t\u01b0\u01a1ng th\u00edch: K\u00ednh DJI FPV V2 \/ Mini 2 \/ Mavic Air 2 \/ Pocket 2 \/ Osmo<\/span><\/p>\n<p><span style=\"font-size: 17px;\">.<\/span><\/p>\n<p><span style=\"font-size: 17px;\"><img loading=\"lazy\" decoding=\"async\" class=\"aligncenter wp-image-37673\" src=\"https:\/\/phukienflytech.vn\/wp-content\/uploads\/2021\/02\/cap-ket-noi-tay-khien-mavic-air-2-mini-2-fpv-otg-Android-ios-type-c-11.jpg\" alt=\"\" width=\"850\" height=\"639\" srcset=\"https:\/\/phukienflytech.vn\/wp-content\/uploads\/2021\/02\/cap-ket-noi-tay-khien-mavic-air-2-mini-2-fpv-otg-Android-ios-type-c-11.jpg 1000w, https:\/\/phukienflytech.vn\/wp-content\/uploads\/2021\/02\/cap-ket-noi-tay-khien-mavic-air-2-mini-2-fpv-otg-Android-ios-type-c-11-532x400.jpg 532w, https:\/\/phukienflytech.vn\/wp-content\/uploads\/2021\/02\/cap-ket-noi-tay-khien-mavic-air-2-mini-2-fpv-otg-Android-ios-type-c-11-768x578.jpg 768w, https:\/\/phukienflytech.vn\/wp-content\/uploads\/2021\/02\/cap-ket-noi-tay-khien-mavic-air-2-mini-2-fpv-otg-Android-ios-type-c-11-600x451.jpg 600w\" sizes=\"auto, (max-width: 850px) 100vw, 850px\" \/><\/span><\/p>\n<p><span style=\"font-size: 17px;\">.<\/span><\/p>\n<p><span style=\"font-size: 17px;\">\u2705 Ph\u00e2n lo\u1ea1i s\u1ea3n ph\u1ea9m : TYPE-C to Lightning \/ TYPE-C to Micro-USB \/TYPE-C to TYPE-C <\/span><\/p>\n<p><span style=\"font-size: 17px;\">\u2705 Chi\u1ec1u d\u00e0i: 30cm <\/span><\/p>\n<p><span style=\"font-size: 17px;\">\u2705 Tr\u1ecdng l\u01b0\u1ee3ng t\u1ecbnh: 8g.<\/span><\/p>\n<p><span style=\"font-size: 17px;\">.<\/span><\/p>\n<p><span style=\"font-size: 17px;\"><img loading=\"lazy\" decoding=\"async\" class=\"aligncenter wp-image-37671\" src=\"https:\/\/phukienflytech.vn\/wp-content\/uploads\/2021\/02\/cap-ket-noi-tay-khien-mavic-air-2-mini-2-fpv-otg-Android-ios-type-c-1.jpg\" alt=\"cap-ket-noi-otg-type-c-to-ios-android-type-c-loai-a-6\" width=\"850\" height=\"712\" srcset=\"https:\/\/phukienflytech.vn\/wp-content\/uploads\/2021\/02\/cap-ket-noi-tay-khien-mavic-air-2-mini-2-fpv-otg-Android-ios-type-c-1.jpg 1000w, https:\/\/phukienflytech.vn\/wp-content\/uploads\/2021\/02\/cap-ket-noi-tay-khien-mavic-air-2-mini-2-fpv-otg-Android-ios-type-c-1-477x400.jpg 477w, https:\/\/phukienflytech.vn\/wp-content\/uploads\/2021\/02\/cap-ket-noi-tay-khien-mavic-air-2-mini-2-fpv-otg-Android-ios-type-c-1-955x800.jpg 955w, https:\/\/phukienflytech.vn\/wp-content\/uploads\/2021\/02\/cap-ket-noi-tay-khien-mavic-air-2-mini-2-fpv-otg-Android-ios-type-c-1-768x644.jpg 768w, https:\/\/phukienflytech.vn\/wp-content\/uploads\/2021\/02\/cap-ket-noi-tay-khien-mavic-air-2-mini-2-fpv-otg-Android-ios-type-c-1-600x503.jpg 600w\" sizes=\"auto, (max-width: 850px) 100vw, 850px\" \/><\/span><\/p>\n<p><span style=\"font-size: 17px;\">.<\/span><\/p>\n<h2><span style=\"color: #0000ff; font-size: 20px;\"><strong>C\u00f4ng d\u1ee5ng s\u1ea3n ph\u1ea9m : C\u00e1p k\u1ebft n\u1ed1i OTG\u00a0<\/strong><\/span><\/h2>\n<p><span style=\"font-size: 17px;\">\u2705 Gi\u00fap k\u1ebft n\u1ed1i tay khi\u1ec3n v\u1edbi \u0111i\u1ec7n tho\u1ea1i ho\u1eb7c Ipad <\/span><\/p>\n<p><span style=\"font-size: 17px;\">\u2705 V\u1edbi \u0111\u1ed9 d\u00e0i 30cm c\u00f3 th\u1ec3 k\u1ebft n\u1ed1i v\u1edbi Ipad<\/span><\/p>\n<p><span style=\"font-size: 17px;\">.<\/span><\/p>\n<p><span style=\"font-size: 17px;\"><img loading=\"lazy\" decoding=\"async\" class=\"aligncenter wp-image-37675\" src=\"https:\/\/phukienflytech.vn\/wp-content\/uploads\/2021\/02\/cap-ket-noi-tay-khien-mavic-air-2-mini-2-fpv-otg-Android-ios-type-c-6.jpg\" alt=\"cap-ket-noi-otg-type-c-to-ios-android-type-c-loai-a-9\" width=\"850\" height=\"850\" srcset=\"https:\/\/phukienflytech.vn\/wp-content\/uploads\/2021\/02\/cap-ket-noi-tay-khien-mavic-air-2-mini-2-fpv-otg-Android-ios-type-c-6.jpg 1000w, https:\/\/phukienflytech.vn\/wp-content\/uploads\/2021\/02\/cap-ket-noi-tay-khien-mavic-air-2-mini-2-fpv-otg-Android-ios-type-c-6-400x400.jpg 400w, https:\/\/phukienflytech.vn\/wp-content\/uploads\/2021\/02\/cap-ket-noi-tay-khien-mavic-air-2-mini-2-fpv-otg-Android-ios-type-c-6-800x800.jpg 800w, https:\/\/phukienflytech.vn\/wp-content\/uploads\/2021\/02\/cap-ket-noi-tay-khien-mavic-air-2-mini-2-fpv-otg-Android-ios-type-c-6-280x280.jpg 280w, https:\/\/phukienflytech.vn\/wp-content\/uploads\/2021\/02\/cap-ket-noi-tay-khien-mavic-air-2-mini-2-fpv-otg-Android-ios-type-c-6-768x768.jpg 768w, https:\/\/phukienflytech.vn\/wp-content\/uploads\/2021\/02\/cap-ket-noi-tay-khien-mavic-air-2-mini-2-fpv-otg-Android-ios-type-c-6-300x300.jpg 300w, https:\/\/phukienflytech.vn\/wp-content\/uploads\/2021\/02\/cap-ket-noi-tay-khien-mavic-air-2-mini-2-fpv-otg-Android-ios-type-c-6-600x600.jpg 600w, https:\/\/phukienflytech.vn\/wp-content\/uploads\/2021\/02\/cap-ket-noi-tay-khien-mavic-air-2-mini-2-fpv-otg-Android-ios-type-c-6-100x100.jpg 100w\" sizes=\"auto, (max-width: 850px) 100vw, 850px\" \/><\/span><\/p>\n<p><span style=\"font-size: 17px;\">.<\/span><\/p>\n<h2><span style=\"color: #0000ff; font-size: 20px;\"><strong>H\u01b0\u1edbng d\u1eabn b\u1ea3o qu\u1ea3n :<\/strong><\/span><\/h2>\n<p><span style=\"font-size: 17px;\">\u2705 B\u1ea3o qu\u1ea3n n\u1edbi kh\u1ed5 tho\u00e1ng, tr\u00e1nh \u0111\u1ed9 \u1ea9m <\/span><\/p>\n<p><span style=\"font-size: 17px;\">\u2705 Tr\u00e1nh \u0111\u1ec3 \u1edf n\u01a1i c\u00f3 nhi\u1ec7t \u0111\u1ed9 cao<\/span><\/p>\n<p><span style=\"font-size: 17px;\">.<\/span><\/p>\n<p><span style=\"font-size: 17px;\"><img loading=\"lazy\" decoding=\"async\" class=\"aligncenter wp-image-37677\" src=\"https:\/\/phukienflytech.vn\/wp-content\/uploads\/2021\/02\/cap-ket-noi-tay-khien-mavic-air-2-mini-2-fpv-otg-Android-ios-type-c-3.jpg\" alt=\"cap-ket-noi-otg-type-c-to-ios-android-type-c-loai-a\" width=\"850\" height=\"357\" srcset=\"https:\/\/phukienflytech.vn\/wp-content\/uploads\/2021\/02\/cap-ket-noi-tay-khien-mavic-air-2-mini-2-fpv-otg-Android-ios-type-c-3.jpg 1000w, https:\/\/phukienflytech.vn\/wp-content\/uploads\/2021\/02\/cap-ket-noi-tay-khien-mavic-air-2-mini-2-fpv-otg-Android-ios-type-c-3-800x336.jpg 800w, https:\/\/phukienflytech.vn\/wp-content\/uploads\/2021\/02\/cap-ket-noi-tay-khien-mavic-air-2-mini-2-fpv-otg-Android-ios-type-c-3-768x323.jpg 768w, https:\/\/phukienflytech.vn\/wp-content\/uploads\/2021\/02\/cap-ket-noi-tay-khien-mavic-air-2-mini-2-fpv-otg-Android-ios-type-c-3-600x252.jpg 600w\" sizes=\"auto, (max-width: 850px) 100vw, 850px\" \/><\/span><\/p>\n<p><span style=\"font-size: 17px;\">.<\/span><\/p>\n<h2><span style=\"color: #0000ff; font-size: 20px;\"><strong>Mua ph\u1ee5 ki\u1ec7n Mavic Air 2 \u1edf \u0111\u00e2u?<\/strong><\/span><\/h2>\n<p><span style=\"font-size: 17px;\"><span style=\"color: #0000ff;\"><a style=\"color: #0000ff;\" href=\"https:\/\/phukienflytech.vn\/\" target=\"_blank\" rel=\"noopener\"><strong>Ph\u1ee5 ki\u1ec7n flycam gi\u00e1 t\u1ed1t<\/strong><\/a>\u00a0<\/span>h\u00e2n h\u1ea1nh l\u00e0 \u0111\u01a1n v\u1ecb ph\u00e2n ph\u1ed1i ch\u00ednh h\u00e3ng c\u00e1c s\u1ea3n ph\u1ea9m c\u1ee7a Pgytech. T\u1edbi v\u1edbi ch\u00fang t\u00f4i, c\u00e1c b\u1ea1n s\u1ebd mua \u0111\u01b0\u1ee3c nh\u1eefng s\u1ea3n ph\u1ea9m ch\u00ednh h\u00e3ng v\u1edbi gi\u00e1 m\u1ed9t m\u1ee9c gi\u00e1 t\u1ed1t nh\u1ea5t tr\u00ean th\u1ecb tr\u01b0\u1eddng.<\/span><\/p>\n<p><span style=\"font-size: 17px;\">Kh\u00f4ng ch\u1ec9 nh\u1eefng s\u1ea3n ph\u1ea9m ph\u1ee5 ki\u1ec7n ch\u00ednh h\u00e3ng Mavic Air 2. Ch\u00fang t\u00f4i c\u0169ng ph\u00e2n ph\u1ed1i c\u00e1c d\u00f2ng s\u1ea3n ph\u1ea9m ph\u1ee5 ki\u1ec7n c\u1ee7a DJI Mavic 2, DJI Phantom, DJI Spark,.. ch\u00ednh h\u00e3ng t\u1edbi t\u1eeb DJI, Pgytech v\u00e0 SunnyLife.<\/span><\/p>\n<p><span style=\"font-size: 17px;\">H\u00e3y \u0111\u1ebfn v\u1edbi ph\u1ee5 ki\u1ec7n flycam gi\u00e1 t\u1ed1t \u0111\u1ec3 c\u00f3 \u0111\u01b0\u1ee3c\u00a0 m\u1ee9c gi\u00e1 t\u1ed1t v\u00e0 ch\u1ea5t l\u01b0\u1ee3ng \u0111\u1ea3m b\u1ea3o.<\/span><\/p>\n<p><span style=\"font-size: 17px;\">&gt;&gt; Admin lu\u00f4n s\u1eb5n s\u00e0ng l\u1eafng nghe b\u1ea1n tr\u00ean :<strong>\u00a0<span style=\"color: #0000ff;\"><a style=\"color: #0000ff;\" href=\"https:\/\/fb.com\/phukienflycam\" target=\"_blank\" rel=\"noopener\">FANPAGE Facebook<\/a><\/span><\/strong><\/span><\/p>\n<p><span style=\"font-size: 17px;\">.<\/span><\/p>\n","protected":false},"excerpt":{"rendered":"<p>C\u00e1p k\u1ebft n\u1ed1i OTG Type C to IOS \/ Android \/ Type C \u2013 Lo\u1ea1i A C\u00e1p k\u1ebft n\u1ed1i OTG . Gi\u1edbi thi\u1ec7u s\u1ea3n ph\u1ea9m : Vi\u1ec7c truy\u1ec1n t\u1ea3i d\u1eef li\u1ec7u t\u1eeb thi\u1ebft b\u1ecb quay t\u1edbi thi\u1ebft b\u1ecb hi\u1ec3n th\u1ecb c\u1ea7n \u0111\u1ea3m b\u1ea3o \u0111\u1ed9 \u1ed5n \u0111\u1ecbnh, k\u1ebft n\u1ed1i l\u00e2u d\u00e0i, \u0111\u1ed9 tr\u1ec5 th\u1ea5p. M\u1eb7c d\u00f9 &#8230;<\/p>\n","protected":false},"featured_media":21737,"comment_status":"open","ping_status":"closed","template":"","meta":{"_acf_changed":false},"product_brand":[],"product_cat":[199,181],"product_tag":[],"class_list":{"0":"post-21719","1":"product","2":"type-product","3":"status-publish","4":"has-post-thumbnail","6":"product_cat-mavic-air-2-accessory","7":"product_cat-mavic-mini-accessory","9":"first","10":"instock","11":"shipping-taxable","12":"purchasable","13":"product-type-variable"},"acf":[],"yoast_head":"<!-- This site is optimized with the Yoast SEO plugin v25.7 - https:\/\/yoast.com\/wordpress\/plugins\/seo\/ -->\n<title>C\u00e1p k\u1ebft n\u1ed1i OTG Mavic Mini 2 | Air 2| Osmo Pocket - D\u00e0i 32 cm - ti\u1ec7n l\u1ee3i<\/title>\n<meta name=\"description\" content=\"C\u00e1p k\u1ebft n\u1ed1i OTG Mavic Mini 2 | Air 2| Osmo Pocket - D\u00e0i 32 cm lo\u1ea1i A cung c\u1ea5p ch\u1ea5t l\u01b0\u1ee3ng h\u00ecnh \u1ea3nh truy\u1ec1n v\u1ec1 cao nh\u1ea5t. B\u1ec1n b\u1ec9 ti\u1ec7n l\u1ee3i.\" \/>\n<meta name=\"robots\" content=\"index, follow, max-snippet:-1, max-image-preview:large, max-video-preview:-1\" \/>\n<link rel=\"canonical\" href=\"https:\/\/phukienflytech.vn\/en\/san-pham\/cap-ket-noi-otg-type-c-to-ios-android-type-c-loai-a.html\" \/>\n<meta property=\"og:locale\" content=\"en_US\" \/>\n<meta property=\"og:type\" content=\"article\" \/>\n<meta property=\"og:title\" content=\"C\u00e1p k\u1ebft n\u1ed1i OTG Mavic Mini 2 | Air 2| Osmo Pocket - D\u00e0i 32 cm - ti\u1ec7n l\u1ee3i\" \/>\n<meta property=\"og:description\" content=\"C\u00e1p k\u1ebft n\u1ed1i OTG Mavic Mini 2 | Air 2| Osmo Pocket - D\u00e0i 32 cm lo\u1ea1i A cung c\u1ea5p ch\u1ea5t l\u01b0\u1ee3ng h\u00ecnh \u1ea3nh truy\u1ec1n v\u1ec1 cao nh\u1ea5t. B\u1ec1n b\u1ec9 ti\u1ec7n l\u1ee3i.\" \/>\n<meta property=\"og:url\" content=\"https:\/\/phukienflytech.vn\/en\/san-pham\/cap-ket-noi-otg-type-c-to-ios-android-type-c-loai-a.html\" \/>\n<meta property=\"og:site_name\" content=\"Shop M\u00e1y \u1ea3nh - Action Camera - Gimbal - Flycam - Ph\u1ee5 ki\u1ec7n\" \/>\n<meta property=\"article:publisher\" content=\"https:\/\/facebook.com\/phukienflycam\" \/>\n<meta property=\"article:modified_time\" content=\"2022-08-25T08:11:33+00:00\" \/>\n<meta property=\"og:image\" content=\"https:\/\/phukienflytech.vn\/wp-content\/uploads\/2021\/02\/cap-ket-noi-tay-khien-mavic-air-2-mini-2-fpv-otg-Android-ios-type-c-123-Copy.jpg\" \/>\n\t<meta property=\"og:image:width\" content=\"600\" \/>\n\t<meta property=\"og:image:height\" content=\"600\" \/>\n\t<meta property=\"og:image:type\" content=\"image\/jpeg\" \/>\n<meta name=\"twitter:card\" content=\"summary_large_image\" \/>\n<meta name=\"twitter:label1\" content=\"Est. reading time\" \/>\n\t<meta name=\"twitter:data1\" content=\"2 minutes\" \/>\n<script type=\"application\/ld+json\" class=\"yoast-schema-graph\">{\"@context\":\"https:\/\/schema.org\",\"@graph\":[{\"@type\":\"WebPage\",\"@id\":\"https:\/\/phukienflytech.vn\/en\/san-pham\/cap-ket-noi-otg-type-c-to-ios-android-type-c-loai-a.html\",\"url\":\"https:\/\/phukienflytech.vn\/en\/san-pham\/cap-ket-noi-otg-type-c-to-ios-android-type-c-loai-a.html\",\"name\":\"C\u00e1p k\u1ebft n\u1ed1i OTG Mavic Mini 2 | Air 2| Osmo Pocket - D\u00e0i 32 cm - ti\u1ec7n l\u1ee3i\",\"isPartOf\":{\"@id\":\"https:\/\/phukienflytech.vn\/#website\"},\"primaryImageOfPage\":{\"@id\":\"https:\/\/phukienflytech.vn\/en\/san-pham\/cap-ket-noi-otg-type-c-to-ios-android-type-c-loai-a.html#primaryimage\"},\"image\":{\"@id\":\"https:\/\/phukienflytech.vn\/en\/san-pham\/cap-ket-noi-otg-type-c-to-ios-android-type-c-loai-a.html#primaryimage\"},\"thumbnailUrl\":\"https:\/\/phukienflytech.vn\/wp-content\/uploads\/2021\/02\/cap-ket-noi-tay-khien-mavic-air-2-mini-2-fpv-otg-Android-ios-type-c-123-Copy.jpg\",\"datePublished\":\"2021-02-27T07:31:45+00:00\",\"dateModified\":\"2022-08-25T08:11:33+00:00\",\"description\":\"C\u00e1p k\u1ebft n\u1ed1i OTG Mavic Mini 2 | Air 2| Osmo Pocket - D\u00e0i 32 cm lo\u1ea1i A cung c\u1ea5p ch\u1ea5t l\u01b0\u1ee3ng h\u00ecnh \u1ea3nh truy\u1ec1n v\u1ec1 cao nh\u1ea5t. B\u1ec1n b\u1ec9 ti\u1ec7n l\u1ee3i.\",\"breadcrumb\":{\"@id\":\"https:\/\/phukienflytech.vn\/en\/san-pham\/cap-ket-noi-otg-type-c-to-ios-android-type-c-loai-a.html#breadcrumb\"},\"inLanguage\":\"en-US\",\"potentialAction\":[{\"@type\":\"ReadAction\",\"target\":[\"https:\/\/phukienflytech.vn\/en\/san-pham\/cap-ket-noi-otg-type-c-to-ios-android-type-c-loai-a.html\"]}]},{\"@type\":\"ImageObject\",\"inLanguage\":\"en-US\",\"@id\":\"https:\/\/phukienflytech.vn\/en\/san-pham\/cap-ket-noi-otg-type-c-to-ios-android-type-c-loai-a.html#primaryimage\",\"url\":\"https:\/\/phukienflytech.vn\/wp-content\/uploads\/2021\/02\/cap-ket-noi-tay-khien-mavic-air-2-mini-2-fpv-otg-Android-ios-type-c-123-Copy.jpg\",\"contentUrl\":\"https:\/\/phukienflytech.vn\/wp-content\/uploads\/2021\/02\/cap-ket-noi-tay-khien-mavic-air-2-mini-2-fpv-otg-Android-ios-type-c-123-Copy.jpg\",\"width\":600,\"height\":600},{\"@type\":\"BreadcrumbList\",\"@id\":\"https:\/\/phukienflytech.vn\/en\/san-pham\/cap-ket-noi-otg-type-c-to-ios-android-type-c-loai-a.html#breadcrumb\",\"itemListElement\":[{\"@type\":\"ListItem\",\"position\":1,\"name\":\"Home\",\"item\":\"https:\/\/phukienflytech.vn\/en\"},{\"@type\":\"ListItem\",\"position\":2,\"name\":\"Ph\u1ee5 ki\u1ec7n Mavic Pro\",\"item\":\"https:\/\/phukienflytech.vn\/en\/phu-kien-mavic-pro.html\"},{\"@type\":\"ListItem\",\"position\":3,\"name\":\"Ph\u1ee5 ki\u1ec7n DJI - Osmo\",\"item\":\"https:\/\/phukienflytech.vn\/danh-muc\/phu-kien-dji-osmo.html\"},{\"@type\":\"ListItem\",\"position\":4,\"name\":\"Ph\u1ee5 ki\u1ec7n DJI Mavic Air 2\",\"item\":\"https:\/\/phukienflytech.vn\/danh-muc\/phu-kien-mavic-air-2.html\"},{\"@type\":\"ListItem\",\"position\":5,\"name\":\"C\u00e1p k\u1ebft n\u1ed1i OTG Type C to IOS \/ Android \/ Type C &#8211; Lo\u1ea1i A\"}]},{\"@type\":\"WebSite\",\"@id\":\"https:\/\/phukienflytech.vn\/#website\",\"url\":\"https:\/\/phukienflytech.vn\/\",\"name\":\"Shop M\u00e1y \u1ea3nh - Action Camera - Gimbal - Flycam - Ph\u1ee5 ki\u1ec7n\",\"description\":\"Shop M\u00e1y \u1ea3nh - Action Camera - Gimbal - Flycam - Ph\u1ee5 ki\u1ec7n\",\"publisher\":{\"@id\":\"https:\/\/phukienflytech.vn\/#organization\"},\"potentialAction\":[{\"@type\":\"SearchAction\",\"target\":{\"@type\":\"EntryPoint\",\"urlTemplate\":\"https:\/\/phukienflytech.vn\/?s={search_term_string}\"},\"query-input\":{\"@type\":\"PropertyValueSpecification\",\"valueRequired\":true,\"valueName\":\"search_term_string\"}}],\"inLanguage\":\"en-US\"},{\"@type\":\"Organization\",\"@id\":\"https:\/\/phukienflytech.vn\/#organization\",\"name\":\"DJI Store - Shop Drone, Action camera, Gimbal DJI |Phukienflytech\",\"alternateName\":\"DJI Store - Shop Drone, Action camera, Gimbal DJI |Phukienflytech\",\"url\":\"https:\/\/phukienflytech.vn\/\",\"logo\":{\"@type\":\"ImageObject\",\"inLanguage\":\"en-US\",\"@id\":\"https:\/\/phukienflytech.vn\/#\/schema\/logo\/image\/\",\"url\":\"https:\/\/phukienflytech.vn\/wp-content\/uploads\/2020\/05\/hAnh_nan.jpg1_.jpg\",\"contentUrl\":\"https:\/\/phukienflytech.vn\/wp-content\/uploads\/2020\/05\/hAnh_nan.jpg1_.jpg\",\"width\":800,\"height\":450,\"caption\":\"DJI Store - Shop Drone, Action camera, Gimbal DJI |Phukienflytech\"},\"image\":{\"@id\":\"https:\/\/phukienflytech.vn\/#\/schema\/logo\/image\/\"},\"sameAs\":[\"https:\/\/facebook.com\/phukienflycam\",\"https:\/\/www.youtube.com\/@phukienflytech\",\"https:\/\/www.tiktok.com\/@flytech.channel?fbclid=IwY2xjawGjg7BleHRuA2FlbQIxMAABHYVGmlXpuSMs0UB2zTpYvyT4GMVfN2qJa4urF4vkSQ6FAVBwXZtDP30qQA_aem_UwMiDcUvlEbd2tXAmsc8Og\"]}]}<\/script>\n<!-- \/ Yoast SEO plugin. -->","yoast_head_json":{"title":"C\u00e1p k\u1ebft n\u1ed1i OTG Mavic Mini 2 | Air 2| Osmo Pocket - D\u00e0i 32 cm - ti\u1ec7n l\u1ee3i","description":"C\u00e1p k\u1ebft n\u1ed1i OTG Mavic Mini 2 | Air 2| Osmo Pocket - D\u00e0i 32 cm lo\u1ea1i A cung c\u1ea5p ch\u1ea5t l\u01b0\u1ee3ng h\u00ecnh \u1ea3nh truy\u1ec1n v\u1ec1 cao nh\u1ea5t. B\u1ec1n b\u1ec9 ti\u1ec7n l\u1ee3i.","robots":{"index":"index","follow":"follow","max-snippet":"max-snippet:-1","max-image-preview":"max-image-preview:large","max-video-preview":"max-video-preview:-1"},"canonical":"https:\/\/phukienflytech.vn\/en\/san-pham\/cap-ket-noi-otg-type-c-to-ios-android-type-c-loai-a.html","og_locale":"en_US","og_type":"article","og_title":"C\u00e1p k\u1ebft n\u1ed1i OTG Mavic Mini 2 | Air 2| Osmo Pocket - D\u00e0i 32 cm - ti\u1ec7n l\u1ee3i","og_description":"C\u00e1p k\u1ebft n\u1ed1i OTG Mavic Mini 2 | Air 2| Osmo Pocket - D\u00e0i 32 cm lo\u1ea1i A cung c\u1ea5p ch\u1ea5t l\u01b0\u1ee3ng h\u00ecnh \u1ea3nh truy\u1ec1n v\u1ec1 cao nh\u1ea5t. B\u1ec1n b\u1ec9 ti\u1ec7n l\u1ee3i.","og_url":"https:\/\/phukienflytech.vn\/en\/san-pham\/cap-ket-noi-otg-type-c-to-ios-android-type-c-loai-a.html","og_site_name":"Shop M\u00e1y \u1ea3nh - Action Camera - Gimbal - Flycam - Ph\u1ee5 ki\u1ec7n","article_publisher":"https:\/\/facebook.com\/phukienflycam","article_modified_time":"2022-08-25T08:11:33+00:00","og_image":[{"width":600,"height":600,"url":"https:\/\/phukienflytech.vn\/wp-content\/uploads\/2021\/02\/cap-ket-noi-tay-khien-mavic-air-2-mini-2-fpv-otg-Android-ios-type-c-123-Copy.jpg","type":"image\/jpeg"}],"twitter_card":"summary_large_image","twitter_misc":{"Est. reading time":"2 minutes"},"schema":{"@context":"https:\/\/schema.org","@graph":[{"@type":"WebPage","@id":"https:\/\/phukienflytech.vn\/en\/san-pham\/cap-ket-noi-otg-type-c-to-ios-android-type-c-loai-a.html","url":"https:\/\/phukienflytech.vn\/en\/san-pham\/cap-ket-noi-otg-type-c-to-ios-android-type-c-loai-a.html","name":"C\u00e1p k\u1ebft n\u1ed1i OTG Mavic Mini 2 | Air 2| Osmo Pocket - D\u00e0i 32 cm - ti\u1ec7n l\u1ee3i","isPartOf":{"@id":"https:\/\/phukienflytech.vn\/#website"},"primaryImageOfPage":{"@id":"https:\/\/phukienflytech.vn\/en\/san-pham\/cap-ket-noi-otg-type-c-to-ios-android-type-c-loai-a.html#primaryimage"},"image":{"@id":"https:\/\/phukienflytech.vn\/en\/san-pham\/cap-ket-noi-otg-type-c-to-ios-android-type-c-loai-a.html#primaryimage"},"thumbnailUrl":"https:\/\/phukienflytech.vn\/wp-content\/uploads\/2021\/02\/cap-ket-noi-tay-khien-mavic-air-2-mini-2-fpv-otg-Android-ios-type-c-123-Copy.jpg","datePublished":"2021-02-27T07:31:45+00:00","dateModified":"2022-08-25T08:11:33+00:00","description":"C\u00e1p k\u1ebft n\u1ed1i OTG Mavic Mini 2 | Air 2| Osmo Pocket - D\u00e0i 32 cm lo\u1ea1i A cung c\u1ea5p ch\u1ea5t l\u01b0\u1ee3ng h\u00ecnh \u1ea3nh truy\u1ec1n v\u1ec1 cao nh\u1ea5t. B\u1ec1n b\u1ec9 ti\u1ec7n l\u1ee3i.","breadcrumb":{"@id":"https:\/\/phukienflytech.vn\/en\/san-pham\/cap-ket-noi-otg-type-c-to-ios-android-type-c-loai-a.html#breadcrumb"},"inLanguage":"en-US","potentialAction":[{"@type":"ReadAction","target":["https:\/\/phukienflytech.vn\/en\/san-pham\/cap-ket-noi-otg-type-c-to-ios-android-type-c-loai-a.html"]}]},{"@type":"ImageObject","inLanguage":"en-US","@id":"https:\/\/phukienflytech.vn\/en\/san-pham\/cap-ket-noi-otg-type-c-to-ios-android-type-c-loai-a.html#primaryimage","url":"https:\/\/phukienflytech.vn\/wp-content\/uploads\/2021\/02\/cap-ket-noi-tay-khien-mavic-air-2-mini-2-fpv-otg-Android-ios-type-c-123-Copy.jpg","contentUrl":"https:\/\/phukienflytech.vn\/wp-content\/uploads\/2021\/02\/cap-ket-noi-tay-khien-mavic-air-2-mini-2-fpv-otg-Android-ios-type-c-123-Copy.jpg","width":600,"height":600},{"@type":"BreadcrumbList","@id":"https:\/\/phukienflytech.vn\/en\/san-pham\/cap-ket-noi-otg-type-c-to-ios-android-type-c-loai-a.html#breadcrumb","itemListElement":[{"@type":"ListItem","position":1,"name":"Home","item":"https:\/\/phukienflytech.vn\/en"},{"@type":"ListItem","position":2,"name":"Ph\u1ee5 ki\u1ec7n Mavic Pro","item":"https:\/\/phukienflytech.vn\/en\/phu-kien-mavic-pro.html"},{"@type":"ListItem","position":3,"name":"Ph\u1ee5 ki\u1ec7n DJI - Osmo","item":"https:\/\/phukienflytech.vn\/danh-muc\/phu-kien-dji-osmo.html"},{"@type":"ListItem","position":4,"name":"Ph\u1ee5 ki\u1ec7n DJI Mavic Air 2","item":"https:\/\/phukienflytech.vn\/danh-muc\/phu-kien-mavic-air-2.html"},{"@type":"ListItem","position":5,"name":"C\u00e1p k\u1ebft n\u1ed1i OTG Type C to IOS \/ Android \/ Type C &#8211; Lo\u1ea1i A"}]},{"@type":"WebSite","@id":"https:\/\/phukienflytech.vn\/#website","url":"https:\/\/phukienflytech.vn\/","name":"Shop M\u00e1y \u1ea3nh - Action Camera - Gimbal - Flycam - Ph\u1ee5 ki\u1ec7n","description":"Shop M\u00e1y \u1ea3nh - Action Camera - Gimbal - Flycam - Ph\u1ee5 ki\u1ec7n","publisher":{"@id":"https:\/\/phukienflytech.vn\/#organization"},"potentialAction":[{"@type":"SearchAction","target":{"@type":"EntryPoint","urlTemplate":"https:\/\/phukienflytech.vn\/?s={search_term_string}"},"query-input":{"@type":"PropertyValueSpecification","valueRequired":true,"valueName":"search_term_string"}}],"inLanguage":"en-US"},{"@type":"Organization","@id":"https:\/\/phukienflytech.vn\/#organization","name":"DJI Store - Shop Drone, Action camera, Gimbal DJI |Phukienflytech","alternateName":"DJI Store - Shop Drone, Action camera, Gimbal DJI |Phukienflytech","url":"https:\/\/phukienflytech.vn\/","logo":{"@type":"ImageObject","inLanguage":"en-US","@id":"https:\/\/phukienflytech.vn\/#\/schema\/logo\/image\/","url":"https:\/\/phukienflytech.vn\/wp-content\/uploads\/2020\/05\/hAnh_nan.jpg1_.jpg","contentUrl":"https:\/\/phukienflytech.vn\/wp-content\/uploads\/2020\/05\/hAnh_nan.jpg1_.jpg","width":800,"height":450,"caption":"DJI Store - Shop Drone, Action camera, Gimbal DJI |Phukienflytech"},"image":{"@id":"https:\/\/phukienflytech.vn\/#\/schema\/logo\/image\/"},"sameAs":["https:\/\/facebook.com\/phukienflycam","https:\/\/www.youtube.com\/@phukienflytech","https:\/\/www.tiktok.com\/@flytech.channel?fbclid=IwY2xjawGjg7BleHRuA2FlbQIxMAABHYVGmlXpuSMs0UB2zTpYvyT4GMVfN2qJa4urF4vkSQ6FAVBwXZtDP30qQA_aem_UwMiDcUvlEbd2tXAmsc8Og"]}]}},"_links":{"self":[{"href":"https:\/\/phukienflytech.vn\/en\/wp-json\/wp\/v2\/product\/21719","targetHints":{"allow":["GET"]}}],"collection":[{"href":"https:\/\/phukienflytech.vn\/en\/wp-json\/wp\/v2\/product"}],"about":[{"href":"https:\/\/phukienflytech.vn\/en\/wp-json\/wp\/v2\/types\/product"}],"replies":[{"embeddable":true,"href":"https:\/\/phukienflytech.vn\/en\/wp-json\/wp\/v2\/comments?post=21719"}],"wp:featuredmedia":[{"embeddable":true,"href":"https:\/\/phukienflytech.vn\/en\/wp-json\/wp\/v2\/media\/21737"}],"wp:attachment":[{"href":"https:\/\/phukienflytech.vn\/en\/wp-json\/wp\/v2\/media?parent=21719"}],"wp:term":[{"taxonomy":"product_brand","embeddable":true,"href":"https:\/\/phukienflytech.vn\/en\/wp-json\/wp\/v2\/product_brand?post=21719"},{"taxonomy":"product_cat","embeddable":true,"href":"https:\/\/phukienflytech.vn\/en\/wp-json\/wp\/v2\/product_cat?post=21719"},{"taxonomy":"product_tag","embeddable":true,"href":"https:\/\/phukienflytech.vn\/en\/wp-json\/wp\/v2\/product_tag?post=21719"}],"curies":[{"name":"wp","href":"https:\/\/api.w.org\/{rel}","templated":true}]}}