{"id":21726,"date":"2021-02-27T14:46:22","date_gmt":"2021-02-27T07:46:22","guid":{"rendered":"https:\/\/phukienflytech.vn\/san-pham\/canh-mavic-2-sunnylife-best-similar.html"},"modified":"2022-08-18T10:43:19","modified_gmt":"2022-08-18T03:43:19","slug":"canh-mavic-2-sunnylife-best-similar","status":"publish","type":"product","link":"https:\/\/phukienflytech.vn\/en\/san-pham\/canh-mavic-2-sunnylife-best-similar.html","title":{"rendered":"C\u00e1nh Mavic 2 &#8211; Sunnylife (Best similar)"},"content":{"rendered":"<h2><span style=\"font-size: 20px; color: #0000ff;\"><strong>C\u00e1nh Mavic 2 &#8211; Sunnylife &#8211; Mavic 2 Propellers<\/strong><\/span><\/h2>\n<p><em><span style=\"font-size: 17px;\"><strong>C\u00e1nh Mavic 2 ch\u00ednh h\u00e3ng SunnyLife<\/strong><\/span><\/em><\/p>\n<p>.<\/p>\n<p><img loading=\"lazy\" decoding=\"async\" class=\"aligncenter wp-image-31494 size-full\" src=\"https:\/\/phukienflytech.vn\/wp-content\/uploads\/2021\/02\/1.jpg\" alt=\"Ph\u1ee5 ki\u1ec7n c\u00e1nh Mavic 2 - C\u00e1nh d\u1ef1 ph\u00f2ng\u00a0 - C\u00e1nh Mavic 2 ch\u00ednh h\u00e3ng SunnyLife\" width=\"848\" height=\"554\" srcset=\"https:\/\/phukienflytech.vn\/wp-content\/uploads\/2021\/02\/1.jpg 848w, https:\/\/phukienflytech.vn\/wp-content\/uploads\/2021\/02\/1-612x400.jpg 612w, https:\/\/phukienflytech.vn\/wp-content\/uploads\/2021\/02\/1-768x502.jpg 768w, https:\/\/phukienflytech.vn\/wp-content\/uploads\/2021\/02\/1-600x392.jpg 600w\" sizes=\"auto, (max-width: 848px) 100vw, 848px\" \/><\/p>\n<p style=\"text-align: center;\"><strong><span style=\"font-size: 14px;\">Ph\u1ee5 ki\u1ec7n c\u00e1nh Mavic 2 &#8211; C\u00e1nh d\u1ef1 ph\u00f2ng\u00a0<\/span><\/strong><\/p>\n<p>.<\/p>\n<h2><span style=\"font-size: 20px; color: #0000ff;\"><strong>\u270d Gi\u1edbi thi\u1ec7u s\u1ea3n ph\u1ea9m: C\u00e1nh Mavic 2 ch\u00ednh h\u00e3ng SunnyLife<\/strong><\/span><\/h2>\n<p><span style=\"font-size: 17px;\">Ph\u1ee5 ki\u1ec7n C\u00e1nh Mavic 2 Series hi\u1ec7n r\u1ea5t \u0111a d\u1ea1ng v\u00e0 c\u00f3 nhi\u1ec1u phi\u00ean b\u1ea3n \u0111\u1ec3 b\u1ea1n c\u00f3 th\u1ec3 l\u1ef1a ch\u1ecdn theo nhu c\u1ea7u. C\u00e1c s\u1ea3n ph\u1ea9m ti\u00eau bi\u1ec3u c\u00f3 th\u1ec3 k\u1ebf t\u1edbi nh\u01b0: C\u00e1nh carbon Mavic 2,\u00a0 C\u00e1nh Mavic 2 ch\u00ednh h\u00e3ng DJI.\u00a0 M\u1ed7i s\u1ea3n ph\u1ea9m s\u1ebd c\u00f3 m\u1ed9t c\u00f4ng d\u1ee5ng ri\u00eang, Phukienflytech s\u1ebd g\u1eedi t\u1edbi c\u00e1c b\u1ea1n b\u1ed9 s\u1ea3n ph\u1ea9m c\u00e1nh Mavic 2 \u2013 Sunnylife. Sunnylife l\u00e0 m\u1ed9t th\u01b0\u01a1ng hi\u1ec7u chuy\u00ean cung c\u1ea5p c\u00e1c s\u1ea3n ph\u1ea9m ph\u1ee5 ki\u1ec7n flycam. C\u00e1c s\u1ea3n ph\u1ea9m c\u1ee7a Sunnylife lu\u00f4n c\u00f3 m\u1ed9t ch\u1ea5t l\u01b0\u1ee3ng t\u1ed1t v\u00e0 m\u1ed9t m\u1ee9c gi\u00e1 t\u1ed1t..\u00a0<\/span><\/p>\n<p>.<\/p>\n<p><img loading=\"lazy\" decoding=\"async\" class=\"aligncenter wp-image-31498 size-full\" src=\"https:\/\/phukienflytech.vn\/wp-content\/uploads\/2021\/02\/3.jpg\" alt=\"D\u1ec5 d\u00e0ng th\u00e1o l\u1eafp - Ch\u1ea5t li\u1ec7u nh\u1ef1a d\u1ebbo dai - C\u00e1nh Mavic 2 ch\u00ednh h\u00e3ng SunnyLife\" width=\"850\" height=\"710\" srcset=\"https:\/\/phukienflytech.vn\/wp-content\/uploads\/2021\/02\/3.jpg 850w, https:\/\/phukienflytech.vn\/wp-content\/uploads\/2021\/02\/3-479x400.jpg 479w, https:\/\/phukienflytech.vn\/wp-content\/uploads\/2021\/02\/3-768x642.jpg 768w, https:\/\/phukienflytech.vn\/wp-content\/uploads\/2021\/02\/3-600x501.jpg 600w\" sizes=\"auto, (max-width: 850px) 100vw, 850px\" \/><\/p>\n<p style=\"text-align: center;\"><span style=\"font-size: 14px;\"><strong>D\u1ec5 d\u00e0ng th\u00e1o l\u1eafp &#8211; Ch\u1ea5t li\u1ec7u nh\u1ef1a d\u1ebbo dai<\/strong><\/span><\/p>\n<p>.<\/p>\n<p><span style=\"font-size: 17px;\">&gt;&gt; Xem th\u00eam:\u00a0<span style=\"color: #0000ff;\"><a style=\"color: #0000ff;\" href=\"https:\/\/phukienflytech.vn\/danh-muc\/phu-kien-mavic-2.html\"><strong>Ph\u1ee5 ki\u1ec7n Mavic 2 series<\/strong><\/a><\/span><\/span><\/p>\n<h2><span style=\"font-size: 20px; color: #0000ff;\"><strong>\u270d M\u00f4 t\u1ea3 s\u1ea3n ph\u1ea9m : Mavic 2 Propellers &#8211; SunnyLife<\/strong><\/span><\/h2>\n<p><span style=\"font-size: 17px;\">\u2705\u00a0 H\u00e3ng: SunnyLife<\/span><\/p>\n<p><span style=\"font-size: 17px;\">\u2705\u00a0 H\u1ed7 tr\u1ee3: Mavic 2 Pro\/ Mavic 2 Zoom<\/span><\/p>\n<p><span style=\"font-size: 17px;\">\u2705\u00a0 M\u00e0u s\u1eafc : \u0110en vi\u1ec1n V\u00e0ng \/ X\u00e1m<\/span><\/p>\n<p><span style=\"font-size: 17px;\">\u2705\u00a0 Ch\u1ea5t li\u1ec7u: Nh\u1ef1a d\u1ebbo, t\u00ednh \u0111\u00e0n h\u1ed3i cao<\/span><\/p>\n<p><span style=\"font-size: 17px;\">\u2705\u00a0 1 h\u1ed9p g\u1ed3m : 2 c\u00e1nh \u0111\u1ed1i ngh\u1ecbch<\/span><\/p>\n<p>.<\/p>\n<p><img loading=\"lazy\" decoding=\"async\" class=\"aligncenter size-full wp-image-31502\" src=\"https:\/\/phukienflytech.vn\/wp-content\/uploads\/2021\/02\/8743F-3.jpg\" alt=\"\" width=\"850\" height=\"750\" srcset=\"https:\/\/phukienflytech.vn\/wp-content\/uploads\/2021\/02\/8743F-3.jpg 850w, https:\/\/phukienflytech.vn\/wp-content\/uploads\/2021\/02\/8743F-3-453x400.jpg 453w, https:\/\/phukienflytech.vn\/wp-content\/uploads\/2021\/02\/8743F-3-768x678.jpg 768w, https:\/\/phukienflytech.vn\/wp-content\/uploads\/2021\/02\/8743F-3-600x529.jpg 600w\" sizes=\"auto, (max-width: 850px) 100vw, 850px\" \/><\/p>\n<p>.<\/p>\n<p><span style=\"font-size: 20px; color: #0000ff;\"><strong>\u270d C\u00f4ng d\u1ee5ng s\u1ea3n ph\u1ea9m:<\/strong><\/span><\/p>\n<p><span style=\"font-size: 17px;\">\u2705 C\u00e1nh d\u1ef1 ph\u00f2ng Mavic 2<\/span><\/p>\n<p><span style=\"font-size: 17px;\">\u2705 Thay th\u1ebf nh\u1eefng b\u1ed9 c\u00e1nh c\u0169 h\u1ecfng<\/span><\/p>\n<p><span style=\"font-size: 17px;\">\u2705 Gi\u00e1 th\u00e0nh h\u1ee3p l\u00fd, ch\u1ea5t l\u01b0\u1ee3ng t\u1ed1t<\/span><\/p>\n<p><span style=\"font-size: 17px;\">\u2705 \u0110\u1ea3m b\u1ea3o an to\u00e0n, kh\u00f4ng g\u00e2y chao \u0111\u1ea3o m\u00e1y bay<\/span><\/p>\n<p>.<\/p>\n<p><img loading=\"lazy\" decoding=\"async\" class=\"aligncenter size-full wp-image-31500\" src=\"https:\/\/phukienflytech.vn\/wp-content\/uploads\/2021\/02\/4.jpg\" alt=\"\" width=\"1024\" height=\"424\" srcset=\"https:\/\/phukienflytech.vn\/wp-content\/uploads\/2021\/02\/4.jpg 1024w, https:\/\/phukienflytech.vn\/wp-content\/uploads\/2021\/02\/4-800x331.jpg 800w, https:\/\/phukienflytech.vn\/wp-content\/uploads\/2021\/02\/4-768x318.jpg 768w, https:\/\/phukienflytech.vn\/wp-content\/uploads\/2021\/02\/4-600x248.jpg 600w\" sizes=\"auto, (max-width: 1024px) 100vw, 1024px\" \/><\/p>\n<p>.<\/p>\n<p><span style=\"font-size: 20px; color: #0000ff;\"><strong>\u270d H\u01b0\u1edbng d\u1eabn b\u1ea3o qu\u1ea3n:<\/strong><\/span><\/p>\n<p><span style=\"font-size: 17px;\">\u2705\u00a0 Tr\u00e1nh va \u0111\u1eadp m\u1ea1nh v\u00e0 n\u01a1i c\u00f3 nhi\u1ec7t \u0111\u1ed9 cao tr\u00ean 50 \u0111\u1ed9 C<\/span><\/p>\n<p><span style=\"font-size: 17px;\">\u2705\u00a0 Th\u00e1o l\u1eafp \u0111\u00fang c\u00e1ch theo h\u01b0\u1edbng d\u1eabn, tr\u00e1nh g\u00e3y h\u1ecfng<\/span><\/p>\n<p><span style=\"font-size: 17px;\">\u2705\u00a0 Khuy\u1ebfn c\u00e1o ch\u1ec9 n\u00ean s\u1eed d\u1ee5ng c\u00e1c ph\u1ee5 ki\u1ec7n ch\u00ednh h\u00e3ng DJI, YX, Sunnylife<\/span><\/p>\n<p>.<\/p>\n<p><img loading=\"lazy\" decoding=\"async\" class=\"aligncenter size-full wp-image-31496\" src=\"https:\/\/phukienflytech.vn\/wp-content\/uploads\/2021\/02\/2.jpg\" alt=\"\" width=\"934\" height=\"724\" srcset=\"https:\/\/phukienflytech.vn\/wp-content\/uploads\/2021\/02\/2.jpg 934w, https:\/\/phukienflytech.vn\/wp-content\/uploads\/2021\/02\/2-516x400.jpg 516w, https:\/\/phukienflytech.vn\/wp-content\/uploads\/2021\/02\/2-768x595.jpg 768w, https:\/\/phukienflytech.vn\/wp-content\/uploads\/2021\/02\/2-600x465.jpg 600w\" sizes=\"auto, (max-width: 934px) 100vw, 934px\" \/><\/p>\n<p>.<\/p>\n<p><span style=\"font-size: 20px; color: #0000ff;\"><strong>\u270d Mua ph\u1ee5 ki\u1ec7n DJI Mavic 2 \u1edf \u0111\u00e2u?<\/strong><\/span><\/p>\n<p><span style=\"font-size: 17px;\"><strong>Ph\u1ee5 ki\u1ec7n flycam gi\u00e1 t\u1ed1t<\/strong>\u00a0h\u00e2n h\u1ea1nh l\u00e0 \u0111\u01a1n v\u1ecb ph\u00e2n ph\u1ed1i ch\u00ednh h\u00e3ng c\u00e1c s\u1ea3n ph\u1ea9m ph\u1ee5 ki\u1ec7n flycam. T\u1edbi v\u1edbi ch\u00fang t\u00f4i, c\u00e1c b\u1ea1n s\u1ebd mua \u0111\u01b0\u1ee3c nh\u1eefng s\u1ea3n ph\u1ea9m ch\u00ednh h\u00e3ng v\u1edbi gi\u00e1 m\u1ed9t m\u1ee9c gi\u00e1 t\u1ed1t nh\u1ea5t tr\u00ean th\u1ecb tr\u01b0\u1eddng.<\/span><\/p>\n<p><span style=\"font-size: 17px;\">Kh\u00f4ng ch\u1ec9 nh\u1eefng s\u1ea3n ph\u1ea9m ph\u1ee5 ki\u1ec7n ch\u00ednh h\u00e3ng DJI FPV Drone. Ch\u00fang t\u00f4i c\u0169ng ph\u00e2n ph\u1ed1i c\u00e1c d\u00f2ng s\u1ea3n ph\u1ea9m ph\u1ee5 ki\u1ec7n c\u1ee7a DJI Mavic 2, DJI Phantom, DJI Spark,.. ch\u00ednh h\u00e3ng t\u1edbi t\u1eeb DJI, Pgytech v\u00e0 SunnyLife.<\/span><\/p>\n<p><span style=\"font-size: 17px;\">H\u00e3y \u0111\u1ebfn v\u1edbi ph\u1ee5 ki\u1ec7n flycam gi\u00e1 t\u1ed1t \u0111\u1ec3 c\u00f3 \u0111\u01b0\u1ee3c\u00a0m\u1ee9c gi\u00e1 t\u1ed1t v\u00e0 ch\u1ea5t l\u01b0\u1ee3ng \u0111\u1ea3m b\u1ea3o.<\/span><\/p>\n<p><span style=\"font-size: 17px;\">H\u00e3y \u0111\u1ec3\u00a0<a href=\"https:\/\/facebook.com\/phukienflycam\/\"><span style=\"color: #0000ff;\">Ph\u1ee5 Ki\u1ec7n Fly-cam Gi\u00e1 T\u1ed1t<\/span><\/a>\u00a0ti\u1ebfp s\u1ee9c \u0111am m\u00ea, c\u00f4ng vi\u1ec7c c\u1ee7a b\u1ea1n, gi\u00fap b\u1ea1n th\u00eam ni\u1ec1m h\u1ee9ng kh\u1edfi trong \u0111am m\u00ea c\u0169ng nh\u01b0 c\u00f4ng vi\u1ec7c c\u1ee7a m\u00ecnh th\u00eam su\u00f4n s\u1ebb<\/span><\/p>\n<p><span style=\"font-size: 17px;\">Nh\u00e0 s\u1ea3n xu\u1ea5t: Sunnylife \u2013 Vendor chuy\u00ean cung c\u1ea5p ph\u1ee5 ki\u1ec7n, linh ki\u1ec7n cho DJI flycam<\/span><\/p>\n<p><span style=\"font-size: 17px;\">&gt;&gt; Tham kh\u1ea3o:\u00a0<span style=\"color: #0000ff;\"><a style=\"color: #0000ff;\" href=\"https:\/\/phukienflytech.vn\/timkiem.html?s=pin+phantom+4&amp;category=post\"><strong>C\u00e1ch s\u1eed d\u1ee5ng pin \u0111\u00fang c\u00e1ch trong 2 n\u0103m<\/strong><\/a><\/span><\/span><\/p>\n<p><span style=\"font-size: 17px;\">&gt;&gt; Li\u00ean h\u1ec7 v\u1edbi ch\u00fang t\u00f4i qua:\u00a0<span style=\"color: #0000ff;\"><a style=\"color: #0000ff;\" href=\"https:\/\/facebook.com\/phukienflycam\"><strong>Fanpage<\/strong><\/a><\/span><\/span><\/p>\n","protected":false},"excerpt":{"rendered":"<p>C\u00e1nh Mavic 2 &#8211; Sunnylife &#8211; Mavic 2 Propellers C\u00e1nh Mavic 2 ch\u00ednh h\u00e3ng SunnyLife . Ph\u1ee5 ki\u1ec7n c\u00e1nh Mavic 2 &#8211; C\u00e1nh d\u1ef1 ph\u00f2ng\u00a0 . \u270d Gi\u1edbi thi\u1ec7u s\u1ea3n ph\u1ea9m: C\u00e1nh Mavic 2 ch\u00ednh h\u00e3ng SunnyLife Ph\u1ee5 ki\u1ec7n C\u00e1nh Mavic 2 Series hi\u1ec7n r\u1ea5t \u0111a d\u1ea1ng v\u00e0 c\u00f3 nhi\u1ec1u phi\u00ean b\u1ea3n \u0111\u1ec3 b\u1ea1n c\u00f3 &#8230;<\/p>\n","protected":false},"featured_media":21735,"comment_status":"open","ping_status":"closed","template":"","meta":{"_acf_changed":false},"product_brand":[],"product_cat":[177],"product_tag":[],"class_list":{"0":"post-21726","1":"product","2":"type-product","3":"status-publish","4":"has-post-thumbnail","6":"product_cat-mavic-2s-accessory","8":"first","9":"instock","10":"shipping-taxable","11":"purchasable","12":"product-type-variable"},"acf":[],"yoast_head":"<!-- This site is optimized with the Yoast SEO plugin v25.7 - https:\/\/yoast.com\/wordpress\/plugins\/seo\/ -->\n<title>C\u00e1nh Mavic 2 ch\u00ednh h\u00e3ng SunnyLife - B\u1ea3n thay th\u1ebf c\u00e1nh g\u1ed1c DJI t\u1ed1t nh\u1ea5t<\/title>\n<meta name=\"description\" content=\"C\u00e1nh Mavic 2 ch\u00ednh h\u00e3ng SunnyLife - B\u1ea3n thay th\u1ebf c\u00e1nh g\u1ed1c DJI t\u1ed1t nh\u1ea5t \u0111\u01b0\u1ee3c nhi\u1ec1u ng\u01b0\u1eddi s\u1eed d\u1ee5ng hi\u1ec7n nay v\u00ec tr\u1ea3i nghi\u1ec7m bay kh\u00f4ng \u0111\u1ed5i\" \/>\n<meta name=\"robots\" content=\"index, follow, max-snippet:-1, max-image-preview:large, max-video-preview:-1\" \/>\n<link rel=\"canonical\" href=\"https:\/\/phukienflytech.vn\/en\/san-pham\/canh-mavic-2-sunnylife-best-similar.html\" \/>\n<meta property=\"og:locale\" content=\"en_US\" \/>\n<meta property=\"og:type\" content=\"article\" \/>\n<meta property=\"og:title\" content=\"C\u00e1nh Mavic 2 ch\u00ednh h\u00e3ng SunnyLife - B\u1ea3n thay th\u1ebf c\u00e1nh g\u1ed1c DJI t\u1ed1t nh\u1ea5t\" \/>\n<meta property=\"og:description\" content=\"C\u00e1nh Mavic 2 ch\u00ednh h\u00e3ng SunnyLife - B\u1ea3n thay th\u1ebf c\u00e1nh g\u1ed1c DJI t\u1ed1t nh\u1ea5t \u0111\u01b0\u1ee3c nhi\u1ec1u ng\u01b0\u1eddi s\u1eed d\u1ee5ng hi\u1ec7n nay v\u00ec tr\u1ea3i nghi\u1ec7m bay kh\u00f4ng \u0111\u1ed5i\" \/>\n<meta property=\"og:url\" content=\"https:\/\/phukienflytech.vn\/en\/san-pham\/canh-mavic-2-sunnylife-best-similar.html\" \/>\n<meta property=\"og:site_name\" content=\"Shop M\u00e1y \u1ea3nh - Action Camera - Gimbal - Flycam - Ph\u1ee5 ki\u1ec7n\" \/>\n<meta property=\"article:publisher\" content=\"https:\/\/facebook.com\/phukienflycam\" \/>\n<meta property=\"article:modified_time\" content=\"2022-08-18T03:43:19+00:00\" \/>\n<meta property=\"og:image\" content=\"https:\/\/phukienflytech.vn\/wp-content\/uploads\/2021\/02\/canh-mavic-2-sunnylife-giam-on-Copy.jpg\" \/>\n\t<meta property=\"og:image:width\" content=\"600\" \/>\n\t<meta property=\"og:image:height\" content=\"600\" \/>\n\t<meta property=\"og:image:type\" content=\"image\/jpeg\" \/>\n<meta name=\"twitter:card\" content=\"summary_large_image\" \/>\n<meta name=\"twitter:label1\" content=\"Est. reading time\" \/>\n\t<meta name=\"twitter:data1\" content=\"3 minutes\" \/>\n<script type=\"application\/ld+json\" class=\"yoast-schema-graph\">{\"@context\":\"https:\/\/schema.org\",\"@graph\":[{\"@type\":\"WebPage\",\"@id\":\"https:\/\/phukienflytech.vn\/en\/san-pham\/canh-mavic-2-sunnylife-best-similar.html\",\"url\":\"https:\/\/phukienflytech.vn\/en\/san-pham\/canh-mavic-2-sunnylife-best-similar.html\",\"name\":\"C\u00e1nh Mavic 2 ch\u00ednh h\u00e3ng SunnyLife - B\u1ea3n thay th\u1ebf c\u00e1nh g\u1ed1c DJI t\u1ed1t nh\u1ea5t\",\"isPartOf\":{\"@id\":\"https:\/\/phukienflytech.vn\/#website\"},\"primaryImageOfPage\":{\"@id\":\"https:\/\/phukienflytech.vn\/en\/san-pham\/canh-mavic-2-sunnylife-best-similar.html#primaryimage\"},\"image\":{\"@id\":\"https:\/\/phukienflytech.vn\/en\/san-pham\/canh-mavic-2-sunnylife-best-similar.html#primaryimage\"},\"thumbnailUrl\":\"https:\/\/phukienflytech.vn\/wp-content\/uploads\/2021\/02\/canh-mavic-2-sunnylife-giam-on-Copy.jpg\",\"datePublished\":\"2021-02-27T07:46:22+00:00\",\"dateModified\":\"2022-08-18T03:43:19+00:00\",\"description\":\"C\u00e1nh Mavic 2 ch\u00ednh h\u00e3ng SunnyLife - B\u1ea3n thay th\u1ebf c\u00e1nh g\u1ed1c DJI t\u1ed1t nh\u1ea5t \u0111\u01b0\u1ee3c nhi\u1ec1u ng\u01b0\u1eddi s\u1eed d\u1ee5ng hi\u1ec7n nay v\u00ec tr\u1ea3i nghi\u1ec7m bay kh\u00f4ng \u0111\u1ed5i\",\"breadcrumb\":{\"@id\":\"https:\/\/phukienflytech.vn\/en\/san-pham\/canh-mavic-2-sunnylife-best-similar.html#breadcrumb\"},\"inLanguage\":\"en-US\",\"potentialAction\":[{\"@type\":\"ReadAction\",\"target\":[\"https:\/\/phukienflytech.vn\/en\/san-pham\/canh-mavic-2-sunnylife-best-similar.html\"]}]},{\"@type\":\"ImageObject\",\"inLanguage\":\"en-US\",\"@id\":\"https:\/\/phukienflytech.vn\/en\/san-pham\/canh-mavic-2-sunnylife-best-similar.html#primaryimage\",\"url\":\"https:\/\/phukienflytech.vn\/wp-content\/uploads\/2021\/02\/canh-mavic-2-sunnylife-giam-on-Copy.jpg\",\"contentUrl\":\"https:\/\/phukienflytech.vn\/wp-content\/uploads\/2021\/02\/canh-mavic-2-sunnylife-giam-on-Copy.jpg\",\"width\":600,\"height\":600},{\"@type\":\"BreadcrumbList\",\"@id\":\"https:\/\/phukienflytech.vn\/en\/san-pham\/canh-mavic-2-sunnylife-best-similar.html#breadcrumb\",\"itemListElement\":[{\"@type\":\"ListItem\",\"position\":1,\"name\":\"Home\",\"item\":\"https:\/\/phukienflytech.vn\/en\"},{\"@type\":\"ListItem\",\"position\":2,\"name\":\"Ph\u1ee5 ki\u1ec7n Mavic Pro\",\"item\":\"https:\/\/phukienflytech.vn\/en\/phu-kien-mavic-pro.html\"},{\"@type\":\"ListItem\",\"position\":3,\"name\":\"Ph\u1ee5 ki\u1ec7n DJI - Osmo\",\"item\":\"https:\/\/phukienflytech.vn\/danh-muc\/phu-kien-dji-osmo.html\"},{\"@type\":\"ListItem\",\"position\":4,\"name\":\"Ph\u1ee5 ki\u1ec7n DJI Mavic 2\",\"item\":\"https:\/\/phukienflytech.vn\/danh-muc\/phu-kien-mavic-2.html\"},{\"@type\":\"ListItem\",\"position\":5,\"name\":\"C\u00e1nh Mavic 2 &#8211; Sunnylife (Best similar)\"}]},{\"@type\":\"WebSite\",\"@id\":\"https:\/\/phukienflytech.vn\/#website\",\"url\":\"https:\/\/phukienflytech.vn\/\",\"name\":\"Shop M\u00e1y \u1ea3nh - Action Camera - Gimbal - Flycam - Ph\u1ee5 ki\u1ec7n\",\"description\":\"Shop M\u00e1y \u1ea3nh - Action Camera - Gimbal - Flycam - Ph\u1ee5 ki\u1ec7n\",\"publisher\":{\"@id\":\"https:\/\/phukienflytech.vn\/#organization\"},\"potentialAction\":[{\"@type\":\"SearchAction\",\"target\":{\"@type\":\"EntryPoint\",\"urlTemplate\":\"https:\/\/phukienflytech.vn\/?s={search_term_string}\"},\"query-input\":{\"@type\":\"PropertyValueSpecification\",\"valueRequired\":true,\"valueName\":\"search_term_string\"}}],\"inLanguage\":\"en-US\"},{\"@type\":\"Organization\",\"@id\":\"https:\/\/phukienflytech.vn\/#organization\",\"name\":\"DJI Store - Shop Drone, Action camera, Gimbal DJI |Phukienflytech\",\"alternateName\":\"DJI Store - Shop Drone, Action camera, Gimbal DJI |Phukienflytech\",\"url\":\"https:\/\/phukienflytech.vn\/\",\"logo\":{\"@type\":\"ImageObject\",\"inLanguage\":\"en-US\",\"@id\":\"https:\/\/phukienflytech.vn\/#\/schema\/logo\/image\/\",\"url\":\"https:\/\/phukienflytech.vn\/wp-content\/uploads\/2020\/05\/hAnh_nan.jpg1_.jpg\",\"contentUrl\":\"https:\/\/phukienflytech.vn\/wp-content\/uploads\/2020\/05\/hAnh_nan.jpg1_.jpg\",\"width\":800,\"height\":450,\"caption\":\"DJI Store - Shop Drone, Action camera, Gimbal DJI |Phukienflytech\"},\"image\":{\"@id\":\"https:\/\/phukienflytech.vn\/#\/schema\/logo\/image\/\"},\"sameAs\":[\"https:\/\/facebook.com\/phukienflycam\",\"https:\/\/www.youtube.com\/@phukienflytech\",\"https:\/\/www.tiktok.com\/@flytech.channel?fbclid=IwY2xjawGjg7BleHRuA2FlbQIxMAABHYVGmlXpuSMs0UB2zTpYvyT4GMVfN2qJa4urF4vkSQ6FAVBwXZtDP30qQA_aem_UwMiDcUvlEbd2tXAmsc8Og\"]}]}<\/script>\n<!-- \/ Yoast SEO plugin. -->","yoast_head_json":{"title":"C\u00e1nh Mavic 2 ch\u00ednh h\u00e3ng SunnyLife - B\u1ea3n thay th\u1ebf c\u00e1nh g\u1ed1c DJI t\u1ed1t nh\u1ea5t","description":"C\u00e1nh Mavic 2 ch\u00ednh h\u00e3ng SunnyLife - B\u1ea3n thay th\u1ebf c\u00e1nh g\u1ed1c DJI t\u1ed1t nh\u1ea5t \u0111\u01b0\u1ee3c nhi\u1ec1u ng\u01b0\u1eddi s\u1eed d\u1ee5ng hi\u1ec7n nay v\u00ec tr\u1ea3i nghi\u1ec7m bay kh\u00f4ng \u0111\u1ed5i","robots":{"index":"index","follow":"follow","max-snippet":"max-snippet:-1","max-image-preview":"max-image-preview:large","max-video-preview":"max-video-preview:-1"},"canonical":"https:\/\/phukienflytech.vn\/en\/san-pham\/canh-mavic-2-sunnylife-best-similar.html","og_locale":"en_US","og_type":"article","og_title":"C\u00e1nh Mavic 2 ch\u00ednh h\u00e3ng SunnyLife - B\u1ea3n thay th\u1ebf c\u00e1nh g\u1ed1c DJI t\u1ed1t nh\u1ea5t","og_description":"C\u00e1nh Mavic 2 ch\u00ednh h\u00e3ng SunnyLife - B\u1ea3n thay th\u1ebf c\u00e1nh g\u1ed1c DJI t\u1ed1t nh\u1ea5t \u0111\u01b0\u1ee3c nhi\u1ec1u ng\u01b0\u1eddi s\u1eed d\u1ee5ng hi\u1ec7n nay v\u00ec tr\u1ea3i nghi\u1ec7m bay kh\u00f4ng \u0111\u1ed5i","og_url":"https:\/\/phukienflytech.vn\/en\/san-pham\/canh-mavic-2-sunnylife-best-similar.html","og_site_name":"Shop M\u00e1y \u1ea3nh - Action Camera - Gimbal - Flycam - Ph\u1ee5 ki\u1ec7n","article_publisher":"https:\/\/facebook.com\/phukienflycam","article_modified_time":"2022-08-18T03:43:19+00:00","og_image":[{"width":600,"height":600,"url":"https:\/\/phukienflytech.vn\/wp-content\/uploads\/2021\/02\/canh-mavic-2-sunnylife-giam-on-Copy.jpg","type":"image\/jpeg"}],"twitter_card":"summary_large_image","twitter_misc":{"Est. reading time":"3 minutes"},"schema":{"@context":"https:\/\/schema.org","@graph":[{"@type":"WebPage","@id":"https:\/\/phukienflytech.vn\/en\/san-pham\/canh-mavic-2-sunnylife-best-similar.html","url":"https:\/\/phukienflytech.vn\/en\/san-pham\/canh-mavic-2-sunnylife-best-similar.html","name":"C\u00e1nh Mavic 2 ch\u00ednh h\u00e3ng SunnyLife - B\u1ea3n thay th\u1ebf c\u00e1nh g\u1ed1c DJI t\u1ed1t nh\u1ea5t","isPartOf":{"@id":"https:\/\/phukienflytech.vn\/#website"},"primaryImageOfPage":{"@id":"https:\/\/phukienflytech.vn\/en\/san-pham\/canh-mavic-2-sunnylife-best-similar.html#primaryimage"},"image":{"@id":"https:\/\/phukienflytech.vn\/en\/san-pham\/canh-mavic-2-sunnylife-best-similar.html#primaryimage"},"thumbnailUrl":"https:\/\/phukienflytech.vn\/wp-content\/uploads\/2021\/02\/canh-mavic-2-sunnylife-giam-on-Copy.jpg","datePublished":"2021-02-27T07:46:22+00:00","dateModified":"2022-08-18T03:43:19+00:00","description":"C\u00e1nh Mavic 2 ch\u00ednh h\u00e3ng SunnyLife - B\u1ea3n thay th\u1ebf c\u00e1nh g\u1ed1c DJI t\u1ed1t nh\u1ea5t \u0111\u01b0\u1ee3c nhi\u1ec1u ng\u01b0\u1eddi s\u1eed d\u1ee5ng hi\u1ec7n nay v\u00ec tr\u1ea3i nghi\u1ec7m bay kh\u00f4ng \u0111\u1ed5i","breadcrumb":{"@id":"https:\/\/phukienflytech.vn\/en\/san-pham\/canh-mavic-2-sunnylife-best-similar.html#breadcrumb"},"inLanguage":"en-US","potentialAction":[{"@type":"ReadAction","target":["https:\/\/phukienflytech.vn\/en\/san-pham\/canh-mavic-2-sunnylife-best-similar.html"]}]},{"@type":"ImageObject","inLanguage":"en-US","@id":"https:\/\/phukienflytech.vn\/en\/san-pham\/canh-mavic-2-sunnylife-best-similar.html#primaryimage","url":"https:\/\/phukienflytech.vn\/wp-content\/uploads\/2021\/02\/canh-mavic-2-sunnylife-giam-on-Copy.jpg","contentUrl":"https:\/\/phukienflytech.vn\/wp-content\/uploads\/2021\/02\/canh-mavic-2-sunnylife-giam-on-Copy.jpg","width":600,"height":600},{"@type":"BreadcrumbList","@id":"https:\/\/phukienflytech.vn\/en\/san-pham\/canh-mavic-2-sunnylife-best-similar.html#breadcrumb","itemListElement":[{"@type":"ListItem","position":1,"name":"Home","item":"https:\/\/phukienflytech.vn\/en"},{"@type":"ListItem","position":2,"name":"Ph\u1ee5 ki\u1ec7n Mavic Pro","item":"https:\/\/phukienflytech.vn\/en\/phu-kien-mavic-pro.html"},{"@type":"ListItem","position":3,"name":"Ph\u1ee5 ki\u1ec7n DJI - Osmo","item":"https:\/\/phukienflytech.vn\/danh-muc\/phu-kien-dji-osmo.html"},{"@type":"ListItem","position":4,"name":"Ph\u1ee5 ki\u1ec7n DJI Mavic 2","item":"https:\/\/phukienflytech.vn\/danh-muc\/phu-kien-mavic-2.html"},{"@type":"ListItem","position":5,"name":"C\u00e1nh Mavic 2 &#8211; Sunnylife (Best similar)"}]},{"@type":"WebSite","@id":"https:\/\/phukienflytech.vn\/#website","url":"https:\/\/phukienflytech.vn\/","name":"Shop M\u00e1y \u1ea3nh - Action Camera - Gimbal - Flycam - Ph\u1ee5 ki\u1ec7n","description":"Shop M\u00e1y \u1ea3nh - Action Camera - Gimbal - Flycam - Ph\u1ee5 ki\u1ec7n","publisher":{"@id":"https:\/\/phukienflytech.vn\/#organization"},"potentialAction":[{"@type":"SearchAction","target":{"@type":"EntryPoint","urlTemplate":"https:\/\/phukienflytech.vn\/?s={search_term_string}"},"query-input":{"@type":"PropertyValueSpecification","valueRequired":true,"valueName":"search_term_string"}}],"inLanguage":"en-US"},{"@type":"Organization","@id":"https:\/\/phukienflytech.vn\/#organization","name":"DJI Store - Shop Drone, Action camera, Gimbal DJI |Phukienflytech","alternateName":"DJI Store - Shop Drone, Action camera, Gimbal DJI |Phukienflytech","url":"https:\/\/phukienflytech.vn\/","logo":{"@type":"ImageObject","inLanguage":"en-US","@id":"https:\/\/phukienflytech.vn\/#\/schema\/logo\/image\/","url":"https:\/\/phukienflytech.vn\/wp-content\/uploads\/2020\/05\/hAnh_nan.jpg1_.jpg","contentUrl":"https:\/\/phukienflytech.vn\/wp-content\/uploads\/2020\/05\/hAnh_nan.jpg1_.jpg","width":800,"height":450,"caption":"DJI Store - Shop Drone, Action camera, Gimbal DJI |Phukienflytech"},"image":{"@id":"https:\/\/phukienflytech.vn\/#\/schema\/logo\/image\/"},"sameAs":["https:\/\/facebook.com\/phukienflycam","https:\/\/www.youtube.com\/@phukienflytech","https:\/\/www.tiktok.com\/@flytech.channel?fbclid=IwY2xjawGjg7BleHRuA2FlbQIxMAABHYVGmlXpuSMs0UB2zTpYvyT4GMVfN2qJa4urF4vkSQ6FAVBwXZtDP30qQA_aem_UwMiDcUvlEbd2tXAmsc8Og"]}]}},"_links":{"self":[{"href":"https:\/\/phukienflytech.vn\/en\/wp-json\/wp\/v2\/product\/21726","targetHints":{"allow":["GET"]}}],"collection":[{"href":"https:\/\/phukienflytech.vn\/en\/wp-json\/wp\/v2\/product"}],"about":[{"href":"https:\/\/phukienflytech.vn\/en\/wp-json\/wp\/v2\/types\/product"}],"replies":[{"embeddable":true,"href":"https:\/\/phukienflytech.vn\/en\/wp-json\/wp\/v2\/comments?post=21726"}],"wp:featuredmedia":[{"embeddable":true,"href":"https:\/\/phukienflytech.vn\/en\/wp-json\/wp\/v2\/media\/21735"}],"wp:attachment":[{"href":"https:\/\/phukienflytech.vn\/en\/wp-json\/wp\/v2\/media?parent=21726"}],"wp:term":[{"taxonomy":"product_brand","embeddable":true,"href":"https:\/\/phukienflytech.vn\/en\/wp-json\/wp\/v2\/product_brand?post=21726"},{"taxonomy":"product_cat","embeddable":true,"href":"https:\/\/phukienflytech.vn\/en\/wp-json\/wp\/v2\/product_cat?post=21726"},{"taxonomy":"product_tag","embeddable":true,"href":"https:\/\/phukienflytech.vn\/en\/wp-json\/wp\/v2\/product_tag?post=21726"}],"curies":[{"name":"wp","href":"https:\/\/api.w.org\/{rel}","templated":true}]}}