{"id":2173,"date":"2020-05-20T10:41:16","date_gmt":"2020-05-20T03:41:16","guid":{"rendered":"http:\/\/27430.lamdx.vinawebsite.vn\/san-pham\/bo-chan-don-fimi-x8-se.html"},"modified":"2020-10-21T15:52:59","modified_gmt":"2020-10-21T08:52:59","slug":"extension-landing-fimi-x8-se","status":"publish","type":"product","link":"https:\/\/phukienflytech.vn\/en\/san-pham\/extension-landing-fimi-x8-se.html","title":{"rendered":"Extension landing for Fimi X8 SE"},"content":{"rendered":"<h2><span style=\"color: #0000ff;\"><em><strong>Extension landing Fimi X8 SE<\/strong><\/em><\/span><\/h2>\n<p>&nbsp;<\/p>\n<p><span style=\"font-size: 18px;\">Extension landing Fimi X8 SE<\/span><\/p>\n<p><span style=\"font-size: 18px;\">V\u1edbi thi\u1ebft k\u1ebf c\u00f3 ph\u1ea7n gi\u1ed1ng\u00a0<strong>DJI Mavic Pro<\/strong>,\u00a0<strong>DJI Mavic Air<\/strong>\u00a0khi c\u0169ng c\u00f3 th\u1ec3 g\u1ea5p g\u1ecdn l\u1ea1i m\u1ed9t c\u00e1ch d\u1ec5 d\u00e0ng. Tuy nhi\u00ean c\u00f3 m\u1ed9t y\u1ebfu \u0111i\u1ec3m \u1edf trong thi\u1ebft k\u1ebf n\u00e0y l\u00e0 kho\u1ea3ng c\u00e1ch b\u1ee5ng t\u1edbi m\u1eb7t \u0111\u1ea5t l\u00e0 ch\u01b0a cao. V\u00ec th\u1ebf 2 s\u1ea3n ph\u1ea9m t\u1edbi t\u1eeb nh\u00e0 DJI tr\u00ean lu\u00f4n ph\u1ea3i s\u1eed d\u1ee5ng th\u00eam nh\u1eefng\u00a0<a href=\"https:\/\/phukienflytech.vn\/en\/san-pham\/bo-chan-don-mavic-pro-platium.html\" target=\"_blank\" rel=\"noopener noreferrer\"><strong>b\u1ed9 ch\u00e2n \u0111\u00f4n Mavic Pro<\/strong><\/a>,\u00a0<a href=\"https:\/\/phukienflytech.vn\/en\/san-pham\/bo-chan-don-mavic-air-pgytech.html\" target=\"_blank\" rel=\"noopener noreferrer\"><strong>ch\u00e2n \u0111\u00f4n Mavic Air<\/strong><\/a>,\u00a0<a href=\"https:\/\/phukienflytech.vn\/en\/san-pham\/chan-don-mavic-2-pro-zoom-phien-ban-moi.html\" target=\"_blank\" rel=\"noopener noreferrer\"><strong>ch\u00e2n \u0111\u00f4n Mavic 2 Pro\/Zoom<\/strong><\/a>,\u00a0<strong><a href=\"https:\/\/phukienflytech.vn\/en\/san-pham\/bo-chan-don-mavic-mini-pgytech.html\" target=\"_blank\" rel=\"noopener noreferrer\">ch\u00e2n \u0111\u00f4n Mavic Mini<\/a><\/strong>.. \u0111\u1ec3 gia t\u0103ng chi\u1ec1u cao. V\u00e0 Xiaomi Fimi X8 SE c\u0169ng kh\u00f4ng ngo\u1ea1i l\u1ec7.\u00a0<\/span><\/p>\n<p><span style=\"font-size: 18px;\">B\u00ean c\u1ea1nh s\u1eed d\u1ee5ng\u00a0<strong>B\u1ed9 b\u1ea3o v\u1ec7 c\u00e1nh <\/strong>\u0111\u1ec3 b\u1ea3o v\u1ec7 c\u00e1nh v\u00e0 \u0111\u1ed9ng c\u01a1 cho m\u00e1y bay. Vi\u1ec7c s\u1eed d\u1ee5ng m\u1ed9t ph\u1ee5 ki\u1ec7n nh\u1eb1m kh\u1eafc ph\u1ee5c \u0111i\u1ec3m m\u1ea1nh c\u0169ng nh\u01b0 khuy\u1ebft \u0111i\u1ec3m c\u1ee7a <strong>Xiaomi<\/strong>\u00a0\u0111\u00f3 l\u00e0 ch\u00e2n ng\u1eafn qu\u1ec7t b\u1ee5ng<\/span><\/p>\n<p><span style=\"font-size: 18px;\"><img loading=\"lazy\" decoding=\"async\" class=\"alignnone wp-image-14182 size-medium\" src=\"https:\/\/phukienflytech.vn\/wp-content\/uploads\/2020\/05\/bo-chan-don-fimi-x8-se-2166-3-405x400.jpg\" alt=\"Extension-landing-Fimi-X8-SE-9\" width=\"405\" height=\"400\" srcset=\"https:\/\/phukienflytech.vn\/wp-content\/uploads\/2020\/05\/bo-chan-don-fimi-x8-se-2166-3-405x400.jpg 405w, https:\/\/phukienflytech.vn\/wp-content\/uploads\/2020\/05\/bo-chan-don-fimi-x8-se-2166-3-768x759.jpg 768w, https:\/\/phukienflytech.vn\/wp-content\/uploads\/2020\/05\/bo-chan-don-fimi-x8-se-2166-3-810x800.jpg 810w, https:\/\/phukienflytech.vn\/wp-content\/uploads\/2020\/05\/bo-chan-don-fimi-x8-se-2166-3-600x593.jpg 600w, https:\/\/phukienflytech.vn\/wp-content\/uploads\/2020\/05\/bo-chan-don-fimi-x8-se-2166-3-100x100.jpg 100w, https:\/\/phukienflytech.vn\/wp-content\/uploads\/2020\/05\/bo-chan-don-fimi-x8-se-2166-3.jpg 1000w\" sizes=\"auto, (max-width: 405px) 100vw, 405px\" \/><\/span><\/p>\n<p><span style=\"font-size: 18px;\">V\u1edbi thi\u1ebft k\u1ebf thu g\u1ecdn k\u00edch th\u01b0\u1edbc g\u1ecdn nh\u1ea5t c\u00f3 th\u1ec3 v\u00ec v\u1eady chi\u1ebfc\u00a0<strong>Xiaomi Fimi X8 SE<\/strong> c\u00f3 b\u1ec1 m\u1eb7t b\u1ee5ng ch\u1ec9 c\u00e1ch m\u1eb7t \u0111\u1ea5t ch\u01b0a t\u1edbi 3cm. Do v\u1eady vi\u1ec7c s\u1eed d\u1ee5ng 1 b\u1ed9 ch\u00e2n \u0111\u00f4n \u0111\u1ec3 t\u0103ng kho\u1ea3ng c\u00e1ch v\u1edbi b\u1ec1 m\u1eb7t gi\u00fap chi\u1ebfc <strong>drone Xiaomi Fimi X8 SE<\/strong>\u00a0c\u1ee7a ch\u00fang ta tr\u1edf l\u00ean an to\u00e0n h\u01a1n<\/span><\/p>\n<p><span style=\"font-size: 18px;\"><img loading=\"lazy\" decoding=\"async\" class=\"alignnone size-medium wp-image-14184\" src=\"https:\/\/phukienflytech.vn\/wp-content\/uploads\/2020\/05\/bo-chan-don-fimi-x8-se-2166-1-1-547x400.jpg\" alt=\"\" width=\"547\" height=\"400\" srcset=\"https:\/\/phukienflytech.vn\/wp-content\/uploads\/2020\/05\/bo-chan-don-fimi-x8-se-2166-1-1-547x400.jpg 547w, https:\/\/phukienflytech.vn\/wp-content\/uploads\/2020\/05\/bo-chan-don-fimi-x8-se-2166-1-1-768x561.jpg 768w, https:\/\/phukienflytech.vn\/wp-content\/uploads\/2020\/05\/bo-chan-don-fimi-x8-se-2166-1-1-600x439.jpg 600w, https:\/\/phukienflytech.vn\/wp-content\/uploads\/2020\/05\/bo-chan-don-fimi-x8-se-2166-1-1.jpg 1000w\" sizes=\"auto, (max-width: 547px) 100vw, 547px\" \/><\/span><\/p>\n<h2><span style=\"font-size: 21px; color: #0000ff;\"><strong>Th\u00f4ng tin c\u1ee7a b\u1ed9 ch\u00e2n \u0111\u00f4n<\/strong><\/span><\/h2>\n<p><span style=\"font-size: 18px;\">Ch\u1ea5t li\u1ec7u: Nh\u1ef1a in 3D<\/span><\/p>\n<p><span style=\"font-size: 18px;\">Nh\u00e0 s\u1ea3n xu\u1ea5t: Sunnylife<\/span><\/p>\n<p><span style=\"font-size: 18px;\">B\u1ed9 g\u1ed3m: 4 ch\u00e2n<\/span><\/p>\n<p><span style=\"font-size: 18px;\">D\u1ec5 d\u00e0ng th\u00e1o l\u1eafp &#8211; Thi\u1ebft k\u1ebf kh\u00f3a \u0111\u1ec3 l\u1eafp r\u00e1p v\u00e0 th\u00e1o g\u1ee1 nhanh ch\u00f3ng.<\/span><\/p>\n<p><span style=\"font-size: 18px;\">Chi\u1ec1u cao hi\u1ec7u qu\u1ea3 t\u0103ng 1,5 cm, \u0111\u1ec3 b\u1ea3o v\u1ec7 m\u00e1y bay v\u00e0 m\u00e1y \u1ea3nh gimbal.<\/span><\/p>\n<p><span style=\"font-size: 18px;\"><img loading=\"lazy\" decoding=\"async\" class=\"alignnone wp-image-14188 size-medium\" src=\"https:\/\/phukienflytech.vn\/wp-content\/uploads\/2020\/05\/bo-chan-don-fimi-x8-se-2166-2-1-690x400.jpg\" alt=\"Extension-landing-Fimi-X8-SE\" width=\"690\" height=\"400\" srcset=\"https:\/\/phukienflytech.vn\/wp-content\/uploads\/2020\/05\/bo-chan-don-fimi-x8-se-2166-2-1-690x400.jpg 690w, https:\/\/phukienflytech.vn\/wp-content\/uploads\/2020\/05\/bo-chan-don-fimi-x8-se-2166-2-1-768x445.jpg 768w, https:\/\/phukienflytech.vn\/wp-content\/uploads\/2020\/05\/bo-chan-don-fimi-x8-se-2166-2-1-600x348.jpg 600w, https:\/\/phukienflytech.vn\/wp-content\/uploads\/2020\/05\/bo-chan-don-fimi-x8-se-2166-2-1.jpg 1000w\" sizes=\"auto, (max-width: 690px) 100vw, 690px\" \/><\/span><\/p>\n<p><span style=\"font-size: 18px;\">&gt;&gt; Contact us on: <a href=\"https:\/\/www.facebook.com\/phukienflycam\"><strong>Facebook<\/strong><\/a><\/span><\/p>\n<p>&nbsp;<\/p>\n","protected":false},"excerpt":{"rendered":"<p>Extension landing Fimi X8 SE &nbsp; Extension landing Fimi X8 SE V\u1edbi thi\u1ebft k\u1ebf c\u00f3 ph\u1ea7n gi\u1ed1ng\u00a0DJI Mavic Pro,\u00a0DJI Mavic Air\u00a0khi c\u0169ng c\u00f3 th\u1ec3 g\u1ea5p g\u1ecdn l\u1ea1i m\u1ed9t c\u00e1ch d\u1ec5 d\u00e0ng. Tuy nhi\u00ean c\u00f3 m\u1ed9t y\u1ebfu \u0111i\u1ec3m \u1edf trong thi\u1ebft k\u1ebf n\u00e0y l\u00e0 kho\u1ea3ng c\u00e1ch b\u1ee5ng t\u1edbi m\u1eb7t \u0111\u1ea5t l\u00e0 ch\u01b0a cao. V\u00ec th\u1ebf 2 &#8230;<\/p>\n","protected":false},"featured_media":7495,"comment_status":"open","ping_status":"closed","template":"","meta":{"_acf_changed":false},"product_brand":[],"product_cat":[189,188],"product_tag":[206,240],"class_list":{"0":"post-2173","1":"product","2":"type-product","3":"status-publish","4":"has-post-thumbnail","6":"product_cat-midrone-accessory","7":"product_cat-medium-drone-accessory","8":"product_tag-phu-kien-dji-en","9":"product_tag-phu-kien-xiaomi-en","11":"first","12":"instock","13":"shipping-taxable","14":"purchasable","15":"product-type-simple"},"acf":[],"yoast_head":"<!-- This site is optimized with the Yoast SEO plugin v25.7 - https:\/\/yoast.com\/wordpress\/plugins\/seo\/ -->\n<title>Extension landing Fimi X8 SE - Fimi X8 SE accessory - Available - Original<\/title>\n<meta name=\"description\" content=\"Extension landing Fimi X8 SE is one of the most important accessory. Contact us to buy Extension landing Fimi X8 SE for best price\" \/>\n<meta name=\"robots\" content=\"index, follow, max-snippet:-1, max-image-preview:large, max-video-preview:-1\" \/>\n<link rel=\"canonical\" href=\"https:\/\/phukienflytech.vn\/san-pham\/bo-chan-don-fimi-x8-se.html\" \/>\n<meta property=\"og:locale\" content=\"en_US\" \/>\n<meta property=\"og:type\" content=\"article\" \/>\n<meta property=\"og:title\" content=\"Extension landing Fimi X8 SE - Fimi X8 SE accessory - Available - Original\" \/>\n<meta property=\"og:description\" content=\"Extension landing Fimi X8 SE is one of the most important accessory. Contact us to buy Extension landing Fimi X8 SE for best price\" \/>\n<meta property=\"og:url\" content=\"https:\/\/phukienflytech.vn\/san-pham\/bo-chan-don-fimi-x8-se.html\" \/>\n<meta property=\"og:site_name\" content=\"Shop M\u00e1y \u1ea3nh - Action Camera - Gimbal - Flycam - Ph\u1ee5 ki\u1ec7n\" \/>\n<meta property=\"article:publisher\" content=\"https:\/\/facebook.com\/phukienflycam\" \/>\n<meta property=\"article:modified_time\" content=\"2020-10-21T08:52:59+00:00\" \/>\n<meta property=\"og:image\" content=\"https:\/\/phukienflytech.vn\/wp-content\/uploads\/2020\/05\/300x300_chan-don-fimi-x8-se-phu-kien-flycam-fimi-xiaomi-drone-1232_-_Copy.jpg\" \/>\n\t<meta property=\"og:image:width\" content=\"300\" \/>\n\t<meta property=\"og:image:height\" content=\"300\" \/>\n\t<meta property=\"og:image:type\" content=\"image\/jpeg\" \/>\n<meta name=\"twitter:card\" content=\"summary_large_image\" \/>\n<meta name=\"twitter:label1\" content=\"Est. reading time\" \/>\n\t<meta name=\"twitter:data1\" content=\"2 minutes\" \/>\n<script type=\"application\/ld+json\" class=\"yoast-schema-graph\">{\"@context\":\"https:\/\/schema.org\",\"@graph\":[{\"@type\":\"WebPage\",\"@id\":\"https:\/\/phukienflytech.vn\/san-pham\/bo-chan-don-fimi-x8-se.html\",\"url\":\"https:\/\/phukienflytech.vn\/san-pham\/bo-chan-don-fimi-x8-se.html\",\"name\":\"Extension landing Fimi X8 SE - Fimi X8 SE accessory - Available - Original\",\"isPartOf\":{\"@id\":\"https:\/\/phukienflytech.vn\/#website\"},\"primaryImageOfPage\":{\"@id\":\"https:\/\/phukienflytech.vn\/san-pham\/bo-chan-don-fimi-x8-se.html#primaryimage\"},\"image\":{\"@id\":\"https:\/\/phukienflytech.vn\/san-pham\/bo-chan-don-fimi-x8-se.html#primaryimage\"},\"thumbnailUrl\":\"https:\/\/phukienflytech.vn\/wp-content\/uploads\/2020\/05\/300x300_chan-don-fimi-x8-se-phu-kien-flycam-fimi-xiaomi-drone-1232_-_Copy.jpg\",\"datePublished\":\"2020-05-20T03:41:16+00:00\",\"dateModified\":\"2020-10-21T08:52:59+00:00\",\"description\":\"Extension landing Fimi X8 SE is one of the most important accessory. Contact us to buy Extension landing Fimi X8 SE for best price\",\"breadcrumb\":{\"@id\":\"https:\/\/phukienflytech.vn\/san-pham\/bo-chan-don-fimi-x8-se.html#breadcrumb\"},\"inLanguage\":\"en-US\",\"potentialAction\":[{\"@type\":\"ReadAction\",\"target\":[\"https:\/\/phukienflytech.vn\/san-pham\/bo-chan-don-fimi-x8-se.html\"]}]},{\"@type\":\"ImageObject\",\"inLanguage\":\"en-US\",\"@id\":\"https:\/\/phukienflytech.vn\/san-pham\/bo-chan-don-fimi-x8-se.html#primaryimage\",\"url\":\"https:\/\/phukienflytech.vn\/wp-content\/uploads\/2020\/05\/300x300_chan-don-fimi-x8-se-phu-kien-flycam-fimi-xiaomi-drone-1232_-_Copy.jpg\",\"contentUrl\":\"https:\/\/phukienflytech.vn\/wp-content\/uploads\/2020\/05\/300x300_chan-don-fimi-x8-se-phu-kien-flycam-fimi-xiaomi-drone-1232_-_Copy.jpg\",\"width\":300,\"height\":300},{\"@type\":\"BreadcrumbList\",\"@id\":\"https:\/\/phukienflytech.vn\/san-pham\/bo-chan-don-fimi-x8-se.html#breadcrumb\",\"itemListElement\":[{\"@type\":\"ListItem\",\"position\":1,\"name\":\"Home\",\"item\":\"https:\/\/phukienflytech.vn\/en\"},{\"@type\":\"ListItem\",\"position\":2,\"name\":\"Ph\u1ee5 ki\u1ec7n Mavic Pro\",\"item\":\"https:\/\/phukienflytech.vn\/en\/phu-kien-mavic-pro.html\"},{\"@type\":\"ListItem\",\"position\":3,\"name\":\"Ph\u1ee5 ki\u1ec7n flycam t\u1ea7m trung\",\"item\":\"https:\/\/phukienflytech.vn\/danh-muc\/phu-kien-flycam-tam-trung.html\"},{\"@type\":\"ListItem\",\"position\":4,\"name\":\"Extension landing for Fimi X8 SE\"}]},{\"@type\":\"WebSite\",\"@id\":\"https:\/\/phukienflytech.vn\/#website\",\"url\":\"https:\/\/phukienflytech.vn\/\",\"name\":\"Shop M\u00e1y \u1ea3nh - Action Camera - Gimbal - Flycam - Ph\u1ee5 ki\u1ec7n\",\"description\":\"Shop M\u00e1y \u1ea3nh - Action Camera - Gimbal - Flycam - Ph\u1ee5 ki\u1ec7n\",\"publisher\":{\"@id\":\"https:\/\/phukienflytech.vn\/#organization\"},\"potentialAction\":[{\"@type\":\"SearchAction\",\"target\":{\"@type\":\"EntryPoint\",\"urlTemplate\":\"https:\/\/phukienflytech.vn\/?s={search_term_string}\"},\"query-input\":{\"@type\":\"PropertyValueSpecification\",\"valueRequired\":true,\"valueName\":\"search_term_string\"}}],\"inLanguage\":\"en-US\"},{\"@type\":\"Organization\",\"@id\":\"https:\/\/phukienflytech.vn\/#organization\",\"name\":\"DJI Store - Shop Drone, Action camera, Gimbal DJI |Phukienflytech\",\"alternateName\":\"DJI Store - Shop Drone, Action camera, Gimbal DJI |Phukienflytech\",\"url\":\"https:\/\/phukienflytech.vn\/\",\"logo\":{\"@type\":\"ImageObject\",\"inLanguage\":\"en-US\",\"@id\":\"https:\/\/phukienflytech.vn\/#\/schema\/logo\/image\/\",\"url\":\"https:\/\/phukienflytech.vn\/wp-content\/uploads\/2020\/05\/hAnh_nan.jpg1_.jpg\",\"contentUrl\":\"https:\/\/phukienflytech.vn\/wp-content\/uploads\/2020\/05\/hAnh_nan.jpg1_.jpg\",\"width\":800,\"height\":450,\"caption\":\"DJI Store - Shop Drone, Action camera, Gimbal DJI |Phukienflytech\"},\"image\":{\"@id\":\"https:\/\/phukienflytech.vn\/#\/schema\/logo\/image\/\"},\"sameAs\":[\"https:\/\/facebook.com\/phukienflycam\",\"https:\/\/www.youtube.com\/@phukienflytech\",\"https:\/\/www.tiktok.com\/@flytech.channel?fbclid=IwY2xjawGjg7BleHRuA2FlbQIxMAABHYVGmlXpuSMs0UB2zTpYvyT4GMVfN2qJa4urF4vkSQ6FAVBwXZtDP30qQA_aem_UwMiDcUvlEbd2tXAmsc8Og\"]}]}<\/script>\n<!-- \/ Yoast SEO plugin. -->","yoast_head_json":{"title":"Extension landing Fimi X8 SE - Fimi X8 SE accessory - Available - Original","description":"Extension landing Fimi X8 SE is one of the most important accessory. Contact us to buy Extension landing Fimi X8 SE for best price","robots":{"index":"index","follow":"follow","max-snippet":"max-snippet:-1","max-image-preview":"max-image-preview:large","max-video-preview":"max-video-preview:-1"},"canonical":"https:\/\/phukienflytech.vn\/san-pham\/bo-chan-don-fimi-x8-se.html","og_locale":"en_US","og_type":"article","og_title":"Extension landing Fimi X8 SE - Fimi X8 SE accessory - Available - Original","og_description":"Extension landing Fimi X8 SE is one of the most important accessory. Contact us to buy Extension landing Fimi X8 SE for best price","og_url":"https:\/\/phukienflytech.vn\/san-pham\/bo-chan-don-fimi-x8-se.html","og_site_name":"Shop M\u00e1y \u1ea3nh - Action Camera - Gimbal - Flycam - Ph\u1ee5 ki\u1ec7n","article_publisher":"https:\/\/facebook.com\/phukienflycam","article_modified_time":"2020-10-21T08:52:59+00:00","og_image":[{"width":300,"height":300,"url":"https:\/\/phukienflytech.vn\/wp-content\/uploads\/2020\/05\/300x300_chan-don-fimi-x8-se-phu-kien-flycam-fimi-xiaomi-drone-1232_-_Copy.jpg","type":"image\/jpeg"}],"twitter_card":"summary_large_image","twitter_misc":{"Est. reading time":"2 minutes"},"schema":{"@context":"https:\/\/schema.org","@graph":[{"@type":"WebPage","@id":"https:\/\/phukienflytech.vn\/san-pham\/bo-chan-don-fimi-x8-se.html","url":"https:\/\/phukienflytech.vn\/san-pham\/bo-chan-don-fimi-x8-se.html","name":"Extension landing Fimi X8 SE - Fimi X8 SE accessory - Available - Original","isPartOf":{"@id":"https:\/\/phukienflytech.vn\/#website"},"primaryImageOfPage":{"@id":"https:\/\/phukienflytech.vn\/san-pham\/bo-chan-don-fimi-x8-se.html#primaryimage"},"image":{"@id":"https:\/\/phukienflytech.vn\/san-pham\/bo-chan-don-fimi-x8-se.html#primaryimage"},"thumbnailUrl":"https:\/\/phukienflytech.vn\/wp-content\/uploads\/2020\/05\/300x300_chan-don-fimi-x8-se-phu-kien-flycam-fimi-xiaomi-drone-1232_-_Copy.jpg","datePublished":"2020-05-20T03:41:16+00:00","dateModified":"2020-10-21T08:52:59+00:00","description":"Extension landing Fimi X8 SE is one of the most important accessory. Contact us to buy Extension landing Fimi X8 SE for best price","breadcrumb":{"@id":"https:\/\/phukienflytech.vn\/san-pham\/bo-chan-don-fimi-x8-se.html#breadcrumb"},"inLanguage":"en-US","potentialAction":[{"@type":"ReadAction","target":["https:\/\/phukienflytech.vn\/san-pham\/bo-chan-don-fimi-x8-se.html"]}]},{"@type":"ImageObject","inLanguage":"en-US","@id":"https:\/\/phukienflytech.vn\/san-pham\/bo-chan-don-fimi-x8-se.html#primaryimage","url":"https:\/\/phukienflytech.vn\/wp-content\/uploads\/2020\/05\/300x300_chan-don-fimi-x8-se-phu-kien-flycam-fimi-xiaomi-drone-1232_-_Copy.jpg","contentUrl":"https:\/\/phukienflytech.vn\/wp-content\/uploads\/2020\/05\/300x300_chan-don-fimi-x8-se-phu-kien-flycam-fimi-xiaomi-drone-1232_-_Copy.jpg","width":300,"height":300},{"@type":"BreadcrumbList","@id":"https:\/\/phukienflytech.vn\/san-pham\/bo-chan-don-fimi-x8-se.html#breadcrumb","itemListElement":[{"@type":"ListItem","position":1,"name":"Home","item":"https:\/\/phukienflytech.vn\/en"},{"@type":"ListItem","position":2,"name":"Ph\u1ee5 ki\u1ec7n Mavic Pro","item":"https:\/\/phukienflytech.vn\/en\/phu-kien-mavic-pro.html"},{"@type":"ListItem","position":3,"name":"Ph\u1ee5 ki\u1ec7n flycam t\u1ea7m trung","item":"https:\/\/phukienflytech.vn\/danh-muc\/phu-kien-flycam-tam-trung.html"},{"@type":"ListItem","position":4,"name":"Extension landing for Fimi X8 SE"}]},{"@type":"WebSite","@id":"https:\/\/phukienflytech.vn\/#website","url":"https:\/\/phukienflytech.vn\/","name":"Shop M\u00e1y \u1ea3nh - Action Camera - Gimbal - Flycam - Ph\u1ee5 ki\u1ec7n","description":"Shop M\u00e1y \u1ea3nh - Action Camera - Gimbal - Flycam - Ph\u1ee5 ki\u1ec7n","publisher":{"@id":"https:\/\/phukienflytech.vn\/#organization"},"potentialAction":[{"@type":"SearchAction","target":{"@type":"EntryPoint","urlTemplate":"https:\/\/phukienflytech.vn\/?s={search_term_string}"},"query-input":{"@type":"PropertyValueSpecification","valueRequired":true,"valueName":"search_term_string"}}],"inLanguage":"en-US"},{"@type":"Organization","@id":"https:\/\/phukienflytech.vn\/#organization","name":"DJI Store - Shop Drone, Action camera, Gimbal DJI |Phukienflytech","alternateName":"DJI Store - Shop Drone, Action camera, Gimbal DJI |Phukienflytech","url":"https:\/\/phukienflytech.vn\/","logo":{"@type":"ImageObject","inLanguage":"en-US","@id":"https:\/\/phukienflytech.vn\/#\/schema\/logo\/image\/","url":"https:\/\/phukienflytech.vn\/wp-content\/uploads\/2020\/05\/hAnh_nan.jpg1_.jpg","contentUrl":"https:\/\/phukienflytech.vn\/wp-content\/uploads\/2020\/05\/hAnh_nan.jpg1_.jpg","width":800,"height":450,"caption":"DJI Store - Shop Drone, Action camera, Gimbal DJI |Phukienflytech"},"image":{"@id":"https:\/\/phukienflytech.vn\/#\/schema\/logo\/image\/"},"sameAs":["https:\/\/facebook.com\/phukienflycam","https:\/\/www.youtube.com\/@phukienflytech","https:\/\/www.tiktok.com\/@flytech.channel?fbclid=IwY2xjawGjg7BleHRuA2FlbQIxMAABHYVGmlXpuSMs0UB2zTpYvyT4GMVfN2qJa4urF4vkSQ6FAVBwXZtDP30qQA_aem_UwMiDcUvlEbd2tXAmsc8Og"]}]}},"_links":{"self":[{"href":"https:\/\/phukienflytech.vn\/en\/wp-json\/wp\/v2\/product\/2173","targetHints":{"allow":["GET"]}}],"collection":[{"href":"https:\/\/phukienflytech.vn\/en\/wp-json\/wp\/v2\/product"}],"about":[{"href":"https:\/\/phukienflytech.vn\/en\/wp-json\/wp\/v2\/types\/product"}],"replies":[{"embeddable":true,"href":"https:\/\/phukienflytech.vn\/en\/wp-json\/wp\/v2\/comments?post=2173"}],"wp:featuredmedia":[{"embeddable":true,"href":"https:\/\/phukienflytech.vn\/en\/wp-json\/wp\/v2\/media\/7495"}],"wp:attachment":[{"href":"https:\/\/phukienflytech.vn\/en\/wp-json\/wp\/v2\/media?parent=2173"}],"wp:term":[{"taxonomy":"product_brand","embeddable":true,"href":"https:\/\/phukienflytech.vn\/en\/wp-json\/wp\/v2\/product_brand?post=2173"},{"taxonomy":"product_cat","embeddable":true,"href":"https:\/\/phukienflytech.vn\/en\/wp-json\/wp\/v2\/product_cat?post=2173"},{"taxonomy":"product_tag","embeddable":true,"href":"https:\/\/phukienflytech.vn\/en\/wp-json\/wp\/v2\/product_tag?post=2173"}],"curies":[{"name":"wp","href":"https:\/\/api.w.org\/{rel}","templated":true}]}}