{"id":21731,"date":"2021-02-27T15:37:37","date_gmt":"2021-02-27T08:37:37","guid":{"rendered":"https:\/\/phukienflytech.vn\/san-pham\/bo-tem-skin-dan-mavic-air-2.html"},"modified":"2022-08-25T14:52:40","modified_gmt":"2022-08-25T07:52:40","slug":"bo-tem-skin-dan-mavic-air-2","status":"publish","type":"product","link":"https:\/\/phukienflytech.vn\/en\/san-pham\/bo-tem-skin-dan-mavic-air-2.html","title":{"rendered":"B\u1ed9 tem Skin d\u00e1n &#8211; Mavic Air 2"},"content":{"rendered":"<h2 style=\"text-align: justify;\"><span style=\"color: #0000ff; font-size: 20px;\"><strong>B\u1ed9 tem Skin d\u00e1n &#8211; Mavic Air 2<\/strong><\/span><\/h2>\n<p><span style=\"font-size: 17px;\">Tem skin d\u00e1n Mavic Air 2<\/span><\/p>\n<p><span style=\"font-size: 17px;\">.<\/span><\/p>\n<p><span style=\"font-size: 17px;\"><img loading=\"lazy\" decoding=\"async\" class=\"aligncenter wp-image-37503\" src=\"https:\/\/phukienflytech.vn\/wp-content\/uploads\/2021\/02\/skin-mavic-air-2-TZ440-4.jpg\" alt=\"\" width=\"850\" height=\"700\" srcset=\"https:\/\/phukienflytech.vn\/wp-content\/uploads\/2021\/02\/skin-mavic-air-2-TZ440-4.jpg 1000w, https:\/\/phukienflytech.vn\/wp-content\/uploads\/2021\/02\/skin-mavic-air-2-TZ440-4-485x400.jpg 485w, https:\/\/phukienflytech.vn\/wp-content\/uploads\/2021\/02\/skin-mavic-air-2-TZ440-4-971x800.jpg 971w, https:\/\/phukienflytech.vn\/wp-content\/uploads\/2021\/02\/skin-mavic-air-2-TZ440-4-768x633.jpg 768w, https:\/\/phukienflytech.vn\/wp-content\/uploads\/2021\/02\/skin-mavic-air-2-TZ440-4-600x494.jpg 600w\" sizes=\"auto, (max-width: 850px) 100vw, 850px\" \/><\/span><\/p>\n<p><span style=\"font-size: 17px;\">.<\/span><\/p>\n<h2><span style=\"color: #0000ff; font-size: 20px;\"><strong>Gi\u1edbi thi\u1ec7u s\u1ea3n ph\u1ea9m :<\/strong><\/span><\/h2>\n<p style=\"text-align: justify;\"><span style=\"font-size: 17px;\">Nh\u1eefng chi\u1ebfc flycam DJI \u0111\u00e3 \u0111\u01b0\u1ee3c Dji thi\u1ebft k\u1ebf v\u1edbi v\u1ebb ngo\u00e0i r\u1ea5t \u0111\u1eb9p v\u00e0 th\u1eddi trang. Nh\u01b0ng b\u00ean c\u1ea1nh \u0111\u00f3 vi\u1ec7c s\u1eed d\u1ee5ng flycam sau m\u1ed9t\u00a0 th\u1eddi gian s\u1ebd xu\u1ea5t hi\u1ec7n tr\u1ea7y x\u01b0\u1edbc, v\u1ebft b\u1ea9n,.. \u0110\u1ec3 gi\u1eef cho chi\u1ebfc flycam c\u1ee7a b\u1ea1n lu\u00f4n m\u1edbi v\u00e0 \u0111\u1ec3 c\u00e1 nh\u00e2n h\u00f3a chi\u1ebfc flycam. Phukienflytech xin gi\u1edbi thi\u1ec7u t\u1edbi c\u00e1c b\u1ea1n b\u1ed9 tem Skin Mavic Air 2 v\u1edbi nhi\u1ec1u phi\u00ean b\u1ea3n cho Mavic Air 2. B\u1ed9 tem skin d\u00e1n gi\u00fap flycam c\u1ee7a b\u1ea1n c\u00f3 m\u1ed9t di\u1ec7n m\u1ea1o m\u1edbi, c\u00e1 t\u00ednh h\u01a1n n\u1ed5i b\u1eadt trong \u0111\u00e1m \u0111\u00f4ng v\u00e0 kh\u00f4ng h\u1ec1 b\u1ecb l\u1eabn v\u1edbi b\u1ea5t k\u1ef3 thi\u1ebft b\u1ecb n\u00e0o.<\/span><\/p>\n<p><span style=\"font-size: 17px;\">.<\/span><\/p>\n<p><span style=\"font-size: 17px;\"><img loading=\"lazy\" decoding=\"async\" class=\"aligncenter wp-image-37505\" src=\"https:\/\/phukienflytech.vn\/wp-content\/uploads\/2021\/02\/skin-mavic-air-2-.jpg\" alt=\"\" width=\"850\" height=\"850\" srcset=\"https:\/\/phukienflytech.vn\/wp-content\/uploads\/2021\/02\/skin-mavic-air-2-.jpg 1000w, https:\/\/phukienflytech.vn\/wp-content\/uploads\/2021\/02\/skin-mavic-air-2--400x400.jpg 400w, https:\/\/phukienflytech.vn\/wp-content\/uploads\/2021\/02\/skin-mavic-air-2--800x800.jpg 800w, https:\/\/phukienflytech.vn\/wp-content\/uploads\/2021\/02\/skin-mavic-air-2--280x280.jpg 280w, https:\/\/phukienflytech.vn\/wp-content\/uploads\/2021\/02\/skin-mavic-air-2--768x768.jpg 768w, https:\/\/phukienflytech.vn\/wp-content\/uploads\/2021\/02\/skin-mavic-air-2--300x300.jpg 300w, https:\/\/phukienflytech.vn\/wp-content\/uploads\/2021\/02\/skin-mavic-air-2--600x600.jpg 600w, https:\/\/phukienflytech.vn\/wp-content\/uploads\/2021\/02\/skin-mavic-air-2--100x100.jpg 100w\" sizes=\"auto, (max-width: 850px) 100vw, 850px\" \/><\/span><\/p>\n<p><span style=\"font-size: 17px;\">.<\/span><\/p>\n<h2><span style=\"color: #0000ff; font-size: 20px;\"><strong>M\u00f4 t\u1ea3 s\u1ea3n ph\u1ea9m : Tem skin d\u00e1n Mavic Air 2<\/strong><\/span><\/h2>\n<p><span style=\"font-size: 17px;\">\u2705 Ph\u00f9 h\u1ee3p: Mavic Air 2<\/span><\/p>\n<p><span style=\"font-size: 17px;\">\u2705 H\u00e0ng ch\u00ednh h\u00e3ng Sunnlife<\/span><\/p>\n<p><span style=\"font-size: 17px;\">\u2705 L\u00e0m t\u1eeb PVC nh\u1eadp kh\u1ea9u<\/span><\/p>\n<p><span style=\"font-size: 17px;\">.<\/span><\/p>\n<p><span style=\"font-size: 17px;\"><img loading=\"lazy\" decoding=\"async\" class=\"aligncenter wp-image-37507\" src=\"https:\/\/phukienflytech.vn\/wp-content\/uploads\/2021\/02\/skin-mavic-air-2-tai-chi.jpg\" alt=\"\" width=\"850\" height=\"690\" srcset=\"https:\/\/phukienflytech.vn\/wp-content\/uploads\/2021\/02\/skin-mavic-air-2-tai-chi.jpg 1000w, https:\/\/phukienflytech.vn\/wp-content\/uploads\/2021\/02\/skin-mavic-air-2-tai-chi-493x400.jpg 493w, https:\/\/phukienflytech.vn\/wp-content\/uploads\/2021\/02\/skin-mavic-air-2-tai-chi-985x800.jpg 985w, https:\/\/phukienflytech.vn\/wp-content\/uploads\/2021\/02\/skin-mavic-air-2-tai-chi-768x624.jpg 768w, https:\/\/phukienflytech.vn\/wp-content\/uploads\/2021\/02\/skin-mavic-air-2-tai-chi-600x487.jpg 600w\" sizes=\"auto, (max-width: 850px) 100vw, 850px\" \/><\/span><\/p>\n<p><span style=\"font-size: 17px;\">.<\/span><\/p>\n<p><span style=\"font-size: 17px;\">\u2705 C\u00f3 th\u1ec3 d\u00e1n v\u00e0 th\u00e1o r\u1eddi nhi\u1ec1u l\u1ea7n d\u1ec5 d\u00e0ng m\u00e0 kh\u00f4ng \u0111\u1ec3 l\u1ea1i keo. <\/span><\/p>\n<p><span style=\"font-size: 17px;\">\u2705 Ch\u1ea5t li\u1ec7u m\u1ef1c c\u00f3 th\u1ec3 ch\u1ecbu \u0111\u01b0\u1ee3c trong nhi\u1ec1u m\u00f4i tr\u01b0\u1eddng th\u1eddi ti\u1ebft <\/span><\/p>\n<p><span style=\"font-size: 17px;\">\u2705 Ch\u1ed1ng n\u01b0\u1edbc, ch\u1ed1ng b\u1ee5i b\u1ea9n, ch\u1ed1ng x\u01b0\u1edbc, ch\u1ed1ng n\u1eafng,\u2026<\/span><\/p>\n<p><span style=\"font-size: 17px;\">.<\/span><\/p>\n<p><span style=\"font-size: 17px;\"><img loading=\"lazy\" decoding=\"async\" class=\"aligncenter wp-image-37509\" src=\"https:\/\/phukienflytech.vn\/wp-content\/uploads\/2021\/02\/skin-mavic-air-2-TZ440-5-1.jpg\" alt=\"bo-tem-skin-dan-mavic-air-2-6\" width=\"850\" height=\"850\" srcset=\"https:\/\/phukienflytech.vn\/wp-content\/uploads\/2021\/02\/skin-mavic-air-2-TZ440-5-1.jpg 1000w, https:\/\/phukienflytech.vn\/wp-content\/uploads\/2021\/02\/skin-mavic-air-2-TZ440-5-1-400x400.jpg 400w, https:\/\/phukienflytech.vn\/wp-content\/uploads\/2021\/02\/skin-mavic-air-2-TZ440-5-1-800x800.jpg 800w, https:\/\/phukienflytech.vn\/wp-content\/uploads\/2021\/02\/skin-mavic-air-2-TZ440-5-1-280x280.jpg 280w, https:\/\/phukienflytech.vn\/wp-content\/uploads\/2021\/02\/skin-mavic-air-2-TZ440-5-1-768x768.jpg 768w, https:\/\/phukienflytech.vn\/wp-content\/uploads\/2021\/02\/skin-mavic-air-2-TZ440-5-1-300x300.jpg 300w, https:\/\/phukienflytech.vn\/wp-content\/uploads\/2021\/02\/skin-mavic-air-2-TZ440-5-1-600x600.jpg 600w, https:\/\/phukienflytech.vn\/wp-content\/uploads\/2021\/02\/skin-mavic-air-2-TZ440-5-1-100x100.jpg 100w\" sizes=\"auto, (max-width: 850px) 100vw, 850px\" \/><\/span><\/p>\n<p><span style=\"font-size: 17px;\">.<\/span><\/p>\n<h2><span style=\"color: #0000ff; font-size: 20px;\"><strong>C\u00f4ng d\u1ee5ng s\u1ea3n ph\u1ea9m ;<\/strong><\/span><\/h2>\n<p><span style=\"font-size: 17px;\">\u2705 L\u00e0m \u0111\u1eb9p m\u1edbi l\u1ea1 chi\u1ebfc m\u00e1y <\/span><\/p>\n<p><span style=\"font-size: 17px;\">\u2705 C\u00f3 c\u00e1c tr\u1ea3i nghi\u1ec7m m\u1edbi v\u1edbi chi\u1ebfc Drone<\/span><\/p>\n<p><span style=\"font-size: 17px;\">.<\/span><\/p>\n<p><span style=\"font-size: 17px;\"><img loading=\"lazy\" decoding=\"async\" class=\"aligncenter wp-image-37513\" src=\"https:\/\/phukienflytech.vn\/wp-content\/uploads\/2021\/02\/skin-mavic-air-2-devil.jpg\" alt=\"bo-tem-skin-dan-mavic-air-2-9\" width=\"850\" height=\"690\" srcset=\"https:\/\/phukienflytech.vn\/wp-content\/uploads\/2021\/02\/skin-mavic-air-2-devil.jpg 1000w, https:\/\/phukienflytech.vn\/wp-content\/uploads\/2021\/02\/skin-mavic-air-2-devil-493x400.jpg 493w, https:\/\/phukienflytech.vn\/wp-content\/uploads\/2021\/02\/skin-mavic-air-2-devil-985x800.jpg 985w, https:\/\/phukienflytech.vn\/wp-content\/uploads\/2021\/02\/skin-mavic-air-2-devil-768x624.jpg 768w, https:\/\/phukienflytech.vn\/wp-content\/uploads\/2021\/02\/skin-mavic-air-2-devil-600x487.jpg 600w\" sizes=\"auto, (max-width: 850px) 100vw, 850px\" \/><\/span><\/p>\n<p><span style=\"font-size: 17px;\">.<\/span><\/p>\n<p><span style=\"font-size: 17px;\"><strong>&gt;&gt;&gt; Ph\u1ee5 ki\u1ec7n mavic Air 2<\/strong>\u00a0:\u00a0<span style=\"color: #0000ff;\"><a style=\"color: #0000ff;\" href=\"https:\/\/phukienflytech.vn\/danh-muc\/phu-kien-mavic-air-2.html\" target=\"_blank\" rel=\"noopener\"><strong>Mavic air 2 Accessories<\/strong><\/a><\/span><\/span><\/p>\n<p><span style=\"font-size: 17px;\">.<\/span><\/p>\n<h2><span style=\"color: #0000ff; font-size: 20px;\"><strong>H\u01b0\u1edbng d\u1eabn b\u1ea3o qu\u1ea3n :<\/strong><\/span><\/h2>\n<p><span style=\"font-size: 17px;\">\u2705 Tr\u00e1nh ti\u1ebfp x\u00fac nhi\u1ec7t \u0111\u1ed9 cao<\/span><\/p>\n<p><span style=\"font-size: 17px;\">\u2705 Tr\u00e1nh \u0111\u1ec3 g\u1ea7n c\u00e1c v\u1eadt s\u1eafc nh\u1ecdn<\/span><\/p>\n<p><span style=\"font-size: 17px;\">.<\/span><\/p>\n<p><span style=\"font-size: 17px;\"><img loading=\"lazy\" decoding=\"async\" class=\"aligncenter wp-image-37515\" src=\"https:\/\/phukienflytech.vn\/wp-content\/uploads\/2021\/02\/skin-mavic-air-2-black-grain.jpg\" alt=\"bo-tem-skin-dan-mavic-air-2\" width=\"850\" height=\"687\" srcset=\"https:\/\/phukienflytech.vn\/wp-content\/uploads\/2021\/02\/skin-mavic-air-2-black-grain.jpg 1000w, https:\/\/phukienflytech.vn\/wp-content\/uploads\/2021\/02\/skin-mavic-air-2-black-grain-495x400.jpg 495w, https:\/\/phukienflytech.vn\/wp-content\/uploads\/2021\/02\/skin-mavic-air-2-black-grain-990x800.jpg 990w, https:\/\/phukienflytech.vn\/wp-content\/uploads\/2021\/02\/skin-mavic-air-2-black-grain-768x621.jpg 768w, https:\/\/phukienflytech.vn\/wp-content\/uploads\/2021\/02\/skin-mavic-air-2-black-grain-600x485.jpg 600w\" sizes=\"auto, (max-width: 850px) 100vw, 850px\" \/><\/span><\/p>\n<p><span style=\"font-size: 17px;\">.<\/span><\/p>\n<h2><span style=\"font-size: 20px; color: #0000ff;\"><strong>Mua ph\u1ee5 ki\u1ec7n Mavic Air 2 \u1edf \u0111\u00e2u?<\/strong><\/span><\/h2>\n<p><span style=\"font-size: 17px;\"><span style=\"color: #0000ff;\"><a style=\"color: #0000ff;\" href=\"https:\/\/phukienflytech.vn\/\" target=\"_blank\" rel=\"noopener\"><strong>Ph\u1ee5 ki\u1ec7n flycam gi\u00e1 t\u1ed1t<\/strong><\/a>\u00a0<\/span>h\u00e2n h\u1ea1nh l\u00e0 \u0111\u01a1n v\u1ecb ph\u00e2n ph\u1ed1i ch\u00ednh h\u00e3ng c\u00e1c s\u1ea3n ph\u1ea9m c\u1ee7a Pgytech. T\u1edbi v\u1edbi ch\u00fang t\u00f4i, c\u00e1c b\u1ea1n s\u1ebd mua \u0111\u01b0\u1ee3c nh\u1eefng s\u1ea3n ph\u1ea9m ch\u00ednh h\u00e3ng v\u1edbi gi\u00e1 m\u1ed9t m\u1ee9c gi\u00e1 t\u1ed1t nh\u1ea5t tr\u00ean th\u1ecb tr\u01b0\u1eddng.<\/span><\/p>\n<p><span style=\"font-size: 17px;\">Kh\u00f4ng ch\u1ec9 nh\u1eefng s\u1ea3n ph\u1ea9m ph\u1ee5 ki\u1ec7n ch\u00ednh h\u00e3ng Mavic Air 2. Ch\u00fang t\u00f4i c\u0169ng ph\u00e2n ph\u1ed1i c\u00e1c d\u00f2ng s\u1ea3n ph\u1ea9m ph\u1ee5 ki\u1ec7n c\u1ee7a DJI Mavic 2, DJI Phantom, DJI Spark,.. ch\u00ednh h\u00e3ng t\u1edbi t\u1eeb DJI, Pgytech v\u00e0 SunnyLife.<\/span><\/p>\n<p><span style=\"font-size: 17px;\">H\u00e3y \u0111\u1ebfn v\u1edbi ph\u1ee5 ki\u1ec7n flycam gi\u00e1 t\u1ed1t \u0111\u1ec3 c\u00f3 \u0111\u01b0\u1ee3c\u00a0 m\u1ee9c gi\u00e1 t\u1ed1t v\u00e0 ch\u1ea5t l\u01b0\u1ee3ng \u0111\u1ea3m b\u1ea3o.<\/span><\/p>\n<p><span style=\"font-size: 17px;\">&gt;&gt; Admin lu\u00f4n s\u1eb5n s\u00e0ng l\u1eafng nghe b\u1ea1n tr\u00ean :<span style=\"color: #0000ff;\"><strong>\u00a0<a style=\"color: #0000ff;\" href=\"https:\/\/fb.com\/phukienflycam\" target=\"_blank\" rel=\"noopener\">FANPAGE Facebook<\/a><\/strong><\/span><\/span><\/p>\n","protected":false},"excerpt":{"rendered":"<p>B\u1ed9 tem Skin d\u00e1n &#8211; Mavic Air 2 Tem skin d\u00e1n Mavic Air 2 . . Gi\u1edbi thi\u1ec7u s\u1ea3n ph\u1ea9m : Nh\u1eefng chi\u1ebfc flycam DJI \u0111\u00e3 \u0111\u01b0\u1ee3c Dji thi\u1ebft k\u1ebf v\u1edbi v\u1ebb ngo\u00e0i r\u1ea5t \u0111\u1eb9p v\u00e0 th\u1eddi trang. Nh\u01b0ng b\u00ean c\u1ea1nh \u0111\u00f3 vi\u1ec7c s\u1eed d\u1ee5ng flycam sau m\u1ed9t\u00a0 th\u1eddi gian s\u1ebd xu\u1ea5t hi\u1ec7n tr\u1ea7y x\u01b0\u1edbc, &#8230;<\/p>\n","protected":false},"featured_media":21733,"comment_status":"open","ping_status":"closed","template":"","meta":{"_acf_changed":false},"product_brand":[],"product_cat":[199],"product_tag":[],"class_list":{"0":"post-21731","1":"product","2":"type-product","3":"status-publish","4":"has-post-thumbnail","6":"product_cat-mavic-air-2-accessory","8":"first","9":"instock","10":"shipping-taxable","11":"purchasable","12":"product-type-variable"},"acf":[],"yoast_head":"<!-- This site is optimized with the Yoast SEO plugin v25.7 - https:\/\/yoast.com\/wordpress\/plugins\/seo\/ -->\n<title>B\u1ed9 tem Skin d\u00e1n Mavic Air 2 - Sunnylife - T\u0103ng th\u1ea9m m\u1ef9 cho flycam<\/title>\n<meta name=\"description\" content=\"B\u1ed9 tem Skin Mavic Air 2 - Sunnylife. C\u00e1 nh\u00e2n h\u00f3a b\u1ed9 flycam c\u1ee7a m\u00ecnh b\u1eb1ng b\u1ed9 tem d\u00e1n decal chuy\u00ean nghi\u1ec7p t\u1edbi t\u1eeb Sunnylife t\u1ea1i Phukienflytech\" \/>\n<meta name=\"robots\" content=\"index, follow, max-snippet:-1, max-image-preview:large, max-video-preview:-1\" \/>\n<link rel=\"canonical\" href=\"https:\/\/phukienflytech.vn\/en\/san-pham\/bo-tem-skin-dan-mavic-air-2.html\" \/>\n<meta property=\"og:locale\" content=\"en_US\" \/>\n<meta property=\"og:type\" content=\"article\" \/>\n<meta property=\"og:title\" content=\"B\u1ed9 tem Skin d\u00e1n Mavic Air 2 - Sunnylife - T\u0103ng th\u1ea9m m\u1ef9 cho flycam\" \/>\n<meta property=\"og:description\" content=\"B\u1ed9 tem Skin Mavic Air 2 - Sunnylife. C\u00e1 nh\u00e2n h\u00f3a b\u1ed9 flycam c\u1ee7a m\u00ecnh b\u1eb1ng b\u1ed9 tem d\u00e1n decal chuy\u00ean nghi\u1ec7p t\u1edbi t\u1eeb Sunnylife t\u1ea1i Phukienflytech\" \/>\n<meta property=\"og:url\" content=\"https:\/\/phukienflytech.vn\/en\/san-pham\/bo-tem-skin-dan-mavic-air-2.html\" \/>\n<meta property=\"og:site_name\" content=\"Shop M\u00e1y \u1ea3nh - Action Camera - Gimbal - Flycam - Ph\u1ee5 ki\u1ec7n\" \/>\n<meta property=\"article:publisher\" content=\"https:\/\/facebook.com\/phukienflycam\" \/>\n<meta property=\"article:modified_time\" content=\"2022-08-25T07:52:40+00:00\" \/>\n<meta property=\"og:image\" content=\"https:\/\/phukienflytech.vn\/wp-content\/uploads\/2021\/02\/skin-mavic-air-2-TZ440-42-Copy.jpg\" \/>\n\t<meta property=\"og:image:width\" content=\"600\" \/>\n\t<meta property=\"og:image:height\" content=\"600\" \/>\n\t<meta property=\"og:image:type\" content=\"image\/jpeg\" \/>\n<meta name=\"twitter:card\" content=\"summary_large_image\" \/>\n<meta name=\"twitter:label1\" content=\"Est. reading time\" \/>\n\t<meta name=\"twitter:data1\" content=\"3 minutes\" \/>\n<script type=\"application\/ld+json\" class=\"yoast-schema-graph\">{\"@context\":\"https:\/\/schema.org\",\"@graph\":[{\"@type\":\"WebPage\",\"@id\":\"https:\/\/phukienflytech.vn\/en\/san-pham\/bo-tem-skin-dan-mavic-air-2.html\",\"url\":\"https:\/\/phukienflytech.vn\/en\/san-pham\/bo-tem-skin-dan-mavic-air-2.html\",\"name\":\"B\u1ed9 tem Skin d\u00e1n Mavic Air 2 - Sunnylife - T\u0103ng th\u1ea9m m\u1ef9 cho flycam\",\"isPartOf\":{\"@id\":\"https:\/\/phukienflytech.vn\/#website\"},\"primaryImageOfPage\":{\"@id\":\"https:\/\/phukienflytech.vn\/en\/san-pham\/bo-tem-skin-dan-mavic-air-2.html#primaryimage\"},\"image\":{\"@id\":\"https:\/\/phukienflytech.vn\/en\/san-pham\/bo-tem-skin-dan-mavic-air-2.html#primaryimage\"},\"thumbnailUrl\":\"https:\/\/phukienflytech.vn\/wp-content\/uploads\/2021\/02\/skin-mavic-air-2-TZ440-42-Copy.jpg\",\"datePublished\":\"2021-02-27T08:37:37+00:00\",\"dateModified\":\"2022-08-25T07:52:40+00:00\",\"description\":\"B\u1ed9 tem Skin Mavic Air 2 - Sunnylife. C\u00e1 nh\u00e2n h\u00f3a b\u1ed9 flycam c\u1ee7a m\u00ecnh b\u1eb1ng b\u1ed9 tem d\u00e1n decal chuy\u00ean nghi\u1ec7p t\u1edbi t\u1eeb Sunnylife t\u1ea1i Phukienflytech\",\"breadcrumb\":{\"@id\":\"https:\/\/phukienflytech.vn\/en\/san-pham\/bo-tem-skin-dan-mavic-air-2.html#breadcrumb\"},\"inLanguage\":\"en-US\",\"potentialAction\":[{\"@type\":\"ReadAction\",\"target\":[\"https:\/\/phukienflytech.vn\/en\/san-pham\/bo-tem-skin-dan-mavic-air-2.html\"]}]},{\"@type\":\"ImageObject\",\"inLanguage\":\"en-US\",\"@id\":\"https:\/\/phukienflytech.vn\/en\/san-pham\/bo-tem-skin-dan-mavic-air-2.html#primaryimage\",\"url\":\"https:\/\/phukienflytech.vn\/wp-content\/uploads\/2021\/02\/skin-mavic-air-2-TZ440-42-Copy.jpg\",\"contentUrl\":\"https:\/\/phukienflytech.vn\/wp-content\/uploads\/2021\/02\/skin-mavic-air-2-TZ440-42-Copy.jpg\",\"width\":600,\"height\":600},{\"@type\":\"BreadcrumbList\",\"@id\":\"https:\/\/phukienflytech.vn\/en\/san-pham\/bo-tem-skin-dan-mavic-air-2.html#breadcrumb\",\"itemListElement\":[{\"@type\":\"ListItem\",\"position\":1,\"name\":\"Home\",\"item\":\"https:\/\/phukienflytech.vn\/en\"},{\"@type\":\"ListItem\",\"position\":2,\"name\":\"Ph\u1ee5 ki\u1ec7n Mavic Pro\",\"item\":\"https:\/\/phukienflytech.vn\/en\/phu-kien-mavic-pro.html\"},{\"@type\":\"ListItem\",\"position\":3,\"name\":\"Ph\u1ee5 ki\u1ec7n DJI - Osmo\",\"item\":\"https:\/\/phukienflytech.vn\/danh-muc\/phu-kien-dji-osmo.html\"},{\"@type\":\"ListItem\",\"position\":4,\"name\":\"Ph\u1ee5 ki\u1ec7n DJI Mavic Air 2\",\"item\":\"https:\/\/phukienflytech.vn\/danh-muc\/phu-kien-mavic-air-2.html\"},{\"@type\":\"ListItem\",\"position\":5,\"name\":\"B\u1ed9 tem Skin d\u00e1n &#8211; Mavic Air 2\"}]},{\"@type\":\"WebSite\",\"@id\":\"https:\/\/phukienflytech.vn\/#website\",\"url\":\"https:\/\/phukienflytech.vn\/\",\"name\":\"Shop M\u00e1y \u1ea3nh - Action Camera - Gimbal - Flycam - Ph\u1ee5 ki\u1ec7n\",\"description\":\"Shop M\u00e1y \u1ea3nh - Action Camera - Gimbal - Flycam - Ph\u1ee5 ki\u1ec7n\",\"publisher\":{\"@id\":\"https:\/\/phukienflytech.vn\/#organization\"},\"potentialAction\":[{\"@type\":\"SearchAction\",\"target\":{\"@type\":\"EntryPoint\",\"urlTemplate\":\"https:\/\/phukienflytech.vn\/?s={search_term_string}\"},\"query-input\":{\"@type\":\"PropertyValueSpecification\",\"valueRequired\":true,\"valueName\":\"search_term_string\"}}],\"inLanguage\":\"en-US\"},{\"@type\":\"Organization\",\"@id\":\"https:\/\/phukienflytech.vn\/#organization\",\"name\":\"DJI Store - Shop Drone, Action camera, Gimbal DJI |Phukienflytech\",\"alternateName\":\"DJI Store - Shop Drone, Action camera, Gimbal DJI |Phukienflytech\",\"url\":\"https:\/\/phukienflytech.vn\/\",\"logo\":{\"@type\":\"ImageObject\",\"inLanguage\":\"en-US\",\"@id\":\"https:\/\/phukienflytech.vn\/#\/schema\/logo\/image\/\",\"url\":\"https:\/\/phukienflytech.vn\/wp-content\/uploads\/2020\/05\/hAnh_nan.jpg1_.jpg\",\"contentUrl\":\"https:\/\/phukienflytech.vn\/wp-content\/uploads\/2020\/05\/hAnh_nan.jpg1_.jpg\",\"width\":800,\"height\":450,\"caption\":\"DJI Store - Shop Drone, Action camera, Gimbal DJI |Phukienflytech\"},\"image\":{\"@id\":\"https:\/\/phukienflytech.vn\/#\/schema\/logo\/image\/\"},\"sameAs\":[\"https:\/\/facebook.com\/phukienflycam\",\"https:\/\/www.youtube.com\/@phukienflytech\",\"https:\/\/www.tiktok.com\/@flytech.channel?fbclid=IwY2xjawGjg7BleHRuA2FlbQIxMAABHYVGmlXpuSMs0UB2zTpYvyT4GMVfN2qJa4urF4vkSQ6FAVBwXZtDP30qQA_aem_UwMiDcUvlEbd2tXAmsc8Og\"]}]}<\/script>\n<!-- \/ Yoast SEO plugin. -->","yoast_head_json":{"title":"B\u1ed9 tem Skin d\u00e1n Mavic Air 2 - Sunnylife - T\u0103ng th\u1ea9m m\u1ef9 cho flycam","description":"B\u1ed9 tem Skin Mavic Air 2 - Sunnylife. C\u00e1 nh\u00e2n h\u00f3a b\u1ed9 flycam c\u1ee7a m\u00ecnh b\u1eb1ng b\u1ed9 tem d\u00e1n decal chuy\u00ean nghi\u1ec7p t\u1edbi t\u1eeb Sunnylife t\u1ea1i Phukienflytech","robots":{"index":"index","follow":"follow","max-snippet":"max-snippet:-1","max-image-preview":"max-image-preview:large","max-video-preview":"max-video-preview:-1"},"canonical":"https:\/\/phukienflytech.vn\/en\/san-pham\/bo-tem-skin-dan-mavic-air-2.html","og_locale":"en_US","og_type":"article","og_title":"B\u1ed9 tem Skin d\u00e1n Mavic Air 2 - Sunnylife - T\u0103ng th\u1ea9m m\u1ef9 cho flycam","og_description":"B\u1ed9 tem Skin Mavic Air 2 - Sunnylife. C\u00e1 nh\u00e2n h\u00f3a b\u1ed9 flycam c\u1ee7a m\u00ecnh b\u1eb1ng b\u1ed9 tem d\u00e1n decal chuy\u00ean nghi\u1ec7p t\u1edbi t\u1eeb Sunnylife t\u1ea1i Phukienflytech","og_url":"https:\/\/phukienflytech.vn\/en\/san-pham\/bo-tem-skin-dan-mavic-air-2.html","og_site_name":"Shop M\u00e1y \u1ea3nh - Action Camera - Gimbal - Flycam - Ph\u1ee5 ki\u1ec7n","article_publisher":"https:\/\/facebook.com\/phukienflycam","article_modified_time":"2022-08-25T07:52:40+00:00","og_image":[{"width":600,"height":600,"url":"https:\/\/phukienflytech.vn\/wp-content\/uploads\/2021\/02\/skin-mavic-air-2-TZ440-42-Copy.jpg","type":"image\/jpeg"}],"twitter_card":"summary_large_image","twitter_misc":{"Est. reading time":"3 minutes"},"schema":{"@context":"https:\/\/schema.org","@graph":[{"@type":"WebPage","@id":"https:\/\/phukienflytech.vn\/en\/san-pham\/bo-tem-skin-dan-mavic-air-2.html","url":"https:\/\/phukienflytech.vn\/en\/san-pham\/bo-tem-skin-dan-mavic-air-2.html","name":"B\u1ed9 tem Skin d\u00e1n Mavic Air 2 - Sunnylife - T\u0103ng th\u1ea9m m\u1ef9 cho flycam","isPartOf":{"@id":"https:\/\/phukienflytech.vn\/#website"},"primaryImageOfPage":{"@id":"https:\/\/phukienflytech.vn\/en\/san-pham\/bo-tem-skin-dan-mavic-air-2.html#primaryimage"},"image":{"@id":"https:\/\/phukienflytech.vn\/en\/san-pham\/bo-tem-skin-dan-mavic-air-2.html#primaryimage"},"thumbnailUrl":"https:\/\/phukienflytech.vn\/wp-content\/uploads\/2021\/02\/skin-mavic-air-2-TZ440-42-Copy.jpg","datePublished":"2021-02-27T08:37:37+00:00","dateModified":"2022-08-25T07:52:40+00:00","description":"B\u1ed9 tem Skin Mavic Air 2 - Sunnylife. C\u00e1 nh\u00e2n h\u00f3a b\u1ed9 flycam c\u1ee7a m\u00ecnh b\u1eb1ng b\u1ed9 tem d\u00e1n decal chuy\u00ean nghi\u1ec7p t\u1edbi t\u1eeb Sunnylife t\u1ea1i Phukienflytech","breadcrumb":{"@id":"https:\/\/phukienflytech.vn\/en\/san-pham\/bo-tem-skin-dan-mavic-air-2.html#breadcrumb"},"inLanguage":"en-US","potentialAction":[{"@type":"ReadAction","target":["https:\/\/phukienflytech.vn\/en\/san-pham\/bo-tem-skin-dan-mavic-air-2.html"]}]},{"@type":"ImageObject","inLanguage":"en-US","@id":"https:\/\/phukienflytech.vn\/en\/san-pham\/bo-tem-skin-dan-mavic-air-2.html#primaryimage","url":"https:\/\/phukienflytech.vn\/wp-content\/uploads\/2021\/02\/skin-mavic-air-2-TZ440-42-Copy.jpg","contentUrl":"https:\/\/phukienflytech.vn\/wp-content\/uploads\/2021\/02\/skin-mavic-air-2-TZ440-42-Copy.jpg","width":600,"height":600},{"@type":"BreadcrumbList","@id":"https:\/\/phukienflytech.vn\/en\/san-pham\/bo-tem-skin-dan-mavic-air-2.html#breadcrumb","itemListElement":[{"@type":"ListItem","position":1,"name":"Home","item":"https:\/\/phukienflytech.vn\/en"},{"@type":"ListItem","position":2,"name":"Ph\u1ee5 ki\u1ec7n Mavic Pro","item":"https:\/\/phukienflytech.vn\/en\/phu-kien-mavic-pro.html"},{"@type":"ListItem","position":3,"name":"Ph\u1ee5 ki\u1ec7n DJI - Osmo","item":"https:\/\/phukienflytech.vn\/danh-muc\/phu-kien-dji-osmo.html"},{"@type":"ListItem","position":4,"name":"Ph\u1ee5 ki\u1ec7n DJI Mavic Air 2","item":"https:\/\/phukienflytech.vn\/danh-muc\/phu-kien-mavic-air-2.html"},{"@type":"ListItem","position":5,"name":"B\u1ed9 tem Skin d\u00e1n &#8211; Mavic Air 2"}]},{"@type":"WebSite","@id":"https:\/\/phukienflytech.vn\/#website","url":"https:\/\/phukienflytech.vn\/","name":"Shop M\u00e1y \u1ea3nh - Action Camera - Gimbal - Flycam - Ph\u1ee5 ki\u1ec7n","description":"Shop M\u00e1y \u1ea3nh - Action Camera - Gimbal - Flycam - Ph\u1ee5 ki\u1ec7n","publisher":{"@id":"https:\/\/phukienflytech.vn\/#organization"},"potentialAction":[{"@type":"SearchAction","target":{"@type":"EntryPoint","urlTemplate":"https:\/\/phukienflytech.vn\/?s={search_term_string}"},"query-input":{"@type":"PropertyValueSpecification","valueRequired":true,"valueName":"search_term_string"}}],"inLanguage":"en-US"},{"@type":"Organization","@id":"https:\/\/phukienflytech.vn\/#organization","name":"DJI Store - Shop Drone, Action camera, Gimbal DJI |Phukienflytech","alternateName":"DJI Store - Shop Drone, Action camera, Gimbal DJI |Phukienflytech","url":"https:\/\/phukienflytech.vn\/","logo":{"@type":"ImageObject","inLanguage":"en-US","@id":"https:\/\/phukienflytech.vn\/#\/schema\/logo\/image\/","url":"https:\/\/phukienflytech.vn\/wp-content\/uploads\/2020\/05\/hAnh_nan.jpg1_.jpg","contentUrl":"https:\/\/phukienflytech.vn\/wp-content\/uploads\/2020\/05\/hAnh_nan.jpg1_.jpg","width":800,"height":450,"caption":"DJI Store - Shop Drone, Action camera, Gimbal DJI |Phukienflytech"},"image":{"@id":"https:\/\/phukienflytech.vn\/#\/schema\/logo\/image\/"},"sameAs":["https:\/\/facebook.com\/phukienflycam","https:\/\/www.youtube.com\/@phukienflytech","https:\/\/www.tiktok.com\/@flytech.channel?fbclid=IwY2xjawGjg7BleHRuA2FlbQIxMAABHYVGmlXpuSMs0UB2zTpYvyT4GMVfN2qJa4urF4vkSQ6FAVBwXZtDP30qQA_aem_UwMiDcUvlEbd2tXAmsc8Og"]}]}},"_links":{"self":[{"href":"https:\/\/phukienflytech.vn\/en\/wp-json\/wp\/v2\/product\/21731","targetHints":{"allow":["GET"]}}],"collection":[{"href":"https:\/\/phukienflytech.vn\/en\/wp-json\/wp\/v2\/product"}],"about":[{"href":"https:\/\/phukienflytech.vn\/en\/wp-json\/wp\/v2\/types\/product"}],"replies":[{"embeddable":true,"href":"https:\/\/phukienflytech.vn\/en\/wp-json\/wp\/v2\/comments?post=21731"}],"wp:featuredmedia":[{"embeddable":true,"href":"https:\/\/phukienflytech.vn\/en\/wp-json\/wp\/v2\/media\/21733"}],"wp:attachment":[{"href":"https:\/\/phukienflytech.vn\/en\/wp-json\/wp\/v2\/media?parent=21731"}],"wp:term":[{"taxonomy":"product_brand","embeddable":true,"href":"https:\/\/phukienflytech.vn\/en\/wp-json\/wp\/v2\/product_brand?post=21731"},{"taxonomy":"product_cat","embeddable":true,"href":"https:\/\/phukienflytech.vn\/en\/wp-json\/wp\/v2\/product_cat?post=21731"},{"taxonomy":"product_tag","embeddable":true,"href":"https:\/\/phukienflytech.vn\/en\/wp-json\/wp\/v2\/product_tag?post=21731"}],"curies":[{"name":"wp","href":"https:\/\/api.w.org\/{rel}","templated":true}]}}