{"id":21738,"date":"2021-02-27T10:02:16","date_gmt":"2021-02-27T03:02:16","guid":{"rendered":"https:\/\/phukienflytech.vn\/san-pham\/chup-bao-ve-camera-gimbal-mavic-air-2.html"},"modified":"2022-10-04T10:21:27","modified_gmt":"2022-10-04T03:21:27","slug":"chup-bao-ve-camera-gimbal-mavic-air-2","status":"publish","type":"product","link":"https:\/\/phukienflytech.vn\/en\/san-pham\/chup-bao-ve-camera-gimbal-mavic-air-2.html","title":{"rendered":"Ch\u1ee5p b\u1ea3o v\u1ec7 camera gimbal Mavic Air 2"},"content":{"rendered":"<h2><span style=\"color: #0000ff;\"><strong><span style=\"font-size: 20px;\">Ch\u1ee5p b\u1ea3o v\u1ec7 camera gimbal Mavic Air 2 &#8211; Sunnylife &#8211; Ch\u00ednh h\u00e3ng<\/span><\/strong><\/span><\/h2>\n<p><strong><span style=\"font-size: 17px;\">B\u1ea3o v\u1ec7 camera Mavic Air2<\/span> <\/strong><\/p>\n<p>.<\/p>\n<p><img loading=\"lazy\" decoding=\"async\" class=\"aligncenter wp-image-33324 size-full\" src=\"https:\/\/phukienflytech.vn\/wp-content\/uploads\/2021\/02\/ea68c4e2e1d0a93e621650b00c303729.jpg\" alt=\"B\u1ea3o v\u1ec7 camera Mavic Air2 - Ph\u1ee5 ki\u1ec7n Mavic Air 2 - H\u00e0ng ch\u00ednh h\u00e3ng SunnyLife\u00a0\" width=\"850\" height=\"190\" srcset=\"https:\/\/phukienflytech.vn\/wp-content\/uploads\/2021\/02\/ea68c4e2e1d0a93e621650b00c303729.jpg 850w, https:\/\/phukienflytech.vn\/wp-content\/uploads\/2021\/02\/ea68c4e2e1d0a93e621650b00c303729-800x179.jpg 800w, https:\/\/phukienflytech.vn\/wp-content\/uploads\/2021\/02\/ea68c4e2e1d0a93e621650b00c303729-768x172.jpg 768w, https:\/\/phukienflytech.vn\/wp-content\/uploads\/2021\/02\/ea68c4e2e1d0a93e621650b00c303729-600x134.jpg 600w\" sizes=\"auto, (max-width: 850px) 100vw, 850px\" \/><\/p>\n<p style=\"text-align: center;\"><span style=\"font-size: 14px;\"><strong>Ph\u1ee5 ki\u1ec7n Mavic Air 2 &#8211; H\u00e0ng ch\u00ednh h\u00e3ng SunnyLife\u00a0<\/strong><\/span><\/p>\n<p>.<\/p>\n<h2><span style=\"color: #0000ff;\"><strong><span style=\"font-size: 20px;\">\u270d Gi\u1edbi thi\u1ec7u s\u1ea3n ph\u1ea9m: B\u1ea3o v\u1ec7 camera Mavic Air2\u00a0<\/span><\/strong><\/span><\/h2>\n<div><span style=\"font-size: 17px;\">Camera &amp; Gimbal flycam l\u00e0 linh h\u1ed3n c\u1ee7a chi\u1ebfc flycam. Ch\u00fang ta c\u1ea7n c\u00f3 nh\u1eefng ph\u1ee5 ki\u1ec7n Mavic Air 2 chuy\u00ean d\u1ee5ng \u0111\u1ec3 b\u1ea3o v\u1ec7 gimbal. V\u00e0 s\u1ea3n ph\u1ea9m ch\u1ee5p b\u1ea3o v\u1ec7 camera gimbal Mavic Air 2 s\u1ebd mang l\u1ea1i s\u1ef1 an to\u00e0n tuy\u1ec7t \u0111\u1ed1i cho gimbal flycam c\u1ee7a b\u1ea1n. Ch\u1ee5p b\u1ea3o v\u1ec7 camera mang t\u1edbi kh\u1ea3 n\u0103ng b\u1ea3o v\u1ec7 trong su\u1ed1t qu\u00e1 tr\u00ecnh di chuy\u1ec3n v\u00e0 l\u01b0u tr\u1eef gi\u00fap b\u1ea3o v\u1ec7 cap c\u1ee7a gimbal. Kh\u1ea3 n\u0103ng b\u1ea3o v\u1ec7 to\u00e0n di\u1ec7n xung quang gimbal, ng\u0103n ch\u1eb7n x\u01b0\u1edbc.<\/span><\/div>\n<div>.<\/div>\n<div><img loading=\"lazy\" decoding=\"async\" class=\"aligncenter wp-image-33326 size-full\" src=\"https:\/\/phukienflytech.vn\/wp-content\/uploads\/2021\/02\/Chup-bao-ve-camera-gimbal-mavic-air-2-sunny.jpg\" alt=\"B\u1ea3o v\u1ec7 camera - Gimbal Mavic Air 2\u00a0- B\u1ea3o v\u1ec7 camera Mavic Air2 \" width=\"850\" height=\"850\" srcset=\"https:\/\/phukienflytech.vn\/wp-content\/uploads\/2021\/02\/Chup-bao-ve-camera-gimbal-mavic-air-2-sunny.jpg 850w, https:\/\/phukienflytech.vn\/wp-content\/uploads\/2021\/02\/Chup-bao-ve-camera-gimbal-mavic-air-2-sunny-400x400.jpg 400w, https:\/\/phukienflytech.vn\/wp-content\/uploads\/2021\/02\/Chup-bao-ve-camera-gimbal-mavic-air-2-sunny-800x800.jpg 800w, https:\/\/phukienflytech.vn\/wp-content\/uploads\/2021\/02\/Chup-bao-ve-camera-gimbal-mavic-air-2-sunny-280x280.jpg 280w, https:\/\/phukienflytech.vn\/wp-content\/uploads\/2021\/02\/Chup-bao-ve-camera-gimbal-mavic-air-2-sunny-768x768.jpg 768w, https:\/\/phukienflytech.vn\/wp-content\/uploads\/2021\/02\/Chup-bao-ve-camera-gimbal-mavic-air-2-sunny-300x300.jpg 300w, https:\/\/phukienflytech.vn\/wp-content\/uploads\/2021\/02\/Chup-bao-ve-camera-gimbal-mavic-air-2-sunny-600x600.jpg 600w, https:\/\/phukienflytech.vn\/wp-content\/uploads\/2021\/02\/Chup-bao-ve-camera-gimbal-mavic-air-2-sunny-100x100.jpg 100w\" sizes=\"auto, (max-width: 850px) 100vw, 850px\" \/><\/div>\n<div style=\"text-align: center;\"><strong><span style=\"font-size: 14px;\">B\u1ea3o v\u1ec7 camera &#8211; Gimbal Mavic Air 2\u00a0<\/span><\/strong><\/div>\n<div>.<\/div>\n<h2><strong><span style=\"font-size: 20px; color: #0000ff;\">\u270d M\u00f4 t\u1ea3 s\u1ea3n ph\u1ea9m: B\u1ea3o v\u1ec7 camera Mavic Air2\u00a0<\/span><\/strong><\/h2>\n<div><span style=\"font-size: 17px;\">\u2705 H\u00e3ng s\u1ea3n xu\u1ea5t: SunnyLife<\/span><\/div>\n<div><span style=\"font-size: 17px;\">\u2705 D\u00f9ng cho : Mavic Air 2\u00a0<\/span><\/div>\n<div><span style=\"font-size: 17px;\">\u2705 Ch\u1ea5t li\u1ec7u: Nh\u1ef1a trong su\u1ed1t\u00a0<\/span><\/div>\n<div><span style=\"font-size: 17px;\">\u2705 Kh\u1ed1i l\u01b0\u1ee3ng: 13g<\/span><\/div>\n<div><span style=\"font-size: 17px;\">\u2705 K\u00edch th\u01b0\u1edbc h\u1ed9p \u0111\u00f3ng: 70*54*46 mm<\/span><\/div>\n<div>.<\/div>\n<div style=\"text-align: center;\"><iframe loading=\"lazy\" src=\"\/\/www.youtube.com\/embed\/XWsewYSvhIA\" width=\"850\" height=\"477\" allowfullscreen=\"allowfullscreen\"><\/iframe><\/div>\n<div style=\"text-align: center;\"><span style=\"font-size: 14px;\"><strong>Ngu\u1ed3n : Youtube &#8211; Ph\u1ee5 ki\u1ec7n Flytech Vi\u1ec7t Nam<\/strong><\/span><\/div>\n<div>.<\/div>\n<div><span style=\"font-size: 17px;\">&gt;&gt; Xem th\u00eam:\u00a0<span style=\"color: #0000ff;\"><a style=\"color: #0000ff;\" href=\"https:\/\/phukienflytech.vn\/danh-muc\/phu-kien-mavic-air-2.html\" target=\"_blank\" rel=\"noopener\"><strong>Ph\u1ee5 ki\u1ec7n Mavic Air 2<\/strong><\/a><\/span><\/span><\/div>\n<div>.<\/div>\n<h2><span style=\"color: #0000ff;\"><strong><span style=\"font-size: 20px;\">\u270d C\u00f4ng d\u1ee5ng s\u1ea3n ph\u1ea9m:<\/span><\/strong><\/span><\/h2>\n<div><span style=\"font-size: 17px;\">\u2705 Ch\u1ee5p b\u1ea3o v\u1ec7 camera mang t\u1edbi kh\u1ea3 n\u0103ng b\u1ea3o v\u1ec7 trong su\u1ed1t qu\u00e1 tr\u00ecnh di chuy\u1ec3n v\u00e0 l\u01b0u tr\u1eef gi\u00fap b\u1ea3o v\u1ec7 cap c\u1ee7a gimbal<\/span><\/div>\n<div><span style=\"font-size: 17px;\">\u2705 Kh\u1ea3 n\u0103ng b\u1ea3o v\u1ec7 to\u00e0n di\u1ec7n xung quang gimbal, ng\u0103n ch\u1eb7n x\u01b0\u1edbc<\/span><\/div>\n<div><span style=\"font-size: 17px;\">\u2705 Thi\u1ebft k\u1ebf nh\u1ef1a trong su\u1ed1t, thu\u1eadn ti\u1ec7n cho vi\u1ec7c quan s\u00e1t gimbal \u1edf trong.<\/span><\/div>\n<div>.<\/div>\n<div><img loading=\"lazy\" decoding=\"async\" class=\"aligncenter size-full wp-image-33328\" src=\"https:\/\/phukienflytech.vn\/wp-content\/uploads\/2021\/02\/Chup-bao-ve-camera-gimbal-mavic-air-2-sunnylife2-Copy-Copy-1.jpg\" alt=\"\" width=\"850\" height=\"728\" srcset=\"https:\/\/phukienflytech.vn\/wp-content\/uploads\/2021\/02\/Chup-bao-ve-camera-gimbal-mavic-air-2-sunnylife2-Copy-Copy-1.jpg 850w, https:\/\/phukienflytech.vn\/wp-content\/uploads\/2021\/02\/Chup-bao-ve-camera-gimbal-mavic-air-2-sunnylife2-Copy-Copy-1-467x400.jpg 467w, https:\/\/phukienflytech.vn\/wp-content\/uploads\/2021\/02\/Chup-bao-ve-camera-gimbal-mavic-air-2-sunnylife2-Copy-Copy-1-768x658.jpg 768w, https:\/\/phukienflytech.vn\/wp-content\/uploads\/2021\/02\/Chup-bao-ve-camera-gimbal-mavic-air-2-sunnylife2-Copy-Copy-1-600x514.jpg 600w\" sizes=\"auto, (max-width: 850px) 100vw, 850px\" \/><\/div>\n<div>.<\/div>\n<h2><strong><span style=\"font-size: 20px; color: #0000ff;\">\u270d H\u01b0\u1edbng d\u1eabn b\u1ea3o qu\u1ea3n:<\/span><\/strong><\/h2>\n<div><span style=\"font-size: 17px;\">\u2705 Tr\u00e1nh ti\u1ebfp x\u00fac nhi\u1ec7t \u0111\u1ed9 cao qu\u00e1 80 \u0111\u1ed9 C<\/span><\/div>\n<div><span style=\"font-size: 17px;\">\u2705 Kh\u00f4ng \u0111\u1eb7t v\u1eadt n\u1eb7ng \u0111\u00e8 l\u00ean s\u1ea3n ph\u1ea9m\u00a0<\/span><\/div>\n<div><span style=\"font-size: 17px;\">\u2705 L\u1eafp \u0111\u1eb7t theo \u0111\u00fang h\u01b0\u1edbng d\u1eabn tr\u00e1nh g\u00e3y h\u1ecfng\u00a0<\/span><\/div>\n<div>.<\/div>\n<div><img loading=\"lazy\" decoding=\"async\" class=\"aligncenter size-full wp-image-33322\" src=\"https:\/\/phukienflytech.vn\/wp-content\/uploads\/2021\/02\/Chup-bao-ve-camera-gimbal-mavic-air-2-sunnylife3-Copy-Copy-1.jpg\" alt=\"\" width=\"850\" height=\"730\" srcset=\"https:\/\/phukienflytech.vn\/wp-content\/uploads\/2021\/02\/Chup-bao-ve-camera-gimbal-mavic-air-2-sunnylife3-Copy-Copy-1.jpg 850w, https:\/\/phukienflytech.vn\/wp-content\/uploads\/2021\/02\/Chup-bao-ve-camera-gimbal-mavic-air-2-sunnylife3-Copy-Copy-1-466x400.jpg 466w, https:\/\/phukienflytech.vn\/wp-content\/uploads\/2021\/02\/Chup-bao-ve-camera-gimbal-mavic-air-2-sunnylife3-Copy-Copy-1-768x660.jpg 768w, https:\/\/phukienflytech.vn\/wp-content\/uploads\/2021\/02\/Chup-bao-ve-camera-gimbal-mavic-air-2-sunnylife3-Copy-Copy-1-600x515.jpg 600w\" sizes=\"auto, (max-width: 850px) 100vw, 850px\" \/><\/div>\n<div>.<\/div>\n<div>\n<h2><strong><span style=\"font-size: 20px; color: #0000ff;\">\u270d <\/span><\/strong><span style=\"font-size: 20px; color: #0000ff;\"><strong>Mua ph\u1ee5 ki\u1ec7n Mavic Air 2 ch\u00ednh h\u00e3ng \u1edf \u0111\u00e2u?<\/strong><\/span><\/h2>\n<p><span style=\"font-size: 17px;\"><strong>Phukienflytech<\/strong>\u00a0l\u00e0 1 trong nh\u1eefng \u0111\u1ecba ch\u1ec9 uy t\u00edn \u0111\u1ec3 c\u00e1c b\u1ea1n c\u00f3 th\u1ec3 tin t\u01b0\u1edfng v\u00e0 mua ph\u1ee5 ki\u1ec7n ch\u00ednh h\u00e3ng.\u00a0 Ch\u00fang t\u00f4i lu\u00f4n \u0111\u1eb7t quy\u1ec1n l\u1ee3i c\u1ee7a kh\u00e1ch h\u00e0ng l\u00ean h\u00e0ng \u0111\u1ea7u, ngo\u00e0i c\u00e1nh gi\u1ea3m \u1ed3n.<strong>\u00a0Phukienflytech<\/strong>\u00a0c\u00f2n chung c\u1ea5p nhi\u1ec1u ph\u1ee5 ki\u1ec7n flycam DJI kh\u00e1c.<\/span><\/p>\n<p><span style=\"font-size: 17px;\">Kh\u00f4ng ch\u1ec9 nh\u1eefng s\u1ea3n ph\u1ea9m ph\u1ee5 ki\u1ec7n ch\u00ednh h\u00e3ng DJI FPV Drone. Ch\u00fang t\u00f4i c\u0169ng ph\u00e2n ph\u1ed1i c\u00e1c d\u00f2ng s\u1ea3n ph\u1ea9m ph\u1ee5 ki\u1ec7n c\u1ee7a DJI Mavic 2, DJI Phantom, DJI Spark,.. ch\u00ednh h\u00e3ng t\u1edbi t\u1eeb DJI, Pgytech v\u00e0 SunnyLife.<\/span><\/p>\n<p><span style=\"font-size: 17px;\">H\u00e3y \u0111\u1ebfn v\u1edbi ph\u1ee5 ki\u1ec7n flycam gi\u00e1 t\u1ed1t \u0111\u1ec3 c\u00f3 \u0111\u01b0\u1ee3c\u00a0m\u1ee9c gi\u00e1 t\u1ed1t v\u00e0 ch\u1ea5t l\u01b0\u1ee3ng \u0111\u1ea3m b\u1ea3o.<\/span><\/p>\n<p><span style=\"font-size: 17px;\">&gt;&gt; Li\u00ean h\u1ec7 v\u1edbi ch\u00fang t\u00f4i qua:\u00a0<strong>Fanpage:\u00a0<\/strong><span style=\"color: #0000ff;\"><a style=\"color: #0000ff;\" href=\"https:\/\/www.facebook.com\/phukienflycam\" target=\"_blank\" rel=\"noopener\"><strong>Ph\u1ee5 ki\u1ec7n flycam gi\u00e1 t\u1ed1t\u00a0<\/strong><\/a><\/span><\/span><\/p>\n<\/div>\n","protected":false},"excerpt":{"rendered":"<p>Ch\u1ee5p b\u1ea3o v\u1ec7 camera gimbal Mavic Air 2 &#8211; Sunnylife &#8211; Ch\u00ednh h\u00e3ng B\u1ea3o v\u1ec7 camera Mavic Air2 . Ph\u1ee5 ki\u1ec7n Mavic Air 2 &#8211; H\u00e0ng ch\u00ednh h\u00e3ng SunnyLife\u00a0 . \u270d Gi\u1edbi thi\u1ec7u s\u1ea3n ph\u1ea9m: B\u1ea3o v\u1ec7 camera Mavic Air2\u00a0 Camera &amp; Gimbal flycam l\u00e0 linh h\u1ed3n c\u1ee7a chi\u1ebfc flycam. Ch\u00fang ta c\u1ea7n c\u00f3 nh\u1eefng &#8230;<\/p>\n","protected":false},"featured_media":21740,"comment_status":"open","ping_status":"closed","template":"","meta":{"_acf_changed":false},"product_brand":[],"product_cat":[199],"product_tag":[],"class_list":{"0":"post-21738","1":"product","2":"type-product","3":"status-publish","4":"has-post-thumbnail","6":"product_cat-mavic-air-2-accessory","8":"first","9":"instock","10":"shipping-taxable","11":"purchasable","12":"product-type-simple"},"acf":[],"yoast_head":"<!-- This site is optimized with the Yoast SEO plugin v25.7 - https:\/\/yoast.com\/wordpress\/plugins\/seo\/ -->\n<title>B\u1ea3o v\u1ec7 camera Mavic Air2 - Sunnylife - C\u1ed1 \u0111\u1ecbnh gimbal ch\u1eafc ch\u1eafn<\/title>\n<meta name=\"description\" content=\"Ch\u1ee5p B\u1ea3o v\u1ec7 camera Mavic Air2 &amp; gimbal - Sunnylife, c\u1ed1 \u0111\u1ecbnh gimbal c\u00f4ng d\u1ee5ng 2 trong 1, chuy\u00ean nghi\u1ec7p. Mua ngay t\u1ea1i Phukienflytech\" \/>\n<meta name=\"robots\" content=\"index, follow, max-snippet:-1, max-image-preview:large, max-video-preview:-1\" \/>\n<link rel=\"canonical\" href=\"https:\/\/phukienflytech.vn\/en\/san-pham\/chup-bao-ve-camera-gimbal-mavic-air-2.html\" \/>\n<meta property=\"og:locale\" content=\"en_US\" \/>\n<meta property=\"og:type\" content=\"article\" \/>\n<meta property=\"og:title\" content=\"B\u1ea3o v\u1ec7 camera Mavic Air2 - Sunnylife - C\u1ed1 \u0111\u1ecbnh gimbal ch\u1eafc ch\u1eafn\" \/>\n<meta property=\"og:description\" content=\"Ch\u1ee5p B\u1ea3o v\u1ec7 camera Mavic Air2 &amp; gimbal - Sunnylife, c\u1ed1 \u0111\u1ecbnh gimbal c\u00f4ng d\u1ee5ng 2 trong 1, chuy\u00ean nghi\u1ec7p. Mua ngay t\u1ea1i Phukienflytech\" \/>\n<meta property=\"og:url\" content=\"https:\/\/phukienflytech.vn\/en\/san-pham\/chup-bao-ve-camera-gimbal-mavic-air-2.html\" \/>\n<meta property=\"og:site_name\" content=\"Shop M\u00e1y \u1ea3nh - Action Camera - Gimbal - Flycam - Ph\u1ee5 ki\u1ec7n\" \/>\n<meta property=\"article:publisher\" content=\"https:\/\/facebook.com\/phukienflycam\" \/>\n<meta property=\"article:modified_time\" content=\"2022-10-04T03:21:27+00:00\" \/>\n<meta property=\"og:image\" content=\"https:\/\/phukienflytech.vn\/wp-content\/uploads\/2021\/02\/Chup-bao-ve-camera-gimbal-mavic-air-2-sunnylife3-3-Copy.jpg\" \/>\n\t<meta property=\"og:image:width\" content=\"600\" \/>\n\t<meta property=\"og:image:height\" content=\"600\" \/>\n\t<meta property=\"og:image:type\" content=\"image\/jpeg\" \/>\n<meta name=\"twitter:card\" content=\"summary_large_image\" \/>\n<meta name=\"twitter:label1\" content=\"Est. reading time\" \/>\n\t<meta name=\"twitter:data1\" content=\"3 minutes\" \/>\n<script type=\"application\/ld+json\" class=\"yoast-schema-graph\">{\"@context\":\"https:\/\/schema.org\",\"@graph\":[{\"@type\":\"WebPage\",\"@id\":\"https:\/\/phukienflytech.vn\/en\/san-pham\/chup-bao-ve-camera-gimbal-mavic-air-2.html\",\"url\":\"https:\/\/phukienflytech.vn\/en\/san-pham\/chup-bao-ve-camera-gimbal-mavic-air-2.html\",\"name\":\"B\u1ea3o v\u1ec7 camera Mavic Air2 - Sunnylife - C\u1ed1 \u0111\u1ecbnh gimbal ch\u1eafc ch\u1eafn\",\"isPartOf\":{\"@id\":\"https:\/\/phukienflytech.vn\/#website\"},\"primaryImageOfPage\":{\"@id\":\"https:\/\/phukienflytech.vn\/en\/san-pham\/chup-bao-ve-camera-gimbal-mavic-air-2.html#primaryimage\"},\"image\":{\"@id\":\"https:\/\/phukienflytech.vn\/en\/san-pham\/chup-bao-ve-camera-gimbal-mavic-air-2.html#primaryimage\"},\"thumbnailUrl\":\"https:\/\/phukienflytech.vn\/wp-content\/uploads\/2021\/02\/Chup-bao-ve-camera-gimbal-mavic-air-2-sunnylife3-3-Copy.jpg\",\"datePublished\":\"2021-02-27T03:02:16+00:00\",\"dateModified\":\"2022-10-04T03:21:27+00:00\",\"description\":\"Ch\u1ee5p B\u1ea3o v\u1ec7 camera Mavic Air2 & gimbal - Sunnylife, c\u1ed1 \u0111\u1ecbnh gimbal c\u00f4ng d\u1ee5ng 2 trong 1, chuy\u00ean nghi\u1ec7p. Mua ngay t\u1ea1i Phukienflytech\",\"breadcrumb\":{\"@id\":\"https:\/\/phukienflytech.vn\/en\/san-pham\/chup-bao-ve-camera-gimbal-mavic-air-2.html#breadcrumb\"},\"inLanguage\":\"en-US\",\"potentialAction\":[{\"@type\":\"ReadAction\",\"target\":[\"https:\/\/phukienflytech.vn\/en\/san-pham\/chup-bao-ve-camera-gimbal-mavic-air-2.html\"]}]},{\"@type\":\"ImageObject\",\"inLanguage\":\"en-US\",\"@id\":\"https:\/\/phukienflytech.vn\/en\/san-pham\/chup-bao-ve-camera-gimbal-mavic-air-2.html#primaryimage\",\"url\":\"https:\/\/phukienflytech.vn\/wp-content\/uploads\/2021\/02\/Chup-bao-ve-camera-gimbal-mavic-air-2-sunnylife3-3-Copy.jpg\",\"contentUrl\":\"https:\/\/phukienflytech.vn\/wp-content\/uploads\/2021\/02\/Chup-bao-ve-camera-gimbal-mavic-air-2-sunnylife3-3-Copy.jpg\",\"width\":600,\"height\":600},{\"@type\":\"BreadcrumbList\",\"@id\":\"https:\/\/phukienflytech.vn\/en\/san-pham\/chup-bao-ve-camera-gimbal-mavic-air-2.html#breadcrumb\",\"itemListElement\":[{\"@type\":\"ListItem\",\"position\":1,\"name\":\"Home\",\"item\":\"https:\/\/phukienflytech.vn\/en\"},{\"@type\":\"ListItem\",\"position\":2,\"name\":\"Ph\u1ee5 ki\u1ec7n Mavic Pro\",\"item\":\"https:\/\/phukienflytech.vn\/en\/phu-kien-mavic-pro.html\"},{\"@type\":\"ListItem\",\"position\":3,\"name\":\"Ph\u1ee5 ki\u1ec7n DJI - Osmo\",\"item\":\"https:\/\/phukienflytech.vn\/danh-muc\/phu-kien-dji-osmo.html\"},{\"@type\":\"ListItem\",\"position\":4,\"name\":\"Ph\u1ee5 ki\u1ec7n DJI Mavic Air 2\",\"item\":\"https:\/\/phukienflytech.vn\/danh-muc\/phu-kien-mavic-air-2.html\"},{\"@type\":\"ListItem\",\"position\":5,\"name\":\"Ch\u1ee5p b\u1ea3o v\u1ec7 camera gimbal Mavic Air 2\"}]},{\"@type\":\"WebSite\",\"@id\":\"https:\/\/phukienflytech.vn\/#website\",\"url\":\"https:\/\/phukienflytech.vn\/\",\"name\":\"Shop M\u00e1y \u1ea3nh - Action Camera - Gimbal - Flycam - Ph\u1ee5 ki\u1ec7n\",\"description\":\"Shop M\u00e1y \u1ea3nh - Action Camera - Gimbal - Flycam - Ph\u1ee5 ki\u1ec7n\",\"publisher\":{\"@id\":\"https:\/\/phukienflytech.vn\/#organization\"},\"potentialAction\":[{\"@type\":\"SearchAction\",\"target\":{\"@type\":\"EntryPoint\",\"urlTemplate\":\"https:\/\/phukienflytech.vn\/?s={search_term_string}\"},\"query-input\":{\"@type\":\"PropertyValueSpecification\",\"valueRequired\":true,\"valueName\":\"search_term_string\"}}],\"inLanguage\":\"en-US\"},{\"@type\":\"Organization\",\"@id\":\"https:\/\/phukienflytech.vn\/#organization\",\"name\":\"DJI Store - Shop Drone, Action camera, Gimbal DJI |Phukienflytech\",\"alternateName\":\"DJI Store - Shop Drone, Action camera, Gimbal DJI |Phukienflytech\",\"url\":\"https:\/\/phukienflytech.vn\/\",\"logo\":{\"@type\":\"ImageObject\",\"inLanguage\":\"en-US\",\"@id\":\"https:\/\/phukienflytech.vn\/#\/schema\/logo\/image\/\",\"url\":\"https:\/\/phukienflytech.vn\/wp-content\/uploads\/2020\/05\/hAnh_nan.jpg1_.jpg\",\"contentUrl\":\"https:\/\/phukienflytech.vn\/wp-content\/uploads\/2020\/05\/hAnh_nan.jpg1_.jpg\",\"width\":800,\"height\":450,\"caption\":\"DJI Store - Shop Drone, Action camera, Gimbal DJI |Phukienflytech\"},\"image\":{\"@id\":\"https:\/\/phukienflytech.vn\/#\/schema\/logo\/image\/\"},\"sameAs\":[\"https:\/\/facebook.com\/phukienflycam\",\"https:\/\/www.youtube.com\/@phukienflytech\",\"https:\/\/www.tiktok.com\/@flytech.channel?fbclid=IwY2xjawGjg7BleHRuA2FlbQIxMAABHYVGmlXpuSMs0UB2zTpYvyT4GMVfN2qJa4urF4vkSQ6FAVBwXZtDP30qQA_aem_UwMiDcUvlEbd2tXAmsc8Og\"]}]}<\/script>\n<!-- \/ Yoast SEO plugin. -->","yoast_head_json":{"title":"B\u1ea3o v\u1ec7 camera Mavic Air2 - Sunnylife - C\u1ed1 \u0111\u1ecbnh gimbal ch\u1eafc ch\u1eafn","description":"Ch\u1ee5p B\u1ea3o v\u1ec7 camera Mavic Air2 & gimbal - Sunnylife, c\u1ed1 \u0111\u1ecbnh gimbal c\u00f4ng d\u1ee5ng 2 trong 1, chuy\u00ean nghi\u1ec7p. Mua ngay t\u1ea1i Phukienflytech","robots":{"index":"index","follow":"follow","max-snippet":"max-snippet:-1","max-image-preview":"max-image-preview:large","max-video-preview":"max-video-preview:-1"},"canonical":"https:\/\/phukienflytech.vn\/en\/san-pham\/chup-bao-ve-camera-gimbal-mavic-air-2.html","og_locale":"en_US","og_type":"article","og_title":"B\u1ea3o v\u1ec7 camera Mavic Air2 - Sunnylife - C\u1ed1 \u0111\u1ecbnh gimbal ch\u1eafc ch\u1eafn","og_description":"Ch\u1ee5p B\u1ea3o v\u1ec7 camera Mavic Air2 & gimbal - Sunnylife, c\u1ed1 \u0111\u1ecbnh gimbal c\u00f4ng d\u1ee5ng 2 trong 1, chuy\u00ean nghi\u1ec7p. Mua ngay t\u1ea1i Phukienflytech","og_url":"https:\/\/phukienflytech.vn\/en\/san-pham\/chup-bao-ve-camera-gimbal-mavic-air-2.html","og_site_name":"Shop M\u00e1y \u1ea3nh - Action Camera - Gimbal - Flycam - Ph\u1ee5 ki\u1ec7n","article_publisher":"https:\/\/facebook.com\/phukienflycam","article_modified_time":"2022-10-04T03:21:27+00:00","og_image":[{"width":600,"height":600,"url":"https:\/\/phukienflytech.vn\/wp-content\/uploads\/2021\/02\/Chup-bao-ve-camera-gimbal-mavic-air-2-sunnylife3-3-Copy.jpg","type":"image\/jpeg"}],"twitter_card":"summary_large_image","twitter_misc":{"Est. reading time":"3 minutes"},"schema":{"@context":"https:\/\/schema.org","@graph":[{"@type":"WebPage","@id":"https:\/\/phukienflytech.vn\/en\/san-pham\/chup-bao-ve-camera-gimbal-mavic-air-2.html","url":"https:\/\/phukienflytech.vn\/en\/san-pham\/chup-bao-ve-camera-gimbal-mavic-air-2.html","name":"B\u1ea3o v\u1ec7 camera Mavic Air2 - Sunnylife - C\u1ed1 \u0111\u1ecbnh gimbal ch\u1eafc ch\u1eafn","isPartOf":{"@id":"https:\/\/phukienflytech.vn\/#website"},"primaryImageOfPage":{"@id":"https:\/\/phukienflytech.vn\/en\/san-pham\/chup-bao-ve-camera-gimbal-mavic-air-2.html#primaryimage"},"image":{"@id":"https:\/\/phukienflytech.vn\/en\/san-pham\/chup-bao-ve-camera-gimbal-mavic-air-2.html#primaryimage"},"thumbnailUrl":"https:\/\/phukienflytech.vn\/wp-content\/uploads\/2021\/02\/Chup-bao-ve-camera-gimbal-mavic-air-2-sunnylife3-3-Copy.jpg","datePublished":"2021-02-27T03:02:16+00:00","dateModified":"2022-10-04T03:21:27+00:00","description":"Ch\u1ee5p B\u1ea3o v\u1ec7 camera Mavic Air2 & gimbal - Sunnylife, c\u1ed1 \u0111\u1ecbnh gimbal c\u00f4ng d\u1ee5ng 2 trong 1, chuy\u00ean nghi\u1ec7p. Mua ngay t\u1ea1i Phukienflytech","breadcrumb":{"@id":"https:\/\/phukienflytech.vn\/en\/san-pham\/chup-bao-ve-camera-gimbal-mavic-air-2.html#breadcrumb"},"inLanguage":"en-US","potentialAction":[{"@type":"ReadAction","target":["https:\/\/phukienflytech.vn\/en\/san-pham\/chup-bao-ve-camera-gimbal-mavic-air-2.html"]}]},{"@type":"ImageObject","inLanguage":"en-US","@id":"https:\/\/phukienflytech.vn\/en\/san-pham\/chup-bao-ve-camera-gimbal-mavic-air-2.html#primaryimage","url":"https:\/\/phukienflytech.vn\/wp-content\/uploads\/2021\/02\/Chup-bao-ve-camera-gimbal-mavic-air-2-sunnylife3-3-Copy.jpg","contentUrl":"https:\/\/phukienflytech.vn\/wp-content\/uploads\/2021\/02\/Chup-bao-ve-camera-gimbal-mavic-air-2-sunnylife3-3-Copy.jpg","width":600,"height":600},{"@type":"BreadcrumbList","@id":"https:\/\/phukienflytech.vn\/en\/san-pham\/chup-bao-ve-camera-gimbal-mavic-air-2.html#breadcrumb","itemListElement":[{"@type":"ListItem","position":1,"name":"Home","item":"https:\/\/phukienflytech.vn\/en"},{"@type":"ListItem","position":2,"name":"Ph\u1ee5 ki\u1ec7n Mavic Pro","item":"https:\/\/phukienflytech.vn\/en\/phu-kien-mavic-pro.html"},{"@type":"ListItem","position":3,"name":"Ph\u1ee5 ki\u1ec7n DJI - Osmo","item":"https:\/\/phukienflytech.vn\/danh-muc\/phu-kien-dji-osmo.html"},{"@type":"ListItem","position":4,"name":"Ph\u1ee5 ki\u1ec7n DJI Mavic Air 2","item":"https:\/\/phukienflytech.vn\/danh-muc\/phu-kien-mavic-air-2.html"},{"@type":"ListItem","position":5,"name":"Ch\u1ee5p b\u1ea3o v\u1ec7 camera gimbal Mavic Air 2"}]},{"@type":"WebSite","@id":"https:\/\/phukienflytech.vn\/#website","url":"https:\/\/phukienflytech.vn\/","name":"Shop M\u00e1y \u1ea3nh - Action Camera - Gimbal - Flycam - Ph\u1ee5 ki\u1ec7n","description":"Shop M\u00e1y \u1ea3nh - Action Camera - Gimbal - Flycam - Ph\u1ee5 ki\u1ec7n","publisher":{"@id":"https:\/\/phukienflytech.vn\/#organization"},"potentialAction":[{"@type":"SearchAction","target":{"@type":"EntryPoint","urlTemplate":"https:\/\/phukienflytech.vn\/?s={search_term_string}"},"query-input":{"@type":"PropertyValueSpecification","valueRequired":true,"valueName":"search_term_string"}}],"inLanguage":"en-US"},{"@type":"Organization","@id":"https:\/\/phukienflytech.vn\/#organization","name":"DJI Store - Shop Drone, Action camera, Gimbal DJI |Phukienflytech","alternateName":"DJI Store - Shop Drone, Action camera, Gimbal DJI |Phukienflytech","url":"https:\/\/phukienflytech.vn\/","logo":{"@type":"ImageObject","inLanguage":"en-US","@id":"https:\/\/phukienflytech.vn\/#\/schema\/logo\/image\/","url":"https:\/\/phukienflytech.vn\/wp-content\/uploads\/2020\/05\/hAnh_nan.jpg1_.jpg","contentUrl":"https:\/\/phukienflytech.vn\/wp-content\/uploads\/2020\/05\/hAnh_nan.jpg1_.jpg","width":800,"height":450,"caption":"DJI Store - Shop Drone, Action camera, Gimbal DJI |Phukienflytech"},"image":{"@id":"https:\/\/phukienflytech.vn\/#\/schema\/logo\/image\/"},"sameAs":["https:\/\/facebook.com\/phukienflycam","https:\/\/www.youtube.com\/@phukienflytech","https:\/\/www.tiktok.com\/@flytech.channel?fbclid=IwY2xjawGjg7BleHRuA2FlbQIxMAABHYVGmlXpuSMs0UB2zTpYvyT4GMVfN2qJa4urF4vkSQ6FAVBwXZtDP30qQA_aem_UwMiDcUvlEbd2tXAmsc8Og"]}]}},"_links":{"self":[{"href":"https:\/\/phukienflytech.vn\/en\/wp-json\/wp\/v2\/product\/21738","targetHints":{"allow":["GET"]}}],"collection":[{"href":"https:\/\/phukienflytech.vn\/en\/wp-json\/wp\/v2\/product"}],"about":[{"href":"https:\/\/phukienflytech.vn\/en\/wp-json\/wp\/v2\/types\/product"}],"replies":[{"embeddable":true,"href":"https:\/\/phukienflytech.vn\/en\/wp-json\/wp\/v2\/comments?post=21738"}],"wp:featuredmedia":[{"embeddable":true,"href":"https:\/\/phukienflytech.vn\/en\/wp-json\/wp\/v2\/media\/21740"}],"wp:attachment":[{"href":"https:\/\/phukienflytech.vn\/en\/wp-json\/wp\/v2\/media?parent=21738"}],"wp:term":[{"taxonomy":"product_brand","embeddable":true,"href":"https:\/\/phukienflytech.vn\/en\/wp-json\/wp\/v2\/product_brand?post=21738"},{"taxonomy":"product_cat","embeddable":true,"href":"https:\/\/phukienflytech.vn\/en\/wp-json\/wp\/v2\/product_cat?post=21738"},{"taxonomy":"product_tag","embeddable":true,"href":"https:\/\/phukienflytech.vn\/en\/wp-json\/wp\/v2\/product_tag?post=21738"}],"curies":[{"name":"wp","href":"https:\/\/api.w.org\/{rel}","templated":true}]}}