{"id":21741,"date":"2021-02-27T10:07:01","date_gmt":"2021-02-27T03:07:01","guid":{"rendered":"https:\/\/phukienflytech.vn\/san-pham\/canh-mavic-air-2-sunnylife-best-similar.html"},"modified":"2022-10-04T10:21:58","modified_gmt":"2022-10-04T03:21:58","slug":"canh-mavic-air-2-sunnylife-best-similar","status":"publish","type":"product","link":"https:\/\/phukienflytech.vn\/en\/san-pham\/canh-mavic-air-2-sunnylife-best-similar.html","title":{"rendered":"C\u00e1nh Mavic Air 2 &#8211; Sunnylife (Best similar)"},"content":{"rendered":"<h2 style=\"text-align: justify;\"><span style=\"font-size: 20px; color: #0000ff;\"><strong>C\u00e1nh Mavic Air 2 &#8211; Sunnylife (Best similar)<\/strong><\/span><\/h2>\n<p><em><strong>C\u00e1nh Mavic Air 2 &#8211; SunnyLife<\/strong> <\/em><\/p>\n<p><span style=\"font-size: 17px;\">.<\/span><\/p>\n<p><img loading=\"lazy\" decoding=\"async\" class=\"aligncenter wp-image-31719 size-full\" src=\"https:\/\/phukienflytech.vn\/wp-content\/uploads\/2021\/02\/71C3M4o1m8L._AC_SX425_.jpg\" alt=\"C\u00e1nh d\u1ef1 ph\u00f2ng, thay th\u1ebf c\u00e1nh c\u0169 Mavic Air 2\u00a0- C\u00e1nh Mavic Air2 ch\u00ednh h\u00e3ng SunnyLife \" width=\"850\" height=\"850\" srcset=\"https:\/\/phukienflytech.vn\/wp-content\/uploads\/2021\/02\/71C3M4o1m8L._AC_SX425_.jpg 850w, https:\/\/phukienflytech.vn\/wp-content\/uploads\/2021\/02\/71C3M4o1m8L._AC_SX425_-400x400.jpg 400w, https:\/\/phukienflytech.vn\/wp-content\/uploads\/2021\/02\/71C3M4o1m8L._AC_SX425_-800x800.jpg 800w, https:\/\/phukienflytech.vn\/wp-content\/uploads\/2021\/02\/71C3M4o1m8L._AC_SX425_-280x280.jpg 280w, https:\/\/phukienflytech.vn\/wp-content\/uploads\/2021\/02\/71C3M4o1m8L._AC_SX425_-768x768.jpg 768w, https:\/\/phukienflytech.vn\/wp-content\/uploads\/2021\/02\/71C3M4o1m8L._AC_SX425_-300x300.jpg 300w, https:\/\/phukienflytech.vn\/wp-content\/uploads\/2021\/02\/71C3M4o1m8L._AC_SX425_-600x600.jpg 600w, https:\/\/phukienflytech.vn\/wp-content\/uploads\/2021\/02\/71C3M4o1m8L._AC_SX425_-100x100.jpg 100w\" sizes=\"auto, (max-width: 850px) 100vw, 850px\" \/><\/p>\n<h3 style=\"text-align: center;\"><span style=\"font-size: 14px;\"><strong>C\u00e1nh d\u1ef1 ph\u00f2ng, thay th\u1ebf c\u00e1nh c\u0169 Mavic Air 2\u00a0<\/strong><\/span><\/h3>\n<p><span style=\"font-size: 17px;\">.<\/span><\/p>\n<h2><span style=\"font-size: 17px; color: #0000ff;\"><strong><span style=\"font-size: 20px;\">\u270d Gi\u1edbi thi\u1ec7u s\u1ea3n ph\u1ea9m: C\u00e1nh Mavic Air 2 &#8211; SunnyLife <\/span><\/strong><\/span><\/h2>\n<p style=\"text-align: justify;\"><span style=\"font-size: 17px;\"><strong>DJI Mavic Air 2 <\/strong>\u00a0l\u00e0 s\u1ea3n ph\u1ea9m m\u1edbi nh\u1ea5t \u0111\u01b0\u1ee3c DJI tr\u00ecnh l\u00e0ng trong n\u0103m 2020. \u0110i k\u00e8m l\u00e0 h\u1ec7 th\u1ed1ng c\u00e1nh qu\u1ea1t m\u1edbi cho ri\u00eang cho ri\u00eang Mavic Air 2. \u0110\u1ec3 gi\u1ea3m thi\u1ec3u ti\u1ebfng \u1ed3n t\u1eeb c\u00e1nh g\u1ed1c trong qu\u00e1 tr\u00ecnh s\u1eed d\u1ee5ng. B\u1ed9 s\u1ea3n ph\u1ea9m C\u00e1nh gi\u1ea3m \u1ed3n 7238F Mavic Air 2 s\u1ebd gi\u00fap b\u1ea1n c\u1ea3i thi\u1ec7n \u0111i\u1ec1u \u0111\u00f3.<\/span><\/p>\n<p><span style=\"font-size: 17px;\">.<\/span><\/p>\n<p><img loading=\"lazy\" decoding=\"async\" class=\"aligncenter wp-image-31721 size-full\" src=\"https:\/\/phukienflytech.vn\/wp-content\/uploads\/2021\/02\/canh-mavic-air-2-chinh-hang-dji-5-Copy.png\" alt=\"Ch\u1ea5t li\u1ec7u nh\u1ef1a - B\u1ec1n b\u1ec9 - D\u1ec5 d\u00e0ng s\u1eed d\u1ee5ng - C\u00e1nh Mavic Air2 ch\u00ednh h\u00e3ng SunnyLife \" width=\"850\" height=\"850\" srcset=\"https:\/\/phukienflytech.vn\/wp-content\/uploads\/2021\/02\/canh-mavic-air-2-chinh-hang-dji-5-Copy.png 850w, https:\/\/phukienflytech.vn\/wp-content\/uploads\/2021\/02\/canh-mavic-air-2-chinh-hang-dji-5-Copy-400x400.png 400w, https:\/\/phukienflytech.vn\/wp-content\/uploads\/2021\/02\/canh-mavic-air-2-chinh-hang-dji-5-Copy-800x800.png 800w, https:\/\/phukienflytech.vn\/wp-content\/uploads\/2021\/02\/canh-mavic-air-2-chinh-hang-dji-5-Copy-280x280.png 280w, https:\/\/phukienflytech.vn\/wp-content\/uploads\/2021\/02\/canh-mavic-air-2-chinh-hang-dji-5-Copy-768x768.png 768w, https:\/\/phukienflytech.vn\/wp-content\/uploads\/2021\/02\/canh-mavic-air-2-chinh-hang-dji-5-Copy-300x300.png 300w, https:\/\/phukienflytech.vn\/wp-content\/uploads\/2021\/02\/canh-mavic-air-2-chinh-hang-dji-5-Copy-600x600.png 600w, https:\/\/phukienflytech.vn\/wp-content\/uploads\/2021\/02\/canh-mavic-air-2-chinh-hang-dji-5-Copy-100x100.png 100w\" sizes=\"auto, (max-width: 850px) 100vw, 850px\" \/><\/p>\n<p style=\"text-align: center;\"><span style=\"font-size: 14px;\"><strong>Ch\u1ea5t li\u1ec7u nh\u1ef1a &#8211; B\u1ec1n b\u1ec9 &#8211; D\u1ec5 d\u00e0ng s\u1eed d\u1ee5ng<\/strong><\/span><\/p>\n<p><span style=\"font-size: 17px;\">.<\/span><\/p>\n<p><span style=\"font-size: 20px; color: #0000ff;\"><strong>\u270d M\u00f4 t\u1ea3 s\u1ea3n ph\u1ea9m: Carbon Propellers Mavic Air 2\u00a0\u00a0<\/strong><\/span><\/p>\n<div><span style=\"font-size: 17px; color: #000000;\">\u2705 H\u00e3ng s\u1ea3n xu\u1ea5t: SunnyLife\u00a0<\/span><\/div>\n<div><span style=\"font-size: 17px; color: #000000;\">\u2705 Th\u00edch h\u1ee3p : Mavic Air 2\u00a0<\/span><\/div>\n<div><span style=\"font-size: 17px; color: #000000;\">\u2705 Ch\u1ea5t li\u1ec7u: Nh\u1ef1a d\u1ebbo<\/span><\/div>\n<div><span style=\"font-size: 17px; color: #000000;\">\u2705 M\u00e0u : \u0110en \u00f3ng vi\u1ec1n x\u00e1m<\/span><\/div>\n<div><span style=\"font-size: 17px; color: #000000;\">\u2705 B\u00ean trong g\u1ed3m : 2 c\u00e1nh ngh\u1ecbch \u0111\u1ea3o Mavic Air 2\u00a0<\/span><\/div>\n<div>.<\/div>\n<div><img loading=\"lazy\" decoding=\"async\" class=\"aligncenter size-full wp-image-31723\" src=\"https:\/\/phukienflytech.vn\/wp-content\/uploads\/2021\/02\/dji_cp_ma_00000202_01_low_noise_propellers_for_mavic_1559793.jpg\" alt=\"\" width=\"850\" height=\"850\" srcset=\"https:\/\/phukienflytech.vn\/wp-content\/uploads\/2021\/02\/dji_cp_ma_00000202_01_low_noise_propellers_for_mavic_1559793.jpg 850w, https:\/\/phukienflytech.vn\/wp-content\/uploads\/2021\/02\/dji_cp_ma_00000202_01_low_noise_propellers_for_mavic_1559793-400x400.jpg 400w, https:\/\/phukienflytech.vn\/wp-content\/uploads\/2021\/02\/dji_cp_ma_00000202_01_low_noise_propellers_for_mavic_1559793-800x800.jpg 800w, https:\/\/phukienflytech.vn\/wp-content\/uploads\/2021\/02\/dji_cp_ma_00000202_01_low_noise_propellers_for_mavic_1559793-280x280.jpg 280w, https:\/\/phukienflytech.vn\/wp-content\/uploads\/2021\/02\/dji_cp_ma_00000202_01_low_noise_propellers_for_mavic_1559793-768x768.jpg 768w, https:\/\/phukienflytech.vn\/wp-content\/uploads\/2021\/02\/dji_cp_ma_00000202_01_low_noise_propellers_for_mavic_1559793-300x300.jpg 300w, https:\/\/phukienflytech.vn\/wp-content\/uploads\/2021\/02\/dji_cp_ma_00000202_01_low_noise_propellers_for_mavic_1559793-600x600.jpg 600w, https:\/\/phukienflytech.vn\/wp-content\/uploads\/2021\/02\/dji_cp_ma_00000202_01_low_noise_propellers_for_mavic_1559793-100x100.jpg 100w\" sizes=\"auto, (max-width: 850px) 100vw, 850px\" \/><\/div>\n<div>.<\/div>\n<div>\n<div><span style=\"font-size: 17px;\">&gt;&gt; Xem th\u00eam:<span style=\"color: #0000ff;\"><strong style=\"color: #0000ff;\"><a style=\"color: #0000ff;\" href=\"https:\/\/phukienflytech.vn\/danh-muc\/phu-kien-mavic-air-2.html\">Ph\u1ee5 ki\u1ec7n Mavic Air 2<\/a><\/strong><\/span><\/span><\/div>\n<div>.<\/div>\n<p><span style=\"font-size: 20px; color: #0000ff;\"><strong>\u270d C\u00f4ng d\u1ee5ng s\u1ea3n ph\u1ea9m :<\/strong><\/span><\/p>\n<div><span style=\"font-size: 17px;\">\u2705 Gi\u00fap chuy\u1ebfn bay c\u1ee7a b\u1ea1n an to\u00e0n v\u00e0 \u00eam \u00e1i h\u01a1n\u00a0<\/span><\/div>\n<div><span style=\"font-size: 17px;\">\u2705 C\u00e1nh ch\u1ea5t li\u1ec7u nh\u1ef1a d\u1ebbo v\u00e0 b\u1ec1n b\u1ec9\u00a0<\/span><\/div>\n<div><span style=\"font-size: 17px;\">\u2705 C\u00e1nh d\u1ef1 ph\u00f2ng, thay th\u1ebf nh\u1eefng c\u00e1nh \u0111\u00e3 c\u0169 h\u1ecfng<\/span><\/div>\n<div><span style=\"font-size: 17px;\">.<\/span><\/div>\n<\/div>\n<h2 style=\"text-align: justify;\"><span style=\"font-size: 20px; color: #0000ff;\"><strong>\u270d M\u1ed9t s\u1ed1 l\u01b0u \u00fd khi s\u1eed d\u1ee5ng C\u00e1nh Mavic Air 2<\/strong><\/span><\/h2>\n<p style=\"text-align: justify;\"><span style=\"font-size: 17px;\">V\u1edbi t\u1ed1c \u0111\u1ed9 xoay motor l\u1edbn \u0111\u1ec3 n\u00e2ng flycam bay l\u00ean kh\u00f4ng trung th\u00ec vi\u1ec7c c\u00e1c c\u00e1nh qu\u1ea1t b\u1ecb nh\u1eddn zen xo\u1eafn, x\u01b0\u1edbc m\u1eb7t c\u00e1nh, m\u1ebb c\u00e1nh l\u00e0 \u0111i\u1ec3u h\u1ebft s\u1ee9c b\u00ecnh th\u01b0\u1eddng. Do \u0111\u00f3, vi\u1ec7c th\u01b0\u1eddng xuy\u00ean thay c\u00e1nh qu\u1ea1t v\u00e0 lu\u00f4n lu\u00f4n ch\u00fa \u00fd s\u1eed d\u1ee5ng c\u00e1nh ch\u00ednh h\u00e3ng l\u00e0 \u0111i\u1ec1u c\u00e1c Pilot r\u1ea5t quan t\u00e2m. Th\u00f4ng th\u01b0\u1eddng, c\u00e1nh Mavic Air 2 gi\u1ea3m \u1ed3n DJI s\u1ebd \u0111\u01b0\u1ee3c thay sau 50-75 l\u1ea7n bay.<\/span><\/p>\n<p>.<\/p>\n<p><span style=\"color: #0000ff; font-size: 20px;\"><strong>\u270d H\u01b0\u1edbng d\u1eabn b\u1ea3o qu\u1ea3n:<\/strong><\/span><\/p>\n<div><span style=\"font-size: 17px;\">\u2705\u00a0 Tr\u00e1nh va \u0111\u1eadp m\u1ea1nh v\u00e0 n\u01a1i c\u00f3 nhi\u1ec7t \u0111\u1ed9 cao tr\u00ean 50 \u0111\u1ed9 C<\/span><\/div>\n<div><span style=\"font-size: 17px;\">\u2705\u00a0 Th\u00e1o l\u1eafp \u0111ugs c\u00e1ch tr\u00e1nh g\u00e3y, h\u1ecfng s\u1ea3n ph\u1ea9m\u00a0<\/span><\/div>\n<div><span style=\"font-size: 17px;\">\u2705\u00a0 B\u1ea3o qu\u1ea3n s\u1ea3n ph\u1ea9m trong h\u1ed9p tr\u00e1nh \u0111\u00e8 n\u00e9n\u00a0<\/span><\/div>\n<div><span style=\"font-size: 17px;\">.<\/span><\/div>\n<div><img loading=\"lazy\" decoding=\"async\" class=\"aligncenter size-full wp-image-31727\" src=\"https:\/\/phukienflytech.vn\/wp-content\/uploads\/2021\/02\/g964AIR2PRP-F.jpg\" alt=\"\" width=\"850\" height=\"850\" srcset=\"https:\/\/phukienflytech.vn\/wp-content\/uploads\/2021\/02\/g964AIR2PRP-F.jpg 850w, https:\/\/phukienflytech.vn\/wp-content\/uploads\/2021\/02\/g964AIR2PRP-F-400x400.jpg 400w, https:\/\/phukienflytech.vn\/wp-content\/uploads\/2021\/02\/g964AIR2PRP-F-800x800.jpg 800w, https:\/\/phukienflytech.vn\/wp-content\/uploads\/2021\/02\/g964AIR2PRP-F-280x280.jpg 280w, https:\/\/phukienflytech.vn\/wp-content\/uploads\/2021\/02\/g964AIR2PRP-F-768x768.jpg 768w, https:\/\/phukienflytech.vn\/wp-content\/uploads\/2021\/02\/g964AIR2PRP-F-300x300.jpg 300w, https:\/\/phukienflytech.vn\/wp-content\/uploads\/2021\/02\/g964AIR2PRP-F-600x600.jpg 600w, https:\/\/phukienflytech.vn\/wp-content\/uploads\/2021\/02\/g964AIR2PRP-F-100x100.jpg 100w\" sizes=\"auto, (max-width: 850px) 100vw, 850px\" \/><\/div>\n<div><span style=\"font-size: 17px;\">.<\/span><\/div>\n<h2 style=\"text-align: justify;\"><span style=\"font-size: 20px; color: #0000ff;\"><strong>\u270d Mua ph\u1ee5 ki\u1ec7n Mavic Air 2 ch\u00ednh h\u00e3ng \u1edf \u0111\u00e2u?<\/strong><\/span><\/h2>\n<p style=\"text-align: justify;\"><span style=\"font-size: 17px;\"><strong>Phukienflytech<\/strong> l\u00e0 1 trong nh\u1eefng \u0111\u1ecba ch\u1ec9 uy t\u00edn \u0111\u1ec3 c\u00e1c b\u1ea1n c\u00f3 th\u1ec3 tin t\u01b0\u1edfng v\u00e0 mua ph\u1ee5 ki\u1ec7n ch\u00ednh h\u00e3ng.\u00a0 Ch\u00fang t\u00f4i lu\u00f4n \u0111\u1eb7t quy\u1ec1n l\u1ee3i c\u1ee7a kh\u00e1ch h\u00e0ng l\u00ean h\u00e0ng \u0111\u1ea7u, ngo\u00e0i c\u00e1nh gi\u1ea3m \u1ed3n.<strong>\u00a0Phukienflytech<\/strong>\u00a0c\u00f2n chung c\u1ea5p nhi\u1ec1u ph\u1ee5 ki\u1ec7n flycam DJI kh\u00e1c.<\/span><\/p>\n<p style=\"text-align: justify;\"><span style=\"font-size: 17px;\">Kh\u00f4ng ch\u1ec9 nh\u1eefng s\u1ea3n ph\u1ea9m ph\u1ee5 ki\u1ec7n ch\u00ednh h\u00e3ng DJI FPV Drone. Ch\u00fang t\u00f4i c\u0169ng ph\u00e2n ph\u1ed1i c\u00e1c d\u00f2ng s\u1ea3n ph\u1ea9m ph\u1ee5 ki\u1ec7n c\u1ee7a DJI Mavic 2, DJI Phantom, DJI Spark,.. ch\u00ednh h\u00e3ng t\u1edbi t\u1eeb DJI, Pgytech v\u00e0 SunnyLife.<\/span><\/p>\n<p><span style=\"font-size: 17px;\">.<\/span><\/p>\n<p style=\"text-align: justify;\"><span style=\"font-size: 17px;\">H\u00e3y \u0111\u1ebfn v\u1edbi ph\u1ee5 ki\u1ec7n flycam gi\u00e1 t\u1ed1t \u0111\u1ec3 c\u00f3 \u0111\u01b0\u1ee3c\u00a0m\u1ee9c gi\u00e1 t\u1ed1t v\u00e0 ch\u1ea5t l\u01b0\u1ee3ng \u0111\u1ea3m b\u1ea3o.<\/span><\/p>\n<p style=\"text-align: justify;\"><span style=\"font-size: 17px;\">&gt;&gt; Li\u00ean h\u1ec7 v\u1edbi ch\u00fang t\u00f4i qua:\u00a0<strong>Fanpage:\u00a0<\/strong><span style=\"color: #0000ff;\"><a style=\"color: #0000ff;\" href=\"https:\/\/www.facebook.com\/phukienflycam\"><strong>Ph\u1ee5 ki\u1ec7n flycam gi\u00e1 t\u1ed1t\u00a0<\/strong><\/a><\/span><\/span><\/p>\n","protected":false},"excerpt":{"rendered":"<p>C\u00e1nh Mavic Air 2 &#8211; Sunnylife (Best similar) C\u00e1nh Mavic Air 2 &#8211; SunnyLife . C\u00e1nh d\u1ef1 ph\u00f2ng, thay th\u1ebf c\u00e1nh c\u0169 Mavic Air 2\u00a0 . \u270d Gi\u1edbi thi\u1ec7u s\u1ea3n ph\u1ea9m: C\u00e1nh Mavic Air 2 &#8211; SunnyLife DJI Mavic Air 2 \u00a0l\u00e0 s\u1ea3n ph\u1ea9m m\u1edbi nh\u1ea5t \u0111\u01b0\u1ee3c DJI tr\u00ecnh l\u00e0ng trong n\u0103m 2020. \u0110i k\u00e8m &#8230;<\/p>\n","protected":false},"featured_media":21743,"comment_status":"open","ping_status":"closed","template":"","meta":{"_acf_changed":false},"product_brand":[],"product_cat":[199],"product_tag":[],"class_list":{"0":"post-21741","1":"product","2":"type-product","3":"status-publish","4":"has-post-thumbnail","6":"product_cat-mavic-air-2-accessory","8":"first","9":"instock","10":"shipping-taxable","11":"purchasable","12":"product-type-simple"},"acf":[],"yoast_head":"<!-- This site is optimized with the Yoast SEO plugin v25.7 - https:\/\/yoast.com\/wordpress\/plugins\/seo\/ -->\n<title>C\u00e1nh Mavic Air 2 - Sunnylife - B\u1ea3n thay th\u1ebf c\u00e1nh g\u1ed1c DJI t\u1ed1t nh\u1ea5t hi\u1ec7n nay<\/title>\n<meta name=\"description\" content=\"C\u00e1nh Mavic Air 2 - Sunnylife - B\u1ea3n thay th\u1ebf c\u00e1nh g\u1ed1c DJI t\u1ed1t nh\u1ea5t hi\u1ec7n nay, gi\u00e1 r\u1ebb h\u01a1n ch\u00ednh h\u00e3ng, an to\u00e0n t\u1ea1i Phukienflytech Vi\u1ec7t\" \/>\n<meta name=\"robots\" content=\"index, follow, max-snippet:-1, max-image-preview:large, max-video-preview:-1\" \/>\n<link rel=\"canonical\" href=\"https:\/\/phukienflytech.vn\/en\/san-pham\/canh-mavic-air-2-sunnylife-best-similar.html\" \/>\n<meta property=\"og:locale\" content=\"en_US\" \/>\n<meta property=\"og:type\" content=\"article\" \/>\n<meta property=\"og:title\" content=\"C\u00e1nh Mavic Air 2 - Sunnylife - B\u1ea3n thay th\u1ebf c\u00e1nh g\u1ed1c DJI t\u1ed1t nh\u1ea5t hi\u1ec7n nay\" \/>\n<meta property=\"og:description\" content=\"C\u00e1nh Mavic Air 2 - Sunnylife - B\u1ea3n thay th\u1ebf c\u00e1nh g\u1ed1c DJI t\u1ed1t nh\u1ea5t hi\u1ec7n nay, gi\u00e1 r\u1ebb h\u01a1n ch\u00ednh h\u00e3ng, an to\u00e0n t\u1ea1i Phukienflytech Vi\u1ec7t\" \/>\n<meta property=\"og:url\" content=\"https:\/\/phukienflytech.vn\/en\/san-pham\/canh-mavic-air-2-sunnylife-best-similar.html\" \/>\n<meta property=\"og:site_name\" content=\"Shop M\u00e1y \u1ea3nh - Action Camera - Gimbal - Flycam - Ph\u1ee5 ki\u1ec7n\" \/>\n<meta property=\"article:publisher\" content=\"https:\/\/facebook.com\/phukienflycam\" \/>\n<meta property=\"article:modified_time\" content=\"2022-10-04T03:21:58+00:00\" \/>\n<meta property=\"og:image\" content=\"https:\/\/phukienflytech.vn\/wp-content\/uploads\/2021\/02\/Canh-mavic-air-2-sunnylife-1-giam-on-Copy.jpg\" \/>\n\t<meta property=\"og:image:width\" content=\"600\" \/>\n\t<meta property=\"og:image:height\" content=\"600\" \/>\n\t<meta property=\"og:image:type\" content=\"image\/jpeg\" \/>\n<meta name=\"twitter:card\" content=\"summary_large_image\" \/>\n<meta name=\"twitter:label1\" content=\"Est. reading time\" \/>\n\t<meta name=\"twitter:data1\" content=\"3 minutes\" \/>\n<script type=\"application\/ld+json\" class=\"yoast-schema-graph\">{\"@context\":\"https:\/\/schema.org\",\"@graph\":[{\"@type\":\"WebPage\",\"@id\":\"https:\/\/phukienflytech.vn\/en\/san-pham\/canh-mavic-air-2-sunnylife-best-similar.html\",\"url\":\"https:\/\/phukienflytech.vn\/en\/san-pham\/canh-mavic-air-2-sunnylife-best-similar.html\",\"name\":\"C\u00e1nh Mavic Air 2 - Sunnylife - B\u1ea3n thay th\u1ebf c\u00e1nh g\u1ed1c DJI t\u1ed1t nh\u1ea5t hi\u1ec7n nay\",\"isPartOf\":{\"@id\":\"https:\/\/phukienflytech.vn\/#website\"},\"primaryImageOfPage\":{\"@id\":\"https:\/\/phukienflytech.vn\/en\/san-pham\/canh-mavic-air-2-sunnylife-best-similar.html#primaryimage\"},\"image\":{\"@id\":\"https:\/\/phukienflytech.vn\/en\/san-pham\/canh-mavic-air-2-sunnylife-best-similar.html#primaryimage\"},\"thumbnailUrl\":\"https:\/\/phukienflytech.vn\/wp-content\/uploads\/2021\/02\/Canh-mavic-air-2-sunnylife-1-giam-on-Copy.jpg\",\"datePublished\":\"2021-02-27T03:07:01+00:00\",\"dateModified\":\"2022-10-04T03:21:58+00:00\",\"description\":\"C\u00e1nh Mavic Air 2 - Sunnylife - B\u1ea3n thay th\u1ebf c\u00e1nh g\u1ed1c DJI t\u1ed1t nh\u1ea5t hi\u1ec7n nay, gi\u00e1 r\u1ebb h\u01a1n ch\u00ednh h\u00e3ng, an to\u00e0n t\u1ea1i Phukienflytech Vi\u1ec7t\",\"breadcrumb\":{\"@id\":\"https:\/\/phukienflytech.vn\/en\/san-pham\/canh-mavic-air-2-sunnylife-best-similar.html#breadcrumb\"},\"inLanguage\":\"en-US\",\"potentialAction\":[{\"@type\":\"ReadAction\",\"target\":[\"https:\/\/phukienflytech.vn\/en\/san-pham\/canh-mavic-air-2-sunnylife-best-similar.html\"]}]},{\"@type\":\"ImageObject\",\"inLanguage\":\"en-US\",\"@id\":\"https:\/\/phukienflytech.vn\/en\/san-pham\/canh-mavic-air-2-sunnylife-best-similar.html#primaryimage\",\"url\":\"https:\/\/phukienflytech.vn\/wp-content\/uploads\/2021\/02\/Canh-mavic-air-2-sunnylife-1-giam-on-Copy.jpg\",\"contentUrl\":\"https:\/\/phukienflytech.vn\/wp-content\/uploads\/2021\/02\/Canh-mavic-air-2-sunnylife-1-giam-on-Copy.jpg\",\"width\":600,\"height\":600},{\"@type\":\"BreadcrumbList\",\"@id\":\"https:\/\/phukienflytech.vn\/en\/san-pham\/canh-mavic-air-2-sunnylife-best-similar.html#breadcrumb\",\"itemListElement\":[{\"@type\":\"ListItem\",\"position\":1,\"name\":\"Home\",\"item\":\"https:\/\/phukienflytech.vn\/en\"},{\"@type\":\"ListItem\",\"position\":2,\"name\":\"Ph\u1ee5 ki\u1ec7n Mavic Pro\",\"item\":\"https:\/\/phukienflytech.vn\/en\/phu-kien-mavic-pro.html\"},{\"@type\":\"ListItem\",\"position\":3,\"name\":\"Ph\u1ee5 ki\u1ec7n DJI - Osmo\",\"item\":\"https:\/\/phukienflytech.vn\/danh-muc\/phu-kien-dji-osmo.html\"},{\"@type\":\"ListItem\",\"position\":4,\"name\":\"Ph\u1ee5 ki\u1ec7n DJI Mavic Air 2\",\"item\":\"https:\/\/phukienflytech.vn\/danh-muc\/phu-kien-mavic-air-2.html\"},{\"@type\":\"ListItem\",\"position\":5,\"name\":\"C\u00e1nh Mavic Air 2 &#8211; Sunnylife (Best similar)\"}]},{\"@type\":\"WebSite\",\"@id\":\"https:\/\/phukienflytech.vn\/#website\",\"url\":\"https:\/\/phukienflytech.vn\/\",\"name\":\"Shop M\u00e1y \u1ea3nh - Action Camera - Gimbal - Flycam - Ph\u1ee5 ki\u1ec7n\",\"description\":\"Shop M\u00e1y \u1ea3nh - Action Camera - Gimbal - Flycam - Ph\u1ee5 ki\u1ec7n\",\"publisher\":{\"@id\":\"https:\/\/phukienflytech.vn\/#organization\"},\"potentialAction\":[{\"@type\":\"SearchAction\",\"target\":{\"@type\":\"EntryPoint\",\"urlTemplate\":\"https:\/\/phukienflytech.vn\/?s={search_term_string}\"},\"query-input\":{\"@type\":\"PropertyValueSpecification\",\"valueRequired\":true,\"valueName\":\"search_term_string\"}}],\"inLanguage\":\"en-US\"},{\"@type\":\"Organization\",\"@id\":\"https:\/\/phukienflytech.vn\/#organization\",\"name\":\"DJI Store - Shop Drone, Action camera, Gimbal DJI |Phukienflytech\",\"alternateName\":\"DJI Store - Shop Drone, Action camera, Gimbal DJI |Phukienflytech\",\"url\":\"https:\/\/phukienflytech.vn\/\",\"logo\":{\"@type\":\"ImageObject\",\"inLanguage\":\"en-US\",\"@id\":\"https:\/\/phukienflytech.vn\/#\/schema\/logo\/image\/\",\"url\":\"https:\/\/phukienflytech.vn\/wp-content\/uploads\/2020\/05\/hAnh_nan.jpg1_.jpg\",\"contentUrl\":\"https:\/\/phukienflytech.vn\/wp-content\/uploads\/2020\/05\/hAnh_nan.jpg1_.jpg\",\"width\":800,\"height\":450,\"caption\":\"DJI Store - Shop Drone, Action camera, Gimbal DJI |Phukienflytech\"},\"image\":{\"@id\":\"https:\/\/phukienflytech.vn\/#\/schema\/logo\/image\/\"},\"sameAs\":[\"https:\/\/facebook.com\/phukienflycam\",\"https:\/\/www.youtube.com\/@phukienflytech\",\"https:\/\/www.tiktok.com\/@flytech.channel?fbclid=IwY2xjawGjg7BleHRuA2FlbQIxMAABHYVGmlXpuSMs0UB2zTpYvyT4GMVfN2qJa4urF4vkSQ6FAVBwXZtDP30qQA_aem_UwMiDcUvlEbd2tXAmsc8Og\"]}]}<\/script>\n<!-- \/ Yoast SEO plugin. -->","yoast_head_json":{"title":"C\u00e1nh Mavic Air 2 - Sunnylife - B\u1ea3n thay th\u1ebf c\u00e1nh g\u1ed1c DJI t\u1ed1t nh\u1ea5t hi\u1ec7n nay","description":"C\u00e1nh Mavic Air 2 - Sunnylife - B\u1ea3n thay th\u1ebf c\u00e1nh g\u1ed1c DJI t\u1ed1t nh\u1ea5t hi\u1ec7n nay, gi\u00e1 r\u1ebb h\u01a1n ch\u00ednh h\u00e3ng, an to\u00e0n t\u1ea1i Phukienflytech Vi\u1ec7t","robots":{"index":"index","follow":"follow","max-snippet":"max-snippet:-1","max-image-preview":"max-image-preview:large","max-video-preview":"max-video-preview:-1"},"canonical":"https:\/\/phukienflytech.vn\/en\/san-pham\/canh-mavic-air-2-sunnylife-best-similar.html","og_locale":"en_US","og_type":"article","og_title":"C\u00e1nh Mavic Air 2 - Sunnylife - B\u1ea3n thay th\u1ebf c\u00e1nh g\u1ed1c DJI t\u1ed1t nh\u1ea5t hi\u1ec7n nay","og_description":"C\u00e1nh Mavic Air 2 - Sunnylife - B\u1ea3n thay th\u1ebf c\u00e1nh g\u1ed1c DJI t\u1ed1t nh\u1ea5t hi\u1ec7n nay, gi\u00e1 r\u1ebb h\u01a1n ch\u00ednh h\u00e3ng, an to\u00e0n t\u1ea1i Phukienflytech Vi\u1ec7t","og_url":"https:\/\/phukienflytech.vn\/en\/san-pham\/canh-mavic-air-2-sunnylife-best-similar.html","og_site_name":"Shop M\u00e1y \u1ea3nh - Action Camera - Gimbal - Flycam - Ph\u1ee5 ki\u1ec7n","article_publisher":"https:\/\/facebook.com\/phukienflycam","article_modified_time":"2022-10-04T03:21:58+00:00","og_image":[{"width":600,"height":600,"url":"https:\/\/phukienflytech.vn\/wp-content\/uploads\/2021\/02\/Canh-mavic-air-2-sunnylife-1-giam-on-Copy.jpg","type":"image\/jpeg"}],"twitter_card":"summary_large_image","twitter_misc":{"Est. reading time":"3 minutes"},"schema":{"@context":"https:\/\/schema.org","@graph":[{"@type":"WebPage","@id":"https:\/\/phukienflytech.vn\/en\/san-pham\/canh-mavic-air-2-sunnylife-best-similar.html","url":"https:\/\/phukienflytech.vn\/en\/san-pham\/canh-mavic-air-2-sunnylife-best-similar.html","name":"C\u00e1nh Mavic Air 2 - Sunnylife - B\u1ea3n thay th\u1ebf c\u00e1nh g\u1ed1c DJI t\u1ed1t nh\u1ea5t hi\u1ec7n nay","isPartOf":{"@id":"https:\/\/phukienflytech.vn\/#website"},"primaryImageOfPage":{"@id":"https:\/\/phukienflytech.vn\/en\/san-pham\/canh-mavic-air-2-sunnylife-best-similar.html#primaryimage"},"image":{"@id":"https:\/\/phukienflytech.vn\/en\/san-pham\/canh-mavic-air-2-sunnylife-best-similar.html#primaryimage"},"thumbnailUrl":"https:\/\/phukienflytech.vn\/wp-content\/uploads\/2021\/02\/Canh-mavic-air-2-sunnylife-1-giam-on-Copy.jpg","datePublished":"2021-02-27T03:07:01+00:00","dateModified":"2022-10-04T03:21:58+00:00","description":"C\u00e1nh Mavic Air 2 - Sunnylife - B\u1ea3n thay th\u1ebf c\u00e1nh g\u1ed1c DJI t\u1ed1t nh\u1ea5t hi\u1ec7n nay, gi\u00e1 r\u1ebb h\u01a1n ch\u00ednh h\u00e3ng, an to\u00e0n t\u1ea1i Phukienflytech Vi\u1ec7t","breadcrumb":{"@id":"https:\/\/phukienflytech.vn\/en\/san-pham\/canh-mavic-air-2-sunnylife-best-similar.html#breadcrumb"},"inLanguage":"en-US","potentialAction":[{"@type":"ReadAction","target":["https:\/\/phukienflytech.vn\/en\/san-pham\/canh-mavic-air-2-sunnylife-best-similar.html"]}]},{"@type":"ImageObject","inLanguage":"en-US","@id":"https:\/\/phukienflytech.vn\/en\/san-pham\/canh-mavic-air-2-sunnylife-best-similar.html#primaryimage","url":"https:\/\/phukienflytech.vn\/wp-content\/uploads\/2021\/02\/Canh-mavic-air-2-sunnylife-1-giam-on-Copy.jpg","contentUrl":"https:\/\/phukienflytech.vn\/wp-content\/uploads\/2021\/02\/Canh-mavic-air-2-sunnylife-1-giam-on-Copy.jpg","width":600,"height":600},{"@type":"BreadcrumbList","@id":"https:\/\/phukienflytech.vn\/en\/san-pham\/canh-mavic-air-2-sunnylife-best-similar.html#breadcrumb","itemListElement":[{"@type":"ListItem","position":1,"name":"Home","item":"https:\/\/phukienflytech.vn\/en"},{"@type":"ListItem","position":2,"name":"Ph\u1ee5 ki\u1ec7n Mavic Pro","item":"https:\/\/phukienflytech.vn\/en\/phu-kien-mavic-pro.html"},{"@type":"ListItem","position":3,"name":"Ph\u1ee5 ki\u1ec7n DJI - Osmo","item":"https:\/\/phukienflytech.vn\/danh-muc\/phu-kien-dji-osmo.html"},{"@type":"ListItem","position":4,"name":"Ph\u1ee5 ki\u1ec7n DJI Mavic Air 2","item":"https:\/\/phukienflytech.vn\/danh-muc\/phu-kien-mavic-air-2.html"},{"@type":"ListItem","position":5,"name":"C\u00e1nh Mavic Air 2 &#8211; Sunnylife (Best similar)"}]},{"@type":"WebSite","@id":"https:\/\/phukienflytech.vn\/#website","url":"https:\/\/phukienflytech.vn\/","name":"Shop M\u00e1y \u1ea3nh - Action Camera - Gimbal - Flycam - Ph\u1ee5 ki\u1ec7n","description":"Shop M\u00e1y \u1ea3nh - Action Camera - Gimbal - Flycam - Ph\u1ee5 ki\u1ec7n","publisher":{"@id":"https:\/\/phukienflytech.vn\/#organization"},"potentialAction":[{"@type":"SearchAction","target":{"@type":"EntryPoint","urlTemplate":"https:\/\/phukienflytech.vn\/?s={search_term_string}"},"query-input":{"@type":"PropertyValueSpecification","valueRequired":true,"valueName":"search_term_string"}}],"inLanguage":"en-US"},{"@type":"Organization","@id":"https:\/\/phukienflytech.vn\/#organization","name":"DJI Store - Shop Drone, Action camera, Gimbal DJI |Phukienflytech","alternateName":"DJI Store - Shop Drone, Action camera, Gimbal DJI |Phukienflytech","url":"https:\/\/phukienflytech.vn\/","logo":{"@type":"ImageObject","inLanguage":"en-US","@id":"https:\/\/phukienflytech.vn\/#\/schema\/logo\/image\/","url":"https:\/\/phukienflytech.vn\/wp-content\/uploads\/2020\/05\/hAnh_nan.jpg1_.jpg","contentUrl":"https:\/\/phukienflytech.vn\/wp-content\/uploads\/2020\/05\/hAnh_nan.jpg1_.jpg","width":800,"height":450,"caption":"DJI Store - Shop Drone, Action camera, Gimbal DJI |Phukienflytech"},"image":{"@id":"https:\/\/phukienflytech.vn\/#\/schema\/logo\/image\/"},"sameAs":["https:\/\/facebook.com\/phukienflycam","https:\/\/www.youtube.com\/@phukienflytech","https:\/\/www.tiktok.com\/@flytech.channel?fbclid=IwY2xjawGjg7BleHRuA2FlbQIxMAABHYVGmlXpuSMs0UB2zTpYvyT4GMVfN2qJa4urF4vkSQ6FAVBwXZtDP30qQA_aem_UwMiDcUvlEbd2tXAmsc8Og"]}]}},"_links":{"self":[{"href":"https:\/\/phukienflytech.vn\/en\/wp-json\/wp\/v2\/product\/21741","targetHints":{"allow":["GET"]}}],"collection":[{"href":"https:\/\/phukienflytech.vn\/en\/wp-json\/wp\/v2\/product"}],"about":[{"href":"https:\/\/phukienflytech.vn\/en\/wp-json\/wp\/v2\/types\/product"}],"replies":[{"embeddable":true,"href":"https:\/\/phukienflytech.vn\/en\/wp-json\/wp\/v2\/comments?post=21741"}],"wp:featuredmedia":[{"embeddable":true,"href":"https:\/\/phukienflytech.vn\/en\/wp-json\/wp\/v2\/media\/21743"}],"wp:attachment":[{"href":"https:\/\/phukienflytech.vn\/en\/wp-json\/wp\/v2\/media?parent=21741"}],"wp:term":[{"taxonomy":"product_brand","embeddable":true,"href":"https:\/\/phukienflytech.vn\/en\/wp-json\/wp\/v2\/product_brand?post=21741"},{"taxonomy":"product_cat","embeddable":true,"href":"https:\/\/phukienflytech.vn\/en\/wp-json\/wp\/v2\/product_cat?post=21741"},{"taxonomy":"product_tag","embeddable":true,"href":"https:\/\/phukienflytech.vn\/en\/wp-json\/wp\/v2\/product_tag?post=21741"}],"curies":[{"name":"wp","href":"https:\/\/api.w.org\/{rel}","templated":true}]}}