{"id":21744,"date":"2021-02-27T10:18:41","date_gmt":"2021-02-27T03:18:41","guid":{"rendered":"https:\/\/phukienflytech.vn\/san-pham\/bo-bao-ve-canh-mavic-air-2.html"},"modified":"2022-10-04T10:21:49","modified_gmt":"2022-10-04T03:21:49","slug":"bo-bao-ve-canh-mavic-air-2","status":"publish","type":"product","link":"https:\/\/phukienflytech.vn\/en\/san-pham\/bo-bao-ve-canh-mavic-air-2.html","title":{"rendered":"B\u1ed9 b\u1ea3o v\u1ec7 c\u00e1nh v\u00e0 ch\u00e2n \u0111\u00f4n Mavic Air 2 &#8211; SunnyLife"},"content":{"rendered":"<h2><span style=\"color: #0000ff;\"><strong><span style=\"font-size: 20px;\">B\u1ed9 b\u1ea3o v\u1ec7 c\u00e1nh v\u00e0 ch\u00e2n \u0111\u00f4n Mavic Air2 &#8211; SunnyLife<\/span><\/strong><\/span><\/h2>\n<p><em><strong><span style=\"font-size: 17px;\">B\u1ea3o v\u1ec7 c\u00e1nh Mavic Air2<\/span><\/strong><\/em><\/p>\n<p>.<\/p>\n<p><img loading=\"lazy\" decoding=\"async\" class=\"aligncenter size-full wp-image-31663\" src=\"https:\/\/phukienflytech.vn\/wp-content\/uploads\/2021\/02\/bao-ve-canh-mavic-air-2-sunnylife1-Copy-1.jpg\" alt=\"\" width=\"850\" height=\"403\" srcset=\"https:\/\/phukienflytech.vn\/wp-content\/uploads\/2021\/02\/bao-ve-canh-mavic-air-2-sunnylife1-Copy-1.jpg 850w, https:\/\/phukienflytech.vn\/wp-content\/uploads\/2021\/02\/bao-ve-canh-mavic-air-2-sunnylife1-Copy-1-800x379.jpg 800w, https:\/\/phukienflytech.vn\/wp-content\/uploads\/2021\/02\/bao-ve-canh-mavic-air-2-sunnylife1-Copy-1-768x364.jpg 768w, https:\/\/phukienflytech.vn\/wp-content\/uploads\/2021\/02\/bao-ve-canh-mavic-air-2-sunnylife1-Copy-1-600x284.jpg 600w\" sizes=\"auto, (max-width: 850px) 100vw, 850px\" \/><\/p>\n<p>.<\/p>\n<h2><span style=\"font-size: 20px; color: #0000ff;\"><strong>\u270d Gi\u1edbi thi\u1ec7u s\u1ea3n ph\u1ea9m: B\u1ea3o v\u1ec7 c\u00e1nh Mavic Air2<\/strong><\/span><\/h2>\n<p style=\"text-align: justify;\"><span style=\"font-size: 17px;\">M\u1ed9t \u0111\u1eb7c \u0111i\u1ec3m chung t\u1edbi t\u1eeb nh\u00e0 DJI Mavic series \u0111\u00f3 l\u00e0 kho\u1ea3ng c\u00e1ch t\u1eeb c\u1ea3m bi\u1ebfn b\u1ee5ng t\u1edbi m\u1eb7t \u0111\u1ea5t l\u00e0 r\u1ea5t g\u1ea7n. Sau th\u1eddi gian d\u00e0i s\u1eed d\u1ee5ng s\u1ebd b\u1ecb b\u00e1m b\u1ee5i \u1ea3nh h\u01b0\u1edbng t\u1edbi flycam c\u1ee7a b\u1ea1n. \u0110\u1ec3 c\u1ea3i thi\u1ec7n v\u1ea5n \u0111\u1ec1 \u0111\u00f3 ph\u1ee5 ki\u1ec7n b\u1ea3o v\u1ec7 c\u00e1nh v\u00e0 ch\u00e2n \u0111\u00f4n Mavic Air 2. T\u00edch h\u1ee3p 2 trong 1 l\u1ef1a ch\u1ecdn t\u1ed1i \u01b0u v\u1edbi Mavic Air 2.<\/span><\/p>\n<p>.<\/p>\n<p><img loading=\"lazy\" decoding=\"async\" class=\"aligncenter wp-image-31665 size-full\" src=\"https:\/\/phukienflytech.vn\/wp-content\/uploads\/2021\/02\/bao-ve-canh-mavic-air-2-sunnylife2.jpg\" alt=\"Ph\u1ee5 ki\u1ec7n Mavic Air 2 - Ch\u00ednh h\u00e3ng SunnyLife\u00a0- B\u1ea3o v\u1ec7 c\u00e1nh mavic air 2\" width=\"850\" height=\"410\" srcset=\"https:\/\/phukienflytech.vn\/wp-content\/uploads\/2021\/02\/bao-ve-canh-mavic-air-2-sunnylife2.jpg 850w, https:\/\/phukienflytech.vn\/wp-content\/uploads\/2021\/02\/bao-ve-canh-mavic-air-2-sunnylife2-800x386.jpg 800w, https:\/\/phukienflytech.vn\/wp-content\/uploads\/2021\/02\/bao-ve-canh-mavic-air-2-sunnylife2-768x370.jpg 768w, https:\/\/phukienflytech.vn\/wp-content\/uploads\/2021\/02\/bao-ve-canh-mavic-air-2-sunnylife2-600x289.jpg 600w\" sizes=\"auto, (max-width: 850px) 100vw, 850px\" \/><\/p>\n<p style=\"text-align: center;\"><strong>Ph\u1ee5 ki\u1ec7n Mavic Air 2 &#8211; Ch\u00ednh h\u00e3ng SunnyLife\u00a0<\/strong><\/p>\n<p>.<\/p>\n<p style=\"text-align: center;\"><iframe loading=\"lazy\" src=\"\/\/www.youtube.com\/embed\/1wZdNeZpvhY\" width=\"850\" height=\"477\" allowfullscreen=\"allowfullscreen\"><\/iframe><\/p>\n<p style=\"text-align: center;\"><span style=\"font-size: 14px;\"><strong>Ngu\u1ed3n : Ph\u1ee5 ki\u1ec7n FlyTech Vi\u1ec7t Nam\u00a0<\/strong><\/span><\/p>\n<h2><span style=\"font-size: 20px; color: #0000ff;\"><strong>\u270d M\u00f4 t\u1ea3 s\u1ea3n ph\u1ea9m:\u00a0<\/strong><\/span><\/h2>\n<div><span style=\"font-size: 17px; color: #000000;\">\u2705 H\u00e3ng s\u1ea3n xu\u1ea5t: SunnyLife\u00a0<\/span><\/div>\n<div><span style=\"font-size: 17px; color: #000000;\">\u2705 Th\u00edch h\u1ee3p : Mavic Air 2\u00a0<\/span><\/div>\n<div><span style=\"font-size: 17px; color: #000000;\">\u2705 Kh\u1ed1i l\u01b0\u1ee3ng: 81g<\/span><\/div>\n<div><span style=\"font-size: 17px; color: #000000;\">\u2705 Ch\u1ea5t li\u1ec7u: Nh\u1ef1a ABS + PC<\/span><\/div>\n<div><span style=\"font-size: 17px; color: #000000;\">\u2705 K\u00edch th\u01b0\u1edbc h\u1ed9p: 225*175*60 mm<\/span><\/div>\n<div><span style=\"font-size: 17px; color: #000000;\">\u2705 M\u00e0u : X\u00e1m s\u1ea7n\u00a0<\/span><\/div>\n<div><span style=\"font-size: 17px; color: #000000;\">\u2705 B\u00ean trong g\u1ed3m : B\u1ed9 b\u1ea3o v\u1ec7 c\u00e1nh + ch\u00e2n \u0111\u00f4n \u0111i k\u00e8m .<\/span><\/div>\n<div><span style=\"font-size: 17px;\">.<\/span><\/div>\n<div><img loading=\"lazy\" decoding=\"async\" class=\"aligncenter wp-image-31669 size-full\" src=\"https:\/\/phukienflytech.vn\/wp-content\/uploads\/2021\/02\/bao-ve-canh-mavic-air-2-sunnylife-5.jpg\" alt=\"Ph\u1ee5 ki\u1ec7n g\u1ecdn nh\u1eb9 - D\u1ec5 d\u00e0ng th\u00e1o l\u1eafp v\u00e0 s\u1eed d\u1ee5ng\u00a0- B\u1ea3o v\u1ec7 c\u00e1nh Mavic Air2\" width=\"848\" height=\"628\" srcset=\"https:\/\/phukienflytech.vn\/wp-content\/uploads\/2021\/02\/bao-ve-canh-mavic-air-2-sunnylife-5.jpg 848w, https:\/\/phukienflytech.vn\/wp-content\/uploads\/2021\/02\/bao-ve-canh-mavic-air-2-sunnylife-5-540x400.jpg 540w, https:\/\/phukienflytech.vn\/wp-content\/uploads\/2021\/02\/bao-ve-canh-mavic-air-2-sunnylife-5-768x569.jpg 768w, https:\/\/phukienflytech.vn\/wp-content\/uploads\/2021\/02\/bao-ve-canh-mavic-air-2-sunnylife-5-600x444.jpg 600w\" sizes=\"auto, (max-width: 848px) 100vw, 848px\" \/><\/div>\n<p style=\"text-align: center;\"><span style=\"font-size: 14px;\"><strong>Ph\u1ee5 ki\u1ec7n g\u1ecdn nh\u1eb9 &#8211; D\u1ec5 d\u00e0ng th\u00e1o l\u1eafp v\u00e0 s\u1eed d\u1ee5ng\u00a0<\/strong><\/span><\/p>\n<div><span style=\"font-size: 17px;\">.<\/span><\/div>\n<div>\n<h2><span style=\"font-size: 20px; color: #0000ff;\"><strong>\u270d C\u00f4ng d\u1ee5ng s\u1ea3n ph\u1ea9m:<\/strong><\/span><\/h2>\n<div><span style=\"font-size: 17px;\">\u2705 N\u00e2ng cao m\u00e1y b\u1eb1ng ch\u00e2n \u0111\u00f4n<\/span><\/div>\n<div><span style=\"font-size: 17px;\">\u2705 Tr\u00e1nh va ch\u1ea1m trong khi bay\u00a0<\/span><\/div>\n<div><span style=\"font-size: 17px;\">\u2705 H\u1ea1n ch\u1ebf m\u00e1y ti\u1ebfp x\u00fac v\u1edbi n\u1ec1n \u0111\u1ea5t v\u00e0 b\u1ee5i b\u1ea9n\u00a0<\/span><\/div>\n<div>.<\/div>\n<\/div>\n<div><img loading=\"lazy\" decoding=\"async\" class=\"aligncenter size-full wp-image-31671\" src=\"https:\/\/phukienflytech.vn\/wp-content\/uploads\/2021\/02\/bao-ve-canh-mavic-air-2-sunnylife23-Copy-2.jpg\" alt=\"\" width=\"600\" height=\"600\" srcset=\"https:\/\/phukienflytech.vn\/wp-content\/uploads\/2021\/02\/bao-ve-canh-mavic-air-2-sunnylife23-Copy-2.jpg 600w, https:\/\/phukienflytech.vn\/wp-content\/uploads\/2021\/02\/bao-ve-canh-mavic-air-2-sunnylife23-Copy-2-400x400.jpg 400w, https:\/\/phukienflytech.vn\/wp-content\/uploads\/2021\/02\/bao-ve-canh-mavic-air-2-sunnylife23-Copy-2-280x280.jpg 280w, https:\/\/phukienflytech.vn\/wp-content\/uploads\/2021\/02\/bao-ve-canh-mavic-air-2-sunnylife23-Copy-2-300x300.jpg 300w, https:\/\/phukienflytech.vn\/wp-content\/uploads\/2021\/02\/bao-ve-canh-mavic-air-2-sunnylife23-Copy-2-100x100.jpg 100w\" sizes=\"auto, (max-width: 600px) 100vw, 600px\" \/><\/div>\n<div>.<\/div>\n<h2><span style=\"font-size: 20px;\"><span style=\"color: #0000ff;\"><strong>\u270d H\u01b0\u1edbng d\u1eabn b\u1ea3o qu\u1ea3n:<\/strong><\/span><\/span><\/h2>\n<div><span style=\"font-size: 17px;\">\u2705\u00a0 Tr\u00e1nh va \u0111\u1eadp m\u1ea1nh v\u00e0 n\u01a1i c\u00f3 nhi\u1ec7t \u0111\u1ed9 cao tr\u00ean 50 \u0111\u1ed9 C<\/span><\/div>\n<div><span style=\"font-size: 17px;\">\u2705\u00a0 Th\u00e1o l\u1eafp \u0111ugs c\u00e1ch tr\u00e1nh g\u00e3y, h\u1ecfng s\u1ea3n ph\u1ea9m\u00a0<\/span><\/div>\n<div><span style=\"font-size: 17px;\">\u2705\u00a0 B\u1ea3o qu\u1ea3n s\u1ea3n ph\u1ea9m trong h\u1ed9p tr\u00e1nh \u0111\u00e8 n\u00e9n\u00a0<\/span><\/div>\n<div>.<\/div>\n<h2><span style=\"font-size: 20px; color: #0000ff;\"><strong>\u270d <\/strong><strong>Mua ph\u1ee5 ki\u1ec7n DJI Mavic Air2 \u1edf \u0111\u00e2u?<\/strong><\/span><\/h2>\n<p style=\"text-align: justify;\"><span style=\"font-size: 17px;\"><strong>Ph\u1ee5 ki\u1ec7n flycam gi\u00e1 t\u1ed1t<\/strong>\u00a0h\u00e2n h\u1ea1nh l\u00e0 \u0111\u01a1n v\u1ecb ph\u00e2n ph\u1ed1i ch\u00ednh h\u00e3ng c\u00e1c s\u1ea3n ph\u1ea9m ph\u1ee5 ki\u1ec7n flycam. T\u1edbi v\u1edbi ch\u00fang t\u00f4i, c\u00e1c b\u1ea1n s\u1ebd mua \u0111\u01b0\u1ee3c nh\u1eefng s\u1ea3n ph\u1ea9m ch\u00ednh h\u00e3ng v\u1edbi gi\u00e1 m\u1ed9t m\u1ee9c gi\u00e1 t\u1ed1t nh\u1ea5t tr\u00ean th\u1ecb tr\u01b0\u1eddng.<\/span><\/p>\n<p style=\"text-align: justify;\"><span style=\"font-size: 17px;\">Kh\u00f4ng ch\u1ec9 nh\u1eefng s\u1ea3n ph\u1ea9m ph\u1ee5 ki\u1ec7n ch\u00ednh h\u00e3ng DJI FPV Drone. Ch\u00fang t\u00f4i c\u0169ng ph\u00e2n ph\u1ed1i c\u00e1c d\u00f2ng s\u1ea3n ph\u1ea9m ph\u1ee5 ki\u1ec7n c\u1ee7a DJI Mavic 2, DJI Phantom, DJI Spark,.. ch\u00ednh h\u00e3ng t\u1edbi t\u1eeb DJI, Pgytech v\u00e0 SunnyLife.<\/span><\/p>\n<p style=\"text-align: justify;\"><span style=\"font-size: 17px;\">H\u00e3y \u0111\u1ebfn v\u1edbi ph\u1ee5 ki\u1ec7n flycam gi\u00e1 t\u1ed1t \u0111\u1ec3 c\u00f3 \u0111\u01b0\u1ee3c\u00a0m\u1ee9c gi\u00e1 t\u1ed1t v\u00e0 ch\u1ea5t l\u01b0\u1ee3ng \u0111\u1ea3m b\u1ea3o.<\/span><\/p>\n<p>.<\/p>\n<p style=\"text-align: justify;\"><span style=\"font-size: 17px;\">&gt;&gt; Xem th\u00eam:\u00a0<span style=\"color: #0000ff;\"><strong><a style=\"color: #0000ff;\" href=\"https:\/\/phukienflytech.vn\/danh-muc\/phu-kien-mavic-air-2.html\">Ph\u1ee5 ki\u1ec7n Mavic Air 2<\/a><\/strong><\/span><\/span><\/p>\n<p style=\"text-align: justify;\"><span style=\"font-size: 17px;\">&gt;&gt; Li\u00ean h\u1ec7 v\u1edbi ch\u00fang t\u00f4i qua:\u00a0<strong>Fanpage:<span style=\"color: #0000ff;\">\u00a0<\/span><\/strong><span style=\"color: #0000ff;\"><strong><a style=\"color: #0000ff;\" href=\"https:\/\/www.facebook.com\/phukienflycam\">Ph\u1ee5 ki\u1ec7n flycam gi\u00e1 t\u1ed1t\u00a0<\/a><\/strong><\/span><\/span><\/p>\n","protected":false},"excerpt":{"rendered":"<p>B\u1ed9 b\u1ea3o v\u1ec7 c\u00e1nh v\u00e0 ch\u00e2n \u0111\u00f4n Mavic Air2 &#8211; SunnyLife B\u1ea3o v\u1ec7 c\u00e1nh Mavic Air2 . . \u270d Gi\u1edbi thi\u1ec7u s\u1ea3n ph\u1ea9m: B\u1ea3o v\u1ec7 c\u00e1nh Mavic Air2 M\u1ed9t \u0111\u1eb7c \u0111i\u1ec3m chung t\u1edbi t\u1eeb nh\u00e0 DJI Mavic series \u0111\u00f3 l\u00e0 kho\u1ea3ng c\u00e1ch t\u1eeb c\u1ea3m bi\u1ebfn b\u1ee5ng t\u1edbi m\u1eb7t \u0111\u1ea5t l\u00e0 r\u1ea5t g\u1ea7n. Sau th\u1eddi gian &#8230;<\/p>\n","protected":false},"featured_media":21821,"comment_status":"open","ping_status":"closed","template":"","meta":{"_acf_changed":false},"product_brand":[],"product_cat":[199],"product_tag":[],"class_list":{"0":"post-21744","1":"product","2":"type-product","3":"status-publish","4":"has-post-thumbnail","6":"product_cat-mavic-air-2-accessory","8":"first","9":"instock","10":"shipping-taxable","11":"purchasable","12":"product-type-simple"},"acf":[],"yoast_head":"<!-- This site is optimized with the Yoast SEO plugin v25.7 - https:\/\/yoast.com\/wordpress\/plugins\/seo\/ -->\n<title>B\u1ed9 b\u1ea3o v\u1ec7 c\u00e1nh mavic air 2 v\u00e0 ch\u00e2n \u0111\u00f4n - Sunnylife - B\u1ea3o v\u1ec7 va ch\u1ea1m t\u1ed1t<\/title>\n<meta name=\"description\" content=\"B\u1ed9 b\u1ea3o v\u1ec7 c\u00e1nh mavic air 2 v\u00e0 ch\u00e2n \u0111\u00f4n gi\u00fap b\u1ea3o v\u1ec7 flycam v\u00e0 h\u1ea1n ch\u1ebf h\u01b0 h\u1ecfng t\u1eeb va ch\u1ea1m, l\u00e0 ph\u1ee5 ki\u1ec7n quan tr\u1ecdng cho ng\u01b0\u1eddi m\u1edbi ch\u01a1i.\" \/>\n<meta name=\"robots\" content=\"index, follow, max-snippet:-1, max-image-preview:large, max-video-preview:-1\" \/>\n<link rel=\"canonical\" href=\"https:\/\/phukienflytech.vn\/en\/san-pham\/bo-bao-ve-canh-mavic-air-2.html\" \/>\n<meta property=\"og:locale\" content=\"en_US\" \/>\n<meta property=\"og:type\" content=\"article\" \/>\n<meta property=\"og:title\" content=\"B\u1ed9 b\u1ea3o v\u1ec7 c\u00e1nh mavic air 2 v\u00e0 ch\u00e2n \u0111\u00f4n - Sunnylife - B\u1ea3o v\u1ec7 va ch\u1ea1m t\u1ed1t\" \/>\n<meta property=\"og:description\" content=\"B\u1ed9 b\u1ea3o v\u1ec7 c\u00e1nh mavic air 2 v\u00e0 ch\u00e2n \u0111\u00f4n gi\u00fap b\u1ea3o v\u1ec7 flycam v\u00e0 h\u1ea1n ch\u1ebf h\u01b0 h\u1ecfng t\u1eeb va ch\u1ea1m, l\u00e0 ph\u1ee5 ki\u1ec7n quan tr\u1ecdng cho ng\u01b0\u1eddi m\u1edbi ch\u01a1i.\" \/>\n<meta property=\"og:url\" content=\"https:\/\/phukienflytech.vn\/en\/san-pham\/bo-bao-ve-canh-mavic-air-2.html\" \/>\n<meta property=\"og:site_name\" content=\"Shop M\u00e1y \u1ea3nh - Action Camera - Gimbal - Flycam - Ph\u1ee5 ki\u1ec7n\" \/>\n<meta property=\"article:publisher\" content=\"https:\/\/facebook.com\/phukienflycam\" \/>\n<meta property=\"article:modified_time\" content=\"2022-10-04T03:21:49+00:00\" \/>\n<meta property=\"og:image\" content=\"https:\/\/phukienflytech.vn\/wp-content\/uploads\/2021\/02\/bao-ve-canh-mavic-air-2-sunnylife23-Copy-1.jpg\" \/>\n\t<meta property=\"og:image:width\" content=\"600\" \/>\n\t<meta property=\"og:image:height\" content=\"600\" \/>\n\t<meta property=\"og:image:type\" content=\"image\/jpeg\" \/>\n<meta name=\"twitter:card\" content=\"summary_large_image\" \/>\n<meta name=\"twitter:label1\" content=\"Est. reading time\" \/>\n\t<meta name=\"twitter:data1\" content=\"3 minutes\" \/>\n<script type=\"application\/ld+json\" class=\"yoast-schema-graph\">{\"@context\":\"https:\/\/schema.org\",\"@graph\":[{\"@type\":\"WebPage\",\"@id\":\"https:\/\/phukienflytech.vn\/en\/san-pham\/bo-bao-ve-canh-mavic-air-2.html\",\"url\":\"https:\/\/phukienflytech.vn\/en\/san-pham\/bo-bao-ve-canh-mavic-air-2.html\",\"name\":\"B\u1ed9 b\u1ea3o v\u1ec7 c\u00e1nh mavic air 2 v\u00e0 ch\u00e2n \u0111\u00f4n - Sunnylife - B\u1ea3o v\u1ec7 va ch\u1ea1m t\u1ed1t\",\"isPartOf\":{\"@id\":\"https:\/\/phukienflytech.vn\/#website\"},\"primaryImageOfPage\":{\"@id\":\"https:\/\/phukienflytech.vn\/en\/san-pham\/bo-bao-ve-canh-mavic-air-2.html#primaryimage\"},\"image\":{\"@id\":\"https:\/\/phukienflytech.vn\/en\/san-pham\/bo-bao-ve-canh-mavic-air-2.html#primaryimage\"},\"thumbnailUrl\":\"https:\/\/phukienflytech.vn\/wp-content\/uploads\/2021\/02\/bao-ve-canh-mavic-air-2-sunnylife23-Copy-1.jpg\",\"datePublished\":\"2021-02-27T03:18:41+00:00\",\"dateModified\":\"2022-10-04T03:21:49+00:00\",\"description\":\"B\u1ed9 b\u1ea3o v\u1ec7 c\u00e1nh mavic air 2 v\u00e0 ch\u00e2n \u0111\u00f4n gi\u00fap b\u1ea3o v\u1ec7 flycam v\u00e0 h\u1ea1n ch\u1ebf h\u01b0 h\u1ecfng t\u1eeb va ch\u1ea1m, l\u00e0 ph\u1ee5 ki\u1ec7n quan tr\u1ecdng cho ng\u01b0\u1eddi m\u1edbi ch\u01a1i.\",\"breadcrumb\":{\"@id\":\"https:\/\/phukienflytech.vn\/en\/san-pham\/bo-bao-ve-canh-mavic-air-2.html#breadcrumb\"},\"inLanguage\":\"en-US\",\"potentialAction\":[{\"@type\":\"ReadAction\",\"target\":[\"https:\/\/phukienflytech.vn\/en\/san-pham\/bo-bao-ve-canh-mavic-air-2.html\"]}]},{\"@type\":\"ImageObject\",\"inLanguage\":\"en-US\",\"@id\":\"https:\/\/phukienflytech.vn\/en\/san-pham\/bo-bao-ve-canh-mavic-air-2.html#primaryimage\",\"url\":\"https:\/\/phukienflytech.vn\/wp-content\/uploads\/2021\/02\/bao-ve-canh-mavic-air-2-sunnylife23-Copy-1.jpg\",\"contentUrl\":\"https:\/\/phukienflytech.vn\/wp-content\/uploads\/2021\/02\/bao-ve-canh-mavic-air-2-sunnylife23-Copy-1.jpg\",\"width\":600,\"height\":600},{\"@type\":\"BreadcrumbList\",\"@id\":\"https:\/\/phukienflytech.vn\/en\/san-pham\/bo-bao-ve-canh-mavic-air-2.html#breadcrumb\",\"itemListElement\":[{\"@type\":\"ListItem\",\"position\":1,\"name\":\"Home\",\"item\":\"https:\/\/phukienflytech.vn\/en\"},{\"@type\":\"ListItem\",\"position\":2,\"name\":\"Ph\u1ee5 ki\u1ec7n Mavic Pro\",\"item\":\"https:\/\/phukienflytech.vn\/en\/phu-kien-mavic-pro.html\"},{\"@type\":\"ListItem\",\"position\":3,\"name\":\"Ph\u1ee5 ki\u1ec7n DJI - Osmo\",\"item\":\"https:\/\/phukienflytech.vn\/danh-muc\/phu-kien-dji-osmo.html\"},{\"@type\":\"ListItem\",\"position\":4,\"name\":\"Ph\u1ee5 ki\u1ec7n DJI Mavic Air 2\",\"item\":\"https:\/\/phukienflytech.vn\/danh-muc\/phu-kien-mavic-air-2.html\"},{\"@type\":\"ListItem\",\"position\":5,\"name\":\"B\u1ed9 b\u1ea3o v\u1ec7 c\u00e1nh v\u00e0 ch\u00e2n \u0111\u00f4n Mavic Air 2 &#8211; SunnyLife\"}]},{\"@type\":\"WebSite\",\"@id\":\"https:\/\/phukienflytech.vn\/#website\",\"url\":\"https:\/\/phukienflytech.vn\/\",\"name\":\"Shop M\u00e1y \u1ea3nh - Action Camera - Gimbal - Flycam - Ph\u1ee5 ki\u1ec7n\",\"description\":\"Shop M\u00e1y \u1ea3nh - Action Camera - Gimbal - Flycam - Ph\u1ee5 ki\u1ec7n\",\"publisher\":{\"@id\":\"https:\/\/phukienflytech.vn\/#organization\"},\"potentialAction\":[{\"@type\":\"SearchAction\",\"target\":{\"@type\":\"EntryPoint\",\"urlTemplate\":\"https:\/\/phukienflytech.vn\/?s={search_term_string}\"},\"query-input\":{\"@type\":\"PropertyValueSpecification\",\"valueRequired\":true,\"valueName\":\"search_term_string\"}}],\"inLanguage\":\"en-US\"},{\"@type\":\"Organization\",\"@id\":\"https:\/\/phukienflytech.vn\/#organization\",\"name\":\"DJI Store - Shop Drone, Action camera, Gimbal DJI |Phukienflytech\",\"alternateName\":\"DJI Store - Shop Drone, Action camera, Gimbal DJI |Phukienflytech\",\"url\":\"https:\/\/phukienflytech.vn\/\",\"logo\":{\"@type\":\"ImageObject\",\"inLanguage\":\"en-US\",\"@id\":\"https:\/\/phukienflytech.vn\/#\/schema\/logo\/image\/\",\"url\":\"https:\/\/phukienflytech.vn\/wp-content\/uploads\/2020\/05\/hAnh_nan.jpg1_.jpg\",\"contentUrl\":\"https:\/\/phukienflytech.vn\/wp-content\/uploads\/2020\/05\/hAnh_nan.jpg1_.jpg\",\"width\":800,\"height\":450,\"caption\":\"DJI Store - Shop Drone, Action camera, Gimbal DJI |Phukienflytech\"},\"image\":{\"@id\":\"https:\/\/phukienflytech.vn\/#\/schema\/logo\/image\/\"},\"sameAs\":[\"https:\/\/facebook.com\/phukienflycam\",\"https:\/\/www.youtube.com\/@phukienflytech\",\"https:\/\/www.tiktok.com\/@flytech.channel?fbclid=IwY2xjawGjg7BleHRuA2FlbQIxMAABHYVGmlXpuSMs0UB2zTpYvyT4GMVfN2qJa4urF4vkSQ6FAVBwXZtDP30qQA_aem_UwMiDcUvlEbd2tXAmsc8Og\"]}]}<\/script>\n<!-- \/ Yoast SEO plugin. -->","yoast_head_json":{"title":"B\u1ed9 b\u1ea3o v\u1ec7 c\u00e1nh mavic air 2 v\u00e0 ch\u00e2n \u0111\u00f4n - Sunnylife - B\u1ea3o v\u1ec7 va ch\u1ea1m t\u1ed1t","description":"B\u1ed9 b\u1ea3o v\u1ec7 c\u00e1nh mavic air 2 v\u00e0 ch\u00e2n \u0111\u00f4n gi\u00fap b\u1ea3o v\u1ec7 flycam v\u00e0 h\u1ea1n ch\u1ebf h\u01b0 h\u1ecfng t\u1eeb va ch\u1ea1m, l\u00e0 ph\u1ee5 ki\u1ec7n quan tr\u1ecdng cho ng\u01b0\u1eddi m\u1edbi ch\u01a1i.","robots":{"index":"index","follow":"follow","max-snippet":"max-snippet:-1","max-image-preview":"max-image-preview:large","max-video-preview":"max-video-preview:-1"},"canonical":"https:\/\/phukienflytech.vn\/en\/san-pham\/bo-bao-ve-canh-mavic-air-2.html","og_locale":"en_US","og_type":"article","og_title":"B\u1ed9 b\u1ea3o v\u1ec7 c\u00e1nh mavic air 2 v\u00e0 ch\u00e2n \u0111\u00f4n - Sunnylife - B\u1ea3o v\u1ec7 va ch\u1ea1m t\u1ed1t","og_description":"B\u1ed9 b\u1ea3o v\u1ec7 c\u00e1nh mavic air 2 v\u00e0 ch\u00e2n \u0111\u00f4n gi\u00fap b\u1ea3o v\u1ec7 flycam v\u00e0 h\u1ea1n ch\u1ebf h\u01b0 h\u1ecfng t\u1eeb va ch\u1ea1m, l\u00e0 ph\u1ee5 ki\u1ec7n quan tr\u1ecdng cho ng\u01b0\u1eddi m\u1edbi ch\u01a1i.","og_url":"https:\/\/phukienflytech.vn\/en\/san-pham\/bo-bao-ve-canh-mavic-air-2.html","og_site_name":"Shop M\u00e1y \u1ea3nh - Action Camera - Gimbal - Flycam - Ph\u1ee5 ki\u1ec7n","article_publisher":"https:\/\/facebook.com\/phukienflycam","article_modified_time":"2022-10-04T03:21:49+00:00","og_image":[{"width":600,"height":600,"url":"https:\/\/phukienflytech.vn\/wp-content\/uploads\/2021\/02\/bao-ve-canh-mavic-air-2-sunnylife23-Copy-1.jpg","type":"image\/jpeg"}],"twitter_card":"summary_large_image","twitter_misc":{"Est. reading time":"3 minutes"},"schema":{"@context":"https:\/\/schema.org","@graph":[{"@type":"WebPage","@id":"https:\/\/phukienflytech.vn\/en\/san-pham\/bo-bao-ve-canh-mavic-air-2.html","url":"https:\/\/phukienflytech.vn\/en\/san-pham\/bo-bao-ve-canh-mavic-air-2.html","name":"B\u1ed9 b\u1ea3o v\u1ec7 c\u00e1nh mavic air 2 v\u00e0 ch\u00e2n \u0111\u00f4n - Sunnylife - B\u1ea3o v\u1ec7 va ch\u1ea1m t\u1ed1t","isPartOf":{"@id":"https:\/\/phukienflytech.vn\/#website"},"primaryImageOfPage":{"@id":"https:\/\/phukienflytech.vn\/en\/san-pham\/bo-bao-ve-canh-mavic-air-2.html#primaryimage"},"image":{"@id":"https:\/\/phukienflytech.vn\/en\/san-pham\/bo-bao-ve-canh-mavic-air-2.html#primaryimage"},"thumbnailUrl":"https:\/\/phukienflytech.vn\/wp-content\/uploads\/2021\/02\/bao-ve-canh-mavic-air-2-sunnylife23-Copy-1.jpg","datePublished":"2021-02-27T03:18:41+00:00","dateModified":"2022-10-04T03:21:49+00:00","description":"B\u1ed9 b\u1ea3o v\u1ec7 c\u00e1nh mavic air 2 v\u00e0 ch\u00e2n \u0111\u00f4n gi\u00fap b\u1ea3o v\u1ec7 flycam v\u00e0 h\u1ea1n ch\u1ebf h\u01b0 h\u1ecfng t\u1eeb va ch\u1ea1m, l\u00e0 ph\u1ee5 ki\u1ec7n quan tr\u1ecdng cho ng\u01b0\u1eddi m\u1edbi ch\u01a1i.","breadcrumb":{"@id":"https:\/\/phukienflytech.vn\/en\/san-pham\/bo-bao-ve-canh-mavic-air-2.html#breadcrumb"},"inLanguage":"en-US","potentialAction":[{"@type":"ReadAction","target":["https:\/\/phukienflytech.vn\/en\/san-pham\/bo-bao-ve-canh-mavic-air-2.html"]}]},{"@type":"ImageObject","inLanguage":"en-US","@id":"https:\/\/phukienflytech.vn\/en\/san-pham\/bo-bao-ve-canh-mavic-air-2.html#primaryimage","url":"https:\/\/phukienflytech.vn\/wp-content\/uploads\/2021\/02\/bao-ve-canh-mavic-air-2-sunnylife23-Copy-1.jpg","contentUrl":"https:\/\/phukienflytech.vn\/wp-content\/uploads\/2021\/02\/bao-ve-canh-mavic-air-2-sunnylife23-Copy-1.jpg","width":600,"height":600},{"@type":"BreadcrumbList","@id":"https:\/\/phukienflytech.vn\/en\/san-pham\/bo-bao-ve-canh-mavic-air-2.html#breadcrumb","itemListElement":[{"@type":"ListItem","position":1,"name":"Home","item":"https:\/\/phukienflytech.vn\/en"},{"@type":"ListItem","position":2,"name":"Ph\u1ee5 ki\u1ec7n Mavic Pro","item":"https:\/\/phukienflytech.vn\/en\/phu-kien-mavic-pro.html"},{"@type":"ListItem","position":3,"name":"Ph\u1ee5 ki\u1ec7n DJI - Osmo","item":"https:\/\/phukienflytech.vn\/danh-muc\/phu-kien-dji-osmo.html"},{"@type":"ListItem","position":4,"name":"Ph\u1ee5 ki\u1ec7n DJI Mavic Air 2","item":"https:\/\/phukienflytech.vn\/danh-muc\/phu-kien-mavic-air-2.html"},{"@type":"ListItem","position":5,"name":"B\u1ed9 b\u1ea3o v\u1ec7 c\u00e1nh v\u00e0 ch\u00e2n \u0111\u00f4n Mavic Air 2 &#8211; SunnyLife"}]},{"@type":"WebSite","@id":"https:\/\/phukienflytech.vn\/#website","url":"https:\/\/phukienflytech.vn\/","name":"Shop M\u00e1y \u1ea3nh - Action Camera - Gimbal - Flycam - Ph\u1ee5 ki\u1ec7n","description":"Shop M\u00e1y \u1ea3nh - Action Camera - Gimbal - Flycam - Ph\u1ee5 ki\u1ec7n","publisher":{"@id":"https:\/\/phukienflytech.vn\/#organization"},"potentialAction":[{"@type":"SearchAction","target":{"@type":"EntryPoint","urlTemplate":"https:\/\/phukienflytech.vn\/?s={search_term_string}"},"query-input":{"@type":"PropertyValueSpecification","valueRequired":true,"valueName":"search_term_string"}}],"inLanguage":"en-US"},{"@type":"Organization","@id":"https:\/\/phukienflytech.vn\/#organization","name":"DJI Store - Shop Drone, Action camera, Gimbal DJI |Phukienflytech","alternateName":"DJI Store - Shop Drone, Action camera, Gimbal DJI |Phukienflytech","url":"https:\/\/phukienflytech.vn\/","logo":{"@type":"ImageObject","inLanguage":"en-US","@id":"https:\/\/phukienflytech.vn\/#\/schema\/logo\/image\/","url":"https:\/\/phukienflytech.vn\/wp-content\/uploads\/2020\/05\/hAnh_nan.jpg1_.jpg","contentUrl":"https:\/\/phukienflytech.vn\/wp-content\/uploads\/2020\/05\/hAnh_nan.jpg1_.jpg","width":800,"height":450,"caption":"DJI Store - Shop Drone, Action camera, Gimbal DJI |Phukienflytech"},"image":{"@id":"https:\/\/phukienflytech.vn\/#\/schema\/logo\/image\/"},"sameAs":["https:\/\/facebook.com\/phukienflycam","https:\/\/www.youtube.com\/@phukienflytech","https:\/\/www.tiktok.com\/@flytech.channel?fbclid=IwY2xjawGjg7BleHRuA2FlbQIxMAABHYVGmlXpuSMs0UB2zTpYvyT4GMVfN2qJa4urF4vkSQ6FAVBwXZtDP30qQA_aem_UwMiDcUvlEbd2tXAmsc8Og"]}]}},"_links":{"self":[{"href":"https:\/\/phukienflytech.vn\/en\/wp-json\/wp\/v2\/product\/21744","targetHints":{"allow":["GET"]}}],"collection":[{"href":"https:\/\/phukienflytech.vn\/en\/wp-json\/wp\/v2\/product"}],"about":[{"href":"https:\/\/phukienflytech.vn\/en\/wp-json\/wp\/v2\/types\/product"}],"replies":[{"embeddable":true,"href":"https:\/\/phukienflytech.vn\/en\/wp-json\/wp\/v2\/comments?post=21744"}],"wp:featuredmedia":[{"embeddable":true,"href":"https:\/\/phukienflytech.vn\/en\/wp-json\/wp\/v2\/media\/21821"}],"wp:attachment":[{"href":"https:\/\/phukienflytech.vn\/en\/wp-json\/wp\/v2\/media?parent=21744"}],"wp:term":[{"taxonomy":"product_brand","embeddable":true,"href":"https:\/\/phukienflytech.vn\/en\/wp-json\/wp\/v2\/product_brand?post=21744"},{"taxonomy":"product_cat","embeddable":true,"href":"https:\/\/phukienflytech.vn\/en\/wp-json\/wp\/v2\/product_cat?post=21744"},{"taxonomy":"product_tag","embeddable":true,"href":"https:\/\/phukienflytech.vn\/en\/wp-json\/wp\/v2\/product_tag?post=21744"}],"curies":[{"name":"wp","href":"https:\/\/api.w.org\/{rel}","templated":true}]}}