{"id":21747,"date":"2021-02-27T09:35:59","date_gmt":"2021-02-27T02:35:59","guid":{"rendered":"https:\/\/phukienflytech.vn\/san-pham\/day-deo-mavic-air-2-mini-2.html"},"modified":"2022-08-25T21:13:43","modified_gmt":"2022-08-25T14:13:43","slug":"day-deo-mavic-air-2-mini-2","status":"publish","type":"product","link":"https:\/\/phukienflytech.vn\/en\/san-pham\/day-deo-mavic-air-2-mini-2.html","title":{"rendered":"B\u1ed9 d\u00e2y \u0111eo controller &#8211; Mavic Air 2 | Mini 2"},"content":{"rendered":"<h2><strong><span style=\"font-size: 20px; color: #0000ff;\">B\u1ed9 d\u00e2y \u0111eo controller Mavic Air 2 | Mini 2 \u2013 Sunnylife<\/span><\/strong><\/h2>\n<p><span style=\"font-size: 17px;\"><strong>D\u00e2y \u0111eo khi\u1ec3n Mavic Air 2<\/strong><\/span><\/p>\n<div>.<\/div>\n<div><img loading=\"lazy\" decoding=\"async\" class=\"aligncenter wp-image-33486 size-full\" src=\"https:\/\/phukienflytech.vn\/wp-content\/uploads\/2021\/02\/ga-moc-day-deo-mavic-air-2-sunnylife-124.jpg\" alt=\"d\u00e2y \u0111eo khi\u1ec3n mavic air 2\" width=\"850\" height=\"800\" srcset=\"https:\/\/phukienflytech.vn\/wp-content\/uploads\/2021\/02\/ga-moc-day-deo-mavic-air-2-sunnylife-124.jpg 850w, https:\/\/phukienflytech.vn\/wp-content\/uploads\/2021\/02\/ga-moc-day-deo-mavic-air-2-sunnylife-124-425x400.jpg 425w, https:\/\/phukienflytech.vn\/wp-content\/uploads\/2021\/02\/ga-moc-day-deo-mavic-air-2-sunnylife-124-768x723.jpg 768w, https:\/\/phukienflytech.vn\/wp-content\/uploads\/2021\/02\/ga-moc-day-deo-mavic-air-2-sunnylife-124-600x565.jpg 600w\" sizes=\"auto, (max-width: 850px) 100vw, 850px\" \/><\/div>\n<div style=\"text-align: center;\"><span style=\"font-size: 14px;\"><strong>Ph\u1ee5 ki\u1ec7n d\u00e2y \u0111eo tay khi\u1ec3n &#8211; Mavic Air 2 \/ Mini 2<\/strong><\/span><\/div>\n<div>.<\/div>\n<h2><span style=\"color: #0000ff;\"><strong><span style=\"font-size: 20px;\">\u270d Gi\u1edbi thi\u1ec7u s\u1ea3n ph\u1ea9m: D\u00e2y \u0111eo khi\u1ec3n controller Mavic Air 2 | Mini 2<\/span><\/strong><\/span><\/h2>\n<div>\n<p><span style=\"font-size: 17px;\">Qua qu\u00e1 tr\u00ecnh s\u1eed d\u1ee5ng, tay khi\u1ec3n n\u1ebfu kh\u00f4ng \u0111\u01b0\u1ee3c b\u1ecdc th\u00ec s\u1ebd d\u1ec5 xu\u1ea5t hi\u1ec7n x\u01b0\u1edbc ho\u1eb7c b\u1ea9n do m\u00f4i tr\u01b0\u1eddng. V\u00e0 vi\u1ec7c s\u1eed d\u1ee5ng tay \u0111i\u1ec1u khi\u1ec3n trong m\u1ed9t th\u1eddi gian d\u00e0i khi\u1ebfn ch\u00fang ta d\u1ec5 m\u1ecfi tay. \u0110\u1ec3 gi\u1ea3i quy\u1ebft hai v\u1ea5n \u0111\u1ec1 tr\u00ean ch\u00fang ta ho\u00e0n to\u00e0n c\u00f3 th\u1ec3 s\u1eed d\u1ee5ng s\u1ea3n ph\u1ea9m: B\u1ed9 Silicon v\u00e0 d\u00e2y \u0111eo controller Mavic Air 2 | Mini 2. <\/span><span style=\"font-size: 17px;\">Qua qu\u00e1 tr\u00ecnh s\u1eed d\u1ee5ng, tay khi\u1ec3n n\u1ebfu kh\u00f4ng \u0111\u01b0\u1ee3c b\u1ecdc th\u00ec s\u1ebd d\u1ec5 xu\u1ea5t hi\u1ec7n x\u01b0\u1edbc ho\u1eb7c b\u1ea9n do m\u00f4i tr\u01b0\u1eddng. V\u00e0 vi\u1ec7c s\u1eed d\u1ee5ng tay \u0111i\u1ec1u khi\u1ec3n trong m\u1ed9t th\u1eddi gian d\u00e0i khi\u1ebfn ch\u00fang ta d\u1ec5 m\u1ecfi tay. \u0110\u1ec3 gi\u1ea3i quy\u1ebft hai v\u1ea5n \u0111\u1ec1 tr\u00ean ch\u00fang ta ho\u00e0n to\u00e0n c\u00f3 th\u1ec3 s\u1eed d\u1ee5ng s\u1ea3n ph\u1ea9m: B\u1ed9 Silicon v\u00e0 d\u00e2y \u0111eo controller Mavic Air 2 | Mini 2.<\/span><\/p>\n<\/div>\n<div>.<\/div>\n<div><img loading=\"lazy\" decoding=\"async\" class=\"aligncenter wp-image-33484 size-full\" src=\"https:\/\/phukienflytech.vn\/wp-content\/uploads\/2021\/02\/ga-moc-day-deo-mavic-air-2-sunnylife-12.jpg\" alt=\"d\u00e2y \u0111eo khi\u1ec3n mavic air 2\" width=\"848\" height=\"478\" srcset=\"https:\/\/phukienflytech.vn\/wp-content\/uploads\/2021\/02\/ga-moc-day-deo-mavic-air-2-sunnylife-12.jpg 848w, https:\/\/phukienflytech.vn\/wp-content\/uploads\/2021\/02\/ga-moc-day-deo-mavic-air-2-sunnylife-12-710x400.jpg 710w, https:\/\/phukienflytech.vn\/wp-content\/uploads\/2021\/02\/ga-moc-day-deo-mavic-air-2-sunnylife-12-768x433.jpg 768w, https:\/\/phukienflytech.vn\/wp-content\/uploads\/2021\/02\/ga-moc-day-deo-mavic-air-2-sunnylife-12-600x338.jpg 600w\" sizes=\"auto, (max-width: 848px) 100vw, 848px\" \/><\/div>\n<div style=\"text-align: center;\"><span style=\"font-size: 14px;\"><strong>D\u00e2y \u0111eo k\u00e8m g\u00e1 m\u00f3c &#8211; H\u00e0ng ch\u00ednh h\u00e3ng SunnyLife\u00a0<\/strong><\/span><\/div>\n<div>.<\/div>\n<h2><strong><span style=\"font-size: 20px; color: #0000ff;\">\u270d M\u00f4 t\u1ea3 s\u1ea3n ph\u1ea9m: D\u00e2y \u0111eo khi\u1ec3n Mavic Air 2<\/span><\/strong><\/h2>\n<div><span style=\"font-size: 17px;\">\u2705\u00a0 Ch\u00e2t\u00a0 li\u1ec7u m\u00f3c g\u00e0i l\u00e0m t\u1eeb v\u1eadt li\u1ec7u kim lo\u1ea1i c\u00f3 \u0111\u1ed9 b\u1ec1n cao<\/span><\/div>\n<div><span style=\"font-size: 17px;\">\u2705\u00a0 B\u1ec1 m\u0103t c\u1ee7a d\u00e2y \u0111\u01b0\u1ee3c l\u00e0m tr\u01a1n, t\u1ea1o s\u1ef1 tho\u1ea3i m\u00e1i v\u00e0 th\u00e2n thi\u1ec7n v\u1edbi tay ng\u01b0\u1eddi d\u00f9ng.<\/span><\/div>\n<div><span style=\"font-size: 17px;\">\u2705\u00a0 \u1ed4n \u0111\u1ecbnh v\u00e0 an to\u00e0n khi s\u1eed d\u1ee5ng<\/span><\/div>\n<div><span style=\"font-size: 17px;\">\u2705\u00a0 Nh\u00e0 s\u1ea3n xu\u1ea5t : SunnyLife\u00a0<\/span><\/div>\n<div><span style=\"font-size: 17px;\">\u2705\u00a0 M\u00e0u s\u1eafc : \u0110en ch\u1eef tr\u1eafng\u00a0<\/span><\/div>\n<div>.<\/div>\n<div style=\"text-align: center;\"><iframe loading=\"lazy\" src=\"\/\/www.youtube.com\/embed\/XvbPW4pbSus?t=1s\" width=\"850\" height=\"477\" allowfullscreen=\"allowfullscreen\"><\/iframe><\/div>\n<div style=\"text-align: center;\"><span style=\"font-size: 14px;\"><strong>Ngu\u1ed3n : Youtube &#8211; Ph\u1ee5 ki\u1ec7n Flytech Vi\u1ec7t Nam\u00a0<\/strong><\/span><\/div>\n<div>.<\/div>\n<div><span style=\"font-size: 17px;\">&gt;&gt; Xem th\u00eam:\u00a0<span style=\"color: #0000ff;\"><a style=\"color: #0000ff;\" href=\"https:\/\/phukienflytech.vn\/danh-muc\/phu-kien-mavic-air-2.html\" target=\"_blank\" rel=\"noopener\"><strong>Ph\u1ee5 ki\u1ec7n Mavic Air 2<\/strong><\/a><\/span><\/span><\/div>\n<div>.<\/div>\n<h2><strong><span style=\"font-size: 20px; color: #0000ff;\">\u270d C\u00f4ng d\u1ee5ng s\u1ea3n ph\u1ea9m:<\/span><\/strong><\/h2>\n<div><span style=\"font-size: 17px;\">\u2705 D\u00e2y \u0111eo khi\u1ec3n Mavic Air 2 s\u1ebd gi\u00fap tay c\u1ee7a b\u1ea1n r\u1ea3nh h\u01a1n<\/span><\/div>\n<div><span style=\"font-size: 17px;\">\u2705 Gi\u00fap d\u1ec5 d\u00e0ng c\u00e1c thao t\u00e1c ch\u1ee5p h\u00ecnh<\/span><\/div>\n<div><span style=\"font-size: 17px;\">\u2705 V\u1edbi s\u1ea3n ph\u1ea9m d\u00e2y \u0111eo t\u1edbi t\u1eeb sunnylife b\u1ea1n s\u1ebd \u0111\u01b0\u1ee3c tr\u1ea1ng b\u1ecb k\u00e8m them m\u1ed9t mi\u1ebfng ng\u00e0m v\u00e0o \u0111i\u1ec1u khi\u1ec3n<\/span><\/div>\n<div>.<\/div>\n<div><img loading=\"lazy\" decoding=\"async\" class=\"aligncenter size-full wp-image-33488\" src=\"https:\/\/phukienflytech.vn\/wp-content\/uploads\/2021\/02\/ga-moc-day-deo-mavic-air-2-sunnylife-6.jpg\" alt=\"\" width=\"850\" height=\"186\" srcset=\"https:\/\/phukienflytech.vn\/wp-content\/uploads\/2021\/02\/ga-moc-day-deo-mavic-air-2-sunnylife-6.jpg 850w, https:\/\/phukienflytech.vn\/wp-content\/uploads\/2021\/02\/ga-moc-day-deo-mavic-air-2-sunnylife-6-800x175.jpg 800w, https:\/\/phukienflytech.vn\/wp-content\/uploads\/2021\/02\/ga-moc-day-deo-mavic-air-2-sunnylife-6-768x168.jpg 768w, https:\/\/phukienflytech.vn\/wp-content\/uploads\/2021\/02\/ga-moc-day-deo-mavic-air-2-sunnylife-6-600x131.jpg 600w\" sizes=\"auto, (max-width: 850px) 100vw, 850px\" \/><\/div>\n<div>.<\/div>\n<h2><span style=\"color: #0000ff;\"><strong><span style=\"font-size: 20px;\">\u270d H\u01b0\u1edbng d\u1eabn b\u1ea3o qu\u1ea3n:<\/span><\/strong><\/span><\/h2>\n<div><span style=\"font-size: 17px;\">\u2705 Tr\u00e1nh ti\u1ebfp x\u00fac nhi\u1ec7t \u0111\u1ed9 cao qu\u00e1 5 \u0111\u1ed9 C<\/span><\/div>\n<div><span style=\"font-size: 17px;\">\u2705 Th\u00e1o l\u1eafp s\u1ea3n ph\u1ea9m theo h\u01b0\u1edbng d\u1eabn, tr\u00e1nh g\u00e3y h\u1ecfng<\/span><\/div>\n<div>.<\/div>\n<div><img loading=\"lazy\" decoding=\"async\" class=\"aligncenter size-full wp-image-33490\" src=\"https:\/\/phukienflytech.vn\/wp-content\/uploads\/2021\/02\/ga-moc-day-deo-mavic-air-2-sunnylife-7.jpg\" alt=\"\" width=\"850\" height=\"464\" srcset=\"https:\/\/phukienflytech.vn\/wp-content\/uploads\/2021\/02\/ga-moc-day-deo-mavic-air-2-sunnylife-7.jpg 850w, https:\/\/phukienflytech.vn\/wp-content\/uploads\/2021\/02\/ga-moc-day-deo-mavic-air-2-sunnylife-7-733x400.jpg 733w, https:\/\/phukienflytech.vn\/wp-content\/uploads\/2021\/02\/ga-moc-day-deo-mavic-air-2-sunnylife-7-768x419.jpg 768w, https:\/\/phukienflytech.vn\/wp-content\/uploads\/2021\/02\/ga-moc-day-deo-mavic-air-2-sunnylife-7-600x328.jpg 600w\" sizes=\"auto, (max-width: 850px) 100vw, 850px\" \/><\/div>\n<div>.<\/div>\n<div>\n<h2><span style=\"font-size: 20px; color: #0000ff;\"><strong>Mua ph\u1ee5 ki\u1ec7n Mavic Air 2 ch\u00ednh h\u00e3ng \u1edf \u0111\u00e2u?<\/strong><\/span><\/h2>\n<p><span style=\"font-size: 17px;\"><strong>Phukienflytech<\/strong>\u00a0l\u00e0 1 trong nh\u1eefng \u0111\u1ecba ch\u1ec9 uy t\u00edn \u0111\u1ec3 c\u00e1c b\u1ea1n c\u00f3 th\u1ec3 tin t\u01b0\u1edfng v\u00e0 mua ph\u1ee5 ki\u1ec7n ch\u00ednh h\u00e3ng.\u00a0 Ch\u00fang t\u00f4i lu\u00f4n \u0111\u1eb7t quy\u1ec1n l\u1ee3i c\u1ee7a kh\u00e1ch h\u00e0ng l\u00ean h\u00e0ng \u0111\u1ea7u, ngo\u00e0i c\u00e1nh gi\u1ea3m \u1ed3n.<strong>\u00a0Phukienflytech<\/strong>\u00a0c\u00f2n chung c\u1ea5p nhi\u1ec1u ph\u1ee5 ki\u1ec7n flycam DJI kh\u00e1c.<\/span><\/p>\n<p><span style=\"font-size: 17px;\">Kh\u00f4ng ch\u1ec9 nh\u1eefng s\u1ea3n ph\u1ea9m ph\u1ee5 ki\u1ec7n ch\u00ednh h\u00e3ng DJI FPV Drone. Ch\u00fang t\u00f4i c\u0169ng ph\u00e2n ph\u1ed1i c\u00e1c d\u00f2ng s\u1ea3n ph\u1ea9m ph\u1ee5 ki\u1ec7n c\u1ee7a DJI Mavic 2, DJI Phantom, DJI Spark,.. ch\u00ednh h\u00e3ng t\u1edbi t\u1eeb DJI, Pgytech v\u00e0 SunnyLife.<\/span><\/p>\n<p>.<\/p>\n<p><span style=\"font-size: 17px;\">H\u00e3y \u0111\u1ebfn v\u1edbi ph\u1ee5 ki\u1ec7n flycam gi\u00e1 t\u1ed1t \u0111\u1ec3 c\u00f3 \u0111\u01b0\u1ee3c m\u1ee9c gi\u00e1 t\u1ed1t v\u00e0 ch\u1ea5t l\u01b0\u1ee3ng \u0111\u1ea3m b\u1ea3o<\/span><\/p>\n<p><span style=\"font-size: 17px;\">&gt;&gt; Xem th\u00eam:<strong>\u00a0<\/strong><span style=\"color: #0000ff;\"><a style=\"color: #0000ff;\" href=\"https:\/\/phukienflytech.vn\/danh-muc\/phu-kien-mavic-mini.html\" target=\"_blank\" rel=\"noopener\"><strong>Ph\u1ee5 ki\u1ec7n Mavic Mini|Mini 2<\/strong><\/a><\/span><\/span><\/p>\n<p><span style=\"font-size: 17px;\">&gt;&gt; Li\u00ean h\u1ec7 v\u1edbi ch\u00fang t\u00f4i qua:\u00a0<strong>Fanpage:<span style=\"color: #0000ff;\">\u00a0<\/span><\/strong><span style=\"color: #0000ff;\"><a style=\"color: #0000ff;\" href=\"https:\/\/www.facebook.com\/phukienflycam\" target=\"_blank\" rel=\"noopener\"><strong>Ph\u1ee5 ki\u1ec7n flycam gi\u00e1 t\u1ed1t\u00a0<\/strong><\/a><\/span><\/span><\/p>\n<\/div>\n","protected":false},"excerpt":{"rendered":"<p>B\u1ed9 d\u00e2y \u0111eo controller Mavic Air 2 | Mini 2 \u2013 Sunnylife D\u00e2y \u0111eo khi\u1ec3n Mavic Air 2 . Ph\u1ee5 ki\u1ec7n d\u00e2y \u0111eo tay khi\u1ec3n &#8211; Mavic Air 2 \/ Mini 2 . \u270d Gi\u1edbi thi\u1ec7u s\u1ea3n ph\u1ea9m: D\u00e2y \u0111eo khi\u1ec3n controller Mavic Air 2 | Mini 2 Qua qu\u00e1 tr\u00ecnh s\u1eed d\u1ee5ng, tay khi\u1ec3n &#8230;<\/p>\n","protected":false},"featured_media":21749,"comment_status":"open","ping_status":"closed","template":"","meta":{"_acf_changed":false},"product_brand":[],"product_cat":[199,181],"product_tag":[],"class_list":{"0":"post-21747","1":"product","2":"type-product","3":"status-publish","4":"has-post-thumbnail","6":"product_cat-mavic-air-2-accessory","7":"product_cat-mavic-mini-accessory","9":"first","10":"instock","11":"shipping-taxable","12":"purchasable","13":"product-type-simple"},"acf":[],"yoast_head":"<!-- This site is optimized with the Yoast SEO plugin v25.7 - https:\/\/yoast.com\/wordpress\/plugins\/seo\/ -->\n<title>d\u00e2y \u0111eo khi\u1ec3n mavic air 2 | Mini 2 - Sunnylife - Chuy\u00ean nghi\u1ec7p<\/title>\n<meta name=\"description\" content=\"D\u00e2y \u0111eo khi\u1ec3n (controller) mavic air 2 v\u00e0 Mavic Mini 2 ch\u00ednh h\u00e3ng Sunnylife, gi\u00e1 t\u1ed1t t\u1ea1i Phukienflytech. Mua d\u00e2y \u0111eo ship cod to\u00e0n qu\u1ed1c.\" \/>\n<meta name=\"robots\" content=\"index, follow, max-snippet:-1, max-image-preview:large, max-video-preview:-1\" \/>\n<link rel=\"canonical\" href=\"https:\/\/phukienflytech.vn\/en\/san-pham\/day-deo-mavic-air-2-mini-2.html\" \/>\n<meta property=\"og:locale\" content=\"en_US\" \/>\n<meta property=\"og:type\" content=\"article\" \/>\n<meta property=\"og:title\" content=\"d\u00e2y \u0111eo khi\u1ec3n mavic air 2 | Mini 2 - Sunnylife - Chuy\u00ean nghi\u1ec7p\" \/>\n<meta property=\"og:description\" content=\"D\u00e2y \u0111eo khi\u1ec3n (controller) mavic air 2 v\u00e0 Mavic Mini 2 ch\u00ednh h\u00e3ng Sunnylife, gi\u00e1 t\u1ed1t t\u1ea1i Phukienflytech. Mua d\u00e2y \u0111eo ship cod to\u00e0n qu\u1ed1c.\" \/>\n<meta property=\"og:url\" content=\"https:\/\/phukienflytech.vn\/en\/san-pham\/day-deo-mavic-air-2-mini-2.html\" \/>\n<meta property=\"og:site_name\" content=\"Shop M\u00e1y \u1ea3nh - Action Camera - Gimbal - Flycam - Ph\u1ee5 ki\u1ec7n\" \/>\n<meta property=\"article:publisher\" content=\"https:\/\/facebook.com\/phukienflycam\" \/>\n<meta property=\"article:modified_time\" content=\"2022-08-25T14:13:43+00:00\" \/>\n<meta property=\"og:image\" content=\"https:\/\/phukienflytech.vn\/wp-content\/uploads\/2021\/02\/g\u00e1-moc-day-deo-mavic-air-2-sunnylife-124-123-Copy.jpg\" \/>\n\t<meta property=\"og:image:width\" content=\"600\" \/>\n\t<meta property=\"og:image:height\" content=\"600\" \/>\n\t<meta property=\"og:image:type\" content=\"image\/jpeg\" \/>\n<meta name=\"twitter:card\" content=\"summary_large_image\" \/>\n<meta name=\"twitter:label1\" content=\"Est. reading time\" \/>\n\t<meta name=\"twitter:data1\" content=\"3 minutes\" \/>\n<script type=\"application\/ld+json\" class=\"yoast-schema-graph\">{\"@context\":\"https:\/\/schema.org\",\"@graph\":[{\"@type\":\"WebPage\",\"@id\":\"https:\/\/phukienflytech.vn\/en\/san-pham\/day-deo-mavic-air-2-mini-2.html\",\"url\":\"https:\/\/phukienflytech.vn\/en\/san-pham\/day-deo-mavic-air-2-mini-2.html\",\"name\":\"d\u00e2y \u0111eo khi\u1ec3n mavic air 2 | Mini 2 - Sunnylife - Chuy\u00ean nghi\u1ec7p\",\"isPartOf\":{\"@id\":\"https:\/\/phukienflytech.vn\/#website\"},\"primaryImageOfPage\":{\"@id\":\"https:\/\/phukienflytech.vn\/en\/san-pham\/day-deo-mavic-air-2-mini-2.html#primaryimage\"},\"image\":{\"@id\":\"https:\/\/phukienflytech.vn\/en\/san-pham\/day-deo-mavic-air-2-mini-2.html#primaryimage\"},\"thumbnailUrl\":\"https:\/\/phukienflytech.vn\/wp-content\/uploads\/2021\/02\/g\u00e1-moc-day-deo-mavic-air-2-sunnylife-124-123-Copy.jpg\",\"datePublished\":\"2021-02-27T02:35:59+00:00\",\"dateModified\":\"2022-08-25T14:13:43+00:00\",\"description\":\"D\u00e2y \u0111eo khi\u1ec3n (controller) mavic air 2 v\u00e0 Mavic Mini 2 ch\u00ednh h\u00e3ng Sunnylife, gi\u00e1 t\u1ed1t t\u1ea1i Phukienflytech. Mua d\u00e2y \u0111eo ship cod to\u00e0n qu\u1ed1c.\",\"breadcrumb\":{\"@id\":\"https:\/\/phukienflytech.vn\/en\/san-pham\/day-deo-mavic-air-2-mini-2.html#breadcrumb\"},\"inLanguage\":\"en-US\",\"potentialAction\":[{\"@type\":\"ReadAction\",\"target\":[\"https:\/\/phukienflytech.vn\/en\/san-pham\/day-deo-mavic-air-2-mini-2.html\"]}]},{\"@type\":\"ImageObject\",\"inLanguage\":\"en-US\",\"@id\":\"https:\/\/phukienflytech.vn\/en\/san-pham\/day-deo-mavic-air-2-mini-2.html#primaryimage\",\"url\":\"https:\/\/phukienflytech.vn\/wp-content\/uploads\/2021\/02\/g\u00e1-moc-day-deo-mavic-air-2-sunnylife-124-123-Copy.jpg\",\"contentUrl\":\"https:\/\/phukienflytech.vn\/wp-content\/uploads\/2021\/02\/g\u00e1-moc-day-deo-mavic-air-2-sunnylife-124-123-Copy.jpg\",\"width\":600,\"height\":600},{\"@type\":\"BreadcrumbList\",\"@id\":\"https:\/\/phukienflytech.vn\/en\/san-pham\/day-deo-mavic-air-2-mini-2.html#breadcrumb\",\"itemListElement\":[{\"@type\":\"ListItem\",\"position\":1,\"name\":\"Home\",\"item\":\"https:\/\/phukienflytech.vn\/en\"},{\"@type\":\"ListItem\",\"position\":2,\"name\":\"Ph\u1ee5 ki\u1ec7n Mavic Pro\",\"item\":\"https:\/\/phukienflytech.vn\/en\/phu-kien-mavic-pro.html\"},{\"@type\":\"ListItem\",\"position\":3,\"name\":\"Ph\u1ee5 ki\u1ec7n DJI - Osmo\",\"item\":\"https:\/\/phukienflytech.vn\/danh-muc\/phu-kien-dji-osmo.html\"},{\"@type\":\"ListItem\",\"position\":4,\"name\":\"Ph\u1ee5 ki\u1ec7n DJI Mavic Air 2\",\"item\":\"https:\/\/phukienflytech.vn\/danh-muc\/phu-kien-mavic-air-2.html\"},{\"@type\":\"ListItem\",\"position\":5,\"name\":\"B\u1ed9 d\u00e2y \u0111eo controller &#8211; Mavic Air 2 | Mini 2\"}]},{\"@type\":\"WebSite\",\"@id\":\"https:\/\/phukienflytech.vn\/#website\",\"url\":\"https:\/\/phukienflytech.vn\/\",\"name\":\"Shop M\u00e1y \u1ea3nh - Action Camera - Gimbal - Flycam - Ph\u1ee5 ki\u1ec7n\",\"description\":\"Shop M\u00e1y \u1ea3nh - Action Camera - Gimbal - Flycam - Ph\u1ee5 ki\u1ec7n\",\"publisher\":{\"@id\":\"https:\/\/phukienflytech.vn\/#organization\"},\"potentialAction\":[{\"@type\":\"SearchAction\",\"target\":{\"@type\":\"EntryPoint\",\"urlTemplate\":\"https:\/\/phukienflytech.vn\/?s={search_term_string}\"},\"query-input\":{\"@type\":\"PropertyValueSpecification\",\"valueRequired\":true,\"valueName\":\"search_term_string\"}}],\"inLanguage\":\"en-US\"},{\"@type\":\"Organization\",\"@id\":\"https:\/\/phukienflytech.vn\/#organization\",\"name\":\"DJI Store - Shop Drone, Action camera, Gimbal DJI |Phukienflytech\",\"alternateName\":\"DJI Store - Shop Drone, Action camera, Gimbal DJI |Phukienflytech\",\"url\":\"https:\/\/phukienflytech.vn\/\",\"logo\":{\"@type\":\"ImageObject\",\"inLanguage\":\"en-US\",\"@id\":\"https:\/\/phukienflytech.vn\/#\/schema\/logo\/image\/\",\"url\":\"https:\/\/phukienflytech.vn\/wp-content\/uploads\/2020\/05\/hAnh_nan.jpg1_.jpg\",\"contentUrl\":\"https:\/\/phukienflytech.vn\/wp-content\/uploads\/2020\/05\/hAnh_nan.jpg1_.jpg\",\"width\":800,\"height\":450,\"caption\":\"DJI Store - Shop Drone, Action camera, Gimbal DJI |Phukienflytech\"},\"image\":{\"@id\":\"https:\/\/phukienflytech.vn\/#\/schema\/logo\/image\/\"},\"sameAs\":[\"https:\/\/facebook.com\/phukienflycam\",\"https:\/\/www.youtube.com\/@phukienflytech\",\"https:\/\/www.tiktok.com\/@flytech.channel?fbclid=IwY2xjawGjg7BleHRuA2FlbQIxMAABHYVGmlXpuSMs0UB2zTpYvyT4GMVfN2qJa4urF4vkSQ6FAVBwXZtDP30qQA_aem_UwMiDcUvlEbd2tXAmsc8Og\"]}]}<\/script>\n<!-- \/ Yoast SEO plugin. -->","yoast_head_json":{"title":"d\u00e2y \u0111eo khi\u1ec3n mavic air 2 | Mini 2 - Sunnylife - Chuy\u00ean nghi\u1ec7p","description":"D\u00e2y \u0111eo khi\u1ec3n (controller) mavic air 2 v\u00e0 Mavic Mini 2 ch\u00ednh h\u00e3ng Sunnylife, gi\u00e1 t\u1ed1t t\u1ea1i Phukienflytech. Mua d\u00e2y \u0111eo ship cod to\u00e0n qu\u1ed1c.","robots":{"index":"index","follow":"follow","max-snippet":"max-snippet:-1","max-image-preview":"max-image-preview:large","max-video-preview":"max-video-preview:-1"},"canonical":"https:\/\/phukienflytech.vn\/en\/san-pham\/day-deo-mavic-air-2-mini-2.html","og_locale":"en_US","og_type":"article","og_title":"d\u00e2y \u0111eo khi\u1ec3n mavic air 2 | Mini 2 - Sunnylife - Chuy\u00ean nghi\u1ec7p","og_description":"D\u00e2y \u0111eo khi\u1ec3n (controller) mavic air 2 v\u00e0 Mavic Mini 2 ch\u00ednh h\u00e3ng Sunnylife, gi\u00e1 t\u1ed1t t\u1ea1i Phukienflytech. Mua d\u00e2y \u0111eo ship cod to\u00e0n qu\u1ed1c.","og_url":"https:\/\/phukienflytech.vn\/en\/san-pham\/day-deo-mavic-air-2-mini-2.html","og_site_name":"Shop M\u00e1y \u1ea3nh - Action Camera - Gimbal - Flycam - Ph\u1ee5 ki\u1ec7n","article_publisher":"https:\/\/facebook.com\/phukienflycam","article_modified_time":"2022-08-25T14:13:43+00:00","og_image":[{"width":600,"height":600,"url":"https:\/\/phukienflytech.vn\/wp-content\/uploads\/2021\/02\/g\u00e1-moc-day-deo-mavic-air-2-sunnylife-124-123-Copy.jpg","type":"image\/jpeg"}],"twitter_card":"summary_large_image","twitter_misc":{"Est. reading time":"3 minutes"},"schema":{"@context":"https:\/\/schema.org","@graph":[{"@type":"WebPage","@id":"https:\/\/phukienflytech.vn\/en\/san-pham\/day-deo-mavic-air-2-mini-2.html","url":"https:\/\/phukienflytech.vn\/en\/san-pham\/day-deo-mavic-air-2-mini-2.html","name":"d\u00e2y \u0111eo khi\u1ec3n mavic air 2 | Mini 2 - Sunnylife - Chuy\u00ean nghi\u1ec7p","isPartOf":{"@id":"https:\/\/phukienflytech.vn\/#website"},"primaryImageOfPage":{"@id":"https:\/\/phukienflytech.vn\/en\/san-pham\/day-deo-mavic-air-2-mini-2.html#primaryimage"},"image":{"@id":"https:\/\/phukienflytech.vn\/en\/san-pham\/day-deo-mavic-air-2-mini-2.html#primaryimage"},"thumbnailUrl":"https:\/\/phukienflytech.vn\/wp-content\/uploads\/2021\/02\/g\u00e1-moc-day-deo-mavic-air-2-sunnylife-124-123-Copy.jpg","datePublished":"2021-02-27T02:35:59+00:00","dateModified":"2022-08-25T14:13:43+00:00","description":"D\u00e2y \u0111eo khi\u1ec3n (controller) mavic air 2 v\u00e0 Mavic Mini 2 ch\u00ednh h\u00e3ng Sunnylife, gi\u00e1 t\u1ed1t t\u1ea1i Phukienflytech. Mua d\u00e2y \u0111eo ship cod to\u00e0n qu\u1ed1c.","breadcrumb":{"@id":"https:\/\/phukienflytech.vn\/en\/san-pham\/day-deo-mavic-air-2-mini-2.html#breadcrumb"},"inLanguage":"en-US","potentialAction":[{"@type":"ReadAction","target":["https:\/\/phukienflytech.vn\/en\/san-pham\/day-deo-mavic-air-2-mini-2.html"]}]},{"@type":"ImageObject","inLanguage":"en-US","@id":"https:\/\/phukienflytech.vn\/en\/san-pham\/day-deo-mavic-air-2-mini-2.html#primaryimage","url":"https:\/\/phukienflytech.vn\/wp-content\/uploads\/2021\/02\/g\u00e1-moc-day-deo-mavic-air-2-sunnylife-124-123-Copy.jpg","contentUrl":"https:\/\/phukienflytech.vn\/wp-content\/uploads\/2021\/02\/g\u00e1-moc-day-deo-mavic-air-2-sunnylife-124-123-Copy.jpg","width":600,"height":600},{"@type":"BreadcrumbList","@id":"https:\/\/phukienflytech.vn\/en\/san-pham\/day-deo-mavic-air-2-mini-2.html#breadcrumb","itemListElement":[{"@type":"ListItem","position":1,"name":"Home","item":"https:\/\/phukienflytech.vn\/en"},{"@type":"ListItem","position":2,"name":"Ph\u1ee5 ki\u1ec7n Mavic Pro","item":"https:\/\/phukienflytech.vn\/en\/phu-kien-mavic-pro.html"},{"@type":"ListItem","position":3,"name":"Ph\u1ee5 ki\u1ec7n DJI - Osmo","item":"https:\/\/phukienflytech.vn\/danh-muc\/phu-kien-dji-osmo.html"},{"@type":"ListItem","position":4,"name":"Ph\u1ee5 ki\u1ec7n DJI Mavic Air 2","item":"https:\/\/phukienflytech.vn\/danh-muc\/phu-kien-mavic-air-2.html"},{"@type":"ListItem","position":5,"name":"B\u1ed9 d\u00e2y \u0111eo controller &#8211; Mavic Air 2 | Mini 2"}]},{"@type":"WebSite","@id":"https:\/\/phukienflytech.vn\/#website","url":"https:\/\/phukienflytech.vn\/","name":"Shop M\u00e1y \u1ea3nh - Action Camera - Gimbal - Flycam - Ph\u1ee5 ki\u1ec7n","description":"Shop M\u00e1y \u1ea3nh - Action Camera - Gimbal - Flycam - Ph\u1ee5 ki\u1ec7n","publisher":{"@id":"https:\/\/phukienflytech.vn\/#organization"},"potentialAction":[{"@type":"SearchAction","target":{"@type":"EntryPoint","urlTemplate":"https:\/\/phukienflytech.vn\/?s={search_term_string}"},"query-input":{"@type":"PropertyValueSpecification","valueRequired":true,"valueName":"search_term_string"}}],"inLanguage":"en-US"},{"@type":"Organization","@id":"https:\/\/phukienflytech.vn\/#organization","name":"DJI Store - Shop Drone, Action camera, Gimbal DJI |Phukienflytech","alternateName":"DJI Store - Shop Drone, Action camera, Gimbal DJI |Phukienflytech","url":"https:\/\/phukienflytech.vn\/","logo":{"@type":"ImageObject","inLanguage":"en-US","@id":"https:\/\/phukienflytech.vn\/#\/schema\/logo\/image\/","url":"https:\/\/phukienflytech.vn\/wp-content\/uploads\/2020\/05\/hAnh_nan.jpg1_.jpg","contentUrl":"https:\/\/phukienflytech.vn\/wp-content\/uploads\/2020\/05\/hAnh_nan.jpg1_.jpg","width":800,"height":450,"caption":"DJI Store - Shop Drone, Action camera, Gimbal DJI |Phukienflytech"},"image":{"@id":"https:\/\/phukienflytech.vn\/#\/schema\/logo\/image\/"},"sameAs":["https:\/\/facebook.com\/phukienflycam","https:\/\/www.youtube.com\/@phukienflytech","https:\/\/www.tiktok.com\/@flytech.channel?fbclid=IwY2xjawGjg7BleHRuA2FlbQIxMAABHYVGmlXpuSMs0UB2zTpYvyT4GMVfN2qJa4urF4vkSQ6FAVBwXZtDP30qQA_aem_UwMiDcUvlEbd2tXAmsc8Og"]}]}},"_links":{"self":[{"href":"https:\/\/phukienflytech.vn\/en\/wp-json\/wp\/v2\/product\/21747","targetHints":{"allow":["GET"]}}],"collection":[{"href":"https:\/\/phukienflytech.vn\/en\/wp-json\/wp\/v2\/product"}],"about":[{"href":"https:\/\/phukienflytech.vn\/en\/wp-json\/wp\/v2\/types\/product"}],"replies":[{"embeddable":true,"href":"https:\/\/phukienflytech.vn\/en\/wp-json\/wp\/v2\/comments?post=21747"}],"wp:featuredmedia":[{"embeddable":true,"href":"https:\/\/phukienflytech.vn\/en\/wp-json\/wp\/v2\/media\/21749"}],"wp:attachment":[{"href":"https:\/\/phukienflytech.vn\/en\/wp-json\/wp\/v2\/media?parent=21747"}],"wp:term":[{"taxonomy":"product_brand","embeddable":true,"href":"https:\/\/phukienflytech.vn\/en\/wp-json\/wp\/v2\/product_brand?post=21747"},{"taxonomy":"product_cat","embeddable":true,"href":"https:\/\/phukienflytech.vn\/en\/wp-json\/wp\/v2\/product_cat?post=21747"},{"taxonomy":"product_tag","embeddable":true,"href":"https:\/\/phukienflytech.vn\/en\/wp-json\/wp\/v2\/product_tag?post=21747"}],"curies":[{"name":"wp","href":"https:\/\/api.w.org\/{rel}","templated":true}]}}