{"id":2183,"date":"2020-05-20T10:48:38","date_gmt":"2020-05-20T03:48:38","guid":{"rendered":"http:\/\/27430.lamdx.vinawebsite.vn\/san-pham\/chao-khuech-song-fimi-x8-se.html"},"modified":"2020-10-21T15:59:19","modified_gmt":"2020-10-21T08:59:19","slug":"booster-for-fimi-x8-se","status":"publish","type":"product","link":"https:\/\/phukienflytech.vn\/en\/san-pham\/booster-for-fimi-x8-se.html","title":{"rendered":"Extension antenna booster for Fimi X8 SE"},"content":{"rendered":"<h2><span style=\"color: #0000ff;\"><em><strong>Booster for Fimi X8 SE<\/strong><\/em><\/span><\/h2>\n<p>&nbsp;<\/p>\n<p><span style=\"font-size: 18px;\">Booster for Fimi X8 SE<\/span><\/p>\n<p><span style=\"font-size: 18px;\"><strong>Flycam Xiaomi Fimi X8 SE<\/strong>\u00a0 l\u00e0 m\u1ed9t m\u00e1y bay kh\u00f4ng ng\u01b0\u1eddi l\u00e1i th\u1ebf h\u1ec7 m\u1edbi ra m\u1eaft v\u00e0o 2019 v\u1edbi thi\u1ebft k\u1ebf c\u00f3 th\u1ec3 g\u1eadp l\u1ea1i xu\u1ea5t s\u1eafc. \u0110\u01b0\u1ee3c coi l\u00e0 \u0111\u1ed1i th\u1ee7 c\u1ea1nh tranh tr\u1ef1c ti\u1ebfp v\u1edbi\u00a0<strong>DJI Mavic Air<\/strong>,\u00a0<strong>Parrot Anafi<\/strong>\u00a0v\u00e0\u00a0<strong>Hubsan Zino<\/strong>\u00a0v\u1edbi gi\u00e1 th\u00e0nh r\u1ebb h\u01a1n nh\u01b0ng ch\u1ee9c n\u0103ng th\u00ec kh\u00f4ng thua k\u00e9m g\u00ec c\u00e1c s\u1ea3n ph\u1ea9m d\u00f2ng DJI.<\/span><\/p>\n<p>&nbsp;<\/p>\n<p><span style=\"font-size: 18px;\"><img loading=\"lazy\" decoding=\"async\" class=\"alignnone wp-image-14176\" src=\"https:\/\/phukienflytech.vn\/wp-content\/uploads\/2020\/05\/chao-khuech-song-fimi-x8-se-2174-4-719x400.jpg\" alt=\"\" width=\"528\" height=\"294\" srcset=\"https:\/\/phukienflytech.vn\/wp-content\/uploads\/2020\/05\/chao-khuech-song-fimi-x8-se-2174-4-719x400.jpg 719w, https:\/\/phukienflytech.vn\/wp-content\/uploads\/2020\/05\/chao-khuech-song-fimi-x8-se-2174-4-768x427.jpg 768w, https:\/\/phukienflytech.vn\/wp-content\/uploads\/2020\/05\/chao-khuech-song-fimi-x8-se-2174-4-600x334.jpg 600w, https:\/\/phukienflytech.vn\/wp-content\/uploads\/2020\/05\/chao-khuech-song-fimi-x8-se-2174-4.jpg 800w\" sizes=\"auto, (max-width: 528px) 100vw, 528px\" \/><\/span><\/p>\n<p>&nbsp;<\/p>\n<p><span style=\"font-size: 18px;\">\u00a0V\u1edbi th\u00f4ng s\u1ed1 nh\u00e0 s\u1ea3n xu\u1ea5t th\u00ec chi\u1ebfc\u00a0<strong>Flycam Xiaomi Fimi X8 SE<\/strong>\u00a0c\u1ee7a ch\u00fang ta c\u00f3 th\u1ec3 \u0111\u1ea1t \u0111\u1ed9 xa l\u00ean t\u1edbi 5km. Nh\u01b0ng th\u1ef1c t\u1ebf th\u00ec\u00a0<strong>Xiaomi Fimi X8 SE<\/strong>\u00a0ch\u1ec9 \u0111\u1ea1t gi\u1edbi h\u1ea1n t\u1ed1t nh\u1ea5t trong kho\u1ea3ng 3,5 km trong \u0111i\u1ec1u ki\u1ec7n bay thu\u1eadn l\u1ee3i nh\u1ea5t.<\/span><\/p>\n<p><span style=\"font-size: 18px;\">Vi\u1ec7c c\u1ea3i thi\u1ec7n t\u00edn hi\u1ec7u s\u00f3ng l\u00e0 v\u00f4 c\u00f9ng quan tr\u1ecdng, v\u00e0 c\u1ea7n thi\u1ebft n\u1ebfu b\u1ea1n mu\u1ed1n c\u00f3 tr\u1ea3i nghi\u1ec7m bay t\u1ed1t nh\u1ea5t. V\u00ec th\u1ebf tr\u00ean c\u00e1c m\u1eabu\u00a0<strong>Mavic series\/Spark<\/strong>\u00a0,\u00a0<strong>Phantom 3s\/4<\/strong>\u00a0\u0111\u1ec1u c\u00f3 nh\u1eefng s\u1ea3n ph\u1ea9m gi\u00fap c\u1ea3i thi\u1ec7n t\u00edn hi\u1ec7u s\u00f3ng nh\u01b0\u00a0<strong><a href=\"https:\/\/phukienflytech.vn\/en\/san-pham\/chao-khuech-song-mavic-pro-seri-spark-air-type-a.html\" target=\"_blank\" rel=\"noopener noreferrer\">Khu\u1ebfch s\u00f3ng Mavic<\/a><\/strong>,\u00a0<strong><a href=\"https:\/\/phukienflytech.vn\/en\/san-pham\/khuech-song-phantom.html\" target=\"_blank\" rel=\"noopener noreferrer\">Khu\u1ebfch s\u00f3ng Phantom 3<\/a>\u00a0<\/strong>,&#8230; v\u00e0 nh\u1eefng\u00a0<a href=\"https:\/\/phukienflytech.vn\/en\/san-pham\/mod-song-spark-mavic-pro-seri-dang-cay.html\" target=\"_blank\" rel=\"noopener noreferrer\"><strong>b\u1ed9 khu\u1ebfch c\u1ef1c \u0111\u1ea1i d\u1ea1ng c\u00e2y<\/strong><\/a>\/\u00a0<strong><a href=\"https:\/\/phukienflytech.vn\/en\/san-pham\/mod-song-spark-mavic-pro-seri-dang-tam.html\" target=\"_blank\" rel=\"noopener noreferrer\">d\u1ea1ng t\u1ea5m c\u1ee7a Mavic<\/a><\/strong>\/<a href=\"https:\/\/phukienflytech.vn\/en\/san-pham\/bo-kich-song-mod-phantom-3-4k.html\" target=\"_blank\" rel=\"noopener noreferrer\"><strong>\u00a0Phantom<\/strong>\u00a0<\/a>\u0111\u1ec1u \u0111em t\u1edbi s\u1ef1 an t\u00e2m v\u00e0 tr\u1ea3i nghi\u1ec7m tuy\u1ec7t v\u1eddi cho ng\u01b0\u1eddi d\u00f9ng.\u00a0<\/span><\/p>\n<p>&nbsp;<\/p>\n<p><span style=\"font-size: 18px;\"><img loading=\"lazy\" decoding=\"async\" class=\"alignnone wp-image-14178 size-medium\" src=\"https:\/\/phukienflytech.vn\/wp-content\/uploads\/2020\/05\/chao-khuech-song-fimi-x8-se-2174-1-1-400x400.jpg\" alt=\"Booster-for-Fimi-X8-SE-1\" width=\"400\" height=\"400\" srcset=\"https:\/\/phukienflytech.vn\/wp-content\/uploads\/2020\/05\/chao-khuech-song-fimi-x8-se-2174-1-1-400x400.jpg 400w, https:\/\/phukienflytech.vn\/wp-content\/uploads\/2020\/05\/chao-khuech-song-fimi-x8-se-2174-1-1-280x280.jpg 280w, https:\/\/phukienflytech.vn\/wp-content\/uploads\/2020\/05\/chao-khuech-song-fimi-x8-se-2174-1-1-768x768.jpg 768w, https:\/\/phukienflytech.vn\/wp-content\/uploads\/2020\/05\/chao-khuech-song-fimi-x8-se-2174-1-1-800x800.jpg 800w, https:\/\/phukienflytech.vn\/wp-content\/uploads\/2020\/05\/chao-khuech-song-fimi-x8-se-2174-1-1-300x300.jpg 300w, https:\/\/phukienflytech.vn\/wp-content\/uploads\/2020\/05\/chao-khuech-song-fimi-x8-se-2174-1-1-600x600.jpg 600w, https:\/\/phukienflytech.vn\/wp-content\/uploads\/2020\/05\/chao-khuech-song-fimi-x8-se-2174-1-1-100x100.jpg 100w, https:\/\/phukienflytech.vn\/wp-content\/uploads\/2020\/05\/chao-khuech-song-fimi-x8-se-2174-1-1.jpg 1000w\" sizes=\"auto, (max-width: 400px) 100vw, 400px\" \/><\/span><\/p>\n<p>&nbsp;<\/p>\n<p><span style=\"font-size: 18px;\">V\u00ec v\u1eady vi\u1ec7c s\u1eed d\u1ee5ng th\u00eam t\u1ea5m khu\u1ebfch s\u00f3ng\u00a0<strong>Fimi X8 SE<\/strong>\u00a0\u0111\u1ec3 c\u1ea3i thi\u1ec7n t\u00edn hi\u1ec7u s\u00f3ng khi bay xa l\u00e0 an to\u00e0n ho\u00e0n to\u00e0n c\u1ea7n thi\u1ebft.<\/span><\/p>\n<h2><span style=\"font-size: 21px; color: #0000ff;\"><strong>T\u00ednh n\u0103ng c\u1ee7a ch\u1ea3o khu\u1ebfch s\u00f3ng Fimi X8 SE<\/strong><\/span><\/h2>\n<p><span style=\"font-size: 18px;\"><strong>Khu\u1ebfc s\u00f3ng Fimi X8 SE<\/strong>\u00a0gi\u00fap c\u1ea3i thi\u1ec7n t\u00edn hi\u1ec7u \u0111i\u1ec1u khi\u1ec3n t\u1eeb xa v\u00e0 \u00a0h\u00ecnh \u1ea3nh truy\u1ec1n v\u1ec1 r\u00f5 n\u00e9t, \u1ed5n \u0111\u1ecbnh h\u01a1n<\/span><\/p>\n<p><span style=\"font-size: 18px;\">T\u0103ng c\u01b0\u1eddng t\u00edn hi\u1ec7u \u0103ng-ten, m\u1edf r\u1ed9ng kho\u1ea3ng c\u00e1ch \u0111i\u1ec1u khi\u1ec3n t\u1eeb xa, gi\u1ea3m r\u1ee7i ro s\u1ef1 c\u1ed1.<\/span><\/p>\n<p>&nbsp;<\/p>\n<p><span style=\"font-size: 18px;\"><img loading=\"lazy\" decoding=\"async\" class=\"alignnone size-medium wp-image-14180\" src=\"https:\/\/phukienflytech.vn\/wp-content\/uploads\/2020\/05\/chao-khuech-song-fimi-x8-se-2174-2-1-400x400.jpg\" alt=\"\" width=\"400\" height=\"400\" srcset=\"https:\/\/phukienflytech.vn\/wp-content\/uploads\/2020\/05\/chao-khuech-song-fimi-x8-se-2174-2-1-400x400.jpg 400w, https:\/\/phukienflytech.vn\/wp-content\/uploads\/2020\/05\/chao-khuech-song-fimi-x8-se-2174-2-1-280x280.jpg 280w, https:\/\/phukienflytech.vn\/wp-content\/uploads\/2020\/05\/chao-khuech-song-fimi-x8-se-2174-2-1-768x768.jpg 768w, https:\/\/phukienflytech.vn\/wp-content\/uploads\/2020\/05\/chao-khuech-song-fimi-x8-se-2174-2-1-800x800.jpg 800w, https:\/\/phukienflytech.vn\/wp-content\/uploads\/2020\/05\/chao-khuech-song-fimi-x8-se-2174-2-1-300x300.jpg 300w, https:\/\/phukienflytech.vn\/wp-content\/uploads\/2020\/05\/chao-khuech-song-fimi-x8-se-2174-2-1-600x600.jpg 600w, https:\/\/phukienflytech.vn\/wp-content\/uploads\/2020\/05\/chao-khuech-song-fimi-x8-se-2174-2-1-100x100.jpg 100w, https:\/\/phukienflytech.vn\/wp-content\/uploads\/2020\/05\/chao-khuech-song-fimi-x8-se-2174-2-1.jpg 1000w\" sizes=\"auto, (max-width: 400px) 100vw, 400px\" \/><\/span><\/p>\n<p>&nbsp;<\/p>\n<h2><span style=\"font-size: 21px; color: #0000ff;\"><strong>Th\u00f4ng tin s\u1ea3n ph\u1ea9m<\/strong><\/span><\/h2>\n<p><span style=\"font-size: 18px;\">\u0110\u1ed9 ph\u1ea3n x\u1ea1 cao t\u1edbi 95%, ph\u1ea3n h\u1ed3i t\u00edn hi\u1ec7u t\u1ed1t h\u01a1n (\u0110\u1ed9 ph\u1ea3n x\u1ea1 c\u1ee7a c\u00e1c t\u1ea5m nh\u00f4m th\u00f4ng th\u01b0\u1eddng l\u00e0 kho\u1ea3ng 50%)<\/span><\/p>\n<p><span style=\"font-size: 18px;\">D\u1ec5 d\u00e0ng th\u00e1o l\u1eafp<\/span><\/p>\n<p><span style=\"font-size: 18px;\">V\u1eadt li\u1ec7u: S\u1eed d\u1ee5ng t\u1ea5m nh\u00f4m nh\u1eadp kh\u1ea9u<\/span><\/p>\n<p><span style=\"font-size: 18px;\">\u0110\u1ed9 ph\u1ea3n x\u1ea1 cao nh\u1edd \u00a0thi\u1ebft k\u1ebf parabol<\/span><\/p>\n<p><span style=\"font-size: 18px;\">K\u00edch th\u01b0\u1edbc: 80 x 72 x 65mm \/ 3.15 x 2.83 x 2.56 inch<\/span><\/p>\n<p>&nbsp;<\/p>\n<p><span style=\"font-size: 18px;\"><img loading=\"lazy\" decoding=\"async\" class=\"alignnone wp-image-14186 size-medium\" src=\"https:\/\/phukienflytech.vn\/wp-content\/uploads\/2020\/05\/chao-khuech-song-fimi-x8-se-2174-3-1-400x400.jpg\" alt=\"Booster-for-Fimi-X8-SE\" width=\"400\" height=\"400\" srcset=\"https:\/\/phukienflytech.vn\/wp-content\/uploads\/2020\/05\/chao-khuech-song-fimi-x8-se-2174-3-1-400x400.jpg 400w, https:\/\/phukienflytech.vn\/wp-content\/uploads\/2020\/05\/chao-khuech-song-fimi-x8-se-2174-3-1-280x280.jpg 280w, https:\/\/phukienflytech.vn\/wp-content\/uploads\/2020\/05\/chao-khuech-song-fimi-x8-se-2174-3-1-768x768.jpg 768w, https:\/\/phukienflytech.vn\/wp-content\/uploads\/2020\/05\/chao-khuech-song-fimi-x8-se-2174-3-1-800x800.jpg 800w, https:\/\/phukienflytech.vn\/wp-content\/uploads\/2020\/05\/chao-khuech-song-fimi-x8-se-2174-3-1-300x300.jpg 300w, https:\/\/phukienflytech.vn\/wp-content\/uploads\/2020\/05\/chao-khuech-song-fimi-x8-se-2174-3-1-600x600.jpg 600w, https:\/\/phukienflytech.vn\/wp-content\/uploads\/2020\/05\/chao-khuech-song-fimi-x8-se-2174-3-1-100x100.jpg 100w, https:\/\/phukienflytech.vn\/wp-content\/uploads\/2020\/05\/chao-khuech-song-fimi-x8-se-2174-3-1.jpg 1000w\" sizes=\"auto, (max-width: 400px) 100vw, 400px\" \/><\/span><\/p>\n<p>&nbsp;<\/p>\n<p><span style=\"font-size: 18px;\">**L\u01b0u \u00fd: S\u1ea3n ph\u1ea9m c\u00f3 1 l\u1edbp seal d\u00e1n tr\u00ean b\u1ec1 m\u1eb7t ch\u1ea3o khu\u1ebfc s\u00f3ng \u0111\u1ec3 tr\u00e1nh tr\u1ea7y x\u01b0\u1edbc, kh\u00e1ch h\u00e0ng n\u00ean b\u00f3c l\u1edbp seal n\u00e0y \u0111\u1ec3 c\u00f3 tr\u1ea3i nghi\u1ec7m t\u1ed1t nh\u1ea5t.<\/span><\/p>\n<p><span style=\"font-size: 18px;\">&gt;&gt; Contact us on: <a href=\"https:\/\/www.facebook.com\/phukienflycam\"><strong>Facebook<\/strong><\/a><\/span><\/p>\n<p>&nbsp;<\/p>\n","protected":false},"excerpt":{"rendered":"<p>Booster for Fimi X8 SE &nbsp; Booster for Fimi X8 SE Flycam Xiaomi Fimi X8 SE\u00a0 l\u00e0 m\u1ed9t m\u00e1y bay kh\u00f4ng ng\u01b0\u1eddi l\u00e1i th\u1ebf h\u1ec7 m\u1edbi ra m\u1eaft v\u00e0o 2019 v\u1edbi thi\u1ebft k\u1ebf c\u00f3 th\u1ec3 g\u1eadp l\u1ea1i xu\u1ea5t s\u1eafc. \u0110\u01b0\u1ee3c coi l\u00e0 \u0111\u1ed1i th\u1ee7 c\u1ea1nh tranh tr\u1ef1c ti\u1ebfp v\u1edbi\u00a0DJI Mavic Air,\u00a0Parrot Anafi\u00a0v\u00e0\u00a0Hubsan Zino\u00a0v\u1edbi gi\u00e1 th\u00e0nh &#8230;<\/p>\n","protected":false},"featured_media":7477,"comment_status":"open","ping_status":"closed","template":"","meta":{"_acf_changed":false},"product_brand":[],"product_cat":[176,189],"product_tag":[206,240],"class_list":{"0":"post-2183","1":"product","2":"type-product","3":"status-publish","4":"has-post-thumbnail","6":"product_cat-dji-osmo-drones-accessories","7":"product_cat-midrone-accessory","8":"product_tag-phu-kien-dji-en","9":"product_tag-phu-kien-xiaomi-en","11":"first","12":"instock","13":"shipping-taxable","14":"purchasable","15":"product-type-simple"},"acf":[],"yoast_head":"<!-- This site is optimized with the Yoast SEO plugin v25.7 - https:\/\/yoast.com\/wordpress\/plugins\/seo\/ -->\n<title>Booster for Fimi X8 SE - Fimi X8 SE accessory - Available - Original<\/title>\n<meta name=\"description\" content=\"Booster for Fimi X8 SE is one of the most important accessory. Contact us to buy Booster for Fimi X8 SE for best price, fast shipping\" \/>\n<meta name=\"robots\" content=\"index, follow, max-snippet:-1, max-image-preview:large, max-video-preview:-1\" \/>\n<link rel=\"canonical\" href=\"https:\/\/phukienflytech.vn\/en\/san-pham\/booster-for-fimi-x8-se.html\" \/>\n<meta property=\"og:locale\" content=\"en_US\" \/>\n<meta property=\"og:type\" content=\"article\" \/>\n<meta property=\"og:title\" content=\"Booster for Fimi X8 SE - Fimi X8 SE accessory - Available - Original\" \/>\n<meta property=\"og:description\" content=\"Booster for Fimi X8 SE is one of the most important accessory. Contact us to buy Booster for Fimi X8 SE for best price, fast shipping\" \/>\n<meta property=\"og:url\" content=\"https:\/\/phukienflytech.vn\/en\/san-pham\/booster-for-fimi-x8-se.html\" \/>\n<meta property=\"og:site_name\" content=\"Shop M\u00e1y \u1ea3nh - Action Camera - Gimbal - Flycam - Ph\u1ee5 ki\u1ec7n\" \/>\n<meta property=\"article:publisher\" content=\"https:\/\/facebook.com\/phukienflycam\" \/>\n<meta property=\"article:modified_time\" content=\"2020-10-21T08:59:19+00:00\" \/>\n<meta property=\"og:image\" content=\"https:\/\/phukienflytech.vn\/wp-content\/uploads\/2020\/05\/300x300_phu-kien-flycam-fimi-x8-se-xiaomi-midrone-khuech-song8_-_Copy.jpg\" \/>\n\t<meta property=\"og:image:width\" content=\"300\" \/>\n\t<meta property=\"og:image:height\" content=\"300\" \/>\n\t<meta property=\"og:image:type\" content=\"image\/jpeg\" \/>\n<meta name=\"twitter:card\" content=\"summary_large_image\" \/>\n<meta name=\"twitter:label1\" content=\"Est. reading time\" \/>\n\t<meta name=\"twitter:data1\" content=\"3 minutes\" \/>\n<script type=\"application\/ld+json\" class=\"yoast-schema-graph\">{\"@context\":\"https:\/\/schema.org\",\"@graph\":[{\"@type\":\"WebPage\",\"@id\":\"https:\/\/phukienflytech.vn\/en\/san-pham\/booster-for-fimi-x8-se.html\",\"url\":\"https:\/\/phukienflytech.vn\/en\/san-pham\/booster-for-fimi-x8-se.html\",\"name\":\"Booster for Fimi X8 SE - Fimi X8 SE accessory - Available - Original\",\"isPartOf\":{\"@id\":\"https:\/\/phukienflytech.vn\/#website\"},\"primaryImageOfPage\":{\"@id\":\"https:\/\/phukienflytech.vn\/en\/san-pham\/booster-for-fimi-x8-se.html#primaryimage\"},\"image\":{\"@id\":\"https:\/\/phukienflytech.vn\/en\/san-pham\/booster-for-fimi-x8-se.html#primaryimage\"},\"thumbnailUrl\":\"https:\/\/phukienflytech.vn\/wp-content\/uploads\/2020\/05\/300x300_phu-kien-flycam-fimi-x8-se-xiaomi-midrone-khuech-song8_-_Copy.jpg\",\"datePublished\":\"2020-05-20T03:48:38+00:00\",\"dateModified\":\"2020-10-21T08:59:19+00:00\",\"description\":\"Booster for Fimi X8 SE is one of the most important accessory. Contact us to buy Booster for Fimi X8 SE for best price, fast shipping\",\"breadcrumb\":{\"@id\":\"https:\/\/phukienflytech.vn\/en\/san-pham\/booster-for-fimi-x8-se.html#breadcrumb\"},\"inLanguage\":\"en-US\",\"potentialAction\":[{\"@type\":\"ReadAction\",\"target\":[\"https:\/\/phukienflytech.vn\/en\/san-pham\/booster-for-fimi-x8-se.html\"]}]},{\"@type\":\"ImageObject\",\"inLanguage\":\"en-US\",\"@id\":\"https:\/\/phukienflytech.vn\/en\/san-pham\/booster-for-fimi-x8-se.html#primaryimage\",\"url\":\"https:\/\/phukienflytech.vn\/wp-content\/uploads\/2020\/05\/300x300_phu-kien-flycam-fimi-x8-se-xiaomi-midrone-khuech-song8_-_Copy.jpg\",\"contentUrl\":\"https:\/\/phukienflytech.vn\/wp-content\/uploads\/2020\/05\/300x300_phu-kien-flycam-fimi-x8-se-xiaomi-midrone-khuech-song8_-_Copy.jpg\",\"width\":300,\"height\":300},{\"@type\":\"BreadcrumbList\",\"@id\":\"https:\/\/phukienflytech.vn\/en\/san-pham\/booster-for-fimi-x8-se.html#breadcrumb\",\"itemListElement\":[{\"@type\":\"ListItem\",\"position\":1,\"name\":\"Home\",\"item\":\"https:\/\/phukienflytech.vn\/en\"},{\"@type\":\"ListItem\",\"position\":2,\"name\":\"Ph\u1ee5 ki\u1ec7n Mavic Pro\",\"item\":\"https:\/\/phukienflytech.vn\/en\/phu-kien-mavic-pro.html\"},{\"@type\":\"ListItem\",\"position\":3,\"name\":\"Ph\u1ee5 ki\u1ec7n DJI - Osmo\",\"item\":\"https:\/\/phukienflytech.vn\/danh-muc\/phu-kien-dji-osmo.html\"},{\"@type\":\"ListItem\",\"position\":4,\"name\":\"Extension antenna booster for Fimi X8 SE\"}]},{\"@type\":\"WebSite\",\"@id\":\"https:\/\/phukienflytech.vn\/#website\",\"url\":\"https:\/\/phukienflytech.vn\/\",\"name\":\"Shop M\u00e1y \u1ea3nh - Action Camera - Gimbal - Flycam - Ph\u1ee5 ki\u1ec7n\",\"description\":\"Shop M\u00e1y \u1ea3nh - Action Camera - Gimbal - Flycam - Ph\u1ee5 ki\u1ec7n\",\"publisher\":{\"@id\":\"https:\/\/phukienflytech.vn\/#organization\"},\"potentialAction\":[{\"@type\":\"SearchAction\",\"target\":{\"@type\":\"EntryPoint\",\"urlTemplate\":\"https:\/\/phukienflytech.vn\/?s={search_term_string}\"},\"query-input\":{\"@type\":\"PropertyValueSpecification\",\"valueRequired\":true,\"valueName\":\"search_term_string\"}}],\"inLanguage\":\"en-US\"},{\"@type\":\"Organization\",\"@id\":\"https:\/\/phukienflytech.vn\/#organization\",\"name\":\"DJI Store - Shop Drone, Action camera, Gimbal DJI |Phukienflytech\",\"alternateName\":\"DJI Store - Shop Drone, Action camera, Gimbal DJI |Phukienflytech\",\"url\":\"https:\/\/phukienflytech.vn\/\",\"logo\":{\"@type\":\"ImageObject\",\"inLanguage\":\"en-US\",\"@id\":\"https:\/\/phukienflytech.vn\/#\/schema\/logo\/image\/\",\"url\":\"https:\/\/phukienflytech.vn\/wp-content\/uploads\/2020\/05\/hAnh_nan.jpg1_.jpg\",\"contentUrl\":\"https:\/\/phukienflytech.vn\/wp-content\/uploads\/2020\/05\/hAnh_nan.jpg1_.jpg\",\"width\":800,\"height\":450,\"caption\":\"DJI Store - Shop Drone, Action camera, Gimbal DJI |Phukienflytech\"},\"image\":{\"@id\":\"https:\/\/phukienflytech.vn\/#\/schema\/logo\/image\/\"},\"sameAs\":[\"https:\/\/facebook.com\/phukienflycam\",\"https:\/\/www.youtube.com\/@phukienflytech\",\"https:\/\/www.tiktok.com\/@flytech.channel?fbclid=IwY2xjawGjg7BleHRuA2FlbQIxMAABHYVGmlXpuSMs0UB2zTpYvyT4GMVfN2qJa4urF4vkSQ6FAVBwXZtDP30qQA_aem_UwMiDcUvlEbd2tXAmsc8Og\"]}]}<\/script>\n<!-- \/ Yoast SEO plugin. -->","yoast_head_json":{"title":"Booster for Fimi X8 SE - Fimi X8 SE accessory - Available - Original","description":"Booster for Fimi X8 SE is one of the most important accessory. Contact us to buy Booster for Fimi X8 SE for best price, fast shipping","robots":{"index":"index","follow":"follow","max-snippet":"max-snippet:-1","max-image-preview":"max-image-preview:large","max-video-preview":"max-video-preview:-1"},"canonical":"https:\/\/phukienflytech.vn\/en\/san-pham\/booster-for-fimi-x8-se.html","og_locale":"en_US","og_type":"article","og_title":"Booster for Fimi X8 SE - Fimi X8 SE accessory - Available - Original","og_description":"Booster for Fimi X8 SE is one of the most important accessory. Contact us to buy Booster for Fimi X8 SE for best price, fast shipping","og_url":"https:\/\/phukienflytech.vn\/en\/san-pham\/booster-for-fimi-x8-se.html","og_site_name":"Shop M\u00e1y \u1ea3nh - Action Camera - Gimbal - Flycam - Ph\u1ee5 ki\u1ec7n","article_publisher":"https:\/\/facebook.com\/phukienflycam","article_modified_time":"2020-10-21T08:59:19+00:00","og_image":[{"width":300,"height":300,"url":"https:\/\/phukienflytech.vn\/wp-content\/uploads\/2020\/05\/300x300_phu-kien-flycam-fimi-x8-se-xiaomi-midrone-khuech-song8_-_Copy.jpg","type":"image\/jpeg"}],"twitter_card":"summary_large_image","twitter_misc":{"Est. reading time":"3 minutes"},"schema":{"@context":"https:\/\/schema.org","@graph":[{"@type":"WebPage","@id":"https:\/\/phukienflytech.vn\/en\/san-pham\/booster-for-fimi-x8-se.html","url":"https:\/\/phukienflytech.vn\/en\/san-pham\/booster-for-fimi-x8-se.html","name":"Booster for Fimi X8 SE - Fimi X8 SE accessory - Available - Original","isPartOf":{"@id":"https:\/\/phukienflytech.vn\/#website"},"primaryImageOfPage":{"@id":"https:\/\/phukienflytech.vn\/en\/san-pham\/booster-for-fimi-x8-se.html#primaryimage"},"image":{"@id":"https:\/\/phukienflytech.vn\/en\/san-pham\/booster-for-fimi-x8-se.html#primaryimage"},"thumbnailUrl":"https:\/\/phukienflytech.vn\/wp-content\/uploads\/2020\/05\/300x300_phu-kien-flycam-fimi-x8-se-xiaomi-midrone-khuech-song8_-_Copy.jpg","datePublished":"2020-05-20T03:48:38+00:00","dateModified":"2020-10-21T08:59:19+00:00","description":"Booster for Fimi X8 SE is one of the most important accessory. Contact us to buy Booster for Fimi X8 SE for best price, fast shipping","breadcrumb":{"@id":"https:\/\/phukienflytech.vn\/en\/san-pham\/booster-for-fimi-x8-se.html#breadcrumb"},"inLanguage":"en-US","potentialAction":[{"@type":"ReadAction","target":["https:\/\/phukienflytech.vn\/en\/san-pham\/booster-for-fimi-x8-se.html"]}]},{"@type":"ImageObject","inLanguage":"en-US","@id":"https:\/\/phukienflytech.vn\/en\/san-pham\/booster-for-fimi-x8-se.html#primaryimage","url":"https:\/\/phukienflytech.vn\/wp-content\/uploads\/2020\/05\/300x300_phu-kien-flycam-fimi-x8-se-xiaomi-midrone-khuech-song8_-_Copy.jpg","contentUrl":"https:\/\/phukienflytech.vn\/wp-content\/uploads\/2020\/05\/300x300_phu-kien-flycam-fimi-x8-se-xiaomi-midrone-khuech-song8_-_Copy.jpg","width":300,"height":300},{"@type":"BreadcrumbList","@id":"https:\/\/phukienflytech.vn\/en\/san-pham\/booster-for-fimi-x8-se.html#breadcrumb","itemListElement":[{"@type":"ListItem","position":1,"name":"Home","item":"https:\/\/phukienflytech.vn\/en"},{"@type":"ListItem","position":2,"name":"Ph\u1ee5 ki\u1ec7n Mavic Pro","item":"https:\/\/phukienflytech.vn\/en\/phu-kien-mavic-pro.html"},{"@type":"ListItem","position":3,"name":"Ph\u1ee5 ki\u1ec7n DJI - Osmo","item":"https:\/\/phukienflytech.vn\/danh-muc\/phu-kien-dji-osmo.html"},{"@type":"ListItem","position":4,"name":"Extension antenna booster for Fimi X8 SE"}]},{"@type":"WebSite","@id":"https:\/\/phukienflytech.vn\/#website","url":"https:\/\/phukienflytech.vn\/","name":"Shop M\u00e1y \u1ea3nh - Action Camera - Gimbal - Flycam - Ph\u1ee5 ki\u1ec7n","description":"Shop M\u00e1y \u1ea3nh - Action Camera - Gimbal - Flycam - Ph\u1ee5 ki\u1ec7n","publisher":{"@id":"https:\/\/phukienflytech.vn\/#organization"},"potentialAction":[{"@type":"SearchAction","target":{"@type":"EntryPoint","urlTemplate":"https:\/\/phukienflytech.vn\/?s={search_term_string}"},"query-input":{"@type":"PropertyValueSpecification","valueRequired":true,"valueName":"search_term_string"}}],"inLanguage":"en-US"},{"@type":"Organization","@id":"https:\/\/phukienflytech.vn\/#organization","name":"DJI Store - Shop Drone, Action camera, Gimbal DJI |Phukienflytech","alternateName":"DJI Store - Shop Drone, Action camera, Gimbal DJI |Phukienflytech","url":"https:\/\/phukienflytech.vn\/","logo":{"@type":"ImageObject","inLanguage":"en-US","@id":"https:\/\/phukienflytech.vn\/#\/schema\/logo\/image\/","url":"https:\/\/phukienflytech.vn\/wp-content\/uploads\/2020\/05\/hAnh_nan.jpg1_.jpg","contentUrl":"https:\/\/phukienflytech.vn\/wp-content\/uploads\/2020\/05\/hAnh_nan.jpg1_.jpg","width":800,"height":450,"caption":"DJI Store - Shop Drone, Action camera, Gimbal DJI |Phukienflytech"},"image":{"@id":"https:\/\/phukienflytech.vn\/#\/schema\/logo\/image\/"},"sameAs":["https:\/\/facebook.com\/phukienflycam","https:\/\/www.youtube.com\/@phukienflytech","https:\/\/www.tiktok.com\/@flytech.channel?fbclid=IwY2xjawGjg7BleHRuA2FlbQIxMAABHYVGmlXpuSMs0UB2zTpYvyT4GMVfN2qJa4urF4vkSQ6FAVBwXZtDP30qQA_aem_UwMiDcUvlEbd2tXAmsc8Og"]}]}},"_links":{"self":[{"href":"https:\/\/phukienflytech.vn\/en\/wp-json\/wp\/v2\/product\/2183","targetHints":{"allow":["GET"]}}],"collection":[{"href":"https:\/\/phukienflytech.vn\/en\/wp-json\/wp\/v2\/product"}],"about":[{"href":"https:\/\/phukienflytech.vn\/en\/wp-json\/wp\/v2\/types\/product"}],"replies":[{"embeddable":true,"href":"https:\/\/phukienflytech.vn\/en\/wp-json\/wp\/v2\/comments?post=2183"}],"wp:featuredmedia":[{"embeddable":true,"href":"https:\/\/phukienflytech.vn\/en\/wp-json\/wp\/v2\/media\/7477"}],"wp:attachment":[{"href":"https:\/\/phukienflytech.vn\/en\/wp-json\/wp\/v2\/media?parent=2183"}],"wp:term":[{"taxonomy":"product_brand","embeddable":true,"href":"https:\/\/phukienflytech.vn\/en\/wp-json\/wp\/v2\/product_brand?post=2183"},{"taxonomy":"product_cat","embeddable":true,"href":"https:\/\/phukienflytech.vn\/en\/wp-json\/wp\/v2\/product_cat?post=2183"},{"taxonomy":"product_tag","embeddable":true,"href":"https:\/\/phukienflytech.vn\/en\/wp-json\/wp\/v2\/product_tag?post=2183"}],"curies":[{"name":"wp","href":"https:\/\/api.w.org\/{rel}","templated":true}]}}