{"id":21880,"date":"2021-02-27T14:38:30","date_gmt":"2021-02-27T07:38:30","guid":{"rendered":"https:\/\/phukienflytech.vn\/san-pham\/canh-mavic-mini-2-sunnylife-best-similar-1-bo.html"},"modified":"2022-10-01T15:42:16","modified_gmt":"2022-10-01T08:42:16","slug":"canh-mavic-mini-2-sunnylife","status":"publish","type":"product","link":"https:\/\/phukienflytech.vn\/en\/san-pham\/canh-mavic-mini-2-sunnylife.html","title":{"rendered":"C\u00e1nh Mavic Mini 2 \u2013 Sunnylife (Best similar) &#8211; 1 b\u1ed9"},"content":{"rendered":"<h2><span style=\"font-size: 20px; color: #0000ff;\"><strong>C\u00e1nh Mavic Mini 2 \u2013 Ch\u00ednh h\u00e3ng SunnyLife\u00a0<\/strong><\/span><\/h2>\n<p><em><span style=\"font-size: 17px;\"><strong>C\u00e1nh Mavic Mini 2 h\u00e3ng Sunnylife<\/strong><\/span><\/em><\/p>\n<p><span style=\"font-size: 17px;\">.<\/span><\/p>\n<p><img loading=\"lazy\" decoding=\"async\" class=\"aligncenter wp-image-31556 size-full\" src=\"https:\/\/phukienflytech.vn\/wp-content\/uploads\/2021\/02\/canh-mavic-mini-sunnylife-best-similar-2-Copy-1.jpg\" alt=\"Ph\u1ee5 ki\u1ec7n Mavic Mini 2 - C\u00e1nh d\u1ef1 ph\u00f2ng thay th\u1ebf\u00a0- C\u00e1nh Mavic Mini 2 h\u00e3ng Sunnylife\" width=\"850\" height=\"850\" srcset=\"https:\/\/phukienflytech.vn\/wp-content\/uploads\/2021\/02\/canh-mavic-mini-sunnylife-best-similar-2-Copy-1.jpg 850w, https:\/\/phukienflytech.vn\/wp-content\/uploads\/2021\/02\/canh-mavic-mini-sunnylife-best-similar-2-Copy-1-400x400.jpg 400w, https:\/\/phukienflytech.vn\/wp-content\/uploads\/2021\/02\/canh-mavic-mini-sunnylife-best-similar-2-Copy-1-800x800.jpg 800w, https:\/\/phukienflytech.vn\/wp-content\/uploads\/2021\/02\/canh-mavic-mini-sunnylife-best-similar-2-Copy-1-280x280.jpg 280w, https:\/\/phukienflytech.vn\/wp-content\/uploads\/2021\/02\/canh-mavic-mini-sunnylife-best-similar-2-Copy-1-768x768.jpg 768w, https:\/\/phukienflytech.vn\/wp-content\/uploads\/2021\/02\/canh-mavic-mini-sunnylife-best-similar-2-Copy-1-300x300.jpg 300w, https:\/\/phukienflytech.vn\/wp-content\/uploads\/2021\/02\/canh-mavic-mini-sunnylife-best-similar-2-Copy-1-600x600.jpg 600w, https:\/\/phukienflytech.vn\/wp-content\/uploads\/2021\/02\/canh-mavic-mini-sunnylife-best-similar-2-Copy-1-100x100.jpg 100w\" sizes=\"auto, (max-width: 850px) 100vw, 850px\" \/><\/p>\n<p style=\"text-align: center;\"><span style=\"font-size: 14px;\"><strong>Ph\u1ee5 ki\u1ec7n Mavic Mini 2 &#8211; C\u00e1nh d\u1ef1 ph\u00f2ng thay th\u1ebf\u00a0<\/strong><\/span><\/p>\n<p>.<\/p>\n<h2><span style=\"font-size: 20px; color: #0000ff;\"><strong>\u270d Gi\u1edbi thi\u1ec7u s\u1ea3n ph\u1ea9m: C\u00e1nh Mavic Mini 2 h\u00e3ng Sunnylife<\/strong><\/span><\/h2>\n<p><span style=\"font-size: 17px;\">Kh\u00f4ng ph\u1ea3i ng\u1eabu nhi\u00ean m\u00e0 DJI Mini 2 l\u1ea1i tr\u1edf th\u00e0nh s\u1ea3n\u00a0ph\u1ea9m flycam t\u1ea7m trung\u00a0\u0111\u01b0\u1ee3c m\u1ecdi ng\u01b0\u1eddi mua nhi\u1ec1u nh\u1ea5t tr\u00ean th\u1ecb tr\u01b0\u1eddng flycam. Kh\u1ed1i l\u01b0\u1ee3ng d\u01b0\u1edbi 250g, ch\u1ea5t l\u01b0\u1ee3ng quay video 4K c\u1ef1c k\u1ef3 \u1ea5n t\u01b0\u1ee3ng v\u00e0\u00a0gi\u00e1 b\u00e1n Mini \u00a02 r\u1ea5t t\u1ed1t.C\u00e1nh Mavic Mini 2 ch\u00ednh h\u00e3ng\u00a0\u0111\u01b0\u1ee3c thi\u1ebft k\u1ebf kh\u00e1c so v\u1edbi ng\u01b0\u1eddi anh em\u00a0DJI Mavic\u00a0Series, khi \u0111\u00f3 l\u00e0 c\u00e1nh \u0111\u01a1n v\u00e0 v\u1eabn c\u00f3 th\u1ec3 th\u00e1o r\u1eddi. B\u1ea1n h\u00e3y ch\u00fa \u00fd t\u1edbi v\u1ea1ch b\u1ea1c \u1edf \u0111\u1ea7u c\u00e1nh g\u1ed3m 1 v\u1ea1ch b\u1ea1c v\u00e0 2 v\u1ea1ch b\u1ea1c. N\u00f3 s\u1ebd \u0111\u01b0\u1ee3c l\u1eafp \u0111\u1ed1i x\u1ee9ng nhau t\u01b0\u01a1ng \u1ee9ng v\u1edbi s\u1ed1 v\u1ea1ch. H\u00e3y d\u00f9ng tu\u1ed1c n\u01a1 v\u00edt \u0111\u1ec3 l\u1eafp c\u00e1nh v\u00e0o \u0111\u1ed9ng c\u01a1. \u0110\u1ea3m b\u1ea3o l\u1ef1c si\u1ebft v\u1eeba ph\u1ea3i.<\/span><\/p>\n<p><span style=\"font-size: 17px;\">.<\/span><\/p>\n<p><img loading=\"lazy\" decoding=\"async\" class=\"aligncenter wp-image-31552 size-full\" src=\"https:\/\/phukienflytech.vn\/wp-content\/uploads\/2021\/02\/07666a30f66ae04a64e98dbdc854801d.jpg\" alt=\"Ch\u1ea5t l\u01b0\u1ee3ng nh\u1ef1a d\u1ebbo - B\u1ec1n b\u1ec9 - D\u1ec5 th\u00e1o l\u1eafp\u00a0- C\u00e1nh Mavic Mini 2 h\u00e3ng Sunnylife\" width=\"850\" height=\"496\" srcset=\"https:\/\/phukienflytech.vn\/wp-content\/uploads\/2021\/02\/07666a30f66ae04a64e98dbdc854801d.jpg 850w, https:\/\/phukienflytech.vn\/wp-content\/uploads\/2021\/02\/07666a30f66ae04a64e98dbdc854801d-685x400.jpg 685w, https:\/\/phukienflytech.vn\/wp-content\/uploads\/2021\/02\/07666a30f66ae04a64e98dbdc854801d-768x448.jpg 768w, https:\/\/phukienflytech.vn\/wp-content\/uploads\/2021\/02\/07666a30f66ae04a64e98dbdc854801d-600x350.jpg 600w\" sizes=\"auto, (max-width: 850px) 100vw, 850px\" \/><\/p>\n<p style=\"text-align: center;\"><strong><span style=\"font-size: 14px;\">Ch\u1ea5t l\u01b0\u1ee3ng nh\u1ef1a d\u1ebbo &#8211; B\u1ec1n b\u1ec9 &#8211; D\u1ec5 th\u00e1o l\u1eafp\u00a0<\/span><\/strong><\/p>\n<p><span style=\"font-size: 17px;\">.<\/span><\/p>\n<p><span style=\"font-size: 17px;\">&gt;&gt; Xem th\u00eam:<strong>\u00a0<\/strong><span style=\"color: #0000ff;\"><a style=\"color: #0000ff;\" href=\"https:\/\/phukienflytech.vn\/danh-muc\/phu-kien-mavic-mini.html\" target=\"_blank\" rel=\"noopener\"><strong>Ph\u1ee5 ki\u1ec7n Mavic Mini|Mini 2<\/strong><\/a><\/span><\/span><\/p>\n<h2><span style=\"font-size: 20px; color: #0000ff;\"><strong>\u270d M\u00f4 t\u1ea3 s\u1ea3n ph\u1ea9m: Mavic Mini 2 Propellers &#8211; SunnyLife<\/strong><\/span><\/h2>\n<p><span style=\"font-size: 17px;\">\u2705\u00a0 H\u00e3ng s\u1ea3n xu\u1ea5t: SunnyLife<\/span><\/p>\n<p><span style=\"font-size: 17px;\">\u2705\u00a0 S\u1ea3n ph\u1ea9m t\u01b0\u01a1ng th\u00edch:\u00a0 Mavic Mini 2<\/span><\/p>\n<p><span style=\"font-size: 17px;\">\u2705\u00a0 Ch\u1ea5t li\u1ec7u: Nh\u1ef1a d\u1ebbo dai.<\/span><\/p>\n<p><span style=\"font-size: 17px;\">\u2705\u00a0 Tr\u1ecdng l\u01b0\u1ee3ng: 0.5g\u00a0<\/span><\/p>\n<p><span style=\"font-size: 17px;\">\u2705\u00a0 M\u00e0u s\u1eafc: \u0110en vi\u1ec1n v\u00e0ng \/ b\u1ea1c\u00a0<\/span><\/p>\n<p><span style=\"font-size: 17px;\">\u2705\u00a0 K\u00edch th\u01b0\u1edbc: 119.38\u00d766.04 mm (4.7\u00d72.6 inches)<\/span><\/p>\n<p><span style=\"font-size: 17px;\">.<\/span><\/p>\n<p><img loading=\"lazy\" decoding=\"async\" class=\"aligncenter size-full wp-image-31554\" src=\"https:\/\/phukienflytech.vn\/wp-content\/uploads\/2021\/02\/49449f91758d070062ad972bbcb477d2.jpg\" alt=\"\" width=\"850\" height=\"371\" srcset=\"https:\/\/phukienflytech.vn\/wp-content\/uploads\/2021\/02\/49449f91758d070062ad972bbcb477d2.jpg 850w, https:\/\/phukienflytech.vn\/wp-content\/uploads\/2021\/02\/49449f91758d070062ad972bbcb477d2-800x349.jpg 800w, https:\/\/phukienflytech.vn\/wp-content\/uploads\/2021\/02\/49449f91758d070062ad972bbcb477d2-768x335.jpg 768w, https:\/\/phukienflytech.vn\/wp-content\/uploads\/2021\/02\/49449f91758d070062ad972bbcb477d2-600x262.jpg 600w\" sizes=\"auto, (max-width: 850px) 100vw, 850px\" \/><\/p>\n<p><span style=\"font-size: 17px;\">.<\/span><\/p>\n<p><span style=\"font-size: 20px; color: #0000ff;\"><strong>\u270d C\u00f4ng d\u1ee5ng s\u1ea3n ph\u1ea9m:<\/strong><\/span><\/p>\n<p><span style=\"font-size: 17px;\">\u2705\u00a0 Gi\u00e1 th\u00e0nh h\u1ee3p l\u00fd, s\u1ea3n ph\u1ea9m ch\u1ea5t l\u01b0\u1ee3ng.<\/span><\/p>\n<p><span style=\"font-size: 17px;\">\u2705\u00a0 Ch\u1ea5t li\u1ec7u nh\u1ef1a si\u00eau d\u1ebbo, c\u00f3 t\u00ednh \u0111\u00e0n h\u1ed3i cao, an to\u00e0n khi s\u1eed d\u1ee5ng.<\/span><\/p>\n<p><span style=\"font-size: 17px;\">\u2705\u00a0 C\u00e1nh d\u1ef1 ph\u00f2ng thay th\u1ebf nh\u1eefng chi\u1ebfc c\u00e1nh c\u0169 h\u1ecfng, b\u1ea3o \u0111\u1ea3m t\u00ednh th\u1ea9m m\u1ef9.<\/span><\/p>\n<p><span style=\"font-size: 17px;\">.<\/span><\/p>\n<p><img loading=\"lazy\" decoding=\"async\" class=\"aligncenter size-full wp-image-31558\" src=\"https:\/\/phukienflytech.vn\/wp-content\/uploads\/2021\/02\/canh-mavic-mini-sunnylife-best-similar31-600x400-1.jpg\" alt=\"\" width=\"600\" height=\"400\" \/><\/p>\n<p><span style=\"font-size: 17px;\">.<\/span><\/p>\n<p><span style=\"font-size: 20px; color: #0000ff;\"><strong>\u270d H\u01b0\u1edbng d\u1eabn b\u1ea3o qu\u1ea3n:<\/strong><\/span><\/p>\n<p><span style=\"font-size: 17px;\">\u2705 Tr\u00e1nh va \u0111\u1eadp m\u1ea1nh v\u00e0 ti\u1ebfp x\u00fac v\u1edbi nhi\u1ec7t \u0111\u1ed9 cao, l\u1eeda ch\u00e1y<\/span><\/p>\n<p><span style=\"font-size: 17px;\">\u2705 S\u1eed d\u1ee5ng \u0111\u00fang c\u00e1ch, l\u1eafp \u0111\u00fang ren tr\u00e1nh g\u00e3y, h\u1ecfng.<\/span><\/p>\n<p><span style=\"font-size: 17px;\">.<\/span><\/p>\n<p><span style=\"font-size: 20px; color: #0000ff;\"><strong>Mua ph\u1ee5 ki\u1ec7n DJI Mavic\u00a0<\/strong><strong>Mini<\/strong><strong>\u00a02 \u1edf \u0111\u00e2u?<\/strong><\/span><\/p>\n<p><span style=\"font-size: 17px;\"><strong>Ph\u1ee5 ki\u1ec7n flycam gi\u00e1 t\u1ed1t<\/strong>\u00a0h\u00e2n h\u1ea1nh l\u00e0 \u0111\u01a1n v\u1ecb ph\u00e2n ph\u1ed1i ch\u00ednh h\u00e3ng c\u00e1c s\u1ea3n ph\u1ea9m ph\u1ee5 ki\u1ec7n flycam. T\u1edbi v\u1edbi ch\u00fang t\u00f4i, c\u00e1c b\u1ea1n s\u1ebd mua \u0111\u01b0\u1ee3c nh\u1eefng s\u1ea3n ph\u1ea9m ch\u00ednh h\u00e3ng v\u1edbi gi\u00e1 m\u1ed9t m\u1ee9c gi\u00e1 t\u1ed1t nh\u1ea5t tr\u00ean th\u1ecb tr\u01b0\u1eddng.<\/span><\/p>\n<p><span style=\"font-size: 17px;\">Kh\u00f4ng ch\u1ec9 nh\u1eefng s\u1ea3n ph\u1ea9m ph\u1ee5 ki\u1ec7n ch\u00ednh h\u00e3ng DJI FPV Drone. Ch\u00fang t\u00f4i c\u0169ng ph\u00e2n ph\u1ed1i c\u00e1c d\u00f2ng s\u1ea3n ph\u1ea9m ph\u1ee5 ki\u1ec7n c\u1ee7a DJI Mavic 2, DJI Phantom, DJI Spark,.. ch\u00ednh h\u00e3ng t\u1edbi t\u1eeb DJI, Pgytech v\u00e0 SunnyLife.<\/span><\/p>\n<p><span style=\"font-size: 17px;\">H\u00e3y \u0111\u1ebfn v\u1edbi ph\u1ee5 ki\u1ec7n flycam gi\u00e1 t\u1ed1t \u0111\u1ec3 c\u00f3 \u0111\u01b0\u1ee3c\u00a0m\u1ee9c gi\u00e1 t\u1ed1t v\u00e0 ch\u1ea5t l\u01b0\u1ee3ng \u0111\u1ea3m b\u1ea3o.<\/span><\/p>\n<p><span style=\"font-size: 17px;\">&gt;&gt; Li\u00ean h\u1ec7 v\u1edbi ch\u00fang t\u00f4i qua:\u00a0<strong>Fanpage:<span style=\"color: #0000ff;\">\u00a0<\/span><\/strong><span style=\"color: #0000ff;\"><a style=\"color: #0000ff;\" href=\"https:\/\/www.facebook.com\/phukienflycam\" target=\"_blank\" rel=\"noopener\"><strong>Ph\u1ee5 ki\u1ec7n flycam gi\u00e1 t\u1ed1t\u00a0<\/strong><\/a><\/span><\/span><\/p>\n","protected":false},"excerpt":{"rendered":"<p>C\u00e1nh Mavic Mini 2 \u2013 Ch\u00ednh h\u00e3ng SunnyLife\u00a0 C\u00e1nh Mavic Mini 2 h\u00e3ng Sunnylife . Ph\u1ee5 ki\u1ec7n Mavic Mini 2 &#8211; C\u00e1nh d\u1ef1 ph\u00f2ng thay th\u1ebf\u00a0 . \u270d Gi\u1edbi thi\u1ec7u s\u1ea3n ph\u1ea9m: C\u00e1nh Mavic Mini 2 h\u00e3ng Sunnylife Kh\u00f4ng ph\u1ea3i ng\u1eabu nhi\u00ean m\u00e0 DJI Mini 2 l\u1ea1i tr\u1edf th\u00e0nh s\u1ea3n\u00a0ph\u1ea9m flycam t\u1ea7m trung\u00a0\u0111\u01b0\u1ee3c m\u1ecdi ng\u01b0\u1eddi &#8230;<\/p>\n","protected":false},"featured_media":21870,"comment_status":"open","ping_status":"closed","template":"","meta":{"_acf_changed":false},"product_brand":[],"product_cat":[181],"product_tag":[],"class_list":{"0":"post-21880","1":"product","2":"type-product","3":"status-publish","4":"has-post-thumbnail","6":"product_cat-mavic-mini-accessory","8":"first","9":"instock","10":"shipping-taxable","11":"purchasable","12":"product-type-variable"},"acf":[],"yoast_head":"<!-- This site is optimized with the Yoast SEO plugin v25.7 - https:\/\/yoast.com\/wordpress\/plugins\/seo\/ -->\n<title>C\u00e1nh Mavic Mini 2 h\u00e3ng Sunnylife - B\u1ea3n thay th\u1ebf t\u1ed1t nh\u1ea5t - Gi\u00e1 r\u1ebb ti\u1ebft ki\u1ec7m<\/title>\n<meta name=\"description\" content=\"C\u00e1nh Mavic Mini 2 h\u00e3ng Sunnylife gi\u00e1 t\u1ed1t t\u1ea1i Phukienflytech. Mua c\u00e1nh Mavic Mini 2 v\u00e0 ph\u1ee5 ki\u1ec7n ship COD to\u00e0n qu\u1ed1c gi\u00e1 r\u1ebb - h\u00e0ng ch\u00ednh h\u00e3ng\" \/>\n<meta name=\"robots\" content=\"index, follow, max-snippet:-1, max-image-preview:large, max-video-preview:-1\" \/>\n<link rel=\"canonical\" href=\"https:\/\/phukienflytech.vn\/en\/san-pham\/canh-mavic-mini-2-sunnylife.html\" \/>\n<meta property=\"og:locale\" content=\"en_US\" \/>\n<meta property=\"og:type\" content=\"article\" \/>\n<meta property=\"og:title\" content=\"C\u00e1nh Mavic Mini 2 h\u00e3ng Sunnylife - B\u1ea3n thay th\u1ebf t\u1ed1t nh\u1ea5t - Gi\u00e1 r\u1ebb ti\u1ebft ki\u1ec7m\" \/>\n<meta property=\"og:description\" content=\"C\u00e1nh Mavic Mini 2 h\u00e3ng Sunnylife gi\u00e1 t\u1ed1t t\u1ea1i Phukienflytech. Mua c\u00e1nh Mavic Mini 2 v\u00e0 ph\u1ee5 ki\u1ec7n ship COD to\u00e0n qu\u1ed1c gi\u00e1 r\u1ebb - h\u00e0ng ch\u00ednh h\u00e3ng\" \/>\n<meta property=\"og:url\" content=\"https:\/\/phukienflytech.vn\/en\/san-pham\/canh-mavic-mini-2-sunnylife.html\" \/>\n<meta property=\"og:site_name\" content=\"Shop M\u00e1y \u1ea3nh - Action Camera - Gimbal - Flycam - Ph\u1ee5 ki\u1ec7n\" \/>\n<meta property=\"article:publisher\" content=\"https:\/\/facebook.com\/phukienflycam\" \/>\n<meta property=\"article:modified_time\" content=\"2022-10-01T08:42:16+00:00\" \/>\n<meta property=\"og:image\" content=\"https:\/\/phukienflytech.vn\/wp-content\/uploads\/2021\/02\/canh-mavic-mini-sunnylife-best-similar-2-Copy.jpg\" \/>\n\t<meta property=\"og:image:width\" content=\"1060\" \/>\n\t<meta property=\"og:image:height\" content=\"1060\" \/>\n\t<meta property=\"og:image:type\" content=\"image\/jpeg\" \/>\n<meta name=\"twitter:card\" content=\"summary_large_image\" \/>\n<meta name=\"twitter:label1\" content=\"Est. reading time\" \/>\n\t<meta name=\"twitter:data1\" content=\"3 minutes\" \/>\n<script type=\"application\/ld+json\" class=\"yoast-schema-graph\">{\"@context\":\"https:\/\/schema.org\",\"@graph\":[{\"@type\":\"WebPage\",\"@id\":\"https:\/\/phukienflytech.vn\/en\/san-pham\/canh-mavic-mini-2-sunnylife.html\",\"url\":\"https:\/\/phukienflytech.vn\/en\/san-pham\/canh-mavic-mini-2-sunnylife.html\",\"name\":\"C\u00e1nh Mavic Mini 2 h\u00e3ng Sunnylife - B\u1ea3n thay th\u1ebf t\u1ed1t nh\u1ea5t - Gi\u00e1 r\u1ebb ti\u1ebft ki\u1ec7m\",\"isPartOf\":{\"@id\":\"https:\/\/phukienflytech.vn\/#website\"},\"primaryImageOfPage\":{\"@id\":\"https:\/\/phukienflytech.vn\/en\/san-pham\/canh-mavic-mini-2-sunnylife.html#primaryimage\"},\"image\":{\"@id\":\"https:\/\/phukienflytech.vn\/en\/san-pham\/canh-mavic-mini-2-sunnylife.html#primaryimage\"},\"thumbnailUrl\":\"https:\/\/phukienflytech.vn\/wp-content\/uploads\/2021\/02\/canh-mavic-mini-sunnylife-best-similar-2-Copy.jpg\",\"datePublished\":\"2021-02-27T07:38:30+00:00\",\"dateModified\":\"2022-10-01T08:42:16+00:00\",\"description\":\"C\u00e1nh Mavic Mini 2 h\u00e3ng Sunnylife gi\u00e1 t\u1ed1t t\u1ea1i Phukienflytech. Mua c\u00e1nh Mavic Mini 2 v\u00e0 ph\u1ee5 ki\u1ec7n ship COD to\u00e0n qu\u1ed1c gi\u00e1 r\u1ebb - h\u00e0ng ch\u00ednh h\u00e3ng\",\"breadcrumb\":{\"@id\":\"https:\/\/phukienflytech.vn\/en\/san-pham\/canh-mavic-mini-2-sunnylife.html#breadcrumb\"},\"inLanguage\":\"en-US\",\"potentialAction\":[{\"@type\":\"ReadAction\",\"target\":[\"https:\/\/phukienflytech.vn\/en\/san-pham\/canh-mavic-mini-2-sunnylife.html\"]}]},{\"@type\":\"ImageObject\",\"inLanguage\":\"en-US\",\"@id\":\"https:\/\/phukienflytech.vn\/en\/san-pham\/canh-mavic-mini-2-sunnylife.html#primaryimage\",\"url\":\"https:\/\/phukienflytech.vn\/wp-content\/uploads\/2021\/02\/canh-mavic-mini-sunnylife-best-similar-2-Copy.jpg\",\"contentUrl\":\"https:\/\/phukienflytech.vn\/wp-content\/uploads\/2021\/02\/canh-mavic-mini-sunnylife-best-similar-2-Copy.jpg\",\"width\":1060,\"height\":1060},{\"@type\":\"BreadcrumbList\",\"@id\":\"https:\/\/phukienflytech.vn\/en\/san-pham\/canh-mavic-mini-2-sunnylife.html#breadcrumb\",\"itemListElement\":[{\"@type\":\"ListItem\",\"position\":1,\"name\":\"Home\",\"item\":\"https:\/\/phukienflytech.vn\/en\"},{\"@type\":\"ListItem\",\"position\":2,\"name\":\"Ph\u1ee5 ki\u1ec7n Mavic Pro\",\"item\":\"https:\/\/phukienflytech.vn\/en\/phu-kien-mavic-pro.html\"},{\"@type\":\"ListItem\",\"position\":3,\"name\":\"Ph\u1ee5 ki\u1ec7n DJI - Osmo\",\"item\":\"https:\/\/phukienflytech.vn\/danh-muc\/phu-kien-dji-osmo.html\"},{\"@type\":\"ListItem\",\"position\":4,\"name\":\"Ph\u1ee5 ki\u1ec7n flycam Mavic Mini\",\"item\":\"https:\/\/phukienflytech.vn\/danh-muc\/phu-kien-mavic-mini.html\"},{\"@type\":\"ListItem\",\"position\":5,\"name\":\"C\u00e1nh Mavic Mini 2 \u2013 Sunnylife (Best similar) &#8211; 1 b\u1ed9\"}]},{\"@type\":\"WebSite\",\"@id\":\"https:\/\/phukienflytech.vn\/#website\",\"url\":\"https:\/\/phukienflytech.vn\/\",\"name\":\"Shop M\u00e1y \u1ea3nh - Action Camera - Gimbal - Flycam - Ph\u1ee5 ki\u1ec7n\",\"description\":\"Shop M\u00e1y \u1ea3nh - Action Camera - Gimbal - Flycam - Ph\u1ee5 ki\u1ec7n\",\"publisher\":{\"@id\":\"https:\/\/phukienflytech.vn\/#organization\"},\"potentialAction\":[{\"@type\":\"SearchAction\",\"target\":{\"@type\":\"EntryPoint\",\"urlTemplate\":\"https:\/\/phukienflytech.vn\/?s={search_term_string}\"},\"query-input\":{\"@type\":\"PropertyValueSpecification\",\"valueRequired\":true,\"valueName\":\"search_term_string\"}}],\"inLanguage\":\"en-US\"},{\"@type\":\"Organization\",\"@id\":\"https:\/\/phukienflytech.vn\/#organization\",\"name\":\"DJI Store - Shop Drone, Action camera, Gimbal DJI |Phukienflytech\",\"alternateName\":\"DJI Store - Shop Drone, Action camera, Gimbal DJI |Phukienflytech\",\"url\":\"https:\/\/phukienflytech.vn\/\",\"logo\":{\"@type\":\"ImageObject\",\"inLanguage\":\"en-US\",\"@id\":\"https:\/\/phukienflytech.vn\/#\/schema\/logo\/image\/\",\"url\":\"https:\/\/phukienflytech.vn\/wp-content\/uploads\/2020\/05\/hAnh_nan.jpg1_.jpg\",\"contentUrl\":\"https:\/\/phukienflytech.vn\/wp-content\/uploads\/2020\/05\/hAnh_nan.jpg1_.jpg\",\"width\":800,\"height\":450,\"caption\":\"DJI Store - Shop Drone, Action camera, Gimbal DJI |Phukienflytech\"},\"image\":{\"@id\":\"https:\/\/phukienflytech.vn\/#\/schema\/logo\/image\/\"},\"sameAs\":[\"https:\/\/facebook.com\/phukienflycam\",\"https:\/\/www.youtube.com\/@phukienflytech\",\"https:\/\/www.tiktok.com\/@flytech.channel?fbclid=IwY2xjawGjg7BleHRuA2FlbQIxMAABHYVGmlXpuSMs0UB2zTpYvyT4GMVfN2qJa4urF4vkSQ6FAVBwXZtDP30qQA_aem_UwMiDcUvlEbd2tXAmsc8Og\"]}]}<\/script>\n<!-- \/ Yoast SEO plugin. -->","yoast_head_json":{"title":"C\u00e1nh Mavic Mini 2 h\u00e3ng Sunnylife - B\u1ea3n thay th\u1ebf t\u1ed1t nh\u1ea5t - Gi\u00e1 r\u1ebb ti\u1ebft ki\u1ec7m","description":"C\u00e1nh Mavic Mini 2 h\u00e3ng Sunnylife gi\u00e1 t\u1ed1t t\u1ea1i Phukienflytech. Mua c\u00e1nh Mavic Mini 2 v\u00e0 ph\u1ee5 ki\u1ec7n ship COD to\u00e0n qu\u1ed1c gi\u00e1 r\u1ebb - h\u00e0ng ch\u00ednh h\u00e3ng","robots":{"index":"index","follow":"follow","max-snippet":"max-snippet:-1","max-image-preview":"max-image-preview:large","max-video-preview":"max-video-preview:-1"},"canonical":"https:\/\/phukienflytech.vn\/en\/san-pham\/canh-mavic-mini-2-sunnylife.html","og_locale":"en_US","og_type":"article","og_title":"C\u00e1nh Mavic Mini 2 h\u00e3ng Sunnylife - B\u1ea3n thay th\u1ebf t\u1ed1t nh\u1ea5t - Gi\u00e1 r\u1ebb ti\u1ebft ki\u1ec7m","og_description":"C\u00e1nh Mavic Mini 2 h\u00e3ng Sunnylife gi\u00e1 t\u1ed1t t\u1ea1i Phukienflytech. Mua c\u00e1nh Mavic Mini 2 v\u00e0 ph\u1ee5 ki\u1ec7n ship COD to\u00e0n qu\u1ed1c gi\u00e1 r\u1ebb - h\u00e0ng ch\u00ednh h\u00e3ng","og_url":"https:\/\/phukienflytech.vn\/en\/san-pham\/canh-mavic-mini-2-sunnylife.html","og_site_name":"Shop M\u00e1y \u1ea3nh - Action Camera - Gimbal - Flycam - Ph\u1ee5 ki\u1ec7n","article_publisher":"https:\/\/facebook.com\/phukienflycam","article_modified_time":"2022-10-01T08:42:16+00:00","og_image":[{"width":1060,"height":1060,"url":"https:\/\/phukienflytech.vn\/wp-content\/uploads\/2021\/02\/canh-mavic-mini-sunnylife-best-similar-2-Copy.jpg","type":"image\/jpeg"}],"twitter_card":"summary_large_image","twitter_misc":{"Est. reading time":"3 minutes"},"schema":{"@context":"https:\/\/schema.org","@graph":[{"@type":"WebPage","@id":"https:\/\/phukienflytech.vn\/en\/san-pham\/canh-mavic-mini-2-sunnylife.html","url":"https:\/\/phukienflytech.vn\/en\/san-pham\/canh-mavic-mini-2-sunnylife.html","name":"C\u00e1nh Mavic Mini 2 h\u00e3ng Sunnylife - B\u1ea3n thay th\u1ebf t\u1ed1t nh\u1ea5t - Gi\u00e1 r\u1ebb ti\u1ebft ki\u1ec7m","isPartOf":{"@id":"https:\/\/phukienflytech.vn\/#website"},"primaryImageOfPage":{"@id":"https:\/\/phukienflytech.vn\/en\/san-pham\/canh-mavic-mini-2-sunnylife.html#primaryimage"},"image":{"@id":"https:\/\/phukienflytech.vn\/en\/san-pham\/canh-mavic-mini-2-sunnylife.html#primaryimage"},"thumbnailUrl":"https:\/\/phukienflytech.vn\/wp-content\/uploads\/2021\/02\/canh-mavic-mini-sunnylife-best-similar-2-Copy.jpg","datePublished":"2021-02-27T07:38:30+00:00","dateModified":"2022-10-01T08:42:16+00:00","description":"C\u00e1nh Mavic Mini 2 h\u00e3ng Sunnylife gi\u00e1 t\u1ed1t t\u1ea1i Phukienflytech. Mua c\u00e1nh Mavic Mini 2 v\u00e0 ph\u1ee5 ki\u1ec7n ship COD to\u00e0n qu\u1ed1c gi\u00e1 r\u1ebb - h\u00e0ng ch\u00ednh h\u00e3ng","breadcrumb":{"@id":"https:\/\/phukienflytech.vn\/en\/san-pham\/canh-mavic-mini-2-sunnylife.html#breadcrumb"},"inLanguage":"en-US","potentialAction":[{"@type":"ReadAction","target":["https:\/\/phukienflytech.vn\/en\/san-pham\/canh-mavic-mini-2-sunnylife.html"]}]},{"@type":"ImageObject","inLanguage":"en-US","@id":"https:\/\/phukienflytech.vn\/en\/san-pham\/canh-mavic-mini-2-sunnylife.html#primaryimage","url":"https:\/\/phukienflytech.vn\/wp-content\/uploads\/2021\/02\/canh-mavic-mini-sunnylife-best-similar-2-Copy.jpg","contentUrl":"https:\/\/phukienflytech.vn\/wp-content\/uploads\/2021\/02\/canh-mavic-mini-sunnylife-best-similar-2-Copy.jpg","width":1060,"height":1060},{"@type":"BreadcrumbList","@id":"https:\/\/phukienflytech.vn\/en\/san-pham\/canh-mavic-mini-2-sunnylife.html#breadcrumb","itemListElement":[{"@type":"ListItem","position":1,"name":"Home","item":"https:\/\/phukienflytech.vn\/en"},{"@type":"ListItem","position":2,"name":"Ph\u1ee5 ki\u1ec7n Mavic Pro","item":"https:\/\/phukienflytech.vn\/en\/phu-kien-mavic-pro.html"},{"@type":"ListItem","position":3,"name":"Ph\u1ee5 ki\u1ec7n DJI - Osmo","item":"https:\/\/phukienflytech.vn\/danh-muc\/phu-kien-dji-osmo.html"},{"@type":"ListItem","position":4,"name":"Ph\u1ee5 ki\u1ec7n flycam Mavic Mini","item":"https:\/\/phukienflytech.vn\/danh-muc\/phu-kien-mavic-mini.html"},{"@type":"ListItem","position":5,"name":"C\u00e1nh Mavic Mini 2 \u2013 Sunnylife (Best similar) &#8211; 1 b\u1ed9"}]},{"@type":"WebSite","@id":"https:\/\/phukienflytech.vn\/#website","url":"https:\/\/phukienflytech.vn\/","name":"Shop M\u00e1y \u1ea3nh - Action Camera - Gimbal - Flycam - Ph\u1ee5 ki\u1ec7n","description":"Shop M\u00e1y \u1ea3nh - Action Camera - Gimbal - Flycam - Ph\u1ee5 ki\u1ec7n","publisher":{"@id":"https:\/\/phukienflytech.vn\/#organization"},"potentialAction":[{"@type":"SearchAction","target":{"@type":"EntryPoint","urlTemplate":"https:\/\/phukienflytech.vn\/?s={search_term_string}"},"query-input":{"@type":"PropertyValueSpecification","valueRequired":true,"valueName":"search_term_string"}}],"inLanguage":"en-US"},{"@type":"Organization","@id":"https:\/\/phukienflytech.vn\/#organization","name":"DJI Store - Shop Drone, Action camera, Gimbal DJI |Phukienflytech","alternateName":"DJI Store - Shop Drone, Action camera, Gimbal DJI |Phukienflytech","url":"https:\/\/phukienflytech.vn\/","logo":{"@type":"ImageObject","inLanguage":"en-US","@id":"https:\/\/phukienflytech.vn\/#\/schema\/logo\/image\/","url":"https:\/\/phukienflytech.vn\/wp-content\/uploads\/2020\/05\/hAnh_nan.jpg1_.jpg","contentUrl":"https:\/\/phukienflytech.vn\/wp-content\/uploads\/2020\/05\/hAnh_nan.jpg1_.jpg","width":800,"height":450,"caption":"DJI Store - Shop Drone, Action camera, Gimbal DJI |Phukienflytech"},"image":{"@id":"https:\/\/phukienflytech.vn\/#\/schema\/logo\/image\/"},"sameAs":["https:\/\/facebook.com\/phukienflycam","https:\/\/www.youtube.com\/@phukienflytech","https:\/\/www.tiktok.com\/@flytech.channel?fbclid=IwY2xjawGjg7BleHRuA2FlbQIxMAABHYVGmlXpuSMs0UB2zTpYvyT4GMVfN2qJa4urF4vkSQ6FAVBwXZtDP30qQA_aem_UwMiDcUvlEbd2tXAmsc8Og"]}]}},"_links":{"self":[{"href":"https:\/\/phukienflytech.vn\/en\/wp-json\/wp\/v2\/product\/21880","targetHints":{"allow":["GET"]}}],"collection":[{"href":"https:\/\/phukienflytech.vn\/en\/wp-json\/wp\/v2\/product"}],"about":[{"href":"https:\/\/phukienflytech.vn\/en\/wp-json\/wp\/v2\/types\/product"}],"replies":[{"embeddable":true,"href":"https:\/\/phukienflytech.vn\/en\/wp-json\/wp\/v2\/comments?post=21880"}],"wp:featuredmedia":[{"embeddable":true,"href":"https:\/\/phukienflytech.vn\/en\/wp-json\/wp\/v2\/media\/21870"}],"wp:attachment":[{"href":"https:\/\/phukienflytech.vn\/en\/wp-json\/wp\/v2\/media?parent=21880"}],"wp:term":[{"taxonomy":"product_brand","embeddable":true,"href":"https:\/\/phukienflytech.vn\/en\/wp-json\/wp\/v2\/product_brand?post=21880"},{"taxonomy":"product_cat","embeddable":true,"href":"https:\/\/phukienflytech.vn\/en\/wp-json\/wp\/v2\/product_cat?post=21880"},{"taxonomy":"product_tag","embeddable":true,"href":"https:\/\/phukienflytech.vn\/en\/wp-json\/wp\/v2\/product_tag?post=21880"}],"curies":[{"name":"wp","href":"https:\/\/api.w.org\/{rel}","templated":true}]}}