{"id":22032,"date":"2021-03-07T19:42:22","date_gmt":"2021-03-07T12:42:22","guid":{"rendered":"https:\/\/phukienflytech.vn\/?post_type=product&#038;p=22032"},"modified":"2022-08-25T14:41:22","modified_gmt":"2022-08-25T07:41:22","slug":"canh-mavic-air-2-dji","status":"publish","type":"product","link":"https:\/\/phukienflytech.vn\/en\/san-pham\/canh-mavic-air-2-dji.html","title":{"rendered":"C\u00e1nh Mavic Air 2 &#8211; Ch\u00ednh h\u00e3ng DJI &#8211; Mavic Air 2 Propellers"},"content":{"rendered":"<h2><span style=\"color: #0000ff;\"><strong><span style=\"font-size: 20px;\">C\u00e1nh Mavic Air 2 &#8211; Ch\u00ednh h\u00e3ng DJI &#8211; Mavic Air 2 Propellers<\/span><\/strong><\/span><\/h2>\n<p><em><strong><span style=\"font-size: 17px;\">C\u00e1nh Mavic Air 2 h\u00e3ng DJI<\/span><\/strong><\/em><\/p>\n<p>.<\/p>\n<p><img loading=\"lazy\" decoding=\"async\" class=\"aligncenter wp-image-31454 size-full\" src=\"https:\/\/phukienflytech.vn\/wp-content\/uploads\/2021\/03\/61H6sByGqbL._AC_SL1500_.jpg\" alt=\"Ph\u1ee5 ki\u1ec7n Mavic Air 2 - C\u00e1nh ch\u00ednh h\u00e3ng DJI - C\u00e1nh Mavic Air 2 h\u00e3ng DJI\" width=\"850\" height=\"403\" srcset=\"https:\/\/phukienflytech.vn\/wp-content\/uploads\/2021\/03\/61H6sByGqbL._AC_SL1500_.jpg 850w, https:\/\/phukienflytech.vn\/wp-content\/uploads\/2021\/03\/61H6sByGqbL._AC_SL1500_-800x379.jpg 800w, https:\/\/phukienflytech.vn\/wp-content\/uploads\/2021\/03\/61H6sByGqbL._AC_SL1500_-768x364.jpg 768w, https:\/\/phukienflytech.vn\/wp-content\/uploads\/2021\/03\/61H6sByGqbL._AC_SL1500_-600x284.jpg 600w\" sizes=\"auto, (max-width: 850px) 100vw, 850px\" \/><\/p>\n<p style=\"text-align: center;\"><strong><span style=\"font-size: 14px;\">Ph\u1ee5 ki\u1ec7n Mavic Air 2 &#8211; C\u00e1nh ch\u00ednh h\u00e3ng DJI<\/span><\/strong><\/p>\n<p>.<\/p>\n<p style=\"text-align: center;\"><iframe loading=\"lazy\" src=\"\/\/www.youtube.com\/embed\/lfCbSV_oElg\" width=\"850\" height=\"477\" allowfullscreen=\"allowfullscreen\"><\/iframe><\/p>\n<p style=\"text-align: center;\"><strong><span style=\"font-size: 14px;\">Ngu\u1ed3n: KMARTINFILMS &#8211; DJI Mavic Air 2 Low Noise Propellers<\/span><\/strong><\/p>\n<p>.<\/p>\n<h2><span style=\"color: #0000ff;\"><strong><span style=\"font-size: 20px;\">\u270d Gi\u1edbi thi\u1ec7u s\u1ea3n ph\u1ea9m: C\u00e1nh Mavic Air2 ch\u00ednh h\u00e3ng DJI<\/span><\/strong><\/span><\/h2>\n<p><span style=\"font-size: 17px;\">Trong khi bay flycam, n\u1ebfu ch\u1eb3ng may c\u00e1nh b\u1ecb va ch\u1ea1m th\u00ec nguy c\u01a1 g\u00e3y h\u1ecfng l\u00e0 r\u1ea5t cao. Ch\u01b0a k\u1ec3 v\u1edbi t\u1ed1c \u0111\u1ed9 quay kh\u1ee7ng khi\u1ebfp, th\u00ec \u0111\u00e2y c\u0169ng ch\u00ednh l\u00e0 ph\u1ee5 ki\u1ec7n b\u1ea1n c\u1ea7n l\u01b0u \u00fd thay th\u01b0\u1eddng xuy\u00ean \u0111\u1ec3 \u0111\u1ea3m b\u1ea3o an to\u00e0n cho drone. C\u00e1nh Mavic Air 2 DJI \u0111\u01b0\u1ee3c thi\u1ebft k\u1ebf \u0111\u1ec3 gi\u1ed1ng h\u1ec7t c\u00e1nh \u1edf flycam ch\u00ednh. Ch\u1ea5t li\u1ec7u nh\u1ef1a si\u00eau d\u1ebbo, t\u00ednh \u0111\u00e0n h\u1ed3i cao. S\u1ea3n ph\u1ea9m c\u00f3 thi\u1ebft k\u1ebf x\u1ebfp g\u1ecdn, c\u00e2n b\u1eb1ng, t\u1ea1o cho flycam kh\u1ea3 n\u0103ng gi\u1eef c\u00e2n b\u1eb1ng t\u1ed1t, bay v\u1edbi t\u1ed1c \u0111\u1ed9 cao c\u00f9ng v\u1edbi kh\u1ea3 n\u0103ng linh ho\u1ea1t trong m\u1ecdi t\u00ecnh hu\u1ed1ng.<\/span><\/p>\n<p>.<\/p>\n<p><img loading=\"lazy\" decoding=\"async\" class=\"aligncenter wp-image-31456 size-full\" src=\"https:\/\/phukienflytech.vn\/wp-content\/uploads\/2021\/03\/5637e6111d821168ae6972c26008c928.jpg\" alt=\"Chu\u1ea9n 100% c\u00e1nh zin - d\u1ec5 d\u00e0ng th\u00e1o l\u1eafp v\u00e0 s\u1eed d\u1ee5ng\u00a0- C\u00e1nh Mavic Air 2 h\u00e3ng DJI\" width=\"850\" height=\"534\" srcset=\"https:\/\/phukienflytech.vn\/wp-content\/uploads\/2021\/03\/5637e6111d821168ae6972c26008c928.jpg 850w, https:\/\/phukienflytech.vn\/wp-content\/uploads\/2021\/03\/5637e6111d821168ae6972c26008c928-637x400.jpg 637w, https:\/\/phukienflytech.vn\/wp-content\/uploads\/2021\/03\/5637e6111d821168ae6972c26008c928-768x482.jpg 768w, https:\/\/phukienflytech.vn\/wp-content\/uploads\/2021\/03\/5637e6111d821168ae6972c26008c928-600x377.jpg 600w\" sizes=\"auto, (max-width: 850px) 100vw, 850px\" \/><\/p>\n<p style=\"text-align: center;\"><span style=\"font-size: 14px;\"><strong>Chu\u1ea9n 100% c\u00e1nh zin &#8211; d\u1ec5 d\u00e0ng th\u00e1o l\u1eafp v\u00e0 s\u1eed d\u1ee5ng\u00a0<\/strong><\/span><\/p>\n<p>.<\/p>\n<h2><span style=\"color: #0000ff;\"><strong><span style=\"font-size: 20px;\">\u270d M\u00f4 t\u1ea3 s\u1ea3n ph\u1ea9m: DJI Mavic Air 2 Propellers<\/span><\/strong><\/span><\/h2>\n<p><span style=\"font-size: 17px;\">\u2705\u00a0 H\u00e3ng s\u1ea3n xu\u1ea5t: DJI<\/span><\/p>\n<p><span style=\"font-size: 17px;\">\u2705\u00a0 S\u1ea3n ph\u1ea9m t\u01b0\u01a1ng th\u00edch:\u00a0 Mavic Air 2<\/span><\/p>\n<p><span style=\"font-size: 17px;\">\u2705\u00a0 Ch\u1ea5t li\u1ec7u: Nh\u1ef1a d\u1ebbo dai.<\/span><\/p>\n<p><span style=\"font-size: 17px;\">\u2705\u00a0 M\u00e0u s\u1eafc: \u0110en vi\u1ec1n b\u1ea1c.<\/span><\/p>\n<p><span style=\"font-size: 17px;\">\u2705\u00a0 B\u00ean trong g\u1ed3m 1 c\u1eb7p c\u00e1nh \u0111\u1ed1i ngh\u1ecbch.<\/span><\/p>\n<p>.<\/p>\n<p><img loading=\"lazy\" decoding=\"async\" class=\"aligncenter size-full wp-image-31458\" src=\"https:\/\/phukienflytech.vn\/wp-content\/uploads\/2021\/03\/8743f-1__2__3ea6c2740d404da7b5cec3fce1945094.jpg\" alt=\"\" width=\"850\" height=\"490\" srcset=\"https:\/\/phukienflytech.vn\/wp-content\/uploads\/2021\/03\/8743f-1__2__3ea6c2740d404da7b5cec3fce1945094.jpg 850w, https:\/\/phukienflytech.vn\/wp-content\/uploads\/2021\/03\/8743f-1__2__3ea6c2740d404da7b5cec3fce1945094-694x400.jpg 694w, https:\/\/phukienflytech.vn\/wp-content\/uploads\/2021\/03\/8743f-1__2__3ea6c2740d404da7b5cec3fce1945094-768x443.jpg 768w, https:\/\/phukienflytech.vn\/wp-content\/uploads\/2021\/03\/8743f-1__2__3ea6c2740d404da7b5cec3fce1945094-600x346.jpg 600w\" sizes=\"auto, (max-width: 850px) 100vw, 850px\" \/><\/p>\n<p>.<\/p>\n<p><span style=\"font-size: 17px;\">&gt;&gt; Xem th\u00eam:\u00a0<span style=\"color: #0000ff;\"><a style=\"color: #0000ff;\" href=\"https:\/\/phukienflytech.vn\/danh-muc\/phu-kien-mavic-air-2.html\" target=\"_blank\" rel=\"noopener\"><strong>Ph\u1ee5 ki\u1ec7n Mavic Air 2<\/strong><\/a><\/span><\/span><\/p>\n<p><span style=\"font-size: 20px; color: #0000ff;\"><strong>\u270d C\u00f4ng d\u1ee5ng s\u1ea3n ph\u1ea9m:<\/strong><\/span><\/p>\n<p><span style=\"font-size: 17px;\">\u2705\u00a0 DJI \u0111i\u1ec1u ch\u1ec9nh c\u00e1c khu\u00f4n c\u1ee7a m\u00ecnh \u0111\u1ec3 \u0111\u1ea3m b\u1ea3o r\u1eb1ng m\u1ecdi c\u00e1nh qu\u1ea1t \u0111\u1ec1u c\u00f3 s\u1ef1 c\u00e2n b\u1eb1ng \u0111\u1ed9ng ho\u00e0n h\u1ea3o.<\/span><\/p>\n<p><span style=\"font-size: 17px;\">\u2705\u00a0 Gi\u1ed1ng 100% v\u1edbi b\u1ed9 c\u00e1nh \u0111i theo v\u1edbi m\u00e1y, ch\u1ea5t li\u1ec7u nh\u1ef1a si\u00eau d\u1ebbo, c\u00f3 t\u00ednh \u0111\u00e0n h\u1ed3i cao<\/span><\/p>\n<p><span style=\"font-size: 17px;\">\u2705\u00a0 C\u00e1nh d\u1ef1 ph\u00f2ng thay th\u1ebf nh\u1eefng chi\u1ebfc c\u00e1nh c\u0169 h\u1ecfng, b\u1ea3o \u0111\u1ea3m an to\u00e0n cho m\u00e1y.<\/span><\/p>\n<p>.<\/p>\n<p><img loading=\"lazy\" decoding=\"async\" class=\"aligncenter size-full wp-image-31460\" src=\"https:\/\/phukienflytech.vn\/wp-content\/uploads\/2021\/03\/ca3dbdbef1976d76dccc0ed38057da31.jpg\" alt=\"\" width=\"850\" height=\"334\" srcset=\"https:\/\/phukienflytech.vn\/wp-content\/uploads\/2021\/03\/ca3dbdbef1976d76dccc0ed38057da31.jpg 850w, https:\/\/phukienflytech.vn\/wp-content\/uploads\/2021\/03\/ca3dbdbef1976d76dccc0ed38057da31-800x314.jpg 800w, https:\/\/phukienflytech.vn\/wp-content\/uploads\/2021\/03\/ca3dbdbef1976d76dccc0ed38057da31-768x302.jpg 768w, https:\/\/phukienflytech.vn\/wp-content\/uploads\/2021\/03\/ca3dbdbef1976d76dccc0ed38057da31-600x236.jpg 600w\" sizes=\"auto, (max-width: 850px) 100vw, 850px\" \/><\/p>\n<p>.<\/p>\n<p><strong><span style=\"font-size: 20px; color: #0000ff;\">\u270d H\u01b0\u1edbng d\u1eabn b\u1ea3o qu\u1ea3n:<\/span><\/strong><\/p>\n<p><span style=\"font-size: 17px;\">\u2705 Tr\u00e1nh va \u0111\u1eadp m\u1ea1nh v\u00e0 ti\u1ebfp x\u00fac v\u1edbi nhi\u1ec7t \u0111\u1ed9 cao, l\u1eeda ch\u00e1y<\/span><\/p>\n<p><span style=\"font-size: 17px;\">\u2705 S\u1eed d\u1ee5ng \u0111\u00fang c\u00e1ch, l\u1eafp \u0111\u00fang ren tr\u00e1nh g\u00e3y, h\u1ecfng.<\/span><\/p>\n<p>.<\/p>\n<p><img loading=\"lazy\" decoding=\"async\" class=\"aligncenter size-full wp-image-31462\" src=\"https:\/\/phukienflytech.vn\/wp-content\/uploads\/2021\/03\/dcbc313284fbe787bdaf5181abe9a8ab.jpg\" alt=\"\" width=\"1000\" height=\"896\" srcset=\"https:\/\/phukienflytech.vn\/wp-content\/uploads\/2021\/03\/dcbc313284fbe787bdaf5181abe9a8ab.jpg 1000w, https:\/\/phukienflytech.vn\/wp-content\/uploads\/2021\/03\/dcbc313284fbe787bdaf5181abe9a8ab-446x400.jpg 446w, https:\/\/phukienflytech.vn\/wp-content\/uploads\/2021\/03\/dcbc313284fbe787bdaf5181abe9a8ab-893x800.jpg 893w, https:\/\/phukienflytech.vn\/wp-content\/uploads\/2021\/03\/dcbc313284fbe787bdaf5181abe9a8ab-768x688.jpg 768w, https:\/\/phukienflytech.vn\/wp-content\/uploads\/2021\/03\/dcbc313284fbe787bdaf5181abe9a8ab-600x538.jpg 600w\" sizes=\"auto, (max-width: 1000px) 100vw, 1000px\" \/><\/p>\n<p><span style=\"font-size: 20px; color: #0000ff;\"><strong>Mua ph\u1ee5 ki\u1ec7n DJI Mavic Air\u00a0<\/strong><strong>2 \u1edf \u0111\u00e2u?<\/strong><\/span><\/p>\n<p><span style=\"font-size: 17px;\"><strong>Ph\u1ee5 ki\u1ec7n flycam gi\u00e1 t\u1ed1t<\/strong>\u00a0h\u00e2n h\u1ea1nh l\u00e0 \u0111\u01a1n v\u1ecb ph\u00e2n ph\u1ed1i ch\u00ednh h\u00e3ng c\u00e1c s\u1ea3n ph\u1ea9m ph\u1ee5 ki\u1ec7n flycam. T\u1edbi v\u1edbi ch\u00fang t\u00f4i, c\u00e1c b\u1ea1n s\u1ebd mua \u0111\u01b0\u1ee3c nh\u1eefng s\u1ea3n ph\u1ea9m ch\u00ednh h\u00e3ng v\u1edbi gi\u00e1 m\u1ed9t m\u1ee9c gi\u00e1 t\u1ed1t nh\u1ea5t tr\u00ean th\u1ecb tr\u01b0\u1eddng.<\/span><\/p>\n<p><span style=\"font-size: 17px;\">Kh\u00f4ng ch\u1ec9 nh\u1eefng s\u1ea3n ph\u1ea9m ph\u1ee5 ki\u1ec7n ch\u00ednh h\u00e3ng DJI FPV Drone. Ch\u00fang t\u00f4i c\u0169ng ph\u00e2n ph\u1ed1i c\u00e1c d\u00f2ng s\u1ea3n ph\u1ea9m ph\u1ee5 ki\u1ec7n c\u1ee7a DJI Mavic 2, DJI Phantom, DJI Spark,.. ch\u00ednh h\u00e3ng t\u1edbi t\u1eeb DJI, Pgytech v\u00e0 SunnyLife.<\/span><\/p>\n<p><span style=\"font-size: 17px;\">H\u00e3y \u0111\u1ebfn v\u1edbi ph\u1ee5 ki\u1ec7n flycam gi\u00e1 t\u1ed1t \u0111\u1ec3 c\u00f3 \u0111\u01b0\u1ee3c\u00a0m\u1ee9c gi\u00e1 t\u1ed1t v\u00e0 ch\u1ea5t l\u01b0\u1ee3ng \u0111\u1ea3m b\u1ea3o.<\/span><\/p>\n<p><span style=\"font-size: 17px;\">&gt;&gt; Li\u00ean h\u1ec7 v\u1edbi ch\u00fang t\u00f4i qua:\u00a0<strong>Fanpage:\u00a0<\/strong><span style=\"color: #0000ff;\"><a style=\"color: #0000ff;\" href=\"https:\/\/www.facebook.com\/phukienflycam\" target=\"_blank\" rel=\"noopener\"><strong>Ph\u1ee5 ki\u1ec7n flycam gi\u00e1 t\u1ed1t\u00a0<\/strong><\/a><\/span><\/span><\/p>\n","protected":false},"excerpt":{"rendered":"<p>C\u00e1nh Mavic Air 2 &#8211; Ch\u00ednh h\u00e3ng DJI &#8211; Mavic Air 2 Propellers C\u00e1nh Mavic Air 2 h\u00e3ng DJI . Ph\u1ee5 ki\u1ec7n Mavic Air 2 &#8211; C\u00e1nh ch\u00ednh h\u00e3ng DJI . Ngu\u1ed3n: KMARTINFILMS &#8211; DJI Mavic Air 2 Low Noise Propellers . \u270d Gi\u1edbi thi\u1ec7u s\u1ea3n ph\u1ea9m: C\u00e1nh Mavic Air2 ch\u00ednh h\u00e3ng DJI Trong khi &#8230;<\/p>\n","protected":false},"featured_media":22008,"comment_status":"open","ping_status":"closed","template":"","meta":{"_acf_changed":false},"product_brand":[],"product_cat":[199],"product_tag":[],"class_list":{"0":"post-22032","1":"product","2":"type-product","3":"status-publish","4":"has-post-thumbnail","6":"product_cat-mavic-air-2-accessory","8":"first","9":"instock","10":"sale","11":"shipping-taxable","12":"purchasable","13":"product-type-simple"},"acf":[],"yoast_head":"<!-- This site is optimized with the Yoast SEO plugin v25.7 - https:\/\/yoast.com\/wordpress\/plugins\/seo\/ -->\n<title>C\u00e1nh Mavic Air 2 ch\u00ednh h\u00e3ng DJI - Gi\u00e1 t\u1ed1t - C\u00f3 s\u1eb5n h\u00e0ng | Phukienflytech<\/title>\n<meta name=\"description\" content=\"C\u00e1nh Mavic Air 2 ch\u00ednh h\u00e3ng DJI c\u00f3 s\u1eb5n t\u1ea1i Shop phukienflytech. Mua C\u00e1nh Mavic Air 2 v\u00e0 ph\u1ee5 ki\u1ec7n kh\u00e1c gi\u00e1 r\u1ebb, ship cod to\u00e0n qu\u1ed1c ngay n\u00e0o.\" \/>\n<meta name=\"robots\" content=\"index, follow, max-snippet:-1, max-image-preview:large, max-video-preview:-1\" \/>\n<link rel=\"canonical\" href=\"https:\/\/phukienflytech.vn\/en\/san-pham\/canh-mavic-air-2-dji.html\" \/>\n<meta property=\"og:locale\" content=\"en_US\" \/>\n<meta property=\"og:type\" content=\"article\" \/>\n<meta property=\"og:title\" content=\"C\u00e1nh Mavic Air 2 ch\u00ednh h\u00e3ng DJI - Gi\u00e1 t\u1ed1t - C\u00f3 s\u1eb5n h\u00e0ng | Phukienflytech\" \/>\n<meta property=\"og:description\" content=\"C\u00e1nh Mavic Air 2 ch\u00ednh h\u00e3ng DJI c\u00f3 s\u1eb5n t\u1ea1i Shop phukienflytech. Mua C\u00e1nh Mavic Air 2 v\u00e0 ph\u1ee5 ki\u1ec7n kh\u00e1c gi\u00e1 r\u1ebb, ship cod to\u00e0n qu\u1ed1c ngay n\u00e0o.\" \/>\n<meta property=\"og:url\" content=\"https:\/\/phukienflytech.vn\/en\/san-pham\/canh-mavic-air-2-dji.html\" \/>\n<meta property=\"og:site_name\" content=\"Shop M\u00e1y \u1ea3nh - Action Camera - Gimbal - Flycam - Ph\u1ee5 ki\u1ec7n\" \/>\n<meta property=\"article:publisher\" content=\"https:\/\/facebook.com\/phukienflycam\" \/>\n<meta property=\"article:modified_time\" content=\"2022-08-25T07:41:22+00:00\" \/>\n<meta property=\"og:image\" content=\"https:\/\/phukienflytech.vn\/wp-content\/uploads\/2021\/03\/canh-mavic-air-2-chinh-hang-dji-5-Copy.png\" \/>\n\t<meta property=\"og:image:width\" content=\"600\" \/>\n\t<meta property=\"og:image:height\" content=\"600\" \/>\n\t<meta property=\"og:image:type\" content=\"image\/png\" \/>\n<meta name=\"twitter:card\" content=\"summary_large_image\" \/>\n<meta name=\"twitter:label1\" content=\"Est. reading time\" \/>\n\t<meta name=\"twitter:data1\" content=\"1 minute\" \/>\n<script type=\"application\/ld+json\" class=\"yoast-schema-graph\">{\"@context\":\"https:\/\/schema.org\",\"@graph\":[{\"@type\":\"WebPage\",\"@id\":\"https:\/\/phukienflytech.vn\/en\/san-pham\/canh-mavic-air-2-dji.html\",\"url\":\"https:\/\/phukienflytech.vn\/en\/san-pham\/canh-mavic-air-2-dji.html\",\"name\":\"C\u00e1nh Mavic Air 2 ch\u00ednh h\u00e3ng DJI - Gi\u00e1 t\u1ed1t - C\u00f3 s\u1eb5n h\u00e0ng | Phukienflytech\",\"isPartOf\":{\"@id\":\"https:\/\/phukienflytech.vn\/#website\"},\"primaryImageOfPage\":{\"@id\":\"https:\/\/phukienflytech.vn\/en\/san-pham\/canh-mavic-air-2-dji.html#primaryimage\"},\"image\":{\"@id\":\"https:\/\/phukienflytech.vn\/en\/san-pham\/canh-mavic-air-2-dji.html#primaryimage\"},\"thumbnailUrl\":\"https:\/\/phukienflytech.vn\/wp-content\/uploads\/2021\/03\/canh-mavic-air-2-chinh-hang-dji-5-Copy.png\",\"datePublished\":\"2021-03-07T12:42:22+00:00\",\"dateModified\":\"2022-08-25T07:41:22+00:00\",\"description\":\"C\u00e1nh Mavic Air 2 ch\u00ednh h\u00e3ng DJI c\u00f3 s\u1eb5n t\u1ea1i Shop phukienflytech. Mua C\u00e1nh Mavic Air 2 v\u00e0 ph\u1ee5 ki\u1ec7n kh\u00e1c gi\u00e1 r\u1ebb, ship cod to\u00e0n qu\u1ed1c ngay n\u00e0o.\",\"breadcrumb\":{\"@id\":\"https:\/\/phukienflytech.vn\/en\/san-pham\/canh-mavic-air-2-dji.html#breadcrumb\"},\"inLanguage\":\"en-US\",\"potentialAction\":[{\"@type\":\"ReadAction\",\"target\":[\"https:\/\/phukienflytech.vn\/en\/san-pham\/canh-mavic-air-2-dji.html\"]}]},{\"@type\":\"ImageObject\",\"inLanguage\":\"en-US\",\"@id\":\"https:\/\/phukienflytech.vn\/en\/san-pham\/canh-mavic-air-2-dji.html#primaryimage\",\"url\":\"https:\/\/phukienflytech.vn\/wp-content\/uploads\/2021\/03\/canh-mavic-air-2-chinh-hang-dji-5-Copy.png\",\"contentUrl\":\"https:\/\/phukienflytech.vn\/wp-content\/uploads\/2021\/03\/canh-mavic-air-2-chinh-hang-dji-5-Copy.png\",\"width\":600,\"height\":600},{\"@type\":\"BreadcrumbList\",\"@id\":\"https:\/\/phukienflytech.vn\/en\/san-pham\/canh-mavic-air-2-dji.html#breadcrumb\",\"itemListElement\":[{\"@type\":\"ListItem\",\"position\":1,\"name\":\"Home\",\"item\":\"https:\/\/phukienflytech.vn\/en\"},{\"@type\":\"ListItem\",\"position\":2,\"name\":\"Ph\u1ee5 ki\u1ec7n Mavic Pro\",\"item\":\"https:\/\/phukienflytech.vn\/en\/phu-kien-mavic-pro.html\"},{\"@type\":\"ListItem\",\"position\":3,\"name\":\"Ph\u1ee5 ki\u1ec7n DJI - Osmo\",\"item\":\"https:\/\/phukienflytech.vn\/danh-muc\/phu-kien-dji-osmo.html\"},{\"@type\":\"ListItem\",\"position\":4,\"name\":\"Ph\u1ee5 ki\u1ec7n DJI Mavic Air 2\",\"item\":\"https:\/\/phukienflytech.vn\/danh-muc\/phu-kien-mavic-air-2.html\"},{\"@type\":\"ListItem\",\"position\":5,\"name\":\"C\u00e1nh Mavic Air 2 &#8211; Ch\u00ednh h\u00e3ng DJI &#8211; Mavic Air 2 Propellers\"}]},{\"@type\":\"WebSite\",\"@id\":\"https:\/\/phukienflytech.vn\/#website\",\"url\":\"https:\/\/phukienflytech.vn\/\",\"name\":\"Shop M\u00e1y \u1ea3nh - Action Camera - Gimbal - Flycam - Ph\u1ee5 ki\u1ec7n\",\"description\":\"Shop M\u00e1y \u1ea3nh - Action Camera - Gimbal - Flycam - Ph\u1ee5 ki\u1ec7n\",\"publisher\":{\"@id\":\"https:\/\/phukienflytech.vn\/#organization\"},\"potentialAction\":[{\"@type\":\"SearchAction\",\"target\":{\"@type\":\"EntryPoint\",\"urlTemplate\":\"https:\/\/phukienflytech.vn\/?s={search_term_string}\"},\"query-input\":{\"@type\":\"PropertyValueSpecification\",\"valueRequired\":true,\"valueName\":\"search_term_string\"}}],\"inLanguage\":\"en-US\"},{\"@type\":\"Organization\",\"@id\":\"https:\/\/phukienflytech.vn\/#organization\",\"name\":\"DJI Store - Shop Drone, Action camera, Gimbal DJI |Phukienflytech\",\"alternateName\":\"DJI Store - Shop Drone, Action camera, Gimbal DJI |Phukienflytech\",\"url\":\"https:\/\/phukienflytech.vn\/\",\"logo\":{\"@type\":\"ImageObject\",\"inLanguage\":\"en-US\",\"@id\":\"https:\/\/phukienflytech.vn\/#\/schema\/logo\/image\/\",\"url\":\"https:\/\/phukienflytech.vn\/wp-content\/uploads\/2020\/05\/hAnh_nan.jpg1_.jpg\",\"contentUrl\":\"https:\/\/phukienflytech.vn\/wp-content\/uploads\/2020\/05\/hAnh_nan.jpg1_.jpg\",\"width\":800,\"height\":450,\"caption\":\"DJI Store - Shop Drone, Action camera, Gimbal DJI |Phukienflytech\"},\"image\":{\"@id\":\"https:\/\/phukienflytech.vn\/#\/schema\/logo\/image\/\"},\"sameAs\":[\"https:\/\/facebook.com\/phukienflycam\",\"https:\/\/www.youtube.com\/@phukienflytech\",\"https:\/\/www.tiktok.com\/@flytech.channel?fbclid=IwY2xjawGjg7BleHRuA2FlbQIxMAABHYVGmlXpuSMs0UB2zTpYvyT4GMVfN2qJa4urF4vkSQ6FAVBwXZtDP30qQA_aem_UwMiDcUvlEbd2tXAmsc8Og\"]}]}<\/script>\n<!-- \/ Yoast SEO plugin. -->","yoast_head_json":{"title":"C\u00e1nh Mavic Air 2 ch\u00ednh h\u00e3ng DJI - Gi\u00e1 t\u1ed1t - C\u00f3 s\u1eb5n h\u00e0ng | Phukienflytech","description":"C\u00e1nh Mavic Air 2 ch\u00ednh h\u00e3ng DJI c\u00f3 s\u1eb5n t\u1ea1i Shop phukienflytech. Mua C\u00e1nh Mavic Air 2 v\u00e0 ph\u1ee5 ki\u1ec7n kh\u00e1c gi\u00e1 r\u1ebb, ship cod to\u00e0n qu\u1ed1c ngay n\u00e0o.","robots":{"index":"index","follow":"follow","max-snippet":"max-snippet:-1","max-image-preview":"max-image-preview:large","max-video-preview":"max-video-preview:-1"},"canonical":"https:\/\/phukienflytech.vn\/en\/san-pham\/canh-mavic-air-2-dji.html","og_locale":"en_US","og_type":"article","og_title":"C\u00e1nh Mavic Air 2 ch\u00ednh h\u00e3ng DJI - Gi\u00e1 t\u1ed1t - C\u00f3 s\u1eb5n h\u00e0ng | Phukienflytech","og_description":"C\u00e1nh Mavic Air 2 ch\u00ednh h\u00e3ng DJI c\u00f3 s\u1eb5n t\u1ea1i Shop phukienflytech. Mua C\u00e1nh Mavic Air 2 v\u00e0 ph\u1ee5 ki\u1ec7n kh\u00e1c gi\u00e1 r\u1ebb, ship cod to\u00e0n qu\u1ed1c ngay n\u00e0o.","og_url":"https:\/\/phukienflytech.vn\/en\/san-pham\/canh-mavic-air-2-dji.html","og_site_name":"Shop M\u00e1y \u1ea3nh - Action Camera - Gimbal - Flycam - Ph\u1ee5 ki\u1ec7n","article_publisher":"https:\/\/facebook.com\/phukienflycam","article_modified_time":"2022-08-25T07:41:22+00:00","og_image":[{"width":600,"height":600,"url":"https:\/\/phukienflytech.vn\/wp-content\/uploads\/2021\/03\/canh-mavic-air-2-chinh-hang-dji-5-Copy.png","type":"image\/png"}],"twitter_card":"summary_large_image","twitter_misc":{"Est. reading time":"1 minute"},"schema":{"@context":"https:\/\/schema.org","@graph":[{"@type":"WebPage","@id":"https:\/\/phukienflytech.vn\/en\/san-pham\/canh-mavic-air-2-dji.html","url":"https:\/\/phukienflytech.vn\/en\/san-pham\/canh-mavic-air-2-dji.html","name":"C\u00e1nh Mavic Air 2 ch\u00ednh h\u00e3ng DJI - Gi\u00e1 t\u1ed1t - C\u00f3 s\u1eb5n h\u00e0ng | Phukienflytech","isPartOf":{"@id":"https:\/\/phukienflytech.vn\/#website"},"primaryImageOfPage":{"@id":"https:\/\/phukienflytech.vn\/en\/san-pham\/canh-mavic-air-2-dji.html#primaryimage"},"image":{"@id":"https:\/\/phukienflytech.vn\/en\/san-pham\/canh-mavic-air-2-dji.html#primaryimage"},"thumbnailUrl":"https:\/\/phukienflytech.vn\/wp-content\/uploads\/2021\/03\/canh-mavic-air-2-chinh-hang-dji-5-Copy.png","datePublished":"2021-03-07T12:42:22+00:00","dateModified":"2022-08-25T07:41:22+00:00","description":"C\u00e1nh Mavic Air 2 ch\u00ednh h\u00e3ng DJI c\u00f3 s\u1eb5n t\u1ea1i Shop phukienflytech. Mua C\u00e1nh Mavic Air 2 v\u00e0 ph\u1ee5 ki\u1ec7n kh\u00e1c gi\u00e1 r\u1ebb, ship cod to\u00e0n qu\u1ed1c ngay n\u00e0o.","breadcrumb":{"@id":"https:\/\/phukienflytech.vn\/en\/san-pham\/canh-mavic-air-2-dji.html#breadcrumb"},"inLanguage":"en-US","potentialAction":[{"@type":"ReadAction","target":["https:\/\/phukienflytech.vn\/en\/san-pham\/canh-mavic-air-2-dji.html"]}]},{"@type":"ImageObject","inLanguage":"en-US","@id":"https:\/\/phukienflytech.vn\/en\/san-pham\/canh-mavic-air-2-dji.html#primaryimage","url":"https:\/\/phukienflytech.vn\/wp-content\/uploads\/2021\/03\/canh-mavic-air-2-chinh-hang-dji-5-Copy.png","contentUrl":"https:\/\/phukienflytech.vn\/wp-content\/uploads\/2021\/03\/canh-mavic-air-2-chinh-hang-dji-5-Copy.png","width":600,"height":600},{"@type":"BreadcrumbList","@id":"https:\/\/phukienflytech.vn\/en\/san-pham\/canh-mavic-air-2-dji.html#breadcrumb","itemListElement":[{"@type":"ListItem","position":1,"name":"Home","item":"https:\/\/phukienflytech.vn\/en"},{"@type":"ListItem","position":2,"name":"Ph\u1ee5 ki\u1ec7n Mavic Pro","item":"https:\/\/phukienflytech.vn\/en\/phu-kien-mavic-pro.html"},{"@type":"ListItem","position":3,"name":"Ph\u1ee5 ki\u1ec7n DJI - Osmo","item":"https:\/\/phukienflytech.vn\/danh-muc\/phu-kien-dji-osmo.html"},{"@type":"ListItem","position":4,"name":"Ph\u1ee5 ki\u1ec7n DJI Mavic Air 2","item":"https:\/\/phukienflytech.vn\/danh-muc\/phu-kien-mavic-air-2.html"},{"@type":"ListItem","position":5,"name":"C\u00e1nh Mavic Air 2 &#8211; Ch\u00ednh h\u00e3ng DJI &#8211; Mavic Air 2 Propellers"}]},{"@type":"WebSite","@id":"https:\/\/phukienflytech.vn\/#website","url":"https:\/\/phukienflytech.vn\/","name":"Shop M\u00e1y \u1ea3nh - Action Camera - Gimbal - Flycam - Ph\u1ee5 ki\u1ec7n","description":"Shop M\u00e1y \u1ea3nh - Action Camera - Gimbal - Flycam - Ph\u1ee5 ki\u1ec7n","publisher":{"@id":"https:\/\/phukienflytech.vn\/#organization"},"potentialAction":[{"@type":"SearchAction","target":{"@type":"EntryPoint","urlTemplate":"https:\/\/phukienflytech.vn\/?s={search_term_string}"},"query-input":{"@type":"PropertyValueSpecification","valueRequired":true,"valueName":"search_term_string"}}],"inLanguage":"en-US"},{"@type":"Organization","@id":"https:\/\/phukienflytech.vn\/#organization","name":"DJI Store - Shop Drone, Action camera, Gimbal DJI |Phukienflytech","alternateName":"DJI Store - Shop Drone, Action camera, Gimbal DJI |Phukienflytech","url":"https:\/\/phukienflytech.vn\/","logo":{"@type":"ImageObject","inLanguage":"en-US","@id":"https:\/\/phukienflytech.vn\/#\/schema\/logo\/image\/","url":"https:\/\/phukienflytech.vn\/wp-content\/uploads\/2020\/05\/hAnh_nan.jpg1_.jpg","contentUrl":"https:\/\/phukienflytech.vn\/wp-content\/uploads\/2020\/05\/hAnh_nan.jpg1_.jpg","width":800,"height":450,"caption":"DJI Store - Shop Drone, Action camera, Gimbal DJI |Phukienflytech"},"image":{"@id":"https:\/\/phukienflytech.vn\/#\/schema\/logo\/image\/"},"sameAs":["https:\/\/facebook.com\/phukienflycam","https:\/\/www.youtube.com\/@phukienflytech","https:\/\/www.tiktok.com\/@flytech.channel?fbclid=IwY2xjawGjg7BleHRuA2FlbQIxMAABHYVGmlXpuSMs0UB2zTpYvyT4GMVfN2qJa4urF4vkSQ6FAVBwXZtDP30qQA_aem_UwMiDcUvlEbd2tXAmsc8Og"]}]}},"_links":{"self":[{"href":"https:\/\/phukienflytech.vn\/en\/wp-json\/wp\/v2\/product\/22032","targetHints":{"allow":["GET"]}}],"collection":[{"href":"https:\/\/phukienflytech.vn\/en\/wp-json\/wp\/v2\/product"}],"about":[{"href":"https:\/\/phukienflytech.vn\/en\/wp-json\/wp\/v2\/types\/product"}],"replies":[{"embeddable":true,"href":"https:\/\/phukienflytech.vn\/en\/wp-json\/wp\/v2\/comments?post=22032"}],"wp:featuredmedia":[{"embeddable":true,"href":"https:\/\/phukienflytech.vn\/en\/wp-json\/wp\/v2\/media\/22008"}],"wp:attachment":[{"href":"https:\/\/phukienflytech.vn\/en\/wp-json\/wp\/v2\/media?parent=22032"}],"wp:term":[{"taxonomy":"product_brand","embeddable":true,"href":"https:\/\/phukienflytech.vn\/en\/wp-json\/wp\/v2\/product_brand?post=22032"},{"taxonomy":"product_cat","embeddable":true,"href":"https:\/\/phukienflytech.vn\/en\/wp-json\/wp\/v2\/product_cat?post=22032"},{"taxonomy":"product_tag","embeddable":true,"href":"https:\/\/phukienflytech.vn\/en\/wp-json\/wp\/v2\/product_tag?post=22032"}],"curies":[{"name":"wp","href":"https:\/\/api.w.org\/{rel}","templated":true}]}}