{"id":2225,"date":"2020-05-20T14:47:41","date_gmt":"2020-05-20T07:47:41","guid":{"rendered":"http:\/\/27430.lamdx.vinawebsite.vn\/san-pham\/bo-mod-song-phantom-3adprophantom-4inspire1-dang-cay.html"},"modified":"2020-10-15T21:16:06","modified_gmt":"2020-10-15T14:16:06","slug":"extension-booster-phantom","status":"publish","type":"product","link":"https:\/\/phukienflytech.vn\/en\/san-pham\/extension-booster-phantom.html","title":{"rendered":"Extension antena booster mod for Phantom 3 Pro \/ 4 &#8211; Bar version"},"content":{"rendered":"<h2><em><strong><span style=\"color: #0000ff; font-size: 21px;\">Extension booster Phantom<\/span><\/strong><\/em><\/h2>\n<p><span style=\"font-size: 20px;\">Extension booster Phantom<\/span><\/p>\n<p><span style=\"font-size: 20px;\">N\u1ebfu ai y\u00eau th\u00edch chinh ph\u1ee5c kho\u1ea3ng c\u00e1ch bay c\u1ee7a chi\u1ebfc flycam Phantom 3 adv\/pro\/ phantom 4c\u1ee7a m\u00ecnh th\u00ec s\u1ebd kh\u00f4ng th\u1ec3 b\u1ecf l\u1ee1 b\u1ed9 Mod s\u00f3ng khu\u1ebfch \u0111\u1ea1i n\u00e0y. Bay xa h\u01a1n t\u1edbi\u00a0<strong>1000m &#8211;\u00a01500m<\/strong>\u00a0so v\u1edbi b\u1ed9 g\u1ed1c d\u01b0\u1edbi d\u1ea1ng truy\u1ec1n khu\u1ebfch xung quanh<\/span><\/p>\n<p><span style=\"font-size: 20px;\"><img loading=\"lazy\" decoding=\"async\" class=\"alignnone\" src=\"https:\/\/phukienflytech.vn\/wp-content\/uploads\/2020\/05\/bo-mod-song-phantom-3ad-pro-phantom-4-inspire1-dang-cay-2216.jpg\" alt=\"bo-mod-song-phantom-3adprophantom-4inspire1-dang-cay2\" width=\"347\" height=\"195\" \/><\/span><\/p>\n<p><span style=\"font-size: 20px;\"><em>H\u00ecnh \u1ea3nh truy\u1ec1n v\u1ec1 \u1edf \u0111\u1ed9 xa\u00a0<strong>4019m<\/strong>\u00a0c\u1ee7a DJI\u00a0Phantom 3 pro<\/em><\/span><\/p>\n<p><span style=\"font-size: 20px;\">T\u1ea1i sao B\u1ed9 mod s\u00f3ng n\u00e0y c\u0169ng ch\u1ec9 \u0111\u1ea1t \u0111\u1ed9 xa nh\u01b0\u00a0<a href=\"http:\/\/phukienflytech.vn\/san-pham\/bo-mod-song-phantom-3ad-4pro.html\" target=\"_blank\" rel=\"noopener noreferrer\">B\u1ed9 k\u00edch s\u00f3ng MOD Phantom 3adv\/ pro\/ phantom 4\u00a0\u2013 d\u1ea1ng T\u1ea5m<\/a><a href=\"http:\/\/phukienflytech.vn\/san-pham\/mod-song-spark-mavic-dang-tam.html\" target=\"_blank\" rel=\"noopener noreferrer\">\u00a0<\/a>nh\u01b0ng l\u1ea1i c\u00f3 gi\u00e1 cao h\u01a1n\u00a0t\u1edbi 5 USD.<\/span><\/p>\n<p><span style=\"font-size: 20px;\"><img loading=\"lazy\" decoding=\"async\" class=\"alignnone\" src=\"https:\/\/phukienflytech.vn\/wp-content\/uploads\/2020\/05\/bo-mod-song-phantom-3ad-pro-phantom-4-inspire1-dang-cay-2216-1.jpg\" alt=\"Extension-booster-Phantom-3-Pro\/4-1\" width=\"344\" height=\"344\" \/><\/span><\/p>\n<p><span style=\"font-size: 20px;\">Ng\u01b0\u1eddi \u0111\u1eddi v\u1eabn n\u00f3i &#8221; Ti\u1ec1n sao c\u1ee7a v\u1eady&#8221; , qu\u1ea3 kh\u00f4ng sai v\u00ec\u00a0<strong>B\u1ed9 k\u00edch s\u00f3ng MOD Phantom 3ad\/pro\/phantom 4\u00a0&#8211; d\u1ea1ng c\u00e2y<\/strong>\u00a0c\u00f3 kh\u1ea3 n\u0103ng truy\u1ec1n s\u00f3ng khu\u1ebfch \u0111\u1ea1i 360 \u0111\u1ed9 v\u1edbi c\u00f9ng m\u1ed9t t\u1ea7n s\u1ed1, v\u00e0 c\u00f9ng s\u1ee9c khu\u1ebfch \u0111\u1ea1i l\u00e0 nh\u01b0 nhau \u0111\u00f3 l\u00e0 \u0111i\u1ec1u m\u00e0\u00a0<a href=\"http:\/\/phukienflytech.vn\/san-pham\/bo-mod-song-phantom-3ad-4pro.html\" target=\"_blank\" rel=\"noopener noreferrer\">B\u1ed9 k\u00edch s\u00f3ng MOD Phantom 3adv\/ pro\/ phantom 4\u00a0\u2013 d\u1ea1ng T\u1ea5m\u00a0<\/a>\u00a0ch\u1ec9 l\u00e0m \u0111\u01b0\u1ee3c trong ph\u1ea1m vi 60% l\u1ea5y tay khi\u1ec3n l\u00e0m t\u00e2m<\/span><\/p>\n<p><span style=\"font-size: 20px;\">B\u1ed9 k\u00edch s\u00f3ng bao g\u1ed3m:<\/span><\/p>\n<p><span style=\"font-size: 20px;\"><img loading=\"lazy\" decoding=\"async\" class=\"alignnone\" src=\"https:\/\/phukienflytech.vn\/wp-content\/uploads\/2020\/05\/bo-mod-song-phantom-3ad-pro-phantom-4-inspire1-dang-cay-2216-2.jpg\" alt=\"Extension-booster-Phantom-3-Pro\/4\" width=\"360\" height=\"354\" \/><\/span><\/p>\n<p><span style=\"font-size: 20px;\">+ 2 t\u1ea5m t\u00e1n s\u00f3ng h\u00ecnh que\u00a0<\/span><\/p>\n<p><span style=\"font-size: 20px;\">+ \u0110\u1ebf g\u1eafn t\u1ea5m k\u00edch s\u00f3ng<\/span><\/p>\n<p><span style=\"font-size: 20px;\">+ 2 d\u00e2y c\u00e1p n\u1ed1i \u0103n ten thay th\u1ebf<\/span><\/p>\n<p><span style=\"font-size: 20px;\">+ c\u00e1c ph\u1ee5 t\u00f9ng h\u1ed7 tr\u1ee3 th\u00e1o l\u1eafp \u0111i\u1ec1u khi\u1ec3n<\/span><\/p>\n<p><span style=\"font-size: 20px;\">&#8211; V\u1edbi kh\u1ea3 n\u0103ng c\u00f3 th\u1ebf khu\u1ebfch \u0111\u1ea1i s\u00f3ng truy\u1ec1n h\u00ecnh \u1ea3nh. S\u00f3ng \u0111i\u1ec1u ki\u1ec3n khi\u1ec3n h\u01b0\u1edbng t\u1eeb \u0111i\u1ec1u khi\u1ec3n t\u1edbi m\u00e1y bay l\u00ean t\u1edbi 1000m so v\u1edbi b\u1ed9 g\u1ed1c<\/span><\/p>\n<p><span style=\"font-size: 20px;\">&#8211; R\u1ea5t d\u1ec5 thay th\u1ebf,\u00a0 v\u00e0 g\u1eafn v\u00e0o chi\u1ebfc \u0111i\u1ec1u khi\u1ec3n.<\/span><\/p>\n<p><span style=\"font-size: 20px;\">H\u00e3y \u0111\u1ec3\u00a0<a href=\"https:\/\/facebook.com\/phukienflycam\/\" target=\"_blank\" rel=\"noopener noreferrer\">Ph\u1ee5 Ki\u1ec7n Fly-cam Gi\u00e1 T\u1ed1t<\/a>\u00a0ti\u1ebfp s\u1ee9c \u0111am m\u00ea, c\u00f4ng vi\u1ec7c c\u1ee7a b\u1ea1n, gi\u00fap b\u1ea1n th\u00eam ni\u1ec1m h\u1ee9ng kh\u1edfi trong \u0111am m\u00ea c\u0169ng nh\u01b0 c\u00f4ng vi\u1ec7c c\u1ee7a m\u00ecnh th\u00eam su\u00f4n s\u1ebb v\u00e0 c\u00f3 nh\u1eefng chuy\u1ebfn bay an to\u00e0n<\/span><\/p>\n<p><span style=\"font-size: 20px;\">Nh\u00e0 s\u1ea3n xu\u1ea5t : ARGtek<\/span><\/p>\n<p><span style=\"font-size: 20px;\">&gt;&gt; Contact us on: <a href=\"https:\/\/www.facebook.com\/phukienflycam\"><strong>Facebook<\/strong><\/a><\/span><\/p>\n<p><span style=\"font-size: 20px;\">&gt;&gt; Learn More : <a href=\"https:\/\/phukienflytech.vn\/danh-muc\/phu-kien-dji-phantom-3-series.html\"><strong>Phantom accessories<\/strong><\/a><\/span><\/p>\n","protected":false},"excerpt":{"rendered":"<p>Extension booster Phantom Extension booster Phantom N\u1ebfu ai y\u00eau th\u00edch chinh ph\u1ee5c kho\u1ea3ng c\u00e1ch bay c\u1ee7a chi\u1ebfc flycam Phantom 3 adv\/pro\/ phantom 4c\u1ee7a m\u00ecnh th\u00ec s\u1ebd kh\u00f4ng th\u1ec3 b\u1ecf l\u1ee1 b\u1ed9 Mod s\u00f3ng khu\u1ebfch \u0111\u1ea1i n\u00e0y. Bay xa h\u01a1n t\u1edbi\u00a01000m &#8211;\u00a01500m\u00a0so v\u1edbi b\u1ed9 g\u1ed1c d\u01b0\u1edbi d\u1ea1ng truy\u1ec1n khu\u1ebfch xung quanh H\u00ecnh \u1ea3nh truy\u1ec1n v\u1ec1 \u1edf &#8230;<\/p>\n","protected":false},"featured_media":6560,"comment_status":"open","ping_status":"closed","template":"","meta":{"_acf_changed":false},"product_brand":[],"product_cat":[176,185,183,182],"product_tag":[206,244,226],"class_list":{"0":"post-2225","1":"product","2":"type-product","3":"status-publish","4":"has-post-thumbnail","6":"product_cat-dji-osmo-drones-accessories","7":"product_cat-inspire-accessory","8":"product_cat-phantom-3-accessory","9":"product_cat-phantom-4-accessory","10":"product_tag-phu-kien-dji-en","11":"product_tag-phu-kien-inspire-en","12":"product_tag-phu-kien-phantom-en","14":"first","15":"outofstock","16":"sale","17":"shipping-taxable","18":"purchasable","19":"product-type-simple"},"acf":[],"yoast_head":"<!-- This site is optimized with the Yoast SEO plugin v25.7 - https:\/\/yoast.com\/wordpress\/plugins\/seo\/ -->\n<title>Extension booster Phantom - ARGtek - Phantom accessory<\/title>\n<meta name=\"description\" content=\"Extension booster Phantom is one of the most important accessory. Contact us to buy Extension booster Phantom for best price, fast shipping\" \/>\n<meta name=\"robots\" content=\"index, follow, max-snippet:-1, max-image-preview:large, max-video-preview:-1\" \/>\n<link rel=\"canonical\" href=\"https:\/\/phukienflytech.vn\/en\/san-pham\/extension-booster-phantom.html\" \/>\n<meta property=\"og:locale\" content=\"en_US\" \/>\n<meta property=\"og:type\" content=\"article\" \/>\n<meta property=\"og:title\" content=\"Extension booster Phantom - ARGtek - Phantom accessory\" \/>\n<meta property=\"og:description\" content=\"Extension booster Phantom is one of the most important accessory. Contact us to buy Extension booster Phantom for best price, fast shipping\" \/>\n<meta property=\"og:url\" content=\"https:\/\/phukienflytech.vn\/en\/san-pham\/extension-booster-phantom.html\" \/>\n<meta property=\"og:site_name\" content=\"Shop M\u00e1y \u1ea3nh - Action Camera - Gimbal - Flycam - Ph\u1ee5 ki\u1ec7n\" \/>\n<meta property=\"article:publisher\" content=\"https:\/\/facebook.com\/phukienflycam\" \/>\n<meta property=\"article:modified_time\" content=\"2020-10-15T14:16:06+00:00\" \/>\n<meta property=\"og:image\" content=\"https:\/\/phukienflytech.vn\/wp-content\/uploads\/2020\/05\/k\u00edch-s\u00f3ng-phantom-4-pro-1.png\" \/>\n\t<meta property=\"og:image:width\" content=\"300\" \/>\n\t<meta property=\"og:image:height\" content=\"300\" \/>\n\t<meta property=\"og:image:type\" content=\"image\/png\" \/>\n<meta name=\"twitter:card\" content=\"summary_large_image\" \/>\n<meta name=\"twitter:label1\" content=\"Est. reading time\" \/>\n\t<meta name=\"twitter:data1\" content=\"2 minutes\" \/>\n<script type=\"application\/ld+json\" class=\"yoast-schema-graph\">{\"@context\":\"https:\/\/schema.org\",\"@graph\":[{\"@type\":\"WebPage\",\"@id\":\"https:\/\/phukienflytech.vn\/en\/san-pham\/extension-booster-phantom.html\",\"url\":\"https:\/\/phukienflytech.vn\/en\/san-pham\/extension-booster-phantom.html\",\"name\":\"Extension booster Phantom - ARGtek - Phantom accessory\",\"isPartOf\":{\"@id\":\"https:\/\/phukienflytech.vn\/#website\"},\"primaryImageOfPage\":{\"@id\":\"https:\/\/phukienflytech.vn\/en\/san-pham\/extension-booster-phantom.html#primaryimage\"},\"image\":{\"@id\":\"https:\/\/phukienflytech.vn\/en\/san-pham\/extension-booster-phantom.html#primaryimage\"},\"thumbnailUrl\":\"https:\/\/phukienflytech.vn\/wp-content\/uploads\/2020\/05\/k\u00edch-s\u00f3ng-phantom-4-pro-1.png\",\"datePublished\":\"2020-05-20T07:47:41+00:00\",\"dateModified\":\"2020-10-15T14:16:06+00:00\",\"description\":\"Extension booster Phantom is one of the most important accessory. Contact us to buy Extension booster Phantom for best price, fast shipping\",\"breadcrumb\":{\"@id\":\"https:\/\/phukienflytech.vn\/en\/san-pham\/extension-booster-phantom.html#breadcrumb\"},\"inLanguage\":\"en-US\",\"potentialAction\":[{\"@type\":\"ReadAction\",\"target\":[\"https:\/\/phukienflytech.vn\/en\/san-pham\/extension-booster-phantom.html\"]}]},{\"@type\":\"ImageObject\",\"inLanguage\":\"en-US\",\"@id\":\"https:\/\/phukienflytech.vn\/en\/san-pham\/extension-booster-phantom.html#primaryimage\",\"url\":\"https:\/\/phukienflytech.vn\/wp-content\/uploads\/2020\/05\/k\u00edch-s\u00f3ng-phantom-4-pro-1.png\",\"contentUrl\":\"https:\/\/phukienflytech.vn\/wp-content\/uploads\/2020\/05\/k\u00edch-s\u00f3ng-phantom-4-pro-1.png\",\"width\":300,\"height\":300},{\"@type\":\"BreadcrumbList\",\"@id\":\"https:\/\/phukienflytech.vn\/en\/san-pham\/extension-booster-phantom.html#breadcrumb\",\"itemListElement\":[{\"@type\":\"ListItem\",\"position\":1,\"name\":\"Home\",\"item\":\"https:\/\/phukienflytech.vn\/en\"},{\"@type\":\"ListItem\",\"position\":2,\"name\":\"Ph\u1ee5 ki\u1ec7n Mavic Pro\",\"item\":\"https:\/\/phukienflytech.vn\/en\/phu-kien-mavic-pro.html\"},{\"@type\":\"ListItem\",\"position\":3,\"name\":\"Ph\u1ee5 ki\u1ec7n DJI - Osmo\",\"item\":\"https:\/\/phukienflytech.vn\/danh-muc\/phu-kien-dji-osmo.html\"},{\"@type\":\"ListItem\",\"position\":4,\"name\":\"Extension antena booster mod for Phantom 3 Pro \/ 4 &#8211; Bar version\"}]},{\"@type\":\"WebSite\",\"@id\":\"https:\/\/phukienflytech.vn\/#website\",\"url\":\"https:\/\/phukienflytech.vn\/\",\"name\":\"Shop M\u00e1y \u1ea3nh - Action Camera - Gimbal - Flycam - Ph\u1ee5 ki\u1ec7n\",\"description\":\"Shop M\u00e1y \u1ea3nh - Action Camera - Gimbal - Flycam - Ph\u1ee5 ki\u1ec7n\",\"publisher\":{\"@id\":\"https:\/\/phukienflytech.vn\/#organization\"},\"potentialAction\":[{\"@type\":\"SearchAction\",\"target\":{\"@type\":\"EntryPoint\",\"urlTemplate\":\"https:\/\/phukienflytech.vn\/?s={search_term_string}\"},\"query-input\":{\"@type\":\"PropertyValueSpecification\",\"valueRequired\":true,\"valueName\":\"search_term_string\"}}],\"inLanguage\":\"en-US\"},{\"@type\":\"Organization\",\"@id\":\"https:\/\/phukienflytech.vn\/#organization\",\"name\":\"DJI Store - Shop Drone, Action camera, Gimbal DJI |Phukienflytech\",\"alternateName\":\"DJI Store - Shop Drone, Action camera, Gimbal DJI |Phukienflytech\",\"url\":\"https:\/\/phukienflytech.vn\/\",\"logo\":{\"@type\":\"ImageObject\",\"inLanguage\":\"en-US\",\"@id\":\"https:\/\/phukienflytech.vn\/#\/schema\/logo\/image\/\",\"url\":\"https:\/\/phukienflytech.vn\/wp-content\/uploads\/2020\/05\/hAnh_nan.jpg1_.jpg\",\"contentUrl\":\"https:\/\/phukienflytech.vn\/wp-content\/uploads\/2020\/05\/hAnh_nan.jpg1_.jpg\",\"width\":800,\"height\":450,\"caption\":\"DJI Store - Shop Drone, Action camera, Gimbal DJI |Phukienflytech\"},\"image\":{\"@id\":\"https:\/\/phukienflytech.vn\/#\/schema\/logo\/image\/\"},\"sameAs\":[\"https:\/\/facebook.com\/phukienflycam\",\"https:\/\/www.youtube.com\/@phukienflytech\",\"https:\/\/www.tiktok.com\/@flytech.channel?fbclid=IwY2xjawGjg7BleHRuA2FlbQIxMAABHYVGmlXpuSMs0UB2zTpYvyT4GMVfN2qJa4urF4vkSQ6FAVBwXZtDP30qQA_aem_UwMiDcUvlEbd2tXAmsc8Og\"]}]}<\/script>\n<!-- \/ Yoast SEO plugin. -->","yoast_head_json":{"title":"Extension booster Phantom - ARGtek - Phantom accessory","description":"Extension booster Phantom is one of the most important accessory. Contact us to buy Extension booster Phantom for best price, fast shipping","robots":{"index":"index","follow":"follow","max-snippet":"max-snippet:-1","max-image-preview":"max-image-preview:large","max-video-preview":"max-video-preview:-1"},"canonical":"https:\/\/phukienflytech.vn\/en\/san-pham\/extension-booster-phantom.html","og_locale":"en_US","og_type":"article","og_title":"Extension booster Phantom - ARGtek - Phantom accessory","og_description":"Extension booster Phantom is one of the most important accessory. Contact us to buy Extension booster Phantom for best price, fast shipping","og_url":"https:\/\/phukienflytech.vn\/en\/san-pham\/extension-booster-phantom.html","og_site_name":"Shop M\u00e1y \u1ea3nh - Action Camera - Gimbal - Flycam - Ph\u1ee5 ki\u1ec7n","article_publisher":"https:\/\/facebook.com\/phukienflycam","article_modified_time":"2020-10-15T14:16:06+00:00","og_image":[{"width":300,"height":300,"url":"https:\/\/phukienflytech.vn\/wp-content\/uploads\/2020\/05\/k\u00edch-s\u00f3ng-phantom-4-pro-1.png","type":"image\/png"}],"twitter_card":"summary_large_image","twitter_misc":{"Est. reading time":"2 minutes"},"schema":{"@context":"https:\/\/schema.org","@graph":[{"@type":"WebPage","@id":"https:\/\/phukienflytech.vn\/en\/san-pham\/extension-booster-phantom.html","url":"https:\/\/phukienflytech.vn\/en\/san-pham\/extension-booster-phantom.html","name":"Extension booster Phantom - ARGtek - Phantom accessory","isPartOf":{"@id":"https:\/\/phukienflytech.vn\/#website"},"primaryImageOfPage":{"@id":"https:\/\/phukienflytech.vn\/en\/san-pham\/extension-booster-phantom.html#primaryimage"},"image":{"@id":"https:\/\/phukienflytech.vn\/en\/san-pham\/extension-booster-phantom.html#primaryimage"},"thumbnailUrl":"https:\/\/phukienflytech.vn\/wp-content\/uploads\/2020\/05\/k\u00edch-s\u00f3ng-phantom-4-pro-1.png","datePublished":"2020-05-20T07:47:41+00:00","dateModified":"2020-10-15T14:16:06+00:00","description":"Extension booster Phantom is one of the most important accessory. Contact us to buy Extension booster Phantom for best price, fast shipping","breadcrumb":{"@id":"https:\/\/phukienflytech.vn\/en\/san-pham\/extension-booster-phantom.html#breadcrumb"},"inLanguage":"en-US","potentialAction":[{"@type":"ReadAction","target":["https:\/\/phukienflytech.vn\/en\/san-pham\/extension-booster-phantom.html"]}]},{"@type":"ImageObject","inLanguage":"en-US","@id":"https:\/\/phukienflytech.vn\/en\/san-pham\/extension-booster-phantom.html#primaryimage","url":"https:\/\/phukienflytech.vn\/wp-content\/uploads\/2020\/05\/k\u00edch-s\u00f3ng-phantom-4-pro-1.png","contentUrl":"https:\/\/phukienflytech.vn\/wp-content\/uploads\/2020\/05\/k\u00edch-s\u00f3ng-phantom-4-pro-1.png","width":300,"height":300},{"@type":"BreadcrumbList","@id":"https:\/\/phukienflytech.vn\/en\/san-pham\/extension-booster-phantom.html#breadcrumb","itemListElement":[{"@type":"ListItem","position":1,"name":"Home","item":"https:\/\/phukienflytech.vn\/en"},{"@type":"ListItem","position":2,"name":"Ph\u1ee5 ki\u1ec7n Mavic Pro","item":"https:\/\/phukienflytech.vn\/en\/phu-kien-mavic-pro.html"},{"@type":"ListItem","position":3,"name":"Ph\u1ee5 ki\u1ec7n DJI - Osmo","item":"https:\/\/phukienflytech.vn\/danh-muc\/phu-kien-dji-osmo.html"},{"@type":"ListItem","position":4,"name":"Extension antena booster mod for Phantom 3 Pro \/ 4 &#8211; Bar version"}]},{"@type":"WebSite","@id":"https:\/\/phukienflytech.vn\/#website","url":"https:\/\/phukienflytech.vn\/","name":"Shop M\u00e1y \u1ea3nh - Action Camera - Gimbal - Flycam - Ph\u1ee5 ki\u1ec7n","description":"Shop M\u00e1y \u1ea3nh - Action Camera - Gimbal - Flycam - Ph\u1ee5 ki\u1ec7n","publisher":{"@id":"https:\/\/phukienflytech.vn\/#organization"},"potentialAction":[{"@type":"SearchAction","target":{"@type":"EntryPoint","urlTemplate":"https:\/\/phukienflytech.vn\/?s={search_term_string}"},"query-input":{"@type":"PropertyValueSpecification","valueRequired":true,"valueName":"search_term_string"}}],"inLanguage":"en-US"},{"@type":"Organization","@id":"https:\/\/phukienflytech.vn\/#organization","name":"DJI Store - Shop Drone, Action camera, Gimbal DJI |Phukienflytech","alternateName":"DJI Store - Shop Drone, Action camera, Gimbal DJI |Phukienflytech","url":"https:\/\/phukienflytech.vn\/","logo":{"@type":"ImageObject","inLanguage":"en-US","@id":"https:\/\/phukienflytech.vn\/#\/schema\/logo\/image\/","url":"https:\/\/phukienflytech.vn\/wp-content\/uploads\/2020\/05\/hAnh_nan.jpg1_.jpg","contentUrl":"https:\/\/phukienflytech.vn\/wp-content\/uploads\/2020\/05\/hAnh_nan.jpg1_.jpg","width":800,"height":450,"caption":"DJI Store - Shop Drone, Action camera, Gimbal DJI |Phukienflytech"},"image":{"@id":"https:\/\/phukienflytech.vn\/#\/schema\/logo\/image\/"},"sameAs":["https:\/\/facebook.com\/phukienflycam","https:\/\/www.youtube.com\/@phukienflytech","https:\/\/www.tiktok.com\/@flytech.channel?fbclid=IwY2xjawGjg7BleHRuA2FlbQIxMAABHYVGmlXpuSMs0UB2zTpYvyT4GMVfN2qJa4urF4vkSQ6FAVBwXZtDP30qQA_aem_UwMiDcUvlEbd2tXAmsc8Og"]}]}},"_links":{"self":[{"href":"https:\/\/phukienflytech.vn\/en\/wp-json\/wp\/v2\/product\/2225","targetHints":{"allow":["GET"]}}],"collection":[{"href":"https:\/\/phukienflytech.vn\/en\/wp-json\/wp\/v2\/product"}],"about":[{"href":"https:\/\/phukienflytech.vn\/en\/wp-json\/wp\/v2\/types\/product"}],"replies":[{"embeddable":true,"href":"https:\/\/phukienflytech.vn\/en\/wp-json\/wp\/v2\/comments?post=2225"}],"wp:featuredmedia":[{"embeddable":true,"href":"https:\/\/phukienflytech.vn\/en\/wp-json\/wp\/v2\/media\/6560"}],"wp:attachment":[{"href":"https:\/\/phukienflytech.vn\/en\/wp-json\/wp\/v2\/media?parent=2225"}],"wp:term":[{"taxonomy":"product_brand","embeddable":true,"href":"https:\/\/phukienflytech.vn\/en\/wp-json\/wp\/v2\/product_brand?post=2225"},{"taxonomy":"product_cat","embeddable":true,"href":"https:\/\/phukienflytech.vn\/en\/wp-json\/wp\/v2\/product_cat?post=2225"},{"taxonomy":"product_tag","embeddable":true,"href":"https:\/\/phukienflytech.vn\/en\/wp-json\/wp\/v2\/product_tag?post=2225"}],"curies":[{"name":"wp","href":"https:\/\/api.w.org\/{rel}","templated":true}]}}