{"id":2256,"date":"2020-06-18T15:18:34","date_gmt":"2020-06-18T08:18:34","guid":{"rendered":"http:\/\/27430.lamdx.vinawebsite.vn\/san-pham\/silicon-khien-dji-phantom-mau-nhat.html"},"modified":"2020-09-08T10:29:36","modified_gmt":"2020-09-08T03:29:36","slug":"silicon-khien-dji-phantom-mau-nhat","status":"publish","type":"product","link":"https:\/\/phukienflytech.vn\/en\/san-pham\/silicon-khien-dji-phantom-mau-nhat.html","title":{"rendered":"Silicon khi\u1ec3n DJI Phantom &#8211; m\u00e0u nh\u1ea1t"},"content":{"rendered":"<h2><span style=\"font-size: 21px; color: #0000ff;\"><strong>Silicon khi\u1ec3n DJI Phantom &#8211; m\u00e0u nh\u1ea1t<\/strong><\/span><\/h2>\n<p><span style=\"font-size: 18px;\">Silicon khi\u1ec3n Phantom m\u00e0u nh\u1ea1t<\/span><\/p>\n<p><span style=\"font-size: 18px;\">M\u1ee5c \u0111\u00edch: t\u0103ng t\u00ednh th\u1ea9m m\u1ef9 cho chi\u1ebfc tay khi\u1ec3n , gi\u1eef v\u1ec7 sinh v\u00e0 b\u1ea3o v\u1ec7 tay khi\u1ec3n b\u1ecb x\u01b0\u1edbc s\u00e1t trong tr\u01b0\u1eddng h\u1ee3p b\u1ecb va \u0111\u1eadp .<\/span><\/p>\n<p>&nbsp;<\/p>\n<p><span style=\"font-size: 18px;\"><img loading=\"lazy\" decoding=\"async\" class=\"alignnone size-full wp-image-13416\" src=\"https:\/\/phukienflytech.vn\/wp-content\/uploads\/2020\/05\/silicon-khien-dji-phantom-mau-nhat-2249-3.jpg\" alt=\"\" width=\"450\" height=\"373\" \/><\/span><\/p>\n<p>&nbsp;<\/p>\n<p><span style=\"font-size: 18px;\">S\u1eed d\u1ee5ng cho: Phantom 3ad\/pro \u2013 4\/pro\/ad \u2013 inspire..<\/span><\/p>\n<p>&nbsp;<\/p>\n<p><span style=\"font-size: 18px;\"><img loading=\"lazy\" decoding=\"async\" class=\"alignnone size-medium wp-image-13418\" src=\"https:\/\/phukienflytech.vn\/wp-content\/uploads\/2020\/05\/silicon-khien-dji-phantom-mau-nhat-2249-1-1-400x400.jpg\" alt=\"\" width=\"400\" height=\"400\" srcset=\"https:\/\/phukienflytech.vn\/wp-content\/uploads\/2020\/05\/silicon-khien-dji-phantom-mau-nhat-2249-1-1-400x400.jpg 400w, https:\/\/phukienflytech.vn\/wp-content\/uploads\/2020\/05\/silicon-khien-dji-phantom-mau-nhat-2249-1-1-280x280.jpg 280w, https:\/\/phukienflytech.vn\/wp-content\/uploads\/2020\/05\/silicon-khien-dji-phantom-mau-nhat-2249-1-1-300x300.jpg 300w, https:\/\/phukienflytech.vn\/wp-content\/uploads\/2020\/05\/silicon-khien-dji-phantom-mau-nhat-2249-1-1-100x100.jpg 100w, https:\/\/phukienflytech.vn\/wp-content\/uploads\/2020\/05\/silicon-khien-dji-phantom-mau-nhat-2249-1-1.jpg 450w\" sizes=\"auto, (max-width: 400px) 100vw, 400px\" \/><\/span><\/p>\n<p>&nbsp;<\/p>\n<p><span style=\"font-size: 18px;\">Ch\u1ea5t li\u1ec7u: cao su silicon<\/span><\/p>\n<p><span style=\"font-size: 18px;\">M\u00e0u s\u1eafc:\u00a0xanh, tr\u1eafng, n\u00e2u, cam nh\u1ea1t, xanh d\u01b0\u01a1ng<\/span><\/p>\n<p><span style=\"font-size: 18px;\">&#8211; R\u1ea5t d\u1ec5 g\u1eafn v\u00e0 th\u00e1o ra<\/span><\/p>\n<p><span style=\"font-size: 18px;\">H\u00e3y \u0111\u1ec3\u00a0<a href=\"https:\/\/facebook.com\/phukienflycam\/\" target=\"_blank\" rel=\"noopener noreferrer\">Ph\u1ee5 Ki\u1ec7n Fly-cam Gi\u00e1 T\u1ed1t<\/a>\u00a0ti\u1ebfp s\u1ee9c \u0111am m\u00ea, c\u00f4ng vi\u1ec7c c\u1ee7a b\u1ea1n, gi\u00fap b\u1ea1n th\u00eam ni\u1ec1m h\u1ee9ng kh\u1edfi trong \u0111am m\u00ea c\u0169ng nh\u01b0 c\u00f4ng vi\u1ec7c c\u1ee7a m\u00ecnh th\u00eam su\u00f4n s\u1ebb<\/span><\/p>\n<p><span style=\"font-size: 18px;\">Nh\u00e0 s\u1ea3n xu\u1ea5t : Sunnylife. L\u00e0 m\u1ed9t trong nh\u1eefng Vendor cung c\u1ea5p c\u00e1c ph\u1ee5 ki\u1ec7n, linh ki\u1ec7n thay th\u1ebf cho DJI Flycam.<\/span><\/p>\n<p>&nbsp;<\/p>\n","protected":false},"excerpt":{"rendered":"<p>Silicon khi\u1ec3n DJI Phantom &#8211; m\u00e0u nh\u1ea1t Silicon khi\u1ec3n Phantom m\u00e0u nh\u1ea1t M\u1ee5c \u0111\u00edch: t\u0103ng t\u00ednh th\u1ea9m m\u1ef9 cho chi\u1ebfc tay khi\u1ec3n , gi\u1eef v\u1ec7 sinh v\u00e0 b\u1ea3o v\u1ec7 tay khi\u1ec3n b\u1ecb x\u01b0\u1edbc s\u00e1t trong tr\u01b0\u1eddng h\u1ee3p b\u1ecb va \u0111\u1eadp . &nbsp; &nbsp; S\u1eed d\u1ee5ng cho: Phantom 3ad\/pro \u2013 4\/pro\/ad \u2013 inspire.. &nbsp; &nbsp; Ch\u1ea5t &#8230;<\/p>\n","protected":false},"featured_media":16420,"comment_status":"open","ping_status":"closed","template":"","meta":{"_acf_changed":false},"product_brand":[],"product_cat":[183,182],"product_tag":[206,226,245,227],"class_list":{"0":"post-2256","1":"product","2":"type-product","3":"status-publish","4":"has-post-thumbnail","6":"product_cat-phantom-3-accessory","7":"product_cat-phantom-4-accessory","8":"product_tag-phu-kien-dji-en","9":"product_tag-phu-kien-phantom-en","10":"product_tag-phu-kien-phantom-3-en","11":"product_tag-phu-kien-phantom-4-en","13":"first","14":"instock","15":"shipping-taxable","16":"purchasable","17":"product-type-simple"},"acf":[],"yoast_head":"<!-- This site is optimized with the Yoast SEO plugin v25.7 - https:\/\/yoast.com\/wordpress\/plugins\/seo\/ -->\n<title>Silicon khi\u1ec3n Phantom m\u00e0u nh\u1ea1t - b\u1ecdc khi\u1ec3n phantom - ship cod to\u00e0n qu\u1ed1c<\/title>\n<meta name=\"description\" content=\"Silicon khi\u1ec3n Phantom m\u00e0u nh\u1ea1t l\u00e0 ph\u1ee5 ki\u1ec7n gi\u00fap t\u0103ng t\u00ednh th\u1ea9m m\u1ef9. Silicon khi\u1ec3n Phantom m\u00e0u nh\u1ea1t b\u1ea3o v\u1ec7 tay khi\u1ec3n c\u1ee7a b\u1ea1n kh\u1ed5i b\u1ecb tr\u00e0y x\u01b0\u1edbc, h\u1ecfng h\u00f3c\" \/>\n<meta name=\"robots\" content=\"index, follow, max-snippet:-1, max-image-preview:large, max-video-preview:-1\" \/>\n<link rel=\"canonical\" href=\"https:\/\/phukienflytech.vn\/en\/san-pham\/silicon-khien-dji-phantom-mau-nhat.html\" \/>\n<meta property=\"og:locale\" content=\"en_US\" \/>\n<meta property=\"og:type\" content=\"article\" \/>\n<meta property=\"og:title\" content=\"Silicon khi\u1ec3n Phantom m\u00e0u nh\u1ea1t - b\u1ecdc khi\u1ec3n phantom - ship cod to\u00e0n qu\u1ed1c\" \/>\n<meta property=\"og:description\" content=\"Silicon khi\u1ec3n Phantom m\u00e0u nh\u1ea1t l\u00e0 ph\u1ee5 ki\u1ec7n gi\u00fap t\u0103ng t\u00ednh th\u1ea9m m\u1ef9. Silicon khi\u1ec3n Phantom m\u00e0u nh\u1ea1t b\u1ea3o v\u1ec7 tay khi\u1ec3n c\u1ee7a b\u1ea1n kh\u1ed5i b\u1ecb tr\u00e0y x\u01b0\u1edbc, h\u1ecfng h\u00f3c\" \/>\n<meta property=\"og:url\" content=\"https:\/\/phukienflytech.vn\/en\/san-pham\/silicon-khien-dji-phantom-mau-nhat.html\" \/>\n<meta property=\"og:site_name\" content=\"Shop M\u00e1y \u1ea3nh - Action Camera - Gimbal - Flycam - Ph\u1ee5 ki\u1ec7n\" \/>\n<meta property=\"article:publisher\" content=\"https:\/\/facebook.com\/phukienflycam\" \/>\n<meta property=\"article:modified_time\" content=\"2020-09-08T03:29:36+00:00\" \/>\n<meta property=\"og:image\" content=\"https:\/\/phukienflytech.vn\/wp-content\/uploads\/2020\/05\/silicontx_mang.jpg\" \/>\n\t<meta property=\"og:image:width\" content=\"243\" \/>\n\t<meta property=\"og:image:height\" content=\"243\" \/>\n\t<meta property=\"og:image:type\" content=\"image\/jpeg\" \/>\n<meta name=\"twitter:card\" content=\"summary_large_image\" \/>\n<meta name=\"twitter:label1\" content=\"Est. reading time\" \/>\n\t<meta name=\"twitter:data1\" content=\"1 minute\" \/>\n<script type=\"application\/ld+json\" class=\"yoast-schema-graph\">{\"@context\":\"https:\/\/schema.org\",\"@graph\":[{\"@type\":\"WebPage\",\"@id\":\"https:\/\/phukienflytech.vn\/en\/san-pham\/silicon-khien-dji-phantom-mau-nhat.html\",\"url\":\"https:\/\/phukienflytech.vn\/en\/san-pham\/silicon-khien-dji-phantom-mau-nhat.html\",\"name\":\"Silicon khi\u1ec3n Phantom m\u00e0u nh\u1ea1t - b\u1ecdc khi\u1ec3n phantom - ship cod to\u00e0n qu\u1ed1c\",\"isPartOf\":{\"@id\":\"https:\/\/phukienflytech.vn\/#website\"},\"primaryImageOfPage\":{\"@id\":\"https:\/\/phukienflytech.vn\/en\/san-pham\/silicon-khien-dji-phantom-mau-nhat.html#primaryimage\"},\"image\":{\"@id\":\"https:\/\/phukienflytech.vn\/en\/san-pham\/silicon-khien-dji-phantom-mau-nhat.html#primaryimage\"},\"thumbnailUrl\":\"https:\/\/phukienflytech.vn\/wp-content\/uploads\/2020\/05\/silicontx_mang.jpg\",\"datePublished\":\"2020-06-18T08:18:34+00:00\",\"dateModified\":\"2020-09-08T03:29:36+00:00\",\"description\":\"Silicon khi\u1ec3n Phantom m\u00e0u nh\u1ea1t l\u00e0 ph\u1ee5 ki\u1ec7n gi\u00fap t\u0103ng t\u00ednh th\u1ea9m m\u1ef9. Silicon khi\u1ec3n Phantom m\u00e0u nh\u1ea1t b\u1ea3o v\u1ec7 tay khi\u1ec3n c\u1ee7a b\u1ea1n kh\u1ed5i b\u1ecb tr\u00e0y x\u01b0\u1edbc, h\u1ecfng h\u00f3c\",\"breadcrumb\":{\"@id\":\"https:\/\/phukienflytech.vn\/en\/san-pham\/silicon-khien-dji-phantom-mau-nhat.html#breadcrumb\"},\"inLanguage\":\"en-US\",\"potentialAction\":[{\"@type\":\"ReadAction\",\"target\":[\"https:\/\/phukienflytech.vn\/en\/san-pham\/silicon-khien-dji-phantom-mau-nhat.html\"]}]},{\"@type\":\"ImageObject\",\"inLanguage\":\"en-US\",\"@id\":\"https:\/\/phukienflytech.vn\/en\/san-pham\/silicon-khien-dji-phantom-mau-nhat.html#primaryimage\",\"url\":\"https:\/\/phukienflytech.vn\/wp-content\/uploads\/2020\/05\/silicontx_mang.jpg\",\"contentUrl\":\"https:\/\/phukienflytech.vn\/wp-content\/uploads\/2020\/05\/silicontx_mang.jpg\",\"width\":243,\"height\":243},{\"@type\":\"BreadcrumbList\",\"@id\":\"https:\/\/phukienflytech.vn\/en\/san-pham\/silicon-khien-dji-phantom-mau-nhat.html#breadcrumb\",\"itemListElement\":[{\"@type\":\"ListItem\",\"position\":1,\"name\":\"Home\",\"item\":\"https:\/\/phukienflytech.vn\/en\"},{\"@type\":\"ListItem\",\"position\":2,\"name\":\"Ph\u1ee5 ki\u1ec7n Mavic Pro\",\"item\":\"https:\/\/phukienflytech.vn\/en\/phu-kien-mavic-pro.html\"},{\"@type\":\"ListItem\",\"position\":3,\"name\":\"DJI Osmo &amp; Drone's accessories\",\"item\":\"https:\/\/phukienflytech.vn\/en\/danh-muc\/dji-osmo-drones-accessories.html\"},{\"@type\":\"ListItem\",\"position\":4,\"name\":\"Ph\u1ee5 ki\u1ec7n flycam Phantom 3\",\"item\":\"https:\/\/phukienflytech.vn\/en\/danh-muc\/phantom-3-accessory.html\"},{\"@type\":\"ListItem\",\"position\":5,\"name\":\"Silicon khi\u1ec3n DJI Phantom &#8211; m\u00e0u nh\u1ea1t\"}]},{\"@type\":\"WebSite\",\"@id\":\"https:\/\/phukienflytech.vn\/#website\",\"url\":\"https:\/\/phukienflytech.vn\/\",\"name\":\"Shop M\u00e1y \u1ea3nh - Action Camera - Gimbal - Flycam - Ph\u1ee5 ki\u1ec7n\",\"description\":\"Shop M\u00e1y \u1ea3nh - Action Camera - Gimbal - Flycam - Ph\u1ee5 ki\u1ec7n\",\"publisher\":{\"@id\":\"https:\/\/phukienflytech.vn\/#organization\"},\"potentialAction\":[{\"@type\":\"SearchAction\",\"target\":{\"@type\":\"EntryPoint\",\"urlTemplate\":\"https:\/\/phukienflytech.vn\/?s={search_term_string}\"},\"query-input\":{\"@type\":\"PropertyValueSpecification\",\"valueRequired\":true,\"valueName\":\"search_term_string\"}}],\"inLanguage\":\"en-US\"},{\"@type\":\"Organization\",\"@id\":\"https:\/\/phukienflytech.vn\/#organization\",\"name\":\"DJI Store - Shop Drone, Action camera, Gimbal DJI |Phukienflytech\",\"alternateName\":\"DJI Store - Shop Drone, Action camera, Gimbal DJI |Phukienflytech\",\"url\":\"https:\/\/phukienflytech.vn\/\",\"logo\":{\"@type\":\"ImageObject\",\"inLanguage\":\"en-US\",\"@id\":\"https:\/\/phukienflytech.vn\/#\/schema\/logo\/image\/\",\"url\":\"https:\/\/phukienflytech.vn\/wp-content\/uploads\/2020\/05\/hAnh_nan.jpg1_.jpg\",\"contentUrl\":\"https:\/\/phukienflytech.vn\/wp-content\/uploads\/2020\/05\/hAnh_nan.jpg1_.jpg\",\"width\":800,\"height\":450,\"caption\":\"DJI Store - Shop Drone, Action camera, Gimbal DJI |Phukienflytech\"},\"image\":{\"@id\":\"https:\/\/phukienflytech.vn\/#\/schema\/logo\/image\/\"},\"sameAs\":[\"https:\/\/facebook.com\/phukienflycam\",\"https:\/\/www.youtube.com\/@phukienflytech\",\"https:\/\/www.tiktok.com\/@flytech.channel?fbclid=IwY2xjawGjg7BleHRuA2FlbQIxMAABHYVGmlXpuSMs0UB2zTpYvyT4GMVfN2qJa4urF4vkSQ6FAVBwXZtDP30qQA_aem_UwMiDcUvlEbd2tXAmsc8Og\"]}]}<\/script>\n<!-- \/ Yoast SEO plugin. -->","yoast_head_json":{"title":"Silicon khi\u1ec3n Phantom m\u00e0u nh\u1ea1t - b\u1ecdc khi\u1ec3n phantom - ship cod to\u00e0n qu\u1ed1c","description":"Silicon khi\u1ec3n Phantom m\u00e0u nh\u1ea1t l\u00e0 ph\u1ee5 ki\u1ec7n gi\u00fap t\u0103ng t\u00ednh th\u1ea9m m\u1ef9. Silicon khi\u1ec3n Phantom m\u00e0u nh\u1ea1t b\u1ea3o v\u1ec7 tay khi\u1ec3n c\u1ee7a b\u1ea1n kh\u1ed5i b\u1ecb tr\u00e0y x\u01b0\u1edbc, h\u1ecfng h\u00f3c","robots":{"index":"index","follow":"follow","max-snippet":"max-snippet:-1","max-image-preview":"max-image-preview:large","max-video-preview":"max-video-preview:-1"},"canonical":"https:\/\/phukienflytech.vn\/en\/san-pham\/silicon-khien-dji-phantom-mau-nhat.html","og_locale":"en_US","og_type":"article","og_title":"Silicon khi\u1ec3n Phantom m\u00e0u nh\u1ea1t - b\u1ecdc khi\u1ec3n phantom - ship cod to\u00e0n qu\u1ed1c","og_description":"Silicon khi\u1ec3n Phantom m\u00e0u nh\u1ea1t l\u00e0 ph\u1ee5 ki\u1ec7n gi\u00fap t\u0103ng t\u00ednh th\u1ea9m m\u1ef9. Silicon khi\u1ec3n Phantom m\u00e0u nh\u1ea1t b\u1ea3o v\u1ec7 tay khi\u1ec3n c\u1ee7a b\u1ea1n kh\u1ed5i b\u1ecb tr\u00e0y x\u01b0\u1edbc, h\u1ecfng h\u00f3c","og_url":"https:\/\/phukienflytech.vn\/en\/san-pham\/silicon-khien-dji-phantom-mau-nhat.html","og_site_name":"Shop M\u00e1y \u1ea3nh - Action Camera - Gimbal - Flycam - Ph\u1ee5 ki\u1ec7n","article_publisher":"https:\/\/facebook.com\/phukienflycam","article_modified_time":"2020-09-08T03:29:36+00:00","og_image":[{"width":243,"height":243,"url":"https:\/\/phukienflytech.vn\/wp-content\/uploads\/2020\/05\/silicontx_mang.jpg","type":"image\/jpeg"}],"twitter_card":"summary_large_image","twitter_misc":{"Est. reading time":"1 minute"},"schema":{"@context":"https:\/\/schema.org","@graph":[{"@type":"WebPage","@id":"https:\/\/phukienflytech.vn\/en\/san-pham\/silicon-khien-dji-phantom-mau-nhat.html","url":"https:\/\/phukienflytech.vn\/en\/san-pham\/silicon-khien-dji-phantom-mau-nhat.html","name":"Silicon khi\u1ec3n Phantom m\u00e0u nh\u1ea1t - b\u1ecdc khi\u1ec3n phantom - ship cod to\u00e0n qu\u1ed1c","isPartOf":{"@id":"https:\/\/phukienflytech.vn\/#website"},"primaryImageOfPage":{"@id":"https:\/\/phukienflytech.vn\/en\/san-pham\/silicon-khien-dji-phantom-mau-nhat.html#primaryimage"},"image":{"@id":"https:\/\/phukienflytech.vn\/en\/san-pham\/silicon-khien-dji-phantom-mau-nhat.html#primaryimage"},"thumbnailUrl":"https:\/\/phukienflytech.vn\/wp-content\/uploads\/2020\/05\/silicontx_mang.jpg","datePublished":"2020-06-18T08:18:34+00:00","dateModified":"2020-09-08T03:29:36+00:00","description":"Silicon khi\u1ec3n Phantom m\u00e0u nh\u1ea1t l\u00e0 ph\u1ee5 ki\u1ec7n gi\u00fap t\u0103ng t\u00ednh th\u1ea9m m\u1ef9. Silicon khi\u1ec3n Phantom m\u00e0u nh\u1ea1t b\u1ea3o v\u1ec7 tay khi\u1ec3n c\u1ee7a b\u1ea1n kh\u1ed5i b\u1ecb tr\u00e0y x\u01b0\u1edbc, h\u1ecfng h\u00f3c","breadcrumb":{"@id":"https:\/\/phukienflytech.vn\/en\/san-pham\/silicon-khien-dji-phantom-mau-nhat.html#breadcrumb"},"inLanguage":"en-US","potentialAction":[{"@type":"ReadAction","target":["https:\/\/phukienflytech.vn\/en\/san-pham\/silicon-khien-dji-phantom-mau-nhat.html"]}]},{"@type":"ImageObject","inLanguage":"en-US","@id":"https:\/\/phukienflytech.vn\/en\/san-pham\/silicon-khien-dji-phantom-mau-nhat.html#primaryimage","url":"https:\/\/phukienflytech.vn\/wp-content\/uploads\/2020\/05\/silicontx_mang.jpg","contentUrl":"https:\/\/phukienflytech.vn\/wp-content\/uploads\/2020\/05\/silicontx_mang.jpg","width":243,"height":243},{"@type":"BreadcrumbList","@id":"https:\/\/phukienflytech.vn\/en\/san-pham\/silicon-khien-dji-phantom-mau-nhat.html#breadcrumb","itemListElement":[{"@type":"ListItem","position":1,"name":"Home","item":"https:\/\/phukienflytech.vn\/en"},{"@type":"ListItem","position":2,"name":"Ph\u1ee5 ki\u1ec7n Mavic Pro","item":"https:\/\/phukienflytech.vn\/en\/phu-kien-mavic-pro.html"},{"@type":"ListItem","position":3,"name":"DJI Osmo &amp; Drone's accessories","item":"https:\/\/phukienflytech.vn\/en\/danh-muc\/dji-osmo-drones-accessories.html"},{"@type":"ListItem","position":4,"name":"Ph\u1ee5 ki\u1ec7n flycam Phantom 3","item":"https:\/\/phukienflytech.vn\/en\/danh-muc\/phantom-3-accessory.html"},{"@type":"ListItem","position":5,"name":"Silicon khi\u1ec3n DJI Phantom &#8211; m\u00e0u nh\u1ea1t"}]},{"@type":"WebSite","@id":"https:\/\/phukienflytech.vn\/#website","url":"https:\/\/phukienflytech.vn\/","name":"Shop M\u00e1y \u1ea3nh - Action Camera - Gimbal - Flycam - Ph\u1ee5 ki\u1ec7n","description":"Shop M\u00e1y \u1ea3nh - Action Camera - Gimbal - Flycam - Ph\u1ee5 ki\u1ec7n","publisher":{"@id":"https:\/\/phukienflytech.vn\/#organization"},"potentialAction":[{"@type":"SearchAction","target":{"@type":"EntryPoint","urlTemplate":"https:\/\/phukienflytech.vn\/?s={search_term_string}"},"query-input":{"@type":"PropertyValueSpecification","valueRequired":true,"valueName":"search_term_string"}}],"inLanguage":"en-US"},{"@type":"Organization","@id":"https:\/\/phukienflytech.vn\/#organization","name":"DJI Store - Shop Drone, Action camera, Gimbal DJI |Phukienflytech","alternateName":"DJI Store - Shop Drone, Action camera, Gimbal DJI |Phukienflytech","url":"https:\/\/phukienflytech.vn\/","logo":{"@type":"ImageObject","inLanguage":"en-US","@id":"https:\/\/phukienflytech.vn\/#\/schema\/logo\/image\/","url":"https:\/\/phukienflytech.vn\/wp-content\/uploads\/2020\/05\/hAnh_nan.jpg1_.jpg","contentUrl":"https:\/\/phukienflytech.vn\/wp-content\/uploads\/2020\/05\/hAnh_nan.jpg1_.jpg","width":800,"height":450,"caption":"DJI Store - Shop Drone, Action camera, Gimbal DJI |Phukienflytech"},"image":{"@id":"https:\/\/phukienflytech.vn\/#\/schema\/logo\/image\/"},"sameAs":["https:\/\/facebook.com\/phukienflycam","https:\/\/www.youtube.com\/@phukienflytech","https:\/\/www.tiktok.com\/@flytech.channel?fbclid=IwY2xjawGjg7BleHRuA2FlbQIxMAABHYVGmlXpuSMs0UB2zTpYvyT4GMVfN2qJa4urF4vkSQ6FAVBwXZtDP30qQA_aem_UwMiDcUvlEbd2tXAmsc8Og"]}]}},"_links":{"self":[{"href":"https:\/\/phukienflytech.vn\/en\/wp-json\/wp\/v2\/product\/2256","targetHints":{"allow":["GET"]}}],"collection":[{"href":"https:\/\/phukienflytech.vn\/en\/wp-json\/wp\/v2\/product"}],"about":[{"href":"https:\/\/phukienflytech.vn\/en\/wp-json\/wp\/v2\/types\/product"}],"replies":[{"embeddable":true,"href":"https:\/\/phukienflytech.vn\/en\/wp-json\/wp\/v2\/comments?post=2256"}],"wp:featuredmedia":[{"embeddable":true,"href":"https:\/\/phukienflytech.vn\/en\/wp-json\/wp\/v2\/media\/16420"}],"wp:attachment":[{"href":"https:\/\/phukienflytech.vn\/en\/wp-json\/wp\/v2\/media?parent=2256"}],"wp:term":[{"taxonomy":"product_brand","embeddable":true,"href":"https:\/\/phukienflytech.vn\/en\/wp-json\/wp\/v2\/product_brand?post=2256"},{"taxonomy":"product_cat","embeddable":true,"href":"https:\/\/phukienflytech.vn\/en\/wp-json\/wp\/v2\/product_cat?post=2256"},{"taxonomy":"product_tag","embeddable":true,"href":"https:\/\/phukienflytech.vn\/en\/wp-json\/wp\/v2\/product_tag?post=2256"}],"curies":[{"name":"wp","href":"https:\/\/api.w.org\/{rel}","templated":true}]}}