{"id":23019,"date":"2021-05-11T18:01:20","date_gmt":"2021-05-11T11:01:20","guid":{"rendered":"https:\/\/phukienflytech.vn\/san-pham\/canh-mavic-mini2-chinh-hang-dji.html"},"modified":"2022-10-01T15:43:39","modified_gmt":"2022-10-01T08:43:39","slug":"canh-mavic-mini2-chinh-hang-dji","status":"publish","type":"product","link":"https:\/\/phukienflytech.vn\/en\/san-pham\/canh-mavic-mini2-chinh-hang-dji.html","title":{"rendered":"C\u00e1nh Mavic Mini 2 \u2013 Ch\u00ednh H\u00e3ng DJI"},"content":{"rendered":"<h2><span style=\"font-size: 20px; color: #0000ff;\"><strong>C\u00e1nh Mavic Mini 2 \u2013 DJI Mavic Mini 2 Propeller\u00a0<\/strong><\/span><\/h2>\n<p><em><span style=\"font-size: 17px;\"><strong>C\u00e1nh Mavic Mini 2 h\u00e3ng DJI<\/strong><\/span><\/em><\/p>\n<p>.<\/p>\n<p><img loading=\"lazy\" decoding=\"async\" class=\"aligncenter wp-image-31354 size-full\" src=\"https:\/\/phukienflytech.vn\/wp-content\/uploads\/2021\/05\/5_11_2021-5_59_11-PM-1.png\" alt=\"C\u00e1nh d\u1ef1 ph\u00f2ng ch\u00ednh h\u00e3ng DJI - Mavic Mini 2\u00a0- C\u00e1nh Mavic Mini 2 h\u00e3ng DJI\" width=\"850\" height=\"850\" srcset=\"https:\/\/phukienflytech.vn\/wp-content\/uploads\/2021\/05\/5_11_2021-5_59_11-PM-1.png 850w, https:\/\/phukienflytech.vn\/wp-content\/uploads\/2021\/05\/5_11_2021-5_59_11-PM-1-400x400.png 400w, https:\/\/phukienflytech.vn\/wp-content\/uploads\/2021\/05\/5_11_2021-5_59_11-PM-1-800x800.png 800w, https:\/\/phukienflytech.vn\/wp-content\/uploads\/2021\/05\/5_11_2021-5_59_11-PM-1-280x280.png 280w, https:\/\/phukienflytech.vn\/wp-content\/uploads\/2021\/05\/5_11_2021-5_59_11-PM-1-768x768.png 768w, https:\/\/phukienflytech.vn\/wp-content\/uploads\/2021\/05\/5_11_2021-5_59_11-PM-1-300x300.png 300w, https:\/\/phukienflytech.vn\/wp-content\/uploads\/2021\/05\/5_11_2021-5_59_11-PM-1-600x600.png 600w, https:\/\/phukienflytech.vn\/wp-content\/uploads\/2021\/05\/5_11_2021-5_59_11-PM-1-100x100.png 100w\" sizes=\"auto, (max-width: 850px) 100vw, 850px\" \/><\/p>\n<p style=\"text-align: center;\"><strong><span style=\"font-size: 14px;\">C\u00e1nh d\u1ef1 ph\u00f2ng DJI &#8211; Mavic Mini 2\u00a0<\/span><\/strong><\/p>\n<p>.<\/p>\n<p style=\"text-align: center;\"><iframe loading=\"lazy\" src=\"\/\/www.youtube.com\/embed\/LZxV38hPLDo\" width=\"850\" height=\"477\" allowfullscreen=\"allowfullscreen\"><\/iframe><\/p>\n<p style=\"text-align: center;\"><strong><span style=\"font-size: 14px;\">Ngu\u1ed3n: NewBeanMeister22 &#8211; <\/span><span style=\"font-size: 14px;\">C\u00e1ch thay th\u1ebf c\u00e1nh qu\u1ea1t m\u00e1y bay kh\u00f4ng ng\u01b0\u1eddi l\u00e1i DJI Mini 2<\/span><\/strong><\/p>\n<p>.<\/p>\n<h2><span style=\"font-size: 20px; color: #0000ff;\"><strong>\u270d Gi\u1edbi thi\u1ec7u s\u1ea3n ph\u1ea9m: C\u00e1nh Mavic Mini 2 h\u00e3ng DJI<\/strong><\/span><\/h2>\n<p><span style=\"font-size: 17px;\">H\u00e3ng DJI \u0111\u00e3 tr\u00ecnh l\u00e0ng phi\u00ean b\u1ea3n m\u1edbi c\u1ee7a Mavic Mini 2 v\u00e0 ngay sau \u0111\u00f3 m\u1ed9t n\u1eabu c\u00e1nh g\u1eadp c\u1ee7a DJI Mavic Mini 2 \u0111\u01b0\u1ee3c cho l\u00e0 phi\u00ean b\u1ea3n n\u00e2ng c\u1ea5p r\u1ea5t \u0111\u00e1ng k\u1ec3 v\u1edbi ki\u1ec3u d\u00e1ng thi\u1ebft k\u1ebf v\u00f4 c\u00f9ng s\u1eafc b\u00e9n v\u00e0 c\u00f3 \u0111\u00f4i ch\u00fat l\u1ea1 m\u1eaft.<\/span><\/p>\n<p>.<\/p>\n<p><img loading=\"lazy\" decoding=\"async\" class=\"aligncenter wp-image-31352 size-full\" src=\"https:\/\/phukienflytech.vn\/wp-content\/uploads\/2021\/05\/0fdff7fab9f96f0db0d70fbf71dab93c.jpg\" alt=\"Ch\u1ea5t li\u1ec7u nh\u1ef1a d\u1ebbo dai - B\u1ec1n b\u1ec9 d\u1ec5 th\u00e1o l\u1eafp- C\u00e1nh Mavic Mini 2 h\u00e3ng DJI\" width=\"850\" height=\"425\" srcset=\"https:\/\/phukienflytech.vn\/wp-content\/uploads\/2021\/05\/0fdff7fab9f96f0db0d70fbf71dab93c.jpg 850w, https:\/\/phukienflytech.vn\/wp-content\/uploads\/2021\/05\/0fdff7fab9f96f0db0d70fbf71dab93c-800x400.jpg 800w, https:\/\/phukienflytech.vn\/wp-content\/uploads\/2021\/05\/0fdff7fab9f96f0db0d70fbf71dab93c-768x384.jpg 768w, https:\/\/phukienflytech.vn\/wp-content\/uploads\/2021\/05\/0fdff7fab9f96f0db0d70fbf71dab93c-600x300.jpg 600w\" sizes=\"auto, (max-width: 850px) 100vw, 850px\" \/><\/p>\n<p style=\"text-align: center;\"><span style=\"font-size: 14px;\"><strong>Ch\u1ea5t li\u1ec7u nh\u1ef1a d\u1ebbo dai &#8211; B\u1ec1n b\u1ec9 d\u1ec5 th\u00e1o l\u1eafp<\/strong><\/span><\/p>\n<p>.<\/p>\n<p><span style=\"font-size: 17px;\"><strong>C\u00e1nh flycam<\/strong>\u00a0l\u00e0 1 ph\u1ee5 ki\u1ec7n quan tr\u1ecdng v\u00e0 n\u00f3 \u1ea3nh h\u01b0\u1edfng tr\u1ef1c ti\u1ebfp t\u1edbi vi\u1ec7c v\u1eadn h\u00e0nh chi\u1ebfc flycam c\u1ee7a b\u1ea1n. V\u00ec th\u1ebf m\u1ed7i ng\u01b0\u1eddi ch\u01a1i flycam n\u00ean c\u00f3 t\u1eeb 2-3\u00a0<strong>b\u1ed9 c\u00e1nh flycam Mavic Mini<\/strong>\u00a02 d\u1ef1 ph\u00f2ng \u0111\u1ec3 \u00a0thay th\u1ebf cho nh\u1eefng b\u1ed9 c\u00e1nh \u0111\u00e3 c\u0169 sau nhi\u1ec1u l\u1ea7n bay<\/span><\/p>\n<p>.<\/p>\n<p><img loading=\"lazy\" decoding=\"async\" class=\"aligncenter size-full wp-image-31356\" src=\"https:\/\/phukienflytech.vn\/wp-content\/uploads\/2021\/05\/aa7b3a264207dacddfdb031dcdc143df.jpg\" alt=\"\" width=\"850\" height=\"478\" srcset=\"https:\/\/phukienflytech.vn\/wp-content\/uploads\/2021\/05\/aa7b3a264207dacddfdb031dcdc143df.jpg 850w, https:\/\/phukienflytech.vn\/wp-content\/uploads\/2021\/05\/aa7b3a264207dacddfdb031dcdc143df-711x400.jpg 711w, https:\/\/phukienflytech.vn\/wp-content\/uploads\/2021\/05\/aa7b3a264207dacddfdb031dcdc143df-768x432.jpg 768w, https:\/\/phukienflytech.vn\/wp-content\/uploads\/2021\/05\/aa7b3a264207dacddfdb031dcdc143df-600x337.jpg 600w\" sizes=\"auto, (max-width: 850px) 100vw, 850px\" \/><\/p>\n<p>.<\/p>\n<p><span style=\"font-size: 20px; color: #0000ff;\"><strong>\u270d M\u00f4 t\u1ea3 s\u1ea3n ph\u1ea9m: DJI Mavic Mini 2 Propeller\u00a0<\/strong><\/span><\/p>\n<p><span style=\"font-size: 17px;\">\u2705 H\u00e3ng : DJI<\/span><\/p>\n<p><span style=\"font-size: 17px;\">\u2705 B\u1ed9 s\u1ea3n ph\u1ea9m g\u1ed3m: 8 c\u00e1nh<\/span><\/p>\n<p><span style=\"font-size: 17px;\">\u2705 K\u00edch c\u1ee1 chu\u1ea9n DJI theo m\u00e1y bay<\/span><\/p>\n<p><span style=\"font-size: 17px;\">\u2705 Th\u00edch h\u1ee3p cho Mavic Mini 1 \/ 2<\/span><\/p>\n<p><span style=\"font-size: 17px;\">\u2705 M\u00e0u s\u1eafc : \u0110en vi\u1ec1n cam<\/span><\/p>\n<p><span style=\"font-size: 17px;\">\u2705 Ch\u1ea5t li\u1ec7u: \u00a0Nh\u1ef1a si\u00eau d\u1ebbo, \u0111\u1ed9 \u0111\u00e0n h\u1ed3i cao<\/span><\/p>\n<p>.<\/p>\n<p><img loading=\"lazy\" decoding=\"async\" class=\"aligncenter size-full wp-image-31358\" src=\"https:\/\/phukienflytech.vn\/wp-content\/uploads\/2021\/05\/b37200290f7835a59cc5c50a31343c09.jpg\" alt=\"\" width=\"850\" height=\"558\" srcset=\"https:\/\/phukienflytech.vn\/wp-content\/uploads\/2021\/05\/b37200290f7835a59cc5c50a31343c09.jpg 850w, https:\/\/phukienflytech.vn\/wp-content\/uploads\/2021\/05\/b37200290f7835a59cc5c50a31343c09-609x400.jpg 609w, https:\/\/phukienflytech.vn\/wp-content\/uploads\/2021\/05\/b37200290f7835a59cc5c50a31343c09-768x504.jpg 768w, https:\/\/phukienflytech.vn\/wp-content\/uploads\/2021\/05\/b37200290f7835a59cc5c50a31343c09-600x394.jpg 600w\" sizes=\"auto, (max-width: 850px) 100vw, 850px\" \/><\/p>\n<p>.<\/p>\n<p><strong><span style=\"font-size: 17px;\">&gt;&gt; Xem th\u00eam t\u1ea1i \u0111\u00e2y:<a href=\"https:\/\/phukienflytech.vn\/danh-muc\/phu-kien-mavic-mini.html\"><span style=\"color: #0000ff;\"> Ph\u1ee5 ki\u1ec7n Mavic Mini \/ Mavic Mini 2<\/span><\/a><\/span><\/strong><\/p>\n<p><span style=\"font-size: 20px; color: #0000ff;\"><strong>\u270d C\u00f4ng d\u1ee5ng s\u1ea3n ph\u1ea9m:<\/strong><\/span><\/p>\n<p><span style=\"font-size: 17px;\">\u2705 Gi\u00fap thay th\u1ebf c\u00e1nh khi b\u1ecb r\u00e1ch, g\u00e3y&#8230;<\/span><\/p>\n<p><span style=\"font-size: 17px;\">\u2705 V\u1edbi 8 c\u00e1nh trong 1 b\u1ed9 s\u1ea3n ph\u1ea9m gi\u00fap ng\u01b0\u1eddi d\u00f9ng d\u1ec5 d\u00e0ng thay c\u00e1nh nhi\u1ec1u l\u1ea7n<\/span><\/p>\n<p><span style=\"font-size: 17px;\">\u2705 C\u00e1nh c\u00f3 ph\u1ea7n d\u1ebbo dai h\u01a1n, kh\u00e1ng gi\u00f3 \u0111\u1ea7m h\u01a1n<\/span><\/p>\n<p>.<\/p>\n<p><img loading=\"lazy\" decoding=\"async\" class=\"aligncenter size-full wp-image-31360\" src=\"https:\/\/phukienflytech.vn\/wp-content\/uploads\/2021\/05\/Mini-2-content-image-8.jpg\" alt=\"\" width=\"850\" height=\"566\" srcset=\"https:\/\/phukienflytech.vn\/wp-content\/uploads\/2021\/05\/Mini-2-content-image-8.jpg 850w, https:\/\/phukienflytech.vn\/wp-content\/uploads\/2021\/05\/Mini-2-content-image-8-601x400.jpg 601w, https:\/\/phukienflytech.vn\/wp-content\/uploads\/2021\/05\/Mini-2-content-image-8-768x511.jpg 768w, https:\/\/phukienflytech.vn\/wp-content\/uploads\/2021\/05\/Mini-2-content-image-8-600x400.jpg 600w\" sizes=\"auto, (max-width: 850px) 100vw, 850px\" \/><\/p>\n<p>.<\/p>\n<p><span style=\"font-size: 20px; color: #0000ff;\"><strong>\u270d H\u01b0\u1edbng d\u1eabn b\u1ea3o qu\u1ea3n:<\/strong><\/span><\/p>\n<p><span style=\"font-size: 17px;\">\u2705 Tr\u00e1nh \u0111\u1ec3 \u1edf n\u01a1i c\u00e1o nhi\u1ec7t \u0111\u1ed9 cao tr\u00ean 60 \u0111\u1ed9 C<\/span><\/p>\n<p><span style=\"font-size: 17px;\">\u2705 Tr\u00e1nh \u0111\u1ec3 c\u00e1c v\u00e2t n\u1eb7ng \u0111\u1ec1 l\u00ean s\u1ea3n ph\u1ea9m<\/span><\/p>\n<p><span style=\"font-size: 17px;\">\u2705 N\u00ean s\u1eed d\u1ee5ng th\u00eam s\u1ea3n ph\u1ea9m n\u1eb9p c\u00e1nh <\/span><\/p>\n<p><span style=\"font-size: 17px;\">H\u00e3y \u0111\u1ec3\u00a0<span style=\"color: #0000ff;\"><a style=\"color: #0000ff;\" href=\"https:\/\/facebook.com\/phukienflycam\/\" target=\"_blank\" rel=\"noopener\">Ph\u1ee5 Ki\u1ec7n Fly-cam Gi\u00e1 T\u1ed1t<\/a>\u00a0<\/span>ti\u1ebfp s\u1ee9c \u0111am m\u00ea, c\u00f4ng vi\u1ec7c c\u1ee7a b\u1ea1n, gi\u00fap b\u1ea1n th\u00eam ni\u1ec1m h\u1ee9ng kh\u1edfi trong \u0111am m\u00ea c\u0169ng nh\u01b0 c\u00f4ng vi\u1ec7c c\u1ee7a m\u00ecnh th\u00eam su\u00f4n s\u1ebb v\u00e0 c\u00f3 nh\u1eefng chuy\u1ebfn bay an to\u00e0n.<\/span><\/p>\n<p><span style=\"font-size: 17px;\">&gt;&gt; Tham kh\u1ea3o:\u00a0<span style=\"color: #0000ff;\"><strong><a style=\"color: #0000ff;\" href=\"https:\/\/phukienflytech.vn\/timkiem.html?s=pin+phantom+4&amp;category=post\" target=\"_blank\" rel=\"noopener noreferrer\">C\u00e1ch s\u1eed d\u1ee5ng pin \u0111\u00fang c\u00e1ch trong 2 n\u0103m<\/a><\/strong><\/span><\/span><\/p>\n<p><span style=\"font-size: 17px;\">&gt;&gt; Li\u00ean h\u1ec7 v\u1edbi ch\u00fang t\u00f4i qua:<span style=\"color: #0000ff;\">\u00a0<strong><a style=\"color: #0000ff;\" href=\"https:\/\/facebook.com\/phukienflycam\" target=\"_blank\" rel=\"noopener noreferrer\">Fanpage<\/a><\/strong><\/span><\/span><\/p>\n","protected":false},"excerpt":{"rendered":"<p>C\u00e1nh Mavic Mini 2 \u2013 DJI Mavic Mini 2 Propeller\u00a0 C\u00e1nh Mavic Mini 2 h\u00e3ng DJI . C\u00e1nh d\u1ef1 ph\u00f2ng DJI &#8211; Mavic Mini 2\u00a0 . Ngu\u1ed3n: NewBeanMeister22 &#8211; C\u00e1ch thay th\u1ebf c\u00e1nh qu\u1ea1t m\u00e1y bay kh\u00f4ng ng\u01b0\u1eddi l\u00e1i DJI Mini 2 . \u270d Gi\u1edbi thi\u1ec7u s\u1ea3n ph\u1ea9m: C\u00e1nh Mavic Mini 2 h\u00e3ng DJI H\u00e3ng &#8230;<\/p>\n","protected":false},"featured_media":22998,"comment_status":"open","ping_status":"closed","template":"","meta":{"_acf_changed":false},"product_brand":[],"product_cat":[791],"product_tag":[],"class_list":{"0":"post-23019","1":"product","2":"type-product","3":"status-publish","4":"has-post-thumbnail","6":"product_cat-chua-phan-loai","8":"first","9":"instock","10":"shipping-taxable","11":"purchasable","12":"product-type-simple"},"acf":[],"yoast_head":"<!-- This site is optimized with the Yoast SEO plugin v25.7 - https:\/\/yoast.com\/wordpress\/plugins\/seo\/ -->\n<title>C\u00e1nh Mavic Mini 2 h\u00e3ng DJI - Ch\u1ea5t l\u01b0\u1ee3ng cao - H\u00e0ng ch\u00ednh h\u00e3ng<\/title>\n<meta name=\"description\" content=\"C\u00e1nh Mavic Mini 2 h\u00e3ng DJI gi\u00e1 r\u1ebb t\u1ea1i H\u1ea3i Ph\u00f2ng-ship COD to\u00e0n qu\u1ed1c . Mua C\u00e1nh Mavic Mini 2 \u2013 Ch\u00ednh H\u00e3ng DJI t\u1ea1i phukienflytech.vn\" \/>\n<meta name=\"robots\" content=\"index, follow, max-snippet:-1, max-image-preview:large, max-video-preview:-1\" \/>\n<link rel=\"canonical\" href=\"https:\/\/phukienflytech.vn\/en\/san-pham\/canh-mavic-mini2-chinh-hang-dji.html\" \/>\n<meta property=\"og:locale\" content=\"en_US\" \/>\n<meta property=\"og:type\" content=\"article\" \/>\n<meta property=\"og:title\" content=\"C\u00e1nh Mavic Mini 2 h\u00e3ng DJI - Ch\u1ea5t l\u01b0\u1ee3ng cao - H\u00e0ng ch\u00ednh h\u00e3ng\" \/>\n<meta property=\"og:description\" content=\"C\u00e1nh Mavic Mini 2 h\u00e3ng DJI gi\u00e1 r\u1ebb t\u1ea1i H\u1ea3i Ph\u00f2ng-ship COD to\u00e0n qu\u1ed1c . Mua C\u00e1nh Mavic Mini 2 \u2013 Ch\u00ednh H\u00e3ng DJI t\u1ea1i phukienflytech.vn\" \/>\n<meta property=\"og:url\" content=\"https:\/\/phukienflytech.vn\/en\/san-pham\/canh-mavic-mini2-chinh-hang-dji.html\" \/>\n<meta property=\"og:site_name\" content=\"Shop M\u00e1y \u1ea3nh - Action Camera - Gimbal - Flycam - Ph\u1ee5 ki\u1ec7n\" \/>\n<meta property=\"article:publisher\" content=\"https:\/\/facebook.com\/phukienflycam\" \/>\n<meta property=\"article:modified_time\" content=\"2022-10-01T08:43:39+00:00\" \/>\n<meta property=\"og:image\" content=\"https:\/\/phukienflytech.vn\/wp-content\/uploads\/2021\/05\/5_11_2021-5_59_11-PM.png\" \/>\n\t<meta property=\"og:image:width\" content=\"1060\" \/>\n\t<meta property=\"og:image:height\" content=\"1060\" \/>\n\t<meta property=\"og:image:type\" content=\"image\/png\" \/>\n<meta name=\"twitter:card\" content=\"summary_large_image\" \/>\n<meta name=\"twitter:label1\" content=\"Est. reading time\" \/>\n\t<meta name=\"twitter:data1\" content=\"2 minutes\" \/>\n<script type=\"application\/ld+json\" class=\"yoast-schema-graph\">{\"@context\":\"https:\/\/schema.org\",\"@graph\":[{\"@type\":\"WebPage\",\"@id\":\"https:\/\/phukienflytech.vn\/en\/san-pham\/canh-mavic-mini2-chinh-hang-dji.html\",\"url\":\"https:\/\/phukienflytech.vn\/en\/san-pham\/canh-mavic-mini2-chinh-hang-dji.html\",\"name\":\"C\u00e1nh Mavic Mini 2 h\u00e3ng DJI - Ch\u1ea5t l\u01b0\u1ee3ng cao - H\u00e0ng ch\u00ednh h\u00e3ng\",\"isPartOf\":{\"@id\":\"https:\/\/phukienflytech.vn\/#website\"},\"primaryImageOfPage\":{\"@id\":\"https:\/\/phukienflytech.vn\/en\/san-pham\/canh-mavic-mini2-chinh-hang-dji.html#primaryimage\"},\"image\":{\"@id\":\"https:\/\/phukienflytech.vn\/en\/san-pham\/canh-mavic-mini2-chinh-hang-dji.html#primaryimage\"},\"thumbnailUrl\":\"https:\/\/phukienflytech.vn\/wp-content\/uploads\/2021\/05\/5_11_2021-5_59_11-PM.png\",\"datePublished\":\"2021-05-11T11:01:20+00:00\",\"dateModified\":\"2022-10-01T08:43:39+00:00\",\"description\":\"C\u00e1nh Mavic Mini 2 h\u00e3ng DJI gi\u00e1 r\u1ebb t\u1ea1i H\u1ea3i Ph\u00f2ng-ship COD to\u00e0n qu\u1ed1c . Mua C\u00e1nh Mavic Mini 2 \u2013 Ch\u00ednh H\u00e3ng DJI t\u1ea1i phukienflytech.vn\",\"breadcrumb\":{\"@id\":\"https:\/\/phukienflytech.vn\/en\/san-pham\/canh-mavic-mini2-chinh-hang-dji.html#breadcrumb\"},\"inLanguage\":\"en-US\",\"potentialAction\":[{\"@type\":\"ReadAction\",\"target\":[\"https:\/\/phukienflytech.vn\/en\/san-pham\/canh-mavic-mini2-chinh-hang-dji.html\"]}]},{\"@type\":\"ImageObject\",\"inLanguage\":\"en-US\",\"@id\":\"https:\/\/phukienflytech.vn\/en\/san-pham\/canh-mavic-mini2-chinh-hang-dji.html#primaryimage\",\"url\":\"https:\/\/phukienflytech.vn\/wp-content\/uploads\/2021\/05\/5_11_2021-5_59_11-PM.png\",\"contentUrl\":\"https:\/\/phukienflytech.vn\/wp-content\/uploads\/2021\/05\/5_11_2021-5_59_11-PM.png\",\"width\":1060,\"height\":1060},{\"@type\":\"BreadcrumbList\",\"@id\":\"https:\/\/phukienflytech.vn\/en\/san-pham\/canh-mavic-mini2-chinh-hang-dji.html#breadcrumb\",\"itemListElement\":[{\"@type\":\"ListItem\",\"position\":1,\"name\":\"Home\",\"item\":\"https:\/\/phukienflytech.vn\/en\"},{\"@type\":\"ListItem\",\"position\":2,\"name\":\"Ph\u1ee5 ki\u1ec7n Mavic Pro\",\"item\":\"https:\/\/phukienflytech.vn\/en\/phu-kien-mavic-pro.html\"},{\"@type\":\"ListItem\",\"position\":3,\"name\":\"Ph\u1ee5 ki\u1ec7n DJI - Osmo\",\"item\":\"https:\/\/phukienflytech.vn\/danh-muc\/phu-kien-dji-osmo.html\"},{\"@type\":\"ListItem\",\"position\":4,\"name\":\"Ph\u1ee5 ki\u1ec7n flycam Mavic Mini\",\"item\":\"https:\/\/phukienflytech.vn\/danh-muc\/phu-kien-mavic-mini.html\"},{\"@type\":\"ListItem\",\"position\":5,\"name\":\"C\u00e1nh Mavic Mini 2 \u2013 Ch\u00ednh H\u00e3ng DJI\"}]},{\"@type\":\"WebSite\",\"@id\":\"https:\/\/phukienflytech.vn\/#website\",\"url\":\"https:\/\/phukienflytech.vn\/\",\"name\":\"Shop M\u00e1y \u1ea3nh - Action Camera - Gimbal - Flycam - Ph\u1ee5 ki\u1ec7n\",\"description\":\"Shop M\u00e1y \u1ea3nh - Action Camera - Gimbal - Flycam - Ph\u1ee5 ki\u1ec7n\",\"publisher\":{\"@id\":\"https:\/\/phukienflytech.vn\/#organization\"},\"potentialAction\":[{\"@type\":\"SearchAction\",\"target\":{\"@type\":\"EntryPoint\",\"urlTemplate\":\"https:\/\/phukienflytech.vn\/?s={search_term_string}\"},\"query-input\":{\"@type\":\"PropertyValueSpecification\",\"valueRequired\":true,\"valueName\":\"search_term_string\"}}],\"inLanguage\":\"en-US\"},{\"@type\":\"Organization\",\"@id\":\"https:\/\/phukienflytech.vn\/#organization\",\"name\":\"DJI Store - Shop Drone, Action camera, Gimbal DJI |Phukienflytech\",\"alternateName\":\"DJI Store - Shop Drone, Action camera, Gimbal DJI |Phukienflytech\",\"url\":\"https:\/\/phukienflytech.vn\/\",\"logo\":{\"@type\":\"ImageObject\",\"inLanguage\":\"en-US\",\"@id\":\"https:\/\/phukienflytech.vn\/#\/schema\/logo\/image\/\",\"url\":\"https:\/\/phukienflytech.vn\/wp-content\/uploads\/2020\/05\/hAnh_nan.jpg1_.jpg\",\"contentUrl\":\"https:\/\/phukienflytech.vn\/wp-content\/uploads\/2020\/05\/hAnh_nan.jpg1_.jpg\",\"width\":800,\"height\":450,\"caption\":\"DJI Store - Shop Drone, Action camera, Gimbal DJI |Phukienflytech\"},\"image\":{\"@id\":\"https:\/\/phukienflytech.vn\/#\/schema\/logo\/image\/\"},\"sameAs\":[\"https:\/\/facebook.com\/phukienflycam\",\"https:\/\/www.youtube.com\/@phukienflytech\",\"https:\/\/www.tiktok.com\/@flytech.channel?fbclid=IwY2xjawGjg7BleHRuA2FlbQIxMAABHYVGmlXpuSMs0UB2zTpYvyT4GMVfN2qJa4urF4vkSQ6FAVBwXZtDP30qQA_aem_UwMiDcUvlEbd2tXAmsc8Og\"]}]}<\/script>\n<!-- \/ Yoast SEO plugin. -->","yoast_head_json":{"title":"C\u00e1nh Mavic Mini 2 h\u00e3ng DJI - Ch\u1ea5t l\u01b0\u1ee3ng cao - H\u00e0ng ch\u00ednh h\u00e3ng","description":"C\u00e1nh Mavic Mini 2 h\u00e3ng DJI gi\u00e1 r\u1ebb t\u1ea1i H\u1ea3i Ph\u00f2ng-ship COD to\u00e0n qu\u1ed1c . Mua C\u00e1nh Mavic Mini 2 \u2013 Ch\u00ednh H\u00e3ng DJI t\u1ea1i phukienflytech.vn","robots":{"index":"index","follow":"follow","max-snippet":"max-snippet:-1","max-image-preview":"max-image-preview:large","max-video-preview":"max-video-preview:-1"},"canonical":"https:\/\/phukienflytech.vn\/en\/san-pham\/canh-mavic-mini2-chinh-hang-dji.html","og_locale":"en_US","og_type":"article","og_title":"C\u00e1nh Mavic Mini 2 h\u00e3ng DJI - Ch\u1ea5t l\u01b0\u1ee3ng cao - H\u00e0ng ch\u00ednh h\u00e3ng","og_description":"C\u00e1nh Mavic Mini 2 h\u00e3ng DJI gi\u00e1 r\u1ebb t\u1ea1i H\u1ea3i Ph\u00f2ng-ship COD to\u00e0n qu\u1ed1c . Mua C\u00e1nh Mavic Mini 2 \u2013 Ch\u00ednh H\u00e3ng DJI t\u1ea1i phukienflytech.vn","og_url":"https:\/\/phukienflytech.vn\/en\/san-pham\/canh-mavic-mini2-chinh-hang-dji.html","og_site_name":"Shop M\u00e1y \u1ea3nh - Action Camera - Gimbal - Flycam - Ph\u1ee5 ki\u1ec7n","article_publisher":"https:\/\/facebook.com\/phukienflycam","article_modified_time":"2022-10-01T08:43:39+00:00","og_image":[{"width":1060,"height":1060,"url":"https:\/\/phukienflytech.vn\/wp-content\/uploads\/2021\/05\/5_11_2021-5_59_11-PM.png","type":"image\/png"}],"twitter_card":"summary_large_image","twitter_misc":{"Est. reading time":"2 minutes"},"schema":{"@context":"https:\/\/schema.org","@graph":[{"@type":"WebPage","@id":"https:\/\/phukienflytech.vn\/en\/san-pham\/canh-mavic-mini2-chinh-hang-dji.html","url":"https:\/\/phukienflytech.vn\/en\/san-pham\/canh-mavic-mini2-chinh-hang-dji.html","name":"C\u00e1nh Mavic Mini 2 h\u00e3ng DJI - Ch\u1ea5t l\u01b0\u1ee3ng cao - H\u00e0ng ch\u00ednh h\u00e3ng","isPartOf":{"@id":"https:\/\/phukienflytech.vn\/#website"},"primaryImageOfPage":{"@id":"https:\/\/phukienflytech.vn\/en\/san-pham\/canh-mavic-mini2-chinh-hang-dji.html#primaryimage"},"image":{"@id":"https:\/\/phukienflytech.vn\/en\/san-pham\/canh-mavic-mini2-chinh-hang-dji.html#primaryimage"},"thumbnailUrl":"https:\/\/phukienflytech.vn\/wp-content\/uploads\/2021\/05\/5_11_2021-5_59_11-PM.png","datePublished":"2021-05-11T11:01:20+00:00","dateModified":"2022-10-01T08:43:39+00:00","description":"C\u00e1nh Mavic Mini 2 h\u00e3ng DJI gi\u00e1 r\u1ebb t\u1ea1i H\u1ea3i Ph\u00f2ng-ship COD to\u00e0n qu\u1ed1c . Mua C\u00e1nh Mavic Mini 2 \u2013 Ch\u00ednh H\u00e3ng DJI t\u1ea1i phukienflytech.vn","breadcrumb":{"@id":"https:\/\/phukienflytech.vn\/en\/san-pham\/canh-mavic-mini2-chinh-hang-dji.html#breadcrumb"},"inLanguage":"en-US","potentialAction":[{"@type":"ReadAction","target":["https:\/\/phukienflytech.vn\/en\/san-pham\/canh-mavic-mini2-chinh-hang-dji.html"]}]},{"@type":"ImageObject","inLanguage":"en-US","@id":"https:\/\/phukienflytech.vn\/en\/san-pham\/canh-mavic-mini2-chinh-hang-dji.html#primaryimage","url":"https:\/\/phukienflytech.vn\/wp-content\/uploads\/2021\/05\/5_11_2021-5_59_11-PM.png","contentUrl":"https:\/\/phukienflytech.vn\/wp-content\/uploads\/2021\/05\/5_11_2021-5_59_11-PM.png","width":1060,"height":1060},{"@type":"BreadcrumbList","@id":"https:\/\/phukienflytech.vn\/en\/san-pham\/canh-mavic-mini2-chinh-hang-dji.html#breadcrumb","itemListElement":[{"@type":"ListItem","position":1,"name":"Home","item":"https:\/\/phukienflytech.vn\/en"},{"@type":"ListItem","position":2,"name":"Ph\u1ee5 ki\u1ec7n Mavic Pro","item":"https:\/\/phukienflytech.vn\/en\/phu-kien-mavic-pro.html"},{"@type":"ListItem","position":3,"name":"Ph\u1ee5 ki\u1ec7n DJI - Osmo","item":"https:\/\/phukienflytech.vn\/danh-muc\/phu-kien-dji-osmo.html"},{"@type":"ListItem","position":4,"name":"Ph\u1ee5 ki\u1ec7n flycam Mavic Mini","item":"https:\/\/phukienflytech.vn\/danh-muc\/phu-kien-mavic-mini.html"},{"@type":"ListItem","position":5,"name":"C\u00e1nh Mavic Mini 2 \u2013 Ch\u00ednh H\u00e3ng DJI"}]},{"@type":"WebSite","@id":"https:\/\/phukienflytech.vn\/#website","url":"https:\/\/phukienflytech.vn\/","name":"Shop M\u00e1y \u1ea3nh - Action Camera - Gimbal - Flycam - Ph\u1ee5 ki\u1ec7n","description":"Shop M\u00e1y \u1ea3nh - Action Camera - Gimbal - Flycam - Ph\u1ee5 ki\u1ec7n","publisher":{"@id":"https:\/\/phukienflytech.vn\/#organization"},"potentialAction":[{"@type":"SearchAction","target":{"@type":"EntryPoint","urlTemplate":"https:\/\/phukienflytech.vn\/?s={search_term_string}"},"query-input":{"@type":"PropertyValueSpecification","valueRequired":true,"valueName":"search_term_string"}}],"inLanguage":"en-US"},{"@type":"Organization","@id":"https:\/\/phukienflytech.vn\/#organization","name":"DJI Store - Shop Drone, Action camera, Gimbal DJI |Phukienflytech","alternateName":"DJI Store - Shop Drone, Action camera, Gimbal DJI |Phukienflytech","url":"https:\/\/phukienflytech.vn\/","logo":{"@type":"ImageObject","inLanguage":"en-US","@id":"https:\/\/phukienflytech.vn\/#\/schema\/logo\/image\/","url":"https:\/\/phukienflytech.vn\/wp-content\/uploads\/2020\/05\/hAnh_nan.jpg1_.jpg","contentUrl":"https:\/\/phukienflytech.vn\/wp-content\/uploads\/2020\/05\/hAnh_nan.jpg1_.jpg","width":800,"height":450,"caption":"DJI Store - Shop Drone, Action camera, Gimbal DJI |Phukienflytech"},"image":{"@id":"https:\/\/phukienflytech.vn\/#\/schema\/logo\/image\/"},"sameAs":["https:\/\/facebook.com\/phukienflycam","https:\/\/www.youtube.com\/@phukienflytech","https:\/\/www.tiktok.com\/@flytech.channel?fbclid=IwY2xjawGjg7BleHRuA2FlbQIxMAABHYVGmlXpuSMs0UB2zTpYvyT4GMVfN2qJa4urF4vkSQ6FAVBwXZtDP30qQA_aem_UwMiDcUvlEbd2tXAmsc8Og"]}]}},"_links":{"self":[{"href":"https:\/\/phukienflytech.vn\/en\/wp-json\/wp\/v2\/product\/23019","targetHints":{"allow":["GET"]}}],"collection":[{"href":"https:\/\/phukienflytech.vn\/en\/wp-json\/wp\/v2\/product"}],"about":[{"href":"https:\/\/phukienflytech.vn\/en\/wp-json\/wp\/v2\/types\/product"}],"replies":[{"embeddable":true,"href":"https:\/\/phukienflytech.vn\/en\/wp-json\/wp\/v2\/comments?post=23019"}],"wp:featuredmedia":[{"embeddable":true,"href":"https:\/\/phukienflytech.vn\/en\/wp-json\/wp\/v2\/media\/22998"}],"wp:attachment":[{"href":"https:\/\/phukienflytech.vn\/en\/wp-json\/wp\/v2\/media?parent=23019"}],"wp:term":[{"taxonomy":"product_brand","embeddable":true,"href":"https:\/\/phukienflytech.vn\/en\/wp-json\/wp\/v2\/product_brand?post=23019"},{"taxonomy":"product_cat","embeddable":true,"href":"https:\/\/phukienflytech.vn\/en\/wp-json\/wp\/v2\/product_cat?post=23019"},{"taxonomy":"product_tag","embeddable":true,"href":"https:\/\/phukienflytech.vn\/en\/wp-json\/wp\/v2\/product_tag?post=23019"}],"curies":[{"name":"wp","href":"https:\/\/api.w.org\/{rel}","templated":true}]}}