{"id":23029,"date":"2021-05-06T22:26:34","date_gmt":"2021-05-06T15:26:34","guid":{"rendered":"https:\/\/phukienflytech.vn\/san-pham\/vali-chuyen-dung-dji-fpv-drone-chinh-hang-dji.html"},"modified":"2022-08-31T09:50:52","modified_gmt":"2022-08-31T02:50:52","slug":"vali-chuyen-dung-dji-fpv-drone-chinh-hang-dji","status":"publish","type":"product","link":"https:\/\/phukienflytech.vn\/en\/san-pham\/vali-chuyen-dung-dji-fpv-drone-chinh-hang-dji.html","title":{"rendered":"Vali chuy\u00ean d\u1ee5ng DJI FPV Drone  \u2013 Ch\u00ednh h\u00e3ng DJI &#8211; \u0110\u1ef1ng full combo &#8211; Ch\u1ed1ng s\u1ed1c"},"content":{"rendered":"<h2><span style=\"font-size: 20px; color: #0000ff;\"><strong>Vali chuy\u00ean d\u1ee5ng DJI FPV Drone \u2013 Ch\u00ednh h\u00e3ng DJI &#8211; \u0110\u1ef1ng full combo &#8211; Ch\u1ed1ng s\u1ed1c<\/strong><\/span><\/h2>\n<p><span style=\"font-size: 17px;\">Vali DJI FPV Drone ch\u1ed1ng s\u1ed1c<\/span><\/p>\n<p><span style=\"font-size: 17px;\">.<\/span><\/p>\n<p><span style=\"font-size: 17px;\"><img loading=\"lazy\" decoding=\"async\" class=\"aligncenter size-full wp-image-35341\" src=\"https:\/\/phukienflytech.vn\/wp-content\/uploads\/2021\/05\/24e7023956052ac008a717f26e7d85ba.jpg\" alt=\"\" width=\"850\" height=\"634\" srcset=\"https:\/\/phukienflytech.vn\/wp-content\/uploads\/2021\/05\/24e7023956052ac008a717f26e7d85ba.jpg 850w, https:\/\/phukienflytech.vn\/wp-content\/uploads\/2021\/05\/24e7023956052ac008a717f26e7d85ba-536x400.jpg 536w, https:\/\/phukienflytech.vn\/wp-content\/uploads\/2021\/05\/24e7023956052ac008a717f26e7d85ba-768x573.jpg 768w, https:\/\/phukienflytech.vn\/wp-content\/uploads\/2021\/05\/24e7023956052ac008a717f26e7d85ba-600x448.jpg 600w\" sizes=\"auto, (max-width: 850px) 100vw, 850px\" \/><\/span><\/p>\n<h3 style=\"text-align: center;\"><span style=\"font-size: 14px;\"><strong>Vali DJI FPV Drone ch\u1ed1ng s\u1ed1c &#8211; ch\u00ednh h\u00e3ng DJI\u00a0<\/strong><\/span><\/h3>\n<p><span style=\"font-size: 17px;\"> .<\/span><\/p>\n<h2><span style=\"color: #0000ff; font-size: 20px;\"><strong>Gi\u1edbi thi\u1ec7u s\u1ea3n ph\u1ea9m:<\/strong><\/span><\/h2>\n<p><span style=\"font-size: 17px;\">C\u00e1c s\u1ea3n ph\u1ea9m vali, t\u00fai \u0111eo ph\u1ee5c v\u1ee5 nhu c\u1ea7u c\u1ee7a ng\u01b0\u1eddi ch\u01a1i flycam r\u1ea5t quan t\u00e2m. B\u00ean c\u1ea1nh s\u1ef1 ph\u00e1t h\u00e0nh DJI FPV Drone l\u00e0 c\u00e1c ph\u1ee5 ki\u1ec7n ph\u00f9 h\u1ee3p nhu c\u1ea7u s\u1eed d\u1ee5ng c\u1ee7a m\u1ecdi ng\u01b0\u1eddi. Trong \u0111\u00f3 m\u1eabu Vali PGYTech DJI FPV l\u00e0 m\u1ed9t s\u1ea3n ph\u1ea9m v\u00f4 c\u00f9ng ch\u1ea5t l\u01b0\u1ee3ng. B\u1edfi \u0111\u1eb7c t\u00ednh chuy\u00ean d\u1ee5ng trong c\u00e1c m\u00f4i tr\u01b0\u1eddng th\u1eddi ti\u1ebft \u0111\u1eb7c bi\u1ec7t. X\u00e9t v\u1ec1 gi\u00e1 th\u00e0nh \u0111\u00e2y l\u00e0 s\u1ea3n ph\u1ea9m c\u00f3 m\u1ee9c gi\u00e1 cao nh\u1ea5t. Ch\u00fang ta c\u00f9ng t\u00ecm hi\u1ec3u trong m\u1eabu vali n\u00e0y nh\u00e9.<\/span><\/p>\n<p><span style=\"font-size: 17px;\">.<\/span><\/p>\n<p><span style=\"font-size: 17px;\"><img loading=\"lazy\" decoding=\"async\" class=\"aligncenter size-full wp-image-35343\" src=\"https:\/\/phukienflytech.vn\/wp-content\/uploads\/2021\/05\/365f665687394a8fa59ecc630237f01e.jpg\" alt=\"\" width=\"850\" height=\"642\" srcset=\"https:\/\/phukienflytech.vn\/wp-content\/uploads\/2021\/05\/365f665687394a8fa59ecc630237f01e.jpg 850w, https:\/\/phukienflytech.vn\/wp-content\/uploads\/2021\/05\/365f665687394a8fa59ecc630237f01e-530x400.jpg 530w, https:\/\/phukienflytech.vn\/wp-content\/uploads\/2021\/05\/365f665687394a8fa59ecc630237f01e-768x580.jpg 768w, https:\/\/phukienflytech.vn\/wp-content\/uploads\/2021\/05\/365f665687394a8fa59ecc630237f01e-600x453.jpg 600w\" sizes=\"auto, (max-width: 850px) 100vw, 850px\" \/><\/span><\/p>\n<h3 style=\"text-align: center;\"><span style=\"font-size: 14px;\"><strong>Thi\u1ebft k\u1ebf kh\u1ecfe kho\u1eafn, n\u0103ng \u0111\u1ed9ng m\u00e0 c\u00f2n b\u1ea3o v\u1ec7 an to\u00e0n cho chiecs Flycam c\u1ee7a b\u1ea1n\u00a0<\/strong><\/span><\/h3>\n<p><span style=\"font-size: 17px;\"> .<\/span><\/p>\n<h2><span style=\"color: #0000ff; font-size: 20px;\"><strong>M\u00f4 t\u1ea3 s\u1ea3n ph\u1ea9m:<\/strong><\/span><\/h2>\n<p><span style=\"font-size: 17px;\">\u2705 D\u00e0nh cho DJI FPV DRONE<\/span><br \/>\n<span style=\"font-size: 17px;\">\u2705 Ch\u00ednh h\u00e3ng: PGYtech<\/span><br \/>\n<span style=\"font-size: 17px;\">\u2705 Ch\u1ecbu \u0111\u01b0\u1ee3c nhi\u1ec7t \u0111\u1ed9 -25 \u0111\u1ebfn +60 \u0111\u1ed9<\/span><br \/>\n<span style=\"font-size: 17px;\">\u2705 Ch\u1ecbu \u0111\u01b0\u1ee3c s\u1ee9c n\u01b0\u1edbc \u1edf d\u01b0\u1edbi n\u01b0\u1edbc 1 m\u00e9t<\/span><br \/>\n<span style=\"font-size: 17px;\">\u2705 Ch\u1ea5t li\u1ec7u PP\u3001EVA<\/span><br \/>\n<span style=\"font-size: 17px;\">\u2705 K\u00edch th\u01b0\u1edbc : 410mm * 330mm * 165mm<\/span><br \/>\n<span style=\"font-size: 17px;\">\u2705 Tr\u1ecdng l\u01b0\u1ee3ng : 2,7kg<\/span><\/p>\n<p><span style=\"font-size: 17px;\">.<\/span><\/p>\n<p><span style=\"font-size: 17px;\"><img loading=\"lazy\" decoding=\"async\" class=\"aligncenter wp-image-35349 size-full\" src=\"https:\/\/phukienflytech.vn\/wp-content\/uploads\/2021\/05\/unnamed.jpg\" alt=\"vali-chuyen-dung-dji-fpv-drone-chinh-hang-dji\" width=\"850\" height=\"723\" srcset=\"https:\/\/phukienflytech.vn\/wp-content\/uploads\/2021\/05\/unnamed.jpg 850w, https:\/\/phukienflytech.vn\/wp-content\/uploads\/2021\/05\/unnamed-470x400.jpg 470w, https:\/\/phukienflytech.vn\/wp-content\/uploads\/2021\/05\/unnamed-768x653.jpg 768w, https:\/\/phukienflytech.vn\/wp-content\/uploads\/2021\/05\/unnamed-600x510.jpg 600w\" sizes=\"auto, (max-width: 850px) 100vw, 850px\" \/><\/span><\/p>\n<h3 style=\"text-align: center;\"><span style=\"font-size: 14px;\"><strong>Kh\u1ea3 n\u0103ng ch\u1ecbu nhi\u1ec7t, kh\u00e1ng n\u01b0\u1edbc t\u1ed1t l\u00e0 \u01b0u \u0111i\u1ec3m c\u1ee7a Vali DJI FPV Drone ch\u1ed1ng s\u1ed1c<\/strong><\/span><\/h3>\n<p><span style=\"font-size: 17px;\">.<\/span><\/p>\n<h2><span style=\"color: #0000ff; font-size: 20px;\"><strong>C\u00f4ng d\u1ee5ng s\u1ea3n ph\u1ea9m:<\/strong><\/span><\/h2>\n<p><span style=\"font-size: 17px;\">\u2705 \u0110\u1ef1ng full combo DJI FPV DRONE<\/span><br \/>\n<span style=\"font-size: 17px;\">\u2705 Ch\u00f4ng s\u1ed1c , ch\u1ed1ng n\u01b0\u1edbc<\/span><br \/>\n<span style=\"font-size: 17px;\">\u2705 Thi\u1ebft k\u1ebf \u0111\u1eb9p c\u0169ng l\u00e0m t\u0103ng t\u00ednh th\u1ea9m m\u1ef9 khi s\u1eed d\u1ee5ng\u00a0<\/span><br \/>\n<span style=\"font-size: 17px;\">\u2705 Ti\u1ec7n l\u1ee3i, d\u1ec5 dang mang \u0111i trong l\u00fac di chuy\u1ec3n<\/span><\/p>\n<p><span style=\"font-size: 17px;\">.<\/span><\/p>\n<p><span style=\"font-size: 17px;\"><img loading=\"lazy\" decoding=\"async\" class=\"aligncenter wp-image-35347 size-full\" src=\"https:\/\/phukienflytech.vn\/wp-content\/uploads\/2021\/05\/dji-fpv-valise-de-transport-pour-dji-fpv-combo-3.jpg\" alt=\"vali-chuyen-dung-dji-fpv-drone-chinh-hang-dji\" width=\"850\" height=\"786\" srcset=\"https:\/\/phukienflytech.vn\/wp-content\/uploads\/2021\/05\/dji-fpv-valise-de-transport-pour-dji-fpv-combo-3.jpg 850w, https:\/\/phukienflytech.vn\/wp-content\/uploads\/2021\/05\/dji-fpv-valise-de-transport-pour-dji-fpv-combo-3-433x400.jpg 433w, https:\/\/phukienflytech.vn\/wp-content\/uploads\/2021\/05\/dji-fpv-valise-de-transport-pour-dji-fpv-combo-3-768x710.jpg 768w, https:\/\/phukienflytech.vn\/wp-content\/uploads\/2021\/05\/dji-fpv-valise-de-transport-pour-dji-fpv-combo-3-600x555.jpg 600w\" sizes=\"auto, (max-width: 850px) 100vw, 850px\" \/><\/span><\/p>\n<h3 style=\"text-align: center;\"><span style=\"font-size: 14px;\"><strong>Ph\u1ea7n x\u1ed1p b\u00ean trong \u0111\u01b0\u1ee3c c\u1ea5u t\u1ea1o m\u1ec1m \u0111\u1ea3m b\u1ea3o \u00f4m s\u00e1t c\u00e1c ph\u1ee5 ki\u1ec7n, kh\u00f4ng gian ch\u1ee9a \u0111\u1ed3 \u0111\u01b0\u1ee3c t\u1ed1i \u01b0u h\u00f3a\u00a0<\/strong><\/span><\/h3>\n<p><span style=\"font-size: 17px;\">.<\/span><\/p>\n<h2><span style=\"color: #0000ff; font-size: 20px;\"><strong>H\u01b0\u1edbng d\u1eabn b\u1ea3o qu\u1ea3n:<\/strong><\/span><\/h2>\n<p><span style=\"font-size: 17px;\">\u2705 \u0110\u1ec3 n\u01a1i kh\u00f4 r\u00e1o, tho\u00e1ng m\u00e1t, h\u1ea1n ch\u1ebf \u0111\u1ec3 \u0111\u1ed3 n\u1eb7ng \u0111\u00e8 l\u00ean qu\u00e1 l\u00e2u<\/span><br \/>\n<span style=\"font-size: 17px;\">\u2705 H\u1ea1n ch\u1ebf ti\u1ebfp x\u00fac v\u1edbi n\u01b0\u1edbc &amp; nhi\u1ec7t \u0111\u1ed9 tr\u00ean 60 \u0111\u1ed9 C<\/span><\/p>\n<p><span style=\"font-size: 17px;\">.<\/span><\/p>\n<p><span style=\"font-size: 17px;\"><img loading=\"lazy\" decoding=\"async\" class=\"aligncenter wp-image-35345 size-full\" src=\"https:\/\/phukienflytech.vn\/wp-content\/uploads\/2021\/05\/Capture.jpg\" alt=\"vali-chuyen-dung-dji-fpv-drone-chinh-hang-dji\" width=\"850\" height=\"813\" srcset=\"https:\/\/phukienflytech.vn\/wp-content\/uploads\/2021\/05\/Capture.jpg 850w, https:\/\/phukienflytech.vn\/wp-content\/uploads\/2021\/05\/Capture-418x400.jpg 418w, https:\/\/phukienflytech.vn\/wp-content\/uploads\/2021\/05\/Capture-836x800.jpg 836w, https:\/\/phukienflytech.vn\/wp-content\/uploads\/2021\/05\/Capture-768x735.jpg 768w, https:\/\/phukienflytech.vn\/wp-content\/uploads\/2021\/05\/Capture-600x574.jpg 600w\" sizes=\"auto, (max-width: 850px) 100vw, 850px\" \/><\/span><\/p>\n<p><span style=\"font-size: 17px;\">.<\/span><\/p>\n<h2><span style=\"color: #0000ff; font-size: 20px;\"><strong>Mua ph\u1ee5 ki\u1ec7n flycam ch\u00ednh h\u00e3ng \u1edf \u0111\u00e2u?<\/strong><\/span><\/h2>\n<p><span style=\"font-size: 17px;\">Ph\u1ee5 ki\u1ec7n flycam gi\u00e1 t\u1ed1t\u00a0h\u00e2n h\u1ea1nh l\u00e0 \u0111\u01a1n v\u1ecb ph\u00e2n ph\u1ed1i ch\u00ednh h\u00e3ng c\u00e1c s\u1ea3n ph\u1ea9m ph\u1ee5 ki\u1ec7n flycam. T\u1edbi v\u1edbi ch\u00fang t\u00f4i, c\u00e1c b\u1ea1n s\u1ebd mua \u0111\u01b0\u1ee3c nh\u1eefng s\u1ea3n ph\u1ea9m ch\u00ednh h\u00e3ng v\u1edbi gi\u00e1 m\u1ed9t m\u1ee9c gi\u00e1 t\u1ed1t nh\u1ea5t tr\u00ean th\u1ecb tr\u01b0\u1eddng.<\/span><\/p>\n<p><span style=\"font-size: 17px;\">Kh\u00f4ng ch\u1ec9 nh\u1eefng s\u1ea3n ph\u1ea9m ph\u1ee5 ki\u1ec7n ch\u00ednh h\u00e3ng DJI FPV Drone. Ch\u00fang t\u00f4i c\u0169ng ph\u00e2n ph\u1ed1i c\u00e1c d\u00f2ng s\u1ea3n ph\u1ea9m ph\u1ee5 ki\u1ec7n c\u1ee7a DJI Mavic 2, DJI Phantom, DJI Spark,.. ch\u00ednh h\u00e3ng t\u1edbi t\u1eeb DJI, Pgytech v\u00e0 SunnyLife.<\/span><\/p>\n<p><span style=\"font-size: 17px;\">H\u00e3y \u0111\u1ebfn v\u1edbi ph\u1ee5 ki\u1ec7n flycam gi\u00e1 t\u1ed1t \u0111\u1ec3 c\u00f3 \u0111\u01b0\u1ee3c\u00a0m\u1ee9c gi\u00e1 t\u1ed1t v\u00e0 ch\u1ea5t l\u01b0\u1ee3ng \u0111\u1ea3m b\u1ea3o.<\/span><\/p>\n<p><span style=\"font-size: 17px;\">&gt;&gt; Xem th\u00eam:<span style=\"color: #0000ff;\">\u00a0<strong><a style=\"color: #0000ff;\" href=\"https:\/\/phukienflytech.vn\/danh-muc\/phu-kien-dji-fpv.html\">Ph\u1ee5 ki\u1ec7n FPV Drone<\/a><\/strong><\/span><\/span><\/p>\n<p><span style=\"font-size: 17px;\">&gt;&gt; Xem th\u00eam<strong>:\u00a0<\/strong><span style=\"color: #0000ff;\"><strong><a style=\"color: #0000ff;\" href=\"https:\/\/phukienflytech.vn\/danh-muc\/phu-kien-mavic-2.html\">Ph\u1ee5 ki\u1ec7n Mavic 2 series<\/a><\/strong><\/span><\/span><\/p>\n<p><span style=\"font-size: 17px;\">&gt;&gt; Xem th\u00eam:<strong>\u00a0<\/strong><span style=\"color: #0000ff;\"><strong><a style=\"color: #0000ff;\" href=\"https:\/\/phukienflytech.vn\/danh-muc\/phu-kien-mavic-air-2.html\">Ph\u1ee5 ki\u1ec7n Mavic Air 2<\/a><\/strong><\/span><\/span><\/p>\n<p><span style=\"font-size: 17px;\">&gt;&gt; Xem th\u00eam:<strong>\u00a0<\/strong><span style=\"color: #0000ff;\"><strong><a style=\"color: #0000ff;\" href=\"https:\/\/phukienflytech.vn\/danh-muc\/phu-kien-mavic-mini.html\">Ph\u1ee5 ki\u1ec7n Mavic Mini|Mini 2<\/a><\/strong><\/span><\/span><\/p>\n<p><span style=\"font-size: 17px;\">&gt;&gt; Li\u00ean h\u1ec7 v\u1edbi ch\u00fang t\u00f4i qua\u00a0Fanpage:<span style=\"color: #0000ff;\"><strong>\u00a0<\/strong><a style=\"color: #0000ff;\" href=\"https:\/\/www.facebook.com\/phukienflycam\"><strong>Ph\u1ee5 ki\u1ec7n flycam gi\u00e1 t\u1ed1t\u00a0<\/strong><\/a><\/span><\/span><\/p>\n<p>.<\/p>\n","protected":false},"excerpt":{"rendered":"<p>Vali chuy\u00ean d\u1ee5ng DJI FPV Drone \u2013 Ch\u00ednh h\u00e3ng DJI &#8211; \u0110\u1ef1ng full combo &#8211; Ch\u1ed1ng s\u1ed1c Vali DJI FPV Drone ch\u1ed1ng s\u1ed1c . Vali DJI FPV Drone ch\u1ed1ng s\u1ed1c &#8211; ch\u00ednh h\u00e3ng DJI\u00a0 . Gi\u1edbi thi\u1ec7u s\u1ea3n ph\u1ea9m: C\u00e1c s\u1ea3n ph\u1ea9m vali, t\u00fai \u0111eo ph\u1ee5c v\u1ee5 nhu c\u1ea7u c\u1ee7a ng\u01b0\u1eddi ch\u01a1i flycam r\u1ea5t quan &#8230;<\/p>\n","protected":false},"featured_media":23033,"comment_status":"open","ping_status":"closed","template":"","meta":{"_acf_changed":false},"product_brand":[],"product_cat":[791],"product_tag":[],"class_list":{"0":"post-23029","1":"product","2":"type-product","3":"status-publish","4":"has-post-thumbnail","6":"product_cat-chua-phan-loai","8":"first","9":"instock","10":"shipping-taxable","11":"purchasable","12":"product-type-simple"},"acf":[],"yoast_head":"<!-- This site is optimized with the Yoast SEO plugin v25.7 - https:\/\/yoast.com\/wordpress\/plugins\/seo\/ -->\n<title>Vali chuy\u00ean d\u1ee5ng DJI FPV Drone -Ch\u00ednh h\u00e3ng DJI - Ph\u1ee5 Ki\u1ec7n Flytech VN<\/title>\n<meta name=\"description\" content=\"Vali chuy\u00ean d\u1ee5ng DJI FPV Drone ch\u00ednh h\u00e3ng DJI. Shipcod to\u00e0n qu\u1ed1c. M\u1ee9c gi\u00e1 \u01b0u \u0111\u00e3i khi mua c\u00e1c s\u1ea3n ph\u1ea9m ph\u1ee5 ki\u1ec7n FPV Drone t\u1ea1i PKFT\" \/>\n<meta name=\"robots\" content=\"index, follow, max-snippet:-1, max-image-preview:large, max-video-preview:-1\" \/>\n<link rel=\"canonical\" href=\"https:\/\/phukienflytech.vn\/en\/san-pham\/vali-chuyen-dung-dji-fpv-drone-chinh-hang-dji.html\" \/>\n<meta property=\"og:locale\" content=\"en_US\" \/>\n<meta property=\"og:type\" content=\"article\" \/>\n<meta property=\"og:title\" content=\"Vali chuy\u00ean d\u1ee5ng DJI FPV Drone -Ch\u00ednh h\u00e3ng DJI - Ph\u1ee5 Ki\u1ec7n Flytech VN\" \/>\n<meta property=\"og:description\" content=\"Vali chuy\u00ean d\u1ee5ng DJI FPV Drone ch\u00ednh h\u00e3ng DJI. Shipcod to\u00e0n qu\u1ed1c. M\u1ee9c gi\u00e1 \u01b0u \u0111\u00e3i khi mua c\u00e1c s\u1ea3n ph\u1ea9m ph\u1ee5 ki\u1ec7n FPV Drone t\u1ea1i PKFT\" \/>\n<meta property=\"og:url\" content=\"https:\/\/phukienflytech.vn\/en\/san-pham\/vali-chuyen-dung-dji-fpv-drone-chinh-hang-dji.html\" \/>\n<meta property=\"og:site_name\" content=\"Shop M\u00e1y \u1ea3nh - Action Camera - Gimbal - Flycam - Ph\u1ee5 ki\u1ec7n\" \/>\n<meta property=\"article:publisher\" content=\"https:\/\/facebook.com\/phukienflycam\" \/>\n<meta property=\"article:modified_time\" content=\"2022-08-31T02:50:52+00:00\" \/>\n<meta property=\"og:image\" content=\"https:\/\/phukienflytech.vn\/wp-content\/uploads\/2021\/05\/5_14_2021-8_45_42-PM.png\" \/>\n\t<meta property=\"og:image:width\" content=\"1060\" \/>\n\t<meta property=\"og:image:height\" content=\"1060\" \/>\n\t<meta property=\"og:image:type\" content=\"image\/png\" \/>\n<meta name=\"twitter:card\" content=\"summary_large_image\" \/>\n<meta name=\"twitter:label1\" content=\"Est. reading time\" \/>\n\t<meta name=\"twitter:data1\" content=\"4 minutes\" \/>\n<script type=\"application\/ld+json\" class=\"yoast-schema-graph\">{\"@context\":\"https:\/\/schema.org\",\"@graph\":[{\"@type\":\"WebPage\",\"@id\":\"https:\/\/phukienflytech.vn\/en\/san-pham\/vali-chuyen-dung-dji-fpv-drone-chinh-hang-dji.html\",\"url\":\"https:\/\/phukienflytech.vn\/en\/san-pham\/vali-chuyen-dung-dji-fpv-drone-chinh-hang-dji.html\",\"name\":\"Vali chuy\u00ean d\u1ee5ng DJI FPV Drone -Ch\u00ednh h\u00e3ng DJI - Ph\u1ee5 Ki\u1ec7n Flytech VN\",\"isPartOf\":{\"@id\":\"https:\/\/phukienflytech.vn\/#website\"},\"primaryImageOfPage\":{\"@id\":\"https:\/\/phukienflytech.vn\/en\/san-pham\/vali-chuyen-dung-dji-fpv-drone-chinh-hang-dji.html#primaryimage\"},\"image\":{\"@id\":\"https:\/\/phukienflytech.vn\/en\/san-pham\/vali-chuyen-dung-dji-fpv-drone-chinh-hang-dji.html#primaryimage\"},\"thumbnailUrl\":\"https:\/\/phukienflytech.vn\/wp-content\/uploads\/2021\/05\/5_14_2021-8_45_42-PM.png\",\"datePublished\":\"2021-05-06T15:26:34+00:00\",\"dateModified\":\"2022-08-31T02:50:52+00:00\",\"description\":\"Vali chuy\u00ean d\u1ee5ng DJI FPV Drone ch\u00ednh h\u00e3ng DJI. Shipcod to\u00e0n qu\u1ed1c. M\u1ee9c gi\u00e1 \u01b0u \u0111\u00e3i khi mua c\u00e1c s\u1ea3n ph\u1ea9m ph\u1ee5 ki\u1ec7n FPV Drone t\u1ea1i PKFT\",\"breadcrumb\":{\"@id\":\"https:\/\/phukienflytech.vn\/en\/san-pham\/vali-chuyen-dung-dji-fpv-drone-chinh-hang-dji.html#breadcrumb\"},\"inLanguage\":\"en-US\",\"potentialAction\":[{\"@type\":\"ReadAction\",\"target\":[\"https:\/\/phukienflytech.vn\/en\/san-pham\/vali-chuyen-dung-dji-fpv-drone-chinh-hang-dji.html\"]}]},{\"@type\":\"ImageObject\",\"inLanguage\":\"en-US\",\"@id\":\"https:\/\/phukienflytech.vn\/en\/san-pham\/vali-chuyen-dung-dji-fpv-drone-chinh-hang-dji.html#primaryimage\",\"url\":\"https:\/\/phukienflytech.vn\/wp-content\/uploads\/2021\/05\/5_14_2021-8_45_42-PM.png\",\"contentUrl\":\"https:\/\/phukienflytech.vn\/wp-content\/uploads\/2021\/05\/5_14_2021-8_45_42-PM.png\",\"width\":1060,\"height\":1060},{\"@type\":\"BreadcrumbList\",\"@id\":\"https:\/\/phukienflytech.vn\/en\/san-pham\/vali-chuyen-dung-dji-fpv-drone-chinh-hang-dji.html#breadcrumb\",\"itemListElement\":[{\"@type\":\"ListItem\",\"position\":1,\"name\":\"Home\",\"item\":\"https:\/\/phukienflytech.vn\/en\"},{\"@type\":\"ListItem\",\"position\":2,\"name\":\"Ph\u1ee5 ki\u1ec7n Mavic Pro\",\"item\":\"https:\/\/phukienflytech.vn\/en\/phu-kien-mavic-pro.html\"},{\"@type\":\"ListItem\",\"position\":3,\"name\":\"Ph\u1ee5 ki\u1ec7n DJI - Osmo\",\"item\":\"https:\/\/phukienflytech.vn\/danh-muc\/phu-kien-dji-osmo.html\"},{\"@type\":\"ListItem\",\"position\":4,\"name\":\"Ph\u1ee5 ki\u1ec7n DJI FPV\",\"item\":\"https:\/\/phukienflytech.vn\/danh-muc\/phu-kien-dji-fpv.html\"},{\"@type\":\"ListItem\",\"position\":5,\"name\":\"Vali chuy\u00ean d\u1ee5ng DJI FPV Drone \u2013 Ch\u00ednh h\u00e3ng DJI &#8211; \u0110\u1ef1ng full combo &#8211; Ch\u1ed1ng s\u1ed1c\"}]},{\"@type\":\"WebSite\",\"@id\":\"https:\/\/phukienflytech.vn\/#website\",\"url\":\"https:\/\/phukienflytech.vn\/\",\"name\":\"Shop M\u00e1y \u1ea3nh - Action Camera - Gimbal - Flycam - Ph\u1ee5 ki\u1ec7n\",\"description\":\"Shop M\u00e1y \u1ea3nh - Action Camera - Gimbal - Flycam - Ph\u1ee5 ki\u1ec7n\",\"publisher\":{\"@id\":\"https:\/\/phukienflytech.vn\/#organization\"},\"potentialAction\":[{\"@type\":\"SearchAction\",\"target\":{\"@type\":\"EntryPoint\",\"urlTemplate\":\"https:\/\/phukienflytech.vn\/?s={search_term_string}\"},\"query-input\":{\"@type\":\"PropertyValueSpecification\",\"valueRequired\":true,\"valueName\":\"search_term_string\"}}],\"inLanguage\":\"en-US\"},{\"@type\":\"Organization\",\"@id\":\"https:\/\/phukienflytech.vn\/#organization\",\"name\":\"DJI Store - Shop Drone, Action camera, Gimbal DJI |Phukienflytech\",\"alternateName\":\"DJI Store - Shop Drone, Action camera, Gimbal DJI |Phukienflytech\",\"url\":\"https:\/\/phukienflytech.vn\/\",\"logo\":{\"@type\":\"ImageObject\",\"inLanguage\":\"en-US\",\"@id\":\"https:\/\/phukienflytech.vn\/#\/schema\/logo\/image\/\",\"url\":\"https:\/\/phukienflytech.vn\/wp-content\/uploads\/2020\/05\/hAnh_nan.jpg1_.jpg\",\"contentUrl\":\"https:\/\/phukienflytech.vn\/wp-content\/uploads\/2020\/05\/hAnh_nan.jpg1_.jpg\",\"width\":800,\"height\":450,\"caption\":\"DJI Store - Shop Drone, Action camera, Gimbal DJI |Phukienflytech\"},\"image\":{\"@id\":\"https:\/\/phukienflytech.vn\/#\/schema\/logo\/image\/\"},\"sameAs\":[\"https:\/\/facebook.com\/phukienflycam\",\"https:\/\/www.youtube.com\/@phukienflytech\",\"https:\/\/www.tiktok.com\/@flytech.channel?fbclid=IwY2xjawGjg7BleHRuA2FlbQIxMAABHYVGmlXpuSMs0UB2zTpYvyT4GMVfN2qJa4urF4vkSQ6FAVBwXZtDP30qQA_aem_UwMiDcUvlEbd2tXAmsc8Og\"]}]}<\/script>\n<!-- \/ Yoast SEO plugin. -->","yoast_head_json":{"title":"Vali chuy\u00ean d\u1ee5ng DJI FPV Drone -Ch\u00ednh h\u00e3ng DJI - Ph\u1ee5 Ki\u1ec7n Flytech VN","description":"Vali chuy\u00ean d\u1ee5ng DJI FPV Drone ch\u00ednh h\u00e3ng DJI. Shipcod to\u00e0n qu\u1ed1c. M\u1ee9c gi\u00e1 \u01b0u \u0111\u00e3i khi mua c\u00e1c s\u1ea3n ph\u1ea9m ph\u1ee5 ki\u1ec7n FPV Drone t\u1ea1i PKFT","robots":{"index":"index","follow":"follow","max-snippet":"max-snippet:-1","max-image-preview":"max-image-preview:large","max-video-preview":"max-video-preview:-1"},"canonical":"https:\/\/phukienflytech.vn\/en\/san-pham\/vali-chuyen-dung-dji-fpv-drone-chinh-hang-dji.html","og_locale":"en_US","og_type":"article","og_title":"Vali chuy\u00ean d\u1ee5ng DJI FPV Drone -Ch\u00ednh h\u00e3ng DJI - Ph\u1ee5 Ki\u1ec7n Flytech VN","og_description":"Vali chuy\u00ean d\u1ee5ng DJI FPV Drone ch\u00ednh h\u00e3ng DJI. Shipcod to\u00e0n qu\u1ed1c. M\u1ee9c gi\u00e1 \u01b0u \u0111\u00e3i khi mua c\u00e1c s\u1ea3n ph\u1ea9m ph\u1ee5 ki\u1ec7n FPV Drone t\u1ea1i PKFT","og_url":"https:\/\/phukienflytech.vn\/en\/san-pham\/vali-chuyen-dung-dji-fpv-drone-chinh-hang-dji.html","og_site_name":"Shop M\u00e1y \u1ea3nh - Action Camera - Gimbal - Flycam - Ph\u1ee5 ki\u1ec7n","article_publisher":"https:\/\/facebook.com\/phukienflycam","article_modified_time":"2022-08-31T02:50:52+00:00","og_image":[{"width":1060,"height":1060,"url":"https:\/\/phukienflytech.vn\/wp-content\/uploads\/2021\/05\/5_14_2021-8_45_42-PM.png","type":"image\/png"}],"twitter_card":"summary_large_image","twitter_misc":{"Est. reading time":"4 minutes"},"schema":{"@context":"https:\/\/schema.org","@graph":[{"@type":"WebPage","@id":"https:\/\/phukienflytech.vn\/en\/san-pham\/vali-chuyen-dung-dji-fpv-drone-chinh-hang-dji.html","url":"https:\/\/phukienflytech.vn\/en\/san-pham\/vali-chuyen-dung-dji-fpv-drone-chinh-hang-dji.html","name":"Vali chuy\u00ean d\u1ee5ng DJI FPV Drone -Ch\u00ednh h\u00e3ng DJI - Ph\u1ee5 Ki\u1ec7n Flytech VN","isPartOf":{"@id":"https:\/\/phukienflytech.vn\/#website"},"primaryImageOfPage":{"@id":"https:\/\/phukienflytech.vn\/en\/san-pham\/vali-chuyen-dung-dji-fpv-drone-chinh-hang-dji.html#primaryimage"},"image":{"@id":"https:\/\/phukienflytech.vn\/en\/san-pham\/vali-chuyen-dung-dji-fpv-drone-chinh-hang-dji.html#primaryimage"},"thumbnailUrl":"https:\/\/phukienflytech.vn\/wp-content\/uploads\/2021\/05\/5_14_2021-8_45_42-PM.png","datePublished":"2021-05-06T15:26:34+00:00","dateModified":"2022-08-31T02:50:52+00:00","description":"Vali chuy\u00ean d\u1ee5ng DJI FPV Drone ch\u00ednh h\u00e3ng DJI. Shipcod to\u00e0n qu\u1ed1c. M\u1ee9c gi\u00e1 \u01b0u \u0111\u00e3i khi mua c\u00e1c s\u1ea3n ph\u1ea9m ph\u1ee5 ki\u1ec7n FPV Drone t\u1ea1i PKFT","breadcrumb":{"@id":"https:\/\/phukienflytech.vn\/en\/san-pham\/vali-chuyen-dung-dji-fpv-drone-chinh-hang-dji.html#breadcrumb"},"inLanguage":"en-US","potentialAction":[{"@type":"ReadAction","target":["https:\/\/phukienflytech.vn\/en\/san-pham\/vali-chuyen-dung-dji-fpv-drone-chinh-hang-dji.html"]}]},{"@type":"ImageObject","inLanguage":"en-US","@id":"https:\/\/phukienflytech.vn\/en\/san-pham\/vali-chuyen-dung-dji-fpv-drone-chinh-hang-dji.html#primaryimage","url":"https:\/\/phukienflytech.vn\/wp-content\/uploads\/2021\/05\/5_14_2021-8_45_42-PM.png","contentUrl":"https:\/\/phukienflytech.vn\/wp-content\/uploads\/2021\/05\/5_14_2021-8_45_42-PM.png","width":1060,"height":1060},{"@type":"BreadcrumbList","@id":"https:\/\/phukienflytech.vn\/en\/san-pham\/vali-chuyen-dung-dji-fpv-drone-chinh-hang-dji.html#breadcrumb","itemListElement":[{"@type":"ListItem","position":1,"name":"Home","item":"https:\/\/phukienflytech.vn\/en"},{"@type":"ListItem","position":2,"name":"Ph\u1ee5 ki\u1ec7n Mavic Pro","item":"https:\/\/phukienflytech.vn\/en\/phu-kien-mavic-pro.html"},{"@type":"ListItem","position":3,"name":"Ph\u1ee5 ki\u1ec7n DJI - Osmo","item":"https:\/\/phukienflytech.vn\/danh-muc\/phu-kien-dji-osmo.html"},{"@type":"ListItem","position":4,"name":"Ph\u1ee5 ki\u1ec7n DJI FPV","item":"https:\/\/phukienflytech.vn\/danh-muc\/phu-kien-dji-fpv.html"},{"@type":"ListItem","position":5,"name":"Vali chuy\u00ean d\u1ee5ng DJI FPV Drone \u2013 Ch\u00ednh h\u00e3ng DJI &#8211; \u0110\u1ef1ng full combo &#8211; Ch\u1ed1ng s\u1ed1c"}]},{"@type":"WebSite","@id":"https:\/\/phukienflytech.vn\/#website","url":"https:\/\/phukienflytech.vn\/","name":"Shop M\u00e1y \u1ea3nh - Action Camera - Gimbal - Flycam - Ph\u1ee5 ki\u1ec7n","description":"Shop M\u00e1y \u1ea3nh - Action Camera - Gimbal - Flycam - Ph\u1ee5 ki\u1ec7n","publisher":{"@id":"https:\/\/phukienflytech.vn\/#organization"},"potentialAction":[{"@type":"SearchAction","target":{"@type":"EntryPoint","urlTemplate":"https:\/\/phukienflytech.vn\/?s={search_term_string}"},"query-input":{"@type":"PropertyValueSpecification","valueRequired":true,"valueName":"search_term_string"}}],"inLanguage":"en-US"},{"@type":"Organization","@id":"https:\/\/phukienflytech.vn\/#organization","name":"DJI Store - Shop Drone, Action camera, Gimbal DJI |Phukienflytech","alternateName":"DJI Store - Shop Drone, Action camera, Gimbal DJI |Phukienflytech","url":"https:\/\/phukienflytech.vn\/","logo":{"@type":"ImageObject","inLanguage":"en-US","@id":"https:\/\/phukienflytech.vn\/#\/schema\/logo\/image\/","url":"https:\/\/phukienflytech.vn\/wp-content\/uploads\/2020\/05\/hAnh_nan.jpg1_.jpg","contentUrl":"https:\/\/phukienflytech.vn\/wp-content\/uploads\/2020\/05\/hAnh_nan.jpg1_.jpg","width":800,"height":450,"caption":"DJI Store - Shop Drone, Action camera, Gimbal DJI |Phukienflytech"},"image":{"@id":"https:\/\/phukienflytech.vn\/#\/schema\/logo\/image\/"},"sameAs":["https:\/\/facebook.com\/phukienflycam","https:\/\/www.youtube.com\/@phukienflytech","https:\/\/www.tiktok.com\/@flytech.channel?fbclid=IwY2xjawGjg7BleHRuA2FlbQIxMAABHYVGmlXpuSMs0UB2zTpYvyT4GMVfN2qJa4urF4vkSQ6FAVBwXZtDP30qQA_aem_UwMiDcUvlEbd2tXAmsc8Og"]}]}},"_links":{"self":[{"href":"https:\/\/phukienflytech.vn\/en\/wp-json\/wp\/v2\/product\/23029","targetHints":{"allow":["GET"]}}],"collection":[{"href":"https:\/\/phukienflytech.vn\/en\/wp-json\/wp\/v2\/product"}],"about":[{"href":"https:\/\/phukienflytech.vn\/en\/wp-json\/wp\/v2\/types\/product"}],"replies":[{"embeddable":true,"href":"https:\/\/phukienflytech.vn\/en\/wp-json\/wp\/v2\/comments?post=23029"}],"wp:featuredmedia":[{"embeddable":true,"href":"https:\/\/phukienflytech.vn\/en\/wp-json\/wp\/v2\/media\/23033"}],"wp:attachment":[{"href":"https:\/\/phukienflytech.vn\/en\/wp-json\/wp\/v2\/media?parent=23029"}],"wp:term":[{"taxonomy":"product_brand","embeddable":true,"href":"https:\/\/phukienflytech.vn\/en\/wp-json\/wp\/v2\/product_brand?post=23029"},{"taxonomy":"product_cat","embeddable":true,"href":"https:\/\/phukienflytech.vn\/en\/wp-json\/wp\/v2\/product_cat?post=23029"},{"taxonomy":"product_tag","embeddable":true,"href":"https:\/\/phukienflytech.vn\/en\/wp-json\/wp\/v2\/product_tag?post=23029"}],"curies":[{"name":"wp","href":"https:\/\/api.w.org\/{rel}","templated":true}]}}