{"id":2344,"date":"2020-06-24T16:28:10","date_gmt":"2020-06-24T09:28:10","guid":{"rendered":"http:\/\/27430.lamdx.vinawebsite.vn\/san-pham\/hub-sac-4-pin-sunny-cho-inspire-1-phu-kien-sac-thuong.html"},"modified":"2020-10-09T16:46:03","modified_gmt":"2020-10-09T09:46:03","slug":"inspire-1-charging-hub","status":"publish","type":"product","link":"https:\/\/phukienflytech.vn\/en\/san-pham\/inspire-1-charging-hub.html","title":{"rendered":"Inspire 1 Charging Hub"},"content":{"rendered":"<h2 style=\"text-align: justify;\"><span style=\"font-size: 21px; color: #0000ff;\"><strong>S\u1ea1c pin inspire 1 \u2013 Inspire 1 charging hub<\/strong><\/span><\/h2>\n<p style=\"text-align: justify;\"><span style=\"font-size: 18px;\">Hub s\u1ea1c 4 pin Inspire<\/span><\/p>\n<p style=\"text-align: justify;\"><span style=\"font-size: 18px;\">Pin inspire 1 c\u00f3 2 lo\u1ea1i l\u00e0 pin T47 v\u00e0 T48 v\u1edbi 2 m\u1ee9c dung l\u01b0\u1ee3ng kh\u00e1c nhau. Nh\u01b0ng th\u00f4ng th\u01b0\u1eddng ch\u00fang ta \u0111\u1ec1u l\u1ef1a ch\u1ecdn Pin Inspire 1 T48\u00a0 v\u00e0 s\u1ed1 l\u01b0\u1ee3ng lu\u00f4n t\u1eeb 2 tr\u1edf l\u00ean. V\u1edbi d\u1ee5ng l\u01b0\u1ee3ng 5870 Mah th\u00ec th\u1eddi gian s\u1ea1c c\u1ee7a Pin inspire 1 T48 lu\u00f4n k\u00e9o d\u00e0i t\u1edbi 1h40 ph\u00fat. Gi\u1ea3 s\u1eed ai c\u0169ng c\u00f3 t\u1edbi 3 4 vi\u00ean pin Inspire 1 m\u00e0 ch\u1ec9 c\u00f3 duy nh\u1ea5t m\u1ed9t d\u00e2y s\u1ea1c\u00a0 th\u00ec m\u1ed7i l\u1ea7n s\u1ea1c xong 1 vi\u00ean pin ch\u00fang ta ph\u1ea3i thay th\u1ebf m\u1ed9t vi\u00ean m\u1edbi.<\/span><\/p>\n<p style=\"text-align: justify;\"><span style=\"font-size: 18px;\"><img loading=\"lazy\" decoding=\"async\" class=\"alignnone size-medium wp-image-11209\" src=\"https:\/\/phukienflytech.vn\/wp-content\/uploads\/2020\/05\/hub-sac-4-pin-sunny-cho-inspire-1-phu-kien-sac-thuong-2335-4-400x400.jpg\" alt=\"\" width=\"400\" height=\"400\" srcset=\"https:\/\/phukienflytech.vn\/wp-content\/uploads\/2020\/05\/hub-sac-4-pin-sunny-cho-inspire-1-phu-kien-sac-thuong-2335-4.jpg 400w, https:\/\/phukienflytech.vn\/wp-content\/uploads\/2020\/05\/hub-sac-4-pin-sunny-cho-inspire-1-phu-kien-sac-thuong-2335-4-280x280.jpg 280w, https:\/\/phukienflytech.vn\/wp-content\/uploads\/2020\/05\/hub-sac-4-pin-sunny-cho-inspire-1-phu-kien-sac-thuong-2335-4-300x300.jpg 300w, https:\/\/phukienflytech.vn\/wp-content\/uploads\/2020\/05\/hub-sac-4-pin-sunny-cho-inspire-1-phu-kien-sac-thuong-2335-4-100x100.jpg 100w\" sizes=\"auto, (max-width: 400px) 100vw, 400px\" \/><\/span><\/p>\n<p style=\"text-align: justify;\"><span style=\"font-size: 18px;\">Th\u1eadt b\u1ea5t ti\u1ec7n, \u0111\u1eb7c bi\u1ec7t l\u00e0 khi s\u1ea1c v\u1ec1 \u0111\u00eam. Do v\u1eady h\u00e3y ngh\u0129 t\u1edbi gi\u1ea3i ph\u00e1p s\u1eed d\u1ee5ng hub s\u1ea1c 4 pin inspire 1 (s\u1ea1c th\u01b0\u1eddng) \u0111\u1ec3 lo\u1ea1i b\u1ecf \u0111i v\u1ea5n \u0111\u1ec1 b\u1ea5t ti\u1ec7n nh\u01b0 tr\u00ean. Lu\u00f4n \u0111\u01b0\u1ee3c coi l\u00e0 ph\u1ee5 ki\u1ec7n inspire 1 v\u00f4 c\u00f9ng c\u1ea7n thi\u1ebft. Khi ngh\u0129 v\u1ec1 ph\u1ee5 ki\u1ec7n dji Inspire 1 h\u00e3y ngh\u0129 t\u1edbi hub s\u1ea1c 4 pin n\u00e0y<\/span><\/p>\n<p>&nbsp;<\/p>\n<h2 style=\"text-align: justify;\"><span style=\"font-size: 21px; color: #0000ff;\"><strong>Inspire 1 charging hub specification<\/strong><\/span><\/h2>\n<p style=\"text-align: justify;\"><span style=\"font-size: 18px;\"><img loading=\"lazy\" decoding=\"async\" class=\"alignnone wp-image-11211 size-medium\" src=\"https:\/\/phukienflytech.vn\/wp-content\/uploads\/2020\/05\/hub-sac-4-pin-sunny-cho-inspire-1-phu-kien-sac-thuong-2335-1-1-400x400.jpg\" alt=\"inspire-1-charging-hub\" width=\"400\" height=\"400\" srcset=\"https:\/\/phukienflytech.vn\/wp-content\/uploads\/2020\/05\/hub-sac-4-pin-sunny-cho-inspire-1-phu-kien-sac-thuong-2335-1-1.jpg 400w, https:\/\/phukienflytech.vn\/wp-content\/uploads\/2020\/05\/hub-sac-4-pin-sunny-cho-inspire-1-phu-kien-sac-thuong-2335-1-1-280x280.jpg 280w, https:\/\/phukienflytech.vn\/wp-content\/uploads\/2020\/05\/hub-sac-4-pin-sunny-cho-inspire-1-phu-kien-sac-thuong-2335-1-1-300x300.jpg 300w, https:\/\/phukienflytech.vn\/wp-content\/uploads\/2020\/05\/hub-sac-4-pin-sunny-cho-inspire-1-phu-kien-sac-thuong-2335-1-1-100x100.jpg 100w\" sizes=\"auto, (max-width: 400px) 100vw, 400px\" \/><\/span><\/p>\n<ul style=\"text-align: justify;\">\n<li><span style=\"font-size: 18px;\">H\u1ed7 tr\u1ee3 : s\u1ea1c 4 pin<\/span><\/li>\n<li><span style=\"font-size: 18px;\">Th\u1eddi gian s\u1ea1c : 360 ph\u00fat \/ 4 vi\u00ean<\/span><\/li>\n<li><span style=\"font-size: 18px;\">S\u1ea1c nhanh : kh\u00f4ngH\u00e3ng s\u1ea3n xu\u1ea5t : OEM<\/span><\/li>\n<li><span style=\"font-size: 18px;\">D\u00f2ng \u0111i\u1ec7n v\u00e0o :\u00a0<\/span><\/li>\n<li><span style=\"font-size: 18px;\">D\u00f2ng \u0111i\u1ec7n ra :<\/span><\/li>\n<\/ul>\n<p>&nbsp;<\/p>\n<p style=\"text-align: justify;\"><span style=\"font-size: 18px;\"><img loading=\"lazy\" decoding=\"async\" class=\"alignnone wp-image-11213 size-medium\" src=\"https:\/\/phukienflytech.vn\/wp-content\/uploads\/2020\/05\/hub-sac-4-pin-sunny-cho-inspire-1-phu-kien-sac-thuong-2335-2-1-400x400.jpg\" alt=\"charging-hub-inspire-1\" width=\"400\" height=\"400\" srcset=\"https:\/\/phukienflytech.vn\/wp-content\/uploads\/2020\/05\/hub-sac-4-pin-sunny-cho-inspire-1-phu-kien-sac-thuong-2335-2-1.jpg 400w, https:\/\/phukienflytech.vn\/wp-content\/uploads\/2020\/05\/hub-sac-4-pin-sunny-cho-inspire-1-phu-kien-sac-thuong-2335-2-1-280x280.jpg 280w, https:\/\/phukienflytech.vn\/wp-content\/uploads\/2020\/05\/hub-sac-4-pin-sunny-cho-inspire-1-phu-kien-sac-thuong-2335-2-1-300x300.jpg 300w, https:\/\/phukienflytech.vn\/wp-content\/uploads\/2020\/05\/hub-sac-4-pin-sunny-cho-inspire-1-phu-kien-sac-thuong-2335-2-1-100x100.jpg 100w\" sizes=\"auto, (max-width: 400px) 100vw, 400px\" \/><\/span><\/p>\n<h2 style=\"text-align: justify;\"><span style=\"font-size: 21px; color: #0000ff;\"><strong>Mua ph\u1ee5 ki\u1ec7n flycam DJI phantom,Mavic,Spark \u1edf \u0111\u00e2u?<\/strong><\/span><\/h2>\n<p>&nbsp;<\/p>\n<p style=\"text-align: justify;\"><span style=\"font-size: 18px;\"><strong><a href=\"https:\/\/facebook.com\/phukienflycam\">Ph\u1ee5 Ki\u1ec7n Flytech Gi\u00e1 T\u1ed1t<\/a><\/strong>\u00a0h\u00e2n h\u1ea1nh \u0111em l\u1ea1i c\u00e1c m\u1eabu s\u1ea3n ph\u1ea9m Balo phatom ch\u00ednh h\u00e3ng t\u1ed1t nh\u1ea5t ph\u1ee5c v\u1ee5 \u0111am m\u00ea, v\u00e0 c\u00f4ng vi\u1ec7c c\u1ee7a c\u00e1c b\u1ea1n, h\u00e3y \u0111\u1ec3 ch\u00fang t\u00f4i ti\u1ebfp s\u1ee9c \u0111am m\u00ea, c\u00f4ng vi\u1ec7c c\u1ee7a b\u1ea1n, gi\u00fap b\u1ea1n th\u00eam ni\u1ec1m h\u1ee9ng kh\u1edfi trong \u0111am m\u00ea c\u0169ng nh\u01b0 c\u00f4ng vi\u1ec7c c\u1ee7a m\u00ecnh th\u00eam su\u00f4n s\u1ebb<\/span><\/p>\n<p style=\"text-align: justify;\"><span style=\"font-size: 18px;\"><img loading=\"lazy\" decoding=\"async\" class=\"alignnone wp-image-11215\" src=\"https:\/\/phukienflytech.vn\/wp-content\/uploads\/2020\/05\/hub-sac-4-pin-sunny-cho-inspire-1-phu-kien-sac-thuong-2335-3-800x251.png\" alt=\"\" width=\"768\" height=\"241\" srcset=\"https:\/\/phukienflytech.vn\/wp-content\/uploads\/2020\/05\/hub-sac-4-pin-sunny-cho-inspire-1-phu-kien-sac-thuong-2335-3-800x251.png 800w, https:\/\/phukienflytech.vn\/wp-content\/uploads\/2020\/05\/hub-sac-4-pin-sunny-cho-inspire-1-phu-kien-sac-thuong-2335-3-768x241.png 768w, https:\/\/phukienflytech.vn\/wp-content\/uploads\/2020\/05\/hub-sac-4-pin-sunny-cho-inspire-1-phu-kien-sac-thuong-2335-3-600x188.png 600w, https:\/\/phukienflytech.vn\/wp-content\/uploads\/2020\/05\/hub-sac-4-pin-sunny-cho-inspire-1-phu-kien-sac-thuong-2335-3.png 1013w\" sizes=\"auto, (max-width: 768px) 100vw, 768px\" \/><\/span><\/p>\n<p style=\"text-align: justify;\"><span style=\"font-size: 18px;\">Ch\u00fang t\u00f4i chuy\u00ean cung c\u1ea5p h\u1ea7u h\u1ebft t\u1ea5t c\u00e1c c\u00e1c ph\u1ee5 ki\u1ec7n flycam DJI c\u1ee7a Phantom 3,4 series, Mavic series, DJI Spark v\u00e0 inspire 1<\/span><\/p>\n<p style=\"text-align: justify;\"><span style=\"font-size: 18px;\">H\u00e3y xem th\u00eam c\u00e1c\u00a0ph\u1ee5 ki\u1ec7n flycam dji Inspire\u00a0b\u1eb1ng c\u00e1ch\u00a0<strong><a href=\"\/?product_cat=phu-kien-dji-inspire-1\" target=\"_blank\" rel=\"noopener noreferrer\">click t\u1ea1i \u0111\u00e2y<\/a><\/strong>\u00a0!<\/span><\/p>\n<p style=\"text-align: justify;\"><span style=\"font-size: 18px;\">Nh\u00e0 s\u1ea3n xu\u1ea5t : Sunnylife \u2013 l\u00e0 m\u1ed9t trong nh\u1eefng Vendor cung c\u1ea5p c\u00e1c ph\u1ee5 ki\u1ec7n, linh ki\u1ec7n thay th\u1ebf cho DJI Flycam.<\/span><\/p>\n","protected":false},"excerpt":{"rendered":"<p>S\u1ea1c pin inspire 1 \u2013 Inspire 1 charging hub Hub s\u1ea1c 4 pin Inspire Pin inspire 1 c\u00f3 2 lo\u1ea1i l\u00e0 pin T47 v\u00e0 T48 v\u1edbi 2 m\u1ee9c dung l\u01b0\u1ee3ng kh\u00e1c nhau. Nh\u01b0ng th\u00f4ng th\u01b0\u1eddng ch\u00fang ta \u0111\u1ec1u l\u1ef1a ch\u1ecdn Pin Inspire 1 T48\u00a0 v\u00e0 s\u1ed1 l\u01b0\u1ee3ng lu\u00f4n t\u1eeb 2 tr\u1edf l\u00ean. V\u1edbi d\u1ee5ng l\u01b0\u1ee3ng &#8230;<\/p>\n","protected":false},"featured_media":16743,"comment_status":"open","ping_status":"closed","template":"","meta":{"_acf_changed":false},"product_brand":[],"product_cat":[185],"product_tag":[206,244],"class_list":{"0":"post-2344","1":"product","2":"type-product","3":"status-publish","4":"has-post-thumbnail","6":"product_cat-inspire-accessory","7":"product_tag-phu-kien-dji-en","8":"product_tag-phu-kien-inspire-en","10":"first","11":"instock","12":"shipping-taxable","13":"purchasable","14":"product-type-simple"},"acf":[],"yoast_head":"<!-- This site is optimized with the Yoast SEO plugin v25.7 - https:\/\/yoast.com\/wordpress\/plugins\/seo\/ -->\n<title>Inspire 1 charger hub - Accessories for DJI Inspire 1 - Available for shipping<\/title>\n<meta name=\"description\" content=\"Inspire 1 Charging Hub is one of nesessary accessories of DJI Inspire 1 that can help you charge 4 batteries during a night fully\" \/>\n<meta name=\"robots\" content=\"index, follow, max-snippet:-1, max-image-preview:large, max-video-preview:-1\" \/>\n<link rel=\"canonical\" href=\"https:\/\/phukienflytech.vn\/en\/san-pham\/inspire-1-charging-hub.html\" \/>\n<meta property=\"og:locale\" content=\"en_US\" \/>\n<meta property=\"og:type\" content=\"article\" \/>\n<meta property=\"og:title\" content=\"Inspire 1 charger hub - Accessories for DJI Inspire 1 - Available for shipping\" \/>\n<meta property=\"og:description\" content=\"Inspire 1 Charging Hub is one of nesessary accessories of DJI Inspire 1 that can help you charge 4 batteries during a night fully\" \/>\n<meta property=\"og:url\" content=\"https:\/\/phukienflytech.vn\/en\/san-pham\/inspire-1-charging-hub.html\" \/>\n<meta property=\"og:site_name\" content=\"Shop M\u00e1y \u1ea3nh - Action Camera - Gimbal - Flycam - Ph\u1ee5 ki\u1ec7n\" \/>\n<meta property=\"article:publisher\" content=\"https:\/\/facebook.com\/phukienflycam\" \/>\n<meta property=\"article:modified_time\" content=\"2020-10-09T09:46:03+00:00\" \/>\n<meta property=\"og:image\" content=\"https:\/\/phukienflytech.vn\/wp-content\/uploads\/2020\/05\/hub-sac-inspire-145_-_Copy.jpg\" \/>\n\t<meta property=\"og:image:width\" content=\"243\" \/>\n\t<meta property=\"og:image:height\" content=\"243\" \/>\n\t<meta property=\"og:image:type\" content=\"image\/jpeg\" \/>\n<meta name=\"twitter:card\" content=\"summary_large_image\" \/>\n<meta name=\"twitter:label1\" content=\"Est. reading time\" \/>\n\t<meta name=\"twitter:data1\" content=\"2 minutes\" \/>\n<script type=\"application\/ld+json\" class=\"yoast-schema-graph\">{\"@context\":\"https:\/\/schema.org\",\"@graph\":[{\"@type\":\"WebPage\",\"@id\":\"https:\/\/phukienflytech.vn\/en\/san-pham\/inspire-1-charging-hub.html\",\"url\":\"https:\/\/phukienflytech.vn\/en\/san-pham\/inspire-1-charging-hub.html\",\"name\":\"Inspire 1 charger hub - Accessories for DJI Inspire 1 - Available for shipping\",\"isPartOf\":{\"@id\":\"https:\/\/phukienflytech.vn\/#website\"},\"primaryImageOfPage\":{\"@id\":\"https:\/\/phukienflytech.vn\/en\/san-pham\/inspire-1-charging-hub.html#primaryimage\"},\"image\":{\"@id\":\"https:\/\/phukienflytech.vn\/en\/san-pham\/inspire-1-charging-hub.html#primaryimage\"},\"thumbnailUrl\":\"https:\/\/phukienflytech.vn\/wp-content\/uploads\/2020\/05\/hub-sac-inspire-145_-_Copy.jpg\",\"datePublished\":\"2020-06-24T09:28:10+00:00\",\"dateModified\":\"2020-10-09T09:46:03+00:00\",\"description\":\"Inspire 1 Charging Hub is one of nesessary accessories of DJI Inspire 1 that can help you charge 4 batteries during a night fully\",\"breadcrumb\":{\"@id\":\"https:\/\/phukienflytech.vn\/en\/san-pham\/inspire-1-charging-hub.html#breadcrumb\"},\"inLanguage\":\"en-US\",\"potentialAction\":[{\"@type\":\"ReadAction\",\"target\":[\"https:\/\/phukienflytech.vn\/en\/san-pham\/inspire-1-charging-hub.html\"]}]},{\"@type\":\"ImageObject\",\"inLanguage\":\"en-US\",\"@id\":\"https:\/\/phukienflytech.vn\/en\/san-pham\/inspire-1-charging-hub.html#primaryimage\",\"url\":\"https:\/\/phukienflytech.vn\/wp-content\/uploads\/2020\/05\/hub-sac-inspire-145_-_Copy.jpg\",\"contentUrl\":\"https:\/\/phukienflytech.vn\/wp-content\/uploads\/2020\/05\/hub-sac-inspire-145_-_Copy.jpg\",\"width\":243,\"height\":243},{\"@type\":\"BreadcrumbList\",\"@id\":\"https:\/\/phukienflytech.vn\/en\/san-pham\/inspire-1-charging-hub.html#breadcrumb\",\"itemListElement\":[{\"@type\":\"ListItem\",\"position\":1,\"name\":\"Home\",\"item\":\"https:\/\/phukienflytech.vn\/en\"},{\"@type\":\"ListItem\",\"position\":2,\"name\":\"Ph\u1ee5 ki\u1ec7n Mavic Pro\",\"item\":\"https:\/\/phukienflytech.vn\/en\/phu-kien-mavic-pro.html\"},{\"@type\":\"ListItem\",\"position\":3,\"name\":\"DJI Osmo &amp; Drone's accessories\",\"item\":\"https:\/\/phukienflytech.vn\/en\/danh-muc\/dji-osmo-drones-accessories.html\"},{\"@type\":\"ListItem\",\"position\":4,\"name\":\"Ph\u1ee5 ki\u1ec7n DJI Inspire\",\"item\":\"https:\/\/phukienflytech.vn\/en\/danh-muc\/inspire-accessory.html\"},{\"@type\":\"ListItem\",\"position\":5,\"name\":\"Inspire 1 Charging Hub\"}]},{\"@type\":\"WebSite\",\"@id\":\"https:\/\/phukienflytech.vn\/#website\",\"url\":\"https:\/\/phukienflytech.vn\/\",\"name\":\"Shop M\u00e1y \u1ea3nh - Action Camera - Gimbal - Flycam - Ph\u1ee5 ki\u1ec7n\",\"description\":\"Shop M\u00e1y \u1ea3nh - Action Camera - Gimbal - Flycam - Ph\u1ee5 ki\u1ec7n\",\"publisher\":{\"@id\":\"https:\/\/phukienflytech.vn\/#organization\"},\"potentialAction\":[{\"@type\":\"SearchAction\",\"target\":{\"@type\":\"EntryPoint\",\"urlTemplate\":\"https:\/\/phukienflytech.vn\/?s={search_term_string}\"},\"query-input\":{\"@type\":\"PropertyValueSpecification\",\"valueRequired\":true,\"valueName\":\"search_term_string\"}}],\"inLanguage\":\"en-US\"},{\"@type\":\"Organization\",\"@id\":\"https:\/\/phukienflytech.vn\/#organization\",\"name\":\"DJI Store - Shop Drone, Action camera, Gimbal DJI |Phukienflytech\",\"alternateName\":\"DJI Store - Shop Drone, Action camera, Gimbal DJI |Phukienflytech\",\"url\":\"https:\/\/phukienflytech.vn\/\",\"logo\":{\"@type\":\"ImageObject\",\"inLanguage\":\"en-US\",\"@id\":\"https:\/\/phukienflytech.vn\/#\/schema\/logo\/image\/\",\"url\":\"https:\/\/phukienflytech.vn\/wp-content\/uploads\/2020\/05\/hAnh_nan.jpg1_.jpg\",\"contentUrl\":\"https:\/\/phukienflytech.vn\/wp-content\/uploads\/2020\/05\/hAnh_nan.jpg1_.jpg\",\"width\":800,\"height\":450,\"caption\":\"DJI Store - Shop Drone, Action camera, Gimbal DJI |Phukienflytech\"},\"image\":{\"@id\":\"https:\/\/phukienflytech.vn\/#\/schema\/logo\/image\/\"},\"sameAs\":[\"https:\/\/facebook.com\/phukienflycam\",\"https:\/\/www.youtube.com\/@phukienflytech\",\"https:\/\/www.tiktok.com\/@flytech.channel?fbclid=IwY2xjawGjg7BleHRuA2FlbQIxMAABHYVGmlXpuSMs0UB2zTpYvyT4GMVfN2qJa4urF4vkSQ6FAVBwXZtDP30qQA_aem_UwMiDcUvlEbd2tXAmsc8Og\"]}]}<\/script>\n<!-- \/ Yoast SEO plugin. -->","yoast_head_json":{"title":"Inspire 1 charger hub - Accessories for DJI Inspire 1 - Available for shipping","description":"Inspire 1 Charging Hub is one of nesessary accessories of DJI Inspire 1 that can help you charge 4 batteries during a night fully","robots":{"index":"index","follow":"follow","max-snippet":"max-snippet:-1","max-image-preview":"max-image-preview:large","max-video-preview":"max-video-preview:-1"},"canonical":"https:\/\/phukienflytech.vn\/en\/san-pham\/inspire-1-charging-hub.html","og_locale":"en_US","og_type":"article","og_title":"Inspire 1 charger hub - Accessories for DJI Inspire 1 - Available for shipping","og_description":"Inspire 1 Charging Hub is one of nesessary accessories of DJI Inspire 1 that can help you charge 4 batteries during a night fully","og_url":"https:\/\/phukienflytech.vn\/en\/san-pham\/inspire-1-charging-hub.html","og_site_name":"Shop M\u00e1y \u1ea3nh - Action Camera - Gimbal - Flycam - Ph\u1ee5 ki\u1ec7n","article_publisher":"https:\/\/facebook.com\/phukienflycam","article_modified_time":"2020-10-09T09:46:03+00:00","og_image":[{"width":243,"height":243,"url":"https:\/\/phukienflytech.vn\/wp-content\/uploads\/2020\/05\/hub-sac-inspire-145_-_Copy.jpg","type":"image\/jpeg"}],"twitter_card":"summary_large_image","twitter_misc":{"Est. reading time":"2 minutes"},"schema":{"@context":"https:\/\/schema.org","@graph":[{"@type":"WebPage","@id":"https:\/\/phukienflytech.vn\/en\/san-pham\/inspire-1-charging-hub.html","url":"https:\/\/phukienflytech.vn\/en\/san-pham\/inspire-1-charging-hub.html","name":"Inspire 1 charger hub - Accessories for DJI Inspire 1 - Available for shipping","isPartOf":{"@id":"https:\/\/phukienflytech.vn\/#website"},"primaryImageOfPage":{"@id":"https:\/\/phukienflytech.vn\/en\/san-pham\/inspire-1-charging-hub.html#primaryimage"},"image":{"@id":"https:\/\/phukienflytech.vn\/en\/san-pham\/inspire-1-charging-hub.html#primaryimage"},"thumbnailUrl":"https:\/\/phukienflytech.vn\/wp-content\/uploads\/2020\/05\/hub-sac-inspire-145_-_Copy.jpg","datePublished":"2020-06-24T09:28:10+00:00","dateModified":"2020-10-09T09:46:03+00:00","description":"Inspire 1 Charging Hub is one of nesessary accessories of DJI Inspire 1 that can help you charge 4 batteries during a night fully","breadcrumb":{"@id":"https:\/\/phukienflytech.vn\/en\/san-pham\/inspire-1-charging-hub.html#breadcrumb"},"inLanguage":"en-US","potentialAction":[{"@type":"ReadAction","target":["https:\/\/phukienflytech.vn\/en\/san-pham\/inspire-1-charging-hub.html"]}]},{"@type":"ImageObject","inLanguage":"en-US","@id":"https:\/\/phukienflytech.vn\/en\/san-pham\/inspire-1-charging-hub.html#primaryimage","url":"https:\/\/phukienflytech.vn\/wp-content\/uploads\/2020\/05\/hub-sac-inspire-145_-_Copy.jpg","contentUrl":"https:\/\/phukienflytech.vn\/wp-content\/uploads\/2020\/05\/hub-sac-inspire-145_-_Copy.jpg","width":243,"height":243},{"@type":"BreadcrumbList","@id":"https:\/\/phukienflytech.vn\/en\/san-pham\/inspire-1-charging-hub.html#breadcrumb","itemListElement":[{"@type":"ListItem","position":1,"name":"Home","item":"https:\/\/phukienflytech.vn\/en"},{"@type":"ListItem","position":2,"name":"Ph\u1ee5 ki\u1ec7n Mavic Pro","item":"https:\/\/phukienflytech.vn\/en\/phu-kien-mavic-pro.html"},{"@type":"ListItem","position":3,"name":"DJI Osmo &amp; Drone's accessories","item":"https:\/\/phukienflytech.vn\/en\/danh-muc\/dji-osmo-drones-accessories.html"},{"@type":"ListItem","position":4,"name":"Ph\u1ee5 ki\u1ec7n DJI Inspire","item":"https:\/\/phukienflytech.vn\/en\/danh-muc\/inspire-accessory.html"},{"@type":"ListItem","position":5,"name":"Inspire 1 Charging Hub"}]},{"@type":"WebSite","@id":"https:\/\/phukienflytech.vn\/#website","url":"https:\/\/phukienflytech.vn\/","name":"Shop M\u00e1y \u1ea3nh - Action Camera - Gimbal - Flycam - Ph\u1ee5 ki\u1ec7n","description":"Shop M\u00e1y \u1ea3nh - Action Camera - Gimbal - Flycam - Ph\u1ee5 ki\u1ec7n","publisher":{"@id":"https:\/\/phukienflytech.vn\/#organization"},"potentialAction":[{"@type":"SearchAction","target":{"@type":"EntryPoint","urlTemplate":"https:\/\/phukienflytech.vn\/?s={search_term_string}"},"query-input":{"@type":"PropertyValueSpecification","valueRequired":true,"valueName":"search_term_string"}}],"inLanguage":"en-US"},{"@type":"Organization","@id":"https:\/\/phukienflytech.vn\/#organization","name":"DJI Store - Shop Drone, Action camera, Gimbal DJI |Phukienflytech","alternateName":"DJI Store - Shop Drone, Action camera, Gimbal DJI |Phukienflytech","url":"https:\/\/phukienflytech.vn\/","logo":{"@type":"ImageObject","inLanguage":"en-US","@id":"https:\/\/phukienflytech.vn\/#\/schema\/logo\/image\/","url":"https:\/\/phukienflytech.vn\/wp-content\/uploads\/2020\/05\/hAnh_nan.jpg1_.jpg","contentUrl":"https:\/\/phukienflytech.vn\/wp-content\/uploads\/2020\/05\/hAnh_nan.jpg1_.jpg","width":800,"height":450,"caption":"DJI Store - Shop Drone, Action camera, Gimbal DJI |Phukienflytech"},"image":{"@id":"https:\/\/phukienflytech.vn\/#\/schema\/logo\/image\/"},"sameAs":["https:\/\/facebook.com\/phukienflycam","https:\/\/www.youtube.com\/@phukienflytech","https:\/\/www.tiktok.com\/@flytech.channel?fbclid=IwY2xjawGjg7BleHRuA2FlbQIxMAABHYVGmlXpuSMs0UB2zTpYvyT4GMVfN2qJa4urF4vkSQ6FAVBwXZtDP30qQA_aem_UwMiDcUvlEbd2tXAmsc8Og"]}]}},"_links":{"self":[{"href":"https:\/\/phukienflytech.vn\/en\/wp-json\/wp\/v2\/product\/2344","targetHints":{"allow":["GET"]}}],"collection":[{"href":"https:\/\/phukienflytech.vn\/en\/wp-json\/wp\/v2\/product"}],"about":[{"href":"https:\/\/phukienflytech.vn\/en\/wp-json\/wp\/v2\/types\/product"}],"replies":[{"embeddable":true,"href":"https:\/\/phukienflytech.vn\/en\/wp-json\/wp\/v2\/comments?post=2344"}],"wp:featuredmedia":[{"embeddable":true,"href":"https:\/\/phukienflytech.vn\/en\/wp-json\/wp\/v2\/media\/16743"}],"wp:attachment":[{"href":"https:\/\/phukienflytech.vn\/en\/wp-json\/wp\/v2\/media?parent=2344"}],"wp:term":[{"taxonomy":"product_brand","embeddable":true,"href":"https:\/\/phukienflytech.vn\/en\/wp-json\/wp\/v2\/product_brand?post=2344"},{"taxonomy":"product_cat","embeddable":true,"href":"https:\/\/phukienflytech.vn\/en\/wp-json\/wp\/v2\/product_cat?post=2344"},{"taxonomy":"product_tag","embeddable":true,"href":"https:\/\/phukienflytech.vn\/en\/wp-json\/wp\/v2\/product_tag?post=2344"}],"curies":[{"name":"wp","href":"https:\/\/api.w.org\/{rel}","templated":true}]}}