{"id":2393,"date":"2020-06-20T20:35:55","date_gmt":"2020-06-20T13:35:55","guid":{"rendered":"http:\/\/27430.lamdx.vinawebsite.vn\/san-pham\/tam-landing-pad-chuyen-dung-phantom-inspire-series-pgytech.html"},"modified":"2021-03-21T09:53:07","modified_gmt":"2021-03-21T02:53:07","slug":"tam-landing-pad-chuyen-dung-phantom-inspire-series-pgytech","status":"publish","type":"product","link":"https:\/\/phukienflytech.vn\/en\/san-pham\/tam-landing-pad-chuyen-dung-phantom-inspire-series-pgytech.html","title":{"rendered":"T\u1ea5m landing pad chuy\u00ean d\u1ee5ng Phantom Inspire series \u2013 PGYTECH"},"content":{"rendered":"<h2><span style=\"font-size: 21px; color: #0000ff;\"><strong><em>Ph\u1ee5 ki\u1ec7n phantom 3 4 \u2013 inspire cao c\u00e2p PGYTECH<\/em><\/strong><\/span><\/h2>\n<p><span style=\"font-size: 18px;\">T\u1ea5m landing pad chuy\u00ean d\u1ee5ng phantom inspire<\/span><\/p>\n<p>&nbsp;<\/p>\n<p><span style=\"font-size: 18px;\"><img loading=\"lazy\" decoding=\"async\" class=\"alignnone wp-image-12590\" src=\"https:\/\/phukienflytech.vn\/wp-content\/uploads\/2020\/05\/tam-landing-pad-chuyen-dung-phantom-inspire-series-pgytech-2372-5-800x337.jpg\" alt=\"\" width=\"606\" height=\"255\" srcset=\"https:\/\/phukienflytech.vn\/wp-content\/uploads\/2020\/05\/tam-landing-pad-chuyen-dung-phantom-inspire-series-pgytech-2372-5-800x337.jpg 800w, https:\/\/phukienflytech.vn\/wp-content\/uploads\/2020\/05\/tam-landing-pad-chuyen-dung-phantom-inspire-series-pgytech-2372-5-768x323.jpg 768w, https:\/\/phukienflytech.vn\/wp-content\/uploads\/2020\/05\/tam-landing-pad-chuyen-dung-phantom-inspire-series-pgytech-2372-5-600x253.jpg 600w, https:\/\/phukienflytech.vn\/wp-content\/uploads\/2020\/05\/tam-landing-pad-chuyen-dung-phantom-inspire-series-pgytech-2372-5.jpg 1199w\" sizes=\"auto, (max-width: 606px) 100vw, 606px\" \/><\/span><\/p>\n<p>&nbsp;<\/p>\n<p><span style=\"font-size: 18px;\">Trong qu\u00e1 tr\u00ecnh bay, nhi\u1ec1u khi b\u1ea1n g\u1eb7p ph\u1ea3i kh\u00f3 kh\u0103n tr\u1edf ng\u1ea1i trong qu\u00e1 tr\u00ecnh h\u1ea1 c\u00e1nh cho chi\u1ebfc drone c\u1ee7a m\u00ecnh. \u0110\u1ec3 gi\u1ea3i quy\u1ebft v\u1ea5n \u0111\u1ec1 \u1ea5y,\u00a0<strong><em>h\u00e3ng PGYTECH<\/em><\/strong>\u00a0\u0111\u00e3 cho ra m\u1eaft\u00a0t\u1ea5m h\u1ea1 c\u00e1nh\u00a0gi\u00fap b\u1ea1n c\u00f3 th\u1ec3 \u0111\u1ecbnh h\u01b0\u1edbng c\u0169ng nh\u01b0 h\u1ea1 c\u00e1nh cho chi\u1ebfc drone c\u1ee7a m\u00ecnh m\u1ed9t c\u00e1ch d\u1ec5 d\u00e0ng v\u00e0 an to\u00e0n.<\/span><\/p>\n<p>&nbsp;<\/p>\n<p><span style=\"font-size: 18px;\"><img loading=\"lazy\" decoding=\"async\" class=\"alignnone size-medium wp-image-12594\" src=\"https:\/\/phukienflytech.vn\/wp-content\/uploads\/2020\/05\/tam-landing-pad-chuyen-dung-phantom-inspire-series-pgytech-2372-1-2-313x400.jpg\" alt=\"\" width=\"313\" height=\"400\" srcset=\"https:\/\/phukienflytech.vn\/wp-content\/uploads\/2020\/05\/tam-landing-pad-chuyen-dung-phantom-inspire-series-pgytech-2372-1-2-313x400.jpg 313w, https:\/\/phukienflytech.vn\/wp-content\/uploads\/2020\/05\/tam-landing-pad-chuyen-dung-phantom-inspire-series-pgytech-2372-1-2-768x983.jpg 768w, https:\/\/phukienflytech.vn\/wp-content\/uploads\/2020\/05\/tam-landing-pad-chuyen-dung-phantom-inspire-series-pgytech-2372-1-2-625x800.jpg 625w, https:\/\/phukienflytech.vn\/wp-content\/uploads\/2020\/05\/tam-landing-pad-chuyen-dung-phantom-inspire-series-pgytech-2372-1-2-600x768.jpg 600w, https:\/\/phukienflytech.vn\/wp-content\/uploads\/2020\/05\/tam-landing-pad-chuyen-dung-phantom-inspire-series-pgytech-2372-1-2.jpg 800w\" sizes=\"auto, (max-width: 313px) 100vw, 313px\" \/><\/span><\/p>\n<p>&nbsp;<\/p>\n<h2><span style=\"font-size: 21px;\"><em><strong><span style=\"color: #0000ff;\">Chi ti\u1ebft c\u1ee7a t\u1ea5m landing pad chuy\u00ean d\u1ee5ng phantom inspire<\/span><\/strong><\/em><\/span><\/h2>\n<p><span style=\"font-size: 18px;\">Tr\u1ecdng l\u01b0\u1ee3ng: 535g<\/span><\/p>\n<p><span style=\"font-size: 18px;\">K\u00edch th\u01b0\u1edbc: 110 cm<\/span><\/p>\n<p><span style=\"font-size: 18px;\">Ch\u1ea5t li\u1ec7u: nilong ch\u1ed1ng th\u1ea5m n\u01b0\u1edbc.<\/span><\/p>\n<p><span style=\"font-size: 18px;\">B\u1ed9 s\u1ea3n ph\u1ea9m g\u1ed3m:<\/span><\/p>\n<p><span style=\"font-size: 18px;\">1 t\u00fai \u0111\u1ef1ng<\/span><\/p>\n<p><span style=\"font-size: 18px;\">1 mi\u1ebfng \u0111\u1ec7m h\u1ea1 c\u00e1nh<\/span><\/p>\n<p><span style=\"font-size: 18px;\">3 \u0111inh c\u1ed1 \u0111\u1ecbnh<\/span><\/p>\n<p><span style=\"font-size: 18px;\">8 s\u1ecdc ph\u1ea3n quang<\/span><\/p>\n<p><span style=\"font-size: 18px;\">D\u1ec5 d\u00e0ng g\u1eadp g\u1ecdn mang \u0111i khi s\u1eed d\u1ee5ng.<\/span><\/p>\n<p>&nbsp;<\/p>\n<p><span style=\"font-size: 18px;\"><img loading=\"lazy\" decoding=\"async\" class=\"alignnone size-medium wp-image-12596\" src=\"https:\/\/phukienflytech.vn\/wp-content\/uploads\/2020\/05\/tam-landing-pad-chuyen-dung-phantom-inspire-series-pgytech-2372-2-2-421x400.jpg\" alt=\"\" width=\"421\" height=\"400\" srcset=\"https:\/\/phukienflytech.vn\/wp-content\/uploads\/2020\/05\/tam-landing-pad-chuyen-dung-phantom-inspire-series-pgytech-2372-2-2-421x400.jpg 421w, https:\/\/phukienflytech.vn\/wp-content\/uploads\/2020\/05\/tam-landing-pad-chuyen-dung-phantom-inspire-series-pgytech-2372-2-2-768x731.jpg 768w, https:\/\/phukienflytech.vn\/wp-content\/uploads\/2020\/05\/tam-landing-pad-chuyen-dung-phantom-inspire-series-pgytech-2372-2-2-841x800.jpg 841w, https:\/\/phukienflytech.vn\/wp-content\/uploads\/2020\/05\/tam-landing-pad-chuyen-dung-phantom-inspire-series-pgytech-2372-2-2-600x571.jpg 600w, https:\/\/phukienflytech.vn\/wp-content\/uploads\/2020\/05\/tam-landing-pad-chuyen-dung-phantom-inspire-series-pgytech-2372-2-2.jpg 1024w\" sizes=\"auto, (max-width: 421px) 100vw, 421px\" \/><\/span><\/p>\n<p>&nbsp;<\/p>\n<h2><span style=\"font-size: 21px; color: #0000ff;\"><em><strong>Mua ph\u1ee5 ki\u1ec7n DJI phantom 3 4 \u2013 inspire \u1edf \u0111\u00e2u?<\/strong><\/em><\/span><\/h2>\n<p><span style=\"font-size: 18px;\">N\u1ebfu b\u1ea1n v\u1eabn \u0111ang ph\u00e2n v\u00e2n kh\u00f4ng bi\u1ebft c\u00f3 th\u1ec3 t\u00ecm mua \u0111\u01b0\u1ee3c\u00a0<strong><em>nh\u1eefng ph\u1ee5 ki\u1ec7n dji phantom 3 4 \u2013 inspire \u00a0<\/em><\/strong>ch\u1ea5t l\u01b0\u1ee3ng nh\u1ea5t m\u00e0 kh\u00f4ng c\u1ea7n lo l\u1eafng gi\u00e1 c\u1ee7a s\u1ea3n ph\u1ea9m \u1edf \u0111\u00e2u th\u00ec ph\u1ee5 ki\u1ec7n flycam gi\u00e1 t\u1ed1t ch\u00ednh l\u00e0 n\u01a1i ph\u00f9 h\u1ee3p d\u00e0nh cho b\u1ea1n. H\u00e3y \u0111\u1ebfn v\u1edbi ph\u1ee5 ki\u1ec7n fly-cam gi\u00e1 t\u1ed1t \u0111\u1ec3 c\u00f3 \u0111\u01b0\u1ee3c\u00a0<strong><em>gi\u00e1 phantom 3 4<\/em><\/strong>,\u00a0<strong><em>gi\u00e1 inspire<\/em><\/strong>,..c\u00f9ng v\u1edbi ch\u1ea5t l\u01b0\u1ee3ng t\u1ed1t nh\u1ea5t.<\/span><\/p>\n<p><span style=\"font-size: 18px;\">Li\u00ean h\u1ec7 v\u1edbi ch\u00fang t\u00f4i qua facebook:<span style=\"color: #0000ff;\"><a style=\"color: #0000ff;\" href=\"https:\/\/www.facebook.com\/phukienflycam\/\" target=\"_blank\" rel=\"noopener noreferrer\"> Ph\u1ee5 ki\u1ec7n flytech gi\u00e1 t\u1ed1t<\/a><\/span><\/span><\/p>\n<p>&nbsp;<\/p>\n<p>&nbsp;<\/p>\n<p><span style=\"font-size: 18px;\"><img loading=\"lazy\" decoding=\"async\" class=\"alignnone size-medium wp-image-12598\" src=\"https:\/\/phukienflytech.vn\/wp-content\/uploads\/2020\/05\/tam-landing-pad-chuyen-dung-phantom-inspire-series-pgytech-2372-3-2.jpg\" alt=\"\" width=\"599\" height=\"281\" \/><\/span><\/p>\n<p>&nbsp;<\/p>\n<p>&nbsp;<\/p>\n<p>&nbsp;<\/p>\n<p>&nbsp;<\/p>\n","protected":false},"excerpt":{"rendered":"<p>Ph\u1ee5 ki\u1ec7n phantom 3 4 \u2013 inspire cao c\u00e2p PGYTECH T\u1ea5m landing pad chuy\u00ean d\u1ee5ng phantom inspire &nbsp; &nbsp; Trong qu\u00e1 tr\u00ecnh bay, nhi\u1ec1u khi b\u1ea1n g\u1eb7p ph\u1ea3i kh\u00f3 kh\u0103n tr\u1edf ng\u1ea1i trong qu\u00e1 tr\u00ecnh h\u1ea1 c\u00e1nh cho chi\u1ebfc drone c\u1ee7a m\u00ecnh. \u0110\u1ec3 gi\u1ea3i quy\u1ebft v\u1ea5n \u0111\u1ec1 \u1ea5y,\u00a0h\u00e3ng PGYTECH\u00a0\u0111\u00e3 cho ra m\u1eaft\u00a0t\u1ea5m h\u1ea1 c\u00e1nh\u00a0gi\u00fap b\u1ea1n &#8230;<\/p>\n","protected":false},"featured_media":7106,"comment_status":"open","ping_status":"closed","template":"","meta":{"_acf_changed":false},"product_brand":[],"product_cat":[916,185,183,182],"product_tag":[206,244,227],"class_list":{"0":"post-2393","1":"product","2":"type-product","3":"status-publish","4":"has-post-thumbnail","6":"product_cat-phu-kien-dji-fpv-en","7":"product_cat-inspire-accessory","8":"product_cat-phantom-3-accessory","9":"product_cat-phantom-4-accessory","10":"product_tag-phu-kien-dji-en","11":"product_tag-phu-kien-inspire-en","12":"product_tag-phu-kien-phantom-4-en","14":"first","15":"instock","16":"shipping-taxable","17":"purchasable","18":"product-type-simple"},"acf":[],"yoast_head":"<!-- This site is optimized with the Yoast SEO plugin v25.7 - https:\/\/yoast.com\/wordpress\/plugins\/seo\/ -->\n<title>T\u1ea5m landing pad chuy\u00ean d\u1ee5ng phantom inspire series - ship cod to\u00e0n qu\u1ed1c<\/title>\n<meta name=\"description\" content=\"T\u1ea5m landing pad chuy\u00ean d\u1ee5ng phantom inspire series l\u00e0 ph\u1ee5 ki\u1ec7n ch\u00ednh h\u00e3ng. T\u1ea5m landing pad chuy\u00ean d\u1ee5ng phantom inspire gi\u00fap, h\u1ea1 c\u00e1nh flycam d\u1ec5 d\u00e0ng\" \/>\n<meta name=\"robots\" content=\"index, follow, max-snippet:-1, max-image-preview:large, max-video-preview:-1\" \/>\n<link rel=\"canonical\" href=\"https:\/\/phukienflytech.vn\/en\/san-pham\/tam-landing-pad-chuyen-dung-phantom-inspire-series-pgytech.html\" \/>\n<meta property=\"og:locale\" content=\"en_US\" \/>\n<meta property=\"og:type\" content=\"article\" \/>\n<meta property=\"og:title\" content=\"T\u1ea5m landing pad chuy\u00ean d\u1ee5ng phantom inspire series - ship cod to\u00e0n qu\u1ed1c\" \/>\n<meta property=\"og:description\" content=\"T\u1ea5m landing pad chuy\u00ean d\u1ee5ng phantom inspire series l\u00e0 ph\u1ee5 ki\u1ec7n ch\u00ednh h\u00e3ng. T\u1ea5m landing pad chuy\u00ean d\u1ee5ng phantom inspire gi\u00fap, h\u1ea1 c\u00e1nh flycam d\u1ec5 d\u00e0ng\" \/>\n<meta property=\"og:url\" content=\"https:\/\/phukienflytech.vn\/en\/san-pham\/tam-landing-pad-chuyen-dung-phantom-inspire-series-pgytech.html\" \/>\n<meta property=\"og:site_name\" content=\"Shop M\u00e1y \u1ea3nh - Action Camera - Gimbal - Flycam - Ph\u1ee5 ki\u1ec7n\" \/>\n<meta property=\"article:publisher\" content=\"https:\/\/facebook.com\/phukienflycam\" \/>\n<meta property=\"article:modified_time\" content=\"2021-03-21T02:53:07+00:00\" \/>\n<meta property=\"og:image\" content=\"https:\/\/phukienflytech.vn\/wp-content\/uploads\/2020\/05\/300x300_pgy-tech-landing-pad-large-big004-phu-kien-flycam-dji-mavic-spark-phantom-3-4-pro-advanced-inspire-zoom12_-_Copy21_-_Copy.jpg\" \/>\n\t<meta property=\"og:image:width\" content=\"300\" \/>\n\t<meta property=\"og:image:height\" content=\"300\" \/>\n\t<meta property=\"og:image:type\" content=\"image\/jpeg\" \/>\n<meta name=\"twitter:card\" content=\"summary_large_image\" \/>\n<meta name=\"twitter:label1\" content=\"Est. reading time\" \/>\n\t<meta name=\"twitter:data1\" content=\"2 minutes\" \/>\n<script type=\"application\/ld+json\" class=\"yoast-schema-graph\">{\"@context\":\"https:\/\/schema.org\",\"@graph\":[{\"@type\":\"WebPage\",\"@id\":\"https:\/\/phukienflytech.vn\/en\/san-pham\/tam-landing-pad-chuyen-dung-phantom-inspire-series-pgytech.html\",\"url\":\"https:\/\/phukienflytech.vn\/en\/san-pham\/tam-landing-pad-chuyen-dung-phantom-inspire-series-pgytech.html\",\"name\":\"T\u1ea5m landing pad chuy\u00ean d\u1ee5ng phantom inspire series - ship cod to\u00e0n qu\u1ed1c\",\"isPartOf\":{\"@id\":\"https:\/\/phukienflytech.vn\/#website\"},\"primaryImageOfPage\":{\"@id\":\"https:\/\/phukienflytech.vn\/en\/san-pham\/tam-landing-pad-chuyen-dung-phantom-inspire-series-pgytech.html#primaryimage\"},\"image\":{\"@id\":\"https:\/\/phukienflytech.vn\/en\/san-pham\/tam-landing-pad-chuyen-dung-phantom-inspire-series-pgytech.html#primaryimage\"},\"thumbnailUrl\":\"https:\/\/phukienflytech.vn\/wp-content\/uploads\/2020\/05\/300x300_pgy-tech-landing-pad-large-big004-phu-kien-flycam-dji-mavic-spark-phantom-3-4-pro-advanced-inspire-zoom12_-_Copy21_-_Copy.jpg\",\"datePublished\":\"2020-06-20T13:35:55+00:00\",\"dateModified\":\"2021-03-21T02:53:07+00:00\",\"description\":\"T\u1ea5m landing pad chuy\u00ean d\u1ee5ng phantom inspire series l\u00e0 ph\u1ee5 ki\u1ec7n ch\u00ednh h\u00e3ng. T\u1ea5m landing pad chuy\u00ean d\u1ee5ng phantom inspire gi\u00fap, h\u1ea1 c\u00e1nh flycam d\u1ec5 d\u00e0ng\",\"breadcrumb\":{\"@id\":\"https:\/\/phukienflytech.vn\/en\/san-pham\/tam-landing-pad-chuyen-dung-phantom-inspire-series-pgytech.html#breadcrumb\"},\"inLanguage\":\"en-US\",\"potentialAction\":[{\"@type\":\"ReadAction\",\"target\":[\"https:\/\/phukienflytech.vn\/en\/san-pham\/tam-landing-pad-chuyen-dung-phantom-inspire-series-pgytech.html\"]}]},{\"@type\":\"ImageObject\",\"inLanguage\":\"en-US\",\"@id\":\"https:\/\/phukienflytech.vn\/en\/san-pham\/tam-landing-pad-chuyen-dung-phantom-inspire-series-pgytech.html#primaryimage\",\"url\":\"https:\/\/phukienflytech.vn\/wp-content\/uploads\/2020\/05\/300x300_pgy-tech-landing-pad-large-big004-phu-kien-flycam-dji-mavic-spark-phantom-3-4-pro-advanced-inspire-zoom12_-_Copy21_-_Copy.jpg\",\"contentUrl\":\"https:\/\/phukienflytech.vn\/wp-content\/uploads\/2020\/05\/300x300_pgy-tech-landing-pad-large-big004-phu-kien-flycam-dji-mavic-spark-phantom-3-4-pro-advanced-inspire-zoom12_-_Copy21_-_Copy.jpg\",\"width\":300,\"height\":300},{\"@type\":\"BreadcrumbList\",\"@id\":\"https:\/\/phukienflytech.vn\/en\/san-pham\/tam-landing-pad-chuyen-dung-phantom-inspire-series-pgytech.html#breadcrumb\",\"itemListElement\":[{\"@type\":\"ListItem\",\"position\":1,\"name\":\"Home\",\"item\":\"https:\/\/phukienflytech.vn\/en\"},{\"@type\":\"ListItem\",\"position\":2,\"name\":\"Ph\u1ee5 ki\u1ec7n Mavic Pro\",\"item\":\"https:\/\/phukienflytech.vn\/en\/phu-kien-mavic-pro.html\"},{\"@type\":\"ListItem\",\"position\":3,\"name\":\"DJI Osmo &amp; Drone's accessories\",\"item\":\"https:\/\/phukienflytech.vn\/en\/danh-muc\/dji-osmo-drones-accessories.html\"},{\"@type\":\"ListItem\",\"position\":4,\"name\":\"Ph\u1ee5 ki\u1ec7n DJI Inspire\",\"item\":\"https:\/\/phukienflytech.vn\/en\/danh-muc\/inspire-accessory.html\"},{\"@type\":\"ListItem\",\"position\":5,\"name\":\"T\u1ea5m landing pad chuy\u00ean d\u1ee5ng Phantom Inspire series \u2013 PGYTECH\"}]},{\"@type\":\"WebSite\",\"@id\":\"https:\/\/phukienflytech.vn\/#website\",\"url\":\"https:\/\/phukienflytech.vn\/\",\"name\":\"Shop M\u00e1y \u1ea3nh - Action Camera - Gimbal - Flycam - Ph\u1ee5 ki\u1ec7n\",\"description\":\"Shop M\u00e1y \u1ea3nh - Action Camera - Gimbal - Flycam - Ph\u1ee5 ki\u1ec7n\",\"publisher\":{\"@id\":\"https:\/\/phukienflytech.vn\/#organization\"},\"potentialAction\":[{\"@type\":\"SearchAction\",\"target\":{\"@type\":\"EntryPoint\",\"urlTemplate\":\"https:\/\/phukienflytech.vn\/?s={search_term_string}\"},\"query-input\":{\"@type\":\"PropertyValueSpecification\",\"valueRequired\":true,\"valueName\":\"search_term_string\"}}],\"inLanguage\":\"en-US\"},{\"@type\":\"Organization\",\"@id\":\"https:\/\/phukienflytech.vn\/#organization\",\"name\":\"DJI Store - Shop Drone, Action camera, Gimbal DJI |Phukienflytech\",\"alternateName\":\"DJI Store - Shop Drone, Action camera, Gimbal DJI |Phukienflytech\",\"url\":\"https:\/\/phukienflytech.vn\/\",\"logo\":{\"@type\":\"ImageObject\",\"inLanguage\":\"en-US\",\"@id\":\"https:\/\/phukienflytech.vn\/#\/schema\/logo\/image\/\",\"url\":\"https:\/\/phukienflytech.vn\/wp-content\/uploads\/2020\/05\/hAnh_nan.jpg1_.jpg\",\"contentUrl\":\"https:\/\/phukienflytech.vn\/wp-content\/uploads\/2020\/05\/hAnh_nan.jpg1_.jpg\",\"width\":800,\"height\":450,\"caption\":\"DJI Store - Shop Drone, Action camera, Gimbal DJI |Phukienflytech\"},\"image\":{\"@id\":\"https:\/\/phukienflytech.vn\/#\/schema\/logo\/image\/\"},\"sameAs\":[\"https:\/\/facebook.com\/phukienflycam\",\"https:\/\/www.youtube.com\/@phukienflytech\",\"https:\/\/www.tiktok.com\/@flytech.channel?fbclid=IwY2xjawGjg7BleHRuA2FlbQIxMAABHYVGmlXpuSMs0UB2zTpYvyT4GMVfN2qJa4urF4vkSQ6FAVBwXZtDP30qQA_aem_UwMiDcUvlEbd2tXAmsc8Og\"]}]}<\/script>\n<!-- \/ Yoast SEO plugin. -->","yoast_head_json":{"title":"T\u1ea5m landing pad chuy\u00ean d\u1ee5ng phantom inspire series - ship cod to\u00e0n qu\u1ed1c","description":"T\u1ea5m landing pad chuy\u00ean d\u1ee5ng phantom inspire series l\u00e0 ph\u1ee5 ki\u1ec7n ch\u00ednh h\u00e3ng. T\u1ea5m landing pad chuy\u00ean d\u1ee5ng phantom inspire gi\u00fap, h\u1ea1 c\u00e1nh flycam d\u1ec5 d\u00e0ng","robots":{"index":"index","follow":"follow","max-snippet":"max-snippet:-1","max-image-preview":"max-image-preview:large","max-video-preview":"max-video-preview:-1"},"canonical":"https:\/\/phukienflytech.vn\/en\/san-pham\/tam-landing-pad-chuyen-dung-phantom-inspire-series-pgytech.html","og_locale":"en_US","og_type":"article","og_title":"T\u1ea5m landing pad chuy\u00ean d\u1ee5ng phantom inspire series - ship cod to\u00e0n qu\u1ed1c","og_description":"T\u1ea5m landing pad chuy\u00ean d\u1ee5ng phantom inspire series l\u00e0 ph\u1ee5 ki\u1ec7n ch\u00ednh h\u00e3ng. T\u1ea5m landing pad chuy\u00ean d\u1ee5ng phantom inspire gi\u00fap, h\u1ea1 c\u00e1nh flycam d\u1ec5 d\u00e0ng","og_url":"https:\/\/phukienflytech.vn\/en\/san-pham\/tam-landing-pad-chuyen-dung-phantom-inspire-series-pgytech.html","og_site_name":"Shop M\u00e1y \u1ea3nh - Action Camera - Gimbal - Flycam - Ph\u1ee5 ki\u1ec7n","article_publisher":"https:\/\/facebook.com\/phukienflycam","article_modified_time":"2021-03-21T02:53:07+00:00","og_image":[{"width":300,"height":300,"url":"https:\/\/phukienflytech.vn\/wp-content\/uploads\/2020\/05\/300x300_pgy-tech-landing-pad-large-big004-phu-kien-flycam-dji-mavic-spark-phantom-3-4-pro-advanced-inspire-zoom12_-_Copy21_-_Copy.jpg","type":"image\/jpeg"}],"twitter_card":"summary_large_image","twitter_misc":{"Est. reading time":"2 minutes"},"schema":{"@context":"https:\/\/schema.org","@graph":[{"@type":"WebPage","@id":"https:\/\/phukienflytech.vn\/en\/san-pham\/tam-landing-pad-chuyen-dung-phantom-inspire-series-pgytech.html","url":"https:\/\/phukienflytech.vn\/en\/san-pham\/tam-landing-pad-chuyen-dung-phantom-inspire-series-pgytech.html","name":"T\u1ea5m landing pad chuy\u00ean d\u1ee5ng phantom inspire series - ship cod to\u00e0n qu\u1ed1c","isPartOf":{"@id":"https:\/\/phukienflytech.vn\/#website"},"primaryImageOfPage":{"@id":"https:\/\/phukienflytech.vn\/en\/san-pham\/tam-landing-pad-chuyen-dung-phantom-inspire-series-pgytech.html#primaryimage"},"image":{"@id":"https:\/\/phukienflytech.vn\/en\/san-pham\/tam-landing-pad-chuyen-dung-phantom-inspire-series-pgytech.html#primaryimage"},"thumbnailUrl":"https:\/\/phukienflytech.vn\/wp-content\/uploads\/2020\/05\/300x300_pgy-tech-landing-pad-large-big004-phu-kien-flycam-dji-mavic-spark-phantom-3-4-pro-advanced-inspire-zoom12_-_Copy21_-_Copy.jpg","datePublished":"2020-06-20T13:35:55+00:00","dateModified":"2021-03-21T02:53:07+00:00","description":"T\u1ea5m landing pad chuy\u00ean d\u1ee5ng phantom inspire series l\u00e0 ph\u1ee5 ki\u1ec7n ch\u00ednh h\u00e3ng. T\u1ea5m landing pad chuy\u00ean d\u1ee5ng phantom inspire gi\u00fap, h\u1ea1 c\u00e1nh flycam d\u1ec5 d\u00e0ng","breadcrumb":{"@id":"https:\/\/phukienflytech.vn\/en\/san-pham\/tam-landing-pad-chuyen-dung-phantom-inspire-series-pgytech.html#breadcrumb"},"inLanguage":"en-US","potentialAction":[{"@type":"ReadAction","target":["https:\/\/phukienflytech.vn\/en\/san-pham\/tam-landing-pad-chuyen-dung-phantom-inspire-series-pgytech.html"]}]},{"@type":"ImageObject","inLanguage":"en-US","@id":"https:\/\/phukienflytech.vn\/en\/san-pham\/tam-landing-pad-chuyen-dung-phantom-inspire-series-pgytech.html#primaryimage","url":"https:\/\/phukienflytech.vn\/wp-content\/uploads\/2020\/05\/300x300_pgy-tech-landing-pad-large-big004-phu-kien-flycam-dji-mavic-spark-phantom-3-4-pro-advanced-inspire-zoom12_-_Copy21_-_Copy.jpg","contentUrl":"https:\/\/phukienflytech.vn\/wp-content\/uploads\/2020\/05\/300x300_pgy-tech-landing-pad-large-big004-phu-kien-flycam-dji-mavic-spark-phantom-3-4-pro-advanced-inspire-zoom12_-_Copy21_-_Copy.jpg","width":300,"height":300},{"@type":"BreadcrumbList","@id":"https:\/\/phukienflytech.vn\/en\/san-pham\/tam-landing-pad-chuyen-dung-phantom-inspire-series-pgytech.html#breadcrumb","itemListElement":[{"@type":"ListItem","position":1,"name":"Home","item":"https:\/\/phukienflytech.vn\/en"},{"@type":"ListItem","position":2,"name":"Ph\u1ee5 ki\u1ec7n Mavic Pro","item":"https:\/\/phukienflytech.vn\/en\/phu-kien-mavic-pro.html"},{"@type":"ListItem","position":3,"name":"DJI Osmo &amp; Drone's accessories","item":"https:\/\/phukienflytech.vn\/en\/danh-muc\/dji-osmo-drones-accessories.html"},{"@type":"ListItem","position":4,"name":"Ph\u1ee5 ki\u1ec7n DJI Inspire","item":"https:\/\/phukienflytech.vn\/en\/danh-muc\/inspire-accessory.html"},{"@type":"ListItem","position":5,"name":"T\u1ea5m landing pad chuy\u00ean d\u1ee5ng Phantom Inspire series \u2013 PGYTECH"}]},{"@type":"WebSite","@id":"https:\/\/phukienflytech.vn\/#website","url":"https:\/\/phukienflytech.vn\/","name":"Shop M\u00e1y \u1ea3nh - Action Camera - Gimbal - Flycam - Ph\u1ee5 ki\u1ec7n","description":"Shop M\u00e1y \u1ea3nh - Action Camera - Gimbal - Flycam - Ph\u1ee5 ki\u1ec7n","publisher":{"@id":"https:\/\/phukienflytech.vn\/#organization"},"potentialAction":[{"@type":"SearchAction","target":{"@type":"EntryPoint","urlTemplate":"https:\/\/phukienflytech.vn\/?s={search_term_string}"},"query-input":{"@type":"PropertyValueSpecification","valueRequired":true,"valueName":"search_term_string"}}],"inLanguage":"en-US"},{"@type":"Organization","@id":"https:\/\/phukienflytech.vn\/#organization","name":"DJI Store - Shop Drone, Action camera, Gimbal DJI |Phukienflytech","alternateName":"DJI Store - Shop Drone, Action camera, Gimbal DJI |Phukienflytech","url":"https:\/\/phukienflytech.vn\/","logo":{"@type":"ImageObject","inLanguage":"en-US","@id":"https:\/\/phukienflytech.vn\/#\/schema\/logo\/image\/","url":"https:\/\/phukienflytech.vn\/wp-content\/uploads\/2020\/05\/hAnh_nan.jpg1_.jpg","contentUrl":"https:\/\/phukienflytech.vn\/wp-content\/uploads\/2020\/05\/hAnh_nan.jpg1_.jpg","width":800,"height":450,"caption":"DJI Store - Shop Drone, Action camera, Gimbal DJI |Phukienflytech"},"image":{"@id":"https:\/\/phukienflytech.vn\/#\/schema\/logo\/image\/"},"sameAs":["https:\/\/facebook.com\/phukienflycam","https:\/\/www.youtube.com\/@phukienflytech","https:\/\/www.tiktok.com\/@flytech.channel?fbclid=IwY2xjawGjg7BleHRuA2FlbQIxMAABHYVGmlXpuSMs0UB2zTpYvyT4GMVfN2qJa4urF4vkSQ6FAVBwXZtDP30qQA_aem_UwMiDcUvlEbd2tXAmsc8Og"]}]}},"_links":{"self":[{"href":"https:\/\/phukienflytech.vn\/en\/wp-json\/wp\/v2\/product\/2393","targetHints":{"allow":["GET"]}}],"collection":[{"href":"https:\/\/phukienflytech.vn\/en\/wp-json\/wp\/v2\/product"}],"about":[{"href":"https:\/\/phukienflytech.vn\/en\/wp-json\/wp\/v2\/types\/product"}],"replies":[{"embeddable":true,"href":"https:\/\/phukienflytech.vn\/en\/wp-json\/wp\/v2\/comments?post=2393"}],"wp:featuredmedia":[{"embeddable":true,"href":"https:\/\/phukienflytech.vn\/en\/wp-json\/wp\/v2\/media\/7106"}],"wp:attachment":[{"href":"https:\/\/phukienflytech.vn\/en\/wp-json\/wp\/v2\/media?parent=2393"}],"wp:term":[{"taxonomy":"product_brand","embeddable":true,"href":"https:\/\/phukienflytech.vn\/en\/wp-json\/wp\/v2\/product_brand?post=2393"},{"taxonomy":"product_cat","embeddable":true,"href":"https:\/\/phukienflytech.vn\/en\/wp-json\/wp\/v2\/product_cat?post=2393"},{"taxonomy":"product_tag","embeddable":true,"href":"https:\/\/phukienflytech.vn\/en\/wp-json\/wp\/v2\/product_tag?post=2393"}],"curies":[{"name":"wp","href":"https:\/\/api.w.org\/{rel}","templated":true}]}}