{"id":2629,"date":"2020-06-18T09:54:40","date_gmt":"2020-06-18T02:54:40","guid":{"rendered":"http:\/\/27430.lamdx.vinawebsite.vn\/san-pham\/chan-don-spark.html"},"modified":"2020-10-12T15:55:04","modified_gmt":"2020-10-12T08:55:04","slug":"extension-landing-geari-spark","status":"publish","type":"product","link":"https:\/\/phukienflytech.vn\/en\/san-pham\/extension-landing-geari-spark.html","title":{"rendered":"Extension landing gear kit for DJI Spark"},"content":{"rendered":"<h2><span style=\"color: #0000ff;\"><em><strong><span style=\"font-size: 18px;\">Extension landing gear kit for DJI Spark<\/span><\/strong><\/em><\/span><\/h2>\n<p><span style=\"font-size: 18px;\">Extension landing gear Spark<\/span><\/p>\n<p><span style=\"font-size: 18px;\">DJI Spark qu\u1ea3 l\u00e0 m\u1ed9t chi\u1ebfc drone selfie v\u1edbi c\u00e1c t\u00ednh n\u0103ng v\u00f4 c\u00f9ng th\u00f4ng minh, ch\u1ee5p h\u00ecnh s\u1eafc n\u00e9t v\u00e0 r\u1ea5t ti\u1ec7n l\u1ee3i, ch\u00fang ta c\u00f3 th\u1ec3 c\u1ea5t c\u00e1nh v\u00e0 h\u1ea1 c\u00e1nh<strong>\u00a0DJI Spark<\/strong>\u00a0ngay tr\u00ean tay c\u1ee7a m\u00ecnh m\u00e0 kh\u00f4ng c\u1ea7n ph\u1ea3i \u0111\u1eb7t tr\u00ean c\u00e1c b\u1ec1 m\u1eb7t ph\u1eb3ng kh\u00e1c<\/span><\/p>\n<p>&nbsp;<\/p>\n<p><span style=\"font-size: 18px;\"><img loading=\"lazy\" decoding=\"async\" class=\"alignnone size-full wp-image-11525\" src=\"https:\/\/phukienflytech.vn\/wp-content\/uploads\/2020\/05\/chan-don-spark-2622-3.jpg\" alt=\"\" width=\"400\" height=\"225\" \/><\/span><\/p>\n<p>&nbsp;<\/p>\n<p><span style=\"font-size: 18px;\">\u00a0Tuy nhi\u00ean, tr\u1ecdng m\u1ed9t s\u1ed1 tr\u01b0\u1eddng h\u1ee3p nh\u1ea5t \u0111\u1ecbnh. Ch\u00fang ta kh\u00f4ng th\u1ec3 ho\u1eb7c kh\u00f4ng mu\u1ed1n c\u1ea5t c\u00e1nh. H\u1ea1 c\u00e1nh Spark tr\u00ean l\u00f2ng b\u00e0n tay m\u00e0 mu\u1ed1n ch\u00fang h\u1ea1 tr\u00ean m\u1ed9t b\u1ec1 m\u1eb7t b\u1ea5t k\u1ef3. Th\u00ec l\u1ea1i g\u1eb7p m\u1ed9t tr\u1edf ng\u1ea1i l\u00e0 Spark g\u1ea7n nh\u01b0 kh\u00f4ng c\u00f3 ch\u00e2n. D\u1eabn t\u1edbi t\u00ecnh tr\u1ea1ng b\u1ee5ng drone n\u01a1i ch\u1ee9a c\u00e1c m\u1eaft c\u1ea3m bi\u1ebfn. S\u1ebd ti\u1ebfp x\u00fac s\u00e1t v\u1edbi b\u1ec1 m\u1eb7t c\u1ee9ng, g\u1ed3 gh\u1ec1\u2026 d\u1ec5 g\u00e2y h\u01b0 h\u1ea1i ho\u1eb7c x\u01b0\u1edbc.<\/span><\/p>\n<p>&nbsp;<\/p>\n<p><span style=\"font-size: 18px;\"><img loading=\"lazy\" decoding=\"async\" class=\"alignnone wp-image-11527 size-thumbnail\" src=\"https:\/\/phukienflytech.vn\/wp-content\/uploads\/2020\/05\/chan-don-spark-2622-1-1-280x280.jpg\" alt=\"Extension-landing-gearI-Spark-1\" width=\"280\" height=\"280\" srcset=\"https:\/\/phukienflytech.vn\/wp-content\/uploads\/2020\/05\/chan-don-spark-2622-1-1-280x280.jpg 280w, https:\/\/phukienflytech.vn\/wp-content\/uploads\/2020\/05\/chan-don-spark-2622-1-1-300x300.jpg 300w, https:\/\/phukienflytech.vn\/wp-content\/uploads\/2020\/05\/chan-don-spark-2622-1-1-100x100.jpg 100w, https:\/\/phukienflytech.vn\/wp-content\/uploads\/2020\/05\/chan-don-spark-2622-1-1.jpg 355w\" sizes=\"auto, (max-width: 280px) 100vw, 280px\" \/><\/span><\/p>\n<p>&nbsp;<\/p>\n<p><span style=\"font-size: 18px;\">Do v\u1eady sunnylife \u0111\u00e3 thi\u1ebft k\u1ebf m\u1eabu ch\u00e2n \u0111\u00f4n t\u1edbi 3cm. D\u00e0nh cho Spark \u0111\u1ec3 h\u1ed7 tr\u1ee3 trong c\u00e1c tr\u01b0\u1eddng h\u1ee3p nh\u01b0 tr\u00ean.<\/span><\/p>\n<p><span style=\"font-size: 18px;\">M\u00e0u s\u1eafc : \u0111\u1ecf &#8211; \u0111en<\/span><\/p>\n<p>&nbsp;<\/p>\n<p><span style=\"font-size: 18px;\"><img loading=\"lazy\" decoding=\"async\" class=\"alignnone wp-image-11529 size-thumbnail\" src=\"https:\/\/phukienflytech.vn\/wp-content\/uploads\/2020\/05\/chan-don-spark-2622-2-1-280x280.jpg\" alt=\"Extension-landing-gearI-Spark\" width=\"280\" height=\"280\" srcset=\"https:\/\/phukienflytech.vn\/wp-content\/uploads\/2020\/05\/chan-don-spark-2622-2-1-280x280.jpg 280w, https:\/\/phukienflytech.vn\/wp-content\/uploads\/2020\/05\/chan-don-spark-2622-2-1-300x300.jpg 300w, https:\/\/phukienflytech.vn\/wp-content\/uploads\/2020\/05\/chan-don-spark-2622-2-1-100x100.jpg 100w\" sizes=\"auto, (max-width: 280px) 100vw, 280px\" \/><\/span><\/p>\n<p>&nbsp;<\/p>\n<p><span style=\"font-size: 18px;\">H\u00e3y \u0111\u1ec3\u00a0<a href=\"https:\/\/facebook.com\/phukienflycam\/\">Ph\u1ee5 Ki\u1ec7n Fly-cam Gi\u00e1 T\u1ed1t<\/a>\u00a0ti\u1ebfp s\u1ee9c \u0111am m\u00ea, c\u00f4ng vi\u1ec7c c\u1ee7a b\u1ea1n, gi\u00fap b\u1ea1n th\u00eam ni\u1ec1m h\u1ee9ng kh\u1edfi trong \u0111am m\u00ea c\u0169ng nh\u01b0 c\u00f4ng vi\u1ec7c c\u1ee7a m\u00ecnh th\u00eam su\u00f4n s\u1ebb<\/span><\/p>\n<p><span style=\"font-size: 18px;\">Nh\u00e0 s\u1ea3n xu\u1ea5t: Sunnylife<\/span><\/p>\n<p><span style=\"font-size: 18px;\">&gt;&gt; Contact us on: <a href=\"https:\/\/www.facebook.com\/phukienflycam\"><strong>Facebook<\/strong><\/a><\/span><\/p>\n<p><span style=\"font-size: 18px;\"><strong>&gt;&gt; <\/strong>Learn More : <a href=\"https:\/\/phukienflytech.vn\/danh-muc\/phu-kien-dji-spark.html\"><strong>DJI Spark Accessories<\/strong><\/a><\/span><\/p>\n","protected":false},"excerpt":{"rendered":"<p>Extension landing gear kit for DJI Spark Extension landing gear Spark DJI Spark qu\u1ea3 l\u00e0 m\u1ed9t chi\u1ebfc drone selfie v\u1edbi c\u00e1c t\u00ednh n\u0103ng v\u00f4 c\u00f9ng th\u00f4ng minh, ch\u1ee5p h\u00ecnh s\u1eafc n\u00e9t v\u00e0 r\u1ea5t ti\u1ec7n l\u1ee3i, ch\u00fang ta c\u00f3 th\u1ec3 c\u1ea5t c\u00e1nh v\u00e0 h\u1ea1 c\u00e1nh\u00a0DJI Spark\u00a0ngay tr\u00ean tay c\u1ee7a m\u00ecnh m\u00e0 kh\u00f4ng c\u1ea7n ph\u1ea3i \u0111\u1eb7t tr\u00ean &#8230;<\/p>\n","protected":false},"featured_media":7423,"comment_status":"open","ping_status":"closed","template":"","meta":{"_acf_changed":false},"product_brand":[],"product_cat":[184],"product_tag":[206,229],"class_list":{"0":"post-2629","1":"product","2":"type-product","3":"status-publish","4":"has-post-thumbnail","6":"product_cat-spark-accessory","7":"product_tag-phu-kien-dji-en","8":"product_tag-phu-kien-spark-en","10":"first","11":"instock","12":"shipping-taxable","13":"purchasable","14":"product-type-simple"},"acf":[],"yoast_head":"<!-- This site is optimized with the Yoast SEO plugin v25.7 - https:\/\/yoast.com\/wordpress\/plugins\/seo\/ -->\n<title>Extension landing gear Spark - Sunnylife - Spark accessory - available.<\/title>\n<meta name=\"description\" content=\"Extension landing gear Spark is one of the most important accessory. Contact us to buy Extension landing gear Spark for best price.\" \/>\n<meta name=\"robots\" content=\"index, follow, max-snippet:-1, max-image-preview:large, max-video-preview:-1\" \/>\n<link rel=\"canonical\" href=\"https:\/\/phukienflytech.vn\/en\/san-pham\/extension-landing-geari-spark.html\" \/>\n<meta property=\"og:locale\" content=\"en_US\" \/>\n<meta property=\"og:type\" content=\"article\" \/>\n<meta property=\"og:title\" content=\"Extension landing gear Spark - Sunnylife - Spark accessory - available.\" \/>\n<meta property=\"og:description\" content=\"Extension landing gear Spark is one of the most important accessory. Contact us to buy Extension landing gear Spark for best price.\" \/>\n<meta property=\"og:url\" content=\"https:\/\/phukienflytech.vn\/en\/san-pham\/extension-landing-geari-spark.html\" \/>\n<meta property=\"og:site_name\" content=\"Shop M\u00e1y \u1ea3nh - Action Camera - Gimbal - Flycam - Ph\u1ee5 ki\u1ec7n\" \/>\n<meta property=\"article:publisher\" content=\"https:\/\/facebook.com\/phukienflycam\" \/>\n<meta property=\"article:modified_time\" content=\"2020-10-12T08:55:04+00:00\" \/>\n<meta property=\"og:image\" content=\"https:\/\/phukienflytech.vn\/wp-content\/uploads\/2020\/05\/300x300_phu-kien-flycam-dji-spark-chAn-Aon-spark-chinh-hang-gia-re232.jpg\" \/>\n\t<meta property=\"og:image:width\" content=\"300\" \/>\n\t<meta property=\"og:image:height\" content=\"300\" \/>\n\t<meta property=\"og:image:type\" content=\"image\/jpeg\" \/>\n<meta name=\"twitter:card\" content=\"summary_large_image\" \/>\n<meta name=\"twitter:label1\" content=\"Est. reading time\" \/>\n\t<meta name=\"twitter:data1\" content=\"2 minutes\" \/>\n<script type=\"application\/ld+json\" class=\"yoast-schema-graph\">{\"@context\":\"https:\/\/schema.org\",\"@graph\":[{\"@type\":\"WebPage\",\"@id\":\"https:\/\/phukienflytech.vn\/en\/san-pham\/extension-landing-geari-spark.html\",\"url\":\"https:\/\/phukienflytech.vn\/en\/san-pham\/extension-landing-geari-spark.html\",\"name\":\"Extension landing gear Spark - Sunnylife - Spark accessory - available.\",\"isPartOf\":{\"@id\":\"https:\/\/phukienflytech.vn\/#website\"},\"primaryImageOfPage\":{\"@id\":\"https:\/\/phukienflytech.vn\/en\/san-pham\/extension-landing-geari-spark.html#primaryimage\"},\"image\":{\"@id\":\"https:\/\/phukienflytech.vn\/en\/san-pham\/extension-landing-geari-spark.html#primaryimage\"},\"thumbnailUrl\":\"https:\/\/phukienflytech.vn\/wp-content\/uploads\/2020\/05\/300x300_phu-kien-flycam-dji-spark-chAn-Aon-spark-chinh-hang-gia-re232.jpg\",\"datePublished\":\"2020-06-18T02:54:40+00:00\",\"dateModified\":\"2020-10-12T08:55:04+00:00\",\"description\":\"Extension landing gear Spark is one of the most important accessory. Contact us to buy Extension landing gear Spark for best price.\",\"breadcrumb\":{\"@id\":\"https:\/\/phukienflytech.vn\/en\/san-pham\/extension-landing-geari-spark.html#breadcrumb\"},\"inLanguage\":\"en-US\",\"potentialAction\":[{\"@type\":\"ReadAction\",\"target\":[\"https:\/\/phukienflytech.vn\/en\/san-pham\/extension-landing-geari-spark.html\"]}]},{\"@type\":\"ImageObject\",\"inLanguage\":\"en-US\",\"@id\":\"https:\/\/phukienflytech.vn\/en\/san-pham\/extension-landing-geari-spark.html#primaryimage\",\"url\":\"https:\/\/phukienflytech.vn\/wp-content\/uploads\/2020\/05\/300x300_phu-kien-flycam-dji-spark-chAn-Aon-spark-chinh-hang-gia-re232.jpg\",\"contentUrl\":\"https:\/\/phukienflytech.vn\/wp-content\/uploads\/2020\/05\/300x300_phu-kien-flycam-dji-spark-chAn-Aon-spark-chinh-hang-gia-re232.jpg\",\"width\":300,\"height\":300},{\"@type\":\"BreadcrumbList\",\"@id\":\"https:\/\/phukienflytech.vn\/en\/san-pham\/extension-landing-geari-spark.html#breadcrumb\",\"itemListElement\":[{\"@type\":\"ListItem\",\"position\":1,\"name\":\"Home\",\"item\":\"https:\/\/phukienflytech.vn\/en\"},{\"@type\":\"ListItem\",\"position\":2,\"name\":\"Ph\u1ee5 ki\u1ec7n Mavic Pro\",\"item\":\"https:\/\/phukienflytech.vn\/en\/phu-kien-mavic-pro.html\"},{\"@type\":\"ListItem\",\"position\":3,\"name\":\"DJI Osmo &amp; Drone's accessories\",\"item\":\"https:\/\/phukienflytech.vn\/en\/danh-muc\/dji-osmo-drones-accessories.html\"},{\"@type\":\"ListItem\",\"position\":4,\"name\":\"Ph\u1ee5 ki\u1ec7n DJI Spark\",\"item\":\"https:\/\/phukienflytech.vn\/en\/danh-muc\/spark-accessory.html\"},{\"@type\":\"ListItem\",\"position\":5,\"name\":\"Extension landing gear kit for DJI Spark\"}]},{\"@type\":\"WebSite\",\"@id\":\"https:\/\/phukienflytech.vn\/#website\",\"url\":\"https:\/\/phukienflytech.vn\/\",\"name\":\"Shop M\u00e1y \u1ea3nh - Action Camera - Gimbal - Flycam - Ph\u1ee5 ki\u1ec7n\",\"description\":\"Shop M\u00e1y \u1ea3nh - Action Camera - Gimbal - Flycam - Ph\u1ee5 ki\u1ec7n\",\"publisher\":{\"@id\":\"https:\/\/phukienflytech.vn\/#organization\"},\"potentialAction\":[{\"@type\":\"SearchAction\",\"target\":{\"@type\":\"EntryPoint\",\"urlTemplate\":\"https:\/\/phukienflytech.vn\/?s={search_term_string}\"},\"query-input\":{\"@type\":\"PropertyValueSpecification\",\"valueRequired\":true,\"valueName\":\"search_term_string\"}}],\"inLanguage\":\"en-US\"},{\"@type\":\"Organization\",\"@id\":\"https:\/\/phukienflytech.vn\/#organization\",\"name\":\"DJI Store - Shop Drone, Action camera, Gimbal DJI |Phukienflytech\",\"alternateName\":\"DJI Store - Shop Drone, Action camera, Gimbal DJI |Phukienflytech\",\"url\":\"https:\/\/phukienflytech.vn\/\",\"logo\":{\"@type\":\"ImageObject\",\"inLanguage\":\"en-US\",\"@id\":\"https:\/\/phukienflytech.vn\/#\/schema\/logo\/image\/\",\"url\":\"https:\/\/phukienflytech.vn\/wp-content\/uploads\/2020\/05\/hAnh_nan.jpg1_.jpg\",\"contentUrl\":\"https:\/\/phukienflytech.vn\/wp-content\/uploads\/2020\/05\/hAnh_nan.jpg1_.jpg\",\"width\":800,\"height\":450,\"caption\":\"DJI Store - Shop Drone, Action camera, Gimbal DJI |Phukienflytech\"},\"image\":{\"@id\":\"https:\/\/phukienflytech.vn\/#\/schema\/logo\/image\/\"},\"sameAs\":[\"https:\/\/facebook.com\/phukienflycam\",\"https:\/\/www.youtube.com\/@phukienflytech\",\"https:\/\/www.tiktok.com\/@flytech.channel?fbclid=IwY2xjawGjg7BleHRuA2FlbQIxMAABHYVGmlXpuSMs0UB2zTpYvyT4GMVfN2qJa4urF4vkSQ6FAVBwXZtDP30qQA_aem_UwMiDcUvlEbd2tXAmsc8Og\"]}]}<\/script>\n<!-- \/ Yoast SEO plugin. -->","yoast_head_json":{"title":"Extension landing gear Spark - Sunnylife - Spark accessory - available.","description":"Extension landing gear Spark is one of the most important accessory. Contact us to buy Extension landing gear Spark for best price.","robots":{"index":"index","follow":"follow","max-snippet":"max-snippet:-1","max-image-preview":"max-image-preview:large","max-video-preview":"max-video-preview:-1"},"canonical":"https:\/\/phukienflytech.vn\/en\/san-pham\/extension-landing-geari-spark.html","og_locale":"en_US","og_type":"article","og_title":"Extension landing gear Spark - Sunnylife - Spark accessory - available.","og_description":"Extension landing gear Spark is one of the most important accessory. Contact us to buy Extension landing gear Spark for best price.","og_url":"https:\/\/phukienflytech.vn\/en\/san-pham\/extension-landing-geari-spark.html","og_site_name":"Shop M\u00e1y \u1ea3nh - Action Camera - Gimbal - Flycam - Ph\u1ee5 ki\u1ec7n","article_publisher":"https:\/\/facebook.com\/phukienflycam","article_modified_time":"2020-10-12T08:55:04+00:00","og_image":[{"width":300,"height":300,"url":"https:\/\/phukienflytech.vn\/wp-content\/uploads\/2020\/05\/300x300_phu-kien-flycam-dji-spark-chAn-Aon-spark-chinh-hang-gia-re232.jpg","type":"image\/jpeg"}],"twitter_card":"summary_large_image","twitter_misc":{"Est. reading time":"2 minutes"},"schema":{"@context":"https:\/\/schema.org","@graph":[{"@type":"WebPage","@id":"https:\/\/phukienflytech.vn\/en\/san-pham\/extension-landing-geari-spark.html","url":"https:\/\/phukienflytech.vn\/en\/san-pham\/extension-landing-geari-spark.html","name":"Extension landing gear Spark - Sunnylife - Spark accessory - available.","isPartOf":{"@id":"https:\/\/phukienflytech.vn\/#website"},"primaryImageOfPage":{"@id":"https:\/\/phukienflytech.vn\/en\/san-pham\/extension-landing-geari-spark.html#primaryimage"},"image":{"@id":"https:\/\/phukienflytech.vn\/en\/san-pham\/extension-landing-geari-spark.html#primaryimage"},"thumbnailUrl":"https:\/\/phukienflytech.vn\/wp-content\/uploads\/2020\/05\/300x300_phu-kien-flycam-dji-spark-chAn-Aon-spark-chinh-hang-gia-re232.jpg","datePublished":"2020-06-18T02:54:40+00:00","dateModified":"2020-10-12T08:55:04+00:00","description":"Extension landing gear Spark is one of the most important accessory. Contact us to buy Extension landing gear Spark for best price.","breadcrumb":{"@id":"https:\/\/phukienflytech.vn\/en\/san-pham\/extension-landing-geari-spark.html#breadcrumb"},"inLanguage":"en-US","potentialAction":[{"@type":"ReadAction","target":["https:\/\/phukienflytech.vn\/en\/san-pham\/extension-landing-geari-spark.html"]}]},{"@type":"ImageObject","inLanguage":"en-US","@id":"https:\/\/phukienflytech.vn\/en\/san-pham\/extension-landing-geari-spark.html#primaryimage","url":"https:\/\/phukienflytech.vn\/wp-content\/uploads\/2020\/05\/300x300_phu-kien-flycam-dji-spark-chAn-Aon-spark-chinh-hang-gia-re232.jpg","contentUrl":"https:\/\/phukienflytech.vn\/wp-content\/uploads\/2020\/05\/300x300_phu-kien-flycam-dji-spark-chAn-Aon-spark-chinh-hang-gia-re232.jpg","width":300,"height":300},{"@type":"BreadcrumbList","@id":"https:\/\/phukienflytech.vn\/en\/san-pham\/extension-landing-geari-spark.html#breadcrumb","itemListElement":[{"@type":"ListItem","position":1,"name":"Home","item":"https:\/\/phukienflytech.vn\/en"},{"@type":"ListItem","position":2,"name":"Ph\u1ee5 ki\u1ec7n Mavic Pro","item":"https:\/\/phukienflytech.vn\/en\/phu-kien-mavic-pro.html"},{"@type":"ListItem","position":3,"name":"DJI Osmo &amp; Drone's accessories","item":"https:\/\/phukienflytech.vn\/en\/danh-muc\/dji-osmo-drones-accessories.html"},{"@type":"ListItem","position":4,"name":"Ph\u1ee5 ki\u1ec7n DJI Spark","item":"https:\/\/phukienflytech.vn\/en\/danh-muc\/spark-accessory.html"},{"@type":"ListItem","position":5,"name":"Extension landing gear kit for DJI Spark"}]},{"@type":"WebSite","@id":"https:\/\/phukienflytech.vn\/#website","url":"https:\/\/phukienflytech.vn\/","name":"Shop M\u00e1y \u1ea3nh - Action Camera - Gimbal - Flycam - Ph\u1ee5 ki\u1ec7n","description":"Shop M\u00e1y \u1ea3nh - Action Camera - Gimbal - Flycam - Ph\u1ee5 ki\u1ec7n","publisher":{"@id":"https:\/\/phukienflytech.vn\/#organization"},"potentialAction":[{"@type":"SearchAction","target":{"@type":"EntryPoint","urlTemplate":"https:\/\/phukienflytech.vn\/?s={search_term_string}"},"query-input":{"@type":"PropertyValueSpecification","valueRequired":true,"valueName":"search_term_string"}}],"inLanguage":"en-US"},{"@type":"Organization","@id":"https:\/\/phukienflytech.vn\/#organization","name":"DJI Store - Shop Drone, Action camera, Gimbal DJI |Phukienflytech","alternateName":"DJI Store - Shop Drone, Action camera, Gimbal DJI |Phukienflytech","url":"https:\/\/phukienflytech.vn\/","logo":{"@type":"ImageObject","inLanguage":"en-US","@id":"https:\/\/phukienflytech.vn\/#\/schema\/logo\/image\/","url":"https:\/\/phukienflytech.vn\/wp-content\/uploads\/2020\/05\/hAnh_nan.jpg1_.jpg","contentUrl":"https:\/\/phukienflytech.vn\/wp-content\/uploads\/2020\/05\/hAnh_nan.jpg1_.jpg","width":800,"height":450,"caption":"DJI Store - Shop Drone, Action camera, Gimbal DJI |Phukienflytech"},"image":{"@id":"https:\/\/phukienflytech.vn\/#\/schema\/logo\/image\/"},"sameAs":["https:\/\/facebook.com\/phukienflycam","https:\/\/www.youtube.com\/@phukienflytech","https:\/\/www.tiktok.com\/@flytech.channel?fbclid=IwY2xjawGjg7BleHRuA2FlbQIxMAABHYVGmlXpuSMs0UB2zTpYvyT4GMVfN2qJa4urF4vkSQ6FAVBwXZtDP30qQA_aem_UwMiDcUvlEbd2tXAmsc8Og"]}]}},"_links":{"self":[{"href":"https:\/\/phukienflytech.vn\/en\/wp-json\/wp\/v2\/product\/2629","targetHints":{"allow":["GET"]}}],"collection":[{"href":"https:\/\/phukienflytech.vn\/en\/wp-json\/wp\/v2\/product"}],"about":[{"href":"https:\/\/phukienflytech.vn\/en\/wp-json\/wp\/v2\/types\/product"}],"replies":[{"embeddable":true,"href":"https:\/\/phukienflytech.vn\/en\/wp-json\/wp\/v2\/comments?post=2629"}],"wp:featuredmedia":[{"embeddable":true,"href":"https:\/\/phukienflytech.vn\/en\/wp-json\/wp\/v2\/media\/7423"}],"wp:attachment":[{"href":"https:\/\/phukienflytech.vn\/en\/wp-json\/wp\/v2\/media?parent=2629"}],"wp:term":[{"taxonomy":"product_brand","embeddable":true,"href":"https:\/\/phukienflytech.vn\/en\/wp-json\/wp\/v2\/product_brand?post=2629"},{"taxonomy":"product_cat","embeddable":true,"href":"https:\/\/phukienflytech.vn\/en\/wp-json\/wp\/v2\/product_cat?post=2629"},{"taxonomy":"product_tag","embeddable":true,"href":"https:\/\/phukienflytech.vn\/en\/wp-json\/wp\/v2\/product_tag?post=2629"}],"curies":[{"name":"wp","href":"https:\/\/api.w.org\/{rel}","templated":true}]}}