{"id":2701,"date":"2020-06-17T15:18:34","date_gmt":"2020-06-17T08:18:34","guid":{"rendered":"http:\/\/27430.lamdx.vinawebsite.vn\/san-pham\/vali-cung-bong-dji-spark.html"},"modified":"2020-10-12T16:04:22","modified_gmt":"2020-10-12T09:04:22","slug":"original-hard-case-for-dji-spark","status":"publish","type":"product","link":"https:\/\/phukienflytech.vn\/en\/san-pham\/original-hard-case-for-dji-spark.html","title":{"rendered":"Original hard case for DJI Spark"},"content":{"rendered":"<h2><span style=\"color: #0000ff;\"><em><strong><span style=\"font-size: 21px;\">Original hard case for DJI Spark<\/span><\/strong><\/em><\/span><\/h2>\n<p><span style=\"font-size: 18px;\">Original hard case for DJI Spark<\/span><\/p>\n<p>&nbsp;<\/p>\n<p><span style=\"font-size: 18px;\"><img loading=\"lazy\" decoding=\"async\" class=\"alignnone wp-image-11479 size-full\" src=\"https:\/\/phukienflytech.vn\/wp-content\/uploads\/2020\/05\/vali-cung-bong-dji-spark-2692-4.jpg\" alt=\"Original-hard-case-for-DJI-Spark-1\" width=\"398\" height=\"302\" \/><\/span><\/p>\n<p>&nbsp;<\/p>\n<p><span style=\"font-size: 18px;\">\u0110\u01b0\u1ee3c xem l\u00e0 lo\u1ea1i vali c\u00f3 kh\u1ea3 n\u0103ng ch\u1ecbu\u00a0 ngo\u1ea1i l\u1ef1c r\u1ea5t cao m\u00e0 kh\u00f4ng l\u00e0m \u1ea3nh h\u01b0\u1edfng t\u1edbi nh\u1eefng \u0111\u1ed3 b\u00ean trong, th\u01b0\u1eddng \u0111\u01b0\u1ee3c s\u1eed d\u1ee5ng \u0111\u1ec3 \u0111\u1ef1ng v\u00e0 b\u1ea3o v\u1ec7 c\u00e1c thi\u1ebft b\u1ecb \u0111i\u1ec7n t\u1eed, \u0111\u1ed3 d\u00f9ng \u0111\u1eaft ti\u1ec1n. Do v\u1eady, kh\u00f4ng ng\u1ea1c nhi\u00ean khi\u00a0<strong>DJI Spark<\/strong>\u00a0c\u0169ng \u0111\u01b0\u1ee3c h\u00e3ng DJI thi\u1ebft k\u1ebf v\u00e0 s\u1ea3n xu\u1ea5t m\u1eabu vali c\u1ee9ng b\u00f3ng<\/span><\/p>\n<p>&nbsp;<\/p>\n<p><span style=\"font-size: 18px;\"><img loading=\"lazy\" decoding=\"async\" class=\"alignnone wp-image-11481 size-medium\" src=\"https:\/\/phukienflytech.vn\/wp-content\/uploads\/2020\/05\/vali-cung-bong-dji-spark-2692-1-1-400x400.jpg\" alt=\"Original-hard-case-for-DJI-Spark\" width=\"400\" height=\"400\" srcset=\"https:\/\/phukienflytech.vn\/wp-content\/uploads\/2020\/05\/vali-cung-bong-dji-spark-2692-1-1-400x400.jpg 400w, https:\/\/phukienflytech.vn\/wp-content\/uploads\/2020\/05\/vali-cung-bong-dji-spark-2692-1-1-280x280.jpg 280w, https:\/\/phukienflytech.vn\/wp-content\/uploads\/2020\/05\/vali-cung-bong-dji-spark-2692-1-1-768x768.jpg 768w, https:\/\/phukienflytech.vn\/wp-content\/uploads\/2020\/05\/vali-cung-bong-dji-spark-2692-1-1-800x800.jpg 800w, https:\/\/phukienflytech.vn\/wp-content\/uploads\/2020\/05\/vali-cung-bong-dji-spark-2692-1-1-300x300.jpg 300w, https:\/\/phukienflytech.vn\/wp-content\/uploads\/2020\/05\/vali-cung-bong-dji-spark-2692-1-1-600x600.jpg 600w, https:\/\/phukienflytech.vn\/wp-content\/uploads\/2020\/05\/vali-cung-bong-dji-spark-2692-1-1-100x100.jpg 100w, https:\/\/phukienflytech.vn\/wp-content\/uploads\/2020\/05\/vali-cung-bong-dji-spark-2692-1-1.jpg 1000w\" sizes=\"auto, (max-width: 400px) 100vw, 400px\" \/><\/span><\/p>\n<p>&nbsp;<\/p>\n<p><span style=\"font-size: 18px;\">Kh\u00f4ng ch\u1ec9 hi\u1ec7u qu\u1ea3 \u1edf kh\u1ea3 n\u0103ng ch\u1ed1ng s\u1ed1c, va \u0111\u1eadp , chi\u1ebfc\u00a0<strong>Vali c\u1ee9ng b\u00f3ng \u2013 DJI Spark<\/strong>\u00a0n\u00e0y c\u00f2n ch\u1ed1ng n\u01b0\u1edbc r\u1ea5t t\u1ed1t khi \u1edf \u0111\u1ed9 s\u00e2u kh\u00f4ng qu\u00e1 5m v\u00e0 trong th\u1eddi gian 30 ph\u00fat.<\/span><\/p>\n<h2><span style=\"font-size: 21px;\"><strong><span style=\"color: #0000ff;\">Chi ti\u1ebft c\u1ee7a s\u1ea3n ph\u1ea9m :<\/span><\/strong><\/span><\/h2>\n<p><span style=\"font-size: 18px;\">Thi\u1ebft k\u1ebf th\u1eddi trang, nh\u1ef1a phun l\u1edbp s\u01a1n si\u00eau b\u00f3ng v\u1edbi nh\u1eefng \u0111\u01b0\u1eddng vi\u1ec1n n\u1ed5i t\u1ea1o l\u00ean s\u1ef1 kh\u1ecfe kho\u1eafn v\u00e0 th\u1eddi th\u01b0\u1ee3ng.<\/span><\/p>\n<p><span style=\"font-size: 18px;\">K\u00edch th\u01b0\u1edbc vali d\u00e0nh cho\u00a0<strong>DJI Spark l<\/strong>u\u00f4n l\u00e0 \u0111i\u1ec3m c\u1ed9ng c\u1ed9ng cho d\u00f2ng s\u1ea3n ph\u1ea9m n\u00e0y, n\u00f3 c\u00f2n nh\u1ecf h\u01a1n m\u1ed9t t\u1edd gi\u1ea5y kh\u1ed5 A4<\/span><\/p>\n<p><span style=\"font-size: 18px;\">&#8211; B\u00ean ngo\u00e0i: Ch\u1ea5t li\u1ec7u nh\u1ef1a si\u00eau c\u1ee9ng, c\u00f3 quai \u0111eo ch\u00e9o vai t\u1ea1o c\u1ea3m gi\u00e1c tho\u1ea3i m\u00e1i khi \u0111eo l\u00ean, ki\u1ec3u d\u00e1ng g\u1ecdn nh\u1eb9 m\u1ecfng, k\u00edch th\u01b0\u1edbc th\u1eadm ch\u1ec9 c\u00f2n b\u00e9 h\u01a1n kh\u1ed5 gi\u1ea5y A4<\/span><\/p>\n<p><span style=\"font-size: 18px;\">\u00ad- B\u00ean trong: l\u00e0 khu\u00f4n x\u1ed1p r\u1ea5t c\u1ee9ng, \u0111\u01b0\u1ee3c ti\u1ec7n r\u1ea5t t\u1ec9 m\u1ec9 theo h\u00ecnh d\u00e1ng t\u1eebng chi ti\u1ebft, ph\u1ee5 ki\u1ec7n\u00a0 ch\u00ednh x\u00e1c, \u0111\u1ef1ng \u0111\u01b0\u1ee3c full combo v\u00e0 c\u00e1c m\u00e1y t\u00ednh b\u1ea3ng, lens.. k\u00e8m th\u00eam<\/span><\/p>\n<p><span style=\"font-size: 18px;\">Th\u1eadt l\u00e0 ti\u1ebfc cho nh\u1eefng ai s\u1eed d\u1ee5ng DJI Spark m\u00e0 l\u1ea1i thi\u1ebfu chi\u1ebfc balo \u0111a n\u0103ng n\u00e0y.<\/span><\/p>\n<p><span style=\"font-size: 18px;\">&#8211; S\u1eed d\u1ee5ng balo l\u00e0 ph\u1ee5 ki\u1ec7n b\u1ea3o v\u1ec7 chi\u1ebfc flycam c\u1ee7a b\u1ea1n kh\u1ecfi c\u00e1c t\u00e1c \u0111\u1ed9ng b\u00ean ngo\u00e0i, \u0111em l\u1ea1i s\u1ef1 thu\u1eadn ti\u1ec7n trong qu\u00e1 tr\u00ecnh di chuy\u1ec3n&#8230;<\/span><\/p>\n<p><span style=\"font-size: 18px;\">H\u00e3y \u0111\u1ec3\u00a0<a href=\"https:\/\/facebook.com\/phukienflycam\/\" target=\"_blank\" rel=\"noopener noreferrer\">Ph\u1ee5 Ki\u1ec7n Fly-cam Gi\u00e1 T\u1ed1t<\/a>\u00a0ti\u1ebfp s\u1ee9c \u0111am m\u00ea, c\u00f4ng vi\u1ec7c c\u1ee7a b\u1ea1n, gi\u00fap b\u1ea1n th\u00eam ni\u1ec1m h\u1ee9ng kh\u1edfi trong \u0111am m\u00ea c\u0169ng nh\u01b0 c\u00f4ng vi\u1ec7c c\u1ee7a m\u00ecnh th\u00eam su\u00f4n s\u1ebb<\/span><\/p>\n<p><span style=\"font-size: 18px;\">Nh\u00e0 s\u1ea3n xu\u1ea5t : DJI\u2019s factory<\/span><\/p>\n<p><span style=\"font-size: 18px;\">&gt;&gt; Contact us on: <a href=\"https:\/\/www.facebook.com\/phukienflycam\"><strong>Facebook<\/strong><\/a><\/span><\/p>\n<p><span style=\"font-size: 18px;\"><strong>&gt;&gt; <\/strong>Learn More : <a href=\"https:\/\/phukienflytech.vn\/danh-muc\/phu-kien-dji-spark.html\"><strong>DJI Spark Accessories<\/strong><\/a><\/span><\/p>\n","protected":false},"excerpt":{"rendered":"<p>Original hard case for DJI Spark Original hard case for DJI Spark &nbsp; &nbsp; \u0110\u01b0\u1ee3c xem l\u00e0 lo\u1ea1i vali c\u00f3 kh\u1ea3 n\u0103ng ch\u1ecbu\u00a0 ngo\u1ea1i l\u1ef1c r\u1ea5t cao m\u00e0 kh\u00f4ng l\u00e0m \u1ea3nh h\u01b0\u1edfng t\u1edbi nh\u1eefng \u0111\u1ed3 b\u00ean trong, th\u01b0\u1eddng \u0111\u01b0\u1ee3c s\u1eed d\u1ee5ng \u0111\u1ec3 \u0111\u1ef1ng v\u00e0 b\u1ea3o v\u1ec7 c\u00e1c thi\u1ebft b\u1ecb \u0111i\u1ec7n t\u1eed, \u0111\u1ed3 d\u00f9ng \u0111\u1eaft ti\u1ec1n. &#8230;<\/p>\n","protected":false},"featured_media":7767,"comment_status":"open","ping_status":"closed","template":"","meta":{"_acf_changed":false},"product_brand":[],"product_cat":[184],"product_tag":[206,214],"class_list":{"0":"post-2701","1":"product","2":"type-product","3":"status-publish","4":"has-post-thumbnail","6":"product_cat-spark-accessory","7":"product_tag-phu-kien-dji-en","8":"product_tag-phu-kien-dji-spark-en","10":"first","11":"instock","12":"sale","13":"shipping-taxable","14":"purchasable","15":"product-type-simple"},"acf":[],"yoast_head":"<!-- This site is optimized with the Yoast SEO plugin v25.7 - https:\/\/yoast.com\/wordpress\/plugins\/seo\/ -->\n<title>Original hard case for DJI Spark - DJI - Spark accessory - available.<\/title>\n<meta name=\"description\" content=\"Original hard case for DJI Spark is one of the most important accessory. Contact us to buy Original hard case for DJI Spark for best price.\" \/>\n<meta name=\"robots\" content=\"index, follow, max-snippet:-1, max-image-preview:large, max-video-preview:-1\" \/>\n<link rel=\"canonical\" href=\"https:\/\/phukienflytech.vn\/en\/san-pham\/original-hard-case-for-dji-spark.html\" \/>\n<meta property=\"og:locale\" content=\"en_US\" \/>\n<meta property=\"og:type\" content=\"article\" \/>\n<meta property=\"og:title\" content=\"Original hard case for DJI Spark - DJI - Spark accessory - available.\" \/>\n<meta property=\"og:description\" content=\"Original hard case for DJI Spark is one of the most important accessory. Contact us to buy Original hard case for DJI Spark for best price.\" \/>\n<meta property=\"og:url\" content=\"https:\/\/phukienflytech.vn\/en\/san-pham\/original-hard-case-for-dji-spark.html\" \/>\n<meta property=\"og:site_name\" content=\"Shop M\u00e1y \u1ea3nh - Action Camera - Gimbal - Flycam - Ph\u1ee5 ki\u1ec7n\" \/>\n<meta property=\"article:publisher\" content=\"https:\/\/facebook.com\/phukienflycam\" \/>\n<meta property=\"article:modified_time\" content=\"2020-10-12T09:04:22+00:00\" \/>\n<meta property=\"og:image\" content=\"https:\/\/phukienflytech.vn\/wp-content\/uploads\/2020\/05\/300x300_vali-mavic-spark-chong-soc-chong-nuoc-chinh-hang-phu-kien-dji-spark-1_-_Copy-1.jpg\" \/>\n\t<meta property=\"og:image:width\" content=\"298\" \/>\n\t<meta property=\"og:image:height\" content=\"300\" \/>\n\t<meta property=\"og:image:type\" content=\"image\/jpeg\" \/>\n<meta name=\"twitter:card\" content=\"summary_large_image\" \/>\n<meta name=\"twitter:label1\" content=\"Est. reading time\" \/>\n\t<meta name=\"twitter:data1\" content=\"3 minutes\" \/>\n<script type=\"application\/ld+json\" class=\"yoast-schema-graph\">{\"@context\":\"https:\/\/schema.org\",\"@graph\":[{\"@type\":\"WebPage\",\"@id\":\"https:\/\/phukienflytech.vn\/en\/san-pham\/original-hard-case-for-dji-spark.html\",\"url\":\"https:\/\/phukienflytech.vn\/en\/san-pham\/original-hard-case-for-dji-spark.html\",\"name\":\"Original hard case for DJI Spark - DJI - Spark accessory - available.\",\"isPartOf\":{\"@id\":\"https:\/\/phukienflytech.vn\/#website\"},\"primaryImageOfPage\":{\"@id\":\"https:\/\/phukienflytech.vn\/en\/san-pham\/original-hard-case-for-dji-spark.html#primaryimage\"},\"image\":{\"@id\":\"https:\/\/phukienflytech.vn\/en\/san-pham\/original-hard-case-for-dji-spark.html#primaryimage\"},\"thumbnailUrl\":\"https:\/\/phukienflytech.vn\/wp-content\/uploads\/2020\/05\/300x300_vali-mavic-spark-chong-soc-chong-nuoc-chinh-hang-phu-kien-dji-spark-1_-_Copy-1.jpg\",\"datePublished\":\"2020-06-17T08:18:34+00:00\",\"dateModified\":\"2020-10-12T09:04:22+00:00\",\"description\":\"Original hard case for DJI Spark is one of the most important accessory. Contact us to buy Original hard case for DJI Spark for best price.\",\"breadcrumb\":{\"@id\":\"https:\/\/phukienflytech.vn\/en\/san-pham\/original-hard-case-for-dji-spark.html#breadcrumb\"},\"inLanguage\":\"en-US\",\"potentialAction\":[{\"@type\":\"ReadAction\",\"target\":[\"https:\/\/phukienflytech.vn\/en\/san-pham\/original-hard-case-for-dji-spark.html\"]}]},{\"@type\":\"ImageObject\",\"inLanguage\":\"en-US\",\"@id\":\"https:\/\/phukienflytech.vn\/en\/san-pham\/original-hard-case-for-dji-spark.html#primaryimage\",\"url\":\"https:\/\/phukienflytech.vn\/wp-content\/uploads\/2020\/05\/300x300_vali-mavic-spark-chong-soc-chong-nuoc-chinh-hang-phu-kien-dji-spark-1_-_Copy-1.jpg\",\"contentUrl\":\"https:\/\/phukienflytech.vn\/wp-content\/uploads\/2020\/05\/300x300_vali-mavic-spark-chong-soc-chong-nuoc-chinh-hang-phu-kien-dji-spark-1_-_Copy-1.jpg\",\"width\":298,\"height\":300},{\"@type\":\"BreadcrumbList\",\"@id\":\"https:\/\/phukienflytech.vn\/en\/san-pham\/original-hard-case-for-dji-spark.html#breadcrumb\",\"itemListElement\":[{\"@type\":\"ListItem\",\"position\":1,\"name\":\"Home\",\"item\":\"https:\/\/phukienflytech.vn\/en\"},{\"@type\":\"ListItem\",\"position\":2,\"name\":\"Ph\u1ee5 ki\u1ec7n Mavic Pro\",\"item\":\"https:\/\/phukienflytech.vn\/en\/phu-kien-mavic-pro.html\"},{\"@type\":\"ListItem\",\"position\":3,\"name\":\"DJI Osmo &amp; Drone's accessories\",\"item\":\"https:\/\/phukienflytech.vn\/en\/danh-muc\/dji-osmo-drones-accessories.html\"},{\"@type\":\"ListItem\",\"position\":4,\"name\":\"Ph\u1ee5 ki\u1ec7n DJI Spark\",\"item\":\"https:\/\/phukienflytech.vn\/en\/danh-muc\/spark-accessory.html\"},{\"@type\":\"ListItem\",\"position\":5,\"name\":\"Original hard case for DJI Spark\"}]},{\"@type\":\"WebSite\",\"@id\":\"https:\/\/phukienflytech.vn\/#website\",\"url\":\"https:\/\/phukienflytech.vn\/\",\"name\":\"Shop M\u00e1y \u1ea3nh - Action Camera - Gimbal - Flycam - Ph\u1ee5 ki\u1ec7n\",\"description\":\"Shop M\u00e1y \u1ea3nh - Action Camera - Gimbal - Flycam - Ph\u1ee5 ki\u1ec7n\",\"publisher\":{\"@id\":\"https:\/\/phukienflytech.vn\/#organization\"},\"potentialAction\":[{\"@type\":\"SearchAction\",\"target\":{\"@type\":\"EntryPoint\",\"urlTemplate\":\"https:\/\/phukienflytech.vn\/?s={search_term_string}\"},\"query-input\":{\"@type\":\"PropertyValueSpecification\",\"valueRequired\":true,\"valueName\":\"search_term_string\"}}],\"inLanguage\":\"en-US\"},{\"@type\":\"Organization\",\"@id\":\"https:\/\/phukienflytech.vn\/#organization\",\"name\":\"DJI Store - Shop Drone, Action camera, Gimbal DJI |Phukienflytech\",\"alternateName\":\"DJI Store - Shop Drone, Action camera, Gimbal DJI |Phukienflytech\",\"url\":\"https:\/\/phukienflytech.vn\/\",\"logo\":{\"@type\":\"ImageObject\",\"inLanguage\":\"en-US\",\"@id\":\"https:\/\/phukienflytech.vn\/#\/schema\/logo\/image\/\",\"url\":\"https:\/\/phukienflytech.vn\/wp-content\/uploads\/2020\/05\/hAnh_nan.jpg1_.jpg\",\"contentUrl\":\"https:\/\/phukienflytech.vn\/wp-content\/uploads\/2020\/05\/hAnh_nan.jpg1_.jpg\",\"width\":800,\"height\":450,\"caption\":\"DJI Store - Shop Drone, Action camera, Gimbal DJI |Phukienflytech\"},\"image\":{\"@id\":\"https:\/\/phukienflytech.vn\/#\/schema\/logo\/image\/\"},\"sameAs\":[\"https:\/\/facebook.com\/phukienflycam\",\"https:\/\/www.youtube.com\/@phukienflytech\",\"https:\/\/www.tiktok.com\/@flytech.channel?fbclid=IwY2xjawGjg7BleHRuA2FlbQIxMAABHYVGmlXpuSMs0UB2zTpYvyT4GMVfN2qJa4urF4vkSQ6FAVBwXZtDP30qQA_aem_UwMiDcUvlEbd2tXAmsc8Og\"]}]}<\/script>\n<!-- \/ Yoast SEO plugin. -->","yoast_head_json":{"title":"Original hard case for DJI Spark - DJI - Spark accessory - available.","description":"Original hard case for DJI Spark is one of the most important accessory. Contact us to buy Original hard case for DJI Spark for best price.","robots":{"index":"index","follow":"follow","max-snippet":"max-snippet:-1","max-image-preview":"max-image-preview:large","max-video-preview":"max-video-preview:-1"},"canonical":"https:\/\/phukienflytech.vn\/en\/san-pham\/original-hard-case-for-dji-spark.html","og_locale":"en_US","og_type":"article","og_title":"Original hard case for DJI Spark - DJI - Spark accessory - available.","og_description":"Original hard case for DJI Spark is one of the most important accessory. Contact us to buy Original hard case for DJI Spark for best price.","og_url":"https:\/\/phukienflytech.vn\/en\/san-pham\/original-hard-case-for-dji-spark.html","og_site_name":"Shop M\u00e1y \u1ea3nh - Action Camera - Gimbal - Flycam - Ph\u1ee5 ki\u1ec7n","article_publisher":"https:\/\/facebook.com\/phukienflycam","article_modified_time":"2020-10-12T09:04:22+00:00","og_image":[{"width":298,"height":300,"url":"https:\/\/phukienflytech.vn\/wp-content\/uploads\/2020\/05\/300x300_vali-mavic-spark-chong-soc-chong-nuoc-chinh-hang-phu-kien-dji-spark-1_-_Copy-1.jpg","type":"image\/jpeg"}],"twitter_card":"summary_large_image","twitter_misc":{"Est. reading time":"3 minutes"},"schema":{"@context":"https:\/\/schema.org","@graph":[{"@type":"WebPage","@id":"https:\/\/phukienflytech.vn\/en\/san-pham\/original-hard-case-for-dji-spark.html","url":"https:\/\/phukienflytech.vn\/en\/san-pham\/original-hard-case-for-dji-spark.html","name":"Original hard case for DJI Spark - DJI - Spark accessory - available.","isPartOf":{"@id":"https:\/\/phukienflytech.vn\/#website"},"primaryImageOfPage":{"@id":"https:\/\/phukienflytech.vn\/en\/san-pham\/original-hard-case-for-dji-spark.html#primaryimage"},"image":{"@id":"https:\/\/phukienflytech.vn\/en\/san-pham\/original-hard-case-for-dji-spark.html#primaryimage"},"thumbnailUrl":"https:\/\/phukienflytech.vn\/wp-content\/uploads\/2020\/05\/300x300_vali-mavic-spark-chong-soc-chong-nuoc-chinh-hang-phu-kien-dji-spark-1_-_Copy-1.jpg","datePublished":"2020-06-17T08:18:34+00:00","dateModified":"2020-10-12T09:04:22+00:00","description":"Original hard case for DJI Spark is one of the most important accessory. Contact us to buy Original hard case for DJI Spark for best price.","breadcrumb":{"@id":"https:\/\/phukienflytech.vn\/en\/san-pham\/original-hard-case-for-dji-spark.html#breadcrumb"},"inLanguage":"en-US","potentialAction":[{"@type":"ReadAction","target":["https:\/\/phukienflytech.vn\/en\/san-pham\/original-hard-case-for-dji-spark.html"]}]},{"@type":"ImageObject","inLanguage":"en-US","@id":"https:\/\/phukienflytech.vn\/en\/san-pham\/original-hard-case-for-dji-spark.html#primaryimage","url":"https:\/\/phukienflytech.vn\/wp-content\/uploads\/2020\/05\/300x300_vali-mavic-spark-chong-soc-chong-nuoc-chinh-hang-phu-kien-dji-spark-1_-_Copy-1.jpg","contentUrl":"https:\/\/phukienflytech.vn\/wp-content\/uploads\/2020\/05\/300x300_vali-mavic-spark-chong-soc-chong-nuoc-chinh-hang-phu-kien-dji-spark-1_-_Copy-1.jpg","width":298,"height":300},{"@type":"BreadcrumbList","@id":"https:\/\/phukienflytech.vn\/en\/san-pham\/original-hard-case-for-dji-spark.html#breadcrumb","itemListElement":[{"@type":"ListItem","position":1,"name":"Home","item":"https:\/\/phukienflytech.vn\/en"},{"@type":"ListItem","position":2,"name":"Ph\u1ee5 ki\u1ec7n Mavic Pro","item":"https:\/\/phukienflytech.vn\/en\/phu-kien-mavic-pro.html"},{"@type":"ListItem","position":3,"name":"DJI Osmo &amp; Drone's accessories","item":"https:\/\/phukienflytech.vn\/en\/danh-muc\/dji-osmo-drones-accessories.html"},{"@type":"ListItem","position":4,"name":"Ph\u1ee5 ki\u1ec7n DJI Spark","item":"https:\/\/phukienflytech.vn\/en\/danh-muc\/spark-accessory.html"},{"@type":"ListItem","position":5,"name":"Original hard case for DJI Spark"}]},{"@type":"WebSite","@id":"https:\/\/phukienflytech.vn\/#website","url":"https:\/\/phukienflytech.vn\/","name":"Shop M\u00e1y \u1ea3nh - Action Camera - Gimbal - Flycam - Ph\u1ee5 ki\u1ec7n","description":"Shop M\u00e1y \u1ea3nh - Action Camera - Gimbal - Flycam - Ph\u1ee5 ki\u1ec7n","publisher":{"@id":"https:\/\/phukienflytech.vn\/#organization"},"potentialAction":[{"@type":"SearchAction","target":{"@type":"EntryPoint","urlTemplate":"https:\/\/phukienflytech.vn\/?s={search_term_string}"},"query-input":{"@type":"PropertyValueSpecification","valueRequired":true,"valueName":"search_term_string"}}],"inLanguage":"en-US"},{"@type":"Organization","@id":"https:\/\/phukienflytech.vn\/#organization","name":"DJI Store - Shop Drone, Action camera, Gimbal DJI |Phukienflytech","alternateName":"DJI Store - Shop Drone, Action camera, Gimbal DJI |Phukienflytech","url":"https:\/\/phukienflytech.vn\/","logo":{"@type":"ImageObject","inLanguage":"en-US","@id":"https:\/\/phukienflytech.vn\/#\/schema\/logo\/image\/","url":"https:\/\/phukienflytech.vn\/wp-content\/uploads\/2020\/05\/hAnh_nan.jpg1_.jpg","contentUrl":"https:\/\/phukienflytech.vn\/wp-content\/uploads\/2020\/05\/hAnh_nan.jpg1_.jpg","width":800,"height":450,"caption":"DJI Store - Shop Drone, Action camera, Gimbal DJI |Phukienflytech"},"image":{"@id":"https:\/\/phukienflytech.vn\/#\/schema\/logo\/image\/"},"sameAs":["https:\/\/facebook.com\/phukienflycam","https:\/\/www.youtube.com\/@phukienflytech","https:\/\/www.tiktok.com\/@flytech.channel?fbclid=IwY2xjawGjg7BleHRuA2FlbQIxMAABHYVGmlXpuSMs0UB2zTpYvyT4GMVfN2qJa4urF4vkSQ6FAVBwXZtDP30qQA_aem_UwMiDcUvlEbd2tXAmsc8Og"]}]}},"_links":{"self":[{"href":"https:\/\/phukienflytech.vn\/en\/wp-json\/wp\/v2\/product\/2701","targetHints":{"allow":["GET"]}}],"collection":[{"href":"https:\/\/phukienflytech.vn\/en\/wp-json\/wp\/v2\/product"}],"about":[{"href":"https:\/\/phukienflytech.vn\/en\/wp-json\/wp\/v2\/types\/product"}],"replies":[{"embeddable":true,"href":"https:\/\/phukienflytech.vn\/en\/wp-json\/wp\/v2\/comments?post=2701"}],"wp:featuredmedia":[{"embeddable":true,"href":"https:\/\/phukienflytech.vn\/en\/wp-json\/wp\/v2\/media\/7767"}],"wp:attachment":[{"href":"https:\/\/phukienflytech.vn\/en\/wp-json\/wp\/v2\/media?parent=2701"}],"wp:term":[{"taxonomy":"product_brand","embeddable":true,"href":"https:\/\/phukienflytech.vn\/en\/wp-json\/wp\/v2\/product_brand?post=2701"},{"taxonomy":"product_cat","embeddable":true,"href":"https:\/\/phukienflytech.vn\/en\/wp-json\/wp\/v2\/product_cat?post=2701"},{"taxonomy":"product_tag","embeddable":true,"href":"https:\/\/phukienflytech.vn\/en\/wp-json\/wp\/v2\/product_tag?post=2701"}],"curies":[{"name":"wp","href":"https:\/\/api.w.org\/{rel}","templated":true}]}}