{"id":2718,"date":"2020-06-16T15:40:30","date_gmt":"2020-06-16T08:40:30","guid":{"rendered":"http:\/\/27430.lamdx.vinawebsite.vn\/san-pham\/goi-combo-2-dji-spark.html"},"modified":"2020-09-09T10:17:13","modified_gmt":"2020-09-09T03:17:13","slug":"goi-combo-2-dji-spark","status":"publish","type":"product","link":"https:\/\/phukienflytech.vn\/en\/san-pham\/goi-combo-2-dji-spark.html","title":{"rendered":"G\u00f3i combo 2 \u2013 DJI Spark"},"content":{"rendered":"<h2><span style=\"font-size: 21px; color: #0000ff;\"><strong>G\u00f3i combo 2 \u2013 DJI Spark<\/strong><\/span><\/h2>\n<p><span style=\"font-size: 18px;\">G\u00f3i combo 2 Spark<\/span><\/p>\n<p><span style=\"font-size: 18px;\">V\u1edbi nhu c\u1ea7u ng\u00e0y c\u00e0ng cao c\u1ee7a c\u00e1c Pilot s\u1edf h\u1eefu DJI Spark t\u1ea1i Vi\u1ec7t Nam v\u1ec1 c\u00e1c lo\u1ea1i ph\u1ee5 ki\u1ec7n h\u1ed7 tr\u1ee3 cho su\u1ed1t qu\u00e1 tr\u00ecnh s\u1eed d\u1ee5ng cho chuy\u1ebfn bay c\u0169ng nh\u01b0 di chuy\u1ec3n thi\u1ebft b\u1ecb c\u1ee7a m\u00ecnh. Ch\u00fang t\u00f4i h\u1eadn h\u1ea1n gi\u1edbi thi\u1ec7u t\u1edbi c\u00e1c b\u1ea1n g\u00f3i Combo 3 ph\u1ee5 ki\u1ec7n Mavic pro<\/span><\/p>\n<p>&nbsp;<\/p>\n<p><span style=\"font-size: 18px;\"><img loading=\"lazy\" decoding=\"async\" class=\"alignnone size-medium wp-image-11466\" src=\"https:\/\/phukienflytech.vn\/wp-content\/uploads\/2020\/05\/goi-combo-2-dji-spark-2711-5-400x400.jpg\" alt=\"\" width=\"400\" height=\"400\" srcset=\"https:\/\/phukienflytech.vn\/wp-content\/uploads\/2020\/05\/goi-combo-2-dji-spark-2711-5-400x400.jpg 400w, https:\/\/phukienflytech.vn\/wp-content\/uploads\/2020\/05\/goi-combo-2-dji-spark-2711-5-280x280.jpg 280w, https:\/\/phukienflytech.vn\/wp-content\/uploads\/2020\/05\/goi-combo-2-dji-spark-2711-5-768x768.jpg 768w, https:\/\/phukienflytech.vn\/wp-content\/uploads\/2020\/05\/goi-combo-2-dji-spark-2711-5.jpg 800w, https:\/\/phukienflytech.vn\/wp-content\/uploads\/2020\/05\/goi-combo-2-dji-spark-2711-5-300x300.jpg 300w, https:\/\/phukienflytech.vn\/wp-content\/uploads\/2020\/05\/goi-combo-2-dji-spark-2711-5-600x600.jpg 600w, https:\/\/phukienflytech.vn\/wp-content\/uploads\/2020\/05\/goi-combo-2-dji-spark-2711-5-100x100.jpg 100w\" sizes=\"auto, (max-width: 400px) 100vw, 400px\" \/><\/span><\/p>\n<p>&nbsp;<\/p>\n<p><span style=\"font-size: 18px;\">\u0110\u00e2y \u0111\u01b0\u1ee3c xem l\u00e0 g\u00f3i combo ho\u00e0n thi\u1ec7n \u1edf m\u1ee9c 2 cho DJI Spark m\u00e0 nh\u00e0 cung c\u1ea5p\u00a0<em><u>Ph\u1ee5 Ki\u1ec7n Fly-tech Gi\u00e1 T\u1ed1t<\/u><\/em>\u00a0\u0111\u00e3 \u0111\u01b0a ra, g\u00f3i combo \u0111\u00e3 \u0111\u01b0\u1ee3c chi\u1ebft kh\u1ea5u gi\u00e1 m\u1ed9t c\u00e1c t\u1ed1i \u0111a nh\u1ea5t \u0111\u1ec3 \u0111\u1ea3m b\u1ea3o \u0111\u01b0\u1ee3c s\u1ef1 kh\u00e1c bi\u1ec7t v\u1ec1 gi\u00e1 khi l\u1ef1a ch\u1ecdn g\u00f3i combo n\u00e0y.<\/span><\/p>\n<p>&nbsp;<\/p>\n<p><span style=\"font-size: 18px;\"><img loading=\"lazy\" decoding=\"async\" class=\"alignnone size-medium wp-image-11468\" src=\"https:\/\/phukienflytech.vn\/wp-content\/uploads\/2020\/05\/goi-combo-2-dji-spark-2711-1-3-400x400.jpg\" alt=\"\" width=\"400\" height=\"400\" srcset=\"https:\/\/phukienflytech.vn\/wp-content\/uploads\/2020\/05\/goi-combo-2-dji-spark-2711-1-3.jpg 400w, https:\/\/phukienflytech.vn\/wp-content\/uploads\/2020\/05\/goi-combo-2-dji-spark-2711-1-3-280x280.jpg 280w, https:\/\/phukienflytech.vn\/wp-content\/uploads\/2020\/05\/goi-combo-2-dji-spark-2711-1-3-300x300.jpg 300w, https:\/\/phukienflytech.vn\/wp-content\/uploads\/2020\/05\/goi-combo-2-dji-spark-2711-1-3-100x100.jpg 100w\" sizes=\"auto, (max-width: 400px) 100vw, 400px\" \/><\/span><\/p>\n<p>&nbsp;<\/p>\n<p><span style=\"font-size: 18px;\">G\u00f3i combo 2 g\u00f4m 8 ph\u1ee5 ki\u1ec7n (k\u00e8m gi\u00e1 b\u00e1n l\u1ebb) g\u1ed3m :<\/span><\/p>\n<p><span style=\"font-size: 18px;\">&#8211;\u00a0<a href=\"http:\/\/phukienflytech.vn\/san-pham\/kep-giu-ipad-mavic-pro-spark.html\" target=\"_blank\" rel=\"noopener noreferrer\">Tay k\u1eb9p phone\/tablet<\/a>\u00a0:\u00a0<strong>280.000 VN\u0110<\/strong><\/span><\/p>\n<p><span style=\"font-size: 18px;\">&#8211;\u00a0<a href=\"http:\/\/phukienflytech.vn\/san-pham\/bao-ve-canh-chan-don-dji.html\" target=\"_blank\" rel=\"noopener noreferrer\">B\u1ed9 b\u1ea3o v\u1ec7 c\u00e1nh + ch\u00e2n \u0111\u00f4n cho DJI Spark<\/a>\u00a0:\u00a0<strong>260.000 VN\u0110<\/strong><\/span><\/p>\n<p><span style=\"font-size: 18px;\">&#8211;\u00a0<a href=\"http:\/\/phukienflytech.vn\/san-pham\/che-nang-phone-mavic-prospark-type-a.html\" target=\"_blank\" rel=\"noopener noreferrer\">Che n\u1eafng camera Mavic \/ Spark lo\u1ea1i A\u00a0<\/a>:\u00a0<strong>245.000 VN\u0110<\/strong><\/span><\/p>\n<p><span style=\"font-size: 18px;\">&#8211;\u00a0<a href=\"http:\/\/phukienflytech.vn\/san-pham\/nep-co-dinh-canh-spark.html\" target=\"_blank\" rel=\"noopener noreferrer\">N\u1eb9p c\u1ed1 \u0111\u1ecbnh c\u00e1nh<\/a>\u00a0:\u00a0<strong>40.000 VN\u0110<\/strong><\/span><\/p>\n<p><span style=\"font-size: 18px;\">&#8211;\u00a0<a href=\"http:\/\/phukienflytech.vn\/san-pham\/ga-moc-day-deo-mavic-pro-spark.html\" target=\"_blank\" rel=\"noopener noreferrer\">G\u00e1 m\u00f3c + d\u00e2y \u0111eo\u00a0<\/a>\u00a0:\u00a0<strong>85<\/strong><strong>.000 VN\u0110<\/strong><\/span><\/p>\n<p><span style=\"font-size: 18px;\">&#8211;\u00a0<a href=\"http:\/\/phukienflytech.vn\/san-pham\/chup-motor-dji-spark.html\" target=\"_blank\" rel=\"noopener noreferrer\">Ch\u1ee5p motor Spark\u00a0<\/a>:\u00a0<strong>40.000 VN\u0110<\/strong><\/span><\/p>\n<p><span style=\"font-size: 18px;\">&#8211;\u00a0<a href=\"http:\/\/phukienflytech.vn\/san-pham\/hoob-che-nang-camera-dji-spark.html\" target=\"_blank\" rel=\"noopener noreferrer\">Che n\u1eafng camera Spark\u00a0<\/a>:\u00a0<strong>120.000 VN\u0110<\/strong><\/span><\/p>\n<p>&nbsp;<\/p>\n<p><span style=\"font-size: 18px;\"><img loading=\"lazy\" decoding=\"async\" class=\"alignnone size-medium wp-image-11470\" src=\"https:\/\/phukienflytech.vn\/wp-content\/uploads\/2020\/05\/goi-combo-2-dji-spark-2711-2-3.jpg\" alt=\"\" width=\"400\" height=\"227\" \/><\/span><\/p>\n<p>&nbsp;<\/p>\n<p><span style=\"font-size: 18px;\">H\u00e3y \u0111\u1ec3\u00a0<a href=\"https:\/\/facebook.com\/phukienflycam\/\">Ph\u1ee5 Ki\u1ec7n Fly-cam Gi\u00e1 T\u1ed1t<\/a>\u00a0ti\u1ebfp s\u1ee9c \u0111am m\u00ea, c\u00f4ng vi\u1ec7c c\u1ee7a b\u1ea1n, gi\u00fap b\u1ea1n th\u00eam ni\u1ec1m h\u1ee9ng kh\u1edfi trong \u0111am m\u00ea c\u0169ng nh\u01b0 c\u00f4ng vi\u1ec7c c\u1ee7a m\u00ecnh th\u00eam su\u00f4n s\u1ebb<\/span><\/p>\n<p><span style=\"font-size: 18px;\">Nh\u00e0 s\u1ea3n xu\u1ea5t: Sunnylife \u2013 M\u1ed9t trong nh\u1eefng Vendor h\u00e0ng \u0111\u1ea7u cung c\u1ea5p ph\u1ee5 ki\u1ec7n\u00a0 cho DJI flycam<\/span><\/p>\n<p>&nbsp;<\/p>\n<p>&nbsp;<\/p>\n<p>&nbsp;<\/p>\n<p>&nbsp;<\/p>\n","protected":false},"excerpt":{"rendered":"<p>G\u00f3i combo 2 \u2013 DJI Spark G\u00f3i combo 2 Spark V\u1edbi nhu c\u1ea7u ng\u00e0y c\u00e0ng cao c\u1ee7a c\u00e1c Pilot s\u1edf h\u1eefu DJI Spark t\u1ea1i Vi\u1ec7t Nam v\u1ec1 c\u00e1c lo\u1ea1i ph\u1ee5 ki\u1ec7n h\u1ed7 tr\u1ee3 cho su\u1ed1t qu\u00e1 tr\u00ecnh s\u1eed d\u1ee5ng cho chuy\u1ebfn bay c\u0169ng nh\u01b0 di chuy\u1ec3n thi\u1ebft b\u1ecb c\u1ee7a m\u00ecnh. Ch\u00fang t\u00f4i h\u1eadn h\u1ea1n gi\u1edbi &#8230;<\/p>\n","protected":false},"featured_media":16735,"comment_status":"open","ping_status":"closed","template":"","meta":{"_acf_changed":false},"product_brand":[],"product_cat":[184],"product_tag":[206,214],"class_list":{"0":"post-2718","1":"product","2":"type-product","3":"status-publish","4":"has-post-thumbnail","6":"product_cat-spark-accessory","7":"product_tag-phu-kien-dji-en","8":"product_tag-phu-kien-dji-spark-en","10":"first","11":"instock","12":"shipping-taxable","13":"purchasable","14":"product-type-simple"},"acf":[],"yoast_head":"<!-- This site is optimized with the Yoast SEO plugin v25.7 - https:\/\/yoast.com\/wordpress\/plugins\/seo\/ -->\n<title>G\u00f3i combo 2 Spark - ph\u1ee5 ki\u1ec7n DJI Spark ch\u00ednh h\u00e3ng - ship cod to\u00e0n qu\u1ed1c<\/title>\n<meta name=\"description\" content=\"G\u00f3i combo 2 Spark ph\u1ee5 ki\u1ec7n DJI Spark ch\u00ednh h\u00e3ng. G\u00f3i combo 2 Spark gi\u00fap b\u1ea1n c\u00f3 th\u1ec3 ti\u1ebft ki\u1ec7m t\u1ed1i \u0111a c\u00e1c chi ph\u00ed c\u1ea7n b\u1ecf ra m\u00e0 v\u1eabn c\u00f3 nh\u1eefng tr\u1ea3i nghi\u1ec7m th\u00fa v\u1ecb\" \/>\n<meta name=\"robots\" content=\"index, follow, max-snippet:-1, max-image-preview:large, max-video-preview:-1\" \/>\n<link rel=\"canonical\" href=\"https:\/\/phukienflytech.vn\/en\/san-pham\/goi-combo-2-dji-spark.html\" \/>\n<meta property=\"og:locale\" content=\"en_US\" \/>\n<meta property=\"og:type\" content=\"article\" \/>\n<meta property=\"og:title\" content=\"G\u00f3i combo 2 Spark - ph\u1ee5 ki\u1ec7n DJI Spark ch\u00ednh h\u00e3ng - ship cod to\u00e0n qu\u1ed1c\" \/>\n<meta property=\"og:description\" content=\"G\u00f3i combo 2 Spark ph\u1ee5 ki\u1ec7n DJI Spark ch\u00ednh h\u00e3ng. G\u00f3i combo 2 Spark gi\u00fap b\u1ea1n c\u00f3 th\u1ec3 ti\u1ebft ki\u1ec7m t\u1ed1i \u0111a c\u00e1c chi ph\u00ed c\u1ea7n b\u1ecf ra m\u00e0 v\u1eabn c\u00f3 nh\u1eefng tr\u1ea3i nghi\u1ec7m th\u00fa v\u1ecb\" \/>\n<meta property=\"og:url\" content=\"https:\/\/phukienflytech.vn\/en\/san-pham\/goi-combo-2-dji-spark.html\" \/>\n<meta property=\"og:site_name\" content=\"Shop M\u00e1y \u1ea3nh - Action Camera - Gimbal - Flycam - Ph\u1ee5 ki\u1ec7n\" \/>\n<meta property=\"article:publisher\" content=\"https:\/\/facebook.com\/phukienflycam\" \/>\n<meta property=\"article:modified_time\" content=\"2020-09-09T03:17:13+00:00\" \/>\n<meta property=\"og:image\" content=\"https:\/\/phukienflytech.vn\/wp-content\/uploads\/2020\/05\/combo_4_1.jpg\" \/>\n\t<meta property=\"og:image:width\" content=\"242\" \/>\n\t<meta property=\"og:image:height\" content=\"232\" \/>\n\t<meta property=\"og:image:type\" content=\"image\/jpeg\" \/>\n<meta name=\"twitter:card\" content=\"summary_large_image\" \/>\n<meta name=\"twitter:label1\" content=\"Est. reading time\" \/>\n\t<meta name=\"twitter:data1\" content=\"2 minutes\" \/>\n<script type=\"application\/ld+json\" class=\"yoast-schema-graph\">{\"@context\":\"https:\/\/schema.org\",\"@graph\":[{\"@type\":\"WebPage\",\"@id\":\"https:\/\/phukienflytech.vn\/en\/san-pham\/goi-combo-2-dji-spark.html\",\"url\":\"https:\/\/phukienflytech.vn\/en\/san-pham\/goi-combo-2-dji-spark.html\",\"name\":\"G\u00f3i combo 2 Spark - ph\u1ee5 ki\u1ec7n DJI Spark ch\u00ednh h\u00e3ng - ship cod to\u00e0n qu\u1ed1c\",\"isPartOf\":{\"@id\":\"https:\/\/phukienflytech.vn\/#website\"},\"primaryImageOfPage\":{\"@id\":\"https:\/\/phukienflytech.vn\/en\/san-pham\/goi-combo-2-dji-spark.html#primaryimage\"},\"image\":{\"@id\":\"https:\/\/phukienflytech.vn\/en\/san-pham\/goi-combo-2-dji-spark.html#primaryimage\"},\"thumbnailUrl\":\"https:\/\/phukienflytech.vn\/wp-content\/uploads\/2020\/05\/combo_4_1.jpg\",\"datePublished\":\"2020-06-16T08:40:30+00:00\",\"dateModified\":\"2020-09-09T03:17:13+00:00\",\"description\":\"G\u00f3i combo 2 Spark ph\u1ee5 ki\u1ec7n DJI Spark ch\u00ednh h\u00e3ng. G\u00f3i combo 2 Spark gi\u00fap b\u1ea1n c\u00f3 th\u1ec3 ti\u1ebft ki\u1ec7m t\u1ed1i \u0111a c\u00e1c chi ph\u00ed c\u1ea7n b\u1ecf ra m\u00e0 v\u1eabn c\u00f3 nh\u1eefng tr\u1ea3i nghi\u1ec7m th\u00fa v\u1ecb\",\"breadcrumb\":{\"@id\":\"https:\/\/phukienflytech.vn\/en\/san-pham\/goi-combo-2-dji-spark.html#breadcrumb\"},\"inLanguage\":\"en-US\",\"potentialAction\":[{\"@type\":\"ReadAction\",\"target\":[\"https:\/\/phukienflytech.vn\/en\/san-pham\/goi-combo-2-dji-spark.html\"]}]},{\"@type\":\"ImageObject\",\"inLanguage\":\"en-US\",\"@id\":\"https:\/\/phukienflytech.vn\/en\/san-pham\/goi-combo-2-dji-spark.html#primaryimage\",\"url\":\"https:\/\/phukienflytech.vn\/wp-content\/uploads\/2020\/05\/combo_4_1.jpg\",\"contentUrl\":\"https:\/\/phukienflytech.vn\/wp-content\/uploads\/2020\/05\/combo_4_1.jpg\",\"width\":242,\"height\":232},{\"@type\":\"BreadcrumbList\",\"@id\":\"https:\/\/phukienflytech.vn\/en\/san-pham\/goi-combo-2-dji-spark.html#breadcrumb\",\"itemListElement\":[{\"@type\":\"ListItem\",\"position\":1,\"name\":\"Home\",\"item\":\"https:\/\/phukienflytech.vn\/en\"},{\"@type\":\"ListItem\",\"position\":2,\"name\":\"Ph\u1ee5 ki\u1ec7n Mavic Pro\",\"item\":\"https:\/\/phukienflytech.vn\/en\/phu-kien-mavic-pro.html\"},{\"@type\":\"ListItem\",\"position\":3,\"name\":\"DJI Osmo &amp; Drone's accessories\",\"item\":\"https:\/\/phukienflytech.vn\/en\/danh-muc\/dji-osmo-drones-accessories.html\"},{\"@type\":\"ListItem\",\"position\":4,\"name\":\"Ph\u1ee5 ki\u1ec7n DJI Spark\",\"item\":\"https:\/\/phukienflytech.vn\/en\/danh-muc\/spark-accessory.html\"},{\"@type\":\"ListItem\",\"position\":5,\"name\":\"G\u00f3i combo 2 \u2013 DJI Spark\"}]},{\"@type\":\"WebSite\",\"@id\":\"https:\/\/phukienflytech.vn\/#website\",\"url\":\"https:\/\/phukienflytech.vn\/\",\"name\":\"Shop M\u00e1y \u1ea3nh - Action Camera - Gimbal - Flycam - Ph\u1ee5 ki\u1ec7n\",\"description\":\"Shop M\u00e1y \u1ea3nh - Action Camera - Gimbal - Flycam - Ph\u1ee5 ki\u1ec7n\",\"publisher\":{\"@id\":\"https:\/\/phukienflytech.vn\/#organization\"},\"potentialAction\":[{\"@type\":\"SearchAction\",\"target\":{\"@type\":\"EntryPoint\",\"urlTemplate\":\"https:\/\/phukienflytech.vn\/?s={search_term_string}\"},\"query-input\":{\"@type\":\"PropertyValueSpecification\",\"valueRequired\":true,\"valueName\":\"search_term_string\"}}],\"inLanguage\":\"en-US\"},{\"@type\":\"Organization\",\"@id\":\"https:\/\/phukienflytech.vn\/#organization\",\"name\":\"DJI Store - Shop Drone, Action camera, Gimbal DJI |Phukienflytech\",\"alternateName\":\"DJI Store - Shop Drone, Action camera, Gimbal DJI |Phukienflytech\",\"url\":\"https:\/\/phukienflytech.vn\/\",\"logo\":{\"@type\":\"ImageObject\",\"inLanguage\":\"en-US\",\"@id\":\"https:\/\/phukienflytech.vn\/#\/schema\/logo\/image\/\",\"url\":\"https:\/\/phukienflytech.vn\/wp-content\/uploads\/2020\/05\/hAnh_nan.jpg1_.jpg\",\"contentUrl\":\"https:\/\/phukienflytech.vn\/wp-content\/uploads\/2020\/05\/hAnh_nan.jpg1_.jpg\",\"width\":800,\"height\":450,\"caption\":\"DJI Store - Shop Drone, Action camera, Gimbal DJI |Phukienflytech\"},\"image\":{\"@id\":\"https:\/\/phukienflytech.vn\/#\/schema\/logo\/image\/\"},\"sameAs\":[\"https:\/\/facebook.com\/phukienflycam\",\"https:\/\/www.youtube.com\/@phukienflytech\",\"https:\/\/www.tiktok.com\/@flytech.channel?fbclid=IwY2xjawGjg7BleHRuA2FlbQIxMAABHYVGmlXpuSMs0UB2zTpYvyT4GMVfN2qJa4urF4vkSQ6FAVBwXZtDP30qQA_aem_UwMiDcUvlEbd2tXAmsc8Og\"]}]}<\/script>\n<!-- \/ Yoast SEO plugin. -->","yoast_head_json":{"title":"G\u00f3i combo 2 Spark - ph\u1ee5 ki\u1ec7n DJI Spark ch\u00ednh h\u00e3ng - ship cod to\u00e0n qu\u1ed1c","description":"G\u00f3i combo 2 Spark ph\u1ee5 ki\u1ec7n DJI Spark ch\u00ednh h\u00e3ng. G\u00f3i combo 2 Spark gi\u00fap b\u1ea1n c\u00f3 th\u1ec3 ti\u1ebft ki\u1ec7m t\u1ed1i \u0111a c\u00e1c chi ph\u00ed c\u1ea7n b\u1ecf ra m\u00e0 v\u1eabn c\u00f3 nh\u1eefng tr\u1ea3i nghi\u1ec7m th\u00fa v\u1ecb","robots":{"index":"index","follow":"follow","max-snippet":"max-snippet:-1","max-image-preview":"max-image-preview:large","max-video-preview":"max-video-preview:-1"},"canonical":"https:\/\/phukienflytech.vn\/en\/san-pham\/goi-combo-2-dji-spark.html","og_locale":"en_US","og_type":"article","og_title":"G\u00f3i combo 2 Spark - ph\u1ee5 ki\u1ec7n DJI Spark ch\u00ednh h\u00e3ng - ship cod to\u00e0n qu\u1ed1c","og_description":"G\u00f3i combo 2 Spark ph\u1ee5 ki\u1ec7n DJI Spark ch\u00ednh h\u00e3ng. G\u00f3i combo 2 Spark gi\u00fap b\u1ea1n c\u00f3 th\u1ec3 ti\u1ebft ki\u1ec7m t\u1ed1i \u0111a c\u00e1c chi ph\u00ed c\u1ea7n b\u1ecf ra m\u00e0 v\u1eabn c\u00f3 nh\u1eefng tr\u1ea3i nghi\u1ec7m th\u00fa v\u1ecb","og_url":"https:\/\/phukienflytech.vn\/en\/san-pham\/goi-combo-2-dji-spark.html","og_site_name":"Shop M\u00e1y \u1ea3nh - Action Camera - Gimbal - Flycam - Ph\u1ee5 ki\u1ec7n","article_publisher":"https:\/\/facebook.com\/phukienflycam","article_modified_time":"2020-09-09T03:17:13+00:00","og_image":[{"width":242,"height":232,"url":"https:\/\/phukienflytech.vn\/wp-content\/uploads\/2020\/05\/combo_4_1.jpg","type":"image\/jpeg"}],"twitter_card":"summary_large_image","twitter_misc":{"Est. reading time":"2 minutes"},"schema":{"@context":"https:\/\/schema.org","@graph":[{"@type":"WebPage","@id":"https:\/\/phukienflytech.vn\/en\/san-pham\/goi-combo-2-dji-spark.html","url":"https:\/\/phukienflytech.vn\/en\/san-pham\/goi-combo-2-dji-spark.html","name":"G\u00f3i combo 2 Spark - ph\u1ee5 ki\u1ec7n DJI Spark ch\u00ednh h\u00e3ng - ship cod to\u00e0n qu\u1ed1c","isPartOf":{"@id":"https:\/\/phukienflytech.vn\/#website"},"primaryImageOfPage":{"@id":"https:\/\/phukienflytech.vn\/en\/san-pham\/goi-combo-2-dji-spark.html#primaryimage"},"image":{"@id":"https:\/\/phukienflytech.vn\/en\/san-pham\/goi-combo-2-dji-spark.html#primaryimage"},"thumbnailUrl":"https:\/\/phukienflytech.vn\/wp-content\/uploads\/2020\/05\/combo_4_1.jpg","datePublished":"2020-06-16T08:40:30+00:00","dateModified":"2020-09-09T03:17:13+00:00","description":"G\u00f3i combo 2 Spark ph\u1ee5 ki\u1ec7n DJI Spark ch\u00ednh h\u00e3ng. G\u00f3i combo 2 Spark gi\u00fap b\u1ea1n c\u00f3 th\u1ec3 ti\u1ebft ki\u1ec7m t\u1ed1i \u0111a c\u00e1c chi ph\u00ed c\u1ea7n b\u1ecf ra m\u00e0 v\u1eabn c\u00f3 nh\u1eefng tr\u1ea3i nghi\u1ec7m th\u00fa v\u1ecb","breadcrumb":{"@id":"https:\/\/phukienflytech.vn\/en\/san-pham\/goi-combo-2-dji-spark.html#breadcrumb"},"inLanguage":"en-US","potentialAction":[{"@type":"ReadAction","target":["https:\/\/phukienflytech.vn\/en\/san-pham\/goi-combo-2-dji-spark.html"]}]},{"@type":"ImageObject","inLanguage":"en-US","@id":"https:\/\/phukienflytech.vn\/en\/san-pham\/goi-combo-2-dji-spark.html#primaryimage","url":"https:\/\/phukienflytech.vn\/wp-content\/uploads\/2020\/05\/combo_4_1.jpg","contentUrl":"https:\/\/phukienflytech.vn\/wp-content\/uploads\/2020\/05\/combo_4_1.jpg","width":242,"height":232},{"@type":"BreadcrumbList","@id":"https:\/\/phukienflytech.vn\/en\/san-pham\/goi-combo-2-dji-spark.html#breadcrumb","itemListElement":[{"@type":"ListItem","position":1,"name":"Home","item":"https:\/\/phukienflytech.vn\/en"},{"@type":"ListItem","position":2,"name":"Ph\u1ee5 ki\u1ec7n Mavic Pro","item":"https:\/\/phukienflytech.vn\/en\/phu-kien-mavic-pro.html"},{"@type":"ListItem","position":3,"name":"DJI Osmo &amp; Drone's accessories","item":"https:\/\/phukienflytech.vn\/en\/danh-muc\/dji-osmo-drones-accessories.html"},{"@type":"ListItem","position":4,"name":"Ph\u1ee5 ki\u1ec7n DJI Spark","item":"https:\/\/phukienflytech.vn\/en\/danh-muc\/spark-accessory.html"},{"@type":"ListItem","position":5,"name":"G\u00f3i combo 2 \u2013 DJI Spark"}]},{"@type":"WebSite","@id":"https:\/\/phukienflytech.vn\/#website","url":"https:\/\/phukienflytech.vn\/","name":"Shop M\u00e1y \u1ea3nh - Action Camera - Gimbal - Flycam - Ph\u1ee5 ki\u1ec7n","description":"Shop M\u00e1y \u1ea3nh - Action Camera - Gimbal - Flycam - Ph\u1ee5 ki\u1ec7n","publisher":{"@id":"https:\/\/phukienflytech.vn\/#organization"},"potentialAction":[{"@type":"SearchAction","target":{"@type":"EntryPoint","urlTemplate":"https:\/\/phukienflytech.vn\/?s={search_term_string}"},"query-input":{"@type":"PropertyValueSpecification","valueRequired":true,"valueName":"search_term_string"}}],"inLanguage":"en-US"},{"@type":"Organization","@id":"https:\/\/phukienflytech.vn\/#organization","name":"DJI Store - Shop Drone, Action camera, Gimbal DJI |Phukienflytech","alternateName":"DJI Store - Shop Drone, Action camera, Gimbal DJI |Phukienflytech","url":"https:\/\/phukienflytech.vn\/","logo":{"@type":"ImageObject","inLanguage":"en-US","@id":"https:\/\/phukienflytech.vn\/#\/schema\/logo\/image\/","url":"https:\/\/phukienflytech.vn\/wp-content\/uploads\/2020\/05\/hAnh_nan.jpg1_.jpg","contentUrl":"https:\/\/phukienflytech.vn\/wp-content\/uploads\/2020\/05\/hAnh_nan.jpg1_.jpg","width":800,"height":450,"caption":"DJI Store - Shop Drone, Action camera, Gimbal DJI |Phukienflytech"},"image":{"@id":"https:\/\/phukienflytech.vn\/#\/schema\/logo\/image\/"},"sameAs":["https:\/\/facebook.com\/phukienflycam","https:\/\/www.youtube.com\/@phukienflytech","https:\/\/www.tiktok.com\/@flytech.channel?fbclid=IwY2xjawGjg7BleHRuA2FlbQIxMAABHYVGmlXpuSMs0UB2zTpYvyT4GMVfN2qJa4urF4vkSQ6FAVBwXZtDP30qQA_aem_UwMiDcUvlEbd2tXAmsc8Og"]}]}},"_links":{"self":[{"href":"https:\/\/phukienflytech.vn\/en\/wp-json\/wp\/v2\/product\/2718","targetHints":{"allow":["GET"]}}],"collection":[{"href":"https:\/\/phukienflytech.vn\/en\/wp-json\/wp\/v2\/product"}],"about":[{"href":"https:\/\/phukienflytech.vn\/en\/wp-json\/wp\/v2\/types\/product"}],"replies":[{"embeddable":true,"href":"https:\/\/phukienflytech.vn\/en\/wp-json\/wp\/v2\/comments?post=2718"}],"wp:featuredmedia":[{"embeddable":true,"href":"https:\/\/phukienflytech.vn\/en\/wp-json\/wp\/v2\/media\/16735"}],"wp:attachment":[{"href":"https:\/\/phukienflytech.vn\/en\/wp-json\/wp\/v2\/media?parent=2718"}],"wp:term":[{"taxonomy":"product_brand","embeddable":true,"href":"https:\/\/phukienflytech.vn\/en\/wp-json\/wp\/v2\/product_brand?post=2718"},{"taxonomy":"product_cat","embeddable":true,"href":"https:\/\/phukienflytech.vn\/en\/wp-json\/wp\/v2\/product_cat?post=2718"},{"taxonomy":"product_tag","embeddable":true,"href":"https:\/\/phukienflytech.vn\/en\/wp-json\/wp\/v2\/product_tag?post=2718"}],"curies":[{"name":"wp","href":"https:\/\/api.w.org\/{rel}","templated":true}]}}