{"id":2726,"date":"2020-06-16T15:46:05","date_gmt":"2020-06-16T08:46:05","guid":{"rendered":"http:\/\/27430.lamdx.vinawebsite.vn\/san-pham\/goi-combo-1-dji-spark.html"},"modified":"2020-09-09T10:16:39","modified_gmt":"2020-09-09T03:16:39","slug":"goi-combo-1-dji-spark","status":"publish","type":"product","link":"https:\/\/phukienflytech.vn\/en\/san-pham\/goi-combo-1-dji-spark.html","title":{"rendered":"G\u00f3i combo 1 \u2013 DJI Spark"},"content":{"rendered":"<h2><span style=\"font-size: 21px; color: #0000ff;\"><strong>G\u00f3i combo 1 \u2013 DJI Spark<\/strong><\/span><\/h2>\n<p><span style=\"font-size: 18px;\">V\u1edbi nhu c\u1ea7u ng\u00e0y c\u00e0ng cao c\u1ee7a c\u00e1c Pilot s\u1edf h\u1eefu DJI Spark t\u1ea1i Vi\u1ec7t Nam v\u1ec1 c\u00e1c lo\u1ea1i ph\u1ee5 ki\u1ec7n h\u1ed7 tr\u1ee3 cho su\u1ed1t qu\u00e1 tr\u00ecnh s\u1eed d\u1ee5ng cho chuy\u1ebfn bay c\u0169ng nh\u01b0 di chuy\u1ec3n thi\u1ebft b\u1ecb c\u1ee7a m\u00ecnh. Ch\u00fang t\u00f4i h\u1eadn h\u1ea1n gi\u1edbi thi\u1ec7u t\u1edbi c\u00e1c b\u1ea1n g\u00f3i Combo 1 ph\u1ee5 ki\u1ec7n DJI Spark<\/span><\/p>\n<p>&nbsp;<\/p>\n<p><span style=\"font-size: 18px;\"><img loading=\"lazy\" decoding=\"async\" class=\"alignnone wp-image-11447\" src=\"https:\/\/phukienflytech.vn\/wp-content\/uploads\/2020\/05\/goi-combo-1-dji-spark-2719-3.jpg\" alt=\"\" width=\"553\" height=\"314\" \/><\/span><\/p>\n<p>&nbsp;<\/p>\n<p><span style=\"font-size: 18px;\">\u0110\u00e2y \u0111\u01b0\u1ee3c xem l\u00e0 g\u00f3i combo s\u01a1 c\u1ea5p\u00a0 cho DJI Spark m\u00e0 nh\u00e0 cung c\u1ea5p\u00a0<em><u>Ph\u1ee5 Ki\u1ec7n Fly-tech Gi\u00e1 T\u1ed1t<\/u><\/em>\u00a0\u0111\u00e3 \u0111\u01b0a ra, g\u00f3i combo \u0111\u00e3 \u0111\u01b0\u1ee3c chi\u1ebft kh\u1ea5u gi\u00e1 m\u1ed9t c\u00e1c t\u1ed1i \u0111a nh\u1ea5t \u0111\u1ec3 \u0111\u1ea3m b\u1ea3o \u0111\u01b0\u1ee3c s\u1ef1 kh\u00e1c bi\u1ec7t v\u1ec1 gi\u00e1 khi l\u1ef1a ch\u1ecdn g\u00f3i combo n\u00e0y.<\/span><\/p>\n<p>&nbsp;<\/p>\n<p><span style=\"font-size: 18px;\"><img loading=\"lazy\" decoding=\"async\" class=\"alignnone size-medium wp-image-11449\" src=\"https:\/\/phukienflytech.vn\/wp-content\/uploads\/2020\/05\/goi-combo-1-dji-spark-2719-1-1-400x400.jpg\" alt=\"\" width=\"400\" height=\"400\" srcset=\"https:\/\/phukienflytech.vn\/wp-content\/uploads\/2020\/05\/goi-combo-1-dji-spark-2719-1-1.jpg 400w, https:\/\/phukienflytech.vn\/wp-content\/uploads\/2020\/05\/goi-combo-1-dji-spark-2719-1-1-280x280.jpg 280w, https:\/\/phukienflytech.vn\/wp-content\/uploads\/2020\/05\/goi-combo-1-dji-spark-2719-1-1-300x300.jpg 300w, https:\/\/phukienflytech.vn\/wp-content\/uploads\/2020\/05\/goi-combo-1-dji-spark-2719-1-1-100x100.jpg 100w\" sizes=\"auto, (max-width: 400px) 100vw, 400px\" \/><\/span><\/p>\n<p>&nbsp;<\/p>\n<p><span style=\"font-size: 18px;\">G\u00f3i ph\u1ee5 ki\u1ec7n l\u00ean t\u1edbi 6 m\u00f3n \u0111\u1ed3 (k\u00e8m gi\u00e1 b\u00e1n l\u1ebb)g\u1ed3m:<\/span><\/p>\n<p><span style=\"font-size: 18px;\">&#8211; B\u1ed9 b\u1ea3o v\u1ec7 c\u00e1nh + ch\u00e2n \u0111\u00f4n cho DJI Spark :\u00a0<strong>260.000 VN\u0110<\/strong><\/span><\/p>\n<p><span style=\"font-size: 18px;\">&#8211; Che n\u1eafng camera Mavic \/ Spark lo\u1ea1i A :\u00a0<strong>245.000 VN\u0110<\/strong><\/span><\/p>\n<p><span style=\"font-size: 18px;\">&#8211; Ch\u1ea3o khu\u1ebfch s\u00f3ng :\u00a0<strong>130.000 VN\u0110<\/strong><\/span><\/p>\n<p><span style=\"font-size: 18px;\">&#8211; N\u1eb9p c\u1ed1 \u0111\u1ecbnh c\u00e1nh :\u00a0<strong>40.000 VN\u0110<\/strong><\/span><\/p>\n<p><span style=\"font-size: 18px;\">&#8211; G\u00e1 m\u00f3c d\u00e2y :\u00a0<strong>40.000 VN\u0110<\/strong><\/span><\/p>\n<p><span style=\"font-size: 18px;\">&#8211; D\u00e2y \u0111eo DJI b\u00e9 :\u00a0<strong>40.000 VN\u0110<\/strong><\/span><\/p>\n<p>&nbsp;<\/p>\n<p><span style=\"font-size: 18px;\"><img loading=\"lazy\" decoding=\"async\" class=\"alignnone size-medium wp-image-11451\" src=\"https:\/\/phukienflytech.vn\/wp-content\/uploads\/2020\/05\/goi-combo-1-dji-spark-2719-2-1-533x400.jpg\" alt=\"\" width=\"533\" height=\"400\" \/><\/span><\/p>\n<p>&nbsp;<\/p>\n<p><span style=\"font-size: 18px;\">Nh\u00e0 s\u1ea3n xu\u1ea5t: Sunnylife\u00a0\u2013 M\u1ed9t trong nh\u1eefng Vendor h\u00e0ng \u0111\u1ea7u cung c\u1ea5p ph\u1ee5 ki\u1ec7n\u00a0 cho DJI flycam<\/span><\/p>\n<p><span style=\"font-size: 18px;\">Li\u00ean h\u1ec7 v\u1edbi ch\u00fang t\u00f4i qua Facebook :<a href=\"https:\/\/www.facebook.com\/phukienflycam\/\"> Ph\u1ee5 ki\u1ec7n flytech gi\u00e1 t\u1ed1t<\/a><\/span><\/p>\n<p>&nbsp;<\/p>\n","protected":false},"excerpt":{"rendered":"<p>G\u00f3i combo 1 \u2013 DJI Spark V\u1edbi nhu c\u1ea7u ng\u00e0y c\u00e0ng cao c\u1ee7a c\u00e1c Pilot s\u1edf h\u1eefu DJI Spark t\u1ea1i Vi\u1ec7t Nam v\u1ec1 c\u00e1c lo\u1ea1i ph\u1ee5 ki\u1ec7n h\u1ed7 tr\u1ee3 cho su\u1ed1t qu\u00e1 tr\u00ecnh s\u1eed d\u1ee5ng cho chuy\u1ebfn bay c\u0169ng nh\u01b0 di chuy\u1ec3n thi\u1ebft b\u1ecb c\u1ee7a m\u00ecnh. Ch\u00fang t\u00f4i h\u1eadn h\u1ea1n gi\u1edbi thi\u1ec7u t\u1edbi c\u00e1c b\u1ea1n &#8230;<\/p>\n","protected":false},"featured_media":16737,"comment_status":"open","ping_status":"closed","template":"","meta":{"_acf_changed":false},"product_brand":[],"product_cat":[184],"product_tag":[206,214],"class_list":{"0":"post-2726","1":"product","2":"type-product","3":"status-publish","4":"has-post-thumbnail","6":"product_cat-spark-accessory","7":"product_tag-phu-kien-dji-en","8":"product_tag-phu-kien-dji-spark-en","10":"first","11":"instock","12":"shipping-taxable","13":"purchasable","14":"product-type-simple"},"acf":[],"yoast_head":"<!-- This site is optimized with the Yoast SEO plugin v25.7 - https:\/\/yoast.com\/wordpress\/plugins\/seo\/ -->\n<title>G\u00f3i combo 1 Spark - ph\u1ee5 ki\u1ec7n DJI Spark ch\u00ednh h\u00e3ng - ship cod to\u00e0n qu\u1ed1c<\/title>\n<meta name=\"description\" content=\"G\u00f3i combo 1 Spark ph\u1ee5 ki\u1ec7n DJI Spark ch\u00ednh h\u00e3ng. G\u00f3i combo 1 Spark gi\u00fap b\u1ea1n ti\u1ebft ki\u1ec7m t\u1ed1i \u0111\u00e3 c\u00e1c chi ph\u00ed m\u00e0 v\u1eabn \u0111\u01b0\u1ee3c tr\u1ea3i nghi\u1ec7m \u0111\u1ea7y \u0111\u1ee7 c\u00e1c ti\u1ec7n \u00edch c\u1ea7n c\u00f3\" \/>\n<meta name=\"robots\" content=\"index, follow, max-snippet:-1, max-image-preview:large, max-video-preview:-1\" \/>\n<link rel=\"canonical\" href=\"https:\/\/phukienflytech.vn\/en\/san-pham\/goi-combo-1-dji-spark.html\" \/>\n<meta property=\"og:locale\" content=\"en_US\" \/>\n<meta property=\"og:type\" content=\"article\" \/>\n<meta property=\"og:title\" content=\"G\u00f3i combo 1 Spark - ph\u1ee5 ki\u1ec7n DJI Spark ch\u00ednh h\u00e3ng - ship cod to\u00e0n qu\u1ed1c\" \/>\n<meta property=\"og:description\" content=\"G\u00f3i combo 1 Spark ph\u1ee5 ki\u1ec7n DJI Spark ch\u00ednh h\u00e3ng. G\u00f3i combo 1 Spark gi\u00fap b\u1ea1n ti\u1ebft ki\u1ec7m t\u1ed1i \u0111\u00e3 c\u00e1c chi ph\u00ed m\u00e0 v\u1eabn \u0111\u01b0\u1ee3c tr\u1ea3i nghi\u1ec7m \u0111\u1ea7y \u0111\u1ee7 c\u00e1c ti\u1ec7n \u00edch c\u1ea7n c\u00f3\" \/>\n<meta property=\"og:url\" content=\"https:\/\/phukienflytech.vn\/en\/san-pham\/goi-combo-1-dji-spark.html\" \/>\n<meta property=\"og:site_name\" content=\"Shop M\u00e1y \u1ea3nh - Action Camera - Gimbal - Flycam - Ph\u1ee5 ki\u1ec7n\" \/>\n<meta property=\"article:publisher\" content=\"https:\/\/facebook.com\/phukienflycam\" \/>\n<meta property=\"article:modified_time\" content=\"2020-09-09T03:16:39+00:00\" \/>\n<meta property=\"og:image\" content=\"https:\/\/phukienflytech.vn\/wp-content\/uploads\/2020\/05\/combo_2_2.jpg\" \/>\n\t<meta property=\"og:image:width\" content=\"242\" \/>\n\t<meta property=\"og:image:height\" content=\"241\" \/>\n\t<meta property=\"og:image:type\" content=\"image\/jpeg\" \/>\n<meta name=\"twitter:card\" content=\"summary_large_image\" \/>\n<meta name=\"twitter:label1\" content=\"Est. reading time\" \/>\n\t<meta name=\"twitter:data1\" content=\"1 minute\" \/>\n<script type=\"application\/ld+json\" class=\"yoast-schema-graph\">{\"@context\":\"https:\/\/schema.org\",\"@graph\":[{\"@type\":\"WebPage\",\"@id\":\"https:\/\/phukienflytech.vn\/en\/san-pham\/goi-combo-1-dji-spark.html\",\"url\":\"https:\/\/phukienflytech.vn\/en\/san-pham\/goi-combo-1-dji-spark.html\",\"name\":\"G\u00f3i combo 1 Spark - ph\u1ee5 ki\u1ec7n DJI Spark ch\u00ednh h\u00e3ng - ship cod to\u00e0n qu\u1ed1c\",\"isPartOf\":{\"@id\":\"https:\/\/phukienflytech.vn\/#website\"},\"primaryImageOfPage\":{\"@id\":\"https:\/\/phukienflytech.vn\/en\/san-pham\/goi-combo-1-dji-spark.html#primaryimage\"},\"image\":{\"@id\":\"https:\/\/phukienflytech.vn\/en\/san-pham\/goi-combo-1-dji-spark.html#primaryimage\"},\"thumbnailUrl\":\"https:\/\/phukienflytech.vn\/wp-content\/uploads\/2020\/05\/combo_2_2.jpg\",\"datePublished\":\"2020-06-16T08:46:05+00:00\",\"dateModified\":\"2020-09-09T03:16:39+00:00\",\"description\":\"G\u00f3i combo 1 Spark ph\u1ee5 ki\u1ec7n DJI Spark ch\u00ednh h\u00e3ng. G\u00f3i combo 1 Spark gi\u00fap b\u1ea1n ti\u1ebft ki\u1ec7m t\u1ed1i \u0111\u00e3 c\u00e1c chi ph\u00ed m\u00e0 v\u1eabn \u0111\u01b0\u1ee3c tr\u1ea3i nghi\u1ec7m \u0111\u1ea7y \u0111\u1ee7 c\u00e1c ti\u1ec7n \u00edch c\u1ea7n c\u00f3\",\"breadcrumb\":{\"@id\":\"https:\/\/phukienflytech.vn\/en\/san-pham\/goi-combo-1-dji-spark.html#breadcrumb\"},\"inLanguage\":\"en-US\",\"potentialAction\":[{\"@type\":\"ReadAction\",\"target\":[\"https:\/\/phukienflytech.vn\/en\/san-pham\/goi-combo-1-dji-spark.html\"]}]},{\"@type\":\"ImageObject\",\"inLanguage\":\"en-US\",\"@id\":\"https:\/\/phukienflytech.vn\/en\/san-pham\/goi-combo-1-dji-spark.html#primaryimage\",\"url\":\"https:\/\/phukienflytech.vn\/wp-content\/uploads\/2020\/05\/combo_2_2.jpg\",\"contentUrl\":\"https:\/\/phukienflytech.vn\/wp-content\/uploads\/2020\/05\/combo_2_2.jpg\",\"width\":242,\"height\":241},{\"@type\":\"BreadcrumbList\",\"@id\":\"https:\/\/phukienflytech.vn\/en\/san-pham\/goi-combo-1-dji-spark.html#breadcrumb\",\"itemListElement\":[{\"@type\":\"ListItem\",\"position\":1,\"name\":\"Home\",\"item\":\"https:\/\/phukienflytech.vn\/en\"},{\"@type\":\"ListItem\",\"position\":2,\"name\":\"Ph\u1ee5 ki\u1ec7n Mavic Pro\",\"item\":\"https:\/\/phukienflytech.vn\/en\/phu-kien-mavic-pro.html\"},{\"@type\":\"ListItem\",\"position\":3,\"name\":\"DJI Osmo &amp; Drone's accessories\",\"item\":\"https:\/\/phukienflytech.vn\/en\/danh-muc\/dji-osmo-drones-accessories.html\"},{\"@type\":\"ListItem\",\"position\":4,\"name\":\"Ph\u1ee5 ki\u1ec7n DJI Spark\",\"item\":\"https:\/\/phukienflytech.vn\/en\/danh-muc\/spark-accessory.html\"},{\"@type\":\"ListItem\",\"position\":5,\"name\":\"G\u00f3i combo 1 \u2013 DJI Spark\"}]},{\"@type\":\"WebSite\",\"@id\":\"https:\/\/phukienflytech.vn\/#website\",\"url\":\"https:\/\/phukienflytech.vn\/\",\"name\":\"Shop M\u00e1y \u1ea3nh - Action Camera - Gimbal - Flycam - Ph\u1ee5 ki\u1ec7n\",\"description\":\"Shop M\u00e1y \u1ea3nh - Action Camera - Gimbal - Flycam - Ph\u1ee5 ki\u1ec7n\",\"publisher\":{\"@id\":\"https:\/\/phukienflytech.vn\/#organization\"},\"potentialAction\":[{\"@type\":\"SearchAction\",\"target\":{\"@type\":\"EntryPoint\",\"urlTemplate\":\"https:\/\/phukienflytech.vn\/?s={search_term_string}\"},\"query-input\":{\"@type\":\"PropertyValueSpecification\",\"valueRequired\":true,\"valueName\":\"search_term_string\"}}],\"inLanguage\":\"en-US\"},{\"@type\":\"Organization\",\"@id\":\"https:\/\/phukienflytech.vn\/#organization\",\"name\":\"DJI Store - Shop Drone, Action camera, Gimbal DJI |Phukienflytech\",\"alternateName\":\"DJI Store - Shop Drone, Action camera, Gimbal DJI |Phukienflytech\",\"url\":\"https:\/\/phukienflytech.vn\/\",\"logo\":{\"@type\":\"ImageObject\",\"inLanguage\":\"en-US\",\"@id\":\"https:\/\/phukienflytech.vn\/#\/schema\/logo\/image\/\",\"url\":\"https:\/\/phukienflytech.vn\/wp-content\/uploads\/2020\/05\/hAnh_nan.jpg1_.jpg\",\"contentUrl\":\"https:\/\/phukienflytech.vn\/wp-content\/uploads\/2020\/05\/hAnh_nan.jpg1_.jpg\",\"width\":800,\"height\":450,\"caption\":\"DJI Store - Shop Drone, Action camera, Gimbal DJI |Phukienflytech\"},\"image\":{\"@id\":\"https:\/\/phukienflytech.vn\/#\/schema\/logo\/image\/\"},\"sameAs\":[\"https:\/\/facebook.com\/phukienflycam\",\"https:\/\/www.youtube.com\/@phukienflytech\",\"https:\/\/www.tiktok.com\/@flytech.channel?fbclid=IwY2xjawGjg7BleHRuA2FlbQIxMAABHYVGmlXpuSMs0UB2zTpYvyT4GMVfN2qJa4urF4vkSQ6FAVBwXZtDP30qQA_aem_UwMiDcUvlEbd2tXAmsc8Og\"]}]}<\/script>\n<!-- \/ Yoast SEO plugin. -->","yoast_head_json":{"title":"G\u00f3i combo 1 Spark - ph\u1ee5 ki\u1ec7n DJI Spark ch\u00ednh h\u00e3ng - ship cod to\u00e0n qu\u1ed1c","description":"G\u00f3i combo 1 Spark ph\u1ee5 ki\u1ec7n DJI Spark ch\u00ednh h\u00e3ng. G\u00f3i combo 1 Spark gi\u00fap b\u1ea1n ti\u1ebft ki\u1ec7m t\u1ed1i \u0111\u00e3 c\u00e1c chi ph\u00ed m\u00e0 v\u1eabn \u0111\u01b0\u1ee3c tr\u1ea3i nghi\u1ec7m \u0111\u1ea7y \u0111\u1ee7 c\u00e1c ti\u1ec7n \u00edch c\u1ea7n c\u00f3","robots":{"index":"index","follow":"follow","max-snippet":"max-snippet:-1","max-image-preview":"max-image-preview:large","max-video-preview":"max-video-preview:-1"},"canonical":"https:\/\/phukienflytech.vn\/en\/san-pham\/goi-combo-1-dji-spark.html","og_locale":"en_US","og_type":"article","og_title":"G\u00f3i combo 1 Spark - ph\u1ee5 ki\u1ec7n DJI Spark ch\u00ednh h\u00e3ng - ship cod to\u00e0n qu\u1ed1c","og_description":"G\u00f3i combo 1 Spark ph\u1ee5 ki\u1ec7n DJI Spark ch\u00ednh h\u00e3ng. G\u00f3i combo 1 Spark gi\u00fap b\u1ea1n ti\u1ebft ki\u1ec7m t\u1ed1i \u0111\u00e3 c\u00e1c chi ph\u00ed m\u00e0 v\u1eabn \u0111\u01b0\u1ee3c tr\u1ea3i nghi\u1ec7m \u0111\u1ea7y \u0111\u1ee7 c\u00e1c ti\u1ec7n \u00edch c\u1ea7n c\u00f3","og_url":"https:\/\/phukienflytech.vn\/en\/san-pham\/goi-combo-1-dji-spark.html","og_site_name":"Shop M\u00e1y \u1ea3nh - Action Camera - Gimbal - Flycam - Ph\u1ee5 ki\u1ec7n","article_publisher":"https:\/\/facebook.com\/phukienflycam","article_modified_time":"2020-09-09T03:16:39+00:00","og_image":[{"width":242,"height":241,"url":"https:\/\/phukienflytech.vn\/wp-content\/uploads\/2020\/05\/combo_2_2.jpg","type":"image\/jpeg"}],"twitter_card":"summary_large_image","twitter_misc":{"Est. reading time":"1 minute"},"schema":{"@context":"https:\/\/schema.org","@graph":[{"@type":"WebPage","@id":"https:\/\/phukienflytech.vn\/en\/san-pham\/goi-combo-1-dji-spark.html","url":"https:\/\/phukienflytech.vn\/en\/san-pham\/goi-combo-1-dji-spark.html","name":"G\u00f3i combo 1 Spark - ph\u1ee5 ki\u1ec7n DJI Spark ch\u00ednh h\u00e3ng - ship cod to\u00e0n qu\u1ed1c","isPartOf":{"@id":"https:\/\/phukienflytech.vn\/#website"},"primaryImageOfPage":{"@id":"https:\/\/phukienflytech.vn\/en\/san-pham\/goi-combo-1-dji-spark.html#primaryimage"},"image":{"@id":"https:\/\/phukienflytech.vn\/en\/san-pham\/goi-combo-1-dji-spark.html#primaryimage"},"thumbnailUrl":"https:\/\/phukienflytech.vn\/wp-content\/uploads\/2020\/05\/combo_2_2.jpg","datePublished":"2020-06-16T08:46:05+00:00","dateModified":"2020-09-09T03:16:39+00:00","description":"G\u00f3i combo 1 Spark ph\u1ee5 ki\u1ec7n DJI Spark ch\u00ednh h\u00e3ng. G\u00f3i combo 1 Spark gi\u00fap b\u1ea1n ti\u1ebft ki\u1ec7m t\u1ed1i \u0111\u00e3 c\u00e1c chi ph\u00ed m\u00e0 v\u1eabn \u0111\u01b0\u1ee3c tr\u1ea3i nghi\u1ec7m \u0111\u1ea7y \u0111\u1ee7 c\u00e1c ti\u1ec7n \u00edch c\u1ea7n c\u00f3","breadcrumb":{"@id":"https:\/\/phukienflytech.vn\/en\/san-pham\/goi-combo-1-dji-spark.html#breadcrumb"},"inLanguage":"en-US","potentialAction":[{"@type":"ReadAction","target":["https:\/\/phukienflytech.vn\/en\/san-pham\/goi-combo-1-dji-spark.html"]}]},{"@type":"ImageObject","inLanguage":"en-US","@id":"https:\/\/phukienflytech.vn\/en\/san-pham\/goi-combo-1-dji-spark.html#primaryimage","url":"https:\/\/phukienflytech.vn\/wp-content\/uploads\/2020\/05\/combo_2_2.jpg","contentUrl":"https:\/\/phukienflytech.vn\/wp-content\/uploads\/2020\/05\/combo_2_2.jpg","width":242,"height":241},{"@type":"BreadcrumbList","@id":"https:\/\/phukienflytech.vn\/en\/san-pham\/goi-combo-1-dji-spark.html#breadcrumb","itemListElement":[{"@type":"ListItem","position":1,"name":"Home","item":"https:\/\/phukienflytech.vn\/en"},{"@type":"ListItem","position":2,"name":"Ph\u1ee5 ki\u1ec7n Mavic Pro","item":"https:\/\/phukienflytech.vn\/en\/phu-kien-mavic-pro.html"},{"@type":"ListItem","position":3,"name":"DJI Osmo &amp; Drone's accessories","item":"https:\/\/phukienflytech.vn\/en\/danh-muc\/dji-osmo-drones-accessories.html"},{"@type":"ListItem","position":4,"name":"Ph\u1ee5 ki\u1ec7n DJI Spark","item":"https:\/\/phukienflytech.vn\/en\/danh-muc\/spark-accessory.html"},{"@type":"ListItem","position":5,"name":"G\u00f3i combo 1 \u2013 DJI Spark"}]},{"@type":"WebSite","@id":"https:\/\/phukienflytech.vn\/#website","url":"https:\/\/phukienflytech.vn\/","name":"Shop M\u00e1y \u1ea3nh - Action Camera - Gimbal - Flycam - Ph\u1ee5 ki\u1ec7n","description":"Shop M\u00e1y \u1ea3nh - Action Camera - Gimbal - Flycam - Ph\u1ee5 ki\u1ec7n","publisher":{"@id":"https:\/\/phukienflytech.vn\/#organization"},"potentialAction":[{"@type":"SearchAction","target":{"@type":"EntryPoint","urlTemplate":"https:\/\/phukienflytech.vn\/?s={search_term_string}"},"query-input":{"@type":"PropertyValueSpecification","valueRequired":true,"valueName":"search_term_string"}}],"inLanguage":"en-US"},{"@type":"Organization","@id":"https:\/\/phukienflytech.vn\/#organization","name":"DJI Store - Shop Drone, Action camera, Gimbal DJI |Phukienflytech","alternateName":"DJI Store - Shop Drone, Action camera, Gimbal DJI |Phukienflytech","url":"https:\/\/phukienflytech.vn\/","logo":{"@type":"ImageObject","inLanguage":"en-US","@id":"https:\/\/phukienflytech.vn\/#\/schema\/logo\/image\/","url":"https:\/\/phukienflytech.vn\/wp-content\/uploads\/2020\/05\/hAnh_nan.jpg1_.jpg","contentUrl":"https:\/\/phukienflytech.vn\/wp-content\/uploads\/2020\/05\/hAnh_nan.jpg1_.jpg","width":800,"height":450,"caption":"DJI Store - Shop Drone, Action camera, Gimbal DJI |Phukienflytech"},"image":{"@id":"https:\/\/phukienflytech.vn\/#\/schema\/logo\/image\/"},"sameAs":["https:\/\/facebook.com\/phukienflycam","https:\/\/www.youtube.com\/@phukienflytech","https:\/\/www.tiktok.com\/@flytech.channel?fbclid=IwY2xjawGjg7BleHRuA2FlbQIxMAABHYVGmlXpuSMs0UB2zTpYvyT4GMVfN2qJa4urF4vkSQ6FAVBwXZtDP30qQA_aem_UwMiDcUvlEbd2tXAmsc8Og"]}]}},"_links":{"self":[{"href":"https:\/\/phukienflytech.vn\/en\/wp-json\/wp\/v2\/product\/2726","targetHints":{"allow":["GET"]}}],"collection":[{"href":"https:\/\/phukienflytech.vn\/en\/wp-json\/wp\/v2\/product"}],"about":[{"href":"https:\/\/phukienflytech.vn\/en\/wp-json\/wp\/v2\/types\/product"}],"replies":[{"embeddable":true,"href":"https:\/\/phukienflytech.vn\/en\/wp-json\/wp\/v2\/comments?post=2726"}],"wp:featuredmedia":[{"embeddable":true,"href":"https:\/\/phukienflytech.vn\/en\/wp-json\/wp\/v2\/media\/16737"}],"wp:attachment":[{"href":"https:\/\/phukienflytech.vn\/en\/wp-json\/wp\/v2\/media?parent=2726"}],"wp:term":[{"taxonomy":"product_brand","embeddable":true,"href":"https:\/\/phukienflytech.vn\/en\/wp-json\/wp\/v2\/product_brand?post=2726"},{"taxonomy":"product_cat","embeddable":true,"href":"https:\/\/phukienflytech.vn\/en\/wp-json\/wp\/v2\/product_cat?post=2726"},{"taxonomy":"product_tag","embeddable":true,"href":"https:\/\/phukienflytech.vn\/en\/wp-json\/wp\/v2\/product_tag?post=2726"}],"curies":[{"name":"wp","href":"https:\/\/api.w.org\/{rel}","templated":true}]}}