{"id":2779,"date":"2020-06-20T19:27:38","date_gmt":"2020-06-20T12:27:38","guid":{"rendered":"http:\/\/27430.lamdx.vinawebsite.vn\/san-pham\/hoc-che-nang-camera-mavic-pro-platinum-pgytech.html"},"modified":"2020-10-17T14:36:33","modified_gmt":"2020-10-17T07:36:33","slug":"camera-sun-hood-mavic-pro","status":"publish","type":"product","link":"https:\/\/phukienflytech.vn\/en\/san-pham\/camera-sun-hood-mavic-pro.html","title":{"rendered":"Camera sun hood for Mavic Pro &#8211; PGYtech"},"content":{"rendered":"<h2><span style=\"color: #0000ff;\"><em><strong>Camera sun hood Mavic Pro<\/strong><\/em><\/span><\/h2>\n<p>&nbsp;<\/p>\n<p><span style=\"font-size: 18px;\">Camera sun hood Mavic Pro<\/span><\/p>\n<p><span style=\"font-size: 18px;\"><strong><em>H\u1ed1c che n\u1eafng camera mavic <\/em><\/strong>l\u00e0 m\u1ed9t trong nh\u1eefng ph\u1ee5 ki\u1ec7n v\u00f4 c\u00f9ng\u00a0<strong><em>c\u1ea7n thi\u1ebft<\/em><\/strong>, \u0111\u01b0\u1ee3c h\u00e3ng\u00a0<strong><em>PGYTECH<\/em><\/strong> thi\u1ebft k\u1ebf cho nh\u1eefng ng\u01b0\u1eddi d\u00f9ng th\u01b0\u1eddng xuy\u00ean ph\u1ea3i quay phim, ch\u1ee5p \u1ea3nh \u1edf nh\u1eefng n\u01a1i qu\u00e1 s\u00e1ng. S\u1ea3n ph\u1ea9m n\u00e0y<strong><em>\u00a0<\/em><\/strong>s\u1ebd gi\u00fap b\u1ea1n t\u1ea1o ra \u0111\u01b0\u1ee3c nh\u1eefng b\u1ee9c \u1ea3nh \u0111\u1eb9p m\u00e0 kh\u00f4ng b\u1ecb \u1ea3nh h\u01b0\u1edfng b\u1edfi nh\u1eefng \u00e1nh s\u00e1ng kh\u00f4ng\u00a0<strong><em>c\u1ea7n thi\u1ebft<\/em><\/strong>.<\/span><\/p>\n<p><span style=\"font-size: 18px;\"><img loading=\"lazy\" decoding=\"async\" class=\"alignnone size-medium wp-image-16154\" src=\"https:\/\/phukienflytech.vn\/wp-content\/uploads\/2020\/05\/hood-che-n\u0103ng-camera-mavic-pro-platium-pgytech-phu-kien-flycam-Copy-21-400x400.jpg\" alt=\"\" width=\"400\" height=\"400\" srcset=\"https:\/\/phukienflytech.vn\/wp-content\/uploads\/2020\/05\/hood-che-n\u0103ng-camera-mavic-pro-platium-pgytech-phu-kien-flycam-Copy-21-400x400.jpg 400w, https:\/\/phukienflytech.vn\/wp-content\/uploads\/2020\/05\/hood-che-n\u0103ng-camera-mavic-pro-platium-pgytech-phu-kien-flycam-Copy-21-280x280.jpg 280w, https:\/\/phukienflytech.vn\/wp-content\/uploads\/2020\/05\/hood-che-n\u0103ng-camera-mavic-pro-platium-pgytech-phu-kien-flycam-Copy-21-768x768.jpg 768w, https:\/\/phukienflytech.vn\/wp-content\/uploads\/2020\/05\/hood-che-n\u0103ng-camera-mavic-pro-platium-pgytech-phu-kien-flycam-Copy-21.jpg 800w, https:\/\/phukienflytech.vn\/wp-content\/uploads\/2020\/05\/hood-che-n\u0103ng-camera-mavic-pro-platium-pgytech-phu-kien-flycam-Copy-21-300x300.jpg 300w, https:\/\/phukienflytech.vn\/wp-content\/uploads\/2020\/05\/hood-che-n\u0103ng-camera-mavic-pro-platium-pgytech-phu-kien-flycam-Copy-21-600x600.jpg 600w, https:\/\/phukienflytech.vn\/wp-content\/uploads\/2020\/05\/hood-che-n\u0103ng-camera-mavic-pro-platium-pgytech-phu-kien-flycam-Copy-21-100x100.jpg 100w\" sizes=\"auto, (max-width: 400px) 100vw, 400px\" \/> \u00a0<img loading=\"lazy\" decoding=\"async\" class=\"alignnone size-medium wp-image-16158\" src=\"https:\/\/phukienflytech.vn\/wp-content\/uploads\/2020\/05\/hood-che-n\u0103ng-camera-mavic-pro-platium-pgytech-phu-kien-flycam-Copy-24-400x400.jpg\" alt=\"\" width=\"400\" height=\"400\" srcset=\"https:\/\/phukienflytech.vn\/wp-content\/uploads\/2020\/05\/hood-che-n\u0103ng-camera-mavic-pro-platium-pgytech-phu-kien-flycam-Copy-24-400x400.jpg 400w, https:\/\/phukienflytech.vn\/wp-content\/uploads\/2020\/05\/hood-che-n\u0103ng-camera-mavic-pro-platium-pgytech-phu-kien-flycam-Copy-24-280x280.jpg 280w, https:\/\/phukienflytech.vn\/wp-content\/uploads\/2020\/05\/hood-che-n\u0103ng-camera-mavic-pro-platium-pgytech-phu-kien-flycam-Copy-24-768x768.jpg 768w, https:\/\/phukienflytech.vn\/wp-content\/uploads\/2020\/05\/hood-che-n\u0103ng-camera-mavic-pro-platium-pgytech-phu-kien-flycam-Copy-24.jpg 800w, https:\/\/phukienflytech.vn\/wp-content\/uploads\/2020\/05\/hood-che-n\u0103ng-camera-mavic-pro-platium-pgytech-phu-kien-flycam-Copy-24-300x300.jpg 300w, https:\/\/phukienflytech.vn\/wp-content\/uploads\/2020\/05\/hood-che-n\u0103ng-camera-mavic-pro-platium-pgytech-phu-kien-flycam-Copy-24-600x600.jpg 600w, https:\/\/phukienflytech.vn\/wp-content\/uploads\/2020\/05\/hood-che-n\u0103ng-camera-mavic-pro-platium-pgytech-phu-kien-flycam-Copy-24-100x100.jpg 100w\" sizes=\"auto, (max-width: 400px) 100vw, 400px\" \/><\/span><\/p>\n<p>&nbsp;<\/p>\n<p><span style=\"font-size: 18px;\"><strong><span style=\"color: #0000ff;\">Th\u00f4ng s\u1ed1 k\u0129 thu\u1eadt\u00a0<\/span><\/strong><\/span><\/p>\n<ul>\n<li><span style=\"font-size: 18px;\">Kh\u1ed1i l\u01b0\u1ee3ng: 2,7g<\/span><\/li>\n<li><span style=\"font-size: 18px;\">K\u00edch th\u01b0\u1edbc:<\/span><\/li>\n<li><span style=\"font-size: 18px;\">Ch\u1ea5t li\u00eau: silica gel<\/span><\/li>\n<\/ul>\n<p><span style=\"font-size: 18px;\">C\u00f4ng d\u1ee5ng c\u1ee7a\u00a0<strong><em>h\u1ed1c che n\u1eafng mavic pro platinum<\/em><\/strong><\/span><\/p>\n<p><span style=\"font-size: 18px;\">Tr\u00e1nh nh\u1eefng \u00e1nh s\u00e1ng kh\u00f4ng\u00a0c\u1ea7n thi\u1ebft<\/span><\/p>\n<p><span style=\"font-size: 18px;\">B\u1ea3o v\u1ec7 \u00f4ng k\u00ednh kh\u1ecfi \u00e1nh s\u00e1ng m\u1eb7t tr\u1eddi m\u00e0 kh\u00f4ng l\u00e0m \u1ea3nh h\u01b0\u1edfng \u0111\u1ebfn camera c\u1ee7a m\u00e1y.<\/span><\/p>\n<p><span style=\"font-size: 18px;\"><img loading=\"lazy\" decoding=\"async\" class=\"alignnone wp-image-16156 size-medium\" src=\"https:\/\/phukienflytech.vn\/wp-content\/uploads\/2020\/05\/hood-che-n\u0103ng-camera-mavic-pro-platium-pgytech-phu-kien-flycam-Copy-22-526x400.jpg\" alt=\"Camera-sun-hood-Mavic-Pro-9\" width=\"526\" height=\"400\" srcset=\"https:\/\/phukienflytech.vn\/wp-content\/uploads\/2020\/05\/hood-che-n\u0103ng-camera-mavic-pro-platium-pgytech-phu-kien-flycam-Copy-22-526x400.jpg 526w, https:\/\/phukienflytech.vn\/wp-content\/uploads\/2020\/05\/hood-che-n\u0103ng-camera-mavic-pro-platium-pgytech-phu-kien-flycam-Copy-22-768x584.jpg 768w, https:\/\/phukienflytech.vn\/wp-content\/uploads\/2020\/05\/hood-che-n\u0103ng-camera-mavic-pro-platium-pgytech-phu-kien-flycam-Copy-22-1053x800.jpg 1053w, https:\/\/phukienflytech.vn\/wp-content\/uploads\/2020\/05\/hood-che-n\u0103ng-camera-mavic-pro-platium-pgytech-phu-kien-flycam-Copy-22-600x456.jpg 600w, https:\/\/phukienflytech.vn\/wp-content\/uploads\/2020\/05\/hood-che-n\u0103ng-camera-mavic-pro-platium-pgytech-phu-kien-flycam-Copy-22.jpg 1100w\" sizes=\"auto, (max-width: 526px) 100vw, 526px\" \/><\/span><\/p>\n<p><span style=\"font-size: 18px;\">S\u1ea3n ph\u1ea9m\u00a0\u0111\u01b0\u1ee3c l\u00e0m b\u1eb1ng ch\u1ea5t li\u1ec7u gel silica m\u1ec1m n\u00ean r\u1ea5t thu\u1eadn ti\u1ec7n trong vi\u1ec7c th\u00e1o l\u1eafp, \u0111\u1ea3m b\u1ea3o kh\u00f4ng l\u00e0m \u1ea3nh h\u01b0\u1edfng \u0111\u1ebfn ch\u1ea5t l\u01b0\u1ee3ng camera c\u1ee7a b\u1ea1n.<\/span><\/p>\n<p><span style=\"font-size: 18px;\"><img loading=\"lazy\" decoding=\"async\" class=\"alignnone wp-image-16162 size-medium\" src=\"https:\/\/phukienflytech.vn\/wp-content\/uploads\/2020\/05\/hood-che-n\u0103ng-camera-mavic-pro-platium-pgytech-phu-kien-flycam-Copy-400x400.png\" alt=\"Camera-sun-hood-Mavic-Pro\" width=\"400\" height=\"400\" srcset=\"https:\/\/phukienflytech.vn\/wp-content\/uploads\/2020\/05\/hood-che-n\u0103ng-camera-mavic-pro-platium-pgytech-phu-kien-flycam-Copy-400x400.png 400w, https:\/\/phukienflytech.vn\/wp-content\/uploads\/2020\/05\/hood-che-n\u0103ng-camera-mavic-pro-platium-pgytech-phu-kien-flycam-Copy-280x280.png 280w, https:\/\/phukienflytech.vn\/wp-content\/uploads\/2020\/05\/hood-che-n\u0103ng-camera-mavic-pro-platium-pgytech-phu-kien-flycam-Copy-768x768.png 768w, https:\/\/phukienflytech.vn\/wp-content\/uploads\/2020\/05\/hood-che-n\u0103ng-camera-mavic-pro-platium-pgytech-phu-kien-flycam-Copy-800x800.png 800w, https:\/\/phukienflytech.vn\/wp-content\/uploads\/2020\/05\/hood-che-n\u0103ng-camera-mavic-pro-platium-pgytech-phu-kien-flycam-Copy-300x300.png 300w, https:\/\/phukienflytech.vn\/wp-content\/uploads\/2020\/05\/hood-che-n\u0103ng-camera-mavic-pro-platium-pgytech-phu-kien-flycam-Copy-600x600.png 600w, https:\/\/phukienflytech.vn\/wp-content\/uploads\/2020\/05\/hood-che-n\u0103ng-camera-mavic-pro-platium-pgytech-phu-kien-flycam-Copy-100x100.png 100w, https:\/\/phukienflytech.vn\/wp-content\/uploads\/2020\/05\/hood-che-n\u0103ng-camera-mavic-pro-platium-pgytech-phu-kien-flycam-Copy.png 1100w\" sizes=\"auto, (max-width: 400px) 100vw, 400px\" \/><\/span><\/p>\n<h2><span style=\"color: #0000ff; font-size: 21px;\"><strong>Mua ph\u1ee5 ki\u1ec7n mavic \u1edf \u0111\u00e2u?<\/strong><\/span><\/h2>\n<p><span style=\"font-size: 18px;\">N\u1ebfu b\u1ea1n v\u1eabn \u0111ang ph\u00e2n v\u00e2n kh\u00f4ng bi\u1ebft c\u00f3 th\u1ec3 t\u00ecm mua \u0111\u01b0\u1ee3c\u00a0<strong><em>nh\u1eefng ph\u1ee5 ki\u1ec7n dji mavic pro platinum\u00a0<\/em><\/strong>ch\u1ea5t l\u01b0\u1ee3ng nh\u1ea5t m\u00e0 kh\u00f4ng c\u1ea7n lo l\u1eafng gi\u00e1 c\u1ee7a s\u1ea3n ph\u1ea9m \u1edf \u0111\u00e2u th\u00ec ph\u1ee5 ki\u1ec7n flycam gi\u00e1 t\u1ed1t ch\u00ednh l\u00e0 n\u01a1i ph\u00f9 h\u1ee3p d\u00e0nh cho b\u1ea1n. H\u00e3y \u0111\u1ebfn v\u1edbi ph\u1ee5 ki\u1ec7n fly-cam gi\u00e1 t\u1ed1t \u0111\u1ec3 c\u00f3 \u0111\u01b0\u1ee3c\u00a0<strong><em>gi\u00e1 mavic pro<\/em><\/strong>,\u00a0<strong><em>gi\u00e1 mavic platinum<\/em><\/strong>,..c\u00f9ng v\u1edbi ch\u1ea5t l\u01b0\u1ee3ng t\u1ed1t nh\u1ea5t.<\/span><\/p>\n<p><strong style=\"font-size: 19px;\">&gt;&gt; <\/strong><span style=\"font-size: 19px;\">Learn More : <\/span><strong style=\"font-size: 19px;\"><a href=\"https:\/\/phukienflytech.vn\/danh-muc\/phu-kien-mavic-pro.html\">Mavic pro Accessories<\/a><\/strong><\/p>\n<p><span style=\"font-size: 19px;\">&gt;&gt; Contact us on: <\/span><a style=\"font-size: 19px;\" href=\"https:\/\/www.facebook.com\/phukienflycam\"><strong>Facebook<\/strong><\/a><\/p>\n<p>&nbsp;<\/p>\n","protected":false},"excerpt":{"rendered":"<p>Camera sun hood Mavic Pro &nbsp; Camera sun hood Mavic Pro H\u1ed1c che n\u1eafng camera mavic l\u00e0 m\u1ed9t trong nh\u1eefng ph\u1ee5 ki\u1ec7n v\u00f4 c\u00f9ng\u00a0c\u1ea7n thi\u1ebft, \u0111\u01b0\u1ee3c h\u00e3ng\u00a0PGYTECH thi\u1ebft k\u1ebf cho nh\u1eefng ng\u01b0\u1eddi d\u00f9ng th\u01b0\u1eddng xuy\u00ean ph\u1ea3i quay phim, ch\u1ee5p \u1ea3nh \u1edf nh\u1eefng n\u01a1i qu\u00e1 s\u00e1ng. S\u1ea3n ph\u1ea9m n\u00e0y\u00a0s\u1ebd gi\u00fap b\u1ea1n t\u1ea1o ra \u0111\u01b0\u1ee3c nh\u1eefng b\u1ee9c &#8230;<\/p>\n","protected":false},"featured_media":2770,"comment_status":"open","ping_status":"closed","template":"","meta":{"_acf_changed":false},"product_brand":[],"product_cat":[178],"product_tag":[223,251],"class_list":{"0":"post-2779","1":"product","2":"type-product","3":"status-publish","4":"has-post-thumbnail","6":"product_cat-mavic-pro-accessory","7":"product_tag-phu-kien-mavic-pro-en","8":"product_tag-phu-kien-pgytech-en","10":"first","11":"instock","12":"shipping-taxable","13":"purchasable","14":"product-type-simple"},"acf":[],"yoast_head":"<!-- This site is optimized with the Yoast SEO plugin v25.7 - https:\/\/yoast.com\/wordpress\/plugins\/seo\/ -->\n<title>Camera sun hood Mavic Pro - Mavic pro accessory - Available - Original<\/title>\n<meta name=\"description\" content=\"Camera sun hood Mavic Pro is one of the most important accessory. Contact us to buy Camera sun hood Mavic Pro for best price, fast shipping\" \/>\n<meta name=\"robots\" content=\"index, follow, max-snippet:-1, max-image-preview:large, max-video-preview:-1\" \/>\n<link rel=\"canonical\" href=\"https:\/\/phukienflytech.vn\/en\/san-pham\/camera-sun-hood-mavic-pro.html\" \/>\n<meta property=\"og:locale\" content=\"en_US\" \/>\n<meta property=\"og:type\" content=\"article\" \/>\n<meta property=\"og:title\" content=\"Camera sun hood Mavic Pro - Mavic pro accessory - Available - Original\" \/>\n<meta property=\"og:description\" content=\"Camera sun hood Mavic Pro is one of the most important accessory. Contact us to buy Camera sun hood Mavic Pro for best price, fast shipping\" \/>\n<meta property=\"og:url\" content=\"https:\/\/phukienflytech.vn\/en\/san-pham\/camera-sun-hood-mavic-pro.html\" \/>\n<meta property=\"og:site_name\" content=\"Shop M\u00e1y \u1ea3nh - Action Camera - Gimbal - Flycam - Ph\u1ee5 ki\u1ec7n\" \/>\n<meta property=\"article:publisher\" content=\"https:\/\/facebook.com\/phukienflycam\" \/>\n<meta property=\"article:modified_time\" content=\"2020-10-17T07:36:33+00:00\" \/>\n<meta property=\"og:image\" content=\"https:\/\/phukienflytech.vn\/wp-content\/uploads\/2020\/05\/hood-che-n\u0103ng-camera-mavic-pro-platium-pgytech-phu-kien-flycam-Copy-2.png\" \/>\n\t<meta property=\"og:image:width\" content=\"300\" \/>\n\t<meta property=\"og:image:height\" content=\"300\" \/>\n\t<meta property=\"og:image:type\" content=\"image\/png\" \/>\n<meta name=\"twitter:card\" content=\"summary_large_image\" \/>\n<meta name=\"twitter:label1\" content=\"Est. reading time\" \/>\n\t<meta name=\"twitter:data1\" content=\"2 minutes\" \/>\n<script type=\"application\/ld+json\" class=\"yoast-schema-graph\">{\"@context\":\"https:\/\/schema.org\",\"@graph\":[{\"@type\":\"WebPage\",\"@id\":\"https:\/\/phukienflytech.vn\/en\/san-pham\/camera-sun-hood-mavic-pro.html\",\"url\":\"https:\/\/phukienflytech.vn\/en\/san-pham\/camera-sun-hood-mavic-pro.html\",\"name\":\"Camera sun hood Mavic Pro - Mavic pro accessory - Available - Original\",\"isPartOf\":{\"@id\":\"https:\/\/phukienflytech.vn\/#website\"},\"primaryImageOfPage\":{\"@id\":\"https:\/\/phukienflytech.vn\/en\/san-pham\/camera-sun-hood-mavic-pro.html#primaryimage\"},\"image\":{\"@id\":\"https:\/\/phukienflytech.vn\/en\/san-pham\/camera-sun-hood-mavic-pro.html#primaryimage\"},\"thumbnailUrl\":\"https:\/\/phukienflytech.vn\/wp-content\/uploads\/2020\/05\/hood-che-n\u0103ng-camera-mavic-pro-platium-pgytech-phu-kien-flycam-Copy-2.png\",\"datePublished\":\"2020-06-20T12:27:38+00:00\",\"dateModified\":\"2020-10-17T07:36:33+00:00\",\"description\":\"Camera sun hood Mavic Pro is one of the most important accessory. Contact us to buy Camera sun hood Mavic Pro for best price, fast shipping\",\"breadcrumb\":{\"@id\":\"https:\/\/phukienflytech.vn\/en\/san-pham\/camera-sun-hood-mavic-pro.html#breadcrumb\"},\"inLanguage\":\"en-US\",\"potentialAction\":[{\"@type\":\"ReadAction\",\"target\":[\"https:\/\/phukienflytech.vn\/en\/san-pham\/camera-sun-hood-mavic-pro.html\"]}]},{\"@type\":\"ImageObject\",\"inLanguage\":\"en-US\",\"@id\":\"https:\/\/phukienflytech.vn\/en\/san-pham\/camera-sun-hood-mavic-pro.html#primaryimage\",\"url\":\"https:\/\/phukienflytech.vn\/wp-content\/uploads\/2020\/05\/hood-che-n\u0103ng-camera-mavic-pro-platium-pgytech-phu-kien-flycam-Copy-2.png\",\"contentUrl\":\"https:\/\/phukienflytech.vn\/wp-content\/uploads\/2020\/05\/hood-che-n\u0103ng-camera-mavic-pro-platium-pgytech-phu-kien-flycam-Copy-2.png\",\"width\":300,\"height\":300},{\"@type\":\"BreadcrumbList\",\"@id\":\"https:\/\/phukienflytech.vn\/en\/san-pham\/camera-sun-hood-mavic-pro.html#breadcrumb\",\"itemListElement\":[{\"@type\":\"ListItem\",\"position\":1,\"name\":\"Home\",\"item\":\"https:\/\/phukienflytech.vn\/en\"},{\"@type\":\"ListItem\",\"position\":2,\"name\":\"Ph\u1ee5 ki\u1ec7n Mavic Pro\",\"item\":\"https:\/\/phukienflytech.vn\/en\/phu-kien-mavic-pro.html\"},{\"@type\":\"ListItem\",\"position\":3,\"name\":\"DJI Osmo &amp; Drone's accessories\",\"item\":\"https:\/\/phukienflytech.vn\/en\/danh-muc\/dji-osmo-drones-accessories.html\"},{\"@type\":\"ListItem\",\"position\":4,\"name\":\"Mavic Pro Accessory\",\"item\":\"https:\/\/phukienflytech.vn\/en\/danh-muc\/mavic-pro-accessory.html\"},{\"@type\":\"ListItem\",\"position\":5,\"name\":\"Camera sun hood for Mavic Pro &#8211; PGYtech\"}]},{\"@type\":\"WebSite\",\"@id\":\"https:\/\/phukienflytech.vn\/#website\",\"url\":\"https:\/\/phukienflytech.vn\/\",\"name\":\"Shop M\u00e1y \u1ea3nh - Action Camera - Gimbal - Flycam - Ph\u1ee5 ki\u1ec7n\",\"description\":\"Shop M\u00e1y \u1ea3nh - Action Camera - Gimbal - Flycam - Ph\u1ee5 ki\u1ec7n\",\"publisher\":{\"@id\":\"https:\/\/phukienflytech.vn\/#organization\"},\"potentialAction\":[{\"@type\":\"SearchAction\",\"target\":{\"@type\":\"EntryPoint\",\"urlTemplate\":\"https:\/\/phukienflytech.vn\/?s={search_term_string}\"},\"query-input\":{\"@type\":\"PropertyValueSpecification\",\"valueRequired\":true,\"valueName\":\"search_term_string\"}}],\"inLanguage\":\"en-US\"},{\"@type\":\"Organization\",\"@id\":\"https:\/\/phukienflytech.vn\/#organization\",\"name\":\"DJI Store - Shop Drone, Action camera, Gimbal DJI |Phukienflytech\",\"alternateName\":\"DJI Store - Shop Drone, Action camera, Gimbal DJI |Phukienflytech\",\"url\":\"https:\/\/phukienflytech.vn\/\",\"logo\":{\"@type\":\"ImageObject\",\"inLanguage\":\"en-US\",\"@id\":\"https:\/\/phukienflytech.vn\/#\/schema\/logo\/image\/\",\"url\":\"https:\/\/phukienflytech.vn\/wp-content\/uploads\/2020\/05\/hAnh_nan.jpg1_.jpg\",\"contentUrl\":\"https:\/\/phukienflytech.vn\/wp-content\/uploads\/2020\/05\/hAnh_nan.jpg1_.jpg\",\"width\":800,\"height\":450,\"caption\":\"DJI Store - Shop Drone, Action camera, Gimbal DJI |Phukienflytech\"},\"image\":{\"@id\":\"https:\/\/phukienflytech.vn\/#\/schema\/logo\/image\/\"},\"sameAs\":[\"https:\/\/facebook.com\/phukienflycam\",\"https:\/\/www.youtube.com\/@phukienflytech\",\"https:\/\/www.tiktok.com\/@flytech.channel?fbclid=IwY2xjawGjg7BleHRuA2FlbQIxMAABHYVGmlXpuSMs0UB2zTpYvyT4GMVfN2qJa4urF4vkSQ6FAVBwXZtDP30qQA_aem_UwMiDcUvlEbd2tXAmsc8Og\"]}]}<\/script>\n<!-- \/ Yoast SEO plugin. -->","yoast_head_json":{"title":"Camera sun hood Mavic Pro - Mavic pro accessory - Available - Original","description":"Camera sun hood Mavic Pro is one of the most important accessory. Contact us to buy Camera sun hood Mavic Pro for best price, fast shipping","robots":{"index":"index","follow":"follow","max-snippet":"max-snippet:-1","max-image-preview":"max-image-preview:large","max-video-preview":"max-video-preview:-1"},"canonical":"https:\/\/phukienflytech.vn\/en\/san-pham\/camera-sun-hood-mavic-pro.html","og_locale":"en_US","og_type":"article","og_title":"Camera sun hood Mavic Pro - Mavic pro accessory - Available - Original","og_description":"Camera sun hood Mavic Pro is one of the most important accessory. Contact us to buy Camera sun hood Mavic Pro for best price, fast shipping","og_url":"https:\/\/phukienflytech.vn\/en\/san-pham\/camera-sun-hood-mavic-pro.html","og_site_name":"Shop M\u00e1y \u1ea3nh - Action Camera - Gimbal - Flycam - Ph\u1ee5 ki\u1ec7n","article_publisher":"https:\/\/facebook.com\/phukienflycam","article_modified_time":"2020-10-17T07:36:33+00:00","og_image":[{"width":300,"height":300,"url":"https:\/\/phukienflytech.vn\/wp-content\/uploads\/2020\/05\/hood-che-n\u0103ng-camera-mavic-pro-platium-pgytech-phu-kien-flycam-Copy-2.png","type":"image\/png"}],"twitter_card":"summary_large_image","twitter_misc":{"Est. reading time":"2 minutes"},"schema":{"@context":"https:\/\/schema.org","@graph":[{"@type":"WebPage","@id":"https:\/\/phukienflytech.vn\/en\/san-pham\/camera-sun-hood-mavic-pro.html","url":"https:\/\/phukienflytech.vn\/en\/san-pham\/camera-sun-hood-mavic-pro.html","name":"Camera sun hood Mavic Pro - Mavic pro accessory - Available - Original","isPartOf":{"@id":"https:\/\/phukienflytech.vn\/#website"},"primaryImageOfPage":{"@id":"https:\/\/phukienflytech.vn\/en\/san-pham\/camera-sun-hood-mavic-pro.html#primaryimage"},"image":{"@id":"https:\/\/phukienflytech.vn\/en\/san-pham\/camera-sun-hood-mavic-pro.html#primaryimage"},"thumbnailUrl":"https:\/\/phukienflytech.vn\/wp-content\/uploads\/2020\/05\/hood-che-n\u0103ng-camera-mavic-pro-platium-pgytech-phu-kien-flycam-Copy-2.png","datePublished":"2020-06-20T12:27:38+00:00","dateModified":"2020-10-17T07:36:33+00:00","description":"Camera sun hood Mavic Pro is one of the most important accessory. Contact us to buy Camera sun hood Mavic Pro for best price, fast shipping","breadcrumb":{"@id":"https:\/\/phukienflytech.vn\/en\/san-pham\/camera-sun-hood-mavic-pro.html#breadcrumb"},"inLanguage":"en-US","potentialAction":[{"@type":"ReadAction","target":["https:\/\/phukienflytech.vn\/en\/san-pham\/camera-sun-hood-mavic-pro.html"]}]},{"@type":"ImageObject","inLanguage":"en-US","@id":"https:\/\/phukienflytech.vn\/en\/san-pham\/camera-sun-hood-mavic-pro.html#primaryimage","url":"https:\/\/phukienflytech.vn\/wp-content\/uploads\/2020\/05\/hood-che-n\u0103ng-camera-mavic-pro-platium-pgytech-phu-kien-flycam-Copy-2.png","contentUrl":"https:\/\/phukienflytech.vn\/wp-content\/uploads\/2020\/05\/hood-che-n\u0103ng-camera-mavic-pro-platium-pgytech-phu-kien-flycam-Copy-2.png","width":300,"height":300},{"@type":"BreadcrumbList","@id":"https:\/\/phukienflytech.vn\/en\/san-pham\/camera-sun-hood-mavic-pro.html#breadcrumb","itemListElement":[{"@type":"ListItem","position":1,"name":"Home","item":"https:\/\/phukienflytech.vn\/en"},{"@type":"ListItem","position":2,"name":"Ph\u1ee5 ki\u1ec7n Mavic Pro","item":"https:\/\/phukienflytech.vn\/en\/phu-kien-mavic-pro.html"},{"@type":"ListItem","position":3,"name":"DJI Osmo &amp; Drone's accessories","item":"https:\/\/phukienflytech.vn\/en\/danh-muc\/dji-osmo-drones-accessories.html"},{"@type":"ListItem","position":4,"name":"Mavic Pro Accessory","item":"https:\/\/phukienflytech.vn\/en\/danh-muc\/mavic-pro-accessory.html"},{"@type":"ListItem","position":5,"name":"Camera sun hood for Mavic Pro &#8211; PGYtech"}]},{"@type":"WebSite","@id":"https:\/\/phukienflytech.vn\/#website","url":"https:\/\/phukienflytech.vn\/","name":"Shop M\u00e1y \u1ea3nh - Action Camera - Gimbal - Flycam - Ph\u1ee5 ki\u1ec7n","description":"Shop M\u00e1y \u1ea3nh - Action Camera - Gimbal - Flycam - Ph\u1ee5 ki\u1ec7n","publisher":{"@id":"https:\/\/phukienflytech.vn\/#organization"},"potentialAction":[{"@type":"SearchAction","target":{"@type":"EntryPoint","urlTemplate":"https:\/\/phukienflytech.vn\/?s={search_term_string}"},"query-input":{"@type":"PropertyValueSpecification","valueRequired":true,"valueName":"search_term_string"}}],"inLanguage":"en-US"},{"@type":"Organization","@id":"https:\/\/phukienflytech.vn\/#organization","name":"DJI Store - Shop Drone, Action camera, Gimbal DJI |Phukienflytech","alternateName":"DJI Store - Shop Drone, Action camera, Gimbal DJI |Phukienflytech","url":"https:\/\/phukienflytech.vn\/","logo":{"@type":"ImageObject","inLanguage":"en-US","@id":"https:\/\/phukienflytech.vn\/#\/schema\/logo\/image\/","url":"https:\/\/phukienflytech.vn\/wp-content\/uploads\/2020\/05\/hAnh_nan.jpg1_.jpg","contentUrl":"https:\/\/phukienflytech.vn\/wp-content\/uploads\/2020\/05\/hAnh_nan.jpg1_.jpg","width":800,"height":450,"caption":"DJI Store - Shop Drone, Action camera, Gimbal DJI |Phukienflytech"},"image":{"@id":"https:\/\/phukienflytech.vn\/#\/schema\/logo\/image\/"},"sameAs":["https:\/\/facebook.com\/phukienflycam","https:\/\/www.youtube.com\/@phukienflytech","https:\/\/www.tiktok.com\/@flytech.channel?fbclid=IwY2xjawGjg7BleHRuA2FlbQIxMAABHYVGmlXpuSMs0UB2zTpYvyT4GMVfN2qJa4urF4vkSQ6FAVBwXZtDP30qQA_aem_UwMiDcUvlEbd2tXAmsc8Og"]}]}},"_links":{"self":[{"href":"https:\/\/phukienflytech.vn\/en\/wp-json\/wp\/v2\/product\/2779","targetHints":{"allow":["GET"]}}],"collection":[{"href":"https:\/\/phukienflytech.vn\/en\/wp-json\/wp\/v2\/product"}],"about":[{"href":"https:\/\/phukienflytech.vn\/en\/wp-json\/wp\/v2\/types\/product"}],"replies":[{"embeddable":true,"href":"https:\/\/phukienflytech.vn\/en\/wp-json\/wp\/v2\/comments?post=2779"}],"wp:featuredmedia":[{"embeddable":true,"href":"https:\/\/phukienflytech.vn\/en\/wp-json\/wp\/v2\/media\/2770"}],"wp:attachment":[{"href":"https:\/\/phukienflytech.vn\/en\/wp-json\/wp\/v2\/media?parent=2779"}],"wp:term":[{"taxonomy":"product_brand","embeddable":true,"href":"https:\/\/phukienflytech.vn\/en\/wp-json\/wp\/v2\/product_brand?post=2779"},{"taxonomy":"product_cat","embeddable":true,"href":"https:\/\/phukienflytech.vn\/en\/wp-json\/wp\/v2\/product_cat?post=2779"},{"taxonomy":"product_tag","embeddable":true,"href":"https:\/\/phukienflytech.vn\/en\/wp-json\/wp\/v2\/product_tag?post=2779"}],"curies":[{"name":"wp","href":"https:\/\/api.w.org\/{rel}","templated":true}]}}