{"id":2845,"date":"2020-06-18T20:29:59","date_gmt":"2020-06-18T13:29:59","guid":{"rendered":"http:\/\/27430.lamdx.vinawebsite.vn\/san-pham\/bo-nep-co-dinh-canh-mavic-pro-pgytech.html"},"modified":"2020-10-18T15:25:24","modified_gmt":"2020-10-18T08:25:24","slug":"mavic-pro-propeller-holder","status":"publish","type":"product","link":"https:\/\/phukienflytech.vn\/en\/san-pham\/mavic-pro-propeller-holder.html","title":{"rendered":"Mavic Pro propeller holder &#8211; PGYtech"},"content":{"rendered":"<h2><span style=\"color: #0000ff;\"><em><strong>Mavic Pro propeller holder<\/strong><\/em><\/span><\/h2>\n<p>&nbsp;<\/p>\n<p><span style=\"font-size: 18px;\">Mavic Pro propeller holder<\/span><\/p>\n<p><span style=\"font-size: 18px;\">B\u1ed9 n\u1eb9p c\u00e1nh mavic pro ch\u00ednh l\u00e0 m\u1ed9t trong nh\u1eefng <em>ph\u1ee5 ki\u1ec7n dji<\/em> v\u00f4 c\u00f9ng c\u1ea7n thi\u1ebft c\u00f3 th\u1ec3 gi\u1ea3i quy\u1ebft v\u1ea5n \u0111\u1ec1 \u0111\u00f3 m\u1ed9t c\u00e1ch \u0111\u01a1n gi\u1ea3n \u0111\u00f3.<\/span><\/p>\n<p><span style=\"font-size: 18px;\"><em>Ph\u1ee5 ki\u1ec7n DJI mavic pro platinum cao c\u1ea5p PGYTECH<\/em><\/span><\/p>\n<p><span style=\"font-size: 18px;\"><em>Ph\u1ee5 ki\u1ec7n dji mavic pro platinum<\/em><\/span><\/p>\n<h2><span style=\"font-size: 18px;\"><img loading=\"lazy\" decoding=\"async\" class=\"alignnone size-medium wp-image-15671\" src=\"https:\/\/phukienflytech.vn\/wp-content\/uploads\/2020\/05\/mavic-\u00b0\u00a6\u00a6\u02dc-\u00bf-O\u00a6T-\u00a6_04-481x400.jpg\" alt=\"\" width=\"481\" height=\"400\" srcset=\"https:\/\/phukienflytech.vn\/wp-content\/uploads\/2020\/05\/mavic-\u00b0\u00a6\u00a6\u02dc-\u00bf-O\u00a6T-\u00a6_04-481x400.jpg 481w, https:\/\/phukienflytech.vn\/wp-content\/uploads\/2020\/05\/mavic-\u00b0\u00a6\u00a6\u02dc-\u00bf-O\u00a6T-\u00a6_04-768x638.jpg 768w, https:\/\/phukienflytech.vn\/wp-content\/uploads\/2020\/05\/mavic-\u00b0\u00a6\u00a6\u02dc-\u00bf-O\u00a6T-\u00a6_04-962x800.jpg 962w, https:\/\/phukienflytech.vn\/wp-content\/uploads\/2020\/05\/mavic-\u00b0\u00a6\u00a6\u02dc-\u00bf-O\u00a6T-\u00a6_04-600x499.jpg 600w, https:\/\/phukienflytech.vn\/wp-content\/uploads\/2020\/05\/mavic-\u00b0\u00a6\u00a6\u02dc-\u00bf-O\u00a6T-\u00a6_04.jpg 1250w\" sizes=\"auto, (max-width: 481px) 100vw, 481px\" \/><\/span><\/h2>\n<p><span style=\"font-size: 18px;\">Khi di chuy\u1ec3n \u0111\u00f4i khi c\u00e1nh c\u1ee7a nh\u1eefng chi\u1ebfc drone c\u1ee7a b\u1ea1n c\u00f3 th\u1ec3 b\u1ecb l\u1ecfng d\u1eabn \u0111\u1ebfn nh\u1eefng h\u01b0 t\u1ed1n, h\u1ecfng h\u00f3c kh\u00f4ng \u0111\u00e1ng c\u00f3.<\/span><\/p>\n<h2><span style=\"font-size: 18px;\"><img loading=\"lazy\" decoding=\"async\" class=\"alignnone wp-image-15673 size-medium\" src=\"https:\/\/phukienflytech.vn\/wp-content\/uploads\/2020\/05\/phu-kien-flycam-dji-mavic-pro-platium-nep-canh-pgytech-Copy201-479x400.jpg\" alt=\"Mavic-Pro-propeller-holder-1\" width=\"479\" height=\"400\" srcset=\"https:\/\/phukienflytech.vn\/wp-content\/uploads\/2020\/05\/phu-kien-flycam-dji-mavic-pro-platium-nep-canh-pgytech-Copy201-479x400.jpg 479w, https:\/\/phukienflytech.vn\/wp-content\/uploads\/2020\/05\/phu-kien-flycam-dji-mavic-pro-platium-nep-canh-pgytech-Copy201-768x641.jpg 768w, https:\/\/phukienflytech.vn\/wp-content\/uploads\/2020\/05\/phu-kien-flycam-dji-mavic-pro-platium-nep-canh-pgytech-Copy201-959x800.jpg 959w, https:\/\/phukienflytech.vn\/wp-content\/uploads\/2020\/05\/phu-kien-flycam-dji-mavic-pro-platium-nep-canh-pgytech-Copy201-600x501.jpg 600w, https:\/\/phukienflytech.vn\/wp-content\/uploads\/2020\/05\/phu-kien-flycam-dji-mavic-pro-platium-nep-canh-pgytech-Copy201.jpg 1250w\" sizes=\"auto, (max-width: 479px) 100vw, 479px\" \/><\/span><\/h2>\n<p><span style=\"font-size: 18px;\">\u0110\u01b0\u1ee3c\u00a0<em>h\u00e3ng PGYTECH<\/em>\u00a0thi\u1ebft k\u1ebf kh\u00e1 \u0111\u01a1n gi\u1ea3n c\u00f9ng ch\u1ea5t li\u1ec7u sillica gel m\u1ec1m gi\u00fap ng\u01b0\u1eddi d\u00f9ng c\u00f3 th\u1ec3 d\u00e0ng s\u1eed d\u1ee5ng m\u00e0 kh\u00f4ng s\u1ee3 l\u00e0m \u1ea3nh h\u01b0\u1edfng g\u00ec \u0111\u1ebfn thi\u1ebft b\u1ecb.<\/span><\/p>\n<h2><span style=\"font-size: 18px;\"><img loading=\"lazy\" decoding=\"async\" class=\"alignnone wp-image-15677 size-medium\" src=\"https:\/\/phukienflytech.vn\/wp-content\/uploads\/2020\/05\/Propeller-holder-5-480x400.jpg\" alt=\"Mavic-Pro-propeller-holder-9\" width=\"480\" height=\"400\" srcset=\"https:\/\/phukienflytech.vn\/wp-content\/uploads\/2020\/05\/Propeller-holder-5-480x400.jpg 480w, https:\/\/phukienflytech.vn\/wp-content\/uploads\/2020\/05\/Propeller-holder-5-768x640.jpg 768w, https:\/\/phukienflytech.vn\/wp-content\/uploads\/2020\/05\/Propeller-holder-5-960x800.jpg 960w, https:\/\/phukienflytech.vn\/wp-content\/uploads\/2020\/05\/Propeller-holder-5-600x500.jpg 600w, https:\/\/phukienflytech.vn\/wp-content\/uploads\/2020\/05\/Propeller-holder-5.jpg 1920w\" sizes=\"auto, (max-width: 480px) 100vw, 480px\" \/><\/span><\/h2>\n<h2><span style=\"font-size: 18px;\">Chi ti\u1ebft b\u1ed9 s\u1ea3n ph\u1ea9m: \u00a0\u00a0<\/span><\/h2>\n<p><span style=\"font-size: 18px;\">Tr\u1ecdng l\u01b0\u1ee3ng: 20g<\/span><\/p>\n<p><span style=\"font-size: 18px;\">Ch\u1ea5t li\u1ec7u: sillca gel<\/span><\/p>\n<p><span style=\"font-size: 18px;\">C\u00f4ng d\u1ee5ng: c\u1ed1 \u0111\u1ecbnh c\u00e1nh khi di chuy\u1ec3n<\/span><\/p>\n<p><span style=\"font-size: 18px;\">H\u00e3ng s\u1ea3n xu\u1ea5t: PGYTECH<\/span><\/p>\n<h2><span style=\"font-size: 18px;\"><img loading=\"lazy\" decoding=\"async\" class=\"alignnone wp-image-15675 size-medium\" src=\"https:\/\/phukienflytech.vn\/wp-content\/uploads\/2020\/05\/phu-kien-flycam-dji-mavic-pro-platium-nep-canh-pgytech-Copy202-479x400.jpg\" alt=\"Mavic-Pro-propeller-holder\" width=\"479\" height=\"400\" srcset=\"https:\/\/phukienflytech.vn\/wp-content\/uploads\/2020\/05\/phu-kien-flycam-dji-mavic-pro-platium-nep-canh-pgytech-Copy202-479x400.jpg 479w, https:\/\/phukienflytech.vn\/wp-content\/uploads\/2020\/05\/phu-kien-flycam-dji-mavic-pro-platium-nep-canh-pgytech-Copy202-768x641.jpg 768w, https:\/\/phukienflytech.vn\/wp-content\/uploads\/2020\/05\/phu-kien-flycam-dji-mavic-pro-platium-nep-canh-pgytech-Copy202-959x800.jpg 959w, https:\/\/phukienflytech.vn\/wp-content\/uploads\/2020\/05\/phu-kien-flycam-dji-mavic-pro-platium-nep-canh-pgytech-Copy202-600x501.jpg 600w, https:\/\/phukienflytech.vn\/wp-content\/uploads\/2020\/05\/phu-kien-flycam-dji-mavic-pro-platium-nep-canh-pgytech-Copy202.jpg 1250w\" sizes=\"auto, (max-width: 479px) 100vw, 479px\" \/><\/span><\/h2>\n<h2><span style=\"font-size: 21px; color: #0000ff;\"><strong>Mua ph\u1ee5 ki\u1ec7n mavic\u00a0\u1edf \u0111\u00e2u?<\/strong><\/span><\/h2>\n<p><span style=\"font-size: 18px;\">N\u1ebfu b\u1ea1n v\u1eabn \u0111ang ph\u00e2n v\u00e2n kh\u00f4ng bi\u1ebft c\u00f3 th\u1ec3 t\u00ecm mua \u0111\u01b0\u1ee3c\u00a0<em>nh\u1eefng ph\u1ee5 ki\u1ec7n dji mavic\u00a0<\/em>ch\u1ea5t l\u01b0\u1ee3ng nh\u1ea5t m\u00e0 kh\u00f4ng c\u1ea7n lo l\u1eafng gi\u00e1 c\u1ee7a s\u1ea3n ph\u1ea9m \u1edf \u0111\u00e2u th\u00ec ph\u1ee5 ki\u1ec7n flycam gi\u00e1 t\u1ed1t ch\u00ednh l\u00e0 n\u01a1i ph\u00f9 h\u1ee3p d\u00e0nh cho b\u1ea1n. H\u00e3y \u0111\u1ebfn v\u1edbi ph\u1ee5 ki\u1ec7n fly-cam gi\u00e1 t\u1ed1t \u0111\u1ec3 c\u00f3 \u0111\u01b0\u1ee3c\u00a0<em>gi\u00e1 mavic platinum<\/em>,\u00a0<em>gi\u00e1 mavic pro,<\/em>..c\u00f9ng v\u1edbi ch\u1ea5t l\u01b0\u1ee3ng t\u1ed1t nh\u1ea5t.<\/span><\/p>\n<p><span style=\"font-size: 19px;\">&gt;&gt; Contact us on: <a href=\"https:\/\/www.facebook.com\/phukienflycam\"><strong>Facebook<\/strong><\/a><\/span><\/p>\n<p><span style=\"font-size: 19px;\"><strong>&gt;&gt; <\/strong>Learn More : <strong><a href=\"https:\/\/phukienflytech.vn\/danh-muc\/phu-kien-mavic-pro.html\">Mavic pro Accessories<\/a><\/strong><\/span><\/p>\n","protected":false},"excerpt":{"rendered":"<p>Mavic Pro propeller holder &nbsp; Mavic Pro propeller holder B\u1ed9 n\u1eb9p c\u00e1nh mavic pro ch\u00ednh l\u00e0 m\u1ed9t trong nh\u1eefng ph\u1ee5 ki\u1ec7n dji v\u00f4 c\u00f9ng c\u1ea7n thi\u1ebft c\u00f3 th\u1ec3 gi\u1ea3i quy\u1ebft v\u1ea5n \u0111\u1ec1 \u0111\u00f3 m\u1ed9t c\u00e1ch \u0111\u01a1n gi\u1ea3n \u0111\u00f3. Ph\u1ee5 ki\u1ec7n DJI mavic pro platinum cao c\u1ea5p PGYTECH Ph\u1ee5 ki\u1ec7n dji mavic pro platinum Khi di &#8230;<\/p>\n","protected":false},"featured_media":2836,"comment_status":"open","ping_status":"closed","template":"","meta":{"_acf_changed":false},"product_brand":[],"product_cat":[178],"product_tag":[223,251],"class_list":{"0":"post-2845","1":"product","2":"type-product","3":"status-publish","4":"has-post-thumbnail","6":"product_cat-mavic-pro-accessory","7":"product_tag-phu-kien-mavic-pro-en","8":"product_tag-phu-kien-pgytech-en","10":"first","11":"instock","12":"shipping-taxable","13":"purchasable","14":"product-type-simple"},"acf":[],"yoast_head":"<!-- This site is optimized with the Yoast SEO plugin v25.7 - https:\/\/yoast.com\/wordpress\/plugins\/seo\/ -->\n<title>Mavic Pro propeller holder - Mavic proaccessory - Available - Original<\/title>\n<meta name=\"description\" content=\"Mavic Pro propeller holder is one of the most important accessory. Contact us to buy Mavic Pro propeller holder for best price, fast shipping\" \/>\n<meta name=\"robots\" content=\"index, follow, max-snippet:-1, max-image-preview:large, max-video-preview:-1\" \/>\n<link rel=\"canonical\" href=\"https:\/\/phukienflytech.vn\/en\/san-pham\/mavic-pro-propeller-holder.html\" \/>\n<meta property=\"og:locale\" content=\"en_US\" \/>\n<meta property=\"og:type\" content=\"article\" \/>\n<meta property=\"og:title\" content=\"Mavic Pro propeller holder - Mavic proaccessory - Available - Original\" \/>\n<meta property=\"og:description\" content=\"Mavic Pro propeller holder is one of the most important accessory. Contact us to buy Mavic Pro propeller holder for best price, fast shipping\" \/>\n<meta property=\"og:url\" content=\"https:\/\/phukienflytech.vn\/en\/san-pham\/mavic-pro-propeller-holder.html\" \/>\n<meta property=\"og:site_name\" content=\"Shop M\u00e1y \u1ea3nh - Action Camera - Gimbal - Flycam - Ph\u1ee5 ki\u1ec7n\" \/>\n<meta property=\"article:publisher\" content=\"https:\/\/facebook.com\/phukienflycam\" \/>\n<meta property=\"article:modified_time\" content=\"2020-10-18T08:25:24+00:00\" \/>\n<meta property=\"og:image\" content=\"https:\/\/phukienflytech.vn\/wp-content\/uploads\/2020\/05\/phu-kien-flycam-dji-mavic-pro-platium-nep-canh-pgytech-Copy2-Copy.png\" \/>\n\t<meta property=\"og:image:width\" content=\"300\" \/>\n\t<meta property=\"og:image:height\" content=\"295\" \/>\n\t<meta property=\"og:image:type\" content=\"image\/png\" \/>\n<meta name=\"twitter:card\" content=\"summary_large_image\" \/>\n<meta name=\"twitter:label1\" content=\"Est. reading time\" \/>\n\t<meta name=\"twitter:data1\" content=\"2 minutes\" \/>\n<script type=\"application\/ld+json\" class=\"yoast-schema-graph\">{\"@context\":\"https:\/\/schema.org\",\"@graph\":[{\"@type\":\"WebPage\",\"@id\":\"https:\/\/phukienflytech.vn\/en\/san-pham\/mavic-pro-propeller-holder.html\",\"url\":\"https:\/\/phukienflytech.vn\/en\/san-pham\/mavic-pro-propeller-holder.html\",\"name\":\"Mavic Pro propeller holder - Mavic proaccessory - Available - Original\",\"isPartOf\":{\"@id\":\"https:\/\/phukienflytech.vn\/#website\"},\"primaryImageOfPage\":{\"@id\":\"https:\/\/phukienflytech.vn\/en\/san-pham\/mavic-pro-propeller-holder.html#primaryimage\"},\"image\":{\"@id\":\"https:\/\/phukienflytech.vn\/en\/san-pham\/mavic-pro-propeller-holder.html#primaryimage\"},\"thumbnailUrl\":\"https:\/\/phukienflytech.vn\/wp-content\/uploads\/2020\/05\/phu-kien-flycam-dji-mavic-pro-platium-nep-canh-pgytech-Copy2-Copy.png\",\"datePublished\":\"2020-06-18T13:29:59+00:00\",\"dateModified\":\"2020-10-18T08:25:24+00:00\",\"description\":\"Mavic Pro propeller holder is one of the most important accessory. Contact us to buy Mavic Pro propeller holder for best price, fast shipping\",\"breadcrumb\":{\"@id\":\"https:\/\/phukienflytech.vn\/en\/san-pham\/mavic-pro-propeller-holder.html#breadcrumb\"},\"inLanguage\":\"en-US\",\"potentialAction\":[{\"@type\":\"ReadAction\",\"target\":[\"https:\/\/phukienflytech.vn\/en\/san-pham\/mavic-pro-propeller-holder.html\"]}]},{\"@type\":\"ImageObject\",\"inLanguage\":\"en-US\",\"@id\":\"https:\/\/phukienflytech.vn\/en\/san-pham\/mavic-pro-propeller-holder.html#primaryimage\",\"url\":\"https:\/\/phukienflytech.vn\/wp-content\/uploads\/2020\/05\/phu-kien-flycam-dji-mavic-pro-platium-nep-canh-pgytech-Copy2-Copy.png\",\"contentUrl\":\"https:\/\/phukienflytech.vn\/wp-content\/uploads\/2020\/05\/phu-kien-flycam-dji-mavic-pro-platium-nep-canh-pgytech-Copy2-Copy.png\",\"width\":300,\"height\":295},{\"@type\":\"BreadcrumbList\",\"@id\":\"https:\/\/phukienflytech.vn\/en\/san-pham\/mavic-pro-propeller-holder.html#breadcrumb\",\"itemListElement\":[{\"@type\":\"ListItem\",\"position\":1,\"name\":\"Home\",\"item\":\"https:\/\/phukienflytech.vn\/en\"},{\"@type\":\"ListItem\",\"position\":2,\"name\":\"Ph\u1ee5 ki\u1ec7n Mavic Pro\",\"item\":\"https:\/\/phukienflytech.vn\/en\/phu-kien-mavic-pro.html\"},{\"@type\":\"ListItem\",\"position\":3,\"name\":\"DJI Osmo &amp; Drone's accessories\",\"item\":\"https:\/\/phukienflytech.vn\/en\/danh-muc\/dji-osmo-drones-accessories.html\"},{\"@type\":\"ListItem\",\"position\":4,\"name\":\"Mavic Pro Accessory\",\"item\":\"https:\/\/phukienflytech.vn\/en\/danh-muc\/mavic-pro-accessory.html\"},{\"@type\":\"ListItem\",\"position\":5,\"name\":\"Mavic Pro propeller holder &#8211; PGYtech\"}]},{\"@type\":\"WebSite\",\"@id\":\"https:\/\/phukienflytech.vn\/#website\",\"url\":\"https:\/\/phukienflytech.vn\/\",\"name\":\"Shop M\u00e1y \u1ea3nh - Action Camera - Gimbal - Flycam - Ph\u1ee5 ki\u1ec7n\",\"description\":\"Shop M\u00e1y \u1ea3nh - Action Camera - Gimbal - Flycam - Ph\u1ee5 ki\u1ec7n\",\"publisher\":{\"@id\":\"https:\/\/phukienflytech.vn\/#organization\"},\"potentialAction\":[{\"@type\":\"SearchAction\",\"target\":{\"@type\":\"EntryPoint\",\"urlTemplate\":\"https:\/\/phukienflytech.vn\/?s={search_term_string}\"},\"query-input\":{\"@type\":\"PropertyValueSpecification\",\"valueRequired\":true,\"valueName\":\"search_term_string\"}}],\"inLanguage\":\"en-US\"},{\"@type\":\"Organization\",\"@id\":\"https:\/\/phukienflytech.vn\/#organization\",\"name\":\"DJI Store - Shop Drone, Action camera, Gimbal DJI |Phukienflytech\",\"alternateName\":\"DJI Store - Shop Drone, Action camera, Gimbal DJI |Phukienflytech\",\"url\":\"https:\/\/phukienflytech.vn\/\",\"logo\":{\"@type\":\"ImageObject\",\"inLanguage\":\"en-US\",\"@id\":\"https:\/\/phukienflytech.vn\/#\/schema\/logo\/image\/\",\"url\":\"https:\/\/phukienflytech.vn\/wp-content\/uploads\/2020\/05\/hAnh_nan.jpg1_.jpg\",\"contentUrl\":\"https:\/\/phukienflytech.vn\/wp-content\/uploads\/2020\/05\/hAnh_nan.jpg1_.jpg\",\"width\":800,\"height\":450,\"caption\":\"DJI Store - Shop Drone, Action camera, Gimbal DJI |Phukienflytech\"},\"image\":{\"@id\":\"https:\/\/phukienflytech.vn\/#\/schema\/logo\/image\/\"},\"sameAs\":[\"https:\/\/facebook.com\/phukienflycam\",\"https:\/\/www.youtube.com\/@phukienflytech\",\"https:\/\/www.tiktok.com\/@flytech.channel?fbclid=IwY2xjawGjg7BleHRuA2FlbQIxMAABHYVGmlXpuSMs0UB2zTpYvyT4GMVfN2qJa4urF4vkSQ6FAVBwXZtDP30qQA_aem_UwMiDcUvlEbd2tXAmsc8Og\"]}]}<\/script>\n<!-- \/ Yoast SEO plugin. -->","yoast_head_json":{"title":"Mavic Pro propeller holder - Mavic proaccessory - Available - Original","description":"Mavic Pro propeller holder is one of the most important accessory. Contact us to buy Mavic Pro propeller holder for best price, fast shipping","robots":{"index":"index","follow":"follow","max-snippet":"max-snippet:-1","max-image-preview":"max-image-preview:large","max-video-preview":"max-video-preview:-1"},"canonical":"https:\/\/phukienflytech.vn\/en\/san-pham\/mavic-pro-propeller-holder.html","og_locale":"en_US","og_type":"article","og_title":"Mavic Pro propeller holder - Mavic proaccessory - Available - Original","og_description":"Mavic Pro propeller holder is one of the most important accessory. Contact us to buy Mavic Pro propeller holder for best price, fast shipping","og_url":"https:\/\/phukienflytech.vn\/en\/san-pham\/mavic-pro-propeller-holder.html","og_site_name":"Shop M\u00e1y \u1ea3nh - Action Camera - Gimbal - Flycam - Ph\u1ee5 ki\u1ec7n","article_publisher":"https:\/\/facebook.com\/phukienflycam","article_modified_time":"2020-10-18T08:25:24+00:00","og_image":[{"width":300,"height":295,"url":"https:\/\/phukienflytech.vn\/wp-content\/uploads\/2020\/05\/phu-kien-flycam-dji-mavic-pro-platium-nep-canh-pgytech-Copy2-Copy.png","type":"image\/png"}],"twitter_card":"summary_large_image","twitter_misc":{"Est. reading time":"2 minutes"},"schema":{"@context":"https:\/\/schema.org","@graph":[{"@type":"WebPage","@id":"https:\/\/phukienflytech.vn\/en\/san-pham\/mavic-pro-propeller-holder.html","url":"https:\/\/phukienflytech.vn\/en\/san-pham\/mavic-pro-propeller-holder.html","name":"Mavic Pro propeller holder - Mavic proaccessory - Available - Original","isPartOf":{"@id":"https:\/\/phukienflytech.vn\/#website"},"primaryImageOfPage":{"@id":"https:\/\/phukienflytech.vn\/en\/san-pham\/mavic-pro-propeller-holder.html#primaryimage"},"image":{"@id":"https:\/\/phukienflytech.vn\/en\/san-pham\/mavic-pro-propeller-holder.html#primaryimage"},"thumbnailUrl":"https:\/\/phukienflytech.vn\/wp-content\/uploads\/2020\/05\/phu-kien-flycam-dji-mavic-pro-platium-nep-canh-pgytech-Copy2-Copy.png","datePublished":"2020-06-18T13:29:59+00:00","dateModified":"2020-10-18T08:25:24+00:00","description":"Mavic Pro propeller holder is one of the most important accessory. Contact us to buy Mavic Pro propeller holder for best price, fast shipping","breadcrumb":{"@id":"https:\/\/phukienflytech.vn\/en\/san-pham\/mavic-pro-propeller-holder.html#breadcrumb"},"inLanguage":"en-US","potentialAction":[{"@type":"ReadAction","target":["https:\/\/phukienflytech.vn\/en\/san-pham\/mavic-pro-propeller-holder.html"]}]},{"@type":"ImageObject","inLanguage":"en-US","@id":"https:\/\/phukienflytech.vn\/en\/san-pham\/mavic-pro-propeller-holder.html#primaryimage","url":"https:\/\/phukienflytech.vn\/wp-content\/uploads\/2020\/05\/phu-kien-flycam-dji-mavic-pro-platium-nep-canh-pgytech-Copy2-Copy.png","contentUrl":"https:\/\/phukienflytech.vn\/wp-content\/uploads\/2020\/05\/phu-kien-flycam-dji-mavic-pro-platium-nep-canh-pgytech-Copy2-Copy.png","width":300,"height":295},{"@type":"BreadcrumbList","@id":"https:\/\/phukienflytech.vn\/en\/san-pham\/mavic-pro-propeller-holder.html#breadcrumb","itemListElement":[{"@type":"ListItem","position":1,"name":"Home","item":"https:\/\/phukienflytech.vn\/en"},{"@type":"ListItem","position":2,"name":"Ph\u1ee5 ki\u1ec7n Mavic Pro","item":"https:\/\/phukienflytech.vn\/en\/phu-kien-mavic-pro.html"},{"@type":"ListItem","position":3,"name":"DJI Osmo &amp; Drone's accessories","item":"https:\/\/phukienflytech.vn\/en\/danh-muc\/dji-osmo-drones-accessories.html"},{"@type":"ListItem","position":4,"name":"Mavic Pro Accessory","item":"https:\/\/phukienflytech.vn\/en\/danh-muc\/mavic-pro-accessory.html"},{"@type":"ListItem","position":5,"name":"Mavic Pro propeller holder &#8211; PGYtech"}]},{"@type":"WebSite","@id":"https:\/\/phukienflytech.vn\/#website","url":"https:\/\/phukienflytech.vn\/","name":"Shop M\u00e1y \u1ea3nh - Action Camera - Gimbal - Flycam - Ph\u1ee5 ki\u1ec7n","description":"Shop M\u00e1y \u1ea3nh - Action Camera - Gimbal - Flycam - Ph\u1ee5 ki\u1ec7n","publisher":{"@id":"https:\/\/phukienflytech.vn\/#organization"},"potentialAction":[{"@type":"SearchAction","target":{"@type":"EntryPoint","urlTemplate":"https:\/\/phukienflytech.vn\/?s={search_term_string}"},"query-input":{"@type":"PropertyValueSpecification","valueRequired":true,"valueName":"search_term_string"}}],"inLanguage":"en-US"},{"@type":"Organization","@id":"https:\/\/phukienflytech.vn\/#organization","name":"DJI Store - Shop Drone, Action camera, Gimbal DJI |Phukienflytech","alternateName":"DJI Store - Shop Drone, Action camera, Gimbal DJI |Phukienflytech","url":"https:\/\/phukienflytech.vn\/","logo":{"@type":"ImageObject","inLanguage":"en-US","@id":"https:\/\/phukienflytech.vn\/#\/schema\/logo\/image\/","url":"https:\/\/phukienflytech.vn\/wp-content\/uploads\/2020\/05\/hAnh_nan.jpg1_.jpg","contentUrl":"https:\/\/phukienflytech.vn\/wp-content\/uploads\/2020\/05\/hAnh_nan.jpg1_.jpg","width":800,"height":450,"caption":"DJI Store - Shop Drone, Action camera, Gimbal DJI |Phukienflytech"},"image":{"@id":"https:\/\/phukienflytech.vn\/#\/schema\/logo\/image\/"},"sameAs":["https:\/\/facebook.com\/phukienflycam","https:\/\/www.youtube.com\/@phukienflytech","https:\/\/www.tiktok.com\/@flytech.channel?fbclid=IwY2xjawGjg7BleHRuA2FlbQIxMAABHYVGmlXpuSMs0UB2zTpYvyT4GMVfN2qJa4urF4vkSQ6FAVBwXZtDP30qQA_aem_UwMiDcUvlEbd2tXAmsc8Og"]}]}},"_links":{"self":[{"href":"https:\/\/phukienflytech.vn\/en\/wp-json\/wp\/v2\/product\/2845","targetHints":{"allow":["GET"]}}],"collection":[{"href":"https:\/\/phukienflytech.vn\/en\/wp-json\/wp\/v2\/product"}],"about":[{"href":"https:\/\/phukienflytech.vn\/en\/wp-json\/wp\/v2\/types\/product"}],"replies":[{"embeddable":true,"href":"https:\/\/phukienflytech.vn\/en\/wp-json\/wp\/v2\/comments?post=2845"}],"wp:featuredmedia":[{"embeddable":true,"href":"https:\/\/phukienflytech.vn\/en\/wp-json\/wp\/v2\/media\/2836"}],"wp:attachment":[{"href":"https:\/\/phukienflytech.vn\/en\/wp-json\/wp\/v2\/media?parent=2845"}],"wp:term":[{"taxonomy":"product_brand","embeddable":true,"href":"https:\/\/phukienflytech.vn\/en\/wp-json\/wp\/v2\/product_brand?post=2845"},{"taxonomy":"product_cat","embeddable":true,"href":"https:\/\/phukienflytech.vn\/en\/wp-json\/wp\/v2\/product_cat?post=2845"},{"taxonomy":"product_tag","embeddable":true,"href":"https:\/\/phukienflytech.vn\/en\/wp-json\/wp\/v2\/product_tag?post=2845"}],"curies":[{"name":"wp","href":"https:\/\/api.w.org\/{rel}","templated":true}]}}