{"id":28549,"date":"2021-06-29T21:23:50","date_gmt":"2021-06-29T14:23:50","guid":{"rendered":"https:\/\/phukienflytech.vn\/san-pham\/osmo-pocket-phone-holder-plus-pgytech.html"},"modified":"2022-01-09T22:56:48","modified_gmt":"2022-01-09T15:56:48","slug":"osmo-pocket-phone-holder-plus-pgytech","status":"publish","type":"product","link":"https:\/\/phukienflytech.vn\/en\/san-pham\/osmo-pocket-phone-holder-plus-pgytech.html","title":{"rendered":"K\u1eb9p \u0111i\u1ec7n tho\u1ea1i Osmo Pocket Phone Holder Plus &#8211; PGYtech"},"content":{"rendered":"<h2 style=\"text-align: justify;\"><span style=\"font-size: 20px; color: #0000ff;\"><strong>Osmo Pocket Phone Holder Plus &#8211; PGYtech<\/strong><\/span><\/h2>\n<p><img loading=\"lazy\" decoding=\"async\" class=\"aligncenter wp-image-28235\" src=\"https:\/\/phukienflytech.vn\/wp-content\/uploads\/2021\/06\/1-9-514x400.jpg\" alt=\"Osmo-Pocket-Phone-Holder-Plus-K\u1eb9p-dien-thoai-chuyen-nghiep-quay-phim\" width=\"850\" height=\"662\" srcset=\"https:\/\/phukienflytech.vn\/wp-content\/uploads\/2021\/06\/1-9-514x400.jpg 514w, https:\/\/phukienflytech.vn\/wp-content\/uploads\/2021\/06\/1-9-1029x800.jpg 1029w, https:\/\/phukienflytech.vn\/wp-content\/uploads\/2021\/06\/1-9-768x597.jpg 768w, https:\/\/phukienflytech.vn\/wp-content\/uploads\/2021\/06\/1-9-600x467.jpg 600w, https:\/\/phukienflytech.vn\/wp-content\/uploads\/2021\/06\/1-9.jpg 1250w\" sizes=\"auto, (max-width: 850px) 100vw, 850px\" \/><\/p>\n<h3 style=\"text-align: center;\"><strong><span style=\"font-size: 14px;\">Ph\u1ee5 ki\u1ec7n Osmo Pocket ch\u00ednh h\u00e3ng PGYtech &#8211; chuy\u00ean nghi\u1ec7p<\/span><\/strong><\/h3>\n<p>.<\/p>\n<h2 style=\"text-align: justify;\"><span style=\"color: #0000ff;\"><strong><span style=\"font-size: 20px;\">Gi\u1edbi thi\u1ec7u: K\u1eb9p \u0111i\u1ec7n tho\u1ea1i quay phim chuy\u00ean nghi\u1ec7p cho Osmo Pocket<\/span><\/strong><\/span><\/h2>\n<p style=\"text-align: justify;\"><span style=\"font-size: 17px;\"><strong>PGYTECH Osmo Pocket Phone Holder<\/strong> <strong>Plus<\/strong> c\u00f3 th\u1ec3 c\u1ed1 \u0111\u1ecbnh OSMO Pocket v\u1edbi \u0111i\u1ec7n tho\u1ea1i di \u0111\u1ed9ng m\u1ed9t c\u00e1ch hi\u1ec7u qu\u1ea3 \u0111\u1ec3 tr\u00e1nh v\u00f4 t\u00ecnh l\u00e0m h\u1ecfng ph\u00edch c\u1eafm d\u1eef li\u1ec7u. N\u00f3 c\u0169ng c\u00f3 th\u1ec3 m\u1edf r\u1ed9ng kh\u1ea3 n\u0103ng s\u1eed d\u1ee5ng c\u1ee7a OSMO Pocket b\u1eb1ng c\u00e1ch s\u1eed d\u1ee5ng giao di\u1ec7n gi\u00e0y l\u1ea1nh d\u00e0nh ri\u00eang v\u00e0 ng\u00e0m 1\/4 \u201d\u0111\u1ec3 g\u1eafn \u0111\u00e8n ch\u1ee5p \u1ea3nh, micr\u00f4, gi\u00e1 ba ch\u00e2n v\u00e0 c\u00e1c thi\u1ebft b\u1ecb kh\u00e1c.<\/span><\/p>\n<p>.<\/p>\n<p><img loading=\"lazy\" decoding=\"async\" class=\"wp-image-28247 aligncenter\" src=\"https:\/\/phukienflytech.vn\/wp-content\/uploads\/2021\/06\/10-2-448x400.jpg\" alt=\"Osmo-Pocket-Phone-Holder-Plus-K\u1eb9p-dien-thoai-chuyen-nghiep-quay-phim-1\" width=\"850\" height=\"759\" srcset=\"https:\/\/phukienflytech.vn\/wp-content\/uploads\/2021\/06\/10-2-448x400.jpg 448w, https:\/\/phukienflytech.vn\/wp-content\/uploads\/2021\/06\/10-2-896x800.jpg 896w, https:\/\/phukienflytech.vn\/wp-content\/uploads\/2021\/06\/10-2-768x686.jpg 768w, https:\/\/phukienflytech.vn\/wp-content\/uploads\/2021\/06\/10-2-600x536.jpg 600w, https:\/\/phukienflytech.vn\/wp-content\/uploads\/2021\/06\/10-2.jpg 1250w\" sizes=\"auto, (max-width: 850px) 100vw, 850px\" \/><\/p>\n<h3 style=\"text-align: center;\"><strong><span style=\"font-size: 14px;\">K\u1eb9p \u0111i\u1ec7n tho\u1ea1i Osmo Pocket &#8211; Ph\u1ee5 ki\u1ec7n chuy\u00ean nghi\u1ec7p &#8211; ti\u1ec7n d\u1ee5ng n\u00ean c\u00f3<\/span><\/strong><\/h3>\n<p>&nbsp;<\/p>\n<p><iframe loading=\"lazy\" src=\"\/\/www.youtube.com\/embed\/8aHzQ_hYIS8?feature=emb_title\" width=\"800\" height=\"449\" allowfullscreen=\"allowfullscreen\"><\/iframe><\/p>\n<h3 style=\"text-align: center;\"><span style=\"font-size: 14px;\"><strong>Ngu\u1ed3n: PGYtech Oficial &#8211; Phukienflytech l\u00e0 nh\u00e0 ph\u00e2n ph\u1ed1i ch\u00ednh th\u1ee9c c\u1ee7a h\u00e3ng t\u1ea1i Vi\u1ec7t Nam<\/strong><\/span><\/h3>\n<p>&nbsp;<\/p>\n<h2 style=\"text-align: justify;\"><span style=\"color: #0000ff;\"><strong><span style=\"font-size: 20px;\">M\u00f4 t\u1ea3 s\u1ea3n ph\u1ea9m : Osmo Pocket Phone Holder Plus &#8211; PGYtech<\/span><\/strong><\/span><\/h2>\n<p style=\"text-align: justify;\"><span style=\"font-size: 17px;\">\u2705 Ch\u00ednh h\u00e3ng:<strong>\u00a0PGYTECH<\/strong><\/span><\/p>\n<p style=\"text-align: justify;\"><span style=\"font-size: 17px;\">\u2705 Ph\u00f9 h\u1ee3p: OSMO Pocket<\/span><\/p>\n<p style=\"text-align: justify;\"><span style=\"font-size: 17px;\">\u2705 Ch\u1ea5t li\u1ec7u: Nh\u00f4m<\/span><\/p>\n<p style=\"text-align: justify;\"><span style=\"font-size: 17px;\">\u2705 Nh\u1ecf g\u1ecdn, d\u1ec5 d\u00e0ng mang theo v\u00e0 s\u1eed d\u1ee5ng<\/span><\/p>\n<p style=\"text-align: justify;\"><span style=\"font-size: 17px;\">\u2705 Kh\u1ed1i l\u01b0\u1ee3ng : 103g<\/span><\/p>\n<p style=\"text-align: justify;\"><span style=\"font-size: 17px;\">\u2705 K\u00edch th\u01b0\u1edbc : 77 mm x 65 mm x 22 mm<\/span><\/p>\n<p>&nbsp;<\/p>\n<p><img loading=\"lazy\" decoding=\"async\" class=\"aligncenter wp-image-28241\" src=\"https:\/\/phukienflytech.vn\/wp-content\/uploads\/2021\/06\/5-8-480x400.jpg\" alt=\"phu-kien-osmo-pocket-phone-holder-phukienflytech-pgytech\" width=\"850\" height=\"708\" srcset=\"https:\/\/phukienflytech.vn\/wp-content\/uploads\/2021\/06\/5-8-480x400.jpg 480w, https:\/\/phukienflytech.vn\/wp-content\/uploads\/2021\/06\/5-8-961x800.jpg 961w, https:\/\/phukienflytech.vn\/wp-content\/uploads\/2021\/06\/5-8-768x640.jpg 768w, https:\/\/phukienflytech.vn\/wp-content\/uploads\/2021\/06\/5-8-600x500.jpg 600w, https:\/\/phukienflytech.vn\/wp-content\/uploads\/2021\/06\/5-8.jpg 1250w\" sizes=\"auto, (max-width: 850px) 100vw, 850px\" \/><\/p>\n<h3 style=\"text-align: center;\"><strong><span style=\"font-size: 14px;\"><em>D\u1ec5 d\u00e0ng s\u1eed d\u1ee5ng v\u00e0 k\u1eb9p r\u1ea5t ch\u1eafc ch\u1eafn<\/em><\/span><\/strong><\/h3>\n<p>&nbsp;<\/p>\n<h2 style=\"text-align: justify;\"><strong><span style=\"font-size: 20px; color: #0000ff;\">C\u00f4ng d\u1ee5ng s\u1ea3n ph\u1ea9m : Osmo Pocket Phone Holder Plus &#8211; PGYtech<\/span><\/strong><\/h2>\n<p style=\"text-align: justify;\"><span style=\"font-size: 17px;\">\u2705 Thi\u1ebft k\u1ebf ph\u1eb3ng c\u00f3 th\u1ec3 g\u1eadp l\u1ea1i; l\u01b0u tr\u1eef thu\u1eadn ti\u1ec7n, xoay c\u00f3 th\u1ec3 g\u1eadp l\u1ea1i, tho\u1ea3i m\u00e1i trong t\u00fai, ti\u1ec7n l\u1ee3i, ph\u1eb3ng \u0111\u1ec3 l\u01b0u tr\u1eef v\u00e0 mang theo.<\/span><\/p>\n<p style=\"text-align: justify;\"><span style=\"font-size: 17px;\">\u2705 D\u1ec5 v\u1eadn h\u00e0nh v\u00e0 an to\u00e0n h\u01a1n<\/span><br \/>\n<span style=\"font-size: 17px;\">\u00a0 \u00a0 \u00a0 B\u1ed9 gi\u00e1 \u0111\u1ee1 di \u0111\u1ed9ng OSMO POCKET c\u00f3 th\u1ec3 s\u1eeda ch\u1eefa hi\u1ec7u qu\u1ea3 OSMO Pocket \/ Pocket 2 v\u1edbi \u0111i\u1ec7n tho\u1ea1i di \u0111\u1ed9ng \u0111\u1ec3 tr\u00e1nh l\u00e0m h\u1ecfng ph\u00edch c\u1eafm d\u1eef li\u1ec7u.<\/span><\/p>\n<p style=\"text-align: justify;\"><span style=\"font-size: 17px;\">\u2705 Cho ph\u00e9p m\u1edf r\u1ed9ng kh\u1ea3 n\u0103ng v\u1edbi \u0111\u00e8n camera, micr\u00f4, ch\u00e2n m\u00e1y v\u00e0 c\u00e1c thi\u1ebft b\u1ecb kh\u00e1c th\u00f4ng qua giao di\u1ec7n gi\u00e0y l\u1ea1nh v\u00e0 1\/4 l\u1ed7 v\u00edt m\u1edf r\u1ed9ng c\u00e1c t\u00ecnh hu\u1ed1ng s\u1eed d\u1ee5ng OSMO Pocket \/ Pocket 2.<\/span><\/p>\n<p><img loading=\"lazy\" decoding=\"async\" class=\"aligncenter wp-image-28542\" src=\"https:\/\/phukienflytech.vn\/wp-content\/uploads\/2021\/06\/Phukienflytech-phu-kien-osmo-pocket-1-499x400.jpg\" alt=\"phu-kien-osmo-pocket-pgytech\" width=\"850\" height=\"681\" srcset=\"https:\/\/phukienflytech.vn\/wp-content\/uploads\/2021\/06\/Phukienflytech-phu-kien-osmo-pocket-1-499x400.jpg 499w, https:\/\/phukienflytech.vn\/wp-content\/uploads\/2021\/06\/Phukienflytech-phu-kien-osmo-pocket-1-998x800.jpg 998w, https:\/\/phukienflytech.vn\/wp-content\/uploads\/2021\/06\/Phukienflytech-phu-kien-osmo-pocket-1-768x616.jpg 768w, https:\/\/phukienflytech.vn\/wp-content\/uploads\/2021\/06\/Phukienflytech-phu-kien-osmo-pocket-1-600x481.jpg 600w, https:\/\/phukienflytech.vn\/wp-content\/uploads\/2021\/06\/Phukienflytech-phu-kien-osmo-pocket-1.jpg 1250w\" sizes=\"auto, (max-width: 850px) 100vw, 850px\" \/><\/p>\n<h3 style=\"text-align: center;\"><strong><span style=\"font-size: 14px;\">Ph\u1ee5 ki\u1ec7n Osmo Pocket \u0111a n\u0103ng &#8211; k\u1ebft h\u1ee3p v\u1edbi r\u1ea5t nhi\u1ec1u ph\u1ee5 ki\u1ec7n kh\u00e1c nhau nh\u01b0 tripod hay s\u1eed d\u1ee5ng tr\u1ef1c ti\u1ebfp v\u1edbi Smart phone c\u1ee7a b\u1ea1n<\/span><\/strong><\/h3>\n<p>&nbsp;<\/p>\n<p><span style=\"font-size: 17px;\">&gt;&gt;<strong> Xem th\u00eam:<\/strong><span style=\"color: #0000ff;\"> <strong><a style=\"color: #0000ff;\" href=\"https:\/\/phukienflytech.vn\/danh-muc\/phu-kien-osmo-pocket.html\" target=\"_blank\" rel=\"noopener\">Ph\u1ee5 ki\u1ec7n Osmo Pocket<\/a><\/strong><\/span><\/span><\/p>\n<p><img loading=\"lazy\" decoding=\"async\" class=\"aligncenter wp-image-28546\" src=\"https:\/\/phukienflytech.vn\/wp-content\/uploads\/2021\/06\/Phukienflytech-phu-kien-osmo-pocket32-687x400.jpg\" alt=\"\" width=\"850\" height=\"495\" srcset=\"https:\/\/phukienflytech.vn\/wp-content\/uploads\/2021\/06\/Phukienflytech-phu-kien-osmo-pocket32-687x400.jpg 687w, https:\/\/phukienflytech.vn\/wp-content\/uploads\/2021\/06\/Phukienflytech-phu-kien-osmo-pocket32-768x447.jpg 768w, https:\/\/phukienflytech.vn\/wp-content\/uploads\/2021\/06\/Phukienflytech-phu-kien-osmo-pocket32-600x349.jpg 600w, https:\/\/phukienflytech.vn\/wp-content\/uploads\/2021\/06\/Phukienflytech-phu-kien-osmo-pocket32.jpg 1250w\" sizes=\"auto, (max-width: 850px) 100vw, 850px\" \/><\/p>\n<p>&nbsp;<\/p>\n<p><img loading=\"lazy\" decoding=\"async\" class=\"aligncenter wp-image-28548\" src=\"https:\/\/phukienflytech.vn\/wp-content\/uploads\/2021\/06\/Phukienflytech-phu-kien-osmo-pocket-2-515x400.jpg\" alt=\"\" width=\"850\" height=\"660\" srcset=\"https:\/\/phukienflytech.vn\/wp-content\/uploads\/2021\/06\/Phukienflytech-phu-kien-osmo-pocket-2-515x400.jpg 515w, https:\/\/phukienflytech.vn\/wp-content\/uploads\/2021\/06\/Phukienflytech-phu-kien-osmo-pocket-2-1030x800.jpg 1030w, https:\/\/phukienflytech.vn\/wp-content\/uploads\/2021\/06\/Phukienflytech-phu-kien-osmo-pocket-2-768x597.jpg 768w, https:\/\/phukienflytech.vn\/wp-content\/uploads\/2021\/06\/Phukienflytech-phu-kien-osmo-pocket-2-600x466.jpg 600w, https:\/\/phukienflytech.vn\/wp-content\/uploads\/2021\/06\/Phukienflytech-phu-kien-osmo-pocket-2.jpg 1250w\" sizes=\"auto, (max-width: 850px) 100vw, 850px\" \/><\/p>\n<p>&nbsp;<\/p>\n<h2 style=\"text-align: justify;\"><strong><span style=\"font-size: 20px; color: #0000ff;\">H\u01b0\u1edbng d\u1eabn b\u1ea3o qu\u1ea3n :\u00a0<\/span><\/strong><\/h2>\n<p style=\"text-align: justify;\"><span style=\"font-size: 17px;\">\u2705 Sau khi s\u1eed d\u1ee5ng, n\u1ebfu kh\u00f4ng d\u00f9ng h\u00e3y c\u1ea5t v\u00e0o h\u1ed9p \u0111\u1ef1ng chuy\u00ean d\u1ee5ng \u0111\u1ec3 tr\u00e1nh ngo\u1ea1i l\u1ef1c t\u00e1c \u0111\u1ed9ng<\/span><\/p>\n<p style=\"text-align: justify;\"><span style=\"font-size: 17px;\">\u2705 B\u1ea3o qu\u1ea3n n\u01a1i kh\u00f4 tho\u00e1ng, tr\u00e1nh nh\u1eefng n\u01a1i c\u00f3 nhi\u1ec7t \u0111\u1ed9 cao<\/span><\/p>\n<p><img loading=\"lazy\" decoding=\"async\" class=\"aligncenter wp-image-28249\" src=\"https:\/\/phukienflytech.vn\/wp-content\/uploads\/2021\/06\/11-1-467x400.jpg\" alt=\"phukienflytech-phu-kien-osmo-pocket\" width=\"850\" height=\"728\" srcset=\"https:\/\/phukienflytech.vn\/wp-content\/uploads\/2021\/06\/11-1-467x400.jpg 467w, https:\/\/phukienflytech.vn\/wp-content\/uploads\/2021\/06\/11-1-934x800.jpg 934w, https:\/\/phukienflytech.vn\/wp-content\/uploads\/2021\/06\/11-1-768x658.jpg 768w, https:\/\/phukienflytech.vn\/wp-content\/uploads\/2021\/06\/11-1-600x514.jpg 600w, https:\/\/phukienflytech.vn\/wp-content\/uploads\/2021\/06\/11-1.jpg 1250w\" sizes=\"auto, (max-width: 850px) 100vw, 850px\" \/><\/p>\n<p>&nbsp;<\/p>\n<p><span style=\"font-size: 17px;\"><strong>&gt;&gt; Admin lu\u00f4n s\u1eb5n s\u00e0ng tr\u00ean:<\/strong> <strong><a href=\"https:\/\/fb.com\/phukienflycam\" target=\"_blank\" rel=\"noopener\">Fanpage<\/a><\/strong><\/span><\/p>\n","protected":false},"excerpt":{"rendered":"<p>Osmo Pocket Phone Holder Plus &#8211; PGYtech Ph\u1ee5 ki\u1ec7n Osmo Pocket ch\u00ednh h\u00e3ng PGYtech &#8211; chuy\u00ean nghi\u1ec7p . Gi\u1edbi thi\u1ec7u: K\u1eb9p \u0111i\u1ec7n tho\u1ea1i quay phim chuy\u00ean nghi\u1ec7p cho Osmo Pocket PGYTECH Osmo Pocket Phone Holder Plus c\u00f3 th\u1ec3 c\u1ed1 \u0111\u1ecbnh OSMO Pocket v\u1edbi \u0111i\u1ec7n tho\u1ea1i di \u0111\u1ed9ng m\u1ed9t c\u00e1ch hi\u1ec7u qu\u1ea3 \u0111\u1ec3 tr\u00e1nh v\u00f4 t\u00ecnh &#8230;<\/p>\n","protected":false},"featured_media":28233,"comment_status":"open","ping_status":"closed","template":"","meta":{"_acf_changed":false},"product_brand":[],"product_cat":[791],"product_tag":[],"class_list":{"0":"post-28549","1":"product","2":"type-product","3":"status-publish","4":"has-post-thumbnail","6":"product_cat-chua-phan-loai","8":"first","9":"instock","10":"shipping-taxable","11":"purchasable","12":"product-type-simple"},"acf":[],"yoast_head":"<!-- This site is optimized with the Yoast SEO plugin v25.7 - https:\/\/yoast.com\/wordpress\/plugins\/seo\/ -->\n<title>Osmo Pocket Phone Holder Plus - PGYtech - K\u1eb9p \u0111i\u1ec7n tho\u1ea1i quay phim<\/title>\n<meta name=\"description\" content=\"Osmo Pocket Phone Holder Plus - PGYtech l\u00e0 k\u1eb9p \u0111i\u1ec7n tho\u1ea1i quay phim cho DJI Osmo Pocket chuy\u00ean nghi\u1ec7p, c\u00f3 th\u1ec3 k\u1ebft h\u1ee3p v\u1edbi c\u00e1c ph\u1ee5 ki\u1ec7n kh\u00e1c.\" \/>\n<meta name=\"robots\" content=\"index, follow, max-snippet:-1, max-image-preview:large, max-video-preview:-1\" \/>\n<link rel=\"canonical\" href=\"https:\/\/phukienflytech.vn\/en\/san-pham\/osmo-pocket-phone-holder-plus-pgytech.html\" \/>\n<meta property=\"og:locale\" content=\"en_US\" \/>\n<meta property=\"og:type\" content=\"article\" \/>\n<meta property=\"og:title\" content=\"Osmo Pocket Phone Holder Plus - PGYtech - K\u1eb9p \u0111i\u1ec7n tho\u1ea1i quay phim\" \/>\n<meta property=\"og:description\" content=\"Osmo Pocket Phone Holder Plus - PGYtech l\u00e0 k\u1eb9p \u0111i\u1ec7n tho\u1ea1i quay phim cho DJI Osmo Pocket chuy\u00ean nghi\u1ec7p, c\u00f3 th\u1ec3 k\u1ebft h\u1ee3p v\u1edbi c\u00e1c ph\u1ee5 ki\u1ec7n kh\u00e1c.\" \/>\n<meta property=\"og:url\" content=\"https:\/\/phukienflytech.vn\/en\/san-pham\/osmo-pocket-phone-holder-plus-pgytech.html\" \/>\n<meta property=\"og:site_name\" content=\"Shop M\u00e1y \u1ea3nh - Action Camera - Gimbal - Flycam - Ph\u1ee5 ki\u1ec7n\" \/>\n<meta property=\"article:publisher\" content=\"https:\/\/facebook.com\/phukienflycam\" \/>\n<meta property=\"article:modified_time\" content=\"2022-01-09T15:56:48+00:00\" \/>\n<meta property=\"og:image\" content=\"https:\/\/phukienflytech.vn\/wp-content\/uploads\/2021\/06\/6_29_2021-9_02_13-PM.png\" \/>\n\t<meta property=\"og:image:width\" content=\"1060\" \/>\n\t<meta property=\"og:image:height\" content=\"1060\" \/>\n\t<meta property=\"og:image:type\" content=\"image\/png\" \/>\n<meta name=\"twitter:card\" content=\"summary_large_image\" \/>\n<meta name=\"twitter:label1\" content=\"Est. reading time\" \/>\n\t<meta name=\"twitter:data1\" content=\"3 minutes\" \/>\n<script type=\"application\/ld+json\" class=\"yoast-schema-graph\">{\"@context\":\"https:\/\/schema.org\",\"@graph\":[{\"@type\":\"WebPage\",\"@id\":\"https:\/\/phukienflytech.vn\/en\/san-pham\/osmo-pocket-phone-holder-plus-pgytech.html\",\"url\":\"https:\/\/phukienflytech.vn\/en\/san-pham\/osmo-pocket-phone-holder-plus-pgytech.html\",\"name\":\"Osmo Pocket Phone Holder Plus - PGYtech - K\u1eb9p \u0111i\u1ec7n tho\u1ea1i quay phim\",\"isPartOf\":{\"@id\":\"https:\/\/phukienflytech.vn\/#website\"},\"primaryImageOfPage\":{\"@id\":\"https:\/\/phukienflytech.vn\/en\/san-pham\/osmo-pocket-phone-holder-plus-pgytech.html#primaryimage\"},\"image\":{\"@id\":\"https:\/\/phukienflytech.vn\/en\/san-pham\/osmo-pocket-phone-holder-plus-pgytech.html#primaryimage\"},\"thumbnailUrl\":\"https:\/\/phukienflytech.vn\/wp-content\/uploads\/2021\/06\/6_29_2021-9_02_13-PM.png\",\"datePublished\":\"2021-06-29T14:23:50+00:00\",\"dateModified\":\"2022-01-09T15:56:48+00:00\",\"description\":\"Osmo Pocket Phone Holder Plus - PGYtech l\u00e0 k\u1eb9p \u0111i\u1ec7n tho\u1ea1i quay phim cho DJI Osmo Pocket chuy\u00ean nghi\u1ec7p, c\u00f3 th\u1ec3 k\u1ebft h\u1ee3p v\u1edbi c\u00e1c ph\u1ee5 ki\u1ec7n kh\u00e1c.\",\"breadcrumb\":{\"@id\":\"https:\/\/phukienflytech.vn\/en\/san-pham\/osmo-pocket-phone-holder-plus-pgytech.html#breadcrumb\"},\"inLanguage\":\"en-US\",\"potentialAction\":[{\"@type\":\"ReadAction\",\"target\":[\"https:\/\/phukienflytech.vn\/en\/san-pham\/osmo-pocket-phone-holder-plus-pgytech.html\"]}]},{\"@type\":\"ImageObject\",\"inLanguage\":\"en-US\",\"@id\":\"https:\/\/phukienflytech.vn\/en\/san-pham\/osmo-pocket-phone-holder-plus-pgytech.html#primaryimage\",\"url\":\"https:\/\/phukienflytech.vn\/wp-content\/uploads\/2021\/06\/6_29_2021-9_02_13-PM.png\",\"contentUrl\":\"https:\/\/phukienflytech.vn\/wp-content\/uploads\/2021\/06\/6_29_2021-9_02_13-PM.png\",\"width\":1060,\"height\":1060},{\"@type\":\"BreadcrumbList\",\"@id\":\"https:\/\/phukienflytech.vn\/en\/san-pham\/osmo-pocket-phone-holder-plus-pgytech.html#breadcrumb\",\"itemListElement\":[{\"@type\":\"ListItem\",\"position\":1,\"name\":\"Home\",\"item\":\"https:\/\/phukienflytech.vn\/en\"},{\"@type\":\"ListItem\",\"position\":2,\"name\":\"Ph\u1ee5 ki\u1ec7n Mavic Pro\",\"item\":\"https:\/\/phukienflytech.vn\/en\/phu-kien-mavic-pro.html\"},{\"@type\":\"ListItem\",\"position\":3,\"name\":\"S\u1ea3n ph\u1ea9m m\u1edbi v\u1ec1\",\"item\":\"https:\/\/phukienflytech.vn\/danh-muc\/san-pham-moi-ve.html\"},{\"@type\":\"ListItem\",\"position\":4,\"name\":\"K\u1eb9p \u0111i\u1ec7n tho\u1ea1i Osmo Pocket Phone Holder Plus &#8211; PGYtech\"}]},{\"@type\":\"WebSite\",\"@id\":\"https:\/\/phukienflytech.vn\/#website\",\"url\":\"https:\/\/phukienflytech.vn\/\",\"name\":\"Shop M\u00e1y \u1ea3nh - Action Camera - Gimbal - Flycam - Ph\u1ee5 ki\u1ec7n\",\"description\":\"Shop M\u00e1y \u1ea3nh - Action Camera - Gimbal - Flycam - Ph\u1ee5 ki\u1ec7n\",\"publisher\":{\"@id\":\"https:\/\/phukienflytech.vn\/#organization\"},\"potentialAction\":[{\"@type\":\"SearchAction\",\"target\":{\"@type\":\"EntryPoint\",\"urlTemplate\":\"https:\/\/phukienflytech.vn\/?s={search_term_string}\"},\"query-input\":{\"@type\":\"PropertyValueSpecification\",\"valueRequired\":true,\"valueName\":\"search_term_string\"}}],\"inLanguage\":\"en-US\"},{\"@type\":\"Organization\",\"@id\":\"https:\/\/phukienflytech.vn\/#organization\",\"name\":\"DJI Store - Shop Drone, Action camera, Gimbal DJI |Phukienflytech\",\"alternateName\":\"DJI Store - Shop Drone, Action camera, Gimbal DJI |Phukienflytech\",\"url\":\"https:\/\/phukienflytech.vn\/\",\"logo\":{\"@type\":\"ImageObject\",\"inLanguage\":\"en-US\",\"@id\":\"https:\/\/phukienflytech.vn\/#\/schema\/logo\/image\/\",\"url\":\"https:\/\/phukienflytech.vn\/wp-content\/uploads\/2020\/05\/hAnh_nan.jpg1_.jpg\",\"contentUrl\":\"https:\/\/phukienflytech.vn\/wp-content\/uploads\/2020\/05\/hAnh_nan.jpg1_.jpg\",\"width\":800,\"height\":450,\"caption\":\"DJI Store - Shop Drone, Action camera, Gimbal DJI |Phukienflytech\"},\"image\":{\"@id\":\"https:\/\/phukienflytech.vn\/#\/schema\/logo\/image\/\"},\"sameAs\":[\"https:\/\/facebook.com\/phukienflycam\",\"https:\/\/www.youtube.com\/@phukienflytech\",\"https:\/\/www.tiktok.com\/@flytech.channel?fbclid=IwY2xjawGjg7BleHRuA2FlbQIxMAABHYVGmlXpuSMs0UB2zTpYvyT4GMVfN2qJa4urF4vkSQ6FAVBwXZtDP30qQA_aem_UwMiDcUvlEbd2tXAmsc8Og\"]}]}<\/script>\n<!-- \/ Yoast SEO plugin. -->","yoast_head_json":{"title":"Osmo Pocket Phone Holder Plus - PGYtech - K\u1eb9p \u0111i\u1ec7n tho\u1ea1i quay phim","description":"Osmo Pocket Phone Holder Plus - PGYtech l\u00e0 k\u1eb9p \u0111i\u1ec7n tho\u1ea1i quay phim cho DJI Osmo Pocket chuy\u00ean nghi\u1ec7p, c\u00f3 th\u1ec3 k\u1ebft h\u1ee3p v\u1edbi c\u00e1c ph\u1ee5 ki\u1ec7n kh\u00e1c.","robots":{"index":"index","follow":"follow","max-snippet":"max-snippet:-1","max-image-preview":"max-image-preview:large","max-video-preview":"max-video-preview:-1"},"canonical":"https:\/\/phukienflytech.vn\/en\/san-pham\/osmo-pocket-phone-holder-plus-pgytech.html","og_locale":"en_US","og_type":"article","og_title":"Osmo Pocket Phone Holder Plus - PGYtech - K\u1eb9p \u0111i\u1ec7n tho\u1ea1i quay phim","og_description":"Osmo Pocket Phone Holder Plus - PGYtech l\u00e0 k\u1eb9p \u0111i\u1ec7n tho\u1ea1i quay phim cho DJI Osmo Pocket chuy\u00ean nghi\u1ec7p, c\u00f3 th\u1ec3 k\u1ebft h\u1ee3p v\u1edbi c\u00e1c ph\u1ee5 ki\u1ec7n kh\u00e1c.","og_url":"https:\/\/phukienflytech.vn\/en\/san-pham\/osmo-pocket-phone-holder-plus-pgytech.html","og_site_name":"Shop M\u00e1y \u1ea3nh - Action Camera - Gimbal - Flycam - Ph\u1ee5 ki\u1ec7n","article_publisher":"https:\/\/facebook.com\/phukienflycam","article_modified_time":"2022-01-09T15:56:48+00:00","og_image":[{"width":1060,"height":1060,"url":"https:\/\/phukienflytech.vn\/wp-content\/uploads\/2021\/06\/6_29_2021-9_02_13-PM.png","type":"image\/png"}],"twitter_card":"summary_large_image","twitter_misc":{"Est. reading time":"3 minutes"},"schema":{"@context":"https:\/\/schema.org","@graph":[{"@type":"WebPage","@id":"https:\/\/phukienflytech.vn\/en\/san-pham\/osmo-pocket-phone-holder-plus-pgytech.html","url":"https:\/\/phukienflytech.vn\/en\/san-pham\/osmo-pocket-phone-holder-plus-pgytech.html","name":"Osmo Pocket Phone Holder Plus - PGYtech - K\u1eb9p \u0111i\u1ec7n tho\u1ea1i quay phim","isPartOf":{"@id":"https:\/\/phukienflytech.vn\/#website"},"primaryImageOfPage":{"@id":"https:\/\/phukienflytech.vn\/en\/san-pham\/osmo-pocket-phone-holder-plus-pgytech.html#primaryimage"},"image":{"@id":"https:\/\/phukienflytech.vn\/en\/san-pham\/osmo-pocket-phone-holder-plus-pgytech.html#primaryimage"},"thumbnailUrl":"https:\/\/phukienflytech.vn\/wp-content\/uploads\/2021\/06\/6_29_2021-9_02_13-PM.png","datePublished":"2021-06-29T14:23:50+00:00","dateModified":"2022-01-09T15:56:48+00:00","description":"Osmo Pocket Phone Holder Plus - PGYtech l\u00e0 k\u1eb9p \u0111i\u1ec7n tho\u1ea1i quay phim cho DJI Osmo Pocket chuy\u00ean nghi\u1ec7p, c\u00f3 th\u1ec3 k\u1ebft h\u1ee3p v\u1edbi c\u00e1c ph\u1ee5 ki\u1ec7n kh\u00e1c.","breadcrumb":{"@id":"https:\/\/phukienflytech.vn\/en\/san-pham\/osmo-pocket-phone-holder-plus-pgytech.html#breadcrumb"},"inLanguage":"en-US","potentialAction":[{"@type":"ReadAction","target":["https:\/\/phukienflytech.vn\/en\/san-pham\/osmo-pocket-phone-holder-plus-pgytech.html"]}]},{"@type":"ImageObject","inLanguage":"en-US","@id":"https:\/\/phukienflytech.vn\/en\/san-pham\/osmo-pocket-phone-holder-plus-pgytech.html#primaryimage","url":"https:\/\/phukienflytech.vn\/wp-content\/uploads\/2021\/06\/6_29_2021-9_02_13-PM.png","contentUrl":"https:\/\/phukienflytech.vn\/wp-content\/uploads\/2021\/06\/6_29_2021-9_02_13-PM.png","width":1060,"height":1060},{"@type":"BreadcrumbList","@id":"https:\/\/phukienflytech.vn\/en\/san-pham\/osmo-pocket-phone-holder-plus-pgytech.html#breadcrumb","itemListElement":[{"@type":"ListItem","position":1,"name":"Home","item":"https:\/\/phukienflytech.vn\/en"},{"@type":"ListItem","position":2,"name":"Ph\u1ee5 ki\u1ec7n Mavic Pro","item":"https:\/\/phukienflytech.vn\/en\/phu-kien-mavic-pro.html"},{"@type":"ListItem","position":3,"name":"S\u1ea3n ph\u1ea9m m\u1edbi v\u1ec1","item":"https:\/\/phukienflytech.vn\/danh-muc\/san-pham-moi-ve.html"},{"@type":"ListItem","position":4,"name":"K\u1eb9p \u0111i\u1ec7n tho\u1ea1i Osmo Pocket Phone Holder Plus &#8211; PGYtech"}]},{"@type":"WebSite","@id":"https:\/\/phukienflytech.vn\/#website","url":"https:\/\/phukienflytech.vn\/","name":"Shop M\u00e1y \u1ea3nh - Action Camera - Gimbal - Flycam - Ph\u1ee5 ki\u1ec7n","description":"Shop M\u00e1y \u1ea3nh - Action Camera - Gimbal - Flycam - Ph\u1ee5 ki\u1ec7n","publisher":{"@id":"https:\/\/phukienflytech.vn\/#organization"},"potentialAction":[{"@type":"SearchAction","target":{"@type":"EntryPoint","urlTemplate":"https:\/\/phukienflytech.vn\/?s={search_term_string}"},"query-input":{"@type":"PropertyValueSpecification","valueRequired":true,"valueName":"search_term_string"}}],"inLanguage":"en-US"},{"@type":"Organization","@id":"https:\/\/phukienflytech.vn\/#organization","name":"DJI Store - Shop Drone, Action camera, Gimbal DJI |Phukienflytech","alternateName":"DJI Store - Shop Drone, Action camera, Gimbal DJI |Phukienflytech","url":"https:\/\/phukienflytech.vn\/","logo":{"@type":"ImageObject","inLanguage":"en-US","@id":"https:\/\/phukienflytech.vn\/#\/schema\/logo\/image\/","url":"https:\/\/phukienflytech.vn\/wp-content\/uploads\/2020\/05\/hAnh_nan.jpg1_.jpg","contentUrl":"https:\/\/phukienflytech.vn\/wp-content\/uploads\/2020\/05\/hAnh_nan.jpg1_.jpg","width":800,"height":450,"caption":"DJI Store - Shop Drone, Action camera, Gimbal DJI |Phukienflytech"},"image":{"@id":"https:\/\/phukienflytech.vn\/#\/schema\/logo\/image\/"},"sameAs":["https:\/\/facebook.com\/phukienflycam","https:\/\/www.youtube.com\/@phukienflytech","https:\/\/www.tiktok.com\/@flytech.channel?fbclid=IwY2xjawGjg7BleHRuA2FlbQIxMAABHYVGmlXpuSMs0UB2zTpYvyT4GMVfN2qJa4urF4vkSQ6FAVBwXZtDP30qQA_aem_UwMiDcUvlEbd2tXAmsc8Og"]}]}},"_links":{"self":[{"href":"https:\/\/phukienflytech.vn\/en\/wp-json\/wp\/v2\/product\/28549","targetHints":{"allow":["GET"]}}],"collection":[{"href":"https:\/\/phukienflytech.vn\/en\/wp-json\/wp\/v2\/product"}],"about":[{"href":"https:\/\/phukienflytech.vn\/en\/wp-json\/wp\/v2\/types\/product"}],"replies":[{"embeddable":true,"href":"https:\/\/phukienflytech.vn\/en\/wp-json\/wp\/v2\/comments?post=28549"}],"wp:featuredmedia":[{"embeddable":true,"href":"https:\/\/phukienflytech.vn\/en\/wp-json\/wp\/v2\/media\/28233"}],"wp:attachment":[{"href":"https:\/\/phukienflytech.vn\/en\/wp-json\/wp\/v2\/media?parent=28549"}],"wp:term":[{"taxonomy":"product_brand","embeddable":true,"href":"https:\/\/phukienflytech.vn\/en\/wp-json\/wp\/v2\/product_brand?post=28549"},{"taxonomy":"product_cat","embeddable":true,"href":"https:\/\/phukienflytech.vn\/en\/wp-json\/wp\/v2\/product_cat?post=28549"},{"taxonomy":"product_tag","embeddable":true,"href":"https:\/\/phukienflytech.vn\/en\/wp-json\/wp\/v2\/product_tag?post=28549"}],"curies":[{"name":"wp","href":"https:\/\/api.w.org\/{rel}","templated":true}]}}