{"id":28550,"date":"2021-06-29T21:09:12","date_gmt":"2021-06-29T14:09:12","guid":{"rendered":"https:\/\/phukienflytech.vn\/san-pham\/action-camera-strap-holder-pgytech.html"},"modified":"2022-01-09T22:58:08","modified_gmt":"2022-01-09T15:58:08","slug":"action-camera-strap-holder-pgytech","status":"publish","type":"product","link":"https:\/\/phukienflytech.vn\/en\/san-pham\/action-camera-strap-holder-pgytech.html","title":{"rendered":"B\u1ed9 k\u1eb9p gi\u1eef Action Camera Strap Holder &#8211; PGYtech"},"content":{"rendered":"<h2 style=\"text-align: justify;\"><span style=\"color: #0000ff; font-size: 20px;\"><strong>B\u1ed9 k\u1eb9p Action Camera Strap Holder &#8211; PGYtech<\/strong><\/span><\/h2>\n<p style=\"text-align: justify;\"><img loading=\"lazy\" decoding=\"async\" class=\"aligncenter wp-image-28552\" src=\"https:\/\/phukienflytech.vn\/wp-content\/uploads\/2021\/06\/pgytech-action-camera-strap-holder-phukienflytech-507x400.jpg\" alt=\"B\u1ed9-k\u1eb9p-Action-Camera-Strap-Holder-pgytech\" width=\"850\" height=\"671\" srcset=\"https:\/\/phukienflytech.vn\/wp-content\/uploads\/2021\/06\/pgytech-action-camera-strap-holder-phukienflytech-507x400.jpg 507w, https:\/\/phukienflytech.vn\/wp-content\/uploads\/2021\/06\/pgytech-action-camera-strap-holder-phukienflytech-768x606.jpg 768w, https:\/\/phukienflytech.vn\/wp-content\/uploads\/2021\/06\/pgytech-action-camera-strap-holder-phukienflytech-600x473.jpg 600w, https:\/\/phukienflytech.vn\/wp-content\/uploads\/2021\/06\/pgytech-action-camera-strap-holder-phukienflytech.jpg 900w\" sizes=\"auto, (max-width: 850px) 100vw, 850px\" \/><\/p>\n<h3 style=\"text-align: center;\"><strong><span style=\"font-size: 14px;\">B\u1ed9 k\u1eb9p gi\u1eef action camera, osmo pocket quay phim gi\u00fap b\u1ea1n r\u1ea3nh tay thao t\u00e1c h\u01a1n\u00a0<\/span><\/strong><\/h3>\n<p>&nbsp;<\/p>\n<h2 style=\"text-align: justify;\"><span style=\"font-size: 20px; color: #0000ff;\"><strong>Gi\u1edbi thi\u1ec7u s\u1ea3n ph\u1ea9m : Action Camera Strap Holder &#8211; PGYtech<\/strong><\/span><\/h2>\n<p style=\"text-align: justify;\"><span style=\"font-size: 17px;\">Gi\u00e1 \u0111\u1ee1 d\u00e2y \u0111eo m\u00e1y \u1ea3nh h\u00e0nh \u0111\u1ed9ng PGYTECH c\u00f3 th\u1ec3 \u0111\u01b0\u1ee3c s\u1eed d\u1ee5ng m\u1ed9t c\u00e1ch an to\u00e0n v\u00e0 hi\u1ec7u qu\u1ea3 \u0111\u1ec3 c\u1ed1 \u0111\u1ecbnh OSMO Pocket, GoPro v\u00e0 c\u00e1c m\u00e1y \u1ea3nh h\u00e0nh \u0111\u1ed9ng kh\u00e1c v\u1edbi giao di\u1ec7n ph\u1ed5 bi\u1ebfn c\u1ee7a GoPro trong d\u00e2y \u0111eo vai c\u1ee7a ba l\u00f4.<\/span><\/p>\n<p><iframe loading=\"lazy\" src=\"\/\/www.youtube.com\/embed\/biSO24-buj4?feature=emb_title\" width=\"800\" height=\"449\" allowfullscreen=\"allowfullscreen\"><\/iframe><\/p>\n<h3 style=\"text-align: center;\"><strong><span style=\"font-size: 14px;\">Ngu\u1ed3n: PGYtech &#8211; Phukienflytech l\u00e0 nh\u00e0 ph\u00e2n ph\u1ed1i ch\u00ednh th\u1ee9c t\u1ea1i Vi\u1ec7t Nam<\/span><\/strong><\/h3>\n<p>&nbsp;<\/p>\n<p style=\"text-align: justify;\"><span style=\"font-size: 17px;\">N\u00f3 c\u00f3 th\u1ec3 \u0111i\u1ec1u ch\u1ec9nh \u0111\u01b0\u1ee3c;\u00a0\u0111\u00e1p \u1ee9ng \u0111\u1ed9 d\u00e0y c\u1ee7a h\u1ea7u h\u1ebft c\u00e1c d\u00e2y \u0111eo ba l\u00f4, n\u00e2ng cao tr\u1ea3i nghi\u1ec7m ch\u1ee5p \u1ea3nh.\u00a0Thi\u1ebft k\u1ebf th\u00e1o l\u1eafp nhanh gi\u00fap g\u1eafn v\u00e0 th\u00e1o m\u00e1y \u1ea3nh nhanh ch\u00f3ng.<\/span><\/p>\n<p style=\"text-align: justify;\"><img loading=\"lazy\" decoding=\"async\" class=\"aligncenter wp-image-28556\" src=\"https:\/\/phukienflytech.vn\/wp-content\/uploads\/2021\/06\/pgytech-action-camera-strap-holder-phukienflytech2-481x400.jpg\" alt=\"B\u1ed9-k\u1eb9p-Action-Camera-Strap-Holder-pgytech-phukienflytech\" width=\"850\" height=\"706\" srcset=\"https:\/\/phukienflytech.vn\/wp-content\/uploads\/2021\/06\/pgytech-action-camera-strap-holder-phukienflytech2-481x400.jpg 481w, https:\/\/phukienflytech.vn\/wp-content\/uploads\/2021\/06\/pgytech-action-camera-strap-holder-phukienflytech2-768x638.jpg 768w, https:\/\/phukienflytech.vn\/wp-content\/uploads\/2021\/06\/pgytech-action-camera-strap-holder-phukienflytech2-600x499.jpg 600w, https:\/\/phukienflytech.vn\/wp-content\/uploads\/2021\/06\/pgytech-action-camera-strap-holder-phukienflytech2.jpg 900w\" sizes=\"auto, (max-width: 850px) 100vw, 850px\" \/><\/p>\n<h3 style=\"text-align: center;\"><strong><span style=\"font-size: 14px;\">Thi\u1ebft k\u1ebf \u0111\u1ec9nh cao, tho\u1ea3i m\u00e1i g\u00f3c ch\u1ec9nh linh ho\u1ea1t &#8211; m\u1ed9t s\u1ea3n ph\u1ea9m c\u1ee7a PGYtech<\/span><\/strong><\/h3>\n<p>&nbsp;<\/p>\n<h2 style=\"text-align: justify;\"><strong><span style=\"font-size: 20px; color: #0000ff;\">M\u00f4 t\u1ea3 s\u1ea3n ph\u1ea9m : Action Camera Strap Holder &#8211; PGYtech<\/span><\/strong><\/h2>\n<p style=\"text-align: justify;\"><span style=\"font-size: 17px;\">\u2705 Ch\u00ednh h\u00e3ng:<strong>\u00a0PGYTECH<\/strong><\/span><\/p>\n<p style=\"text-align: justify;\"><span style=\"font-size: 17px;\">\u2705 Ph\u00f9 h\u1ee3p:\u00a0 G\u1eafn camera h\u00e0nh \u0111\u1ed9ng v\u00e0o gimbal<\/span><\/p>\n<p style=\"text-align: justify;\"><span style=\"font-size: 17px;\">\u2705 Ch\u1ea5t li\u1ec7u: Nh\u00f4m , PA , Silica gel<\/span><\/p>\n<p style=\"text-align: justify;\"><span style=\"font-size: 17px;\">\u2705 Nh\u1ecf g\u1ecdn, d\u1ec5 d\u00e0ng mang theo v\u00e0 s\u1eed d\u1ee5ng<\/span><\/p>\n<p style=\"text-align: justify;\"><span style=\"font-size: 17px;\">\u2705 Kh\u1ed1i l\u01b0\u1ee3ng : 80g<\/span><\/p>\n<p style=\"text-align: justify;\"><span style=\"font-size: 17px;\">\u2705 K\u00edch th\u01b0\u1edbc : 91,7 mm x 46,2 mm x 38,3 mm<\/span><\/p>\n<p style=\"text-align: justify;\"><img loading=\"lazy\" decoding=\"async\" class=\"aligncenter wp-image-28554\" src=\"https:\/\/phukienflytech.vn\/wp-content\/uploads\/2021\/06\/pgytech-action-camera-strap-holder-phukienflytech1-410x400.jpg\" alt=\"phu-kien-osmo-pocket-action-camera-pgytech-chinh-hang\" width=\"850\" height=\"828\" srcset=\"https:\/\/phukienflytech.vn\/wp-content\/uploads\/2021\/06\/pgytech-action-camera-strap-holder-phukienflytech1-410x400.jpg 410w, https:\/\/phukienflytech.vn\/wp-content\/uploads\/2021\/06\/pgytech-action-camera-strap-holder-phukienflytech1-821x800.jpg 821w, https:\/\/phukienflytech.vn\/wp-content\/uploads\/2021\/06\/pgytech-action-camera-strap-holder-phukienflytech1-768x748.jpg 768w, https:\/\/phukienflytech.vn\/wp-content\/uploads\/2021\/06\/pgytech-action-camera-strap-holder-phukienflytech1-600x585.jpg 600w, https:\/\/phukienflytech.vn\/wp-content\/uploads\/2021\/06\/pgytech-action-camera-strap-holder-phukienflytech1.jpg 900w\" sizes=\"auto, (max-width: 850px) 100vw, 850px\" \/><\/p>\n<p><span style=\"font-size: 17px;\">&gt;&gt; Xem th\u00eam:<span style=\"color: #0000ff;\"><strong> <a style=\"color: #0000ff;\" href=\"https:\/\/phukienflytech.vn\/danh-muc\/phu-kien-osmo-pocket.html\" target=\"_blank\" rel=\"noopener\">Ph\u1ee5 ki\u1ec7n Osmo Pocket<\/a><\/strong><\/span><\/span><\/p>\n<p><span style=\"font-size: 17px;\">&gt;&gt; Xem th\u00eam: <span style=\"color: #0000ff;\"><strong><a style=\"color: #0000ff;\" href=\"https:\/\/phukienflytech.vn\/danh-muc\/phu-kien-dji-osmo-action.html\" target=\"_blank\" rel=\"noopener\">Ph\u1ee5 ki\u1ec7n Osmo Action<\/a><\/strong><\/span><\/span><\/p>\n<p>&nbsp;<\/p>\n<h2 style=\"text-align: justify;\"><span style=\"font-size: 20px; color: #0000ff;\"><strong>C\u00f4ng d\u1ee5ng s\u1ea3n ph\u1ea9m : Action Camera Strap Holder &#8211; PGYtech<\/strong><\/span><\/h2>\n<p style=\"text-align: justify;\"><span style=\"font-size: 17px;\">\u2705 T\u01b0\u01a1ng th\u00edch v\u1edbi OSMO ACTION, OSMO Pocket, GoPro series, Yi series, V\u00e0 c\u00e1c m\u1eabu camera h\u00e0nh \u0111\u1ed9ng kh\u00e1c, Feiyu Pocket (s\u1eed d\u1ee5ng v\u1edbi Giao di\u1ec7n \u0111a n\u0103ng v\u1edbi 1\/4 \u201dMount Bolt)<\/span><\/p>\n<p style=\"text-align: justify;\"><span style=\"font-size: 17px;\">\u2705 C\u00f3 th\u1ec3 \u0111i\u1ec1u ch\u1ec9nh \u0111\u01b0\u1ee3c;\u00a0\u0111\u00e1p \u1ee9ng \u0111\u1ed9 d\u00e0y c\u1ee7a h\u1ea7u h\u1ebft c\u00e1c lo\u1ea1i quai balo.<\/span><\/p>\n<p style=\"text-align: justify;\"><span style=\"font-size: 17px;\">\u2705 Thi\u1ebft k\u1ebf th\u00e1o l\u1eafp nhanh gi\u00fap g\u1eafn v\u00e0 th\u00e1o camera nhanh ch\u00f3ng.<\/span><\/p>\n<p style=\"text-align: justify;\"><img loading=\"lazy\" decoding=\"async\" class=\"aligncenter wp-image-28564\" src=\"https:\/\/phukienflytech.vn\/wp-content\/uploads\/2021\/06\/pgytech-action-camera-strap-holder-phukienflytech6-455x400.jpg\" alt=\"phu-kien-osmo-pocket-action-camera-pgytech-chinh-hang-1\" width=\"850\" height=\"748\" srcset=\"https:\/\/phukienflytech.vn\/wp-content\/uploads\/2021\/06\/pgytech-action-camera-strap-holder-phukienflytech6-455x400.jpg 455w, https:\/\/phukienflytech.vn\/wp-content\/uploads\/2021\/06\/pgytech-action-camera-strap-holder-phukienflytech6-768x676.jpg 768w, https:\/\/phukienflytech.vn\/wp-content\/uploads\/2021\/06\/pgytech-action-camera-strap-holder-phukienflytech6-600x528.jpg 600w, https:\/\/phukienflytech.vn\/wp-content\/uploads\/2021\/06\/pgytech-action-camera-strap-holder-phukienflytech6.jpg 899w\" sizes=\"auto, (max-width: 850px) 100vw, 850px\" \/><\/p>\n<h3 style=\"text-align: center;\"><strong><span style=\"font-size: 14px;\">Ph\u1ee5 ki\u1ec7n Osmo Pocket , Action camera r\u1ea5t ti\u1ec7n l\u1ee3i, \u0111a n\u0103ng v\u00e0 d\u1ec5 s\u1eed d\u1ee5ng<\/span><\/strong><\/h3>\n<p>&nbsp;<\/p>\n<h2 style=\"text-align: justify;\"><span style=\"font-size: 20px; color: #0000ff;\"><strong>H\u01b0\u1edbng d\u1eabn b\u1ea3o qu\u1ea3n :\u00a0<\/strong><\/span><\/h2>\n<p style=\"text-align: justify;\"><span style=\"font-size: 17px;\">\u2705 Sau khi s\u1eed d\u1ee5ng, n\u1ebfu kh\u00f4ng d\u00f9ng h\u00e3y c\u1ea5t v\u00e0o h\u1ed9p \u0111\u1ef1ng chuy\u00ean d\u1ee5ng \u0111\u1ec3 tr\u00e1nh ngo\u1ea1i l\u1ef1c t\u00e1c \u0111\u1ed9ng<\/span><\/p>\n<p style=\"text-align: justify;\"><span style=\"font-size: 17px;\">\u2705 B\u1ea3o qu\u1ea3n n\u01a1i kh\u00f4 tho\u00e1ng, tr\u00e1nh nh\u1eefng n\u01a1i c\u00f3 nhi\u1ec7t \u0111\u1ed9 cao<\/span><\/p>\n<div style=\"text-align: justify;\" data-more-text=\"More Features\" data-less-text=\"Less Features\"><img loading=\"lazy\" decoding=\"async\" class=\"aligncenter wp-image-28562\" src=\"https:\/\/phukienflytech.vn\/wp-content\/uploads\/2021\/06\/pgytech-action-camera-strap-holder-phukienflytech5-283x400.jpg\" alt=\"\" width=\"850\" height=\"1199\" srcset=\"https:\/\/phukienflytech.vn\/wp-content\/uploads\/2021\/06\/pgytech-action-camera-strap-holder-phukienflytech5-283x400.jpg 283w, https:\/\/phukienflytech.vn\/wp-content\/uploads\/2021\/06\/pgytech-action-camera-strap-holder-phukienflytech5-567x800.jpg 567w, https:\/\/phukienflytech.vn\/wp-content\/uploads\/2021\/06\/pgytech-action-camera-strap-holder-phukienflytech5-768x1084.jpg 768w, https:\/\/phukienflytech.vn\/wp-content\/uploads\/2021\/06\/pgytech-action-camera-strap-holder-phukienflytech5-600x847.jpg 600w, https:\/\/phukienflytech.vn\/wp-content\/uploads\/2021\/06\/pgytech-action-camera-strap-holder-phukienflytech5.jpg 900w\" sizes=\"auto, (max-width: 850px) 100vw, 850px\" \/><\/div>\n<div style=\"text-align: justify;\" data-more-text=\"More Features\" data-less-text=\"Less Features\"><\/div>\n<div data-more-text=\"More Features\" data-less-text=\"Less Features\"><span style=\"font-size: 17px;\"><strong>&gt;&gt; Admin lu\u00f4n s\u1eb5n s\u00e0ng gi\u1ea3i \u0111\u00e1p m\u1ecdi th\u1eafc m\u1eafc c\u1ee7a b\u1ea1n tr\u00ean: <span style=\"color: #0000ff;\"><a style=\"color: #0000ff;\" href=\"https:\/\/fb.com\/phukienflycam\" target=\"_blank\" rel=\"noopener\">Fanpage<\/a><\/span><\/strong><\/span><\/div>\n","protected":false},"excerpt":{"rendered":"<p>B\u1ed9 k\u1eb9p Action Camera Strap Holder &#8211; PGYtech B\u1ed9 k\u1eb9p gi\u1eef action camera, osmo pocket quay phim gi\u00fap b\u1ea1n r\u1ea3nh tay thao t\u00e1c h\u01a1n\u00a0 &nbsp; Gi\u1edbi thi\u1ec7u s\u1ea3n ph\u1ea9m : Action Camera Strap Holder &#8211; PGYtech Gi\u00e1 \u0111\u1ee1 d\u00e2y \u0111eo m\u00e1y \u1ea3nh h\u00e0nh \u0111\u1ed9ng PGYTECH c\u00f3 th\u1ec3 \u0111\u01b0\u1ee3c s\u1eed d\u1ee5ng m\u1ed9t c\u00e1ch an to\u00e0n v\u00e0 &#8230;<\/p>\n","protected":false},"featured_media":28217,"comment_status":"open","ping_status":"closed","template":"","meta":{"_acf_changed":false},"product_brand":[],"product_cat":[791],"product_tag":[],"class_list":{"0":"post-28550","1":"product","2":"type-product","3":"status-publish","4":"has-post-thumbnail","6":"product_cat-chua-phan-loai","8":"first","9":"instock","10":"shipping-taxable","11":"purchasable","12":"product-type-simple"},"acf":[],"yoast_head":"<!-- This site is optimized with the Yoast SEO plugin v25.7 - https:\/\/yoast.com\/wordpress\/plugins\/seo\/ -->\n<title>B\u1ed9 k\u1eb9p gi\u1eef Action Camera Strap Holder - PGYtech - Ph\u1ee5 ki\u1ec7n Osmo Action<\/title>\n<meta name=\"description\" content=\"Action Camera Strap Holder - PGYtech - H\u00e0ng ch\u00ednh h\u00e3ng PGYtech l\u00e0 k\u1eb9p \u0111a n\u0103ng, chuy\u00ean nghi\u1ec7p, g\u00f3c xoay r\u1ed9ng. Mua ph\u1ee5 ki\u1ec7n Action camera ngay.\" \/>\n<meta name=\"robots\" content=\"index, follow, max-snippet:-1, max-image-preview:large, max-video-preview:-1\" \/>\n<link rel=\"canonical\" href=\"https:\/\/phukienflytech.vn\/en\/san-pham\/action-camera-strap-holder-pgytech.html\" \/>\n<meta property=\"og:locale\" content=\"en_US\" \/>\n<meta property=\"og:type\" content=\"article\" \/>\n<meta property=\"og:title\" content=\"B\u1ed9 k\u1eb9p gi\u1eef Action Camera Strap Holder - PGYtech - Ph\u1ee5 ki\u1ec7n Osmo Action\" \/>\n<meta property=\"og:description\" content=\"Action Camera Strap Holder - PGYtech - H\u00e0ng ch\u00ednh h\u00e3ng PGYtech l\u00e0 k\u1eb9p \u0111a n\u0103ng, chuy\u00ean nghi\u1ec7p, g\u00f3c xoay r\u1ed9ng. Mua ph\u1ee5 ki\u1ec7n Action camera ngay.\" \/>\n<meta property=\"og:url\" content=\"https:\/\/phukienflytech.vn\/en\/san-pham\/action-camera-strap-holder-pgytech.html\" \/>\n<meta property=\"og:site_name\" content=\"Shop M\u00e1y \u1ea3nh - Action Camera - Gimbal - Flycam - Ph\u1ee5 ki\u1ec7n\" \/>\n<meta property=\"article:publisher\" content=\"https:\/\/facebook.com\/phukienflycam\" \/>\n<meta property=\"article:modified_time\" content=\"2022-01-09T15:58:08+00:00\" \/>\n<meta property=\"og:image\" content=\"https:\/\/phukienflytech.vn\/wp-content\/uploads\/2021\/06\/6_29_2021-9_02_57-PM.png\" \/>\n\t<meta property=\"og:image:width\" content=\"1060\" \/>\n\t<meta property=\"og:image:height\" content=\"1060\" \/>\n\t<meta property=\"og:image:type\" content=\"image\/png\" \/>\n<meta name=\"twitter:card\" content=\"summary_large_image\" \/>\n<meta name=\"twitter:label1\" content=\"Est. reading time\" \/>\n\t<meta name=\"twitter:data1\" content=\"3 minutes\" \/>\n<script type=\"application\/ld+json\" class=\"yoast-schema-graph\">{\"@context\":\"https:\/\/schema.org\",\"@graph\":[{\"@type\":\"WebPage\",\"@id\":\"https:\/\/phukienflytech.vn\/en\/san-pham\/action-camera-strap-holder-pgytech.html\",\"url\":\"https:\/\/phukienflytech.vn\/en\/san-pham\/action-camera-strap-holder-pgytech.html\",\"name\":\"B\u1ed9 k\u1eb9p gi\u1eef Action Camera Strap Holder - PGYtech - Ph\u1ee5 ki\u1ec7n Osmo Action\",\"isPartOf\":{\"@id\":\"https:\/\/phukienflytech.vn\/#website\"},\"primaryImageOfPage\":{\"@id\":\"https:\/\/phukienflytech.vn\/en\/san-pham\/action-camera-strap-holder-pgytech.html#primaryimage\"},\"image\":{\"@id\":\"https:\/\/phukienflytech.vn\/en\/san-pham\/action-camera-strap-holder-pgytech.html#primaryimage\"},\"thumbnailUrl\":\"https:\/\/phukienflytech.vn\/wp-content\/uploads\/2021\/06\/6_29_2021-9_02_57-PM.png\",\"datePublished\":\"2021-06-29T14:09:12+00:00\",\"dateModified\":\"2022-01-09T15:58:08+00:00\",\"description\":\"Action Camera Strap Holder - PGYtech - H\u00e0ng ch\u00ednh h\u00e3ng PGYtech l\u00e0 k\u1eb9p \u0111a n\u0103ng, chuy\u00ean nghi\u1ec7p, g\u00f3c xoay r\u1ed9ng. Mua ph\u1ee5 ki\u1ec7n Action camera ngay.\",\"breadcrumb\":{\"@id\":\"https:\/\/phukienflytech.vn\/en\/san-pham\/action-camera-strap-holder-pgytech.html#breadcrumb\"},\"inLanguage\":\"en-US\",\"potentialAction\":[{\"@type\":\"ReadAction\",\"target\":[\"https:\/\/phukienflytech.vn\/en\/san-pham\/action-camera-strap-holder-pgytech.html\"]}]},{\"@type\":\"ImageObject\",\"inLanguage\":\"en-US\",\"@id\":\"https:\/\/phukienflytech.vn\/en\/san-pham\/action-camera-strap-holder-pgytech.html#primaryimage\",\"url\":\"https:\/\/phukienflytech.vn\/wp-content\/uploads\/2021\/06\/6_29_2021-9_02_57-PM.png\",\"contentUrl\":\"https:\/\/phukienflytech.vn\/wp-content\/uploads\/2021\/06\/6_29_2021-9_02_57-PM.png\",\"width\":1060,\"height\":1060},{\"@type\":\"BreadcrumbList\",\"@id\":\"https:\/\/phukienflytech.vn\/en\/san-pham\/action-camera-strap-holder-pgytech.html#breadcrumb\",\"itemListElement\":[{\"@type\":\"ListItem\",\"position\":1,\"name\":\"Home\",\"item\":\"https:\/\/phukienflytech.vn\/en\"},{\"@type\":\"ListItem\",\"position\":2,\"name\":\"Ph\u1ee5 ki\u1ec7n Mavic Pro\",\"item\":\"https:\/\/phukienflytech.vn\/en\/phu-kien-mavic-pro.html\"},{\"@type\":\"ListItem\",\"position\":3,\"name\":\"Camera accessory\",\"item\":\"https:\/\/phukienflytech.vn\/en\/danh-muc\/camera-accessory.html\"},{\"@type\":\"ListItem\",\"position\":4,\"name\":\"Ph\u1ee5 ki\u1ec7n Osmo Pocket\",\"item\":\"https:\/\/phukienflytech.vn\/danh-muc\/phu-kien-osmo-pocket.html\"},{\"@type\":\"ListItem\",\"position\":5,\"name\":\"B\u1ed9 k\u1eb9p gi\u1eef Action Camera Strap Holder &#8211; PGYtech\"}]},{\"@type\":\"WebSite\",\"@id\":\"https:\/\/phukienflytech.vn\/#website\",\"url\":\"https:\/\/phukienflytech.vn\/\",\"name\":\"Shop M\u00e1y \u1ea3nh - Action Camera - Gimbal - Flycam - Ph\u1ee5 ki\u1ec7n\",\"description\":\"Shop M\u00e1y \u1ea3nh - Action Camera - Gimbal - Flycam - Ph\u1ee5 ki\u1ec7n\",\"publisher\":{\"@id\":\"https:\/\/phukienflytech.vn\/#organization\"},\"potentialAction\":[{\"@type\":\"SearchAction\",\"target\":{\"@type\":\"EntryPoint\",\"urlTemplate\":\"https:\/\/phukienflytech.vn\/?s={search_term_string}\"},\"query-input\":{\"@type\":\"PropertyValueSpecification\",\"valueRequired\":true,\"valueName\":\"search_term_string\"}}],\"inLanguage\":\"en-US\"},{\"@type\":\"Organization\",\"@id\":\"https:\/\/phukienflytech.vn\/#organization\",\"name\":\"DJI Store - Shop Drone, Action camera, Gimbal DJI |Phukienflytech\",\"alternateName\":\"DJI Store - Shop Drone, Action camera, Gimbal DJI |Phukienflytech\",\"url\":\"https:\/\/phukienflytech.vn\/\",\"logo\":{\"@type\":\"ImageObject\",\"inLanguage\":\"en-US\",\"@id\":\"https:\/\/phukienflytech.vn\/#\/schema\/logo\/image\/\",\"url\":\"https:\/\/phukienflytech.vn\/wp-content\/uploads\/2020\/05\/hAnh_nan.jpg1_.jpg\",\"contentUrl\":\"https:\/\/phukienflytech.vn\/wp-content\/uploads\/2020\/05\/hAnh_nan.jpg1_.jpg\",\"width\":800,\"height\":450,\"caption\":\"DJI Store - Shop Drone, Action camera, Gimbal DJI |Phukienflytech\"},\"image\":{\"@id\":\"https:\/\/phukienflytech.vn\/#\/schema\/logo\/image\/\"},\"sameAs\":[\"https:\/\/facebook.com\/phukienflycam\",\"https:\/\/www.youtube.com\/@phukienflytech\",\"https:\/\/www.tiktok.com\/@flytech.channel?fbclid=IwY2xjawGjg7BleHRuA2FlbQIxMAABHYVGmlXpuSMs0UB2zTpYvyT4GMVfN2qJa4urF4vkSQ6FAVBwXZtDP30qQA_aem_UwMiDcUvlEbd2tXAmsc8Og\"]}]}<\/script>\n<!-- \/ Yoast SEO plugin. -->","yoast_head_json":{"title":"B\u1ed9 k\u1eb9p gi\u1eef Action Camera Strap Holder - PGYtech - Ph\u1ee5 ki\u1ec7n Osmo Action","description":"Action Camera Strap Holder - PGYtech - H\u00e0ng ch\u00ednh h\u00e3ng PGYtech l\u00e0 k\u1eb9p \u0111a n\u0103ng, chuy\u00ean nghi\u1ec7p, g\u00f3c xoay r\u1ed9ng. Mua ph\u1ee5 ki\u1ec7n Action camera ngay.","robots":{"index":"index","follow":"follow","max-snippet":"max-snippet:-1","max-image-preview":"max-image-preview:large","max-video-preview":"max-video-preview:-1"},"canonical":"https:\/\/phukienflytech.vn\/en\/san-pham\/action-camera-strap-holder-pgytech.html","og_locale":"en_US","og_type":"article","og_title":"B\u1ed9 k\u1eb9p gi\u1eef Action Camera Strap Holder - PGYtech - Ph\u1ee5 ki\u1ec7n Osmo Action","og_description":"Action Camera Strap Holder - PGYtech - H\u00e0ng ch\u00ednh h\u00e3ng PGYtech l\u00e0 k\u1eb9p \u0111a n\u0103ng, chuy\u00ean nghi\u1ec7p, g\u00f3c xoay r\u1ed9ng. Mua ph\u1ee5 ki\u1ec7n Action camera ngay.","og_url":"https:\/\/phukienflytech.vn\/en\/san-pham\/action-camera-strap-holder-pgytech.html","og_site_name":"Shop M\u00e1y \u1ea3nh - Action Camera - Gimbal - Flycam - Ph\u1ee5 ki\u1ec7n","article_publisher":"https:\/\/facebook.com\/phukienflycam","article_modified_time":"2022-01-09T15:58:08+00:00","og_image":[{"width":1060,"height":1060,"url":"https:\/\/phukienflytech.vn\/wp-content\/uploads\/2021\/06\/6_29_2021-9_02_57-PM.png","type":"image\/png"}],"twitter_card":"summary_large_image","twitter_misc":{"Est. reading time":"3 minutes"},"schema":{"@context":"https:\/\/schema.org","@graph":[{"@type":"WebPage","@id":"https:\/\/phukienflytech.vn\/en\/san-pham\/action-camera-strap-holder-pgytech.html","url":"https:\/\/phukienflytech.vn\/en\/san-pham\/action-camera-strap-holder-pgytech.html","name":"B\u1ed9 k\u1eb9p gi\u1eef Action Camera Strap Holder - PGYtech - Ph\u1ee5 ki\u1ec7n Osmo Action","isPartOf":{"@id":"https:\/\/phukienflytech.vn\/#website"},"primaryImageOfPage":{"@id":"https:\/\/phukienflytech.vn\/en\/san-pham\/action-camera-strap-holder-pgytech.html#primaryimage"},"image":{"@id":"https:\/\/phukienflytech.vn\/en\/san-pham\/action-camera-strap-holder-pgytech.html#primaryimage"},"thumbnailUrl":"https:\/\/phukienflytech.vn\/wp-content\/uploads\/2021\/06\/6_29_2021-9_02_57-PM.png","datePublished":"2021-06-29T14:09:12+00:00","dateModified":"2022-01-09T15:58:08+00:00","description":"Action Camera Strap Holder - PGYtech - H\u00e0ng ch\u00ednh h\u00e3ng PGYtech l\u00e0 k\u1eb9p \u0111a n\u0103ng, chuy\u00ean nghi\u1ec7p, g\u00f3c xoay r\u1ed9ng. Mua ph\u1ee5 ki\u1ec7n Action camera ngay.","breadcrumb":{"@id":"https:\/\/phukienflytech.vn\/en\/san-pham\/action-camera-strap-holder-pgytech.html#breadcrumb"},"inLanguage":"en-US","potentialAction":[{"@type":"ReadAction","target":["https:\/\/phukienflytech.vn\/en\/san-pham\/action-camera-strap-holder-pgytech.html"]}]},{"@type":"ImageObject","inLanguage":"en-US","@id":"https:\/\/phukienflytech.vn\/en\/san-pham\/action-camera-strap-holder-pgytech.html#primaryimage","url":"https:\/\/phukienflytech.vn\/wp-content\/uploads\/2021\/06\/6_29_2021-9_02_57-PM.png","contentUrl":"https:\/\/phukienflytech.vn\/wp-content\/uploads\/2021\/06\/6_29_2021-9_02_57-PM.png","width":1060,"height":1060},{"@type":"BreadcrumbList","@id":"https:\/\/phukienflytech.vn\/en\/san-pham\/action-camera-strap-holder-pgytech.html#breadcrumb","itemListElement":[{"@type":"ListItem","position":1,"name":"Home","item":"https:\/\/phukienflytech.vn\/en"},{"@type":"ListItem","position":2,"name":"Ph\u1ee5 ki\u1ec7n Mavic Pro","item":"https:\/\/phukienflytech.vn\/en\/phu-kien-mavic-pro.html"},{"@type":"ListItem","position":3,"name":"Camera accessory","item":"https:\/\/phukienflytech.vn\/en\/danh-muc\/camera-accessory.html"},{"@type":"ListItem","position":4,"name":"Ph\u1ee5 ki\u1ec7n Osmo Pocket","item":"https:\/\/phukienflytech.vn\/danh-muc\/phu-kien-osmo-pocket.html"},{"@type":"ListItem","position":5,"name":"B\u1ed9 k\u1eb9p gi\u1eef Action Camera Strap Holder &#8211; PGYtech"}]},{"@type":"WebSite","@id":"https:\/\/phukienflytech.vn\/#website","url":"https:\/\/phukienflytech.vn\/","name":"Shop M\u00e1y \u1ea3nh - Action Camera - Gimbal - Flycam - Ph\u1ee5 ki\u1ec7n","description":"Shop M\u00e1y \u1ea3nh - Action Camera - Gimbal - Flycam - Ph\u1ee5 ki\u1ec7n","publisher":{"@id":"https:\/\/phukienflytech.vn\/#organization"},"potentialAction":[{"@type":"SearchAction","target":{"@type":"EntryPoint","urlTemplate":"https:\/\/phukienflytech.vn\/?s={search_term_string}"},"query-input":{"@type":"PropertyValueSpecification","valueRequired":true,"valueName":"search_term_string"}}],"inLanguage":"en-US"},{"@type":"Organization","@id":"https:\/\/phukienflytech.vn\/#organization","name":"DJI Store - Shop Drone, Action camera, Gimbal DJI |Phukienflytech","alternateName":"DJI Store - Shop Drone, Action camera, Gimbal DJI |Phukienflytech","url":"https:\/\/phukienflytech.vn\/","logo":{"@type":"ImageObject","inLanguage":"en-US","@id":"https:\/\/phukienflytech.vn\/#\/schema\/logo\/image\/","url":"https:\/\/phukienflytech.vn\/wp-content\/uploads\/2020\/05\/hAnh_nan.jpg1_.jpg","contentUrl":"https:\/\/phukienflytech.vn\/wp-content\/uploads\/2020\/05\/hAnh_nan.jpg1_.jpg","width":800,"height":450,"caption":"DJI Store - Shop Drone, Action camera, Gimbal DJI |Phukienflytech"},"image":{"@id":"https:\/\/phukienflytech.vn\/#\/schema\/logo\/image\/"},"sameAs":["https:\/\/facebook.com\/phukienflycam","https:\/\/www.youtube.com\/@phukienflytech","https:\/\/www.tiktok.com\/@flytech.channel?fbclid=IwY2xjawGjg7BleHRuA2FlbQIxMAABHYVGmlXpuSMs0UB2zTpYvyT4GMVfN2qJa4urF4vkSQ6FAVBwXZtDP30qQA_aem_UwMiDcUvlEbd2tXAmsc8Og"]}]}},"_links":{"self":[{"href":"https:\/\/phukienflytech.vn\/en\/wp-json\/wp\/v2\/product\/28550","targetHints":{"allow":["GET"]}}],"collection":[{"href":"https:\/\/phukienflytech.vn\/en\/wp-json\/wp\/v2\/product"}],"about":[{"href":"https:\/\/phukienflytech.vn\/en\/wp-json\/wp\/v2\/types\/product"}],"replies":[{"embeddable":true,"href":"https:\/\/phukienflytech.vn\/en\/wp-json\/wp\/v2\/comments?post=28550"}],"wp:featuredmedia":[{"embeddable":true,"href":"https:\/\/phukienflytech.vn\/en\/wp-json\/wp\/v2\/media\/28217"}],"wp:attachment":[{"href":"https:\/\/phukienflytech.vn\/en\/wp-json\/wp\/v2\/media?parent=28550"}],"wp:term":[{"taxonomy":"product_brand","embeddable":true,"href":"https:\/\/phukienflytech.vn\/en\/wp-json\/wp\/v2\/product_brand?post=28550"},{"taxonomy":"product_cat","embeddable":true,"href":"https:\/\/phukienflytech.vn\/en\/wp-json\/wp\/v2\/product_cat?post=28550"},{"taxonomy":"product_tag","embeddable":true,"href":"https:\/\/phukienflytech.vn\/en\/wp-json\/wp\/v2\/product_tag?post=28550"}],"curies":[{"name":"wp","href":"https:\/\/api.w.org\/{rel}","templated":true}]}}