{"id":28632,"date":"2021-06-29T19:34:41","date_gmt":"2021-06-29T12:34:41","guid":{"rendered":"https:\/\/phukienflytech.vn\/san-pham\/bo-gan-ket-camera-hanh-dong-pgytech.html"},"modified":"2022-01-09T22:59:44","modified_gmt":"2022-01-09T15:59:44","slug":"bo-gan-ket-camera-hanh-dong-pgytech","status":"publish","type":"product","link":"https:\/\/phukienflytech.vn\/en\/san-pham\/bo-gan-ket-camera-hanh-dong-pgytech.html","title":{"rendered":"B\u1ed9 gi\u00e1 g\u1eafn Action Camera Adapter+ for Mobile Gimbal &#8211; Xoay d\u1ecdc"},"content":{"rendered":"<h2 style=\"text-align: justify;\"><strong><span style=\"font-size: 20px; color: #0000ff;\">Action Camera Adapter+ for Mobile Gimbal PGYtech &#8211; B\u1ed9 g\u1eafn k\u1ebft Camera h\u00e0nh \u0111\u1ed9ng<\/span><\/strong><\/h2>\n<h3 style=\"text-align: center;\"><img loading=\"lazy\" decoding=\"async\" class=\"aligncenter wp-image-28623\" src=\"https:\/\/phukienflytech.vn\/wp-content\/uploads\/2021\/06\/PGYTECH-ACTION-Camera-Adapter-for-Mobile-Gimbal-phukienflytech2-453x400.jpg\" alt=\"intergrated-action-camera-adapter-for-mobile-gimbal-pgytech-bo-gia-gan-phukienflytech\" width=\"850\" height=\"751\" srcset=\"https:\/\/phukienflytech.vn\/wp-content\/uploads\/2021\/06\/PGYTECH-ACTION-Camera-Adapter-for-Mobile-Gimbal-phukienflytech2-453x400.jpg 453w, https:\/\/phukienflytech.vn\/wp-content\/uploads\/2021\/06\/PGYTECH-ACTION-Camera-Adapter-for-Mobile-Gimbal-phukienflytech2-768x678.jpg 768w, https:\/\/phukienflytech.vn\/wp-content\/uploads\/2021\/06\/PGYTECH-ACTION-Camera-Adapter-for-Mobile-Gimbal-phukienflytech2-600x530.jpg 600w, https:\/\/phukienflytech.vn\/wp-content\/uploads\/2021\/06\/PGYTECH-ACTION-Camera-Adapter-for-Mobile-Gimbal-phukienflytech2.jpg 900w\" sizes=\"auto, (max-width: 850px) 100vw, 850px\" \/> <strong><span style=\"font-size: 14px;\">B\u1ed9 gi\u00e1 g\u1eafn action camera v\u1edbi gimbal \u0111i\u1ec7n tho\u1ea1i &#8211; PGYtech<\/span><\/strong><\/h3>\n<p>&nbsp;<\/p>\n<h2 style=\"text-align: justify;\"><span style=\"font-size: 20px; color: #0000ff;\"><strong>Gi\u1edbi thi\u1ec7u s\u1ea3n ph\u1ea9m : B\u1ed9 g\u1eafn k\u1ebft Camera h\u00e0nh \u0111\u1ed9ng &#8211; PGYtech<\/strong><\/span><\/h2>\n<p style=\"text-align: justify;\"><span style=\"font-size: 17px;\"><strong>Action Camera Adapter+ for Mobile Gimbal<\/strong> gi\u00fap camera h\u00e0nh \u0111\u1ed9ng c\u00f3 th\u1ec3 \u0111\u01b0\u1ee3c \u0111\u01b0a v\u00e0o gimbal di \u0111\u1ed9ng b\u1eb1ng c\u00e1ch s\u1eed d\u1ee5ng n\u00f3. Gia c\u00f4ng ti\u1ec7n CNC nh\u00f4m h\u00e0ng kh\u00f4ng, \u0111\u00fac t\u00edch h\u1ee3p: q<\/span><span style=\"font-size: 17px;\">u\u00e1 tr\u00ecnh oxy h\u00f3a : \u0110\u01b0\u1ee3c coi l\u00e0 c\u00e2n b\u1eb1ng tr\u1ecdng l\u01b0\u1ee3ng khi thi\u1ebft k\u1ebf b\u1ed9 chuy\u1ec3n \u0111\u1ed5i, camera h\u00e0nh \u0111\u1ed9ng c\u00f3 th\u1ec3 \u0111\u01b0\u1ee3c s\u1eed d\u1ee5ng tr\u1ef1c ti\u1ebfp m\u00e0 kh\u00f4ng c\u1ea7n th\u00eam b\u1ea5t k\u1ef3 tr\u1ecdng l\u01b0\u1ee3ng n\u00e0o. H\u1ed7 tr\u1ee3 c\u00e1c c\u00fa \u0111\u00e1nh ngang v\u00e0 d\u1ecdc<\/span><\/p>\n<p><img loading=\"lazy\" decoding=\"async\" class=\"aligncenter wp-image-28613\" src=\"https:\/\/phukienflytech.vn\/wp-content\/uploads\/2021\/06\/PGYTECH-ACTION-Camera-Adapter-for-Mobile-Gimbal-2-668x400.jpg\" alt=\"intergrated-action-camera-adapter-for-mobile-gimbal-pgytech-bo-gia-gan-phukienflytech-1\" width=\"850\" height=\"509\" srcset=\"https:\/\/phukienflytech.vn\/wp-content\/uploads\/2021\/06\/PGYTECH-ACTION-Camera-Adapter-for-Mobile-Gimbal-2-668x400.jpg 668w, https:\/\/phukienflytech.vn\/wp-content\/uploads\/2021\/06\/PGYTECH-ACTION-Camera-Adapter-for-Mobile-Gimbal-2-768x460.jpg 768w, https:\/\/phukienflytech.vn\/wp-content\/uploads\/2021\/06\/PGYTECH-ACTION-Camera-Adapter-for-Mobile-Gimbal-2-600x359.jpg 600w, https:\/\/phukienflytech.vn\/wp-content\/uploads\/2021\/06\/PGYTECH-ACTION-Camera-Adapter-for-Mobile-Gimbal-2.jpg 900w\" sizes=\"auto, (max-width: 850px) 100vw, 850px\" \/><\/p>\n<h3 style=\"text-align: center;\"><strong><span style=\"font-size: 14px;\">S\u1ef1 k\u1ebft h\u1ee3p ho\u00e0n h\u1ea3o gi\u00fap ph\u00e1t huy t\u1ed1i \u0111a ch\u1ea5t l\u01b0\u1ee3ng quay phim c\u1ee7a action camera v\u00e0 gimbal \u0111i\u1ec7n tho\u1ea1i<\/span><\/strong><\/h3>\n<p>&nbsp;<\/p>\n<h2 style=\"text-align: justify;\"><strong><span style=\"font-size: 20px; color: #0000ff;\">M\u00f4 t\u1ea3 s\u1ea3n ph\u1ea9m : B\u1ed9 g\u1eafn k\u1ebft Camera h\u00e0nh \u0111\u1ed9ng &#8211; PGYtech<\/span><\/strong><\/h2>\n<p style=\"text-align: justify;\"><span style=\"font-size: 17px;\">\u2705 Ch\u00ednh h\u00e3ng:<strong>\u00a0PGYTECH<\/strong><\/span><\/p>\n<p style=\"text-align: justify;\"><span style=\"font-size: 17px;\">\u2705 Ph\u00f9 h\u1ee3p:\u00a0<strong>Camera h\u00e0nh \u0111\u1ed9ng<\/strong><\/span><\/p>\n<p style=\"text-align: justify;\"><span style=\"font-size: 17px;\">\u2705 Ch\u1ea5t li\u1ec7u: CNC nh\u00f4m h\u00e0ng kh\u00f4ng, \u0111\u00fac<\/span><\/p>\n<p style=\"text-align: justify;\"><span style=\"font-size: 17px;\">\u2705 C\u00e2n b\u1eb1ng camera t\u1ed1t<\/span><\/p>\n<p style=\"text-align: justify;\"><span style=\"font-size: 17px;\">\u2705 KH\u1ed1i l\u01b0\u1ee3ng : 151g <\/span><\/p>\n<p style=\"text-align: justify;\"><span style=\"font-size: 17px;\">\u2705 K\u00edch th\u01b0\u1edbc : 137.3x73x20.5 mm<\/span><\/p>\n<p><img loading=\"lazy\" decoding=\"async\" class=\"aligncenter wp-image-28615\" src=\"https:\/\/phukienflytech.vn\/wp-content\/uploads\/2021\/06\/PGYTECH-ACTION-Camera-Adapter-for-Mobile-Gimbal1-491x400.jpg\" alt=\"action-camera-adapter-+-for-mobile-gimbal-pgytech\" width=\"850\" height=\"692\" srcset=\"https:\/\/phukienflytech.vn\/wp-content\/uploads\/2021\/06\/PGYTECH-ACTION-Camera-Adapter-for-Mobile-Gimbal1-491x400.jpg 491w, https:\/\/phukienflytech.vn\/wp-content\/uploads\/2021\/06\/PGYTECH-ACTION-Camera-Adapter-for-Mobile-Gimbal1-768x625.jpg 768w, https:\/\/phukienflytech.vn\/wp-content\/uploads\/2021\/06\/PGYTECH-ACTION-Camera-Adapter-for-Mobile-Gimbal1-600x489.jpg 600w, https:\/\/phukienflytech.vn\/wp-content\/uploads\/2021\/06\/PGYTECH-ACTION-Camera-Adapter-for-Mobile-Gimbal1.jpg 900w\" sizes=\"auto, (max-width: 850px) 100vw, 850px\" \/><\/p>\n<p>&nbsp;<\/p>\n<p><span style=\"font-size: 17px;\">&gt;&gt; Xem th\u00eam: <span style=\"color: #0000ff;\"><strong><a style=\"color: #0000ff;\" href=\"https:\/\/phukienflytech.vn\/danh-muc\/phu-kien-dji-osmo-action.html\" target=\"_blank\" rel=\"noopener\">Ph\u1ee5 ki\u1ec7n Osmo Action<\/a><\/strong><\/span><\/span><\/p>\n<p><span style=\"font-size: 17px;\">&gt;&gt; Xem th\u00eam: <span style=\"color: #0000ff;\"><strong><a style=\"color: #0000ff;\" href=\"https:\/\/phukienflytech.vn\/danh-muc\/phu-kien-osmo-pocket.html\" target=\"_blank\" rel=\"noopener\">Ph\u1ee5 ki\u1ec7n Osmo Pocket<\/a><\/strong><\/span><\/span><\/p>\n<p>&nbsp;<\/p>\n<p><img loading=\"lazy\" decoding=\"async\" class=\"aligncenter wp-image-28625\" src=\"https:\/\/phukienflytech.vn\/wp-content\/uploads\/2021\/06\/PGYTECH-ACTION-Camera-Adapter-for-Mobile-Gimbal-phukienflytech3-503x400.jpg\" alt=\"action-camera-adapter-+-for-mobile-gimbal-pgytech-phukienflytech-2\" width=\"850\" height=\"676\" srcset=\"https:\/\/phukienflytech.vn\/wp-content\/uploads\/2021\/06\/PGYTECH-ACTION-Camera-Adapter-for-Mobile-Gimbal-phukienflytech3-503x400.jpg 503w, https:\/\/phukienflytech.vn\/wp-content\/uploads\/2021\/06\/PGYTECH-ACTION-Camera-Adapter-for-Mobile-Gimbal-phukienflytech3-768x611.jpg 768w, https:\/\/phukienflytech.vn\/wp-content\/uploads\/2021\/06\/PGYTECH-ACTION-Camera-Adapter-for-Mobile-Gimbal-phukienflytech3-600x477.jpg 600w, https:\/\/phukienflytech.vn\/wp-content\/uploads\/2021\/06\/PGYTECH-ACTION-Camera-Adapter-for-Mobile-Gimbal-phukienflytech3.jpg 900w\" sizes=\"auto, (max-width: 850px) 100vw, 850px\" \/><\/p>\n<h3 style=\"text-align: center;\"><span style=\"font-size: 14px;\"><strong>Ch\u1ea5t li\u1ec7u cao c\u1ea5p, ch\u1eafc ch\u1eafn &#8211; Thi\u1ebft k\u1ebf \u0111\u1ec3 k\u1ebft h\u1ee3p v\u1edbi r\u1ea5t nhi\u1ec1u thi\u1ebft b\u1ecb kh\u00e1c<\/strong><\/span><\/h3>\n<p>&nbsp;<\/p>\n<h2 style=\"text-align: justify;\"><span style=\"font-size: 20px; color: #0000ff;\"><strong>C\u00f4ng d\u1ee5ng s\u1ea3n ph\u1ea9m : Action Camera Adapter+ for Mobile Gimbal<\/strong><\/span><\/h2>\n<p style=\"text-align: justify;\"><span style=\"font-size: 17px;\">\u2705 Th\u00edch \u1ee9ng v\u1edbi nhi\u1ec1u lo\u1ea1i camera h\u00e0nh \u0111\u1ed9ng.\u00a0Ph\u00e1t h\u00e0nh nhanh ch\u00f3ng, s\u1eed d\u1ee5ng \u0111a m\u1ee5c \u0111\u00edch.<\/span><\/p>\n<p style=\"text-align: justify;\"><span style=\"font-size: 17px;\">\u2705 D\u1ec5 d\u00e0ng th\u00e1o l\u1eafp v\u00e0 s\u1eed d\u1ee5ng c\u00f9ng tay c\u1ea7m OM DJI<\/span><\/p>\n<p style=\"text-align: justify;\"><span style=\"font-size: 17px;\">\u2705 T\u01b0\u01a1ng th\u00edch v\u1edbi<\/span><\/p>\n<p><img loading=\"lazy\" decoding=\"async\" class=\"aligncenter wp-image-28617\" src=\"https:\/\/phukienflytech.vn\/wp-content\/uploads\/2021\/06\/PGYTECH-ACTION-Camera-Adapter-for-Mobile-Gimbal3-530x400.jpg\" alt=\"action-camera-adapter-+-for-mobile-gimbal-pgytech-1\" width=\"850\" height=\"641\" srcset=\"https:\/\/phukienflytech.vn\/wp-content\/uploads\/2021\/06\/PGYTECH-ACTION-Camera-Adapter-for-Mobile-Gimbal3-530x400.jpg 530w, https:\/\/phukienflytech.vn\/wp-content\/uploads\/2021\/06\/PGYTECH-ACTION-Camera-Adapter-for-Mobile-Gimbal3-768x579.jpg 768w, https:\/\/phukienflytech.vn\/wp-content\/uploads\/2021\/06\/PGYTECH-ACTION-Camera-Adapter-for-Mobile-Gimbal3-600x453.jpg 600w, https:\/\/phukienflytech.vn\/wp-content\/uploads\/2021\/06\/PGYTECH-ACTION-Camera-Adapter-for-Mobile-Gimbal3.jpg 900w\" sizes=\"auto, (max-width: 850px) 100vw, 850px\" \/><\/p>\n<ul style=\"text-align: justify;\">\n<li><span style=\"font-size: 17px;\">Camera h\u00e0nh \u0111\u1ed9ng: Gopro5 Gopro6 Gopro7 OSMO action YI Action Camera<\/span><br \/>\n<span style=\"font-size: 17px;\">YI 4K Action Camera<\/span><\/li>\n<li><span style=\"font-size: 17px;\">Gimbal di \u0111\u1ed9ng: DJI OM 4, DJI Mobile3, DJI Mobile2, ZHIYUN Smooth 4, ATOM, BenbroP1S, MOZA mini-SE, FEIYU VLOG pocket<\/span><\/li>\n<\/ul>\n<p><img loading=\"lazy\" decoding=\"async\" class=\"aligncenter wp-image-28619\" src=\"https:\/\/phukienflytech.vn\/wp-content\/uploads\/2021\/06\/PGYTECH-ACTION-Camera-Adapter-for-Mobile-Gimbal4-800x335.jpg\" alt=\"action-camera-adapter-+-for-mobile-gimbal-pgytech-phukienflytech\" width=\"850\" height=\"356\" srcset=\"https:\/\/phukienflytech.vn\/wp-content\/uploads\/2021\/06\/PGYTECH-ACTION-Camera-Adapter-for-Mobile-Gimbal4-800x335.jpg 800w, https:\/\/phukienflytech.vn\/wp-content\/uploads\/2021\/06\/PGYTECH-ACTION-Camera-Adapter-for-Mobile-Gimbal4-768x322.jpg 768w, https:\/\/phukienflytech.vn\/wp-content\/uploads\/2021\/06\/PGYTECH-ACTION-Camera-Adapter-for-Mobile-Gimbal4-600x251.jpg 600w, https:\/\/phukienflytech.vn\/wp-content\/uploads\/2021\/06\/PGYTECH-ACTION-Camera-Adapter-for-Mobile-Gimbal4.jpg 900w\" sizes=\"auto, (max-width: 850px) 100vw, 850px\" \/><\/p>\n<p>&nbsp;<\/p>\n<h2 style=\"text-align: justify;\"><strong><span style=\"font-size: 20px; color: #0000ff;\">H\u01b0\u1edbng d\u1eabn b\u1ea3o qu\u1ea3n :\u00a0<\/span><\/strong><\/h2>\n<p style=\"text-align: justify;\"><span style=\"font-size: 17px;\">\u2705 Sau khi s\u1eed d\u1ee5ng, n\u1ebfu kh\u00f4ng d\u00f9ng h\u00e3y c\u1ea5t v\u00e0o h\u1ed9p \u0111\u1ef1ng chuy\u00ean d\u1ee5ng \u0111\u1ec3 tr\u00e1nh ngo\u1ea1i l\u1ef1c t\u00e1c \u0111\u1ed9ng<\/span><\/p>\n<p style=\"text-align: justify;\"><span style=\"font-size: 17px;\">\u2705 B\u1ea3o qu\u1ea3n n\u01a1i kh\u00f4 tho\u00e1ng, tr\u00e1nh nh\u1eefng n\u01a1i c\u00f3 nhi\u1ec7t \u0111\u1ed9 cao<\/span><\/p>\n<p><img loading=\"lazy\" decoding=\"async\" class=\"aligncenter wp-image-28629\" src=\"https:\/\/phukienflytech.vn\/wp-content\/uploads\/2021\/06\/PGYTECH-ACTION-Camera-Adapter-for-Mobile-Gimbal-phukienflytech5-696x400.jpg\" alt=\"action-camera-adapter-+-for-mobile-gimbal-pgytech-phukienflytech-1\" width=\"850\" height=\"488\" srcset=\"https:\/\/phukienflytech.vn\/wp-content\/uploads\/2021\/06\/PGYTECH-ACTION-Camera-Adapter-for-Mobile-Gimbal-phukienflytech5-696x400.jpg 696w, https:\/\/phukienflytech.vn\/wp-content\/uploads\/2021\/06\/PGYTECH-ACTION-Camera-Adapter-for-Mobile-Gimbal-phukienflytech5-768x441.jpg 768w, https:\/\/phukienflytech.vn\/wp-content\/uploads\/2021\/06\/PGYTECH-ACTION-Camera-Adapter-for-Mobile-Gimbal-phukienflytech5-600x345.jpg 600w, https:\/\/phukienflytech.vn\/wp-content\/uploads\/2021\/06\/PGYTECH-ACTION-Camera-Adapter-for-Mobile-Gimbal-phukienflytech5.jpg 900w\" sizes=\"auto, (max-width: 850px) 100vw, 850px\" \/><\/p>\n<p><strong><span style=\"font-size: 17px;\">&gt;&gt; Li\u00ean h\u1ec7 v\u1edbi Admin tr\u00ean: <span style=\"color: #0000ff;\"><a style=\"color: #0000ff;\" href=\"https:\/\/fb.com\/phukienflycam\" target=\"_blank\" rel=\"noopener\">Fanpage<\/a><\/span><\/span><\/strong><\/p>\n","protected":false},"excerpt":{"rendered":"<p>Action Camera Adapter+ for Mobile Gimbal PGYtech &#8211; B\u1ed9 g\u1eafn k\u1ebft Camera h\u00e0nh \u0111\u1ed9ng B\u1ed9 gi\u00e1 g\u1eafn action camera v\u1edbi gimbal \u0111i\u1ec7n tho\u1ea1i &#8211; PGYtech &nbsp; Gi\u1edbi thi\u1ec7u s\u1ea3n ph\u1ea9m : B\u1ed9 g\u1eafn k\u1ebft Camera h\u00e0nh \u0111\u1ed9ng &#8211; PGYtech Action Camera Adapter+ for Mobile Gimbal gi\u00fap camera h\u00e0nh \u0111\u1ed9ng c\u00f3 th\u1ec3 \u0111\u01b0\u1ee3c \u0111\u01b0a v\u00e0o gimbal &#8230;<\/p>\n","protected":false},"featured_media":28150,"comment_status":"open","ping_status":"closed","template":"","meta":{"_acf_changed":false},"product_brand":[],"product_cat":[791],"product_tag":[],"class_list":{"0":"post-28632","1":"product","2":"type-product","3":"status-publish","4":"has-post-thumbnail","6":"product_cat-chua-phan-loai","8":"first","9":"instock","10":"shipping-taxable","11":"purchasable","12":"product-type-simple"},"acf":[],"yoast_head":"<!-- This site is optimized with the Yoast SEO plugin v25.7 - https:\/\/yoast.com\/wordpress\/plugins\/seo\/ -->\n<title>B\u1ed9 gi\u00e1 g\u1eafn Action Camera Adapter+ for Mobile Gimbal - PGYtech<\/title>\n<meta name=\"description\" content=\"Action Camera Adapter+ for Mobile Gimbal l\u00e0 b\u1ed9 gi\u00e1 g\u1eafn action camera v\u1edbi gimbal \u0111i\u1ec7n tho\u1ea1i ch\u00ednh h\u00e3ng PGYtech, chuy\u00ean nghi\u1ec7p, cao c\u1ea5p n\u00ean c\u00f3.\" \/>\n<meta name=\"robots\" content=\"index, follow, max-snippet:-1, max-image-preview:large, max-video-preview:-1\" \/>\n<link rel=\"canonical\" href=\"https:\/\/phukienflytech.vn\/en\/san-pham\/bo-gan-ket-camera-hanh-dong-pgytech.html\" \/>\n<meta property=\"og:locale\" content=\"en_US\" \/>\n<meta property=\"og:type\" content=\"article\" \/>\n<meta property=\"og:title\" content=\"B\u1ed9 gi\u00e1 g\u1eafn Action Camera Adapter+ for Mobile Gimbal - PGYtech\" \/>\n<meta property=\"og:description\" content=\"Action Camera Adapter+ for Mobile Gimbal l\u00e0 b\u1ed9 gi\u00e1 g\u1eafn action camera v\u1edbi gimbal \u0111i\u1ec7n tho\u1ea1i ch\u00ednh h\u00e3ng PGYtech, chuy\u00ean nghi\u1ec7p, cao c\u1ea5p n\u00ean c\u00f3.\" \/>\n<meta property=\"og:url\" content=\"https:\/\/phukienflytech.vn\/en\/san-pham\/bo-gan-ket-camera-hanh-dong-pgytech.html\" \/>\n<meta property=\"og:site_name\" content=\"Shop M\u00e1y \u1ea3nh - Action Camera - Gimbal - Flycam - Ph\u1ee5 ki\u1ec7n\" \/>\n<meta property=\"article:publisher\" content=\"https:\/\/facebook.com\/phukienflycam\" \/>\n<meta property=\"article:modified_time\" content=\"2022-01-09T15:59:44+00:00\" \/>\n<meta property=\"og:image\" content=\"https:\/\/phukienflytech.vn\/wp-content\/uploads\/2021\/06\/PGYTECH-Action-Camera-Adapter-for-Mobile-Gimbal.jpg\" \/>\n\t<meta property=\"og:image:width\" content=\"1000\" \/>\n\t<meta property=\"og:image:height\" content=\"1000\" \/>\n\t<meta property=\"og:image:type\" content=\"image\/jpeg\" \/>\n<meta name=\"twitter:card\" content=\"summary_large_image\" \/>\n<meta name=\"twitter:label1\" content=\"Est. reading time\" \/>\n\t<meta name=\"twitter:data1\" content=\"3 minutes\" \/>\n<script type=\"application\/ld+json\" class=\"yoast-schema-graph\">{\"@context\":\"https:\/\/schema.org\",\"@graph\":[{\"@type\":\"WebPage\",\"@id\":\"https:\/\/phukienflytech.vn\/en\/san-pham\/bo-gan-ket-camera-hanh-dong-pgytech.html\",\"url\":\"https:\/\/phukienflytech.vn\/en\/san-pham\/bo-gan-ket-camera-hanh-dong-pgytech.html\",\"name\":\"B\u1ed9 gi\u00e1 g\u1eafn Action Camera Adapter+ for Mobile Gimbal - PGYtech\",\"isPartOf\":{\"@id\":\"https:\/\/phukienflytech.vn\/#website\"},\"primaryImageOfPage\":{\"@id\":\"https:\/\/phukienflytech.vn\/en\/san-pham\/bo-gan-ket-camera-hanh-dong-pgytech.html#primaryimage\"},\"image\":{\"@id\":\"https:\/\/phukienflytech.vn\/en\/san-pham\/bo-gan-ket-camera-hanh-dong-pgytech.html#primaryimage\"},\"thumbnailUrl\":\"https:\/\/phukienflytech.vn\/wp-content\/uploads\/2021\/06\/PGYTECH-Action-Camera-Adapter-for-Mobile-Gimbal.jpg\",\"datePublished\":\"2021-06-29T12:34:41+00:00\",\"dateModified\":\"2022-01-09T15:59:44+00:00\",\"description\":\"Action Camera Adapter+ for Mobile Gimbal l\u00e0 b\u1ed9 gi\u00e1 g\u1eafn action camera v\u1edbi gimbal \u0111i\u1ec7n tho\u1ea1i ch\u00ednh h\u00e3ng PGYtech, chuy\u00ean nghi\u1ec7p, cao c\u1ea5p n\u00ean c\u00f3.\",\"breadcrumb\":{\"@id\":\"https:\/\/phukienflytech.vn\/en\/san-pham\/bo-gan-ket-camera-hanh-dong-pgytech.html#breadcrumb\"},\"inLanguage\":\"en-US\",\"potentialAction\":[{\"@type\":\"ReadAction\",\"target\":[\"https:\/\/phukienflytech.vn\/en\/san-pham\/bo-gan-ket-camera-hanh-dong-pgytech.html\"]}]},{\"@type\":\"ImageObject\",\"inLanguage\":\"en-US\",\"@id\":\"https:\/\/phukienflytech.vn\/en\/san-pham\/bo-gan-ket-camera-hanh-dong-pgytech.html#primaryimage\",\"url\":\"https:\/\/phukienflytech.vn\/wp-content\/uploads\/2021\/06\/PGYTECH-Action-Camera-Adapter-for-Mobile-Gimbal.jpg\",\"contentUrl\":\"https:\/\/phukienflytech.vn\/wp-content\/uploads\/2021\/06\/PGYTECH-Action-Camera-Adapter-for-Mobile-Gimbal.jpg\",\"width\":1000,\"height\":1000},{\"@type\":\"BreadcrumbList\",\"@id\":\"https:\/\/phukienflytech.vn\/en\/san-pham\/bo-gan-ket-camera-hanh-dong-pgytech.html#breadcrumb\",\"itemListElement\":[{\"@type\":\"ListItem\",\"position\":1,\"name\":\"Home\",\"item\":\"https:\/\/phukienflytech.vn\/en\"},{\"@type\":\"ListItem\",\"position\":2,\"name\":\"Ph\u1ee5 ki\u1ec7n Mavic Pro\",\"item\":\"https:\/\/phukienflytech.vn\/en\/phu-kien-mavic-pro.html\"},{\"@type\":\"ListItem\",\"position\":3,\"name\":\"Camera accessory\",\"item\":\"https:\/\/phukienflytech.vn\/en\/danh-muc\/camera-accessory.html\"},{\"@type\":\"ListItem\",\"position\":4,\"name\":\"Ph\u1ee5 ki\u1ec7n Camera Gimbal\",\"item\":\"https:\/\/phukienflytech.vn\/danh-muc\/phu-kien-camera.html\"},{\"@type\":\"ListItem\",\"position\":5,\"name\":\"B\u1ed9 gi\u00e1 g\u1eafn Action Camera Adapter+ for Mobile Gimbal &#8211; Xoay d\u1ecdc\"}]},{\"@type\":\"WebSite\",\"@id\":\"https:\/\/phukienflytech.vn\/#website\",\"url\":\"https:\/\/phukienflytech.vn\/\",\"name\":\"Shop M\u00e1y \u1ea3nh - Action Camera - Gimbal - Flycam - Ph\u1ee5 ki\u1ec7n\",\"description\":\"Shop M\u00e1y \u1ea3nh - Action Camera - Gimbal - Flycam - Ph\u1ee5 ki\u1ec7n\",\"publisher\":{\"@id\":\"https:\/\/phukienflytech.vn\/#organization\"},\"potentialAction\":[{\"@type\":\"SearchAction\",\"target\":{\"@type\":\"EntryPoint\",\"urlTemplate\":\"https:\/\/phukienflytech.vn\/?s={search_term_string}\"},\"query-input\":{\"@type\":\"PropertyValueSpecification\",\"valueRequired\":true,\"valueName\":\"search_term_string\"}}],\"inLanguage\":\"en-US\"},{\"@type\":\"Organization\",\"@id\":\"https:\/\/phukienflytech.vn\/#organization\",\"name\":\"DJI Store - Shop Drone, Action camera, Gimbal DJI |Phukienflytech\",\"alternateName\":\"DJI Store - Shop Drone, Action camera, Gimbal DJI |Phukienflytech\",\"url\":\"https:\/\/phukienflytech.vn\/\",\"logo\":{\"@type\":\"ImageObject\",\"inLanguage\":\"en-US\",\"@id\":\"https:\/\/phukienflytech.vn\/#\/schema\/logo\/image\/\",\"url\":\"https:\/\/phukienflytech.vn\/wp-content\/uploads\/2020\/05\/hAnh_nan.jpg1_.jpg\",\"contentUrl\":\"https:\/\/phukienflytech.vn\/wp-content\/uploads\/2020\/05\/hAnh_nan.jpg1_.jpg\",\"width\":800,\"height\":450,\"caption\":\"DJI Store - Shop Drone, Action camera, Gimbal DJI |Phukienflytech\"},\"image\":{\"@id\":\"https:\/\/phukienflytech.vn\/#\/schema\/logo\/image\/\"},\"sameAs\":[\"https:\/\/facebook.com\/phukienflycam\",\"https:\/\/www.youtube.com\/@phukienflytech\",\"https:\/\/www.tiktok.com\/@flytech.channel?fbclid=IwY2xjawGjg7BleHRuA2FlbQIxMAABHYVGmlXpuSMs0UB2zTpYvyT4GMVfN2qJa4urF4vkSQ6FAVBwXZtDP30qQA_aem_UwMiDcUvlEbd2tXAmsc8Og\"]}]}<\/script>\n<!-- \/ Yoast SEO plugin. -->","yoast_head_json":{"title":"B\u1ed9 gi\u00e1 g\u1eafn Action Camera Adapter+ for Mobile Gimbal - PGYtech","description":"Action Camera Adapter+ for Mobile Gimbal l\u00e0 b\u1ed9 gi\u00e1 g\u1eafn action camera v\u1edbi gimbal \u0111i\u1ec7n tho\u1ea1i ch\u00ednh h\u00e3ng PGYtech, chuy\u00ean nghi\u1ec7p, cao c\u1ea5p n\u00ean c\u00f3.","robots":{"index":"index","follow":"follow","max-snippet":"max-snippet:-1","max-image-preview":"max-image-preview:large","max-video-preview":"max-video-preview:-1"},"canonical":"https:\/\/phukienflytech.vn\/en\/san-pham\/bo-gan-ket-camera-hanh-dong-pgytech.html","og_locale":"en_US","og_type":"article","og_title":"B\u1ed9 gi\u00e1 g\u1eafn Action Camera Adapter+ for Mobile Gimbal - PGYtech","og_description":"Action Camera Adapter+ for Mobile Gimbal l\u00e0 b\u1ed9 gi\u00e1 g\u1eafn action camera v\u1edbi gimbal \u0111i\u1ec7n tho\u1ea1i ch\u00ednh h\u00e3ng PGYtech, chuy\u00ean nghi\u1ec7p, cao c\u1ea5p n\u00ean c\u00f3.","og_url":"https:\/\/phukienflytech.vn\/en\/san-pham\/bo-gan-ket-camera-hanh-dong-pgytech.html","og_site_name":"Shop M\u00e1y \u1ea3nh - Action Camera - Gimbal - Flycam - Ph\u1ee5 ki\u1ec7n","article_publisher":"https:\/\/facebook.com\/phukienflycam","article_modified_time":"2022-01-09T15:59:44+00:00","og_image":[{"width":1000,"height":1000,"url":"https:\/\/phukienflytech.vn\/wp-content\/uploads\/2021\/06\/PGYTECH-Action-Camera-Adapter-for-Mobile-Gimbal.jpg","type":"image\/jpeg"}],"twitter_card":"summary_large_image","twitter_misc":{"Est. reading time":"3 minutes"},"schema":{"@context":"https:\/\/schema.org","@graph":[{"@type":"WebPage","@id":"https:\/\/phukienflytech.vn\/en\/san-pham\/bo-gan-ket-camera-hanh-dong-pgytech.html","url":"https:\/\/phukienflytech.vn\/en\/san-pham\/bo-gan-ket-camera-hanh-dong-pgytech.html","name":"B\u1ed9 gi\u00e1 g\u1eafn Action Camera Adapter+ for Mobile Gimbal - PGYtech","isPartOf":{"@id":"https:\/\/phukienflytech.vn\/#website"},"primaryImageOfPage":{"@id":"https:\/\/phukienflytech.vn\/en\/san-pham\/bo-gan-ket-camera-hanh-dong-pgytech.html#primaryimage"},"image":{"@id":"https:\/\/phukienflytech.vn\/en\/san-pham\/bo-gan-ket-camera-hanh-dong-pgytech.html#primaryimage"},"thumbnailUrl":"https:\/\/phukienflytech.vn\/wp-content\/uploads\/2021\/06\/PGYTECH-Action-Camera-Adapter-for-Mobile-Gimbal.jpg","datePublished":"2021-06-29T12:34:41+00:00","dateModified":"2022-01-09T15:59:44+00:00","description":"Action Camera Adapter+ for Mobile Gimbal l\u00e0 b\u1ed9 gi\u00e1 g\u1eafn action camera v\u1edbi gimbal \u0111i\u1ec7n tho\u1ea1i ch\u00ednh h\u00e3ng PGYtech, chuy\u00ean nghi\u1ec7p, cao c\u1ea5p n\u00ean c\u00f3.","breadcrumb":{"@id":"https:\/\/phukienflytech.vn\/en\/san-pham\/bo-gan-ket-camera-hanh-dong-pgytech.html#breadcrumb"},"inLanguage":"en-US","potentialAction":[{"@type":"ReadAction","target":["https:\/\/phukienflytech.vn\/en\/san-pham\/bo-gan-ket-camera-hanh-dong-pgytech.html"]}]},{"@type":"ImageObject","inLanguage":"en-US","@id":"https:\/\/phukienflytech.vn\/en\/san-pham\/bo-gan-ket-camera-hanh-dong-pgytech.html#primaryimage","url":"https:\/\/phukienflytech.vn\/wp-content\/uploads\/2021\/06\/PGYTECH-Action-Camera-Adapter-for-Mobile-Gimbal.jpg","contentUrl":"https:\/\/phukienflytech.vn\/wp-content\/uploads\/2021\/06\/PGYTECH-Action-Camera-Adapter-for-Mobile-Gimbal.jpg","width":1000,"height":1000},{"@type":"BreadcrumbList","@id":"https:\/\/phukienflytech.vn\/en\/san-pham\/bo-gan-ket-camera-hanh-dong-pgytech.html#breadcrumb","itemListElement":[{"@type":"ListItem","position":1,"name":"Home","item":"https:\/\/phukienflytech.vn\/en"},{"@type":"ListItem","position":2,"name":"Ph\u1ee5 ki\u1ec7n Mavic Pro","item":"https:\/\/phukienflytech.vn\/en\/phu-kien-mavic-pro.html"},{"@type":"ListItem","position":3,"name":"Camera accessory","item":"https:\/\/phukienflytech.vn\/en\/danh-muc\/camera-accessory.html"},{"@type":"ListItem","position":4,"name":"Ph\u1ee5 ki\u1ec7n Camera Gimbal","item":"https:\/\/phukienflytech.vn\/danh-muc\/phu-kien-camera.html"},{"@type":"ListItem","position":5,"name":"B\u1ed9 gi\u00e1 g\u1eafn Action Camera Adapter+ for Mobile Gimbal &#8211; Xoay d\u1ecdc"}]},{"@type":"WebSite","@id":"https:\/\/phukienflytech.vn\/#website","url":"https:\/\/phukienflytech.vn\/","name":"Shop M\u00e1y \u1ea3nh - Action Camera - Gimbal - Flycam - Ph\u1ee5 ki\u1ec7n","description":"Shop M\u00e1y \u1ea3nh - Action Camera - Gimbal - Flycam - Ph\u1ee5 ki\u1ec7n","publisher":{"@id":"https:\/\/phukienflytech.vn\/#organization"},"potentialAction":[{"@type":"SearchAction","target":{"@type":"EntryPoint","urlTemplate":"https:\/\/phukienflytech.vn\/?s={search_term_string}"},"query-input":{"@type":"PropertyValueSpecification","valueRequired":true,"valueName":"search_term_string"}}],"inLanguage":"en-US"},{"@type":"Organization","@id":"https:\/\/phukienflytech.vn\/#organization","name":"DJI Store - Shop Drone, Action camera, Gimbal DJI |Phukienflytech","alternateName":"DJI Store - Shop Drone, Action camera, Gimbal DJI |Phukienflytech","url":"https:\/\/phukienflytech.vn\/","logo":{"@type":"ImageObject","inLanguage":"en-US","@id":"https:\/\/phukienflytech.vn\/#\/schema\/logo\/image\/","url":"https:\/\/phukienflytech.vn\/wp-content\/uploads\/2020\/05\/hAnh_nan.jpg1_.jpg","contentUrl":"https:\/\/phukienflytech.vn\/wp-content\/uploads\/2020\/05\/hAnh_nan.jpg1_.jpg","width":800,"height":450,"caption":"DJI Store - Shop Drone, Action camera, Gimbal DJI |Phukienflytech"},"image":{"@id":"https:\/\/phukienflytech.vn\/#\/schema\/logo\/image\/"},"sameAs":["https:\/\/facebook.com\/phukienflycam","https:\/\/www.youtube.com\/@phukienflytech","https:\/\/www.tiktok.com\/@flytech.channel?fbclid=IwY2xjawGjg7BleHRuA2FlbQIxMAABHYVGmlXpuSMs0UB2zTpYvyT4GMVfN2qJa4urF4vkSQ6FAVBwXZtDP30qQA_aem_UwMiDcUvlEbd2tXAmsc8Og"]}]}},"_links":{"self":[{"href":"https:\/\/phukienflytech.vn\/en\/wp-json\/wp\/v2\/product\/28632","targetHints":{"allow":["GET"]}}],"collection":[{"href":"https:\/\/phukienflytech.vn\/en\/wp-json\/wp\/v2\/product"}],"about":[{"href":"https:\/\/phukienflytech.vn\/en\/wp-json\/wp\/v2\/types\/product"}],"replies":[{"embeddable":true,"href":"https:\/\/phukienflytech.vn\/en\/wp-json\/wp\/v2\/comments?post=28632"}],"wp:featuredmedia":[{"embeddable":true,"href":"https:\/\/phukienflytech.vn\/en\/wp-json\/wp\/v2\/media\/28150"}],"wp:attachment":[{"href":"https:\/\/phukienflytech.vn\/en\/wp-json\/wp\/v2\/media?parent=28632"}],"wp:term":[{"taxonomy":"product_brand","embeddable":true,"href":"https:\/\/phukienflytech.vn\/en\/wp-json\/wp\/v2\/product_brand?post=28632"},{"taxonomy":"product_cat","embeddable":true,"href":"https:\/\/phukienflytech.vn\/en\/wp-json\/wp\/v2\/product_cat?post=28632"},{"taxonomy":"product_tag","embeddable":true,"href":"https:\/\/phukienflytech.vn\/en\/wp-json\/wp\/v2\/product_tag?post=28632"}],"curies":[{"name":"wp","href":"https:\/\/api.w.org\/{rel}","templated":true}]}}