{"id":28695,"date":"2021-06-29T18:19:08","date_gmt":"2021-06-29T11:19:08","guid":{"rendered":"https:\/\/phukienflytech.vn\/san-pham\/pad-holder-pgytech-gia-do-ipad.html"},"modified":"2022-08-18T09:49:09","modified_gmt":"2022-08-18T02:49:09","slug":"pad-holder-pgytech-gia-do-ipad","status":"publish","type":"product","link":"https:\/\/phukienflytech.vn\/en\/san-pham\/pad-holder-pgytech-gia-do-ipad.html","title":{"rendered":"K\u1eb9p \u0111i\u1ec7n tho\u1ea1i v\u00e0 m\u00e1y t\u00ednh b\u1ea3ng &#8211; Pad Holder PGYtech"},"content":{"rendered":"<h2><span style=\"font-size: 20px;\"><strong><span style=\"color: #0000ff;\">Pad Holder PGYtech &#8211; Gi\u00e1 \u0111\u1ee1 Ipad<\/span><\/strong><\/span><\/h2>\n<p><span style=\"font-size: 17px;\"><img loading=\"lazy\" decoding=\"async\" class=\"aligncenter wp-image-28672\" src=\"https:\/\/phukienflytech.vn\/wp-content\/uploads\/2021\/06\/pgytech-pad-holder-kep-dien-thoai-may-tinh-bang-mavic-pro-2-zoom-air-mini-620x400.jpg\" alt=\"pgytech-pad-holder-kep-dien-thoai-may-tinh-b\u1ea3ng-mavic-pro-2-zoom-air-mini\" width=\"850\" height=\"549\" srcset=\"https:\/\/phukienflytech.vn\/wp-content\/uploads\/2021\/06\/pgytech-pad-holder-kep-dien-thoai-may-tinh-bang-mavic-pro-2-zoom-air-mini-620x400.jpg 620w, https:\/\/phukienflytech.vn\/wp-content\/uploads\/2021\/06\/pgytech-pad-holder-kep-dien-thoai-may-tinh-bang-mavic-pro-2-zoom-air-mini-768x496.jpg 768w, https:\/\/phukienflytech.vn\/wp-content\/uploads\/2021\/06\/pgytech-pad-holder-kep-dien-thoai-may-tinh-bang-mavic-pro-2-zoom-air-mini-600x387.jpg 600w, https:\/\/phukienflytech.vn\/wp-content\/uploads\/2021\/06\/pgytech-pad-holder-kep-dien-thoai-may-tinh-bang-mavic-pro-2-zoom-air-mini.jpg 900w\" sizes=\"auto, (max-width: 850px) 100vw, 850px\" \/><\/span><\/p>\n<h3 style=\"text-align: center;\"><strong><span style=\"font-size: 14px;\">K\u1eb9p \u0111i\u1ec7n tho\u1ea1i, m\u00e1y t\u00ednh b\u1ea3ng \u0111a n\u0103ng Pad Holder PGYtech<\/span><\/strong><\/h3>\n<p>&nbsp;<\/p>\n<h2><span style=\"font-size: 20px; color: #0000ff;\"><strong>Gi\u1edbi thi\u1ec7u s\u1ea3n ph\u1ea9m : K\u1eb9p \u0111i\u1ec7n tho\u1ea1i, m\u00e1y t\u00ednh b\u1ea3ng cho Mavic series<\/strong><\/span><\/h2>\n<p><span style=\"font-size: 17px;\">D\u1ef1a tr\u00ean nhu c\u1ea7u s\u1eed d\u1ee5ng c\u1ee7a ng\u01b0\u1eddi ch\u01a1i, h\u00e3ng PGYtech \u0111\u00e3 cho ra m\u1eaft s\u1ea3n ph\u1ea9m <strong>Pad Holder PGYtech<\/strong> &#8211; Gi\u00e1 \u0111\u1ee1 Ipad gi\u00fap cho vi\u1ec7c \u0111i\u1ec1u khi\u1ec3n Flycam th\u00f4ng qua m\u00e0n h\u00ecnh l\u1edbn d\u1ec5 d\u00e0ng h\u01a1n. Gi\u00e1 \u0111\u1ee1 Ipad \u0111\u01b0\u1ee3c thi\u1ebft k\u1ebf nh\u1ecf g\u1ecdn v\u00e0 ch\u1ea5t li\u1ec7u b\u1ec1n b\u1ec9, ch\u1eafc ch\u1eafn, ch\u00fang ta c\u00f9ng t\u00ecm hi\u1ec3u nh\u1eefng c\u00f4ng d\u1ee5ng c\u1ee7a ph\u1ee5 ki\u1ec7n n\u00e0y nh\u00e9.<\/span><\/p>\n<p><img loading=\"lazy\" decoding=\"async\" class=\"aligncenter wp-image-28688\" src=\"https:\/\/phukienflytech.vn\/wp-content\/uploads\/2021\/06\/pgytech-pad-holder-kep-dien-thoai-may-tinh-bang-mavic-pro-2-zoom-air-mini8-714x400.jpg\" alt=\"pgytech-pad-holder-kep-dien-thoai-may-tinh-b\u1ea3ng-mavic-pro-2-zoom-air-mini-1\" width=\"850\" height=\"476\" srcset=\"https:\/\/phukienflytech.vn\/wp-content\/uploads\/2021\/06\/pgytech-pad-holder-kep-dien-thoai-may-tinh-bang-mavic-pro-2-zoom-air-mini8-714x400.jpg 714w, https:\/\/phukienflytech.vn\/wp-content\/uploads\/2021\/06\/pgytech-pad-holder-kep-dien-thoai-may-tinh-bang-mavic-pro-2-zoom-air-mini8-768x430.jpg 768w, https:\/\/phukienflytech.vn\/wp-content\/uploads\/2021\/06\/pgytech-pad-holder-kep-dien-thoai-may-tinh-bang-mavic-pro-2-zoom-air-mini8-600x336.jpg 600w, https:\/\/phukienflytech.vn\/wp-content\/uploads\/2021\/06\/pgytech-pad-holder-kep-dien-thoai-may-tinh-bang-mavic-pro-2-zoom-air-mini8.jpg 900w\" sizes=\"auto, (max-width: 850px) 100vw, 850px\" \/><\/p>\n<h3 style=\"text-align: center;\"><strong><span style=\"font-size: 14px;\">K\u1eb9p \u0111i\u1ec7n tho\u1ea1i ipad \u0111\u01b0\u1ee3c thi\u1ebft k\u1ebf ch\u1eafc ch\u1eafn,chuy\u00ean nghi\u1ec7p<\/span><\/strong><\/h3>\n<p>&nbsp;<\/p>\n<h3 style=\"text-align: center;\"><iframe loading=\"lazy\" src=\"\/\/www.youtube.com\/embed\/hLAFdZ3Bsw0\" width=\"800\" height=\"449\" allowfullscreen=\"allowfullscreen\"><\/iframe><\/h3>\n<h3 style=\"text-align: center;\"><strong><span style=\"font-size: 14px;\">Ngu\u1ed3n Youtube PGYtech: Phukienflytech l\u00e0 nh\u00e0 ph\u00e2n ph\u1ed1i ch\u00ednh th\u1ee9c t\u1ea1i Vi\u1ec7t Nam<\/span><\/strong><\/h3>\n<p>&nbsp;<\/p>\n<h2><span style=\"font-size: 20px;\"><strong><span style=\"color: #0000ff;\">M\u00f4 t\u1ea3 s\u1ea3n ph\u1ea9m : Pad Holder PGYtech\u00a0<\/span><\/strong><\/span><\/h2>\n<p><span style=\"font-size: 17px;\">\u2705 Ch\u00ednh h\u00e3ng:\u00a0<strong>PGYTECH<\/strong><\/span><\/p>\n<p><span style=\"font-size: 17px;\">\u2705 Ph\u00f9 h\u1ee3p: Tay khi\u1ec3n DJI<\/span><\/p>\n<p><span style=\"font-size: 17px;\">\u2705 Ch\u1ea5t li\u1ec7u : ABS&amp;PC, Aluminum<\/span><\/p>\n<p><span style=\"font-size: 17px;\">\u2705 Kh\u1ed1i l\u01b0\u1ee3ng : 188g<\/span><\/p>\n<p><span style=\"font-size: 17px;\">\u2705 Gi\u00e1 \u0111\u1ee1 t\u1ea5m l\u00f3t PGYTECH RC.\u00a0Thi\u1ebft k\u1ebf g\u1ea5p di \u0111\u1ed9ng<\/span><\/p>\n<p><span style=\"font-size: 17px;\">\u2705 Th\u00edch h\u1ee3p cho: \u0111i\u1ec7n tho\u1ea1i v\u00e0 m\u00e1y t\u00ednh b\u1ea3ng c\u00f3 chi\u1ec1u r\u1ed9ng 130mm-190mm.<\/span><\/p>\n<p><img loading=\"lazy\" decoding=\"async\" class=\"aligncenter wp-image-28678\" src=\"https:\/\/phukienflytech.vn\/wp-content\/uploads\/2021\/06\/pgytech-pad-holder-kep-dien-thoai-may-tinh-bang-mavic-pro-2-zoom-air-mini3-707x400.jpg\" alt=\"kep-dien-thoai-ipad-mavic-2\" width=\"850\" height=\"481\" srcset=\"https:\/\/phukienflytech.vn\/wp-content\/uploads\/2021\/06\/pgytech-pad-holder-kep-dien-thoai-may-tinh-bang-mavic-pro-2-zoom-air-mini3-707x400.jpg 707w, https:\/\/phukienflytech.vn\/wp-content\/uploads\/2021\/06\/pgytech-pad-holder-kep-dien-thoai-may-tinh-bang-mavic-pro-2-zoom-air-mini3-768x434.jpg 768w, https:\/\/phukienflytech.vn\/wp-content\/uploads\/2021\/06\/pgytech-pad-holder-kep-dien-thoai-may-tinh-bang-mavic-pro-2-zoom-air-mini3-600x339.jpg 600w, https:\/\/phukienflytech.vn\/wp-content\/uploads\/2021\/06\/pgytech-pad-holder-kep-dien-thoai-may-tinh-bang-mavic-pro-2-zoom-air-mini3.jpg 900w\" sizes=\"auto, (max-width: 850px) 100vw, 850px\" \/><\/p>\n<p>&nbsp;<\/p>\n<p><strong><span style=\"font-size: 17px;\">&gt;&gt; Xem th\u00eam: <span style=\"color: #0000ff;\"><a style=\"color: #0000ff;\" href=\"https:\/\/phukienflytech.vn\/danh-muc\/phu-kien-mavic-2.html\">Ph\u1ee5 ki\u1ec7n Mavic 2<\/a><\/span><\/span><\/strong><\/p>\n<p><strong><span style=\"font-size: 17px;\">&gt;&gt; Xem th\u00eam:<span style=\"color: #0000ff;\"> <a style=\"color: #0000ff;\" href=\"https:\/\/phukienflytech.vn\/danh-muc\/phu-kien-mavic-air-2.html\">Ph\u1ee5 ki\u1ec7n Mavic Air 2<\/a><\/span><\/span><\/strong><\/p>\n<p>&nbsp;<\/p>\n<p>&nbsp;<\/p>\n<p><img loading=\"lazy\" decoding=\"async\" class=\"aligncenter wp-image-28690\" src=\"https:\/\/phukienflytech.vn\/wp-content\/uploads\/2021\/06\/pgytech-pad-holder-kep-dien-thoai-may-tinh-bang-mavic-pro-2-zoom-air-mini9-732x400.jpg\" alt=\"\" width=\"850\" height=\"465\" srcset=\"https:\/\/phukienflytech.vn\/wp-content\/uploads\/2021\/06\/pgytech-pad-holder-kep-dien-thoai-may-tinh-bang-mavic-pro-2-zoom-air-mini9-732x400.jpg 732w, https:\/\/phukienflytech.vn\/wp-content\/uploads\/2021\/06\/pgytech-pad-holder-kep-dien-thoai-may-tinh-bang-mavic-pro-2-zoom-air-mini9-768x420.jpg 768w, https:\/\/phukienflytech.vn\/wp-content\/uploads\/2021\/06\/pgytech-pad-holder-kep-dien-thoai-may-tinh-bang-mavic-pro-2-zoom-air-mini9-600x328.jpg 600w, https:\/\/phukienflytech.vn\/wp-content\/uploads\/2021\/06\/pgytech-pad-holder-kep-dien-thoai-may-tinh-bang-mavic-pro-2-zoom-air-mini9.jpg 900w\" sizes=\"auto, (max-width: 850px) 100vw, 850px\" \/><\/p>\n<p>&nbsp;<\/p>\n<h2><span style=\"font-size: 20px; color: #0000ff;\"><strong>C\u00f4ng d\u1ee5ng s\u1ea3n ph\u1ea9m :<\/strong><\/span><\/h2>\n<p><span style=\"font-size: 17px;\">\u2705 Tay \u0111\u1ee1 \u0111\u01b0\u1ee3c l\u1ef1a ch\u1ecdn t\u1eeb nh\u00f4m CNC h\u00e0ng kh\u00f4ng, s\u1eed d\u1ee5ng qu\u00e1 tr\u00ecnh anodizing, logo laser c\u00f3 \u0111\u1ed9 ch\u00ednh x\u00e1c cao;\u00a0Nh\u1eb9 nh\u01b0ng ch\u1eafc ch\u1eafn<\/span><\/p>\n<p><img loading=\"lazy\" decoding=\"async\" class=\"aligncenter wp-image-28686\" src=\"https:\/\/phukienflytech.vn\/wp-content\/uploads\/2021\/06\/pgytech-pad-holder-kep-dien-thoai-may-tinh-bang-mavic-pro-2-zoom-air-mini7-711x400.jpg\" alt=\"kep-pad-holder-mavic-2\" width=\"850\" height=\"478\" srcset=\"https:\/\/phukienflytech.vn\/wp-content\/uploads\/2021\/06\/pgytech-pad-holder-kep-dien-thoai-may-tinh-bang-mavic-pro-2-zoom-air-mini7-711x400.jpg 711w, https:\/\/phukienflytech.vn\/wp-content\/uploads\/2021\/06\/pgytech-pad-holder-kep-dien-thoai-may-tinh-bang-mavic-pro-2-zoom-air-mini7-768x432.jpg 768w, https:\/\/phukienflytech.vn\/wp-content\/uploads\/2021\/06\/pgytech-pad-holder-kep-dien-thoai-may-tinh-bang-mavic-pro-2-zoom-air-mini7-600x337.jpg 600w, https:\/\/phukienflytech.vn\/wp-content\/uploads\/2021\/06\/pgytech-pad-holder-kep-dien-thoai-may-tinh-bang-mavic-pro-2-zoom-air-mini7.jpg 900w\" sizes=\"auto, (max-width: 850px) 100vw, 850px\" \/><\/p>\n<p>&nbsp;<\/p>\n<p><span style=\"font-size: 17px;\">\u2705 Tr\u1ea3i nghi\u1ec7m ch\u1ee5p \u1ea3nh tr\u00ean kh\u00f4ng qua m\u00e0n h\u00ecnh l\u1edbn<\/span><\/p>\n<p><span style=\"font-size: 17px;\">\u2705 Nh\u1ecf g\u1ecdn ti\u1ec7n l\u1ee3i th\u00edch h\u1ee3p v\u1edbi nhi\u1ec1u lo\u1ea1i m\u00e1y t\u00ednh b\u1ea3ng<\/span><\/p>\n<p><img loading=\"lazy\" decoding=\"async\" class=\"aligncenter wp-image-28692\" src=\"https:\/\/phukienflytech.vn\/wp-content\/uploads\/2021\/06\/pgytech-pad-holder-kep-dien-thoai-may-tinh-bang-mavic-pro-2-zoom-air-mini11-668x400.jpg\" alt=\"kep-ipad-mavic-mini-pro-2-zoom-air\" width=\"850\" height=\"509\" srcset=\"https:\/\/phukienflytech.vn\/wp-content\/uploads\/2021\/06\/pgytech-pad-holder-kep-dien-thoai-may-tinh-bang-mavic-pro-2-zoom-air-mini11-668x400.jpg 668w, https:\/\/phukienflytech.vn\/wp-content\/uploads\/2021\/06\/pgytech-pad-holder-kep-dien-thoai-may-tinh-bang-mavic-pro-2-zoom-air-mini11-768x460.jpg 768w, https:\/\/phukienflytech.vn\/wp-content\/uploads\/2021\/06\/pgytech-pad-holder-kep-dien-thoai-may-tinh-bang-mavic-pro-2-zoom-air-mini11-600x359.jpg 600w, https:\/\/phukienflytech.vn\/wp-content\/uploads\/2021\/06\/pgytech-pad-holder-kep-dien-thoai-may-tinh-bang-mavic-pro-2-zoom-air-mini11.jpg 900w\" sizes=\"auto, (max-width: 850px) 100vw, 850px\" \/><\/p>\n<p>&nbsp;<\/p>\n<h2><span style=\"font-size: 20px; color: #0000ff;\"><strong>H\u01b0\u1edbng d\u1eabn b\u1ea3o qu\u1ea3n\u00a0<\/strong><\/span><\/h2>\n<p><span style=\"font-size: 17px;\">\u2705 Sau khi s\u1eed d\u1ee5ng, n\u1ebfu kh\u00f4ng d\u00f9ng h\u00e3y c\u1ea5t v\u00e0o h\u1ed9p \u0111\u1ef1ng chuy\u00ean d\u1ee5ng \u0111\u1ec3 tr\u00e1nh ngo\u1ea1i l\u1ef1c t\u00e1c \u0111\u1ed9ng<\/span><\/p>\n<p><span style=\"font-size: 17px;\">\u2705 B\u1ea3o qu\u1ea3n n\u01a1i kh\u00f4 tho\u00e1ng, tr\u00e1nh nh\u1eefng n\u01a1i c\u00f3 nhi\u1ec7t \u0111\u1ed9 cao<\/span><\/p>\n<p><img loading=\"lazy\" decoding=\"async\" class=\"aligncenter wp-image-28694\" src=\"https:\/\/phukienflytech.vn\/wp-content\/uploads\/2021\/06\/pgytech-pad-holder-kep-dien-thoai-may-tinh-bang-mavic-pro-2-zoom-air-mini12-711x400.jpg\" alt=\"\" width=\"850\" height=\"478\" srcset=\"https:\/\/phukienflytech.vn\/wp-content\/uploads\/2021\/06\/pgytech-pad-holder-kep-dien-thoai-may-tinh-bang-mavic-pro-2-zoom-air-mini12-711x400.jpg 711w, https:\/\/phukienflytech.vn\/wp-content\/uploads\/2021\/06\/pgytech-pad-holder-kep-dien-thoai-may-tinh-bang-mavic-pro-2-zoom-air-mini12-768x432.jpg 768w, https:\/\/phukienflytech.vn\/wp-content\/uploads\/2021\/06\/pgytech-pad-holder-kep-dien-thoai-may-tinh-bang-mavic-pro-2-zoom-air-mini12-600x337.jpg 600w, https:\/\/phukienflytech.vn\/wp-content\/uploads\/2021\/06\/pgytech-pad-holder-kep-dien-thoai-may-tinh-bang-mavic-pro-2-zoom-air-mini12.jpg 900w\" sizes=\"auto, (max-width: 850px) 100vw, 850px\" \/><\/p>\n<p><span style=\"font-size: 17px;\"><strong>&gt;&gt; Li\u00ean h\u1ec7 v\u1edbi Admin tr\u00ean: <span style=\"color: #0000ff;\"><a style=\"color: #0000ff;\" href=\"https:\/\/fb.com\/phukienflycam\">Fanpage<\/a><\/span><\/strong><\/span><\/p>\n","protected":false},"excerpt":{"rendered":"<p>Pad Holder PGYtech &#8211; Gi\u00e1 \u0111\u1ee1 Ipad K\u1eb9p \u0111i\u1ec7n tho\u1ea1i, m\u00e1y t\u00ednh b\u1ea3ng \u0111a n\u0103ng Pad Holder PGYtech &nbsp; Gi\u1edbi thi\u1ec7u s\u1ea3n ph\u1ea9m : K\u1eb9p \u0111i\u1ec7n tho\u1ea1i, m\u00e1y t\u00ednh b\u1ea3ng cho Mavic series D\u1ef1a tr\u00ean nhu c\u1ea7u s\u1eed d\u1ee5ng c\u1ee7a ng\u01b0\u1eddi ch\u01a1i, h\u00e3ng PGYtech \u0111\u00e3 cho ra m\u1eaft s\u1ea3n ph\u1ea9m Pad Holder PGYtech &#8211; Gi\u00e1 &#8230;<\/p>\n","protected":false},"featured_media":28090,"comment_status":"open","ping_status":"closed","template":"","meta":{"_acf_changed":false},"product_brand":[],"product_cat":[791],"product_tag":[],"class_list":{"0":"post-28695","1":"product","2":"type-product","3":"status-publish","4":"has-post-thumbnail","6":"product_cat-chua-phan-loai","8":"first","9":"instock","10":"shipping-taxable","11":"purchasable","12":"product-type-simple"},"acf":[],"yoast_head":"<!-- This site is optimized with the Yoast SEO plugin v25.7 - https:\/\/yoast.com\/wordpress\/plugins\/seo\/ -->\n<title>K\u1eb9p \u0111i\u1ec7n tho\u1ea1i, m\u00e1y t\u00ednh b\u1ea3ng Pad Holder PGYtech cho Mavic series<\/title>\n<meta name=\"description\" content=\"Pad Holder PGYtech l\u00e0 gi\u00e1 \u0111\u1ee1 k\u1eb9p \u0111i\u1ec7n tho\u1ea1i, m\u00e1y t\u00ednh b\u1ea3ng Ipad cao c\u1ea5p d\u00e0nh cho to\u00e0n b\u1ed9 flycam Mavic Pro, Platinum, Mavic 2 v\u00e0 Air series.\" \/>\n<meta name=\"robots\" content=\"index, follow, max-snippet:-1, max-image-preview:large, max-video-preview:-1\" \/>\n<link rel=\"canonical\" href=\"https:\/\/phukienflytech.vn\/en\/san-pham\/pad-holder-pgytech-gia-do-ipad.html\" \/>\n<meta property=\"og:locale\" content=\"en_US\" \/>\n<meta property=\"og:type\" content=\"article\" \/>\n<meta property=\"og:title\" content=\"K\u1eb9p \u0111i\u1ec7n tho\u1ea1i, m\u00e1y t\u00ednh b\u1ea3ng Pad Holder PGYtech cho Mavic series\" \/>\n<meta property=\"og:description\" content=\"Pad Holder PGYtech l\u00e0 gi\u00e1 \u0111\u1ee1 k\u1eb9p \u0111i\u1ec7n tho\u1ea1i, m\u00e1y t\u00ednh b\u1ea3ng Ipad cao c\u1ea5p d\u00e0nh cho to\u00e0n b\u1ed9 flycam Mavic Pro, Platinum, Mavic 2 v\u00e0 Air series.\" \/>\n<meta property=\"og:url\" content=\"https:\/\/phukienflytech.vn\/en\/san-pham\/pad-holder-pgytech-gia-do-ipad.html\" \/>\n<meta property=\"og:site_name\" content=\"Shop M\u00e1y \u1ea3nh - Action Camera - Gimbal - Flycam - Ph\u1ee5 ki\u1ec7n\" \/>\n<meta property=\"article:publisher\" content=\"https:\/\/facebook.com\/phukienflycam\" \/>\n<meta property=\"article:modified_time\" content=\"2022-08-18T02:49:09+00:00\" \/>\n<meta property=\"og:image\" content=\"https:\/\/phukienflytech.vn\/wp-content\/uploads\/2021\/06\/phone-holder.jpg\" \/>\n\t<meta property=\"og:image:width\" content=\"1000\" \/>\n\t<meta property=\"og:image:height\" content=\"1000\" \/>\n\t<meta property=\"og:image:type\" content=\"image\/jpeg\" \/>\n<meta name=\"twitter:card\" content=\"summary_large_image\" \/>\n<meta name=\"twitter:label1\" content=\"Est. reading time\" \/>\n\t<meta name=\"twitter:data1\" content=\"3 minutes\" \/>\n<script type=\"application\/ld+json\" class=\"yoast-schema-graph\">{\"@context\":\"https:\/\/schema.org\",\"@graph\":[{\"@type\":\"WebPage\",\"@id\":\"https:\/\/phukienflytech.vn\/en\/san-pham\/pad-holder-pgytech-gia-do-ipad.html\",\"url\":\"https:\/\/phukienflytech.vn\/en\/san-pham\/pad-holder-pgytech-gia-do-ipad.html\",\"name\":\"K\u1eb9p \u0111i\u1ec7n tho\u1ea1i, m\u00e1y t\u00ednh b\u1ea3ng Pad Holder PGYtech cho Mavic series\",\"isPartOf\":{\"@id\":\"https:\/\/phukienflytech.vn\/#website\"},\"primaryImageOfPage\":{\"@id\":\"https:\/\/phukienflytech.vn\/en\/san-pham\/pad-holder-pgytech-gia-do-ipad.html#primaryimage\"},\"image\":{\"@id\":\"https:\/\/phukienflytech.vn\/en\/san-pham\/pad-holder-pgytech-gia-do-ipad.html#primaryimage\"},\"thumbnailUrl\":\"https:\/\/phukienflytech.vn\/wp-content\/uploads\/2021\/06\/phone-holder.jpg\",\"datePublished\":\"2021-06-29T11:19:08+00:00\",\"dateModified\":\"2022-08-18T02:49:09+00:00\",\"description\":\"Pad Holder PGYtech l\u00e0 gi\u00e1 \u0111\u1ee1 k\u1eb9p \u0111i\u1ec7n tho\u1ea1i, m\u00e1y t\u00ednh b\u1ea3ng Ipad cao c\u1ea5p d\u00e0nh cho to\u00e0n b\u1ed9 flycam Mavic Pro, Platinum, Mavic 2 v\u00e0 Air series.\",\"breadcrumb\":{\"@id\":\"https:\/\/phukienflytech.vn\/en\/san-pham\/pad-holder-pgytech-gia-do-ipad.html#breadcrumb\"},\"inLanguage\":\"en-US\",\"potentialAction\":[{\"@type\":\"ReadAction\",\"target\":[\"https:\/\/phukienflytech.vn\/en\/san-pham\/pad-holder-pgytech-gia-do-ipad.html\"]}]},{\"@type\":\"ImageObject\",\"inLanguage\":\"en-US\",\"@id\":\"https:\/\/phukienflytech.vn\/en\/san-pham\/pad-holder-pgytech-gia-do-ipad.html#primaryimage\",\"url\":\"https:\/\/phukienflytech.vn\/wp-content\/uploads\/2021\/06\/phone-holder.jpg\",\"contentUrl\":\"https:\/\/phukienflytech.vn\/wp-content\/uploads\/2021\/06\/phone-holder.jpg\",\"width\":1000,\"height\":1000},{\"@type\":\"BreadcrumbList\",\"@id\":\"https:\/\/phukienflytech.vn\/en\/san-pham\/pad-holder-pgytech-gia-do-ipad.html#breadcrumb\",\"itemListElement\":[{\"@type\":\"ListItem\",\"position\":1,\"name\":\"Home\",\"item\":\"https:\/\/phukienflytech.vn\/en\"},{\"@type\":\"ListItem\",\"position\":2,\"name\":\"Ph\u1ee5 ki\u1ec7n Mavic Pro\",\"item\":\"https:\/\/phukienflytech.vn\/en\/phu-kien-mavic-pro.html\"},{\"@type\":\"ListItem\",\"position\":3,\"name\":\"Ph\u1ee5 ki\u1ec7n DJI - Osmo\",\"item\":\"https:\/\/phukienflytech.vn\/danh-muc\/phu-kien-dji-osmo.html\"},{\"@type\":\"ListItem\",\"position\":4,\"name\":\"K\u1eb9p \u0111i\u1ec7n tho\u1ea1i v\u00e0 m\u00e1y t\u00ednh b\u1ea3ng &#8211; Pad Holder PGYtech\"}]},{\"@type\":\"WebSite\",\"@id\":\"https:\/\/phukienflytech.vn\/#website\",\"url\":\"https:\/\/phukienflytech.vn\/\",\"name\":\"Shop M\u00e1y \u1ea3nh - Action Camera - Gimbal - Flycam - Ph\u1ee5 ki\u1ec7n\",\"description\":\"Shop M\u00e1y \u1ea3nh - Action Camera - Gimbal - Flycam - Ph\u1ee5 ki\u1ec7n\",\"publisher\":{\"@id\":\"https:\/\/phukienflytech.vn\/#organization\"},\"potentialAction\":[{\"@type\":\"SearchAction\",\"target\":{\"@type\":\"EntryPoint\",\"urlTemplate\":\"https:\/\/phukienflytech.vn\/?s={search_term_string}\"},\"query-input\":{\"@type\":\"PropertyValueSpecification\",\"valueRequired\":true,\"valueName\":\"search_term_string\"}}],\"inLanguage\":\"en-US\"},{\"@type\":\"Organization\",\"@id\":\"https:\/\/phukienflytech.vn\/#organization\",\"name\":\"DJI Store - Shop Drone, Action camera, Gimbal DJI |Phukienflytech\",\"alternateName\":\"DJI Store - Shop Drone, Action camera, Gimbal DJI |Phukienflytech\",\"url\":\"https:\/\/phukienflytech.vn\/\",\"logo\":{\"@type\":\"ImageObject\",\"inLanguage\":\"en-US\",\"@id\":\"https:\/\/phukienflytech.vn\/#\/schema\/logo\/image\/\",\"url\":\"https:\/\/phukienflytech.vn\/wp-content\/uploads\/2020\/05\/hAnh_nan.jpg1_.jpg\",\"contentUrl\":\"https:\/\/phukienflytech.vn\/wp-content\/uploads\/2020\/05\/hAnh_nan.jpg1_.jpg\",\"width\":800,\"height\":450,\"caption\":\"DJI Store - Shop Drone, Action camera, Gimbal DJI |Phukienflytech\"},\"image\":{\"@id\":\"https:\/\/phukienflytech.vn\/#\/schema\/logo\/image\/\"},\"sameAs\":[\"https:\/\/facebook.com\/phukienflycam\",\"https:\/\/www.youtube.com\/@phukienflytech\",\"https:\/\/www.tiktok.com\/@flytech.channel?fbclid=IwY2xjawGjg7BleHRuA2FlbQIxMAABHYVGmlXpuSMs0UB2zTpYvyT4GMVfN2qJa4urF4vkSQ6FAVBwXZtDP30qQA_aem_UwMiDcUvlEbd2tXAmsc8Og\"]}]}<\/script>\n<!-- \/ Yoast SEO plugin. -->","yoast_head_json":{"title":"K\u1eb9p \u0111i\u1ec7n tho\u1ea1i, m\u00e1y t\u00ednh b\u1ea3ng Pad Holder PGYtech cho Mavic series","description":"Pad Holder PGYtech l\u00e0 gi\u00e1 \u0111\u1ee1 k\u1eb9p \u0111i\u1ec7n tho\u1ea1i, m\u00e1y t\u00ednh b\u1ea3ng Ipad cao c\u1ea5p d\u00e0nh cho to\u00e0n b\u1ed9 flycam Mavic Pro, Platinum, Mavic 2 v\u00e0 Air series.","robots":{"index":"index","follow":"follow","max-snippet":"max-snippet:-1","max-image-preview":"max-image-preview:large","max-video-preview":"max-video-preview:-1"},"canonical":"https:\/\/phukienflytech.vn\/en\/san-pham\/pad-holder-pgytech-gia-do-ipad.html","og_locale":"en_US","og_type":"article","og_title":"K\u1eb9p \u0111i\u1ec7n tho\u1ea1i, m\u00e1y t\u00ednh b\u1ea3ng Pad Holder PGYtech cho Mavic series","og_description":"Pad Holder PGYtech l\u00e0 gi\u00e1 \u0111\u1ee1 k\u1eb9p \u0111i\u1ec7n tho\u1ea1i, m\u00e1y t\u00ednh b\u1ea3ng Ipad cao c\u1ea5p d\u00e0nh cho to\u00e0n b\u1ed9 flycam Mavic Pro, Platinum, Mavic 2 v\u00e0 Air series.","og_url":"https:\/\/phukienflytech.vn\/en\/san-pham\/pad-holder-pgytech-gia-do-ipad.html","og_site_name":"Shop M\u00e1y \u1ea3nh - Action Camera - Gimbal - Flycam - Ph\u1ee5 ki\u1ec7n","article_publisher":"https:\/\/facebook.com\/phukienflycam","article_modified_time":"2022-08-18T02:49:09+00:00","og_image":[{"width":1000,"height":1000,"url":"https:\/\/phukienflytech.vn\/wp-content\/uploads\/2021\/06\/phone-holder.jpg","type":"image\/jpeg"}],"twitter_card":"summary_large_image","twitter_misc":{"Est. reading time":"3 minutes"},"schema":{"@context":"https:\/\/schema.org","@graph":[{"@type":"WebPage","@id":"https:\/\/phukienflytech.vn\/en\/san-pham\/pad-holder-pgytech-gia-do-ipad.html","url":"https:\/\/phukienflytech.vn\/en\/san-pham\/pad-holder-pgytech-gia-do-ipad.html","name":"K\u1eb9p \u0111i\u1ec7n tho\u1ea1i, m\u00e1y t\u00ednh b\u1ea3ng Pad Holder PGYtech cho Mavic series","isPartOf":{"@id":"https:\/\/phukienflytech.vn\/#website"},"primaryImageOfPage":{"@id":"https:\/\/phukienflytech.vn\/en\/san-pham\/pad-holder-pgytech-gia-do-ipad.html#primaryimage"},"image":{"@id":"https:\/\/phukienflytech.vn\/en\/san-pham\/pad-holder-pgytech-gia-do-ipad.html#primaryimage"},"thumbnailUrl":"https:\/\/phukienflytech.vn\/wp-content\/uploads\/2021\/06\/phone-holder.jpg","datePublished":"2021-06-29T11:19:08+00:00","dateModified":"2022-08-18T02:49:09+00:00","description":"Pad Holder PGYtech l\u00e0 gi\u00e1 \u0111\u1ee1 k\u1eb9p \u0111i\u1ec7n tho\u1ea1i, m\u00e1y t\u00ednh b\u1ea3ng Ipad cao c\u1ea5p d\u00e0nh cho to\u00e0n b\u1ed9 flycam Mavic Pro, Platinum, Mavic 2 v\u00e0 Air series.","breadcrumb":{"@id":"https:\/\/phukienflytech.vn\/en\/san-pham\/pad-holder-pgytech-gia-do-ipad.html#breadcrumb"},"inLanguage":"en-US","potentialAction":[{"@type":"ReadAction","target":["https:\/\/phukienflytech.vn\/en\/san-pham\/pad-holder-pgytech-gia-do-ipad.html"]}]},{"@type":"ImageObject","inLanguage":"en-US","@id":"https:\/\/phukienflytech.vn\/en\/san-pham\/pad-holder-pgytech-gia-do-ipad.html#primaryimage","url":"https:\/\/phukienflytech.vn\/wp-content\/uploads\/2021\/06\/phone-holder.jpg","contentUrl":"https:\/\/phukienflytech.vn\/wp-content\/uploads\/2021\/06\/phone-holder.jpg","width":1000,"height":1000},{"@type":"BreadcrumbList","@id":"https:\/\/phukienflytech.vn\/en\/san-pham\/pad-holder-pgytech-gia-do-ipad.html#breadcrumb","itemListElement":[{"@type":"ListItem","position":1,"name":"Home","item":"https:\/\/phukienflytech.vn\/en"},{"@type":"ListItem","position":2,"name":"Ph\u1ee5 ki\u1ec7n Mavic Pro","item":"https:\/\/phukienflytech.vn\/en\/phu-kien-mavic-pro.html"},{"@type":"ListItem","position":3,"name":"Ph\u1ee5 ki\u1ec7n DJI - Osmo","item":"https:\/\/phukienflytech.vn\/danh-muc\/phu-kien-dji-osmo.html"},{"@type":"ListItem","position":4,"name":"K\u1eb9p \u0111i\u1ec7n tho\u1ea1i v\u00e0 m\u00e1y t\u00ednh b\u1ea3ng &#8211; Pad Holder PGYtech"}]},{"@type":"WebSite","@id":"https:\/\/phukienflytech.vn\/#website","url":"https:\/\/phukienflytech.vn\/","name":"Shop M\u00e1y \u1ea3nh - Action Camera - Gimbal - Flycam - Ph\u1ee5 ki\u1ec7n","description":"Shop M\u00e1y \u1ea3nh - Action Camera - Gimbal - Flycam - Ph\u1ee5 ki\u1ec7n","publisher":{"@id":"https:\/\/phukienflytech.vn\/#organization"},"potentialAction":[{"@type":"SearchAction","target":{"@type":"EntryPoint","urlTemplate":"https:\/\/phukienflytech.vn\/?s={search_term_string}"},"query-input":{"@type":"PropertyValueSpecification","valueRequired":true,"valueName":"search_term_string"}}],"inLanguage":"en-US"},{"@type":"Organization","@id":"https:\/\/phukienflytech.vn\/#organization","name":"DJI Store - Shop Drone, Action camera, Gimbal DJI |Phukienflytech","alternateName":"DJI Store - Shop Drone, Action camera, Gimbal DJI |Phukienflytech","url":"https:\/\/phukienflytech.vn\/","logo":{"@type":"ImageObject","inLanguage":"en-US","@id":"https:\/\/phukienflytech.vn\/#\/schema\/logo\/image\/","url":"https:\/\/phukienflytech.vn\/wp-content\/uploads\/2020\/05\/hAnh_nan.jpg1_.jpg","contentUrl":"https:\/\/phukienflytech.vn\/wp-content\/uploads\/2020\/05\/hAnh_nan.jpg1_.jpg","width":800,"height":450,"caption":"DJI Store - Shop Drone, Action camera, Gimbal DJI |Phukienflytech"},"image":{"@id":"https:\/\/phukienflytech.vn\/#\/schema\/logo\/image\/"},"sameAs":["https:\/\/facebook.com\/phukienflycam","https:\/\/www.youtube.com\/@phukienflytech","https:\/\/www.tiktok.com\/@flytech.channel?fbclid=IwY2xjawGjg7BleHRuA2FlbQIxMAABHYVGmlXpuSMs0UB2zTpYvyT4GMVfN2qJa4urF4vkSQ6FAVBwXZtDP30qQA_aem_UwMiDcUvlEbd2tXAmsc8Og"]}]}},"_links":{"self":[{"href":"https:\/\/phukienflytech.vn\/en\/wp-json\/wp\/v2\/product\/28695","targetHints":{"allow":["GET"]}}],"collection":[{"href":"https:\/\/phukienflytech.vn\/en\/wp-json\/wp\/v2\/product"}],"about":[{"href":"https:\/\/phukienflytech.vn\/en\/wp-json\/wp\/v2\/types\/product"}],"replies":[{"embeddable":true,"href":"https:\/\/phukienflytech.vn\/en\/wp-json\/wp\/v2\/comments?post=28695"}],"wp:featuredmedia":[{"embeddable":true,"href":"https:\/\/phukienflytech.vn\/en\/wp-json\/wp\/v2\/media\/28090"}],"wp:attachment":[{"href":"https:\/\/phukienflytech.vn\/en\/wp-json\/wp\/v2\/media?parent=28695"}],"wp:term":[{"taxonomy":"product_brand","embeddable":true,"href":"https:\/\/phukienflytech.vn\/en\/wp-json\/wp\/v2\/product_brand?post=28695"},{"taxonomy":"product_cat","embeddable":true,"href":"https:\/\/phukienflytech.vn\/en\/wp-json\/wp\/v2\/product_cat?post=28695"},{"taxonomy":"product_tag","embeddable":true,"href":"https:\/\/phukienflytech.vn\/en\/wp-json\/wp\/v2\/product_tag?post=28695"}],"curies":[{"name":"wp","href":"https:\/\/api.w.org\/{rel}","templated":true}]}}