{"id":28696,"date":"2021-06-28T20:54:17","date_gmt":"2021-06-28T13:54:17","guid":{"rendered":"https:\/\/phukienflytech.vn\/san-pham\/snaplock-mini-reverse-ball-head-pgytech.html"},"modified":"2022-01-09T22:59:45","modified_gmt":"2022-01-09T15:59:45","slug":"snaplock-mini-reverse-ball-head-pgytech","status":"publish","type":"product","link":"https:\/\/phukienflytech.vn\/en\/san-pham\/snaplock-mini-reverse-ball-head-pgytech.html","title":{"rendered":"\u0110\u1ea7u n\u1ed1i Snaplock Mini Reverse Ball Head PGYtech"},"content":{"rendered":"<h2><span style=\"color: #0000ff; font-size: 20px;\"><strong>\u0110\u1ea7u n\u1ed1i Snaplock Mini Reverse Ball Head PGYtech<\/strong><\/span><\/h2>\n<p><img loading=\"lazy\" decoding=\"async\" class=\"aligncenter wp-image-28706\" src=\"https:\/\/phukienflytech.vn\/wp-content\/uploads\/2021\/06\/Dau-noi-Snaplock-Mini-Reverse-Ball-Head-PGYtech4-462x400.jpg\" alt=\"\u0110\u1ea7u-n\u00f4i-Snaplock-Mini-Reverse-Ball-Head-PGYtech\" width=\"850\" height=\"737\" srcset=\"https:\/\/phukienflytech.vn\/wp-content\/uploads\/2021\/06\/Dau-noi-Snaplock-Mini-Reverse-Ball-Head-PGYtech4-462x400.jpg 462w, https:\/\/phukienflytech.vn\/wp-content\/uploads\/2021\/06\/Dau-noi-Snaplock-Mini-Reverse-Ball-Head-PGYtech4-600x520.jpg 600w, https:\/\/phukienflytech.vn\/wp-content\/uploads\/2021\/06\/Dau-noi-Snaplock-Mini-Reverse-Ball-Head-PGYtech4.jpg 750w\" sizes=\"auto, (max-width: 850px) 100vw, 850px\" \/><\/p>\n<p>&nbsp;<\/p>\n<h2><span style=\"color: #0000ff; font-size: 20px;\"><strong>Gi\u1edbi thi\u1ec7u s\u1ea3n ph\u1ea9m : Snaplock Mini Reverse Ball Head PGYtech<\/strong><\/span><\/h2>\n<p><span style=\"font-size: 17px;\">\u0110\u1ec3 \u0111\u00e1p \u1ee9ng \u0111\u01b0\u1ee3c nhu c\u1ea7u thi\u1ebft y\u1ebfu c\u1ee7a ng\u01b0\u1eddi ti\u00eau d\u00f9ng, h\u00e3ng PGYtech \u0111\u00e3 cho ra m\u1eaft d\u00f2ng s\u1ea3n ph\u1ea9m<strong> Snaplock Mini Reverse Ball Head PGYtech<\/strong> \u00a0Ph\u1ee5 ki\u1ec7n n\u00e0y s\u1ebd gi\u00fap cho ng\u01b0\u1eddi d\u00f9ng c\u00f3 nh\u1eefng tr\u1ea3i nhi\u1ec7m th\u1eadt th\u00fa v\u1ecb v\u00e0 an to\u00e0n b\u1edfi ch\u1ea5t li\u1ec7u nh\u1ef1a c\u1ee9ng k\u00e8m theo l\u1edbp cao su b\u00e1m r\u1ea5t ch\u1eafc ch\u1eafn, \u0111\u1eb7c bi\u1ec7t t\u01b0\u01a1ng th\u00edch v\u1edbi Snaplock Plate<\/span><\/p>\n<p><img loading=\"lazy\" decoding=\"async\" class=\"aligncenter wp-image-28702\" src=\"https:\/\/phukienflytech.vn\/wp-content\/uploads\/2021\/06\/Dau-noi-Snaplock-Mini-Reverse-Ball-Head-PGYtech2-445x400.jpg\" alt=\"\u0110\u1ea7u-n\u00f4i-Snaplock-Mini-Reverse-Ball-Head-PGYtech-1\" width=\"850\" height=\"764\" srcset=\"https:\/\/phukienflytech.vn\/wp-content\/uploads\/2021\/06\/Dau-noi-Snaplock-Mini-Reverse-Ball-Head-PGYtech2-445x400.jpg 445w, https:\/\/phukienflytech.vn\/wp-content\/uploads\/2021\/06\/Dau-noi-Snaplock-Mini-Reverse-Ball-Head-PGYtech2-600x539.jpg 600w, https:\/\/phukienflytech.vn\/wp-content\/uploads\/2021\/06\/Dau-noi-Snaplock-Mini-Reverse-Ball-Head-PGYtech2.jpg 750w\" sizes=\"auto, (max-width: 850px) 100vw, 850px\" \/><\/p>\n<p>&nbsp;<\/p>\n<h2><span style=\"font-size: 20px; color: #0000ff;\"><strong>M\u00f4 t\u1ea3 s\u1ea3n ph\u1ea9m : Snaplock Mini Reverse Ball Head PGYtech<\/strong><\/span><\/h2>\n<p><span style=\"font-size: 17px;\">\u2705 Ch\u00ednh h\u00e3ng:\u00a0<strong>PGYTECH<\/strong><\/span><\/p>\n<p><span style=\"font-size: 17px;\">\u2705 Ph\u00f9 h\u1ee3p: C\u00e1c lo\u1ea1i m\u00e1y \u1ea3nh, m\u00e1y quay<\/span><\/p>\n<p><span style=\"font-size: 17px;\">\u2705 Ch\u1ea5t li\u1ec7u : Nh\u00f4m<\/span><\/p>\n<p><span style=\"font-size: 17px;\">\u2705 Kh\u1ed1i l\u01b0\u1ee3ng : 118g<\/span><\/p>\n<p><span style=\"font-size: 17px;\">\u2705 K\u00edch th\u01b0\u1edbc : 68,5mm * 42mm * 72,3mm<\/span><\/p>\n<p><span style=\"font-size: 17px;\">\u2705 C\u00f3 th\u1ec3 xoay 360 \u00b0 \u0111\u1ec3 ch\u1ee5p t\u1eeb ch\u1ebf \u0111\u1ed9 d\u1ecdc sang ch\u1ebf \u0111\u1ed9 ngang.\u00a0<\/span><\/p>\n<p><span style=\"font-size: 17px;\">\u2705 Thi\u1ebft k\u1ebf g\u1eadp nh\u1ecf g\u1ecdn, d\u1ec5 d\u00e0ng mang theo<\/span><\/p>\n<p><img loading=\"lazy\" decoding=\"async\" class=\"aligncenter wp-image-28700\" src=\"https:\/\/phukienflytech.vn\/wp-content\/uploads\/2021\/06\/Dau-noi-Snaplock-Mini-Reverse-Ball-Head-PGYtech1-430x400.jpg\" alt=\"Snaplock-Mini-Reverse-Ball-Head\" width=\"850\" height=\"790\" srcset=\"https:\/\/phukienflytech.vn\/wp-content\/uploads\/2021\/06\/Dau-noi-Snaplock-Mini-Reverse-Ball-Head-PGYtech1-430x400.jpg 430w, https:\/\/phukienflytech.vn\/wp-content\/uploads\/2021\/06\/Dau-noi-Snaplock-Mini-Reverse-Ball-Head-PGYtech1-600x558.jpg 600w, https:\/\/phukienflytech.vn\/wp-content\/uploads\/2021\/06\/Dau-noi-Snaplock-Mini-Reverse-Ball-Head-PGYtech1.jpg 750w\" sizes=\"auto, (max-width: 850px) 100vw, 850px\" \/><\/p>\n<p>&nbsp;<\/p>\n<p><span style=\"font-size: 17px;\">&gt;&gt; Xem th\u00eam: <strong><span style=\"color: #0000ff;\"><a style=\"color: #0000ff;\" href=\"https:\/\/phukienflytech.vn\/danh-muc\/phu-kien-osmo-pocket.html\">Ph\u1ee5 ki\u1ec7n Osmo Pocket<\/a><\/span><\/strong><\/span><\/p>\n<p><span style=\"font-size: 17px;\">&gt;&gt; Xem th\u00eam: <\/span><span style=\"color: #0000ff;\"><strong style=\"font-size: 17px;\"><a style=\"color: #0000ff;\" href=\"https:\/\/phukienflytech.vn\/danh-muc\/phu-kien-dji-osmo-action.html\">Ph\u1ee5 ki\u1ec7n Osmo Action<\/a><\/strong><\/span><\/p>\n<p>&nbsp;<\/p>\n<h3 style=\"text-align: center;\"><iframe loading=\"lazy\" src=\"\/\/www.youtube.com\/embed\/OarTcutvpSs\" width=\"850\" height=\"477\" allowfullscreen=\"allowfullscreen\"><\/iframe><span style=\"font-size: 14px;\"><strong><span style=\"color: #000000;\">Ngu\u1ed3n: Youtube PGYtech : Tham kh\u1ea3o c\u00f4ng d\u1ee5ng c\u1ee7a Snaplock Mini Reverse Ball Head khi g\u1eafn v\u1edbi Mantispod<\/span><\/strong><\/span><\/h3>\n<p>&nbsp;<\/p>\n<h2><span style=\"color: #0000ff;\"><strong><span style=\"font-size: 20px;\">\u0110\u1eb7c tr\u01b0ng s\u1ea3n ph\u1ea9m:<\/span><\/strong><\/span><\/h2>\n<p><span style=\"font-size: 17px;\">\u2705\u0110a h\u01b0\u1edbng. Chuy\u1ec3n nhanh t\u1eeb ch\u1ebf \u0111\u1ed9 ch\u1ee5p d\u1ecdc sang ngang.<\/span><br \/>\n<span style=\"font-size: 17px;\">\u2705\u0110i\u1ec1u ch\u1ec9nh to\u00e0n c\u1ea3nh 360 \u00b0.<\/span><br \/>\n<span style=\"font-size: 17px;\">\u2705C\u00f3 th\u1ec3 xoay 360 \u00b0 \u0111\u1ec3 ch\u1ee5p t\u1eeb ch\u1ebf \u0111\u1ed9 d\u1ecdc sang ch\u1ebf \u0111\u1ed9 ngang.<\/span><br \/>\n<span style=\"font-size: 17px;\">\u2705H\u1ec7 th\u1ed1ng SnapLock \u0111\u00e3 \u0111\u01b0\u1ee3c c\u1ea5p b\u1eb1ng s\u00e1ng ch\u1ebf t\u1ea1o ra m\u1ed9t thi\u1ebft l\u1eadp m\u00e1y \u1ea3nh hi\u1ec7u qu\u1ea3 h\u01a1n.<\/span><br \/>\n<span style=\"font-size: 17px;\">\u2705Kh\u00f3a an to\u00e0n b\u1ed5 sung gi\u00fap t\u0103ng \u0111\u1ed9 an to\u00e0n.<\/span><\/p>\n<p><img loading=\"lazy\" decoding=\"async\" class=\"aligncenter wp-image-28710\" src=\"https:\/\/phukienflytech.vn\/wp-content\/uploads\/2021\/06\/Dau-noi-Snaplock-Mini-Reverse-Ball-Head-PGYtech6-596x400.jpg\" alt=\"\u0111\u1ea7u-n\u1ed1i-snap-tripod\" width=\"850\" height=\"570\" srcset=\"https:\/\/phukienflytech.vn\/wp-content\/uploads\/2021\/06\/Dau-noi-Snaplock-Mini-Reverse-Ball-Head-PGYtech6-596x400.jpg 596w, https:\/\/phukienflytech.vn\/wp-content\/uploads\/2021\/06\/Dau-noi-Snaplock-Mini-Reverse-Ball-Head-PGYtech6-600x402.jpg 600w, https:\/\/phukienflytech.vn\/wp-content\/uploads\/2021\/06\/Dau-noi-Snaplock-Mini-Reverse-Ball-Head-PGYtech6.jpg 750w\" sizes=\"auto, (max-width: 850px) 100vw, 850px\" \/><\/p>\n<p><span style=\"font-size: 17px;\">\u2705H\u00ecnh d\u1ea1ng vu\u00f4ng v\u1eafn v\u00e0 thi\u1ebft k\u1ebf t\u01b0\u01a1ng th\u00edch ti\u00eau chu\u1ea9n c\u1ee7a Arca-Swiss cho ph\u00e9p b\u1ea1n l\u1eafp t\u1ea5m theo m\u1ecdi h\u01b0\u1edbng.<\/span><br \/>\n<span style=\"font-size: 17px;\">\u2705V\u00edt v\u1eb7n ch\u1eb7t \u0111\u01b0\u1ee3c c\u1ea5p b\u1eb1ng s\u00e1ng ch\u1ebf gi\u00fap tr\u00e1nh n\u00f3 b\u1ecb th\u00e1o ra nh\u01b0 c\u00e1c t\u1ea5m th\u00e1o nhanh truy\u1ec1n th\u1ed1ng th\u01b0\u1eddng l\u00e0m.<\/span><\/p>\n<p>&nbsp;<\/p>\n<p><img loading=\"lazy\" decoding=\"async\" class=\"aligncenter wp-image-28712\" src=\"https:\/\/phukienflytech.vn\/wp-content\/uploads\/2021\/06\/Snaplock-Mini-Reverse-Ball-Head-PGYtech-415x400.jpg\" alt=\"Snaplock-Mini-Reverse-Ball-Head-PGYtech\" width=\"850\" height=\"819\" srcset=\"https:\/\/phukienflytech.vn\/wp-content\/uploads\/2021\/06\/Snaplock-Mini-Reverse-Ball-Head-PGYtech-415x400.jpg 415w, https:\/\/phukienflytech.vn\/wp-content\/uploads\/2021\/06\/Snaplock-Mini-Reverse-Ball-Head-PGYtech-600x578.jpg 600w, https:\/\/phukienflytech.vn\/wp-content\/uploads\/2021\/06\/Snaplock-Mini-Reverse-Ball-Head-PGYtech.jpg 750w\" sizes=\"auto, (max-width: 850px) 100vw, 850px\" \/><\/p>\n<p><span style=\"font-size: 17px;\">\u2705L\u1ed7 b\u1eaft v\u00edt 1\/4 inch v\u00e0 \u0111\u1ebf g\u1eafn gi\u00e0y l\u1ea1nh dovetail \u0111\u1ec3 c\u00f3 kh\u1ea3 n\u0103ng t\u01b0\u01a1ng th\u00edch r\u1ed9ng r\u00e3i.<\/span><br \/>\n<span style=\"font-size: 17px;\">\u2705Cung c\u1ea5p l\u01b0\u1ee3ng \u0111i\u1ec7n tr\u1edf ho\u00e0n h\u1ea3o cho ph\u00e9p ho\u1ea1t \u0111\u1ed9ng tr\u01a1n tru v\u00e0 c\u00f3 th\u1ec3 ki\u1ec3m so\u00e1t \u0111\u01b0\u1ee3c.<\/span><\/p>\n<p><img loading=\"lazy\" decoding=\"async\" class=\"aligncenter wp-image-28698\" src=\"https:\/\/phukienflytech.vn\/wp-content\/uploads\/2021\/06\/Dau-noi-Snaplock-Mini-Reverse-Ball-Head-PGYtech-651x400.jpg\" alt=\"\" width=\"850\" height=\"522\" srcset=\"https:\/\/phukienflytech.vn\/wp-content\/uploads\/2021\/06\/Dau-noi-Snaplock-Mini-Reverse-Ball-Head-PGYtech-651x400.jpg 651w, https:\/\/phukienflytech.vn\/wp-content\/uploads\/2021\/06\/Dau-noi-Snaplock-Mini-Reverse-Ball-Head-PGYtech-600x369.jpg 600w, https:\/\/phukienflytech.vn\/wp-content\/uploads\/2021\/06\/Dau-noi-Snaplock-Mini-Reverse-Ball-Head-PGYtech.jpg 750w\" sizes=\"auto, (max-width: 850px) 100vw, 850px\" \/><\/p>\n<p>&nbsp;<\/p>\n<h2><span style=\"font-size: 20px;\"><strong><span style=\"color: #0000ff;\">C\u00f4ng d\u1ee5ng s\u1ea3n ph\u1ea9m : Snaplock Mini Reverse Ball Head PGYtech<\/span><\/strong><\/span><\/h2>\n<p><span style=\"font-size: 17px;\">\u2705 Kh\u00f3a an to\u00e0n b\u1ed5 sung gi\u00fap t\u0103ng \u0111\u1ed9 an to\u00e0n.<\/span><\/p>\n<p><span style=\"font-size: 17px;\">\u2705\u00a0T\u01b0\u01a1ng th\u00edch Arca-Swiss,\u00a0m\u1ed9t b\u01b0\u1edbc g\u1eafn k\u1ebft<\/span><\/p>\n<p><span style=\"font-size: 17px;\">\u2705 L\u1ed7 b\u1eaft v\u00edt 1\/4 inch v\u00e0 \u0111\u1ebf g\u1eafn gi\u00e0y l\u1ea1nh dovetail \u0111\u1ec3 c\u00f3 kh\u1ea3 n\u0103ng t\u01b0\u01a1ng th\u00edch r\u1ed9ng r\u00e3i.<\/span><\/p>\n<p><img loading=\"lazy\" decoding=\"async\" class=\"aligncenter wp-image-28704\" src=\"https:\/\/phukienflytech.vn\/wp-content\/uploads\/2021\/06\/Dau-noi-Snaplock-Mini-Reverse-Ball-Head-PGYtech3-353x400.jpg\" alt=\"\" width=\"850\" height=\"963\" srcset=\"https:\/\/phukienflytech.vn\/wp-content\/uploads\/2021\/06\/Dau-noi-Snaplock-Mini-Reverse-Ball-Head-PGYtech3-353x400.jpg 353w, https:\/\/phukienflytech.vn\/wp-content\/uploads\/2021\/06\/Dau-noi-Snaplock-Mini-Reverse-Ball-Head-PGYtech3-706x800.jpg 706w, https:\/\/phukienflytech.vn\/wp-content\/uploads\/2021\/06\/Dau-noi-Snaplock-Mini-Reverse-Ball-Head-PGYtech3-600x680.jpg 600w, https:\/\/phukienflytech.vn\/wp-content\/uploads\/2021\/06\/Dau-noi-Snaplock-Mini-Reverse-Ball-Head-PGYtech3.jpg 750w\" sizes=\"auto, (max-width: 850px) 100vw, 850px\" \/><\/p>\n<p>&nbsp;<\/p>\n<h2><span style=\"font-size: 20px; color: #0000ff;\"><strong>H\u01b0\u1edbng d\u1eabn b\u1ea3o qu\u1ea3n\u00a0<\/strong><\/span><\/h2>\n<p><span style=\"font-size: 17px;\">\u2705 Sau khi s\u1eed d\u1ee5ng, n\u1ebfu kh\u00f4ng d\u00f9ng h\u00e3y c\u1ea5t v\u00e0o h\u1ed9p \u0111\u1ef1ng chuy\u00ean d\u1ee5ng \u0111\u1ec3 tr\u00e1nh ngo\u1ea1i l\u1ef1c t\u00e1c \u0111\u1ed9ng<\/span><\/p>\n<p><span style=\"font-size: 17px;\">\u2705 B\u1ea3o qu\u1ea3n n\u01a1i kh\u00f4 tho\u00e1ng, tr\u00e1nh nh\u1eefng n\u01a1i c\u00f3 nhi\u1ec7t \u0111\u1ed9 cao<\/span><\/p>\n<p>&nbsp;<\/p>\n<p><span style=\"font-size: 17px;\">&gt;&gt; Li\u00ean h\u1ec7 v\u1edbi Admin tr\u00ean: <span style=\"color: #0000ff;\"><strong><a style=\"color: #0000ff;\" href=\"https:\/\/fb.com\/phukienflycam\">Fanpage<\/a><\/strong><\/span><\/span><\/p>\n","protected":false},"excerpt":{"rendered":"<p>\u0110\u1ea7u n\u1ed1i Snaplock Mini Reverse Ball Head PGYtech &nbsp; Gi\u1edbi thi\u1ec7u s\u1ea3n ph\u1ea9m : Snaplock Mini Reverse Ball Head PGYtech \u0110\u1ec3 \u0111\u00e1p \u1ee9ng \u0111\u01b0\u1ee3c nhu c\u1ea7u thi\u1ebft y\u1ebfu c\u1ee7a ng\u01b0\u1eddi ti\u00eau d\u00f9ng, h\u00e3ng PGYtech \u0111\u00e3 cho ra m\u1eaft d\u00f2ng s\u1ea3n ph\u1ea9m Snaplock Mini Reverse Ball Head PGYtech \u00a0Ph\u1ee5 ki\u1ec7n n\u00e0y s\u1ebd gi\u00fap cho ng\u01b0\u1eddi d\u00f9ng &#8230;<\/p>\n","protected":false},"featured_media":28039,"comment_status":"open","ping_status":"closed","template":"","meta":{"_acf_changed":false},"product_brand":[],"product_cat":[791],"product_tag":[],"class_list":{"0":"post-28696","1":"product","2":"type-product","3":"status-publish","4":"has-post-thumbnail","6":"product_cat-chua-phan-loai","8":"first","9":"instock","10":"shipping-taxable","11":"purchasable","12":"product-type-simple"},"acf":[],"yoast_head":"<!-- This site is optimized with the Yoast SEO plugin v25.7 - https:\/\/yoast.com\/wordpress\/plugins\/seo\/ -->\n<title>Snaplock Mini Reverse Ball Head PGYtech - \u0110\u1ea7u n\u1ed1i tripod xoay nhi\u1ec1u g\u00f3c<\/title>\n<meta name=\"description\" content=\"Snaplock Mini Reverse Ball Head PGYtech l\u00e0 \u0111\u1ea7u n\u1ed1i thi\u1ebft b\u1ecb quay camera v\u1edbi tripod c\u00f3 kh\u1ea3 n\u0103ng xoay 360 \u0111\u1ed9 c\u00e1 h\u01b0\u1edbng, linh ho\u1ea1t, chuy\u00ean nghi\u1ec7p\" \/>\n<meta name=\"robots\" content=\"index, follow, max-snippet:-1, max-image-preview:large, max-video-preview:-1\" \/>\n<link rel=\"canonical\" href=\"https:\/\/phukienflytech.vn\/en\/san-pham\/snaplock-mini-reverse-ball-head-pgytech.html\" \/>\n<meta property=\"og:locale\" content=\"en_US\" \/>\n<meta property=\"og:type\" content=\"article\" \/>\n<meta property=\"og:title\" content=\"Snaplock Mini Reverse Ball Head PGYtech - \u0110\u1ea7u n\u1ed1i tripod xoay nhi\u1ec1u g\u00f3c\" \/>\n<meta property=\"og:description\" content=\"Snaplock Mini Reverse Ball Head PGYtech l\u00e0 \u0111\u1ea7u n\u1ed1i thi\u1ebft b\u1ecb quay camera v\u1edbi tripod c\u00f3 kh\u1ea3 n\u0103ng xoay 360 \u0111\u1ed9 c\u00e1 h\u01b0\u1edbng, linh ho\u1ea1t, chuy\u00ean nghi\u1ec7p\" \/>\n<meta property=\"og:url\" content=\"https:\/\/phukienflytech.vn\/en\/san-pham\/snaplock-mini-reverse-ball-head-pgytech.html\" \/>\n<meta property=\"og:site_name\" content=\"Shop M\u00e1y \u1ea3nh - Action Camera - Gimbal - Flycam - Ph\u1ee5 ki\u1ec7n\" \/>\n<meta property=\"article:publisher\" content=\"https:\/\/facebook.com\/phukienflycam\" \/>\n<meta property=\"article:modified_time\" content=\"2022-01-09T15:59:45+00:00\" \/>\n<meta property=\"og:image\" content=\"https:\/\/phukienflytech.vn\/wp-content\/uploads\/2021\/06\/PGYTECH-SNAPLOCK-MINI-REVERSE-BALL-HEAD.jpg\" \/>\n\t<meta property=\"og:image:width\" content=\"1000\" \/>\n\t<meta property=\"og:image:height\" content=\"1000\" \/>\n\t<meta property=\"og:image:type\" content=\"image\/jpeg\" \/>\n<meta name=\"twitter:card\" content=\"summary_large_image\" \/>\n<meta name=\"twitter:label1\" content=\"Est. reading time\" \/>\n\t<meta name=\"twitter:data1\" content=\"3 minutes\" \/>\n<script type=\"application\/ld+json\" class=\"yoast-schema-graph\">{\"@context\":\"https:\/\/schema.org\",\"@graph\":[{\"@type\":\"WebPage\",\"@id\":\"https:\/\/phukienflytech.vn\/en\/san-pham\/snaplock-mini-reverse-ball-head-pgytech.html\",\"url\":\"https:\/\/phukienflytech.vn\/en\/san-pham\/snaplock-mini-reverse-ball-head-pgytech.html\",\"name\":\"Snaplock Mini Reverse Ball Head PGYtech - \u0110\u1ea7u n\u1ed1i tripod xoay nhi\u1ec1u g\u00f3c\",\"isPartOf\":{\"@id\":\"https:\/\/phukienflytech.vn\/#website\"},\"primaryImageOfPage\":{\"@id\":\"https:\/\/phukienflytech.vn\/en\/san-pham\/snaplock-mini-reverse-ball-head-pgytech.html#primaryimage\"},\"image\":{\"@id\":\"https:\/\/phukienflytech.vn\/en\/san-pham\/snaplock-mini-reverse-ball-head-pgytech.html#primaryimage\"},\"thumbnailUrl\":\"https:\/\/phukienflytech.vn\/wp-content\/uploads\/2021\/06\/PGYTECH-SNAPLOCK-MINI-REVERSE-BALL-HEAD.jpg\",\"datePublished\":\"2021-06-28T13:54:17+00:00\",\"dateModified\":\"2022-01-09T15:59:45+00:00\",\"description\":\"Snaplock Mini Reverse Ball Head PGYtech l\u00e0 \u0111\u1ea7u n\u1ed1i thi\u1ebft b\u1ecb quay camera v\u1edbi tripod c\u00f3 kh\u1ea3 n\u0103ng xoay 360 \u0111\u1ed9 c\u00e1 h\u01b0\u1edbng, linh ho\u1ea1t, chuy\u00ean nghi\u1ec7p\",\"breadcrumb\":{\"@id\":\"https:\/\/phukienflytech.vn\/en\/san-pham\/snaplock-mini-reverse-ball-head-pgytech.html#breadcrumb\"},\"inLanguage\":\"en-US\",\"potentialAction\":[{\"@type\":\"ReadAction\",\"target\":[\"https:\/\/phukienflytech.vn\/en\/san-pham\/snaplock-mini-reverse-ball-head-pgytech.html\"]}]},{\"@type\":\"ImageObject\",\"inLanguage\":\"en-US\",\"@id\":\"https:\/\/phukienflytech.vn\/en\/san-pham\/snaplock-mini-reverse-ball-head-pgytech.html#primaryimage\",\"url\":\"https:\/\/phukienflytech.vn\/wp-content\/uploads\/2021\/06\/PGYTECH-SNAPLOCK-MINI-REVERSE-BALL-HEAD.jpg\",\"contentUrl\":\"https:\/\/phukienflytech.vn\/wp-content\/uploads\/2021\/06\/PGYTECH-SNAPLOCK-MINI-REVERSE-BALL-HEAD.jpg\",\"width\":1000,\"height\":1000},{\"@type\":\"BreadcrumbList\",\"@id\":\"https:\/\/phukienflytech.vn\/en\/san-pham\/snaplock-mini-reverse-ball-head-pgytech.html#breadcrumb\",\"itemListElement\":[{\"@type\":\"ListItem\",\"position\":1,\"name\":\"Home\",\"item\":\"https:\/\/phukienflytech.vn\/en\"},{\"@type\":\"ListItem\",\"position\":2,\"name\":\"Ph\u1ee5 ki\u1ec7n Mavic Pro\",\"item\":\"https:\/\/phukienflytech.vn\/en\/phu-kien-mavic-pro.html\"},{\"@type\":\"ListItem\",\"position\":3,\"name\":\"S\u1ea3n ph\u1ea9m m\u1edbi v\u1ec1\",\"item\":\"https:\/\/phukienflytech.vn\/danh-muc\/san-pham-moi-ve.html\"},{\"@type\":\"ListItem\",\"position\":4,\"name\":\"\u0110\u1ea7u n\u1ed1i Snaplock Mini Reverse Ball Head PGYtech\"}]},{\"@type\":\"WebSite\",\"@id\":\"https:\/\/phukienflytech.vn\/#website\",\"url\":\"https:\/\/phukienflytech.vn\/\",\"name\":\"Shop M\u00e1y \u1ea3nh - Action Camera - Gimbal - Flycam - Ph\u1ee5 ki\u1ec7n\",\"description\":\"Shop M\u00e1y \u1ea3nh - Action Camera - Gimbal - Flycam - Ph\u1ee5 ki\u1ec7n\",\"publisher\":{\"@id\":\"https:\/\/phukienflytech.vn\/#organization\"},\"potentialAction\":[{\"@type\":\"SearchAction\",\"target\":{\"@type\":\"EntryPoint\",\"urlTemplate\":\"https:\/\/phukienflytech.vn\/?s={search_term_string}\"},\"query-input\":{\"@type\":\"PropertyValueSpecification\",\"valueRequired\":true,\"valueName\":\"search_term_string\"}}],\"inLanguage\":\"en-US\"},{\"@type\":\"Organization\",\"@id\":\"https:\/\/phukienflytech.vn\/#organization\",\"name\":\"DJI Store - Shop Drone, Action camera, Gimbal DJI |Phukienflytech\",\"alternateName\":\"DJI Store - Shop Drone, Action camera, Gimbal DJI |Phukienflytech\",\"url\":\"https:\/\/phukienflytech.vn\/\",\"logo\":{\"@type\":\"ImageObject\",\"inLanguage\":\"en-US\",\"@id\":\"https:\/\/phukienflytech.vn\/#\/schema\/logo\/image\/\",\"url\":\"https:\/\/phukienflytech.vn\/wp-content\/uploads\/2020\/05\/hAnh_nan.jpg1_.jpg\",\"contentUrl\":\"https:\/\/phukienflytech.vn\/wp-content\/uploads\/2020\/05\/hAnh_nan.jpg1_.jpg\",\"width\":800,\"height\":450,\"caption\":\"DJI Store - Shop Drone, Action camera, Gimbal DJI |Phukienflytech\"},\"image\":{\"@id\":\"https:\/\/phukienflytech.vn\/#\/schema\/logo\/image\/\"},\"sameAs\":[\"https:\/\/facebook.com\/phukienflycam\",\"https:\/\/www.youtube.com\/@phukienflytech\",\"https:\/\/www.tiktok.com\/@flytech.channel?fbclid=IwY2xjawGjg7BleHRuA2FlbQIxMAABHYVGmlXpuSMs0UB2zTpYvyT4GMVfN2qJa4urF4vkSQ6FAVBwXZtDP30qQA_aem_UwMiDcUvlEbd2tXAmsc8Og\"]}]}<\/script>\n<!-- \/ Yoast SEO plugin. -->","yoast_head_json":{"title":"Snaplock Mini Reverse Ball Head PGYtech - \u0110\u1ea7u n\u1ed1i tripod xoay nhi\u1ec1u g\u00f3c","description":"Snaplock Mini Reverse Ball Head PGYtech l\u00e0 \u0111\u1ea7u n\u1ed1i thi\u1ebft b\u1ecb quay camera v\u1edbi tripod c\u00f3 kh\u1ea3 n\u0103ng xoay 360 \u0111\u1ed9 c\u00e1 h\u01b0\u1edbng, linh ho\u1ea1t, chuy\u00ean nghi\u1ec7p","robots":{"index":"index","follow":"follow","max-snippet":"max-snippet:-1","max-image-preview":"max-image-preview:large","max-video-preview":"max-video-preview:-1"},"canonical":"https:\/\/phukienflytech.vn\/en\/san-pham\/snaplock-mini-reverse-ball-head-pgytech.html","og_locale":"en_US","og_type":"article","og_title":"Snaplock Mini Reverse Ball Head PGYtech - \u0110\u1ea7u n\u1ed1i tripod xoay nhi\u1ec1u g\u00f3c","og_description":"Snaplock Mini Reverse Ball Head PGYtech l\u00e0 \u0111\u1ea7u n\u1ed1i thi\u1ebft b\u1ecb quay camera v\u1edbi tripod c\u00f3 kh\u1ea3 n\u0103ng xoay 360 \u0111\u1ed9 c\u00e1 h\u01b0\u1edbng, linh ho\u1ea1t, chuy\u00ean nghi\u1ec7p","og_url":"https:\/\/phukienflytech.vn\/en\/san-pham\/snaplock-mini-reverse-ball-head-pgytech.html","og_site_name":"Shop M\u00e1y \u1ea3nh - Action Camera - Gimbal - Flycam - Ph\u1ee5 ki\u1ec7n","article_publisher":"https:\/\/facebook.com\/phukienflycam","article_modified_time":"2022-01-09T15:59:45+00:00","og_image":[{"width":1000,"height":1000,"url":"https:\/\/phukienflytech.vn\/wp-content\/uploads\/2021\/06\/PGYTECH-SNAPLOCK-MINI-REVERSE-BALL-HEAD.jpg","type":"image\/jpeg"}],"twitter_card":"summary_large_image","twitter_misc":{"Est. reading time":"3 minutes"},"schema":{"@context":"https:\/\/schema.org","@graph":[{"@type":"WebPage","@id":"https:\/\/phukienflytech.vn\/en\/san-pham\/snaplock-mini-reverse-ball-head-pgytech.html","url":"https:\/\/phukienflytech.vn\/en\/san-pham\/snaplock-mini-reverse-ball-head-pgytech.html","name":"Snaplock Mini Reverse Ball Head PGYtech - \u0110\u1ea7u n\u1ed1i tripod xoay nhi\u1ec1u g\u00f3c","isPartOf":{"@id":"https:\/\/phukienflytech.vn\/#website"},"primaryImageOfPage":{"@id":"https:\/\/phukienflytech.vn\/en\/san-pham\/snaplock-mini-reverse-ball-head-pgytech.html#primaryimage"},"image":{"@id":"https:\/\/phukienflytech.vn\/en\/san-pham\/snaplock-mini-reverse-ball-head-pgytech.html#primaryimage"},"thumbnailUrl":"https:\/\/phukienflytech.vn\/wp-content\/uploads\/2021\/06\/PGYTECH-SNAPLOCK-MINI-REVERSE-BALL-HEAD.jpg","datePublished":"2021-06-28T13:54:17+00:00","dateModified":"2022-01-09T15:59:45+00:00","description":"Snaplock Mini Reverse Ball Head PGYtech l\u00e0 \u0111\u1ea7u n\u1ed1i thi\u1ebft b\u1ecb quay camera v\u1edbi tripod c\u00f3 kh\u1ea3 n\u0103ng xoay 360 \u0111\u1ed9 c\u00e1 h\u01b0\u1edbng, linh ho\u1ea1t, chuy\u00ean nghi\u1ec7p","breadcrumb":{"@id":"https:\/\/phukienflytech.vn\/en\/san-pham\/snaplock-mini-reverse-ball-head-pgytech.html#breadcrumb"},"inLanguage":"en-US","potentialAction":[{"@type":"ReadAction","target":["https:\/\/phukienflytech.vn\/en\/san-pham\/snaplock-mini-reverse-ball-head-pgytech.html"]}]},{"@type":"ImageObject","inLanguage":"en-US","@id":"https:\/\/phukienflytech.vn\/en\/san-pham\/snaplock-mini-reverse-ball-head-pgytech.html#primaryimage","url":"https:\/\/phukienflytech.vn\/wp-content\/uploads\/2021\/06\/PGYTECH-SNAPLOCK-MINI-REVERSE-BALL-HEAD.jpg","contentUrl":"https:\/\/phukienflytech.vn\/wp-content\/uploads\/2021\/06\/PGYTECH-SNAPLOCK-MINI-REVERSE-BALL-HEAD.jpg","width":1000,"height":1000},{"@type":"BreadcrumbList","@id":"https:\/\/phukienflytech.vn\/en\/san-pham\/snaplock-mini-reverse-ball-head-pgytech.html#breadcrumb","itemListElement":[{"@type":"ListItem","position":1,"name":"Home","item":"https:\/\/phukienflytech.vn\/en"},{"@type":"ListItem","position":2,"name":"Ph\u1ee5 ki\u1ec7n Mavic Pro","item":"https:\/\/phukienflytech.vn\/en\/phu-kien-mavic-pro.html"},{"@type":"ListItem","position":3,"name":"S\u1ea3n ph\u1ea9m m\u1edbi v\u1ec1","item":"https:\/\/phukienflytech.vn\/danh-muc\/san-pham-moi-ve.html"},{"@type":"ListItem","position":4,"name":"\u0110\u1ea7u n\u1ed1i Snaplock Mini Reverse Ball Head PGYtech"}]},{"@type":"WebSite","@id":"https:\/\/phukienflytech.vn\/#website","url":"https:\/\/phukienflytech.vn\/","name":"Shop M\u00e1y \u1ea3nh - Action Camera - Gimbal - Flycam - Ph\u1ee5 ki\u1ec7n","description":"Shop M\u00e1y \u1ea3nh - Action Camera - Gimbal - Flycam - Ph\u1ee5 ki\u1ec7n","publisher":{"@id":"https:\/\/phukienflytech.vn\/#organization"},"potentialAction":[{"@type":"SearchAction","target":{"@type":"EntryPoint","urlTemplate":"https:\/\/phukienflytech.vn\/?s={search_term_string}"},"query-input":{"@type":"PropertyValueSpecification","valueRequired":true,"valueName":"search_term_string"}}],"inLanguage":"en-US"},{"@type":"Organization","@id":"https:\/\/phukienflytech.vn\/#organization","name":"DJI Store - Shop Drone, Action camera, Gimbal DJI |Phukienflytech","alternateName":"DJI Store - Shop Drone, Action camera, Gimbal DJI |Phukienflytech","url":"https:\/\/phukienflytech.vn\/","logo":{"@type":"ImageObject","inLanguage":"en-US","@id":"https:\/\/phukienflytech.vn\/#\/schema\/logo\/image\/","url":"https:\/\/phukienflytech.vn\/wp-content\/uploads\/2020\/05\/hAnh_nan.jpg1_.jpg","contentUrl":"https:\/\/phukienflytech.vn\/wp-content\/uploads\/2020\/05\/hAnh_nan.jpg1_.jpg","width":800,"height":450,"caption":"DJI Store - Shop Drone, Action camera, Gimbal DJI |Phukienflytech"},"image":{"@id":"https:\/\/phukienflytech.vn\/#\/schema\/logo\/image\/"},"sameAs":["https:\/\/facebook.com\/phukienflycam","https:\/\/www.youtube.com\/@phukienflytech","https:\/\/www.tiktok.com\/@flytech.channel?fbclid=IwY2xjawGjg7BleHRuA2FlbQIxMAABHYVGmlXpuSMs0UB2zTpYvyT4GMVfN2qJa4urF4vkSQ6FAVBwXZtDP30qQA_aem_UwMiDcUvlEbd2tXAmsc8Og"]}]}},"_links":{"self":[{"href":"https:\/\/phukienflytech.vn\/en\/wp-json\/wp\/v2\/product\/28696","targetHints":{"allow":["GET"]}}],"collection":[{"href":"https:\/\/phukienflytech.vn\/en\/wp-json\/wp\/v2\/product"}],"about":[{"href":"https:\/\/phukienflytech.vn\/en\/wp-json\/wp\/v2\/types\/product"}],"replies":[{"embeddable":true,"href":"https:\/\/phukienflytech.vn\/en\/wp-json\/wp\/v2\/comments?post=28696"}],"wp:featuredmedia":[{"embeddable":true,"href":"https:\/\/phukienflytech.vn\/en\/wp-json\/wp\/v2\/media\/28039"}],"wp:attachment":[{"href":"https:\/\/phukienflytech.vn\/en\/wp-json\/wp\/v2\/media?parent=28696"}],"wp:term":[{"taxonomy":"product_brand","embeddable":true,"href":"https:\/\/phukienflytech.vn\/en\/wp-json\/wp\/v2\/product_brand?post=28696"},{"taxonomy":"product_cat","embeddable":true,"href":"https:\/\/phukienflytech.vn\/en\/wp-json\/wp\/v2\/product_cat?post=28696"},{"taxonomy":"product_tag","embeddable":true,"href":"https:\/\/phukienflytech.vn\/en\/wp-json\/wp\/v2\/product_tag?post=28696"}],"curies":[{"name":"wp","href":"https:\/\/api.w.org\/{rel}","templated":true}]}}