{"id":2876,"date":"2020-06-18T20:44:21","date_gmt":"2020-06-18T13:44:21","guid":{"rendered":"http:\/\/27430.lamdx.vinawebsite.vn\/san-pham\/gia-bao-ve-tay-do-sunny-cho-dji-spark-phu-kien.html"},"modified":"2020-10-12T15:20:19","modified_gmt":"2020-10-12T08:20:19","slug":"hand-protection-pannel-spark","status":"publish","type":"product","link":"https:\/\/phukienflytech.vn\/en\/san-pham\/hand-protection-pannel-spark.html","title":{"rendered":"Land and take off hand protection pannel kit for Spark"},"content":{"rendered":"<h2><span style=\"font-size: 21px; color: #0000ff;\"><em><strong>Hand protection pannel Spark<\/strong><\/em><\/span><\/h2>\n<p><span style=\"font-size: 18px;\">Hand protection pannel Spark<\/span><\/p>\n<p><span style=\"font-size: 18px;\">N\u1ebfu b\u1ea1n mu\u1ed1n c\u1ea5t c\u00e1nh c\u0169ng nh\u01b0 h\u1ea1 c\u00e1nh chi\u1ebfc Dji Spark c\u1ee7a m\u00ecnh b\u1eb1ng tay m\u00e0 kh\u00f4ng mu\u1ed1n \u0111\u1eb7t xu\u1ed1ng \u0111\u1ea5t th\u00ec b\u1ea1n n\u00ean bi\u1ebft c\u00e1ch t\u1ef1 b\u1ea3o v\u1ec7 b\u00e0n tay c\u1ee7a m\u00ecnh v\u00ec DJI Spark c\u00f3 t\u1ed1c \u0111\u1ed9 quay m\u00f4 t\u01a1 r\u1ea5t nhanh, do v\u1eady n\u1ebfu kh\u00f4ng c\u1ea9n th\u1eadn r\u1ea5t c\u00f3 th\u1ec3 s\u1ebd t\u1ea1o nguy hi\u1ec3m cho b\u00e0n tay khi \u0111\u1ee1 Spark c\u1ee7a ch\u00fang ta<\/span><\/p>\n<p>&nbsp;<\/p>\n<p><span style=\"font-size: 18px;\"><img loading=\"lazy\" decoding=\"async\" class=\"alignnone size-medium wp-image-11396\" src=\"https:\/\/phukienflytech.vn\/wp-content\/uploads\/2020\/05\/gia-bao-ve-tay-do-sunny-cho-dji-spark-phu-kien-2858-4-400x400.jpg\" alt=\"\" width=\"400\" height=\"400\" srcset=\"https:\/\/phukienflytech.vn\/wp-content\/uploads\/2020\/05\/gia-bao-ve-tay-do-sunny-cho-dji-spark-phu-kien-2858-4-400x400.jpg 400w, https:\/\/phukienflytech.vn\/wp-content\/uploads\/2020\/05\/gia-bao-ve-tay-do-sunny-cho-dji-spark-phu-kien-2858-4-280x280.jpg 280w, https:\/\/phukienflytech.vn\/wp-content\/uploads\/2020\/05\/gia-bao-ve-tay-do-sunny-cho-dji-spark-phu-kien-2858-4-768x768.jpg 768w, https:\/\/phukienflytech.vn\/wp-content\/uploads\/2020\/05\/gia-bao-ve-tay-do-sunny-cho-dji-spark-phu-kien-2858-4-800x800.jpg 800w, https:\/\/phukienflytech.vn\/wp-content\/uploads\/2020\/05\/gia-bao-ve-tay-do-sunny-cho-dji-spark-phu-kien-2858-4-300x300.jpg 300w, https:\/\/phukienflytech.vn\/wp-content\/uploads\/2020\/05\/gia-bao-ve-tay-do-sunny-cho-dji-spark-phu-kien-2858-4-600x600.jpg 600w, https:\/\/phukienflytech.vn\/wp-content\/uploads\/2020\/05\/gia-bao-ve-tay-do-sunny-cho-dji-spark-phu-kien-2858-4-100x100.jpg 100w, https:\/\/phukienflytech.vn\/wp-content\/uploads\/2020\/05\/gia-bao-ve-tay-do-sunny-cho-dji-spark-phu-kien-2858-4.jpg 900w\" sizes=\"auto, (max-width: 400px) 100vw, 400px\" \/><\/span><\/p>\n<p>&nbsp;<\/p>\n<p><span style=\"font-size: 18px;\">\u0110\u1ec3 c\u00f3 th\u1ec3 \u0111\u00e1p \u1ee9ng \u0111\u00fang ph\u1ea9m ch\u1ea5t mini flycam\u00a0 khi c\u00f3 th\u1ec3 c\u1ea5t c\u00e1nh m\u1ecdi n\u01a1i nh\u01b0ng v\u1eabn \u0111\u1ea3m b\u1ea3o s\u1ef1 an to\u00e0n, H\u00e3ng Sunnylife \u0111\u00e3 thi\u1ebft k\u1ebf v\u00e0 s\u1ea3n xu\u1ea5t ra s\u1ea3n ph\u1ea9m b\u1ea3o v\u1ec7 tay \u0111\u1ee1<\/span><\/p>\n<p>&nbsp;<\/p>\n<p><span style=\"font-size: 18px;\"><img loading=\"lazy\" decoding=\"async\" class=\"alignnone size-medium wp-image-11398\" src=\"https:\/\/phukienflytech.vn\/wp-content\/uploads\/2020\/05\/gia-bao-ve-tay-do-sunny-cho-dji-spark-phu-kien-2858-1-1-400x400.jpg\" alt=\"\" width=\"400\" height=\"400\" srcset=\"https:\/\/phukienflytech.vn\/wp-content\/uploads\/2020\/05\/gia-bao-ve-tay-do-sunny-cho-dji-spark-phu-kien-2858-1-1-400x400.jpg 400w, https:\/\/phukienflytech.vn\/wp-content\/uploads\/2020\/05\/gia-bao-ve-tay-do-sunny-cho-dji-spark-phu-kien-2858-1-1-280x280.jpg 280w, https:\/\/phukienflytech.vn\/wp-content\/uploads\/2020\/05\/gia-bao-ve-tay-do-sunny-cho-dji-spark-phu-kien-2858-1-1-768x768.jpg 768w, https:\/\/phukienflytech.vn\/wp-content\/uploads\/2020\/05\/gia-bao-ve-tay-do-sunny-cho-dji-spark-phu-kien-2858-1-1-800x800.jpg 800w, https:\/\/phukienflytech.vn\/wp-content\/uploads\/2020\/05\/gia-bao-ve-tay-do-sunny-cho-dji-spark-phu-kien-2858-1-1-300x300.jpg 300w, https:\/\/phukienflytech.vn\/wp-content\/uploads\/2020\/05\/gia-bao-ve-tay-do-sunny-cho-dji-spark-phu-kien-2858-1-1-600x600.jpg 600w, https:\/\/phukienflytech.vn\/wp-content\/uploads\/2020\/05\/gia-bao-ve-tay-do-sunny-cho-dji-spark-phu-kien-2858-1-1-100x100.jpg 100w, https:\/\/phukienflytech.vn\/wp-content\/uploads\/2020\/05\/gia-bao-ve-tay-do-sunny-cho-dji-spark-phu-kien-2858-1-1.jpg 900w\" sizes=\"auto, (max-width: 400px) 100vw, 400px\" \/><\/span><\/p>\n<p>&nbsp;<\/p>\n<h2><span style=\"font-size: 21px; color: #0000ff;\"><em><strong>\u0110\u1eb7c \u0111i\u1ec3m :<\/strong><\/em><\/span><\/h2>\n<p>&nbsp;<\/p>\n<p><span style=\"font-size: 18px;\"><img loading=\"lazy\" decoding=\"async\" class=\"alignnone wp-image-11400 size-medium\" src=\"https:\/\/phukienflytech.vn\/wp-content\/uploads\/2020\/05\/gia-bao-ve-tay-do-sunny-cho-dji-spark-phu-kien-2858-2-1-400x400.jpg\" alt=\"Hand-protection-pannel-Spark-1\" width=\"400\" height=\"400\" srcset=\"https:\/\/phukienflytech.vn\/wp-content\/uploads\/2020\/05\/gia-bao-ve-tay-do-sunny-cho-dji-spark-phu-kien-2858-2-1-400x400.jpg 400w, https:\/\/phukienflytech.vn\/wp-content\/uploads\/2020\/05\/gia-bao-ve-tay-do-sunny-cho-dji-spark-phu-kien-2858-2-1-280x280.jpg 280w, https:\/\/phukienflytech.vn\/wp-content\/uploads\/2020\/05\/gia-bao-ve-tay-do-sunny-cho-dji-spark-phu-kien-2858-2-1-768x768.jpg 768w, https:\/\/phukienflytech.vn\/wp-content\/uploads\/2020\/05\/gia-bao-ve-tay-do-sunny-cho-dji-spark-phu-kien-2858-2-1-800x800.jpg 800w, https:\/\/phukienflytech.vn\/wp-content\/uploads\/2020\/05\/gia-bao-ve-tay-do-sunny-cho-dji-spark-phu-kien-2858-2-1-300x300.jpg 300w, https:\/\/phukienflytech.vn\/wp-content\/uploads\/2020\/05\/gia-bao-ve-tay-do-sunny-cho-dji-spark-phu-kien-2858-2-1-600x600.jpg 600w, https:\/\/phukienflytech.vn\/wp-content\/uploads\/2020\/05\/gia-bao-ve-tay-do-sunny-cho-dji-spark-phu-kien-2858-2-1-100x100.jpg 100w, https:\/\/phukienflytech.vn\/wp-content\/uploads\/2020\/05\/gia-bao-ve-tay-do-sunny-cho-dji-spark-phu-kien-2858-2-1.jpg 900w\" sizes=\"auto, (max-width: 400px) 100vw, 400px\" \/><\/span><\/p>\n<p>&nbsp;<\/p>\n<p><span style=\"font-size: 18px;\">Ch\u1ea5t li\u00eau : nh\u1ef1a in 3D<\/span><\/p>\n<p><span style=\"font-size: 18px;\">M\u00e0u s\u1eafc: \u0110\u1ecf, v\u00e0ng, xanh\u00a0<\/span><\/p>\n<p><span style=\"font-size: 18px;\">Ph\u00f9 h\u1ee3p : DJI Spark<\/span><\/p>\n<p><span style=\"font-size: 18px;\">Tr\u1ecdng l\u01b0\u1ee3ng : 20 gam<\/span><\/p>\n<p><span style=\"font-size: 18px;\">Nh\u00e0 s\u1ea3n xu\u1ea5t : Sunnylife<\/span><\/p>\n<p>&nbsp;<\/p>\n<p><span style=\"font-size: 18px;\"><img loading=\"lazy\" decoding=\"async\" class=\"alignnone wp-image-11402 size-medium\" src=\"https:\/\/phukienflytech.vn\/wp-content\/uploads\/2020\/05\/gia-bao-ve-tay-do-sunny-cho-dji-spark-phu-kien-2858-3-1-400x400.jpg\" alt=\"Hand-protection-pannel-Spark\" width=\"400\" height=\"400\" srcset=\"https:\/\/phukienflytech.vn\/wp-content\/uploads\/2020\/05\/gia-bao-ve-tay-do-sunny-cho-dji-spark-phu-kien-2858-3-1-400x400.jpg 400w, https:\/\/phukienflytech.vn\/wp-content\/uploads\/2020\/05\/gia-bao-ve-tay-do-sunny-cho-dji-spark-phu-kien-2858-3-1-280x280.jpg 280w, https:\/\/phukienflytech.vn\/wp-content\/uploads\/2020\/05\/gia-bao-ve-tay-do-sunny-cho-dji-spark-phu-kien-2858-3-1-768x768.jpg 768w, https:\/\/phukienflytech.vn\/wp-content\/uploads\/2020\/05\/gia-bao-ve-tay-do-sunny-cho-dji-spark-phu-kien-2858-3-1-800x800.jpg 800w, https:\/\/phukienflytech.vn\/wp-content\/uploads\/2020\/05\/gia-bao-ve-tay-do-sunny-cho-dji-spark-phu-kien-2858-3-1-300x300.jpg 300w, https:\/\/phukienflytech.vn\/wp-content\/uploads\/2020\/05\/gia-bao-ve-tay-do-sunny-cho-dji-spark-phu-kien-2858-3-1-600x600.jpg 600w, https:\/\/phukienflytech.vn\/wp-content\/uploads\/2020\/05\/gia-bao-ve-tay-do-sunny-cho-dji-spark-phu-kien-2858-3-1-100x100.jpg 100w, https:\/\/phukienflytech.vn\/wp-content\/uploads\/2020\/05\/gia-bao-ve-tay-do-sunny-cho-dji-spark-phu-kien-2858-3-1.jpg 900w\" sizes=\"auto, (max-width: 400px) 100vw, 400px\" \/><\/span><\/p>\n<p><span style=\"font-size: 18px;\">&gt;&gt; Contact us on: <a href=\"https:\/\/www.facebook.com\/phukienflycam\"><strong>Facebook<\/strong><\/a><\/span><\/p>\n<p><span style=\"font-size: 18px;\"><strong>&gt;&gt; <\/strong>Learn More : <a href=\"https:\/\/phukienflytech.vn\/danh-muc\/phu-kien-dji-spark.html\"><strong>DJI Spark Accessories<\/strong><\/a><\/span><\/p>\n","protected":false},"excerpt":{"rendered":"<p>Hand protection pannel Spark Hand protection pannel Spark N\u1ebfu b\u1ea1n mu\u1ed1n c\u1ea5t c\u00e1nh c\u0169ng nh\u01b0 h\u1ea1 c\u00e1nh chi\u1ebfc Dji Spark c\u1ee7a m\u00ecnh b\u1eb1ng tay m\u00e0 kh\u00f4ng mu\u1ed1n \u0111\u1eb7t xu\u1ed1ng \u0111\u1ea5t th\u00ec b\u1ea1n n\u00ean bi\u1ebft c\u00e1ch t\u1ef1 b\u1ea3o v\u1ec7 b\u00e0n tay c\u1ee7a m\u00ecnh v\u00ec DJI Spark c\u00f3 t\u1ed1c \u0111\u1ed9 quay m\u00f4 t\u01a1 r\u1ea5t nhanh, do v\u1eady &#8230;<\/p>\n","protected":false},"featured_media":7370,"comment_status":"open","ping_status":"closed","template":"","meta":{"_acf_changed":false},"product_brand":[],"product_cat":[184],"product_tag":[206,214],"class_list":{"0":"post-2876","1":"product","2":"type-product","3":"status-publish","4":"has-post-thumbnail","6":"product_cat-spark-accessory","7":"product_tag-phu-kien-dji-en","8":"product_tag-phu-kien-dji-spark-en","10":"first","11":"instock","12":"shipping-taxable","13":"purchasable","14":"product-type-simple"},"acf":[],"yoast_head":"<!-- This site is optimized with the Yoast SEO plugin v25.7 - https:\/\/yoast.com\/wordpress\/plugins\/seo\/ -->\n<title>Hand protection pannel Spark - Sunnylife - Spark accessory - available.<\/title>\n<meta name=\"description\" content=\"Hand protection pannel Spark is one of the most important accessory. Contact us to buy Hand protection pannel Spark for best price.\" \/>\n<meta name=\"robots\" content=\"index, follow, max-snippet:-1, max-image-preview:large, max-video-preview:-1\" \/>\n<link rel=\"canonical\" href=\"https:\/\/phukienflytech.vn\/en\/san-pham\/hand-protection-pannel-spark.html\" \/>\n<meta property=\"og:locale\" content=\"en_US\" \/>\n<meta property=\"og:type\" content=\"article\" \/>\n<meta property=\"og:title\" content=\"Hand protection pannel Spark - Sunnylife - Spark accessory - available.\" \/>\n<meta property=\"og:description\" content=\"Hand protection pannel Spark is one of the most important accessory. Contact us to buy Hand protection pannel Spark for best price.\" \/>\n<meta property=\"og:url\" content=\"https:\/\/phukienflytech.vn\/en\/san-pham\/hand-protection-pannel-spark.html\" \/>\n<meta property=\"og:site_name\" content=\"Shop M\u00e1y \u1ea3nh - Action Camera - Gimbal - Flycam - Ph\u1ee5 ki\u1ec7n\" \/>\n<meta property=\"article:publisher\" content=\"https:\/\/facebook.com\/phukienflycam\" \/>\n<meta property=\"article:modified_time\" content=\"2020-10-12T08:20:19+00:00\" \/>\n<meta property=\"og:image\" content=\"https:\/\/phukienflytech.vn\/wp-content\/uploads\/2020\/05\/300x300_phu-kien-flycam-dji-spark-bao-ve-canh-tay-gia-do.jpg1_-_Copy.jpg\" \/>\n\t<meta property=\"og:image:width\" content=\"300\" \/>\n\t<meta property=\"og:image:height\" content=\"300\" \/>\n\t<meta property=\"og:image:type\" content=\"image\/jpeg\" \/>\n<meta name=\"twitter:card\" content=\"summary_large_image\" \/>\n<meta name=\"twitter:label1\" content=\"Est. reading time\" \/>\n\t<meta name=\"twitter:data1\" content=\"1 minute\" \/>\n<script type=\"application\/ld+json\" class=\"yoast-schema-graph\">{\"@context\":\"https:\/\/schema.org\",\"@graph\":[{\"@type\":\"WebPage\",\"@id\":\"https:\/\/phukienflytech.vn\/en\/san-pham\/hand-protection-pannel-spark.html\",\"url\":\"https:\/\/phukienflytech.vn\/en\/san-pham\/hand-protection-pannel-spark.html\",\"name\":\"Hand protection pannel Spark - Sunnylife - Spark accessory - available.\",\"isPartOf\":{\"@id\":\"https:\/\/phukienflytech.vn\/#website\"},\"primaryImageOfPage\":{\"@id\":\"https:\/\/phukienflytech.vn\/en\/san-pham\/hand-protection-pannel-spark.html#primaryimage\"},\"image\":{\"@id\":\"https:\/\/phukienflytech.vn\/en\/san-pham\/hand-protection-pannel-spark.html#primaryimage\"},\"thumbnailUrl\":\"https:\/\/phukienflytech.vn\/wp-content\/uploads\/2020\/05\/300x300_phu-kien-flycam-dji-spark-bao-ve-canh-tay-gia-do.jpg1_-_Copy.jpg\",\"datePublished\":\"2020-06-18T13:44:21+00:00\",\"dateModified\":\"2020-10-12T08:20:19+00:00\",\"description\":\"Hand protection pannel Spark is one of the most important accessory. Contact us to buy Hand protection pannel Spark for best price.\",\"breadcrumb\":{\"@id\":\"https:\/\/phukienflytech.vn\/en\/san-pham\/hand-protection-pannel-spark.html#breadcrumb\"},\"inLanguage\":\"en-US\",\"potentialAction\":[{\"@type\":\"ReadAction\",\"target\":[\"https:\/\/phukienflytech.vn\/en\/san-pham\/hand-protection-pannel-spark.html\"]}]},{\"@type\":\"ImageObject\",\"inLanguage\":\"en-US\",\"@id\":\"https:\/\/phukienflytech.vn\/en\/san-pham\/hand-protection-pannel-spark.html#primaryimage\",\"url\":\"https:\/\/phukienflytech.vn\/wp-content\/uploads\/2020\/05\/300x300_phu-kien-flycam-dji-spark-bao-ve-canh-tay-gia-do.jpg1_-_Copy.jpg\",\"contentUrl\":\"https:\/\/phukienflytech.vn\/wp-content\/uploads\/2020\/05\/300x300_phu-kien-flycam-dji-spark-bao-ve-canh-tay-gia-do.jpg1_-_Copy.jpg\",\"width\":300,\"height\":300},{\"@type\":\"BreadcrumbList\",\"@id\":\"https:\/\/phukienflytech.vn\/en\/san-pham\/hand-protection-pannel-spark.html#breadcrumb\",\"itemListElement\":[{\"@type\":\"ListItem\",\"position\":1,\"name\":\"Home\",\"item\":\"https:\/\/phukienflytech.vn\/en\"},{\"@type\":\"ListItem\",\"position\":2,\"name\":\"Ph\u1ee5 ki\u1ec7n Mavic Pro\",\"item\":\"https:\/\/phukienflytech.vn\/en\/phu-kien-mavic-pro.html\"},{\"@type\":\"ListItem\",\"position\":3,\"name\":\"DJI Osmo &amp; Drone's accessories\",\"item\":\"https:\/\/phukienflytech.vn\/en\/danh-muc\/dji-osmo-drones-accessories.html\"},{\"@type\":\"ListItem\",\"position\":4,\"name\":\"Ph\u1ee5 ki\u1ec7n DJI Spark\",\"item\":\"https:\/\/phukienflytech.vn\/en\/danh-muc\/spark-accessory.html\"},{\"@type\":\"ListItem\",\"position\":5,\"name\":\"Land and take off hand protection pannel kit for Spark\"}]},{\"@type\":\"WebSite\",\"@id\":\"https:\/\/phukienflytech.vn\/#website\",\"url\":\"https:\/\/phukienflytech.vn\/\",\"name\":\"Shop M\u00e1y \u1ea3nh - Action Camera - Gimbal - Flycam - Ph\u1ee5 ki\u1ec7n\",\"description\":\"Shop M\u00e1y \u1ea3nh - Action Camera - Gimbal - Flycam - Ph\u1ee5 ki\u1ec7n\",\"publisher\":{\"@id\":\"https:\/\/phukienflytech.vn\/#organization\"},\"potentialAction\":[{\"@type\":\"SearchAction\",\"target\":{\"@type\":\"EntryPoint\",\"urlTemplate\":\"https:\/\/phukienflytech.vn\/?s={search_term_string}\"},\"query-input\":{\"@type\":\"PropertyValueSpecification\",\"valueRequired\":true,\"valueName\":\"search_term_string\"}}],\"inLanguage\":\"en-US\"},{\"@type\":\"Organization\",\"@id\":\"https:\/\/phukienflytech.vn\/#organization\",\"name\":\"DJI Store - Shop Drone, Action camera, Gimbal DJI |Phukienflytech\",\"alternateName\":\"DJI Store - Shop Drone, Action camera, Gimbal DJI |Phukienflytech\",\"url\":\"https:\/\/phukienflytech.vn\/\",\"logo\":{\"@type\":\"ImageObject\",\"inLanguage\":\"en-US\",\"@id\":\"https:\/\/phukienflytech.vn\/#\/schema\/logo\/image\/\",\"url\":\"https:\/\/phukienflytech.vn\/wp-content\/uploads\/2020\/05\/hAnh_nan.jpg1_.jpg\",\"contentUrl\":\"https:\/\/phukienflytech.vn\/wp-content\/uploads\/2020\/05\/hAnh_nan.jpg1_.jpg\",\"width\":800,\"height\":450,\"caption\":\"DJI Store - Shop Drone, Action camera, Gimbal DJI |Phukienflytech\"},\"image\":{\"@id\":\"https:\/\/phukienflytech.vn\/#\/schema\/logo\/image\/\"},\"sameAs\":[\"https:\/\/facebook.com\/phukienflycam\",\"https:\/\/www.youtube.com\/@phukienflytech\",\"https:\/\/www.tiktok.com\/@flytech.channel?fbclid=IwY2xjawGjg7BleHRuA2FlbQIxMAABHYVGmlXpuSMs0UB2zTpYvyT4GMVfN2qJa4urF4vkSQ6FAVBwXZtDP30qQA_aem_UwMiDcUvlEbd2tXAmsc8Og\"]}]}<\/script>\n<!-- \/ Yoast SEO plugin. -->","yoast_head_json":{"title":"Hand protection pannel Spark - Sunnylife - Spark accessory - available.","description":"Hand protection pannel Spark is one of the most important accessory. Contact us to buy Hand protection pannel Spark for best price.","robots":{"index":"index","follow":"follow","max-snippet":"max-snippet:-1","max-image-preview":"max-image-preview:large","max-video-preview":"max-video-preview:-1"},"canonical":"https:\/\/phukienflytech.vn\/en\/san-pham\/hand-protection-pannel-spark.html","og_locale":"en_US","og_type":"article","og_title":"Hand protection pannel Spark - Sunnylife - Spark accessory - available.","og_description":"Hand protection pannel Spark is one of the most important accessory. Contact us to buy Hand protection pannel Spark for best price.","og_url":"https:\/\/phukienflytech.vn\/en\/san-pham\/hand-protection-pannel-spark.html","og_site_name":"Shop M\u00e1y \u1ea3nh - Action Camera - Gimbal - Flycam - Ph\u1ee5 ki\u1ec7n","article_publisher":"https:\/\/facebook.com\/phukienflycam","article_modified_time":"2020-10-12T08:20:19+00:00","og_image":[{"width":300,"height":300,"url":"https:\/\/phukienflytech.vn\/wp-content\/uploads\/2020\/05\/300x300_phu-kien-flycam-dji-spark-bao-ve-canh-tay-gia-do.jpg1_-_Copy.jpg","type":"image\/jpeg"}],"twitter_card":"summary_large_image","twitter_misc":{"Est. reading time":"1 minute"},"schema":{"@context":"https:\/\/schema.org","@graph":[{"@type":"WebPage","@id":"https:\/\/phukienflytech.vn\/en\/san-pham\/hand-protection-pannel-spark.html","url":"https:\/\/phukienflytech.vn\/en\/san-pham\/hand-protection-pannel-spark.html","name":"Hand protection pannel Spark - Sunnylife - Spark accessory - available.","isPartOf":{"@id":"https:\/\/phukienflytech.vn\/#website"},"primaryImageOfPage":{"@id":"https:\/\/phukienflytech.vn\/en\/san-pham\/hand-protection-pannel-spark.html#primaryimage"},"image":{"@id":"https:\/\/phukienflytech.vn\/en\/san-pham\/hand-protection-pannel-spark.html#primaryimage"},"thumbnailUrl":"https:\/\/phukienflytech.vn\/wp-content\/uploads\/2020\/05\/300x300_phu-kien-flycam-dji-spark-bao-ve-canh-tay-gia-do.jpg1_-_Copy.jpg","datePublished":"2020-06-18T13:44:21+00:00","dateModified":"2020-10-12T08:20:19+00:00","description":"Hand protection pannel Spark is one of the most important accessory. Contact us to buy Hand protection pannel Spark for best price.","breadcrumb":{"@id":"https:\/\/phukienflytech.vn\/en\/san-pham\/hand-protection-pannel-spark.html#breadcrumb"},"inLanguage":"en-US","potentialAction":[{"@type":"ReadAction","target":["https:\/\/phukienflytech.vn\/en\/san-pham\/hand-protection-pannel-spark.html"]}]},{"@type":"ImageObject","inLanguage":"en-US","@id":"https:\/\/phukienflytech.vn\/en\/san-pham\/hand-protection-pannel-spark.html#primaryimage","url":"https:\/\/phukienflytech.vn\/wp-content\/uploads\/2020\/05\/300x300_phu-kien-flycam-dji-spark-bao-ve-canh-tay-gia-do.jpg1_-_Copy.jpg","contentUrl":"https:\/\/phukienflytech.vn\/wp-content\/uploads\/2020\/05\/300x300_phu-kien-flycam-dji-spark-bao-ve-canh-tay-gia-do.jpg1_-_Copy.jpg","width":300,"height":300},{"@type":"BreadcrumbList","@id":"https:\/\/phukienflytech.vn\/en\/san-pham\/hand-protection-pannel-spark.html#breadcrumb","itemListElement":[{"@type":"ListItem","position":1,"name":"Home","item":"https:\/\/phukienflytech.vn\/en"},{"@type":"ListItem","position":2,"name":"Ph\u1ee5 ki\u1ec7n Mavic Pro","item":"https:\/\/phukienflytech.vn\/en\/phu-kien-mavic-pro.html"},{"@type":"ListItem","position":3,"name":"DJI Osmo &amp; Drone's accessories","item":"https:\/\/phukienflytech.vn\/en\/danh-muc\/dji-osmo-drones-accessories.html"},{"@type":"ListItem","position":4,"name":"Ph\u1ee5 ki\u1ec7n DJI Spark","item":"https:\/\/phukienflytech.vn\/en\/danh-muc\/spark-accessory.html"},{"@type":"ListItem","position":5,"name":"Land and take off hand protection pannel kit for Spark"}]},{"@type":"WebSite","@id":"https:\/\/phukienflytech.vn\/#website","url":"https:\/\/phukienflytech.vn\/","name":"Shop M\u00e1y \u1ea3nh - Action Camera - Gimbal - Flycam - Ph\u1ee5 ki\u1ec7n","description":"Shop M\u00e1y \u1ea3nh - Action Camera - Gimbal - Flycam - Ph\u1ee5 ki\u1ec7n","publisher":{"@id":"https:\/\/phukienflytech.vn\/#organization"},"potentialAction":[{"@type":"SearchAction","target":{"@type":"EntryPoint","urlTemplate":"https:\/\/phukienflytech.vn\/?s={search_term_string}"},"query-input":{"@type":"PropertyValueSpecification","valueRequired":true,"valueName":"search_term_string"}}],"inLanguage":"en-US"},{"@type":"Organization","@id":"https:\/\/phukienflytech.vn\/#organization","name":"DJI Store - Shop Drone, Action camera, Gimbal DJI |Phukienflytech","alternateName":"DJI Store - Shop Drone, Action camera, Gimbal DJI |Phukienflytech","url":"https:\/\/phukienflytech.vn\/","logo":{"@type":"ImageObject","inLanguage":"en-US","@id":"https:\/\/phukienflytech.vn\/#\/schema\/logo\/image\/","url":"https:\/\/phukienflytech.vn\/wp-content\/uploads\/2020\/05\/hAnh_nan.jpg1_.jpg","contentUrl":"https:\/\/phukienflytech.vn\/wp-content\/uploads\/2020\/05\/hAnh_nan.jpg1_.jpg","width":800,"height":450,"caption":"DJI Store - Shop Drone, Action camera, Gimbal DJI |Phukienflytech"},"image":{"@id":"https:\/\/phukienflytech.vn\/#\/schema\/logo\/image\/"},"sameAs":["https:\/\/facebook.com\/phukienflycam","https:\/\/www.youtube.com\/@phukienflytech","https:\/\/www.tiktok.com\/@flytech.channel?fbclid=IwY2xjawGjg7BleHRuA2FlbQIxMAABHYVGmlXpuSMs0UB2zTpYvyT4GMVfN2qJa4urF4vkSQ6FAVBwXZtDP30qQA_aem_UwMiDcUvlEbd2tXAmsc8Og"]}]}},"_links":{"self":[{"href":"https:\/\/phukienflytech.vn\/en\/wp-json\/wp\/v2\/product\/2876","targetHints":{"allow":["GET"]}}],"collection":[{"href":"https:\/\/phukienflytech.vn\/en\/wp-json\/wp\/v2\/product"}],"about":[{"href":"https:\/\/phukienflytech.vn\/en\/wp-json\/wp\/v2\/types\/product"}],"replies":[{"embeddable":true,"href":"https:\/\/phukienflytech.vn\/en\/wp-json\/wp\/v2\/comments?post=2876"}],"wp:featuredmedia":[{"embeddable":true,"href":"https:\/\/phukienflytech.vn\/en\/wp-json\/wp\/v2\/media\/7370"}],"wp:attachment":[{"href":"https:\/\/phukienflytech.vn\/en\/wp-json\/wp\/v2\/media?parent=2876"}],"wp:term":[{"taxonomy":"product_brand","embeddable":true,"href":"https:\/\/phukienflytech.vn\/en\/wp-json\/wp\/v2\/product_brand?post=2876"},{"taxonomy":"product_cat","embeddable":true,"href":"https:\/\/phukienflytech.vn\/en\/wp-json\/wp\/v2\/product_cat?post=2876"},{"taxonomy":"product_tag","embeddable":true,"href":"https:\/\/phukienflytech.vn\/en\/wp-json\/wp\/v2\/product_tag?post=2876"}],"curies":[{"name":"wp","href":"https:\/\/api.w.org\/{rel}","templated":true}]}}