{"id":28766,"date":"2021-06-28T19:59:12","date_gmt":"2021-06-28T12:59:12","guid":{"rendered":"https:\/\/phukienflytech.vn\/san-pham\/mantispod-vlogging-tripod-pgytech-chan-may-quay-vlog.html"},"modified":"2022-01-09T22:59:51","modified_gmt":"2022-01-09T15:59:51","slug":"mantispod-vlogging-tripod-pgytech-chan-may-quay-vlog","status":"publish","type":"product","link":"https:\/\/phukienflytech.vn\/en\/san-pham\/mantispod-vlogging-tripod-pgytech-chan-may-quay-vlog.html","title":{"rendered":"Mantispod Vlogging Tripod PGYtech &#8211; Ch\u00e2n m\u00e1y quay vlog"},"content":{"rendered":"<h2><span style=\"font-size: 20px;\"><strong><span style=\"color: #0000ff;\">Mantispod Vlogging Tripod PGYtech &#8211; Ch\u00e2n m\u00e1y quay vlog<\/span><\/strong><\/span><\/h2>\n<p><img loading=\"lazy\" decoding=\"async\" class=\"aligncenter wp-image-28757 \" src=\"https:\/\/phukienflytech.vn\/wp-content\/uploads\/2021\/06\/PGYtech-mantispod-chinh-hang-phukienflytech-tripod-chan-may-anh-camera2-800x356.jpg\" alt=\"mantispod-vlogging-tripod-pgytech\" width=\"850\" height=\"378\" srcset=\"https:\/\/phukienflytech.vn\/wp-content\/uploads\/2021\/06\/PGYtech-mantispod-chinh-hang-phukienflytech-tripod-chan-may-anh-camera2-800x356.jpg 800w, https:\/\/phukienflytech.vn\/wp-content\/uploads\/2021\/06\/PGYtech-mantispod-chinh-hang-phukienflytech-tripod-chan-may-anh-camera2-768x342.jpg 768w, https:\/\/phukienflytech.vn\/wp-content\/uploads\/2021\/06\/PGYtech-mantispod-chinh-hang-phukienflytech-tripod-chan-may-anh-camera2-600x267.jpg 600w, https:\/\/phukienflytech.vn\/wp-content\/uploads\/2021\/06\/PGYtech-mantispod-chinh-hang-phukienflytech-tripod-chan-may-anh-camera2.jpg 900w\" sizes=\"auto, (max-width: 850px) 100vw, 850px\" \/><\/p>\n<h3 style=\"text-align: center;\"><strong><span style=\"font-size: 14px;\">Mantispod Vlogging Tripod PGYtech c\u00f3 kh\u1ea3 n\u0103ng d\u1ef1ng \u1edf 7 t\u01b0 th\u1ebf g\u00f3c quay kh\u00e1c nhau<\/span><\/strong><\/h3>\n<p>&nbsp;<\/p>\n<p>&nbsp;<\/p>\n<h2><span style=\"font-size: 20px; color: #0000ff;\"><strong>Gi\u1edbi thi\u1ec7u s\u1ea3n ph\u1ea9m : Mantispod Vlogging Tripod PGYtech &#8211; Ch\u00e2n m\u00e1y quay vlog<\/strong><\/span><\/h2>\n<p><span style=\"font-size: 17px;\">Ch\u00e2n m\u00e1y quay vlog l\u00e0 m\u1ed9t trong nh\u1eefng ph\u1ee5 ki\u1ec7n h\u1eefu \u00edch h\u00e0ng \u0111\u1ea7u d\u00e0nh cho nh\u1eefng kh\u00e1ch h\u00e0ng \u01b0a th\u00edch quay vlog hay \u0111\u01a1n gi\u1ea3m nh\u01b0 ch\u1ee5p \u1ea3nh gia \u0111\u00ecnh, \u1ea3nh t\u0129nh. Kh\u00f4ng ch\u1ec9 l\u00e0 ch\u00e2n m\u00e1y, ph\u1ee5 ki\u1ec7n n\u00e0y c\u00f2n c\u00f3 th\u1ec3 g\u1eadp l\u1ea1i s\u1eed d\u1ee5ng nh\u01b0 chi\u1ebfc tay quay video b\u00ecnh th\u01b0\u1eddng, nh\u1ecf g\u1ecdn ti\u1ec7n l\u1ee3i<\/span><\/p>\n<h3 style=\"text-align: center;\"><iframe loading=\"lazy\" src=\"\/\/www.youtube.com\/embed\/OarTcutvpSs\" width=\"850\" height=\"477\" allowfullscreen=\"allowfullscreen\"><\/iframe><strong><span style=\"font-size: 14px;\">Ngu\u1ed3n Youtube: Phukienflytech l\u00e0 nh\u00e0 ph\u00e2n ph\u1ed1i ch\u00ednh th\u1ee9c t\u1ea1i Vi\u1ec7t Nam<\/span><\/strong><\/h3>\n<p>&nbsp;<\/p>\n<p>&nbsp;<\/p>\n<h2><span style=\"font-size: 20px; color: #0000ff;\"><strong>M\u00f4 t\u1ea3 s\u1ea3n ph\u1ea9m : Mantispod Vlogging Tripod PGYtech &#8211; Ch\u00e2n m\u00e1y quay vlog<\/strong><\/span><\/h2>\n<p><span style=\"font-size: 17px;\">\u2705 Ch\u00ednh h\u00e3ng:<strong>\u00a0PGYTECH<\/strong><\/span><\/p>\n<p><span style=\"font-size: 17px;\">\u2705 Ph\u00f9 h\u1ee3p: T\u1ea5t c\u1ea3 c\u00e1c d\u00f2ng m\u00e1y \u1ea3nh, m\u00e1y quay\u00a0<\/span><\/p>\n<p><span style=\"font-size: 17px;\">\u2705 Ch\u1ea5t li\u1ec7u Ch\u00e2n \u0111\u1ebf: Magie, silicone<\/span><\/p>\n<p><span style=\"font-size: 17px;\">\u2705 Kh\u1ed1i l\u01b0\u1ee3ng : 262kg<\/span><\/p>\n<p><span style=\"font-size: 17px;\">\u2705 T\u1ea3i t\u1ed1i \u0111a d\u01b0\u1edbi 2.5kg<\/span><\/p>\n<p><span style=\"font-size: 17px;\">\u2705 Chi\u1ec1u d\u00e0i c\u1ee7a ch\u00e2n m\u00e1y xem cao: 205mm<\/span><\/p>\n<p><span style=\"font-size: 17px;\">\u2705 Chi\u1ec1u d\u00e0i c\u1ee7a ch\u00e2n m\u00e1y xem th\u1ea5p: 115mm<\/span><\/p>\n<p><iframe loading=\"lazy\" src=\"\/\/www.youtube.com\/embed\/qaIUUXjBE7g\" width=\"850\" height=\"477\" allowfullscreen=\"allowfullscreen\"><\/iframe><\/p>\n<h3 style=\"text-align: center;\"><strong><span style=\"font-size: 14px;\">Ngu\u1ed3n Youtube: KOL review v\u1ec1 s\u1ea3n ph\u1ea9m Mantispod Vlogging Tripod c\u1ee7a PGYtech<\/span><\/strong><\/h3>\n<p>&nbsp;<\/p>\n<p>&nbsp;<\/p>\n<p><span style=\"font-size: 17px;\">L\u01b0u \u00fd: S\u1ea3n ph\u1ea9m n\u00e0y ch\u01b0a bao g\u1ed3m: <\/span><span style=\"font-size: 17px; color: #333333;\">\u0110\u1ea7u n\u1ed1i Snaplock Mini Reverse Ball Head PGYtech<\/span><\/p>\n<p><span style=\"font-size: 17px;\">&gt;&gt; B\u1ea1n c\u00f3 th\u1ec3 tham kh\u1ea3o th\u00eam: <span style=\"color: #0000ff;\"><strong><a style=\"color: #0000ff;\" href=\"https:\/\/phukienflytech.vn\/san-pham\/snaplock-mini-reverse-ball-head-pgytech.html\" target=\"_blank\" rel=\"noopener\">Snaplock Mini Reverse Ball Head<\/a><\/strong><\/span><\/span><\/p>\n<p><span style=\"font-size: 17px;\">&gt;&gt; Tham kh\u1ea3o th\u00eam phi\u00ean b\u1ea3n n\u00e2ng c\u1ea5p:<span style=\"color: #0000ff;\"> <strong><a style=\"color: #0000ff;\" href=\"https:\/\/phukienflytech.vn\/san-pham\/mantispod-pro-vlogging-tripod-pgytech-chan-may-quay-mantispod-pro.html\" target=\"_blank\" rel=\"noopener\">Mantispod Pro Vlogging Tripod PGYtech<\/a><\/strong><\/span><\/span><\/p>\n<div class=\"product_extra\"><\/div>\n<p>&nbsp;<\/p>\n<h2><span style=\"font-size: 20px;\"><strong><span style=\"color: #0000ff;\">\u0110\u1eb7c tr\u01b0ng c\u1ee7a s\u1ea3n ph\u1ea9m:<\/span><\/strong><\/span><\/h2>\n<p><span style=\"font-size: 17px;\">\u2705 7 ch\u1ebf \u0111\u1ed9 \u0111\u1ec3 ghi l\u1ea1i m\u1ecdi g\u00f3c \u0111\u1ed9 trong cu\u1ed9c s\u1ed1ng c\u1ee7a b\u1ea1n (Ch\u1ebf \u0111\u1ed9 m\u1edf r\u1ed9ng, Ch\u1ebf \u0111\u1ed9 xem h\u1ea1 th\u1ea5p, Ch\u1ebf \u0111\u1ed9 ch\u00e2n m\u00e1y n\u00e2ng cao, Ch\u1ebf \u0111\u1ed9 Mantis, Ch\u1ebf \u0111\u1ed9 l\u00e0m vlog di \u0111\u1ed9ng, Ch\u1ebf \u0111\u1ed9 ch\u1ee5p d\u1ecdc, Ch\u1ebf \u0111\u1ed9 c\u1ea7m tay).<\/span><\/p>\n<p>\u2705 Linh ho\u1ea1t. C\u1ea7m tay v\u1edbi gi\u00e1 ba ch\u00e2n, quay ch\u1ee5p ch\u00e2n dung, phong c\u1ea3nh, \u0111\u1ebf g\u1eafn gi\u00e0y l\u1ea1nh dovetail.<\/p>\n<p><span style=\"font-size: 17px;\">\u2705 Gi\u00e1 \u0111\u1ec3 gi\u00e0y l\u1ea1nh \u1edf b\u00ean c\u1ea1nh t\u01b0\u01a1ng th\u00edch v\u1edbi \u0111\u00e8n, micr\u00f4 v\u00e0 c\u00e1c ph\u1ee5 ki\u1ec7n kh\u00e1c.\u2705 Gi\u00e1 \u0111\u1ee1 \u0111i\u1ec7n tho\u1ea1i Mini t\u00edch h\u1ee3p c\u00f3 ng\u00e0m Arca-Swiss, \u0111\u1ebf g\u1eafn gi\u00e0y l\u1ea1nh v\u00e0 1\/4 l\u1ed7 v\u00edt \u0111\u1ec3 t\u01b0\u01a1ng th\u00edch r\u1ed9ng h\u01a1n.<\/span><br \/>\n<span style=\"font-size: 17px;\">\u2705 N\u00f3 \u0111\u01b0\u1ee3c l\u00e0m t\u1eeb magi\u00ea nh\u1eb9 nh\u01b0ng ch\u1eafc ch\u1eafn.<\/span><\/p>\n<p><img loading=\"lazy\" decoding=\"async\" class=\"aligncenter wp-image-28765\" src=\"https:\/\/phukienflytech.vn\/wp-content\/uploads\/2021\/06\/PGYtech-mantis-pod-chinh-hang-phukienflytech-tripod-chan-may-anh-camera9-586x400.jpg\" alt=\"mantispod-pro-vlogging-tripod-pgytech\" width=\"850\" height=\"580\" srcset=\"https:\/\/phukienflytech.vn\/wp-content\/uploads\/2021\/06\/PGYtech-mantis-pod-chinh-hang-phukienflytech-tripod-chan-may-anh-camera9-586x400.jpg 586w, https:\/\/phukienflytech.vn\/wp-content\/uploads\/2021\/06\/PGYtech-mantis-pod-chinh-hang-phukienflytech-tripod-chan-may-anh-camera9-768x524.jpg 768w, https:\/\/phukienflytech.vn\/wp-content\/uploads\/2021\/06\/PGYtech-mantis-pod-chinh-hang-phukienflytech-tripod-chan-may-anh-camera9-600x409.jpg 600w, https:\/\/phukienflytech.vn\/wp-content\/uploads\/2021\/06\/PGYtech-mantis-pod-chinh-hang-phukienflytech-tripod-chan-may-anh-camera9.jpg 900w\" sizes=\"auto, (max-width: 850px) 100vw, 850px\" \/><\/p>\n<h3 style=\"text-align: center;\"><strong><span style=\"font-size: 14px;\">So s\u00e1nh 2 phi\u00ean b\u1ea3n Mantispod c\u1ee7a PGYtech<\/span><\/strong><\/h3>\n<p>&nbsp;<\/p>\n<p><img loading=\"lazy\" decoding=\"async\" class=\"aligncenter wp-image-30973 size-full\" src=\"https:\/\/phukienflytech.vn\/wp-content\/uploads\/2021\/06\/Capture-8.jpg\" alt=\"\" width=\"850\" height=\"360\" srcset=\"https:\/\/phukienflytech.vn\/wp-content\/uploads\/2021\/06\/Capture-8.jpg 850w, https:\/\/phukienflytech.vn\/wp-content\/uploads\/2021\/06\/Capture-8-800x339.jpg 800w, https:\/\/phukienflytech.vn\/wp-content\/uploads\/2021\/06\/Capture-8-768x325.jpg 768w, https:\/\/phukienflytech.vn\/wp-content\/uploads\/2021\/06\/Capture-8-600x254.jpg 600w\" sizes=\"auto, (max-width: 850px) 100vw, 850px\" \/><\/p>\n<h2><span style=\"color: #0000ff; font-size: 20px;\"><strong>C\u00f4ng d\u1ee5ng s\u1ea3n ph\u1ea9m : Mantispod Vlogging Tripod PGYtech &#8211; Ch\u00e2n m\u00e1y quay vlog<\/strong><\/span><\/h2>\n<p><span style=\"font-size: 17px;\">\u2705 Nhi\u1ec1u ch\u1ebf \u0111\u1ed9 \u0111\u1ec3 ghi l\u1ea1i m\u1ecdi g\u00f3c \u0111\u1ed9 trong cu\u1ed9c s\u1ed1ng c\u1ee7a b\u1ea1n (Ch\u1ebf \u0111\u1ed9 m\u1edf r\u1ed9ng, Ch\u1ebf \u0111\u1ed9 xem h\u1ea1 th\u1ea5p, Ch\u1ebf \u0111\u1ed9 ch\u00e2n m\u00e1y n\u00e2ng cao, Ch\u1ebf \u0111\u1ed9 Mantis, Ch\u1ebf \u0111\u1ed9 t\u1ea1o vlog di \u0111\u1ed9ng, Ch\u1ebf \u0111\u1ed9 c\u1ea7m tay).<\/span><\/p>\n<p><span style=\"font-size: 17px;\">\u2705 Ch\u1ebf \u0111\u1ed9 Mantis cho ph\u00e9p b\u1ea1n treo ch\u00e2n m\u00e1y t\u1eeb b\u1ea5t k\u1ef3 b\u1ec1 m\u1eb7t n\u00e0o \u0111\u1ec3 ch\u1ee5p m\u1ecdi g\u00f3c \u0111\u1ed9.<\/span><\/p>\n<p><span style=\"font-size: 17px;\">\u2705 T\u1ee9c th\u00ec v\u00e0 linh ho\u1ea1t.\u00a0C\u1ea7m tay v\u1edbi gi\u00e1 ba ch\u00e2n, ch\u00e2n dung sang phong c\u1ea3nh, \u0111\u1ebf g\u1eafn gi\u00e0y l\u1ea1nh dovetail.<\/span><\/p>\n<p><span style=\"font-size: 17px;\">\u2705 B\u1ed9 \u0111i\u1ec1u h\u1ee3p c\u1ee7a MantisPod c\u00f3 th\u1ec3 xoay 360 \u00b0 \u0111\u1ec3 ch\u1ee5p t\u1eeb ch\u1ebf \u0111\u1ed9 d\u1ecdc sang ch\u1ebf \u0111\u1ed9 ngang.<\/span><\/p>\n<p><img loading=\"lazy\" decoding=\"async\" class=\"aligncenter wp-image-28763 \" src=\"https:\/\/phukienflytech.vn\/wp-content\/uploads\/2021\/06\/PGYtech-mantis-pod-chinh-hang-phukienflytech-tripod-chan-may-anh-camera5-800x292.jpg\" alt=\"\" width=\"852\" height=\"310\" srcset=\"https:\/\/phukienflytech.vn\/wp-content\/uploads\/2021\/06\/PGYtech-mantis-pod-chinh-hang-phukienflytech-tripod-chan-may-anh-camera5-800x292.jpg 800w, https:\/\/phukienflytech.vn\/wp-content\/uploads\/2021\/06\/PGYtech-mantis-pod-chinh-hang-phukienflytech-tripod-chan-may-anh-camera5-768x280.jpg 768w, https:\/\/phukienflytech.vn\/wp-content\/uploads\/2021\/06\/PGYtech-mantis-pod-chinh-hang-phukienflytech-tripod-chan-may-anh-camera5-600x219.jpg 600w, https:\/\/phukienflytech.vn\/wp-content\/uploads\/2021\/06\/PGYtech-mantis-pod-chinh-hang-phukienflytech-tripod-chan-may-anh-camera5.jpg 900w\" sizes=\"auto, (max-width: 852px) 100vw, 852px\" \/><\/p>\n<p>&nbsp;<\/p>\n<p><span style=\"font-size: 17px;\">&gt;&gt; Xem th\u00eam:<span style=\"color: #0000ff;\"><strong> <a style=\"color: #0000ff;\" href=\"https:\/\/phukienflytech.vn\/tu-khoa\/phu-kien-osmo-pocket\">Ph\u1ee5 ki\u1ec7n Osmo Pocket<\/a><\/strong><\/span><\/span><\/p>\n<p><span style=\"font-size: 17px;\">&gt;&gt; Xem th\u00eam:<span style=\"color: #0000ff;\"><strong> <a style=\"color: #0000ff;\" href=\"https:\/\/phukienflytech.vn\/danh-muc\/phu-kien-dji-osmo-action.html\">Ph\u1ee5 ki\u1ec7n Osmo Action<\/a><\/strong><\/span><\/span><\/p>\n<p>&nbsp;<\/p>\n<p>&nbsp;<\/p>\n<h2><span style=\"font-size: 20px;\"><strong><span style=\"color: #0000ff;\">H\u01b0\u1edbng d\u1eabn b\u1ea3o qu\u1ea3n :<\/span><\/strong><\/span><\/h2>\n<p><span style=\"font-size: 17px;\">\u2705 Sau khi s\u1eed d\u1ee5ng, n\u1ebfu kh\u00f4ng d\u00f9ng h\u00e3y c\u1ea5t v\u00e0o h\u1ed9p \u0111\u1ef1ng chuy\u00ean d\u1ee5ng \u0111\u1ec3 tr\u00e1nh ngo\u1ea1i l\u1ef1c t\u00e1c \u0111\u1ed9ng<\/span><\/p>\n<p><span style=\"font-size: 17px;\">\u2705 B\u1ea3o qu\u1ea3n n\u01a1i kh\u00f4 tho\u00e1ng, tr\u00e1nh nh\u1eefng n\u01a1i c\u00f3 nhi\u1ec7t \u0111\u1ed9 cao<\/span><\/p>\n<p>&nbsp;<\/p>\n<p><span style=\"font-size: 17px;\">&gt;&gt; Li\u00ean h\u1ec7 v\u1edbi Admin \u0111\u1ec3 bi\u1ebft th\u00eam chi ti\u1ebft t\u1ea1i: <span style=\"color: #0000ff;\"><strong><a style=\"color: #0000ff;\" href=\"https:\/\/fb.com\/phukienflycam\">Fanpage<\/a><\/strong><\/span><\/span><\/p>\n","protected":false},"excerpt":{"rendered":"<p>Mantispod Vlogging Tripod PGYtech &#8211; Ch\u00e2n m\u00e1y quay vlog Mantispod Vlogging Tripod PGYtech c\u00f3 kh\u1ea3 n\u0103ng d\u1ef1ng \u1edf 7 t\u01b0 th\u1ebf g\u00f3c quay kh\u00e1c nhau &nbsp; &nbsp; Gi\u1edbi thi\u1ec7u s\u1ea3n ph\u1ea9m : Mantispod Vlogging Tripod PGYtech &#8211; Ch\u00e2n m\u00e1y quay vlog Ch\u00e2n m\u00e1y quay vlog l\u00e0 m\u1ed9t trong nh\u1eefng ph\u1ee5 ki\u1ec7n h\u1eefu \u00edch h\u00e0ng \u0111\u1ea7u &#8230;<\/p>\n","protected":false},"featured_media":27990,"comment_status":"open","ping_status":"closed","template":"","meta":{"_acf_changed":false},"product_brand":[],"product_cat":[791],"product_tag":[],"class_list":{"0":"post-28766","1":"product","2":"type-product","3":"status-publish","4":"has-post-thumbnail","6":"product_cat-chua-phan-loai","8":"first","9":"instock","10":"shipping-taxable","11":"purchasable","12":"product-type-simple"},"acf":[],"yoast_head":"<!-- This site is optimized with the Yoast SEO plugin v25.7 - https:\/\/yoast.com\/wordpress\/plugins\/seo\/ -->\n<title>Mantispod Vlogging Tripod PGYtech - Ch\u00e2n m\u00e1y \u1ea3nh b\u1ea3n standard<\/title>\n<meta name=\"description\" content=\"Mantispod Vlogging Tripod PGYtech l\u00e0 Ch\u00e2n m\u00e1y quay vlog tuy\u1ec7t v\u1eddi c\u00f3 th\u1ec3 d\u1ef1ng \u1edf 7 t\u01b0 th\u1ebf g\u00f3c quay, ch\u1ee5p kh\u00e1c nhau, chuy\u00ean nghi\u1ec7p, cao c\u1ea5p.\" \/>\n<meta name=\"robots\" content=\"index, follow, max-snippet:-1, max-image-preview:large, max-video-preview:-1\" \/>\n<link rel=\"canonical\" href=\"https:\/\/phukienflytech.vn\/en\/san-pham\/mantispod-vlogging-tripod-pgytech-chan-may-quay-vlog.html\" \/>\n<meta property=\"og:locale\" content=\"en_US\" \/>\n<meta property=\"og:type\" content=\"article\" \/>\n<meta property=\"og:title\" content=\"Mantispod Vlogging Tripod PGYtech - Ch\u00e2n m\u00e1y \u1ea3nh b\u1ea3n standard\" \/>\n<meta property=\"og:description\" content=\"Mantispod Vlogging Tripod PGYtech l\u00e0 Ch\u00e2n m\u00e1y quay vlog tuy\u1ec7t v\u1eddi c\u00f3 th\u1ec3 d\u1ef1ng \u1edf 7 t\u01b0 th\u1ebf g\u00f3c quay, ch\u1ee5p kh\u00e1c nhau, chuy\u00ean nghi\u1ec7p, cao c\u1ea5p.\" \/>\n<meta property=\"og:url\" content=\"https:\/\/phukienflytech.vn\/en\/san-pham\/mantispod-vlogging-tripod-pgytech-chan-may-quay-vlog.html\" \/>\n<meta property=\"og:site_name\" content=\"Shop M\u00e1y \u1ea3nh - Action Camera - Gimbal - Flycam - Ph\u1ee5 ki\u1ec7n\" \/>\n<meta property=\"article:publisher\" content=\"https:\/\/facebook.com\/phukienflycam\" \/>\n<meta property=\"article:modified_time\" content=\"2022-01-09T15:59:51+00:00\" \/>\n<meta property=\"og:image\" content=\"https:\/\/phukienflytech.vn\/wp-content\/uploads\/2021\/06\/mantispod-vlog.jpg\" \/>\n\t<meta property=\"og:image:width\" content=\"1000\" \/>\n\t<meta property=\"og:image:height\" content=\"1000\" \/>\n\t<meta property=\"og:image:type\" content=\"image\/jpeg\" \/>\n<meta name=\"twitter:card\" content=\"summary_large_image\" \/>\n<meta name=\"twitter:label1\" content=\"Est. reading time\" \/>\n\t<meta name=\"twitter:data1\" content=\"3 minutes\" \/>\n<script type=\"application\/ld+json\" class=\"yoast-schema-graph\">{\"@context\":\"https:\/\/schema.org\",\"@graph\":[{\"@type\":\"WebPage\",\"@id\":\"https:\/\/phukienflytech.vn\/en\/san-pham\/mantispod-vlogging-tripod-pgytech-chan-may-quay-vlog.html\",\"url\":\"https:\/\/phukienflytech.vn\/en\/san-pham\/mantispod-vlogging-tripod-pgytech-chan-may-quay-vlog.html\",\"name\":\"Mantispod Vlogging Tripod PGYtech - Ch\u00e2n m\u00e1y \u1ea3nh b\u1ea3n standard\",\"isPartOf\":{\"@id\":\"https:\/\/phukienflytech.vn\/#website\"},\"primaryImageOfPage\":{\"@id\":\"https:\/\/phukienflytech.vn\/en\/san-pham\/mantispod-vlogging-tripod-pgytech-chan-may-quay-vlog.html#primaryimage\"},\"image\":{\"@id\":\"https:\/\/phukienflytech.vn\/en\/san-pham\/mantispod-vlogging-tripod-pgytech-chan-may-quay-vlog.html#primaryimage\"},\"thumbnailUrl\":\"https:\/\/phukienflytech.vn\/wp-content\/uploads\/2021\/06\/mantispod-vlog.jpg\",\"datePublished\":\"2021-06-28T12:59:12+00:00\",\"dateModified\":\"2022-01-09T15:59:51+00:00\",\"description\":\"Mantispod Vlogging Tripod PGYtech l\u00e0 Ch\u00e2n m\u00e1y quay vlog tuy\u1ec7t v\u1eddi c\u00f3 th\u1ec3 d\u1ef1ng \u1edf 7 t\u01b0 th\u1ebf g\u00f3c quay, ch\u1ee5p kh\u00e1c nhau, chuy\u00ean nghi\u1ec7p, cao c\u1ea5p.\",\"breadcrumb\":{\"@id\":\"https:\/\/phukienflytech.vn\/en\/san-pham\/mantispod-vlogging-tripod-pgytech-chan-may-quay-vlog.html#breadcrumb\"},\"inLanguage\":\"en-US\",\"potentialAction\":[{\"@type\":\"ReadAction\",\"target\":[\"https:\/\/phukienflytech.vn\/en\/san-pham\/mantispod-vlogging-tripod-pgytech-chan-may-quay-vlog.html\"]}]},{\"@type\":\"ImageObject\",\"inLanguage\":\"en-US\",\"@id\":\"https:\/\/phukienflytech.vn\/en\/san-pham\/mantispod-vlogging-tripod-pgytech-chan-may-quay-vlog.html#primaryimage\",\"url\":\"https:\/\/phukienflytech.vn\/wp-content\/uploads\/2021\/06\/mantispod-vlog.jpg\",\"contentUrl\":\"https:\/\/phukienflytech.vn\/wp-content\/uploads\/2021\/06\/mantispod-vlog.jpg\",\"width\":1000,\"height\":1000},{\"@type\":\"BreadcrumbList\",\"@id\":\"https:\/\/phukienflytech.vn\/en\/san-pham\/mantispod-vlogging-tripod-pgytech-chan-may-quay-vlog.html#breadcrumb\",\"itemListElement\":[{\"@type\":\"ListItem\",\"position\":1,\"name\":\"Home\",\"item\":\"https:\/\/phukienflytech.vn\/en\"},{\"@type\":\"ListItem\",\"position\":2,\"name\":\"Ph\u1ee5 ki\u1ec7n Mavic Pro\",\"item\":\"https:\/\/phukienflytech.vn\/en\/phu-kien-mavic-pro.html\"},{\"@type\":\"ListItem\",\"position\":3,\"name\":\"Camera accessory\",\"item\":\"https:\/\/phukienflytech.vn\/en\/danh-muc\/camera-accessory.html\"},{\"@type\":\"ListItem\",\"position\":4,\"name\":\"Ph\u1ee5 ki\u1ec7n Osmo Action\",\"item\":\"https:\/\/phukienflytech.vn\/danh-muc\/phu-kien-dji-osmo-action.html\"},{\"@type\":\"ListItem\",\"position\":5,\"name\":\"Mantispod Vlogging Tripod PGYtech &#8211; Ch\u00e2n m\u00e1y quay vlog\"}]},{\"@type\":\"WebSite\",\"@id\":\"https:\/\/phukienflytech.vn\/#website\",\"url\":\"https:\/\/phukienflytech.vn\/\",\"name\":\"Shop M\u00e1y \u1ea3nh - Action Camera - Gimbal - Flycam - Ph\u1ee5 ki\u1ec7n\",\"description\":\"Shop M\u00e1y \u1ea3nh - Action Camera - Gimbal - Flycam - Ph\u1ee5 ki\u1ec7n\",\"publisher\":{\"@id\":\"https:\/\/phukienflytech.vn\/#organization\"},\"potentialAction\":[{\"@type\":\"SearchAction\",\"target\":{\"@type\":\"EntryPoint\",\"urlTemplate\":\"https:\/\/phukienflytech.vn\/?s={search_term_string}\"},\"query-input\":{\"@type\":\"PropertyValueSpecification\",\"valueRequired\":true,\"valueName\":\"search_term_string\"}}],\"inLanguage\":\"en-US\"},{\"@type\":\"Organization\",\"@id\":\"https:\/\/phukienflytech.vn\/#organization\",\"name\":\"DJI Store - Shop Drone, Action camera, Gimbal DJI |Phukienflytech\",\"alternateName\":\"DJI Store - Shop Drone, Action camera, Gimbal DJI |Phukienflytech\",\"url\":\"https:\/\/phukienflytech.vn\/\",\"logo\":{\"@type\":\"ImageObject\",\"inLanguage\":\"en-US\",\"@id\":\"https:\/\/phukienflytech.vn\/#\/schema\/logo\/image\/\",\"url\":\"https:\/\/phukienflytech.vn\/wp-content\/uploads\/2020\/05\/hAnh_nan.jpg1_.jpg\",\"contentUrl\":\"https:\/\/phukienflytech.vn\/wp-content\/uploads\/2020\/05\/hAnh_nan.jpg1_.jpg\",\"width\":800,\"height\":450,\"caption\":\"DJI Store - Shop Drone, Action camera, Gimbal DJI |Phukienflytech\"},\"image\":{\"@id\":\"https:\/\/phukienflytech.vn\/#\/schema\/logo\/image\/\"},\"sameAs\":[\"https:\/\/facebook.com\/phukienflycam\",\"https:\/\/www.youtube.com\/@phukienflytech\",\"https:\/\/www.tiktok.com\/@flytech.channel?fbclid=IwY2xjawGjg7BleHRuA2FlbQIxMAABHYVGmlXpuSMs0UB2zTpYvyT4GMVfN2qJa4urF4vkSQ6FAVBwXZtDP30qQA_aem_UwMiDcUvlEbd2tXAmsc8Og\"]}]}<\/script>\n<!-- \/ Yoast SEO plugin. -->","yoast_head_json":{"title":"Mantispod Vlogging Tripod PGYtech - Ch\u00e2n m\u00e1y \u1ea3nh b\u1ea3n standard","description":"Mantispod Vlogging Tripod PGYtech l\u00e0 Ch\u00e2n m\u00e1y quay vlog tuy\u1ec7t v\u1eddi c\u00f3 th\u1ec3 d\u1ef1ng \u1edf 7 t\u01b0 th\u1ebf g\u00f3c quay, ch\u1ee5p kh\u00e1c nhau, chuy\u00ean nghi\u1ec7p, cao c\u1ea5p.","robots":{"index":"index","follow":"follow","max-snippet":"max-snippet:-1","max-image-preview":"max-image-preview:large","max-video-preview":"max-video-preview:-1"},"canonical":"https:\/\/phukienflytech.vn\/en\/san-pham\/mantispod-vlogging-tripod-pgytech-chan-may-quay-vlog.html","og_locale":"en_US","og_type":"article","og_title":"Mantispod Vlogging Tripod PGYtech - Ch\u00e2n m\u00e1y \u1ea3nh b\u1ea3n standard","og_description":"Mantispod Vlogging Tripod PGYtech l\u00e0 Ch\u00e2n m\u00e1y quay vlog tuy\u1ec7t v\u1eddi c\u00f3 th\u1ec3 d\u1ef1ng \u1edf 7 t\u01b0 th\u1ebf g\u00f3c quay, ch\u1ee5p kh\u00e1c nhau, chuy\u00ean nghi\u1ec7p, cao c\u1ea5p.","og_url":"https:\/\/phukienflytech.vn\/en\/san-pham\/mantispod-vlogging-tripod-pgytech-chan-may-quay-vlog.html","og_site_name":"Shop M\u00e1y \u1ea3nh - Action Camera - Gimbal - Flycam - Ph\u1ee5 ki\u1ec7n","article_publisher":"https:\/\/facebook.com\/phukienflycam","article_modified_time":"2022-01-09T15:59:51+00:00","og_image":[{"width":1000,"height":1000,"url":"https:\/\/phukienflytech.vn\/wp-content\/uploads\/2021\/06\/mantispod-vlog.jpg","type":"image\/jpeg"}],"twitter_card":"summary_large_image","twitter_misc":{"Est. reading time":"3 minutes"},"schema":{"@context":"https:\/\/schema.org","@graph":[{"@type":"WebPage","@id":"https:\/\/phukienflytech.vn\/en\/san-pham\/mantispod-vlogging-tripod-pgytech-chan-may-quay-vlog.html","url":"https:\/\/phukienflytech.vn\/en\/san-pham\/mantispod-vlogging-tripod-pgytech-chan-may-quay-vlog.html","name":"Mantispod Vlogging Tripod PGYtech - Ch\u00e2n m\u00e1y \u1ea3nh b\u1ea3n standard","isPartOf":{"@id":"https:\/\/phukienflytech.vn\/#website"},"primaryImageOfPage":{"@id":"https:\/\/phukienflytech.vn\/en\/san-pham\/mantispod-vlogging-tripod-pgytech-chan-may-quay-vlog.html#primaryimage"},"image":{"@id":"https:\/\/phukienflytech.vn\/en\/san-pham\/mantispod-vlogging-tripod-pgytech-chan-may-quay-vlog.html#primaryimage"},"thumbnailUrl":"https:\/\/phukienflytech.vn\/wp-content\/uploads\/2021\/06\/mantispod-vlog.jpg","datePublished":"2021-06-28T12:59:12+00:00","dateModified":"2022-01-09T15:59:51+00:00","description":"Mantispod Vlogging Tripod PGYtech l\u00e0 Ch\u00e2n m\u00e1y quay vlog tuy\u1ec7t v\u1eddi c\u00f3 th\u1ec3 d\u1ef1ng \u1edf 7 t\u01b0 th\u1ebf g\u00f3c quay, ch\u1ee5p kh\u00e1c nhau, chuy\u00ean nghi\u1ec7p, cao c\u1ea5p.","breadcrumb":{"@id":"https:\/\/phukienflytech.vn\/en\/san-pham\/mantispod-vlogging-tripod-pgytech-chan-may-quay-vlog.html#breadcrumb"},"inLanguage":"en-US","potentialAction":[{"@type":"ReadAction","target":["https:\/\/phukienflytech.vn\/en\/san-pham\/mantispod-vlogging-tripod-pgytech-chan-may-quay-vlog.html"]}]},{"@type":"ImageObject","inLanguage":"en-US","@id":"https:\/\/phukienflytech.vn\/en\/san-pham\/mantispod-vlogging-tripod-pgytech-chan-may-quay-vlog.html#primaryimage","url":"https:\/\/phukienflytech.vn\/wp-content\/uploads\/2021\/06\/mantispod-vlog.jpg","contentUrl":"https:\/\/phukienflytech.vn\/wp-content\/uploads\/2021\/06\/mantispod-vlog.jpg","width":1000,"height":1000},{"@type":"BreadcrumbList","@id":"https:\/\/phukienflytech.vn\/en\/san-pham\/mantispod-vlogging-tripod-pgytech-chan-may-quay-vlog.html#breadcrumb","itemListElement":[{"@type":"ListItem","position":1,"name":"Home","item":"https:\/\/phukienflytech.vn\/en"},{"@type":"ListItem","position":2,"name":"Ph\u1ee5 ki\u1ec7n Mavic Pro","item":"https:\/\/phukienflytech.vn\/en\/phu-kien-mavic-pro.html"},{"@type":"ListItem","position":3,"name":"Camera accessory","item":"https:\/\/phukienflytech.vn\/en\/danh-muc\/camera-accessory.html"},{"@type":"ListItem","position":4,"name":"Ph\u1ee5 ki\u1ec7n Osmo Action","item":"https:\/\/phukienflytech.vn\/danh-muc\/phu-kien-dji-osmo-action.html"},{"@type":"ListItem","position":5,"name":"Mantispod Vlogging Tripod PGYtech &#8211; Ch\u00e2n m\u00e1y quay vlog"}]},{"@type":"WebSite","@id":"https:\/\/phukienflytech.vn\/#website","url":"https:\/\/phukienflytech.vn\/","name":"Shop M\u00e1y \u1ea3nh - Action Camera - Gimbal - Flycam - Ph\u1ee5 ki\u1ec7n","description":"Shop M\u00e1y \u1ea3nh - Action Camera - Gimbal - Flycam - Ph\u1ee5 ki\u1ec7n","publisher":{"@id":"https:\/\/phukienflytech.vn\/#organization"},"potentialAction":[{"@type":"SearchAction","target":{"@type":"EntryPoint","urlTemplate":"https:\/\/phukienflytech.vn\/?s={search_term_string}"},"query-input":{"@type":"PropertyValueSpecification","valueRequired":true,"valueName":"search_term_string"}}],"inLanguage":"en-US"},{"@type":"Organization","@id":"https:\/\/phukienflytech.vn\/#organization","name":"DJI Store - Shop Drone, Action camera, Gimbal DJI |Phukienflytech","alternateName":"DJI Store - Shop Drone, Action camera, Gimbal DJI |Phukienflytech","url":"https:\/\/phukienflytech.vn\/","logo":{"@type":"ImageObject","inLanguage":"en-US","@id":"https:\/\/phukienflytech.vn\/#\/schema\/logo\/image\/","url":"https:\/\/phukienflytech.vn\/wp-content\/uploads\/2020\/05\/hAnh_nan.jpg1_.jpg","contentUrl":"https:\/\/phukienflytech.vn\/wp-content\/uploads\/2020\/05\/hAnh_nan.jpg1_.jpg","width":800,"height":450,"caption":"DJI Store - Shop Drone, Action camera, Gimbal DJI |Phukienflytech"},"image":{"@id":"https:\/\/phukienflytech.vn\/#\/schema\/logo\/image\/"},"sameAs":["https:\/\/facebook.com\/phukienflycam","https:\/\/www.youtube.com\/@phukienflytech","https:\/\/www.tiktok.com\/@flytech.channel?fbclid=IwY2xjawGjg7BleHRuA2FlbQIxMAABHYVGmlXpuSMs0UB2zTpYvyT4GMVfN2qJa4urF4vkSQ6FAVBwXZtDP30qQA_aem_UwMiDcUvlEbd2tXAmsc8Og"]}]}},"_links":{"self":[{"href":"https:\/\/phukienflytech.vn\/en\/wp-json\/wp\/v2\/product\/28766","targetHints":{"allow":["GET"]}}],"collection":[{"href":"https:\/\/phukienflytech.vn\/en\/wp-json\/wp\/v2\/product"}],"about":[{"href":"https:\/\/phukienflytech.vn\/en\/wp-json\/wp\/v2\/types\/product"}],"replies":[{"embeddable":true,"href":"https:\/\/phukienflytech.vn\/en\/wp-json\/wp\/v2\/comments?post=28766"}],"wp:featuredmedia":[{"embeddable":true,"href":"https:\/\/phukienflytech.vn\/en\/wp-json\/wp\/v2\/media\/27990"}],"wp:attachment":[{"href":"https:\/\/phukienflytech.vn\/en\/wp-json\/wp\/v2\/media?parent=28766"}],"wp:term":[{"taxonomy":"product_brand","embeddable":true,"href":"https:\/\/phukienflytech.vn\/en\/wp-json\/wp\/v2\/product_brand?post=28766"},{"taxonomy":"product_cat","embeddable":true,"href":"https:\/\/phukienflytech.vn\/en\/wp-json\/wp\/v2\/product_cat?post=28766"},{"taxonomy":"product_tag","embeddable":true,"href":"https:\/\/phukienflytech.vn\/en\/wp-json\/wp\/v2\/product_tag?post=28766"}],"curies":[{"name":"wp","href":"https:\/\/api.w.org\/{rel}","templated":true}]}}