{"id":2919,"date":"2020-06-18T21:25:50","date_gmt":"2020-06-18T14:25:50","guid":{"rendered":"http:\/\/27430.lamdx.vinawebsite.vn\/san-pham\/combo-3-filter-dji-spark-phu-kien-spark.html"},"modified":"2020-10-12T13:29:46","modified_gmt":"2020-10-12T06:29:46","slug":"combo-3-filter-spark-sunnylife","status":"publish","type":"product","link":"https:\/\/phukienflytech.vn\/en\/san-pham\/combo-3-filter-spark-sunnylife.html","title":{"rendered":"Combo 3 Filter Spark &#8211; Sunnylife"},"content":{"rendered":"<h2><span style=\"font-size: 21px; color: #0000ff;\"><strong><em>Combo 3 Filter Spark &#8211; Sunnylife \u2013 Ph\u1ee5 ki\u1ec7n c\u1ea7n thi\u1ebft cho DJI Spark<\/em><\/strong><\/span><\/h2>\n<p><span style=\"font-size: 18px;\">Combo 3 Filter Spark &#8211; Sunnylife<\/span><\/p>\n<p><span style=\"font-size: 18px;\">Khi b\u1ea1n \u0111ang s\u1edf h\u1eefu m\u1ed9t thi\u1ebft b\u1ecb th\u00f4ng minh v\u1edbi kh\u1ea3 n\u0103ng ch\u1ee5p \u1ea3nh v\u00f4 c\u00f9ng t\u1ed1t nh\u01b0 DJI Spark, th\u00ec c\u0169ng th\u1eadt kh\u00f3 \u0111\u1ec3 ch\u00fang ta \u0111\u00e1nh gi\u00e1 DJI Spark k\u00e9m chuy\u00ean nghi\u1ec7p, nh\u01b0ng \u0111\u00f3 ch\u1ec9 l\u00e0 nh\u1eefng c\u1ea3m nh\u1eadn r\u1ea5t c\u01a1 b\u1ea3n v\u00ec nhu c\u1ea7u c\u1ee7a m\u1ed7i ch\u00fang ta m\u1ed9t kh\u00e1c. B\u1ea1n c\u00f3 bi\u1ebft, Filter DJI Spark lu\u00f4n \u0111\u01b0\u1ee3c coi l\u00e0 m\u1ed9t trong s\u1ed1 c\u00e1c ph\u1ee5 ki\u1ec7n c\u1ea7n thi\u1ebft d\u00e0nh cho DJI Spark ? B\u1edfi m\u1ed7i filter s\u1ebd c\u00f3 nh\u1eefng c\u00f4ng d\u1ee5ng kh\u00e1c nhau trong t\u1eebng \u0111i\u1ec1u ki\u1ec7n v\u00e0 m\u00f4i tr\u01b0\u1eddng bay kh\u00e1c nhau. V\u1eady h\u00e3y c\u00f9ng theo d\u00f5i th\u00f4ng tin c\u00f4ng d\u1ee5ng t\u1eebng lo\u1ea1i filter DJI Spark b\u00ean d\u01b0\u1edbi \u0111\u00e2y nh\u00e9<\/span><\/p>\n<p>&nbsp;<\/p>\n<p><span style=\"font-size: 18px;\"><img loading=\"lazy\" decoding=\"async\" class=\"alignnone wp-image-11380 size-full\" src=\"https:\/\/phukienflytech.vn\/wp-content\/uploads\/2020\/05\/combo-3-filter-dji-spark-phu-kien-spark-2912-3.jpg\" alt=\"Combo-3-Filter-Spark-Sunnylife-1\" width=\"450\" height=\"370\" \/><\/span><\/p>\n<p>&nbsp;<\/p>\n<h2><span style=\"font-size: 21px; color: #0000ff;\"><strong><em>C\u00f4ng d\u1ee5ng c\u1ee7a Combo 3 Filter Spark &#8211; Sunnylife<\/em><\/strong><\/span><\/h2>\n<p><span style=\"font-size: 18px;\"><em>&#8211; K\u00ednh l\u1ecdc ND<\/em>\u00a0\u2013 filter ND maivic air(vi\u1ebft t\u1eaft c\u1ee7a Neutral Density) l\u00e0 m\u1ed9t thi\u1ebft b\u1ecb gi\u00fap gi\u1ea3m s\u00e1ng to\u00e0n ph\u1ea7n t\u1ef1 nhi\u00ean, c\u1ea3n b\u1edbt c\u01b0\u1eddng \u0111\u1ed9 \u00e1nh s\u00e1ng l\u00e0m gi\u1ea3m t\u1ed1c \u0111\u1ed9 ch\u1ee5p \u0111\u00e1ng k\u1ec3 ngay c\u1ea3 trong b\u1ed1i c\u1ea3nh r\u1ea5t s\u00e1ng, r\u1ea5t ch\u00f3i, ch\u1ee5p m\u1eb7t tr\u1eddi ch\u1eb3ng h\u1ea1n<\/span><\/p>\n<p><span style=\"font-size: 18px;\">&#8211; K\u00ednh l\u1ecdc MCUV \u2013filter MCUV DJI Spark c\u00f2n g\u1ecdi l\u00e0 k\u00ednh l\u1ecdc c\u1ea3n tia c\u1ef1c t\u00edm UV (Ultra Violet). Lo\u1ea1i tia n\u00e0y kh\u00f4ng nh\u1eadn th\u1ea5y b\u1eb1ng m\u1eaft th\u01b0\u1eddng nh\u01b0ng l\u1ea1i c\u00f3 \u1ea3nh h\u01b0\u1edfng \u0111\u1ebfn \u00e1nh s\u00e1ng trong \u1ea3nh. Hi\u1ec7n t\u01b0\u1ee3ng &#8220;m\u00f9&#8221; khi ch\u1ee5p \u1ea3nh \u0111\u01b0\u1ee3c h\u00ecnh th\u00e0nh khi tia c\u1ef1c t\u00edm ph\u1ea3n chi\u1ebfu b\u1ee5i trong kh\u00f4ng kh\u00ed.<\/span><\/p>\n<p><span style=\"font-size: 18px;\">&#8211; K\u00ednh l\u1ecdc ph\u00e2n c\u1ef1c CPL \u2013 filter CPL DJI Spark (vi\u1ebft t\u1eaft c\u1ee7a Circular Polarizing Filter) l\u00e0 m\u1ed9t thi\u1ebft b\u1ecb l\u1ecdc ph\u00f9 h\u1ee3p v\u1edbi nh\u1eefng b\u1ee9c \u1ea3nh ngo\u1ea1i c\u1ea3nh, nh\u1ea5t l\u00e0 v\u00e0o nh\u1eefng ng\u00e0y n\u1eafng. N\u00f3 gi\u00fap m\u00e0u tr\u1eddi trong \u1ea3nh s\u00e2u h\u01a1n, \u0111\u1eb9p h\u01a1n, \u0111\u1ed3ng th\u1eddi ng\u0103n kh\u00f4ng cho nh\u1eefng tia s\u00e1ng \u1edf h\u01b0\u1edbng kh\u00e1c \u0111i v\u00e0o t\u1ea5m \u1ea3nh. \u0110\u1eb7c bi\u1ec7t khi mu\u1ed1n ch\u1ee5p h\u00ecnh nh\u1eefng \u0111\u1ed1i t\u01b0\u1ee3ng c\u00f3 \u0111\u1ed9 trong nh\u01b0 m\u1eb7t n\u01b0\u1edbc, th\u1ee7y tinh, s\u1eed d\u1ee5ng k\u00ednh l\u1ecdc CPL cho hi\u1ec7u qu\u1ea3 t\u1ed1t, gi\u1ea3m \u0111\u1ed9 &#8220;ch\u00f3i&#8221;. Ai \u0111\u00e3 t\u1eebng th\u1eed ch\u1ee5p m\u1eb7t h\u1ed3, b\u1ec3 c\u00e1..<\/span><\/p>\n<p>&nbsp;<\/p>\n<h2><span style=\"font-size: 18px;\"><img loading=\"lazy\" decoding=\"async\" class=\"alignnone wp-image-11382 size-medium\" src=\"https:\/\/phukienflytech.vn\/wp-content\/uploads\/2020\/05\/combo-3-filter-dji-spark-phu-kien-spark-2912-1-1-400x400.jpg\" alt=\"Combo-3-Filter-Spark-Sunnylife\" width=\"400\" height=\"400\" srcset=\"https:\/\/phukienflytech.vn\/wp-content\/uploads\/2020\/05\/combo-3-filter-dji-spark-phu-kien-spark-2912-1-1-400x400.jpg 400w, https:\/\/phukienflytech.vn\/wp-content\/uploads\/2020\/05\/combo-3-filter-dji-spark-phu-kien-spark-2912-1-1-280x280.jpg 280w, https:\/\/phukienflytech.vn\/wp-content\/uploads\/2020\/05\/combo-3-filter-dji-spark-phu-kien-spark-2912-1-1-768x768.jpg 768w, https:\/\/phukienflytech.vn\/wp-content\/uploads\/2020\/05\/combo-3-filter-dji-spark-phu-kien-spark-2912-1-1-800x800.jpg 800w, https:\/\/phukienflytech.vn\/wp-content\/uploads\/2020\/05\/combo-3-filter-dji-spark-phu-kien-spark-2912-1-1-300x300.jpg 300w, https:\/\/phukienflytech.vn\/wp-content\/uploads\/2020\/05\/combo-3-filter-dji-spark-phu-kien-spark-2912-1-1-600x600.jpg 600w, https:\/\/phukienflytech.vn\/wp-content\/uploads\/2020\/05\/combo-3-filter-dji-spark-phu-kien-spark-2912-1-1-100x100.jpg 100w, https:\/\/phukienflytech.vn\/wp-content\/uploads\/2020\/05\/combo-3-filter-dji-spark-phu-kien-spark-2912-1-1.jpg 900w\" sizes=\"auto, (max-width: 400px) 100vw, 400px\" \/><\/span><\/h2>\n<p>&nbsp;<\/p>\n<h2><span style=\"font-size: 21px;\"><em><strong><span style=\"color: #0000ff;\">Chi ti\u1ebft b\u1ed9 s\u1ea3n ph\u1ea9m combo 3 lens filter<\/span><\/strong><\/em><\/span><\/h2>\n<p><span style=\"font-size: 18px;\">B\u1ed9 s\u1ea3n ph\u1ea9m : Combo 3 filter DJI Spark<\/span><\/p>\n<p><span style=\"font-size: 18px;\">+ Filter MCUV<\/span><\/p>\n<p><span style=\"font-size: 18px;\">+ Filter CPL<\/span><\/p>\n<p><span style=\"font-size: 18px;\">+ Filter ND : ND8<\/span><\/p>\n<p><span style=\"font-size: 18px;\"><img loading=\"lazy\" decoding=\"async\" src=\"https:\/\/phukienflytech.vn\/wp-content\/uploads\/2020\/05\/combo-3-filter-dji-spark-phu-kien-spark-2912-2.jpg\" alt=\"\" width=\"450\" height=\"450\" \/><\/span><\/p>\n<p><span style=\"font-size: 18px;\">V\u1eady, n\u1ebfu b\u1ea1n l\u00e0 ng\u01b0\u1eddi c\u00f3 nh\u1eefng y\u00eau c\u1ea7u v\u1ec1 filter DJI Spark ch\u1ec9 d\u00e0nh cho c\u00e1c \u0111i\u1ec1u ki\u1ec7n bay nh\u01b0 : bi\u1ec3n, ao, \u0111\u1ea7m, h\u1ed3 hay nh\u1eefng n\u01a1i c\u00f3 m\u1eb7t n\u01b0\u1edbc trong \u0111i\u1ec1u ki\u1ec7n n\u1eafng d\u1ecbu, v\u00e0 c\u0169ng kh\u00f4ng qu\u00e1 chuy\u00ean nghi\u1ec7p chi ti\u1ebft trong kh\u00e2u c\u0103n m\u00e0u t\u1ed1i \u01b0u nh\u1ea5t khi ch\u1ee5p, quay video th\u1eddi ti\u1ebft n\u1eafng g\u1eaft th\u00ec Combo 3 filter d\u00e0nh cho DJI Spark ch\u00ednh l\u00e0 l\u1ef1a ch\u1ecdn t\u1ed1t nh\u1ea5t v\u00e0 h\u1ee3p l\u00fd nh\u1ea5t v\u1edbi b\u1ea1n<\/span><\/p>\n<p><span style=\"font-size: 18px;\">&gt;&gt; Contact us on: <a href=\"https:\/\/www.facebook.com\/phukienflycam\"><strong>Facebook<\/strong><\/a><\/span><\/p>\n<p><span style=\"font-size: 18px;\"><strong>&gt;&gt; <\/strong>Learn More : <a href=\"https:\/\/phukienflytech.vn\/danh-muc\/phu-kien-dji-spark.html\"><strong>DJI Spark Accessories<\/strong><\/a><\/span><\/p>\n<p>&nbsp;<\/p>\n","protected":false},"excerpt":{"rendered":"<p>Combo 3 Filter Spark &#8211; Sunnylife \u2013 Ph\u1ee5 ki\u1ec7n c\u1ea7n thi\u1ebft cho DJI Spark Combo 3 Filter Spark &#8211; Sunnylife Khi b\u1ea1n \u0111ang s\u1edf h\u1eefu m\u1ed9t thi\u1ebft b\u1ecb th\u00f4ng minh v\u1edbi kh\u1ea3 n\u0103ng ch\u1ee5p \u1ea3nh v\u00f4 c\u00f9ng t\u1ed1t nh\u01b0 DJI Spark, th\u00ec c\u0169ng th\u1eadt kh\u00f3 \u0111\u1ec3 ch\u00fang ta \u0111\u00e1nh gi\u00e1 DJI Spark k\u00e9m chuy\u00ean nghi\u1ec7p, &#8230;<\/p>\n","protected":false},"featured_media":7525,"comment_status":"open","ping_status":"closed","template":"","meta":{"_acf_changed":false},"product_brand":[],"product_cat":[184],"product_tag":[206,214],"class_list":{"0":"post-2919","1":"product","2":"type-product","3":"status-publish","4":"has-post-thumbnail","6":"product_cat-spark-accessory","7":"product_tag-phu-kien-dji-en","8":"product_tag-phu-kien-dji-spark-en","10":"first","11":"instock","12":"sale","13":"shipping-taxable","14":"purchasable","15":"product-type-simple"},"acf":[],"yoast_head":"<!-- This site is optimized with the Yoast SEO plugin v25.7 - https:\/\/yoast.com\/wordpress\/plugins\/seo\/ -->\n<title>Combo 3 Filter Spark - Sunnylife - Spark accessory - available - original.<\/title>\n<meta name=\"description\" content=\"Combo 3 Filter Spark - Sunnylife is one of the most important accessory. Contact us to buy Combo 3 Filter Spark - Sunnylife for best price.\" \/>\n<meta name=\"robots\" content=\"index, follow, max-snippet:-1, max-image-preview:large, max-video-preview:-1\" \/>\n<link rel=\"canonical\" href=\"https:\/\/phukienflytech.vn\/en\/san-pham\/combo-3-filter-spark-sunnylife.html\" \/>\n<meta property=\"og:locale\" content=\"en_US\" \/>\n<meta property=\"og:type\" content=\"article\" \/>\n<meta property=\"og:title\" content=\"Combo 3 Filter Spark - Sunnylife - Spark accessory - available - original.\" \/>\n<meta property=\"og:description\" content=\"Combo 3 Filter Spark - Sunnylife is one of the most important accessory. Contact us to buy Combo 3 Filter Spark - Sunnylife for best price.\" \/>\n<meta property=\"og:url\" content=\"https:\/\/phukienflytech.vn\/en\/san-pham\/combo-3-filter-spark-sunnylife.html\" \/>\n<meta property=\"og:site_name\" content=\"Shop M\u00e1y \u1ea3nh - Action Camera - Gimbal - Flycam - Ph\u1ee5 ki\u1ec7n\" \/>\n<meta property=\"article:publisher\" content=\"https:\/\/facebook.com\/phukienflycam\" \/>\n<meta property=\"article:modified_time\" content=\"2020-10-12T06:29:46+00:00\" \/>\n<meta property=\"og:image\" content=\"https:\/\/phukienflytech.vn\/wp-content\/uploads\/2020\/05\/300x300_filter-lens-dji-spark-phu-kien-flycam-dji-chinh-hang-gia-re_-_Copy-1.jpg\" \/>\n\t<meta property=\"og:image:width\" content=\"300\" \/>\n\t<meta property=\"og:image:height\" content=\"300\" \/>\n\t<meta property=\"og:image:type\" content=\"image\/jpeg\" \/>\n<meta name=\"twitter:card\" content=\"summary_large_image\" \/>\n<meta name=\"twitter:label1\" content=\"Est. reading time\" \/>\n\t<meta name=\"twitter:data1\" content=\"3 minutes\" \/>\n<script type=\"application\/ld+json\" class=\"yoast-schema-graph\">{\"@context\":\"https:\/\/schema.org\",\"@graph\":[{\"@type\":\"WebPage\",\"@id\":\"https:\/\/phukienflytech.vn\/en\/san-pham\/combo-3-filter-spark-sunnylife.html\",\"url\":\"https:\/\/phukienflytech.vn\/en\/san-pham\/combo-3-filter-spark-sunnylife.html\",\"name\":\"Combo 3 Filter Spark - Sunnylife - Spark accessory - available - original.\",\"isPartOf\":{\"@id\":\"https:\/\/phukienflytech.vn\/#website\"},\"primaryImageOfPage\":{\"@id\":\"https:\/\/phukienflytech.vn\/en\/san-pham\/combo-3-filter-spark-sunnylife.html#primaryimage\"},\"image\":{\"@id\":\"https:\/\/phukienflytech.vn\/en\/san-pham\/combo-3-filter-spark-sunnylife.html#primaryimage\"},\"thumbnailUrl\":\"https:\/\/phukienflytech.vn\/wp-content\/uploads\/2020\/05\/300x300_filter-lens-dji-spark-phu-kien-flycam-dji-chinh-hang-gia-re_-_Copy-1.jpg\",\"datePublished\":\"2020-06-18T14:25:50+00:00\",\"dateModified\":\"2020-10-12T06:29:46+00:00\",\"description\":\"Combo 3 Filter Spark - Sunnylife is one of the most important accessory. Contact us to buy Combo 3 Filter Spark - Sunnylife for best price.\",\"breadcrumb\":{\"@id\":\"https:\/\/phukienflytech.vn\/en\/san-pham\/combo-3-filter-spark-sunnylife.html#breadcrumb\"},\"inLanguage\":\"en-US\",\"potentialAction\":[{\"@type\":\"ReadAction\",\"target\":[\"https:\/\/phukienflytech.vn\/en\/san-pham\/combo-3-filter-spark-sunnylife.html\"]}]},{\"@type\":\"ImageObject\",\"inLanguage\":\"en-US\",\"@id\":\"https:\/\/phukienflytech.vn\/en\/san-pham\/combo-3-filter-spark-sunnylife.html#primaryimage\",\"url\":\"https:\/\/phukienflytech.vn\/wp-content\/uploads\/2020\/05\/300x300_filter-lens-dji-spark-phu-kien-flycam-dji-chinh-hang-gia-re_-_Copy-1.jpg\",\"contentUrl\":\"https:\/\/phukienflytech.vn\/wp-content\/uploads\/2020\/05\/300x300_filter-lens-dji-spark-phu-kien-flycam-dji-chinh-hang-gia-re_-_Copy-1.jpg\",\"width\":300,\"height\":300},{\"@type\":\"BreadcrumbList\",\"@id\":\"https:\/\/phukienflytech.vn\/en\/san-pham\/combo-3-filter-spark-sunnylife.html#breadcrumb\",\"itemListElement\":[{\"@type\":\"ListItem\",\"position\":1,\"name\":\"Home\",\"item\":\"https:\/\/phukienflytech.vn\/en\"},{\"@type\":\"ListItem\",\"position\":2,\"name\":\"Ph\u1ee5 ki\u1ec7n Mavic Pro\",\"item\":\"https:\/\/phukienflytech.vn\/en\/phu-kien-mavic-pro.html\"},{\"@type\":\"ListItem\",\"position\":3,\"name\":\"DJI Osmo &amp; Drone's accessories\",\"item\":\"https:\/\/phukienflytech.vn\/en\/danh-muc\/dji-osmo-drones-accessories.html\"},{\"@type\":\"ListItem\",\"position\":4,\"name\":\"Ph\u1ee5 ki\u1ec7n DJI Spark\",\"item\":\"https:\/\/phukienflytech.vn\/en\/danh-muc\/spark-accessory.html\"},{\"@type\":\"ListItem\",\"position\":5,\"name\":\"Combo 3 Filter Spark &#8211; Sunnylife\"}]},{\"@type\":\"WebSite\",\"@id\":\"https:\/\/phukienflytech.vn\/#website\",\"url\":\"https:\/\/phukienflytech.vn\/\",\"name\":\"Shop M\u00e1y \u1ea3nh - Action Camera - Gimbal - Flycam - Ph\u1ee5 ki\u1ec7n\",\"description\":\"Shop M\u00e1y \u1ea3nh - Action Camera - Gimbal - Flycam - Ph\u1ee5 ki\u1ec7n\",\"publisher\":{\"@id\":\"https:\/\/phukienflytech.vn\/#organization\"},\"potentialAction\":[{\"@type\":\"SearchAction\",\"target\":{\"@type\":\"EntryPoint\",\"urlTemplate\":\"https:\/\/phukienflytech.vn\/?s={search_term_string}\"},\"query-input\":{\"@type\":\"PropertyValueSpecification\",\"valueRequired\":true,\"valueName\":\"search_term_string\"}}],\"inLanguage\":\"en-US\"},{\"@type\":\"Organization\",\"@id\":\"https:\/\/phukienflytech.vn\/#organization\",\"name\":\"DJI Store - Shop Drone, Action camera, Gimbal DJI |Phukienflytech\",\"alternateName\":\"DJI Store - Shop Drone, Action camera, Gimbal DJI |Phukienflytech\",\"url\":\"https:\/\/phukienflytech.vn\/\",\"logo\":{\"@type\":\"ImageObject\",\"inLanguage\":\"en-US\",\"@id\":\"https:\/\/phukienflytech.vn\/#\/schema\/logo\/image\/\",\"url\":\"https:\/\/phukienflytech.vn\/wp-content\/uploads\/2020\/05\/hAnh_nan.jpg1_.jpg\",\"contentUrl\":\"https:\/\/phukienflytech.vn\/wp-content\/uploads\/2020\/05\/hAnh_nan.jpg1_.jpg\",\"width\":800,\"height\":450,\"caption\":\"DJI Store - Shop Drone, Action camera, Gimbal DJI |Phukienflytech\"},\"image\":{\"@id\":\"https:\/\/phukienflytech.vn\/#\/schema\/logo\/image\/\"},\"sameAs\":[\"https:\/\/facebook.com\/phukienflycam\",\"https:\/\/www.youtube.com\/@phukienflytech\",\"https:\/\/www.tiktok.com\/@flytech.channel?fbclid=IwY2xjawGjg7BleHRuA2FlbQIxMAABHYVGmlXpuSMs0UB2zTpYvyT4GMVfN2qJa4urF4vkSQ6FAVBwXZtDP30qQA_aem_UwMiDcUvlEbd2tXAmsc8Og\"]}]}<\/script>\n<!-- \/ Yoast SEO plugin. -->","yoast_head_json":{"title":"Combo 3 Filter Spark - Sunnylife - Spark accessory - available - original.","description":"Combo 3 Filter Spark - Sunnylife is one of the most important accessory. Contact us to buy Combo 3 Filter Spark - Sunnylife for best price.","robots":{"index":"index","follow":"follow","max-snippet":"max-snippet:-1","max-image-preview":"max-image-preview:large","max-video-preview":"max-video-preview:-1"},"canonical":"https:\/\/phukienflytech.vn\/en\/san-pham\/combo-3-filter-spark-sunnylife.html","og_locale":"en_US","og_type":"article","og_title":"Combo 3 Filter Spark - Sunnylife - Spark accessory - available - original.","og_description":"Combo 3 Filter Spark - Sunnylife is one of the most important accessory. Contact us to buy Combo 3 Filter Spark - Sunnylife for best price.","og_url":"https:\/\/phukienflytech.vn\/en\/san-pham\/combo-3-filter-spark-sunnylife.html","og_site_name":"Shop M\u00e1y \u1ea3nh - Action Camera - Gimbal - Flycam - Ph\u1ee5 ki\u1ec7n","article_publisher":"https:\/\/facebook.com\/phukienflycam","article_modified_time":"2020-10-12T06:29:46+00:00","og_image":[{"width":300,"height":300,"url":"https:\/\/phukienflytech.vn\/wp-content\/uploads\/2020\/05\/300x300_filter-lens-dji-spark-phu-kien-flycam-dji-chinh-hang-gia-re_-_Copy-1.jpg","type":"image\/jpeg"}],"twitter_card":"summary_large_image","twitter_misc":{"Est. reading time":"3 minutes"},"schema":{"@context":"https:\/\/schema.org","@graph":[{"@type":"WebPage","@id":"https:\/\/phukienflytech.vn\/en\/san-pham\/combo-3-filter-spark-sunnylife.html","url":"https:\/\/phukienflytech.vn\/en\/san-pham\/combo-3-filter-spark-sunnylife.html","name":"Combo 3 Filter Spark - Sunnylife - Spark accessory - available - original.","isPartOf":{"@id":"https:\/\/phukienflytech.vn\/#website"},"primaryImageOfPage":{"@id":"https:\/\/phukienflytech.vn\/en\/san-pham\/combo-3-filter-spark-sunnylife.html#primaryimage"},"image":{"@id":"https:\/\/phukienflytech.vn\/en\/san-pham\/combo-3-filter-spark-sunnylife.html#primaryimage"},"thumbnailUrl":"https:\/\/phukienflytech.vn\/wp-content\/uploads\/2020\/05\/300x300_filter-lens-dji-spark-phu-kien-flycam-dji-chinh-hang-gia-re_-_Copy-1.jpg","datePublished":"2020-06-18T14:25:50+00:00","dateModified":"2020-10-12T06:29:46+00:00","description":"Combo 3 Filter Spark - Sunnylife is one of the most important accessory. Contact us to buy Combo 3 Filter Spark - Sunnylife for best price.","breadcrumb":{"@id":"https:\/\/phukienflytech.vn\/en\/san-pham\/combo-3-filter-spark-sunnylife.html#breadcrumb"},"inLanguage":"en-US","potentialAction":[{"@type":"ReadAction","target":["https:\/\/phukienflytech.vn\/en\/san-pham\/combo-3-filter-spark-sunnylife.html"]}]},{"@type":"ImageObject","inLanguage":"en-US","@id":"https:\/\/phukienflytech.vn\/en\/san-pham\/combo-3-filter-spark-sunnylife.html#primaryimage","url":"https:\/\/phukienflytech.vn\/wp-content\/uploads\/2020\/05\/300x300_filter-lens-dji-spark-phu-kien-flycam-dji-chinh-hang-gia-re_-_Copy-1.jpg","contentUrl":"https:\/\/phukienflytech.vn\/wp-content\/uploads\/2020\/05\/300x300_filter-lens-dji-spark-phu-kien-flycam-dji-chinh-hang-gia-re_-_Copy-1.jpg","width":300,"height":300},{"@type":"BreadcrumbList","@id":"https:\/\/phukienflytech.vn\/en\/san-pham\/combo-3-filter-spark-sunnylife.html#breadcrumb","itemListElement":[{"@type":"ListItem","position":1,"name":"Home","item":"https:\/\/phukienflytech.vn\/en"},{"@type":"ListItem","position":2,"name":"Ph\u1ee5 ki\u1ec7n Mavic Pro","item":"https:\/\/phukienflytech.vn\/en\/phu-kien-mavic-pro.html"},{"@type":"ListItem","position":3,"name":"DJI Osmo &amp; Drone's accessories","item":"https:\/\/phukienflytech.vn\/en\/danh-muc\/dji-osmo-drones-accessories.html"},{"@type":"ListItem","position":4,"name":"Ph\u1ee5 ki\u1ec7n DJI Spark","item":"https:\/\/phukienflytech.vn\/en\/danh-muc\/spark-accessory.html"},{"@type":"ListItem","position":5,"name":"Combo 3 Filter Spark &#8211; Sunnylife"}]},{"@type":"WebSite","@id":"https:\/\/phukienflytech.vn\/#website","url":"https:\/\/phukienflytech.vn\/","name":"Shop M\u00e1y \u1ea3nh - Action Camera - Gimbal - Flycam - Ph\u1ee5 ki\u1ec7n","description":"Shop M\u00e1y \u1ea3nh - Action Camera - Gimbal - Flycam - Ph\u1ee5 ki\u1ec7n","publisher":{"@id":"https:\/\/phukienflytech.vn\/#organization"},"potentialAction":[{"@type":"SearchAction","target":{"@type":"EntryPoint","urlTemplate":"https:\/\/phukienflytech.vn\/?s={search_term_string}"},"query-input":{"@type":"PropertyValueSpecification","valueRequired":true,"valueName":"search_term_string"}}],"inLanguage":"en-US"},{"@type":"Organization","@id":"https:\/\/phukienflytech.vn\/#organization","name":"DJI Store - Shop Drone, Action camera, Gimbal DJI |Phukienflytech","alternateName":"DJI Store - Shop Drone, Action camera, Gimbal DJI |Phukienflytech","url":"https:\/\/phukienflytech.vn\/","logo":{"@type":"ImageObject","inLanguage":"en-US","@id":"https:\/\/phukienflytech.vn\/#\/schema\/logo\/image\/","url":"https:\/\/phukienflytech.vn\/wp-content\/uploads\/2020\/05\/hAnh_nan.jpg1_.jpg","contentUrl":"https:\/\/phukienflytech.vn\/wp-content\/uploads\/2020\/05\/hAnh_nan.jpg1_.jpg","width":800,"height":450,"caption":"DJI Store - Shop Drone, Action camera, Gimbal DJI |Phukienflytech"},"image":{"@id":"https:\/\/phukienflytech.vn\/#\/schema\/logo\/image\/"},"sameAs":["https:\/\/facebook.com\/phukienflycam","https:\/\/www.youtube.com\/@phukienflytech","https:\/\/www.tiktok.com\/@flytech.channel?fbclid=IwY2xjawGjg7BleHRuA2FlbQIxMAABHYVGmlXpuSMs0UB2zTpYvyT4GMVfN2qJa4urF4vkSQ6FAVBwXZtDP30qQA_aem_UwMiDcUvlEbd2tXAmsc8Og"]}]}},"_links":{"self":[{"href":"https:\/\/phukienflytech.vn\/en\/wp-json\/wp\/v2\/product\/2919","targetHints":{"allow":["GET"]}}],"collection":[{"href":"https:\/\/phukienflytech.vn\/en\/wp-json\/wp\/v2\/product"}],"about":[{"href":"https:\/\/phukienflytech.vn\/en\/wp-json\/wp\/v2\/types\/product"}],"replies":[{"embeddable":true,"href":"https:\/\/phukienflytech.vn\/en\/wp-json\/wp\/v2\/comments?post=2919"}],"wp:featuredmedia":[{"embeddable":true,"href":"https:\/\/phukienflytech.vn\/en\/wp-json\/wp\/v2\/media\/7525"}],"wp:attachment":[{"href":"https:\/\/phukienflytech.vn\/en\/wp-json\/wp\/v2\/media?parent=2919"}],"wp:term":[{"taxonomy":"product_brand","embeddable":true,"href":"https:\/\/phukienflytech.vn\/en\/wp-json\/wp\/v2\/product_brand?post=2919"},{"taxonomy":"product_cat","embeddable":true,"href":"https:\/\/phukienflytech.vn\/en\/wp-json\/wp\/v2\/product_cat?post=2919"},{"taxonomy":"product_tag","embeddable":true,"href":"https:\/\/phukienflytech.vn\/en\/wp-json\/wp\/v2\/product_tag?post=2919"}],"curies":[{"name":"wp","href":"https:\/\/api.w.org\/{rel}","templated":true}]}}