{"id":2927,"date":"2020-06-20T21:37:54","date_gmt":"2020-06-20T14:37:54","guid":{"rendered":"http:\/\/27430.lamdx.vinawebsite.vn\/san-pham\/hup-bao-ve-camera-gimbal-spark-pgytech.html"},"modified":"2021-01-16T10:39:43","modified_gmt":"2021-01-16T03:39:43","slug":"camera-gimbal-cover-spark","status":"publish","type":"product","link":"https:\/\/phukienflytech.vn\/en\/san-pham\/camera-gimbal-cover-spark.html","title":{"rendered":"Camera gimbal protection cover for Spark &#8211; PGYtech"},"content":{"rendered":"<h2><span style=\"color: #0000ff;\"><em><strong><span style=\"font-size: 21px;\">Camera gimbal cover Spark<\/span><\/strong><\/em><\/span><\/h2>\n<p><span style=\"font-size: 18px;\">Camera gimbal cover Spark<\/span><\/p>\n<p><span style=\"font-size: 18px;\">Ch\u1ee5p b\u1ea3o v\u1ec7 camera gimbal Spark<\/span><\/p>\n<p><span style=\"font-size: 18px;\">Gi\u1ed1ng nh\u01b0\u00a0<strong><a href=\"https:\/\/phukienflytech.vn\/en\/san-pham\/chup-bao-ve-camera-dji-mavic.html\" target=\"_blank\" rel=\"noopener noreferrer\">ch\u1ee5p b\u1ea3o v\u1ec7 Camera Mavic pro<\/a><\/strong>,\u00a0<a href=\"https:\/\/phukienflytech.vn\/en\/san-pham\/chup-bao-ve-camera-gimbal-mavic-air.html\" target=\"_blank\" rel=\"noopener noreferrer\"><strong>ch\u1ee5p b\u1ea3o v\u1ec7 camera Mavic Air<\/strong><\/a>,\u00a0<a href=\"https:\/\/phukienflytech.vn\/timkiem.html?s=ch%E1%BB%A5p+b%E1%BA%A3o+v%E1%BB%87\" target=\"_blank\" rel=\"noopener noreferrer\"><strong>ch\u1ee5p b\u1ea3o v\u1ec7 camera Mavic 2<\/strong><\/a>,.. \u0111\u1ec1u c\u00f3 t\u00e1c d\u1ee5ng t\u01b0\u01a1ng t\u1ef1 l\u00e0 c\u1ed1 \u0111\u1ecbnh c\u1ee5m gimbal camera khi di chuy\u1ec3n v\u00e0 tr\u00e1nh vi\u1ec7c l\u00e0m x\u01b0\u1edbc \u1ed1ng k\u00ednh.\u00a0<\/span><\/p>\n<p><span style=\"font-size: 18px;\">Tuy nhi\u00ean v\u1edbi c\u1ee5m Gimbal ch\u1ec9 \u0111\u01b0\u1ee3c trang b\u1ecb ch\u1ed1ng rung 2 tr\u1ee5c khi\u1ebfn c\u1ee5m Gimbal n\u00e0y mong manh v\u00e0 d\u1ec5 h\u01b0 h\u1ecfng. Do v\u1eady, h\u00e3y th\u1eadt c\u1ea9n tr\u1ecdng khi s\u1eed d\u1ee5ng thi\u1ebft b\u1ecb v\u00e0 c\u1ea3 trong qu\u00e1 tr\u00ecnh b\u1ea3o qu\u1ea3n chi\u1ebfc\u00a0<strong>DJI Spark<\/strong>\u00a0c\u1ee7a m\u00ecnh th\u1eadt chu\u1ea9n x\u00e1c khi \u0111\u00f3ng g\u00f3i di chuy\u1ec3n<\/span><\/p>\n<p><span style=\"font-size: 18px;\">V\u1edbi ch\u1ec9 m\u1ed9t t\u00e1c \u0111\u1ed9ng nh\u1ecf t\u1eeb ngo\u1ea1i l\u1ef1c v\u00e0o c\u1ee5m gimbal camera n\u00e0y nh\u1ecf th\u00f4i c\u0169ng \u0111\u1ee7 cho b\u1ea1n ph\u1ea3i tr\u1ea3 m\u1ed9t c\u00e1i gi\u00e1 kh\u00e1 cao cho chi ph\u00ed s\u1eeda ch\u1eefa.<\/span><\/p>\n<p>&nbsp;<\/p>\n<p>&nbsp;<\/p>\n<p><span style=\"font-size: 18px;\"><img loading=\"lazy\" decoding=\"async\" class=\"alignnone wp-image-11374 size-medium\" src=\"https:\/\/phukienflytech.vn\/wp-content\/uploads\/2020\/05\/chup-bao-ve-camera-gimbal-spark-pgytech-2920-3-400x400.jpg\" alt=\"Camera-gimbal-cover-Spark-1\" width=\"400\" height=\"400\" srcset=\"https:\/\/phukienflytech.vn\/wp-content\/uploads\/2020\/05\/chup-bao-ve-camera-gimbal-spark-pgytech-2920-3-400x400.jpg 400w, https:\/\/phukienflytech.vn\/wp-content\/uploads\/2020\/05\/chup-bao-ve-camera-gimbal-spark-pgytech-2920-3-280x280.jpg 280w, https:\/\/phukienflytech.vn\/wp-content\/uploads\/2020\/05\/chup-bao-ve-camera-gimbal-spark-pgytech-2920-3-300x300.jpg 300w, https:\/\/phukienflytech.vn\/wp-content\/uploads\/2020\/05\/chup-bao-ve-camera-gimbal-spark-pgytech-2920-3.jpg 600w, https:\/\/phukienflytech.vn\/wp-content\/uploads\/2020\/05\/chup-bao-ve-camera-gimbal-spark-pgytech-2920-3-100x100.jpg 100w\" sizes=\"auto, (max-width: 400px) 100vw, 400px\" \/><\/span><\/p>\n<p>&nbsp;<\/p>\n<p><span style=\"font-size: 18px;\">Kh\u00e1c v\u1edbi\u00a0<strong><a href=\"https:\/\/phukienflytech.vn\/en\/san-pham\/chup-bao-ve-camera-sunny-dji-spark.html\" target=\"_blank\" rel=\"noopener noreferrer\">Ch\u1ee5p b\u1ea3o v\u1ec7 camera \u2013 DJI Spark t\u1edbi nh\u00e0 s\u1ea3n xu\u1ea5t SunnyLife<\/a><\/strong><\/span><\/p>\n<p><span style=\"font-size: 18px;\"><a href=\"https:\/\/phukienflytech.vn\/en\/san-pham\/chup-bao-ve-camera-gimbal-spark-pgytech.html\" target=\"_blank\" rel=\"noopener noreferrer\"><strong>Ch\u1ee5p b\u1ea3o v\u1ec7 cam DJI Spark \u2013 PGYTech<\/strong><\/a>\u00a0\u0111em t\u1edbi 1 s\u1ef1 \u0111\u1ea3m b\u1ea3o h\u01a1n so v\u1edbi ng\u01b0\u1eddi ti\u1ec1n nhi\u1ec7m<\/span><\/p>\n<p><span style=\"font-size: 18px;\">V\u1edbi thi\u1ebft k\u1ebf t\u00edch h\u1ee3p cung c\u1ea5p b\u1ea3o v\u1ec7 t\u1ed1t \u0111a cho Camera Gimbal, h\u1ec7 th\u1ed1ng c\u1ea3m bi\u1ebfn 3D v\u00e0 module VPS kh\u1ecfi nh\u1eefng t\u00e1c \u0111\u1ed9ng ngo\u1ea1i l\u1ef1c v\u00e0 \u0111\u1eadp, b\u1ee5i v\u00e0 tr\u1ea7y x\u01b0\u1edbc kh\u00f4ng \u0111\u00e1ng c\u00f3.<\/span><\/p>\n<p><span style=\"font-size: 18px;\"><strong>Ch\u1ee5p b\u1ea3o v\u1ec7 camera DJI Spark \u2013 PGYTech<\/strong>\u00a0\u0111\u01b0\u1ee3c l\u00e0m t\u1eeb ch\u1ea5t li\u1ec7u nh\u1ef1a ABS \u0111em l\u1ea1i s\u1ef1 c\u1ee9ng c\u00e1p v\u00e0 li\u1ec1n m\u1ea1ch khi trang b\u1ecb cho\u00a0<strong>DJI Spark.<\/strong><\/span><\/p>\n<p>&nbsp;<\/p>\n<p><span style=\"font-size: 18px;\"><img loading=\"lazy\" decoding=\"async\" class=\"alignnone wp-image-11376 size-medium\" src=\"https:\/\/phukienflytech.vn\/wp-content\/uploads\/2020\/05\/chup-bao-ve-camera-gimbal-spark-pgytech-2920-1-1-400x400.jpg\" alt=\"Camera-gimbal-cover-Spark\" width=\"400\" height=\"400\" srcset=\"https:\/\/phukienflytech.vn\/wp-content\/uploads\/2020\/05\/chup-bao-ve-camera-gimbal-spark-pgytech-2920-1-1-400x400.jpg 400w, https:\/\/phukienflytech.vn\/wp-content\/uploads\/2020\/05\/chup-bao-ve-camera-gimbal-spark-pgytech-2920-1-1-280x280.jpg 280w, https:\/\/phukienflytech.vn\/wp-content\/uploads\/2020\/05\/chup-bao-ve-camera-gimbal-spark-pgytech-2920-1-1-768x768.jpg 768w, https:\/\/phukienflytech.vn\/wp-content\/uploads\/2020\/05\/chup-bao-ve-camera-gimbal-spark-pgytech-2920-1-1-800x800.jpg 800w, https:\/\/phukienflytech.vn\/wp-content\/uploads\/2020\/05\/chup-bao-ve-camera-gimbal-spark-pgytech-2920-1-1-300x300.jpg 300w, https:\/\/phukienflytech.vn\/wp-content\/uploads\/2020\/05\/chup-bao-ve-camera-gimbal-spark-pgytech-2920-1-1-600x600.jpg 600w, https:\/\/phukienflytech.vn\/wp-content\/uploads\/2020\/05\/chup-bao-ve-camera-gimbal-spark-pgytech-2920-1-1-100x100.jpg 100w, https:\/\/phukienflytech.vn\/wp-content\/uploads\/2020\/05\/chup-bao-ve-camera-gimbal-spark-pgytech-2920-1-1.jpg 1024w\" sizes=\"auto, (max-width: 400px) 100vw, 400px\" \/><\/span><\/p>\n<p>&nbsp;<\/p>\n<p><span style=\"font-size: 18px;\">V\u1edbi tr\u1ecdng l\u01b0\u1ee3ng v\u00f4 c\u00f9ng nh\u1eb9 kh\u00f4ng y\u00eau c\u1ea7u qu\u00e1 nhi\u1ec1u thao t\u00e1c. Ng\u01b0\u1eddi d\u00f9ng ch\u1ec9 c\u1ea7n 2 thao t\u00e1c \u0111\u01a1n gi\u1ea3n\u00a0 l\u00e0 \u1ea5n gi\u1eef k\u00e9o ra v\u00e0 \u1ea5n gi\u1eef \u0111\u1ea9y v\u00e0o.<\/span><\/p>\n<p><span style=\"font-size: 18px;\">G\u00f3i s\u1ea3n ph\u1ea9m bao g\u1ed3m:\u00a0<strong><a href=\"https:\/\/phukienflytech.vn\/en\/san-pham\/chup-bao-ve-camera-gimbal-spark-pgytech.html\">1 Ch\u1ee5p b\u1ea3o v\u1ec7 Camera DJI Spark \u2013 PGYTech.<\/a><\/strong><\/span><\/p>\n<h2><span style=\"font-size: 21px;\"><strong><span style=\"color: #0000ff;\">H\u01b0\u1edbng d\u1eabn s\u1eed d\u1ee5ng Camera gimbal cover Spark.<\/span><\/strong><\/span><\/h2>\n<p>&nbsp;<\/p>\n<p><span style=\"font-size: 18px;\"><img loading=\"lazy\" decoding=\"async\" class=\"alignnone size-medium wp-image-11378\" src=\"https:\/\/phukienflytech.vn\/wp-content\/uploads\/2020\/05\/chup-bao-ve-camera-gimbal-spark-pgytech-2920-2-1-400x400.jpg\" alt=\"\" width=\"400\" height=\"400\" srcset=\"https:\/\/phukienflytech.vn\/wp-content\/uploads\/2020\/05\/chup-bao-ve-camera-gimbal-spark-pgytech-2920-2-1-400x400.jpg 400w, https:\/\/phukienflytech.vn\/wp-content\/uploads\/2020\/05\/chup-bao-ve-camera-gimbal-spark-pgytech-2920-2-1-280x280.jpg 280w, https:\/\/phukienflytech.vn\/wp-content\/uploads\/2020\/05\/chup-bao-ve-camera-gimbal-spark-pgytech-2920-2-1-768x768.jpg 768w, https:\/\/phukienflytech.vn\/wp-content\/uploads\/2020\/05\/chup-bao-ve-camera-gimbal-spark-pgytech-2920-2-1.jpg 800w, https:\/\/phukienflytech.vn\/wp-content\/uploads\/2020\/05\/chup-bao-ve-camera-gimbal-spark-pgytech-2920-2-1-300x300.jpg 300w, https:\/\/phukienflytech.vn\/wp-content\/uploads\/2020\/05\/chup-bao-ve-camera-gimbal-spark-pgytech-2920-2-1-600x600.jpg 600w, https:\/\/phukienflytech.vn\/wp-content\/uploads\/2020\/05\/chup-bao-ve-camera-gimbal-spark-pgytech-2920-2-1-100x100.jpg 100w\" sizes=\"auto, (max-width: 400px) 100vw, 400px\" \/><\/span><\/p>\n<p>&nbsp;<\/p>\n<p><span style=\"font-size: 18px;\">N\u00e0o c\u00f9ng s\u1edf h\u1eefu ngay\u00a0<strong>Ch\u1ee5p b\u1ea3o v\u1ec7 camera DJI Spark &#8211; PGYTech\u00a0<\/strong>\u0111\u1ec3 t\u0103ng t\u00ednh s\u1ef1 an to\u00e0n v\u00e0 y\u00ean t\u00e2m trong m\u1ed7i l\u1ea7n di chuy\u1ec3n\u00a0 v\u00e0 l\u00e0m b\u1ed9 s\u01b0u t\u1eadp\u00a0<strong><a href=\"https:\/\/phukienflytech.vn\/en\/danh-muc\/spark-accessory.html\" target=\"_blank\" rel=\"noopener noreferrer\">ph\u1ee5 ki\u1ec7n DJI Spark<\/a><\/strong>\u00a0tr\u1edf l\u00ean \u0111\u1ea7y \u0111\u1ee7 h\u01a1n.<\/span><\/p>\n<p><span style=\"font-size: 18px;\">H\u00e3y \u0111\u1ec3\u00a0<strong><a href=\"https:\/\/facebook.com\/phukienflycam\/\">Ph\u1ee5 Ki\u1ec7n Fly-cam Gi\u00e1 T\u1ed1t<\/a><\/strong>\u00a0ti\u1ebfp s\u1ee9c \u0111am m\u00ea, c\u00f4ng vi\u1ec7c c\u1ee7a b\u1ea1n, gi\u00fap b\u1ea1n th\u00eam ni\u1ec1m h\u1ee9ng kh\u1edfi trong \u0111am m\u00ea c\u0169ng nh\u01b0 c\u00f4ng vi\u1ec7c c\u1ee7a m\u00ecnh th\u00eam su\u00f4n s\u1ebb<\/span><\/p>\n<p><span style=\"font-size: 18px;\">Nh\u00e0 s\u1ea3n xu\u1ea5t :\u00a0<strong>PGYTECH<\/strong>\u00a0\u2013 l\u00e0 m\u1ed9t trong nh\u1eefng Vendor cung c\u1ea5p c\u00e1c ph\u1ee5 ki\u1ec7n, linh ki\u1ec7n thay th\u1ebf cho\u00a0<strong>DJI Flycam<\/strong>.<\/span><\/p>\n<p><span style=\"font-size: 18px;\">Xem m\u1ed9t s\u1ed1 s\u1ea3n ph\u1ea9m m\u1edbi DJI Spark m\u1edbi v\u1ec1\u00a0<a href=\"https:\/\/phukienflytech.vn\/en\/danh-muc\/spark-accessory.html\" target=\"_blank\" rel=\"noopener noreferrer\">t\u1ea1i \u0111\u00e2y.<\/a><\/span><\/p>\n<p>&nbsp;<\/p>\n","protected":false},"excerpt":{"rendered":"<p>Camera gimbal cover Spark Camera gimbal cover Spark Ch\u1ee5p b\u1ea3o v\u1ec7 camera gimbal Spark Gi\u1ed1ng nh\u01b0\u00a0ch\u1ee5p b\u1ea3o v\u1ec7 Camera Mavic pro,\u00a0ch\u1ee5p b\u1ea3o v\u1ec7 camera Mavic Air,\u00a0ch\u1ee5p b\u1ea3o v\u1ec7 camera Mavic 2,.. \u0111\u1ec1u c\u00f3 t\u00e1c d\u1ee5ng t\u01b0\u01a1ng t\u1ef1 l\u00e0 c\u1ed1 \u0111\u1ecbnh c\u1ee5m gimbal camera khi di chuy\u1ec3n v\u00e0 tr\u00e1nh vi\u1ec7c l\u00e0m x\u01b0\u1edbc \u1ed1ng k\u00ednh.\u00a0 Tuy nhi\u00ean &#8230;<\/p>\n","protected":false},"featured_media":16739,"comment_status":"open","ping_status":"closed","template":"","meta":{"_acf_changed":false},"product_brand":[],"product_cat":[184],"product_tag":[206,214],"class_list":{"0":"post-2927","1":"product","2":"type-product","3":"status-publish","4":"has-post-thumbnail","6":"product_cat-spark-accessory","7":"product_tag-phu-kien-dji-en","8":"product_tag-phu-kien-dji-spark-en","10":"first","11":"instock","12":"shipping-taxable","13":"purchasable","14":"product-type-simple"},"acf":[],"yoast_head":"<!-- This site is optimized with the Yoast SEO plugin v25.7 - https:\/\/yoast.com\/wordpress\/plugins\/seo\/ -->\n<title>Camera gimbal cover Spark - PGYtech - Spark accessories - available.<\/title>\n<meta name=\"description\" content=\"Camera gimbal cover Spark is one of the most important accessory. Contact us to buy Camera gimbal cover Spark for best price, fast shipping.\" \/>\n<meta name=\"robots\" content=\"index, follow, max-snippet:-1, max-image-preview:large, max-video-preview:-1\" \/>\n<link rel=\"canonical\" href=\"https:\/\/phukienflytech.vn\/en\/san-pham\/camera-gimbal-cover-spark.html\" \/>\n<meta property=\"og:locale\" content=\"en_US\" \/>\n<meta property=\"og:type\" content=\"article\" \/>\n<meta property=\"og:title\" content=\"Camera gimbal cover Spark - PGYtech - Spark accessories - available.\" \/>\n<meta property=\"og:description\" content=\"Camera gimbal cover Spark is one of the most important accessory. Contact us to buy Camera gimbal cover Spark for best price, fast shipping.\" \/>\n<meta property=\"og:url\" content=\"https:\/\/phukienflytech.vn\/en\/san-pham\/camera-gimbal-cover-spark.html\" \/>\n<meta property=\"og:site_name\" content=\"Shop M\u00e1y \u1ea3nh - Action Camera - Gimbal - Flycam - Ph\u1ee5 ki\u1ec7n\" \/>\n<meta property=\"article:publisher\" content=\"https:\/\/facebook.com\/phukienflycam\" \/>\n<meta property=\"article:modified_time\" content=\"2021-01-16T03:39:43+00:00\" \/>\n<meta property=\"og:image\" content=\"https:\/\/phukienflytech.vn\/wp-content\/uploads\/2020\/05\/bao-ve-camera-gimbal-flycam-dji-spark-phu-kien-flycam-1_-_Copy3_-_Copy_2.jpg\" \/>\n\t<meta property=\"og:image:width\" content=\"500\" \/>\n\t<meta property=\"og:image:height\" content=\"500\" \/>\n\t<meta property=\"og:image:type\" content=\"image\/jpeg\" \/>\n<meta name=\"twitter:card\" content=\"summary_large_image\" \/>\n<meta name=\"twitter:label1\" content=\"Est. reading time\" \/>\n\t<meta name=\"twitter:data1\" content=\"3 minutes\" \/>\n<script type=\"application\/ld+json\" class=\"yoast-schema-graph\">{\"@context\":\"https:\/\/schema.org\",\"@graph\":[{\"@type\":\"WebPage\",\"@id\":\"https:\/\/phukienflytech.vn\/en\/san-pham\/camera-gimbal-cover-spark.html\",\"url\":\"https:\/\/phukienflytech.vn\/en\/san-pham\/camera-gimbal-cover-spark.html\",\"name\":\"Camera gimbal cover Spark - PGYtech - Spark accessories - available.\",\"isPartOf\":{\"@id\":\"https:\/\/phukienflytech.vn\/#website\"},\"primaryImageOfPage\":{\"@id\":\"https:\/\/phukienflytech.vn\/en\/san-pham\/camera-gimbal-cover-spark.html#primaryimage\"},\"image\":{\"@id\":\"https:\/\/phukienflytech.vn\/en\/san-pham\/camera-gimbal-cover-spark.html#primaryimage\"},\"thumbnailUrl\":\"https:\/\/phukienflytech.vn\/wp-content\/uploads\/2020\/05\/bao-ve-camera-gimbal-flycam-dji-spark-phu-kien-flycam-1_-_Copy3_-_Copy_2.jpg\",\"datePublished\":\"2020-06-20T14:37:54+00:00\",\"dateModified\":\"2021-01-16T03:39:43+00:00\",\"description\":\"Camera gimbal cover Spark is one of the most important accessory. Contact us to buy Camera gimbal cover Spark for best price, fast shipping.\",\"breadcrumb\":{\"@id\":\"https:\/\/phukienflytech.vn\/en\/san-pham\/camera-gimbal-cover-spark.html#breadcrumb\"},\"inLanguage\":\"en-US\",\"potentialAction\":[{\"@type\":\"ReadAction\",\"target\":[\"https:\/\/phukienflytech.vn\/en\/san-pham\/camera-gimbal-cover-spark.html\"]}]},{\"@type\":\"ImageObject\",\"inLanguage\":\"en-US\",\"@id\":\"https:\/\/phukienflytech.vn\/en\/san-pham\/camera-gimbal-cover-spark.html#primaryimage\",\"url\":\"https:\/\/phukienflytech.vn\/wp-content\/uploads\/2020\/05\/bao-ve-camera-gimbal-flycam-dji-spark-phu-kien-flycam-1_-_Copy3_-_Copy_2.jpg\",\"contentUrl\":\"https:\/\/phukienflytech.vn\/wp-content\/uploads\/2020\/05\/bao-ve-camera-gimbal-flycam-dji-spark-phu-kien-flycam-1_-_Copy3_-_Copy_2.jpg\",\"width\":500,\"height\":500},{\"@type\":\"BreadcrumbList\",\"@id\":\"https:\/\/phukienflytech.vn\/en\/san-pham\/camera-gimbal-cover-spark.html#breadcrumb\",\"itemListElement\":[{\"@type\":\"ListItem\",\"position\":1,\"name\":\"Home\",\"item\":\"https:\/\/phukienflytech.vn\/en\"},{\"@type\":\"ListItem\",\"position\":2,\"name\":\"Ph\u1ee5 ki\u1ec7n Mavic Pro\",\"item\":\"https:\/\/phukienflytech.vn\/en\/phu-kien-mavic-pro.html\"},{\"@type\":\"ListItem\",\"position\":3,\"name\":\"DJI Osmo &amp; Drone's accessories\",\"item\":\"https:\/\/phukienflytech.vn\/en\/danh-muc\/dji-osmo-drones-accessories.html\"},{\"@type\":\"ListItem\",\"position\":4,\"name\":\"Ph\u1ee5 ki\u1ec7n DJI Spark\",\"item\":\"https:\/\/phukienflytech.vn\/en\/danh-muc\/spark-accessory.html\"},{\"@type\":\"ListItem\",\"position\":5,\"name\":\"Camera gimbal protection cover for Spark &#8211; PGYtech\"}]},{\"@type\":\"WebSite\",\"@id\":\"https:\/\/phukienflytech.vn\/#website\",\"url\":\"https:\/\/phukienflytech.vn\/\",\"name\":\"Shop M\u00e1y \u1ea3nh - Action Camera - Gimbal - Flycam - Ph\u1ee5 ki\u1ec7n\",\"description\":\"Shop M\u00e1y \u1ea3nh - Action Camera - Gimbal - Flycam - Ph\u1ee5 ki\u1ec7n\",\"publisher\":{\"@id\":\"https:\/\/phukienflytech.vn\/#organization\"},\"potentialAction\":[{\"@type\":\"SearchAction\",\"target\":{\"@type\":\"EntryPoint\",\"urlTemplate\":\"https:\/\/phukienflytech.vn\/?s={search_term_string}\"},\"query-input\":{\"@type\":\"PropertyValueSpecification\",\"valueRequired\":true,\"valueName\":\"search_term_string\"}}],\"inLanguage\":\"en-US\"},{\"@type\":\"Organization\",\"@id\":\"https:\/\/phukienflytech.vn\/#organization\",\"name\":\"DJI Store - Shop Drone, Action camera, Gimbal DJI |Phukienflytech\",\"alternateName\":\"DJI Store - Shop Drone, Action camera, Gimbal DJI |Phukienflytech\",\"url\":\"https:\/\/phukienflytech.vn\/\",\"logo\":{\"@type\":\"ImageObject\",\"inLanguage\":\"en-US\",\"@id\":\"https:\/\/phukienflytech.vn\/#\/schema\/logo\/image\/\",\"url\":\"https:\/\/phukienflytech.vn\/wp-content\/uploads\/2020\/05\/hAnh_nan.jpg1_.jpg\",\"contentUrl\":\"https:\/\/phukienflytech.vn\/wp-content\/uploads\/2020\/05\/hAnh_nan.jpg1_.jpg\",\"width\":800,\"height\":450,\"caption\":\"DJI Store - Shop Drone, Action camera, Gimbal DJI |Phukienflytech\"},\"image\":{\"@id\":\"https:\/\/phukienflytech.vn\/#\/schema\/logo\/image\/\"},\"sameAs\":[\"https:\/\/facebook.com\/phukienflycam\",\"https:\/\/www.youtube.com\/@phukienflytech\",\"https:\/\/www.tiktok.com\/@flytech.channel?fbclid=IwY2xjawGjg7BleHRuA2FlbQIxMAABHYVGmlXpuSMs0UB2zTpYvyT4GMVfN2qJa4urF4vkSQ6FAVBwXZtDP30qQA_aem_UwMiDcUvlEbd2tXAmsc8Og\"]}]}<\/script>\n<!-- \/ Yoast SEO plugin. -->","yoast_head_json":{"title":"Camera gimbal cover Spark - PGYtech - Spark accessories - available.","description":"Camera gimbal cover Spark is one of the most important accessory. Contact us to buy Camera gimbal cover Spark for best price, fast shipping.","robots":{"index":"index","follow":"follow","max-snippet":"max-snippet:-1","max-image-preview":"max-image-preview:large","max-video-preview":"max-video-preview:-1"},"canonical":"https:\/\/phukienflytech.vn\/en\/san-pham\/camera-gimbal-cover-spark.html","og_locale":"en_US","og_type":"article","og_title":"Camera gimbal cover Spark - PGYtech - Spark accessories - available.","og_description":"Camera gimbal cover Spark is one of the most important accessory. Contact us to buy Camera gimbal cover Spark for best price, fast shipping.","og_url":"https:\/\/phukienflytech.vn\/en\/san-pham\/camera-gimbal-cover-spark.html","og_site_name":"Shop M\u00e1y \u1ea3nh - Action Camera - Gimbal - Flycam - Ph\u1ee5 ki\u1ec7n","article_publisher":"https:\/\/facebook.com\/phukienflycam","article_modified_time":"2021-01-16T03:39:43+00:00","og_image":[{"width":500,"height":500,"url":"https:\/\/phukienflytech.vn\/wp-content\/uploads\/2020\/05\/bao-ve-camera-gimbal-flycam-dji-spark-phu-kien-flycam-1_-_Copy3_-_Copy_2.jpg","type":"image\/jpeg"}],"twitter_card":"summary_large_image","twitter_misc":{"Est. reading time":"3 minutes"},"schema":{"@context":"https:\/\/schema.org","@graph":[{"@type":"WebPage","@id":"https:\/\/phukienflytech.vn\/en\/san-pham\/camera-gimbal-cover-spark.html","url":"https:\/\/phukienflytech.vn\/en\/san-pham\/camera-gimbal-cover-spark.html","name":"Camera gimbal cover Spark - PGYtech - Spark accessories - available.","isPartOf":{"@id":"https:\/\/phukienflytech.vn\/#website"},"primaryImageOfPage":{"@id":"https:\/\/phukienflytech.vn\/en\/san-pham\/camera-gimbal-cover-spark.html#primaryimage"},"image":{"@id":"https:\/\/phukienflytech.vn\/en\/san-pham\/camera-gimbal-cover-spark.html#primaryimage"},"thumbnailUrl":"https:\/\/phukienflytech.vn\/wp-content\/uploads\/2020\/05\/bao-ve-camera-gimbal-flycam-dji-spark-phu-kien-flycam-1_-_Copy3_-_Copy_2.jpg","datePublished":"2020-06-20T14:37:54+00:00","dateModified":"2021-01-16T03:39:43+00:00","description":"Camera gimbal cover Spark is one of the most important accessory. Contact us to buy Camera gimbal cover Spark for best price, fast shipping.","breadcrumb":{"@id":"https:\/\/phukienflytech.vn\/en\/san-pham\/camera-gimbal-cover-spark.html#breadcrumb"},"inLanguage":"en-US","potentialAction":[{"@type":"ReadAction","target":["https:\/\/phukienflytech.vn\/en\/san-pham\/camera-gimbal-cover-spark.html"]}]},{"@type":"ImageObject","inLanguage":"en-US","@id":"https:\/\/phukienflytech.vn\/en\/san-pham\/camera-gimbal-cover-spark.html#primaryimage","url":"https:\/\/phukienflytech.vn\/wp-content\/uploads\/2020\/05\/bao-ve-camera-gimbal-flycam-dji-spark-phu-kien-flycam-1_-_Copy3_-_Copy_2.jpg","contentUrl":"https:\/\/phukienflytech.vn\/wp-content\/uploads\/2020\/05\/bao-ve-camera-gimbal-flycam-dji-spark-phu-kien-flycam-1_-_Copy3_-_Copy_2.jpg","width":500,"height":500},{"@type":"BreadcrumbList","@id":"https:\/\/phukienflytech.vn\/en\/san-pham\/camera-gimbal-cover-spark.html#breadcrumb","itemListElement":[{"@type":"ListItem","position":1,"name":"Home","item":"https:\/\/phukienflytech.vn\/en"},{"@type":"ListItem","position":2,"name":"Ph\u1ee5 ki\u1ec7n Mavic Pro","item":"https:\/\/phukienflytech.vn\/en\/phu-kien-mavic-pro.html"},{"@type":"ListItem","position":3,"name":"DJI Osmo &amp; Drone's accessories","item":"https:\/\/phukienflytech.vn\/en\/danh-muc\/dji-osmo-drones-accessories.html"},{"@type":"ListItem","position":4,"name":"Ph\u1ee5 ki\u1ec7n DJI Spark","item":"https:\/\/phukienflytech.vn\/en\/danh-muc\/spark-accessory.html"},{"@type":"ListItem","position":5,"name":"Camera gimbal protection cover for Spark &#8211; PGYtech"}]},{"@type":"WebSite","@id":"https:\/\/phukienflytech.vn\/#website","url":"https:\/\/phukienflytech.vn\/","name":"Shop M\u00e1y \u1ea3nh - Action Camera - Gimbal - Flycam - Ph\u1ee5 ki\u1ec7n","description":"Shop M\u00e1y \u1ea3nh - Action Camera - Gimbal - Flycam - Ph\u1ee5 ki\u1ec7n","publisher":{"@id":"https:\/\/phukienflytech.vn\/#organization"},"potentialAction":[{"@type":"SearchAction","target":{"@type":"EntryPoint","urlTemplate":"https:\/\/phukienflytech.vn\/?s={search_term_string}"},"query-input":{"@type":"PropertyValueSpecification","valueRequired":true,"valueName":"search_term_string"}}],"inLanguage":"en-US"},{"@type":"Organization","@id":"https:\/\/phukienflytech.vn\/#organization","name":"DJI Store - Shop Drone, Action camera, Gimbal DJI |Phukienflytech","alternateName":"DJI Store - Shop Drone, Action camera, Gimbal DJI |Phukienflytech","url":"https:\/\/phukienflytech.vn\/","logo":{"@type":"ImageObject","inLanguage":"en-US","@id":"https:\/\/phukienflytech.vn\/#\/schema\/logo\/image\/","url":"https:\/\/phukienflytech.vn\/wp-content\/uploads\/2020\/05\/hAnh_nan.jpg1_.jpg","contentUrl":"https:\/\/phukienflytech.vn\/wp-content\/uploads\/2020\/05\/hAnh_nan.jpg1_.jpg","width":800,"height":450,"caption":"DJI Store - Shop Drone, Action camera, Gimbal DJI |Phukienflytech"},"image":{"@id":"https:\/\/phukienflytech.vn\/#\/schema\/logo\/image\/"},"sameAs":["https:\/\/facebook.com\/phukienflycam","https:\/\/www.youtube.com\/@phukienflytech","https:\/\/www.tiktok.com\/@flytech.channel?fbclid=IwY2xjawGjg7BleHRuA2FlbQIxMAABHYVGmlXpuSMs0UB2zTpYvyT4GMVfN2qJa4urF4vkSQ6FAVBwXZtDP30qQA_aem_UwMiDcUvlEbd2tXAmsc8Og"]}]}},"_links":{"self":[{"href":"https:\/\/phukienflytech.vn\/en\/wp-json\/wp\/v2\/product\/2927","targetHints":{"allow":["GET"]}}],"collection":[{"href":"https:\/\/phukienflytech.vn\/en\/wp-json\/wp\/v2\/product"}],"about":[{"href":"https:\/\/phukienflytech.vn\/en\/wp-json\/wp\/v2\/types\/product"}],"replies":[{"embeddable":true,"href":"https:\/\/phukienflytech.vn\/en\/wp-json\/wp\/v2\/comments?post=2927"}],"wp:featuredmedia":[{"embeddable":true,"href":"https:\/\/phukienflytech.vn\/en\/wp-json\/wp\/v2\/media\/16739"}],"wp:attachment":[{"href":"https:\/\/phukienflytech.vn\/en\/wp-json\/wp\/v2\/media?parent=2927"}],"wp:term":[{"taxonomy":"product_brand","embeddable":true,"href":"https:\/\/phukienflytech.vn\/en\/wp-json\/wp\/v2\/product_brand?post=2927"},{"taxonomy":"product_cat","embeddable":true,"href":"https:\/\/phukienflytech.vn\/en\/wp-json\/wp\/v2\/product_cat?post=2927"},{"taxonomy":"product_tag","embeddable":true,"href":"https:\/\/phukienflytech.vn\/en\/wp-json\/wp\/v2\/product_tag?post=2927"}],"curies":[{"name":"wp","href":"https:\/\/api.w.org\/{rel}","templated":true}]}}