{"id":2955,"date":"2020-06-20T14:21:27","date_gmt":"2020-06-20T07:21:27","guid":{"rendered":"http:\/\/27430.lamdx.vinawebsite.vn\/san-pham\/bo-chan-don-mavic-mini-pgytech.html"},"modified":"2022-08-26T09:52:20","modified_gmt":"2022-08-26T02:52:20","slug":"extension-landing-gear-for-mavic-mini","status":"publish","type":"product","link":"https:\/\/phukienflytech.vn\/en\/san-pham\/extension-landing-gear-for-mavic-mini.html","title":{"rendered":"Extension landing gear  for Mavic Mini &#8211; PGYtech"},"content":{"rendered":"<h2><em><strong><span style=\"font-size: 21px; color: #0000ff;\">Extension landing gear for Mavic Mini<\/span><\/strong><\/em><\/h2>\n<p><span style=\"font-size: 18px;\">Extension landing gear for Mavic Mini<\/span><\/p>\n<p><span style=\"font-size: 18px;\">Nh\u1eefng m\u1eabu Flycam t\u1edbi t\u1eeb nh\u00e0 Mavic \u0111\u1ec1u v\u00f4 c\u00f9ng nh\u1ecf g\u1ecdn v\u00e0 thu\u1eadn ti\u1ec7n.\u00a0 Nh\u01b0ng c\u0169ng v\u1edbi thi\u1ebft k\u1ebf n\u00e0y khi\u1ebfn cho m\u1eb7t b\u1ee5ng c\u1ee7a flycam ti\u1ebfp x\u00fac v\u1edbi m\u1eb7t \u0111\u1ea5t \u1edf kho\u1ea3ng c\u00e1ch g\u1ea7n. V\u00ec th\u1ebf nh\u1eefng ph\u1ee5 ki\u1ec7n<strong>\u00a0<a href=\"https:\/\/phukienflytech.vn\/en\/san-pham\/bao-ve-canh-va-chan-don-phu-kien-mavic-pro.html\" target=\"_blank\" rel=\"noopener noreferrer\">ch\u00e2n \u0111\u00f4n Mavic pro<\/a><\/strong>,\u00a0<a href=\"https:\/\/phukienflytech.vn\/en\/san-pham\/chan-don-mavic-2-pro-zoom-phien-ban-moi.html\" target=\"_blank\" rel=\"noopener noreferrer\"><strong>ch\u00e2n \u0111\u00f4n Mavic 2<\/strong><\/a>,\u00a0<a href=\"https:\/\/phukienflytech.vn\/en\/san-pham\/chan-don-mavic-air.html\" target=\"_blank\" rel=\"noopener noreferrer\"><strong>ch\u00e2n \u0111\u00f4n mavic air<\/strong><\/a>\u00a0tr\u1edf th\u00e0nh 1 ph\u1ee5 ki\u1ec7n kh\u00f4ng th\u1ec3 thi\u1ebfu nh\u1eb1m c\u1ea3i thi\u1ec7n chi\u1ec1u cao gi\u00fap cho chi\u1ebfc flycam an to\u00e0n h\u01a1n trong m\u1ed7i l\u1ea7n c\u1ea5t\/h\u1ea1 c\u00e1nh.\u00a0<\/span><\/p>\n<p><span style=\"font-size: 18px;\">V\u1edbi thi\u1ebft k\u1ebf nh\u1ecf g\u1ecdn c\u00f3 th\u1ec3 g\u1ea5p g\u1ecdn v\u00e0 thu nh\u1ecf k\u00edch th\u01b0\u1edbc. V\u00ec th\u1ebf v\u1edbi vi\u1ec7c s\u1eed d\u1ee5ng b\u1ed9 ch\u00e2n d\u1ef1ng \u0111\u1ec3 kh\u1eafc ph\u1ee5c \u0111i\u1ec3m y\u1ebfu c\u1ee7a n\u00f3 l\u00e0 b\u1ec1 m\u1eb7t b\u1ee5ng ch\u1ec9 c\u00e1ch m\u1eb7t \u0111\u1ea5t 2cm.<\/span><\/p>\n<p>&nbsp;<\/p>\n<p><span style=\"font-size: 18px;\"><img loading=\"lazy\" decoding=\"async\" class=\"alignnone wp-image-13561\" src=\"https:\/\/phukienflytech.vn\/wp-content\/uploads\/2020\/05\/bo-chan-don-mavic-mini-pgytech-2946-4-732x400.jpg\" alt=\"\" width=\"544\" height=\"297\" srcset=\"https:\/\/phukienflytech.vn\/wp-content\/uploads\/2020\/05\/bo-chan-don-mavic-mini-pgytech-2946-4-732x400.jpg 732w, https:\/\/phukienflytech.vn\/wp-content\/uploads\/2020\/05\/bo-chan-don-mavic-mini-pgytech-2946-4-768x420.jpg 768w, https:\/\/phukienflytech.vn\/wp-content\/uploads\/2020\/05\/bo-chan-don-mavic-mini-pgytech-2946-4-600x328.jpg 600w, https:\/\/phukienflytech.vn\/wp-content\/uploads\/2020\/05\/bo-chan-don-mavic-mini-pgytech-2946-4.jpg 988w\" sizes=\"auto, (max-width: 544px) 100vw, 544px\" \/><\/span><\/p>\n<p><span style=\"font-size: 18px;\">Vi\u1ec7c s\u1eed d\u1ee5ng\u00a0ph\u1ee5 ki\u1ec7n mavic mini \u0111\u1ec3\u00a0c\u1ea3i thi\u1ec7n hi\u1ec7u qu\u1ea3 kh\u1ea3 n\u0103ng c\u1ee7a Drone \u0111\u1ec3 th\u00edch nghi v\u1edbi m\u00f4i tr\u01b0\u1eddng m\u1eb7t \u0111\u1ea5t trong qu\u00e1 tr\u00ecnh h\u1ea1 c\u00e1nh, tr\u00e1nh c\u00e1c m\u1ea3nh v\u1ee5n tr\u00ean m\u1eb7t \u0111\u1ea5t \u0111\u1ec3 \u00edt nhi\u1ec5m b\u1ea9n ho\u1eb7c l\u00e0m h\u1ecfng b\u1ed9 l\u1ecdc \u1ed1ng k\u00ednh.<\/span><\/p>\n<p><span style=\"font-size: 18px;\"><img loading=\"lazy\" decoding=\"async\" class=\"alignnone wp-image-13565\" src=\"https:\/\/phukienflytech.vn\/wp-content\/uploads\/2020\/05\/bo-chan-don-mavic-mini-pgytech-2946-1-1-655x400.jpg\" alt=\"Extension-landing-gear-for-Mavic-Mini-2\" width=\"516\" height=\"315\" srcset=\"https:\/\/phukienflytech.vn\/wp-content\/uploads\/2020\/05\/bo-chan-don-mavic-mini-pgytech-2946-1-1-655x400.jpg 655w, https:\/\/phukienflytech.vn\/wp-content\/uploads\/2020\/05\/bo-chan-don-mavic-mini-pgytech-2946-1-1-768x469.jpg 768w, https:\/\/phukienflytech.vn\/wp-content\/uploads\/2020\/05\/bo-chan-don-mavic-mini-pgytech-2946-1-1-600x366.jpg 600w, https:\/\/phukienflytech.vn\/wp-content\/uploads\/2020\/05\/bo-chan-don-mavic-mini-pgytech-2946-1-1.jpg 991w\" sizes=\"auto, (max-width: 516px) 100vw, 516px\" \/><\/span><\/p>\n<p><span style=\"font-size: 18px;\">Thi\u1ebft k\u1ebf nh\u1ecf g\u1ecdn c\u00f3 th\u1ec3 n\u00e2ng cao m\u00e1y bay c\u1ee7a b\u1ea1n 2,5cm c\u00f3 thi\u1ebft k\u1ebf g\u1eadp l\u1ea1i. Kh\u00f4ng c\u1ea7n ph\u1ea3i th\u00e1o b\u1ecf khi m\u00e1y bay g\u1ea5p l\u1ea1i v\u00e0 l\u01b0u tr\u1eef trong\u00a0<a href=\"https:\/\/phukienflytech.vn\/en\/san-pham\/vali-mavic-mini-pgytech.html\" target=\"_blank\" rel=\"noopener noreferrer\"><strong>vali Mavic Mini <\/strong><\/a>\u0111\u00f3 l\u00e0 s\u1ef1 thu\u1eadn ti\u1ec7n v\u00e0 thi\u1ebft th\u1ef1c.<\/span><\/p>\n<p><span style=\"font-size: 18px;\">Ph\u00eda d\u01b0\u1edbi \u0111\u01b0\u1ee3c trang b\u1ecb m\u1ed9t mi\u1ebfng \u0111\u1ec7m Silicon, v\u00e0 \u0111\u1ec7m gi\u00fap h\u1ea5p th\u1ee5 s\u1ed1c.<\/span><\/p>\n<p><span style=\"font-size: 18px;\">Kh\u1ed1i l\u01b0\u1ee3ng b\u1ed9 s\u1ea3n ph\u1ea9m ch\u1ec9 n\u1eb7ng 17g v\u00e0 ho\u00e0n to\u00e0n kh\u00f4ng \u1ea3nh h\u01b0\u1edfng t\u1edbi hi\u1ec7u su\u1ea5t bay.<\/span><\/p>\n<p><span style=\"font-size: 18px;\"><img loading=\"lazy\" decoding=\"async\" class=\"alignnone wp-image-13569 size-medium\" src=\"https:\/\/phukienflytech.vn\/wp-content\/uploads\/2020\/05\/bo-chan-don-mavic-mini-pgytech-2946-2-1-400x400.jpg\" alt=\"Extension-landing-gear-for-Mavic-Mini-1\" width=\"400\" height=\"400\" srcset=\"https:\/\/phukienflytech.vn\/wp-content\/uploads\/2020\/05\/bo-chan-don-mavic-mini-pgytech-2946-2-1-400x400.jpg 400w, https:\/\/phukienflytech.vn\/wp-content\/uploads\/2020\/05\/bo-chan-don-mavic-mini-pgytech-2946-2-1-280x280.jpg 280w, https:\/\/phukienflytech.vn\/wp-content\/uploads\/2020\/05\/bo-chan-don-mavic-mini-pgytech-2946-2-1-768x768.jpg 768w, https:\/\/phukienflytech.vn\/wp-content\/uploads\/2020\/05\/bo-chan-don-mavic-mini-pgytech-2946-2-1-800x800.jpg 800w, https:\/\/phukienflytech.vn\/wp-content\/uploads\/2020\/05\/bo-chan-don-mavic-mini-pgytech-2946-2-1-300x300.jpg 300w, https:\/\/phukienflytech.vn\/wp-content\/uploads\/2020\/05\/bo-chan-don-mavic-mini-pgytech-2946-2-1-600x600.jpg 600w, https:\/\/phukienflytech.vn\/wp-content\/uploads\/2020\/05\/bo-chan-don-mavic-mini-pgytech-2946-2-1-100x100.jpg 100w, https:\/\/phukienflytech.vn\/wp-content\/uploads\/2020\/05\/bo-chan-don-mavic-mini-pgytech-2946-2-1.jpg 1000w\" sizes=\"auto, (max-width: 400px) 100vw, 400px\" \/><\/span><\/p>\n<h2><span style=\"font-size: 21px; color: #0000ff;\"><strong>Th\u00f4ng tin c\u1ee7a Extension landing gear for Mavic Mini<\/strong><\/span><\/h2>\n<p><span style=\"font-size: 18px;\">Ch\u1ea5t li\u1ec7u: Nh\u1ef1a in 3D<\/span><\/p>\n<p><span style=\"font-size: 18px;\">Nh\u00e0 s\u1ea3n xu\u1ea5t: PGYTech<\/span><\/p>\n<p><span style=\"font-size: 18px;\">B\u1ed9 g\u1ed3m: 4 ch\u00e2n<\/span><\/p>\n<p><span style=\"font-size: 18px;\">D\u1ec5 d\u00e0ng th\u00e1o l\u1eafp &#8211; Thi\u1ebft k\u1ebf kh\u00f3a \u0111\u1ec3 l\u1eafp r\u00e1p v\u00e0 th\u00e1o g\u1ee1 nhanh ch\u00f3ng.<\/span><\/p>\n<p><span style=\"font-size: 18px;\">Chi\u1ec1u cao hi\u1ec7u qu\u1ea3 t\u0103ng 2,5 cm, \u0111\u1ec3 b\u1ea3o v\u1ec7 m\u00e1y bay v\u00e0 m\u00e1y \u1ea3nh gimbal.<\/span><\/p>\n<p><span style=\"font-size: 18px;\"><img loading=\"lazy\" decoding=\"async\" class=\"alignnone wp-image-13571\" src=\"https:\/\/phukienflytech.vn\/wp-content\/uploads\/2020\/05\/bo-chan-don-mavic-mini-pgytech-2946-3-1-710x400.jpg\" alt=\"Extension-landing-gear-for-Mavic-Mini\" width=\"534\" height=\"301\" srcset=\"https:\/\/phukienflytech.vn\/wp-content\/uploads\/2020\/05\/bo-chan-don-mavic-mini-pgytech-2946-3-1-710x400.jpg 710w, https:\/\/phukienflytech.vn\/wp-content\/uploads\/2020\/05\/bo-chan-don-mavic-mini-pgytech-2946-3-1-768x433.jpg 768w, https:\/\/phukienflytech.vn\/wp-content\/uploads\/2020\/05\/bo-chan-don-mavic-mini-pgytech-2946-3-1-600x338.jpg 600w, https:\/\/phukienflytech.vn\/wp-content\/uploads\/2020\/05\/bo-chan-don-mavic-mini-pgytech-2946-3-1.jpg 989w\" sizes=\"auto, (max-width: 534px) 100vw, 534px\" \/><\/span><\/p>\n<p><span style=\"font-size: 18px;\">N\u00e0o c\u00f9ng s\u1edf h\u1eefu ngay\u00a0<strong>B\u1ed9\u00a0ch\u00e2n \u0111\u00f4n PGYTech\u00a0 Mavic\u00a0Mini\u00a0<\/strong>\u0111\u1ec3 t\u0103ng t\u00ednh th\u1ea9m m\u1ef9 b\u1ee9c h\u00ecnh v\u00e0 s\u1ef1 h\u00e0i l\u00f2ng trong b\u1ea1n v\u00e0 l\u00e0m b\u1ed9 s\u01b0u t\u1eadp\u00a0<a href=\"https:\/\/phukienflytech.vn\/en\/danh-muc\/mavic-mini-accessory.html\"><strong>ph\u1ee5 ki\u1ec7n DJI Mavic\u00a0Mini<\/strong><\/a>\u00a0tr\u1edf l\u00ean \u0111\u1ea7y \u0111\u1ee7 h\u01a1n.<\/span><\/p>\n<p><span style=\"font-size: 18px;\">H\u00e3y \u0111\u1ec3\u00a0<strong><a href=\"https:\/\/facebook.com\/phukienflycam\/\">Ph\u1ee5 Ki\u1ec7n Fly-cam Gi\u00e1 T\u1ed1t<\/a><\/strong>\u00a0ti\u1ebfp s\u1ee9c \u0111am m\u00ea, c\u00f4ng vi\u1ec7c c\u1ee7a b\u1ea1n, gi\u00fap b\u1ea1n th\u00eam ni\u1ec1m h\u1ee9ng kh\u1edfi trong \u0111am m\u00ea c\u0169ng nh\u01b0 c\u00f4ng vi\u1ec7c c\u1ee7a m\u00ecnh th\u00eam su\u00f4n s\u1ebb<\/span><\/p>\n<p><span style=\"font-size: 18px;\">Nh\u00e0 s\u1ea3n xu\u1ea5t :\u00a0<strong>PGYTECH<\/strong>\u00a0\u2013 l\u00e0 m\u1ed9t trong nh\u1eefng Vendor cung c\u1ea5p c\u00e1c ph\u1ee5 ki\u1ec7n, linh ki\u1ec7n thay th\u1ebf cho\u00a0<strong>DJI Flycam<\/strong>.<\/span><\/p>\n","protected":false},"excerpt":{"rendered":"<p>Extension landing gear for Mavic Mini Extension landing gear for Mavic Mini Nh\u1eefng m\u1eabu Flycam t\u1edbi t\u1eeb nh\u00e0 Mavic \u0111\u1ec1u v\u00f4 c\u00f9ng nh\u1ecf g\u1ecdn v\u00e0 thu\u1eadn ti\u1ec7n.\u00a0 Nh\u01b0ng c\u0169ng v\u1edbi thi\u1ebft k\u1ebf n\u00e0y khi\u1ebfn cho m\u1eb7t b\u1ee5ng c\u1ee7a flycam ti\u1ebfp x\u00fac v\u1edbi m\u1eb7t \u0111\u1ea5t \u1edf kho\u1ea3ng c\u00e1ch g\u1ea7n. V\u00ec th\u1ebf nh\u1eefng ph\u1ee5 ki\u1ec7n\u00a0ch\u00e2n \u0111\u00f4n Mavic &#8230;<\/p>\n","protected":false},"featured_media":7356,"comment_status":"open","ping_status":"closed","template":"","meta":{"_acf_changed":false},"product_brand":[],"product_cat":[181],"product_tag":[206,253],"class_list":{"0":"post-2955","1":"product","2":"type-product","3":"status-publish","4":"has-post-thumbnail","6":"product_cat-mavic-mini-accessory","7":"product_tag-phu-kien-dji-en","8":"product_tag-phu-kien-dji-mavic-mini-en","10":"first","11":"instock","12":"shipping-taxable","13":"purchasable","14":"product-type-simple"},"acf":[],"yoast_head":"<!-- This site is optimized with the Yoast SEO plugin v25.7 - https:\/\/yoast.com\/wordpress\/plugins\/seo\/ -->\n<title>Extension landing gear for Mavic Mini - PGYtech - Mavic mini accessory<\/title>\n<meta name=\"description\" content=\"Extension landing gear for Mavic Mini is one of the most important accessory. Contact us to buy it for best price, fast shipping in Vietnam\" \/>\n<meta name=\"robots\" content=\"index, follow, max-snippet:-1, max-image-preview:large, max-video-preview:-1\" \/>\n<link rel=\"canonical\" href=\"https:\/\/phukienflytech.vn\/en\/san-pham\/extension-landing-gear-for-mavic-mini.html\" \/>\n<meta property=\"og:locale\" content=\"en_US\" \/>\n<meta property=\"og:type\" content=\"article\" \/>\n<meta property=\"og:title\" content=\"Extension landing gear for Mavic Mini - PGYtech - Mavic mini accessory\" \/>\n<meta property=\"og:description\" content=\"Extension landing gear for Mavic Mini is one of the most important accessory. Contact us to buy it for best price, fast shipping in Vietnam\" \/>\n<meta property=\"og:url\" content=\"https:\/\/phukienflytech.vn\/en\/san-pham\/extension-landing-gear-for-mavic-mini.html\" \/>\n<meta property=\"og:site_name\" content=\"Shop M\u00e1y \u1ea3nh - Action Camera - Gimbal - Flycam - Ph\u1ee5 ki\u1ec7n\" \/>\n<meta property=\"article:publisher\" content=\"https:\/\/facebook.com\/phukienflycam\" \/>\n<meta property=\"article:modified_time\" content=\"2022-08-26T02:52:20+00:00\" \/>\n<meta property=\"og:image\" content=\"https:\/\/phukienflytech.vn\/wp-content\/uploads\/2020\/05\/300x300_phu-kien-flycam-dji-mavic-mini-chan-don-mavic-mini-landing-gear_-_Copy1_-_Copy_2.jpg\" \/>\n\t<meta property=\"og:image:width\" content=\"300\" \/>\n\t<meta property=\"og:image:height\" content=\"300\" \/>\n\t<meta property=\"og:image:type\" content=\"image\/jpeg\" \/>\n<meta name=\"twitter:card\" content=\"summary_large_image\" \/>\n<meta name=\"twitter:label1\" content=\"Est. reading time\" \/>\n\t<meta name=\"twitter:data1\" content=\"3 minutes\" \/>\n<script type=\"application\/ld+json\" class=\"yoast-schema-graph\">{\"@context\":\"https:\/\/schema.org\",\"@graph\":[{\"@type\":\"WebPage\",\"@id\":\"https:\/\/phukienflytech.vn\/en\/san-pham\/extension-landing-gear-for-mavic-mini.html\",\"url\":\"https:\/\/phukienflytech.vn\/en\/san-pham\/extension-landing-gear-for-mavic-mini.html\",\"name\":\"Extension landing gear for Mavic Mini - PGYtech - Mavic mini accessory\",\"isPartOf\":{\"@id\":\"https:\/\/phukienflytech.vn\/#website\"},\"primaryImageOfPage\":{\"@id\":\"https:\/\/phukienflytech.vn\/en\/san-pham\/extension-landing-gear-for-mavic-mini.html#primaryimage\"},\"image\":{\"@id\":\"https:\/\/phukienflytech.vn\/en\/san-pham\/extension-landing-gear-for-mavic-mini.html#primaryimage\"},\"thumbnailUrl\":\"https:\/\/phukienflytech.vn\/wp-content\/uploads\/2020\/05\/300x300_phu-kien-flycam-dji-mavic-mini-chan-don-mavic-mini-landing-gear_-_Copy1_-_Copy_2.jpg\",\"datePublished\":\"2020-06-20T07:21:27+00:00\",\"dateModified\":\"2022-08-26T02:52:20+00:00\",\"description\":\"Extension landing gear for Mavic Mini is one of the most important accessory. Contact us to buy it for best price, fast shipping in Vietnam\",\"breadcrumb\":{\"@id\":\"https:\/\/phukienflytech.vn\/en\/san-pham\/extension-landing-gear-for-mavic-mini.html#breadcrumb\"},\"inLanguage\":\"en-US\",\"potentialAction\":[{\"@type\":\"ReadAction\",\"target\":[\"https:\/\/phukienflytech.vn\/en\/san-pham\/extension-landing-gear-for-mavic-mini.html\"]}]},{\"@type\":\"ImageObject\",\"inLanguage\":\"en-US\",\"@id\":\"https:\/\/phukienflytech.vn\/en\/san-pham\/extension-landing-gear-for-mavic-mini.html#primaryimage\",\"url\":\"https:\/\/phukienflytech.vn\/wp-content\/uploads\/2020\/05\/300x300_phu-kien-flycam-dji-mavic-mini-chan-don-mavic-mini-landing-gear_-_Copy1_-_Copy_2.jpg\",\"contentUrl\":\"https:\/\/phukienflytech.vn\/wp-content\/uploads\/2020\/05\/300x300_phu-kien-flycam-dji-mavic-mini-chan-don-mavic-mini-landing-gear_-_Copy1_-_Copy_2.jpg\",\"width\":300,\"height\":300},{\"@type\":\"BreadcrumbList\",\"@id\":\"https:\/\/phukienflytech.vn\/en\/san-pham\/extension-landing-gear-for-mavic-mini.html#breadcrumb\",\"itemListElement\":[{\"@type\":\"ListItem\",\"position\":1,\"name\":\"Home\",\"item\":\"https:\/\/phukienflytech.vn\/en\"},{\"@type\":\"ListItem\",\"position\":2,\"name\":\"Ph\u1ee5 ki\u1ec7n Mavic Pro\",\"item\":\"https:\/\/phukienflytech.vn\/en\/phu-kien-mavic-pro.html\"},{\"@type\":\"ListItem\",\"position\":3,\"name\":\"DJI Osmo &amp; Drone's accessories\",\"item\":\"https:\/\/phukienflytech.vn\/en\/danh-muc\/dji-osmo-drones-accessories.html\"},{\"@type\":\"ListItem\",\"position\":4,\"name\":\"Ph\u1ee5 ki\u1ec7n flycam Mavic Mini\",\"item\":\"https:\/\/phukienflytech.vn\/en\/danh-muc\/mavic-mini-accessory.html\"},{\"@type\":\"ListItem\",\"position\":5,\"name\":\"Extension landing gear for Mavic Mini &#8211; PGYtech\"}]},{\"@type\":\"WebSite\",\"@id\":\"https:\/\/phukienflytech.vn\/#website\",\"url\":\"https:\/\/phukienflytech.vn\/\",\"name\":\"Shop M\u00e1y \u1ea3nh - Action Camera - Gimbal - Flycam - Ph\u1ee5 ki\u1ec7n\",\"description\":\"Shop M\u00e1y \u1ea3nh - Action Camera - Gimbal - Flycam - Ph\u1ee5 ki\u1ec7n\",\"publisher\":{\"@id\":\"https:\/\/phukienflytech.vn\/#organization\"},\"potentialAction\":[{\"@type\":\"SearchAction\",\"target\":{\"@type\":\"EntryPoint\",\"urlTemplate\":\"https:\/\/phukienflytech.vn\/?s={search_term_string}\"},\"query-input\":{\"@type\":\"PropertyValueSpecification\",\"valueRequired\":true,\"valueName\":\"search_term_string\"}}],\"inLanguage\":\"en-US\"},{\"@type\":\"Organization\",\"@id\":\"https:\/\/phukienflytech.vn\/#organization\",\"name\":\"DJI Store - Shop Drone, Action camera, Gimbal DJI |Phukienflytech\",\"alternateName\":\"DJI Store - Shop Drone, Action camera, Gimbal DJI |Phukienflytech\",\"url\":\"https:\/\/phukienflytech.vn\/\",\"logo\":{\"@type\":\"ImageObject\",\"inLanguage\":\"en-US\",\"@id\":\"https:\/\/phukienflytech.vn\/#\/schema\/logo\/image\/\",\"url\":\"https:\/\/phukienflytech.vn\/wp-content\/uploads\/2020\/05\/hAnh_nan.jpg1_.jpg\",\"contentUrl\":\"https:\/\/phukienflytech.vn\/wp-content\/uploads\/2020\/05\/hAnh_nan.jpg1_.jpg\",\"width\":800,\"height\":450,\"caption\":\"DJI Store - Shop Drone, Action camera, Gimbal DJI |Phukienflytech\"},\"image\":{\"@id\":\"https:\/\/phukienflytech.vn\/#\/schema\/logo\/image\/\"},\"sameAs\":[\"https:\/\/facebook.com\/phukienflycam\",\"https:\/\/www.youtube.com\/@phukienflytech\",\"https:\/\/www.tiktok.com\/@flytech.channel?fbclid=IwY2xjawGjg7BleHRuA2FlbQIxMAABHYVGmlXpuSMs0UB2zTpYvyT4GMVfN2qJa4urF4vkSQ6FAVBwXZtDP30qQA_aem_UwMiDcUvlEbd2tXAmsc8Og\"]}]}<\/script>\n<!-- \/ Yoast SEO plugin. -->","yoast_head_json":{"title":"Extension landing gear for Mavic Mini - PGYtech - Mavic mini accessory","description":"Extension landing gear for Mavic Mini is one of the most important accessory. Contact us to buy it for best price, fast shipping in Vietnam","robots":{"index":"index","follow":"follow","max-snippet":"max-snippet:-1","max-image-preview":"max-image-preview:large","max-video-preview":"max-video-preview:-1"},"canonical":"https:\/\/phukienflytech.vn\/en\/san-pham\/extension-landing-gear-for-mavic-mini.html","og_locale":"en_US","og_type":"article","og_title":"Extension landing gear for Mavic Mini - PGYtech - Mavic mini accessory","og_description":"Extension landing gear for Mavic Mini is one of the most important accessory. Contact us to buy it for best price, fast shipping in Vietnam","og_url":"https:\/\/phukienflytech.vn\/en\/san-pham\/extension-landing-gear-for-mavic-mini.html","og_site_name":"Shop M\u00e1y \u1ea3nh - Action Camera - Gimbal - Flycam - Ph\u1ee5 ki\u1ec7n","article_publisher":"https:\/\/facebook.com\/phukienflycam","article_modified_time":"2022-08-26T02:52:20+00:00","og_image":[{"width":300,"height":300,"url":"https:\/\/phukienflytech.vn\/wp-content\/uploads\/2020\/05\/300x300_phu-kien-flycam-dji-mavic-mini-chan-don-mavic-mini-landing-gear_-_Copy1_-_Copy_2.jpg","type":"image\/jpeg"}],"twitter_card":"summary_large_image","twitter_misc":{"Est. reading time":"3 minutes"},"schema":{"@context":"https:\/\/schema.org","@graph":[{"@type":"WebPage","@id":"https:\/\/phukienflytech.vn\/en\/san-pham\/extension-landing-gear-for-mavic-mini.html","url":"https:\/\/phukienflytech.vn\/en\/san-pham\/extension-landing-gear-for-mavic-mini.html","name":"Extension landing gear for Mavic Mini - PGYtech - Mavic mini accessory","isPartOf":{"@id":"https:\/\/phukienflytech.vn\/#website"},"primaryImageOfPage":{"@id":"https:\/\/phukienflytech.vn\/en\/san-pham\/extension-landing-gear-for-mavic-mini.html#primaryimage"},"image":{"@id":"https:\/\/phukienflytech.vn\/en\/san-pham\/extension-landing-gear-for-mavic-mini.html#primaryimage"},"thumbnailUrl":"https:\/\/phukienflytech.vn\/wp-content\/uploads\/2020\/05\/300x300_phu-kien-flycam-dji-mavic-mini-chan-don-mavic-mini-landing-gear_-_Copy1_-_Copy_2.jpg","datePublished":"2020-06-20T07:21:27+00:00","dateModified":"2022-08-26T02:52:20+00:00","description":"Extension landing gear for Mavic Mini is one of the most important accessory. Contact us to buy it for best price, fast shipping in Vietnam","breadcrumb":{"@id":"https:\/\/phukienflytech.vn\/en\/san-pham\/extension-landing-gear-for-mavic-mini.html#breadcrumb"},"inLanguage":"en-US","potentialAction":[{"@type":"ReadAction","target":["https:\/\/phukienflytech.vn\/en\/san-pham\/extension-landing-gear-for-mavic-mini.html"]}]},{"@type":"ImageObject","inLanguage":"en-US","@id":"https:\/\/phukienflytech.vn\/en\/san-pham\/extension-landing-gear-for-mavic-mini.html#primaryimage","url":"https:\/\/phukienflytech.vn\/wp-content\/uploads\/2020\/05\/300x300_phu-kien-flycam-dji-mavic-mini-chan-don-mavic-mini-landing-gear_-_Copy1_-_Copy_2.jpg","contentUrl":"https:\/\/phukienflytech.vn\/wp-content\/uploads\/2020\/05\/300x300_phu-kien-flycam-dji-mavic-mini-chan-don-mavic-mini-landing-gear_-_Copy1_-_Copy_2.jpg","width":300,"height":300},{"@type":"BreadcrumbList","@id":"https:\/\/phukienflytech.vn\/en\/san-pham\/extension-landing-gear-for-mavic-mini.html#breadcrumb","itemListElement":[{"@type":"ListItem","position":1,"name":"Home","item":"https:\/\/phukienflytech.vn\/en"},{"@type":"ListItem","position":2,"name":"Ph\u1ee5 ki\u1ec7n Mavic Pro","item":"https:\/\/phukienflytech.vn\/en\/phu-kien-mavic-pro.html"},{"@type":"ListItem","position":3,"name":"DJI Osmo &amp; Drone's accessories","item":"https:\/\/phukienflytech.vn\/en\/danh-muc\/dji-osmo-drones-accessories.html"},{"@type":"ListItem","position":4,"name":"Ph\u1ee5 ki\u1ec7n flycam Mavic Mini","item":"https:\/\/phukienflytech.vn\/en\/danh-muc\/mavic-mini-accessory.html"},{"@type":"ListItem","position":5,"name":"Extension landing gear for Mavic Mini &#8211; PGYtech"}]},{"@type":"WebSite","@id":"https:\/\/phukienflytech.vn\/#website","url":"https:\/\/phukienflytech.vn\/","name":"Shop M\u00e1y \u1ea3nh - Action Camera - Gimbal - Flycam - Ph\u1ee5 ki\u1ec7n","description":"Shop M\u00e1y \u1ea3nh - Action Camera - Gimbal - Flycam - Ph\u1ee5 ki\u1ec7n","publisher":{"@id":"https:\/\/phukienflytech.vn\/#organization"},"potentialAction":[{"@type":"SearchAction","target":{"@type":"EntryPoint","urlTemplate":"https:\/\/phukienflytech.vn\/?s={search_term_string}"},"query-input":{"@type":"PropertyValueSpecification","valueRequired":true,"valueName":"search_term_string"}}],"inLanguage":"en-US"},{"@type":"Organization","@id":"https:\/\/phukienflytech.vn\/#organization","name":"DJI Store - Shop Drone, Action camera, Gimbal DJI |Phukienflytech","alternateName":"DJI Store - Shop Drone, Action camera, Gimbal DJI |Phukienflytech","url":"https:\/\/phukienflytech.vn\/","logo":{"@type":"ImageObject","inLanguage":"en-US","@id":"https:\/\/phukienflytech.vn\/#\/schema\/logo\/image\/","url":"https:\/\/phukienflytech.vn\/wp-content\/uploads\/2020\/05\/hAnh_nan.jpg1_.jpg","contentUrl":"https:\/\/phukienflytech.vn\/wp-content\/uploads\/2020\/05\/hAnh_nan.jpg1_.jpg","width":800,"height":450,"caption":"DJI Store - Shop Drone, Action camera, Gimbal DJI |Phukienflytech"},"image":{"@id":"https:\/\/phukienflytech.vn\/#\/schema\/logo\/image\/"},"sameAs":["https:\/\/facebook.com\/phukienflycam","https:\/\/www.youtube.com\/@phukienflytech","https:\/\/www.tiktok.com\/@flytech.channel?fbclid=IwY2xjawGjg7BleHRuA2FlbQIxMAABHYVGmlXpuSMs0UB2zTpYvyT4GMVfN2qJa4urF4vkSQ6FAVBwXZtDP30qQA_aem_UwMiDcUvlEbd2tXAmsc8Og"]}]}},"_links":{"self":[{"href":"https:\/\/phukienflytech.vn\/en\/wp-json\/wp\/v2\/product\/2955","targetHints":{"allow":["GET"]}}],"collection":[{"href":"https:\/\/phukienflytech.vn\/en\/wp-json\/wp\/v2\/product"}],"about":[{"href":"https:\/\/phukienflytech.vn\/en\/wp-json\/wp\/v2\/types\/product"}],"replies":[{"embeddable":true,"href":"https:\/\/phukienflytech.vn\/en\/wp-json\/wp\/v2\/comments?post=2955"}],"wp:featuredmedia":[{"embeddable":true,"href":"https:\/\/phukienflytech.vn\/en\/wp-json\/wp\/v2\/media\/7356"}],"wp:attachment":[{"href":"https:\/\/phukienflytech.vn\/en\/wp-json\/wp\/v2\/media?parent=2955"}],"wp:term":[{"taxonomy":"product_brand","embeddable":true,"href":"https:\/\/phukienflytech.vn\/en\/wp-json\/wp\/v2\/product_brand?post=2955"},{"taxonomy":"product_cat","embeddable":true,"href":"https:\/\/phukienflytech.vn\/en\/wp-json\/wp\/v2\/product_cat?post=2955"},{"taxonomy":"product_tag","embeddable":true,"href":"https:\/\/phukienflytech.vn\/en\/wp-json\/wp\/v2\/product_tag?post=2955"}],"curies":[{"name":"wp","href":"https:\/\/api.w.org\/{rel}","templated":true}]}}