{"id":3042,"date":"2020-06-17T15:25:49","date_gmt":"2020-06-17T08:25:49","guid":{"rendered":"http:\/\/27430.lamdx.vinawebsite.vn\/san-pham\/vali-mavic-mini-chong-soc-chuyen-dung.html"},"modified":"2020-10-18T10:07:00","modified_gmt":"2020-10-18T03:07:00","slug":"hard-suicase-for-mavic-mini","status":"publish","type":"product","link":"https:\/\/phukienflytech.vn\/en\/san-pham\/hard-suicase-for-mavic-mini.html","title":{"rendered":"Hard suicase for Mavic Mini &#8211; Original DJI"},"content":{"rendered":"<h2><em><strong><span style=\"font-size: 21px; color: #0000ff;\">Hard suicase for Mavic Mini<\/span><\/strong><\/em><\/h2>\n<p><span style=\"font-size: 18px;\">Hard suicase for Mavic Mini<\/span><\/p>\n<p><span style=\"font-size: 18px;\">T\u00ecm hi\u1ec3u v\u1ec1 vali Mavic mini c\u1ee9ng DJI.<\/span><\/p>\n<p><span style=\"font-size: 18px;\">Ng\u00e0y nay nhu c\u1ea7u di chuy\u1ec3n, \u0111i l\u1ea1i c\u1ee7a c\u00e1c pilot ng\u00e0y c\u00e0ng nhi\u1ec1u ch\u00ednh v\u00ec v\u1eady \u0111\u1ec3 c\u00f3 th\u1ec3 b\u1ea3o qu\u1ea3n b\u1ed9 ph\u1ee5 ki\u1ec7n c\u0169ng nh\u01b0 chi\u1ebfc mavic mini c\u1ee7a b\u1ea1n m\u1ed9t c\u00e1ch\u00a0<strong>chuy\u00ean nghi\u1ec7p<\/strong> nh\u1ea5t th\u00ec vali Mavic mini ch\u1ed1ng s\u1ed1c<strong> \u2013 chuy\u00ean d\u1ee5ng<\/strong>\u00a0ch\u00ednh l\u00e0 m\u1eabu\u00a0\u00a0<strong>ph\u1ee5 ki\u1ec7n DJI mavic mini<\/strong><em><strong>\u00a0<\/strong><\/em>c\u1ea7n thi\u1ebft, quan tr\u1ecdng h\u00e0ng \u0111\u1ea7u d\u00e0nh cho b\u1ea1n.<\/span><\/p>\n<h2><span style=\"font-size: 18px; color: #0000ff;\"><strong><img loading=\"lazy\" decoding=\"async\" class=\"alignnone wp-image-13427 size-medium\" src=\"https:\/\/phukienflytech.vn\/wp-content\/uploads\/2020\/05\/vali-mavic-mini-chong-soc-chuyen-dung-3031-5-400x400.jpg\" alt=\"\" width=\"400\" height=\"400\" srcset=\"https:\/\/phukienflytech.vn\/wp-content\/uploads\/2020\/05\/vali-mavic-mini-chong-soc-chuyen-dung-3031-5-400x400.jpg 400w, https:\/\/phukienflytech.vn\/wp-content\/uploads\/2020\/05\/vali-mavic-mini-chong-soc-chuyen-dung-3031-5-280x280.jpg 280w, https:\/\/phukienflytech.vn\/wp-content\/uploads\/2020\/05\/vali-mavic-mini-chong-soc-chuyen-dung-3031-5-768x768.jpg 768w, https:\/\/phukienflytech.vn\/wp-content\/uploads\/2020\/05\/vali-mavic-mini-chong-soc-chuyen-dung-3031-5.jpg 800w, https:\/\/phukienflytech.vn\/wp-content\/uploads\/2020\/05\/vali-mavic-mini-chong-soc-chuyen-dung-3031-5-300x300.jpg 300w, https:\/\/phukienflytech.vn\/wp-content\/uploads\/2020\/05\/vali-mavic-mini-chong-soc-chuyen-dung-3031-5-600x600.jpg 600w, https:\/\/phukienflytech.vn\/wp-content\/uploads\/2020\/05\/vali-mavic-mini-chong-soc-chuyen-dung-3031-5-100x100.jpg 100w\" sizes=\"auto, (max-width: 400px) 100vw, 400px\" \/><\/strong><\/span><\/h2>\n<p><span style=\"font-size: 18px;\">V\u1edbi thi\u1ebft k\u1ebf kh\u1ecfe kho\u1eafn, v\u00f4 c\u00f9ng ch\u1eafc ch\u1eafn c\u00f9ng v\u1edbi kh\u1ea3 n\u1eafng ch\u1ee9a \u0111\u1ef1ng ho\u00e0n h\u1ea3o gi\u00fap ng\u01b0\u1eddi d\u00f9ng c\u00f3 th\u1ec3 tho\u1ea3i m\u00e1i s\u1eed d\u1ee5ng v\u00e0 b\u1ea3o qu\u1ea3n thi\u1ebft b\u1ecb c\u1ee7a m\u00ecnh. H\u00e3y s\u1edf h\u1eefu cho m\u00ecnh m\u1eabu ph\u1ee5 ki\u1ec7n\u00a0<strong>vali \u2013 balo \u2013 t\u00fai ch\u1ed1ng s\u1ed1c ch\u1ed1ng n\u01b0\u1edbc mavic mini<\/strong><em><strong>\u00a0<\/strong><\/em>ngay h\u00f4m nay \u0111\u1ec3 c\u00f3 th\u1ec3 b\u1ea3o qu\u1ea3n ph\u1ee5 ki\u1ec7n c\u1ee7a b\u1ea1n m\u1ed9t c\u00e1ch chuy\u00ean nghi\u1ec7p nh\u1ea5t c\u0169ng nh\u01b0 ti\u1ec7n l\u1ee3i nh\u1ea5t.<\/span><\/p>\n<h2><span style=\"font-size: 18px; color: #0000ff;\"><strong><img loading=\"lazy\" decoding=\"async\" class=\"alignnone wp-image-13429 size-medium\" src=\"https:\/\/phukienflytech.vn\/wp-content\/uploads\/2020\/05\/vali-mavic-mini-chong-soc-chuyen-dung-3031-1-1-400x400.jpg\" alt=\"balo-vali-mavic-mini\" width=\"400\" height=\"400\" srcset=\"https:\/\/phukienflytech.vn\/wp-content\/uploads\/2020\/05\/vali-mavic-mini-chong-soc-chuyen-dung-3031-1-1-400x400.jpg 400w, https:\/\/phukienflytech.vn\/wp-content\/uploads\/2020\/05\/vali-mavic-mini-chong-soc-chuyen-dung-3031-1-1-280x280.jpg 280w, https:\/\/phukienflytech.vn\/wp-content\/uploads\/2020\/05\/vali-mavic-mini-chong-soc-chuyen-dung-3031-1-1-768x768.jpg 768w, https:\/\/phukienflytech.vn\/wp-content\/uploads\/2020\/05\/vali-mavic-mini-chong-soc-chuyen-dung-3031-1-1.jpg 800w, https:\/\/phukienflytech.vn\/wp-content\/uploads\/2020\/05\/vali-mavic-mini-chong-soc-chuyen-dung-3031-1-1-300x300.jpg 300w, https:\/\/phukienflytech.vn\/wp-content\/uploads\/2020\/05\/vali-mavic-mini-chong-soc-chuyen-dung-3031-1-1-600x600.jpg 600w, https:\/\/phukienflytech.vn\/wp-content\/uploads\/2020\/05\/vali-mavic-mini-chong-soc-chuyen-dung-3031-1-1-100x100.jpg 100w\" sizes=\"auto, (max-width: 400px) 100vw, 400px\" \/><\/strong><\/span><\/h2>\n<p><span style=\"font-size: 18px;\">Hi\u1ec7n nay nh\u1eefng m\u1eabu vali ch\u1ed1ng s\u1ed1c, ch\u1ed1ng n\u01b0\u1edbc cho mavic 2 pro\/zoom \u0111\u00e3 xu\u1ea5t hi\u1ec7n tr\u01b0\u1edbc \u0111\u00f3 v\u00e0 kh\u00f4ng xa l\u1ea1 g\u00ec v\u1edbi nh\u1eefng ng\u01b0\u1eddi ch\u01a1i mavic 2. Nh\u01b0ng v\u1edbi 1 s\u1ea3n ph\u1ea9m m\u1edbi nh\u01b0 mavic mini th\u00ec <strong>Vali Mavic mini c\u1ee9ng DJI<\/strong>\u00a0l\u00e0 1 s\u1ea3n ph\u1ea9m \u0111\u00e1ng mong ch\u1edd<\/span><\/p>\n<ul>\n<li><span style=\"font-size: 18px;\">V\u1ecf ngo\u00e0i \u0111\u01b0\u1ee3c l\u00e0m nh\u1ef1a c\u1ee9ng, c\u00f3 kh\u1ea3 n\u0103ng ch\u1ed1ng va \u0111\u1eadp v\u00e0 ch\u1ed1ng n\u01b0\u1edbc gi\u00fap b\u1ea1n y\u00ean t\u00e2m khi di chuy\u1ec3n<\/span><\/li>\n<li><span style=\"font-size: 18px;\">Ph\u1ea7n \u0111\u1ec7m b\u00ean trong \u0111\u01b0\u1ee3c l\u00e0m b\u1eb1ng x\u1ed1p gi\u00fap c\u1ed1 \u0111\u1ecbnh m\u00e1y v\u00e0 ph\u1ee5 ki\u1ec7n c\u1ee7a mavic mini h\u1ea5p th\u1ee5 ngo\u1ea1i l\u1ef1c t\u00e1c \u0111\u1ed9ng.<\/span><\/li>\n<\/ul>\n<p>&nbsp;<\/p>\n<h2><span style=\"font-size: 18px; color: #0000ff;\"><strong><img loading=\"lazy\" decoding=\"async\" class=\"alignnone wp-image-13431\" src=\"https:\/\/phukienflytech.vn\/wp-content\/uploads\/2020\/05\/vali-mavic-mini-chong-soc-chuyen-dung-3031-2-1-400x400.jpg\" alt=\"Hard-suicase-for-Mavic-Mini-2\" width=\"433\" height=\"433\" srcset=\"https:\/\/phukienflytech.vn\/wp-content\/uploads\/2020\/05\/vali-mavic-mini-chong-soc-chuyen-dung-3031-2-1-400x400.jpg 400w, https:\/\/phukienflytech.vn\/wp-content\/uploads\/2020\/05\/vali-mavic-mini-chong-soc-chuyen-dung-3031-2-1-280x280.jpg 280w, https:\/\/phukienflytech.vn\/wp-content\/uploads\/2020\/05\/vali-mavic-mini-chong-soc-chuyen-dung-3031-2-1-768x768.jpg 768w, https:\/\/phukienflytech.vn\/wp-content\/uploads\/2020\/05\/vali-mavic-mini-chong-soc-chuyen-dung-3031-2-1-800x800.jpg 800w, https:\/\/phukienflytech.vn\/wp-content\/uploads\/2020\/05\/vali-mavic-mini-chong-soc-chuyen-dung-3031-2-1-300x300.jpg 300w, https:\/\/phukienflytech.vn\/wp-content\/uploads\/2020\/05\/vali-mavic-mini-chong-soc-chuyen-dung-3031-2-1-600x600.jpg 600w, https:\/\/phukienflytech.vn\/wp-content\/uploads\/2020\/05\/vali-mavic-mini-chong-soc-chuyen-dung-3031-2-1-100x100.jpg 100w, https:\/\/phukienflytech.vn\/wp-content\/uploads\/2020\/05\/vali-mavic-mini-chong-soc-chuyen-dung-3031-2-1.jpg 900w\" sizes=\"auto, (max-width: 433px) 100vw, 433px\" \/><\/strong><\/span><\/h2>\n<p>&nbsp;<\/p>\n<h2><span style=\"color: #0000ff; font-size: 21px;\"><strong>Th\u00f4ng s\u1ed1 Hard suicase for Mavic Mini<\/strong><\/span><\/h2>\n<ul>\n<li><span style=\"font-size: 18px;\">K\u00edch th\u01b0\u1edbc valo: 30x20x10<\/span><\/li>\n<li><span style=\"font-size: 18px;\">C\u00f3 kh\u1ea3 n\u0103ng ch\u1ee9a 3 pin v\u00e0 1 pin theo m\u00e1y<\/span><\/li>\n<li><span style=\"font-size: 18px;\">Ph\u1ee5 ki\u1ec7n s\u1ea1c v\u00e0 tay khi\u1ec3n Mavic mini<\/span><\/li>\n<li><span style=\"font-size: 18px;\">V\u00e0 1 s\u1ed1 ph\u1ee5 ki\u1ec7n kh\u00e1c<\/span><\/li>\n<\/ul>\n<p>&nbsp;<\/p>\n<h2><span style=\"font-size: 18px; color: #0000ff;\"><strong><img loading=\"lazy\" decoding=\"async\" class=\"alignnone wp-image-13433 size-medium\" src=\"https:\/\/phukienflytech.vn\/wp-content\/uploads\/2020\/05\/vali-mavic-mini-chong-soc-chuyen-dung-3031-3-1-400x400.jpg\" alt=\"Hard-suicase-for-Mavic-Mini-1\" width=\"400\" height=\"400\" srcset=\"https:\/\/phukienflytech.vn\/wp-content\/uploads\/2020\/05\/vali-mavic-mini-chong-soc-chuyen-dung-3031-3-1-400x400.jpg 400w, https:\/\/phukienflytech.vn\/wp-content\/uploads\/2020\/05\/vali-mavic-mini-chong-soc-chuyen-dung-3031-3-1-280x280.jpg 280w, https:\/\/phukienflytech.vn\/wp-content\/uploads\/2020\/05\/vali-mavic-mini-chong-soc-chuyen-dung-3031-3-1-768x768.jpg 768w, https:\/\/phukienflytech.vn\/wp-content\/uploads\/2020\/05\/vali-mavic-mini-chong-soc-chuyen-dung-3031-3-1.jpg 800w, https:\/\/phukienflytech.vn\/wp-content\/uploads\/2020\/05\/vali-mavic-mini-chong-soc-chuyen-dung-3031-3-1-300x300.jpg 300w, https:\/\/phukienflytech.vn\/wp-content\/uploads\/2020\/05\/vali-mavic-mini-chong-soc-chuyen-dung-3031-3-1-600x600.jpg 600w, https:\/\/phukienflytech.vn\/wp-content\/uploads\/2020\/05\/vali-mavic-mini-chong-soc-chuyen-dung-3031-3-1-100x100.jpg 100w\" sizes=\"auto, (max-width: 400px) 100vw, 400px\" \/><\/strong><\/span><\/h2>\n<h2><span style=\"font-size: 21px;\"><strong><span style=\"color: #0000ff;\">Mua Hard suicase for Mavic Mini \u1edf \u0111\u00e2u?<\/span><\/strong><\/span><\/h2>\n<p><span style=\"font-size: 18px;\">N\u1ebfu b\u1ea1n v\u1eabn \u0111ang ph\u00e2n v\u00e2n kh\u00f4ng bi\u1ebft c\u00f3 th\u1ec3 t\u00ecm mua \u0111\u01b0\u1ee3c\u00a0<strong><em>nh\u1eefng ph\u1ee5 ki\u1ec7n dji mavic 2 pro zoom\u00a0<\/em><\/strong>ch\u1ea5t l\u01b0\u1ee3ng nh\u1ea5t m\u00e0 kh\u00f4ng c\u1ea7n lo l\u1eafng gi\u00e1 c\u1ee7a s\u1ea3n ph\u1ea9m \u1edf \u0111\u00e2u th\u00ec ph\u1ee5 ki\u1ec7n flycam gi\u00e1 t\u1ed1t ch\u00ednh l\u00e0 n\u01a1i ph\u00f9 h\u1ee3p d\u00e0nh cho b\u1ea1n. H\u00e3y \u0111\u1ebfn v\u1edbi ph\u1ee5 ki\u1ec7n fly-cam gi\u00e1 t\u1ed1t \u0111\u1ec3 c\u00f3 \u0111\u01b0\u1ee3c\u00a0<strong><em>gi\u00e1 mavic 2 pro<\/em><\/strong>,\u00a0<strong><em>gi\u00e1 mavic 2 zoom<\/em><\/strong>,..c\u00f9ng v\u1edbi ch\u1ea5t l\u01b0\u1ee3ng t\u1ed1t nh\u1ea5t.<\/span><\/p>\n<h2><span style=\"font-size: 18px; color: #0000ff;\"><strong><img loading=\"lazy\" decoding=\"async\" class=\"alignnone wp-image-13435\" src=\"https:\/\/phukienflytech.vn\/wp-content\/uploads\/2020\/05\/vali-mavic-mini-chong-soc-chuyen-dung-3031-4-1-300x400.jpg\" alt=\"Hard-suicase-for-Mavic-Mini\" width=\"445\" height=\"593\" srcset=\"https:\/\/phukienflytech.vn\/wp-content\/uploads\/2020\/05\/vali-mavic-mini-chong-soc-chuyen-dung-3031-4-1-300x400.jpg 300w, https:\/\/phukienflytech.vn\/wp-content\/uploads\/2020\/05\/vali-mavic-mini-chong-soc-chuyen-dung-3031-4-1-768x1024.jpg 768w, https:\/\/phukienflytech.vn\/wp-content\/uploads\/2020\/05\/vali-mavic-mini-chong-soc-chuyen-dung-3031-4-1-600x800.jpg 600w, https:\/\/phukienflytech.vn\/wp-content\/uploads\/2020\/05\/vali-mavic-mini-chong-soc-chuyen-dung-3031-4-1.jpg 1080w\" sizes=\"auto, (max-width: 445px) 100vw, 445px\" \/><\/strong><\/span><\/h2>\n<p><span style=\"font-size: 18px;\">H\u00e3y \u0111\u1ec3\u00a0<a href=\"https:\/\/facebook.com\/phukienflycam\/\" target=\"_blank\" rel=\"noopener noreferrer\">Ph\u1ee5 Ki\u1ec7n Fly-cam Gi\u00e1 T\u1ed1t<\/a>\u00a0ti\u1ebfp s\u1ee9c \u0111am m\u00ea, c\u00f4ng vi\u1ec7c c\u1ee7a b\u1ea1n, gi\u00fap b\u1ea1n th\u00eam ni\u1ec1m h\u1ee9ng kh\u1edfi trong \u0111am m\u00ea c\u0169ng nh\u01b0 c\u00f4ng vi\u1ec7c c\u1ee7a m\u00ecnh th\u00eam su\u00f4n s\u1ebb<\/span><\/p>\n<p>&nbsp;<\/p>\n<p><span style=\"font-size: 18px;\">&gt;&gt; Xem th\u00eam: <span style=\"color: #0000ff;\"><strong><a style=\"color: #0000ff;\" href=\"https:\/\/phukienflytech.vn\/en\/danh-muc\/mavic-mini-accessory.html\" target=\"_blank\" rel=\"noopener noreferrer\">Ph\u1ee5 ki\u1ec7n Mavic Mini<\/a><\/strong><\/span><\/span><\/p>\n<p><span style=\"font-size: 18px;\">&gt;&gt; Li\u00ean h\u1ec7 v\u1edbi ch\u00fang t\u00f4i qua: <strong><a href=\"https:\/\/facebook.com\/phukienflycam\" target=\"_blank\" rel=\"noopener noreferrer\">Fanpage<\/a><\/strong><\/span><\/p>\n","protected":false},"excerpt":{"rendered":"<p>Hard suicase for Mavic Mini Hard suicase for Mavic Mini T\u00ecm hi\u1ec3u v\u1ec1 vali Mavic mini c\u1ee9ng DJI. Ng\u00e0y nay nhu c\u1ea7u di chuy\u1ec3n, \u0111i l\u1ea1i c\u1ee7a c\u00e1c pilot ng\u00e0y c\u00e0ng nhi\u1ec1u ch\u00ednh v\u00ec v\u1eady \u0111\u1ec3 c\u00f3 th\u1ec3 b\u1ea3o qu\u1ea3n b\u1ed9 ph\u1ee5 ki\u1ec7n c\u0169ng nh\u01b0 chi\u1ebfc mavic mini c\u1ee7a b\u1ea1n m\u1ed9t c\u00e1ch\u00a0chuy\u00ean nghi\u1ec7p nh\u1ea5t th\u00ec &#8230;<\/p>\n","protected":false},"featured_media":7335,"comment_status":"open","ping_status":"closed","template":"","meta":{"_acf_changed":false},"product_brand":[],"product_cat":[176,181],"product_tag":[206,253],"class_list":{"0":"post-3042","1":"product","2":"type-product","3":"status-publish","4":"has-post-thumbnail","6":"product_cat-dji-osmo-drones-accessories","7":"product_cat-mavic-mini-accessory","8":"product_tag-phu-kien-dji-en","9":"product_tag-phu-kien-dji-mavic-mini-en","11":"first","12":"instock","13":"shipping-taxable","14":"purchasable","15":"product-type-simple"},"acf":[],"yoast_head":"<!-- This site is optimized with the Yoast SEO plugin v25.7 - https:\/\/yoast.com\/wordpress\/plugins\/seo\/ -->\n<title>Hard suicase for Mavic Mini - Mavic mini accessory - available - original.<\/title>\n<meta name=\"description\" content=\"Hard suicase for Mavic Mini is one of the most important accessory. Contact us to buy Hard suicase for Mavic Mini for best price.\" \/>\n<meta name=\"robots\" content=\"index, follow, max-snippet:-1, max-image-preview:large, max-video-preview:-1\" \/>\n<link rel=\"canonical\" href=\"https:\/\/phukienflytech.vn\/en\/san-pham\/hard-suicase-for-mavic-mini.html\" \/>\n<meta property=\"og:locale\" content=\"en_US\" \/>\n<meta property=\"og:type\" content=\"article\" \/>\n<meta property=\"og:title\" content=\"Hard suicase for Mavic Mini - Mavic mini accessory - available - original.\" \/>\n<meta property=\"og:description\" content=\"Hard suicase for Mavic Mini is one of the most important accessory. Contact us to buy Hard suicase for Mavic Mini for best price.\" \/>\n<meta property=\"og:url\" content=\"https:\/\/phukienflytech.vn\/en\/san-pham\/hard-suicase-for-mavic-mini.html\" \/>\n<meta property=\"og:site_name\" content=\"Shop M\u00e1y \u1ea3nh - Action Camera - Gimbal - Flycam - Ph\u1ee5 ki\u1ec7n\" \/>\n<meta property=\"article:publisher\" content=\"https:\/\/facebook.com\/phukienflycam\" \/>\n<meta property=\"article:modified_time\" content=\"2020-10-18T03:07:00+00:00\" \/>\n<meta property=\"og:image\" content=\"https:\/\/phukienflytech.vn\/wp-content\/uploads\/2020\/05\/300x300_vali-mavic-mini-chong-soc-phu-kien-flycam-dji-mavic-mini-231_-_Copy.jpg\" \/>\n\t<meta property=\"og:image:width\" content=\"300\" \/>\n\t<meta property=\"og:image:height\" content=\"300\" \/>\n\t<meta property=\"og:image:type\" content=\"image\/jpeg\" \/>\n<meta name=\"twitter:card\" content=\"summary_large_image\" \/>\n<meta name=\"twitter:label1\" content=\"Est. reading time\" \/>\n\t<meta name=\"twitter:data1\" content=\"3 minutes\" \/>\n<script type=\"application\/ld+json\" class=\"yoast-schema-graph\">{\"@context\":\"https:\/\/schema.org\",\"@graph\":[{\"@type\":\"WebPage\",\"@id\":\"https:\/\/phukienflytech.vn\/en\/san-pham\/hard-suicase-for-mavic-mini.html\",\"url\":\"https:\/\/phukienflytech.vn\/en\/san-pham\/hard-suicase-for-mavic-mini.html\",\"name\":\"Hard suicase for Mavic Mini - Mavic mini accessory - available - original.\",\"isPartOf\":{\"@id\":\"https:\/\/phukienflytech.vn\/#website\"},\"primaryImageOfPage\":{\"@id\":\"https:\/\/phukienflytech.vn\/en\/san-pham\/hard-suicase-for-mavic-mini.html#primaryimage\"},\"image\":{\"@id\":\"https:\/\/phukienflytech.vn\/en\/san-pham\/hard-suicase-for-mavic-mini.html#primaryimage\"},\"thumbnailUrl\":\"https:\/\/phukienflytech.vn\/wp-content\/uploads\/2020\/05\/300x300_vali-mavic-mini-chong-soc-phu-kien-flycam-dji-mavic-mini-231_-_Copy.jpg\",\"datePublished\":\"2020-06-17T08:25:49+00:00\",\"dateModified\":\"2020-10-18T03:07:00+00:00\",\"description\":\"Hard suicase for Mavic Mini is one of the most important accessory. Contact us to buy Hard suicase for Mavic Mini for best price.\",\"breadcrumb\":{\"@id\":\"https:\/\/phukienflytech.vn\/en\/san-pham\/hard-suicase-for-mavic-mini.html#breadcrumb\"},\"inLanguage\":\"en-US\",\"potentialAction\":[{\"@type\":\"ReadAction\",\"target\":[\"https:\/\/phukienflytech.vn\/en\/san-pham\/hard-suicase-for-mavic-mini.html\"]}]},{\"@type\":\"ImageObject\",\"inLanguage\":\"en-US\",\"@id\":\"https:\/\/phukienflytech.vn\/en\/san-pham\/hard-suicase-for-mavic-mini.html#primaryimage\",\"url\":\"https:\/\/phukienflytech.vn\/wp-content\/uploads\/2020\/05\/300x300_vali-mavic-mini-chong-soc-phu-kien-flycam-dji-mavic-mini-231_-_Copy.jpg\",\"contentUrl\":\"https:\/\/phukienflytech.vn\/wp-content\/uploads\/2020\/05\/300x300_vali-mavic-mini-chong-soc-phu-kien-flycam-dji-mavic-mini-231_-_Copy.jpg\",\"width\":300,\"height\":300},{\"@type\":\"BreadcrumbList\",\"@id\":\"https:\/\/phukienflytech.vn\/en\/san-pham\/hard-suicase-for-mavic-mini.html#breadcrumb\",\"itemListElement\":[{\"@type\":\"ListItem\",\"position\":1,\"name\":\"Home\",\"item\":\"https:\/\/phukienflytech.vn\/en\"},{\"@type\":\"ListItem\",\"position\":2,\"name\":\"Ph\u1ee5 ki\u1ec7n Mavic Pro\",\"item\":\"https:\/\/phukienflytech.vn\/en\/phu-kien-mavic-pro.html\"},{\"@type\":\"ListItem\",\"position\":3,\"name\":\"Ph\u1ee5 ki\u1ec7n DJI - Osmo\",\"item\":\"https:\/\/phukienflytech.vn\/danh-muc\/phu-kien-dji-osmo.html\"},{\"@type\":\"ListItem\",\"position\":4,\"name\":\"Hard suicase for Mavic Mini &#8211; Original DJI\"}]},{\"@type\":\"WebSite\",\"@id\":\"https:\/\/phukienflytech.vn\/#website\",\"url\":\"https:\/\/phukienflytech.vn\/\",\"name\":\"Shop M\u00e1y \u1ea3nh - Action Camera - Gimbal - Flycam - Ph\u1ee5 ki\u1ec7n\",\"description\":\"Shop M\u00e1y \u1ea3nh - Action Camera - Gimbal - Flycam - Ph\u1ee5 ki\u1ec7n\",\"publisher\":{\"@id\":\"https:\/\/phukienflytech.vn\/#organization\"},\"potentialAction\":[{\"@type\":\"SearchAction\",\"target\":{\"@type\":\"EntryPoint\",\"urlTemplate\":\"https:\/\/phukienflytech.vn\/?s={search_term_string}\"},\"query-input\":{\"@type\":\"PropertyValueSpecification\",\"valueRequired\":true,\"valueName\":\"search_term_string\"}}],\"inLanguage\":\"en-US\"},{\"@type\":\"Organization\",\"@id\":\"https:\/\/phukienflytech.vn\/#organization\",\"name\":\"DJI Store - Shop Drone, Action camera, Gimbal DJI |Phukienflytech\",\"alternateName\":\"DJI Store - Shop Drone, Action camera, Gimbal DJI |Phukienflytech\",\"url\":\"https:\/\/phukienflytech.vn\/\",\"logo\":{\"@type\":\"ImageObject\",\"inLanguage\":\"en-US\",\"@id\":\"https:\/\/phukienflytech.vn\/#\/schema\/logo\/image\/\",\"url\":\"https:\/\/phukienflytech.vn\/wp-content\/uploads\/2020\/05\/hAnh_nan.jpg1_.jpg\",\"contentUrl\":\"https:\/\/phukienflytech.vn\/wp-content\/uploads\/2020\/05\/hAnh_nan.jpg1_.jpg\",\"width\":800,\"height\":450,\"caption\":\"DJI Store - Shop Drone, Action camera, Gimbal DJI |Phukienflytech\"},\"image\":{\"@id\":\"https:\/\/phukienflytech.vn\/#\/schema\/logo\/image\/\"},\"sameAs\":[\"https:\/\/facebook.com\/phukienflycam\",\"https:\/\/www.youtube.com\/@phukienflytech\",\"https:\/\/www.tiktok.com\/@flytech.channel?fbclid=IwY2xjawGjg7BleHRuA2FlbQIxMAABHYVGmlXpuSMs0UB2zTpYvyT4GMVfN2qJa4urF4vkSQ6FAVBwXZtDP30qQA_aem_UwMiDcUvlEbd2tXAmsc8Og\"]}]}<\/script>\n<!-- \/ Yoast SEO plugin. -->","yoast_head_json":{"title":"Hard suicase for Mavic Mini - Mavic mini accessory - available - original.","description":"Hard suicase for Mavic Mini is one of the most important accessory. Contact us to buy Hard suicase for Mavic Mini for best price.","robots":{"index":"index","follow":"follow","max-snippet":"max-snippet:-1","max-image-preview":"max-image-preview:large","max-video-preview":"max-video-preview:-1"},"canonical":"https:\/\/phukienflytech.vn\/en\/san-pham\/hard-suicase-for-mavic-mini.html","og_locale":"en_US","og_type":"article","og_title":"Hard suicase for Mavic Mini - Mavic mini accessory - available - original.","og_description":"Hard suicase for Mavic Mini is one of the most important accessory. Contact us to buy Hard suicase for Mavic Mini for best price.","og_url":"https:\/\/phukienflytech.vn\/en\/san-pham\/hard-suicase-for-mavic-mini.html","og_site_name":"Shop M\u00e1y \u1ea3nh - Action Camera - Gimbal - Flycam - Ph\u1ee5 ki\u1ec7n","article_publisher":"https:\/\/facebook.com\/phukienflycam","article_modified_time":"2020-10-18T03:07:00+00:00","og_image":[{"width":300,"height":300,"url":"https:\/\/phukienflytech.vn\/wp-content\/uploads\/2020\/05\/300x300_vali-mavic-mini-chong-soc-phu-kien-flycam-dji-mavic-mini-231_-_Copy.jpg","type":"image\/jpeg"}],"twitter_card":"summary_large_image","twitter_misc":{"Est. reading time":"3 minutes"},"schema":{"@context":"https:\/\/schema.org","@graph":[{"@type":"WebPage","@id":"https:\/\/phukienflytech.vn\/en\/san-pham\/hard-suicase-for-mavic-mini.html","url":"https:\/\/phukienflytech.vn\/en\/san-pham\/hard-suicase-for-mavic-mini.html","name":"Hard suicase for Mavic Mini - Mavic mini accessory - available - original.","isPartOf":{"@id":"https:\/\/phukienflytech.vn\/#website"},"primaryImageOfPage":{"@id":"https:\/\/phukienflytech.vn\/en\/san-pham\/hard-suicase-for-mavic-mini.html#primaryimage"},"image":{"@id":"https:\/\/phukienflytech.vn\/en\/san-pham\/hard-suicase-for-mavic-mini.html#primaryimage"},"thumbnailUrl":"https:\/\/phukienflytech.vn\/wp-content\/uploads\/2020\/05\/300x300_vali-mavic-mini-chong-soc-phu-kien-flycam-dji-mavic-mini-231_-_Copy.jpg","datePublished":"2020-06-17T08:25:49+00:00","dateModified":"2020-10-18T03:07:00+00:00","description":"Hard suicase for Mavic Mini is one of the most important accessory. Contact us to buy Hard suicase for Mavic Mini for best price.","breadcrumb":{"@id":"https:\/\/phukienflytech.vn\/en\/san-pham\/hard-suicase-for-mavic-mini.html#breadcrumb"},"inLanguage":"en-US","potentialAction":[{"@type":"ReadAction","target":["https:\/\/phukienflytech.vn\/en\/san-pham\/hard-suicase-for-mavic-mini.html"]}]},{"@type":"ImageObject","inLanguage":"en-US","@id":"https:\/\/phukienflytech.vn\/en\/san-pham\/hard-suicase-for-mavic-mini.html#primaryimage","url":"https:\/\/phukienflytech.vn\/wp-content\/uploads\/2020\/05\/300x300_vali-mavic-mini-chong-soc-phu-kien-flycam-dji-mavic-mini-231_-_Copy.jpg","contentUrl":"https:\/\/phukienflytech.vn\/wp-content\/uploads\/2020\/05\/300x300_vali-mavic-mini-chong-soc-phu-kien-flycam-dji-mavic-mini-231_-_Copy.jpg","width":300,"height":300},{"@type":"BreadcrumbList","@id":"https:\/\/phukienflytech.vn\/en\/san-pham\/hard-suicase-for-mavic-mini.html#breadcrumb","itemListElement":[{"@type":"ListItem","position":1,"name":"Home","item":"https:\/\/phukienflytech.vn\/en"},{"@type":"ListItem","position":2,"name":"Ph\u1ee5 ki\u1ec7n Mavic Pro","item":"https:\/\/phukienflytech.vn\/en\/phu-kien-mavic-pro.html"},{"@type":"ListItem","position":3,"name":"Ph\u1ee5 ki\u1ec7n DJI - Osmo","item":"https:\/\/phukienflytech.vn\/danh-muc\/phu-kien-dji-osmo.html"},{"@type":"ListItem","position":4,"name":"Hard suicase for Mavic Mini &#8211; Original DJI"}]},{"@type":"WebSite","@id":"https:\/\/phukienflytech.vn\/#website","url":"https:\/\/phukienflytech.vn\/","name":"Shop M\u00e1y \u1ea3nh - Action Camera - Gimbal - Flycam - Ph\u1ee5 ki\u1ec7n","description":"Shop M\u00e1y \u1ea3nh - Action Camera - Gimbal - Flycam - Ph\u1ee5 ki\u1ec7n","publisher":{"@id":"https:\/\/phukienflytech.vn\/#organization"},"potentialAction":[{"@type":"SearchAction","target":{"@type":"EntryPoint","urlTemplate":"https:\/\/phukienflytech.vn\/?s={search_term_string}"},"query-input":{"@type":"PropertyValueSpecification","valueRequired":true,"valueName":"search_term_string"}}],"inLanguage":"en-US"},{"@type":"Organization","@id":"https:\/\/phukienflytech.vn\/#organization","name":"DJI Store - Shop Drone, Action camera, Gimbal DJI |Phukienflytech","alternateName":"DJI Store - Shop Drone, Action camera, Gimbal DJI |Phukienflytech","url":"https:\/\/phukienflytech.vn\/","logo":{"@type":"ImageObject","inLanguage":"en-US","@id":"https:\/\/phukienflytech.vn\/#\/schema\/logo\/image\/","url":"https:\/\/phukienflytech.vn\/wp-content\/uploads\/2020\/05\/hAnh_nan.jpg1_.jpg","contentUrl":"https:\/\/phukienflytech.vn\/wp-content\/uploads\/2020\/05\/hAnh_nan.jpg1_.jpg","width":800,"height":450,"caption":"DJI Store - Shop Drone, Action camera, Gimbal DJI |Phukienflytech"},"image":{"@id":"https:\/\/phukienflytech.vn\/#\/schema\/logo\/image\/"},"sameAs":["https:\/\/facebook.com\/phukienflycam","https:\/\/www.youtube.com\/@phukienflytech","https:\/\/www.tiktok.com\/@flytech.channel?fbclid=IwY2xjawGjg7BleHRuA2FlbQIxMAABHYVGmlXpuSMs0UB2zTpYvyT4GMVfN2qJa4urF4vkSQ6FAVBwXZtDP30qQA_aem_UwMiDcUvlEbd2tXAmsc8Og"]}]}},"_links":{"self":[{"href":"https:\/\/phukienflytech.vn\/en\/wp-json\/wp\/v2\/product\/3042","targetHints":{"allow":["GET"]}}],"collection":[{"href":"https:\/\/phukienflytech.vn\/en\/wp-json\/wp\/v2\/product"}],"about":[{"href":"https:\/\/phukienflytech.vn\/en\/wp-json\/wp\/v2\/types\/product"}],"replies":[{"embeddable":true,"href":"https:\/\/phukienflytech.vn\/en\/wp-json\/wp\/v2\/comments?post=3042"}],"wp:featuredmedia":[{"embeddable":true,"href":"https:\/\/phukienflytech.vn\/en\/wp-json\/wp\/v2\/media\/7335"}],"wp:attachment":[{"href":"https:\/\/phukienflytech.vn\/en\/wp-json\/wp\/v2\/media?parent=3042"}],"wp:term":[{"taxonomy":"product_brand","embeddable":true,"href":"https:\/\/phukienflytech.vn\/en\/wp-json\/wp\/v2\/product_brand?post=3042"},{"taxonomy":"product_cat","embeddable":true,"href":"https:\/\/phukienflytech.vn\/en\/wp-json\/wp\/v2\/product_cat?post=3042"},{"taxonomy":"product_tag","embeddable":true,"href":"https:\/\/phukienflytech.vn\/en\/wp-json\/wp\/v2\/product_tag?post=3042"}],"curies":[{"name":"wp","href":"https:\/\/api.w.org\/{rel}","templated":true}]}}