{"id":3052,"date":"2020-06-17T15:35:01","date_gmt":"2020-06-17T08:35:01","guid":{"rendered":"http:\/\/27430.lamdx.vinawebsite.vn\/san-pham\/tui-mavic-mini-professional-style-dji.html"},"modified":"2020-10-18T10:04:04","modified_gmt":"2020-10-18T03:04:04","slug":"shoulde-bag-mavic-mini","status":"publish","type":"product","link":"https:\/\/phukienflytech.vn\/en\/san-pham\/shoulde-bag-mavic-mini.html","title":{"rendered":"Professional shoulder bag Mavic Mini &#8211; DJI"},"content":{"rendered":"<h2><span style=\"color: #0000ff;\"><em><strong><span style=\"font-size: 21px;\">Shoulder bag Mavic Mini<\/span><\/strong><\/em><\/span><\/h2>\n<p><span style=\"font-size: 18px;\">Shoulder bag Mavic Mini<\/span><\/p>\n<p><span style=\"font-size: 18px;\"><strong><span style=\"font-size: 18px;\">T\u00fai \u0111eo Mavic Mini ch\u00ednh h\u00e3ng DJI &#8211; Ph\u1ee5 ki\u1ec7n flyca<\/span>m Mavic Mini c\u1ea7n thi\u1ebft<\/strong><\/span><\/p>\n<p><span style=\"font-size: 18px;\">Khi mua Mavic Mini ch\u00fang ta \u0111\u01b0\u1ee3c t\u1eb7ng k\u00e8m\u00a0<strong>vali Mavic Mini<\/strong>\u00a0n\u01a1i c\u00f3 th\u1ec3 ch\u1ee9a v\u1eeba \u0111\u1ee7 combo nh\u00e0 ph\u00e1t h\u00e0nh t\u00ednh to\u00e1n t\u1eeb tr\u01b0\u1edbc. Nh\u01b0ng v\u1edbi nh\u1eefng ng\u01b0\u1eddi ch\u01a1i mu\u1ed1n n\u00e2ng c\u1ea5p v\u1ec1\u00a0<strong>ph\u1ee5 ki\u1ec7n Mavic Mini<\/strong>\u00a0th\u00ec\u00a0<strong>vali Mavic Mini<\/strong>\u00a0s\u1ebd l\u00e0 kh\u00f4ng \u0111\u1ee7 \u0111\u1ec3 ch\u1ee9a<\/span><\/p>\n<p><span style=\"font-size: 18px;\"><img loading=\"lazy\" decoding=\"async\" class=\"alignnone\" src=\"https:\/\/phukienflytech.vn\/wp-content\/uploads\/2020\/05\/tui-mavic-mini-professional-style-dji-3043.jpg\" alt=\"tui-deo-mavic-mini\" width=\"450\" height=\"328\" \/><\/span><\/p>\n<p><span style=\"font-size: 18px;\">V\u00ec th\u1ebf chuy\u1ec3n t\u1eeb\u00a0<strong>vali <\/strong>sang\u00a0<strong>T\u00fai \u0111eo ch\u00ednh h\u00e3ng DJI<\/strong>\u00a0s\u1ebd l\u00e0 m\u1ed9t gi\u1ea3i ph\u00e1p t\u1ed1i \u01b0u h\u01a1n.<\/span><\/p>\n<p><span style=\"font-size: 18px;\">Hi\u1ec7n nay tr\u00ean th\u1ecb tr\u01b0\u1eddng c\u00f3 nhi\u1ec1u m\u1eabu\u00a0<strong>t\u00fai <\/strong>hay\u00a0<strong>Balo,\u2026<\/strong><\/span><\/p>\n<p><span style=\"font-size: 18px;\">\u0110\u1ed1i v\u1edbi nh\u1eefng ng\u01b0\u1eddi ch\u01a1i<strong><em>\u00a0<\/em>Mavic Mini<\/strong> ch\u1eafc ch\u1eafn kh\u00f4ng th\u1ec3 thi\u1ebfu c\u00e1c lo\u1ea1i balo mavic \u0111\u1ec3 b\u1ea3o v\u1ec7 cho chi\u1ebfc flycam c\u1ee7a b\u1ea1n kh\u1ecfi nh\u1eefng va ch\u1ea1m kh\u00f4ng \u0111\u00e1ng c\u00f3 khi di chuy\u1ec3n. L\u00e0 ph\u1ee5 ki\u1ec7n ph\u1ee5 ki\u1ec7n gi\u00fap b\u1ea1n l\u00e0m th\u1ef1c hi\u1ec7n \u0111i\u1ec1u \u0111\u00f3.<\/span><\/p>\n<p><span style=\"font-size: 18px;\">S\u1ea3n ph\u1ea9m\u00a0<strong>t\u00fai \u0111eo DJI Mavic 2 Pgytech d\u00e0nh cho Mavic Mini<\/strong>\u00a0\u0111ang \u0111\u01b0\u1ee3c m\u1ed9t b\u1ed9 ph\u1eadn ng\u01b0\u1eddi d\u00f9ng Mavic 2 \u0111\u00f3n ch\u00e0o<\/span><\/p>\n<p><span style=\"font-size: 18px;\"><img loading=\"lazy\" decoding=\"async\" class=\"alignnone\" src=\"https:\/\/phukienflytech.vn\/wp-content\/uploads\/2020\/05\/tui-mavic-mini-professional-style-dji-3043-1.jpg\" alt=\"tui-dji-mavic-mini\" width=\"450\" height=\"450\" \/><\/span><\/p>\n<p><span style=\"font-size: 18px;\">DJI l\u00e0 1 trong nh\u1eefng NSX v\u00e0 ph\u00e2n ph\u1ed1i h\u00e0ng \u0111\u1ea7u v\u1ec1\u00a0<strong>ph\u1ee5 ki\u1ec7n flycam DJI<\/strong>\u00a0v\u00e0\u00a0<strong>DJI Mavic Mini<\/strong>\u00a0c\u0169ng kh\u00f4ng n\u1eb1m ngo\u1ea1i l\u1ec7.<\/span><\/p>\n<p><span style=\"font-size: 18px;\">Ngo\u00e0i ra n\u1ebfu b\u1ea1n c\u00f3 s\u1eed d\u1ee5ng\u00a0<strong>DJI Osmo Pocket<\/strong>\u00a0v\u00e0\u00a0<strong>DJI Osmo Action<\/strong>\u00a0th\u00ec t\u00fai ho\u00e0n to\u00e0n c\u00f3 th\u1ec3 \u0111\u1ef1ng th\u00eam \u0111\u01b0\u1ee3c nh\u1eefng\u00a0<strong>Ph\u1ee5 ki\u1ec7n DJI Osmo Pocket, ph\u1ee5 ki\u1ec7n DJI Osmo Action.<\/strong><\/span><\/p>\n<p><span style=\"font-size: 18px;\"><img loading=\"lazy\" decoding=\"async\" class=\"alignnone\" src=\"https:\/\/phukienflytech.vn\/wp-content\/uploads\/2020\/05\/tui-mavic-mini-professional-style-dji-3043-2.jpg\" alt=\"balo-mavic-mini\" width=\"450\" height=\"347\" \/><\/span><\/p>\n<h2><span style=\"font-size: 21px;\"><strong><span style=\"color: #0000ff;\">Th\u00f4ng tin s\u1ea3n ph\u1ea9m Shoulder bag Mavic Mini\u00a0<\/span><\/strong><\/span><\/h2>\n<ul>\n<li><span style=\"font-size: 18px;\">V\u1eadt li\u1ec7u: \u0111\u01b0\u1ee3c l\u00e0m b\u1eb1ng 77% polyester v\u00e0 23% PVC.<\/span><\/li>\n<li><span style=\"font-size: 18px;\">Ph\u00f9 h\u01a1p : Mavic Mini, DJI Osmo Pocket, DJI Osmo Action<\/span><\/li>\n<li><span style=\"font-size: 18px;\">K\u00edch th\u01b0\u1edbc\u00a0 : 150 \u00d7 150 \u00d7 115 mm<\/span><\/li>\n<li><span style=\"font-size: 18px;\">Tr\u1ecdng l\u01b0\u1ee3ng : 270g<\/span><\/li>\n<li><span style=\"font-size: 18px;\">\u00a0Kh\u1ea3 n\u0103ng ch\u1ee9a \u0111\u1ef1ng : Hub s\u1ea1c, \u0111i\u1ec1u khi\u1ec3n Mavic Mini, Pin Mavic Mini v\u00e0 1 s\u1ed1 ph\u1ee5 ki\u1ec7n Mavic Mini kh\u00e1c.<\/span><\/li>\n<\/ul>\n<p>&nbsp;<\/p>\n<p><span style=\"font-size: 18px;\"><img loading=\"lazy\" decoding=\"async\" class=\"alignnone\" src=\"https:\/\/phukienflytech.vn\/wp-content\/uploads\/2020\/05\/tui-mavic-mini-professional-style-dji-3043-3.jpg\" alt=\"tui-mavic-mini\" width=\"450\" height=\"244\" \/><\/span><\/p>\n<p><span style=\"font-size: 18px;\">H\u00e3y \u0111\u1ec3\u00a0<a href=\"https:\/\/facebook.com\/phukienflycam\/\">Ph\u1ee5 Ki\u1ec7n Fly-cam Gi\u00e1 T\u1ed1t<\/a>\u00a0ti\u1ebfp s\u1ee9c \u0111am m\u00ea, c\u00f4ng vi\u1ec7c c\u1ee7a b\u1ea1n, gi\u00fap b\u1ea1n th\u00eam ni\u1ec1m h\u1ee9ng kh\u1edfi trong \u0111am m\u00ea c\u0169ng nh\u01b0 c\u00f4ng vi\u1ec7c c\u1ee7a m\u00ecnh th\u00eam su\u00f4n s\u1ebb v\u00e0 c\u00f3 nh\u1eefng chuy\u1ebfn bay an to\u00e0n.<\/span><\/p>\n<p>&nbsp;<\/p>\n<p><span style=\"font-size: 18px;\">&gt;&gt; Xem th\u00eam: <span style=\"color: #0000ff;\"><strong><a style=\"color: #0000ff;\" href=\"https:\/\/phukienflytech.vn\/en\/danh-muc\/mavic-mini-accessory.html\" target=\"_blank\" rel=\"noopener noreferrer\">Ph\u1ee5 ki\u1ec7n Mavic Mini<\/a><\/strong><\/span><\/span><\/p>\n<p><span style=\"font-size: 18px;\">&gt;&gt; Li\u00ean h\u1ec7 v\u1edbi ch\u00fang t\u00f4i qua: <strong><a href=\"https:\/\/facebook.com\/phukienflycam\" target=\"_blank\" rel=\"noopener noreferrer\">Fanpage<\/a><\/strong><\/span><\/p>\n","protected":false},"excerpt":{"rendered":"<p>Shoulder bag Mavic Mini Shoulder bag Mavic Mini T\u00fai \u0111eo Mavic Mini ch\u00ednh h\u00e3ng DJI &#8211; Ph\u1ee5 ki\u1ec7n flycam Mavic Mini c\u1ea7n thi\u1ebft Khi mua Mavic Mini ch\u00fang ta \u0111\u01b0\u1ee3c t\u1eb7ng k\u00e8m\u00a0vali Mavic Mini\u00a0n\u01a1i c\u00f3 th\u1ec3 ch\u1ee9a v\u1eeba \u0111\u1ee7 combo nh\u00e0 ph\u00e1t h\u00e0nh t\u00ednh to\u00e1n t\u1eeb tr\u01b0\u1edbc. Nh\u01b0ng v\u1edbi nh\u1eefng ng\u01b0\u1eddi ch\u01a1i mu\u1ed1n n\u00e2ng c\u1ea5p &#8230;<\/p>\n","protected":false},"featured_media":7327,"comment_status":"open","ping_status":"closed","template":"","meta":{"_acf_changed":false},"product_brand":[],"product_cat":[176,181],"product_tag":[206,253],"class_list":{"0":"post-3052","1":"product","2":"type-product","3":"status-publish","4":"has-post-thumbnail","6":"product_cat-dji-osmo-drones-accessories","7":"product_cat-mavic-mini-accessory","8":"product_tag-phu-kien-dji-en","9":"product_tag-phu-kien-dji-mavic-mini-en","11":"first","12":"instock","13":"sale","14":"shipping-taxable","15":"purchasable","16":"product-type-simple"},"acf":[],"yoast_head":"<!-- This site is optimized with the Yoast SEO plugin v25.7 - https:\/\/yoast.com\/wordpress\/plugins\/seo\/ -->\n<title>Shoulder bag Mavic Mini - DJI - Mavic mini accessory - avaialable.<\/title>\n<meta name=\"description\" content=\"Shoulder bag Mavic Mini is one of the most important accessory. Contact us to buy Shoulder bag Mavic Mini for best price, fast shipping.\" \/>\n<meta name=\"robots\" content=\"index, follow, max-snippet:-1, max-image-preview:large, max-video-preview:-1\" \/>\n<link rel=\"canonical\" href=\"https:\/\/phukienflytech.vn\/en\/san-pham\/shoulde-bag-mavic-mini.html\" \/>\n<meta property=\"og:locale\" content=\"en_US\" \/>\n<meta property=\"og:type\" content=\"article\" \/>\n<meta property=\"og:title\" content=\"Shoulder bag Mavic Mini - DJI - Mavic mini accessory - avaialable.\" \/>\n<meta property=\"og:description\" content=\"Shoulder bag Mavic Mini is one of the most important accessory. Contact us to buy Shoulder bag Mavic Mini for best price, fast shipping.\" \/>\n<meta property=\"og:url\" content=\"https:\/\/phukienflytech.vn\/en\/san-pham\/shoulde-bag-mavic-mini.html\" \/>\n<meta property=\"og:site_name\" content=\"Shop M\u00e1y \u1ea3nh - Action Camera - Gimbal - Flycam - Ph\u1ee5 ki\u1ec7n\" \/>\n<meta property=\"article:publisher\" content=\"https:\/\/facebook.com\/phukienflycam\" \/>\n<meta property=\"article:modified_time\" content=\"2020-10-18T03:04:04+00:00\" \/>\n<meta property=\"og:image\" content=\"https:\/\/phukienflytech.vn\/wp-content\/uploads\/2020\/05\/300x300_tui-mavic-mini-chinh-hang-dji-phu-kien-flycam-dji-mavic-mini_-_42_-_Copy_-_Copy12_-_Copy.jpg\" \/>\n\t<meta property=\"og:image:width\" content=\"300\" \/>\n\t<meta property=\"og:image:height\" content=\"300\" \/>\n\t<meta property=\"og:image:type\" content=\"image\/jpeg\" \/>\n<meta name=\"twitter:card\" content=\"summary_large_image\" \/>\n<meta name=\"twitter:label1\" content=\"Est. reading time\" \/>\n\t<meta name=\"twitter:data1\" content=\"2 minutes\" \/>\n<script type=\"application\/ld+json\" class=\"yoast-schema-graph\">{\"@context\":\"https:\/\/schema.org\",\"@graph\":[{\"@type\":\"WebPage\",\"@id\":\"https:\/\/phukienflytech.vn\/en\/san-pham\/shoulde-bag-mavic-mini.html\",\"url\":\"https:\/\/phukienflytech.vn\/en\/san-pham\/shoulde-bag-mavic-mini.html\",\"name\":\"Shoulder bag Mavic Mini - DJI - Mavic mini accessory - avaialable.\",\"isPartOf\":{\"@id\":\"https:\/\/phukienflytech.vn\/#website\"},\"primaryImageOfPage\":{\"@id\":\"https:\/\/phukienflytech.vn\/en\/san-pham\/shoulde-bag-mavic-mini.html#primaryimage\"},\"image\":{\"@id\":\"https:\/\/phukienflytech.vn\/en\/san-pham\/shoulde-bag-mavic-mini.html#primaryimage\"},\"thumbnailUrl\":\"https:\/\/phukienflytech.vn\/wp-content\/uploads\/2020\/05\/300x300_tui-mavic-mini-chinh-hang-dji-phu-kien-flycam-dji-mavic-mini_-_42_-_Copy_-_Copy12_-_Copy.jpg\",\"datePublished\":\"2020-06-17T08:35:01+00:00\",\"dateModified\":\"2020-10-18T03:04:04+00:00\",\"description\":\"Shoulder bag Mavic Mini is one of the most important accessory. Contact us to buy Shoulder bag Mavic Mini for best price, fast shipping.\",\"breadcrumb\":{\"@id\":\"https:\/\/phukienflytech.vn\/en\/san-pham\/shoulde-bag-mavic-mini.html#breadcrumb\"},\"inLanguage\":\"en-US\",\"potentialAction\":[{\"@type\":\"ReadAction\",\"target\":[\"https:\/\/phukienflytech.vn\/en\/san-pham\/shoulde-bag-mavic-mini.html\"]}]},{\"@type\":\"ImageObject\",\"inLanguage\":\"en-US\",\"@id\":\"https:\/\/phukienflytech.vn\/en\/san-pham\/shoulde-bag-mavic-mini.html#primaryimage\",\"url\":\"https:\/\/phukienflytech.vn\/wp-content\/uploads\/2020\/05\/300x300_tui-mavic-mini-chinh-hang-dji-phu-kien-flycam-dji-mavic-mini_-_42_-_Copy_-_Copy12_-_Copy.jpg\",\"contentUrl\":\"https:\/\/phukienflytech.vn\/wp-content\/uploads\/2020\/05\/300x300_tui-mavic-mini-chinh-hang-dji-phu-kien-flycam-dji-mavic-mini_-_42_-_Copy_-_Copy12_-_Copy.jpg\",\"width\":300,\"height\":300},{\"@type\":\"BreadcrumbList\",\"@id\":\"https:\/\/phukienflytech.vn\/en\/san-pham\/shoulde-bag-mavic-mini.html#breadcrumb\",\"itemListElement\":[{\"@type\":\"ListItem\",\"position\":1,\"name\":\"Home\",\"item\":\"https:\/\/phukienflytech.vn\/en\"},{\"@type\":\"ListItem\",\"position\":2,\"name\":\"Ph\u1ee5 ki\u1ec7n Mavic Pro\",\"item\":\"https:\/\/phukienflytech.vn\/en\/phu-kien-mavic-pro.html\"},{\"@type\":\"ListItem\",\"position\":3,\"name\":\"Ph\u1ee5 ki\u1ec7n DJI - Osmo\",\"item\":\"https:\/\/phukienflytech.vn\/danh-muc\/phu-kien-dji-osmo.html\"},{\"@type\":\"ListItem\",\"position\":4,\"name\":\"Professional shoulder bag Mavic Mini &#8211; DJI\"}]},{\"@type\":\"WebSite\",\"@id\":\"https:\/\/phukienflytech.vn\/#website\",\"url\":\"https:\/\/phukienflytech.vn\/\",\"name\":\"Shop M\u00e1y \u1ea3nh - Action Camera - Gimbal - Flycam - Ph\u1ee5 ki\u1ec7n\",\"description\":\"Shop M\u00e1y \u1ea3nh - Action Camera - Gimbal - Flycam - Ph\u1ee5 ki\u1ec7n\",\"publisher\":{\"@id\":\"https:\/\/phukienflytech.vn\/#organization\"},\"potentialAction\":[{\"@type\":\"SearchAction\",\"target\":{\"@type\":\"EntryPoint\",\"urlTemplate\":\"https:\/\/phukienflytech.vn\/?s={search_term_string}\"},\"query-input\":{\"@type\":\"PropertyValueSpecification\",\"valueRequired\":true,\"valueName\":\"search_term_string\"}}],\"inLanguage\":\"en-US\"},{\"@type\":\"Organization\",\"@id\":\"https:\/\/phukienflytech.vn\/#organization\",\"name\":\"DJI Store - Shop Drone, Action camera, Gimbal DJI |Phukienflytech\",\"alternateName\":\"DJI Store - Shop Drone, Action camera, Gimbal DJI |Phukienflytech\",\"url\":\"https:\/\/phukienflytech.vn\/\",\"logo\":{\"@type\":\"ImageObject\",\"inLanguage\":\"en-US\",\"@id\":\"https:\/\/phukienflytech.vn\/#\/schema\/logo\/image\/\",\"url\":\"https:\/\/phukienflytech.vn\/wp-content\/uploads\/2020\/05\/hAnh_nan.jpg1_.jpg\",\"contentUrl\":\"https:\/\/phukienflytech.vn\/wp-content\/uploads\/2020\/05\/hAnh_nan.jpg1_.jpg\",\"width\":800,\"height\":450,\"caption\":\"DJI Store - Shop Drone, Action camera, Gimbal DJI |Phukienflytech\"},\"image\":{\"@id\":\"https:\/\/phukienflytech.vn\/#\/schema\/logo\/image\/\"},\"sameAs\":[\"https:\/\/facebook.com\/phukienflycam\",\"https:\/\/www.youtube.com\/@phukienflytech\",\"https:\/\/www.tiktok.com\/@flytech.channel?fbclid=IwY2xjawGjg7BleHRuA2FlbQIxMAABHYVGmlXpuSMs0UB2zTpYvyT4GMVfN2qJa4urF4vkSQ6FAVBwXZtDP30qQA_aem_UwMiDcUvlEbd2tXAmsc8Og\"]}]}<\/script>\n<!-- \/ Yoast SEO plugin. -->","yoast_head_json":{"title":"Shoulder bag Mavic Mini - DJI - Mavic mini accessory - avaialable.","description":"Shoulder bag Mavic Mini is one of the most important accessory. Contact us to buy Shoulder bag Mavic Mini for best price, fast shipping.","robots":{"index":"index","follow":"follow","max-snippet":"max-snippet:-1","max-image-preview":"max-image-preview:large","max-video-preview":"max-video-preview:-1"},"canonical":"https:\/\/phukienflytech.vn\/en\/san-pham\/shoulde-bag-mavic-mini.html","og_locale":"en_US","og_type":"article","og_title":"Shoulder bag Mavic Mini - DJI - Mavic mini accessory - avaialable.","og_description":"Shoulder bag Mavic Mini is one of the most important accessory. Contact us to buy Shoulder bag Mavic Mini for best price, fast shipping.","og_url":"https:\/\/phukienflytech.vn\/en\/san-pham\/shoulde-bag-mavic-mini.html","og_site_name":"Shop M\u00e1y \u1ea3nh - Action Camera - Gimbal - Flycam - Ph\u1ee5 ki\u1ec7n","article_publisher":"https:\/\/facebook.com\/phukienflycam","article_modified_time":"2020-10-18T03:04:04+00:00","og_image":[{"width":300,"height":300,"url":"https:\/\/phukienflytech.vn\/wp-content\/uploads\/2020\/05\/300x300_tui-mavic-mini-chinh-hang-dji-phu-kien-flycam-dji-mavic-mini_-_42_-_Copy_-_Copy12_-_Copy.jpg","type":"image\/jpeg"}],"twitter_card":"summary_large_image","twitter_misc":{"Est. reading time":"2 minutes"},"schema":{"@context":"https:\/\/schema.org","@graph":[{"@type":"WebPage","@id":"https:\/\/phukienflytech.vn\/en\/san-pham\/shoulde-bag-mavic-mini.html","url":"https:\/\/phukienflytech.vn\/en\/san-pham\/shoulde-bag-mavic-mini.html","name":"Shoulder bag Mavic Mini - DJI - Mavic mini accessory - avaialable.","isPartOf":{"@id":"https:\/\/phukienflytech.vn\/#website"},"primaryImageOfPage":{"@id":"https:\/\/phukienflytech.vn\/en\/san-pham\/shoulde-bag-mavic-mini.html#primaryimage"},"image":{"@id":"https:\/\/phukienflytech.vn\/en\/san-pham\/shoulde-bag-mavic-mini.html#primaryimage"},"thumbnailUrl":"https:\/\/phukienflytech.vn\/wp-content\/uploads\/2020\/05\/300x300_tui-mavic-mini-chinh-hang-dji-phu-kien-flycam-dji-mavic-mini_-_42_-_Copy_-_Copy12_-_Copy.jpg","datePublished":"2020-06-17T08:35:01+00:00","dateModified":"2020-10-18T03:04:04+00:00","description":"Shoulder bag Mavic Mini is one of the most important accessory. Contact us to buy Shoulder bag Mavic Mini for best price, fast shipping.","breadcrumb":{"@id":"https:\/\/phukienflytech.vn\/en\/san-pham\/shoulde-bag-mavic-mini.html#breadcrumb"},"inLanguage":"en-US","potentialAction":[{"@type":"ReadAction","target":["https:\/\/phukienflytech.vn\/en\/san-pham\/shoulde-bag-mavic-mini.html"]}]},{"@type":"ImageObject","inLanguage":"en-US","@id":"https:\/\/phukienflytech.vn\/en\/san-pham\/shoulde-bag-mavic-mini.html#primaryimage","url":"https:\/\/phukienflytech.vn\/wp-content\/uploads\/2020\/05\/300x300_tui-mavic-mini-chinh-hang-dji-phu-kien-flycam-dji-mavic-mini_-_42_-_Copy_-_Copy12_-_Copy.jpg","contentUrl":"https:\/\/phukienflytech.vn\/wp-content\/uploads\/2020\/05\/300x300_tui-mavic-mini-chinh-hang-dji-phu-kien-flycam-dji-mavic-mini_-_42_-_Copy_-_Copy12_-_Copy.jpg","width":300,"height":300},{"@type":"BreadcrumbList","@id":"https:\/\/phukienflytech.vn\/en\/san-pham\/shoulde-bag-mavic-mini.html#breadcrumb","itemListElement":[{"@type":"ListItem","position":1,"name":"Home","item":"https:\/\/phukienflytech.vn\/en"},{"@type":"ListItem","position":2,"name":"Ph\u1ee5 ki\u1ec7n Mavic Pro","item":"https:\/\/phukienflytech.vn\/en\/phu-kien-mavic-pro.html"},{"@type":"ListItem","position":3,"name":"Ph\u1ee5 ki\u1ec7n DJI - Osmo","item":"https:\/\/phukienflytech.vn\/danh-muc\/phu-kien-dji-osmo.html"},{"@type":"ListItem","position":4,"name":"Professional shoulder bag Mavic Mini &#8211; DJI"}]},{"@type":"WebSite","@id":"https:\/\/phukienflytech.vn\/#website","url":"https:\/\/phukienflytech.vn\/","name":"Shop M\u00e1y \u1ea3nh - Action Camera - Gimbal - Flycam - Ph\u1ee5 ki\u1ec7n","description":"Shop M\u00e1y \u1ea3nh - Action Camera - Gimbal - Flycam - Ph\u1ee5 ki\u1ec7n","publisher":{"@id":"https:\/\/phukienflytech.vn\/#organization"},"potentialAction":[{"@type":"SearchAction","target":{"@type":"EntryPoint","urlTemplate":"https:\/\/phukienflytech.vn\/?s={search_term_string}"},"query-input":{"@type":"PropertyValueSpecification","valueRequired":true,"valueName":"search_term_string"}}],"inLanguage":"en-US"},{"@type":"Organization","@id":"https:\/\/phukienflytech.vn\/#organization","name":"DJI Store - Shop Drone, Action camera, Gimbal DJI |Phukienflytech","alternateName":"DJI Store - Shop Drone, Action camera, Gimbal DJI |Phukienflytech","url":"https:\/\/phukienflytech.vn\/","logo":{"@type":"ImageObject","inLanguage":"en-US","@id":"https:\/\/phukienflytech.vn\/#\/schema\/logo\/image\/","url":"https:\/\/phukienflytech.vn\/wp-content\/uploads\/2020\/05\/hAnh_nan.jpg1_.jpg","contentUrl":"https:\/\/phukienflytech.vn\/wp-content\/uploads\/2020\/05\/hAnh_nan.jpg1_.jpg","width":800,"height":450,"caption":"DJI Store - Shop Drone, Action camera, Gimbal DJI |Phukienflytech"},"image":{"@id":"https:\/\/phukienflytech.vn\/#\/schema\/logo\/image\/"},"sameAs":["https:\/\/facebook.com\/phukienflycam","https:\/\/www.youtube.com\/@phukienflytech","https:\/\/www.tiktok.com\/@flytech.channel?fbclid=IwY2xjawGjg7BleHRuA2FlbQIxMAABHYVGmlXpuSMs0UB2zTpYvyT4GMVfN2qJa4urF4vkSQ6FAVBwXZtDP30qQA_aem_UwMiDcUvlEbd2tXAmsc8Og"]}]}},"_links":{"self":[{"href":"https:\/\/phukienflytech.vn\/en\/wp-json\/wp\/v2\/product\/3052","targetHints":{"allow":["GET"]}}],"collection":[{"href":"https:\/\/phukienflytech.vn\/en\/wp-json\/wp\/v2\/product"}],"about":[{"href":"https:\/\/phukienflytech.vn\/en\/wp-json\/wp\/v2\/types\/product"}],"replies":[{"embeddable":true,"href":"https:\/\/phukienflytech.vn\/en\/wp-json\/wp\/v2\/comments?post=3052"}],"wp:featuredmedia":[{"embeddable":true,"href":"https:\/\/phukienflytech.vn\/en\/wp-json\/wp\/v2\/media\/7327"}],"wp:attachment":[{"href":"https:\/\/phukienflytech.vn\/en\/wp-json\/wp\/v2\/media?parent=3052"}],"wp:term":[{"taxonomy":"product_brand","embeddable":true,"href":"https:\/\/phukienflytech.vn\/en\/wp-json\/wp\/v2\/product_brand?post=3052"},{"taxonomy":"product_cat","embeddable":true,"href":"https:\/\/phukienflytech.vn\/en\/wp-json\/wp\/v2\/product_cat?post=3052"},{"taxonomy":"product_tag","embeddable":true,"href":"https:\/\/phukienflytech.vn\/en\/wp-json\/wp\/v2\/product_tag?post=3052"}],"curies":[{"name":"wp","href":"https:\/\/api.w.org\/{rel}","templated":true}]}}