{"id":3095,"date":"2020-06-19T11:01:19","date_gmt":"2020-06-19T04:01:19","guid":{"rendered":"http:\/\/27430.lamdx.vinawebsite.vn\/san-pham\/combo-3-filter-mavic-pro-phu-kien-mavic-pro.html"},"modified":"2020-10-17T15:41:50","modified_gmt":"2020-10-17T08:41:50","slug":"combo-3-filter-mavic-pro-platium","status":"publish","type":"product","link":"https:\/\/phukienflytech.vn\/en\/san-pham\/combo-3-filter-mavic-pro-platium.html","title":{"rendered":"Combo 3 Filter Mavic pro platium"},"content":{"rendered":"<h2><span style=\"color: #0000ff;\"><em><strong>Combo 3 Filter Mavic pro platium<\/strong> <\/em><\/span><\/h2>\n<p>&nbsp;<\/p>\n<p><span style=\"font-size: 18px;\">Combo 3 Filter Mavic pro platium<\/span><\/p>\n<p><span style=\"font-size: 18px;\">Filter mavic pro \/ platium l\u00e0 m\u1ed9t trong nh\u1eefng ph\u1ee5 ki\u1ec7n mavic \u0111\u01b0\u1ee3c c\u00e1c pilot v\u00f4 c\u00f9ng quan t\u00e2m.\u00a0 Hi\u1ec7n nay c\u00f3 r\u1ea5t nhi\u1ec1u c\u00e1c filter mavic \u0111\u1ec3 ng\u01b0\u1eddi d\u00f9ng c\u00f3 th\u1ec3 d\u1ec5 d\u00e0ng ch\u1ecdn l\u1ef1a nh\u01b0 filter CPL mavic pro \/ platium,\u00a0 filter MCUV,b\u1ed9 combo filter mavic pro \/ platium,\u00a0 filter ND mavic pro \/ platium,&#8230;t\u1ea5t c\u1ea3 \u0111\u1ec1u ph\u1ee5 thu\u1ed9c v\u00e0o s\u1ef1 l\u1ef1a ch\u1ecdn c\u1ee7a ng\u01b0\u1eddi d\u00f9ng v\u00e0 s\u1ef1 hi\u1ec3u bi\u1ebft c\u1ee7a h\u1ecd v\u1ec1 lens camera mavic pro \/ platium,\u00a0 kinh l\u1ecdc mavic.<\/span><\/p>\n<p><span style=\"font-size: 18px;\"><img loading=\"lazy\" decoding=\"async\" class=\"alignnone wp-image-15690 size-medium\" src=\"https:\/\/phukienflytech.vn\/wp-content\/uploads\/2020\/05\/\u901a\u7528-7-400x400.jpg\" alt=\"Combo-3-Filter-Mavic-pro-platium-4\" width=\"400\" height=\"400\" srcset=\"https:\/\/phukienflytech.vn\/wp-content\/uploads\/2020\/05\/\u901a\u7528-7-400x400.jpg 400w, https:\/\/phukienflytech.vn\/wp-content\/uploads\/2020\/05\/\u901a\u7528-7-280x280.jpg 280w, https:\/\/phukienflytech.vn\/wp-content\/uploads\/2020\/05\/\u901a\u7528-7-768x768.jpg 768w, https:\/\/phukienflytech.vn\/wp-content\/uploads\/2020\/05\/\u901a\u7528-7-800x800.jpg 800w, https:\/\/phukienflytech.vn\/wp-content\/uploads\/2020\/05\/\u901a\u7528-7-300x300.jpg 300w, https:\/\/phukienflytech.vn\/wp-content\/uploads\/2020\/05\/\u901a\u7528-7-600x600.jpg 600w, https:\/\/phukienflytech.vn\/wp-content\/uploads\/2020\/05\/\u901a\u7528-7-100x100.jpg 100w, https:\/\/phukienflytech.vn\/wp-content\/uploads\/2020\/05\/\u901a\u7528-7.jpg 900w\" sizes=\"auto, (max-width: 400px) 100vw, 400px\" \/><\/span><\/p>\n<p>&nbsp;<\/p>\n<h2><span style=\"font-size: 21px; color: #0000ff;\"><strong><em>C\u00f4ng d\u1ee5ng c\u1ee7a Combo 3 filter Mavic pro<\/em><\/strong><\/span><\/h2>\n<p><span style=\"font-size: 18px;\">B\u1ed9 filter mavic c\u00f3 ba lo\u1ea1i l\u00e0 CPL MAVIC,\u00a0 MCUV MAVIC v\u00e0 filter ND mavic.\u00a0 M\u1ed7i lo\u1ea1i ph\u1ee5 ki\u1ec7n mavic l\u1ea1i c\u00f3 m\u1ed9t c\u00f4ng d\u1ee5ng v\u00f4 c\u00f9ng kh\u00e1c nhau \u0111\u1ec3 ng\u01b0\u1eddi d\u00f9ng c\u00f3 th\u1ec3 d\u1ec5 d\u00e0ng l\u1ef1a ch\u1ecdn.<\/span><\/p>\n<p><span style=\"font-size: 18px;\"><img loading=\"lazy\" decoding=\"async\" class=\"alignnone size-medium wp-image-15692\" src=\"https:\/\/phukienflytech.vn\/wp-content\/uploads\/2020\/05\/\u901a\u7528-11-400x400.jpg\" alt=\"\" width=\"400\" height=\"400\" srcset=\"https:\/\/phukienflytech.vn\/wp-content\/uploads\/2020\/05\/\u901a\u7528-11-400x400.jpg 400w, https:\/\/phukienflytech.vn\/wp-content\/uploads\/2020\/05\/\u901a\u7528-11-280x280.jpg 280w, https:\/\/phukienflytech.vn\/wp-content\/uploads\/2020\/05\/\u901a\u7528-11-768x768.jpg 768w, https:\/\/phukienflytech.vn\/wp-content\/uploads\/2020\/05\/\u901a\u7528-11-800x800.jpg 800w, https:\/\/phukienflytech.vn\/wp-content\/uploads\/2020\/05\/\u901a\u7528-11-300x300.jpg 300w, https:\/\/phukienflytech.vn\/wp-content\/uploads\/2020\/05\/\u901a\u7528-11-600x600.jpg 600w, https:\/\/phukienflytech.vn\/wp-content\/uploads\/2020\/05\/\u901a\u7528-11-100x100.jpg 100w, https:\/\/phukienflytech.vn\/wp-content\/uploads\/2020\/05\/\u901a\u7528-11.jpg 900w\" sizes=\"auto, (max-width: 400px) 100vw, 400px\" \/><\/span><\/p>\n<p><span style=\"font-size: 18px;\">Filter ND mavic l\u00e0 lens mavic c\u00f3 t\u00e1c d\u1ee5ng gi\u00fap gi\u1ea3m s\u00e1ng to\u00e0n ph\u1ea7n t\u1ef1 nhi\u00ean, b\u1edbt c\u01b0\u1eddng \u0111\u1ed9 \u00e1nh s\u00e1ng gi\u00fap cho ng\u01b0\u1eddi d\u00f9ng c\u00f3 th\u1ec3 ch\u1ee5p \u1ea3nh trong \u0111i\u1ec1u ki\u1ec7n \u00e1nh s\u00e1ng ch\u00f3i chang.<\/span><\/p>\n<p><span style=\"font-size: 18px;\"><img loading=\"lazy\" decoding=\"async\" class=\"alignnone size-full wp-image-15699\" src=\"https:\/\/phukienflytech.vn\/wp-content\/uploads\/2020\/05\/bo-filter-combo-mavic-pro-4676-2.png\" alt=\"\" width=\"450\" height=\"337\" \/><\/span><\/p>\n<p><span style=\"font-size: 18px;\">Filter MCUV mavic gi\u00fap c\u1ea3n tia c\u1ef1c t\u00edm UV g\u00e2y \u1ea3nh h\u01b0\u1edfng \u0111\u1ebfn m\u00e0u s\u1eafc v\u00e0 \u00e1nh s\u00e1ng c\u1ee7a b\u1ee9c \u1ea3nh.<\/span><\/p>\n<p><span style=\"font-size: 18px;\"><img loading=\"lazy\" decoding=\"async\" class=\"alignnone wp-image-15701 size-medium\" src=\"https:\/\/phukienflytech.vn\/wp-content\/uploads\/2020\/05\/bo-filter-combo-mavic-pro-4676-3-1-400x400.jpg\" alt=\"Combo-3-Filter-Mavic-pro-platium-1\" width=\"400\" height=\"400\" srcset=\"https:\/\/phukienflytech.vn\/wp-content\/uploads\/2020\/05\/bo-filter-combo-mavic-pro-4676-3-1-400x400.jpg 400w, https:\/\/phukienflytech.vn\/wp-content\/uploads\/2020\/05\/bo-filter-combo-mavic-pro-4676-3-1-280x280.jpg 280w, https:\/\/phukienflytech.vn\/wp-content\/uploads\/2020\/05\/bo-filter-combo-mavic-pro-4676-3-1-300x300.jpg 300w, https:\/\/phukienflytech.vn\/wp-content\/uploads\/2020\/05\/bo-filter-combo-mavic-pro-4676-3-1-100x100.jpg 100w, https:\/\/phukienflytech.vn\/wp-content\/uploads\/2020\/05\/bo-filter-combo-mavic-pro-4676-3-1.jpg 450w\" sizes=\"auto, (max-width: 400px) 100vw, 400px\" \/><\/span><\/p>\n<p><span style=\"font-size: 18px;\">Filter CPL mavic l\u00e0 lens th\u00edch h\u1ee3p cho ng\u01b0\u1eddi d\u00f9ng di chuy\u1ec3n v\u00e0 ch\u1ee5p ngo\u00e0i c\u1ea3nh.<\/span><\/p>\n<h3><span style=\"font-size: 18px;\"><img loading=\"lazy\" decoding=\"async\" class=\"alignnone size-full wp-image-15703\" src=\"https:\/\/phukienflytech.vn\/wp-content\/uploads\/2020\/05\/bo-filter-combo-mavic-pro-4676-4-1.jpg\" alt=\"\" width=\"450\" height=\"340\" \/><\/span><\/h3>\n<p>&nbsp;<\/p>\n<h3><span style=\"font-size: 18px; color: #0000ff;\"><em><strong>T\u1ea1i sao n\u00ean l\u1ef1a ch\u1ecdn combo filter lens mavic pro \/ platium<\/strong><\/em><\/span><\/h3>\n<p><span style=\"font-size: 18px;\">Khi l\u1ef1a ch\u1ecdn combo filter Maivc air, b\u1ea1n s\u1ebd c\u00f3 full option v\u1ec1 l\u1ef1a ch\u1ecdn c\u00e1c hi\u1ec7u \u1ee9ng filter trong tay m\u00e0 kh\u00f4ng c\u1ea7n ph\u1ea3i \u0111\u1eafn cho vi\u1ec7c l\u1ef1a ch\u1ecdn khi mua. V\u1edbi Filter Combo mavic pro \/ platium, b\u1ea1n c\u00f3 th\u1ec3 t\u00f9y bi\u1ebfn quay video, ch\u1ee5p h\u00ecnh trong c\u00e1c ho\u00e0n c\u1ea3nh bay v\u00e0 \u00e1nh s\u00e1ng quay ch\u1ee5p kh\u00e1c nhau theo \u00fd mu\u1ed1n m\u1ed9t c\u00e1ch nhanh nh\u1ea5t<\/span><\/p>\n<p><span style=\"font-size: 18px;\"><img loading=\"lazy\" decoding=\"async\" class=\"alignnone wp-image-15696 size-medium\" src=\"https:\/\/phukienflytech.vn\/wp-content\/uploads\/2020\/05\/\u901a\u7528-22-400x400.jpg\" alt=\"Combo-3-Filter-Mavic-pro-platium-9\" width=\"400\" height=\"400\" srcset=\"https:\/\/phukienflytech.vn\/wp-content\/uploads\/2020\/05\/\u901a\u7528-22-400x400.jpg 400w, https:\/\/phukienflytech.vn\/wp-content\/uploads\/2020\/05\/\u901a\u7528-22-280x280.jpg 280w, https:\/\/phukienflytech.vn\/wp-content\/uploads\/2020\/05\/\u901a\u7528-22-768x768.jpg 768w, https:\/\/phukienflytech.vn\/wp-content\/uploads\/2020\/05\/\u901a\u7528-22-800x800.jpg 800w, https:\/\/phukienflytech.vn\/wp-content\/uploads\/2020\/05\/\u901a\u7528-22-300x300.jpg 300w, https:\/\/phukienflytech.vn\/wp-content\/uploads\/2020\/05\/\u901a\u7528-22-600x600.jpg 600w, https:\/\/phukienflytech.vn\/wp-content\/uploads\/2020\/05\/\u901a\u7528-22-100x100.jpg 100w, https:\/\/phukienflytech.vn\/wp-content\/uploads\/2020\/05\/\u901a\u7528-22.jpg 900w\" sizes=\"auto, (max-width: 400px) 100vw, 400px\" \/><\/span><\/p>\n<p><span style=\"font-size: 18px;\">Quan tr\u1ecdng h\u01a1n l\u00e0 khi l\u1ef1a ch\u1ecdn g\u00f3i combo mavic pro \/ platium b\u1ea1n \u0111\u00e3 \u0111\u01b0\u1ee3c gi\u1ea3m gi\u00e1 t\u1edbi 13% so v\u1edbi vi\u1ec7c mua l\u1ebb c\u00e1c filter CPL mavic pro \/ platium, MCUV v\u00e0 ND mavic pro \/ platium v\u00e0 c\u00f2n \u0111\u01b0\u1ee3c t\u1eb7ng th\u1ec7m h\u1ed9p \u0111\u1ef1ng ch\u1ed1ng s\u1ed1c fitler mavic pro \/ platium<\/span><\/p>\n<p><span style=\"font-size: 18px;\">N\u00ean l\u1ef1a ch\u1ecdn combo 3 fitler mavic pro &#8211; new version hay combo 3 filter mavic pro n\u00e0y ?<\/span><\/p>\n<p><span style=\"font-size: 18px;\">C\u00e2u tr\u1ea3 l\u1eddi : C\u00f4ng d\u1ee5ng c\u1ee7a 2 lo\u1ea1i l\u00e0 100% nh\u01b0 nhau. \u0110i\u1ec3m kh\u00e1c nhau ch\u00ednh l\u00e0 thi\u1ebft k\u1ebf b\u00ean ngo\u00e0i\u00a0<\/span><\/p>\n<p><span style=\"font-size: 18px;\">+ V\u1edbi filter new version : l\u00e0 thi\u1ebft k\u1ebf c\u00e0i filter v\u00e0o khe c\u1ee7a camera (s\u1ebd c\u00f3 ph\u1ea7n th\u00e1o l\u1eafp ti\u1ec7n h\u01a1n)<\/span><\/p>\n<p><span style=\"font-size: 18px;\">+ V\u1edbi filter b\u1ea3n tr\u01b0\u1edbc (\u0111ang \u0111\u1ec1 c\u1eadp) : s\u1eed d\u1ee5ng m\u00fat nh\u1ef1a cao su \u0111\u1ec3 g\u1eafn v\u00e0o camera v\u00e0 c\u00f3 ph\u1ea9n ch\u1eafc ch\u0103n h\u01a1n m\u1ed9t ch\u00fat<\/span><\/p>\n<p><span style=\"font-size: 18px;\">V\u1eady, vi\u1ec7c b\u1ea1n l\u1ef1a tr\u1ecdn 1 trong 2 lo\u1ea1i l\u00e0 do c\u1ea3m gi\u00e1c TH\u00cdCH lo\u1ea1i n\u00e0o h\u01a1n m\u00e0 th\u00f4i. H\u00e3y y\u00ean t\u00e2m v\u00e0 t\u1ef1 tin l\u1ef1a ch\u1ecdn nh\u00e9 !<\/span><\/p>\n<p><span style=\"font-size: 18px;\"><img loading=\"lazy\" decoding=\"async\" class=\"alignnone wp-image-15705 size-medium\" src=\"https:\/\/phukienflytech.vn\/wp-content\/uploads\/2020\/05\/combo-3-filter-mavic-pro-phu-kien-mavic-pro-3074-5-1-400x400.jpg\" alt=\"Combo-3-Filter-Mavic-pro-platium\" width=\"400\" height=\"400\" srcset=\"https:\/\/phukienflytech.vn\/wp-content\/uploads\/2020\/05\/combo-3-filter-mavic-pro-phu-kien-mavic-pro-3074-5-1-400x400.jpg 400w, https:\/\/phukienflytech.vn\/wp-content\/uploads\/2020\/05\/combo-3-filter-mavic-pro-phu-kien-mavic-pro-3074-5-1-280x280.jpg 280w, https:\/\/phukienflytech.vn\/wp-content\/uploads\/2020\/05\/combo-3-filter-mavic-pro-phu-kien-mavic-pro-3074-5-1-768x768.jpg 768w, https:\/\/phukienflytech.vn\/wp-content\/uploads\/2020\/05\/combo-3-filter-mavic-pro-phu-kien-mavic-pro-3074-5-1-800x800.jpg 800w, https:\/\/phukienflytech.vn\/wp-content\/uploads\/2020\/05\/combo-3-filter-mavic-pro-phu-kien-mavic-pro-3074-5-1-300x300.jpg 300w, https:\/\/phukienflytech.vn\/wp-content\/uploads\/2020\/05\/combo-3-filter-mavic-pro-phu-kien-mavic-pro-3074-5-1-600x600.jpg 600w, https:\/\/phukienflytech.vn\/wp-content\/uploads\/2020\/05\/combo-3-filter-mavic-pro-phu-kien-mavic-pro-3074-5-1-100x100.jpg 100w, https:\/\/phukienflytech.vn\/wp-content\/uploads\/2020\/05\/combo-3-filter-mavic-pro-phu-kien-mavic-pro-3074-5-1.jpg 900w\" sizes=\"auto, (max-width: 400px) 100vw, 400px\" \/><\/span><\/p>\n<h2><span style=\"font-size: 21px; color: #0000ff;\"><em><strong>Mua ph\u1ee5 ki\u1ec7n flycam DJI phantom,Mavic,Spark \u1edf \u0111\u00e2u?<\/strong><\/em><\/span><\/h2>\n<p><span style=\"font-size: 18px;\"><em><strong><a href=\"https:\/\/facebook.com\/phukienflycam\" target=\"_blank\" rel=\"noopener noreferrer\">Ph\u1ee5 Ki\u1ec7n Flytech Gi\u00e1 T\u1ed1t<\/a><\/strong><\/em>\u00a0h\u00e2n h\u1ea1nh \u0111em l\u1ea1i c\u00e1c m\u1eabu s\u1ea3n ph\u1ea9m Balo phatom ch\u00ednh h\u00e3ng t\u1ed1t nh\u1ea5t ph\u1ee5c v\u1ee5 \u0111am m\u00ea, v\u00e0 c\u00f4ng vi\u1ec7c c\u1ee7a c\u00e1c b\u1ea1n, h\u00e3y \u0111\u1ec3 ch\u00fang t\u00f4i ti\u1ebfp s\u1ee9c \u0111am m\u00ea, c\u00f4ng vi\u1ec7c c\u1ee7a b\u1ea1n, gi\u00fap b\u1ea1n th\u00eam ni\u1ec1m h\u1ee9ng kh\u1edfi trong \u0111am m\u00ea c\u0169ng nh\u01b0 c\u00f4ng vi\u1ec7c c\u1ee7a m\u00ecnh th\u00eam su\u00f4n s\u1ebb<\/span><\/p>\n<p><span style=\"font-size: 18px;\">\u00a0<\/span><\/p>\n<p><span style=\"font-size: 18px;\">Ch\u00fang t\u00f4i chuy\u00ean cung c\u1ea5p h\u1ea7u h\u1ebft t\u1ea5t c\u00e1c c\u00e1c ph\u1ee5 ki\u1ec7n flycam DJI c\u1ee7a Phantom 3,4 series, Mavic series, DJI Spark v\u00e0 inspire 1<\/span><\/p>\n<p><span style=\"font-size: 18px;\">Nh\u00e0 s\u1ea3n xu\u1ea5t : Sunnylife \u2013 l\u00e0 m\u1ed9t trong nh\u1eefng Vendor cung c\u1ea5p c\u00e1c ph\u1ee5 ki\u1ec7n, linh ki\u1ec7n thay th\u1ebf cho DJI Flycam.<\/span><\/p>\n<p>&nbsp;<\/p>\n<p><span style=\"font-size: 18px;\">&gt;&gt; Xem th\u00eam: <span style=\"color: #0000ff;\"><strong><a style=\"color: #0000ff;\" href=\"https:\/\/phukienflytech.vn\/en\/danh-muc\/mavic-pro-accessory.html\" target=\"_blank\" rel=\"noopener noreferrer\">Ph\u1ee5 ki\u1ec7n Mavic Pro<\/a><\/strong><\/span><\/span><\/p>\n<p><span style=\"font-size: 18px;\">&gt;&gt; Li\u00ean h\u1ec7 v\u1edbi ch\u00fang t\u00f4i qua: <strong><a href=\"https:\/\/fb.com\/phukienflycam\" target=\"_blank\" rel=\"noopener noreferrer\">Fanpage<\/a><\/strong><\/span><\/p>\n","protected":false},"excerpt":{"rendered":"<p>Combo 3 Filter Mavic pro platium &nbsp; Combo 3 Filter Mavic pro platium Filter mavic pro \/ platium l\u00e0 m\u1ed9t trong nh\u1eefng ph\u1ee5 ki\u1ec7n mavic \u0111\u01b0\u1ee3c c\u00e1c pilot v\u00f4 c\u00f9ng quan t\u00e2m.\u00a0 Hi\u1ec7n nay c\u00f3 r\u1ea5t nhi\u1ec1u c\u00e1c filter mavic \u0111\u1ec3 ng\u01b0\u1eddi d\u00f9ng c\u00f3 th\u1ec3 d\u1ec5 d\u00e0ng ch\u1ecdn l\u1ef1a nh\u01b0 filter CPL mavic pro \/ &#8230;<\/p>\n","protected":false},"featured_media":3076,"comment_status":"open","ping_status":"closed","template":"","meta":{"_acf_changed":false},"product_brand":[],"product_cat":[178],"product_tag":[223,249],"class_list":{"0":"post-3095","1":"product","2":"type-product","3":"status-publish","4":"has-post-thumbnail","6":"product_cat-mavic-pro-accessory","7":"product_tag-phu-kien-mavic-pro-en","8":"product_tag-phu-kien-sunnylife-en","10":"first","11":"instock","12":"shipping-taxable","13":"purchasable","14":"product-type-simple"},"acf":[],"yoast_head":"<!-- This site is optimized with the Yoast SEO plugin v25.7 - https:\/\/yoast.com\/wordpress\/plugins\/seo\/ -->\n<title>Combo 3 Filter Mavic pro platium - Mavic pro platinum accessory<\/title>\n<meta name=\"description\" content=\"Combo 3 Filter Mavic pro platium is one of the most important accessory. Contact us to buy Combo 3 Filter Mavic pro platium for best price\" \/>\n<meta name=\"robots\" content=\"index, follow, max-snippet:-1, max-image-preview:large, max-video-preview:-1\" \/>\n<link rel=\"canonical\" href=\"https:\/\/phukienflytech.vn\/en\/san-pham\/combo-3-filter-mavic-pro-platium.html\" \/>\n<meta property=\"og:locale\" content=\"en_US\" \/>\n<meta property=\"og:type\" content=\"article\" \/>\n<meta property=\"og:title\" content=\"Combo 3 Filter Mavic pro platium - Mavic pro platinum accessory\" \/>\n<meta property=\"og:description\" content=\"Combo 3 Filter Mavic pro platium is one of the most important accessory. Contact us to buy Combo 3 Filter Mavic pro platium for best price\" \/>\n<meta property=\"og:url\" content=\"https:\/\/phukienflytech.vn\/en\/san-pham\/combo-3-filter-mavic-pro-platium.html\" \/>\n<meta property=\"og:site_name\" content=\"Shop M\u00e1y \u1ea3nh - Action Camera - Gimbal - Flycam - Ph\u1ee5 ki\u1ec7n\" \/>\n<meta property=\"article:publisher\" content=\"https:\/\/facebook.com\/phukienflycam\" \/>\n<meta property=\"article:modified_time\" content=\"2020-10-17T08:41:50+00:00\" \/>\n<meta property=\"og:image\" content=\"https:\/\/phukienflytech.vn\/wp-content\/uploads\/2020\/05\/ph\u1ee5-ki\u1ec7n-mavic-pro-k\u00ednh-filter-mavic-pro-3-CPL-mcuv-nd8.png\" \/>\n\t<meta property=\"og:image:width\" content=\"300\" \/>\n\t<meta property=\"og:image:height\" content=\"300\" \/>\n\t<meta property=\"og:image:type\" content=\"image\/png\" \/>\n<meta name=\"twitter:card\" content=\"summary_large_image\" \/>\n<meta name=\"twitter:label1\" content=\"Est. reading time\" \/>\n\t<meta name=\"twitter:data1\" content=\"4 minutes\" \/>\n<script type=\"application\/ld+json\" class=\"yoast-schema-graph\">{\"@context\":\"https:\/\/schema.org\",\"@graph\":[{\"@type\":\"WebPage\",\"@id\":\"https:\/\/phukienflytech.vn\/en\/san-pham\/combo-3-filter-mavic-pro-platium.html\",\"url\":\"https:\/\/phukienflytech.vn\/en\/san-pham\/combo-3-filter-mavic-pro-platium.html\",\"name\":\"Combo 3 Filter Mavic pro platium - Mavic pro platinum accessory\",\"isPartOf\":{\"@id\":\"https:\/\/phukienflytech.vn\/#website\"},\"primaryImageOfPage\":{\"@id\":\"https:\/\/phukienflytech.vn\/en\/san-pham\/combo-3-filter-mavic-pro-platium.html#primaryimage\"},\"image\":{\"@id\":\"https:\/\/phukienflytech.vn\/en\/san-pham\/combo-3-filter-mavic-pro-platium.html#primaryimage\"},\"thumbnailUrl\":\"https:\/\/phukienflytech.vn\/wp-content\/uploads\/2020\/05\/ph\u1ee5-ki\u1ec7n-mavic-pro-k\u00ednh-filter-mavic-pro-3-CPL-mcuv-nd8.png\",\"datePublished\":\"2020-06-19T04:01:19+00:00\",\"dateModified\":\"2020-10-17T08:41:50+00:00\",\"description\":\"Combo 3 Filter Mavic pro platium is one of the most important accessory. Contact us to buy Combo 3 Filter Mavic pro platium for best price\",\"breadcrumb\":{\"@id\":\"https:\/\/phukienflytech.vn\/en\/san-pham\/combo-3-filter-mavic-pro-platium.html#breadcrumb\"},\"inLanguage\":\"en-US\",\"potentialAction\":[{\"@type\":\"ReadAction\",\"target\":[\"https:\/\/phukienflytech.vn\/en\/san-pham\/combo-3-filter-mavic-pro-platium.html\"]}]},{\"@type\":\"ImageObject\",\"inLanguage\":\"en-US\",\"@id\":\"https:\/\/phukienflytech.vn\/en\/san-pham\/combo-3-filter-mavic-pro-platium.html#primaryimage\",\"url\":\"https:\/\/phukienflytech.vn\/wp-content\/uploads\/2020\/05\/ph\u1ee5-ki\u1ec7n-mavic-pro-k\u00ednh-filter-mavic-pro-3-CPL-mcuv-nd8.png\",\"contentUrl\":\"https:\/\/phukienflytech.vn\/wp-content\/uploads\/2020\/05\/ph\u1ee5-ki\u1ec7n-mavic-pro-k\u00ednh-filter-mavic-pro-3-CPL-mcuv-nd8.png\",\"width\":300,\"height\":300},{\"@type\":\"BreadcrumbList\",\"@id\":\"https:\/\/phukienflytech.vn\/en\/san-pham\/combo-3-filter-mavic-pro-platium.html#breadcrumb\",\"itemListElement\":[{\"@type\":\"ListItem\",\"position\":1,\"name\":\"Home\",\"item\":\"https:\/\/phukienflytech.vn\/en\"},{\"@type\":\"ListItem\",\"position\":2,\"name\":\"Ph\u1ee5 ki\u1ec7n Mavic Pro\",\"item\":\"https:\/\/phukienflytech.vn\/en\/phu-kien-mavic-pro.html\"},{\"@type\":\"ListItem\",\"position\":3,\"name\":\"DJI Osmo &amp; Drone's accessories\",\"item\":\"https:\/\/phukienflytech.vn\/en\/danh-muc\/dji-osmo-drones-accessories.html\"},{\"@type\":\"ListItem\",\"position\":4,\"name\":\"Mavic Pro Accessory\",\"item\":\"https:\/\/phukienflytech.vn\/en\/danh-muc\/mavic-pro-accessory.html\"},{\"@type\":\"ListItem\",\"position\":5,\"name\":\"Combo 3 Filter Mavic pro platium\"}]},{\"@type\":\"WebSite\",\"@id\":\"https:\/\/phukienflytech.vn\/#website\",\"url\":\"https:\/\/phukienflytech.vn\/\",\"name\":\"Shop M\u00e1y \u1ea3nh - Action Camera - Gimbal - Flycam - Ph\u1ee5 ki\u1ec7n\",\"description\":\"Shop M\u00e1y \u1ea3nh - Action Camera - Gimbal - Flycam - Ph\u1ee5 ki\u1ec7n\",\"publisher\":{\"@id\":\"https:\/\/phukienflytech.vn\/#organization\"},\"potentialAction\":[{\"@type\":\"SearchAction\",\"target\":{\"@type\":\"EntryPoint\",\"urlTemplate\":\"https:\/\/phukienflytech.vn\/?s={search_term_string}\"},\"query-input\":{\"@type\":\"PropertyValueSpecification\",\"valueRequired\":true,\"valueName\":\"search_term_string\"}}],\"inLanguage\":\"en-US\"},{\"@type\":\"Organization\",\"@id\":\"https:\/\/phukienflytech.vn\/#organization\",\"name\":\"DJI Store - Shop Drone, Action camera, Gimbal DJI |Phukienflytech\",\"alternateName\":\"DJI Store - Shop Drone, Action camera, Gimbal DJI |Phukienflytech\",\"url\":\"https:\/\/phukienflytech.vn\/\",\"logo\":{\"@type\":\"ImageObject\",\"inLanguage\":\"en-US\",\"@id\":\"https:\/\/phukienflytech.vn\/#\/schema\/logo\/image\/\",\"url\":\"https:\/\/phukienflytech.vn\/wp-content\/uploads\/2020\/05\/hAnh_nan.jpg1_.jpg\",\"contentUrl\":\"https:\/\/phukienflytech.vn\/wp-content\/uploads\/2020\/05\/hAnh_nan.jpg1_.jpg\",\"width\":800,\"height\":450,\"caption\":\"DJI Store - Shop Drone, Action camera, Gimbal DJI |Phukienflytech\"},\"image\":{\"@id\":\"https:\/\/phukienflytech.vn\/#\/schema\/logo\/image\/\"},\"sameAs\":[\"https:\/\/facebook.com\/phukienflycam\",\"https:\/\/www.youtube.com\/@phukienflytech\",\"https:\/\/www.tiktok.com\/@flytech.channel?fbclid=IwY2xjawGjg7BleHRuA2FlbQIxMAABHYVGmlXpuSMs0UB2zTpYvyT4GMVfN2qJa4urF4vkSQ6FAVBwXZtDP30qQA_aem_UwMiDcUvlEbd2tXAmsc8Og\"]}]}<\/script>\n<!-- \/ Yoast SEO plugin. -->","yoast_head_json":{"title":"Combo 3 Filter Mavic pro platium - Mavic pro platinum accessory","description":"Combo 3 Filter Mavic pro platium is one of the most important accessory. Contact us to buy Combo 3 Filter Mavic pro platium for best price","robots":{"index":"index","follow":"follow","max-snippet":"max-snippet:-1","max-image-preview":"max-image-preview:large","max-video-preview":"max-video-preview:-1"},"canonical":"https:\/\/phukienflytech.vn\/en\/san-pham\/combo-3-filter-mavic-pro-platium.html","og_locale":"en_US","og_type":"article","og_title":"Combo 3 Filter Mavic pro platium - Mavic pro platinum accessory","og_description":"Combo 3 Filter Mavic pro platium is one of the most important accessory. Contact us to buy Combo 3 Filter Mavic pro platium for best price","og_url":"https:\/\/phukienflytech.vn\/en\/san-pham\/combo-3-filter-mavic-pro-platium.html","og_site_name":"Shop M\u00e1y \u1ea3nh - Action Camera - Gimbal - Flycam - Ph\u1ee5 ki\u1ec7n","article_publisher":"https:\/\/facebook.com\/phukienflycam","article_modified_time":"2020-10-17T08:41:50+00:00","og_image":[{"width":300,"height":300,"url":"https:\/\/phukienflytech.vn\/wp-content\/uploads\/2020\/05\/ph\u1ee5-ki\u1ec7n-mavic-pro-k\u00ednh-filter-mavic-pro-3-CPL-mcuv-nd8.png","type":"image\/png"}],"twitter_card":"summary_large_image","twitter_misc":{"Est. reading time":"4 minutes"},"schema":{"@context":"https:\/\/schema.org","@graph":[{"@type":"WebPage","@id":"https:\/\/phukienflytech.vn\/en\/san-pham\/combo-3-filter-mavic-pro-platium.html","url":"https:\/\/phukienflytech.vn\/en\/san-pham\/combo-3-filter-mavic-pro-platium.html","name":"Combo 3 Filter Mavic pro platium - Mavic pro platinum accessory","isPartOf":{"@id":"https:\/\/phukienflytech.vn\/#website"},"primaryImageOfPage":{"@id":"https:\/\/phukienflytech.vn\/en\/san-pham\/combo-3-filter-mavic-pro-platium.html#primaryimage"},"image":{"@id":"https:\/\/phukienflytech.vn\/en\/san-pham\/combo-3-filter-mavic-pro-platium.html#primaryimage"},"thumbnailUrl":"https:\/\/phukienflytech.vn\/wp-content\/uploads\/2020\/05\/ph\u1ee5-ki\u1ec7n-mavic-pro-k\u00ednh-filter-mavic-pro-3-CPL-mcuv-nd8.png","datePublished":"2020-06-19T04:01:19+00:00","dateModified":"2020-10-17T08:41:50+00:00","description":"Combo 3 Filter Mavic pro platium is one of the most important accessory. Contact us to buy Combo 3 Filter Mavic pro platium for best price","breadcrumb":{"@id":"https:\/\/phukienflytech.vn\/en\/san-pham\/combo-3-filter-mavic-pro-platium.html#breadcrumb"},"inLanguage":"en-US","potentialAction":[{"@type":"ReadAction","target":["https:\/\/phukienflytech.vn\/en\/san-pham\/combo-3-filter-mavic-pro-platium.html"]}]},{"@type":"ImageObject","inLanguage":"en-US","@id":"https:\/\/phukienflytech.vn\/en\/san-pham\/combo-3-filter-mavic-pro-platium.html#primaryimage","url":"https:\/\/phukienflytech.vn\/wp-content\/uploads\/2020\/05\/ph\u1ee5-ki\u1ec7n-mavic-pro-k\u00ednh-filter-mavic-pro-3-CPL-mcuv-nd8.png","contentUrl":"https:\/\/phukienflytech.vn\/wp-content\/uploads\/2020\/05\/ph\u1ee5-ki\u1ec7n-mavic-pro-k\u00ednh-filter-mavic-pro-3-CPL-mcuv-nd8.png","width":300,"height":300},{"@type":"BreadcrumbList","@id":"https:\/\/phukienflytech.vn\/en\/san-pham\/combo-3-filter-mavic-pro-platium.html#breadcrumb","itemListElement":[{"@type":"ListItem","position":1,"name":"Home","item":"https:\/\/phukienflytech.vn\/en"},{"@type":"ListItem","position":2,"name":"Ph\u1ee5 ki\u1ec7n Mavic Pro","item":"https:\/\/phukienflytech.vn\/en\/phu-kien-mavic-pro.html"},{"@type":"ListItem","position":3,"name":"DJI Osmo &amp; Drone's accessories","item":"https:\/\/phukienflytech.vn\/en\/danh-muc\/dji-osmo-drones-accessories.html"},{"@type":"ListItem","position":4,"name":"Mavic Pro Accessory","item":"https:\/\/phukienflytech.vn\/en\/danh-muc\/mavic-pro-accessory.html"},{"@type":"ListItem","position":5,"name":"Combo 3 Filter Mavic pro platium"}]},{"@type":"WebSite","@id":"https:\/\/phukienflytech.vn\/#website","url":"https:\/\/phukienflytech.vn\/","name":"Shop M\u00e1y \u1ea3nh - Action Camera - Gimbal - Flycam - Ph\u1ee5 ki\u1ec7n","description":"Shop M\u00e1y \u1ea3nh - Action Camera - Gimbal - Flycam - Ph\u1ee5 ki\u1ec7n","publisher":{"@id":"https:\/\/phukienflytech.vn\/#organization"},"potentialAction":[{"@type":"SearchAction","target":{"@type":"EntryPoint","urlTemplate":"https:\/\/phukienflytech.vn\/?s={search_term_string}"},"query-input":{"@type":"PropertyValueSpecification","valueRequired":true,"valueName":"search_term_string"}}],"inLanguage":"en-US"},{"@type":"Organization","@id":"https:\/\/phukienflytech.vn\/#organization","name":"DJI Store - Shop Drone, Action camera, Gimbal DJI |Phukienflytech","alternateName":"DJI Store - Shop Drone, Action camera, Gimbal DJI |Phukienflytech","url":"https:\/\/phukienflytech.vn\/","logo":{"@type":"ImageObject","inLanguage":"en-US","@id":"https:\/\/phukienflytech.vn\/#\/schema\/logo\/image\/","url":"https:\/\/phukienflytech.vn\/wp-content\/uploads\/2020\/05\/hAnh_nan.jpg1_.jpg","contentUrl":"https:\/\/phukienflytech.vn\/wp-content\/uploads\/2020\/05\/hAnh_nan.jpg1_.jpg","width":800,"height":450,"caption":"DJI Store - Shop Drone, Action camera, Gimbal DJI |Phukienflytech"},"image":{"@id":"https:\/\/phukienflytech.vn\/#\/schema\/logo\/image\/"},"sameAs":["https:\/\/facebook.com\/phukienflycam","https:\/\/www.youtube.com\/@phukienflytech","https:\/\/www.tiktok.com\/@flytech.channel?fbclid=IwY2xjawGjg7BleHRuA2FlbQIxMAABHYVGmlXpuSMs0UB2zTpYvyT4GMVfN2qJa4urF4vkSQ6FAVBwXZtDP30qQA_aem_UwMiDcUvlEbd2tXAmsc8Og"]}]}},"_links":{"self":[{"href":"https:\/\/phukienflytech.vn\/en\/wp-json\/wp\/v2\/product\/3095","targetHints":{"allow":["GET"]}}],"collection":[{"href":"https:\/\/phukienflytech.vn\/en\/wp-json\/wp\/v2\/product"}],"about":[{"href":"https:\/\/phukienflytech.vn\/en\/wp-json\/wp\/v2\/types\/product"}],"replies":[{"embeddable":true,"href":"https:\/\/phukienflytech.vn\/en\/wp-json\/wp\/v2\/comments?post=3095"}],"wp:featuredmedia":[{"embeddable":true,"href":"https:\/\/phukienflytech.vn\/en\/wp-json\/wp\/v2\/media\/3076"}],"wp:attachment":[{"href":"https:\/\/phukienflytech.vn\/en\/wp-json\/wp\/v2\/media?parent=3095"}],"wp:term":[{"taxonomy":"product_brand","embeddable":true,"href":"https:\/\/phukienflytech.vn\/en\/wp-json\/wp\/v2\/product_brand?post=3095"},{"taxonomy":"product_cat","embeddable":true,"href":"https:\/\/phukienflytech.vn\/en\/wp-json\/wp\/v2\/product_cat?post=3095"},{"taxonomy":"product_tag","embeddable":true,"href":"https:\/\/phukienflytech.vn\/en\/wp-json\/wp\/v2\/product_tag?post=3095"}],"curies":[{"name":"wp","href":"https:\/\/api.w.org\/{rel}","templated":true}]}}