{"id":3139,"date":"2020-06-24T11:43:47","date_gmt":"2020-06-24T04:43:47","guid":{"rendered":"http:\/\/27430.lamdx.vinawebsite.vn\/san-pham\/sac-nhanh-mavic-pro-sac-3in1-danh-cho-mavic-type-b.html"},"modified":"2021-01-16T09:22:24","modified_gmt":"2021-01-16T02:22:24","slug":"charger-3-in-1-for-mavic-pro","status":"publish","type":"product","link":"https:\/\/phukienflytech.vn\/en\/san-pham\/charger-3-in-1-for-mavic-pro.html","title":{"rendered":"Quick charger 3in1 for Mavic Pro &#8211; Yxtech &#8211; Type B"},"content":{"rendered":"<h2><span style=\"color: #0000ff;\"><em><strong>Charger 3in1 for Mavic Pro<\/strong><\/em><\/span><\/h2>\n<p>&nbsp;<\/p>\n<p><span style=\"font-size: 18px;\">Charger 3in1 for Mavic Pro<\/span><\/p>\n<p><span style=\"font-size: 18px;\"><em>Th\u00f4ng tin v\u1ec1 S\u1ea1c nhanh mavic pro 3in1:<\/em><\/span><\/p>\n<ul>\n<li><span style=\"font-size: 18px;\">L\u00e0 phi\u00ean b\u1ea3n m\u1edbi s\u1ea1c nhanh Phantom 4 series c\u1ee7a Yxtek\u00a0\u00a0<\/span><\/li>\n<li><span style=\"font-size: 18px;\">Ph\u00f9 h\u1ee3p v\u1edbi : Mavic pro \/ Platium<\/span><\/li>\n<li><span style=\"font-size: 18px;\">D\u00f2ng \u0111i\u1ec7n v\u00e0o : 110V &#8211; 240V &#8211; 50\/60Hz<\/span><\/li>\n<li><span style=\"font-size: 18px;\">D\u00f2ng \u0111i\u1ec7n ra : 13.05V &#8211; 12A (4A 1 c\u1ed5ng s\u1ea1c)<\/span><\/li>\n<li><span style=\"font-size: 18px;\">Th\u1eddi gian s\u1ea1c : 60 -75\u00a0\u00a0phut \/ 3 vi\u00ean<\/span><\/li>\n<li><span style=\"font-size: 18px;\">K\u00edch th\u01b0\u1edbc: 16*11*3.7 cm<\/span><\/li>\n<li><span style=\"font-size: 18px;\">B\u1ed9 s\u1ea1c \u0111\u00e3 \u0111\u01b0\u1ee3c c\u1ea3i ti\u1ebfn \u1ed5n \u00e1p v\u00e0 qu\u1ea1t l\u00e0m m\u00e1t (tuy\u1ec7t \u0111\u1ed1i an to\u00e0n &#8211; v\u00e0 th\u00f4ng minh)<\/span><\/li>\n<\/ul>\n<p><span style=\"font-size: 18px;\"><img loading=\"lazy\" decoding=\"async\" class=\"alignnone wp-image-15727\" src=\"https:\/\/phukienflytech.vn\/wp-content\/uploads\/2020\/05\/sac-nhanh-mavic-pro-sac-3in1-danh-cho-mavic-type-b-3122-1-1-400x400.jpg\" alt=\"\" width=\"429\" height=\"429\" srcset=\"https:\/\/phukienflytech.vn\/wp-content\/uploads\/2020\/05\/sac-nhanh-mavic-pro-sac-3in1-danh-cho-mavic-type-b-3122-1-1-400x400.jpg 400w, https:\/\/phukienflytech.vn\/wp-content\/uploads\/2020\/05\/sac-nhanh-mavic-pro-sac-3in1-danh-cho-mavic-type-b-3122-1-1-280x280.jpg 280w, https:\/\/phukienflytech.vn\/wp-content\/uploads\/2020\/05\/sac-nhanh-mavic-pro-sac-3in1-danh-cho-mavic-type-b-3122-1-1-768x768.jpg 768w, https:\/\/phukienflytech.vn\/wp-content\/uploads\/2020\/05\/sac-nhanh-mavic-pro-sac-3in1-danh-cho-mavic-type-b-3122-1-1.jpg 800w, https:\/\/phukienflytech.vn\/wp-content\/uploads\/2020\/05\/sac-nhanh-mavic-pro-sac-3in1-danh-cho-mavic-type-b-3122-1-1-300x300.jpg 300w, https:\/\/phukienflytech.vn\/wp-content\/uploads\/2020\/05\/sac-nhanh-mavic-pro-sac-3in1-danh-cho-mavic-type-b-3122-1-1-600x600.jpg 600w, https:\/\/phukienflytech.vn\/wp-content\/uploads\/2020\/05\/sac-nhanh-mavic-pro-sac-3in1-danh-cho-mavic-type-b-3122-1-1-100x100.jpg 100w\" sizes=\"auto, (max-width: 429px) 100vw, 429px\" \/><\/span><\/p>\n<h2><span style=\"color: #0000ff; font-size: 21px;\"><em><strong>T\u1ea1i sao ch\u00fang ta n\u00ean s\u1eed d\u1ee5ng Charger 3in1 for Mavic Pro?\u00a0<\/strong><\/em><\/span><\/h2>\n<p><span style=\"font-size: 18px;\"><img loading=\"lazy\" decoding=\"async\" class=\"alignnone wp-image-15725\" src=\"https:\/\/phukienflytech.vn\/wp-content\/uploads\/2020\/05\/sac-nhanh-mavic-pro-sac-3in1-danh-cho-mavic-type-b-3122-7-400x400.jpg\" alt=\"Charger-3-in-1-for-Mavic-Pro-7\" width=\"448\" height=\"448\" srcset=\"https:\/\/phukienflytech.vn\/wp-content\/uploads\/2020\/05\/sac-nhanh-mavic-pro-sac-3in1-danh-cho-mavic-type-b-3122-7-400x400.jpg 400w, https:\/\/phukienflytech.vn\/wp-content\/uploads\/2020\/05\/sac-nhanh-mavic-pro-sac-3in1-danh-cho-mavic-type-b-3122-7-280x280.jpg 280w, https:\/\/phukienflytech.vn\/wp-content\/uploads\/2020\/05\/sac-nhanh-mavic-pro-sac-3in1-danh-cho-mavic-type-b-3122-7-768x768.jpg 768w, https:\/\/phukienflytech.vn\/wp-content\/uploads\/2020\/05\/sac-nhanh-mavic-pro-sac-3in1-danh-cho-mavic-type-b-3122-7.jpg 800w, https:\/\/phukienflytech.vn\/wp-content\/uploads\/2020\/05\/sac-nhanh-mavic-pro-sac-3in1-danh-cho-mavic-type-b-3122-7-300x300.jpg 300w, https:\/\/phukienflytech.vn\/wp-content\/uploads\/2020\/05\/sac-nhanh-mavic-pro-sac-3in1-danh-cho-mavic-type-b-3122-7-600x600.jpg 600w, https:\/\/phukienflytech.vn\/wp-content\/uploads\/2020\/05\/sac-nhanh-mavic-pro-sac-3in1-danh-cho-mavic-type-b-3122-7-100x100.jpg 100w\" sizes=\"auto, (max-width: 448px) 100vw, 448px\" \/><\/span><\/p>\n<p><span style=\"font-size: 18px;\">C\u00f3 m\u1ed9t s\u1ef1 th\u1eadt kh\u00f4ng th\u1ec3 ch\u1ed1i c\u00e3i l\u00e0 khi ch\u00fang ta ch\u01a1i flycam DJI Mavic Pro b\u1ea3n only &amp; combo,\u00a0ai ai c\u0169ng c\u00f3 cho m\u00ecnh it nh\u1ea5t t\u1eeb 2 t\u1edbi 3 c\u1ee5c pin \u0111\u1ec3 c\u00f3 th\u1ec3 th\u1ecfa m\u00e3n th\u1eddi gian \u0111am m\u00ea c\u0169ng nh\u01b0 l\u00e0 \u0111\u00e1p \u1ee9ng \u0111\u01b0\u1ee3c nhu c\u1ea7u quay film v\u00e0 ch\u1ee5p h\u00ecnh t\u1eeb tr\u00ean cao c\u1ee7a m\u00ecnh.\u00a0<\/span><\/p>\n<p><span style=\"font-size: 18px;\"><img loading=\"lazy\" decoding=\"async\" class=\"alignnone wp-image-15735\" src=\"https:\/\/phukienflytech.vn\/wp-content\/uploads\/2020\/05\/sac-nhanh-mavic-pro-sac-3in1-danh-cho-mavic-type-b-3122-5-663x400.png\" alt=\"\" width=\"514\" height=\"310\" srcset=\"https:\/\/phukienflytech.vn\/wp-content\/uploads\/2020\/05\/sac-nhanh-mavic-pro-sac-3in1-danh-cho-mavic-type-b-3122-5-663x400.png 663w, https:\/\/phukienflytech.vn\/wp-content\/uploads\/2020\/05\/sac-nhanh-mavic-pro-sac-3in1-danh-cho-mavic-type-b-3122-5-600x362.png 600w, https:\/\/phukienflytech.vn\/wp-content\/uploads\/2020\/05\/sac-nhanh-mavic-pro-sac-3in1-danh-cho-mavic-type-b-3122-5.png 676w\" sizes=\"auto, (max-width: 514px) 100vw, 514px\" \/><\/span><\/p>\n<p><span style=\"font-size: 18px;\">Do v\u1eady, v\u1edbi b\u1ed9 s\u1ea1c g\u1ed1c theo m\u00e1y bay ch\u1ec9 \u0111\u00e1p \u1ee9ng s\u1ea1c 1 c\u1ee5c pin\u00a0 m\u1ed7i l\u1ea7n, c\u1ee9 nh\u01b0 v\u1eady ch\u00fang ta ph\u1ea3i c\u0103n th\u1eddi gian s\u1ea1c t\u1eeb r\u1ea5t s\u1edbm \u0111\u1ec3 c\u00f3 th\u1ec3 s\u1ea1c to\u00e0n b\u1ed9 ch\u00fang cho t\u1edbi khi t\u1ea5t c\u1ea3 c\u00f9ng \u0111\u1ea7y.\u00a0Hay l\u00e0<em><strong>\u00a0<a href=\"http:\/\/phukienflytech.vn\/san-pham\/hub-sac-3-pin-mavic-pro.html\" target=\"_blank\" rel=\"noopener noreferrer\">Hub s\u1ea1c d\u00e0nh cho 4 pin<\/a><\/strong><\/em>\u00a0th\u00ec c\u0169ng ch\u1ec9 s\u1ea1c \u0111\u01b0\u1ee3c t\u1eebng vi\u00ean pin ch\u1ee9 kh\u00f4ng \u0111\u1ed3ng th\u1eddi\u00a0\u00a0<\/span><\/p>\n<p><span style=\"font-size: 18px;\"><img loading=\"lazy\" decoding=\"async\" class=\"alignnone wp-image-15731\" src=\"https:\/\/phukienflytech.vn\/wp-content\/uploads\/2020\/05\/sac-nhanh-mavic-pro-sac-3in1-danh-cho-mavic-type-b-3122-3-686x400.png\" alt=\"\" width=\"473\" height=\"276\" srcset=\"https:\/\/phukienflytech.vn\/wp-content\/uploads\/2020\/05\/sac-nhanh-mavic-pro-sac-3in1-danh-cho-mavic-type-b-3122-3-686x400.png 686w, https:\/\/phukienflytech.vn\/wp-content\/uploads\/2020\/05\/sac-nhanh-mavic-pro-sac-3in1-danh-cho-mavic-type-b-3122-3-600x350.png 600w, https:\/\/phukienflytech.vn\/wp-content\/uploads\/2020\/05\/sac-nhanh-mavic-pro-sac-3in1-danh-cho-mavic-type-b-3122-3.png 691w\" sizes=\"auto, (max-width: 473px) 100vw, 473px\" \/><\/span><\/p>\n<p><span style=\"font-size: 18px;\">Nh\u01b0 v\u1eady th\u1eadt b\u1ea5t ti\u1ec7n, ch\u01b0a k\u1ec3 c\u00f3 nh\u1eefng h\u00f4m sau ch\u00fang ta c\u1ea7n quay nhi\u1ec1u, m\u00e0 \u0111\u00eam nay ta l\u1ea1i ph\u1ea3i s\u1ea1c t\u1eebng c\u1ee5c pin nh\u01b0 v\u1eady th\u00ec l\u00e0m sao c\u00f3 th\u1ec3 ng\u1ee7 ngon gi\u1ea5c<\/span><\/p>\n<p><span style=\"font-size: 18px;\">V\u00ec v\u1eady, h\u00e3y ngh\u0129 t\u1edbi gi\u1ea3i ph\u00e1p\u00a0<strong>B\u1ed9 s\u1ea1c nhanh Mavic pro<\/strong>\u00a03 in 1: 3 pin\u00a0 v\u00e0 trong c\u00f9ng m\u1ed9t l\u1ea7n c\u1eafm s\u1ea1c\u00a0170 ph\u00fat &#8211; 190\u00a0ph\u00fat. Si\u00eau ti\u1ec7n l\u1ee3i \u0111\u1eb7c bi\u1ec7t l\u00e0 trong nh\u1eefng l\u1ea7n du l\u1ecbch kh\u00f4ng c\u00f3 qu\u00e1 nhi\u1ec1u th\u1eddi gian ngh\u1ec9 \u0111\u1ec3 ti\u1ebfp t\u1ee5c n\u1ea1p pin<\/span><\/p>\n<p><span style=\"font-size: 18px;\"><img loading=\"lazy\" decoding=\"async\" class=\"alignnone wp-image-15729\" src=\"https:\/\/phukienflytech.vn\/wp-content\/uploads\/2020\/05\/sac-nhanh-mavic-pro-sac-3in1-danh-cho-mavic-type-b-3122-2-1-533x400.jpg\" alt=\"Charger-3-in-1-for-Mavic-Pro-9\" width=\"457\" height=\"343\" srcset=\"https:\/\/phukienflytech.vn\/wp-content\/uploads\/2020\/05\/sac-nhanh-mavic-pro-sac-3in1-danh-cho-mavic-type-b-3122-2-1-533x400.jpg 533w, https:\/\/phukienflytech.vn\/wp-content\/uploads\/2020\/05\/sac-nhanh-mavic-pro-sac-3in1-danh-cho-mavic-type-b-3122-2-1-768x576.jpg 768w, https:\/\/phukienflytech.vn\/wp-content\/uploads\/2020\/05\/sac-nhanh-mavic-pro-sac-3in1-danh-cho-mavic-type-b-3122-2-1-1067x800.jpg 1067w, https:\/\/phukienflytech.vn\/wp-content\/uploads\/2020\/05\/sac-nhanh-mavic-pro-sac-3in1-danh-cho-mavic-type-b-3122-2-1-600x450.jpg 600w\" sizes=\"auto, (max-width: 457px) 100vw, 457px\" \/><\/span><\/p>\n<p><span style=\"font-size: 18px;\">T\u1ea1i sao kh\u00f4ng?<\/span><\/p>\n<p>&nbsp;<\/p>\n<h2><span style=\"font-size: 21px; color: #0000ff;\"><strong>Mua s\u1ea1c pin Mavic pro \u1edf \u0111\u00e2u ?<\/strong><\/span><\/h2>\n<p><span style=\"font-size: 18px;\"><strong><em>Ph\u1ee5 Ki\u1ec7n Flytech\u00a0<\/em><\/strong><strong>\u00a0<\/strong><em>l\u00e0 1 trong nh\u1eefng \u0111\u1ecba ch\u1ec9 uy t\u00edn \u0111\u1ec3 c\u00e1c b\u1ea1n c\u00f3 th\u1ec3 tin t\u01b0\u1edfng v\u00e0 mua s\u1ea1c Pin ch\u00ednh h\u00e3ng Mavic pro<\/em>\u00a0ch\u00fang t\u00f4i lu\u00f4n \u0111\u1eb7t quy\u1ec1n l\u1ee3i c\u1ee7a kh\u00e1ch h\u00e0ng l\u00ean h\u00e0ng \u0111\u1ea7u\u00a0<\/span><br \/>\n<span style=\"font-size: 18px;\">ngo\u00e0i s\u1ea1c pin phantom 4pro, Ph\u1ee5 ki\u1ec7n flytech c\u00f2n chung c\u1ea5p\u00a0<em>,\u00a0 ph\u1ee5 ki\u1ec7n flycam dji Mavic pro\u00a0<\/em>\u0111\u1ec3 ph\u1ee5c v\u1ee5 nhu c\u1ea7u c\u1ee7a c\u00e1c b\u1ea1n.<\/span><\/p>\n<p>&nbsp;<\/p>\n<p><span style=\"font-size: 18px;\"><em><strong>Mua ph\u1ee5 ki\u1ec7n flycam DJI phantom,Mavic,Spark \u1edf \u0111\u00e2u?<\/strong><\/em><\/span><\/p>\n<p>&nbsp;<\/p>\n<p><span style=\"font-size: 18px;\"><em><strong><a href=\"https:\/\/facebook.com\/phukienflycam\">Ph\u1ee5 Ki\u1ec7n Flytech Gi\u00e1 T\u1ed1t<\/a><\/strong><\/em>\u00a0h\u00e2n h\u1ea1nh \u0111em l\u1ea1i c\u00e1c m\u1eabu s\u1ea3n ph\u1ea9m Balo phatom ch\u00ednh h\u00e3ng t\u1ed1t nh\u1ea5t ph\u1ee5c v\u1ee5 \u0111am m\u00ea, v\u00e0 c\u00f4ng vi\u1ec7c c\u1ee7a c\u00e1c b\u1ea1n, h\u00e3y \u0111\u1ec3 ch\u00fang t\u00f4i ti\u1ebfp s\u1ee9c \u0111am m\u00ea, c\u00f4ng vi\u1ec7c c\u1ee7a b\u1ea1n, gi\u00fap b\u1ea1n th\u00eam ni\u1ec1m h\u1ee9ng kh\u1edfi trong \u0111am m\u00ea c\u0169ng nh\u01b0 c\u00f4ng vi\u1ec7c c\u1ee7a m\u00ecnh th\u00eam su\u00f4n s\u1ebb<\/span><\/p>\n<p><span style=\"font-size: 18px;\"> <img loading=\"lazy\" decoding=\"async\" class=\"alignnone wp-image-15733\" src=\"https:\/\/phukienflytech.vn\/wp-content\/uploads\/2020\/05\/sac-nhanh-mavic-pro-sac-3in1-danh-cho-mavic-type-b-3122-4-1-533x400.jpg\" alt=\"Charger-3-in-1-for-Mavic-Pro\" width=\"406\" height=\"305\" srcset=\"https:\/\/phukienflytech.vn\/wp-content\/uploads\/2020\/05\/sac-nhanh-mavic-pro-sac-3in1-danh-cho-mavic-type-b-3122-4-1-533x400.jpg 533w, https:\/\/phukienflytech.vn\/wp-content\/uploads\/2020\/05\/sac-nhanh-mavic-pro-sac-3in1-danh-cho-mavic-type-b-3122-4-1-768x576.jpg 768w, https:\/\/phukienflytech.vn\/wp-content\/uploads\/2020\/05\/sac-nhanh-mavic-pro-sac-3in1-danh-cho-mavic-type-b-3122-4-1-1067x800.jpg 1067w, https:\/\/phukienflytech.vn\/wp-content\/uploads\/2020\/05\/sac-nhanh-mavic-pro-sac-3in1-danh-cho-mavic-type-b-3122-4-1-600x450.jpg 600w\" sizes=\"auto, (max-width: 406px) 100vw, 406px\" \/><\/span><\/p>\n<p><span style=\"font-size: 18px;\">Ch\u00fang t\u00f4i chuy\u00ean cung c\u1ea5p h\u1ea7u h\u1ebft t\u1ea5t c\u00e1c c\u00e1c ph\u1ee5 ki\u1ec7n flycam DJI c\u1ee7a Phantom 3,4 series, Mavic series, DJI Spark v\u00e0 inspire 1<\/span><\/p>\n<p><span style=\"font-size: 18px;\">H\u00e3y xem th\u00eam c\u00e1c\u00a0<em>ph\u1ee5 ki\u1ec7n flycam dji Phantom 3 4<\/em>\u00a0b\u1eb1ng c\u00e1ch<span style=\"color: #0000ff;\">\u00a0<strong><a style=\"color: #0000ff;\" href=\"https:\/\/phukienflytech.vn\/en\/danh-muc\/phantom-4-accessory.html\" target=\"_blank\" rel=\"noopener noreferrer\">click t\u1ea1i \u0111\u00e2y<\/a><\/strong><\/span>\u00a0!<\/span><\/p>\n<p>&nbsp;<\/p>\n<p><span style=\"font-size: 18px;\">H\u00e3y \u0111\u1ec3\u00a0<strong><a href=\"https:\/\/facebook.com\/phukienflycam\/\" target=\"_blank\" rel=\"noopener noreferrer\">Ph\u1ee5 Ki\u1ec7n Fly-cam Gi\u00e1 T\u1ed1t<\/a><\/strong>\u00a0ti\u1ebfp s\u1ee9c \u0111am m\u00ea, c\u00f4ng vi\u1ec7c c\u1ee7a b\u1ea1n, gi\u00fap b\u1ea1n th\u00eam ni\u1ec1m h\u1ee9ng kh\u1edfi trong \u0111am m\u00ea c\u0169ng nh\u01b0 c\u00f4ng vi\u1ec7c c\u1ee7a m\u00ecnh th\u00eam su\u00f4n s\u1ebb<\/span><\/p>\n<p><span style=\"font-size: 18px;\">Nh\u00e0 s\u1ea3n xu\u1ea5t: Yxtech\u00a0<\/span><\/p>\n","protected":false},"excerpt":{"rendered":"<p>Charger 3in1 for Mavic Pro &nbsp; Charger 3in1 for Mavic Pro Th\u00f4ng tin v\u1ec1 S\u1ea1c nhanh mavic pro 3in1: L\u00e0 phi\u00ean b\u1ea3n m\u1edbi s\u1ea1c nhanh Phantom 4 series c\u1ee7a Yxtek\u00a0\u00a0 Ph\u00f9 h\u1ee3p v\u1edbi : Mavic pro \/ Platium D\u00f2ng \u0111i\u1ec7n v\u00e0o : 110V &#8211; 240V &#8211; 50\/60Hz D\u00f2ng \u0111i\u1ec7n ra : 13.05V &#8211; 12A (4A &#8230;<\/p>\n","protected":false},"featured_media":3124,"comment_status":"open","ping_status":"closed","template":"","meta":{"_acf_changed":false},"product_brand":[],"product_cat":[178],"product_tag":[223,263],"class_list":{"0":"post-3139","1":"product","2":"type-product","3":"status-publish","4":"has-post-thumbnail","6":"product_cat-mavic-pro-accessory","7":"product_tag-phu-kien-mavic-pro-en","8":"product_tag-sac-nhanh-mavic-pro-3in1-en","10":"first","11":"instock","12":"shipping-taxable","13":"purchasable","14":"product-type-simple"},"acf":[],"yoast_head":"<!-- This site is optimized with the Yoast SEO plugin v25.7 - https:\/\/yoast.com\/wordpress\/plugins\/seo\/ -->\n<title>Charger 3in1 for Mavic Pro - Mavic pro accessory - Available - Original<\/title>\n<meta name=\"description\" content=\"Charger 3in1 for Mavic Pro is one of the most important accessory. Contact us to buy Charger 3in1 for Mavic Pro for best price, fast shipping\" \/>\n<meta name=\"robots\" content=\"index, follow, max-snippet:-1, max-image-preview:large, max-video-preview:-1\" \/>\n<link rel=\"canonical\" href=\"https:\/\/phukienflytech.vn\/en\/san-pham\/charger-3-in-1-for-mavic-pro.html\" \/>\n<meta property=\"og:locale\" content=\"en_US\" \/>\n<meta property=\"og:type\" content=\"article\" \/>\n<meta property=\"og:title\" content=\"Charger 3in1 for Mavic Pro - Mavic pro accessory - Available - Original\" \/>\n<meta property=\"og:description\" content=\"Charger 3in1 for Mavic Pro is one of the most important accessory. Contact us to buy Charger 3in1 for Mavic Pro for best price, fast shipping\" \/>\n<meta property=\"og:url\" content=\"https:\/\/phukienflytech.vn\/en\/san-pham\/charger-3-in-1-for-mavic-pro.html\" \/>\n<meta property=\"og:site_name\" content=\"Shop M\u00e1y \u1ea3nh - Action Camera - Gimbal - Flycam - Ph\u1ee5 ki\u1ec7n\" \/>\n<meta property=\"article:publisher\" content=\"https:\/\/facebook.com\/phukienflycam\" \/>\n<meta property=\"article:modified_time\" content=\"2021-01-16T02:22:24+00:00\" \/>\n<meta property=\"og:image\" content=\"https:\/\/phukienflytech.vn\/wp-content\/uploads\/2020\/05\/phu-kien-mavic-pro-platium-sac-mavic-pro.png\" \/>\n\t<meta property=\"og:image:width\" content=\"300\" \/>\n\t<meta property=\"og:image:height\" content=\"300\" \/>\n\t<meta property=\"og:image:type\" content=\"image\/png\" \/>\n<meta name=\"twitter:card\" content=\"summary_large_image\" \/>\n<meta name=\"twitter:label1\" content=\"Est. reading time\" \/>\n\t<meta name=\"twitter:data1\" content=\"4 minutes\" \/>\n<script type=\"application\/ld+json\" class=\"yoast-schema-graph\">{\"@context\":\"https:\/\/schema.org\",\"@graph\":[{\"@type\":\"WebPage\",\"@id\":\"https:\/\/phukienflytech.vn\/en\/san-pham\/charger-3-in-1-for-mavic-pro.html\",\"url\":\"https:\/\/phukienflytech.vn\/en\/san-pham\/charger-3-in-1-for-mavic-pro.html\",\"name\":\"Charger 3in1 for Mavic Pro - Mavic pro accessory - Available - Original\",\"isPartOf\":{\"@id\":\"https:\/\/phukienflytech.vn\/#website\"},\"primaryImageOfPage\":{\"@id\":\"https:\/\/phukienflytech.vn\/en\/san-pham\/charger-3-in-1-for-mavic-pro.html#primaryimage\"},\"image\":{\"@id\":\"https:\/\/phukienflytech.vn\/en\/san-pham\/charger-3-in-1-for-mavic-pro.html#primaryimage\"},\"thumbnailUrl\":\"https:\/\/phukienflytech.vn\/wp-content\/uploads\/2020\/05\/phu-kien-mavic-pro-platium-sac-mavic-pro.png\",\"datePublished\":\"2020-06-24T04:43:47+00:00\",\"dateModified\":\"2021-01-16T02:22:24+00:00\",\"description\":\"Charger 3in1 for Mavic Pro is one of the most important accessory. Contact us to buy Charger 3in1 for Mavic Pro for best price, fast shipping\",\"breadcrumb\":{\"@id\":\"https:\/\/phukienflytech.vn\/en\/san-pham\/charger-3-in-1-for-mavic-pro.html#breadcrumb\"},\"inLanguage\":\"en-US\",\"potentialAction\":[{\"@type\":\"ReadAction\",\"target\":[\"https:\/\/phukienflytech.vn\/en\/san-pham\/charger-3-in-1-for-mavic-pro.html\"]}]},{\"@type\":\"ImageObject\",\"inLanguage\":\"en-US\",\"@id\":\"https:\/\/phukienflytech.vn\/en\/san-pham\/charger-3-in-1-for-mavic-pro.html#primaryimage\",\"url\":\"https:\/\/phukienflytech.vn\/wp-content\/uploads\/2020\/05\/phu-kien-mavic-pro-platium-sac-mavic-pro.png\",\"contentUrl\":\"https:\/\/phukienflytech.vn\/wp-content\/uploads\/2020\/05\/phu-kien-mavic-pro-platium-sac-mavic-pro.png\",\"width\":300,\"height\":300},{\"@type\":\"BreadcrumbList\",\"@id\":\"https:\/\/phukienflytech.vn\/en\/san-pham\/charger-3-in-1-for-mavic-pro.html#breadcrumb\",\"itemListElement\":[{\"@type\":\"ListItem\",\"position\":1,\"name\":\"Home\",\"item\":\"https:\/\/phukienflytech.vn\/en\"},{\"@type\":\"ListItem\",\"position\":2,\"name\":\"Ph\u1ee5 ki\u1ec7n Mavic Pro\",\"item\":\"https:\/\/phukienflytech.vn\/en\/phu-kien-mavic-pro.html\"},{\"@type\":\"ListItem\",\"position\":3,\"name\":\"DJI Osmo &amp; Drone's accessories\",\"item\":\"https:\/\/phukienflytech.vn\/en\/danh-muc\/dji-osmo-drones-accessories.html\"},{\"@type\":\"ListItem\",\"position\":4,\"name\":\"Mavic Pro Accessory\",\"item\":\"https:\/\/phukienflytech.vn\/en\/danh-muc\/mavic-pro-accessory.html\"},{\"@type\":\"ListItem\",\"position\":5,\"name\":\"Quick charger 3in1 for Mavic Pro &#8211; Yxtech &#8211; Type B\"}]},{\"@type\":\"WebSite\",\"@id\":\"https:\/\/phukienflytech.vn\/#website\",\"url\":\"https:\/\/phukienflytech.vn\/\",\"name\":\"Shop M\u00e1y \u1ea3nh - Action Camera - Gimbal - Flycam - Ph\u1ee5 ki\u1ec7n\",\"description\":\"Shop M\u00e1y \u1ea3nh - Action Camera - Gimbal - Flycam - Ph\u1ee5 ki\u1ec7n\",\"publisher\":{\"@id\":\"https:\/\/phukienflytech.vn\/#organization\"},\"potentialAction\":[{\"@type\":\"SearchAction\",\"target\":{\"@type\":\"EntryPoint\",\"urlTemplate\":\"https:\/\/phukienflytech.vn\/?s={search_term_string}\"},\"query-input\":{\"@type\":\"PropertyValueSpecification\",\"valueRequired\":true,\"valueName\":\"search_term_string\"}}],\"inLanguage\":\"en-US\"},{\"@type\":\"Organization\",\"@id\":\"https:\/\/phukienflytech.vn\/#organization\",\"name\":\"DJI Store - Shop Drone, Action camera, Gimbal DJI |Phukienflytech\",\"alternateName\":\"DJI Store - Shop Drone, Action camera, Gimbal DJI |Phukienflytech\",\"url\":\"https:\/\/phukienflytech.vn\/\",\"logo\":{\"@type\":\"ImageObject\",\"inLanguage\":\"en-US\",\"@id\":\"https:\/\/phukienflytech.vn\/#\/schema\/logo\/image\/\",\"url\":\"https:\/\/phukienflytech.vn\/wp-content\/uploads\/2020\/05\/hAnh_nan.jpg1_.jpg\",\"contentUrl\":\"https:\/\/phukienflytech.vn\/wp-content\/uploads\/2020\/05\/hAnh_nan.jpg1_.jpg\",\"width\":800,\"height\":450,\"caption\":\"DJI Store - Shop Drone, Action camera, Gimbal DJI |Phukienflytech\"},\"image\":{\"@id\":\"https:\/\/phukienflytech.vn\/#\/schema\/logo\/image\/\"},\"sameAs\":[\"https:\/\/facebook.com\/phukienflycam\",\"https:\/\/www.youtube.com\/@phukienflytech\",\"https:\/\/www.tiktok.com\/@flytech.channel?fbclid=IwY2xjawGjg7BleHRuA2FlbQIxMAABHYVGmlXpuSMs0UB2zTpYvyT4GMVfN2qJa4urF4vkSQ6FAVBwXZtDP30qQA_aem_UwMiDcUvlEbd2tXAmsc8Og\"]}]}<\/script>\n<!-- \/ Yoast SEO plugin. -->","yoast_head_json":{"title":"Charger 3in1 for Mavic Pro - Mavic pro accessory - Available - Original","description":"Charger 3in1 for Mavic Pro is one of the most important accessory. Contact us to buy Charger 3in1 for Mavic Pro for best price, fast shipping","robots":{"index":"index","follow":"follow","max-snippet":"max-snippet:-1","max-image-preview":"max-image-preview:large","max-video-preview":"max-video-preview:-1"},"canonical":"https:\/\/phukienflytech.vn\/en\/san-pham\/charger-3-in-1-for-mavic-pro.html","og_locale":"en_US","og_type":"article","og_title":"Charger 3in1 for Mavic Pro - Mavic pro accessory - Available - Original","og_description":"Charger 3in1 for Mavic Pro is one of the most important accessory. Contact us to buy Charger 3in1 for Mavic Pro for best price, fast shipping","og_url":"https:\/\/phukienflytech.vn\/en\/san-pham\/charger-3-in-1-for-mavic-pro.html","og_site_name":"Shop M\u00e1y \u1ea3nh - Action Camera - Gimbal - Flycam - Ph\u1ee5 ki\u1ec7n","article_publisher":"https:\/\/facebook.com\/phukienflycam","article_modified_time":"2021-01-16T02:22:24+00:00","og_image":[{"width":300,"height":300,"url":"https:\/\/phukienflytech.vn\/wp-content\/uploads\/2020\/05\/phu-kien-mavic-pro-platium-sac-mavic-pro.png","type":"image\/png"}],"twitter_card":"summary_large_image","twitter_misc":{"Est. reading time":"4 minutes"},"schema":{"@context":"https:\/\/schema.org","@graph":[{"@type":"WebPage","@id":"https:\/\/phukienflytech.vn\/en\/san-pham\/charger-3-in-1-for-mavic-pro.html","url":"https:\/\/phukienflytech.vn\/en\/san-pham\/charger-3-in-1-for-mavic-pro.html","name":"Charger 3in1 for Mavic Pro - Mavic pro accessory - Available - Original","isPartOf":{"@id":"https:\/\/phukienflytech.vn\/#website"},"primaryImageOfPage":{"@id":"https:\/\/phukienflytech.vn\/en\/san-pham\/charger-3-in-1-for-mavic-pro.html#primaryimage"},"image":{"@id":"https:\/\/phukienflytech.vn\/en\/san-pham\/charger-3-in-1-for-mavic-pro.html#primaryimage"},"thumbnailUrl":"https:\/\/phukienflytech.vn\/wp-content\/uploads\/2020\/05\/phu-kien-mavic-pro-platium-sac-mavic-pro.png","datePublished":"2020-06-24T04:43:47+00:00","dateModified":"2021-01-16T02:22:24+00:00","description":"Charger 3in1 for Mavic Pro is one of the most important accessory. Contact us to buy Charger 3in1 for Mavic Pro for best price, fast shipping","breadcrumb":{"@id":"https:\/\/phukienflytech.vn\/en\/san-pham\/charger-3-in-1-for-mavic-pro.html#breadcrumb"},"inLanguage":"en-US","potentialAction":[{"@type":"ReadAction","target":["https:\/\/phukienflytech.vn\/en\/san-pham\/charger-3-in-1-for-mavic-pro.html"]}]},{"@type":"ImageObject","inLanguage":"en-US","@id":"https:\/\/phukienflytech.vn\/en\/san-pham\/charger-3-in-1-for-mavic-pro.html#primaryimage","url":"https:\/\/phukienflytech.vn\/wp-content\/uploads\/2020\/05\/phu-kien-mavic-pro-platium-sac-mavic-pro.png","contentUrl":"https:\/\/phukienflytech.vn\/wp-content\/uploads\/2020\/05\/phu-kien-mavic-pro-platium-sac-mavic-pro.png","width":300,"height":300},{"@type":"BreadcrumbList","@id":"https:\/\/phukienflytech.vn\/en\/san-pham\/charger-3-in-1-for-mavic-pro.html#breadcrumb","itemListElement":[{"@type":"ListItem","position":1,"name":"Home","item":"https:\/\/phukienflytech.vn\/en"},{"@type":"ListItem","position":2,"name":"Ph\u1ee5 ki\u1ec7n Mavic Pro","item":"https:\/\/phukienflytech.vn\/en\/phu-kien-mavic-pro.html"},{"@type":"ListItem","position":3,"name":"DJI Osmo &amp; Drone's accessories","item":"https:\/\/phukienflytech.vn\/en\/danh-muc\/dji-osmo-drones-accessories.html"},{"@type":"ListItem","position":4,"name":"Mavic Pro Accessory","item":"https:\/\/phukienflytech.vn\/en\/danh-muc\/mavic-pro-accessory.html"},{"@type":"ListItem","position":5,"name":"Quick charger 3in1 for Mavic Pro &#8211; Yxtech &#8211; Type B"}]},{"@type":"WebSite","@id":"https:\/\/phukienflytech.vn\/#website","url":"https:\/\/phukienflytech.vn\/","name":"Shop M\u00e1y \u1ea3nh - Action Camera - Gimbal - Flycam - Ph\u1ee5 ki\u1ec7n","description":"Shop M\u00e1y \u1ea3nh - Action Camera - Gimbal - Flycam - Ph\u1ee5 ki\u1ec7n","publisher":{"@id":"https:\/\/phukienflytech.vn\/#organization"},"potentialAction":[{"@type":"SearchAction","target":{"@type":"EntryPoint","urlTemplate":"https:\/\/phukienflytech.vn\/?s={search_term_string}"},"query-input":{"@type":"PropertyValueSpecification","valueRequired":true,"valueName":"search_term_string"}}],"inLanguage":"en-US"},{"@type":"Organization","@id":"https:\/\/phukienflytech.vn\/#organization","name":"DJI Store - Shop Drone, Action camera, Gimbal DJI |Phukienflytech","alternateName":"DJI Store - Shop Drone, Action camera, Gimbal DJI |Phukienflytech","url":"https:\/\/phukienflytech.vn\/","logo":{"@type":"ImageObject","inLanguage":"en-US","@id":"https:\/\/phukienflytech.vn\/#\/schema\/logo\/image\/","url":"https:\/\/phukienflytech.vn\/wp-content\/uploads\/2020\/05\/hAnh_nan.jpg1_.jpg","contentUrl":"https:\/\/phukienflytech.vn\/wp-content\/uploads\/2020\/05\/hAnh_nan.jpg1_.jpg","width":800,"height":450,"caption":"DJI Store - Shop Drone, Action camera, Gimbal DJI |Phukienflytech"},"image":{"@id":"https:\/\/phukienflytech.vn\/#\/schema\/logo\/image\/"},"sameAs":["https:\/\/facebook.com\/phukienflycam","https:\/\/www.youtube.com\/@phukienflytech","https:\/\/www.tiktok.com\/@flytech.channel?fbclid=IwY2xjawGjg7BleHRuA2FlbQIxMAABHYVGmlXpuSMs0UB2zTpYvyT4GMVfN2qJa4urF4vkSQ6FAVBwXZtDP30qQA_aem_UwMiDcUvlEbd2tXAmsc8Og"]}]}},"_links":{"self":[{"href":"https:\/\/phukienflytech.vn\/en\/wp-json\/wp\/v2\/product\/3139","targetHints":{"allow":["GET"]}}],"collection":[{"href":"https:\/\/phukienflytech.vn\/en\/wp-json\/wp\/v2\/product"}],"about":[{"href":"https:\/\/phukienflytech.vn\/en\/wp-json\/wp\/v2\/types\/product"}],"replies":[{"embeddable":true,"href":"https:\/\/phukienflytech.vn\/en\/wp-json\/wp\/v2\/comments?post=3139"}],"wp:featuredmedia":[{"embeddable":true,"href":"https:\/\/phukienflytech.vn\/en\/wp-json\/wp\/v2\/media\/3124"}],"wp:attachment":[{"href":"https:\/\/phukienflytech.vn\/en\/wp-json\/wp\/v2\/media?parent=3139"}],"wp:term":[{"taxonomy":"product_brand","embeddable":true,"href":"https:\/\/phukienflytech.vn\/en\/wp-json\/wp\/v2\/product_brand?post=3139"},{"taxonomy":"product_cat","embeddable":true,"href":"https:\/\/phukienflytech.vn\/en\/wp-json\/wp\/v2\/product_cat?post=3139"},{"taxonomy":"product_tag","embeddable":true,"href":"https:\/\/phukienflytech.vn\/en\/wp-json\/wp\/v2\/product_tag?post=3139"}],"curies":[{"name":"wp","href":"https:\/\/api.w.org\/{rel}","templated":true}]}}