{"id":3158,"date":"2020-06-23T12:13:52","date_gmt":"2020-06-23T05:13:52","guid":{"rendered":"http:\/\/27430.lamdx.vinawebsite.vn\/san-pham\/canh-mavic-pro-platium-canh-giam-on-den-led-mavic-pro-cap-2-canh.html"},"modified":"2021-01-16T09:25:31","modified_gmt":"2021-01-16T02:25:31","slug":"mavic-pro-led-propellers","status":"publish","type":"product","link":"https:\/\/phukienflytech.vn\/en\/san-pham\/mavic-pro-led-propellers.html","title":{"rendered":"Mavic Pro Low Noise LED  Propellers"},"content":{"rendered":"<h2><span style=\"color: #0000ff;\"><em><strong>Mavic Pro LED Propellers<\/strong><\/em><\/span><\/h2>\n<p>&nbsp;<\/p>\n<p><span style=\"font-size: 18px;\">Mavic Pro LED Propellers<\/span><\/p>\n<p><span style=\"font-size: 18px;\">C\u00e1nh LED Mavic pro platium \u0111em l\u1ea1i cho b\u1ea1n nh\u1eefng tr\u1ea3i nghi\u1ec7m m\u1edbi l\u1ea1 khi b\u1ea1n s\u1eed d\u1ee5ng m\u00e1y c\u1ee7a m\u00ecnh.<\/span><\/p>\n<p><span style=\"font-size: 18px;\"><em><strong>C\u00e1nh Mavic pro ch\u00ednh h\u00e3ng<\/strong><\/em>\u00a0lu\u00f4n l\u00e0m cho ch\u00fang ta c\u00f3 m\u1ed9t c\u1ea3m gi\u00e1c v\u00f4 c\u00f9ng an t\u00e2m m\u1ed7i khi c\u1ea5t c\u00e1nh. Tuy nhi\u00ean c\u00e1nh g\u1ed1c Mavic pro l\u1ea1i \u0111em l\u1ea1i m\u1ed9t tr\u1ea3i nghi\u1ec7m kh\u00f4ng m\u1ea5y d\u1ec5 ch\u1ecbu b\u1edfi ti\u1ebfng \u1ed3n v\u00f4 c\u00f9ng l\u1edbn, do v\u1eady h\u00e3ng DJI c\u0169ng \u0111\u00e3 cho ra d\u00f2ng s\u1ea3n ph\u1ea9m c\u1ea3i ti\u1ebfn l\u00e0\u00a0<a href=\"https:\/\/phukienflytech.vn\/san-pham\/canh-dji-giam-on-mavic-pro-platium.html\" target=\"_blank\" rel=\"noopener noreferrer\"><strong>c<\/strong><em><strong>\u00e1nh gi\u1ea3m \u1ed3n Mavic pro<\/strong><\/em><\/a>\u00a0thu\u1ed9c phi\u00ean b\u1ea3n c\u1ee7a Mavic platinum<\/span><\/p>\n<p><span style=\"font-size: 18px;\"><img loading=\"lazy\" decoding=\"async\" class=\"alignnone size-medium wp-image-15745\" src=\"https:\/\/phukienflytech.vn\/wp-content\/uploads\/2020\/05\/canh-mavic-pro-platium-canh-giam-on-den-led-mavic-pro-cap-2-canh-3149-2-1-400x400.jpg\" alt=\"\" width=\"400\" height=\"400\" srcset=\"https:\/\/phukienflytech.vn\/wp-content\/uploads\/2020\/05\/canh-mavic-pro-platium-canh-giam-on-den-led-mavic-pro-cap-2-canh-3149-2-1-400x400.jpg 400w, https:\/\/phukienflytech.vn\/wp-content\/uploads\/2020\/05\/canh-mavic-pro-platium-canh-giam-on-den-led-mavic-pro-cap-2-canh-3149-2-1-280x280.jpg 280w, https:\/\/phukienflytech.vn\/wp-content\/uploads\/2020\/05\/canh-mavic-pro-platium-canh-giam-on-den-led-mavic-pro-cap-2-canh-3149-2-1-300x300.jpg 300w, https:\/\/phukienflytech.vn\/wp-content\/uploads\/2020\/05\/canh-mavic-pro-platium-canh-giam-on-den-led-mavic-pro-cap-2-canh-3149-2-1-600x600.jpg 600w, https:\/\/phukienflytech.vn\/wp-content\/uploads\/2020\/05\/canh-mavic-pro-platium-canh-giam-on-den-led-mavic-pro-cap-2-canh-3149-2-1-100x100.jpg 100w, https:\/\/phukienflytech.vn\/wp-content\/uploads\/2020\/05\/canh-mavic-pro-platium-canh-giam-on-den-led-mavic-pro-cap-2-canh-3149-2-1.jpg 640w\" sizes=\"auto, (max-width: 400px) 100vw, 400px\" \/><\/span><\/p>\n<p><span style=\"font-size: 18px;\">G\u1ea7n \u0111\u00e2y, m\u1ed9t h\u00e3ng ngo\u00e0i DJI \u0111\u00e3 s\u00e1ng t\u1ea1o v\u00e0 t\u1ea1o ra m\u1ed9t xu th\u1ebf m\u1edbi cho Mavic pro \u0111\u00f3 l\u00e0 vi\u1ec7c cho ra m\u1eaft\u00a0<em><strong>C\u00e1nh Mavic pro platium \u2013 C\u00e1nh gi\u1ea3m \u1ed3n \u0111\u00e8n LED<\/strong><\/em>\u00a0Mavic pro ( c\u1eb7p &#8211; 2 c\u00e1nh)<\/span><\/p>\n<p><span style=\"font-size: 18px;\"><img loading=\"lazy\" decoding=\"async\" class=\"alignnone wp-image-15741 size-medium\" src=\"https:\/\/phukienflytech.vn\/wp-content\/uploads\/2020\/05\/canh-mavic-pro-platium-canh-giam-on-den-led-mavic-pro-cap-2-canh-3149-3-400x400.jpg\" alt=\"Mavic-Pro-LED-Propellers-9\" width=\"400\" height=\"400\" srcset=\"https:\/\/phukienflytech.vn\/wp-content\/uploads\/2020\/05\/canh-mavic-pro-platium-canh-giam-on-den-led-mavic-pro-cap-2-canh-3149-3-400x400.jpg 400w, https:\/\/phukienflytech.vn\/wp-content\/uploads\/2020\/05\/canh-mavic-pro-platium-canh-giam-on-den-led-mavic-pro-cap-2-canh-3149-3-280x280.jpg 280w, https:\/\/phukienflytech.vn\/wp-content\/uploads\/2020\/05\/canh-mavic-pro-platium-canh-giam-on-den-led-mavic-pro-cap-2-canh-3149-3-768x768.jpg 768w, https:\/\/phukienflytech.vn\/wp-content\/uploads\/2020\/05\/canh-mavic-pro-platium-canh-giam-on-den-led-mavic-pro-cap-2-canh-3149-3-800x800.jpg 800w, https:\/\/phukienflytech.vn\/wp-content\/uploads\/2020\/05\/canh-mavic-pro-platium-canh-giam-on-den-led-mavic-pro-cap-2-canh-3149-3-300x300.jpg 300w, https:\/\/phukienflytech.vn\/wp-content\/uploads\/2020\/05\/canh-mavic-pro-platium-canh-giam-on-den-led-mavic-pro-cap-2-canh-3149-3-600x600.jpg 600w, https:\/\/phukienflytech.vn\/wp-content\/uploads\/2020\/05\/canh-mavic-pro-platium-canh-giam-on-den-led-mavic-pro-cap-2-canh-3149-3-100x100.jpg 100w, https:\/\/phukienflytech.vn\/wp-content\/uploads\/2020\/05\/canh-mavic-pro-platium-canh-giam-on-den-led-mavic-pro-cap-2-canh-3149-3.jpg 1000w\" sizes=\"auto, (max-width: 400px) 100vw, 400px\" \/><\/span><\/p>\n<h2><span style=\"font-size: 21px; color: #0000ff;\"><strong><em>Chi ti\u1ebft c\u00e1nh LED mavic pro \/ platinum<\/em><\/strong><\/span><\/h2>\n<p><span style=\"font-size: 18px;\"><em><strong>C\u00e1nh LED Mavic pro \/ platinum<\/strong>\u00a0<\/em>\u0111\u01b0\u1ee3c hi\u1ec3u l\u00e0 c\u00e1nh \u0111\u01b0\u1ee3c g\u1eafn \u0111\u00e8n LED d\u1ecdc theo m\u00e1 d\u01b0\u1edbi c\u1ee7a c\u00e1nh Mavic<\/span><\/p>\n<p><span style=\"font-size: 18px;\"><em><strong>Chu\u1ed7i \u0111\u00e8n LED m\u00e0u c\u1ee7a c\u00e1nh mavic pro<\/strong><\/em>\u00a0\u0111\u01b0\u1ee3c ch\u1ea1y d\u1ef1a tr\u00ean ngu\u1ed3n pin s\u1ea1c \u0111\u1ed9c l\u1eadp c\u1ee7a c\u00e1nh<\/span><\/p>\n<p><span style=\"font-size: 18px;\">M\u1ed9t l\u1ea7n s\u1ea1c b\u1ea1n c\u00f3 th\u1ec3 s\u1eed d\u1ee5ng c\u00e1nh \u0111\u00e8n led mavic pro t\u1edbi 100 ph\u00fat t\u1ee9c l\u00e0 kho\u1ea3ng 5 l\u1ea7n bay th\u1ef1c t\u1ebf<\/span><\/p>\n<p><span style=\"font-size: 18px;\"><em><strong>C\u00e1nh LED mavic pro<\/strong><\/em>\u00a0khi bay s\u1ebd t\u1ea1o l\u00ean m\u1ed9t hi\u1ec7u \u1ee9ng v\u00f4 c\u00f9ng \u0111\u1eb9p m\u1eaft, v\u00e0 r\u1ea5t d\u1ec5 g\u00e2y ch\u00fa \u00fd v\u00e0o tr\u1eddi t\u1ed1i.<\/span><\/p>\n<p><span style=\"font-size: 18px;\"><img loading=\"lazy\" decoding=\"async\" class=\"alignnone wp-image-15743 size-medium\" src=\"https:\/\/phukienflytech.vn\/wp-content\/uploads\/2020\/05\/canh-mavic-pro-platium-canh-giam-on-den-led-mavic-pro-cap-2-canh-3149-1-1-400x400.jpg\" alt=\"Mavic-Pro-LED-Propellers\" width=\"400\" height=\"400\" srcset=\"https:\/\/phukienflytech.vn\/wp-content\/uploads\/2020\/05\/canh-mavic-pro-platium-canh-giam-on-den-led-mavic-pro-cap-2-canh-3149-1-1-400x400.jpg 400w, https:\/\/phukienflytech.vn\/wp-content\/uploads\/2020\/05\/canh-mavic-pro-platium-canh-giam-on-den-led-mavic-pro-cap-2-canh-3149-1-1-280x280.jpg 280w, https:\/\/phukienflytech.vn\/wp-content\/uploads\/2020\/05\/canh-mavic-pro-platium-canh-giam-on-den-led-mavic-pro-cap-2-canh-3149-1-1-768x768.jpg 768w, https:\/\/phukienflytech.vn\/wp-content\/uploads\/2020\/05\/canh-mavic-pro-platium-canh-giam-on-den-led-mavic-pro-cap-2-canh-3149-1-1-800x800.jpg 800w, https:\/\/phukienflytech.vn\/wp-content\/uploads\/2020\/05\/canh-mavic-pro-platium-canh-giam-on-den-led-mavic-pro-cap-2-canh-3149-1-1-300x300.jpg 300w, https:\/\/phukienflytech.vn\/wp-content\/uploads\/2020\/05\/canh-mavic-pro-platium-canh-giam-on-den-led-mavic-pro-cap-2-canh-3149-1-1-600x600.jpg 600w, https:\/\/phukienflytech.vn\/wp-content\/uploads\/2020\/05\/canh-mavic-pro-platium-canh-giam-on-den-led-mavic-pro-cap-2-canh-3149-1-1-100x100.jpg 100w, https:\/\/phukienflytech.vn\/wp-content\/uploads\/2020\/05\/canh-mavic-pro-platium-canh-giam-on-den-led-mavic-pro-cap-2-canh-3149-1-1.jpg 1000w\" sizes=\"auto, (max-width: 400px) 100vw, 400px\" \/><\/span><\/p>\n<p><span style=\"font-size: 18px;\">C\u00e1nh Mavic pro LED n\u00e0y s\u1ebd gi\u00fap b\u1ea1n tho\u00e1t kh\u1ecfi m\u1ed9t ph\u1ea7n nh\u00e0m ch\u00e1n v\u00e0 \u0111\u01b0a b\u1ea1n t\u1edbi 1 tr\u1ea3i nghi\u1ec7m m\u1edbi l\u1ea1 h\u01a1n t\u1eeb ch\u00ednh chi\u1ebfc Mavic pro , platinum c\u1ee7a m\u00ecnh<\/span><\/p>\n<p><span style=\"font-size: 19px;\">&gt;&gt; Contact us on: <a href=\"https:\/\/www.facebook.com\/phukienflycam\"><strong>Facebook<\/strong><\/a><\/span><\/p>\n<p>&nbsp;<\/p>\n","protected":false},"excerpt":{"rendered":"<p>Mavic Pro LED Propellers &nbsp; Mavic Pro LED Propellers C\u00e1nh LED Mavic pro platium \u0111em l\u1ea1i cho b\u1ea1n nh\u1eefng tr\u1ea3i nghi\u1ec7m m\u1edbi l\u1ea1 khi b\u1ea1n s\u1eed d\u1ee5ng m\u00e1y c\u1ee7a m\u00ecnh. C\u00e1nh Mavic pro ch\u00ednh h\u00e3ng\u00a0lu\u00f4n l\u00e0m cho ch\u00fang ta c\u00f3 m\u1ed9t c\u1ea3m gi\u00e1c v\u00f4 c\u00f9ng an t\u00e2m m\u1ed7i khi c\u1ea5t c\u00e1nh. Tuy nhi\u00ean c\u00e1nh g\u1ed1c &#8230;<\/p>\n","protected":false},"featured_media":3151,"comment_status":"open","ping_status":"closed","template":"","meta":{"_acf_changed":false},"product_brand":[],"product_cat":[178],"product_tag":[267,223],"class_list":{"0":"post-3158","1":"product","2":"type-product","3":"status-publish","4":"has-post-thumbnail","6":"product_cat-mavic-pro-accessory","7":"product_tag-canh-led-mavic-pro-en","8":"product_tag-phu-kien-mavic-pro-en","10":"first","11":"instock","12":"shipping-taxable","13":"purchasable","14":"product-type-simple"},"acf":[],"yoast_head":"<!-- This site is optimized with the Yoast SEO plugin v25.7 - https:\/\/yoast.com\/wordpress\/plugins\/seo\/ -->\n<title>Mavic Pro LED Propellers -Mavic pro accessory - Available - Original<\/title>\n<meta name=\"description\" content=\"Mavic Pro LED Propellers is one of the most important accessory. Contact us to buy Mavic Pro LED Propellers for best price, fast shipping\" \/>\n<meta name=\"robots\" content=\"index, follow, max-snippet:-1, max-image-preview:large, max-video-preview:-1\" \/>\n<link rel=\"canonical\" href=\"https:\/\/phukienflytech.vn\/en\/san-pham\/mavic-pro-led-propellers.html\" \/>\n<meta property=\"og:locale\" content=\"en_US\" \/>\n<meta property=\"og:type\" content=\"article\" \/>\n<meta property=\"og:title\" content=\"Mavic Pro LED Propellers -Mavic pro accessory - Available - Original\" \/>\n<meta property=\"og:description\" content=\"Mavic Pro LED Propellers is one of the most important accessory. Contact us to buy Mavic Pro LED Propellers for best price, fast shipping\" \/>\n<meta property=\"og:url\" content=\"https:\/\/phukienflytech.vn\/en\/san-pham\/mavic-pro-led-propellers.html\" \/>\n<meta property=\"og:site_name\" content=\"Shop M\u00e1y \u1ea3nh - Action Camera - Gimbal - Flycam - Ph\u1ee5 ki\u1ec7n\" \/>\n<meta property=\"article:publisher\" content=\"https:\/\/facebook.com\/phukienflycam\" \/>\n<meta property=\"article:modified_time\" content=\"2021-01-16T02:25:31+00:00\" \/>\n<meta property=\"og:image\" content=\"https:\/\/phukienflytech.vn\/wp-content\/uploads\/2020\/05\/phu-kien-flycam-mavic-pro-platium-canh-mavic-pro-led-giam-on.png\" \/>\n\t<meta property=\"og:image:width\" content=\"300\" \/>\n\t<meta property=\"og:image:height\" content=\"300\" \/>\n\t<meta property=\"og:image:type\" content=\"image\/png\" \/>\n<meta name=\"twitter:card\" content=\"summary_large_image\" \/>\n<meta name=\"twitter:label1\" content=\"Est. reading time\" \/>\n\t<meta name=\"twitter:data1\" content=\"2 minutes\" \/>\n<script type=\"application\/ld+json\" class=\"yoast-schema-graph\">{\"@context\":\"https:\/\/schema.org\",\"@graph\":[{\"@type\":\"WebPage\",\"@id\":\"https:\/\/phukienflytech.vn\/en\/san-pham\/mavic-pro-led-propellers.html\",\"url\":\"https:\/\/phukienflytech.vn\/en\/san-pham\/mavic-pro-led-propellers.html\",\"name\":\"Mavic Pro LED Propellers -Mavic pro accessory - Available - Original\",\"isPartOf\":{\"@id\":\"https:\/\/phukienflytech.vn\/#website\"},\"primaryImageOfPage\":{\"@id\":\"https:\/\/phukienflytech.vn\/en\/san-pham\/mavic-pro-led-propellers.html#primaryimage\"},\"image\":{\"@id\":\"https:\/\/phukienflytech.vn\/en\/san-pham\/mavic-pro-led-propellers.html#primaryimage\"},\"thumbnailUrl\":\"https:\/\/phukienflytech.vn\/wp-content\/uploads\/2020\/05\/phu-kien-flycam-mavic-pro-platium-canh-mavic-pro-led-giam-on.png\",\"datePublished\":\"2020-06-23T05:13:52+00:00\",\"dateModified\":\"2021-01-16T02:25:31+00:00\",\"description\":\"Mavic Pro LED Propellers is one of the most important accessory. Contact us to buy Mavic Pro LED Propellers for best price, fast shipping\",\"breadcrumb\":{\"@id\":\"https:\/\/phukienflytech.vn\/en\/san-pham\/mavic-pro-led-propellers.html#breadcrumb\"},\"inLanguage\":\"en-US\",\"potentialAction\":[{\"@type\":\"ReadAction\",\"target\":[\"https:\/\/phukienflytech.vn\/en\/san-pham\/mavic-pro-led-propellers.html\"]}]},{\"@type\":\"ImageObject\",\"inLanguage\":\"en-US\",\"@id\":\"https:\/\/phukienflytech.vn\/en\/san-pham\/mavic-pro-led-propellers.html#primaryimage\",\"url\":\"https:\/\/phukienflytech.vn\/wp-content\/uploads\/2020\/05\/phu-kien-flycam-mavic-pro-platium-canh-mavic-pro-led-giam-on.png\",\"contentUrl\":\"https:\/\/phukienflytech.vn\/wp-content\/uploads\/2020\/05\/phu-kien-flycam-mavic-pro-platium-canh-mavic-pro-led-giam-on.png\",\"width\":300,\"height\":300},{\"@type\":\"BreadcrumbList\",\"@id\":\"https:\/\/phukienflytech.vn\/en\/san-pham\/mavic-pro-led-propellers.html#breadcrumb\",\"itemListElement\":[{\"@type\":\"ListItem\",\"position\":1,\"name\":\"Home\",\"item\":\"https:\/\/phukienflytech.vn\/en\"},{\"@type\":\"ListItem\",\"position\":2,\"name\":\"Ph\u1ee5 ki\u1ec7n Mavic Pro\",\"item\":\"https:\/\/phukienflytech.vn\/en\/phu-kien-mavic-pro.html\"},{\"@type\":\"ListItem\",\"position\":3,\"name\":\"DJI Osmo &amp; Drone's accessories\",\"item\":\"https:\/\/phukienflytech.vn\/en\/danh-muc\/dji-osmo-drones-accessories.html\"},{\"@type\":\"ListItem\",\"position\":4,\"name\":\"Mavic Pro Accessory\",\"item\":\"https:\/\/phukienflytech.vn\/en\/danh-muc\/mavic-pro-accessory.html\"},{\"@type\":\"ListItem\",\"position\":5,\"name\":\"Mavic Pro Low Noise LED Propellers\"}]},{\"@type\":\"WebSite\",\"@id\":\"https:\/\/phukienflytech.vn\/#website\",\"url\":\"https:\/\/phukienflytech.vn\/\",\"name\":\"Shop M\u00e1y \u1ea3nh - Action Camera - Gimbal - Flycam - Ph\u1ee5 ki\u1ec7n\",\"description\":\"Shop M\u00e1y \u1ea3nh - Action Camera - Gimbal - Flycam - Ph\u1ee5 ki\u1ec7n\",\"publisher\":{\"@id\":\"https:\/\/phukienflytech.vn\/#organization\"},\"potentialAction\":[{\"@type\":\"SearchAction\",\"target\":{\"@type\":\"EntryPoint\",\"urlTemplate\":\"https:\/\/phukienflytech.vn\/?s={search_term_string}\"},\"query-input\":{\"@type\":\"PropertyValueSpecification\",\"valueRequired\":true,\"valueName\":\"search_term_string\"}}],\"inLanguage\":\"en-US\"},{\"@type\":\"Organization\",\"@id\":\"https:\/\/phukienflytech.vn\/#organization\",\"name\":\"DJI Store - Shop Drone, Action camera, Gimbal DJI |Phukienflytech\",\"alternateName\":\"DJI Store - Shop Drone, Action camera, Gimbal DJI |Phukienflytech\",\"url\":\"https:\/\/phukienflytech.vn\/\",\"logo\":{\"@type\":\"ImageObject\",\"inLanguage\":\"en-US\",\"@id\":\"https:\/\/phukienflytech.vn\/#\/schema\/logo\/image\/\",\"url\":\"https:\/\/phukienflytech.vn\/wp-content\/uploads\/2020\/05\/hAnh_nan.jpg1_.jpg\",\"contentUrl\":\"https:\/\/phukienflytech.vn\/wp-content\/uploads\/2020\/05\/hAnh_nan.jpg1_.jpg\",\"width\":800,\"height\":450,\"caption\":\"DJI Store - Shop Drone, Action camera, Gimbal DJI |Phukienflytech\"},\"image\":{\"@id\":\"https:\/\/phukienflytech.vn\/#\/schema\/logo\/image\/\"},\"sameAs\":[\"https:\/\/facebook.com\/phukienflycam\",\"https:\/\/www.youtube.com\/@phukienflytech\",\"https:\/\/www.tiktok.com\/@flytech.channel?fbclid=IwY2xjawGjg7BleHRuA2FlbQIxMAABHYVGmlXpuSMs0UB2zTpYvyT4GMVfN2qJa4urF4vkSQ6FAVBwXZtDP30qQA_aem_UwMiDcUvlEbd2tXAmsc8Og\"]}]}<\/script>\n<!-- \/ Yoast SEO plugin. -->","yoast_head_json":{"title":"Mavic Pro LED Propellers -Mavic pro accessory - Available - Original","description":"Mavic Pro LED Propellers is one of the most important accessory. Contact us to buy Mavic Pro LED Propellers for best price, fast shipping","robots":{"index":"index","follow":"follow","max-snippet":"max-snippet:-1","max-image-preview":"max-image-preview:large","max-video-preview":"max-video-preview:-1"},"canonical":"https:\/\/phukienflytech.vn\/en\/san-pham\/mavic-pro-led-propellers.html","og_locale":"en_US","og_type":"article","og_title":"Mavic Pro LED Propellers -Mavic pro accessory - Available - Original","og_description":"Mavic Pro LED Propellers is one of the most important accessory. Contact us to buy Mavic Pro LED Propellers for best price, fast shipping","og_url":"https:\/\/phukienflytech.vn\/en\/san-pham\/mavic-pro-led-propellers.html","og_site_name":"Shop M\u00e1y \u1ea3nh - Action Camera - Gimbal - Flycam - Ph\u1ee5 ki\u1ec7n","article_publisher":"https:\/\/facebook.com\/phukienflycam","article_modified_time":"2021-01-16T02:25:31+00:00","og_image":[{"width":300,"height":300,"url":"https:\/\/phukienflytech.vn\/wp-content\/uploads\/2020\/05\/phu-kien-flycam-mavic-pro-platium-canh-mavic-pro-led-giam-on.png","type":"image\/png"}],"twitter_card":"summary_large_image","twitter_misc":{"Est. reading time":"2 minutes"},"schema":{"@context":"https:\/\/schema.org","@graph":[{"@type":"WebPage","@id":"https:\/\/phukienflytech.vn\/en\/san-pham\/mavic-pro-led-propellers.html","url":"https:\/\/phukienflytech.vn\/en\/san-pham\/mavic-pro-led-propellers.html","name":"Mavic Pro LED Propellers -Mavic pro accessory - Available - Original","isPartOf":{"@id":"https:\/\/phukienflytech.vn\/#website"},"primaryImageOfPage":{"@id":"https:\/\/phukienflytech.vn\/en\/san-pham\/mavic-pro-led-propellers.html#primaryimage"},"image":{"@id":"https:\/\/phukienflytech.vn\/en\/san-pham\/mavic-pro-led-propellers.html#primaryimage"},"thumbnailUrl":"https:\/\/phukienflytech.vn\/wp-content\/uploads\/2020\/05\/phu-kien-flycam-mavic-pro-platium-canh-mavic-pro-led-giam-on.png","datePublished":"2020-06-23T05:13:52+00:00","dateModified":"2021-01-16T02:25:31+00:00","description":"Mavic Pro LED Propellers is one of the most important accessory. Contact us to buy Mavic Pro LED Propellers for best price, fast shipping","breadcrumb":{"@id":"https:\/\/phukienflytech.vn\/en\/san-pham\/mavic-pro-led-propellers.html#breadcrumb"},"inLanguage":"en-US","potentialAction":[{"@type":"ReadAction","target":["https:\/\/phukienflytech.vn\/en\/san-pham\/mavic-pro-led-propellers.html"]}]},{"@type":"ImageObject","inLanguage":"en-US","@id":"https:\/\/phukienflytech.vn\/en\/san-pham\/mavic-pro-led-propellers.html#primaryimage","url":"https:\/\/phukienflytech.vn\/wp-content\/uploads\/2020\/05\/phu-kien-flycam-mavic-pro-platium-canh-mavic-pro-led-giam-on.png","contentUrl":"https:\/\/phukienflytech.vn\/wp-content\/uploads\/2020\/05\/phu-kien-flycam-mavic-pro-platium-canh-mavic-pro-led-giam-on.png","width":300,"height":300},{"@type":"BreadcrumbList","@id":"https:\/\/phukienflytech.vn\/en\/san-pham\/mavic-pro-led-propellers.html#breadcrumb","itemListElement":[{"@type":"ListItem","position":1,"name":"Home","item":"https:\/\/phukienflytech.vn\/en"},{"@type":"ListItem","position":2,"name":"Ph\u1ee5 ki\u1ec7n Mavic Pro","item":"https:\/\/phukienflytech.vn\/en\/phu-kien-mavic-pro.html"},{"@type":"ListItem","position":3,"name":"DJI Osmo &amp; Drone's accessories","item":"https:\/\/phukienflytech.vn\/en\/danh-muc\/dji-osmo-drones-accessories.html"},{"@type":"ListItem","position":4,"name":"Mavic Pro Accessory","item":"https:\/\/phukienflytech.vn\/en\/danh-muc\/mavic-pro-accessory.html"},{"@type":"ListItem","position":5,"name":"Mavic Pro Low Noise LED Propellers"}]},{"@type":"WebSite","@id":"https:\/\/phukienflytech.vn\/#website","url":"https:\/\/phukienflytech.vn\/","name":"Shop M\u00e1y \u1ea3nh - Action Camera - Gimbal - Flycam - Ph\u1ee5 ki\u1ec7n","description":"Shop M\u00e1y \u1ea3nh - Action Camera - Gimbal - Flycam - Ph\u1ee5 ki\u1ec7n","publisher":{"@id":"https:\/\/phukienflytech.vn\/#organization"},"potentialAction":[{"@type":"SearchAction","target":{"@type":"EntryPoint","urlTemplate":"https:\/\/phukienflytech.vn\/?s={search_term_string}"},"query-input":{"@type":"PropertyValueSpecification","valueRequired":true,"valueName":"search_term_string"}}],"inLanguage":"en-US"},{"@type":"Organization","@id":"https:\/\/phukienflytech.vn\/#organization","name":"DJI Store - Shop Drone, Action camera, Gimbal DJI |Phukienflytech","alternateName":"DJI Store - Shop Drone, Action camera, Gimbal DJI |Phukienflytech","url":"https:\/\/phukienflytech.vn\/","logo":{"@type":"ImageObject","inLanguage":"en-US","@id":"https:\/\/phukienflytech.vn\/#\/schema\/logo\/image\/","url":"https:\/\/phukienflytech.vn\/wp-content\/uploads\/2020\/05\/hAnh_nan.jpg1_.jpg","contentUrl":"https:\/\/phukienflytech.vn\/wp-content\/uploads\/2020\/05\/hAnh_nan.jpg1_.jpg","width":800,"height":450,"caption":"DJI Store - Shop Drone, Action camera, Gimbal DJI |Phukienflytech"},"image":{"@id":"https:\/\/phukienflytech.vn\/#\/schema\/logo\/image\/"},"sameAs":["https:\/\/facebook.com\/phukienflycam","https:\/\/www.youtube.com\/@phukienflytech","https:\/\/www.tiktok.com\/@flytech.channel?fbclid=IwY2xjawGjg7BleHRuA2FlbQIxMAABHYVGmlXpuSMs0UB2zTpYvyT4GMVfN2qJa4urF4vkSQ6FAVBwXZtDP30qQA_aem_UwMiDcUvlEbd2tXAmsc8Og"]}]}},"_links":{"self":[{"href":"https:\/\/phukienflytech.vn\/en\/wp-json\/wp\/v2\/product\/3158","targetHints":{"allow":["GET"]}}],"collection":[{"href":"https:\/\/phukienflytech.vn\/en\/wp-json\/wp\/v2\/product"}],"about":[{"href":"https:\/\/phukienflytech.vn\/en\/wp-json\/wp\/v2\/types\/product"}],"replies":[{"embeddable":true,"href":"https:\/\/phukienflytech.vn\/en\/wp-json\/wp\/v2\/comments?post=3158"}],"wp:featuredmedia":[{"embeddable":true,"href":"https:\/\/phukienflytech.vn\/en\/wp-json\/wp\/v2\/media\/3151"}],"wp:attachment":[{"href":"https:\/\/phukienflytech.vn\/en\/wp-json\/wp\/v2\/media?parent=3158"}],"wp:term":[{"taxonomy":"product_brand","embeddable":true,"href":"https:\/\/phukienflytech.vn\/en\/wp-json\/wp\/v2\/product_brand?post=3158"},{"taxonomy":"product_cat","embeddable":true,"href":"https:\/\/phukienflytech.vn\/en\/wp-json\/wp\/v2\/product_cat?post=3158"},{"taxonomy":"product_tag","embeddable":true,"href":"https:\/\/phukienflytech.vn\/en\/wp-json\/wp\/v2\/product_tag?post=3158"}],"curies":[{"name":"wp","href":"https:\/\/api.w.org\/{rel}","templated":true}]}}