{"id":3244,"date":"2020-06-18T14:46:12","date_gmt":"2020-06-18T07:46:12","guid":{"rendered":"http:\/\/27430.lamdx.vinawebsite.vn\/san-pham\/bo-chan-don-mavic-mini-sunnylife.html"},"modified":"2020-10-18T09:52:30","modified_gmt":"2020-10-18T02:52:30","slug":"extension-landing-gears-for-mavic-mini","status":"publish","type":"product","link":"https:\/\/phukienflytech.vn\/en\/san-pham\/extension-landing-gears-for-mavic-mini.html","title":{"rendered":"Extension landing gears for Mavic Mini"},"content":{"rendered":"<h2><em><strong><span style=\"font-size: 21px; color: #0000ff;\">Extension landing gears for Mavic Mini<\/span><\/strong><\/em><\/h2>\n<p><span style=\"font-size: 18px;\">Extension landing gears for Mavic Mini<\/span><\/p>\n<p><span style=\"font-size: 18px;\">Ch\u00e2n \u0111\u00f4n d\u00e0nh cho flycam DJI Mavic v\u1eabn lu\u00f4n \u0111\u01b0\u1ee3c xem l\u00e0 m\u1ed9t trong nh\u1eefng\u00a0<strong><em>ph\u1ee5 ki\u1ec7n flycam DJI<\/em><\/strong>\u00a0c\u1ea7n thi\u1ebft nh\u1ea5t. Sau khi\u00a0<strong><em>DJI Mavic 2 pro<\/em><\/strong>\u00a0v\u00e0\u00a0<strong><em>Mavic 2 zoom<\/em><\/strong>\u00a0ra m\u1eaft th\u00ec Sunnylife c\u0169ng \u0111\u00e3 thi\u1ebft k\u1ebf v\u00e0 cho ra th\u1ecb tr\u01b0\u1eddng m\u1eabu ch\u00e2n \u0111\u00f4n c\u00f3 ph\u1ea7n t\u00e1o b\u1ea1o v\u00e0 \u0111\u1ea7y s\u00e1ng t\u1ea1o h\u01a1n d\u00e0nh cho Mavic 2 pro v\u00e0 Mavic 2 zoom. V\u00e0 hi\u1ec7n nay l\u00e0 m\u1eabu\u00a0<em><strong>ch\u00e2n \u0111\u00f4n mavic mini &#8211; SunnyLife<\/strong><\/em><\/span><\/p>\n<p><span style=\"font-size: 18px;\"><img loading=\"lazy\" decoding=\"async\" class=\"alignnone size-medium wp-image-13357\" src=\"https:\/\/phukienflytech.vn\/wp-content\/uploads\/2020\/05\/bo-chan-don-mavic-mini-sunnylife-3229-8-400x400.jpg\" alt=\"\" width=\"400\" height=\"400\" srcset=\"https:\/\/phukienflytech.vn\/wp-content\/uploads\/2020\/05\/bo-chan-don-mavic-mini-sunnylife-3229-8-400x400.jpg 400w, https:\/\/phukienflytech.vn\/wp-content\/uploads\/2020\/05\/bo-chan-don-mavic-mini-sunnylife-3229-8-280x280.jpg 280w, https:\/\/phukienflytech.vn\/wp-content\/uploads\/2020\/05\/bo-chan-don-mavic-mini-sunnylife-3229-8-768x768.jpg 768w, https:\/\/phukienflytech.vn\/wp-content\/uploads\/2020\/05\/bo-chan-don-mavic-mini-sunnylife-3229-8-800x800.jpg 800w, https:\/\/phukienflytech.vn\/wp-content\/uploads\/2020\/05\/bo-chan-don-mavic-mini-sunnylife-3229-8-300x300.jpg 300w, https:\/\/phukienflytech.vn\/wp-content\/uploads\/2020\/05\/bo-chan-don-mavic-mini-sunnylife-3229-8-600x600.jpg 600w, https:\/\/phukienflytech.vn\/wp-content\/uploads\/2020\/05\/bo-chan-don-mavic-mini-sunnylife-3229-8-100x100.jpg 100w, https:\/\/phukienflytech.vn\/wp-content\/uploads\/2020\/05\/bo-chan-don-mavic-mini-sunnylife-3229-8.jpg 1000w\" sizes=\"auto, (max-width: 400px) 100vw, 400px\" \/> \u00a0 \u00a0 \u00a0<\/span><\/p>\n<p><span style=\"font-size: 18px;\"><strong><em>B\u1ed9 ch\u00e2n mavic mini<\/em><\/strong><em>\u00a0<\/em>phi\u00ean b\u1ea3n m\u1edbi \u0111\u1eb7c bi\u1ec7t \u1edf thi\u1ebft k\u1ebf th\u00f4ng minh c\u00f3 th\u1ec3 g\u1eadp \u0111\u01b0\u1ee3c \u1edf ph\u00eda sau do v\u1eady, ch\u00fang ta s\u1ebd kh\u00f4ng c\u1ea7n ph\u1ea3i th\u00e1o b\u1ed9 ch\u00e2n ra sau khi bay xong nh\u01b0 tr\u01b0\u1edbc n\u1eefa m\u00e0 v\u1eabn c\u00f3 th\u1ec3 c\u1ea5t v\u00e0o vali mavic mini hay c\u00e1c lo\u1ea1i <strong><em>t\u00fai \u0111\u1ef1ng Mavic mini<\/em><\/strong>\u00a0kh\u00e1c. Qu\u1ea3 l\u00e0 tuy\u1ec7t v\u1eddi v\u00e0 qu\u00e1 thu\u1eadn ti\u1ec7n \u0111\u00fang kh\u00f4ng n\u00e0o ?<\/span><\/p>\n<p><span style=\"font-size: 18px;\"><img loading=\"lazy\" decoding=\"async\" class=\"alignnone wp-image-13362\" src=\"https:\/\/phukienflytech.vn\/wp-content\/uploads\/2020\/05\/bo-chan-don-mavic-mini-sunnylife-3229-1-2-314x400.jpg\" alt=\"\" width=\"436\" height=\"556\" srcset=\"https:\/\/phukienflytech.vn\/wp-content\/uploads\/2020\/05\/bo-chan-don-mavic-mini-sunnylife-3229-1-2-314x400.jpg 314w, https:\/\/phukienflytech.vn\/wp-content\/uploads\/2020\/05\/bo-chan-don-mavic-mini-sunnylife-3229-1-2-629x800.jpg 629w, https:\/\/phukienflytech.vn\/wp-content\/uploads\/2020\/05\/bo-chan-don-mavic-mini-sunnylife-3229-1-2.jpg 750w\" sizes=\"auto, (max-width: 436px) 100vw, 436px\" \/><\/span><\/p>\n<p><span style=\"font-size: 18px;\">V\u00f4 c\u00f9ng nh\u1ecf g\u1ecdn v\u00e0 ti\u1ec7n l\u1ee3i.<\/span><\/p>\n<p><span style=\"font-size: 18px;\"><img loading=\"lazy\" decoding=\"async\" class=\"alignnone wp-image-13364\" src=\"https:\/\/phukienflytech.vn\/wp-content\/uploads\/2020\/05\/bo-chan-don-mavic-mini-sunnylife-3229-2-2-400x400.jpg\" alt=\"\" width=\"410\" height=\"410\" srcset=\"https:\/\/phukienflytech.vn\/wp-content\/uploads\/2020\/05\/bo-chan-don-mavic-mini-sunnylife-3229-2-2-400x400.jpg 400w, https:\/\/phukienflytech.vn\/wp-content\/uploads\/2020\/05\/bo-chan-don-mavic-mini-sunnylife-3229-2-2-280x280.jpg 280w, https:\/\/phukienflytech.vn\/wp-content\/uploads\/2020\/05\/bo-chan-don-mavic-mini-sunnylife-3229-2-2-768x768.jpg 768w, https:\/\/phukienflytech.vn\/wp-content\/uploads\/2020\/05\/bo-chan-don-mavic-mini-sunnylife-3229-2-2-800x800.jpg 800w, https:\/\/phukienflytech.vn\/wp-content\/uploads\/2020\/05\/bo-chan-don-mavic-mini-sunnylife-3229-2-2-300x300.jpg 300w, https:\/\/phukienflytech.vn\/wp-content\/uploads\/2020\/05\/bo-chan-don-mavic-mini-sunnylife-3229-2-2-600x600.jpg 600w, https:\/\/phukienflytech.vn\/wp-content\/uploads\/2020\/05\/bo-chan-don-mavic-mini-sunnylife-3229-2-2-100x100.jpg 100w, https:\/\/phukienflytech.vn\/wp-content\/uploads\/2020\/05\/bo-chan-don-mavic-mini-sunnylife-3229-2-2.jpg 1000w\" sizes=\"auto, (max-width: 410px) 100vw, 410px\" \/><\/span><\/p>\n<p><span style=\"font-size: 18px;\">L\u00e0 ph\u1ee5 ki\u1ec7n lu\u00f4n \u0111\u01b0\u1ee3c x\u1ebfp v\u00e0o danh s\u00e1ch nh\u1eefng\u00a0<em><strong>ph\u1ee5 ki\u1ec7n flycam DJI c\u1ea7n thi\u1ebft<\/strong><\/em>, kh\u00f4ng th\u1ec3 thi\u1ebfu cho chi\u1ebfc drone c\u1ee7a b\u1ea1n.\u00a0B\u1ed9 ch\u00e2n \u0111\u01b0\u1ee3c h\u00e3ng <em><strong>SunnyLife<\/strong><\/em>\u00a0\u0111\u1eb7c bi\u1ec7t thi\u1ebft k\u1ebf \u0111\u1ec3 d\u00e0nh ri\u00eang cho chi\u1ebfc Mavic Mini c\u1ee7a b\u1ea1n.<\/span><\/p>\n<p><span style=\"font-size: 18px;\"><img loading=\"lazy\" decoding=\"async\" class=\"alignnone wp-image-13366 size-medium\" src=\"https:\/\/phukienflytech.vn\/wp-content\/uploads\/2020\/05\/bo-chan-don-mavic-mini-sunnylife-3229-3-2-559x400.jpg\" alt=\"Extension-landing-gears-for-Mavic-Mini-3\" width=\"559\" height=\"400\" srcset=\"https:\/\/phukienflytech.vn\/wp-content\/uploads\/2020\/05\/bo-chan-don-mavic-mini-sunnylife-3229-3-2-559x400.jpg 559w, https:\/\/phukienflytech.vn\/wp-content\/uploads\/2020\/05\/bo-chan-don-mavic-mini-sunnylife-3229-3-2-600x429.jpg 600w, https:\/\/phukienflytech.vn\/wp-content\/uploads\/2020\/05\/bo-chan-don-mavic-mini-sunnylife-3229-3-2.jpg 749w\" sizes=\"auto, (max-width: 559px) 100vw, 559px\" \/><\/span><\/p>\n<p><span style=\"font-size: 18px;\">&gt;&gt; Xem th\u00eam: <span style=\"color: #0000ff;\"><strong><a style=\"color: #0000ff;\" href=\"https:\/\/phukienflytech.vn\/en\/danh-muc\/mavic-mini-accessory.html\" target=\"_blank\" rel=\"noopener noreferrer\">Ph\u1ee5 ki\u1ec7n Mavic Mini<\/a><\/strong><\/span><\/span><\/p>\n<p>&nbsp;<\/p>\n<h2><span style=\"font-size: 21px; color: #0000ff;\"><strong>Chi ti\u1ebft c\u1ee7a Extension landing gears for Mavic Mini<\/strong><\/span><\/h2>\n<ul>\n<li><span style=\"font-size: 18px;\">Tr\u1ecdng l\u01b0\u1ee3ng: 9g<\/span><\/li>\n<li><span style=\"font-size: 18px;\">S\u1eed d\u1ee5ng: DJI Mavic Mini<\/span><\/li>\n<li><span style=\"font-size: 18px;\">C\u00f4ng d\u1ee5ng: b\u1ea3o v\u1ec7 camera v\u00e0 motor c\u1ee7a drone tr\u00e1nh va \u0111\u1eadp khi h\u1ea1 c\u00e1nh<\/span><\/li>\n<li><span style=\"font-size: 18px;\">Nh\u00e0 s\u1ea3n xu\u1ea5t: SunnyLife<\/span><\/li>\n<\/ul>\n<p><span style=\"font-size: 18px;\"><img loading=\"lazy\" decoding=\"async\" class=\"alignnone wp-image-13368 size-medium\" src=\"https:\/\/phukienflytech.vn\/wp-content\/uploads\/2020\/05\/bo-chan-don-mavic-mini-sunnylife-3229-4-2-400x400.jpg\" alt=\"Extension-landing-gears-for-Mavic-Mini-2\" width=\"400\" height=\"400\" srcset=\"https:\/\/phukienflytech.vn\/wp-content\/uploads\/2020\/05\/bo-chan-don-mavic-mini-sunnylife-3229-4-2-400x400.jpg 400w, https:\/\/phukienflytech.vn\/wp-content\/uploads\/2020\/05\/bo-chan-don-mavic-mini-sunnylife-3229-4-2-280x280.jpg 280w, https:\/\/phukienflytech.vn\/wp-content\/uploads\/2020\/05\/bo-chan-don-mavic-mini-sunnylife-3229-4-2-768x768.jpg 768w, https:\/\/phukienflytech.vn\/wp-content\/uploads\/2020\/05\/bo-chan-don-mavic-mini-sunnylife-3229-4-2-800x800.jpg 800w, https:\/\/phukienflytech.vn\/wp-content\/uploads\/2020\/05\/bo-chan-don-mavic-mini-sunnylife-3229-4-2-300x300.jpg 300w, https:\/\/phukienflytech.vn\/wp-content\/uploads\/2020\/05\/bo-chan-don-mavic-mini-sunnylife-3229-4-2-600x600.jpg 600w, https:\/\/phukienflytech.vn\/wp-content\/uploads\/2020\/05\/bo-chan-don-mavic-mini-sunnylife-3229-4-2-100x100.jpg 100w, https:\/\/phukienflytech.vn\/wp-content\/uploads\/2020\/05\/bo-chan-don-mavic-mini-sunnylife-3229-4-2.jpg 1000w\" sizes=\"auto, (max-width: 400px) 100vw, 400px\" \/><\/span><\/p>\n<h2><span style=\"font-size: 21px; color: #0000ff;\"><strong><em>Mua ph\u1ee5 ki\u1ec7n DJI mavic series<\/em>\u00a0\u1edf \u0111\u00e2u?<\/strong><\/span><\/h2>\n<p><span style=\"font-size: 18px;\">N\u1ebfu b\u1ea1n v\u1eabn \u0111ang ph\u00e2n v\u00e2n kh\u00f4ng bi\u1ebft c\u00f3 th\u1ec3 t\u00ecm mua \u0111\u01b0\u1ee3c\u00a0<strong><em>nh\u1eefng ph\u1ee5 ki\u1ec7n dji mavic mini\u00a0<\/em><\/strong>ch\u1ea5t l\u01b0\u1ee3ng nh\u1ea5t m\u00e0 kh\u00f4ng c\u1ea7n lo l\u1eafng gi\u00e1 c\u1ee7a s\u1ea3n ph\u1ea9m \u1edf \u0111\u00e2u th\u00ec ph\u1ee5 ki\u1ec7n flycam gi\u00e1 t\u1ed1t ch\u00ednh l\u00e0 n\u01a1i ph\u00f9 h\u1ee3p d\u00e0nh cho b\u1ea1n. H\u00e3y \u0111\u1ebfn v\u1edbi\u00a0<strong><em>ph\u1ee5 ki\u1ec7n fly-cam gi\u00e1 t\u1ed1t<\/em><\/strong>\u00a0\u0111\u1ec3 c\u00f3 \u0111\u01b0\u1ee3c\u00a0<strong><em>gi\u00e1 mavic mini<\/em><\/strong>,\u00a0<strong><em>gi\u00e1 mavic 2 zoom<\/em><\/strong>,..c\u00f9ng v\u1edbi ch\u1ea5t l\u01b0\u1ee3ng t\u1ed1t nh\u1ea5t.<\/span><\/p>\n<p><span style=\"font-size: 18px;\"><img loading=\"lazy\" decoding=\"async\" class=\"alignnone wp-image-13370\" src=\"https:\/\/phukienflytech.vn\/wp-content\/uploads\/2020\/05\/bo-chan-don-mavic-mini-sunnylife-3229-5-2-664x400.jpg\" alt=\"Extension-landing-gears-for-Mavic-Mini-1\" width=\"490\" height=\"295\" srcset=\"https:\/\/phukienflytech.vn\/wp-content\/uploads\/2020\/05\/bo-chan-don-mavic-mini-sunnylife-3229-5-2-664x400.jpg 664w, https:\/\/phukienflytech.vn\/wp-content\/uploads\/2020\/05\/bo-chan-don-mavic-mini-sunnylife-3229-5-2-768x462.jpg 768w, https:\/\/phukienflytech.vn\/wp-content\/uploads\/2020\/05\/bo-chan-don-mavic-mini-sunnylife-3229-5-2-600x361.jpg 600w, https:\/\/phukienflytech.vn\/wp-content\/uploads\/2020\/05\/bo-chan-don-mavic-mini-sunnylife-3229-5-2.jpg 1000w\" sizes=\"auto, (max-width: 490px) 100vw, 490px\" \/><\/span><\/p>\n<p><span style=\"font-size: 18px;\">N\u00e0o c\u00f9ng s\u1edf h\u1eefu ngay\u00a0<em><strong>Ch\u00e2n \u0111\u00f4n<\/strong>\u00a0<\/em><strong><em>Mavic mini &#8211;\u00a0SunnyLife<\/em>\u00a0<\/strong>\u0111\u1ec3 t\u0103ng t\u00ednh s\u1ef1 an to\u00e0n v\u00e0 y\u00ean t\u00e2m trong m\u1ed7i l\u1ea7n di chuy\u1ec3n\u00a0 v\u00e0 l\u00e0m b\u1ed9 s\u01b0u t\u1eadp<a href=\"https:\/\/phukienflytech.vn\/en\/danh-muc\/mavic-air-accessory.html\">\u00a0<em><strong>ph\u1ee5 ki\u1ec7n DJI Mavic Mini<\/strong><\/em><\/a>\u00a0tr\u1edf l\u00ean \u0111\u1ea7y \u0111\u1ee7 h\u01a1n.<\/span><\/p>\n<p><span style=\"font-size: 18px;\"><img loading=\"lazy\" decoding=\"async\" class=\"alignnone wp-image-13372\" src=\"https:\/\/phukienflytech.vn\/wp-content\/uploads\/2020\/05\/bo-chan-don-mavic-mini-sunnylife-3229-6-1-800x251.png\" alt=\"Extension-landing-gears-for-Mavic-Mini\" width=\"576\" height=\"181\" srcset=\"https:\/\/phukienflytech.vn\/wp-content\/uploads\/2020\/05\/bo-chan-don-mavic-mini-sunnylife-3229-6-1-800x251.png 800w, https:\/\/phukienflytech.vn\/wp-content\/uploads\/2020\/05\/bo-chan-don-mavic-mini-sunnylife-3229-6-1-768x241.png 768w, https:\/\/phukienflytech.vn\/wp-content\/uploads\/2020\/05\/bo-chan-don-mavic-mini-sunnylife-3229-6-1-600x188.png 600w, https:\/\/phukienflytech.vn\/wp-content\/uploads\/2020\/05\/bo-chan-don-mavic-mini-sunnylife-3229-6-1.png 1013w\" sizes=\"auto, (max-width: 576px) 100vw, 576px\" \/><\/span><\/p>\n<p><span style=\"font-size: 18px;\">H\u00e3y \u0111\u1ec3<a href=\"https:\/\/www.facebook.com\/phukienflycam\/?eid=ARCBQ0q12-UOhL1gpeDFhnjm3HjlPSUqIz1ct1Ga5JrKpqFStQo353trGLZf0uATv1_nR7erjs8t17n_\">\u00a0<em><strong>Ph\u1ee5 Ki\u1ec7n Fly-cam Gi\u00e1 T\u1ed1t<\/strong><\/em><\/a>\u00a0ti\u1ebfp s\u1ee9c \u0111am m\u00ea, c\u00f4ng vi\u1ec7c c\u1ee7a b\u1ea1n, gi\u00fap b\u1ea1n th\u00eam ni\u1ec1m h\u1ee9ng kh\u1edfi trong \u0111am m\u00ea c\u0169ng nh\u01b0 c\u00f4ng vi\u1ec7c c\u1ee7a m\u00ecnh th\u00eam su\u00f4n s\u1ebb.<\/span><\/p>\n<p>&nbsp;<\/p>\n<p><span style=\"font-size: 18px;\">&gt;&gt; Li\u00ean h\u1ec7 v\u1edbi ch\u00fang t\u00f4i qua: <strong><a href=\"https:\/\/facebook.com\/phukienflycam\" target=\"_blank\" rel=\"noopener noreferrer\">Fanpage<\/a><\/strong><\/span><\/p>\n","protected":false},"excerpt":{"rendered":"<p>Extension landing gears for Mavic Mini Extension landing gears for Mavic Mini Ch\u00e2n \u0111\u00f4n d\u00e0nh cho flycam DJI Mavic v\u1eabn lu\u00f4n \u0111\u01b0\u1ee3c xem l\u00e0 m\u1ed9t trong nh\u1eefng\u00a0ph\u1ee5 ki\u1ec7n flycam DJI\u00a0c\u1ea7n thi\u1ebft nh\u1ea5t. Sau khi\u00a0DJI Mavic 2 pro\u00a0v\u00e0\u00a0Mavic 2 zoom\u00a0ra m\u1eaft th\u00ec Sunnylife c\u0169ng \u0111\u00e3 thi\u1ebft k\u1ebf v\u00e0 cho ra th\u1ecb tr\u01b0\u1eddng m\u1eabu ch\u00e2n \u0111\u00f4n c\u00f3 &#8230;<\/p>\n","protected":false},"featured_media":7321,"comment_status":"open","ping_status":"closed","template":"","meta":{"_acf_changed":false},"product_brand":[],"product_cat":[176,181],"product_tag":[206,253],"class_list":{"0":"post-3244","1":"product","2":"type-product","3":"status-publish","4":"has-post-thumbnail","6":"product_cat-dji-osmo-drones-accessories","7":"product_cat-mavic-mini-accessory","8":"product_tag-phu-kien-dji-en","9":"product_tag-phu-kien-dji-mavic-mini-en","11":"first","12":"instock","13":"shipping-taxable","14":"purchasable","15":"product-type-simple"},"acf":[],"yoast_head":"<!-- This site is optimized with the Yoast SEO plugin v25.7 - https:\/\/yoast.com\/wordpress\/plugins\/seo\/ -->\n<title>Extension landing gears for Mavic Mini - Sunnylife - Mavic mini accessory.<\/title>\n<meta name=\"description\" content=\"Extension landing gears for Mavic Mini is one of the most important accessory. Contact us to buy it for best price, fast shipping in Vietnam\" \/>\n<meta name=\"robots\" content=\"index, follow, max-snippet:-1, max-image-preview:large, max-video-preview:-1\" \/>\n<link rel=\"canonical\" href=\"https:\/\/phukienflytech.vn\/en\/san-pham\/extension-landing-gears-for-mavic-mini.html\" \/>\n<meta property=\"og:locale\" content=\"en_US\" \/>\n<meta property=\"og:type\" content=\"article\" \/>\n<meta property=\"og:title\" content=\"Extension landing gears for Mavic Mini - Sunnylife - Mavic mini accessory.\" \/>\n<meta property=\"og:description\" content=\"Extension landing gears for Mavic Mini is one of the most important accessory. Contact us to buy it for best price, fast shipping in Vietnam\" \/>\n<meta property=\"og:url\" content=\"https:\/\/phukienflytech.vn\/en\/san-pham\/extension-landing-gears-for-mavic-mini.html\" \/>\n<meta property=\"og:site_name\" content=\"Shop M\u00e1y \u1ea3nh - Action Camera - Gimbal - Flycam - Ph\u1ee5 ki\u1ec7n\" \/>\n<meta property=\"article:publisher\" content=\"https:\/\/facebook.com\/phukienflycam\" \/>\n<meta property=\"article:modified_time\" content=\"2020-10-18T02:52:30+00:00\" \/>\n<meta property=\"og:image\" content=\"https:\/\/phukienflytech.vn\/wp-content\/uploads\/2020\/05\/300x300_phu-kien-flycam-dji-mavic-mini-bo-chan-don-flycam-dji-sunnylife-1_-_2_-_Copy.png\" \/>\n\t<meta property=\"og:image:width\" content=\"300\" \/>\n\t<meta property=\"og:image:height\" content=\"300\" \/>\n\t<meta property=\"og:image:type\" content=\"image\/png\" \/>\n<meta name=\"twitter:card\" content=\"summary_large_image\" \/>\n<meta name=\"twitter:label1\" content=\"Est. reading time\" \/>\n\t<meta name=\"twitter:data1\" content=\"3 minutes\" \/>\n<script type=\"application\/ld+json\" class=\"yoast-schema-graph\">{\"@context\":\"https:\/\/schema.org\",\"@graph\":[{\"@type\":\"WebPage\",\"@id\":\"https:\/\/phukienflytech.vn\/en\/san-pham\/extension-landing-gears-for-mavic-mini.html\",\"url\":\"https:\/\/phukienflytech.vn\/en\/san-pham\/extension-landing-gears-for-mavic-mini.html\",\"name\":\"Extension landing gears for Mavic Mini - Sunnylife - Mavic mini accessory.\",\"isPartOf\":{\"@id\":\"https:\/\/phukienflytech.vn\/#website\"},\"primaryImageOfPage\":{\"@id\":\"https:\/\/phukienflytech.vn\/en\/san-pham\/extension-landing-gears-for-mavic-mini.html#primaryimage\"},\"image\":{\"@id\":\"https:\/\/phukienflytech.vn\/en\/san-pham\/extension-landing-gears-for-mavic-mini.html#primaryimage\"},\"thumbnailUrl\":\"https:\/\/phukienflytech.vn\/wp-content\/uploads\/2020\/05\/300x300_phu-kien-flycam-dji-mavic-mini-bo-chan-don-flycam-dji-sunnylife-1_-_2_-_Copy.png\",\"datePublished\":\"2020-06-18T07:46:12+00:00\",\"dateModified\":\"2020-10-18T02:52:30+00:00\",\"description\":\"Extension landing gears for Mavic Mini is one of the most important accessory. Contact us to buy it for best price, fast shipping in Vietnam\",\"breadcrumb\":{\"@id\":\"https:\/\/phukienflytech.vn\/en\/san-pham\/extension-landing-gears-for-mavic-mini.html#breadcrumb\"},\"inLanguage\":\"en-US\",\"potentialAction\":[{\"@type\":\"ReadAction\",\"target\":[\"https:\/\/phukienflytech.vn\/en\/san-pham\/extension-landing-gears-for-mavic-mini.html\"]}]},{\"@type\":\"ImageObject\",\"inLanguage\":\"en-US\",\"@id\":\"https:\/\/phukienflytech.vn\/en\/san-pham\/extension-landing-gears-for-mavic-mini.html#primaryimage\",\"url\":\"https:\/\/phukienflytech.vn\/wp-content\/uploads\/2020\/05\/300x300_phu-kien-flycam-dji-mavic-mini-bo-chan-don-flycam-dji-sunnylife-1_-_2_-_Copy.png\",\"contentUrl\":\"https:\/\/phukienflytech.vn\/wp-content\/uploads\/2020\/05\/300x300_phu-kien-flycam-dji-mavic-mini-bo-chan-don-flycam-dji-sunnylife-1_-_2_-_Copy.png\",\"width\":300,\"height\":300},{\"@type\":\"BreadcrumbList\",\"@id\":\"https:\/\/phukienflytech.vn\/en\/san-pham\/extension-landing-gears-for-mavic-mini.html#breadcrumb\",\"itemListElement\":[{\"@type\":\"ListItem\",\"position\":1,\"name\":\"Home\",\"item\":\"https:\/\/phukienflytech.vn\/en\"},{\"@type\":\"ListItem\",\"position\":2,\"name\":\"Ph\u1ee5 ki\u1ec7n Mavic Pro\",\"item\":\"https:\/\/phukienflytech.vn\/en\/phu-kien-mavic-pro.html\"},{\"@type\":\"ListItem\",\"position\":3,\"name\":\"Ph\u1ee5 ki\u1ec7n DJI - Osmo\",\"item\":\"https:\/\/phukienflytech.vn\/danh-muc\/phu-kien-dji-osmo.html\"},{\"@type\":\"ListItem\",\"position\":4,\"name\":\"Extension landing gears for Mavic Mini\"}]},{\"@type\":\"WebSite\",\"@id\":\"https:\/\/phukienflytech.vn\/#website\",\"url\":\"https:\/\/phukienflytech.vn\/\",\"name\":\"Shop M\u00e1y \u1ea3nh - Action Camera - Gimbal - Flycam - Ph\u1ee5 ki\u1ec7n\",\"description\":\"Shop M\u00e1y \u1ea3nh - Action Camera - Gimbal - Flycam - Ph\u1ee5 ki\u1ec7n\",\"publisher\":{\"@id\":\"https:\/\/phukienflytech.vn\/#organization\"},\"potentialAction\":[{\"@type\":\"SearchAction\",\"target\":{\"@type\":\"EntryPoint\",\"urlTemplate\":\"https:\/\/phukienflytech.vn\/?s={search_term_string}\"},\"query-input\":{\"@type\":\"PropertyValueSpecification\",\"valueRequired\":true,\"valueName\":\"search_term_string\"}}],\"inLanguage\":\"en-US\"},{\"@type\":\"Organization\",\"@id\":\"https:\/\/phukienflytech.vn\/#organization\",\"name\":\"DJI Store - Shop Drone, Action camera, Gimbal DJI |Phukienflytech\",\"alternateName\":\"DJI Store - Shop Drone, Action camera, Gimbal DJI |Phukienflytech\",\"url\":\"https:\/\/phukienflytech.vn\/\",\"logo\":{\"@type\":\"ImageObject\",\"inLanguage\":\"en-US\",\"@id\":\"https:\/\/phukienflytech.vn\/#\/schema\/logo\/image\/\",\"url\":\"https:\/\/phukienflytech.vn\/wp-content\/uploads\/2020\/05\/hAnh_nan.jpg1_.jpg\",\"contentUrl\":\"https:\/\/phukienflytech.vn\/wp-content\/uploads\/2020\/05\/hAnh_nan.jpg1_.jpg\",\"width\":800,\"height\":450,\"caption\":\"DJI Store - Shop Drone, Action camera, Gimbal DJI |Phukienflytech\"},\"image\":{\"@id\":\"https:\/\/phukienflytech.vn\/#\/schema\/logo\/image\/\"},\"sameAs\":[\"https:\/\/facebook.com\/phukienflycam\",\"https:\/\/www.youtube.com\/@phukienflytech\",\"https:\/\/www.tiktok.com\/@flytech.channel?fbclid=IwY2xjawGjg7BleHRuA2FlbQIxMAABHYVGmlXpuSMs0UB2zTpYvyT4GMVfN2qJa4urF4vkSQ6FAVBwXZtDP30qQA_aem_UwMiDcUvlEbd2tXAmsc8Og\"]}]}<\/script>\n<!-- \/ Yoast SEO plugin. -->","yoast_head_json":{"title":"Extension landing gears for Mavic Mini - Sunnylife - Mavic mini accessory.","description":"Extension landing gears for Mavic Mini is one of the most important accessory. Contact us to buy it for best price, fast shipping in Vietnam","robots":{"index":"index","follow":"follow","max-snippet":"max-snippet:-1","max-image-preview":"max-image-preview:large","max-video-preview":"max-video-preview:-1"},"canonical":"https:\/\/phukienflytech.vn\/en\/san-pham\/extension-landing-gears-for-mavic-mini.html","og_locale":"en_US","og_type":"article","og_title":"Extension landing gears for Mavic Mini - Sunnylife - Mavic mini accessory.","og_description":"Extension landing gears for Mavic Mini is one of the most important accessory. Contact us to buy it for best price, fast shipping in Vietnam","og_url":"https:\/\/phukienflytech.vn\/en\/san-pham\/extension-landing-gears-for-mavic-mini.html","og_site_name":"Shop M\u00e1y \u1ea3nh - Action Camera - Gimbal - Flycam - Ph\u1ee5 ki\u1ec7n","article_publisher":"https:\/\/facebook.com\/phukienflycam","article_modified_time":"2020-10-18T02:52:30+00:00","og_image":[{"width":300,"height":300,"url":"https:\/\/phukienflytech.vn\/wp-content\/uploads\/2020\/05\/300x300_phu-kien-flycam-dji-mavic-mini-bo-chan-don-flycam-dji-sunnylife-1_-_2_-_Copy.png","type":"image\/png"}],"twitter_card":"summary_large_image","twitter_misc":{"Est. reading time":"3 minutes"},"schema":{"@context":"https:\/\/schema.org","@graph":[{"@type":"WebPage","@id":"https:\/\/phukienflytech.vn\/en\/san-pham\/extension-landing-gears-for-mavic-mini.html","url":"https:\/\/phukienflytech.vn\/en\/san-pham\/extension-landing-gears-for-mavic-mini.html","name":"Extension landing gears for Mavic Mini - Sunnylife - Mavic mini accessory.","isPartOf":{"@id":"https:\/\/phukienflytech.vn\/#website"},"primaryImageOfPage":{"@id":"https:\/\/phukienflytech.vn\/en\/san-pham\/extension-landing-gears-for-mavic-mini.html#primaryimage"},"image":{"@id":"https:\/\/phukienflytech.vn\/en\/san-pham\/extension-landing-gears-for-mavic-mini.html#primaryimage"},"thumbnailUrl":"https:\/\/phukienflytech.vn\/wp-content\/uploads\/2020\/05\/300x300_phu-kien-flycam-dji-mavic-mini-bo-chan-don-flycam-dji-sunnylife-1_-_2_-_Copy.png","datePublished":"2020-06-18T07:46:12+00:00","dateModified":"2020-10-18T02:52:30+00:00","description":"Extension landing gears for Mavic Mini is one of the most important accessory. Contact us to buy it for best price, fast shipping in Vietnam","breadcrumb":{"@id":"https:\/\/phukienflytech.vn\/en\/san-pham\/extension-landing-gears-for-mavic-mini.html#breadcrumb"},"inLanguage":"en-US","potentialAction":[{"@type":"ReadAction","target":["https:\/\/phukienflytech.vn\/en\/san-pham\/extension-landing-gears-for-mavic-mini.html"]}]},{"@type":"ImageObject","inLanguage":"en-US","@id":"https:\/\/phukienflytech.vn\/en\/san-pham\/extension-landing-gears-for-mavic-mini.html#primaryimage","url":"https:\/\/phukienflytech.vn\/wp-content\/uploads\/2020\/05\/300x300_phu-kien-flycam-dji-mavic-mini-bo-chan-don-flycam-dji-sunnylife-1_-_2_-_Copy.png","contentUrl":"https:\/\/phukienflytech.vn\/wp-content\/uploads\/2020\/05\/300x300_phu-kien-flycam-dji-mavic-mini-bo-chan-don-flycam-dji-sunnylife-1_-_2_-_Copy.png","width":300,"height":300},{"@type":"BreadcrumbList","@id":"https:\/\/phukienflytech.vn\/en\/san-pham\/extension-landing-gears-for-mavic-mini.html#breadcrumb","itemListElement":[{"@type":"ListItem","position":1,"name":"Home","item":"https:\/\/phukienflytech.vn\/en"},{"@type":"ListItem","position":2,"name":"Ph\u1ee5 ki\u1ec7n Mavic Pro","item":"https:\/\/phukienflytech.vn\/en\/phu-kien-mavic-pro.html"},{"@type":"ListItem","position":3,"name":"Ph\u1ee5 ki\u1ec7n DJI - Osmo","item":"https:\/\/phukienflytech.vn\/danh-muc\/phu-kien-dji-osmo.html"},{"@type":"ListItem","position":4,"name":"Extension landing gears for Mavic Mini"}]},{"@type":"WebSite","@id":"https:\/\/phukienflytech.vn\/#website","url":"https:\/\/phukienflytech.vn\/","name":"Shop M\u00e1y \u1ea3nh - Action Camera - Gimbal - Flycam - Ph\u1ee5 ki\u1ec7n","description":"Shop M\u00e1y \u1ea3nh - Action Camera - Gimbal - Flycam - Ph\u1ee5 ki\u1ec7n","publisher":{"@id":"https:\/\/phukienflytech.vn\/#organization"},"potentialAction":[{"@type":"SearchAction","target":{"@type":"EntryPoint","urlTemplate":"https:\/\/phukienflytech.vn\/?s={search_term_string}"},"query-input":{"@type":"PropertyValueSpecification","valueRequired":true,"valueName":"search_term_string"}}],"inLanguage":"en-US"},{"@type":"Organization","@id":"https:\/\/phukienflytech.vn\/#organization","name":"DJI Store - Shop Drone, Action camera, Gimbal DJI |Phukienflytech","alternateName":"DJI Store - Shop Drone, Action camera, Gimbal DJI |Phukienflytech","url":"https:\/\/phukienflytech.vn\/","logo":{"@type":"ImageObject","inLanguage":"en-US","@id":"https:\/\/phukienflytech.vn\/#\/schema\/logo\/image\/","url":"https:\/\/phukienflytech.vn\/wp-content\/uploads\/2020\/05\/hAnh_nan.jpg1_.jpg","contentUrl":"https:\/\/phukienflytech.vn\/wp-content\/uploads\/2020\/05\/hAnh_nan.jpg1_.jpg","width":800,"height":450,"caption":"DJI Store - Shop Drone, Action camera, Gimbal DJI |Phukienflytech"},"image":{"@id":"https:\/\/phukienflytech.vn\/#\/schema\/logo\/image\/"},"sameAs":["https:\/\/facebook.com\/phukienflycam","https:\/\/www.youtube.com\/@phukienflytech","https:\/\/www.tiktok.com\/@flytech.channel?fbclid=IwY2xjawGjg7BleHRuA2FlbQIxMAABHYVGmlXpuSMs0UB2zTpYvyT4GMVfN2qJa4urF4vkSQ6FAVBwXZtDP30qQA_aem_UwMiDcUvlEbd2tXAmsc8Og"]}]}},"_links":{"self":[{"href":"https:\/\/phukienflytech.vn\/en\/wp-json\/wp\/v2\/product\/3244","targetHints":{"allow":["GET"]}}],"collection":[{"href":"https:\/\/phukienflytech.vn\/en\/wp-json\/wp\/v2\/product"}],"about":[{"href":"https:\/\/phukienflytech.vn\/en\/wp-json\/wp\/v2\/types\/product"}],"replies":[{"embeddable":true,"href":"https:\/\/phukienflytech.vn\/en\/wp-json\/wp\/v2\/comments?post=3244"}],"wp:featuredmedia":[{"embeddable":true,"href":"https:\/\/phukienflytech.vn\/en\/wp-json\/wp\/v2\/media\/7321"}],"wp:attachment":[{"href":"https:\/\/phukienflytech.vn\/en\/wp-json\/wp\/v2\/media?parent=3244"}],"wp:term":[{"taxonomy":"product_brand","embeddable":true,"href":"https:\/\/phukienflytech.vn\/en\/wp-json\/wp\/v2\/product_brand?post=3244"},{"taxonomy":"product_cat","embeddable":true,"href":"https:\/\/phukienflytech.vn\/en\/wp-json\/wp\/v2\/product_cat?post=3244"},{"taxonomy":"product_tag","embeddable":true,"href":"https:\/\/phukienflytech.vn\/en\/wp-json\/wp\/v2\/product_tag?post=3244"}],"curies":[{"name":"wp","href":"https:\/\/api.w.org\/{rel}","templated":true}]}}