{"id":3258,"date":"2020-06-18T14:53:34","date_gmt":"2020-06-18T07:53:34","guid":{"rendered":"http:\/\/27430.lamdx.vinawebsite.vn\/san-pham\/bo-chan-don-va-bao-ve-canh-mavic-mini-sunnylife.html"},"modified":"2020-10-18T09:48:00","modified_gmt":"2020-10-18T02:48:00","slug":"landing-gears-propeller-guard-mavic-mini","status":"publish","type":"product","link":"https:\/\/phukienflytech.vn\/en\/san-pham\/landing-gears-propeller-guard-mavic-mini.html","title":{"rendered":"Extension landing gears and propeller guard for Mavic Mini &#8211; Sunnylife"},"content":{"rendered":"<h2><span style=\"color: #0000ff;\"><em><strong><span style=\"font-size: 21px;\">Landing gears propeller guard Mavic Mini <\/span><\/strong><\/em><\/span><\/h2>\n<p><span style=\"font-size: 18px;\">Landing gears propeller guard Mavic Mini <\/span><\/p>\n<p><span style=\"font-size: 18px;\">Sau h\u01a1n 3 th\u00e1ng ph\u00e1t h\u00e0nh, DJI Mavic Mini \u0111\u00e3 c\u00f3 cho m\u00ecnh 1 ch\u1ed7 \u0111\u1ee9ng trong l\u00f2ng ng\u01b0\u1eddi ch\u01a1i b\u1ed9 m\u00f4n flycam. V\u1edbi k\u00edch th\u01b0\u1edbc nh\u1ecf v\u00e0 v\u00f4 c\u00f9ng nh\u1eb9 ch\u1ec9 249g, DJI Mavic mini l\u00e0 1 s\u1ef1 l\u1ef1a ch\u1ecdn v\u00f4 c\u00f9ng ti\u1ec7n l\u1ee3i<\/span><\/p>\n<p><span style=\"font-size: 18px;\">Nh\u01b0ng c\u0169ng v\u1edbi k\u00edch th\u01b0\u1edbc nh\u1ecf g\u1ecdn n\u00e0y, theo nhi\u1ec1u ph\u1ea3n \u00e1nh t\u1eeb nh\u1eefng ng\u01b0\u1eddi \u0111\u00e3 tr\u1ea3i nghi\u1ec7m Mavic mini. Bay trong \u0111i\u1ec1u ki\u1ec7n gi\u00f3 to th\u00ec m\u00e1y v\u1eabn c\u00f3 th\u1ec3 b\u1ecb m\u1ea5t c\u00e2n b\u1eb1ng, l\u1ec7ch h\u01b0\u1edbng v\u00e0 t\u00ecnh tr\u1ea1ng va qu\u1ec7t th\u1eadm ch\u00ed l\u00e0 r\u01a1i. \u0110\u00f3 l\u00e0 \u0111i\u1ec1u m\u00e0 ch\u00fang ta kh\u00f4ng h\u1ec1 mong mu\u1ed1n.<\/span><\/p>\n<p><span style=\"font-size: 18px;\"><img loading=\"lazy\" decoding=\"async\" src=\"https:\/\/phukienflytech.vn\/wp-content\/uploads\/2020\/05\/bo-chan-don-va-bao-ve-canh-mavic-mini-sunnylife-3245.jpg\" alt=\"\" width=\"450\" height=\"450\" \/><\/span><\/p>\n<p><span style=\"font-size: 18px;\">Th\u00eam v\u00e0o \u0111\u00f3, m\u1ed9t \u0111\u1eb7c \u0111i\u1ec3m chung c\u1ee7a nh\u00e0 Mavic \u0111\u00f3 l\u00e0 kho\u1ea3ng c\u00e1ch ti\u1ebfp x\u00fac v\u1edbi m\u1eb7t \u0111\u1ea5t l\u00e0 r\u1ea5t g\u1ea7n v\u00ec th\u1ebf ch\u00fang ta ph\u1ea3i mua th\u00eam\u00a0<em><strong>ph\u1ee5 ki\u1ec7n ch\u00e2n \u0111\u00f4n mavic<\/strong><\/em>\u00a0\u0111\u1ec3 c\u1ea3i thi\u1ec7n chi\u1ec1u cao. \u0110\u1ed1i t\u01b0\u1ee3ng ch\u00fang ta n\u00f3i t\u1edbi h\u00f4m nay l\u00e0 DJI Mavic mini<\/span><\/p>\n<p><span style=\"font-size: 18px;\">\u0110\u1ec3 c\u1ea3i thi\u1ec7n 2 y\u1ebfu \u0111i\u1ec3m tr\u00ean, ch\u00fang ta ph\u1ea3i mua r\u1eddi\u00a0<em><strong>ch\u00e2n \u0111\u00f4n mavic mini<\/strong><\/em>\u00a0v\u00e0\u00a0<em><strong>b\u1ea3o v\u1ec7 c\u00e1nh mavic mini<\/strong><\/em>. V\u1eady gi\u1ea3i ph\u00e1p \u1edf \u0111\u00e2y l\u00e0\u00a0<em><strong>b\u1ed9 b\u1ea3o v\u1ec7 c\u00e1nh k\u00e8m ch\u00e2n \u0111\u00f4n Mavic Mini<\/strong><\/em>\u00a0t\u1edbi t\u1eeb\u00a0<em><strong>Sunny Life.<\/strong><\/em><\/span><\/p>\n<p><span style=\"font-size: 18px;\"><img loading=\"lazy\" decoding=\"async\" class=\"alignnone\" src=\"https:\/\/phukienflytech.vn\/wp-content\/uploads\/2020\/05\/bo-chan-don-va-bao-ve-canh-mavic-mini-sunnylife-3245-1.jpg\" alt=\"bo-chan-don-va-bao-ve-canh-mavic-mini-sunnylife-5\" width=\"450\" height=\"450\" \/><\/span><\/p>\n<h2><span style=\"font-size: 21px;\"><strong><span style=\"color: #0000ff;\">T\u1ea1i sao m\u1ed7i ng\u01b0\u1eddi ch\u01a1i flycam n\u00ean s\u1eed d\u1ee5ng b\u1ed9 b\u1ea3o v\u1ec7 c\u00e1nh?<\/span><\/strong><\/span><\/h2>\n<p><span style=\"font-size: 18px;\">Kh\u00f4ng ch\u1ec9 \u0111\u01a1n thu\u1ea7n l\u00e0 b\u1ea3o v\u1ec7 c\u00e1nh m\u00e1y bay trong tr\u01b0\u1eddng h\u1ee3p va qu\u1ec7t v\u00e0o t\u01b0\u1eddng, c\u00e0nh c\u00e2y&#8230; m\u00e0 xa h\u01a1n n\u1eefa ch\u00ednh l\u00e0 b\u1ea3o v\u1ec7 \u0111\u1ed9ng c\u01a1 motor c\u1ee7a m\u00e1y. Khi va ch\u1ea1m x\u1ea3y ra, c\u00e1nh s\u1ebd b\u1ecb ch\u1eb7n \u0111\u1ee9ng l\u1ea1i v\u00e0 \u0111\u1ed9ng c\u01a1 v\u1eabn ti\u1ebfp t\u1ee5c nh\u1eadn l\u1ec7nh chuy\u1ec3n \u0111\u1ed9ng, v\u00e0 khi s\u1ef1 m\u00e2u thu\u1eabn tr\u00ean x\u1ea3y ra th\u00ec r\u1ea5t kh\u00f3 tr\u00e1nh kh\u1ecfi h\u1eadu qu\u1ea3 ch\u00e1y motor&#8230;<\/span><\/p>\n<p><span style=\"font-size: 18px;\"><img loading=\"lazy\" decoding=\"async\" class=\"alignnone\" src=\"https:\/\/phukienflytech.vn\/wp-content\/uploads\/2020\/05\/bo-chan-don-va-bao-ve-canh-mavic-mini-sunnylife-3245-2.jpg\" alt=\"bo-chan-don-va-bao-ve-canh-mavic-mini-sunnylife4\" width=\"450\" height=\"349\" \/><\/span><\/p>\n<p><span style=\"font-size: 18px;\">Nh\u01b0 v\u1eady,\u00a0s\u1ea3n ph\u1ea9m n\u00e0y\u00a0kh\u00f4ng ch\u1ec9 b\u1ea3o v\u1ec7 c\u00e1nh m\u00e0 c\u00f2n l\u00e0\u00a0<em><strong>ph\u1ee5 ki\u1ec7n b\u1ea3o v\u1ec7<\/strong><\/em>\u00a0ch\u00ednh c\u00e1c \u0111\u1ed9ng c\u01a1 c\u1ee7a m\u00e1y, ch\u00fang ta n\u00ean coi ch\u00fang nh\u01b0 l\u00e0 m\u1ed9t ph\u1ea7n kh\u00f4ng th\u1ec3 thi\u1ebfu c\u1ee7a m\u00e1y bay m\u1ed7i khi c\u1ea5t c\u00e1nh. B\u1ed5 sung ch\u00fang ngay v\u00e0o b\u1ed9 s\u01b0u t\u1eadp\u00a0<em><strong>ph\u1ee5 ki\u1ec7n mavic mini<\/strong><\/em>\u00a0c\u1ee7a b\u1ea1n<\/span><\/p>\n<p><span style=\"font-size: 18px;\"><img loading=\"lazy\" decoding=\"async\" class=\"alignnone\" src=\"https:\/\/phukienflytech.vn\/wp-content\/uploads\/2020\/05\/bo-chan-don-va-bao-ve-canh-mavic-mini-sunnylife-3245-3.jpg\" alt=\"Landing-gears-propeller-guard-Mavic-Mini -2\" width=\"450\" height=\"450\" \/><\/span><\/p>\n<p><span style=\"font-size: 18px;\"><em><strong>B\u1ed9 b\u1ea3o v\u1ec7 c\u00e1nh<\/strong><\/em>\u00a0t\u00edch h\u1ee3p th\u00eam\u00a0<em><strong>ch\u00e2n \u0111\u00f4n mavic mini<\/strong><\/em>, gi\u00fap vi\u1ec7c c\u1ea5t c\u00e1nh v\u00e0 h\u1ea1 c\u00e1nh tr\u1edf n\u00ean d\u1ec5 d\u00e0ng. B\u1ea3o v\u1ec7 ph\u1ea7n c\u1ea3m bi\u1ebfn \u1edf b\u1ee5ng m\u00e1y.<\/span><\/p>\n<p>&nbsp;<\/p>\n<p><span style=\"font-size: 18px;\">&gt;&gt; Xem th\u00eam: <span style=\"color: #0000ff;\"><strong><a style=\"color: #0000ff;\" href=\"https:\/\/phukienflytech.vn\/en\/danh-muc\/mavic-mini-accessory.html\" target=\"_blank\" rel=\"noopener noreferrer\">Ph\u1ee5 ki\u1ec7n Mavic Mini<\/a><\/strong><\/span><\/span><\/p>\n<p>&nbsp;<\/p>\n<h2><span style=\"font-size: 21px;\"><strong><span style=\"color: #0000ff;\">Chi ti\u1ebft c\u1ee7a Landing gears propeller guard Mavic Mini <\/span><\/strong><\/span><\/h2>\n<p><span style=\"font-size: 18px;\">V\u1edbi thi\u1ebft k\u1ebf thu g\u1ecdn k\u00edch th\u01b0\u1edbc g\u1ecdn nh\u1ea5t c\u00f3 th\u1ec3 v\u00ec v\u1eady chi\u1ebfc\u00a0<strong>DJI Mavic Mini<\/strong>\u00a0c\u00f3 b\u1ec1 m\u1eb7t b\u1ee5ng ch\u1ec9 c\u00e1ch m\u1eb7t \u0111\u1ea5t ch\u01b0a t\u1edbi 1cm, do v\u1eady vi\u1ec7c s\u1eed d\u1ee5ng 1 b\u1ed9 ch\u00e2n \u0111\u00f4n \u0111\u1ec3 t\u0103ng kho\u1ea3ng c\u00e1ch v\u1edbi b\u1ec1 m\u1eb7t gi\u00fap chi\u1ebfc drone Spark c\u1ee7a ch\u00fang ta tr\u1edf l\u00ean an to\u00e0n h\u01a1n<\/span><\/p>\n<p><span style=\"font-size: 18px;\"><img loading=\"lazy\" decoding=\"async\" class=\"alignnone\" src=\"https:\/\/phukienflytech.vn\/wp-content\/uploads\/2020\/05\/bo-chan-don-va-bao-ve-canh-mavic-mini-sunnylife-3245-4.jpg\" alt=\"Landing-gears-propeller-guard-Mavic-Mini -1\" width=\"450\" height=\"450\" \/><\/span><\/p>\n<p><span style=\"font-size: 18px;\"><em><strong>B\u1ed9 b\u1ea3o v\u1ec7 c\u00e1nh v\u00e0 ch\u00e2n \u0111\u00f4n mavic mini,<\/strong><\/em>\u00a0v\u1edbi thi\u1ebft k\u1ebf 2 trong 1 nh\u01b0 v\u1eady th\u00ec qu\u1ea3 th\u1ef1c l\u00e0 v\u00f4 c\u00f9ng ti\u1ec7n l\u1ee3i v\u00e0 g\u00f3p ph\u1ea7n gi\u1ea3m thi\u1ec3u chi ph\u00ed khi ta ch\u1ec9 c\u1ea7n mua 1 m\u00e0 l\u1ea1i \u0111\u01b0\u1ee3c s\u1eed d\u1ee5ng 2<\/span><\/p>\n<p><span style=\"font-size: 18px;\">&#8211; R\u1ea5t d\u1ec5 th\u00e1o l\u1eafp<\/span><\/p>\n<p>&nbsp;<\/p>\n<h2><span style=\"font-size: 21px; color: #0000ff;\"><strong><em>Mua ph\u1ee5 ki\u1ec7n DJI mavic series<\/em><\/strong><strong>\u00a0\u1edf \u0111\u00e2u?<\/strong><\/span><\/h2>\n<p><span style=\"font-size: 18px;\">N\u1ebfu b\u1ea1n v\u1eabn \u0111ang ph\u00e2n v\u00e2n kh\u00f4ng bi\u1ebft c\u00f3 th\u1ec3 t\u00ecm mua \u0111\u01b0\u1ee3c\u00a0<strong><em>nh\u1eefng ph\u1ee5 ki\u1ec7n dji mavic mini\u00a0<\/em><\/strong>ch\u1ea5t l\u01b0\u1ee3ng nh\u1ea5t m\u00e0 kh\u00f4ng c\u1ea7n lo l\u1eafng gi\u00e1 c\u1ee7a s\u1ea3n ph\u1ea9m \u1edf \u0111\u00e2u th\u00ec ph\u1ee5 ki\u1ec7n flycam gi\u00e1 t\u1ed1t ch\u00ednh l\u00e0 n\u01a1i ph\u00f9 h\u1ee3p d\u00e0nh cho b\u1ea1n. H\u00e3y \u0111\u1ebfn v\u1edbi\u00a0<strong><em>ph\u1ee5 ki\u1ec7n fly-cam gi\u00e1 t\u1ed1t<\/em><\/strong>\u00a0\u0111\u1ec3 c\u00f3 \u0111\u01b0\u1ee3c\u00a0<strong><em>gi\u00e1 mavic mini<\/em><\/strong>,\u00a0<strong><em>gi\u00e1 mavic 2 zoom<\/em><\/strong>,..c\u00f9ng v\u1edbi ch\u1ea5t l\u01b0\u1ee3ng t\u1ed1t nh\u1ea5t.<\/span><\/p>\n<p><span style=\"font-size: 18px;\">N\u00e0o c\u00f9ng s\u1edf h\u1eefu ngay\u00a0<em><strong>b\u1ea3o v\u1ec7 c\u00e1nh v\u00e0<\/strong><\/em>\u00a0c<strong><em>h\u00e2n \u0111\u00f4n<\/em><\/strong><em>\u00a0<strong>Mavic mini &#8211;\u00a0SunnyLife<\/strong><\/em><strong>\u00a0<\/strong>\u0111\u1ec3 t\u0103ng t\u00ednh s\u1ef1 an to\u00e0n v\u00e0 y\u00ean t\u00e2m trong m\u1ed7i l\u1ea7n di chuy\u1ec3n\u00a0 v\u00e0 l\u00e0m b\u1ed9 s\u01b0u t\u1eadp<a href=\"https:\/\/phukienflytech.vn\/en\/danh-muc\/mavic-air-accessory.html\">\u00a0<strong><em>ph\u1ee5 ki\u1ec7n DJI Mavic Mini<\/em><\/strong><\/a>\u00a0tr\u1edf l\u00ean \u0111\u1ea7y \u0111\u1ee7 h\u01a1n.<\/span><\/p>\n<p><span style=\"font-size: 18px;\"><img loading=\"lazy\" decoding=\"async\" class=\"alignnone\" src=\"https:\/\/phukienflytech.vn\/wp-content\/uploads\/2020\/05\/bo-chan-don-va-bao-ve-canh-mavic-mini-sunnylife-3245-5.jpg\" alt=\"Landing-gears-propeller-guard-Mavic-Mini \" width=\"564\" height=\"177\" \/><\/span><\/p>\n<p><span style=\"font-size: 18px;\">H\u00e3y \u0111\u1ec3<a href=\"https:\/\/www.facebook.com\/phukienflycam\/?eid=ARCBQ0q12-UOhL1gpeDFhnjm3HjlPSUqIz1ct1Ga5JrKpqFStQo353trGLZf0uATv1_nR7erjs8t17n_\">\u00a0<strong><em>Ph\u1ee5 Ki\u1ec7n Fly-cam Gi\u00e1 T\u1ed1t<\/em><\/strong><\/a>\u00a0ti\u1ebfp s\u1ee9c \u0111am m\u00ea, c\u00f4ng vi\u1ec7c c\u1ee7a b\u1ea1n, gi\u00fap b\u1ea1n th\u00eam ni\u1ec1m h\u1ee9ng kh\u1edfi trong \u0111am m\u00ea c\u0169ng nh\u01b0 c\u00f4ng vi\u1ec7c c\u1ee7a m\u00ecnh th\u00eam su\u00f4n s\u1ebb.<\/span><\/p>\n<p>&nbsp;<\/p>\n<p><span style=\"font-size: 18px;\">&gt;&gt; Li\u00ean h\u1ec7 v\u1edbi ch\u00fang t\u00f4i qua: <strong><a href=\"https:\/\/facebook.com\/phukienflycam\" target=\"_blank\" rel=\"noopener noreferrer\">Fanpage<\/a><\/strong><\/span><\/p>\n","protected":false},"excerpt":{"rendered":"<p>Landing gears propeller guard Mavic Mini Landing gears propeller guard Mavic Mini Sau h\u01a1n 3 th\u00e1ng ph\u00e1t h\u00e0nh, DJI Mavic Mini \u0111\u00e3 c\u00f3 cho m\u00ecnh 1 ch\u1ed7 \u0111\u1ee9ng trong l\u00f2ng ng\u01b0\u1eddi ch\u01a1i b\u1ed9 m\u00f4n flycam. V\u1edbi k\u00edch th\u01b0\u1edbc nh\u1ecf v\u00e0 v\u00f4 c\u00f9ng nh\u1eb9 ch\u1ec9 249g, DJI Mavic mini l\u00e0 1 s\u1ef1 l\u1ef1a ch\u1ecdn v\u00f4 c\u00f9ng &#8230;<\/p>\n","protected":false},"featured_media":10447,"comment_status":"open","ping_status":"closed","template":"","meta":{"_acf_changed":false},"product_brand":[],"product_cat":[176,181],"product_tag":[206,253],"class_list":{"0":"post-3258","1":"product","2":"type-product","3":"status-publish","4":"has-post-thumbnail","6":"product_cat-dji-osmo-drones-accessories","7":"product_cat-mavic-mini-accessory","8":"product_tag-phu-kien-dji-en","9":"product_tag-phu-kien-dji-mavic-mini-en","11":"first","12":"instock","13":"shipping-taxable","14":"purchasable","15":"product-type-simple"},"acf":[],"yoast_head":"<!-- This site is optimized with the Yoast SEO plugin v25.7 - https:\/\/yoast.com\/wordpress\/plugins\/seo\/ -->\n<title>Landing gear propeller guard Mavic Mini - Sunnylife - Mavic mini accessory<\/title>\n<meta name=\"description\" content=\"Landing gears propeller guard Mavic Mini is one of the most important accessory. Contact us to buy it for best price, fast shipping.\" \/>\n<meta name=\"robots\" content=\"index, follow, max-snippet:-1, max-image-preview:large, max-video-preview:-1\" \/>\n<link rel=\"canonical\" href=\"https:\/\/phukienflytech.vn\/en\/san-pham\/landing-gears-propeller-guard-mavic-mini.html\" \/>\n<meta property=\"og:locale\" content=\"en_US\" \/>\n<meta property=\"og:type\" content=\"article\" \/>\n<meta property=\"og:title\" content=\"Landing gear propeller guard Mavic Mini - Sunnylife - Mavic mini accessory\" \/>\n<meta property=\"og:description\" content=\"Landing gears propeller guard Mavic Mini is one of the most important accessory. Contact us to buy it for best price, fast shipping.\" \/>\n<meta property=\"og:url\" content=\"https:\/\/phukienflytech.vn\/en\/san-pham\/landing-gears-propeller-guard-mavic-mini.html\" \/>\n<meta property=\"og:site_name\" content=\"Shop M\u00e1y \u1ea3nh - Action Camera - Gimbal - Flycam - Ph\u1ee5 ki\u1ec7n\" \/>\n<meta property=\"article:publisher\" content=\"https:\/\/facebook.com\/phukienflycam\" \/>\n<meta property=\"article:modified_time\" content=\"2020-10-18T02:48:00+00:00\" \/>\n<meta property=\"og:image\" content=\"https:\/\/phukienflytech.vn\/wp-content\/uploads\/2020\/05\/phu-kien-flycam-dji-mavic-mini-bo-bao-ve-canh-dji-chinh-hang-sunnylife-3_-_Copy.png\" \/>\n\t<meta property=\"og:image:width\" content=\"500\" \/>\n\t<meta property=\"og:image:height\" content=\"500\" \/>\n\t<meta property=\"og:image:type\" content=\"image\/png\" \/>\n<meta name=\"twitter:card\" content=\"summary_large_image\" \/>\n<meta name=\"twitter:label1\" content=\"Est. reading time\" \/>\n\t<meta name=\"twitter:data1\" content=\"5 minutes\" \/>\n<script type=\"application\/ld+json\" class=\"yoast-schema-graph\">{\"@context\":\"https:\/\/schema.org\",\"@graph\":[{\"@type\":\"WebPage\",\"@id\":\"https:\/\/phukienflytech.vn\/en\/san-pham\/landing-gears-propeller-guard-mavic-mini.html\",\"url\":\"https:\/\/phukienflytech.vn\/en\/san-pham\/landing-gears-propeller-guard-mavic-mini.html\",\"name\":\"Landing gear propeller guard Mavic Mini - Sunnylife - Mavic mini accessory\",\"isPartOf\":{\"@id\":\"https:\/\/phukienflytech.vn\/#website\"},\"primaryImageOfPage\":{\"@id\":\"https:\/\/phukienflytech.vn\/en\/san-pham\/landing-gears-propeller-guard-mavic-mini.html#primaryimage\"},\"image\":{\"@id\":\"https:\/\/phukienflytech.vn\/en\/san-pham\/landing-gears-propeller-guard-mavic-mini.html#primaryimage\"},\"thumbnailUrl\":\"https:\/\/phukienflytech.vn\/wp-content\/uploads\/2020\/05\/phu-kien-flycam-dji-mavic-mini-bo-bao-ve-canh-dji-chinh-hang-sunnylife-3_-_Copy.png\",\"datePublished\":\"2020-06-18T07:53:34+00:00\",\"dateModified\":\"2020-10-18T02:48:00+00:00\",\"description\":\"Landing gears propeller guard Mavic Mini is one of the most important accessory. Contact us to buy it for best price, fast shipping.\",\"breadcrumb\":{\"@id\":\"https:\/\/phukienflytech.vn\/en\/san-pham\/landing-gears-propeller-guard-mavic-mini.html#breadcrumb\"},\"inLanguage\":\"en-US\",\"potentialAction\":[{\"@type\":\"ReadAction\",\"target\":[\"https:\/\/phukienflytech.vn\/en\/san-pham\/landing-gears-propeller-guard-mavic-mini.html\"]}]},{\"@type\":\"ImageObject\",\"inLanguage\":\"en-US\",\"@id\":\"https:\/\/phukienflytech.vn\/en\/san-pham\/landing-gears-propeller-guard-mavic-mini.html#primaryimage\",\"url\":\"https:\/\/phukienflytech.vn\/wp-content\/uploads\/2020\/05\/phu-kien-flycam-dji-mavic-mini-bo-bao-ve-canh-dji-chinh-hang-sunnylife-3_-_Copy.png\",\"contentUrl\":\"https:\/\/phukienflytech.vn\/wp-content\/uploads\/2020\/05\/phu-kien-flycam-dji-mavic-mini-bo-bao-ve-canh-dji-chinh-hang-sunnylife-3_-_Copy.png\",\"width\":500,\"height\":500},{\"@type\":\"BreadcrumbList\",\"@id\":\"https:\/\/phukienflytech.vn\/en\/san-pham\/landing-gears-propeller-guard-mavic-mini.html#breadcrumb\",\"itemListElement\":[{\"@type\":\"ListItem\",\"position\":1,\"name\":\"Home\",\"item\":\"https:\/\/phukienflytech.vn\/en\"},{\"@type\":\"ListItem\",\"position\":2,\"name\":\"Ph\u1ee5 ki\u1ec7n Mavic Pro\",\"item\":\"https:\/\/phukienflytech.vn\/en\/phu-kien-mavic-pro.html\"},{\"@type\":\"ListItem\",\"position\":3,\"name\":\"Ph\u1ee5 ki\u1ec7n DJI - Osmo\",\"item\":\"https:\/\/phukienflytech.vn\/danh-muc\/phu-kien-dji-osmo.html\"},{\"@type\":\"ListItem\",\"position\":4,\"name\":\"Extension landing gears and propeller guard for Mavic Mini &#8211; Sunnylife\"}]},{\"@type\":\"WebSite\",\"@id\":\"https:\/\/phukienflytech.vn\/#website\",\"url\":\"https:\/\/phukienflytech.vn\/\",\"name\":\"Shop M\u00e1y \u1ea3nh - Action Camera - Gimbal - Flycam - Ph\u1ee5 ki\u1ec7n\",\"description\":\"Shop M\u00e1y \u1ea3nh - Action Camera - Gimbal - Flycam - Ph\u1ee5 ki\u1ec7n\",\"publisher\":{\"@id\":\"https:\/\/phukienflytech.vn\/#organization\"},\"potentialAction\":[{\"@type\":\"SearchAction\",\"target\":{\"@type\":\"EntryPoint\",\"urlTemplate\":\"https:\/\/phukienflytech.vn\/?s={search_term_string}\"},\"query-input\":{\"@type\":\"PropertyValueSpecification\",\"valueRequired\":true,\"valueName\":\"search_term_string\"}}],\"inLanguage\":\"en-US\"},{\"@type\":\"Organization\",\"@id\":\"https:\/\/phukienflytech.vn\/#organization\",\"name\":\"DJI Store - Shop Drone, Action camera, Gimbal DJI |Phukienflytech\",\"alternateName\":\"DJI Store - Shop Drone, Action camera, Gimbal DJI |Phukienflytech\",\"url\":\"https:\/\/phukienflytech.vn\/\",\"logo\":{\"@type\":\"ImageObject\",\"inLanguage\":\"en-US\",\"@id\":\"https:\/\/phukienflytech.vn\/#\/schema\/logo\/image\/\",\"url\":\"https:\/\/phukienflytech.vn\/wp-content\/uploads\/2020\/05\/hAnh_nan.jpg1_.jpg\",\"contentUrl\":\"https:\/\/phukienflytech.vn\/wp-content\/uploads\/2020\/05\/hAnh_nan.jpg1_.jpg\",\"width\":800,\"height\":450,\"caption\":\"DJI Store - Shop Drone, Action camera, Gimbal DJI |Phukienflytech\"},\"image\":{\"@id\":\"https:\/\/phukienflytech.vn\/#\/schema\/logo\/image\/\"},\"sameAs\":[\"https:\/\/facebook.com\/phukienflycam\",\"https:\/\/www.youtube.com\/@phukienflytech\",\"https:\/\/www.tiktok.com\/@flytech.channel?fbclid=IwY2xjawGjg7BleHRuA2FlbQIxMAABHYVGmlXpuSMs0UB2zTpYvyT4GMVfN2qJa4urF4vkSQ6FAVBwXZtDP30qQA_aem_UwMiDcUvlEbd2tXAmsc8Og\"]}]}<\/script>\n<!-- \/ Yoast SEO plugin. -->","yoast_head_json":{"title":"Landing gear propeller guard Mavic Mini - Sunnylife - Mavic mini accessory","description":"Landing gears propeller guard Mavic Mini is one of the most important accessory. Contact us to buy it for best price, fast shipping.","robots":{"index":"index","follow":"follow","max-snippet":"max-snippet:-1","max-image-preview":"max-image-preview:large","max-video-preview":"max-video-preview:-1"},"canonical":"https:\/\/phukienflytech.vn\/en\/san-pham\/landing-gears-propeller-guard-mavic-mini.html","og_locale":"en_US","og_type":"article","og_title":"Landing gear propeller guard Mavic Mini - Sunnylife - Mavic mini accessory","og_description":"Landing gears propeller guard Mavic Mini is one of the most important accessory. Contact us to buy it for best price, fast shipping.","og_url":"https:\/\/phukienflytech.vn\/en\/san-pham\/landing-gears-propeller-guard-mavic-mini.html","og_site_name":"Shop M\u00e1y \u1ea3nh - Action Camera - Gimbal - Flycam - Ph\u1ee5 ki\u1ec7n","article_publisher":"https:\/\/facebook.com\/phukienflycam","article_modified_time":"2020-10-18T02:48:00+00:00","og_image":[{"width":500,"height":500,"url":"https:\/\/phukienflytech.vn\/wp-content\/uploads\/2020\/05\/phu-kien-flycam-dji-mavic-mini-bo-bao-ve-canh-dji-chinh-hang-sunnylife-3_-_Copy.png","type":"image\/png"}],"twitter_card":"summary_large_image","twitter_misc":{"Est. reading time":"5 minutes"},"schema":{"@context":"https:\/\/schema.org","@graph":[{"@type":"WebPage","@id":"https:\/\/phukienflytech.vn\/en\/san-pham\/landing-gears-propeller-guard-mavic-mini.html","url":"https:\/\/phukienflytech.vn\/en\/san-pham\/landing-gears-propeller-guard-mavic-mini.html","name":"Landing gear propeller guard Mavic Mini - Sunnylife - Mavic mini accessory","isPartOf":{"@id":"https:\/\/phukienflytech.vn\/#website"},"primaryImageOfPage":{"@id":"https:\/\/phukienflytech.vn\/en\/san-pham\/landing-gears-propeller-guard-mavic-mini.html#primaryimage"},"image":{"@id":"https:\/\/phukienflytech.vn\/en\/san-pham\/landing-gears-propeller-guard-mavic-mini.html#primaryimage"},"thumbnailUrl":"https:\/\/phukienflytech.vn\/wp-content\/uploads\/2020\/05\/phu-kien-flycam-dji-mavic-mini-bo-bao-ve-canh-dji-chinh-hang-sunnylife-3_-_Copy.png","datePublished":"2020-06-18T07:53:34+00:00","dateModified":"2020-10-18T02:48:00+00:00","description":"Landing gears propeller guard Mavic Mini is one of the most important accessory. Contact us to buy it for best price, fast shipping.","breadcrumb":{"@id":"https:\/\/phukienflytech.vn\/en\/san-pham\/landing-gears-propeller-guard-mavic-mini.html#breadcrumb"},"inLanguage":"en-US","potentialAction":[{"@type":"ReadAction","target":["https:\/\/phukienflytech.vn\/en\/san-pham\/landing-gears-propeller-guard-mavic-mini.html"]}]},{"@type":"ImageObject","inLanguage":"en-US","@id":"https:\/\/phukienflytech.vn\/en\/san-pham\/landing-gears-propeller-guard-mavic-mini.html#primaryimage","url":"https:\/\/phukienflytech.vn\/wp-content\/uploads\/2020\/05\/phu-kien-flycam-dji-mavic-mini-bo-bao-ve-canh-dji-chinh-hang-sunnylife-3_-_Copy.png","contentUrl":"https:\/\/phukienflytech.vn\/wp-content\/uploads\/2020\/05\/phu-kien-flycam-dji-mavic-mini-bo-bao-ve-canh-dji-chinh-hang-sunnylife-3_-_Copy.png","width":500,"height":500},{"@type":"BreadcrumbList","@id":"https:\/\/phukienflytech.vn\/en\/san-pham\/landing-gears-propeller-guard-mavic-mini.html#breadcrumb","itemListElement":[{"@type":"ListItem","position":1,"name":"Home","item":"https:\/\/phukienflytech.vn\/en"},{"@type":"ListItem","position":2,"name":"Ph\u1ee5 ki\u1ec7n Mavic Pro","item":"https:\/\/phukienflytech.vn\/en\/phu-kien-mavic-pro.html"},{"@type":"ListItem","position":3,"name":"Ph\u1ee5 ki\u1ec7n DJI - Osmo","item":"https:\/\/phukienflytech.vn\/danh-muc\/phu-kien-dji-osmo.html"},{"@type":"ListItem","position":4,"name":"Extension landing gears and propeller guard for Mavic Mini &#8211; Sunnylife"}]},{"@type":"WebSite","@id":"https:\/\/phukienflytech.vn\/#website","url":"https:\/\/phukienflytech.vn\/","name":"Shop M\u00e1y \u1ea3nh - Action Camera - Gimbal - Flycam - Ph\u1ee5 ki\u1ec7n","description":"Shop M\u00e1y \u1ea3nh - Action Camera - Gimbal - Flycam - Ph\u1ee5 ki\u1ec7n","publisher":{"@id":"https:\/\/phukienflytech.vn\/#organization"},"potentialAction":[{"@type":"SearchAction","target":{"@type":"EntryPoint","urlTemplate":"https:\/\/phukienflytech.vn\/?s={search_term_string}"},"query-input":{"@type":"PropertyValueSpecification","valueRequired":true,"valueName":"search_term_string"}}],"inLanguage":"en-US"},{"@type":"Organization","@id":"https:\/\/phukienflytech.vn\/#organization","name":"DJI Store - Shop Drone, Action camera, Gimbal DJI |Phukienflytech","alternateName":"DJI Store - Shop Drone, Action camera, Gimbal DJI |Phukienflytech","url":"https:\/\/phukienflytech.vn\/","logo":{"@type":"ImageObject","inLanguage":"en-US","@id":"https:\/\/phukienflytech.vn\/#\/schema\/logo\/image\/","url":"https:\/\/phukienflytech.vn\/wp-content\/uploads\/2020\/05\/hAnh_nan.jpg1_.jpg","contentUrl":"https:\/\/phukienflytech.vn\/wp-content\/uploads\/2020\/05\/hAnh_nan.jpg1_.jpg","width":800,"height":450,"caption":"DJI Store - Shop Drone, Action camera, Gimbal DJI |Phukienflytech"},"image":{"@id":"https:\/\/phukienflytech.vn\/#\/schema\/logo\/image\/"},"sameAs":["https:\/\/facebook.com\/phukienflycam","https:\/\/www.youtube.com\/@phukienflytech","https:\/\/www.tiktok.com\/@flytech.channel?fbclid=IwY2xjawGjg7BleHRuA2FlbQIxMAABHYVGmlXpuSMs0UB2zTpYvyT4GMVfN2qJa4urF4vkSQ6FAVBwXZtDP30qQA_aem_UwMiDcUvlEbd2tXAmsc8Og"]}]}},"_links":{"self":[{"href":"https:\/\/phukienflytech.vn\/en\/wp-json\/wp\/v2\/product\/3258","targetHints":{"allow":["GET"]}}],"collection":[{"href":"https:\/\/phukienflytech.vn\/en\/wp-json\/wp\/v2\/product"}],"about":[{"href":"https:\/\/phukienflytech.vn\/en\/wp-json\/wp\/v2\/types\/product"}],"replies":[{"embeddable":true,"href":"https:\/\/phukienflytech.vn\/en\/wp-json\/wp\/v2\/comments?post=3258"}],"wp:featuredmedia":[{"embeddable":true,"href":"https:\/\/phukienflytech.vn\/en\/wp-json\/wp\/v2\/media\/10447"}],"wp:attachment":[{"href":"https:\/\/phukienflytech.vn\/en\/wp-json\/wp\/v2\/media?parent=3258"}],"wp:term":[{"taxonomy":"product_brand","embeddable":true,"href":"https:\/\/phukienflytech.vn\/en\/wp-json\/wp\/v2\/product_brand?post=3258"},{"taxonomy":"product_cat","embeddable":true,"href":"https:\/\/phukienflytech.vn\/en\/wp-json\/wp\/v2\/product_cat?post=3258"},{"taxonomy":"product_tag","embeddable":true,"href":"https:\/\/phukienflytech.vn\/en\/wp-json\/wp\/v2\/product_tag?post=3258"}],"curies":[{"name":"wp","href":"https:\/\/api.w.org\/{rel}","templated":true}]}}