{"id":3328,"date":"2020-06-20T15:33:06","date_gmt":"2020-06-20T08:33:06","guid":{"rendered":"http:\/\/27430.lamdx.vinawebsite.vn\/san-pham\/chup-bao-ve-joystick-mavic-mini-pgytech.html"},"modified":"2021-01-16T10:08:04","modified_gmt":"2021-01-16T03:08:04","slug":"joystick-cover-for-mavic-mini","status":"publish","type":"product","link":"https:\/\/phukienflytech.vn\/en\/san-pham\/joystick-cover-for-mavic-mini.html","title":{"rendered":"Joystick cover for Mavic Mini &#8211; PGYtech"},"content":{"rendered":"<h2><em><strong><span style=\"font-size: 21px; color: #0000ff;\">Joystick cover for Mavic Mini <\/span><\/strong><\/em><\/h2>\n<p><span style=\"font-size: 18px;\">Joystick cover for Mavic Mini <\/span><\/p>\n<p><span style=\"font-size: 18px;\"><img loading=\"lazy\" decoding=\"async\" class=\"alignnone wp-image-13249\" src=\"https:\/\/phukienflytech.vn\/wp-content\/uploads\/2020\/05\/chup-bao-ve-joystick-mavic-mini-pgytech-3319-4-674x400.jpg\" alt=\"\" width=\"566\" height=\"336\" srcset=\"https:\/\/phukienflytech.vn\/wp-content\/uploads\/2020\/05\/chup-bao-ve-joystick-mavic-mini-pgytech-3319-4-674x400.jpg 674w, https:\/\/phukienflytech.vn\/wp-content\/uploads\/2020\/05\/chup-bao-ve-joystick-mavic-mini-pgytech-3319-4-768x456.jpg 768w, https:\/\/phukienflytech.vn\/wp-content\/uploads\/2020\/05\/chup-bao-ve-joystick-mavic-mini-pgytech-3319-4-600x356.jpg 600w, https:\/\/phukienflytech.vn\/wp-content\/uploads\/2020\/05\/chup-bao-ve-joystick-mavic-mini-pgytech-3319-4.jpg 1024w\" sizes=\"auto, (max-width: 566px) 100vw, 566px\" \/><\/span><\/p>\n<p>&nbsp;<\/p>\n<p><span style=\"font-size: 18px;\">Ng\u00e0y nay nhu c\u1ea7u di chuy\u1ec3n \u0111i l\u1ea1i c\u1ee7a c\u00e1c pilot ng\u00e0y c\u00e0ng nhi\u1ec1u ch\u00ednh v\u00ec th\u1ebf vi\u1ec7c b\u1ea3o qu\u1ea3n cho nh\u1eefng\u00a0<strong><em>ph\u1ee5 ki\u1ec7n dji\u00a0Mavic Mini<\/em><\/strong>\u00a0l\u00e0 m\u1ed9t vi\u1ec7c v\u00f4 c\u00f9ng thi\u1ebft y\u1ebfu.<\/span><\/p>\n<p><span style=\"font-size: 18px;\"><img loading=\"lazy\" decoding=\"async\" class=\"alignnone wp-image-13251\" src=\"https:\/\/phukienflytech.vn\/wp-content\/uploads\/2020\/05\/chup-bao-ve-joystick-mavic-mini-pgytech-3319-1-1-522x400.jpg\" alt=\"Joystick-cover-for-Mavic-Mini -2\" width=\"468\" height=\"359\" srcset=\"https:\/\/phukienflytech.vn\/wp-content\/uploads\/2020\/05\/chup-bao-ve-joystick-mavic-mini-pgytech-3319-1-1-522x400.jpg 522w, https:\/\/phukienflytech.vn\/wp-content\/uploads\/2020\/05\/chup-bao-ve-joystick-mavic-mini-pgytech-3319-1-1-768x589.jpg 768w, https:\/\/phukienflytech.vn\/wp-content\/uploads\/2020\/05\/chup-bao-ve-joystick-mavic-mini-pgytech-3319-1-1-600x460.jpg 600w, https:\/\/phukienflytech.vn\/wp-content\/uploads\/2020\/05\/chup-bao-ve-joystick-mavic-mini-pgytech-3319-1-1.jpg 1024w\" sizes=\"auto, (max-width: 468px) 100vw, 468px\" \/><\/span><\/p>\n<p><span style=\"font-size: 18px;\">Tay khi\u1ec3n l\u00e0 m\u1ed9t trong nh\u1eefng ph\u1ee5 ki\u1ec7n n\u1eb1m trong s\u1ed1 \u0111\u00f3. Trong qu\u00e1 tr\u00ecnh di chuy\u1ec3n chi\u1ebfc joystick tr\u00ean tay khi\u00ean c\u1ee7a b\u1ea1n c\u00f3 th\u1ec3 b\u1ecb t\u1ed5n th\u01b0\u01a1ng h\u01b0 h\u1ecfng, va \u0111\u1eadp trong qu\u00e1 tr\u00ecnh \u0111i chuy\u1ec3n.<\/span><\/p>\n<p><span style=\"font-size: 18px;\"><img loading=\"lazy\" decoding=\"async\" class=\"alignnone wp-image-13253 size-medium\" src=\"https:\/\/phukienflytech.vn\/wp-content\/uploads\/2020\/05\/chup-bao-ve-joystick-mavic-mini-pgytech-3319-2-1-400x400.jpg\" alt=\"Joystick-cover-for-Mavic-Mini -1\" width=\"400\" height=\"400\" srcset=\"https:\/\/phukienflytech.vn\/wp-content\/uploads\/2020\/05\/chup-bao-ve-joystick-mavic-mini-pgytech-3319-2-1-400x400.jpg 400w, https:\/\/phukienflytech.vn\/wp-content\/uploads\/2020\/05\/chup-bao-ve-joystick-mavic-mini-pgytech-3319-2-1-280x280.jpg 280w, https:\/\/phukienflytech.vn\/wp-content\/uploads\/2020\/05\/chup-bao-ve-joystick-mavic-mini-pgytech-3319-2-1-768x768.jpg 768w, https:\/\/phukienflytech.vn\/wp-content\/uploads\/2020\/05\/chup-bao-ve-joystick-mavic-mini-pgytech-3319-2-1-800x800.jpg 800w, https:\/\/phukienflytech.vn\/wp-content\/uploads\/2020\/05\/chup-bao-ve-joystick-mavic-mini-pgytech-3319-2-1-300x300.jpg 300w, https:\/\/phukienflytech.vn\/wp-content\/uploads\/2020\/05\/chup-bao-ve-joystick-mavic-mini-pgytech-3319-2-1-600x600.jpg 600w, https:\/\/phukienflytech.vn\/wp-content\/uploads\/2020\/05\/chup-bao-ve-joystick-mavic-mini-pgytech-3319-2-1-100x100.jpg 100w, https:\/\/phukienflytech.vn\/wp-content\/uploads\/2020\/05\/chup-bao-ve-joystick-mavic-mini-pgytech-3319-2-1.jpg 1024w\" sizes=\"auto, (max-width: 400px) 100vw, 400px\" \/><\/span><\/p>\n<p><span style=\"font-size: 18px;\">V\u00ec th\u1ebf \u0111\u1ec3 tr\u00e1nh nh\u1eefng t\u1ed5n th\u1ea5t h\u01b0 h\u1ea1i kh\u00f4ng \u0111\u00e1ng c\u00f3 \u1ea5y, h\u00e3y trang b\u1ecb ngay\u00a0<em><strong>ch\u1ee5p b\u1ea3o v\u1ec7 joystick <\/strong><\/em>cho chi\u1ebfc khi\u1ec3n c\u1ee7a b\u1ea1n.<\/span><\/p>\n<p><span style=\"font-size: 18px;\"><img loading=\"lazy\" decoding=\"async\" class=\"alignnone wp-image-13255 size-medium\" src=\"https:\/\/phukienflytech.vn\/wp-content\/uploads\/2020\/05\/chup-bao-ve-joystick-mavic-mini-pgytech-3319-3-1-436x400.jpg\" alt=\"Joystick-cover-for-Mavic-Mini \" width=\"436\" height=\"400\" srcset=\"https:\/\/phukienflytech.vn\/wp-content\/uploads\/2020\/05\/chup-bao-ve-joystick-mavic-mini-pgytech-3319-3-1-436x400.jpg 436w, https:\/\/phukienflytech.vn\/wp-content\/uploads\/2020\/05\/chup-bao-ve-joystick-mavic-mini-pgytech-3319-3-1-768x704.jpg 768w, https:\/\/phukienflytech.vn\/wp-content\/uploads\/2020\/05\/chup-bao-ve-joystick-mavic-mini-pgytech-3319-3-1-872x800.jpg 872w, https:\/\/phukienflytech.vn\/wp-content\/uploads\/2020\/05\/chup-bao-ve-joystick-mavic-mini-pgytech-3319-3-1-600x550.jpg 600w, https:\/\/phukienflytech.vn\/wp-content\/uploads\/2020\/05\/chup-bao-ve-joystick-mavic-mini-pgytech-3319-3-1.jpg 1024w\" sizes=\"auto, (max-width: 436px) 100vw, 436px\" \/><\/span><\/p>\n<h2><span style=\"font-size: 21px;\"><strong><span style=\"color: #0000ff;\">Chi ti\u1ebft S\u1ea3n ph\u1ea9m\u00a0<\/span><\/strong><\/span><\/h2>\n<p><span style=\"font-size: 18px;\">Tr\u1ecdng l\u01b0\u1ee3ng: 16g<\/span><\/p>\n<p><span style=\"font-size: 18px;\">Ch\u1ea5t li\u1ec7u: ABS<\/span><\/p>\n<p><span style=\"font-size: 18px;\">C\u00f4ng d\u1ee5ng: b\u1ea3o v\u1ec7 joystick tr\u00ean tay khi\u1ec3n<\/span><\/p>\n<p><span style=\"font-size: 18px;\">Thi\u1ebft k\u1ebf \u0111\u01a1n gi\u1ea3n hi\u1ec7n \u0111\u1ea1i r\u1ea5t d\u1ec5 d\u00e0ng th\u1ea3o l\u1eafp m\u00e0 kh\u00f4ng g\u00e2y \u1ea3nh h\u01b0\u1edbng \u0111\u1ebfn thi\u1ebft b\u1ecb c\u1ee7a b\u1ea1n..<\/span><\/p>\n<h2><span style=\"font-size: 21px; color: #0000ff;\"><strong><em>Mua ph\u1ee5 ki\u1ec7n mavic mini \u1edf \u0111\u00e2u?<\/em><\/strong><\/span><\/h2>\n<p><span style=\"font-size: 18px;\">N\u1ebfu b\u1ea1n v\u1eabn \u0111ang ph\u00e2n v\u00e2n kh\u00f4ng bi\u1ebft c\u00f3 th\u1ec3 t\u00ecm mua \u0111\u01b0\u1ee3c\u00a0<em><strong>nh\u1eefng ph\u1ee5 ki\u1ec7n dji mavic <span style=\"font-size: 18px;\">mini\u00a0<\/span><\/strong><\/em>ch\u1ea5t l\u01b0\u1ee3ng nh\u1ea5t m\u00e0 kh\u00f4ng c\u1ea7n lo l\u1eafng gi\u00e1 c\u1ee7a s\u1ea3n ph\u1ea9m \u1edf \u0111\u00e2u th\u00ec\u00a0<em><strong>ph\u1ee5 ki\u1ec7n flycam gi\u00e1 t\u1ed1t<\/strong><\/em>\u00a0ch\u00ednh l\u00e0 n\u01a1i ph\u00f9 h\u1ee3p d\u00e0nh cho b\u1ea1n. H\u00e3y \u0111\u1ebfn v\u1edbi\u00a0<em><strong>ph\u1ee5 ki\u1ec7n fly-cam gi\u00e1 t\u1ed1t<\/strong>\u00a0<\/em>\u0111\u1ec3 c\u00f3 \u0111\u01b0\u1ee3c\u00a0<em><strong>gi\u00e1 mavic mini<\/strong><\/em>&#8230;c\u00f9ng v\u1edbi ch\u1ea5t l\u01b0\u1ee3ng t\u1ed1t nh\u1ea5t.<\/span><\/p>\n<p><span style=\"font-size: 18px;\">&gt;&gt; Contact us on: <a href=\"https:\/\/www.facebook.com\/phukienflycam\"><strong>Facebook<\/strong><\/a><\/span><\/p>\n<p><span style=\"font-size: 18px;\">&gt;&gt; Learn More : <strong><a href=\"https:\/\/phukienflytech.vn\/en\/danh-muc\/mavic-mini-accessory.html\">Mavic mini accessory<\/a><\/strong><\/span><\/p>\n","protected":false},"excerpt":{"rendered":"<p>Joystick cover for Mavic Mini Joystick cover for Mavic Mini &nbsp; Ng\u00e0y nay nhu c\u1ea7u di chuy\u1ec3n \u0111i l\u1ea1i c\u1ee7a c\u00e1c pilot ng\u00e0y c\u00e0ng nhi\u1ec1u ch\u00ednh v\u00ec th\u1ebf vi\u1ec7c b\u1ea3o qu\u1ea3n cho nh\u1eefng\u00a0ph\u1ee5 ki\u1ec7n dji\u00a0Mavic Mini\u00a0l\u00e0 m\u1ed9t vi\u1ec7c v\u00f4 c\u00f9ng thi\u1ebft y\u1ebfu. Tay khi\u1ec3n l\u00e0 m\u1ed9t trong nh\u1eefng ph\u1ee5 ki\u1ec7n n\u1eb1m trong s\u1ed1 \u0111\u00f3. Trong &#8230;<\/p>\n","protected":false},"featured_media":7307,"comment_status":"open","ping_status":"closed","template":"","meta":{"_acf_changed":false},"product_brand":[],"product_cat":[181],"product_tag":[206,253],"class_list":{"0":"post-3328","1":"product","2":"type-product","3":"status-publish","4":"has-post-thumbnail","6":"product_cat-mavic-mini-accessory","7":"product_tag-phu-kien-dji-en","8":"product_tag-phu-kien-dji-mavic-mini-en","10":"first","11":"instock","12":"shipping-taxable","13":"purchasable","14":"product-type-simple"},"acf":[],"yoast_head":"<!-- This site is optimized with the Yoast SEO plugin v25.7 - https:\/\/yoast.com\/wordpress\/plugins\/seo\/ -->\n<title>Joystick cover for Mavic Mini - PGYtech - Mavic mini accessory - available.<\/title>\n<meta name=\"description\" content=\"Joystick cover for Mavic Mini is one of the most important accessory. Contact us to buy Joystick cover for Mavic Mini for best price.\" \/>\n<meta name=\"robots\" content=\"index, follow, max-snippet:-1, max-image-preview:large, max-video-preview:-1\" \/>\n<link rel=\"canonical\" href=\"https:\/\/phukienflytech.vn\/en\/san-pham\/joystick-cover-for-mavic-mini.html\" \/>\n<meta property=\"og:locale\" content=\"en_US\" \/>\n<meta property=\"og:type\" content=\"article\" \/>\n<meta property=\"og:title\" content=\"Joystick cover for Mavic Mini - PGYtech - Mavic mini accessory - available.\" \/>\n<meta property=\"og:description\" content=\"Joystick cover for Mavic Mini is one of the most important accessory. Contact us to buy Joystick cover for Mavic Mini for best price.\" \/>\n<meta property=\"og:url\" content=\"https:\/\/phukienflytech.vn\/en\/san-pham\/joystick-cover-for-mavic-mini.html\" \/>\n<meta property=\"og:site_name\" content=\"Shop M\u00e1y \u1ea3nh - Action Camera - Gimbal - Flycam - Ph\u1ee5 ki\u1ec7n\" \/>\n<meta property=\"article:publisher\" content=\"https:\/\/facebook.com\/phukienflycam\" \/>\n<meta property=\"article:modified_time\" content=\"2021-01-16T03:08:04+00:00\" \/>\n<meta property=\"og:image\" content=\"https:\/\/phukienflytech.vn\/wp-content\/uploads\/2020\/05\/300x300_pgytech-phu-kien-flytech-dji-mavic-mini-bao-ve-joystick424_-_Copy_2.jpg\" \/>\n\t<meta property=\"og:image:width\" content=\"300\" \/>\n\t<meta property=\"og:image:height\" content=\"298\" \/>\n\t<meta property=\"og:image:type\" content=\"image\/jpeg\" \/>\n<meta name=\"twitter:card\" content=\"summary_large_image\" \/>\n<meta name=\"twitter:label1\" content=\"Est. reading time\" \/>\n\t<meta name=\"twitter:data1\" content=\"2 minutes\" \/>\n<script type=\"application\/ld+json\" class=\"yoast-schema-graph\">{\"@context\":\"https:\/\/schema.org\",\"@graph\":[{\"@type\":\"WebPage\",\"@id\":\"https:\/\/phukienflytech.vn\/en\/san-pham\/joystick-cover-for-mavic-mini.html\",\"url\":\"https:\/\/phukienflytech.vn\/en\/san-pham\/joystick-cover-for-mavic-mini.html\",\"name\":\"Joystick cover for Mavic Mini - PGYtech - Mavic mini accessory - available.\",\"isPartOf\":{\"@id\":\"https:\/\/phukienflytech.vn\/#website\"},\"primaryImageOfPage\":{\"@id\":\"https:\/\/phukienflytech.vn\/en\/san-pham\/joystick-cover-for-mavic-mini.html#primaryimage\"},\"image\":{\"@id\":\"https:\/\/phukienflytech.vn\/en\/san-pham\/joystick-cover-for-mavic-mini.html#primaryimage\"},\"thumbnailUrl\":\"https:\/\/phukienflytech.vn\/wp-content\/uploads\/2020\/05\/300x300_pgytech-phu-kien-flytech-dji-mavic-mini-bao-ve-joystick424_-_Copy_2.jpg\",\"datePublished\":\"2020-06-20T08:33:06+00:00\",\"dateModified\":\"2021-01-16T03:08:04+00:00\",\"description\":\"Joystick cover for Mavic Mini is one of the most important accessory. Contact us to buy Joystick cover for Mavic Mini for best price.\",\"breadcrumb\":{\"@id\":\"https:\/\/phukienflytech.vn\/en\/san-pham\/joystick-cover-for-mavic-mini.html#breadcrumb\"},\"inLanguage\":\"en-US\",\"potentialAction\":[{\"@type\":\"ReadAction\",\"target\":[\"https:\/\/phukienflytech.vn\/en\/san-pham\/joystick-cover-for-mavic-mini.html\"]}]},{\"@type\":\"ImageObject\",\"inLanguage\":\"en-US\",\"@id\":\"https:\/\/phukienflytech.vn\/en\/san-pham\/joystick-cover-for-mavic-mini.html#primaryimage\",\"url\":\"https:\/\/phukienflytech.vn\/wp-content\/uploads\/2020\/05\/300x300_pgytech-phu-kien-flytech-dji-mavic-mini-bao-ve-joystick424_-_Copy_2.jpg\",\"contentUrl\":\"https:\/\/phukienflytech.vn\/wp-content\/uploads\/2020\/05\/300x300_pgytech-phu-kien-flytech-dji-mavic-mini-bao-ve-joystick424_-_Copy_2.jpg\",\"width\":300,\"height\":298},{\"@type\":\"BreadcrumbList\",\"@id\":\"https:\/\/phukienflytech.vn\/en\/san-pham\/joystick-cover-for-mavic-mini.html#breadcrumb\",\"itemListElement\":[{\"@type\":\"ListItem\",\"position\":1,\"name\":\"Home\",\"item\":\"https:\/\/phukienflytech.vn\/en\"},{\"@type\":\"ListItem\",\"position\":2,\"name\":\"Ph\u1ee5 ki\u1ec7n Mavic Pro\",\"item\":\"https:\/\/phukienflytech.vn\/en\/phu-kien-mavic-pro.html\"},{\"@type\":\"ListItem\",\"position\":3,\"name\":\"DJI Osmo &amp; Drone's accessories\",\"item\":\"https:\/\/phukienflytech.vn\/en\/danh-muc\/dji-osmo-drones-accessories.html\"},{\"@type\":\"ListItem\",\"position\":4,\"name\":\"Ph\u1ee5 ki\u1ec7n flycam Mavic Mini\",\"item\":\"https:\/\/phukienflytech.vn\/en\/danh-muc\/mavic-mini-accessory.html\"},{\"@type\":\"ListItem\",\"position\":5,\"name\":\"Joystick cover for Mavic Mini &#8211; PGYtech\"}]},{\"@type\":\"WebSite\",\"@id\":\"https:\/\/phukienflytech.vn\/#website\",\"url\":\"https:\/\/phukienflytech.vn\/\",\"name\":\"Shop M\u00e1y \u1ea3nh - Action Camera - Gimbal - Flycam - Ph\u1ee5 ki\u1ec7n\",\"description\":\"Shop M\u00e1y \u1ea3nh - Action Camera - Gimbal - Flycam - Ph\u1ee5 ki\u1ec7n\",\"publisher\":{\"@id\":\"https:\/\/phukienflytech.vn\/#organization\"},\"potentialAction\":[{\"@type\":\"SearchAction\",\"target\":{\"@type\":\"EntryPoint\",\"urlTemplate\":\"https:\/\/phukienflytech.vn\/?s={search_term_string}\"},\"query-input\":{\"@type\":\"PropertyValueSpecification\",\"valueRequired\":true,\"valueName\":\"search_term_string\"}}],\"inLanguage\":\"en-US\"},{\"@type\":\"Organization\",\"@id\":\"https:\/\/phukienflytech.vn\/#organization\",\"name\":\"DJI Store - Shop Drone, Action camera, Gimbal DJI |Phukienflytech\",\"alternateName\":\"DJI Store - Shop Drone, Action camera, Gimbal DJI |Phukienflytech\",\"url\":\"https:\/\/phukienflytech.vn\/\",\"logo\":{\"@type\":\"ImageObject\",\"inLanguage\":\"en-US\",\"@id\":\"https:\/\/phukienflytech.vn\/#\/schema\/logo\/image\/\",\"url\":\"https:\/\/phukienflytech.vn\/wp-content\/uploads\/2020\/05\/hAnh_nan.jpg1_.jpg\",\"contentUrl\":\"https:\/\/phukienflytech.vn\/wp-content\/uploads\/2020\/05\/hAnh_nan.jpg1_.jpg\",\"width\":800,\"height\":450,\"caption\":\"DJI Store - Shop Drone, Action camera, Gimbal DJI |Phukienflytech\"},\"image\":{\"@id\":\"https:\/\/phukienflytech.vn\/#\/schema\/logo\/image\/\"},\"sameAs\":[\"https:\/\/facebook.com\/phukienflycam\",\"https:\/\/www.youtube.com\/@phukienflytech\",\"https:\/\/www.tiktok.com\/@flytech.channel?fbclid=IwY2xjawGjg7BleHRuA2FlbQIxMAABHYVGmlXpuSMs0UB2zTpYvyT4GMVfN2qJa4urF4vkSQ6FAVBwXZtDP30qQA_aem_UwMiDcUvlEbd2tXAmsc8Og\"]}]}<\/script>\n<!-- \/ Yoast SEO plugin. -->","yoast_head_json":{"title":"Joystick cover for Mavic Mini - PGYtech - Mavic mini accessory - available.","description":"Joystick cover for Mavic Mini is one of the most important accessory. Contact us to buy Joystick cover for Mavic Mini for best price.","robots":{"index":"index","follow":"follow","max-snippet":"max-snippet:-1","max-image-preview":"max-image-preview:large","max-video-preview":"max-video-preview:-1"},"canonical":"https:\/\/phukienflytech.vn\/en\/san-pham\/joystick-cover-for-mavic-mini.html","og_locale":"en_US","og_type":"article","og_title":"Joystick cover for Mavic Mini - PGYtech - Mavic mini accessory - available.","og_description":"Joystick cover for Mavic Mini is one of the most important accessory. Contact us to buy Joystick cover for Mavic Mini for best price.","og_url":"https:\/\/phukienflytech.vn\/en\/san-pham\/joystick-cover-for-mavic-mini.html","og_site_name":"Shop M\u00e1y \u1ea3nh - Action Camera - Gimbal - Flycam - Ph\u1ee5 ki\u1ec7n","article_publisher":"https:\/\/facebook.com\/phukienflycam","article_modified_time":"2021-01-16T03:08:04+00:00","og_image":[{"width":300,"height":298,"url":"https:\/\/phukienflytech.vn\/wp-content\/uploads\/2020\/05\/300x300_pgytech-phu-kien-flytech-dji-mavic-mini-bao-ve-joystick424_-_Copy_2.jpg","type":"image\/jpeg"}],"twitter_card":"summary_large_image","twitter_misc":{"Est. reading time":"2 minutes"},"schema":{"@context":"https:\/\/schema.org","@graph":[{"@type":"WebPage","@id":"https:\/\/phukienflytech.vn\/en\/san-pham\/joystick-cover-for-mavic-mini.html","url":"https:\/\/phukienflytech.vn\/en\/san-pham\/joystick-cover-for-mavic-mini.html","name":"Joystick cover for Mavic Mini - PGYtech - Mavic mini accessory - available.","isPartOf":{"@id":"https:\/\/phukienflytech.vn\/#website"},"primaryImageOfPage":{"@id":"https:\/\/phukienflytech.vn\/en\/san-pham\/joystick-cover-for-mavic-mini.html#primaryimage"},"image":{"@id":"https:\/\/phukienflytech.vn\/en\/san-pham\/joystick-cover-for-mavic-mini.html#primaryimage"},"thumbnailUrl":"https:\/\/phukienflytech.vn\/wp-content\/uploads\/2020\/05\/300x300_pgytech-phu-kien-flytech-dji-mavic-mini-bao-ve-joystick424_-_Copy_2.jpg","datePublished":"2020-06-20T08:33:06+00:00","dateModified":"2021-01-16T03:08:04+00:00","description":"Joystick cover for Mavic Mini is one of the most important accessory. Contact us to buy Joystick cover for Mavic Mini for best price.","breadcrumb":{"@id":"https:\/\/phukienflytech.vn\/en\/san-pham\/joystick-cover-for-mavic-mini.html#breadcrumb"},"inLanguage":"en-US","potentialAction":[{"@type":"ReadAction","target":["https:\/\/phukienflytech.vn\/en\/san-pham\/joystick-cover-for-mavic-mini.html"]}]},{"@type":"ImageObject","inLanguage":"en-US","@id":"https:\/\/phukienflytech.vn\/en\/san-pham\/joystick-cover-for-mavic-mini.html#primaryimage","url":"https:\/\/phukienflytech.vn\/wp-content\/uploads\/2020\/05\/300x300_pgytech-phu-kien-flytech-dji-mavic-mini-bao-ve-joystick424_-_Copy_2.jpg","contentUrl":"https:\/\/phukienflytech.vn\/wp-content\/uploads\/2020\/05\/300x300_pgytech-phu-kien-flytech-dji-mavic-mini-bao-ve-joystick424_-_Copy_2.jpg","width":300,"height":298},{"@type":"BreadcrumbList","@id":"https:\/\/phukienflytech.vn\/en\/san-pham\/joystick-cover-for-mavic-mini.html#breadcrumb","itemListElement":[{"@type":"ListItem","position":1,"name":"Home","item":"https:\/\/phukienflytech.vn\/en"},{"@type":"ListItem","position":2,"name":"Ph\u1ee5 ki\u1ec7n Mavic Pro","item":"https:\/\/phukienflytech.vn\/en\/phu-kien-mavic-pro.html"},{"@type":"ListItem","position":3,"name":"DJI Osmo &amp; Drone's accessories","item":"https:\/\/phukienflytech.vn\/en\/danh-muc\/dji-osmo-drones-accessories.html"},{"@type":"ListItem","position":4,"name":"Ph\u1ee5 ki\u1ec7n flycam Mavic Mini","item":"https:\/\/phukienflytech.vn\/en\/danh-muc\/mavic-mini-accessory.html"},{"@type":"ListItem","position":5,"name":"Joystick cover for Mavic Mini &#8211; PGYtech"}]},{"@type":"WebSite","@id":"https:\/\/phukienflytech.vn\/#website","url":"https:\/\/phukienflytech.vn\/","name":"Shop M\u00e1y \u1ea3nh - Action Camera - Gimbal - Flycam - Ph\u1ee5 ki\u1ec7n","description":"Shop M\u00e1y \u1ea3nh - Action Camera - Gimbal - Flycam - Ph\u1ee5 ki\u1ec7n","publisher":{"@id":"https:\/\/phukienflytech.vn\/#organization"},"potentialAction":[{"@type":"SearchAction","target":{"@type":"EntryPoint","urlTemplate":"https:\/\/phukienflytech.vn\/?s={search_term_string}"},"query-input":{"@type":"PropertyValueSpecification","valueRequired":true,"valueName":"search_term_string"}}],"inLanguage":"en-US"},{"@type":"Organization","@id":"https:\/\/phukienflytech.vn\/#organization","name":"DJI Store - Shop Drone, Action camera, Gimbal DJI |Phukienflytech","alternateName":"DJI Store - Shop Drone, Action camera, Gimbal DJI |Phukienflytech","url":"https:\/\/phukienflytech.vn\/","logo":{"@type":"ImageObject","inLanguage":"en-US","@id":"https:\/\/phukienflytech.vn\/#\/schema\/logo\/image\/","url":"https:\/\/phukienflytech.vn\/wp-content\/uploads\/2020\/05\/hAnh_nan.jpg1_.jpg","contentUrl":"https:\/\/phukienflytech.vn\/wp-content\/uploads\/2020\/05\/hAnh_nan.jpg1_.jpg","width":800,"height":450,"caption":"DJI Store - Shop Drone, Action camera, Gimbal DJI |Phukienflytech"},"image":{"@id":"https:\/\/phukienflytech.vn\/#\/schema\/logo\/image\/"},"sameAs":["https:\/\/facebook.com\/phukienflycam","https:\/\/www.youtube.com\/@phukienflytech","https:\/\/www.tiktok.com\/@flytech.channel?fbclid=IwY2xjawGjg7BleHRuA2FlbQIxMAABHYVGmlXpuSMs0UB2zTpYvyT4GMVfN2qJa4urF4vkSQ6FAVBwXZtDP30qQA_aem_UwMiDcUvlEbd2tXAmsc8Og"]}]}},"_links":{"self":[{"href":"https:\/\/phukienflytech.vn\/en\/wp-json\/wp\/v2\/product\/3328","targetHints":{"allow":["GET"]}}],"collection":[{"href":"https:\/\/phukienflytech.vn\/en\/wp-json\/wp\/v2\/product"}],"about":[{"href":"https:\/\/phukienflytech.vn\/en\/wp-json\/wp\/v2\/types\/product"}],"replies":[{"embeddable":true,"href":"https:\/\/phukienflytech.vn\/en\/wp-json\/wp\/v2\/comments?post=3328"}],"wp:featuredmedia":[{"embeddable":true,"href":"https:\/\/phukienflytech.vn\/en\/wp-json\/wp\/v2\/media\/7307"}],"wp:attachment":[{"href":"https:\/\/phukienflytech.vn\/en\/wp-json\/wp\/v2\/media?parent=3328"}],"wp:term":[{"taxonomy":"product_brand","embeddable":true,"href":"https:\/\/phukienflytech.vn\/en\/wp-json\/wp\/v2\/product_brand?post=3328"},{"taxonomy":"product_cat","embeddable":true,"href":"https:\/\/phukienflytech.vn\/en\/wp-json\/wp\/v2\/product_cat?post=3328"},{"taxonomy":"product_tag","embeddable":true,"href":"https:\/\/phukienflytech.vn\/en\/wp-json\/wp\/v2\/product_tag?post=3328"}],"curies":[{"name":"wp","href":"https:\/\/api.w.org\/{rel}","templated":true}]}}