{"id":3341,"date":"2020-06-20T15:59:59","date_gmt":"2020-06-20T08:59:59","guid":{"rendered":"http:\/\/27430.lamdx.vinawebsite.vn\/san-pham\/hoc-che-nang-camera-mavic-mini-pgytech.html"},"modified":"2021-01-16T10:07:32","modified_gmt":"2021-01-16T03:07:32","slug":"camera-hood-for-mavic-mini-2","status":"publish","type":"product","link":"https:\/\/phukienflytech.vn\/en\/san-pham\/camera-hood-for-mavic-mini-2.html","title":{"rendered":"Camera Hood for Mavic Mini &#8211; PGYtech"},"content":{"rendered":"<h2><span style=\"color: #0000ff;\"><em><strong><span style=\"font-size: 21px;\">Camera Hood for Mavic Mini<\/span><\/strong><\/em><\/span><\/h2>\n<p><span style=\"font-size: 18px;\">Camera Hood for Mavic Mini<\/span><\/p>\n<p><span style=\"font-size: 18px;\">H\u1ea7u h\u1ebft c\u00e1c m\u1eabu Flycam tr\u00ean th\u1ecb tr\u01b0\u1eddng \u0111\u00eau g\u1eb7p m\u1ed9t s\u1ed1 v\u1ea5n \u0111\u1ec1 nh\u1ecf khi bay trong th\u1eddi ti\u1ebft c\u00f3 \u00e1nh n\u1eafng ch\u00f3i , camera v\u1eabn b\u1ecb h\u1ea5p th\u1ee5 m\u00e0u ch\u00f3i do \u0111\u00f3 kh\u1ea3 n\u0103ng ph\u01a1i s\u00e1ng camera v\u00e0 t\u1ea7m nh\u00ecn c\u0169ng b\u1ecb h\u1ea1n ch\u1ebf \u0111i r\u1ea5t nhi\u1ec1u. L\u00e0m kh\u1ea3 n\u0103ng tr\u1ea3i nghi\u1ec7m c\u1ee7a ch\u00fang ta.<\/span><\/p>\n<p><span style=\"font-size: 18px;\">\u00a0<img loading=\"lazy\" decoding=\"async\" class=\"alignnone wp-image-13229\" src=\"https:\/\/phukienflytech.vn\/wp-content\/uploads\/2020\/05\/hoc-che-nang-camera-mavic-mini-pgytech-3330-5-647x400.jpg\" alt=\"\" width=\"571\" height=\"353\" srcset=\"https:\/\/phukienflytech.vn\/wp-content\/uploads\/2020\/05\/hoc-che-nang-camera-mavic-mini-pgytech-3330-5-647x400.jpg 647w, https:\/\/phukienflytech.vn\/wp-content\/uploads\/2020\/05\/hoc-che-nang-camera-mavic-mini-pgytech-3330-5-768x475.jpg 768w, https:\/\/phukienflytech.vn\/wp-content\/uploads\/2020\/05\/hoc-che-nang-camera-mavic-mini-pgytech-3330-5-600x371.jpg 600w, https:\/\/phukienflytech.vn\/wp-content\/uploads\/2020\/05\/hoc-che-nang-camera-mavic-mini-pgytech-3330-5.jpg 970w\" sizes=\"auto, (max-width: 571px) 100vw, 571px\" \/> \u00a0\u00a0<\/span><\/p>\n<p><span style=\"font-size: 18px;\">C\u00f3 nh\u1eefng gi\u1ea3i ph\u00e1p chuy\u00ean nghi\u1ec7p nh\u01b0 s\u1eed d\u1ee5ng c\u00e1c lo\u1ea1i k\u00ednh l\u1ecdc\u00a0<strong><em>filter lens mavic mini<\/em><\/strong>\u00a0, nh\u01b0\u00a0<strong><em>filter CPL mavic mini<\/em><\/strong>\u00a0,\u00a0<em><strong>ND8 ND16<\/strong><\/em>\u00a0ho\u1eb7c\u00a0<strong><em>filter MCUV Mavic mini\u00a0<\/em><\/strong>nh\u1eb1m c\u1ea3i thi\u1ec7n c\u0169ng nh\u01b0 c\u00f3 kh\u1ea3 n\u0103ng ph\u01a1i s\u00e1ng t\u1ed1t h\u01a1n, nh\u01b0ng \u0111\u00f3 l\u00e0 c\u00e1ch m\u00e0 b\u1ea1n s\u1ebd l\u00e0m khi th\u1ef1c s\u1ef1 mu\u1ed1n c\u00f3 b\u1ee9c h\u00ecnh ho\u1eb7c ch\u1ea5t l\u01b0\u1ee3ng video t\u1ed1t. N\u1ebfu nh\u01b0 b\u1ea1n \u0111\u01a1n thu\u1ea7n ch\u1ec9 l\u00e0 ch\u1ee5p h\u00ecnh &#8221; Check in&#8221; m\u00e0 kh\u00f4ng c\u1ea7n qu\u00e1 chi ti\u1ebft ho\u1eb7c h\u00ecnh \u1ea3nh \u0111\u1ea1t ch\u1ea5t l\u01b0\u1ee3ng \u1ed5n khi bay th\u1eddi ti\u1ebft n\u1eafng th\u00ec n\u00ean tham kh\u1ea3o<strong><em>\u00a0H\u1ed1c che n\u1eafng camera Mavic mini\u00a0<\/em><\/strong>\u00a0n\u00e0y<\/span><\/p>\n<p><span style=\"font-size: 18px;\"> <img loading=\"lazy\" decoding=\"async\" class=\"alignnone wp-image-13233\" src=\"https:\/\/phukienflytech.vn\/wp-content\/uploads\/2020\/05\/hoc-che-nang-camera-mavic-mini-pgytech-3330-1-1-647x400.jpg\" alt=\"Camera-Hood-for-Mavic-Mini-2\" width=\"556\" height=\"344\" srcset=\"https:\/\/phukienflytech.vn\/wp-content\/uploads\/2020\/05\/hoc-che-nang-camera-mavic-mini-pgytech-3330-1-1-647x400.jpg 647w, https:\/\/phukienflytech.vn\/wp-content\/uploads\/2020\/05\/hoc-che-nang-camera-mavic-mini-pgytech-3330-1-1-768x475.jpg 768w, https:\/\/phukienflytech.vn\/wp-content\/uploads\/2020\/05\/hoc-che-nang-camera-mavic-mini-pgytech-3330-1-1-600x371.jpg 600w, https:\/\/phukienflytech.vn\/wp-content\/uploads\/2020\/05\/hoc-che-nang-camera-mavic-mini-pgytech-3330-1-1.jpg 970w\" sizes=\"auto, (max-width: 556px) 100vw, 556px\" \/><\/span><\/p>\n<p><span style=\"font-size: 18px;\">L\u00e0 m\u1ed9t trong nh\u1eefng\u00a0<strong><em>ph\u1ee5 ki\u1ec7n Mavic mini c\u1ea7n thi\u1ebft<\/em><\/strong>, \u0111\u01b0\u1ee3c h\u00e3ng\u00a0<strong><em>Pgytech<\/em><\/strong> thi\u1ebft k\u1ebf cho nh\u1eefng ng\u01b0\u1eddi d\u00f9ng th\u01b0\u1eddng xuy\u00ean ph\u1ea3i quay phim, ch\u1ee5p \u1ea3nh \u1edf nh\u1eefng n\u01a1i qu\u00e1 s\u00e1ng. Hub che n\u1eafng\u00a0s\u1ebd gi\u00fap b\u1ea1n t\u1ea1o ra \u0111\u01b0\u1ee3c nh\u1eefng b\u1ee9c \u1ea3nh \u0111\u1eb9p m\u00e0 kh\u00f4ng b\u1ecb \u1ea3nh h\u01b0\u1edfng b\u1edfi nh\u1eefng \u00e1nh s\u00e1ng kh\u00f4ng c\u1ea7n thi\u1ebft.<\/span><\/p>\n<h2><span style=\"font-size: 21px;\"><strong><span style=\"color: #0000ff;\">Chi ti\u1ebft c\u1ee7a Camera Hood for Mavic Mini<\/span><\/strong><\/span><\/h2>\n<p><span style=\"font-size: 18px;\">Kh\u1ed1i l\u01b0\u1ee3ng: ~4g<\/span><br \/>\n<span style=\"font-size: 18px;\">Ch\u1ea5t li\u00eau: PC, ABS<\/span><\/p>\n<p><span style=\"font-size: 18px;\">K\u00edch th\u01b0\u1edbc: 54.6mmx39.5mmx33.8 mm<\/span><br \/>\n<span style=\"font-size: 18px;\">C\u00f4ng d\u1ee5ng:<strong><em>\u00a0<\/em><\/strong>Tr\u00e1nh nh\u1eefng \u00e1nh s\u00e1ng kh\u00f4ng c\u1ea7n thi\u1ebft<\/span><\/p>\n<p><span style=\"font-size: 18px;\"><strong>\u0110\u1eb7c \u0111i\u1ec3m s\u1ea3n ph\u1ea9m:<\/strong><\/span><br \/>\n<span style=\"font-size: 18px;\">&#8211; M\u0169 tr\u00f9m \u1ed1ng k\u00ednh Pgytech cho Mavic Mini<\/span><br \/>\n<span style=\"font-size: 18px;\">&#8211; Ng\u0103n ch\u1eb7n \u00e1nh s\u00e1ng ch\u00f3i b\u1eb1ng c\u00e1ch ng\u0103n \u00e1nh s\u00e1ng k\u00fd sinh l\u1ecdt v\u00e0o \u1ed1ng k\u00ednh<\/span><br \/>\n<span style=\"font-size: 18px;\">&#8211; Ho\u00e0n to\u00e0n ph\u00f9 h\u1ee3p v\u1edbi Mavic Mini, \u1ed5n \u0111\u1ecbnh v\u00e0 \u0111\u00e1ng tin c\u1eady<\/span><br \/>\n<span style=\"font-size: 18px;\">&#8211; Thi\u1ebft k\u1ebf c\u00e0i \u0111\u1eb7t \u0111\u01a1n gi\u1ea3n v\u00e0 thu\u1eadn ti\u1ec7n<\/span><\/p>\n<p><span style=\"font-size: 18px;\"><img loading=\"lazy\" decoding=\"async\" class=\"alignnone wp-image-13235\" src=\"https:\/\/phukienflytech.vn\/wp-content\/uploads\/2020\/05\/hoc-che-nang-camera-mavic-mini-pgytech-3330-3-1-647x400.jpg\" alt=\"Camera-Hood-for-Mavic-Mini-1\" width=\"511\" height=\"316\" srcset=\"https:\/\/phukienflytech.vn\/wp-content\/uploads\/2020\/05\/hoc-che-nang-camera-mavic-mini-pgytech-3330-3-1-647x400.jpg 647w, https:\/\/phukienflytech.vn\/wp-content\/uploads\/2020\/05\/hoc-che-nang-camera-mavic-mini-pgytech-3330-3-1-768x475.jpg 768w, https:\/\/phukienflytech.vn\/wp-content\/uploads\/2020\/05\/hoc-che-nang-camera-mavic-mini-pgytech-3330-3-1-600x371.jpg 600w, https:\/\/phukienflytech.vn\/wp-content\/uploads\/2020\/05\/hoc-che-nang-camera-mavic-mini-pgytech-3330-3-1.jpg 970w\" sizes=\"auto, (max-width: 511px) 100vw, 511px\" \/><\/span><\/p>\n<h2><span style=\"font-size: 21px;\"><strong><span style=\"color: #0000ff;\"><em>Mua ph\u1ee5 ki\u1ec7n DJI mavic series<\/em>\u00a0\u1edf \u0111\u00e2u?<\/span><\/strong><\/span><\/h2>\n<p><span style=\"font-size: 18px;\">N\u1ebfu b\u1ea1n v\u1eabn \u0111ang ph\u00e2n v\u00e2n kh\u00f4ng bi\u1ebft c\u00f3 th\u1ec3 t\u00ecm mua \u0111\u01b0\u1ee3c\u00a0<em><strong>nh\u1eefng ph\u1ee5 ki\u1ec7n dji mavic mini\u00a0<\/strong><\/em>ch\u1ea5t l\u01b0\u1ee3ng nh\u1ea5t m\u00e0 kh\u00f4ng c\u1ea7n lo l\u1eafng gi\u00e1 c\u1ee7a s\u1ea3n ph\u1ea9m \u1edf \u0111\u00e2u th\u00ec ph\u1ee5 ki\u1ec7n flycam gi\u00e1 t\u1ed1t ch\u00ednh l\u00e0 n\u01a1i ph\u00f9 h\u1ee3p d\u00e0nh cho b\u1ea1n. H\u00e3y \u0111\u1ebfn v\u1edbi\u00a0<em><strong>ph\u1ee5 ki\u1ec7n fly-cam gi\u00e1 t\u1ed1t<\/strong><\/em>\u00a0\u0111\u1ec3 c\u00f3 \u0111\u01b0\u1ee3c\u00a0<em><strong>gi\u00e1 mavic mini<\/strong><\/em>,\u00a0<em><strong>gi\u00e1 mavic 2 zoom<\/strong><\/em>,..c\u00f9ng v\u1edbi ch\u1ea5t l\u01b0\u1ee3ng t\u1ed1t nh\u1ea5t.<\/span><\/p>\n<p><span style=\"font-size: 18px;\">N\u00e0o c\u00f9ng s\u1edf h\u1eefu ngay ph\u1ee5 ki\u1ec7n n\u00e0y<strong>\u00a0<\/strong>\u0111\u1ec3 t\u0103ng t\u00ednh s\u1ef1 an to\u00e0n v\u00e0 y\u00ean t\u00e2m trong m\u1ed7i l\u1ea7n di chuy\u1ec3n\u00a0 v\u00e0 l\u00e0m b\u1ed9 s\u01b0u t\u1eadp<a href=\"https:\/\/phukienflytech.vn\/en\/danh-muc\/mavic-air-accessory.html\">\u00a0<strong>ph\u1ee5 ki\u1ec7n DJI Mavic Mini<\/strong><\/a>\u00a0tr\u1edf l\u00ean \u0111\u1ea7y \u0111\u1ee7 h\u01a1n.<\/span><\/p>\n<p><span style=\"font-size: 18px;\"><img loading=\"lazy\" decoding=\"async\" class=\"alignnone wp-image-13238\" src=\"https:\/\/phukienflytech.vn\/wp-content\/uploads\/2020\/05\/hoc-che-nang-camera-mavic-mini-pgytech-3330-4-800x251.png\" alt=\"Camera-Hood-for-Mavic-Mini\" width=\"551\" height=\"173\" srcset=\"https:\/\/phukienflytech.vn\/wp-content\/uploads\/2020\/05\/hoc-che-nang-camera-mavic-mini-pgytech-3330-4-800x251.png 800w, https:\/\/phukienflytech.vn\/wp-content\/uploads\/2020\/05\/hoc-che-nang-camera-mavic-mini-pgytech-3330-4-768x241.png 768w, https:\/\/phukienflytech.vn\/wp-content\/uploads\/2020\/05\/hoc-che-nang-camera-mavic-mini-pgytech-3330-4-600x188.png 600w, https:\/\/phukienflytech.vn\/wp-content\/uploads\/2020\/05\/hoc-che-nang-camera-mavic-mini-pgytech-3330-4.png 1013w\" sizes=\"auto, (max-width: 551px) 100vw, 551px\" \/><\/span><\/p>\n<p><span style=\"font-size: 18px;\">H\u00e3y \u0111\u1ec3<a href=\"https:\/\/www.facebook.com\/phukienflycam\/?eid=ARCBQ0q12-UOhL1gpeDFhnjm3HjlPSUqIz1ct1Ga5JrKpqFStQo353trGLZf0uATv1_nR7erjs8t17n_\">\u00a0<strong>Ph\u1ee5 Ki\u1ec7n Fly-cam Gi\u00e1 T\u1ed1t<\/strong><\/a>\u00a0ti\u1ebfp s\u1ee9c \u0111am m\u00ea, c\u00f4ng vi\u1ec7c c\u1ee7a b\u1ea1n, gi\u00fap b\u1ea1n th\u00eam ni\u1ec1m h\u1ee9ng kh\u1edfi trong \u0111am m\u00ea c\u0169ng nh\u01b0 c\u00f4ng vi\u1ec7c c\u1ee7a m\u00ecnh th\u00eam su\u00f4n s\u1ebb.<\/span><\/p>\n","protected":false},"excerpt":{"rendered":"<p>Camera Hood for Mavic Mini Camera Hood for Mavic Mini H\u1ea7u h\u1ebft c\u00e1c m\u1eabu Flycam tr\u00ean th\u1ecb tr\u01b0\u1eddng \u0111\u00eau g\u1eb7p m\u1ed9t s\u1ed1 v\u1ea5n \u0111\u1ec1 nh\u1ecf khi bay trong th\u1eddi ti\u1ebft c\u00f3 \u00e1nh n\u1eafng ch\u00f3i , camera v\u1eabn b\u1ecb h\u1ea5p th\u1ee5 m\u00e0u ch\u00f3i do \u0111\u00f3 kh\u1ea3 n\u0103ng ph\u01a1i s\u00e1ng camera v\u00e0 t\u1ea7m nh\u00ecn c\u0169ng b\u1ecb h\u1ea1n &#8230;<\/p>\n","protected":false},"featured_media":16725,"comment_status":"open","ping_status":"closed","template":"","meta":{"_acf_changed":false},"product_brand":[],"product_cat":[181],"product_tag":[206,253],"class_list":{"0":"post-3341","1":"product","2":"type-product","3":"status-publish","4":"has-post-thumbnail","6":"product_cat-mavic-mini-accessory","7":"product_tag-phu-kien-dji-en","8":"product_tag-phu-kien-dji-mavic-mini-en","10":"first","11":"instock","12":"shipping-taxable","13":"purchasable","14":"product-type-simple"},"acf":[],"yoast_head":"<!-- This site is optimized with the Yoast SEO plugin v25.7 - https:\/\/yoast.com\/wordpress\/plugins\/seo\/ -->\n<title>Camera Hood for Mavic Mini - PGYtech - Mavic mini accessory - available.<\/title>\n<meta name=\"description\" content=\"Camera Hood for Mavic Mini is one of the most important accessory. Contact us to buy it for best price, fast shipping in Vietnam.\" \/>\n<meta name=\"robots\" content=\"index, follow, max-snippet:-1, max-image-preview:large, max-video-preview:-1\" \/>\n<link rel=\"canonical\" href=\"https:\/\/phukienflytech.vn\/en\/san-pham\/camera-hood-for-mavic-mini-2.html\" \/>\n<meta property=\"og:locale\" content=\"en_US\" \/>\n<meta property=\"og:type\" content=\"article\" \/>\n<meta property=\"og:title\" content=\"Camera Hood for Mavic Mini - PGYtech - Mavic mini accessory - available.\" \/>\n<meta property=\"og:description\" content=\"Camera Hood for Mavic Mini is one of the most important accessory. Contact us to buy it for best price, fast shipping in Vietnam.\" \/>\n<meta property=\"og:url\" content=\"https:\/\/phukienflytech.vn\/en\/san-pham\/camera-hood-for-mavic-mini-2.html\" \/>\n<meta property=\"og:site_name\" content=\"Shop M\u00e1y \u1ea3nh - Action Camera - Gimbal - Flycam - Ph\u1ee5 ki\u1ec7n\" \/>\n<meta property=\"article:publisher\" content=\"https:\/\/facebook.com\/phukienflycam\" \/>\n<meta property=\"article:modified_time\" content=\"2021-01-16T03:07:32+00:00\" \/>\n<meta property=\"og:image\" content=\"https:\/\/phukienflytech.vn\/wp-content\/uploads\/2020\/05\/300x300_hoc-che-nang-camera-mavic-mini-pgytech-phu-kien-flycam-chinh-hang-gia-re1-4_-_Copy-1.jpg\" \/>\n\t<meta property=\"og:image:width\" content=\"300\" \/>\n\t<meta property=\"og:image:height\" content=\"300\" \/>\n\t<meta property=\"og:image:type\" content=\"image\/jpeg\" \/>\n<meta name=\"twitter:card\" content=\"summary_large_image\" \/>\n<meta name=\"twitter:label1\" content=\"Est. reading time\" \/>\n\t<meta name=\"twitter:data1\" content=\"3 minutes\" \/>\n<script type=\"application\/ld+json\" class=\"yoast-schema-graph\">{\"@context\":\"https:\/\/schema.org\",\"@graph\":[{\"@type\":\"WebPage\",\"@id\":\"https:\/\/phukienflytech.vn\/en\/san-pham\/camera-hood-for-mavic-mini-2.html\",\"url\":\"https:\/\/phukienflytech.vn\/en\/san-pham\/camera-hood-for-mavic-mini-2.html\",\"name\":\"Camera Hood for Mavic Mini - PGYtech - Mavic mini accessory - available.\",\"isPartOf\":{\"@id\":\"https:\/\/phukienflytech.vn\/#website\"},\"primaryImageOfPage\":{\"@id\":\"https:\/\/phukienflytech.vn\/en\/san-pham\/camera-hood-for-mavic-mini-2.html#primaryimage\"},\"image\":{\"@id\":\"https:\/\/phukienflytech.vn\/en\/san-pham\/camera-hood-for-mavic-mini-2.html#primaryimage\"},\"thumbnailUrl\":\"https:\/\/phukienflytech.vn\/wp-content\/uploads\/2020\/05\/300x300_hoc-che-nang-camera-mavic-mini-pgytech-phu-kien-flycam-chinh-hang-gia-re1-4_-_Copy-1.jpg\",\"datePublished\":\"2020-06-20T08:59:59+00:00\",\"dateModified\":\"2021-01-16T03:07:32+00:00\",\"description\":\"Camera Hood for Mavic Mini is one of the most important accessory. Contact us to buy it for best price, fast shipping in Vietnam.\",\"breadcrumb\":{\"@id\":\"https:\/\/phukienflytech.vn\/en\/san-pham\/camera-hood-for-mavic-mini-2.html#breadcrumb\"},\"inLanguage\":\"en-US\",\"potentialAction\":[{\"@type\":\"ReadAction\",\"target\":[\"https:\/\/phukienflytech.vn\/en\/san-pham\/camera-hood-for-mavic-mini-2.html\"]}]},{\"@type\":\"ImageObject\",\"inLanguage\":\"en-US\",\"@id\":\"https:\/\/phukienflytech.vn\/en\/san-pham\/camera-hood-for-mavic-mini-2.html#primaryimage\",\"url\":\"https:\/\/phukienflytech.vn\/wp-content\/uploads\/2020\/05\/300x300_hoc-che-nang-camera-mavic-mini-pgytech-phu-kien-flycam-chinh-hang-gia-re1-4_-_Copy-1.jpg\",\"contentUrl\":\"https:\/\/phukienflytech.vn\/wp-content\/uploads\/2020\/05\/300x300_hoc-che-nang-camera-mavic-mini-pgytech-phu-kien-flycam-chinh-hang-gia-re1-4_-_Copy-1.jpg\",\"width\":300,\"height\":300},{\"@type\":\"BreadcrumbList\",\"@id\":\"https:\/\/phukienflytech.vn\/en\/san-pham\/camera-hood-for-mavic-mini-2.html#breadcrumb\",\"itemListElement\":[{\"@type\":\"ListItem\",\"position\":1,\"name\":\"Home\",\"item\":\"https:\/\/phukienflytech.vn\/en\"},{\"@type\":\"ListItem\",\"position\":2,\"name\":\"Ph\u1ee5 ki\u1ec7n Mavic Pro\",\"item\":\"https:\/\/phukienflytech.vn\/en\/phu-kien-mavic-pro.html\"},{\"@type\":\"ListItem\",\"position\":3,\"name\":\"DJI Osmo &amp; Drone's accessories\",\"item\":\"https:\/\/phukienflytech.vn\/en\/danh-muc\/dji-osmo-drones-accessories.html\"},{\"@type\":\"ListItem\",\"position\":4,\"name\":\"Ph\u1ee5 ki\u1ec7n flycam Mavic Mini\",\"item\":\"https:\/\/phukienflytech.vn\/en\/danh-muc\/mavic-mini-accessory.html\"},{\"@type\":\"ListItem\",\"position\":5,\"name\":\"Camera Hood for Mavic Mini &#8211; PGYtech\"}]},{\"@type\":\"WebSite\",\"@id\":\"https:\/\/phukienflytech.vn\/#website\",\"url\":\"https:\/\/phukienflytech.vn\/\",\"name\":\"Shop M\u00e1y \u1ea3nh - Action Camera - Gimbal - Flycam - Ph\u1ee5 ki\u1ec7n\",\"description\":\"Shop M\u00e1y \u1ea3nh - Action Camera - Gimbal - Flycam - Ph\u1ee5 ki\u1ec7n\",\"publisher\":{\"@id\":\"https:\/\/phukienflytech.vn\/#organization\"},\"potentialAction\":[{\"@type\":\"SearchAction\",\"target\":{\"@type\":\"EntryPoint\",\"urlTemplate\":\"https:\/\/phukienflytech.vn\/?s={search_term_string}\"},\"query-input\":{\"@type\":\"PropertyValueSpecification\",\"valueRequired\":true,\"valueName\":\"search_term_string\"}}],\"inLanguage\":\"en-US\"},{\"@type\":\"Organization\",\"@id\":\"https:\/\/phukienflytech.vn\/#organization\",\"name\":\"DJI Store - Shop Drone, Action camera, Gimbal DJI |Phukienflytech\",\"alternateName\":\"DJI Store - Shop Drone, Action camera, Gimbal DJI |Phukienflytech\",\"url\":\"https:\/\/phukienflytech.vn\/\",\"logo\":{\"@type\":\"ImageObject\",\"inLanguage\":\"en-US\",\"@id\":\"https:\/\/phukienflytech.vn\/#\/schema\/logo\/image\/\",\"url\":\"https:\/\/phukienflytech.vn\/wp-content\/uploads\/2020\/05\/hAnh_nan.jpg1_.jpg\",\"contentUrl\":\"https:\/\/phukienflytech.vn\/wp-content\/uploads\/2020\/05\/hAnh_nan.jpg1_.jpg\",\"width\":800,\"height\":450,\"caption\":\"DJI Store - Shop Drone, Action camera, Gimbal DJI |Phukienflytech\"},\"image\":{\"@id\":\"https:\/\/phukienflytech.vn\/#\/schema\/logo\/image\/\"},\"sameAs\":[\"https:\/\/facebook.com\/phukienflycam\",\"https:\/\/www.youtube.com\/@phukienflytech\",\"https:\/\/www.tiktok.com\/@flytech.channel?fbclid=IwY2xjawGjg7BleHRuA2FlbQIxMAABHYVGmlXpuSMs0UB2zTpYvyT4GMVfN2qJa4urF4vkSQ6FAVBwXZtDP30qQA_aem_UwMiDcUvlEbd2tXAmsc8Og\"]}]}<\/script>\n<!-- \/ Yoast SEO plugin. -->","yoast_head_json":{"title":"Camera Hood for Mavic Mini - PGYtech - Mavic mini accessory - available.","description":"Camera Hood for Mavic Mini is one of the most important accessory. Contact us to buy it for best price, fast shipping in Vietnam.","robots":{"index":"index","follow":"follow","max-snippet":"max-snippet:-1","max-image-preview":"max-image-preview:large","max-video-preview":"max-video-preview:-1"},"canonical":"https:\/\/phukienflytech.vn\/en\/san-pham\/camera-hood-for-mavic-mini-2.html","og_locale":"en_US","og_type":"article","og_title":"Camera Hood for Mavic Mini - PGYtech - Mavic mini accessory - available.","og_description":"Camera Hood for Mavic Mini is one of the most important accessory. Contact us to buy it for best price, fast shipping in Vietnam.","og_url":"https:\/\/phukienflytech.vn\/en\/san-pham\/camera-hood-for-mavic-mini-2.html","og_site_name":"Shop M\u00e1y \u1ea3nh - Action Camera - Gimbal - Flycam - Ph\u1ee5 ki\u1ec7n","article_publisher":"https:\/\/facebook.com\/phukienflycam","article_modified_time":"2021-01-16T03:07:32+00:00","og_image":[{"width":300,"height":300,"url":"https:\/\/phukienflytech.vn\/wp-content\/uploads\/2020\/05\/300x300_hoc-che-nang-camera-mavic-mini-pgytech-phu-kien-flycam-chinh-hang-gia-re1-4_-_Copy-1.jpg","type":"image\/jpeg"}],"twitter_card":"summary_large_image","twitter_misc":{"Est. reading time":"3 minutes"},"schema":{"@context":"https:\/\/schema.org","@graph":[{"@type":"WebPage","@id":"https:\/\/phukienflytech.vn\/en\/san-pham\/camera-hood-for-mavic-mini-2.html","url":"https:\/\/phukienflytech.vn\/en\/san-pham\/camera-hood-for-mavic-mini-2.html","name":"Camera Hood for Mavic Mini - PGYtech - Mavic mini accessory - available.","isPartOf":{"@id":"https:\/\/phukienflytech.vn\/#website"},"primaryImageOfPage":{"@id":"https:\/\/phukienflytech.vn\/en\/san-pham\/camera-hood-for-mavic-mini-2.html#primaryimage"},"image":{"@id":"https:\/\/phukienflytech.vn\/en\/san-pham\/camera-hood-for-mavic-mini-2.html#primaryimage"},"thumbnailUrl":"https:\/\/phukienflytech.vn\/wp-content\/uploads\/2020\/05\/300x300_hoc-che-nang-camera-mavic-mini-pgytech-phu-kien-flycam-chinh-hang-gia-re1-4_-_Copy-1.jpg","datePublished":"2020-06-20T08:59:59+00:00","dateModified":"2021-01-16T03:07:32+00:00","description":"Camera Hood for Mavic Mini is one of the most important accessory. Contact us to buy it for best price, fast shipping in Vietnam.","breadcrumb":{"@id":"https:\/\/phukienflytech.vn\/en\/san-pham\/camera-hood-for-mavic-mini-2.html#breadcrumb"},"inLanguage":"en-US","potentialAction":[{"@type":"ReadAction","target":["https:\/\/phukienflytech.vn\/en\/san-pham\/camera-hood-for-mavic-mini-2.html"]}]},{"@type":"ImageObject","inLanguage":"en-US","@id":"https:\/\/phukienflytech.vn\/en\/san-pham\/camera-hood-for-mavic-mini-2.html#primaryimage","url":"https:\/\/phukienflytech.vn\/wp-content\/uploads\/2020\/05\/300x300_hoc-che-nang-camera-mavic-mini-pgytech-phu-kien-flycam-chinh-hang-gia-re1-4_-_Copy-1.jpg","contentUrl":"https:\/\/phukienflytech.vn\/wp-content\/uploads\/2020\/05\/300x300_hoc-che-nang-camera-mavic-mini-pgytech-phu-kien-flycam-chinh-hang-gia-re1-4_-_Copy-1.jpg","width":300,"height":300},{"@type":"BreadcrumbList","@id":"https:\/\/phukienflytech.vn\/en\/san-pham\/camera-hood-for-mavic-mini-2.html#breadcrumb","itemListElement":[{"@type":"ListItem","position":1,"name":"Home","item":"https:\/\/phukienflytech.vn\/en"},{"@type":"ListItem","position":2,"name":"Ph\u1ee5 ki\u1ec7n Mavic Pro","item":"https:\/\/phukienflytech.vn\/en\/phu-kien-mavic-pro.html"},{"@type":"ListItem","position":3,"name":"DJI Osmo &amp; Drone's accessories","item":"https:\/\/phukienflytech.vn\/en\/danh-muc\/dji-osmo-drones-accessories.html"},{"@type":"ListItem","position":4,"name":"Ph\u1ee5 ki\u1ec7n flycam Mavic Mini","item":"https:\/\/phukienflytech.vn\/en\/danh-muc\/mavic-mini-accessory.html"},{"@type":"ListItem","position":5,"name":"Camera Hood for Mavic Mini &#8211; PGYtech"}]},{"@type":"WebSite","@id":"https:\/\/phukienflytech.vn\/#website","url":"https:\/\/phukienflytech.vn\/","name":"Shop M\u00e1y \u1ea3nh - Action Camera - Gimbal - Flycam - Ph\u1ee5 ki\u1ec7n","description":"Shop M\u00e1y \u1ea3nh - Action Camera - Gimbal - Flycam - Ph\u1ee5 ki\u1ec7n","publisher":{"@id":"https:\/\/phukienflytech.vn\/#organization"},"potentialAction":[{"@type":"SearchAction","target":{"@type":"EntryPoint","urlTemplate":"https:\/\/phukienflytech.vn\/?s={search_term_string}"},"query-input":{"@type":"PropertyValueSpecification","valueRequired":true,"valueName":"search_term_string"}}],"inLanguage":"en-US"},{"@type":"Organization","@id":"https:\/\/phukienflytech.vn\/#organization","name":"DJI Store - Shop Drone, Action camera, Gimbal DJI |Phukienflytech","alternateName":"DJI Store - Shop Drone, Action camera, Gimbal DJI |Phukienflytech","url":"https:\/\/phukienflytech.vn\/","logo":{"@type":"ImageObject","inLanguage":"en-US","@id":"https:\/\/phukienflytech.vn\/#\/schema\/logo\/image\/","url":"https:\/\/phukienflytech.vn\/wp-content\/uploads\/2020\/05\/hAnh_nan.jpg1_.jpg","contentUrl":"https:\/\/phukienflytech.vn\/wp-content\/uploads\/2020\/05\/hAnh_nan.jpg1_.jpg","width":800,"height":450,"caption":"DJI Store - Shop Drone, Action camera, Gimbal DJI |Phukienflytech"},"image":{"@id":"https:\/\/phukienflytech.vn\/#\/schema\/logo\/image\/"},"sameAs":["https:\/\/facebook.com\/phukienflycam","https:\/\/www.youtube.com\/@phukienflytech","https:\/\/www.tiktok.com\/@flytech.channel?fbclid=IwY2xjawGjg7BleHRuA2FlbQIxMAABHYVGmlXpuSMs0UB2zTpYvyT4GMVfN2qJa4urF4vkSQ6FAVBwXZtDP30qQA_aem_UwMiDcUvlEbd2tXAmsc8Og"]}]}},"_links":{"self":[{"href":"https:\/\/phukienflytech.vn\/en\/wp-json\/wp\/v2\/product\/3341","targetHints":{"allow":["GET"]}}],"collection":[{"href":"https:\/\/phukienflytech.vn\/en\/wp-json\/wp\/v2\/product"}],"about":[{"href":"https:\/\/phukienflytech.vn\/en\/wp-json\/wp\/v2\/types\/product"}],"replies":[{"embeddable":true,"href":"https:\/\/phukienflytech.vn\/en\/wp-json\/wp\/v2\/comments?post=3341"}],"wp:featuredmedia":[{"embeddable":true,"href":"https:\/\/phukienflytech.vn\/en\/wp-json\/wp\/v2\/media\/16725"}],"wp:attachment":[{"href":"https:\/\/phukienflytech.vn\/en\/wp-json\/wp\/v2\/media?parent=3341"}],"wp:term":[{"taxonomy":"product_brand","embeddable":true,"href":"https:\/\/phukienflytech.vn\/en\/wp-json\/wp\/v2\/product_brand?post=3341"},{"taxonomy":"product_cat","embeddable":true,"href":"https:\/\/phukienflytech.vn\/en\/wp-json\/wp\/v2\/product_cat?post=3341"},{"taxonomy":"product_tag","embeddable":true,"href":"https:\/\/phukienflytech.vn\/en\/wp-json\/wp\/v2\/product_tag?post=3341"}],"curies":[{"name":"wp","href":"https:\/\/api.w.org\/{rel}","templated":true}]}}