{"id":3372,"date":"2020-06-19T06:51:30","date_gmt":"2020-06-18T23:51:30","guid":{"rendered":"http:\/\/27430.lamdx.vinawebsite.vn\/san-pham\/combo-6-filter-mavic-2-zoom.html"},"modified":"2020-10-11T17:34:41","modified_gmt":"2020-10-11T10:34:41","slug":"combo-6-filter-mavic-2-zoom","status":"publish","type":"product","link":"https:\/\/phukienflytech.vn\/en\/san-pham\/combo-6-filter-mavic-2-zoom.html","title":{"rendered":"Combo 6 Filter Mavic 2 Zoom"},"content":{"rendered":"<h2><span style=\"color: #0000ff;\"><em><strong>Combo 6 Filter Mavic 2 Zoom<\/strong><\/em><\/span><\/h2>\n<p>&nbsp;<\/p>\n<p><span style=\"font-size: 18px;\">Combo 6 Filter Mavic 2 Zoom<\/span><\/p>\n<p><span style=\"font-size: 18px;\">Filter lu\u00f4n l\u00e0 m\u1ed9t trong s\u1ed1 c\u00e1c<strong>\u00a0ph\u1ee5 ki\u1ec7n Mavic 2 zoom\u00a0\u00a0<\/strong>\u0111\u01b0\u1ee3c Pilot quan t\u00e2m h\u00e0ng \u0111\u1ea7u ch\u00fang ta c\u00f9ng tham kh\u1ea3o\u00a0<strong>B\u1ed9 filter combo Mavic 2 zoom\u00a0<\/strong>g\u1ed3m nh\u1eefng g\u00ec v\u00e0 c\u00f4ng d\u1ee5ng ra sao\u00a0<\/span><\/p>\n<h2><span style=\"color: #0000ff; font-size: 18px;\"><strong><img loading=\"lazy\" decoding=\"async\" class=\"alignnone wp-image-12261 size-medium\" src=\"https:\/\/phukienflytech.vn\/wp-content\/uploads\/2020\/05\/combo-6-filter-mavic-2-zoom-3352-9-399x400.jpg\" alt=\"filter-cpl-mavic-2-zoom\" width=\"399\" height=\"400\" srcset=\"https:\/\/phukienflytech.vn\/wp-content\/uploads\/2020\/05\/combo-6-filter-mavic-2-zoom-3352-9-399x400.jpg 399w, https:\/\/phukienflytech.vn\/wp-content\/uploads\/2020\/05\/combo-6-filter-mavic-2-zoom-3352-9-280x280.jpg 280w, https:\/\/phukienflytech.vn\/wp-content\/uploads\/2020\/05\/combo-6-filter-mavic-2-zoom-3352-9-300x300.jpg 300w, https:\/\/phukienflytech.vn\/wp-content\/uploads\/2020\/05\/combo-6-filter-mavic-2-zoom-3352-9-100x100.jpg 100w, https:\/\/phukienflytech.vn\/wp-content\/uploads\/2020\/05\/combo-6-filter-mavic-2-zoom-3352-9.jpg 599w\" sizes=\"auto, (max-width: 399px) 100vw, 399px\" \/><\/strong><\/span><\/h2>\n<h2><\/h2>\n<h2><span style=\"font-size: 21px; color: #0000ff;\"><strong>B\u1ed9 K\u00ednh l\u1ecdc filter mavic 2 zoom g\u1ed3m :<\/strong><\/span><\/h2>\n<p><span style=\"font-size: 18px;\"><strong><a href=\"https:\/\/phukienflytech.vn\/en\/san-pham\/filter-nd-phantom-4-proproadv.html\" target=\"_blank\" rel=\"noopener noreferrer\">+ Filter ND: 4 \/ 8 \/ 16 \/ 32 &#8211;\u00a0<\/a>Mavic 2 zoom<\/strong><\/span><\/p>\n<p><span style=\"font-size: 18px;\"><strong><a href=\"https:\/\/phukienflytech.vn\/en\/san-pham\/filter-mcuv-phantom-4proproadv.html\" target=\"_blank\" rel=\"noopener noreferrer\">+ Filter MCUV &#8211;\u00a0Mavic 2 zoom<\/a><\/strong><\/span><\/p>\n<p><span style=\"font-size: 18px;\"><strong><a href=\"https:\/\/phukienflytech.vn\/en\/san-pham\/filter-cpl-phantom-4-proproadv.html\" target=\"_blank\" rel=\"noopener noreferrer\">+ Filter CPL &#8211;\u00a0Mavic 2 zoom<\/a><\/strong><\/span><\/p>\n<p><span style=\"font-size: 18px;\">+ H\u1ed9p \u0111\u1ef1ng 6 filter\u00a0DJI Mavic 2 zoom<\/span><\/p>\n<h2><span style=\"color: #0000ff; font-size: 18px;\"><strong><img loading=\"lazy\" decoding=\"async\" class=\"alignnone wp-image-12263\" src=\"https:\/\/phukienflytech.vn\/wp-content\/uploads\/2020\/05\/combo-6-filter-mavic-2-zoom-3352-1-2-503x400.jpg\" alt=\"filter-mavic-2-zoom\" width=\"495\" height=\"394\" srcset=\"https:\/\/phukienflytech.vn\/wp-content\/uploads\/2020\/05\/combo-6-filter-mavic-2-zoom-3352-1-2-503x400.jpg 503w, https:\/\/phukienflytech.vn\/wp-content\/uploads\/2020\/05\/combo-6-filter-mavic-2-zoom-3352-1-2-600x477.jpg 600w, https:\/\/phukienflytech.vn\/wp-content\/uploads\/2020\/05\/combo-6-filter-mavic-2-zoom-3352-1-2.jpg 724w\" sizes=\"auto, (max-width: 495px) 100vw, 495px\" \/><\/strong><\/span><\/h2>\n<p>&nbsp;<\/p>\n<h2><span style=\"font-size: 21px; color: #0000ff;\"><strong>C\u00f4ng d\u1ee5ng K\u00ednh l\u1ecdc filter mavic 2 zoom<\/strong><\/span><\/h2>\n<p><span style=\"font-size: 18px;\"><em>&#8211; K\u00ednh l\u1ecdc ND<\/em>\u00a0(vi\u1ebft t\u1eaft c\u1ee7a Neutral Density) l\u00e0 m\u1ed9t thi\u1ebft b\u1ecb gi\u00fap gi\u1ea3m s\u00e1ng to\u00e0n ph\u1ea7n t\u1ef1 nhi\u00ean, c\u1ea3n b\u1edbt c\u01b0\u1eddng \u0111\u1ed9 \u00e1nh s\u00e1ng l\u00e0m gi\u1ea3m t\u1ed1c \u0111\u1ed9 ch\u1ee5p \u0111\u00e1ng k\u1ec3 ngay c\u1ea3 trong b\u1ed1i c\u1ea3nh r\u1ea5t s\u00e1ng, r\u1ea5t ch\u00f3i, ch\u1ee5p m\u1eb7t tr\u1eddi ch\u1eb3ng h\u1ea1n.<\/span><\/p>\n<h2><span style=\"color: #0000ff; font-size: 18px;\"><strong><img loading=\"lazy\" decoding=\"async\" class=\"alignnone size-medium wp-image-12265\" src=\"https:\/\/phukienflytech.vn\/wp-content\/uploads\/2020\/05\/combo-6-filter-mavic-2-zoom-3352-2-1.png\" alt=\"\" width=\"450\" height=\"337\" \/><\/strong><\/span><\/h2>\n<p><span style=\"font-size: 18px;\"><em>&#8211; K\u00ednh l\u1ecdc MCUV<\/em>\u00a0c\u00f2n g\u1ecdi l\u00e0 k\u00ednh l\u1ecdc c\u1ea3n tia c\u1ef1c t\u00edm UV (Ultra Violet). Lo\u1ea1i tia n\u00e0y kh\u00f4ng nh\u1eadn th\u1ea5y b\u1eb1ng m\u1eaft th\u01b0\u1eddng nh\u01b0ng l\u1ea1i c\u00f3 \u1ea3nh h\u01b0\u1edfng \u0111\u1ebfn \u00e1nh s\u00e1ng trong \u1ea3nh. Hi\u1ec7n t\u01b0\u1ee3ng &#8220;m\u00f9&#8221; khi ch\u1ee5p \u1ea3nh \u0111\u01b0\u1ee3c h\u00ecnh th\u00e0nh khi tia c\u1ef1c t\u00edm ph\u1ea3n chi\u1ebfu b\u1ee5i trong kh\u00f4ng kh\u00ed.<\/span><\/p>\n<h2><span style=\"color: #0000ff; font-size: 18px;\"><strong><img loading=\"lazy\" decoding=\"async\" class=\"alignnone wp-image-12267 \" src=\"https:\/\/phukienflytech.vn\/wp-content\/uploads\/2020\/05\/combo-6-filter-mavic-2-zoom-3352-3-1-280x266.png\" alt=\"Combo-6-Filter-Mavic-2-Zoom-2\" width=\"397\" height=\"377\" \/><\/strong><\/span><\/h2>\n<p><span style=\"font-size: 18px;\"><em>&#8211; K\u00ednh l\u1ecdc ph\u00e2n c\u1ef1c CPL<\/em>\u00a0(vi\u1ebft t\u1eaft c\u1ee7a Circular Polarizing Filter) l\u00e0 m\u1ed9t thi\u1ebft b\u1ecb l\u1ecdc ph\u00f9 h\u1ee3p v\u1edbi nh\u1eefng b\u1ee9c \u1ea3nh ngo\u1ea1i c\u1ea3nh, nh\u1ea5t l\u00e0 v\u00e0o nh\u1eefng ng\u00e0y n\u1eafng. N\u00f3 gi\u00fap m\u00e0u tr\u1eddi trong \u1ea3nh s\u00e2u h\u01a1n, \u0111\u1eb9p h\u01a1n, \u0111\u1ed3ng th\u1eddi ng\u0103n kh\u00f4ng cho nh\u1eefng tia s\u00e1ng \u1edf h\u01b0\u1edbng kh\u00e1c \u0111i v\u00e0o t\u1ea5m \u1ea3nh. \u0110\u1eb7c bi\u1ec7t khi mu\u1ed1n ch\u1ee5p h\u00ecnh nh\u1eefng \u0111\u1ed1i t\u01b0\u1ee3ng c\u00f3 \u0111\u1ed9 trong nh\u01b0 m\u1eb7t n\u01b0\u1edbc, th\u1ee7y tinh, s\u1eed d\u1ee5ng k\u00ednh l\u1ecdc CPL cho hi\u1ec7u qu\u1ea3 t\u1ed1t, gi\u1ea3m \u0111\u1ed9 &#8220;ch\u00f3i&#8221;. Ai \u0111\u00e3 t\u1eebng th\u1eed ch\u1ee5p m\u1eb7t h\u1ed3, b\u1ec3 c\u00e1&#8230;<\/span><\/p>\n<h2><span style=\"color: #0000ff; font-size: 18px;\"><strong><img loading=\"lazy\" decoding=\"async\" class=\"alignnone wp-image-12269 \" src=\"https:\/\/phukienflytech.vn\/wp-content\/uploads\/2020\/05\/combo-6-filter-mavic-2-zoom-3352-4-2-280x280.jpg\" alt=\"Combo-6-Filter-Mavic-2-Zoom\" width=\"461\" height=\"461\" srcset=\"https:\/\/phukienflytech.vn\/wp-content\/uploads\/2020\/05\/combo-6-filter-mavic-2-zoom-3352-4-2-280x280.jpg 280w, https:\/\/phukienflytech.vn\/wp-content\/uploads\/2020\/05\/combo-6-filter-mavic-2-zoom-3352-4-2-300x300.jpg 300w, https:\/\/phukienflytech.vn\/wp-content\/uploads\/2020\/05\/combo-6-filter-mavic-2-zoom-3352-4-2-100x100.jpg 100w\" sizes=\"auto, (max-width: 461px) 100vw, 461px\" \/><\/strong><\/span><\/h2>\n<p><span style=\"font-size: 18px;\">\u0111\u1ec1u c\u00f3 th\u1ec3 th\u1ea5y hi\u1ec7n t\u01b0\u1ee3ng ch\u1ec9 ch\u1ee5p \u0111\u01b0\u1ee3c h\u00ecnh ph\u1ea3n chi\u1ebfu ho\u1eb7c qu\u1ea7ng s\u00e1ng ch\u00f3i m\u00e0 kh\u00f4ng ch\u1ee5p \u0111\u01b0\u1ee3c \u0111\u1ed1i t\u01b0\u1ee3ng mong mu\u1ed1n. CPL s\u1ebd gi\u00fap b\u1ea1n l\u00e0m \u0111\u01b0\u1ee3c \u01b0\u1edbc mu\u1ed1n nh\u1ecf nhoi n\u00e0y.<\/span><\/p>\n<p><span style=\"font-size: 18px;\"><img loading=\"lazy\" decoding=\"async\" src=\"https:\/\/phukienflytech.vn\/wp-content\/uploads\/2020\/05\/combo-6-filter-mavic-2-zoom-3352-5.jpg\" alt=\"\" width=\"596\" height=\"447\" \/><\/span><\/p>\n<h2><span style=\"color: #0000ff; font-size: 18px;\"><strong><img loading=\"lazy\" decoding=\"async\" class=\"alignnone wp-image-12271\" src=\"https:\/\/phukienflytech.vn\/wp-content\/uploads\/2020\/05\/combo-6-filter-mavic-2-zoom-3352-6-2-572x400.jpg\" alt=\"bo-6-filter-mavic-2-zoom\" width=\"516\" height=\"361\" srcset=\"https:\/\/phukienflytech.vn\/wp-content\/uploads\/2020\/05\/combo-6-filter-mavic-2-zoom-3352-6-2-572x400.jpg 572w, https:\/\/phukienflytech.vn\/wp-content\/uploads\/2020\/05\/combo-6-filter-mavic-2-zoom-3352-6-2-600x420.jpg 600w, https:\/\/phukienflytech.vn\/wp-content\/uploads\/2020\/05\/combo-6-filter-mavic-2-zoom-3352-6-2.jpg 719w\" sizes=\"auto, (max-width: 516px) 100vw, 516px\" \/><\/strong><\/span><\/h2>\n<p><span style=\"font-size: 18px;\">&#8211; R\u1ea5t d\u1ec5 th\u00e1o, l\u1eafp m\u00e0 kh\u00f4ng s\u1ee3 \u1ea3nh h\u01b0\u1edbng t\u1edbi gimbal v\u00e0 camera c\u1ee7a m\u00e1y<\/span><\/p>\n<p><span style=\"font-size: 18px;\">S\u1edf h\u1eefu ngay\u00a0<strong>B\u1ed9 filter combo Mavic 2 zoom\u00a0<\/strong>\u0111\u1ec3 c\u00f3 \u0111\u01b0\u1ee3c nh\u1eefng tr\u1ea3i nghi\u1ec7m h\u00ecnh \u1ea3nh tuy\u1ec7t v\u1eddi v\u00e0 \u01b0ng \u00fd nh\u1ea5t. Ch\u1eafc ch\u1eafn b\u1ea1n s\u1ebd ph\u1ea3i h\u00e0i l\u00f2ng v\u1edbi l\u1ef1a ch\u1ecdn n\u00e0y<\/span><\/p>\n<h3><span style=\"font-size: 18px;\"><em><strong>Mua ph\u1ee5 ki\u1ec7n flycam DJI phantom,Mavic,Spark \u1edf \u0111\u00e2u?<\/strong><\/em><\/span><\/h3>\n<p><span style=\"font-size: 18px;\"><em><strong><a href=\"https:\/\/facebook.com\/phukienflycam\" target=\"_blank\" rel=\"noopener noreferrer\">Ph\u1ee5 Ki\u1ec7n Flytech Gi\u00e1 T\u1ed1t<\/a><\/strong><\/em>\u00a0h\u00e2n h\u1ea1nh \u0111em l\u1ea1i c\u00e1c m\u1eabu s\u1ea3n ph\u1ea9m Balo phatom ch\u00ednh h\u00e3ng t\u1ed1t nh\u1ea5t ph\u1ee5c v\u1ee5 \u0111am m\u00ea, v\u00e0 c\u00f4ng vi\u1ec7c c\u1ee7a c\u00e1c b\u1ea1n, h\u00e3y \u0111\u1ec3 ch\u00fang t\u00f4i ti\u1ebfp s\u1ee9c \u0111am m\u00ea, c\u00f4ng vi\u1ec7c c\u1ee7a b\u1ea1n, gi\u00fap b\u1ea1n th\u00eam ni\u1ec1m h\u1ee9ng kh\u1edfi trong \u0111am m\u00ea c\u0169ng nh\u01b0 c\u00f4ng vi\u1ec7c c\u1ee7a m\u00ecnh th\u00eam su\u00f4n s\u1ebb<\/span><\/p>\n<h2><span style=\"color: #0000ff; font-size: 18px;\"><strong><img loading=\"lazy\" decoding=\"async\" class=\"alignnone wp-image-12273\" src=\"https:\/\/phukienflytech.vn\/wp-content\/uploads\/2020\/05\/combo-6-filter-mavic-2-zoom-3352-7-1-800x251.png\" alt=\"\" width=\"573\" height=\"180\" srcset=\"https:\/\/phukienflytech.vn\/wp-content\/uploads\/2020\/05\/combo-6-filter-mavic-2-zoom-3352-7-1-800x251.png 800w, https:\/\/phukienflytech.vn\/wp-content\/uploads\/2020\/05\/combo-6-filter-mavic-2-zoom-3352-7-1-768x241.png 768w, https:\/\/phukienflytech.vn\/wp-content\/uploads\/2020\/05\/combo-6-filter-mavic-2-zoom-3352-7-1-600x188.png 600w, https:\/\/phukienflytech.vn\/wp-content\/uploads\/2020\/05\/combo-6-filter-mavic-2-zoom-3352-7-1.png 1013w\" sizes=\"auto, (max-width: 573px) 100vw, 573px\" \/><\/strong><\/span><\/h2>\n<p><span style=\"font-size: 18px;\">Ch\u00fang t\u00f4i chuy\u00ean cung c\u1ea5p h\u1ea7u h\u1ebft t\u1ea5t c\u00e1c c\u00e1c ph\u1ee5 ki\u1ec7n flycam DJI c\u1ee7a Phantom 3,4 series, Mavic series, DJI Spark v\u00e0 inspire 1<\/span><\/p>\n<p><span style=\"font-size: 18px;\">H\u00e3y xem th\u00eam c\u00e1c\u00a0<em>ph\u1ee5 ki\u1ec7n flycam dji Phantom 3 4<\/em>\u00a0b\u1eb1ng c\u00e1ch\u00a0<strong><a href=\"https:\/\/phukienflytech.vn\/en\/danh-muc\/phantom-4-accessory.html\" target=\"_blank\" rel=\"noopener noreferrer\"><span style=\"color: #0000ff;\">click t\u1ea1i \u0111\u00e2y<\/span><\/a><\/strong>\u00a0!<\/span><\/p>\n<p><span style=\"font-size: 18px;\">Nh\u00e0 s\u1ea3n xu\u1ea5t : Sunnylife \u2013 l\u00e0 m\u1ed9t trong nh\u1eefng Vendor cung c\u1ea5p c\u00e1c ph\u1ee5 ki\u1ec7n, linh ki\u1ec7n thay th\u1ebf cho DJI Flycam.<\/span><\/p>\n","protected":false},"excerpt":{"rendered":"<p>Combo 6 Filter Mavic 2 Zoom &nbsp; Combo 6 Filter Mavic 2 Zoom Filter lu\u00f4n l\u00e0 m\u1ed9t trong s\u1ed1 c\u00e1c\u00a0ph\u1ee5 ki\u1ec7n Mavic 2 zoom\u00a0\u00a0\u0111\u01b0\u1ee3c Pilot quan t\u00e2m h\u00e0ng \u0111\u1ea7u ch\u00fang ta c\u00f9ng tham kh\u1ea3o\u00a0B\u1ed9 filter combo Mavic 2 zoom\u00a0g\u1ed3m nh\u1eefng g\u00ec v\u00e0 c\u00f4ng d\u1ee5ng ra sao\u00a0 B\u1ed9 K\u00ednh l\u1ecdc filter mavic 2 zoom g\u1ed3m : &#8230;<\/p>\n","protected":false},"featured_media":3355,"comment_status":"open","ping_status":"closed","template":"","meta":{"_acf_changed":false},"product_brand":[],"product_cat":[177],"product_tag":[275,206,209],"class_list":{"0":"post-3372","1":"product","2":"type-product","3":"status-publish","4":"has-post-thumbnail","6":"product_cat-mavic-2s-accessory","7":"product_tag-filter-mavic-2-zoom-en","8":"product_tag-phu-kien-dji-en","9":"product_tag-phu-kien-mavic-2-en","11":"first","12":"instock","13":"shipping-taxable","14":"purchasable","15":"product-type-simple"},"acf":[],"yoast_head":"<!-- This site is optimized with the Yoast SEO plugin v25.7 - https:\/\/yoast.com\/wordpress\/plugins\/seo\/ -->\n<title>Combo 6 Filter Mavic 2 Zoom - Mavic 2 Zoom accessory - Available<\/title>\n<meta name=\"description\" content=\"Combo 6 Filter Mavic 2 Zoom is one of the most important accessory. Contact us to buy Combo 6 Filter Mavic 2 Zoom for best price\" \/>\n<meta name=\"robots\" content=\"index, follow, max-snippet:-1, max-image-preview:large, max-video-preview:-1\" \/>\n<link rel=\"canonical\" href=\"https:\/\/phukienflytech.vn\/en\/san-pham\/combo-6-filter-mavic-2-zoom.html\" \/>\n<meta property=\"og:locale\" content=\"en_US\" \/>\n<meta property=\"og:type\" content=\"article\" \/>\n<meta property=\"og:title\" content=\"Combo 6 Filter Mavic 2 Zoom - Mavic 2 Zoom accessory - Available\" \/>\n<meta property=\"og:description\" content=\"Combo 6 Filter Mavic 2 Zoom is one of the most important accessory. Contact us to buy Combo 6 Filter Mavic 2 Zoom for best price\" \/>\n<meta property=\"og:url\" content=\"https:\/\/phukienflytech.vn\/en\/san-pham\/combo-6-filter-mavic-2-zoom.html\" \/>\n<meta property=\"og:site_name\" content=\"Shop M\u00e1y \u1ea3nh - Action Camera - Gimbal - Flycam - Ph\u1ee5 ki\u1ec7n\" \/>\n<meta property=\"article:publisher\" content=\"https:\/\/facebook.com\/phukienflycam\" \/>\n<meta property=\"article:modified_time\" content=\"2020-10-11T10:34:41+00:00\" \/>\n<meta property=\"og:image\" content=\"https:\/\/phukienflytech.vn\/wp-content\/uploads\/2020\/05\/300x300_filter-mavic-2-zoom-phu-kien-flycam-dji-mavic-2-phu-kien_-_Copy.png\" \/>\n\t<meta property=\"og:image:width\" content=\"300\" \/>\n\t<meta property=\"og:image:height\" content=\"300\" \/>\n\t<meta property=\"og:image:type\" content=\"image\/png\" \/>\n<meta name=\"twitter:card\" content=\"summary_large_image\" \/>\n<meta name=\"twitter:label1\" content=\"Est. reading time\" \/>\n\t<meta name=\"twitter:data1\" content=\"4 minutes\" \/>\n<script type=\"application\/ld+json\" class=\"yoast-schema-graph\">{\"@context\":\"https:\/\/schema.org\",\"@graph\":[{\"@type\":\"WebPage\",\"@id\":\"https:\/\/phukienflytech.vn\/en\/san-pham\/combo-6-filter-mavic-2-zoom.html\",\"url\":\"https:\/\/phukienflytech.vn\/en\/san-pham\/combo-6-filter-mavic-2-zoom.html\",\"name\":\"Combo 6 Filter Mavic 2 Zoom - Mavic 2 Zoom accessory - Available\",\"isPartOf\":{\"@id\":\"https:\/\/phukienflytech.vn\/#website\"},\"primaryImageOfPage\":{\"@id\":\"https:\/\/phukienflytech.vn\/en\/san-pham\/combo-6-filter-mavic-2-zoom.html#primaryimage\"},\"image\":{\"@id\":\"https:\/\/phukienflytech.vn\/en\/san-pham\/combo-6-filter-mavic-2-zoom.html#primaryimage\"},\"thumbnailUrl\":\"https:\/\/phukienflytech.vn\/wp-content\/uploads\/2020\/05\/300x300_filter-mavic-2-zoom-phu-kien-flycam-dji-mavic-2-phu-kien_-_Copy.png\",\"datePublished\":\"2020-06-18T23:51:30+00:00\",\"dateModified\":\"2020-10-11T10:34:41+00:00\",\"description\":\"Combo 6 Filter Mavic 2 Zoom is one of the most important accessory. Contact us to buy Combo 6 Filter Mavic 2 Zoom for best price\",\"breadcrumb\":{\"@id\":\"https:\/\/phukienflytech.vn\/en\/san-pham\/combo-6-filter-mavic-2-zoom.html#breadcrumb\"},\"inLanguage\":\"en-US\",\"potentialAction\":[{\"@type\":\"ReadAction\",\"target\":[\"https:\/\/phukienflytech.vn\/en\/san-pham\/combo-6-filter-mavic-2-zoom.html\"]}]},{\"@type\":\"ImageObject\",\"inLanguage\":\"en-US\",\"@id\":\"https:\/\/phukienflytech.vn\/en\/san-pham\/combo-6-filter-mavic-2-zoom.html#primaryimage\",\"url\":\"https:\/\/phukienflytech.vn\/wp-content\/uploads\/2020\/05\/300x300_filter-mavic-2-zoom-phu-kien-flycam-dji-mavic-2-phu-kien_-_Copy.png\",\"contentUrl\":\"https:\/\/phukienflytech.vn\/wp-content\/uploads\/2020\/05\/300x300_filter-mavic-2-zoom-phu-kien-flycam-dji-mavic-2-phu-kien_-_Copy.png\",\"width\":300,\"height\":300},{\"@type\":\"BreadcrumbList\",\"@id\":\"https:\/\/phukienflytech.vn\/en\/san-pham\/combo-6-filter-mavic-2-zoom.html#breadcrumb\",\"itemListElement\":[{\"@type\":\"ListItem\",\"position\":1,\"name\":\"Home\",\"item\":\"https:\/\/phukienflytech.vn\/en\"},{\"@type\":\"ListItem\",\"position\":2,\"name\":\"Ph\u1ee5 ki\u1ec7n Mavic Pro\",\"item\":\"https:\/\/phukienflytech.vn\/en\/phu-kien-mavic-pro.html\"},{\"@type\":\"ListItem\",\"position\":3,\"name\":\"DJI Osmo &amp; Drone's accessories\",\"item\":\"https:\/\/phukienflytech.vn\/en\/danh-muc\/dji-osmo-drones-accessories.html\"},{\"@type\":\"ListItem\",\"position\":4,\"name\":\"Ph\u1ee5 ki\u1ec7n DJI Mavic 2\",\"item\":\"https:\/\/phukienflytech.vn\/en\/danh-muc\/mavic-2s-accessory.html\"},{\"@type\":\"ListItem\",\"position\":5,\"name\":\"Combo 6 Filter Mavic 2 Zoom\"}]},{\"@type\":\"WebSite\",\"@id\":\"https:\/\/phukienflytech.vn\/#website\",\"url\":\"https:\/\/phukienflytech.vn\/\",\"name\":\"Shop M\u00e1y \u1ea3nh - Action Camera - Gimbal - Flycam - Ph\u1ee5 ki\u1ec7n\",\"description\":\"Shop M\u00e1y \u1ea3nh - Action Camera - Gimbal - Flycam - Ph\u1ee5 ki\u1ec7n\",\"publisher\":{\"@id\":\"https:\/\/phukienflytech.vn\/#organization\"},\"potentialAction\":[{\"@type\":\"SearchAction\",\"target\":{\"@type\":\"EntryPoint\",\"urlTemplate\":\"https:\/\/phukienflytech.vn\/?s={search_term_string}\"},\"query-input\":{\"@type\":\"PropertyValueSpecification\",\"valueRequired\":true,\"valueName\":\"search_term_string\"}}],\"inLanguage\":\"en-US\"},{\"@type\":\"Organization\",\"@id\":\"https:\/\/phukienflytech.vn\/#organization\",\"name\":\"DJI Store - Shop Drone, Action camera, Gimbal DJI |Phukienflytech\",\"alternateName\":\"DJI Store - Shop Drone, Action camera, Gimbal DJI |Phukienflytech\",\"url\":\"https:\/\/phukienflytech.vn\/\",\"logo\":{\"@type\":\"ImageObject\",\"inLanguage\":\"en-US\",\"@id\":\"https:\/\/phukienflytech.vn\/#\/schema\/logo\/image\/\",\"url\":\"https:\/\/phukienflytech.vn\/wp-content\/uploads\/2020\/05\/hAnh_nan.jpg1_.jpg\",\"contentUrl\":\"https:\/\/phukienflytech.vn\/wp-content\/uploads\/2020\/05\/hAnh_nan.jpg1_.jpg\",\"width\":800,\"height\":450,\"caption\":\"DJI Store - Shop Drone, Action camera, Gimbal DJI |Phukienflytech\"},\"image\":{\"@id\":\"https:\/\/phukienflytech.vn\/#\/schema\/logo\/image\/\"},\"sameAs\":[\"https:\/\/facebook.com\/phukienflycam\",\"https:\/\/www.youtube.com\/@phukienflytech\",\"https:\/\/www.tiktok.com\/@flytech.channel?fbclid=IwY2xjawGjg7BleHRuA2FlbQIxMAABHYVGmlXpuSMs0UB2zTpYvyT4GMVfN2qJa4urF4vkSQ6FAVBwXZtDP30qQA_aem_UwMiDcUvlEbd2tXAmsc8Og\"]}]}<\/script>\n<!-- \/ Yoast SEO plugin. -->","yoast_head_json":{"title":"Combo 6 Filter Mavic 2 Zoom - Mavic 2 Zoom accessory - Available","description":"Combo 6 Filter Mavic 2 Zoom is one of the most important accessory. Contact us to buy Combo 6 Filter Mavic 2 Zoom for best price","robots":{"index":"index","follow":"follow","max-snippet":"max-snippet:-1","max-image-preview":"max-image-preview:large","max-video-preview":"max-video-preview:-1"},"canonical":"https:\/\/phukienflytech.vn\/en\/san-pham\/combo-6-filter-mavic-2-zoom.html","og_locale":"en_US","og_type":"article","og_title":"Combo 6 Filter Mavic 2 Zoom - Mavic 2 Zoom accessory - Available","og_description":"Combo 6 Filter Mavic 2 Zoom is one of the most important accessory. Contact us to buy Combo 6 Filter Mavic 2 Zoom for best price","og_url":"https:\/\/phukienflytech.vn\/en\/san-pham\/combo-6-filter-mavic-2-zoom.html","og_site_name":"Shop M\u00e1y \u1ea3nh - Action Camera - Gimbal - Flycam - Ph\u1ee5 ki\u1ec7n","article_publisher":"https:\/\/facebook.com\/phukienflycam","article_modified_time":"2020-10-11T10:34:41+00:00","og_image":[{"width":300,"height":300,"url":"https:\/\/phukienflytech.vn\/wp-content\/uploads\/2020\/05\/300x300_filter-mavic-2-zoom-phu-kien-flycam-dji-mavic-2-phu-kien_-_Copy.png","type":"image\/png"}],"twitter_card":"summary_large_image","twitter_misc":{"Est. reading time":"4 minutes"},"schema":{"@context":"https:\/\/schema.org","@graph":[{"@type":"WebPage","@id":"https:\/\/phukienflytech.vn\/en\/san-pham\/combo-6-filter-mavic-2-zoom.html","url":"https:\/\/phukienflytech.vn\/en\/san-pham\/combo-6-filter-mavic-2-zoom.html","name":"Combo 6 Filter Mavic 2 Zoom - Mavic 2 Zoom accessory - Available","isPartOf":{"@id":"https:\/\/phukienflytech.vn\/#website"},"primaryImageOfPage":{"@id":"https:\/\/phukienflytech.vn\/en\/san-pham\/combo-6-filter-mavic-2-zoom.html#primaryimage"},"image":{"@id":"https:\/\/phukienflytech.vn\/en\/san-pham\/combo-6-filter-mavic-2-zoom.html#primaryimage"},"thumbnailUrl":"https:\/\/phukienflytech.vn\/wp-content\/uploads\/2020\/05\/300x300_filter-mavic-2-zoom-phu-kien-flycam-dji-mavic-2-phu-kien_-_Copy.png","datePublished":"2020-06-18T23:51:30+00:00","dateModified":"2020-10-11T10:34:41+00:00","description":"Combo 6 Filter Mavic 2 Zoom is one of the most important accessory. Contact us to buy Combo 6 Filter Mavic 2 Zoom for best price","breadcrumb":{"@id":"https:\/\/phukienflytech.vn\/en\/san-pham\/combo-6-filter-mavic-2-zoom.html#breadcrumb"},"inLanguage":"en-US","potentialAction":[{"@type":"ReadAction","target":["https:\/\/phukienflytech.vn\/en\/san-pham\/combo-6-filter-mavic-2-zoom.html"]}]},{"@type":"ImageObject","inLanguage":"en-US","@id":"https:\/\/phukienflytech.vn\/en\/san-pham\/combo-6-filter-mavic-2-zoom.html#primaryimage","url":"https:\/\/phukienflytech.vn\/wp-content\/uploads\/2020\/05\/300x300_filter-mavic-2-zoom-phu-kien-flycam-dji-mavic-2-phu-kien_-_Copy.png","contentUrl":"https:\/\/phukienflytech.vn\/wp-content\/uploads\/2020\/05\/300x300_filter-mavic-2-zoom-phu-kien-flycam-dji-mavic-2-phu-kien_-_Copy.png","width":300,"height":300},{"@type":"BreadcrumbList","@id":"https:\/\/phukienflytech.vn\/en\/san-pham\/combo-6-filter-mavic-2-zoom.html#breadcrumb","itemListElement":[{"@type":"ListItem","position":1,"name":"Home","item":"https:\/\/phukienflytech.vn\/en"},{"@type":"ListItem","position":2,"name":"Ph\u1ee5 ki\u1ec7n Mavic Pro","item":"https:\/\/phukienflytech.vn\/en\/phu-kien-mavic-pro.html"},{"@type":"ListItem","position":3,"name":"DJI Osmo &amp; Drone's accessories","item":"https:\/\/phukienflytech.vn\/en\/danh-muc\/dji-osmo-drones-accessories.html"},{"@type":"ListItem","position":4,"name":"Ph\u1ee5 ki\u1ec7n DJI Mavic 2","item":"https:\/\/phukienflytech.vn\/en\/danh-muc\/mavic-2s-accessory.html"},{"@type":"ListItem","position":5,"name":"Combo 6 Filter Mavic 2 Zoom"}]},{"@type":"WebSite","@id":"https:\/\/phukienflytech.vn\/#website","url":"https:\/\/phukienflytech.vn\/","name":"Shop M\u00e1y \u1ea3nh - Action Camera - Gimbal - Flycam - Ph\u1ee5 ki\u1ec7n","description":"Shop M\u00e1y \u1ea3nh - Action Camera - Gimbal - Flycam - Ph\u1ee5 ki\u1ec7n","publisher":{"@id":"https:\/\/phukienflytech.vn\/#organization"},"potentialAction":[{"@type":"SearchAction","target":{"@type":"EntryPoint","urlTemplate":"https:\/\/phukienflytech.vn\/?s={search_term_string}"},"query-input":{"@type":"PropertyValueSpecification","valueRequired":true,"valueName":"search_term_string"}}],"inLanguage":"en-US"},{"@type":"Organization","@id":"https:\/\/phukienflytech.vn\/#organization","name":"DJI Store - Shop Drone, Action camera, Gimbal DJI |Phukienflytech","alternateName":"DJI Store - Shop Drone, Action camera, Gimbal DJI |Phukienflytech","url":"https:\/\/phukienflytech.vn\/","logo":{"@type":"ImageObject","inLanguage":"en-US","@id":"https:\/\/phukienflytech.vn\/#\/schema\/logo\/image\/","url":"https:\/\/phukienflytech.vn\/wp-content\/uploads\/2020\/05\/hAnh_nan.jpg1_.jpg","contentUrl":"https:\/\/phukienflytech.vn\/wp-content\/uploads\/2020\/05\/hAnh_nan.jpg1_.jpg","width":800,"height":450,"caption":"DJI Store - Shop Drone, Action camera, Gimbal DJI |Phukienflytech"},"image":{"@id":"https:\/\/phukienflytech.vn\/#\/schema\/logo\/image\/"},"sameAs":["https:\/\/facebook.com\/phukienflycam","https:\/\/www.youtube.com\/@phukienflytech","https:\/\/www.tiktok.com\/@flytech.channel?fbclid=IwY2xjawGjg7BleHRuA2FlbQIxMAABHYVGmlXpuSMs0UB2zTpYvyT4GMVfN2qJa4urF4vkSQ6FAVBwXZtDP30qQA_aem_UwMiDcUvlEbd2tXAmsc8Og"]}]}},"_links":{"self":[{"href":"https:\/\/phukienflytech.vn\/en\/wp-json\/wp\/v2\/product\/3372","targetHints":{"allow":["GET"]}}],"collection":[{"href":"https:\/\/phukienflytech.vn\/en\/wp-json\/wp\/v2\/product"}],"about":[{"href":"https:\/\/phukienflytech.vn\/en\/wp-json\/wp\/v2\/types\/product"}],"replies":[{"embeddable":true,"href":"https:\/\/phukienflytech.vn\/en\/wp-json\/wp\/v2\/comments?post=3372"}],"wp:featuredmedia":[{"embeddable":true,"href":"https:\/\/phukienflytech.vn\/en\/wp-json\/wp\/v2\/media\/3355"}],"wp:attachment":[{"href":"https:\/\/phukienflytech.vn\/en\/wp-json\/wp\/v2\/media?parent=3372"}],"wp:term":[{"taxonomy":"product_brand","embeddable":true,"href":"https:\/\/phukienflytech.vn\/en\/wp-json\/wp\/v2\/product_brand?post=3372"},{"taxonomy":"product_cat","embeddable":true,"href":"https:\/\/phukienflytech.vn\/en\/wp-json\/wp\/v2\/product_cat?post=3372"},{"taxonomy":"product_tag","embeddable":true,"href":"https:\/\/phukienflytech.vn\/en\/wp-json\/wp\/v2\/product_tag?post=3372"}],"curies":[{"name":"wp","href":"https:\/\/api.w.org\/{rel}","templated":true}]}}