{"id":3401,"date":"2020-06-16T09:47:26","date_gmt":"2020-06-16T02:47:26","guid":{"rendered":"http:\/\/27430.lamdx.vinawebsite.vn?post_type=product&#038;p=3401"},"modified":"2020-09-11T16:19:33","modified_gmt":"2020-09-11T09:19:33","slug":"skin-carbon-mavic-air-phu-kien","status":"publish","type":"product","link":"https:\/\/phukienflytech.vn\/en\/san-pham\/skin-carbon-mavic-air-phu-kien.html","title":{"rendered":"Skin carbon Mavic Air &#8211; Ph\u1ee5 ki\u1ec7n"},"content":{"rendered":"<h2><span style=\"font-size: 21px; color: #0000ff;\"><em><strong>Ph\u1ee5 ki\u1ec7n flycam Mavic air<\/strong><\/em><\/span><\/h2>\n<h2><span style=\"font-size: 21px; color: #0000ff;\"><strong><em>Skin carbon Mavic air<\/em><\/strong><\/span><\/h2>\n<p><span style=\"font-size: 18px;\">Skin carbon Mavic air<\/span><\/p>\n<p><span style=\"font-size: 18px;\">B\u1ea1n \u0111\u00e3 qu\u00e1 ch\u00e1n n\u1ea3n v\u1edbi v\u1ebb ngo\u00e0i \u0111\u01a1n gi\u1ea3n v\u00e0 th\u00f4 c\u1ee9ng c\u1ee7a chi\u1ebfc drone b\u1ea1n \u0111ang s\u1edf h\u1eefu.\u00a0 B\u1ea1n mu\u1ed1n chi\u1ebfc drone c\u1ee7a m\u00ecnh ph\u1ea3i th\u1ea5t c\u00e1 t\u00ednh v\u00e0 kh\u00e1c bi\u1ec7t.\u00a0 Hay \u0111\u01a1n gi\u1ea3n l\u00e0 b\u1ea1n ch\u1ec9 mu\u1ed1n thay m\u1ed9t chi\u1ebfc \u00e1o m\u1edbi cho chi\u1ebfc drone \u0111\u1ec3 kh\u1ecfi nh\u00e0m ch\u00e1n.<\/span><\/p>\n<p><span style=\"font-size: 18px;\"><img loading=\"lazy\" decoding=\"async\" class=\"alignnone size-medium wp-image-13894\" src=\"https:\/\/phukienflytech.vn\/wp-content\/uploads\/2020\/05\/skin-carbon-mavic-air-phu-kien-3392-4-400x400.jpg\" alt=\"\" width=\"400\" height=\"400\" srcset=\"https:\/\/phukienflytech.vn\/wp-content\/uploads\/2020\/05\/skin-carbon-mavic-air-phu-kien-3392-4.jpg 400w, https:\/\/phukienflytech.vn\/wp-content\/uploads\/2020\/05\/skin-carbon-mavic-air-phu-kien-3392-4-280x280.jpg 280w, https:\/\/phukienflytech.vn\/wp-content\/uploads\/2020\/05\/skin-carbon-mavic-air-phu-kien-3392-4-300x300.jpg 300w, https:\/\/phukienflytech.vn\/wp-content\/uploads\/2020\/05\/skin-carbon-mavic-air-phu-kien-3392-4-100x100.jpg 100w\" sizes=\"auto, (max-width: 400px) 100vw, 400px\" \/><\/span><\/p>\n<p><span style=\"font-size: 18px;\">\u00a0 Skin mavic ch\u00ednh l\u00e0 ph\u1ee5 ki\u1ec7n mavic pro h\u1ee3p nh\u1ea5t \u0111\u1ec3\u00a0 b\u1ea1n l\u1ef1a ch\u1ecdn.\u00a0 \u0110\u01b0\u1ee3c thi\u1ebft k\u1ebf d\u01b0\u1edbi d\u1ea1ng sticker mavic. Decal mavic skin mavic air gi\u00fap ng\u01b0\u1eddi d\u00f9ng c\u00f3 th\u1ec3 d\u1ec5 d\u00e0ng s\u1eed d\u1ee5ng v\u1edbi nhi\u1ec1u m\u00e0u s\u1eafc cho b\u1ea1n l\u1ef1a ch\u1ecdn m\u00e0 kh\u00f4ng lo nh\u00e0m ch\u00e1n.<\/span><\/p>\n<p><span style=\"font-size: 18px;\"><img loading=\"lazy\" decoding=\"async\" class=\"alignnone size-medium wp-image-13896\" src=\"https:\/\/phukienflytech.vn\/wp-content\/uploads\/2020\/05\/skin-carbon-mavic-air-phu-kien-3392-1-1-400x400.jpg\" alt=\"\" width=\"400\" height=\"400\" srcset=\"https:\/\/phukienflytech.vn\/wp-content\/uploads\/2020\/05\/skin-carbon-mavic-air-phu-kien-3392-1-1.jpg 400w, https:\/\/phukienflytech.vn\/wp-content\/uploads\/2020\/05\/skin-carbon-mavic-air-phu-kien-3392-1-1-280x280.jpg 280w, https:\/\/phukienflytech.vn\/wp-content\/uploads\/2020\/05\/skin-carbon-mavic-air-phu-kien-3392-1-1-300x300.jpg 300w, https:\/\/phukienflytech.vn\/wp-content\/uploads\/2020\/05\/skin-carbon-mavic-air-phu-kien-3392-1-1-100x100.jpg 100w\" sizes=\"auto, (max-width: 400px) 100vw, 400px\" \/><\/span><\/p>\n<p><span style=\"font-size: 18px;\">Skin Mavic air c\u00f3 3 m\u00e0u ch\u1ee7 \u0111\u1ea1o : \u0110\u1ecf \/ \u0110en \/ Tr\u1eafng b\u1ea1c<\/span><\/p>\n<h2><span style=\"font-size: 18px;\"><img loading=\"lazy\" decoding=\"async\" class=\"alignnone size-medium wp-image-13898\" src=\"https:\/\/phukienflytech.vn\/wp-content\/uploads\/2020\/05\/skin-carbon-mavic-air-phu-kien-3392-2-1-400x400.jpg\" alt=\"\" width=\"400\" height=\"400\" srcset=\"https:\/\/phukienflytech.vn\/wp-content\/uploads\/2020\/05\/skin-carbon-mavic-air-phu-kien-3392-2-1.jpg 400w, https:\/\/phukienflytech.vn\/wp-content\/uploads\/2020\/05\/skin-carbon-mavic-air-phu-kien-3392-2-1-280x280.jpg 280w, https:\/\/phukienflytech.vn\/wp-content\/uploads\/2020\/05\/skin-carbon-mavic-air-phu-kien-3392-2-1-300x300.jpg 300w, https:\/\/phukienflytech.vn\/wp-content\/uploads\/2020\/05\/skin-carbon-mavic-air-phu-kien-3392-2-1-100x100.jpg 100w\" sizes=\"auto, (max-width: 400px) 100vw, 400px\" \/><\/span><\/h2>\n<h2><span style=\"font-size: 21px; color: #0000ff;\"><em><strong>C\u00f3 n\u00ean d\u00e1n Skin carbon Mavic air<\/strong><\/em><\/span><\/h2>\n<p><span style=\"font-size: 18px;\">V\u1edbi thi\u1ebft k\u1ebf sang tr\u1ecdng v\u00e0 tinh t\u1ebf skin s\u1ee3i cacbon mavic c\u00f3 t\u00ednh linh ho\u1ea1t,\u00a0 ph\u00f9 h\u1ee3p v\u1edbi b\u1ec1 m\u1eb7t cong c\u1ee7a thi\u1ebft b\u1ecb. Skin s\u01a1i cacbon mavic air c\u00f2n c\u00f3 t\u00ednh gi\u00e3n n\u1edf cao,\u00a0 kh\u1ea3 n\u0103ng ch\u1ed1ng x\u01b0\u1edbc,\u00a0 \u0103n m\u00f2n,\u00a0 d\u1ec5 v\u1ec7 sinh v\u00e0 b\u1ea3o tr\u00ec. \u0110\u1eb7c bi\u1ec7t kh\u00f4ng \u0111\u1ec3 l\u1ea1i b\u1ea5t c\u1ee9 v\u1ebft b\u1ea9n n\u00e0o tr\u00ean m\u00e1y khi b\u1ecb r\u00e1ch ho\u1eb7c b\u1ecb b\u00f3c ra.\u00a0 \u0110\u00e2y x\u1ee9ng \u0111\u00e1ng ph\u1ee5 ki\u1ec7n mavic b\u1ea1n n\u00ean c\u00f3 \u0111\u1ec3 thay \u0111\u1ed5i v\u1ebb b\u1ec1 ngo\u00e0i cho chi\u1ebfc drone.<\/span><\/p>\n<h2><span style=\"font-size: 21px; color: #0000ff;\"><em><strong>Mua ph\u1ee5 ki\u1ec7n flycam DJI phantom,Mavic,Spark \u1edf \u0111\u00e2u?<\/strong><\/em><\/span><\/h2>\n<p><span style=\"font-size: 18px;\"><em><strong><a href=\"https:\/\/facebook.com\/phukienflycam\" target=\"_blank\" rel=\"noopener noreferrer\">Ph\u1ee5 Ki\u1ec7n Flytech Gi\u00e1 T\u1ed1t<\/a><\/strong><\/em>\u00a0h\u00e2n h\u1ea1nh \u0111em l\u1ea1i c\u00e1c m\u1eabu s\u1ea3n ph\u1ea9m Balo phatom ch\u00ednh h\u00e3ng t\u1ed1t nh\u1ea5t ph\u1ee5c v\u1ee5 \u0111am m\u00ea, v\u00e0 c\u00f4ng vi\u1ec7c c\u1ee7a c\u00e1c b\u1ea1n, h\u00e3y \u0111\u1ec3 ch\u00fang t\u00f4i ti\u1ebfp s\u1ee9c \u0111am m\u00ea, c\u00f4ng vi\u1ec7c c\u1ee7a b\u1ea1n, gi\u00fap b\u1ea1n th\u00eam ni\u1ec1m h\u1ee9ng kh\u1edfi trong \u0111am m\u00ea c\u0169ng nh\u01b0 c\u00f4ng vi\u1ec7c c\u1ee7a m\u00ecnh th\u00eam su\u00f4n s\u1ebb<\/span><\/p>\n<p><span style=\"font-size: 18px;\"> <img loading=\"lazy\" decoding=\"async\" class=\"alignnone wp-image-13900\" src=\"https:\/\/phukienflytech.vn\/wp-content\/uploads\/2020\/05\/skin-carbon-mavic-air-phu-kien-3392-3-800x251.png\" alt=\"\" width=\"653\" height=\"205\" srcset=\"https:\/\/phukienflytech.vn\/wp-content\/uploads\/2020\/05\/skin-carbon-mavic-air-phu-kien-3392-3-800x251.png 800w, https:\/\/phukienflytech.vn\/wp-content\/uploads\/2020\/05\/skin-carbon-mavic-air-phu-kien-3392-3-768x241.png 768w, https:\/\/phukienflytech.vn\/wp-content\/uploads\/2020\/05\/skin-carbon-mavic-air-phu-kien-3392-3-600x188.png 600w, https:\/\/phukienflytech.vn\/wp-content\/uploads\/2020\/05\/skin-carbon-mavic-air-phu-kien-3392-3.png 1013w\" sizes=\"auto, (max-width: 653px) 100vw, 653px\" \/><\/span><\/p>\n<p><span style=\"font-size: 18px;\">Ch\u00fang t\u00f4i chuy\u00ean cung c\u1ea5p h\u1ea7u h\u1ebft t\u1ea5t c\u00e1c c\u00e1c ph\u1ee5 ki\u1ec7n flycam DJI c\u1ee7a Phantom 3,4 series, Mavic series, DJI Spark v\u00e0 inspire 1<\/span><\/p>\n<p><span style=\"font-size: 18px;\">H\u00e3y xem th\u00eam c\u00e1c\u00a0<em>ph\u1ee5 ki\u1ec7n flycam dji Phantom 3 4<\/em>\u00a0b\u1eb1ng c\u00e1ch\u00a0<strong><a href=\"https:\/\/phukienflytech.vn\/en\/danh-muc\/phantom-4-accessory.html\" target=\"_blank\" rel=\"noopener noreferrer\">click t\u1ea1i \u0111\u00e2y<\/a><\/strong>\u00a0!<\/span><\/p>\n<p><span style=\"font-size: 18px;\">Nh\u00e0 s\u1ea3n xu\u1ea5t : Sunnylife \u2013 l\u00e0 m\u1ed9t trong nh\u1eefng Vendor cung c\u1ea5p c\u00e1c ph\u1ee5 ki\u1ec7n, linh ki\u1ec7n thay th\u1ebf cho DJI Flycam.<\/span><\/p>\n<p>&nbsp;<\/p>\n","protected":false},"excerpt":{"rendered":"<p>Ph\u1ee5 ki\u1ec7n flycam Mavic air Skin carbon Mavic air Skin carbon Mavic air B\u1ea1n \u0111\u00e3 qu\u00e1 ch\u00e1n n\u1ea3n v\u1edbi v\u1ebb ngo\u00e0i \u0111\u01a1n gi\u1ea3n v\u00e0 th\u00f4 c\u1ee9ng c\u1ee7a chi\u1ebfc drone b\u1ea1n \u0111ang s\u1edf h\u1eefu.\u00a0 B\u1ea1n mu\u1ed1n chi\u1ebfc drone c\u1ee7a m\u00ecnh ph\u1ea3i th\u1ea5t c\u00e1 t\u00ednh v\u00e0 kh\u00e1c bi\u1ec7t.\u00a0 Hay \u0111\u01a1n gi\u1ea3n l\u00e0 b\u1ea1n ch\u1ec9 mu\u1ed1n thay m\u1ed9t &#8230;<\/p>\n","protected":false},"featured_media":16723,"comment_status":"open","ping_status":"closed","template":"","meta":{"_acf_changed":false},"product_brand":[],"product_cat":[180],"product_tag":[206,255],"class_list":{"0":"post-3401","1":"product","2":"type-product","3":"status-publish","4":"has-post-thumbnail","6":"product_cat-mavic-air-accessory","7":"product_tag-phu-kien-dji-en","8":"product_tag-phu-kien-dji-mavic-air-en","10":"first","11":"instock","12":"shipping-taxable","13":"purchasable","14":"product-type-simple"},"acf":[],"yoast_head":"<!-- This site is optimized with the Yoast SEO plugin v25.7 - https:\/\/yoast.com\/wordpress\/plugins\/seo\/ -->\n<title>Skin carbon Mavic air - sticker Mavic air - ph\u1ee5 ki\u1ec7n Mavic air ch\u00ednh h\u00e3ng<\/title>\n<meta name=\"description\" content=\"Skin carbon Mavic air l\u00e0 m\u1eabu ph\u1ee5 ki\u1ec7n ch\u00ednh h\u00e3ng. Skin carbon Mavic air gi\u00fap thay \u0111\u1ed5i ngo\u1ea1i h\u00ecnh cho chi\u1ebfc flycam c\u1ee7a b\u1ea1n tr\u1edf n\u00ean m\u1edbi m\u1ebb h\u01a1n bao gi\u1edd h\u1ebft\" \/>\n<meta name=\"robots\" content=\"index, follow, max-snippet:-1, max-image-preview:large, max-video-preview:-1\" \/>\n<link rel=\"canonical\" href=\"https:\/\/phukienflytech.vn\/en\/san-pham\/skin-carbon-mavic-air-phu-kien.html\" \/>\n<meta property=\"og:locale\" content=\"en_US\" \/>\n<meta property=\"og:type\" content=\"article\" \/>\n<meta property=\"og:title\" content=\"Skin carbon Mavic air - sticker Mavic air - ph\u1ee5 ki\u1ec7n Mavic air ch\u00ednh h\u00e3ng\" \/>\n<meta property=\"og:description\" content=\"Skin carbon Mavic air l\u00e0 m\u1eabu ph\u1ee5 ki\u1ec7n ch\u00ednh h\u00e3ng. Skin carbon Mavic air gi\u00fap thay \u0111\u1ed5i ngo\u1ea1i h\u00ecnh cho chi\u1ebfc flycam c\u1ee7a b\u1ea1n tr\u1edf n\u00ean m\u1edbi m\u1ebb h\u01a1n bao gi\u1edd h\u1ebft\" \/>\n<meta property=\"og:url\" content=\"https:\/\/phukienflytech.vn\/en\/san-pham\/skin-carbon-mavic-air-phu-kien.html\" \/>\n<meta property=\"og:site_name\" content=\"Shop M\u00e1y \u1ea3nh - Action Camera - Gimbal - Flycam - Ph\u1ee5 ki\u1ec7n\" \/>\n<meta property=\"article:publisher\" content=\"https:\/\/facebook.com\/phukienflycam\" \/>\n<meta property=\"article:modified_time\" content=\"2020-09-11T09:19:33+00:00\" \/>\n<meta property=\"og:image\" content=\"https:\/\/phukienflytech.vn\/wp-content\/uploads\/2020\/05\/300x300_Sunnylife-Waterproof-PVC-Carbon-Grain-Graphic-Stickers-Full-Set-Skin-Decals-for-DJI-MAVIC-AIR-1.jpg_640x640-1.jpg\" \/>\n\t<meta property=\"og:image:width\" content=\"300\" \/>\n\t<meta property=\"og:image:height\" content=\"300\" \/>\n\t<meta property=\"og:image:type\" content=\"image\/jpeg\" \/>\n<meta name=\"twitter:card\" content=\"summary_large_image\" \/>\n<meta name=\"twitter:label1\" content=\"Est. reading time\" \/>\n\t<meta name=\"twitter:data1\" content=\"3 minutes\" \/>\n<script type=\"application\/ld+json\" class=\"yoast-schema-graph\">{\"@context\":\"https:\/\/schema.org\",\"@graph\":[{\"@type\":\"WebPage\",\"@id\":\"https:\/\/phukienflytech.vn\/en\/san-pham\/skin-carbon-mavic-air-phu-kien.html\",\"url\":\"https:\/\/phukienflytech.vn\/en\/san-pham\/skin-carbon-mavic-air-phu-kien.html\",\"name\":\"Skin carbon Mavic air - sticker Mavic air - ph\u1ee5 ki\u1ec7n Mavic air ch\u00ednh h\u00e3ng\",\"isPartOf\":{\"@id\":\"https:\/\/phukienflytech.vn\/#website\"},\"primaryImageOfPage\":{\"@id\":\"https:\/\/phukienflytech.vn\/en\/san-pham\/skin-carbon-mavic-air-phu-kien.html#primaryimage\"},\"image\":{\"@id\":\"https:\/\/phukienflytech.vn\/en\/san-pham\/skin-carbon-mavic-air-phu-kien.html#primaryimage\"},\"thumbnailUrl\":\"https:\/\/phukienflytech.vn\/wp-content\/uploads\/2020\/05\/300x300_Sunnylife-Waterproof-PVC-Carbon-Grain-Graphic-Stickers-Full-Set-Skin-Decals-for-DJI-MAVIC-AIR-1.jpg_640x640-1.jpg\",\"datePublished\":\"2020-06-16T02:47:26+00:00\",\"dateModified\":\"2020-09-11T09:19:33+00:00\",\"description\":\"Skin carbon Mavic air l\u00e0 m\u1eabu ph\u1ee5 ki\u1ec7n ch\u00ednh h\u00e3ng. Skin carbon Mavic air gi\u00fap thay \u0111\u1ed5i ngo\u1ea1i h\u00ecnh cho chi\u1ebfc flycam c\u1ee7a b\u1ea1n tr\u1edf n\u00ean m\u1edbi m\u1ebb h\u01a1n bao gi\u1edd h\u1ebft\",\"breadcrumb\":{\"@id\":\"https:\/\/phukienflytech.vn\/en\/san-pham\/skin-carbon-mavic-air-phu-kien.html#breadcrumb\"},\"inLanguage\":\"en-US\",\"potentialAction\":[{\"@type\":\"ReadAction\",\"target\":[\"https:\/\/phukienflytech.vn\/en\/san-pham\/skin-carbon-mavic-air-phu-kien.html\"]}]},{\"@type\":\"ImageObject\",\"inLanguage\":\"en-US\",\"@id\":\"https:\/\/phukienflytech.vn\/en\/san-pham\/skin-carbon-mavic-air-phu-kien.html#primaryimage\",\"url\":\"https:\/\/phukienflytech.vn\/wp-content\/uploads\/2020\/05\/300x300_Sunnylife-Waterproof-PVC-Carbon-Grain-Graphic-Stickers-Full-Set-Skin-Decals-for-DJI-MAVIC-AIR-1.jpg_640x640-1.jpg\",\"contentUrl\":\"https:\/\/phukienflytech.vn\/wp-content\/uploads\/2020\/05\/300x300_Sunnylife-Waterproof-PVC-Carbon-Grain-Graphic-Stickers-Full-Set-Skin-Decals-for-DJI-MAVIC-AIR-1.jpg_640x640-1.jpg\",\"width\":300,\"height\":300},{\"@type\":\"BreadcrumbList\",\"@id\":\"https:\/\/phukienflytech.vn\/en\/san-pham\/skin-carbon-mavic-air-phu-kien.html#breadcrumb\",\"itemListElement\":[{\"@type\":\"ListItem\",\"position\":1,\"name\":\"Home\",\"item\":\"https:\/\/phukienflytech.vn\/en\"},{\"@type\":\"ListItem\",\"position\":2,\"name\":\"Ph\u1ee5 ki\u1ec7n Mavic Pro\",\"item\":\"https:\/\/phukienflytech.vn\/en\/phu-kien-mavic-pro.html\"},{\"@type\":\"ListItem\",\"position\":3,\"name\":\"DJI Osmo &amp; Drone's accessories\",\"item\":\"https:\/\/phukienflytech.vn\/en\/danh-muc\/dji-osmo-drones-accessories.html\"},{\"@type\":\"ListItem\",\"position\":4,\"name\":\"Ph\u1ee5 ki\u1ec7n flycam Mavic Air\",\"item\":\"https:\/\/phukienflytech.vn\/en\/danh-muc\/mavic-air-accessory.html\"},{\"@type\":\"ListItem\",\"position\":5,\"name\":\"Skin carbon Mavic Air &#8211; Ph\u1ee5 ki\u1ec7n\"}]},{\"@type\":\"WebSite\",\"@id\":\"https:\/\/phukienflytech.vn\/#website\",\"url\":\"https:\/\/phukienflytech.vn\/\",\"name\":\"Shop M\u00e1y \u1ea3nh - Action Camera - Gimbal - Flycam - Ph\u1ee5 ki\u1ec7n\",\"description\":\"Shop M\u00e1y \u1ea3nh - Action Camera - Gimbal - Flycam - Ph\u1ee5 ki\u1ec7n\",\"publisher\":{\"@id\":\"https:\/\/phukienflytech.vn\/#organization\"},\"potentialAction\":[{\"@type\":\"SearchAction\",\"target\":{\"@type\":\"EntryPoint\",\"urlTemplate\":\"https:\/\/phukienflytech.vn\/?s={search_term_string}\"},\"query-input\":{\"@type\":\"PropertyValueSpecification\",\"valueRequired\":true,\"valueName\":\"search_term_string\"}}],\"inLanguage\":\"en-US\"},{\"@type\":\"Organization\",\"@id\":\"https:\/\/phukienflytech.vn\/#organization\",\"name\":\"DJI Store - Shop Drone, Action camera, Gimbal DJI |Phukienflytech\",\"alternateName\":\"DJI Store - Shop Drone, Action camera, Gimbal DJI |Phukienflytech\",\"url\":\"https:\/\/phukienflytech.vn\/\",\"logo\":{\"@type\":\"ImageObject\",\"inLanguage\":\"en-US\",\"@id\":\"https:\/\/phukienflytech.vn\/#\/schema\/logo\/image\/\",\"url\":\"https:\/\/phukienflytech.vn\/wp-content\/uploads\/2020\/05\/hAnh_nan.jpg1_.jpg\",\"contentUrl\":\"https:\/\/phukienflytech.vn\/wp-content\/uploads\/2020\/05\/hAnh_nan.jpg1_.jpg\",\"width\":800,\"height\":450,\"caption\":\"DJI Store - Shop Drone, Action camera, Gimbal DJI |Phukienflytech\"},\"image\":{\"@id\":\"https:\/\/phukienflytech.vn\/#\/schema\/logo\/image\/\"},\"sameAs\":[\"https:\/\/facebook.com\/phukienflycam\",\"https:\/\/www.youtube.com\/@phukienflytech\",\"https:\/\/www.tiktok.com\/@flytech.channel?fbclid=IwY2xjawGjg7BleHRuA2FlbQIxMAABHYVGmlXpuSMs0UB2zTpYvyT4GMVfN2qJa4urF4vkSQ6FAVBwXZtDP30qQA_aem_UwMiDcUvlEbd2tXAmsc8Og\"]}]}<\/script>\n<!-- \/ Yoast SEO plugin. -->","yoast_head_json":{"title":"Skin carbon Mavic air - sticker Mavic air - ph\u1ee5 ki\u1ec7n Mavic air ch\u00ednh h\u00e3ng","description":"Skin carbon Mavic air l\u00e0 m\u1eabu ph\u1ee5 ki\u1ec7n ch\u00ednh h\u00e3ng. Skin carbon Mavic air gi\u00fap thay \u0111\u1ed5i ngo\u1ea1i h\u00ecnh cho chi\u1ebfc flycam c\u1ee7a b\u1ea1n tr\u1edf n\u00ean m\u1edbi m\u1ebb h\u01a1n bao gi\u1edd h\u1ebft","robots":{"index":"index","follow":"follow","max-snippet":"max-snippet:-1","max-image-preview":"max-image-preview:large","max-video-preview":"max-video-preview:-1"},"canonical":"https:\/\/phukienflytech.vn\/en\/san-pham\/skin-carbon-mavic-air-phu-kien.html","og_locale":"en_US","og_type":"article","og_title":"Skin carbon Mavic air - sticker Mavic air - ph\u1ee5 ki\u1ec7n Mavic air ch\u00ednh h\u00e3ng","og_description":"Skin carbon Mavic air l\u00e0 m\u1eabu ph\u1ee5 ki\u1ec7n ch\u00ednh h\u00e3ng. Skin carbon Mavic air gi\u00fap thay \u0111\u1ed5i ngo\u1ea1i h\u00ecnh cho chi\u1ebfc flycam c\u1ee7a b\u1ea1n tr\u1edf n\u00ean m\u1edbi m\u1ebb h\u01a1n bao gi\u1edd h\u1ebft","og_url":"https:\/\/phukienflytech.vn\/en\/san-pham\/skin-carbon-mavic-air-phu-kien.html","og_site_name":"Shop M\u00e1y \u1ea3nh - Action Camera - Gimbal - Flycam - Ph\u1ee5 ki\u1ec7n","article_publisher":"https:\/\/facebook.com\/phukienflycam","article_modified_time":"2020-09-11T09:19:33+00:00","og_image":[{"width":300,"height":300,"url":"https:\/\/phukienflytech.vn\/wp-content\/uploads\/2020\/05\/300x300_Sunnylife-Waterproof-PVC-Carbon-Grain-Graphic-Stickers-Full-Set-Skin-Decals-for-DJI-MAVIC-AIR-1.jpg_640x640-1.jpg","type":"image\/jpeg"}],"twitter_card":"summary_large_image","twitter_misc":{"Est. reading time":"3 minutes"},"schema":{"@context":"https:\/\/schema.org","@graph":[{"@type":"WebPage","@id":"https:\/\/phukienflytech.vn\/en\/san-pham\/skin-carbon-mavic-air-phu-kien.html","url":"https:\/\/phukienflytech.vn\/en\/san-pham\/skin-carbon-mavic-air-phu-kien.html","name":"Skin carbon Mavic air - sticker Mavic air - ph\u1ee5 ki\u1ec7n Mavic air ch\u00ednh h\u00e3ng","isPartOf":{"@id":"https:\/\/phukienflytech.vn\/#website"},"primaryImageOfPage":{"@id":"https:\/\/phukienflytech.vn\/en\/san-pham\/skin-carbon-mavic-air-phu-kien.html#primaryimage"},"image":{"@id":"https:\/\/phukienflytech.vn\/en\/san-pham\/skin-carbon-mavic-air-phu-kien.html#primaryimage"},"thumbnailUrl":"https:\/\/phukienflytech.vn\/wp-content\/uploads\/2020\/05\/300x300_Sunnylife-Waterproof-PVC-Carbon-Grain-Graphic-Stickers-Full-Set-Skin-Decals-for-DJI-MAVIC-AIR-1.jpg_640x640-1.jpg","datePublished":"2020-06-16T02:47:26+00:00","dateModified":"2020-09-11T09:19:33+00:00","description":"Skin carbon Mavic air l\u00e0 m\u1eabu ph\u1ee5 ki\u1ec7n ch\u00ednh h\u00e3ng. Skin carbon Mavic air gi\u00fap thay \u0111\u1ed5i ngo\u1ea1i h\u00ecnh cho chi\u1ebfc flycam c\u1ee7a b\u1ea1n tr\u1edf n\u00ean m\u1edbi m\u1ebb h\u01a1n bao gi\u1edd h\u1ebft","breadcrumb":{"@id":"https:\/\/phukienflytech.vn\/en\/san-pham\/skin-carbon-mavic-air-phu-kien.html#breadcrumb"},"inLanguage":"en-US","potentialAction":[{"@type":"ReadAction","target":["https:\/\/phukienflytech.vn\/en\/san-pham\/skin-carbon-mavic-air-phu-kien.html"]}]},{"@type":"ImageObject","inLanguage":"en-US","@id":"https:\/\/phukienflytech.vn\/en\/san-pham\/skin-carbon-mavic-air-phu-kien.html#primaryimage","url":"https:\/\/phukienflytech.vn\/wp-content\/uploads\/2020\/05\/300x300_Sunnylife-Waterproof-PVC-Carbon-Grain-Graphic-Stickers-Full-Set-Skin-Decals-for-DJI-MAVIC-AIR-1.jpg_640x640-1.jpg","contentUrl":"https:\/\/phukienflytech.vn\/wp-content\/uploads\/2020\/05\/300x300_Sunnylife-Waterproof-PVC-Carbon-Grain-Graphic-Stickers-Full-Set-Skin-Decals-for-DJI-MAVIC-AIR-1.jpg_640x640-1.jpg","width":300,"height":300},{"@type":"BreadcrumbList","@id":"https:\/\/phukienflytech.vn\/en\/san-pham\/skin-carbon-mavic-air-phu-kien.html#breadcrumb","itemListElement":[{"@type":"ListItem","position":1,"name":"Home","item":"https:\/\/phukienflytech.vn\/en"},{"@type":"ListItem","position":2,"name":"Ph\u1ee5 ki\u1ec7n Mavic Pro","item":"https:\/\/phukienflytech.vn\/en\/phu-kien-mavic-pro.html"},{"@type":"ListItem","position":3,"name":"DJI Osmo &amp; Drone's accessories","item":"https:\/\/phukienflytech.vn\/en\/danh-muc\/dji-osmo-drones-accessories.html"},{"@type":"ListItem","position":4,"name":"Ph\u1ee5 ki\u1ec7n flycam Mavic Air","item":"https:\/\/phukienflytech.vn\/en\/danh-muc\/mavic-air-accessory.html"},{"@type":"ListItem","position":5,"name":"Skin carbon Mavic Air &#8211; Ph\u1ee5 ki\u1ec7n"}]},{"@type":"WebSite","@id":"https:\/\/phukienflytech.vn\/#website","url":"https:\/\/phukienflytech.vn\/","name":"Shop M\u00e1y \u1ea3nh - Action Camera - Gimbal - Flycam - Ph\u1ee5 ki\u1ec7n","description":"Shop M\u00e1y \u1ea3nh - Action Camera - Gimbal - Flycam - Ph\u1ee5 ki\u1ec7n","publisher":{"@id":"https:\/\/phukienflytech.vn\/#organization"},"potentialAction":[{"@type":"SearchAction","target":{"@type":"EntryPoint","urlTemplate":"https:\/\/phukienflytech.vn\/?s={search_term_string}"},"query-input":{"@type":"PropertyValueSpecification","valueRequired":true,"valueName":"search_term_string"}}],"inLanguage":"en-US"},{"@type":"Organization","@id":"https:\/\/phukienflytech.vn\/#organization","name":"DJI Store - Shop Drone, Action camera, Gimbal DJI |Phukienflytech","alternateName":"DJI Store - Shop Drone, Action camera, Gimbal DJI |Phukienflytech","url":"https:\/\/phukienflytech.vn\/","logo":{"@type":"ImageObject","inLanguage":"en-US","@id":"https:\/\/phukienflytech.vn\/#\/schema\/logo\/image\/","url":"https:\/\/phukienflytech.vn\/wp-content\/uploads\/2020\/05\/hAnh_nan.jpg1_.jpg","contentUrl":"https:\/\/phukienflytech.vn\/wp-content\/uploads\/2020\/05\/hAnh_nan.jpg1_.jpg","width":800,"height":450,"caption":"DJI Store - Shop Drone, Action camera, Gimbal DJI |Phukienflytech"},"image":{"@id":"https:\/\/phukienflytech.vn\/#\/schema\/logo\/image\/"},"sameAs":["https:\/\/facebook.com\/phukienflycam","https:\/\/www.youtube.com\/@phukienflytech","https:\/\/www.tiktok.com\/@flytech.channel?fbclid=IwY2xjawGjg7BleHRuA2FlbQIxMAABHYVGmlXpuSMs0UB2zTpYvyT4GMVfN2qJa4urF4vkSQ6FAVBwXZtDP30qQA_aem_UwMiDcUvlEbd2tXAmsc8Og"]}]}},"_links":{"self":[{"href":"https:\/\/phukienflytech.vn\/en\/wp-json\/wp\/v2\/product\/3401","targetHints":{"allow":["GET"]}}],"collection":[{"href":"https:\/\/phukienflytech.vn\/en\/wp-json\/wp\/v2\/product"}],"about":[{"href":"https:\/\/phukienflytech.vn\/en\/wp-json\/wp\/v2\/types\/product"}],"replies":[{"embeddable":true,"href":"https:\/\/phukienflytech.vn\/en\/wp-json\/wp\/v2\/comments?post=3401"}],"wp:featuredmedia":[{"embeddable":true,"href":"https:\/\/phukienflytech.vn\/en\/wp-json\/wp\/v2\/media\/16723"}],"wp:attachment":[{"href":"https:\/\/phukienflytech.vn\/en\/wp-json\/wp\/v2\/media?parent=3401"}],"wp:term":[{"taxonomy":"product_brand","embeddable":true,"href":"https:\/\/phukienflytech.vn\/en\/wp-json\/wp\/v2\/product_brand?post=3401"},{"taxonomy":"product_cat","embeddable":true,"href":"https:\/\/phukienflytech.vn\/en\/wp-json\/wp\/v2\/product_cat?post=3401"},{"taxonomy":"product_tag","embeddable":true,"href":"https:\/\/phukienflytech.vn\/en\/wp-json\/wp\/v2\/product_tag?post=3401"}],"curies":[{"name":"wp","href":"https:\/\/api.w.org\/{rel}","templated":true}]}}