{"id":3411,"date":"2020-06-16T09:52:33","date_gmt":"2020-06-16T02:52:33","guid":{"rendered":"http:\/\/27430.lamdx.vinawebsite.vn\/san-pham\/joysticsk-mavic-air-phu-kien.html"},"modified":"2020-10-14T18:21:04","modified_gmt":"2020-10-14T11:21:04","slug":"replacement-joystick-mavic-air","status":"publish","type":"product","link":"https:\/\/phukienflytech.vn\/en\/san-pham\/replacement-joystick-mavic-air.html","title":{"rendered":"Replacement Joystick for Mavic Air"},"content":{"rendered":"<h2><em><strong>Replacement Joystick Mavic Air<\/strong><\/em><\/h2>\n<p>&nbsp;<\/p>\n<p><span style=\"font-size: 18px;\">Replacement Joystick Mavic Air<\/span><\/p>\n<p><span style=\"font-size: 18px;\">Mavic air l\u00e0 phi\u00ean b\u1ea3n c\u1ea3i ti\u1ebfn v\u1ec1 h\u00ecnh d\u00e1ng c\u1ee7a Mavic\u00a0 v\u00e0 s\u1ef1 h\u00f2a quy\u1ec7n \u0111\u1ed9c \u0111\u00e1o h\u00ecnh th\u1ee9c c\u1ee7a DJI Spark<\/span><\/p>\n<p><span style=\"font-size: 18px;\">V\u1edbi kh\u1ea3 n\u0103ng thu g\u1ecdn v\u1ec1 h\u00ecnh d\u00e1ng b\u00ean ngo\u00e0i, k\u00edch th\u01b0\u1edbc c\u0169ng nh\u01b0 k\u1ebf th\u1eeba kh\u1ea3 n\u0103ng g\u1eadp c\u1eb3ng ch\u00e2n nh\u01b0 mavic pro, v\u00e0 Gimbal 3D.<\/span><\/p>\n<p><span style=\"font-size: 18px;\">Ngo\u00e0i ra Mavic air c\u00f2n c\u00f3 s\u1ef1 c\u1ea3i bi\u1ebfn m\u1edbi l\u1ea1 nh\u1eb1m gi\u1ea3m b\u1edbt kh\u00f4ng gian l\u01b0u tr\u1eef \u0111\u01b0\u1ee3c t\u00f9y bi\u1ebfn tr\u00ean tay khi\u1ec3n mavic\u00a0 l\u00e0 chi\u1ebfc Joystick c\u00f3 th\u1ec3 th\u00e1o r\u1eddi<\/span><\/p>\n<p><span style=\"font-size: 18px;\">Ch\u1ea5t li\u1ec7u : Nh\u00f4m ti\u1ec7n chi ti\u1ebft CNC<\/span><\/p>\n<p><span style=\"font-size: 18px;\">M\u00e0u s\u1eafc : \u0110\u1ecf, \u0110en<\/span><\/p>\n<p><span style=\"font-size: 18px;\"><img loading=\"lazy\" decoding=\"async\" class=\"alignnone size-full wp-image-13888\" src=\"https:\/\/phukienflytech.vn\/wp-content\/uploads\/2020\/05\/joysticsk-mavic-air-phu-kien-3403-3.jpg\" alt=\"\" width=\"300\" height=\"300\" srcset=\"https:\/\/phukienflytech.vn\/wp-content\/uploads\/2020\/05\/joysticsk-mavic-air-phu-kien-3403-3.jpg 300w, https:\/\/phukienflytech.vn\/wp-content\/uploads\/2020\/05\/joysticsk-mavic-air-phu-kien-3403-3-280x280.jpg 280w, https:\/\/phukienflytech.vn\/wp-content\/uploads\/2020\/05\/joysticsk-mavic-air-phu-kien-3403-3-100x100.jpg 100w\" sizes=\"auto, (max-width: 300px) 100vw, 300px\" \/><\/span><\/p>\n<p><span style=\"font-size: 18px;\">S\u1eed d\u1ee5ng cho : Mavic air<\/span><\/p>\n<p><span style=\"font-size: 18px;\"><img loading=\"lazy\" decoding=\"async\" class=\"alignnone wp-image-13890 size-medium\" src=\"https:\/\/phukienflytech.vn\/wp-content\/uploads\/2020\/05\/joysticsk-mavic-air-phu-kien-3403-1-1-400x400.jpg\" alt=\"Replacement-Joystick-Mavic-Air\" width=\"400\" height=\"400\" srcset=\"https:\/\/phukienflytech.vn\/wp-content\/uploads\/2020\/05\/joysticsk-mavic-air-phu-kien-3403-1-1-400x400.jpg 400w, https:\/\/phukienflytech.vn\/wp-content\/uploads\/2020\/05\/joysticsk-mavic-air-phu-kien-3403-1-1-280x280.jpg 280w, https:\/\/phukienflytech.vn\/wp-content\/uploads\/2020\/05\/joysticsk-mavic-air-phu-kien-3403-1-1-300x300.jpg 300w, https:\/\/phukienflytech.vn\/wp-content\/uploads\/2020\/05\/joysticsk-mavic-air-phu-kien-3403-1-1-100x100.jpg 100w, https:\/\/phukienflytech.vn\/wp-content\/uploads\/2020\/05\/joysticsk-mavic-air-phu-kien-3403-1-1.jpg 500w\" sizes=\"auto, (max-width: 400px) 100vw, 400px\" \/><\/span><\/p>\n<p><span style=\"font-size: 18px;\">Nh\u00e0 s\u1ea3n xu\u1ea5t : Sunnylife<\/span><\/p>\n<h2><span style=\"font-size: 21px; color: #0000ff;\"><em><strong>Mua ph\u1ee5 ki\u1ec7n flycam DJI phantom,Mavic,Spark \u1edf \u0111\u00e2u?<\/strong><\/em><\/span><\/h2>\n<p><span style=\"font-size: 18px;\"><em><strong><a href=\"https:\/\/facebook.com\/phukienflycam\" target=\"_blank\" rel=\"noopener noreferrer\">Ph\u1ee5 Ki\u1ec7n Flytech Gi\u00e1 T\u1ed1t<\/a><\/strong><\/em>\u00a0h\u00e2n h\u1ea1nh \u0111em l\u1ea1i c\u00e1c m\u1eabu s\u1ea3n ph\u1ea9m Balo phatom ch\u00ednh h\u00e3ng t\u1ed1t nh\u1ea5t ph\u1ee5c v\u1ee5 \u0111am m\u00ea, v\u00e0 c\u00f4ng vi\u1ec7c c\u1ee7a c\u00e1c b\u1ea1n, h\u00e3y \u0111\u1ec3 ch\u00fang t\u00f4i ti\u1ebfp s\u1ee9c \u0111am m\u00ea, c\u00f4ng vi\u1ec7c c\u1ee7a b\u1ea1n, gi\u00fap b\u1ea1n th\u00eam ni\u1ec1m h\u1ee9ng kh\u1edfi trong \u0111am m\u00ea c\u0169ng nh\u01b0 c\u00f4ng vi\u1ec7c c\u1ee7a m\u00ecnh th\u00eam su\u00f4n s\u1ebb<\/span><\/p>\n<p><span style=\"font-size: 18px;\"> <img loading=\"lazy\" decoding=\"async\" class=\"alignnone size-medium wp-image-13892\" src=\"https:\/\/phukienflytech.vn\/wp-content\/uploads\/2020\/05\/joysticsk-mavic-air-phu-kien-3403-2-800x251.png\" alt=\"\" width=\"800\" height=\"251\" srcset=\"https:\/\/phukienflytech.vn\/wp-content\/uploads\/2020\/05\/joysticsk-mavic-air-phu-kien-3403-2-800x251.png 800w, https:\/\/phukienflytech.vn\/wp-content\/uploads\/2020\/05\/joysticsk-mavic-air-phu-kien-3403-2-768x241.png 768w, https:\/\/phukienflytech.vn\/wp-content\/uploads\/2020\/05\/joysticsk-mavic-air-phu-kien-3403-2-600x188.png 600w, https:\/\/phukienflytech.vn\/wp-content\/uploads\/2020\/05\/joysticsk-mavic-air-phu-kien-3403-2.png 1013w\" sizes=\"auto, (max-width: 800px) 100vw, 800px\" \/><\/span><\/p>\n<p><span style=\"font-size: 18px;\">Ch\u00fang t\u00f4i chuy\u00ean cung c\u1ea5p h\u1ea7u h\u1ebft t\u1ea5t c\u00e1c c\u00e1c ph\u1ee5 ki\u1ec7n flycam DJI c\u1ee7a Phantom 3,4 series, Mavic series, DJI Spark v\u00e0 inspire 1<\/span><\/p>\n<p><span style=\"font-size: 18px;\">H\u00e3y xem th\u00eam c\u00e1c\u00a0<em>ph\u1ee5 ki\u1ec7n flycam dji Phantom 3 4<\/em>\u00a0b\u1eb1ng c\u00e1ch\u00a0<strong><a href=\"https:\/\/phukienflytech.vn\/en\/danh-muc\/phantom-4-accessory.html\" target=\"_blank\" rel=\"noopener noreferrer\">click t\u1ea1i \u0111\u00e2y<\/a><\/strong>\u00a0!<\/span><\/p>\n<p><span style=\"font-size: 18px;\">Nh\u00e0 s\u1ea3n xu\u1ea5t : Sunnylife \u2013 l\u00e0 m\u1ed9t trong nh\u1eefng Vendor cung c\u1ea5p c\u00e1c ph\u1ee5 ki\u1ec7n, linh ki\u1ec7n thay th\u1ebf cho DJI Flycam.<\/span><\/p>\n<p>&nbsp;<\/p>\n","protected":false},"excerpt":{"rendered":"<p>Replacement Joystick Mavic Air &nbsp; Replacement Joystick Mavic Air Mavic air l\u00e0 phi\u00ean b\u1ea3n c\u1ea3i ti\u1ebfn v\u1ec1 h\u00ecnh d\u00e1ng c\u1ee7a Mavic\u00a0 v\u00e0 s\u1ef1 h\u00f2a quy\u1ec7n \u0111\u1ed9c \u0111\u00e1o h\u00ecnh th\u1ee9c c\u1ee7a DJI Spark V\u1edbi kh\u1ea3 n\u0103ng thu g\u1ecdn v\u1ec1 h\u00ecnh d\u00e1ng b\u00ean ngo\u00e0i, k\u00edch th\u01b0\u1edbc c\u0169ng nh\u01b0 k\u1ebf th\u1eeba kh\u1ea3 n\u0103ng g\u1eadp c\u1eb3ng ch\u00e2n nh\u01b0 mavic &#8230;<\/p>\n","protected":false},"featured_media":16721,"comment_status":"open","ping_status":"closed","template":"","meta":{"_acf_changed":false},"product_brand":[],"product_cat":[180],"product_tag":[206,255],"class_list":{"0":"post-3411","1":"product","2":"type-product","3":"status-publish","4":"has-post-thumbnail","6":"product_cat-mavic-air-accessory","7":"product_tag-phu-kien-dji-en","8":"product_tag-phu-kien-dji-mavic-air-en","10":"first","11":"instock","12":"shipping-taxable","13":"purchasable","14":"product-type-simple"},"acf":[],"yoast_head":"<!-- This site is optimized with the Yoast SEO plugin v25.7 - https:\/\/yoast.com\/wordpress\/plugins\/seo\/ -->\n<title>Replacement Joystick Mavic Air - Mavic air accessory - Available - Original<\/title>\n<meta name=\"description\" content=\"Replacement Joystick Mavic Air is one of the most important accessory. Contact us to buy Replacement Joystick Mavic Air for best price\" \/>\n<meta name=\"robots\" content=\"index, follow, max-snippet:-1, max-image-preview:large, max-video-preview:-1\" \/>\n<link rel=\"canonical\" href=\"https:\/\/phukienflytech.vn\/en\/san-pham\/replacement-joystick-mavic-air.html\" \/>\n<meta property=\"og:locale\" content=\"en_US\" \/>\n<meta property=\"og:type\" content=\"article\" \/>\n<meta property=\"og:title\" content=\"Replacement Joystick Mavic Air - Mavic air accessory - Available - Original\" \/>\n<meta property=\"og:description\" content=\"Replacement Joystick Mavic Air is one of the most important accessory. Contact us to buy Replacement Joystick Mavic Air for best price\" \/>\n<meta property=\"og:url\" content=\"https:\/\/phukienflytech.vn\/en\/san-pham\/replacement-joystick-mavic-air.html\" \/>\n<meta property=\"og:site_name\" content=\"Shop M\u00e1y \u1ea3nh - Action Camera - Gimbal - Flycam - Ph\u1ee5 ki\u1ec7n\" \/>\n<meta property=\"article:publisher\" content=\"https:\/\/facebook.com\/phukienflycam\" \/>\n<meta property=\"article:modified_time\" content=\"2020-10-14T11:21:04+00:00\" \/>\n<meta property=\"og:image\" content=\"https:\/\/phukienflytech.vn\/wp-content\/uploads\/2020\/05\/300x300_20180409155541_94479-1.jpg\" \/>\n\t<meta property=\"og:image:width\" content=\"300\" \/>\n\t<meta property=\"og:image:height\" content=\"300\" \/>\n\t<meta property=\"og:image:type\" content=\"image\/jpeg\" \/>\n<meta name=\"twitter:card\" content=\"summary_large_image\" \/>\n<meta name=\"twitter:label1\" content=\"Est. reading time\" \/>\n\t<meta name=\"twitter:data1\" content=\"2 minutes\" \/>\n<script type=\"application\/ld+json\" class=\"yoast-schema-graph\">{\"@context\":\"https:\/\/schema.org\",\"@graph\":[{\"@type\":\"WebPage\",\"@id\":\"https:\/\/phukienflytech.vn\/en\/san-pham\/replacement-joystick-mavic-air.html\",\"url\":\"https:\/\/phukienflytech.vn\/en\/san-pham\/replacement-joystick-mavic-air.html\",\"name\":\"Replacement Joystick Mavic Air - Mavic air accessory - Available - Original\",\"isPartOf\":{\"@id\":\"https:\/\/phukienflytech.vn\/#website\"},\"primaryImageOfPage\":{\"@id\":\"https:\/\/phukienflytech.vn\/en\/san-pham\/replacement-joystick-mavic-air.html#primaryimage\"},\"image\":{\"@id\":\"https:\/\/phukienflytech.vn\/en\/san-pham\/replacement-joystick-mavic-air.html#primaryimage\"},\"thumbnailUrl\":\"https:\/\/phukienflytech.vn\/wp-content\/uploads\/2020\/05\/300x300_20180409155541_94479-1.jpg\",\"datePublished\":\"2020-06-16T02:52:33+00:00\",\"dateModified\":\"2020-10-14T11:21:04+00:00\",\"description\":\"Replacement Joystick Mavic Air is one of the most important accessory. Contact us to buy Replacement Joystick Mavic Air for best price\",\"breadcrumb\":{\"@id\":\"https:\/\/phukienflytech.vn\/en\/san-pham\/replacement-joystick-mavic-air.html#breadcrumb\"},\"inLanguage\":\"en-US\",\"potentialAction\":[{\"@type\":\"ReadAction\",\"target\":[\"https:\/\/phukienflytech.vn\/en\/san-pham\/replacement-joystick-mavic-air.html\"]}]},{\"@type\":\"ImageObject\",\"inLanguage\":\"en-US\",\"@id\":\"https:\/\/phukienflytech.vn\/en\/san-pham\/replacement-joystick-mavic-air.html#primaryimage\",\"url\":\"https:\/\/phukienflytech.vn\/wp-content\/uploads\/2020\/05\/300x300_20180409155541_94479-1.jpg\",\"contentUrl\":\"https:\/\/phukienflytech.vn\/wp-content\/uploads\/2020\/05\/300x300_20180409155541_94479-1.jpg\",\"width\":300,\"height\":300},{\"@type\":\"BreadcrumbList\",\"@id\":\"https:\/\/phukienflytech.vn\/en\/san-pham\/replacement-joystick-mavic-air.html#breadcrumb\",\"itemListElement\":[{\"@type\":\"ListItem\",\"position\":1,\"name\":\"Home\",\"item\":\"https:\/\/phukienflytech.vn\/en\"},{\"@type\":\"ListItem\",\"position\":2,\"name\":\"Ph\u1ee5 ki\u1ec7n Mavic Pro\",\"item\":\"https:\/\/phukienflytech.vn\/en\/phu-kien-mavic-pro.html\"},{\"@type\":\"ListItem\",\"position\":3,\"name\":\"DJI Osmo &amp; Drone's accessories\",\"item\":\"https:\/\/phukienflytech.vn\/en\/danh-muc\/dji-osmo-drones-accessories.html\"},{\"@type\":\"ListItem\",\"position\":4,\"name\":\"Ph\u1ee5 ki\u1ec7n flycam Mavic Air\",\"item\":\"https:\/\/phukienflytech.vn\/en\/danh-muc\/mavic-air-accessory.html\"},{\"@type\":\"ListItem\",\"position\":5,\"name\":\"Replacement Joystick for Mavic Air\"}]},{\"@type\":\"WebSite\",\"@id\":\"https:\/\/phukienflytech.vn\/#website\",\"url\":\"https:\/\/phukienflytech.vn\/\",\"name\":\"Shop M\u00e1y \u1ea3nh - Action Camera - Gimbal - Flycam - Ph\u1ee5 ki\u1ec7n\",\"description\":\"Shop M\u00e1y \u1ea3nh - Action Camera - Gimbal - Flycam - Ph\u1ee5 ki\u1ec7n\",\"publisher\":{\"@id\":\"https:\/\/phukienflytech.vn\/#organization\"},\"potentialAction\":[{\"@type\":\"SearchAction\",\"target\":{\"@type\":\"EntryPoint\",\"urlTemplate\":\"https:\/\/phukienflytech.vn\/?s={search_term_string}\"},\"query-input\":{\"@type\":\"PropertyValueSpecification\",\"valueRequired\":true,\"valueName\":\"search_term_string\"}}],\"inLanguage\":\"en-US\"},{\"@type\":\"Organization\",\"@id\":\"https:\/\/phukienflytech.vn\/#organization\",\"name\":\"DJI Store - Shop Drone, Action camera, Gimbal DJI |Phukienflytech\",\"alternateName\":\"DJI Store - Shop Drone, Action camera, Gimbal DJI |Phukienflytech\",\"url\":\"https:\/\/phukienflytech.vn\/\",\"logo\":{\"@type\":\"ImageObject\",\"inLanguage\":\"en-US\",\"@id\":\"https:\/\/phukienflytech.vn\/#\/schema\/logo\/image\/\",\"url\":\"https:\/\/phukienflytech.vn\/wp-content\/uploads\/2020\/05\/hAnh_nan.jpg1_.jpg\",\"contentUrl\":\"https:\/\/phukienflytech.vn\/wp-content\/uploads\/2020\/05\/hAnh_nan.jpg1_.jpg\",\"width\":800,\"height\":450,\"caption\":\"DJI Store - Shop Drone, Action camera, Gimbal DJI |Phukienflytech\"},\"image\":{\"@id\":\"https:\/\/phukienflytech.vn\/#\/schema\/logo\/image\/\"},\"sameAs\":[\"https:\/\/facebook.com\/phukienflycam\",\"https:\/\/www.youtube.com\/@phukienflytech\",\"https:\/\/www.tiktok.com\/@flytech.channel?fbclid=IwY2xjawGjg7BleHRuA2FlbQIxMAABHYVGmlXpuSMs0UB2zTpYvyT4GMVfN2qJa4urF4vkSQ6FAVBwXZtDP30qQA_aem_UwMiDcUvlEbd2tXAmsc8Og\"]}]}<\/script>\n<!-- \/ Yoast SEO plugin. -->","yoast_head_json":{"title":"Replacement Joystick Mavic Air - Mavic air accessory - Available - Original","description":"Replacement Joystick Mavic Air is one of the most important accessory. Contact us to buy Replacement Joystick Mavic Air for best price","robots":{"index":"index","follow":"follow","max-snippet":"max-snippet:-1","max-image-preview":"max-image-preview:large","max-video-preview":"max-video-preview:-1"},"canonical":"https:\/\/phukienflytech.vn\/en\/san-pham\/replacement-joystick-mavic-air.html","og_locale":"en_US","og_type":"article","og_title":"Replacement Joystick Mavic Air - Mavic air accessory - Available - Original","og_description":"Replacement Joystick Mavic Air is one of the most important accessory. Contact us to buy Replacement Joystick Mavic Air for best price","og_url":"https:\/\/phukienflytech.vn\/en\/san-pham\/replacement-joystick-mavic-air.html","og_site_name":"Shop M\u00e1y \u1ea3nh - Action Camera - Gimbal - Flycam - Ph\u1ee5 ki\u1ec7n","article_publisher":"https:\/\/facebook.com\/phukienflycam","article_modified_time":"2020-10-14T11:21:04+00:00","og_image":[{"width":300,"height":300,"url":"https:\/\/phukienflytech.vn\/wp-content\/uploads\/2020\/05\/300x300_20180409155541_94479-1.jpg","type":"image\/jpeg"}],"twitter_card":"summary_large_image","twitter_misc":{"Est. reading time":"2 minutes"},"schema":{"@context":"https:\/\/schema.org","@graph":[{"@type":"WebPage","@id":"https:\/\/phukienflytech.vn\/en\/san-pham\/replacement-joystick-mavic-air.html","url":"https:\/\/phukienflytech.vn\/en\/san-pham\/replacement-joystick-mavic-air.html","name":"Replacement Joystick Mavic Air - Mavic air accessory - Available - Original","isPartOf":{"@id":"https:\/\/phukienflytech.vn\/#website"},"primaryImageOfPage":{"@id":"https:\/\/phukienflytech.vn\/en\/san-pham\/replacement-joystick-mavic-air.html#primaryimage"},"image":{"@id":"https:\/\/phukienflytech.vn\/en\/san-pham\/replacement-joystick-mavic-air.html#primaryimage"},"thumbnailUrl":"https:\/\/phukienflytech.vn\/wp-content\/uploads\/2020\/05\/300x300_20180409155541_94479-1.jpg","datePublished":"2020-06-16T02:52:33+00:00","dateModified":"2020-10-14T11:21:04+00:00","description":"Replacement Joystick Mavic Air is one of the most important accessory. Contact us to buy Replacement Joystick Mavic Air for best price","breadcrumb":{"@id":"https:\/\/phukienflytech.vn\/en\/san-pham\/replacement-joystick-mavic-air.html#breadcrumb"},"inLanguage":"en-US","potentialAction":[{"@type":"ReadAction","target":["https:\/\/phukienflytech.vn\/en\/san-pham\/replacement-joystick-mavic-air.html"]}]},{"@type":"ImageObject","inLanguage":"en-US","@id":"https:\/\/phukienflytech.vn\/en\/san-pham\/replacement-joystick-mavic-air.html#primaryimage","url":"https:\/\/phukienflytech.vn\/wp-content\/uploads\/2020\/05\/300x300_20180409155541_94479-1.jpg","contentUrl":"https:\/\/phukienflytech.vn\/wp-content\/uploads\/2020\/05\/300x300_20180409155541_94479-1.jpg","width":300,"height":300},{"@type":"BreadcrumbList","@id":"https:\/\/phukienflytech.vn\/en\/san-pham\/replacement-joystick-mavic-air.html#breadcrumb","itemListElement":[{"@type":"ListItem","position":1,"name":"Home","item":"https:\/\/phukienflytech.vn\/en"},{"@type":"ListItem","position":2,"name":"Ph\u1ee5 ki\u1ec7n Mavic Pro","item":"https:\/\/phukienflytech.vn\/en\/phu-kien-mavic-pro.html"},{"@type":"ListItem","position":3,"name":"DJI Osmo &amp; Drone's accessories","item":"https:\/\/phukienflytech.vn\/en\/danh-muc\/dji-osmo-drones-accessories.html"},{"@type":"ListItem","position":4,"name":"Ph\u1ee5 ki\u1ec7n flycam Mavic Air","item":"https:\/\/phukienflytech.vn\/en\/danh-muc\/mavic-air-accessory.html"},{"@type":"ListItem","position":5,"name":"Replacement Joystick for Mavic Air"}]},{"@type":"WebSite","@id":"https:\/\/phukienflytech.vn\/#website","url":"https:\/\/phukienflytech.vn\/","name":"Shop M\u00e1y \u1ea3nh - Action Camera - Gimbal - Flycam - Ph\u1ee5 ki\u1ec7n","description":"Shop M\u00e1y \u1ea3nh - Action Camera - Gimbal - Flycam - Ph\u1ee5 ki\u1ec7n","publisher":{"@id":"https:\/\/phukienflytech.vn\/#organization"},"potentialAction":[{"@type":"SearchAction","target":{"@type":"EntryPoint","urlTemplate":"https:\/\/phukienflytech.vn\/?s={search_term_string}"},"query-input":{"@type":"PropertyValueSpecification","valueRequired":true,"valueName":"search_term_string"}}],"inLanguage":"en-US"},{"@type":"Organization","@id":"https:\/\/phukienflytech.vn\/#organization","name":"DJI Store - Shop Drone, Action camera, Gimbal DJI |Phukienflytech","alternateName":"DJI Store - Shop Drone, Action camera, Gimbal DJI |Phukienflytech","url":"https:\/\/phukienflytech.vn\/","logo":{"@type":"ImageObject","inLanguage":"en-US","@id":"https:\/\/phukienflytech.vn\/#\/schema\/logo\/image\/","url":"https:\/\/phukienflytech.vn\/wp-content\/uploads\/2020\/05\/hAnh_nan.jpg1_.jpg","contentUrl":"https:\/\/phukienflytech.vn\/wp-content\/uploads\/2020\/05\/hAnh_nan.jpg1_.jpg","width":800,"height":450,"caption":"DJI Store - Shop Drone, Action camera, Gimbal DJI |Phukienflytech"},"image":{"@id":"https:\/\/phukienflytech.vn\/#\/schema\/logo\/image\/"},"sameAs":["https:\/\/facebook.com\/phukienflycam","https:\/\/www.youtube.com\/@phukienflytech","https:\/\/www.tiktok.com\/@flytech.channel?fbclid=IwY2xjawGjg7BleHRuA2FlbQIxMAABHYVGmlXpuSMs0UB2zTpYvyT4GMVfN2qJa4urF4vkSQ6FAVBwXZtDP30qQA_aem_UwMiDcUvlEbd2tXAmsc8Og"]}]}},"_links":{"self":[{"href":"https:\/\/phukienflytech.vn\/en\/wp-json\/wp\/v2\/product\/3411","targetHints":{"allow":["GET"]}}],"collection":[{"href":"https:\/\/phukienflytech.vn\/en\/wp-json\/wp\/v2\/product"}],"about":[{"href":"https:\/\/phukienflytech.vn\/en\/wp-json\/wp\/v2\/types\/product"}],"replies":[{"embeddable":true,"href":"https:\/\/phukienflytech.vn\/en\/wp-json\/wp\/v2\/comments?post=3411"}],"wp:featuredmedia":[{"embeddable":true,"href":"https:\/\/phukienflytech.vn\/en\/wp-json\/wp\/v2\/media\/16721"}],"wp:attachment":[{"href":"https:\/\/phukienflytech.vn\/en\/wp-json\/wp\/v2\/media?parent=3411"}],"wp:term":[{"taxonomy":"product_brand","embeddable":true,"href":"https:\/\/phukienflytech.vn\/en\/wp-json\/wp\/v2\/product_brand?post=3411"},{"taxonomy":"product_cat","embeddable":true,"href":"https:\/\/phukienflytech.vn\/en\/wp-json\/wp\/v2\/product_cat?post=3411"},{"taxonomy":"product_tag","embeddable":true,"href":"https:\/\/phukienflytech.vn\/en\/wp-json\/wp\/v2\/product_tag?post=3411"}],"curies":[{"name":"wp","href":"https:\/\/api.w.org\/{rel}","templated":true}]}}