{"id":3427,"date":"2020-06-17T09:58:49","date_gmt":"2020-06-17T02:58:49","guid":{"rendered":"http:\/\/27430.lamdx.vinawebsite.vn\/san-pham\/vali-2-tang-sunny-cho-mavic-air-new-phu-kien.html"},"modified":"2020-10-14T18:15:48","modified_gmt":"2020-10-14T11:15:48","slug":"professional-case-for-mavic-air","status":"publish","type":"product","link":"https:\/\/phukienflytech.vn\/en\/san-pham\/professional-case-for-mavic-air.html","title":{"rendered":"Professional double floor case for Mavic Air"},"content":{"rendered":"<h2><span style=\"color: #0000ff;\"><em><strong>Professional Case for Mavic Air<\/strong><\/em><\/span><\/h2>\n<p>&nbsp;<\/p>\n<p><span style=\"font-size: 18px;\">Professional Case for Mavic Air<\/span><\/p>\n<p><span style=\"font-size: 18px;\">\u0110\u01b0\u1ee3c cho l\u00e0 d\u00f2ng flycam \u0111\u01b0\u1ee3c \u01b0u \u00e1i v\u1ec1 balo t\u00fai x\u00e1ch khi b\u1ea1n mua g\u00f3i combo v\u1edbi kh\u00e1 nhi\u1ec1u ph\u1ee5 ki\u1ec7n mavic pro, b\u1ea1n \u0111\u01b0\u1ee3c s\u1edf h\u1eefu ngay t\u00fai x\u00e1ch b\u1eb1ng da DJI. V\u1ec1 h\u00ecnh th\u1ee9c th\u00ec chi\u1ebfc t\u00fai da r\u1ea5t \u0111\u1eb9p v\u00e0 sang tr\u1ecdng b\u1edfi ch\u1ea5t li\u1ec7u da th\u1eadt, cao c\u1ea5p. Tuy nhi\u00ean, v\u1ec1 m\u1eb7t \u0111\u1ea3m b\u1ea3o cho kh\u00e2u b\u1ea3o qu\u1ea3n c\u0169ng nh\u01b0 b\u1ea3o v\u1ec7 cho flycam th\u00ec chi\u1ebfc t\u00fai da g\u1ed1c l\u1ea1i \u0111\u00e1p \u1ee9ng ch\u01b0a th\u1ef1c s\u1ef1 t\u1ed1t v\u00e0 \u0111\u1ea3m b\u1ea3o.<\/span><\/p>\n<p><span style=\"font-size: 18px;\"> <img loading=\"lazy\" decoding=\"async\" class=\"alignnone wp-image-13722 size-medium\" src=\"https:\/\/phukienflytech.vn\/wp-content\/uploads\/2020\/05\/vali-2-tang-sunny-cho-mavic-air-new-phu-kien-3412-7-400x400.jpg\" alt=\"Professional-Case-for-Mavic-Air-1\" width=\"400\" height=\"400\" srcset=\"https:\/\/phukienflytech.vn\/wp-content\/uploads\/2020\/05\/vali-2-tang-sunny-cho-mavic-air-new-phu-kien-3412-7.jpg 400w, https:\/\/phukienflytech.vn\/wp-content\/uploads\/2020\/05\/vali-2-tang-sunny-cho-mavic-air-new-phu-kien-3412-7-280x280.jpg 280w, https:\/\/phukienflytech.vn\/wp-content\/uploads\/2020\/05\/vali-2-tang-sunny-cho-mavic-air-new-phu-kien-3412-7-300x300.jpg 300w, https:\/\/phukienflytech.vn\/wp-content\/uploads\/2020\/05\/vali-2-tang-sunny-cho-mavic-air-new-phu-kien-3412-7-100x100.jpg 100w\" sizes=\"auto, (max-width: 400px) 100vw, 400px\" \/><\/span><\/p>\n<h2><span style=\"font-size: 21px; color: #0000ff;\"><strong><em>Vali ch\u1ed1ng s\u1ed1c 2 t\u1ea7ng Mavic air<\/em><\/strong><\/span><\/h2>\n<p>&nbsp;<\/p>\n<p><span style=\"font-size: 18px;\"><img loading=\"lazy\" decoding=\"async\" class=\"alignnone size-medium wp-image-13724\" src=\"https:\/\/phukienflytech.vn\/wp-content\/uploads\/2020\/05\/vali-2-tang-sunny-cho-mavic-air-new-phu-kien-3412-1-1-400x400.jpg\" alt=\"\" width=\"400\" height=\"400\" srcset=\"https:\/\/phukienflytech.vn\/wp-content\/uploads\/2020\/05\/vali-2-tang-sunny-cho-mavic-air-new-phu-kien-3412-1-1.jpg 400w, https:\/\/phukienflytech.vn\/wp-content\/uploads\/2020\/05\/vali-2-tang-sunny-cho-mavic-air-new-phu-kien-3412-1-1-280x280.jpg 280w, https:\/\/phukienflytech.vn\/wp-content\/uploads\/2020\/05\/vali-2-tang-sunny-cho-mavic-air-new-phu-kien-3412-1-1-300x300.jpg 300w, https:\/\/phukienflytech.vn\/wp-content\/uploads\/2020\/05\/vali-2-tang-sunny-cho-mavic-air-new-phu-kien-3412-1-1-100x100.jpg 100w\" sizes=\"auto, (max-width: 400px) 100vw, 400px\" \/><\/span><\/p>\n<p>&nbsp;<\/p>\n<p><span style=\"font-size: 18px;\">Nh\u1eefng chi\u1ebfc t\u00fai \u0111\u1ef1ng \u0111\u01b0\u1ee3c h\u00e3ng DJI cung c\u1ea5p s\u1eb5n li\u1ec7u c\u00f3 \u0111\u00e1p \u1ee9ng nhu c\u1ea7u \u0111\u1ef1ng c\u00e1c ph\u1ee5 ki\u1ec7n kh\u00e1c cho m\u00e1y Mavic air c\u1ee7a ch\u00fang ta?<\/span><\/p>\n<p>&nbsp;<\/p>\n<p><span style=\"font-size: 18px;\"><img loading=\"lazy\" decoding=\"async\" class=\"alignnone wp-image-13726 size-medium\" src=\"https:\/\/phukienflytech.vn\/wp-content\/uploads\/2020\/05\/vali-2-tang-sunny-cho-mavic-air-new-phu-kien-3412-2-1-400x400.jpg\" alt=\"Professional-Case-for-Mavic-Air-9\" width=\"400\" height=\"400\" srcset=\"https:\/\/phukienflytech.vn\/wp-content\/uploads\/2020\/05\/vali-2-tang-sunny-cho-mavic-air-new-phu-kien-3412-2-1.jpg 400w, https:\/\/phukienflytech.vn\/wp-content\/uploads\/2020\/05\/vali-2-tang-sunny-cho-mavic-air-new-phu-kien-3412-2-1-280x280.jpg 280w, https:\/\/phukienflytech.vn\/wp-content\/uploads\/2020\/05\/vali-2-tang-sunny-cho-mavic-air-new-phu-kien-3412-2-1-300x300.jpg 300w, https:\/\/phukienflytech.vn\/wp-content\/uploads\/2020\/05\/vali-2-tang-sunny-cho-mavic-air-new-phu-kien-3412-2-1-100x100.jpg 100w\" sizes=\"auto, (max-width: 400px) 100vw, 400px\" \/><\/span><\/p>\n<p>&nbsp;<\/p>\n<p><span style=\"font-size: 18px;\">B\u1ea1n l\u00e0 ng\u01b0\u1eddi c\u00f3 kh\u00e1 nhi\u1ec1u ph\u1ee5 ki\u1ec7n v\u00e0 linh ki\u1ec7n Mavic air trong m\u1ed7i l\u1ea7n di chuy\u1ec3n v\u00e0 chi\u1ebfc vali mavic air m\u1ed9t t\u1ea7ng \u0111\u00e3 kh\u00f4ng c\u00f2n \u0111\u1ee7 kh\u00f4ng gian \u0111\u00e1p \u1ee9ng<\/span><\/p>\n<p>&nbsp;<\/p>\n<p><span style=\"font-size: 18px;\"><img loading=\"lazy\" decoding=\"async\" class=\"alignnone wp-image-13728 size-medium\" src=\"https:\/\/phukienflytech.vn\/wp-content\/uploads\/2020\/05\/vali-2-tang-sunny-cho-mavic-air-new-phu-kien-3412-3-1-400x400.jpg\" alt=\"Professional-Case-for-Mavic-Air-3\" width=\"400\" height=\"400\" srcset=\"https:\/\/phukienflytech.vn\/wp-content\/uploads\/2020\/05\/vali-2-tang-sunny-cho-mavic-air-new-phu-kien-3412-3-1.jpg 400w, https:\/\/phukienflytech.vn\/wp-content\/uploads\/2020\/05\/vali-2-tang-sunny-cho-mavic-air-new-phu-kien-3412-3-1-280x280.jpg 280w, https:\/\/phukienflytech.vn\/wp-content\/uploads\/2020\/05\/vali-2-tang-sunny-cho-mavic-air-new-phu-kien-3412-3-1-300x300.jpg 300w, https:\/\/phukienflytech.vn\/wp-content\/uploads\/2020\/05\/vali-2-tang-sunny-cho-mavic-air-new-phu-kien-3412-3-1-100x100.jpg 100w\" sizes=\"auto, (max-width: 400px) 100vw, 400px\" \/><\/span><\/p>\n<p>&nbsp;<\/p>\n<p><span style=\"font-size: 18px;\">Tr\u01b0\u1edbc nhu c\u1ea7u ng\u00e0y c\u00e0ng l\u1edbn v\u1ec1 ph\u1ee5 ki\u1ec7n mavic air, h\u00e3ng Sunnylife \u0111\u00e3 thi\u1ebft k\u1ebf v\u00e0 cho ra \u0111\u1eddi s\u1ea3n ph\u1ea9m vali mavic air phi\u00ean b\u1ea3n 2 t\u1ea7ng<\/span><\/p>\n<p>&nbsp;<\/p>\n<p><span style=\"font-size: 18px;\"><img loading=\"lazy\" decoding=\"async\" class=\"alignnone size-medium wp-image-13730\" src=\"https:\/\/phukienflytech.vn\/wp-content\/uploads\/2020\/05\/vali-2-tang-sunny-cho-mavic-air-new-phu-kien-3412-4-1-400x400.jpg\" alt=\"\" width=\"400\" height=\"400\" srcset=\"https:\/\/phukienflytech.vn\/wp-content\/uploads\/2020\/05\/vali-2-tang-sunny-cho-mavic-air-new-phu-kien-3412-4-1.jpg 400w, https:\/\/phukienflytech.vn\/wp-content\/uploads\/2020\/05\/vali-2-tang-sunny-cho-mavic-air-new-phu-kien-3412-4-1-280x280.jpg 280w, https:\/\/phukienflytech.vn\/wp-content\/uploads\/2020\/05\/vali-2-tang-sunny-cho-mavic-air-new-phu-kien-3412-4-1-300x300.jpg 300w, https:\/\/phukienflytech.vn\/wp-content\/uploads\/2020\/05\/vali-2-tang-sunny-cho-mavic-air-new-phu-kien-3412-4-1-100x100.jpg 100w\" sizes=\"auto, (max-width: 400px) 100vw, 400px\" \/><\/span><\/p>\n<p>&nbsp;<\/p>\n<p><span style=\"font-size: 18px;\">K\u00edch th\u01b0\u1edbc : 31cm * 22cm * 13cm<\/span><\/p>\n<p><span style=\"font-size: 18px;\">Ch\u1ea5t li\u1ec7u v\u1ecf : Da \u0111en nh\u00e1m<\/span><\/p>\n<p><span style=\"font-size: 18px;\">Ch\u1ea5t li\u1ec7u b\u00ean trong : Khu\u00f4n x\u1ed1p \u0111\u00fac chi ti\u1ebft<\/span><\/p>\n<p><span style=\"font-size: 18px;\">Ph\u00f9 h\u1ee3p : Mavic air<\/span><\/p>\n<p>&nbsp;<\/p>\n<p><span style=\"font-size: 18px;\"><img loading=\"lazy\" decoding=\"async\" class=\"alignnone wp-image-13732 size-medium\" src=\"https:\/\/phukienflytech.vn\/wp-content\/uploads\/2020\/05\/vali-2-tang-sunny-cho-mavic-air-new-phu-kien-3412-5-1-400x400.jpg\" alt=\"Professional-Case-for-Mavic-Air\" width=\"400\" height=\"400\" srcset=\"https:\/\/phukienflytech.vn\/wp-content\/uploads\/2020\/05\/vali-2-tang-sunny-cho-mavic-air-new-phu-kien-3412-5-1.jpg 400w, https:\/\/phukienflytech.vn\/wp-content\/uploads\/2020\/05\/vali-2-tang-sunny-cho-mavic-air-new-phu-kien-3412-5-1-280x280.jpg 280w, https:\/\/phukienflytech.vn\/wp-content\/uploads\/2020\/05\/vali-2-tang-sunny-cho-mavic-air-new-phu-kien-3412-5-1-300x300.jpg 300w, https:\/\/phukienflytech.vn\/wp-content\/uploads\/2020\/05\/vali-2-tang-sunny-cho-mavic-air-new-phu-kien-3412-5-1-100x100.jpg 100w\" sizes=\"auto, (max-width: 400px) 100vw, 400px\" \/><\/span><\/p>\n<p>&nbsp;<\/p>\n<h2><span style=\"color: #0000ff; font-size: 21px;\"><em><strong>Mua ph\u1ee5 ki\u1ec7n flycam DJI phantom,Mavic,Spark \u1edf \u0111\u00e2u?<\/strong><\/em><\/span><\/h2>\n<p><span style=\"font-size: 18px;\"><em><strong><a href=\"https:\/\/facebook.com\/phukienflycam\" target=\"_blank\" rel=\"noopener noreferrer\">Ph\u1ee5 Ki\u1ec7n Flytech Gi\u00e1 T\u1ed1t<\/a><\/strong><\/em>\u00a0h\u00e2n h\u1ea1nh \u0111em l\u1ea1i c\u00e1c m\u1eabu s\u1ea3n ph\u1ea9m Balo phatom ch\u00ednh h\u00e3ng t\u1ed1t nh\u1ea5t ph\u1ee5c v\u1ee5 \u0111am m\u00ea, v\u00e0 c\u00f4ng vi\u1ec7c c\u1ee7a c\u00e1c b\u1ea1n, h\u00e3y \u0111\u1ec3 ch\u00fang t\u00f4i ti\u1ebfp s\u1ee9c \u0111am m\u00ea, c\u00f4ng vi\u1ec7c c\u1ee7a b\u1ea1n, gi\u00fap b\u1ea1n th\u00eam ni\u1ec1m h\u1ee9ng kh\u1edfi trong \u0111am m\u00ea c\u0169ng nh\u01b0 c\u00f4ng vi\u1ec7c c\u1ee7a m\u00ecnh th\u00eam su\u00f4n s\u1ebb<\/span><\/p>\n<p>&nbsp;<\/p>\n<p><span style=\"font-size: 18px;\"> <img loading=\"lazy\" decoding=\"async\" class=\"alignnone wp-image-13734\" src=\"https:\/\/phukienflytech.vn\/wp-content\/uploads\/2020\/05\/vali-2-tang-sunny-cho-mavic-air-new-phu-kien-3412-6-800x251.png\" alt=\"\" width=\"640\" height=\"201\" srcset=\"https:\/\/phukienflytech.vn\/wp-content\/uploads\/2020\/05\/vali-2-tang-sunny-cho-mavic-air-new-phu-kien-3412-6-800x251.png 800w, https:\/\/phukienflytech.vn\/wp-content\/uploads\/2020\/05\/vali-2-tang-sunny-cho-mavic-air-new-phu-kien-3412-6-768x241.png 768w, https:\/\/phukienflytech.vn\/wp-content\/uploads\/2020\/05\/vali-2-tang-sunny-cho-mavic-air-new-phu-kien-3412-6-600x188.png 600w, https:\/\/phukienflytech.vn\/wp-content\/uploads\/2020\/05\/vali-2-tang-sunny-cho-mavic-air-new-phu-kien-3412-6.png 1013w\" sizes=\"auto, (max-width: 640px) 100vw, 640px\" \/><\/span><\/p>\n<p>&nbsp;<\/p>\n<p><span style=\"font-size: 18px;\">Ch\u00fang t\u00f4i chuy\u00ean cung c\u1ea5p h\u1ea7u h\u1ebft t\u1ea5t c\u00e1c c\u00e1c ph\u1ee5 ki\u1ec7n flycam DJI\u00a0<\/span><\/p>\n<p><span style=\"font-size: 18px;\">H\u00e3y xem th\u00eam c\u00e1c\u00a0<em>ph\u1ee5 ki\u1ec7n flycam dji Phantom 3 4<\/em>\u00a0b\u1eb1ng c\u00e1ch\u00a0<strong><a href=\"https:\/\/phukienflytech.vn\/en\/danh-muc\/phantom-4-accessory.html\" target=\"_blank\" rel=\"noopener noreferrer\">click t\u1ea1i \u0111\u00e2y<\/a><\/strong>\u00a0!<\/span><\/p>\n<p><span style=\"font-size: 18px;\">Nh\u00e0 s\u1ea3n xu\u1ea5t : Sunnylife . L\u00e0 m\u1ed9t trong nh\u1eefng Vendor cung c\u1ea5p c\u00e1c ph\u1ee5 ki\u1ec7n, linh ki\u1ec7n thay th\u1ebf cho DJI Flycam.<\/span><\/p>\n<p>&nbsp;<\/p>\n","protected":false},"excerpt":{"rendered":"<p>Professional Case for Mavic Air &nbsp; Professional Case for Mavic Air \u0110\u01b0\u1ee3c cho l\u00e0 d\u00f2ng flycam \u0111\u01b0\u1ee3c \u01b0u \u00e1i v\u1ec1 balo t\u00fai x\u00e1ch khi b\u1ea1n mua g\u00f3i combo v\u1edbi kh\u00e1 nhi\u1ec1u ph\u1ee5 ki\u1ec7n mavic pro, b\u1ea1n \u0111\u01b0\u1ee3c s\u1edf h\u1eefu ngay t\u00fai x\u00e1ch b\u1eb1ng da DJI. V\u1ec1 h\u00ecnh th\u1ee9c th\u00ec chi\u1ebfc t\u00fai da r\u1ea5t \u0111\u1eb9p v\u00e0 &#8230;<\/p>\n","protected":false},"featured_media":16719,"comment_status":"open","ping_status":"closed","template":"","meta":{"_acf_changed":false},"product_brand":[],"product_cat":[180],"product_tag":[206,255],"class_list":{"0":"post-3427","1":"product","2":"type-product","3":"status-publish","4":"has-post-thumbnail","6":"product_cat-mavic-air-accessory","7":"product_tag-phu-kien-dji-en","8":"product_tag-phu-kien-dji-mavic-air-en","10":"first","11":"instock","12":"shipping-taxable","13":"purchasable","14":"product-type-simple"},"acf":[],"yoast_head":"<!-- This site is optimized with the Yoast SEO plugin v25.7 - https:\/\/yoast.com\/wordpress\/plugins\/seo\/ -->\n<title>Professional Case for Mavic Air - Mavic air accessory - Available - Original<\/title>\n<meta name=\"description\" content=\"Professional Case for Mavic Air is one of the most important accessory. Contact us to buy Professional Case for Mavic Air for best price\" \/>\n<meta name=\"robots\" content=\"index, follow, max-snippet:-1, max-image-preview:large, max-video-preview:-1\" \/>\n<link rel=\"canonical\" href=\"https:\/\/phukienflytech.vn\/en\/san-pham\/professional-case-for-mavic-air.html\" \/>\n<meta property=\"og:locale\" content=\"en_US\" \/>\n<meta property=\"og:type\" content=\"article\" \/>\n<meta property=\"og:title\" content=\"Professional Case for Mavic Air - Mavic air accessory - Available - Original\" \/>\n<meta property=\"og:description\" content=\"Professional Case for Mavic Air is one of the most important accessory. Contact us to buy Professional Case for Mavic Air for best price\" \/>\n<meta property=\"og:url\" content=\"https:\/\/phukienflytech.vn\/en\/san-pham\/professional-case-for-mavic-air.html\" \/>\n<meta property=\"og:site_name\" content=\"Shop M\u00e1y \u1ea3nh - Action Camera - Gimbal - Flycam - Ph\u1ee5 ki\u1ec7n\" \/>\n<meta property=\"article:publisher\" content=\"https:\/\/facebook.com\/phukienflycam\" \/>\n<meta property=\"article:modified_time\" content=\"2020-10-14T11:15:48+00:00\" \/>\n<meta property=\"og:image\" content=\"https:\/\/phukienflytech.vn\/wp-content\/uploads\/2020\/05\/300x300_vali-mavic-air2_-_Copy-2.jpg\" \/>\n\t<meta property=\"og:image:width\" content=\"300\" \/>\n\t<meta property=\"og:image:height\" content=\"300\" \/>\n\t<meta property=\"og:image:type\" content=\"image\/jpeg\" \/>\n<meta name=\"twitter:card\" content=\"summary_large_image\" \/>\n<meta name=\"twitter:label1\" content=\"Est. reading time\" \/>\n\t<meta name=\"twitter:data1\" content=\"3 minutes\" \/>\n<script type=\"application\/ld+json\" class=\"yoast-schema-graph\">{\"@context\":\"https:\/\/schema.org\",\"@graph\":[{\"@type\":\"WebPage\",\"@id\":\"https:\/\/phukienflytech.vn\/en\/san-pham\/professional-case-for-mavic-air.html\",\"url\":\"https:\/\/phukienflytech.vn\/en\/san-pham\/professional-case-for-mavic-air.html\",\"name\":\"Professional Case for Mavic Air - Mavic air accessory - Available - Original\",\"isPartOf\":{\"@id\":\"https:\/\/phukienflytech.vn\/#website\"},\"primaryImageOfPage\":{\"@id\":\"https:\/\/phukienflytech.vn\/en\/san-pham\/professional-case-for-mavic-air.html#primaryimage\"},\"image\":{\"@id\":\"https:\/\/phukienflytech.vn\/en\/san-pham\/professional-case-for-mavic-air.html#primaryimage\"},\"thumbnailUrl\":\"https:\/\/phukienflytech.vn\/wp-content\/uploads\/2020\/05\/300x300_vali-mavic-air2_-_Copy-2.jpg\",\"datePublished\":\"2020-06-17T02:58:49+00:00\",\"dateModified\":\"2020-10-14T11:15:48+00:00\",\"description\":\"Professional Case for Mavic Air is one of the most important accessory. Contact us to buy Professional Case for Mavic Air for best price\",\"breadcrumb\":{\"@id\":\"https:\/\/phukienflytech.vn\/en\/san-pham\/professional-case-for-mavic-air.html#breadcrumb\"},\"inLanguage\":\"en-US\",\"potentialAction\":[{\"@type\":\"ReadAction\",\"target\":[\"https:\/\/phukienflytech.vn\/en\/san-pham\/professional-case-for-mavic-air.html\"]}]},{\"@type\":\"ImageObject\",\"inLanguage\":\"en-US\",\"@id\":\"https:\/\/phukienflytech.vn\/en\/san-pham\/professional-case-for-mavic-air.html#primaryimage\",\"url\":\"https:\/\/phukienflytech.vn\/wp-content\/uploads\/2020\/05\/300x300_vali-mavic-air2_-_Copy-2.jpg\",\"contentUrl\":\"https:\/\/phukienflytech.vn\/wp-content\/uploads\/2020\/05\/300x300_vali-mavic-air2_-_Copy-2.jpg\",\"width\":300,\"height\":300},{\"@type\":\"BreadcrumbList\",\"@id\":\"https:\/\/phukienflytech.vn\/en\/san-pham\/professional-case-for-mavic-air.html#breadcrumb\",\"itemListElement\":[{\"@type\":\"ListItem\",\"position\":1,\"name\":\"Home\",\"item\":\"https:\/\/phukienflytech.vn\/en\"},{\"@type\":\"ListItem\",\"position\":2,\"name\":\"Ph\u1ee5 ki\u1ec7n Mavic Pro\",\"item\":\"https:\/\/phukienflytech.vn\/en\/phu-kien-mavic-pro.html\"},{\"@type\":\"ListItem\",\"position\":3,\"name\":\"DJI Osmo &amp; Drone's accessories\",\"item\":\"https:\/\/phukienflytech.vn\/en\/danh-muc\/dji-osmo-drones-accessories.html\"},{\"@type\":\"ListItem\",\"position\":4,\"name\":\"Ph\u1ee5 ki\u1ec7n flycam Mavic Air\",\"item\":\"https:\/\/phukienflytech.vn\/en\/danh-muc\/mavic-air-accessory.html\"},{\"@type\":\"ListItem\",\"position\":5,\"name\":\"Professional double floor case for Mavic Air\"}]},{\"@type\":\"WebSite\",\"@id\":\"https:\/\/phukienflytech.vn\/#website\",\"url\":\"https:\/\/phukienflytech.vn\/\",\"name\":\"Shop M\u00e1y \u1ea3nh - Action Camera - Gimbal - Flycam - Ph\u1ee5 ki\u1ec7n\",\"description\":\"Shop M\u00e1y \u1ea3nh - Action Camera - Gimbal - Flycam - Ph\u1ee5 ki\u1ec7n\",\"publisher\":{\"@id\":\"https:\/\/phukienflytech.vn\/#organization\"},\"potentialAction\":[{\"@type\":\"SearchAction\",\"target\":{\"@type\":\"EntryPoint\",\"urlTemplate\":\"https:\/\/phukienflytech.vn\/?s={search_term_string}\"},\"query-input\":{\"@type\":\"PropertyValueSpecification\",\"valueRequired\":true,\"valueName\":\"search_term_string\"}}],\"inLanguage\":\"en-US\"},{\"@type\":\"Organization\",\"@id\":\"https:\/\/phukienflytech.vn\/#organization\",\"name\":\"DJI Store - Shop Drone, Action camera, Gimbal DJI |Phukienflytech\",\"alternateName\":\"DJI Store - Shop Drone, Action camera, Gimbal DJI |Phukienflytech\",\"url\":\"https:\/\/phukienflytech.vn\/\",\"logo\":{\"@type\":\"ImageObject\",\"inLanguage\":\"en-US\",\"@id\":\"https:\/\/phukienflytech.vn\/#\/schema\/logo\/image\/\",\"url\":\"https:\/\/phukienflytech.vn\/wp-content\/uploads\/2020\/05\/hAnh_nan.jpg1_.jpg\",\"contentUrl\":\"https:\/\/phukienflytech.vn\/wp-content\/uploads\/2020\/05\/hAnh_nan.jpg1_.jpg\",\"width\":800,\"height\":450,\"caption\":\"DJI Store - Shop Drone, Action camera, Gimbal DJI |Phukienflytech\"},\"image\":{\"@id\":\"https:\/\/phukienflytech.vn\/#\/schema\/logo\/image\/\"},\"sameAs\":[\"https:\/\/facebook.com\/phukienflycam\",\"https:\/\/www.youtube.com\/@phukienflytech\",\"https:\/\/www.tiktok.com\/@flytech.channel?fbclid=IwY2xjawGjg7BleHRuA2FlbQIxMAABHYVGmlXpuSMs0UB2zTpYvyT4GMVfN2qJa4urF4vkSQ6FAVBwXZtDP30qQA_aem_UwMiDcUvlEbd2tXAmsc8Og\"]}]}<\/script>\n<!-- \/ Yoast SEO plugin. -->","yoast_head_json":{"title":"Professional Case for Mavic Air - Mavic air accessory - Available - Original","description":"Professional Case for Mavic Air is one of the most important accessory. Contact us to buy Professional Case for Mavic Air for best price","robots":{"index":"index","follow":"follow","max-snippet":"max-snippet:-1","max-image-preview":"max-image-preview:large","max-video-preview":"max-video-preview:-1"},"canonical":"https:\/\/phukienflytech.vn\/en\/san-pham\/professional-case-for-mavic-air.html","og_locale":"en_US","og_type":"article","og_title":"Professional Case for Mavic Air - Mavic air accessory - Available - Original","og_description":"Professional Case for Mavic Air is one of the most important accessory. Contact us to buy Professional Case for Mavic Air for best price","og_url":"https:\/\/phukienflytech.vn\/en\/san-pham\/professional-case-for-mavic-air.html","og_site_name":"Shop M\u00e1y \u1ea3nh - Action Camera - Gimbal - Flycam - Ph\u1ee5 ki\u1ec7n","article_publisher":"https:\/\/facebook.com\/phukienflycam","article_modified_time":"2020-10-14T11:15:48+00:00","og_image":[{"width":300,"height":300,"url":"https:\/\/phukienflytech.vn\/wp-content\/uploads\/2020\/05\/300x300_vali-mavic-air2_-_Copy-2.jpg","type":"image\/jpeg"}],"twitter_card":"summary_large_image","twitter_misc":{"Est. reading time":"3 minutes"},"schema":{"@context":"https:\/\/schema.org","@graph":[{"@type":"WebPage","@id":"https:\/\/phukienflytech.vn\/en\/san-pham\/professional-case-for-mavic-air.html","url":"https:\/\/phukienflytech.vn\/en\/san-pham\/professional-case-for-mavic-air.html","name":"Professional Case for Mavic Air - Mavic air accessory - Available - Original","isPartOf":{"@id":"https:\/\/phukienflytech.vn\/#website"},"primaryImageOfPage":{"@id":"https:\/\/phukienflytech.vn\/en\/san-pham\/professional-case-for-mavic-air.html#primaryimage"},"image":{"@id":"https:\/\/phukienflytech.vn\/en\/san-pham\/professional-case-for-mavic-air.html#primaryimage"},"thumbnailUrl":"https:\/\/phukienflytech.vn\/wp-content\/uploads\/2020\/05\/300x300_vali-mavic-air2_-_Copy-2.jpg","datePublished":"2020-06-17T02:58:49+00:00","dateModified":"2020-10-14T11:15:48+00:00","description":"Professional Case for Mavic Air is one of the most important accessory. Contact us to buy Professional Case for Mavic Air for best price","breadcrumb":{"@id":"https:\/\/phukienflytech.vn\/en\/san-pham\/professional-case-for-mavic-air.html#breadcrumb"},"inLanguage":"en-US","potentialAction":[{"@type":"ReadAction","target":["https:\/\/phukienflytech.vn\/en\/san-pham\/professional-case-for-mavic-air.html"]}]},{"@type":"ImageObject","inLanguage":"en-US","@id":"https:\/\/phukienflytech.vn\/en\/san-pham\/professional-case-for-mavic-air.html#primaryimage","url":"https:\/\/phukienflytech.vn\/wp-content\/uploads\/2020\/05\/300x300_vali-mavic-air2_-_Copy-2.jpg","contentUrl":"https:\/\/phukienflytech.vn\/wp-content\/uploads\/2020\/05\/300x300_vali-mavic-air2_-_Copy-2.jpg","width":300,"height":300},{"@type":"BreadcrumbList","@id":"https:\/\/phukienflytech.vn\/en\/san-pham\/professional-case-for-mavic-air.html#breadcrumb","itemListElement":[{"@type":"ListItem","position":1,"name":"Home","item":"https:\/\/phukienflytech.vn\/en"},{"@type":"ListItem","position":2,"name":"Ph\u1ee5 ki\u1ec7n Mavic Pro","item":"https:\/\/phukienflytech.vn\/en\/phu-kien-mavic-pro.html"},{"@type":"ListItem","position":3,"name":"DJI Osmo &amp; Drone's accessories","item":"https:\/\/phukienflytech.vn\/en\/danh-muc\/dji-osmo-drones-accessories.html"},{"@type":"ListItem","position":4,"name":"Ph\u1ee5 ki\u1ec7n flycam Mavic Air","item":"https:\/\/phukienflytech.vn\/en\/danh-muc\/mavic-air-accessory.html"},{"@type":"ListItem","position":5,"name":"Professional double floor case for Mavic Air"}]},{"@type":"WebSite","@id":"https:\/\/phukienflytech.vn\/#website","url":"https:\/\/phukienflytech.vn\/","name":"Shop M\u00e1y \u1ea3nh - Action Camera - Gimbal - Flycam - Ph\u1ee5 ki\u1ec7n","description":"Shop M\u00e1y \u1ea3nh - Action Camera - Gimbal - Flycam - Ph\u1ee5 ki\u1ec7n","publisher":{"@id":"https:\/\/phukienflytech.vn\/#organization"},"potentialAction":[{"@type":"SearchAction","target":{"@type":"EntryPoint","urlTemplate":"https:\/\/phukienflytech.vn\/?s={search_term_string}"},"query-input":{"@type":"PropertyValueSpecification","valueRequired":true,"valueName":"search_term_string"}}],"inLanguage":"en-US"},{"@type":"Organization","@id":"https:\/\/phukienflytech.vn\/#organization","name":"DJI Store - Shop Drone, Action camera, Gimbal DJI |Phukienflytech","alternateName":"DJI Store - Shop Drone, Action camera, Gimbal DJI |Phukienflytech","url":"https:\/\/phukienflytech.vn\/","logo":{"@type":"ImageObject","inLanguage":"en-US","@id":"https:\/\/phukienflytech.vn\/#\/schema\/logo\/image\/","url":"https:\/\/phukienflytech.vn\/wp-content\/uploads\/2020\/05\/hAnh_nan.jpg1_.jpg","contentUrl":"https:\/\/phukienflytech.vn\/wp-content\/uploads\/2020\/05\/hAnh_nan.jpg1_.jpg","width":800,"height":450,"caption":"DJI Store - Shop Drone, Action camera, Gimbal DJI |Phukienflytech"},"image":{"@id":"https:\/\/phukienflytech.vn\/#\/schema\/logo\/image\/"},"sameAs":["https:\/\/facebook.com\/phukienflycam","https:\/\/www.youtube.com\/@phukienflytech","https:\/\/www.tiktok.com\/@flytech.channel?fbclid=IwY2xjawGjg7BleHRuA2FlbQIxMAABHYVGmlXpuSMs0UB2zTpYvyT4GMVfN2qJa4urF4vkSQ6FAVBwXZtDP30qQA_aem_UwMiDcUvlEbd2tXAmsc8Og"]}]}},"_links":{"self":[{"href":"https:\/\/phukienflytech.vn\/en\/wp-json\/wp\/v2\/product\/3427","targetHints":{"allow":["GET"]}}],"collection":[{"href":"https:\/\/phukienflytech.vn\/en\/wp-json\/wp\/v2\/product"}],"about":[{"href":"https:\/\/phukienflytech.vn\/en\/wp-json\/wp\/v2\/types\/product"}],"replies":[{"embeddable":true,"href":"https:\/\/phukienflytech.vn\/en\/wp-json\/wp\/v2\/comments?post=3427"}],"wp:featuredmedia":[{"embeddable":true,"href":"https:\/\/phukienflytech.vn\/en\/wp-json\/wp\/v2\/media\/16719"}],"wp:attachment":[{"href":"https:\/\/phukienflytech.vn\/en\/wp-json\/wp\/v2\/media?parent=3427"}],"wp:term":[{"taxonomy":"product_brand","embeddable":true,"href":"https:\/\/phukienflytech.vn\/en\/wp-json\/wp\/v2\/product_brand?post=3427"},{"taxonomy":"product_cat","embeddable":true,"href":"https:\/\/phukienflytech.vn\/en\/wp-json\/wp\/v2\/product_cat?post=3427"},{"taxonomy":"product_tag","embeddable":true,"href":"https:\/\/phukienflytech.vn\/en\/wp-json\/wp\/v2\/product_tag?post=3427"}],"curies":[{"name":"wp","href":"https:\/\/api.w.org\/{rel}","templated":true}]}}