{"id":3439,"date":"2020-06-19T10:06:43","date_gmt":"2020-06-19T03:06:43","guid":{"rendered":"http:\/\/27430.lamdx.vinawebsite.vn\/san-pham\/filter-cpl-mavic-air-phu-kien.html"},"modified":"2022-08-21T15:26:18","modified_gmt":"2022-08-21T08:26:18","slug":"cpl-filter-mavic-air","status":"publish","type":"product","link":"https:\/\/phukienflytech.vn\/en\/san-pham\/cpl-filter-mavic-air.html","title":{"rendered":"CPL Filter Mavic Air"},"content":{"rendered":"<h2><span style=\"font-size: 21px; color: #0000ff;\"><em><strong>Filter ph\u1ee5 ki\u1ec7n d\u00e0nh cho Mavic air<\/strong><\/em><\/span><\/h2>\n<p>&nbsp;<\/p>\n<p><span style=\"font-size: 18px;\">CPL Filter Mavic Air<\/span><\/p>\n<p><span style=\"font-size: 18px;\">Hi\u1ec7n nay, c\u00f3 r\u1ea5t nhi\u1ec1u s\u1ef1 l\u1ef1a ch\u1ecdn kh\u00e1c nhau v\u1ec1 filter cho chi\u1ebfc Mavicair c\u1ee7a ch\u00fang ta, nh\u01b0 l\u00e0 B\u1ed9 filter combo Mavic air v\u1edbi \u0111\u1ea7y \u0111\u1ee7 c\u00e1c filter trong c\u00f9ng m\u1ed9t option, hay l\u00e0 c\u00e1c Filter CPL Mavic air , filter MCUV ho\u1eb7c filter ND. T\u1ea5t c\u1ea3 \u0111\u1ec1u ph\u1ee5 thu\u1ed9c v\u00e0o s\u1ef1 l\u1ef1a ch\u1ecdn c\u1ee7a ng\u01b0\u1eddi d\u00f9ng v\u00e0 s\u1ef1 hi\u1ec3u bi\u1ebft c\u1ee7a h\u1ecd v\u1ec1 lens cho m\u00e1y \u1ea3nh. Filter l\u00e0 m\u1ed9t trong nh\u1eefng ph\u1ee5 ki\u1ec7n mavic air m\u00e0 ch\u00fang ta n\u00ean trang b\u1ecb H\u00e3y c\u00f9ng tham kh\u1ea3o v\u1ec1 k\u00ednh l\u1ecdc ph\u00e2n c\u1ef1c CPL d\u01b0\u1edbi \u0111\u00e2y \u0111\u1ec3 hi\u1ec3u r\u00f5 h\u01a1n v\u1ec1 m\u1ed9t trong s\u1ed1 c\u00e1c l\u1ef1a ch\u1ecdn<\/span><\/p>\n<p>&nbsp;<\/p>\n<p><span style=\"font-size: 18px;\"><img loading=\"lazy\" decoding=\"async\" class=\"alignnone size-medium wp-image-13712\" src=\"https:\/\/phukienflytech.vn\/wp-content\/uploads\/2020\/05\/filter-cpl-mavic-air-phu-kien-3428-5-400x400.jpg\" alt=\"\" width=\"400\" height=\"400\" srcset=\"https:\/\/phukienflytech.vn\/wp-content\/uploads\/2020\/05\/filter-cpl-mavic-air-phu-kien-3428-5.jpg 400w, https:\/\/phukienflytech.vn\/wp-content\/uploads\/2020\/05\/filter-cpl-mavic-air-phu-kien-3428-5-280x280.jpg 280w, https:\/\/phukienflytech.vn\/wp-content\/uploads\/2020\/05\/filter-cpl-mavic-air-phu-kien-3428-5-300x300.jpg 300w, https:\/\/phukienflytech.vn\/wp-content\/uploads\/2020\/05\/filter-cpl-mavic-air-phu-kien-3428-5-100x100.jpg 100w\" sizes=\"auto, (max-width: 400px) 100vw, 400px\" \/><\/span><\/p>\n<p>&nbsp;<\/p>\n<h2><span style=\"font-size: 21px; color: #0000ff;\"><strong><em>Lens Mavic air CPL<\/em><\/strong><\/span><\/h2>\n<p><span style=\"font-size: 18px;\">Filter mavic pro l\u00e0 m\u1ed9t trong nh\u1eefng ph\u1ee5 ki\u1ec7n mavic \u0111\u01b0\u1ee3c c\u00e1c pilot v\u00f4 c\u00f9ng quan t\u00e2m.\u00a0 Hi\u1ec7n nay c\u00f3 r\u1ea5t nhi\u1ec1u c\u00e1c filter mavic \u0111\u1ec3 ng\u01b0\u1eddi d\u00f9ng c\u00f3 th\u1ec3 d\u1ec5 d\u00e0ng ch\u1ecdn l\u1ef1a nh\u01b0 filter CPL MAVIC Air,\u00a0 filter MCUV,..t\u1ea5t c\u1ea3 \u0111\u1ec1u ph\u1ee5 thu\u1ed9c v\u00e0o s\u1ef1 l\u1ef1a ch\u1ecdn c\u1ee7a ng\u01b0\u1eddi d\u00f9ng v\u00e0 s\u1ef1 hi\u1ec3u bi\u1ebft c\u1ee7a h\u1ecd v\u1ec1 lens camera mavic air,\u00a0\u00a0 kinh l\u1ecdc mavic.<\/span><\/p>\n<p>&nbsp;<\/p>\n<p><span style=\"font-size: 18px;\"><img loading=\"lazy\" decoding=\"async\" class=\"alignnone wp-image-13714 size-medium\" src=\"https:\/\/phukienflytech.vn\/wp-content\/uploads\/2020\/05\/filter-cpl-mavic-air-phu-kien-3428-1-1-400x400.jpg\" alt=\"CPL-Filter-Mavic-Air-5\" width=\"400\" height=\"400\" srcset=\"https:\/\/phukienflytech.vn\/wp-content\/uploads\/2020\/05\/filter-cpl-mavic-air-phu-kien-3428-1-1.jpg 400w, https:\/\/phukienflytech.vn\/wp-content\/uploads\/2020\/05\/filter-cpl-mavic-air-phu-kien-3428-1-1-280x280.jpg 280w, https:\/\/phukienflytech.vn\/wp-content\/uploads\/2020\/05\/filter-cpl-mavic-air-phu-kien-3428-1-1-300x300.jpg 300w, https:\/\/phukienflytech.vn\/wp-content\/uploads\/2020\/05\/filter-cpl-mavic-air-phu-kien-3428-1-1-100x100.jpg 100w\" sizes=\"auto, (max-width: 400px) 100vw, 400px\" \/><\/span><\/p>\n<p>&nbsp;<\/p>\n<p><span style=\"font-size: 18px;\">Filter CPL mavic l\u00e0 thi\u1ebft b\u1ecb l\u1ecdc ph\u00f9 h\u1ee3p v\u1edbi nh\u1eefng b\u1ee9c \u1ea3nh ngo\u1ea1i c\u1ea3nh nh\u1ea5t l\u00e0 v\u00e0o trong nh\u1eefng ng\u00e0y n\u1eafng. N\u00f3 gi\u00fap b\u1ea7u tr\u1eddi tr\u1edf n\u00ean s\u00e2u h\u01a1n v\u00e0 \u0111\u1eb9p h\u01a1n.<\/span><\/p>\n<p>&nbsp;<\/p>\n<p><span style=\"font-size: 18px;\"><img loading=\"lazy\" decoding=\"async\" class=\"alignnone size-medium wp-image-13716\" src=\"https:\/\/phukienflytech.vn\/wp-content\/uploads\/2020\/05\/filter-cpl-mavic-air-phu-kien-3428-2-1.jpg\" alt=\"\" width=\"470\" height=\"356\" \/><\/span><\/p>\n<p>&nbsp;<\/p>\n<p><span style=\"font-size: 18px;\">C\u00f3 th\u1ec3 tr\u00e1nh c\u00e1c tia s\u00e1ng \u1edf h\u01b0\u1edbng kh\u00e1c \u0111i v\u00e0o trong t\u1ea5m \u1ea3nh. \u0110\u1eb7c bi\u1ebft n\u1ebfu b\u1ea1n mu\u1ed1n ch\u1ee5p \u0111\u1ed1i t\u01b0\u1ee3ng c\u00f3 \u0111\u1ed9 trong th\u00ec lens mavic Air CPL l\u00e0m r\u1ea5t t\u1ed1t \u0111i\u1ec1u \u0111\u00f3.<\/span><\/p>\n<p>&nbsp;<\/p>\n<p><span style=\"font-size: 18px;\"><img loading=\"lazy\" decoding=\"async\" class=\"alignnone wp-image-13718 size-medium\" src=\"https:\/\/phukienflytech.vn\/wp-content\/uploads\/2020\/05\/filter-cpl-mavic-air-phu-kien-3428-3-1-394x400.jpg\" alt=\"CPL-Filter-Mavic-Air\" width=\"394\" height=\"400\" srcset=\"https:\/\/phukienflytech.vn\/wp-content\/uploads\/2020\/05\/filter-cpl-mavic-air-phu-kien-3428-3-1-394x400.jpg 394w, https:\/\/phukienflytech.vn\/wp-content\/uploads\/2020\/05\/filter-cpl-mavic-air-phu-kien-3428-3-1.jpg 400w\" sizes=\"auto, (max-width: 394px) 100vw, 394px\" \/><\/span><\/p>\n<p>&nbsp;<\/p>\n<p><span style=\"font-size: 18px;\">Hay b\u1ea1n mu\u1ed1n ch\u1ee5p \u0111\u01b0\u1ee3c \u0111\u1ed1i t\u01b0\u1ee3ng khi \u1edf trong m\u1eb7t h\u1ed3 v\u00e0 b\u1ec3 c\u00e1. Nh\u01b0ng ch\u1ec9 c\u00f3 th\u1ec3 ch\u1ee5p \u0111\u01b0\u1ee3c nh\u1eefng v\u1ea7ng s\u00e1ng m\u1eaft k\u00ednh mavic pro c\u0169ng c\u00f3 th\u1ec3 gi\u00fap b\u1ea1n l\u00e0m \u0111\u01b0\u1ee3c \u0111i\u1ec1u n\u00e0y. Ngo\u00e0i ra b\u1ed9 l\u1ecdc m\u00e0u c\u1ee7a filter mavic pro c\u0169ng mang l\u1ea1i cho ng\u01b0\u1eddi d\u00f9ng.Nh\u1eefng b\u1ee9c \u1ea3nh v\u00f4 c\u00f9ng \u0111\u1eb9p m\u1eaft m\u00e0 kh\u00f3 c\u00f3 ph\u1ea7n m\u1ec1m x\u1eed l\u00fd \u1ea3nh n\u00e0o l\u00e0m \u0111\u01b0\u1ee3c.<\/span><\/p>\n<h2><span style=\"font-size: 21px; color: #0000ff;\"><em><strong>Mua ph\u1ee5 ki\u1ec7n flycam DJI phantom,Mavic,Spark \u1edf \u0111\u00e2u?<\/strong><\/em><\/span><\/h2>\n<p><span style=\"font-size: 18px;\"><em><strong><a href=\"https:\/\/facebook.com\/phukienflycam\" target=\"_blank\" rel=\"noopener noreferrer\">Ph\u1ee5 Ki\u1ec7n Flytech Gi\u00e1 T\u1ed1t<\/a><\/strong><\/em> h\u00e2n h\u1ea1nh \u0111em l\u1ea1i c\u00e1c m\u1eabu s\u1ea3n ph\u1ea9m Balo phatom ch\u00ednh h\u00e3ng t\u1ed1t nh\u1ea5t ph\u1ee5c v\u1ee5 \u0111am m\u00ea. V\u00e0 c\u00f4ng vi\u1ec7c c\u1ee7a c\u00e1c b\u1ea1n, h\u00e3y \u0111\u1ec3 ch\u00fang t\u00f4i ti\u1ebfp s\u1ee9c \u0111am m\u00ea, c\u00f4ng vi\u1ec7c c\u1ee7a b\u1ea1n. Gi\u00fap b\u1ea1n th\u00eam ni\u1ec1m h\u1ee9ng kh\u1edfi trong \u0111am m\u00ea c\u0169ng nh\u01b0 c\u00f4ng vi\u1ec7c c\u1ee7a m\u00ecnh th\u00eam su\u00f4n s\u1ebb<\/span><\/p>\n<p>&nbsp;<\/p>\n<p><span style=\"font-size: 18px;\"> <img loading=\"lazy\" decoding=\"async\" class=\"alignnone wp-image-13720\" src=\"https:\/\/phukienflytech.vn\/wp-content\/uploads\/2020\/05\/filter-cpl-mavic-air-phu-kien-3428-4-800x251.png\" alt=\"\" width=\"650\" height=\"204\" srcset=\"https:\/\/phukienflytech.vn\/wp-content\/uploads\/2020\/05\/filter-cpl-mavic-air-phu-kien-3428-4-800x251.png 800w, https:\/\/phukienflytech.vn\/wp-content\/uploads\/2020\/05\/filter-cpl-mavic-air-phu-kien-3428-4-768x241.png 768w, https:\/\/phukienflytech.vn\/wp-content\/uploads\/2020\/05\/filter-cpl-mavic-air-phu-kien-3428-4-600x188.png 600w, https:\/\/phukienflytech.vn\/wp-content\/uploads\/2020\/05\/filter-cpl-mavic-air-phu-kien-3428-4.png 1013w\" sizes=\"auto, (max-width: 650px) 100vw, 650px\" \/><\/span><\/p>\n<p>&nbsp;<\/p>\n<p><span style=\"font-size: 18px;\">Ch\u00fang t\u00f4i chuy\u00ean cung c\u1ea5p h\u1ea7u h\u1ebft t\u1ea5t c\u00e1c c\u00e1c ph\u1ee5 ki\u1ec7n flycam DJI\u00a0<\/span><\/p>\n<p><span style=\"font-size: 18px;\">H\u00e3y xem th\u00eam c\u00e1c\u00a0<em>ph\u1ee5 ki\u1ec7n flycam dji Phantom 3 4<\/em>\u00a0b\u1eb1ng c\u00e1ch\u00a0<strong><a href=\"https:\/\/phukienflytech.vn\/en\/danh-muc\/phantom-4-accessory.html\" target=\"_blank\" rel=\"noopener noreferrer\">click t\u1ea1i \u0111\u00e2y<\/a><\/strong>\u00a0!<\/span><\/p>\n<p><span style=\"font-size: 18px;\">Nh\u00e0 s\u1ea3n xu\u1ea5t : Sunnylife. L\u00e0 m\u1ed9t trong nh\u1eefng Vendor cung c\u1ea5p c\u00e1c ph\u1ee5 ki\u1ec7n, linh ki\u1ec7n thay th\u1ebf cho DJI Flycam.<\/span><\/p>\n<p>&nbsp;<\/p>\n<p>&nbsp;<\/p>\n","protected":false},"excerpt":{"rendered":"<p>Filter ph\u1ee5 ki\u1ec7n d\u00e0nh cho Mavic air &nbsp; CPL Filter Mavic Air Hi\u1ec7n nay, c\u00f3 r\u1ea5t nhi\u1ec1u s\u1ef1 l\u1ef1a ch\u1ecdn kh\u00e1c nhau v\u1ec1 filter cho chi\u1ebfc Mavicair c\u1ee7a ch\u00fang ta, nh\u01b0 l\u00e0 B\u1ed9 filter combo Mavic air v\u1edbi \u0111\u1ea7y \u0111\u1ee7 c\u00e1c filter trong c\u00f9ng m\u1ed9t option, hay l\u00e0 c\u00e1c Filter CPL Mavic air , filter &#8230;<\/p>\n","protected":false},"featured_media":7287,"comment_status":"open","ping_status":"closed","template":"","meta":{"_acf_changed":false},"product_brand":[],"product_cat":[180],"product_tag":[206,255],"class_list":{"0":"post-3439","1":"product","2":"type-product","3":"status-publish","4":"has-post-thumbnail","6":"product_cat-mavic-air-accessory","7":"product_tag-phu-kien-dji-en","8":"product_tag-phu-kien-dji-mavic-air-en","10":"first","11":"instock","12":"shipping-taxable","13":"purchasable","14":"product-type-simple"},"acf":[],"yoast_head":"<!-- This site is optimized with the Yoast SEO plugin v25.7 - https:\/\/yoast.com\/wordpress\/plugins\/seo\/ -->\n<title>CPL Filter Mavic Air - Mavic air accessory - Available - Original<\/title>\n<meta name=\"description\" content=\"CPL Filter Mavic Air is one of the most important accessory. Contact us to buy CPL Filter Mavic Air for best price, fast shipping.\" \/>\n<meta name=\"robots\" content=\"index, follow, max-snippet:-1, max-image-preview:large, max-video-preview:-1\" \/>\n<link rel=\"canonical\" href=\"https:\/\/phukienflytech.vn\/en\/san-pham\/cpl-filter-mavic-air.html\" \/>\n<meta property=\"og:locale\" content=\"en_US\" \/>\n<meta property=\"og:type\" content=\"article\" \/>\n<meta property=\"og:title\" content=\"CPL Filter Mavic Air - Mavic air accessory - Available - Original\" \/>\n<meta property=\"og:description\" content=\"CPL Filter Mavic Air is one of the most important accessory. Contact us to buy CPL Filter Mavic Air for best price, fast shipping.\" \/>\n<meta property=\"og:url\" content=\"https:\/\/phukienflytech.vn\/en\/san-pham\/cpl-filter-mavic-air.html\" \/>\n<meta property=\"og:site_name\" content=\"Shop M\u00e1y \u1ea3nh - Action Camera - Gimbal - Flycam - Ph\u1ee5 ki\u1ec7n\" \/>\n<meta property=\"article:publisher\" content=\"https:\/\/facebook.com\/phukienflycam\" \/>\n<meta property=\"article:modified_time\" content=\"2022-08-21T08:26:18+00:00\" \/>\n<meta property=\"og:image\" content=\"https:\/\/phukienflytech.vn\/wp-content\/uploads\/2020\/05\/300x300_filter-cplmavic-air-phu-kien-flycam-dji-mavic-air-chinh-hang_-_Copy.png\" \/>\n\t<meta property=\"og:image:width\" content=\"300\" \/>\n\t<meta property=\"og:image:height\" content=\"300\" \/>\n\t<meta property=\"og:image:type\" content=\"image\/png\" \/>\n<meta name=\"twitter:card\" content=\"summary_large_image\" \/>\n<meta name=\"twitter:label1\" content=\"Est. reading time\" \/>\n\t<meta name=\"twitter:data1\" content=\"3 minutes\" \/>\n<script type=\"application\/ld+json\" class=\"yoast-schema-graph\">{\"@context\":\"https:\/\/schema.org\",\"@graph\":[{\"@type\":\"WebPage\",\"@id\":\"https:\/\/phukienflytech.vn\/en\/san-pham\/cpl-filter-mavic-air.html\",\"url\":\"https:\/\/phukienflytech.vn\/en\/san-pham\/cpl-filter-mavic-air.html\",\"name\":\"CPL Filter Mavic Air - Mavic air accessory - Available - Original\",\"isPartOf\":{\"@id\":\"https:\/\/phukienflytech.vn\/#website\"},\"primaryImageOfPage\":{\"@id\":\"https:\/\/phukienflytech.vn\/en\/san-pham\/cpl-filter-mavic-air.html#primaryimage\"},\"image\":{\"@id\":\"https:\/\/phukienflytech.vn\/en\/san-pham\/cpl-filter-mavic-air.html#primaryimage\"},\"thumbnailUrl\":\"https:\/\/phukienflytech.vn\/wp-content\/uploads\/2020\/05\/300x300_filter-cplmavic-air-phu-kien-flycam-dji-mavic-air-chinh-hang_-_Copy.png\",\"datePublished\":\"2020-06-19T03:06:43+00:00\",\"dateModified\":\"2022-08-21T08:26:18+00:00\",\"description\":\"CPL Filter Mavic Air is one of the most important accessory. Contact us to buy CPL Filter Mavic Air for best price, fast shipping.\",\"breadcrumb\":{\"@id\":\"https:\/\/phukienflytech.vn\/en\/san-pham\/cpl-filter-mavic-air.html#breadcrumb\"},\"inLanguage\":\"en-US\",\"potentialAction\":[{\"@type\":\"ReadAction\",\"target\":[\"https:\/\/phukienflytech.vn\/en\/san-pham\/cpl-filter-mavic-air.html\"]}]},{\"@type\":\"ImageObject\",\"inLanguage\":\"en-US\",\"@id\":\"https:\/\/phukienflytech.vn\/en\/san-pham\/cpl-filter-mavic-air.html#primaryimage\",\"url\":\"https:\/\/phukienflytech.vn\/wp-content\/uploads\/2020\/05\/300x300_filter-cplmavic-air-phu-kien-flycam-dji-mavic-air-chinh-hang_-_Copy.png\",\"contentUrl\":\"https:\/\/phukienflytech.vn\/wp-content\/uploads\/2020\/05\/300x300_filter-cplmavic-air-phu-kien-flycam-dji-mavic-air-chinh-hang_-_Copy.png\",\"width\":300,\"height\":300},{\"@type\":\"BreadcrumbList\",\"@id\":\"https:\/\/phukienflytech.vn\/en\/san-pham\/cpl-filter-mavic-air.html#breadcrumb\",\"itemListElement\":[{\"@type\":\"ListItem\",\"position\":1,\"name\":\"Home\",\"item\":\"https:\/\/phukienflytech.vn\/en\"},{\"@type\":\"ListItem\",\"position\":2,\"name\":\"Ph\u1ee5 ki\u1ec7n Mavic Pro\",\"item\":\"https:\/\/phukienflytech.vn\/en\/phu-kien-mavic-pro.html\"},{\"@type\":\"ListItem\",\"position\":3,\"name\":\"DJI Osmo &amp; Drone's accessories\",\"item\":\"https:\/\/phukienflytech.vn\/en\/danh-muc\/dji-osmo-drones-accessories.html\"},{\"@type\":\"ListItem\",\"position\":4,\"name\":\"Ph\u1ee5 ki\u1ec7n flycam Mavic Air\",\"item\":\"https:\/\/phukienflytech.vn\/en\/danh-muc\/mavic-air-accessory.html\"},{\"@type\":\"ListItem\",\"position\":5,\"name\":\"CPL Filter Mavic Air\"}]},{\"@type\":\"WebSite\",\"@id\":\"https:\/\/phukienflytech.vn\/#website\",\"url\":\"https:\/\/phukienflytech.vn\/\",\"name\":\"Shop M\u00e1y \u1ea3nh - Action Camera - Gimbal - Flycam - Ph\u1ee5 ki\u1ec7n\",\"description\":\"Shop M\u00e1y \u1ea3nh - Action Camera - Gimbal - Flycam - Ph\u1ee5 ki\u1ec7n\",\"publisher\":{\"@id\":\"https:\/\/phukienflytech.vn\/#organization\"},\"potentialAction\":[{\"@type\":\"SearchAction\",\"target\":{\"@type\":\"EntryPoint\",\"urlTemplate\":\"https:\/\/phukienflytech.vn\/?s={search_term_string}\"},\"query-input\":{\"@type\":\"PropertyValueSpecification\",\"valueRequired\":true,\"valueName\":\"search_term_string\"}}],\"inLanguage\":\"en-US\"},{\"@type\":\"Organization\",\"@id\":\"https:\/\/phukienflytech.vn\/#organization\",\"name\":\"DJI Store - Shop Drone, Action camera, Gimbal DJI |Phukienflytech\",\"alternateName\":\"DJI Store - Shop Drone, Action camera, Gimbal DJI |Phukienflytech\",\"url\":\"https:\/\/phukienflytech.vn\/\",\"logo\":{\"@type\":\"ImageObject\",\"inLanguage\":\"en-US\",\"@id\":\"https:\/\/phukienflytech.vn\/#\/schema\/logo\/image\/\",\"url\":\"https:\/\/phukienflytech.vn\/wp-content\/uploads\/2020\/05\/hAnh_nan.jpg1_.jpg\",\"contentUrl\":\"https:\/\/phukienflytech.vn\/wp-content\/uploads\/2020\/05\/hAnh_nan.jpg1_.jpg\",\"width\":800,\"height\":450,\"caption\":\"DJI Store - Shop Drone, Action camera, Gimbal DJI |Phukienflytech\"},\"image\":{\"@id\":\"https:\/\/phukienflytech.vn\/#\/schema\/logo\/image\/\"},\"sameAs\":[\"https:\/\/facebook.com\/phukienflycam\",\"https:\/\/www.youtube.com\/@phukienflytech\",\"https:\/\/www.tiktok.com\/@flytech.channel?fbclid=IwY2xjawGjg7BleHRuA2FlbQIxMAABHYVGmlXpuSMs0UB2zTpYvyT4GMVfN2qJa4urF4vkSQ6FAVBwXZtDP30qQA_aem_UwMiDcUvlEbd2tXAmsc8Og\"]}]}<\/script>\n<!-- \/ Yoast SEO plugin. -->","yoast_head_json":{"title":"CPL Filter Mavic Air - Mavic air accessory - Available - Original","description":"CPL Filter Mavic Air is one of the most important accessory. Contact us to buy CPL Filter Mavic Air for best price, fast shipping.","robots":{"index":"index","follow":"follow","max-snippet":"max-snippet:-1","max-image-preview":"max-image-preview:large","max-video-preview":"max-video-preview:-1"},"canonical":"https:\/\/phukienflytech.vn\/en\/san-pham\/cpl-filter-mavic-air.html","og_locale":"en_US","og_type":"article","og_title":"CPL Filter Mavic Air - Mavic air accessory - Available - Original","og_description":"CPL Filter Mavic Air is one of the most important accessory. Contact us to buy CPL Filter Mavic Air for best price, fast shipping.","og_url":"https:\/\/phukienflytech.vn\/en\/san-pham\/cpl-filter-mavic-air.html","og_site_name":"Shop M\u00e1y \u1ea3nh - Action Camera - Gimbal - Flycam - Ph\u1ee5 ki\u1ec7n","article_publisher":"https:\/\/facebook.com\/phukienflycam","article_modified_time":"2022-08-21T08:26:18+00:00","og_image":[{"width":300,"height":300,"url":"https:\/\/phukienflytech.vn\/wp-content\/uploads\/2020\/05\/300x300_filter-cplmavic-air-phu-kien-flycam-dji-mavic-air-chinh-hang_-_Copy.png","type":"image\/png"}],"twitter_card":"summary_large_image","twitter_misc":{"Est. reading time":"3 minutes"},"schema":{"@context":"https:\/\/schema.org","@graph":[{"@type":"WebPage","@id":"https:\/\/phukienflytech.vn\/en\/san-pham\/cpl-filter-mavic-air.html","url":"https:\/\/phukienflytech.vn\/en\/san-pham\/cpl-filter-mavic-air.html","name":"CPL Filter Mavic Air - Mavic air accessory - Available - Original","isPartOf":{"@id":"https:\/\/phukienflytech.vn\/#website"},"primaryImageOfPage":{"@id":"https:\/\/phukienflytech.vn\/en\/san-pham\/cpl-filter-mavic-air.html#primaryimage"},"image":{"@id":"https:\/\/phukienflytech.vn\/en\/san-pham\/cpl-filter-mavic-air.html#primaryimage"},"thumbnailUrl":"https:\/\/phukienflytech.vn\/wp-content\/uploads\/2020\/05\/300x300_filter-cplmavic-air-phu-kien-flycam-dji-mavic-air-chinh-hang_-_Copy.png","datePublished":"2020-06-19T03:06:43+00:00","dateModified":"2022-08-21T08:26:18+00:00","description":"CPL Filter Mavic Air is one of the most important accessory. Contact us to buy CPL Filter Mavic Air for best price, fast shipping.","breadcrumb":{"@id":"https:\/\/phukienflytech.vn\/en\/san-pham\/cpl-filter-mavic-air.html#breadcrumb"},"inLanguage":"en-US","potentialAction":[{"@type":"ReadAction","target":["https:\/\/phukienflytech.vn\/en\/san-pham\/cpl-filter-mavic-air.html"]}]},{"@type":"ImageObject","inLanguage":"en-US","@id":"https:\/\/phukienflytech.vn\/en\/san-pham\/cpl-filter-mavic-air.html#primaryimage","url":"https:\/\/phukienflytech.vn\/wp-content\/uploads\/2020\/05\/300x300_filter-cplmavic-air-phu-kien-flycam-dji-mavic-air-chinh-hang_-_Copy.png","contentUrl":"https:\/\/phukienflytech.vn\/wp-content\/uploads\/2020\/05\/300x300_filter-cplmavic-air-phu-kien-flycam-dji-mavic-air-chinh-hang_-_Copy.png","width":300,"height":300},{"@type":"BreadcrumbList","@id":"https:\/\/phukienflytech.vn\/en\/san-pham\/cpl-filter-mavic-air.html#breadcrumb","itemListElement":[{"@type":"ListItem","position":1,"name":"Home","item":"https:\/\/phukienflytech.vn\/en"},{"@type":"ListItem","position":2,"name":"Ph\u1ee5 ki\u1ec7n Mavic Pro","item":"https:\/\/phukienflytech.vn\/en\/phu-kien-mavic-pro.html"},{"@type":"ListItem","position":3,"name":"DJI Osmo &amp; Drone's accessories","item":"https:\/\/phukienflytech.vn\/en\/danh-muc\/dji-osmo-drones-accessories.html"},{"@type":"ListItem","position":4,"name":"Ph\u1ee5 ki\u1ec7n flycam Mavic Air","item":"https:\/\/phukienflytech.vn\/en\/danh-muc\/mavic-air-accessory.html"},{"@type":"ListItem","position":5,"name":"CPL Filter Mavic Air"}]},{"@type":"WebSite","@id":"https:\/\/phukienflytech.vn\/#website","url":"https:\/\/phukienflytech.vn\/","name":"Shop M\u00e1y \u1ea3nh - Action Camera - Gimbal - Flycam - Ph\u1ee5 ki\u1ec7n","description":"Shop M\u00e1y \u1ea3nh - Action Camera - Gimbal - Flycam - Ph\u1ee5 ki\u1ec7n","publisher":{"@id":"https:\/\/phukienflytech.vn\/#organization"},"potentialAction":[{"@type":"SearchAction","target":{"@type":"EntryPoint","urlTemplate":"https:\/\/phukienflytech.vn\/?s={search_term_string}"},"query-input":{"@type":"PropertyValueSpecification","valueRequired":true,"valueName":"search_term_string"}}],"inLanguage":"en-US"},{"@type":"Organization","@id":"https:\/\/phukienflytech.vn\/#organization","name":"DJI Store - Shop Drone, Action camera, Gimbal DJI |Phukienflytech","alternateName":"DJI Store - Shop Drone, Action camera, Gimbal DJI |Phukienflytech","url":"https:\/\/phukienflytech.vn\/","logo":{"@type":"ImageObject","inLanguage":"en-US","@id":"https:\/\/phukienflytech.vn\/#\/schema\/logo\/image\/","url":"https:\/\/phukienflytech.vn\/wp-content\/uploads\/2020\/05\/hAnh_nan.jpg1_.jpg","contentUrl":"https:\/\/phukienflytech.vn\/wp-content\/uploads\/2020\/05\/hAnh_nan.jpg1_.jpg","width":800,"height":450,"caption":"DJI Store - Shop Drone, Action camera, Gimbal DJI |Phukienflytech"},"image":{"@id":"https:\/\/phukienflytech.vn\/#\/schema\/logo\/image\/"},"sameAs":["https:\/\/facebook.com\/phukienflycam","https:\/\/www.youtube.com\/@phukienflytech","https:\/\/www.tiktok.com\/@flytech.channel?fbclid=IwY2xjawGjg7BleHRuA2FlbQIxMAABHYVGmlXpuSMs0UB2zTpYvyT4GMVfN2qJa4urF4vkSQ6FAVBwXZtDP30qQA_aem_UwMiDcUvlEbd2tXAmsc8Og"]}]}},"_links":{"self":[{"href":"https:\/\/phukienflytech.vn\/en\/wp-json\/wp\/v2\/product\/3439","targetHints":{"allow":["GET"]}}],"collection":[{"href":"https:\/\/phukienflytech.vn\/en\/wp-json\/wp\/v2\/product"}],"about":[{"href":"https:\/\/phukienflytech.vn\/en\/wp-json\/wp\/v2\/types\/product"}],"replies":[{"embeddable":true,"href":"https:\/\/phukienflytech.vn\/en\/wp-json\/wp\/v2\/comments?post=3439"}],"wp:featuredmedia":[{"embeddable":true,"href":"https:\/\/phukienflytech.vn\/en\/wp-json\/wp\/v2\/media\/7287"}],"wp:attachment":[{"href":"https:\/\/phukienflytech.vn\/en\/wp-json\/wp\/v2\/media?parent=3439"}],"wp:term":[{"taxonomy":"product_brand","embeddable":true,"href":"https:\/\/phukienflytech.vn\/en\/wp-json\/wp\/v2\/product_brand?post=3439"},{"taxonomy":"product_cat","embeddable":true,"href":"https:\/\/phukienflytech.vn\/en\/wp-json\/wp\/v2\/product_cat?post=3439"},{"taxonomy":"product_tag","embeddable":true,"href":"https:\/\/phukienflytech.vn\/en\/wp-json\/wp\/v2\/product_tag?post=3439"}],"curies":[{"name":"wp","href":"https:\/\/api.w.org\/{rel}","templated":true}]}}