{"id":3493,"date":"2020-06-24T11:01:28","date_gmt":"2020-06-24T04:01:28","guid":{"rendered":"http:\/\/27430.lamdx.vinawebsite.vn\/san-pham\/sac-pin-oto-mavic-air-phu-kien-mavic-air.html"},"modified":"2022-08-21T14:19:42","modified_gmt":"2022-08-21T07:19:42","slug":"mavic-air-car-charger-2-in-1","status":"publish","type":"product","link":"https:\/\/phukienflytech.vn\/en\/san-pham\/mavic-air-car-charger-2-in-1.html","title":{"rendered":"Mavic Air car charger 2in1 &#8211; Yxtech"},"content":{"rendered":"<h2><span style=\"color: #0000ff;\"><em><strong>Mavic Air car charger 2in1<\/strong><\/em><\/span><\/h2>\n<p>&nbsp;<\/p>\n<p><span style=\"font-size: 19px;\">Mavic Air car charger 2in1<\/span><\/p>\n<p><span style=\"font-size: 18px;\">S\u1ea1c tr\u00ean oto \u0111\u01b0\u1ee3c d\u00f9ng \u0111\u1ec3 s\u1ea1c pin th\u00f4ng qua c\u1ed5ng b\u1eadt l\u1eeda thu\u1ed1c l\u00e1 tr\u00ean oto.\u00a0 Gi\u00fap cho ng\u01b0\u1eddi d\u00f9ng c\u00f3 th\u1ec3 v\u1eeba di chuy\u1ec3n v\u1eeba s\u1ea1c ngay tr\u00ean oto gi\u00fap ti\u1ebft ki\u1ec7m th\u1eddi gian cho ng\u01b0\u1eddi d\u00f9ng. N\u00f3 ch\u00ednh l\u00e0 ph\u1ee5 ki\u1ec7n mavic Air v\u00f4 c\u00f9ng c\u00e2n thi\u1ebft \u0111\u1ed1i v\u1edbi nh\u1eefng ng\u01b0\u1eddi d\u00f9ng hay di chuy\u1ec3n<\/span><\/p>\n<p>&nbsp;<\/p>\n<p><span style=\"font-size: 18px;\"><img loading=\"lazy\" decoding=\"async\" class=\"alignnone wp-image-13777 size-full\" src=\"https:\/\/phukienflytech.vn\/wp-content\/uploads\/2020\/05\/sac-pin-oto-mavic-air-phu-kien-mavic-air-3486-3.jpg\" alt=\"mavic-air-charger-on-car\" width=\"361\" height=\"361\" srcset=\"https:\/\/phukienflytech.vn\/wp-content\/uploads\/2020\/05\/sac-pin-oto-mavic-air-phu-kien-mavic-air-3486-3.jpg 361w, https:\/\/phukienflytech.vn\/wp-content\/uploads\/2020\/05\/sac-pin-oto-mavic-air-phu-kien-mavic-air-3486-3-280x280.jpg 280w, https:\/\/phukienflytech.vn\/wp-content\/uploads\/2020\/05\/sac-pin-oto-mavic-air-phu-kien-mavic-air-3486-3-300x300.jpg 300w, https:\/\/phukienflytech.vn\/wp-content\/uploads\/2020\/05\/sac-pin-oto-mavic-air-phu-kien-mavic-air-3486-3-100x100.jpg 100w\" sizes=\"auto, (max-width: 361px) 100vw, 361px\" \/><\/span><\/p>\n<p>&nbsp;<\/p>\n<h2><span style=\"font-size: 21px; color: #0000ff;\"><em><strong>Th\u00f4ng s\u1ed1, \u0111\u1eb7c \u0111i\u1ec3m S\u1ea1c pin tr\u00ean oto Mavic air<\/strong><\/em><\/span><\/h2>\n<p>&nbsp;<\/p>\n<p><span style=\"font-size: 18px;\"><img loading=\"lazy\" decoding=\"async\" class=\"alignnone wp-image-13786 size-medium\" src=\"https:\/\/phukienflytech.vn\/wp-content\/uploads\/2020\/05\/sac-pin-oto-mavic-air-phu-kien-mavic-air-3486-1-1-400x400.jpg\" alt=\"Mavic-Air-car-charger-2-in-1-sunny\" width=\"400\" height=\"400\" srcset=\"https:\/\/phukienflytech.vn\/wp-content\/uploads\/2020\/05\/sac-pin-oto-mavic-air-phu-kien-mavic-air-3486-1-1-400x400.jpg 400w, https:\/\/phukienflytech.vn\/wp-content\/uploads\/2020\/05\/sac-pin-oto-mavic-air-phu-kien-mavic-air-3486-1-1-280x280.jpg 280w, https:\/\/phukienflytech.vn\/wp-content\/uploads\/2020\/05\/sac-pin-oto-mavic-air-phu-kien-mavic-air-3486-1-1-300x300.jpg 300w, https:\/\/phukienflytech.vn\/wp-content\/uploads\/2020\/05\/sac-pin-oto-mavic-air-phu-kien-mavic-air-3486-1-1-600x600.jpg 600w, https:\/\/phukienflytech.vn\/wp-content\/uploads\/2020\/05\/sac-pin-oto-mavic-air-phu-kien-mavic-air-3486-1-1-100x100.jpg 100w, https:\/\/phukienflytech.vn\/wp-content\/uploads\/2020\/05\/sac-pin-oto-mavic-air-phu-kien-mavic-air-3486-1-1.jpg 640w\" sizes=\"auto, (max-width: 400px) 100vw, 400px\" \/><\/span><\/p>\n<p>&nbsp;<\/p>\n<ul>\n<li><span style=\"font-size: 18px;\">Ch\u1ea1y d\u00f2ng \u00a0\u0111i\u1ec7n: 12.3-16 V\u00a0<\/span><\/li>\n<li><span style=\"font-size: 18px;\">nput Voltage : 12 &#8211; 16V<\/span><\/li>\n<li><span style=\"font-size: 18px;\">D\u00f2ng DC out 13.02 V; 4.5 A\/ USB 5V 2A<\/span><\/li>\n<li><span style=\"font-size: 18px;\">Th\u1eddi gian s\u1ea1c: 60 mins<\/span><\/li>\n<li><span style=\"font-size: 18px;\">S\u1eed d\u1ee5ng cho : Mavic air<\/span><\/li>\n<li><span style=\"font-size: 18px;\">S\u1ed1 c\u1ed5ng s\u1ea1c : 1 c\u1ed5ng USB , 1 c\u1ed5ng pin Mavic air<\/span><\/li>\n<\/ul>\n<p>&nbsp;<\/p>\n<p><span style=\"font-size: 18px;\"><img loading=\"lazy\" decoding=\"async\" class=\"alignnone wp-image-13792 size-medium\" src=\"https:\/\/phukienflytech.vn\/wp-content\/uploads\/2020\/05\/sac-pin-oto-mavic-air-phu-kien-mavic-air-3486-2-1-400x400.jpg\" alt=\"Mavic-Air-car-charger-2-in-1\" width=\"400\" height=\"400\" srcset=\"https:\/\/phukienflytech.vn\/wp-content\/uploads\/2020\/05\/sac-pin-oto-mavic-air-phu-kien-mavic-air-3486-2-1-400x400.jpg 400w, https:\/\/phukienflytech.vn\/wp-content\/uploads\/2020\/05\/sac-pin-oto-mavic-air-phu-kien-mavic-air-3486-2-1-280x280.jpg 280w, https:\/\/phukienflytech.vn\/wp-content\/uploads\/2020\/05\/sac-pin-oto-mavic-air-phu-kien-mavic-air-3486-2-1-768x768.jpg 768w, https:\/\/phukienflytech.vn\/wp-content\/uploads\/2020\/05\/sac-pin-oto-mavic-air-phu-kien-mavic-air-3486-2-1-800x800.jpg 800w, https:\/\/phukienflytech.vn\/wp-content\/uploads\/2020\/05\/sac-pin-oto-mavic-air-phu-kien-mavic-air-3486-2-1-300x300.jpg 300w, https:\/\/phukienflytech.vn\/wp-content\/uploads\/2020\/05\/sac-pin-oto-mavic-air-phu-kien-mavic-air-3486-2-1-600x600.jpg 600w, https:\/\/phukienflytech.vn\/wp-content\/uploads\/2020\/05\/sac-pin-oto-mavic-air-phu-kien-mavic-air-3486-2-1-100x100.jpg 100w, https:\/\/phukienflytech.vn\/wp-content\/uploads\/2020\/05\/sac-pin-oto-mavic-air-phu-kien-mavic-air-3486-2-1.jpg 1000w\" sizes=\"auto, (max-width: 400px) 100vw, 400px\" \/><\/span><\/p>\n<p>&nbsp;<\/p>\n<p><span style=\"font-size: 18px;\">Ph\u1ee5 ki\u1ec7n mavic Air n\u00e0y \u0111\u01b0\u1ee3c t\u00edch h\u1ee3p kh\u1ea3 n\u0103ng b\u1ea3o v\u1ec7 khi qu\u00e1 nhi\u00eat s\u1ebd t\u1ef1 \u0111\u1ed9ng ng\u1eaft gi\u00fap thi\u1ebft b\u1ecb c\u1ee7a b\u1ea1n lu\u00f4n \u1ed5n \u0111\u1ecbnh.<\/span><\/p>\n<p>&nbsp;<\/p>\n<h2><span style=\"font-size: 21px; color: #0000ff;\"><strong>Ch\u00ednh s\u00e1ch b\u1ea3o h\u00e0nh s\u1ea1c pin Mavic air tr\u00ean oto<\/strong><\/span><\/h2>\n<p><span style=\"font-size: 18px;\"><strong>Th\u1eddi gian:<\/strong><\/span><\/p>\n<ul>\n<li><span style=\"font-size: 18px;\">B\u1ea3o h\u00e0nh : 6 th\u00e1ng<\/span><\/li>\n<li><span style=\"font-size: 18px;\">\u0110\u1ed5i m\u1edbi khi c\u00f3 l\u1ed7i : 1 tu\u1ea7n \u0111\u1ea7u\u00a0<\/span><\/li>\n<\/ul>\n<p><span style=\"font-size: 18px;\"><strong>\u0110i\u1ec1u ki\u1ec7n b\u1ea3o h\u00e0nh:<\/strong><\/span><\/p>\n<ul>\n<li>\n<ul>\n<li>\n<ul>\n<li><span style=\"font-size: 18px;\">S\u1ea1c kh\u00f4ng kh\u1edfi \u0111\u1ed9ng v\u00e0 t\u1eaft \u0111\u01b0\u1ee3c<\/span><\/li>\n<li><span style=\"font-size: 18px;\">L\u1ed7i k\u1ebft n\u1ed1i v\u1edbi m\u00e1y bay, s\u1ea1c\u00a0<\/span><\/li>\n<li><span style=\"font-size: 18px;\">S\u1ea1c b\u1ecb h\u01b0 h\u1ecfng do qu\u00e1 tr\u00ecnh v\u1eadn chuy\u1ec3n t\u1eeb Shop t\u1edbi ng\u01b0\u1eddi mua<\/span><\/li>\n<li><span style=\"font-size: 18px;\">S\u1ea1c c\u00f2n nguy\u00ean v\u1eb9n tem, phi\u1ebfu b\u1ea3o h\u00e0nh v\u00e0 trong th\u1eddi gian b\u1ea3o h\u00e0nh<\/span><\/li>\n<li><span style=\"font-size: 18px;\">T\u1ea5t c\u1ea3 c\u00e1c l\u1ed7i do ng\u01b0\u1eddi d\u00f9ng kh\u00f4ng tu\u00e2n th\u1ee7 quy tr\u00ecnh v\u00e0 nguy\u00ean t\u1eafc s\u1eed d\u1ee5ng d\u1eabn t\u1edbi h\u01b0 h\u1ecfng, r\u01a1i r\u1edbt \u0111\u1ec1u kh\u00f4ng \u0111\u01b0\u1ee3c b\u1ea3o h\u00e0nh.<\/span><\/li>\n<\/ul>\n<\/li>\n<\/ul>\n<\/li>\n<\/ul>\n<p><span style=\"font-size: 18px;\"><strong>L\u01b0u \u00fd:\u00a0<\/strong><\/span><\/p>\n<ul>\n<li><span style=\"font-size: 18px;\">S\u1ea3n ph\u1ea9m s\u1ebd c\u00f3 th\u1ebb b\u1ea3o h\u00e0nh v\u00e0 tem b\u1ea3o h\u00e0nh \u0111\u01b0\u1ee3c vi\u1ebft tr\u00ean pin<\/span><\/li>\n<li><span style=\"font-size: 18px;\">Trong tr\u01b0\u1eddng h\u1ee3p \u0111\u1ed5i m\u1edbi, ch\u00fang t\u00f4i s\u1ebd kh\u00f4ng nh\u1eadn l\u1ea1i h\u00e0ng khi h\u1ed9p v\u00e0 c\u00e1c gi\u1ea5y t\u1edd \u0111i k\u00e8m b\u1ecb h\u1ecfng ho\u1eb7c m\u1ea5t.<\/span><\/li>\n<\/ul>\n<p>&nbsp;<\/p>\n<p><span style=\"font-size: 18px;\">&gt;&gt; Xem th\u00eam: <span style=\"color: #0000ff;\"><strong><a style=\"color: #0000ff;\" href=\"https:\/\/phukienflytech.vn\/en\/danh-muc\/mavic-air-accessory.html\" target=\"_blank\" rel=\"noopener noreferrer\">Ph\u1ee5 ki\u1ec7n Mavic Air<\/a><\/strong><\/span><\/span><\/p>\n<p><span style=\"font-size: 18px;\">&gt;&gt; Li\u00ean h\u1ec7 v\u1edbi ch\u00fang t\u00f4i qua: <span style=\"color: #0000ff;\"><strong><a style=\"color: #0000ff;\" href=\"https:\/\/facebook.com\/phukienflycam\" target=\"_blank\" rel=\"noopener noreferrer\">Fanpage<\/a><\/strong><\/span><\/span><\/p>\n","protected":false},"excerpt":{"rendered":"<p>Mavic Air car charger 2in1 &nbsp; Mavic Air car charger 2in1 S\u1ea1c tr\u00ean oto \u0111\u01b0\u1ee3c d\u00f9ng \u0111\u1ec3 s\u1ea1c pin th\u00f4ng qua c\u1ed5ng b\u1eadt l\u1eeda thu\u1ed1c l\u00e1 tr\u00ean oto.\u00a0 Gi\u00fap cho ng\u01b0\u1eddi d\u00f9ng c\u00f3 th\u1ec3 v\u1eeba di chuy\u1ec3n v\u1eeba s\u1ea1c ngay tr\u00ean oto gi\u00fap ti\u1ebft ki\u1ec7m th\u1eddi gian cho ng\u01b0\u1eddi d\u00f9ng. N\u00f3 ch\u00ednh l\u00e0 ph\u1ee5 ki\u1ec7n &#8230;<\/p>\n","protected":false},"featured_media":16496,"comment_status":"open","ping_status":"closed","template":"","meta":{"_acf_changed":false},"product_brand":[],"product_cat":[180],"product_tag":[206,255],"class_list":{"0":"post-3493","1":"product","2":"type-product","3":"status-publish","4":"has-post-thumbnail","6":"product_cat-mavic-air-accessory","7":"product_tag-phu-kien-dji-en","8":"product_tag-phu-kien-dji-mavic-air-en","10":"first","11":"instock","12":"sale","13":"shipping-taxable","14":"purchasable","15":"product-type-simple"},"acf":[],"yoast_head":"<!-- This site is optimized with the Yoast SEO plugin v25.7 - https:\/\/yoast.com\/wordpress\/plugins\/seo\/ -->\n<title>Mavic Air car charger 2in1 - Mavic air accessory - Available - Original<\/title>\n<meta name=\"description\" content=\"Mavic Air car charger 2in1 is one of the most important accessory. Contact us to buy Mavic Air car charger 2in1 for best price, fast shipping\" \/>\n<meta name=\"robots\" content=\"index, follow, max-snippet:-1, max-image-preview:large, max-video-preview:-1\" \/>\n<link rel=\"canonical\" href=\"https:\/\/phukienflytech.vn\/en\/san-pham\/mavic-air-car-charger-2-in-1.html\" \/>\n<meta property=\"og:locale\" content=\"en_US\" \/>\n<meta property=\"og:type\" content=\"article\" \/>\n<meta property=\"og:title\" content=\"Mavic Air car charger 2in1 - Mavic air accessory - Available - Original\" \/>\n<meta property=\"og:description\" content=\"Mavic Air car charger 2in1 is one of the most important accessory. Contact us to buy Mavic Air car charger 2in1 for best price, fast shipping\" \/>\n<meta property=\"og:url\" content=\"https:\/\/phukienflytech.vn\/en\/san-pham\/mavic-air-car-charger-2-in-1.html\" \/>\n<meta property=\"og:site_name\" content=\"Shop M\u00e1y \u1ea3nh - Action Camera - Gimbal - Flycam - Ph\u1ee5 ki\u1ec7n\" \/>\n<meta property=\"article:publisher\" content=\"https:\/\/facebook.com\/phukienflycam\" \/>\n<meta property=\"article:modified_time\" content=\"2022-08-21T07:19:42+00:00\" \/>\n<meta property=\"og:image\" content=\"https:\/\/phukienflytech.vn\/wp-content\/uploads\/2020\/05\/300x300_s-l1000_-_Copy-1.jpg\" \/>\n\t<meta property=\"og:image:width\" content=\"300\" \/>\n\t<meta property=\"og:image:height\" content=\"300\" \/>\n\t<meta property=\"og:image:type\" content=\"image\/jpeg\" \/>\n<meta name=\"twitter:card\" content=\"summary_large_image\" \/>\n<meta name=\"twitter:label1\" content=\"Est. reading time\" \/>\n\t<meta name=\"twitter:data1\" content=\"2 minutes\" \/>\n<script type=\"application\/ld+json\" class=\"yoast-schema-graph\">{\"@context\":\"https:\/\/schema.org\",\"@graph\":[{\"@type\":\"WebPage\",\"@id\":\"https:\/\/phukienflytech.vn\/en\/san-pham\/mavic-air-car-charger-2-in-1.html\",\"url\":\"https:\/\/phukienflytech.vn\/en\/san-pham\/mavic-air-car-charger-2-in-1.html\",\"name\":\"Mavic Air car charger 2in1 - Mavic air accessory - Available - Original\",\"isPartOf\":{\"@id\":\"https:\/\/phukienflytech.vn\/#website\"},\"primaryImageOfPage\":{\"@id\":\"https:\/\/phukienflytech.vn\/en\/san-pham\/mavic-air-car-charger-2-in-1.html#primaryimage\"},\"image\":{\"@id\":\"https:\/\/phukienflytech.vn\/en\/san-pham\/mavic-air-car-charger-2-in-1.html#primaryimage\"},\"thumbnailUrl\":\"https:\/\/phukienflytech.vn\/wp-content\/uploads\/2020\/05\/300x300_s-l1000_-_Copy-1.jpg\",\"datePublished\":\"2020-06-24T04:01:28+00:00\",\"dateModified\":\"2022-08-21T07:19:42+00:00\",\"description\":\"Mavic Air car charger 2in1 is one of the most important accessory. Contact us to buy Mavic Air car charger 2in1 for best price, fast shipping\",\"breadcrumb\":{\"@id\":\"https:\/\/phukienflytech.vn\/en\/san-pham\/mavic-air-car-charger-2-in-1.html#breadcrumb\"},\"inLanguage\":\"en-US\",\"potentialAction\":[{\"@type\":\"ReadAction\",\"target\":[\"https:\/\/phukienflytech.vn\/en\/san-pham\/mavic-air-car-charger-2-in-1.html\"]}]},{\"@type\":\"ImageObject\",\"inLanguage\":\"en-US\",\"@id\":\"https:\/\/phukienflytech.vn\/en\/san-pham\/mavic-air-car-charger-2-in-1.html#primaryimage\",\"url\":\"https:\/\/phukienflytech.vn\/wp-content\/uploads\/2020\/05\/300x300_s-l1000_-_Copy-1.jpg\",\"contentUrl\":\"https:\/\/phukienflytech.vn\/wp-content\/uploads\/2020\/05\/300x300_s-l1000_-_Copy-1.jpg\",\"width\":300,\"height\":300},{\"@type\":\"BreadcrumbList\",\"@id\":\"https:\/\/phukienflytech.vn\/en\/san-pham\/mavic-air-car-charger-2-in-1.html#breadcrumb\",\"itemListElement\":[{\"@type\":\"ListItem\",\"position\":1,\"name\":\"Home\",\"item\":\"https:\/\/phukienflytech.vn\/en\"},{\"@type\":\"ListItem\",\"position\":2,\"name\":\"Ph\u1ee5 ki\u1ec7n Mavic Pro\",\"item\":\"https:\/\/phukienflytech.vn\/en\/phu-kien-mavic-pro.html\"},{\"@type\":\"ListItem\",\"position\":3,\"name\":\"DJI Osmo &amp; Drone's accessories\",\"item\":\"https:\/\/phukienflytech.vn\/en\/danh-muc\/dji-osmo-drones-accessories.html\"},{\"@type\":\"ListItem\",\"position\":4,\"name\":\"Ph\u1ee5 ki\u1ec7n flycam Mavic Air\",\"item\":\"https:\/\/phukienflytech.vn\/en\/danh-muc\/mavic-air-accessory.html\"},{\"@type\":\"ListItem\",\"position\":5,\"name\":\"Mavic Air car charger 2in1 &#8211; Yxtech\"}]},{\"@type\":\"WebSite\",\"@id\":\"https:\/\/phukienflytech.vn\/#website\",\"url\":\"https:\/\/phukienflytech.vn\/\",\"name\":\"Shop M\u00e1y \u1ea3nh - Action Camera - Gimbal - Flycam - Ph\u1ee5 ki\u1ec7n\",\"description\":\"Shop M\u00e1y \u1ea3nh - Action Camera - Gimbal - Flycam - Ph\u1ee5 ki\u1ec7n\",\"publisher\":{\"@id\":\"https:\/\/phukienflytech.vn\/#organization\"},\"potentialAction\":[{\"@type\":\"SearchAction\",\"target\":{\"@type\":\"EntryPoint\",\"urlTemplate\":\"https:\/\/phukienflytech.vn\/?s={search_term_string}\"},\"query-input\":{\"@type\":\"PropertyValueSpecification\",\"valueRequired\":true,\"valueName\":\"search_term_string\"}}],\"inLanguage\":\"en-US\"},{\"@type\":\"Organization\",\"@id\":\"https:\/\/phukienflytech.vn\/#organization\",\"name\":\"DJI Store - Shop Drone, Action camera, Gimbal DJI |Phukienflytech\",\"alternateName\":\"DJI Store - Shop Drone, Action camera, Gimbal DJI |Phukienflytech\",\"url\":\"https:\/\/phukienflytech.vn\/\",\"logo\":{\"@type\":\"ImageObject\",\"inLanguage\":\"en-US\",\"@id\":\"https:\/\/phukienflytech.vn\/#\/schema\/logo\/image\/\",\"url\":\"https:\/\/phukienflytech.vn\/wp-content\/uploads\/2020\/05\/hAnh_nan.jpg1_.jpg\",\"contentUrl\":\"https:\/\/phukienflytech.vn\/wp-content\/uploads\/2020\/05\/hAnh_nan.jpg1_.jpg\",\"width\":800,\"height\":450,\"caption\":\"DJI Store - Shop Drone, Action camera, Gimbal DJI |Phukienflytech\"},\"image\":{\"@id\":\"https:\/\/phukienflytech.vn\/#\/schema\/logo\/image\/\"},\"sameAs\":[\"https:\/\/facebook.com\/phukienflycam\",\"https:\/\/www.youtube.com\/@phukienflytech\",\"https:\/\/www.tiktok.com\/@flytech.channel?fbclid=IwY2xjawGjg7BleHRuA2FlbQIxMAABHYVGmlXpuSMs0UB2zTpYvyT4GMVfN2qJa4urF4vkSQ6FAVBwXZtDP30qQA_aem_UwMiDcUvlEbd2tXAmsc8Og\"]}]}<\/script>\n<!-- \/ Yoast SEO plugin. -->","yoast_head_json":{"title":"Mavic Air car charger 2in1 - Mavic air accessory - Available - Original","description":"Mavic Air car charger 2in1 is one of the most important accessory. Contact us to buy Mavic Air car charger 2in1 for best price, fast shipping","robots":{"index":"index","follow":"follow","max-snippet":"max-snippet:-1","max-image-preview":"max-image-preview:large","max-video-preview":"max-video-preview:-1"},"canonical":"https:\/\/phukienflytech.vn\/en\/san-pham\/mavic-air-car-charger-2-in-1.html","og_locale":"en_US","og_type":"article","og_title":"Mavic Air car charger 2in1 - Mavic air accessory - Available - Original","og_description":"Mavic Air car charger 2in1 is one of the most important accessory. Contact us to buy Mavic Air car charger 2in1 for best price, fast shipping","og_url":"https:\/\/phukienflytech.vn\/en\/san-pham\/mavic-air-car-charger-2-in-1.html","og_site_name":"Shop M\u00e1y \u1ea3nh - Action Camera - Gimbal - Flycam - Ph\u1ee5 ki\u1ec7n","article_publisher":"https:\/\/facebook.com\/phukienflycam","article_modified_time":"2022-08-21T07:19:42+00:00","og_image":[{"width":300,"height":300,"url":"https:\/\/phukienflytech.vn\/wp-content\/uploads\/2020\/05\/300x300_s-l1000_-_Copy-1.jpg","type":"image\/jpeg"}],"twitter_card":"summary_large_image","twitter_misc":{"Est. reading time":"2 minutes"},"schema":{"@context":"https:\/\/schema.org","@graph":[{"@type":"WebPage","@id":"https:\/\/phukienflytech.vn\/en\/san-pham\/mavic-air-car-charger-2-in-1.html","url":"https:\/\/phukienflytech.vn\/en\/san-pham\/mavic-air-car-charger-2-in-1.html","name":"Mavic Air car charger 2in1 - Mavic air accessory - Available - Original","isPartOf":{"@id":"https:\/\/phukienflytech.vn\/#website"},"primaryImageOfPage":{"@id":"https:\/\/phukienflytech.vn\/en\/san-pham\/mavic-air-car-charger-2-in-1.html#primaryimage"},"image":{"@id":"https:\/\/phukienflytech.vn\/en\/san-pham\/mavic-air-car-charger-2-in-1.html#primaryimage"},"thumbnailUrl":"https:\/\/phukienflytech.vn\/wp-content\/uploads\/2020\/05\/300x300_s-l1000_-_Copy-1.jpg","datePublished":"2020-06-24T04:01:28+00:00","dateModified":"2022-08-21T07:19:42+00:00","description":"Mavic Air car charger 2in1 is one of the most important accessory. Contact us to buy Mavic Air car charger 2in1 for best price, fast shipping","breadcrumb":{"@id":"https:\/\/phukienflytech.vn\/en\/san-pham\/mavic-air-car-charger-2-in-1.html#breadcrumb"},"inLanguage":"en-US","potentialAction":[{"@type":"ReadAction","target":["https:\/\/phukienflytech.vn\/en\/san-pham\/mavic-air-car-charger-2-in-1.html"]}]},{"@type":"ImageObject","inLanguage":"en-US","@id":"https:\/\/phukienflytech.vn\/en\/san-pham\/mavic-air-car-charger-2-in-1.html#primaryimage","url":"https:\/\/phukienflytech.vn\/wp-content\/uploads\/2020\/05\/300x300_s-l1000_-_Copy-1.jpg","contentUrl":"https:\/\/phukienflytech.vn\/wp-content\/uploads\/2020\/05\/300x300_s-l1000_-_Copy-1.jpg","width":300,"height":300},{"@type":"BreadcrumbList","@id":"https:\/\/phukienflytech.vn\/en\/san-pham\/mavic-air-car-charger-2-in-1.html#breadcrumb","itemListElement":[{"@type":"ListItem","position":1,"name":"Home","item":"https:\/\/phukienflytech.vn\/en"},{"@type":"ListItem","position":2,"name":"Ph\u1ee5 ki\u1ec7n Mavic Pro","item":"https:\/\/phukienflytech.vn\/en\/phu-kien-mavic-pro.html"},{"@type":"ListItem","position":3,"name":"DJI Osmo &amp; Drone's accessories","item":"https:\/\/phukienflytech.vn\/en\/danh-muc\/dji-osmo-drones-accessories.html"},{"@type":"ListItem","position":4,"name":"Ph\u1ee5 ki\u1ec7n flycam Mavic Air","item":"https:\/\/phukienflytech.vn\/en\/danh-muc\/mavic-air-accessory.html"},{"@type":"ListItem","position":5,"name":"Mavic Air car charger 2in1 &#8211; Yxtech"}]},{"@type":"WebSite","@id":"https:\/\/phukienflytech.vn\/#website","url":"https:\/\/phukienflytech.vn\/","name":"Shop M\u00e1y \u1ea3nh - Action Camera - Gimbal - Flycam - Ph\u1ee5 ki\u1ec7n","description":"Shop M\u00e1y \u1ea3nh - Action Camera - Gimbal - Flycam - Ph\u1ee5 ki\u1ec7n","publisher":{"@id":"https:\/\/phukienflytech.vn\/#organization"},"potentialAction":[{"@type":"SearchAction","target":{"@type":"EntryPoint","urlTemplate":"https:\/\/phukienflytech.vn\/?s={search_term_string}"},"query-input":{"@type":"PropertyValueSpecification","valueRequired":true,"valueName":"search_term_string"}}],"inLanguage":"en-US"},{"@type":"Organization","@id":"https:\/\/phukienflytech.vn\/#organization","name":"DJI Store - Shop Drone, Action camera, Gimbal DJI |Phukienflytech","alternateName":"DJI Store - Shop Drone, Action camera, Gimbal DJI |Phukienflytech","url":"https:\/\/phukienflytech.vn\/","logo":{"@type":"ImageObject","inLanguage":"en-US","@id":"https:\/\/phukienflytech.vn\/#\/schema\/logo\/image\/","url":"https:\/\/phukienflytech.vn\/wp-content\/uploads\/2020\/05\/hAnh_nan.jpg1_.jpg","contentUrl":"https:\/\/phukienflytech.vn\/wp-content\/uploads\/2020\/05\/hAnh_nan.jpg1_.jpg","width":800,"height":450,"caption":"DJI Store - Shop Drone, Action camera, Gimbal DJI |Phukienflytech"},"image":{"@id":"https:\/\/phukienflytech.vn\/#\/schema\/logo\/image\/"},"sameAs":["https:\/\/facebook.com\/phukienflycam","https:\/\/www.youtube.com\/@phukienflytech","https:\/\/www.tiktok.com\/@flytech.channel?fbclid=IwY2xjawGjg7BleHRuA2FlbQIxMAABHYVGmlXpuSMs0UB2zTpYvyT4GMVfN2qJa4urF4vkSQ6FAVBwXZtDP30qQA_aem_UwMiDcUvlEbd2tXAmsc8Og"]}]}},"_links":{"self":[{"href":"https:\/\/phukienflytech.vn\/en\/wp-json\/wp\/v2\/product\/3493","targetHints":{"allow":["GET"]}}],"collection":[{"href":"https:\/\/phukienflytech.vn\/en\/wp-json\/wp\/v2\/product"}],"about":[{"href":"https:\/\/phukienflytech.vn\/en\/wp-json\/wp\/v2\/types\/product"}],"replies":[{"embeddable":true,"href":"https:\/\/phukienflytech.vn\/en\/wp-json\/wp\/v2\/comments?post=3493"}],"wp:featuredmedia":[{"embeddable":true,"href":"https:\/\/phukienflytech.vn\/en\/wp-json\/wp\/v2\/media\/16496"}],"wp:attachment":[{"href":"https:\/\/phukienflytech.vn\/en\/wp-json\/wp\/v2\/media?parent=3493"}],"wp:term":[{"taxonomy":"product_brand","embeddable":true,"href":"https:\/\/phukienflytech.vn\/en\/wp-json\/wp\/v2\/product_brand?post=3493"},{"taxonomy":"product_cat","embeddable":true,"href":"https:\/\/phukienflytech.vn\/en\/wp-json\/wp\/v2\/product_cat?post=3493"},{"taxonomy":"product_tag","embeddable":true,"href":"https:\/\/phukienflytech.vn\/en\/wp-json\/wp\/v2\/product_tag?post=3493"}],"curies":[{"name":"wp","href":"https:\/\/api.w.org\/{rel}","templated":true}]}}