{"id":3507,"date":"2020-06-18T15:01:52","date_gmt":"2020-06-18T08:01:52","guid":{"rendered":"http:\/\/27430.lamdx.vinawebsite.vn\/san-pham\/vo-mau-mavic-air-phu-kien-mavic-air.html"},"modified":"2020-10-16T08:42:29","modified_gmt":"2020-10-16T01:42:29","slug":"colorful-shell-for-mavic-air","status":"publish","type":"product","link":"https:\/\/phukienflytech.vn\/en\/san-pham\/colorful-shell-for-mavic-air.html","title":{"rendered":"Colorful top shell for Mavic Air &#8211; optional"},"content":{"rendered":"<h2><span style=\"color: #0000ff;\"><em><strong>Colorful shell for Mavic Air<\/strong><\/em><\/span><\/h2>\n<p>&nbsp;<\/p>\n<p><span style=\"font-size: 18px;\">Colorful shell for Mavic Air<\/span><\/p>\n<p>&nbsp;<\/p>\n<p><span style=\"font-size: 18px;\"><img loading=\"lazy\" decoding=\"async\" class=\"alignnone wp-image-13679\" src=\"https:\/\/phukienflytech.vn\/wp-content\/uploads\/2020\/05\/vo-mau-mavic-air-phu-kien-mavic-air-3502-2-599x400.jpg\" alt=\"\" width=\"467\" height=\"312\" srcset=\"https:\/\/phukienflytech.vn\/wp-content\/uploads\/2020\/05\/vo-mau-mavic-air-phu-kien-mavic-air-3502-2-599x400.jpg 599w, https:\/\/phukienflytech.vn\/wp-content\/uploads\/2020\/05\/vo-mau-mavic-air-phu-kien-mavic-air-3502-2-768x513.jpg 768w, https:\/\/phukienflytech.vn\/wp-content\/uploads\/2020\/05\/vo-mau-mavic-air-phu-kien-mavic-air-3502-2-1199x800.jpg 1199w, https:\/\/phukienflytech.vn\/wp-content\/uploads\/2020\/05\/vo-mau-mavic-air-phu-kien-mavic-air-3502-2-600x400.jpg 600w, https:\/\/phukienflytech.vn\/wp-content\/uploads\/2020\/05\/vo-mau-mavic-air-phu-kien-mavic-air-3502-2.jpg 2048w\" sizes=\"auto, (max-width: 467px) 100vw, 467px\" \/><\/span><\/p>\n<p>&nbsp;<\/p>\n<p><span style=\"font-size: 18px;\">B\u1ea1n \u0111ang s\u1eed d\u1ee5ng v\u1ecf mavic m\u00e0u \u0111\u1ecf hay m\u00e0u \u0111en ?<strong><em><br \/>\n<\/em><\/strong><\/span><\/p>\n<p><span style=\"font-size: 18px;\">B\u1ed9 v\u1ecf hi\u1ec7n \u0111ang c\u00f3 3 phi\u00ean b\u1ea3n m\u00e0u s\u1eafc kh\u00e1c nhau \u0111\u1ec3 l\u1ef1a ch\u1ecdn : v\u1ecf \u0111\u1ecf, v\u1ecf \u0111en, <em><strong>v\u1ecf tr\u1eafng<\/strong><\/em>\u00a0tinh khi\u1ebft<\/span><\/p>\n<p><span style=\"font-size: 18px;\">\u0110\u00f4i khi nh\u1eefng l\u1ef1a ch\u1ecdn\u00a0<em><strong>m\u00e0u s\u1eafc v\u1ecf <\/strong><\/em>ban \u0111\u1ea7u l\u1ea1i khi\u1ebfn ch\u00fang ta l\u1ea1i ch\u01b0a ho\u00e0n to\u00e0n h\u00e0i l\u00f2ng.Hay c\u1ea3m th\u1ea5y c\u00f3 ph\u1ea7n nh\u00e0m ch\u00e1n v\u1ec1 sau. Nh\u01b0ng b\u1ea1n kh\u00f4ng c\u1ea7n qu\u00e1 b\u1eadn l\u00f2ng v\u1edbi flycam v\u1edbi m\u1ed9t thi\u1ebft k\u1ebf t\u1ef1 do. Thay th\u1ebf m\u00e0u v\u1ecf v\u00e0 c\u00f3 th\u1ec3 <em><strong>thay v\u1ecf<\/strong>\u00a0<\/em>m\u1ed9t c\u00e1ch d\u1ec5 d\u00e0ng<\/span><\/p>\n<p><span style=\"font-size: 18px;\">Ch\u00fang t\u00f4i hi\u1ec7n \u0111ang cung c\u1ea5p v\u1ecf : M\u00e0u \u0111en v\u00e0 m\u00e0u tr\u1eafng<\/span><\/p>\n<p>&nbsp;<\/p>\n<p><span style=\"font-size: 18px;\"><img loading=\"lazy\" decoding=\"async\" class=\"alignnone wp-image-13681\" src=\"https:\/\/phukienflytech.vn\/wp-content\/uploads\/2020\/05\/vo-mau-mavic-air-phu-kien-mavic-air-3502-1-1.jpg\" alt=\"Colorful-shell-for-Mavic-Air\" width=\"480\" height=\"480\" srcset=\"https:\/\/phukienflytech.vn\/wp-content\/uploads\/2020\/05\/vo-mau-mavic-air-phu-kien-mavic-air-3502-1-1.jpg 300w, https:\/\/phukienflytech.vn\/wp-content\/uploads\/2020\/05\/vo-mau-mavic-air-phu-kien-mavic-air-3502-1-1-280x280.jpg 280w, https:\/\/phukienflytech.vn\/wp-content\/uploads\/2020\/05\/vo-mau-mavic-air-phu-kien-mavic-air-3502-1-1-100x100.jpg 100w\" sizes=\"auto, (max-width: 480px) 100vw, 480px\" \/><\/span><\/p>\n<p>&nbsp;<\/p>\n<p><span style=\"font-size: 19px;\">&gt;&gt; Learn More : <a href=\"https:\/\/phukienflytech.vn\/danh-muc\/phu-kien-mavic-air.html\"><strong>Mavic air accessories<\/strong><\/a><\/span><\/p>\n<p><span style=\"font-size: 18px;\">Li\u00ean h\u1ec7 v\u1edbi ch\u00fang t\u00f4i qua facebook: <a href=\"https:\/\/www.facebook.com\/phukienflycam\" target=\"_blank\" rel=\"noopener noreferrer\">Ph\u1ee5 ki\u1ec7n flytech gi\u00e1 t\u1ed1t<\/a><\/span><\/p>\n<p>&nbsp;<\/p>\n","protected":false},"excerpt":{"rendered":"<p>Colorful shell for Mavic Air &nbsp; Colorful shell for Mavic Air &nbsp; &nbsp; B\u1ea1n \u0111ang s\u1eed d\u1ee5ng v\u1ecf mavic m\u00e0u \u0111\u1ecf hay m\u00e0u \u0111en ? B\u1ed9 v\u1ecf hi\u1ec7n \u0111ang c\u00f3 3 phi\u00ean b\u1ea3n m\u00e0u s\u1eafc kh\u00e1c nhau \u0111\u1ec3 l\u1ef1a ch\u1ecdn : v\u1ecf \u0111\u1ecf, v\u1ecf \u0111en, v\u1ecf tr\u1eafng\u00a0tinh khi\u1ebft \u0110\u00f4i khi nh\u1eefng l\u1ef1a ch\u1ecdn\u00a0m\u00e0u s\u1eafc v\u1ecf &#8230;<\/p>\n","protected":false},"featured_media":16492,"comment_status":"open","ping_status":"closed","template":"","meta":{"_acf_changed":false},"product_brand":[],"product_cat":[180],"product_tag":[206,255],"class_list":{"0":"post-3507","1":"product","2":"type-product","3":"status-publish","4":"has-post-thumbnail","6":"product_cat-mavic-air-accessory","7":"product_tag-phu-kien-dji-en","8":"product_tag-phu-kien-dji-mavic-air-en","10":"first","11":"instock","12":"shipping-taxable","13":"purchasable","14":"product-type-simple"},"acf":[],"yoast_head":"<!-- This site is optimized with the Yoast SEO plugin v25.7 - https:\/\/yoast.com\/wordpress\/plugins\/seo\/ -->\n<title>Colorful shell for Mavic Air - Mavic Air accessory - Available - Original<\/title>\n<meta name=\"description\" content=\"Colorful shell for Mavic Air is one of the most important accessory. Contact us to buy Colorful shell for Mavic Air for best price.\" \/>\n<meta name=\"robots\" content=\"index, follow, max-snippet:-1, max-image-preview:large, max-video-preview:-1\" \/>\n<link rel=\"canonical\" href=\"https:\/\/phukienflytech.vn\/en\/san-pham\/colorful-shell-for-mavic-air.html\" \/>\n<meta property=\"og:locale\" content=\"en_US\" \/>\n<meta property=\"og:type\" content=\"article\" \/>\n<meta property=\"og:title\" content=\"Colorful shell for Mavic Air - Mavic Air accessory - Available - Original\" \/>\n<meta property=\"og:description\" content=\"Colorful shell for Mavic Air is one of the most important accessory. Contact us to buy Colorful shell for Mavic Air for best price.\" \/>\n<meta property=\"og:url\" content=\"https:\/\/phukienflytech.vn\/en\/san-pham\/colorful-shell-for-mavic-air.html\" \/>\n<meta property=\"og:site_name\" content=\"Shop M\u00e1y \u1ea3nh - Action Camera - Gimbal - Flycam - Ph\u1ee5 ki\u1ec7n\" \/>\n<meta property=\"article:publisher\" content=\"https:\/\/facebook.com\/phukienflycam\" \/>\n<meta property=\"article:modified_time\" content=\"2020-10-16T01:42:29+00:00\" \/>\n<meta property=\"og:image\" content=\"https:\/\/phukienflytech.vn\/wp-content\/uploads\/2020\/05\/300x300_s-l300-2.jpg\" \/>\n\t<meta property=\"og:image:width\" content=\"300\" \/>\n\t<meta property=\"og:image:height\" content=\"300\" \/>\n\t<meta property=\"og:image:type\" content=\"image\/jpeg\" \/>\n<meta name=\"twitter:card\" content=\"summary_large_image\" \/>\n<meta name=\"twitter:label1\" content=\"Est. reading time\" \/>\n\t<meta name=\"twitter:data1\" content=\"1 minute\" \/>\n<script type=\"application\/ld+json\" class=\"yoast-schema-graph\">{\"@context\":\"https:\/\/schema.org\",\"@graph\":[{\"@type\":\"WebPage\",\"@id\":\"https:\/\/phukienflytech.vn\/en\/san-pham\/colorful-shell-for-mavic-air.html\",\"url\":\"https:\/\/phukienflytech.vn\/en\/san-pham\/colorful-shell-for-mavic-air.html\",\"name\":\"Colorful shell for Mavic Air - Mavic Air accessory - Available - Original\",\"isPartOf\":{\"@id\":\"https:\/\/phukienflytech.vn\/#website\"},\"primaryImageOfPage\":{\"@id\":\"https:\/\/phukienflytech.vn\/en\/san-pham\/colorful-shell-for-mavic-air.html#primaryimage\"},\"image\":{\"@id\":\"https:\/\/phukienflytech.vn\/en\/san-pham\/colorful-shell-for-mavic-air.html#primaryimage\"},\"thumbnailUrl\":\"https:\/\/phukienflytech.vn\/wp-content\/uploads\/2020\/05\/300x300_s-l300-2.jpg\",\"datePublished\":\"2020-06-18T08:01:52+00:00\",\"dateModified\":\"2020-10-16T01:42:29+00:00\",\"description\":\"Colorful shell for Mavic Air is one of the most important accessory. Contact us to buy Colorful shell for Mavic Air for best price.\",\"breadcrumb\":{\"@id\":\"https:\/\/phukienflytech.vn\/en\/san-pham\/colorful-shell-for-mavic-air.html#breadcrumb\"},\"inLanguage\":\"en-US\",\"potentialAction\":[{\"@type\":\"ReadAction\",\"target\":[\"https:\/\/phukienflytech.vn\/en\/san-pham\/colorful-shell-for-mavic-air.html\"]}]},{\"@type\":\"ImageObject\",\"inLanguage\":\"en-US\",\"@id\":\"https:\/\/phukienflytech.vn\/en\/san-pham\/colorful-shell-for-mavic-air.html#primaryimage\",\"url\":\"https:\/\/phukienflytech.vn\/wp-content\/uploads\/2020\/05\/300x300_s-l300-2.jpg\",\"contentUrl\":\"https:\/\/phukienflytech.vn\/wp-content\/uploads\/2020\/05\/300x300_s-l300-2.jpg\",\"width\":300,\"height\":300},{\"@type\":\"BreadcrumbList\",\"@id\":\"https:\/\/phukienflytech.vn\/en\/san-pham\/colorful-shell-for-mavic-air.html#breadcrumb\",\"itemListElement\":[{\"@type\":\"ListItem\",\"position\":1,\"name\":\"Home\",\"item\":\"https:\/\/phukienflytech.vn\/en\"},{\"@type\":\"ListItem\",\"position\":2,\"name\":\"Ph\u1ee5 ki\u1ec7n Mavic Pro\",\"item\":\"https:\/\/phukienflytech.vn\/en\/phu-kien-mavic-pro.html\"},{\"@type\":\"ListItem\",\"position\":3,\"name\":\"DJI Osmo &amp; Drone's accessories\",\"item\":\"https:\/\/phukienflytech.vn\/en\/danh-muc\/dji-osmo-drones-accessories.html\"},{\"@type\":\"ListItem\",\"position\":4,\"name\":\"Ph\u1ee5 ki\u1ec7n flycam Mavic Air\",\"item\":\"https:\/\/phukienflytech.vn\/en\/danh-muc\/mavic-air-accessory.html\"},{\"@type\":\"ListItem\",\"position\":5,\"name\":\"Colorful top shell for Mavic Air &#8211; optional\"}]},{\"@type\":\"WebSite\",\"@id\":\"https:\/\/phukienflytech.vn\/#website\",\"url\":\"https:\/\/phukienflytech.vn\/\",\"name\":\"Shop M\u00e1y \u1ea3nh - Action Camera - Gimbal - Flycam - Ph\u1ee5 ki\u1ec7n\",\"description\":\"Shop M\u00e1y \u1ea3nh - Action Camera - Gimbal - Flycam - Ph\u1ee5 ki\u1ec7n\",\"publisher\":{\"@id\":\"https:\/\/phukienflytech.vn\/#organization\"},\"potentialAction\":[{\"@type\":\"SearchAction\",\"target\":{\"@type\":\"EntryPoint\",\"urlTemplate\":\"https:\/\/phukienflytech.vn\/?s={search_term_string}\"},\"query-input\":{\"@type\":\"PropertyValueSpecification\",\"valueRequired\":true,\"valueName\":\"search_term_string\"}}],\"inLanguage\":\"en-US\"},{\"@type\":\"Organization\",\"@id\":\"https:\/\/phukienflytech.vn\/#organization\",\"name\":\"DJI Store - Shop Drone, Action camera, Gimbal DJI |Phukienflytech\",\"alternateName\":\"DJI Store - Shop Drone, Action camera, Gimbal DJI |Phukienflytech\",\"url\":\"https:\/\/phukienflytech.vn\/\",\"logo\":{\"@type\":\"ImageObject\",\"inLanguage\":\"en-US\",\"@id\":\"https:\/\/phukienflytech.vn\/#\/schema\/logo\/image\/\",\"url\":\"https:\/\/phukienflytech.vn\/wp-content\/uploads\/2020\/05\/hAnh_nan.jpg1_.jpg\",\"contentUrl\":\"https:\/\/phukienflytech.vn\/wp-content\/uploads\/2020\/05\/hAnh_nan.jpg1_.jpg\",\"width\":800,\"height\":450,\"caption\":\"DJI Store - Shop Drone, Action camera, Gimbal DJI |Phukienflytech\"},\"image\":{\"@id\":\"https:\/\/phukienflytech.vn\/#\/schema\/logo\/image\/\"},\"sameAs\":[\"https:\/\/facebook.com\/phukienflycam\",\"https:\/\/www.youtube.com\/@phukienflytech\",\"https:\/\/www.tiktok.com\/@flytech.channel?fbclid=IwY2xjawGjg7BleHRuA2FlbQIxMAABHYVGmlXpuSMs0UB2zTpYvyT4GMVfN2qJa4urF4vkSQ6FAVBwXZtDP30qQA_aem_UwMiDcUvlEbd2tXAmsc8Og\"]}]}<\/script>\n<!-- \/ Yoast SEO plugin. -->","yoast_head_json":{"title":"Colorful shell for Mavic Air - Mavic Air accessory - Available - Original","description":"Colorful shell for Mavic Air is one of the most important accessory. Contact us to buy Colorful shell for Mavic Air for best price.","robots":{"index":"index","follow":"follow","max-snippet":"max-snippet:-1","max-image-preview":"max-image-preview:large","max-video-preview":"max-video-preview:-1"},"canonical":"https:\/\/phukienflytech.vn\/en\/san-pham\/colorful-shell-for-mavic-air.html","og_locale":"en_US","og_type":"article","og_title":"Colorful shell for Mavic Air - Mavic Air accessory - Available - Original","og_description":"Colorful shell for Mavic Air is one of the most important accessory. Contact us to buy Colorful shell for Mavic Air for best price.","og_url":"https:\/\/phukienflytech.vn\/en\/san-pham\/colorful-shell-for-mavic-air.html","og_site_name":"Shop M\u00e1y \u1ea3nh - Action Camera - Gimbal - Flycam - Ph\u1ee5 ki\u1ec7n","article_publisher":"https:\/\/facebook.com\/phukienflycam","article_modified_time":"2020-10-16T01:42:29+00:00","og_image":[{"width":300,"height":300,"url":"https:\/\/phukienflytech.vn\/wp-content\/uploads\/2020\/05\/300x300_s-l300-2.jpg","type":"image\/jpeg"}],"twitter_card":"summary_large_image","twitter_misc":{"Est. reading time":"1 minute"},"schema":{"@context":"https:\/\/schema.org","@graph":[{"@type":"WebPage","@id":"https:\/\/phukienflytech.vn\/en\/san-pham\/colorful-shell-for-mavic-air.html","url":"https:\/\/phukienflytech.vn\/en\/san-pham\/colorful-shell-for-mavic-air.html","name":"Colorful shell for Mavic Air - Mavic Air accessory - Available - Original","isPartOf":{"@id":"https:\/\/phukienflytech.vn\/#website"},"primaryImageOfPage":{"@id":"https:\/\/phukienflytech.vn\/en\/san-pham\/colorful-shell-for-mavic-air.html#primaryimage"},"image":{"@id":"https:\/\/phukienflytech.vn\/en\/san-pham\/colorful-shell-for-mavic-air.html#primaryimage"},"thumbnailUrl":"https:\/\/phukienflytech.vn\/wp-content\/uploads\/2020\/05\/300x300_s-l300-2.jpg","datePublished":"2020-06-18T08:01:52+00:00","dateModified":"2020-10-16T01:42:29+00:00","description":"Colorful shell for Mavic Air is one of the most important accessory. Contact us to buy Colorful shell for Mavic Air for best price.","breadcrumb":{"@id":"https:\/\/phukienflytech.vn\/en\/san-pham\/colorful-shell-for-mavic-air.html#breadcrumb"},"inLanguage":"en-US","potentialAction":[{"@type":"ReadAction","target":["https:\/\/phukienflytech.vn\/en\/san-pham\/colorful-shell-for-mavic-air.html"]}]},{"@type":"ImageObject","inLanguage":"en-US","@id":"https:\/\/phukienflytech.vn\/en\/san-pham\/colorful-shell-for-mavic-air.html#primaryimage","url":"https:\/\/phukienflytech.vn\/wp-content\/uploads\/2020\/05\/300x300_s-l300-2.jpg","contentUrl":"https:\/\/phukienflytech.vn\/wp-content\/uploads\/2020\/05\/300x300_s-l300-2.jpg","width":300,"height":300},{"@type":"BreadcrumbList","@id":"https:\/\/phukienflytech.vn\/en\/san-pham\/colorful-shell-for-mavic-air.html#breadcrumb","itemListElement":[{"@type":"ListItem","position":1,"name":"Home","item":"https:\/\/phukienflytech.vn\/en"},{"@type":"ListItem","position":2,"name":"Ph\u1ee5 ki\u1ec7n Mavic Pro","item":"https:\/\/phukienflytech.vn\/en\/phu-kien-mavic-pro.html"},{"@type":"ListItem","position":3,"name":"DJI Osmo &amp; Drone's accessories","item":"https:\/\/phukienflytech.vn\/en\/danh-muc\/dji-osmo-drones-accessories.html"},{"@type":"ListItem","position":4,"name":"Ph\u1ee5 ki\u1ec7n flycam Mavic Air","item":"https:\/\/phukienflytech.vn\/en\/danh-muc\/mavic-air-accessory.html"},{"@type":"ListItem","position":5,"name":"Colorful top shell for Mavic Air &#8211; optional"}]},{"@type":"WebSite","@id":"https:\/\/phukienflytech.vn\/#website","url":"https:\/\/phukienflytech.vn\/","name":"Shop M\u00e1y \u1ea3nh - Action Camera - Gimbal - Flycam - Ph\u1ee5 ki\u1ec7n","description":"Shop M\u00e1y \u1ea3nh - Action Camera - Gimbal - Flycam - Ph\u1ee5 ki\u1ec7n","publisher":{"@id":"https:\/\/phukienflytech.vn\/#organization"},"potentialAction":[{"@type":"SearchAction","target":{"@type":"EntryPoint","urlTemplate":"https:\/\/phukienflytech.vn\/?s={search_term_string}"},"query-input":{"@type":"PropertyValueSpecification","valueRequired":true,"valueName":"search_term_string"}}],"inLanguage":"en-US"},{"@type":"Organization","@id":"https:\/\/phukienflytech.vn\/#organization","name":"DJI Store - Shop Drone, Action camera, Gimbal DJI |Phukienflytech","alternateName":"DJI Store - Shop Drone, Action camera, Gimbal DJI |Phukienflytech","url":"https:\/\/phukienflytech.vn\/","logo":{"@type":"ImageObject","inLanguage":"en-US","@id":"https:\/\/phukienflytech.vn\/#\/schema\/logo\/image\/","url":"https:\/\/phukienflytech.vn\/wp-content\/uploads\/2020\/05\/hAnh_nan.jpg1_.jpg","contentUrl":"https:\/\/phukienflytech.vn\/wp-content\/uploads\/2020\/05\/hAnh_nan.jpg1_.jpg","width":800,"height":450,"caption":"DJI Store - Shop Drone, Action camera, Gimbal DJI |Phukienflytech"},"image":{"@id":"https:\/\/phukienflytech.vn\/#\/schema\/logo\/image\/"},"sameAs":["https:\/\/facebook.com\/phukienflycam","https:\/\/www.youtube.com\/@phukienflytech","https:\/\/www.tiktok.com\/@flytech.channel?fbclid=IwY2xjawGjg7BleHRuA2FlbQIxMAABHYVGmlXpuSMs0UB2zTpYvyT4GMVfN2qJa4urF4vkSQ6FAVBwXZtDP30qQA_aem_UwMiDcUvlEbd2tXAmsc8Og"]}]}},"_links":{"self":[{"href":"https:\/\/phukienflytech.vn\/en\/wp-json\/wp\/v2\/product\/3507","targetHints":{"allow":["GET"]}}],"collection":[{"href":"https:\/\/phukienflytech.vn\/en\/wp-json\/wp\/v2\/product"}],"about":[{"href":"https:\/\/phukienflytech.vn\/en\/wp-json\/wp\/v2\/types\/product"}],"replies":[{"embeddable":true,"href":"https:\/\/phukienflytech.vn\/en\/wp-json\/wp\/v2\/comments?post=3507"}],"wp:featuredmedia":[{"embeddable":true,"href":"https:\/\/phukienflytech.vn\/en\/wp-json\/wp\/v2\/media\/16492"}],"wp:attachment":[{"href":"https:\/\/phukienflytech.vn\/en\/wp-json\/wp\/v2\/media?parent=3507"}],"wp:term":[{"taxonomy":"product_brand","embeddable":true,"href":"https:\/\/phukienflytech.vn\/en\/wp-json\/wp\/v2\/product_brand?post=3507"},{"taxonomy":"product_cat","embeddable":true,"href":"https:\/\/phukienflytech.vn\/en\/wp-json\/wp\/v2\/product_cat?post=3507"},{"taxonomy":"product_tag","embeddable":true,"href":"https:\/\/phukienflytech.vn\/en\/wp-json\/wp\/v2\/product_tag?post=3507"}],"curies":[{"name":"wp","href":"https:\/\/api.w.org\/{rel}","templated":true}]}}