{"id":3539,"date":"2020-06-19T15:18:54","date_gmt":"2020-06-19T08:18:54","guid":{"rendered":"http:\/\/27430.lamdx.vinawebsite.vn\/san-pham\/combo-6-filter-mavic-air-phu-kien-mavic-air.html"},"modified":"2022-08-21T15:09:02","modified_gmt":"2022-08-21T08:09:02","slug":"combo-6-filter-mavic-air","status":"publish","type":"product","link":"https:\/\/phukienflytech.vn\/en\/san-pham\/combo-6-filter-mavic-air.html","title":{"rendered":"Combo 6 Filter Mavic Air &#8211; Sunnylife"},"content":{"rendered":"<h2><span style=\"color: #0000ff;\"><em><strong>Combo 6 Filter Mavic Air<\/strong><\/em><\/span><\/h2>\n<p>&nbsp;<\/p>\n<p><span style=\"font-size: 18px;\">Combo 6 filter Mavic air<\/span><\/p>\n<p><span style=\"font-size: 18px;\">Khi b\u1ea1n \u0111ang s\u1edf h\u1eefu m\u1ed9t thi\u1ebft b\u1ecb th\u00f4ng minh v\u1edbi kh\u1ea3 n\u0103ng ch\u1ee5p \u1ea3nh v\u00f4 c\u00f9ng t\u1ed1t nh\u01b0 Mavic air, th\u00ec c\u0169ng th\u1eadt kh\u00f3 \u0111\u1ec3 ch\u00fang ta \u0111\u00e1nh gi\u00e1 Mavic air k\u00e9m chuy\u00ean nghi\u1ec7p, nh\u01b0ng \u0111\u00f3 ch\u1ec9 l\u00e0 nh\u1eefng c\u1ea3m nh\u1eadn r\u1ea5t c\u01a1 b\u1ea3n v\u00ec nhu c\u1ea7u c\u1ee7a m\u1ed7i ch\u00fang ta m\u1ed9t kh\u00e1c. B\u1ea1n c\u00f3 bi\u1ebft, Filter Mavic air lu\u00f4n \u0111\u01b0\u1ee3c coi l\u00e0 m\u1ed9t trong s\u1ed1 c\u00e1c ph\u1ee5 ki\u1ec7n c\u1ea7n thi\u1ebft d\u00e0nh cho Mavic air ? B\u1edfi m\u1ed7i filter s\u1ebd c\u00f3 nh\u1eefng c\u00f4ng d\u1ee5ng kh\u00e1c nhau trong t\u1eebng \u0111i\u1ec1u ki\u1ec7n v\u00e0 m\u00f4i tr\u01b0\u1eddng bay kh\u00e1c nhau. V\u1eady h\u00e3y c\u00f9ng theo d\u00f5i th\u00f4ng tin c\u00f4ng d\u1ee5ng t\u1eebng lo\u1ea1i filter Mavic air b\u00ean d\u01b0\u1edbi \u0111\u00e2y nh\u00e9<\/span><\/p>\n<p>&nbsp;<\/p>\n<p><span style=\"font-size: 18px;\"><img loading=\"lazy\" decoding=\"async\" class=\"alignnone wp-image-13653 \" src=\"https:\/\/phukienflytech.vn\/wp-content\/uploads\/2020\/05\/combo-6-filter-mavic-air-phu-kien-mavic-air-3528-5-400x400.jpg\" alt=\"Combo-6-Filter-Mavic-Air-9\" width=\"460\" height=\"460\" srcset=\"https:\/\/phukienflytech.vn\/wp-content\/uploads\/2020\/05\/combo-6-filter-mavic-air-phu-kien-mavic-air-3528-5-400x400.jpg 400w, https:\/\/phukienflytech.vn\/wp-content\/uploads\/2020\/05\/combo-6-filter-mavic-air-phu-kien-mavic-air-3528-5-280x280.jpg 280w, https:\/\/phukienflytech.vn\/wp-content\/uploads\/2020\/05\/combo-6-filter-mavic-air-phu-kien-mavic-air-3528-5-768x768.jpg 768w, https:\/\/phukienflytech.vn\/wp-content\/uploads\/2020\/05\/combo-6-filter-mavic-air-phu-kien-mavic-air-3528-5-800x800.jpg 800w, https:\/\/phukienflytech.vn\/wp-content\/uploads\/2020\/05\/combo-6-filter-mavic-air-phu-kien-mavic-air-3528-5-300x300.jpg 300w, https:\/\/phukienflytech.vn\/wp-content\/uploads\/2020\/05\/combo-6-filter-mavic-air-phu-kien-mavic-air-3528-5-600x600.jpg 600w, https:\/\/phukienflytech.vn\/wp-content\/uploads\/2020\/05\/combo-6-filter-mavic-air-phu-kien-mavic-air-3528-5-100x100.jpg 100w, https:\/\/phukienflytech.vn\/wp-content\/uploads\/2020\/05\/combo-6-filter-mavic-air-phu-kien-mavic-air-3528-5.jpg 1000w\" sizes=\"auto, (max-width: 460px) 100vw, 460px\" \/><\/span><\/p>\n<p>&nbsp;<\/p>\n<h2><span style=\"font-size: 21px; color: #0000ff;\"><em><strong>C\u00f4ng d\u1ee5ng: Filter Mavic air<\/strong><\/em><\/span><\/h2>\n<p><span style=\"font-size: 18px;\"><em>&#8211; K\u00ednh l\u1ecdc ND<\/em>\u00a0\u2013 filter ND maivic air(vi\u1ebft t\u1eaft c\u1ee7a Neutral Density) l\u00e0 m\u1ed9t thi\u1ebft b\u1ecb gi\u00fap gi\u1ea3m s\u00e1ng to\u00e0n ph\u1ea7n t\u1ef1 nhi\u00ean, c\u1ea3n b\u1edbt c\u01b0\u1eddng \u0111\u1ed9 \u00e1nh s\u00e1ng l\u00e0m gi\u1ea3m t\u1ed1c \u0111\u1ed9 ch\u1ee5p \u0111\u00e1ng k\u1ec3 ngay c\u1ea3 trong b\u1ed1i c\u1ea3nh r\u1ea5t s\u00e1ng, r\u1ea5t ch\u00f3i, ch\u1ee5p m\u1eb7t tr\u1eddi ch\u1eb3ng h\u1ea1n.<\/span><\/p>\n<p>&nbsp;<\/p>\n<p><span style=\"font-size: 18px;\"><img loading=\"lazy\" decoding=\"async\" class=\"alignnone wp-image-13655\" src=\"https:\/\/phukienflytech.vn\/wp-content\/uploads\/2020\/05\/combo-6-filter-mavic-air-phu-kien-mavic-air-3528-1-1.jpg\" alt=\"\" width=\"595\" height=\"202\" srcset=\"https:\/\/phukienflytech.vn\/wp-content\/uploads\/2020\/05\/combo-6-filter-mavic-air-phu-kien-mavic-air-3528-1-1.jpg 750w, https:\/\/phukienflytech.vn\/wp-content\/uploads\/2020\/05\/combo-6-filter-mavic-air-phu-kien-mavic-air-3528-1-1-600x204.jpg 600w\" sizes=\"auto, (max-width: 595px) 100vw, 595px\" \/><\/span><\/p>\n<p>&nbsp;<\/p>\n<p><span style=\"font-size: 18px;\">&#8211; K\u00ednh l\u1ecdc MCUV \u2013filter MCUV Mavic air c\u00f2n g\u1ecdi l\u00e0 k\u00ednh l\u1ecdc c\u1ea3n tia c\u1ef1c t\u00edm UV (Ultra Violet). Lo\u1ea1i tia n\u00e0y kh\u00f4ng nh\u1eadn th\u1ea5y b\u1eb1ng m\u1eaft th\u01b0\u1eddng nh\u01b0ng l\u1ea1i c\u00f3 \u1ea3nh h\u01b0\u1edfng \u0111\u1ebfn \u00e1nh s\u00e1ng trong \u1ea3nh. Hi\u1ec7n t\u01b0\u1ee3ng &#8220;m\u00f9&#8221; khi ch\u1ee5p \u1ea3nh \u0111\u01b0\u1ee3c h\u00ecnh th\u00e0nh khi tia c\u1ef1c t\u00edm ph\u1ea3n chi\u1ebfu b\u1ee5i trong kh\u00f4ng kh\u00ed.<\/span><\/p>\n<p>&nbsp;<\/p>\n<p><span style=\"font-size: 18px;\"><img loading=\"lazy\" decoding=\"async\" class=\"alignnone size-medium wp-image-13657\" src=\"https:\/\/phukienflytech.vn\/wp-content\/uploads\/2020\/05\/combo-6-filter-mavic-air-phu-kien-mavic-air-3528-2-1.jpg\" alt=\"\" width=\"600\" height=\"350\" \/><\/span><\/p>\n<p>&nbsp;<\/p>\n<p><span style=\"font-size: 18px;\">&#8211; K\u00ednh l\u1ecdc ph\u00e2n c\u1ef1c CPL \u2013 filter CPL Mavic air (vi\u1ebft t\u1eaft c\u1ee7a Circular Polarizing Filter) l\u00e0 m\u1ed9t thi\u1ebft b\u1ecb l\u1ecdc ph\u00f9 h\u1ee3p v\u1edbi nh\u1eefng b\u1ee9c \u1ea3nh ngo\u1ea1i c\u1ea3nh, nh\u1ea5t l\u00e0 v\u00e0o nh\u1eefng ng\u00e0y n\u1eafng. N\u00f3 gi\u00fap m\u00e0u tr\u1eddi trong \u1ea3nh s\u00e2u h\u01a1n, \u0111\u1eb9p h\u01a1n, \u0111\u1ed3ng th\u1eddi ng\u0103n kh\u00f4ng cho nh\u1eefng tia s\u00e1ng \u1edf h\u01b0\u1edbng kh\u00e1c \u0111i v\u00e0o t\u1ea5m \u1ea3nh. \u0110\u1eb7c bi\u1ec7t khi mu\u1ed1n ch\u1ee5p h\u00ecnh nh\u1eefng \u0111\u1ed1i t\u01b0\u1ee3ng c\u00f3 \u0111\u1ed9 trong nh\u01b0 m\u1eb7t n\u01b0\u1edbc, th\u1ee7y tinh, s\u1eed d\u1ee5ng k\u00ednh l\u1ecdc CPL cho hi\u1ec7u qu\u1ea3 t\u1ed1t, gi\u1ea3m \u0111\u1ed9 &#8220;ch\u00f3i&#8221;. Ai \u0111\u00e3 t\u1eebng th\u1eed ch\u1ee5p m\u1eb7t h\u1ed3, b\u1ec3 c\u00e1..<\/span><\/p>\n<p>&nbsp;<\/p>\n<p><span style=\"font-size: 18px;\"><img loading=\"lazy\" decoding=\"async\" class=\"alignnone size-medium wp-image-13659\" src=\"https:\/\/phukienflytech.vn\/wp-content\/uploads\/2020\/05\/combo-6-filter-mavic-air-phu-kien-mavic-air-3528-3-1.jpg\" alt=\"Combo-6-Filter-Mavic-Air-9\" width=\"512\" height=\"382\" \/><\/span><\/p>\n<p>&nbsp;<\/p>\n<p><span style=\"font-size: 18px;\">B\u1ed9 s\u1ea3n ph\u1ea9m : Combo 6 filter Mavic air<\/span><\/p>\n<p><span style=\"font-size: 18px;\">+ Filter MCUV<\/span><\/p>\n<p><span style=\"font-size: 18px;\">+ Filter CPL<\/span><\/p>\n<p><span style=\"font-size: 18px;\">+ Filter ND : ND4 \/ ND8 \/ ND16 \/ ND32<\/span><\/p>\n<p>&nbsp;<\/p>\n<p><span style=\"font-size: 18px;\"><img loading=\"lazy\" decoding=\"async\" class=\"alignnone wp-image-13661 size-medium\" src=\"https:\/\/phukienflytech.vn\/wp-content\/uploads\/2020\/05\/combo-6-filter-mavic-air-phu-kien-mavic-air-3528-4-1-400x400.jpg\" alt=\"Combo-6-Filter-Mavic-Air\" width=\"400\" height=\"400\" srcset=\"https:\/\/phukienflytech.vn\/wp-content\/uploads\/2020\/05\/combo-6-filter-mavic-air-phu-kien-mavic-air-3528-4-1-400x400.jpg 400w, https:\/\/phukienflytech.vn\/wp-content\/uploads\/2020\/05\/combo-6-filter-mavic-air-phu-kien-mavic-air-3528-4-1-280x280.jpg 280w, https:\/\/phukienflytech.vn\/wp-content\/uploads\/2020\/05\/combo-6-filter-mavic-air-phu-kien-mavic-air-3528-4-1-768x768.jpg 768w, https:\/\/phukienflytech.vn\/wp-content\/uploads\/2020\/05\/combo-6-filter-mavic-air-phu-kien-mavic-air-3528-4-1-800x800.jpg 800w, https:\/\/phukienflytech.vn\/wp-content\/uploads\/2020\/05\/combo-6-filter-mavic-air-phu-kien-mavic-air-3528-4-1-300x300.jpg 300w, https:\/\/phukienflytech.vn\/wp-content\/uploads\/2020\/05\/combo-6-filter-mavic-air-phu-kien-mavic-air-3528-4-1-600x600.jpg 600w, https:\/\/phukienflytech.vn\/wp-content\/uploads\/2020\/05\/combo-6-filter-mavic-air-phu-kien-mavic-air-3528-4-1-100x100.jpg 100w, https:\/\/phukienflytech.vn\/wp-content\/uploads\/2020\/05\/combo-6-filter-mavic-air-phu-kien-mavic-air-3528-4-1.jpg 1000w\" sizes=\"auto, (max-width: 400px) 100vw, 400px\" \/><\/span><\/p>\n<p><span style=\"font-size: 19px;\">&gt;&gt; Learn More : <a href=\"https:\/\/phukienflytech.vn\/danh-muc\/phu-kien-mavic-air.html\"><strong>Mavic air accessories<\/strong><\/a><\/span><\/p>\n<p><span style=\"font-size: 18px;\">V\u1eady, n\u1ebfu b\u1ea1n l\u00e0 ng\u01b0\u1eddi c\u00f3 nh\u1eefng y\u00eau c\u1ea7u cao v\u1ec1 ch\u1ea5t l\u01b0\u1ee3ng h\u00ecnh \u1ea3nh trong c\u00e1c \u0111i\u1ec1u ki\u1ec7n th\u1eddi ti\u1ebft, \u0111i\u1ec1u ki\u1ec7n bay cho Mavic air th\u00ec b\u1ed9 combo 6 filter Mavic air ch\u00ednh l\u00e0 l\u1ef1a ch\u1ecdn h\u00e0ng \u0111\u1ea7u \u0111\u1ec3 c\u00f3 \u0111\u01b0\u1ee3c ch\u1ea5t l\u01b0\u1ee3ng video, h\u00ecnh \u1ea3nh tuy\u1ec7t m\u00e0 kh\u00e2u h\u1eadu k\u00ec kh\u00f4ng th\u1ec3 l\u00e0m \u0111\u01b0\u1ee3c<\/span><\/p>\n<p><span style=\"font-size: 18px;\">Li\u00ean h\u1ec7 v\u1edbi ch\u00fang t\u00f4i qua facebook: <a href=\"https:\/\/www.facebook.com\/phukienflycam\" target=\"_blank\" rel=\"noopener noreferrer\">Ph\u1ee5 ki\u1ec7n flytech gi\u00e1 t\u1ed1t<\/a><\/span><\/p>\n<p>&nbsp;<\/p>\n","protected":false},"excerpt":{"rendered":"<p>Combo 6 Filter Mavic Air &nbsp; Combo 6 filter Mavic air Khi b\u1ea1n \u0111ang s\u1edf h\u1eefu m\u1ed9t thi\u1ebft b\u1ecb th\u00f4ng minh v\u1edbi kh\u1ea3 n\u0103ng ch\u1ee5p \u1ea3nh v\u00f4 c\u00f9ng t\u1ed1t nh\u01b0 Mavic air, th\u00ec c\u0169ng th\u1eadt kh\u00f3 \u0111\u1ec3 ch\u00fang ta \u0111\u00e1nh gi\u00e1 Mavic air k\u00e9m chuy\u00ean nghi\u1ec7p, nh\u01b0ng \u0111\u00f3 ch\u1ec9 l\u00e0 nh\u1eefng c\u1ea3m nh\u1eadn r\u1ea5t c\u01a1 &#8230;<\/p>\n","protected":false},"featured_media":7265,"comment_status":"open","ping_status":"closed","template":"","meta":{"_acf_changed":false},"product_brand":[],"product_cat":[180],"product_tag":[206,255],"class_list":{"0":"post-3539","1":"product","2":"type-product","3":"status-publish","4":"has-post-thumbnail","6":"product_cat-mavic-air-accessory","7":"product_tag-phu-kien-dji-en","8":"product_tag-phu-kien-dji-mavic-air-en","10":"first","11":"instock","12":"shipping-taxable","13":"purchasable","14":"product-type-simple"},"acf":[],"yoast_head":"<!-- This site is optimized with the Yoast SEO plugin v25.7 - https:\/\/yoast.com\/wordpress\/plugins\/seo\/ -->\n<title>Combo 6 filter Mavic air - Mavic Air accessory - Available - Original<\/title>\n<meta name=\"description\" content=\"Combo 6 Filter Mavic Air is one of the most important accessory. Contact us to buy Combo 6 Filter Mavic Air for best price, fast shipping\" \/>\n<meta name=\"robots\" content=\"index, follow, max-snippet:-1, max-image-preview:large, max-video-preview:-1\" \/>\n<link rel=\"canonical\" href=\"https:\/\/phukienflytech.vn\/en\/san-pham\/combo-6-filter-mavic-air.html\" \/>\n<meta property=\"og:locale\" content=\"en_US\" \/>\n<meta property=\"og:type\" content=\"article\" \/>\n<meta property=\"og:title\" content=\"Combo 6 filter Mavic air - Mavic Air accessory - Available - Original\" \/>\n<meta property=\"og:description\" content=\"Combo 6 Filter Mavic Air is one of the most important accessory. Contact us to buy Combo 6 Filter Mavic Air for best price, fast shipping\" \/>\n<meta property=\"og:url\" content=\"https:\/\/phukienflytech.vn\/en\/san-pham\/combo-6-filter-mavic-air.html\" \/>\n<meta property=\"og:site_name\" content=\"Shop M\u00e1y \u1ea3nh - Action Camera - Gimbal - Flycam - Ph\u1ee5 ki\u1ec7n\" \/>\n<meta property=\"article:publisher\" content=\"https:\/\/facebook.com\/phukienflycam\" \/>\n<meta property=\"article:modified_time\" content=\"2022-08-21T08:09:02+00:00\" \/>\n<meta property=\"og:image\" content=\"https:\/\/phukienflytech.vn\/wp-content\/uploads\/2020\/05\/300x300_filter-mavic-air-combo-6-phu-kien-flycam-dji4_-_Copy.png\" \/>\n\t<meta property=\"og:image:width\" content=\"300\" \/>\n\t<meta property=\"og:image:height\" content=\"300\" \/>\n\t<meta property=\"og:image:type\" content=\"image\/png\" \/>\n<meta name=\"twitter:card\" content=\"summary_large_image\" \/>\n<meta name=\"twitter:label1\" content=\"Est. reading time\" \/>\n\t<meta name=\"twitter:data1\" content=\"3 minutes\" \/>\n<script type=\"application\/ld+json\" class=\"yoast-schema-graph\">{\"@context\":\"https:\/\/schema.org\",\"@graph\":[{\"@type\":\"WebPage\",\"@id\":\"https:\/\/phukienflytech.vn\/en\/san-pham\/combo-6-filter-mavic-air.html\",\"url\":\"https:\/\/phukienflytech.vn\/en\/san-pham\/combo-6-filter-mavic-air.html\",\"name\":\"Combo 6 filter Mavic air - Mavic Air accessory - Available - Original\",\"isPartOf\":{\"@id\":\"https:\/\/phukienflytech.vn\/#website\"},\"primaryImageOfPage\":{\"@id\":\"https:\/\/phukienflytech.vn\/en\/san-pham\/combo-6-filter-mavic-air.html#primaryimage\"},\"image\":{\"@id\":\"https:\/\/phukienflytech.vn\/en\/san-pham\/combo-6-filter-mavic-air.html#primaryimage\"},\"thumbnailUrl\":\"https:\/\/phukienflytech.vn\/wp-content\/uploads\/2020\/05\/300x300_filter-mavic-air-combo-6-phu-kien-flycam-dji4_-_Copy.png\",\"datePublished\":\"2020-06-19T08:18:54+00:00\",\"dateModified\":\"2022-08-21T08:09:02+00:00\",\"description\":\"Combo 6 Filter Mavic Air is one of the most important accessory. Contact us to buy Combo 6 Filter Mavic Air for best price, fast shipping\",\"breadcrumb\":{\"@id\":\"https:\/\/phukienflytech.vn\/en\/san-pham\/combo-6-filter-mavic-air.html#breadcrumb\"},\"inLanguage\":\"en-US\",\"potentialAction\":[{\"@type\":\"ReadAction\",\"target\":[\"https:\/\/phukienflytech.vn\/en\/san-pham\/combo-6-filter-mavic-air.html\"]}]},{\"@type\":\"ImageObject\",\"inLanguage\":\"en-US\",\"@id\":\"https:\/\/phukienflytech.vn\/en\/san-pham\/combo-6-filter-mavic-air.html#primaryimage\",\"url\":\"https:\/\/phukienflytech.vn\/wp-content\/uploads\/2020\/05\/300x300_filter-mavic-air-combo-6-phu-kien-flycam-dji4_-_Copy.png\",\"contentUrl\":\"https:\/\/phukienflytech.vn\/wp-content\/uploads\/2020\/05\/300x300_filter-mavic-air-combo-6-phu-kien-flycam-dji4_-_Copy.png\",\"width\":300,\"height\":300},{\"@type\":\"BreadcrumbList\",\"@id\":\"https:\/\/phukienflytech.vn\/en\/san-pham\/combo-6-filter-mavic-air.html#breadcrumb\",\"itemListElement\":[{\"@type\":\"ListItem\",\"position\":1,\"name\":\"Home\",\"item\":\"https:\/\/phukienflytech.vn\/en\"},{\"@type\":\"ListItem\",\"position\":2,\"name\":\"Ph\u1ee5 ki\u1ec7n Mavic Pro\",\"item\":\"https:\/\/phukienflytech.vn\/en\/phu-kien-mavic-pro.html\"},{\"@type\":\"ListItem\",\"position\":3,\"name\":\"DJI Osmo &amp; Drone's accessories\",\"item\":\"https:\/\/phukienflytech.vn\/en\/danh-muc\/dji-osmo-drones-accessories.html\"},{\"@type\":\"ListItem\",\"position\":4,\"name\":\"Ph\u1ee5 ki\u1ec7n flycam Mavic Air\",\"item\":\"https:\/\/phukienflytech.vn\/en\/danh-muc\/mavic-air-accessory.html\"},{\"@type\":\"ListItem\",\"position\":5,\"name\":\"Combo 6 Filter Mavic Air &#8211; Sunnylife\"}]},{\"@type\":\"WebSite\",\"@id\":\"https:\/\/phukienflytech.vn\/#website\",\"url\":\"https:\/\/phukienflytech.vn\/\",\"name\":\"Shop M\u00e1y \u1ea3nh - Action Camera - Gimbal - Flycam - Ph\u1ee5 ki\u1ec7n\",\"description\":\"Shop M\u00e1y \u1ea3nh - Action Camera - Gimbal - Flycam - Ph\u1ee5 ki\u1ec7n\",\"publisher\":{\"@id\":\"https:\/\/phukienflytech.vn\/#organization\"},\"potentialAction\":[{\"@type\":\"SearchAction\",\"target\":{\"@type\":\"EntryPoint\",\"urlTemplate\":\"https:\/\/phukienflytech.vn\/?s={search_term_string}\"},\"query-input\":{\"@type\":\"PropertyValueSpecification\",\"valueRequired\":true,\"valueName\":\"search_term_string\"}}],\"inLanguage\":\"en-US\"},{\"@type\":\"Organization\",\"@id\":\"https:\/\/phukienflytech.vn\/#organization\",\"name\":\"DJI Store - Shop Drone, Action camera, Gimbal DJI |Phukienflytech\",\"alternateName\":\"DJI Store - Shop Drone, Action camera, Gimbal DJI |Phukienflytech\",\"url\":\"https:\/\/phukienflytech.vn\/\",\"logo\":{\"@type\":\"ImageObject\",\"inLanguage\":\"en-US\",\"@id\":\"https:\/\/phukienflytech.vn\/#\/schema\/logo\/image\/\",\"url\":\"https:\/\/phukienflytech.vn\/wp-content\/uploads\/2020\/05\/hAnh_nan.jpg1_.jpg\",\"contentUrl\":\"https:\/\/phukienflytech.vn\/wp-content\/uploads\/2020\/05\/hAnh_nan.jpg1_.jpg\",\"width\":800,\"height\":450,\"caption\":\"DJI Store - Shop Drone, Action camera, Gimbal DJI |Phukienflytech\"},\"image\":{\"@id\":\"https:\/\/phukienflytech.vn\/#\/schema\/logo\/image\/\"},\"sameAs\":[\"https:\/\/facebook.com\/phukienflycam\",\"https:\/\/www.youtube.com\/@phukienflytech\",\"https:\/\/www.tiktok.com\/@flytech.channel?fbclid=IwY2xjawGjg7BleHRuA2FlbQIxMAABHYVGmlXpuSMs0UB2zTpYvyT4GMVfN2qJa4urF4vkSQ6FAVBwXZtDP30qQA_aem_UwMiDcUvlEbd2tXAmsc8Og\"]}]}<\/script>\n<!-- \/ Yoast SEO plugin. -->","yoast_head_json":{"title":"Combo 6 filter Mavic air - Mavic Air accessory - Available - Original","description":"Combo 6 Filter Mavic Air is one of the most important accessory. Contact us to buy Combo 6 Filter Mavic Air for best price, fast shipping","robots":{"index":"index","follow":"follow","max-snippet":"max-snippet:-1","max-image-preview":"max-image-preview:large","max-video-preview":"max-video-preview:-1"},"canonical":"https:\/\/phukienflytech.vn\/en\/san-pham\/combo-6-filter-mavic-air.html","og_locale":"en_US","og_type":"article","og_title":"Combo 6 filter Mavic air - Mavic Air accessory - Available - Original","og_description":"Combo 6 Filter Mavic Air is one of the most important accessory. Contact us to buy Combo 6 Filter Mavic Air for best price, fast shipping","og_url":"https:\/\/phukienflytech.vn\/en\/san-pham\/combo-6-filter-mavic-air.html","og_site_name":"Shop M\u00e1y \u1ea3nh - Action Camera - Gimbal - Flycam - Ph\u1ee5 ki\u1ec7n","article_publisher":"https:\/\/facebook.com\/phukienflycam","article_modified_time":"2022-08-21T08:09:02+00:00","og_image":[{"width":300,"height":300,"url":"https:\/\/phukienflytech.vn\/wp-content\/uploads\/2020\/05\/300x300_filter-mavic-air-combo-6-phu-kien-flycam-dji4_-_Copy.png","type":"image\/png"}],"twitter_card":"summary_large_image","twitter_misc":{"Est. reading time":"3 minutes"},"schema":{"@context":"https:\/\/schema.org","@graph":[{"@type":"WebPage","@id":"https:\/\/phukienflytech.vn\/en\/san-pham\/combo-6-filter-mavic-air.html","url":"https:\/\/phukienflytech.vn\/en\/san-pham\/combo-6-filter-mavic-air.html","name":"Combo 6 filter Mavic air - Mavic Air accessory - Available - Original","isPartOf":{"@id":"https:\/\/phukienflytech.vn\/#website"},"primaryImageOfPage":{"@id":"https:\/\/phukienflytech.vn\/en\/san-pham\/combo-6-filter-mavic-air.html#primaryimage"},"image":{"@id":"https:\/\/phukienflytech.vn\/en\/san-pham\/combo-6-filter-mavic-air.html#primaryimage"},"thumbnailUrl":"https:\/\/phukienflytech.vn\/wp-content\/uploads\/2020\/05\/300x300_filter-mavic-air-combo-6-phu-kien-flycam-dji4_-_Copy.png","datePublished":"2020-06-19T08:18:54+00:00","dateModified":"2022-08-21T08:09:02+00:00","description":"Combo 6 Filter Mavic Air is one of the most important accessory. Contact us to buy Combo 6 Filter Mavic Air for best price, fast shipping","breadcrumb":{"@id":"https:\/\/phukienflytech.vn\/en\/san-pham\/combo-6-filter-mavic-air.html#breadcrumb"},"inLanguage":"en-US","potentialAction":[{"@type":"ReadAction","target":["https:\/\/phukienflytech.vn\/en\/san-pham\/combo-6-filter-mavic-air.html"]}]},{"@type":"ImageObject","inLanguage":"en-US","@id":"https:\/\/phukienflytech.vn\/en\/san-pham\/combo-6-filter-mavic-air.html#primaryimage","url":"https:\/\/phukienflytech.vn\/wp-content\/uploads\/2020\/05\/300x300_filter-mavic-air-combo-6-phu-kien-flycam-dji4_-_Copy.png","contentUrl":"https:\/\/phukienflytech.vn\/wp-content\/uploads\/2020\/05\/300x300_filter-mavic-air-combo-6-phu-kien-flycam-dji4_-_Copy.png","width":300,"height":300},{"@type":"BreadcrumbList","@id":"https:\/\/phukienflytech.vn\/en\/san-pham\/combo-6-filter-mavic-air.html#breadcrumb","itemListElement":[{"@type":"ListItem","position":1,"name":"Home","item":"https:\/\/phukienflytech.vn\/en"},{"@type":"ListItem","position":2,"name":"Ph\u1ee5 ki\u1ec7n Mavic Pro","item":"https:\/\/phukienflytech.vn\/en\/phu-kien-mavic-pro.html"},{"@type":"ListItem","position":3,"name":"DJI Osmo &amp; Drone's accessories","item":"https:\/\/phukienflytech.vn\/en\/danh-muc\/dji-osmo-drones-accessories.html"},{"@type":"ListItem","position":4,"name":"Ph\u1ee5 ki\u1ec7n flycam Mavic Air","item":"https:\/\/phukienflytech.vn\/en\/danh-muc\/mavic-air-accessory.html"},{"@type":"ListItem","position":5,"name":"Combo 6 Filter Mavic Air &#8211; Sunnylife"}]},{"@type":"WebSite","@id":"https:\/\/phukienflytech.vn\/#website","url":"https:\/\/phukienflytech.vn\/","name":"Shop M\u00e1y \u1ea3nh - Action Camera - Gimbal - Flycam - Ph\u1ee5 ki\u1ec7n","description":"Shop M\u00e1y \u1ea3nh - Action Camera - Gimbal - Flycam - Ph\u1ee5 ki\u1ec7n","publisher":{"@id":"https:\/\/phukienflytech.vn\/#organization"},"potentialAction":[{"@type":"SearchAction","target":{"@type":"EntryPoint","urlTemplate":"https:\/\/phukienflytech.vn\/?s={search_term_string}"},"query-input":{"@type":"PropertyValueSpecification","valueRequired":true,"valueName":"search_term_string"}}],"inLanguage":"en-US"},{"@type":"Organization","@id":"https:\/\/phukienflytech.vn\/#organization","name":"DJI Store - Shop Drone, Action camera, Gimbal DJI |Phukienflytech","alternateName":"DJI Store - Shop Drone, Action camera, Gimbal DJI |Phukienflytech","url":"https:\/\/phukienflytech.vn\/","logo":{"@type":"ImageObject","inLanguage":"en-US","@id":"https:\/\/phukienflytech.vn\/#\/schema\/logo\/image\/","url":"https:\/\/phukienflytech.vn\/wp-content\/uploads\/2020\/05\/hAnh_nan.jpg1_.jpg","contentUrl":"https:\/\/phukienflytech.vn\/wp-content\/uploads\/2020\/05\/hAnh_nan.jpg1_.jpg","width":800,"height":450,"caption":"DJI Store - Shop Drone, Action camera, Gimbal DJI |Phukienflytech"},"image":{"@id":"https:\/\/phukienflytech.vn\/#\/schema\/logo\/image\/"},"sameAs":["https:\/\/facebook.com\/phukienflycam","https:\/\/www.youtube.com\/@phukienflytech","https:\/\/www.tiktok.com\/@flytech.channel?fbclid=IwY2xjawGjg7BleHRuA2FlbQIxMAABHYVGmlXpuSMs0UB2zTpYvyT4GMVfN2qJa4urF4vkSQ6FAVBwXZtDP30qQA_aem_UwMiDcUvlEbd2tXAmsc8Og"]}]}},"_links":{"self":[{"href":"https:\/\/phukienflytech.vn\/en\/wp-json\/wp\/v2\/product\/3539","targetHints":{"allow":["GET"]}}],"collection":[{"href":"https:\/\/phukienflytech.vn\/en\/wp-json\/wp\/v2\/product"}],"about":[{"href":"https:\/\/phukienflytech.vn\/en\/wp-json\/wp\/v2\/types\/product"}],"replies":[{"embeddable":true,"href":"https:\/\/phukienflytech.vn\/en\/wp-json\/wp\/v2\/comments?post=3539"}],"wp:featuredmedia":[{"embeddable":true,"href":"https:\/\/phukienflytech.vn\/en\/wp-json\/wp\/v2\/media\/7265"}],"wp:attachment":[{"href":"https:\/\/phukienflytech.vn\/en\/wp-json\/wp\/v2\/media?parent=3539"}],"wp:term":[{"taxonomy":"product_brand","embeddable":true,"href":"https:\/\/phukienflytech.vn\/en\/wp-json\/wp\/v2\/product_brand?post=3539"},{"taxonomy":"product_cat","embeddable":true,"href":"https:\/\/phukienflytech.vn\/en\/wp-json\/wp\/v2\/product_cat?post=3539"},{"taxonomy":"product_tag","embeddable":true,"href":"https:\/\/phukienflytech.vn\/en\/wp-json\/wp\/v2\/product_tag?post=3539"}],"curies":[{"name":"wp","href":"https:\/\/api.w.org\/{rel}","templated":true}]}}